{"id":100536,"date":"2025-05-15T07:45:00","date_gmt":"2025-05-15T07:45:00","guid":{"rendered":"https:\/\/simracergear.com\/products\/fanatec-clubsport-formula-v2-5-x\/"},"modified":"2025-11-28T04:43:31","modified_gmt":"2025-11-28T04:43:31","slug":"fanatec-clubsport-formula-v2-5-x","status":"publish","type":"product","link":"https:\/\/simracergear.com\/hu\/products\/fanatec-clubsport-formula-v2-5-x\/","title":{"rendered":"Fanatec ClubSport Formula V2.5 X"},"content":{"rendered":"<h2>Fanatec ClubSport Formula V2.5 X: a mindent tud\u00f3 F1 korm\u00e1nyker\u00e9k<\/h2>\n<p>A Fanatec ClubSport Formula V2.5 X egy\u00e9rtelm\u0171en egy \"komoly\" korm\u00e1nyker\u00e9k a szimul\u00e1toros versenyz\u0151k sz\u00e1m\u00e1ra, akik m\u00e1r j\u00f3 \u00faton j\u00e1rnak. Az F1\/egy\u00fcl\u00e9ses t\u00edpus\u00fa korm\u00e1nykerekek cs\u00facskateg\u00f3ri\u00e1j\u00e1ba tartozik, k\u00f6z\u00e9p- \u00e9s fels\u0151 kateg\u00f3ri\u00e1s Fanatec alapokhoz tervezt\u00e9k, bele\u00e9rtve a k\u00f6zvetlen meghajt\u00e1st is. Magas szint\u0171 vez\u00e9rl\u00e9st \u00edg\u00e9r, sok gombot az ujjak alatt, \u00e9s olyan \u00e9rz\u00e9st, ami k\u00f6zel \u00e1ll ahhoz, amit egy modern versenykorm\u00e1nyt\u00f3l elv\u00e1rhatunk.<\/p>\n<p>Ami azonnal szemet sz\u00far, az a komb\u00f3: kompakt, egyszem\u00e9lyes korm\u00e1nyker\u00e9k-form\u00e1tum, f\u00e9mszerkezet, m\u00e1gneses lap\u00e1tok, k\u00e9perny\u0151k \u00e9s LED-ek. Egy\u00e9rtelm\u0171, hogy a c\u00e9l egy komplett vezet\u00e9si fel\u00fclet, amely egy modern GT3-at \u00e9pp\u00fagy k\u00e9pes kezelni, mint egy F1-es aut\u00f3t vagy egy protot, mik\u00f6zben konzolon is haszn\u00e1lhat\u00f3 marad.<\/p>\n<p>Az \u00e9n elemz\u00e9si szempontom meglehet\u0151sen egyszer\u0171: a kezel\u0151szervek pontoss\u00e1ga, a k\u00e9zben l\u00e9v\u0151 k\u00e9nyelem, a korm\u00e1nylap\u00e1tok \u00e9s a bemenetek min\u0151s\u00e9ge, valamint az, ahogyan ez a korm\u00e1nyker\u00e9k illeszkedik a Fanatec \u00f6kosziszt\u00e9m\u00e1j\u00e1ba, amely m\u00e1r \u00edgy is tele van opci\u00f3kkal. Mindenekel\u0151tt azt vizsg\u00e1ltam, hogy a Formula V2.5 X milyen konkr\u00e9t v\u00e1ltoz\u00e1sokat hoz egy egyszer\u0171bb kerek korm\u00e1nyker\u00e9khez k\u00e9pest, mind a tapint\u00e1s, mind a p\u00e1ly\u00e1n val\u00f3 hat\u00e9konys\u00e1g tekintet\u00e9ben.<\/p>\n<h2>Tervez\u00e9s \u00e9s gy\u00e1rt\u00e1s<\/h2>\n<p>A ClubSport Formula V2.5 X k\u00e9zben tartva azonnal nagyon komoly \u00e9rz\u00e9s. A v\u00e1z f\u00e9mb\u0151l k\u00e9sz\u00fclt, az eleje igazi merevs\u00e9g\u00e9rzetet ad, \u00e9s az eg\u00e9szb\u0151l sug\u00e1rzik a s\u0171r\u0171s\u00e9g. Amikor a kezedbe veszed, nem \u00fagy \u00e9rzed, mintha egy j\u00e1t\u00e9kot, hanem egy szersz\u00e1mot kezeln\u00e9l. Nincs \u00e9rz\u00e9kelhet\u0151 j\u00e1t\u00e9k, nincs aggaszt\u00f3 hajl\u00edt\u00e1s, m\u00e9g akkor sem, ha sz\u00e1nd\u00e9kosan hajl\u00edtod.<\/p>\n<p>A markolatok v\u00e1ltozatt\u00f3l f\u00fcgg\u0151en Alcantar\u00e1b\u00f3l vagy m\u0171b\u0151rb\u0151l k\u00e9sz\u00fcltek, \u00e9s kellemesen vastagok. A kezek j\u00f3l kit\u00f6lt\u00f6ttek. A fog\u00e1s hat\u00e1rozott, de nem f\u00e1raszt\u00f3. Olyan \u00e9rz\u00e9s, mintha egy hossz\u00fa menetre k\u00e9szen \u00e1llna. A varr\u00e1s tiszta, nincs zavar\u00f3 extra vastags\u00e1g. Egyik k\u00f6rr\u0151l a m\u00e1sikra lehet menni an\u00e9lk\u00fcl, hogy az ergon\u00f3mi\u00e1ra koncentr\u00e1ln\u00e1nk.<\/p>\n<p>A gombok \u00e9s a k\u00f3dol\u00f3k sz\u00e1mosak, j\u00f3l elosztottak, \u00e9s tiszt\u00e1n \u00e9s egy\u00e9rtelm\u0171en kattannak. A h\u00fcvelykujjas kerekek tal\u00e1n a leghasznosabbak a versenyz\u00e9sben: be\u00e1ll\u00edthatod a f\u00e9kel\u0151fesz\u00edt\u00e9st, a TC-t vagy a motorkever\u00e9ket an\u00e9lk\u00fcl, hogy levenn\u00e9d a szemed a p\u00e1ly\u00e1r\u00f3l. A kis, t\u00f6bbir\u00e1ny\u00fa joystickok megfelel\u0151 tapint\u00e1s\u00faak, m\u00e9g ha kicsit kev\u00e9sb\u00e9 tal\u00e1lom \u0151ket megnyugtat\u00f3nak, mint a nagy, hagyom\u00e1nyos gombokat.<\/p>\n<p>A h\u00e1ts\u00f3 m\u00e1gneses lap\u00e1tok igazi f\u00e9nypontot jelentenek. A kattint\u00e1s sz\u00e1raz \u00e9s prec\u00edz, r\u00f6vid l\u00f6k\u00e9ssel. Pontosan \u00e9rzi, amikor aktiv\u00e1lja. Nem kell \u00f6sszenyomni a lap\u00e1tot, csak er\u0151sen megnyomni. Ez az a fajta r\u00e9szlet, amely azonnal magabiztoss\u00e1got ad f\u00e9kez\u00e9skor \u00e9s teljes terhel\u00e9s alatt t\u00f6rt\u00e9n\u0151 sebess\u00e9gv\u00e1lt\u00e1skor.<\/p>\n<p>Ami kiss\u00e9 csal\u00f3d\u00e1st okozhat, az a m\u0171anyag mennyis\u00e9ge bizonyos alkatr\u00e9szek k\u00f6r\u00fcl. J\u00f3l van \u00f6sszerakva, semmi sem mozog, de egy teljes f\u00e9m vagy karbon korm\u00e1nyr\u00f3l \u00e9rkezve egy\u00e9rtelm\u0171, hogy a Fanatec ragaszkodik a k\u00f6lts\u00e9g \u00e9s a kivitelez\u00e9s k\u00f6z\u00f6tti egyens\u00falyhoz. N\u00e9h\u00e1ny dr\u00e1g\u00e1bb, teljes karbonb\u00f3l k\u00e9sz\u00fclt korm\u00e1nyker\u00e9khez k\u00e9pest a V2.5 X vizu\u00e1lisan kev\u00e9sb\u00e9 exkluz\u00edv, de az \u00e1ltal\u00e1nos szil\u00e1rds\u00e1g szempontj\u00e1b\u00f3l nagyon j\u00f3l meg\u00e1llja a hely\u00e9t.<\/p>\n<h2>Be\u00e1ll\u00edt\u00e1sok, testreszab\u00e1s \u00e9s kompatibilit\u00e1s<\/h2>\n<p>A Formula V2.5 X egy\u00e9rtelm\u0171en profit\u00e1l a Fanatec \u00f6kosziszt\u00e9m\u00e1j\u00e1b\u00f3l. Minden az alapon kereszt\u00fcl t\u00f6rt\u00e9nik: integr\u00e1lt men\u00fck, FFB el\u0151be\u00e1ll\u00edt\u00e1sok, korm\u00e1nyker\u00e9k \u00e9rz\u00e9kenys\u00e9g, rezg\u00e9sbe\u00e1ll\u00edt\u00e1sok, LED \u00e9s k\u00e9perny\u0151 be\u00e1ll\u00edt\u00e1sok. A gyakorlatban gyorsan megtal\u00e1lja a j\u00f3l m\u0171k\u00f6d\u0151 profilt. A tanul\u00e1si g\u00f6rbe nem meredek, de fel kell k\u00e9sz\u00fclni arra, hogy minim\u00e1lis id\u0151t kell az optimaliz\u00e1l\u00e1ssal t\u00f6lteni.<\/p>\n<p>A kompatibilis j\u00e1t\u00e9kokban a k\u00f3dol\u00f3k hozz\u00e1rendelhet\u0151k, a joystickok pedig bizonyos c\u00edmekn\u00e9l a men\u00fckben val\u00f3 navig\u00e1l\u00e1sra vagy az MFD kezel\u00e9s\u00e9re haszn\u00e1lhat\u00f3k. Ahol igaz\u00e1n kiteljesedik, az a m\u00f3dkezel\u00e9s: t\u00f6bbf\u00e9le vez\u00e9rl\u00e9si profilt hozhat l\u00e9tre, \u00e9s azokat az aut\u00f3hoz vagy a j\u00e1t\u00e9khoz igaz\u00edthatja. A rendszeres szimul\u00e1toros versenyz\u00e9shez ez egy igazi plusz.<\/p>\n<p>A leg\u00e9rz\u00e9kletesebb testreszab\u00e1s tov\u00e1bbra is a sz\u00e1rnyfesz\u00edt\u00e9s be\u00e1ll\u00edt\u00e1sa (a modult\u00f3l f\u00fcgg\u0151en) \u00e9s az FFB be\u00e1ll\u00edt\u00e1sa a Fanatec param\u00e9terein kereszt\u00fcl. Az er\u0151t \u00e9s a reakci\u00f3k\u00e9szs\u00e9get a st\u00edlus\u00e1hoz igaz\u00edthatja: l\u00e1gyabb a hossz\u00fa \u00e1ll\u00f3k\u00e9pess\u00e9gi \u00fcl\u00e9sekhez, \u00e9rz\u00e9kenyebb a hotlaphoz. Hamar r\u00e1j\u00f6ssz, hogy ezt a korm\u00e1nyt \u00fagy tervezt\u00e9k, hogy egy finomhangolhat\u00f3 alaphoz illeszkedjen, nem pedig egy alap plug-and-play eszk\u00f6znek.<\/p>\n<p>Ami a kompatibilit\u00e1st illeti, a V2.5 X PC-kkel \u00e9s konzolokkal is m\u0171k\u00f6dik, a haszn\u00e1lt Fanatec alapt\u00f3l f\u00fcgg\u0151en. Ez fontos: nem a korm\u00e1nyker\u00e9k hat\u00e1rozza meg a kompatibilit\u00e1st, hanem az alap. PC-n nincs gond, mindent megkapsz. Konzolon a legt\u00f6bb funkci\u00f3t megkapod, m\u00e9g akkor is, ha egyes j\u00e1t\u00e9kok nem haszn\u00e1lj\u00e1k az \u00f6sszes LED-et vagy kijelz\u0151t.<\/p>\n<p>Ez a ker\u00e9k nagyon j\u00f3l illeszkedik a Fanatec \u00f6kosziszt\u00e9m\u00e1j\u00e1ba: ped\u00e1lok, v\u00e1lt\u00f3k, k\u00e9zif\u00e9k, minden felszerelhet\u0151 k\u00f6r\u00fcl\u00f6tte. Ami a fejleszthet\u0151s\u00e9get illeti, ez nem csak egy bel\u00e9p\u0151pont: ez egy olyan ker\u00e9k, amelyet hossz\u00fa ideig megtarthatsz, m\u00e9g akkor is, ha feljebb l\u00e9psz a k\u00edn\u00e1latban, \u00e9s er\u0151sebb alapokhoz jutsz. Remek k\u00eds\u00e9r\u0151je a halad\u00f3 be\u00e1ll\u00edt\u00e1sok fel\u00e9 val\u00f3 halad\u00e1snak, an\u00e9lk\u00fcl, hogy t\u00fal gyorsan elavultnak t\u0171nne.<\/p>\n<h2>\u00c9rzelmek a t\u00e9t<\/h2>\n<p>A p\u00e1ly\u00e1n a ClubSport Formula V2.5 X val\u00f3ban megmutatja, mi\u00e9rt \u00e9rt\u00e9kelik az F1 form\u00e1tumot. A kis \u00e1tm\u00e9r\u0151 \u00e9s a lapos forma nagyon k\u00f6zvetlen ir\u00e1ny\u00edt\u00e1st biztos\u00edt. \u00dagy \u00e9rzed, mintha az alaptengelyhez kapcsol\u00f3dn\u00e1l. Minden apr\u00f3 korm\u00e1nysz\u00f6get finoman m\u00e9rtek ki. A modern versenyaut\u00f3k sz\u00e1m\u00e1ra ez egy \u00e9lvezet.<\/p>\n<p>Ami a visszajelz\u00e9st illeti, ez a korm\u00e1nyker\u00e9k nem hozza l\u00e9tre az FFB-t, de nagyon j\u00f3l tov\u00e1bb\u00edtja azt. A kell\u0151en er\u0151s Fanatec alap, a szerkezet merevs\u00e9ge \u00e9s a markolatok min\u0151s\u00e9ge lehet\u0151v\u00e9 teszi, hogy tiszt\u00e1n leolvassa, mi t\u00f6rt\u00e9nik. \u00c9rezni lehet a kanyarba val\u00f3 bel\u00e9p\u00e9skor az els\u0151 fut\u00f3m\u0171re hat\u00f3 terhel\u00e9st, a fokozatos tapad\u00e1sveszt\u00e9st \u00e9s a mikrokorrekci\u00f3kat, amelyeket az aut\u00f3 p\u00e1ly\u00e1n tart\u00e1s\u00e1hoz kell v\u00e9grehajtani. Azonnal meg\u00e9rti, hogy mit csin\u00e1l az aut\u00f3.<\/p>\n<p>Gyors kanyarokban az ir\u00e1ny\u00edt\u00e1s nagyon megnyugtat\u00f3. A keze szil\u00e1rdan a hely\u00e9n marad, \u00e9s a korm\u00e1nyker\u00e9k nem cs\u00faszik, m\u00e9g akkor sem, ha a keze kiss\u00e9 nedves. J\u00e1tszhatsz n\u00e9h\u00e1ny fokos elfordul\u00e1ssal, hogy megtarts egy cs\u00fasz\u00e1st vagy korrig\u00e1lj egy t\u00falkorm\u00e1nyzotts\u00e1got an\u00e9lk\u00fcl, hogy a korm\u00e1nyker\u00e9kkel k\u00fczden\u00e9l. A gyors t\u00e1maszv\u00e1lt\u00e1sok k\u00f6nnyen k\u00f6vethet\u0151k, k\u00fcl\u00f6n\u00f6sen k\u00f6zvetlen vagy er\u0151teljes alapj\u00e1rat eset\u00e9n: a korm\u00e1nyker\u00e9k bosszant\u00f3 tehetetlens\u00e9g n\u00e9lk\u00fcl k\u00f6veti.<\/p>\n<p>A markolat leolvas\u00e1sa val\u00f3ban meggy\u0151z\u0151. A legkisebb rezg\u00e9s az alapb\u00f3l \u00e9rz\u0151dik a markolatban, de an\u00e9lk\u00fcl, hogy agressz\u00edvv\u00e1 v\u00e1lna. G\u00f6r\u00f6ngy\u00f6s p\u00e1ly\u00e1n \u00e9rezhet\u0151ek a t\u00f6k\u00e9letlens\u00e9gek an\u00e9lk\u00fcl, hogy kellemetlen lenne. Nedves \u00faton a tapad\u00e1s elveszt\u00e9se el\u0151sz\u00f6r enyhe \"k\u00f6nnyeds\u00e9gk\u00e9nt\" jelentkezik a korm\u00e1nyon, majd egy kifejezettebb kileng\u00e9sk\u00e9nt. Van ideje reag\u00e1lni.<\/p>\n<p>A vibr\u00e1torok egy m\u00e1sik j\u00f3 mutat\u00f3. Ezzel a korm\u00e1nyker\u00e9kkel meg tudja k\u00fcl\u00f6nb\u00f6ztetni a lapos vibr\u00e1tort, amelyet megt\u00e1madhat, \u00e9s az agressz\u00edv vibr\u00e1tort, amelyet ink\u00e1bb elker\u00fclne. A merev szerkezet egy\u00e9rtelm\u0171 jelz\u00e9st k\u00fcld: r\u00f6gt\u00f6n tudod, ha egy kicsit t\u00fal messzire ment\u00e9l. Ilyenkor a mer\u00edt\u00e9s egy fokkal feljebb megy. Nem annyira hallod a j\u00e1t\u00e9kot, mint ink\u00e1bb \"\u00e9rzed\" az \u00e1ramk\u00f6rt.<\/p>\n<p>Hossz\u00fa munkamenetek sor\u00e1n a k\u00e9nyelem j\u00f3 marad, de ez nagym\u00e9rt\u00e9kben f\u00fcgg a talp er\u0151ss\u00e9g\u00e9t\u0151l \u00e9s az FFB be\u00e1ll\u00edt\u00e1s\u00e1t\u00f3l. Nagyon magas FFB eset\u00e9n a kis \u00e1tm\u00e9r\u0151 kicsit jobban megterheli az alkart, mint egy nagyobb kerek ker\u00e9kn\u00e9l. M\u00e1sr\u00e9szt a markolatok form\u00e1ja megakad\u00e1lyozza a fesz\u00fclts\u00e9get. A helyes egyens\u00falyt az jelenti, hogy az FFB-ben megmaradjon a r\u00e9szlet, mik\u00f6zben a cs\u00facser\u0151 egy kicsit cs\u00f6kken.<\/p>\n<p>A gyors korrekci\u00f3k, k\u00fcl\u00f6n\u00f6sen az egy\u00fcl\u00e9ses vagy protos aut\u00f3kban, kiemelik a korm\u00e1nyt. A korm\u00e1nylap\u00e1tok t\u00f6k\u00e9letesen illeszkednek az ujjaid al\u00e1, \u00e9s a kanyar bej\u00e1rat\u00e1n\u00e1l kem\u00e9nyen visszav\u00e1lthatsz, mik\u00f6zben korrig\u00e1lhatod a h\u00e1tulr\u00f3l val\u00f3 kisodr\u00f3d\u00e1st. Az a t\u00e9ny, hogy a legfontosabb gombok a korm\u00e1ny elenged\u00e9se n\u00e9lk\u00fcl is el\u00e9rhet\u0151k, val\u00f3di ir\u00e1ny\u00edt\u00e1s\u00e9rzetet ad. Val\u00f3s id\u0151ben j\u00e1tszhatsz az aut\u00f3 egyens\u00faly\u00e1val.<\/p>\n<p>Az egyszer\u0171bb, olcs\u00f3bb \u00e9s gyakran m\u0171anyag korm\u00e1nyker\u00e9khez k\u00e9pest a k\u00fcl\u00f6nbs\u00e9g a pontoss\u00e1gban \u00e9s a magabiztoss\u00e1gban rejlik. K\u00e9s\u0151bb mer f\u00e9kezni, mert jobban \u00e9rzi, hogy mit csin\u00e1l az eleje. Hamarabb mer g\u00e1zolni, mert a tapad\u00e1sr\u00f3l adott visszajelz\u00e9sek vil\u00e1gosabbak. M\u00e1sr\u00e9szt, amikor m\u00e9g exkluz\u00edvabb, teljesen sz\u00e9nsz\u00e1las, egyedi korm\u00e1nylap\u00e1tokkal ell\u00e1tott korm\u00e1nyker\u00e9kkel szembes\u00fclsz, a Formula V2.5 X vesz\u00edt valamennyit az \u00e9rz\u00e9kelt \"luxusb\u00f3l\", de megtartja a teljes\u00edtm\u00e9ny szintj\u00e9t, ami t\u00f6bb mint megfelel\u0151.<\/p>\n<p>Az \u00e1ltal\u00e1nos benyom\u00e1s egy olyan korm\u00e1nyker\u00e9k, amely t\u00e1mad\u00e1sra k\u00e9sztet, k\u00fcl\u00f6n\u00f6sen a modern aut\u00f3k eset\u00e9ben. A mer\u00edt\u00e9s, a k\u00e9nyelem \u00e9s az ir\u00e1ny\u00edt\u00e1s mind-mind adott, felt\u00e9ve, hogy az alapot k\u00f6veti. Ez az a pont, ahol az alap val\u00f3ban megv\u00e1ltoztatja az \u00e9lm\u00e9nyt, de a V2.5 X egy\u00e9rtelm\u0171en nem fogja visszatartani a j\u00f3 Fanatec alapot.<\/p>\n<h2>Kinek sz\u00f3l? Amit szeret\u00fcnk \/ Amit nem szeret\u00fcnk<\/h2>\n<p>A ClubSport Formula V2.5 X egy\u00e9rtelm\u0171en a k\u00f6z\u00e9phalad\u00f3 \u00e9s halad\u00f3 szimul\u00e1toros versenyz\u0151ket c\u00e9lozza meg. J\u00f3l illik a motiv\u00e1lt versenyz\u0151kh\u00f6z, akik m\u00e1r rendelkeznek Fanatec alapokkal, egy tisztess\u00e9ges pedalboarddal, \u00e9s sok id\u0151t t\u00f6ltenek F1-es, modern GT3-asokkal vagy prot\u00f3kkal. Konzolon egy komolyabb j\u00e1t\u00e9kos sz\u00e1m\u00e1ra komoly fejleszt\u00e9sk\u00e9nt haszn\u00e1lhat\u00f3, de igaz\u00e1n PC-n teljes szimul\u00e1torral \u00e9s halad\u00f3 be\u00e1ll\u00edt\u00e1sokkal \u00e9rv\u00e9nyes\u00fcl.<\/p>\n<p>Amit a legjobban \u00e9rt\u00e9kelek, az a szil\u00e1rds\u00e1g \u00e9s az \u00e1ltal\u00e1nos pontoss\u00e1g \u00e9rz\u00e9se. T\u00e9nyleg \u00fagy \u00e9rzi, mintha egy olyan korm\u00e1nykereket tartana a kez\u00e9ben, amelyet \u00fagy terveztek, hogy \u00f3r\u00e1kig tart\u00f3 vezet\u00e9st is kib\u00edrjon, an\u00e9lk\u00fcl, hogy megremegne. M\u00e1sodszor, a kezel\u0151szervek elrendez\u00e9se nagyon j\u00f3l \u00e1tgondolt: szinte minden, amire egy verseny sor\u00e1n sz\u00fcks\u00e9ged van, k\u00f6nnyen el\u00e9rhet\u0151 a h\u00fcvelykujjaddal. V\u00e9g\u00fcl pedig a m\u00e1gneses lap\u00e1tok azonnali el\u00e9gedetts\u00e9get ny\u00fajtanak. Minden sebess\u00e9gv\u00e1lt\u00e1s tiszta, ellen\u0151rz\u00f6tt \u00e9s bizonytalans\u00e1g n\u00e9lk\u00fcli. Ez az a fajta r\u00e9szlet, amely megv\u00e1ltoztatja a felszerel\u00e9sedbe vetett bizalmat.<\/p>\n<p>Ami a korl\u00e1toz\u00e1sokat illeti, az F1 form\u00e1tum nem univerz\u00e1lis. A raliz\u00e1shoz, driftel\u00e9shez vagy egyszer\u0171en csak \"vegyes k\u00f6z\u00fati + verseny\" haszn\u00e1lathoz egy kerek vagy GT korm\u00e1nyker\u00e9k sokkal k\u00e9nyelmesebb. M\u00e1sodszor, b\u00e1r a min\u0151s\u00e9g j\u00f3, m\u00e9g mindig vannak olyan m\u0171anyag vagy kompozit alkatr\u00e9szek, amelyek eml\u00e9keztetnek arra, hogy ez nem egy ultra-butik term\u00e9k. Ez a teljes\u00edtm\u00e9ny szempontj\u00e1b\u00f3l nem jelent probl\u00e9m\u00e1t, de frusztr\u00e1lhatja azokat, akik teljes karbonra v\u00e1gynak. Egy utols\u00f3 pont: a gombok \u00e9s be\u00e1ll\u00edt\u00e1sok puszta sz\u00e1ma kiss\u00e9 ijeszt\u0151 lehet a kezd\u0151k sz\u00e1m\u00e1ra. Meg fogod szokni, de el kell fogadnod, hogy van egy kis tanul\u00e1si g\u00f6rbe.<\/p>\n<p>A beruh\u00e1z\u00e1s szempontj\u00e1b\u00f3l ez egy\u00e9rtelm\u0171en nem egy bel\u00e9p\u0151 szint\u0171 term\u00e9k. Az \u00e1r olyan szimul\u00e1torversenyz\u0151knek sz\u00f3l, akik hossz\u00fa t\u00e1v\u00fa projektk\u00e9nt tekintenek a be\u00e1ll\u00edt\u00e1sukra. Az \u00e9rz\u00e9kelt \u00e9rt\u00e9k j\u00f3, mert az ir\u00e1ny\u00edt\u00e1s, a vezet\u00e9si k\u00e9nyelem \u00e9s az elm\u00e9ly\u00fcl\u00e9s ter\u00e9n nyer\u00fcnk, de biztosnak kell lenn\u00fcnk abban, hogy el\u00e9g id\u0151t fogunk a szimul\u00e1toros versenyz\u00e9ssel t\u00f6lteni ahhoz, hogy meg\u00e9rje. Egy alkalmi j\u00e1t\u00e9kos sz\u00e1m\u00e1ra val\u00f3sz\u00edn\u0171leg t\u00fal ambici\u00f3zus. Aki hetente t\u00f6bbsz\u00f6r vezet, annak hamar \u00e9rezhet\u0151 a k\u00fcl\u00f6nbs\u00e9g.<\/p>\n<h2>\u00cdt\u00e9let<\/h2>\n<p>A Fanatec ClubSport Formula V2.5 X egy igazi l\u00e9p\u00e9st jelent a modern, versenyorient\u00e1lt be\u00e1ll\u00edt\u00e1sok ter\u00e9n. A tisztess\u00e9ges csomagot egy sokkal prec\u00edzebb vezet\u00e9si fel\u00fclett\u00e9 alak\u00edtja \u00e1t, k\u00f6zvetlen hozz\u00e1f\u00e9r\u00e9ssel a versenybe\u00e1ll\u00edt\u00e1sokhoz \u00e9s sokkal tiszt\u00e1bb \u00e9rz\u00e9ssel az aut\u00f3hoz. Olyan \u00e9rz\u00e9sed van, mintha \"sarkon fordult\u00e1l\" volna a vezet\u00e9s m\u00f3dj\u00e1ban.<\/p>\n<p>A piacon egy\u00e9rtelm\u0171en a k\u00f6z\u00e9pkateg\u00f3ria fels\u0151 hat\u00e1r\u00e1n, vagy ak\u00e1r az el\u00e9rhet\u0151 pr\u00e9mium szegmensben helyezkedik el. Nem a legdr\u00e1g\u00e1bb, \u00e9s nem is a legexkluz\u00edvabb, de a legt\u00f6bb fontos elemet kipip\u00e1lja azok sz\u00e1m\u00e1ra, akik egy komoly, tart\u00f3s ker\u00e9kre v\u00e1gynak, amely j\u00f3l illeszkedik a Fanatec \u00f6kosziszt\u00e9m\u00e1j\u00e1ba.<\/p>\n<p>Azoknak a szimul\u00e1torversenyz\u0151knek aj\u00e1nlom, akik els\u0151sorban F1, GT \u00e9s endurance versenyeken indulnak, \u00e9s akik legink\u00e1bb az ir\u00e1ny\u00edt\u00e1s optimaliz\u00e1l\u00e1s\u00e1ra t\u00f6rekszenek. Egy nagyon sokoldal\u00fa j\u00e1t\u00e9kosnak, aki sokat ralizik vagy orsz\u00e1g\u00fati versenyeken is r\u00e9szt vesz, egy kerek korm\u00e1nyker\u00e9k lenne megfelel\u0151bb. Egy teljesen kezd\u0151nek val\u00f3sz\u00edn\u0171leg t\u00fal sok, mind anyagilag, mind a komplexit\u00e1s szempontj\u00e1b\u00f3l.<\/p>\n<p>Ha egy massz\u00edv, prec\u00edz F1-st\u00edlus\u00fa korm\u00e1nykereket keresel, amely tele van kezel\u0151szervekkel, \u00e9s k\u00e9pes k\u00f6vetni egy er\u0151s Fanatec-alapot, a ClubSport Formula V2.5 X egy\u00e9rtelm\u0171en mindent megv\u00e1ltoztathat a be\u00e1ll\u00edt\u00e1saidban.<\/p>","protected":false},"excerpt":{"rendered":"<p>Ez a korm\u00e1nyker\u00e9k egy komoly eszk\u00f6z benyom\u00e1s\u00e1t kelti: a pontoss\u00e1g, a magabiztoss\u00e1g \u00e9s az aut\u00f3 leolvashat\u00f3s\u00e1ga javul, k\u00fcl\u00f6n\u00f6sen F1, GT \u00e9s protot\u00edpus aut\u00f3kon. \u00c9rtelemszer\u0171en azoknak a szimul\u00e1torversenyz\u0151knek sz\u00f3l, akik m\u00e1r befektettek a Fanatec \u00f6kosziszt\u00e9m\u00e1j\u00e1ba, akik gyakran vezetnek, \u00e9s a k\u00f6vetkez\u0151 szintre akarj\u00e1k emelni a dolgokat an\u00e9lk\u00fcl, hogy a nagyon butikba menn\u00e9nek. Az \u00e1ltal\u00e1nos \u00e9rt\u00e9k \u00f6sszhangban van a pozicion\u00e1l\u00e1ssal.<\/p>","protected":false},"featured_media":100537,"comment_status":"open","ping_status":"closed","template":"","meta":{"_acf_changed":false,"_et_pb_use_builder":"","_et_pb_old_content":"","_et_gb_content_width":""},"product_brand":[158],"product_cat":[156],"product_tag":[149,160],"class_list":{"0":"post-100536","1":"product","2":"type-product","3":"status-publish","4":"has-post-thumbnail","6":"product_brand-fanatec","7":"product_cat-roue-de-volant","8":"product_tag-pc","9":"product_tag-xbox","11":"first","12":"instock","13":"shipping-taxable","14":"product-type-external"},"acf":[],"_links":{"self":[{"href":"https:\/\/simracergear.com\/hu\/wp-json\/wp\/v2\/product\/100536","targetHints":{"allow":["GET"]}}],"collection":[{"href":"https:\/\/simracergear.com\/hu\/wp-json\/wp\/v2\/product"}],"about":[{"href":"https:\/\/simracergear.com\/hu\/wp-json\/wp\/v2\/types\/product"}],"replies":[{"embeddable":true,"href":"https:\/\/simracergear.com\/hu\/wp-json\/wp\/v2\/comments?post=100536"}],"wp:featuredmedia":[{"embeddable":true,"href":"https:\/\/simracergear.com\/hu\/wp-json\/wp\/v2\/media\/100537"}],"wp:attachment":[{"href":"https:\/\/simracergear.com\/hu\/wp-json\/wp\/v2\/media?parent=100536"}],"wp:term":[{"taxonomy":"product_brand","embeddable":true,"href":"https:\/\/simracergear.com\/hu\/wp-json\/wp\/v2\/product_brand?post=100536"},{"taxonomy":"product_cat","embeddable":true,"href":"https:\/\/simracergear.com\/hu\/wp-json\/wp\/v2\/product_cat?post=100536"},{"taxonomy":"product_tag","embeddable":true,"href":"https:\/\/simracergear.com\/hu\/wp-json\/wp\/v2\/product_tag?post=100536"}],"curies":[{"name":"wp","href":"https:\/\/api.w.org\/{rel}","templated":true}]}}