{"id":100553,"date":"2025-05-15T07:46:00","date_gmt":"2025-05-15T07:46:00","guid":{"rendered":"https:\/\/simracergear.com\/products\/fanatec-clubsport-pedals-v3\/"},"modified":"2025-11-28T04:44:27","modified_gmt":"2025-11-28T04:44:27","slug":"fanatec-clubsport-pedals-v3","status":"publish","type":"product","link":"https:\/\/simracergear.com\/hu\/products\/fanatec-clubsport-pedals-v3\/","title":{"rendered":"Fanatec ClubSport ped\u00e1lok V3"},"content":{"rendered":"<h2>Fanatec ClubSport V3 ped\u00e1lok: egy igazi el\u0151rel\u00e9p\u00e9s a szimul\u00e1toros versenyfelszerel\u00e9sben<\/h2>\n<p>A Fanatec ClubSport Pedals V3 egy\u00e9rtelm\u0171en egy k\u00f6z\u00e9pkateg\u00f3ri\u00e1s\/magas kateg\u00f3ri\u00e1s hajt\u00f3karos szettk\u00e9nt van poz\u00edcion\u00e1lva, amelyet olyan szimul\u00e1toros versenyz\u0151knek terveztek, akik az \"alapfelszerelts\u00e9gb\u0151l\" valami komolyabbra szeretn\u00e9nek v\u00e1ltani an\u00e9lk\u00fcl, hogy az extr\u00e9m high-end kateg\u00f3ri\u00e1ba esn\u00e9nek. Pap\u00edron pontos f\u00e9kez\u00e9st \u00edg\u00e9r a terhel\u00e9si cell\u00e1nak k\u00f6sz\u00f6nhet\u0151en, massz\u00edv f\u00e9mszerkezetet \u00e9s rengeteg \u00e1ll\u00edt\u00e1si lehet\u0151s\u00e9get a k\u00fcl\u00f6nb\u00f6z\u0151 vezet\u00e9si st\u00edlusokhoz.<\/p>\n<p>Ez a hajt\u00f3kar nagyon vonz\u00f3, mert gyakran \u00fagy mutatj\u00e1k be, mint a \"komoly\" bel\u00e9p\u00e9si pontot a nyom\u00f3f\u00e9kez\u00e9shez, nem pedig a versenyf\u00e9kez\u00e9shez. Az \u00f6tlet l\u00e9nyege, hogy k\u00f6zelebb ker\u00fclj\u00fcnk egy igazi sportkocsi \u00e9rz\u00e9s\u00e9hez: a l\u00e1baddal f\u00e9kezel, nem a bok\u00e1ddal. \u00c9n k\u00fcl\u00f6n\u00f6sen erre a pontra \u00f6sszpontos\u00edtottam, a f\u00e9kez\u00e9s pontoss\u00e1g\u00e1ra, a g\u00e1zped\u00e1l progresszivit\u00e1s\u00e1ra, a kuplung k\u00f6nny\u0171 m\u0171k\u00f6dtet\u00e9s\u00e9re \u00e9s a hossz\u00fa \u00fcl\u00e9sen val\u00f3 viselked\u00e9sre koncentr\u00e1lva.<\/p>\n<p>Az \u00e9n szemsz\u00f6gem egyszer\u0171: ezek a ClubSport V3-asok igazolj\u00e1k-e a befektet\u00e9st egy alap leng\u0151karhoz k\u00e9pest, \u00e9s meg\u00e1llj\u00e1k-e a hely\u00fcket az \u00fajabb szimul\u00e1toros verseny leng\u0151karokkal szemben, amelyek k\u00f6z\u00fcl n\u00e9h\u00e1ny cs\u00facskateg\u00f3ri\u00e1s vagy hidraulikus? \u00c9s mindenekel\u0151tt, t\u00e9nyleg seg\u00edtenek abban, hogy tiszt\u00e1bban, k\u00f6vetkezetesebben, kevesebb f\u00e9kez\u00e9si hib\u00e1val motorozz?  <\/p>\n<h2>Tervez\u00e9s \u00e9s gy\u00e1rt\u00e1s<\/h2>\n<p>A ClubSport V3 ped\u00e1lokat kiv\u00e9ve a csomagol\u00e1sb\u00f3l, az \u00e1ltal\u00e1nos benyom\u00e1s azonnal egy komoly term\u00e9k benyom\u00e1s\u00e1t kelti. Gyakorlatilag minden teljes eg\u00e9sz\u00e9ben f\u00e9m: a v\u00e1z, a ped\u00e1lkarok \u00e9s a l\u00e1ncszemek. Vizu\u00e1lisan merevs\u00e9get \u00e9s k\u00f6vetkezetes diz\u00e1jnt sug\u00e1roz. A kivitelez\u00e9s tiszta, sz\u00e9pen megmunk\u00e1lt alkatr\u00e9szekkel, j\u00f3l szab\u00e1lyozott \u00e9lekkel \u00e9s egy olyan \u00f6sszk\u00e9pet kapunk, amely nagyon \"sim racing\", an\u00e9lk\u00fcl, hogy t\u00falz\u00e1sba esne.<\/p>\n<p>A ped\u00e1lok tapint\u00e1sa nagyon s\u0171r\u0171. Amikor meg\u00e9rinted \u0151ket, semmit sem \u00e9rzel \u00fcregesnek, a mozdulatok hat\u00e1rozottak \u00e9s nincs j\u00e1t\u00e9k. Gyorsan egy kompakt egys\u00e9g benyom\u00e1s\u00e1t kelti, amely k\u00e9pes nagyon kem\u00e9ny f\u00e9kez\u00e9seket is kib\u00edrni meging\u00e1s n\u00e9lk\u00fcl. Ez egy fontos pont: \u00fagy \u00e9rzi, hogy a teherb\u00edr\u00f3 ott van, hogy kem\u00e9nyen nyomja, \u00e9s a fut\u00f3m\u0171 csavarod\u00e1s n\u00e9lk\u00fcl k\u00f6veti. A merev pil\u00f3taf\u00fclk\u00e9re szerelve az eg\u00e9sz csomag val\u00f3ban komoly felszerel\u00e9snek t\u0171nik.<\/p>\n<p>Ami meglep\u0151, az a kivitelez\u00e9s szintje egy ilyen \u00e1rkateg\u00f3ri\u00e1j\u00fa term\u00e9k eset\u00e9ben. Nem k\u00e9zzel k\u00e9sz\u00edtett hajt\u00f3karokr\u00f3l vagy teljes hidraulik\u00e1r\u00f3l besz\u00e9l\u00fcnk, de a fizikai jelenl\u00e9tet tekintve k\u00f6zel j\u00e1runk hozz\u00e1. Az olyan apr\u00f3 r\u00e9szletek, mint a meg\u00e1ll\u00f3k, a rug\u00f3kezel\u00e9s, valamint a f\u00e9k \u00e9s a g\u00e1zped\u00e1l rezg\u00e9s\u00e9nek integr\u00e1l\u00e1sa egy intenz\u00edv haszn\u00e1latra \u00e1tgondolt term\u00e9k benyom\u00e1s\u00e1t keltik.<\/p>\n<p>Van azonban n\u00e9h\u00e1ny kev\u00e9sb\u00e9 h\u00edzelg\u0151 pont. A g\u00e1zped\u00e1l \u00e9s a kuplung \u00e9rz\u00e9kel\u0151i prec\u00edzek, de mechanikai \u00e9rzet\u00fck egyszer\u0171bb, mint a tiszt\u00e1n versenyz\u00e9sre tervezett hajt\u00f3karok\u00e9. A m\u00e1sodlagos m\u0171anyag alkatr\u00e9szek \u00e9s a l\u00e1that\u00f3 k\u00e1belek n\u00e9melyike kiss\u00e9 elvonja a \"romolhatatlan tank\" \u00e9rzet\u00e9t. \u00c9s az \u00fajabb, m\u00e9g t\u00f6bb r\u00f6gz\u00edt\u00e9si lehet\u0151s\u00e9ggel vagy teljesen modul\u00e1ris ped\u00e1lokkal rendelkez\u0151 hajt\u00f3karokhoz k\u00e9pest a V3 egy kicsit klasszikusabb fel\u00e9p\u00edt\u00e9s\u0171nek t\u0171nik.<\/p>\n<p>\u00d6sszess\u00e9g\u00e9ben egy m\u0171anyagb\u00f3l vagy k\u00f6nny\u0171f\u00e9mb\u0151l k\u00e9sz\u00fclt bel\u00e9p\u0151 szint\u0171 leng\u0151karhoz k\u00e9pest egy m\u00e1sik vil\u00e1gban vagyunk. A konkurens teherb\u00edr\u00e1s\u00fa t\u00e1rcs\u00e1s hajt\u00f3karokkal \u00f6sszehasonl\u00edtva a ClubSport V3 nagyon hiteles marad a merevs\u00e9g \u00e9s a kivitelez\u00e9s tekintet\u00e9ben. Az az \u00e9rz\u00e9s\u00fcnk, hogy ezt a term\u00e9ket hossz\u00fa \u00e9lettartamra tervezt\u00e9k.  <\/p>\n<h2>Be\u00e1ll\u00edt\u00e1sok, testreszab\u00e1s \u00e9s kompatibilit\u00e1s<\/h2>\n<p>A ClubSport V3 ped\u00e1lok j\u00f3 szint\u0171 mechanikus be\u00e1ll\u00edt\u00e1st k\u00edn\u00e1lnak. Be\u00e1ll\u00edthatja a ped\u00e1lok oldalir\u00e1ny\u00fa helyzet\u00e9t, magass\u00e1g\u00e1t, sz\u00f6g\u00e9t \u00e9s kem\u00e9nys\u00e9g\u00e9t, k\u00fcl\u00f6n\u00f6sen a f\u00e9kn\u00e9l. Az \u00e9rz\u00e9kenys\u00e9get a terhel\u00e9sm\u00e9r\u0151vel lehet be\u00e1ll\u00edtani, \u00e9s a mell\u00e9kelt elasztomer elemekkel a progresszivit\u00e1s is be\u00e1ll\u00edthat\u00f3: kem\u00e9nyebb, r\u00f6videbb vagy \u00e9ppen ellenkez\u0151leg, kicsit progressz\u00edvebb f\u00e9kez\u00e9s. Ez az a pont, ahol a hajt\u00f3kar igaz\u00e1n j\u00f3l \u00e9rv\u00e9nyes\u00fcl, mert az ellen\u00e1ll\u00e1st a lovagl\u00e1si poz\u00edci\u00f3hoz \u00e9s a l\u00e1ber\u0151h\u00f6z igaz\u00edthatja.<\/p>\n<p>A g\u00e1zped\u00e1l g\u00f6rd\u00fcl\u00e9keny, meglehet\u0151sen progressz\u00edv \u00e9s \u00e1ll\u00edthat\u00f3 fesz\u00fclts\u00e9g\u0171. K\u00f6nny\u0171 \u00e9rz\u00e9st kaphat a \"k\u00e9nyelmesebb\" haszn\u00e1lathoz, vagy egy kicsit kem\u00e9nyebbet a pontosabb \u00fajb\u00f3li gyors\u00edt\u00e1shoz. A tengelykapcsol\u00f3 mark\u00e1ns cs\u00fasz\u00e1spont-\u00e9rzettel rendelkezik, ami k\u00e9zi v\u00e1lt\u00f3s aut\u00f3kn\u00e1l seg\u00edt az ind\u00edt\u00e1sn\u00e1l \u00e9s a visszav\u00e1lt\u00e1sn\u00e1l. Nem a leg\u00e9leth\u0171bb kuplung a piacon, de a munk\u00e1t k\u00f6vetkezetes \u00e9rz\u00e9ssel v\u00e9gzi.<\/p>\n<p>A szoftveres oldalon, a Fanatec PC-n l\u00e9v\u0151 illeszt\u0151programon kereszt\u00fcl a ped\u00e1lok kalibr\u00e1lhat\u00f3k eg\u00e9szen finom r\u00e9szletess\u00e9ggel: deadzones, v\u00e1laszg\u00f6rb\u00e9k, inverzi\u00f3, ha sz\u00fcks\u00e9ges. A kezel\u0151fel\u00fclet \u00e1ttekinthet\u0151, n\u00e9ha kicsit szigor\u00fa, de hamar eligazodik az ember. A tanul\u00e1si folyamat egy kis id\u0151t vesz ig\u00e9nybe, k\u00fcl\u00f6n\u00f6sen az optim\u00e1lis f\u00e9knyom\u00e1s be\u00e1ll\u00edt\u00e1sa. Gyakran kell n\u00e9h\u00e1ny \u00fcl\u00e9s, hogy megtal\u00e1ljuk az ide\u00e1lis be\u00e1ll\u00edt\u00e1st a fizikai kem\u00e9nys\u00e9g \u00e9s az \u00e9rz\u00e9kel\u0151 \u00e9rz\u00e9kenys\u00e9ge k\u00f6z\u00f6tt.<\/p>\n<p>Ami a kompatibilit\u00e1st illeti, a ClubSport V3 ped\u00e1lok nagyon j\u00f3l m\u0171k\u00f6dnek a PC-ken, ak\u00e1r k\u00f6zvetlen\u00fcl USB-n kereszt\u00fcl, ak\u00e1r a Fanatec b\u00e1zison kereszt\u00fcl. Konzolon a legegyszer\u0171bb, ha egy kompatibilis Fanatec b\u00e1zisra csatlakoztatva, az \u00f6kosziszt\u00e9m\u00e1ba integr\u00e1lva haszn\u00e1lod \u0151ket. A ped\u00e1lok itt mutatj\u00e1k meg igaz\u00e1n \u00f6nmagukat: a b\u00e1zisok, korm\u00e1nyok, v\u00e1lt\u00f3k, v\u00e1lt\u00f3k, minden megfelel\u0151en kommunik\u00e1l, \u00e9s a rezg\u00e9skezel\u00e9s (ABS, cs\u00fasz\u00e1s, blokkol\u00e1s) jobban kihaszn\u00e1lhat\u00f3.<\/p>\n<p>Ami a fejleszthet\u0151s\u00e9get illeti, ez egy\u00e9rtelm\u0171en egy olyan leng\u0151kar, amely hossz\u00fa ideig maradhat egy be\u00e1ll\u00edt\u00e1sban. Haszn\u00e1lhat\u00f3 az els\u0151 \"igazi\", komoly hajt\u00f3kar-ker\u00e9kt\u00e1rcsak\u00e9nt, \u00e9s nem lesz a gyenge l\u00e1ncszem, m\u00e9g akkor sem, ha friss\u00edted az alapot vagy a cockpitet. Ez egy olyan megold\u00e1s, amely meg\u00e1llja a hely\u00e9t az intenz\u00edv haszn\u00e1lat sor\u00e1n, an\u00e9lk\u00fcl, hogy azonnal \u00e1t kellene v\u00e1ltani egy sokkal dr\u00e1g\u00e1bb, teljes hidraulikus hajt\u00f3karra.  <\/p>\n<h2>\u00c9rzelmek a t\u00e9t<\/h2>\n<p>A l\u00e9nyeg az, hogy milyen \u00e9rz\u00e9s a p\u00e1ly\u00e1n, \u00e9s itt a ClubSport Pedals V3 val\u00f3di el\u0151rel\u00e9p\u00e9st tesz az eredeti hajt\u00f3karhoz k\u00e9pest. Ami mindent megv\u00e1ltoztat, az term\u00e9szetesen a terhel\u00e9ses f\u00e9k. A f\u00e9kez\u00e9s a nyom\u00e1s, nem pedig a l\u00f6ket alapj\u00e1n t\u00f6rt\u00e9nik. Konkr\u00e9tan az agy gyorsan alkalmazkodik: lehorgonyozod a sarkad, nyomod a l\u00e1baddal, \u00e9s a f\u00e9kadagot sokkal k\u00f6nnyebb lesz k\u00f6rr\u0151l k\u00f6rre ism\u00e9telni.<\/p>\n<p>Amikor egy kanyarba l\u00e9p, azonnal \u00e9rezhet\u0151 a k\u00fcl\u00f6nbs\u00e9g. Nagyon \u00e1lland\u00f3 sz\u00e1zal\u00e9kos f\u00e9knyom\u00e1sra t\u00f6rekedhet, ami jav\u00edtja a f\u00e9kez\u00e9si stabilit\u00e1st, k\u00fcl\u00f6n\u00f6sen az ABS n\u00e9lk\u00fcli vagy a t\u00f6meg\u00e1tvitelre nagyon \u00e9rz\u00e9keny aut\u00f3kn\u00e1l. Kev\u00e9sb\u00e9 blokkolja a kerekeket, vagy ink\u00e1bb szab\u00e1lyozottabban blokkolja \u0151ket. Tudod, hogy milyen er\u0151ss\u00e9gn\u00e9l f\u00e9kezel, \u00e9s k\u00e9pes vagy belenyugodni. Sokkal jobban meg\u00e9rti, mit csin\u00e1l az aut\u00f3 f\u00e9kez\u00e9s k\u00f6zben.<\/p>\n<p>A nyomvonalf\u00e9kez\u00e9s f\u00e1zis\u00e1ban, amikor a kanyarba \u00e9rve fokozatosan engedi fel a f\u00e9ket, a ped\u00e1lok val\u00f3ban seg\u00edtenek. A j\u00e1t\u00e9kb\u00f3l sz\u00e1rmaz\u00f3 visszajelz\u00e9s a ped\u00e1l egyenletess\u00e9g\u00e9vel kombin\u00e1lva azt jelenti, hogy finomhangolhatja a f\u00e9kez\u00e9s \u00e9s a megt\u00e1maszt\u00e1s megkezd\u00e9se k\u00f6z\u00f6tti \u00e1tmenetet. Kevesebbet vesz\u00edtesz az elej\u00e9b\u0151l, \u00e9s k\u00f6nnyebb elker\u00fclni a t\u00fal hossz\u00fa vagy t\u00fal er\u0151s f\u00e9kez\u00e9s okozta alulkorm\u00e1nyzotts\u00e1got.<\/p>\n<p>A f\u00e9kped\u00e1l be\u00e9p\u00edtett rezg\u00e9sei hasznosak, ha a szoftverben megfelel\u0151en konfigur\u00e1lj\u00e1k \u0151ket. A ker\u00e9kblokkol\u00e1s vagy az ABS jelz\u00e9sei jobban \u00e9rz\u00e9kelhet\u0151k. Ez nem felt\u00e9tlen\u00fcl l\u00e9nyeges, de bizonyos szimul\u00e1ci\u00f3k eset\u00e9n egy plusz inform\u00e1ci\u00f3s r\u00e9teget ad an\u00e9lk\u00fcl, hogy giccses lenne. Seg\u00edt abban, hogy egy kicsit kor\u00e1bban reag\u00e1ljon a hat\u00e1rf\u00e9kez\u00e9sekre.<\/p>\n<p>A g\u00e1zkar kellemesen progressz\u00edv. A ped\u00e1l prec\u00edz adag \u00fajb\u00f3li gyors\u00edt\u00e1st biztos\u00edt, k\u00fcl\u00f6n\u00f6sen a lass\u00fa kanyarokb\u00f3l val\u00f3 kil\u00e9p\u00e9skor. M\u00edg egy alap ped\u00e1l mindent vagy semmit \u00e9rz\u00e9st adhat, a V3-asok finomabb von\u00f3er\u0151-szab\u00e1lyoz\u00e1st k\u00edn\u00e1lnak. Er\u0151s aut\u00f3kn\u00e1l ez \u00e9rt\u00e9kelhet\u0151: jobban tudja kompenz\u00e1lni a tapad\u00e1s elveszt\u00e9s\u00e9t, \u00e9s ink\u00e1bb modul\u00e1lja a g\u00e1zt, minthogy t\u00fal hirtelen reag\u00e1ljon. Rezg\u0151 fel\u00fcleten j\u00f3 stabilit\u00e1st tart meg az \u00fajb\u00f3li gyors\u00edt\u00e1skor, am\u00edg maga a pil\u00f3taf\u00fclke nem mozdul el.<\/p>\n<p>Ami a kuplungot illeti, a rajtr\u00e1csos ind\u00edt\u00e1sokhoz vagy az oldtimer aut\u00f3khoz rendben van. A tapad\u00e1si pont k\u00f6nnyen azonos\u00edthat\u00f3, ami megk\u00f6nny\u00edti az indul\u00e1st t\u00falzott cs\u00fasz\u00e1s n\u00e9lk\u00fcl. Nem ez az az elem, ami a legink\u00e1bb megv\u00e1ltoztatja az \u00e9lm\u00e9nyt, de nem ront el semmit.<\/p>\n<p>Hossz\u00fa munkamenetek sor\u00e1n a fizikai k\u00e9nyelem az, ami kiemelkedik. A f\u00e9kkem\u00e9nys\u00e9g el\u00e9g magasra \u00e1ll\u00edthat\u00f3, de m\u00e9g \u00edgy is megvan az ism\u00e9telhet\u0151s\u00e9g. Nem t\u00f6lti az id\u0151t a f\u00e9kez\u00e9si pont keres\u00e9s\u00e9vel \"menet k\u00f6zben\". Az izommem\u00f3ria elv\u00e9gzi a munk\u00e1t, \u00e9s \u00d6n meg\u00e1llapodik a nyom\u00f3er\u0151n. Az \u00e1lland\u00f3s\u00e1g k\u00f6rr\u0151l k\u00f6rre n\u0151. A l\u00e1baid egy kicsit jobban elf\u00e1radnak, mint egy l\u00e1gy hajt\u00f3karral, de m\u00e1sr\u00e9szt kev\u00e9sb\u00e9 k\u00fczdesz a pontoss\u00e1g hi\u00e1ny\u00e1val.<\/p>\n<p>Egy bel\u00e9p\u0151 szint\u0171 vagy k\u00f6z\u00e9pkateg\u00f3ri\u00e1s, terhel\u00e9sm\u00e9r\u0151 n\u00e9lk\u00fcli leng\u0151karral \u00f6sszehasonl\u00edtva egy\u00e9rtelm\u0171 k\u00fcl\u00f6nbs\u00e9g van az ir\u00e1ny\u00edt\u00e1s \u00e9s a bizalom tekintet\u00e9ben. K\u00e9s\u0151bb mer f\u00e9kezni, mert tudja, hogy k\u00e9pes lesz modul\u00e1lni an\u00e9lk\u00fcl, hogy mindent elvesz\u00edtene. M\u00e9g a cs\u00facskateg\u00f3ri\u00e1sabb, k\u00fcl\u00f6n\u00f6sen a hidraulikus hajt\u00f3karokhoz k\u00e9pest a V3-asok m\u00e9g mindig kicsit elmaradnak a mechanikus \u00e9rzet puszta realizmusa tekintet\u00e9ben, k\u00fcl\u00f6n\u00f6sen a nyom\u00e1s mikro-v\u00e1ltoz\u00e1sainak finoms\u00e1ga tekintet\u00e9ben. De kateg\u00f3ri\u00e1jukban kiv\u00e1l\u00f3 kompromisszumot k\u00edn\u00e1lnak a pontoss\u00e1g, a k\u00e9nyelem \u00e9s a k\u00f6nny\u0171 haszn\u00e1lat k\u00f6z\u00f6tt.<\/p>\n<p>Gyors korrekci\u00f3kban, amikor t\u00falkorm\u00e1nyzotts\u00e1gra vagy hirtelen meg\u00e1ll\u00e1sra kell reag\u00e1lnia, a ped\u00e1lok gond n\u00e9lk\u00fcl k\u00f6vetik. Pontosan, szinte \u00f6szt\u00f6n\u00f6sen emelheti le a l\u00e1b\u00e1t a f\u00e9kr\u0151l, vagy enyh\u00e9n elveheti a g\u00e1zt. Ez az a pont, ahol a V3 val\u00f3ban megv\u00e1ltoztatja az \u00e9lm\u00e9nyt: az aut\u00f3 olvashat\u00f3bb\u00e1, kisz\u00e1m\u00edthat\u00f3bb\u00e1 v\u00e1lik, \u00e9s \u00d6n ink\u00e1bb a r\u00f6pp\u00e1ly\u00e1ra koncentr\u00e1l, mint az anyaggal val\u00f3 k\u00fczdelemre.  <\/p>\n<h2>Kinek sz\u00f3l? Amit szeret\u00fcnk \/ Amit nem szeret\u00fcnk<\/h2>\n<p>A Fanatec ClubSport V3 ped\u00e1lok els\u0151sorban a k\u00f6z\u00e9phalad\u00f3 \u00e9s halad\u00f3 szimul\u00e1toros versenyz\u0151knek sz\u00f3lnak, PC-n vagy konzolon, akik komoly l\u00e9p\u00e9st szeretn\u00e9nek tenni an\u00e9lk\u00fcl, hogy a nagyon magas sz\u00ednvonal\u00fa h\u00e1zi k\u00e9sz\u00edt\u00e9s\u0171ek k\u00f6z\u00e9 menn\u00e9nek. J\u00f3 v\u00e1laszt\u00e1s lehet annak, aki m\u00e1r rendelkezik egy viszonylag merev cockpittal, tisztess\u00e9ges alappal (amit a k\u00f6z\u00e9pkateg\u00f3ri\u00e1s vagy el\u00e9rhet\u0151 k\u00f6zvetlen meghajt\u00e1sn\u00e1l tal\u00e1l), \u00e9s aki \u00fagy \u00e9rzi, hogy a jelenlegi ped\u00e1ljai korl\u00e1tozz\u00e1k a teljes\u00edtm\u00e9ny\u00e9t, k\u00fcl\u00f6n\u00f6sen f\u00e9kez\u00e9skor.<\/p>\n<p>Amit a legjobban \u00e9rt\u00e9kelek, az a term\u00e9k \u00e1ltal\u00e1nos konzisztenci\u00e1ja. A terhel\u00e9scell\u00e1s f\u00e9k nagy nyeres\u00e9get k\u00edn\u00e1l az ellen\u0151rz\u00e9sben \u00e9s a k\u00f6vetkezetess\u00e9gben. A f\u00e9mszerkezet val\u00f3di bizalom\u00e9rzetet ad: mer kem\u00e9nyen nyomni an\u00e9lk\u00fcl, hogy f\u00e9lne att\u00f3l, hogy b\u00e1rmi elt\u00f6rik. A mechanikus \u00e9s szoftveres be\u00e1ll\u00edt\u00e1sok v\u00e1laszt\u00e9ka pedig azt jelenti, hogy a hajt\u00f3karokat a saj\u00e1t vezet\u00e9si st\u00edlusodhoz igaz\u00edthatod, legyen sz\u00f3 GT, egy\u00fcl\u00e9ses vagy rally versenyz\u0151r\u0151l. Az az \u00e9rz\u00e9sed, hogy a be\u00e1ll\u00edt\u00e1s k\u00f6zponti elem\u00e9be fektetsz be, nem pedig egy egyszer\u0171 kieg\u00e9sz\u00edt\u0151be.<\/p>\n<p>M\u00e9gis vannak korl\u00e1tok. El\u0151sz\u00f6r is, az \u00e1r egy\u00e9rtelm\u0171en a \"befektet\u00e9s\" kateg\u00f3ri\u00e1ba sorolja a V3-asokat egy szimul\u00e1tor eset\u00e9ben. T\u00f6bb fokozattal vagyunk egy bel\u00e9p\u0151 szint\u0171 hajt\u00f3kar f\u00f6l\u00f6tt, \u00e9s a k\u00f6lts\u00e9gek magasnak t\u0171nhetnek, ha a setup t\u00f6bbi r\u00e9sze m\u00e9g nem homog\u00e9n. M\u00e1sodszor, b\u00e1r a f\u00e9k\u00e9rzet nagyon j\u00f3, m\u00e9g mindig egy szinttel a fels\u0151 kateg\u00f3ri\u00e1s hidraulikus hajt\u00f3karok alatt van azok sz\u00e1m\u00e1ra, akik abszol\u00fat realizmust keresnek a ped\u00e1l\u00fat \u00e9s a bels\u0151 \u00e9rzet tekintet\u00e9ben. V\u00e9g\u00fcl, az optim\u00e1lis beszerel\u00e9shez merev cockpitre \u00e9s minim\u00e1lis id\u0151re van sz\u00fcks\u00e9g a be\u00e1ll\u00edt\u00e1sokhoz: egy egyszer\u0171 korm\u00e1nyon\/ped\u00e1ltart\u00f3n\u00e1l elvesz\u00edtj\u00fck a term\u00e9k \u00e9rdekess\u00e9g\u00e9nek egy r\u00e9sz\u00e9t.<\/p>\n<p>Egy teljesen kezd\u0151 sz\u00e1m\u00e1ra nem felt\u00e9tlen\u00fcl ez az els\u0151 v\u00e1s\u00e1rl\u00e1s. De egy motiv\u00e1lt kezd\u0151 vagy egy m\u00e1r elk\u00f6telezett j\u00e1t\u00e9kos sz\u00e1m\u00e1ra ez egy nagyon fontos friss\u00edt\u00e9s. Az \u00e9rz\u00e9kelt \u00e9rt\u00e9ket tekintve a teljes\u00edtm\u00e9ny\/\u00e9lettartam\/friss\u00edthet\u0151s\u00e9g ar\u00e1nya szil\u00e1rd: sokat fizetsz, de sok\u00e1ig megtartod. Az az \u00e9rz\u00e9sed, hogy ez egy struktur\u00e1l\u00f3 befektet\u00e9s a be\u00e1ll\u00edt\u00e1shoz, k\u00fcl\u00f6n\u00f6sen, ha a c\u00e9l a val\u00f3di fejl\u0151d\u00e9s a vezet\u00e9sben.  <\/p>\n<h2>\u00cdt\u00e9let<\/h2>\n<p>A Fanatec ClubSport V3 ped\u00e1lok egy\u00e9rtelm\u0171en azok k\u00f6z\u00e9 az elemek k\u00f6z\u00e9 tartoznak, amelyek \u00e1talak\u00edtj\u00e1k a szimul\u00e1toros versenyfelszerel\u00e9st. A f\u00e9kped\u00e1l kiss\u00e9 \"hom\u00e1lyos\" \u00e9rzet\u00e9t\u0151l a struktur\u00e1lt, reproduk\u00e1lhat\u00f3 f\u00e9kez\u00e9sig jutsz el, sokkal k\u00f6zelebb ahhoz, amit egy val\u00f3di nyom\u00f3rendszer lehet\u0151v\u00e9 tesz. Ez az a pont, ahol gyakran nagyot lehet jav\u00edtani a versenyek k\u00f6vetkezetess\u00e9g\u00e9n \u00e9s magabiztoss\u00e1g\u00e1n.<\/p>\n<p>A mai piacon a V3-at a k\u00f6z\u00e9pkateg\u00f3ria fels\u0151 hat\u00e1r\u00e1n, vagy ak\u00e1r a pr\u00e9mium szegmens bel\u00e9p\u0151 szintj\u00e9n helyezn\u00e9m el. Nem ez a v\u00e9gs\u0151 leng\u0151kar a purist\u00e1k sz\u00e1m\u00e1ra, akik teljes hidraulik\u00e1t akarnak abszol\u00fat realizmussal, de ez egy nagyon szil\u00e1rd, nagy teljes\u00edtm\u00e9ny\u0171 alap, amely megfelel az ig\u00e9nyes szimul\u00e1torosok t\u00f6bbs\u00e9g\u00e9nek. Nagy el\u0151nye, hogy el\u00e9g er\u0151s ahhoz, hogy t\u00e1mogassa a felszerel\u00e9s t\u00f6bbi r\u00e9sz\u00e9nek fokozatos feljebb l\u00e9p\u00e9s\u00e9t.<\/p>\n<p>Mindenekel\u0151tt azoknak aj\u00e1nlom, akik rendszeresen motoroznak, bajnoks\u00e1gokban vesznek r\u00e9szt, vagy a f\u00e9kez\u00e9s stabiliz\u00e1l\u00e1s\u00e1val szeretn\u00e9nek k\u00f6r\u00f6nk\u00e9nt n\u00e9h\u00e1ny tizedet nyerni. Egy laz\u00e1bb, kikapcsol\u00f3d\u00e1sra v\u00e1gy\u00f3 be\u00e1ll\u00edt\u00e1shoz tal\u00e1n egy kicsit t\u00falm\u00e9retezett, k\u00fcl\u00f6n\u00f6sen, ha a t\u00f6bbi felszerel\u00e9s alapfelszerelts\u00e9g.<\/p>\n<p>Ha a k\u00f6vetkez\u0151 szintre szeretn\u00e9 emelni a f\u00e9kez\u00e9st, \u00e9s jav\u00edtani szeretn\u00e9 a k\u00f6vetkezetess\u00e9get \u00e9s az ir\u00e1ny\u00edthat\u00f3s\u00e1got an\u00e9lk\u00fcl, hogy ultra egzotikus felszerel\u00e9seket v\u00e1s\u00e1rolna, akkor ez a term\u00e9k mindent megv\u00e1ltoztathat a be\u00e1ll\u00edt\u00e1saihoz.<\/p>","protected":false},"excerpt":{"rendered":"<p>Ez a ped\u00e1lk\u00e9szlet azt az \u00e9rz\u00e9st keltette bennem, hogy egy struktur\u00e1ltabb vezet\u00e9si st\u00edlus fel\u00e9 haladok, k\u00fcl\u00f6n\u00f6sen f\u00e9kez\u00e9skor, sokkal k\u00f6vetkezetesebb referenciapontokkal \u00e9s kisz\u00e1m\u00edthat\u00f3bb aut\u00f3val. Van \u00e9rtelme a motiv\u00e1lt szimul\u00e1torosoknak, akik m\u00e1r rendelkeznek egy kis felszerel\u00e9ssel, \u00e9s szeretn\u00e9nek fejl\u0151dni an\u00e9lk\u00fcl, hogy a piac nagyon magas szintj\u00e9re menn\u00e9nek. A befektet\u00e9s a pontoss\u00e1g \u00e9s a haszn\u00e1lat id\u0151tartama szempontj\u00e1b\u00f3l koherens marad.<\/p>","protected":false},"featured_media":100554,"comment_status":"open","ping_status":"closed","template":"","meta":{"_acf_changed":false,"_et_pb_use_builder":"","_et_pb_old_content":"","_et_gb_content_width":""},"product_brand":[158],"product_cat":[162],"product_tag":[149,159,160],"class_list":{"0":"post-100553","1":"product","2":"type-product","3":"status-publish","4":"has-post-thumbnail","6":"product_brand-fanatec","7":"product_cat-pedalier","8":"product_tag-pc","9":"product_tag-playstation","10":"product_tag-xbox","12":"first","13":"instock","14":"shipping-taxable","15":"product-type-external"},"acf":[],"_links":{"self":[{"href":"https:\/\/simracergear.com\/hu\/wp-json\/wp\/v2\/product\/100553","targetHints":{"allow":["GET"]}}],"collection":[{"href":"https:\/\/simracergear.com\/hu\/wp-json\/wp\/v2\/product"}],"about":[{"href":"https:\/\/simracergear.com\/hu\/wp-json\/wp\/v2\/types\/product"}],"replies":[{"embeddable":true,"href":"https:\/\/simracergear.com\/hu\/wp-json\/wp\/v2\/comments?post=100553"}],"wp:featuredmedia":[{"embeddable":true,"href":"https:\/\/simracergear.com\/hu\/wp-json\/wp\/v2\/media\/100554"}],"wp:attachment":[{"href":"https:\/\/simracergear.com\/hu\/wp-json\/wp\/v2\/media?parent=100553"}],"wp:term":[{"taxonomy":"product_brand","embeddable":true,"href":"https:\/\/simracergear.com\/hu\/wp-json\/wp\/v2\/product_brand?post=100553"},{"taxonomy":"product_cat","embeddable":true,"href":"https:\/\/simracergear.com\/hu\/wp-json\/wp\/v2\/product_cat?post=100553"},{"taxonomy":"product_tag","embeddable":true,"href":"https:\/\/simracergear.com\/hu\/wp-json\/wp\/v2\/product_tag?post=100553"}],"curies":[{"name":"wp","href":"https:\/\/api.w.org\/{rel}","templated":true}]}}