{"id":100566,"date":"2025-05-15T07:46:00","date_gmt":"2025-05-15T07:46:00","guid":{"rendered":"https:\/\/simracergear.com\/products\/fanatec-clubsport-pedals-v3-inverted\/"},"modified":"2025-11-28T04:45:04","modified_gmt":"2025-11-28T04:45:04","slug":"fanatec-clubsport-pedals-v3-inverted","status":"publish","type":"product","link":"https:\/\/simracergear.com\/hu\/products\/fanatec-clubsport-pedals-v3-inverted\/","title":{"rendered":"Fanatec ClubSport V3 ford\u00edtott ped\u00e1lok"},"content":{"rendered":"<p>A szimul\u00e1toros versenyz\u00e9shez haszn\u00e1lt, cs\u00facskateg\u00f3ri\u00e1s ped\u00e1lok kateg\u00f3ri\u00e1j\u00e1ban a Fanatec ClubSport Pedals V3 Inverted k\u00fcl\u00f6nleges helyet foglal el. M\u00e9g mindig egy \"prosumer\" ped\u00e1llapr\u00f3l besz\u00e9l\u00fcnk (a bel\u00e9p\u0151 \u00e9s k\u00f6z\u00e9pkateg\u00f3ri\u00e1s kateg\u00f3ri\u00e1k felett, a teljes profi megold\u00e1sok alatt), de egy igazi amb\u00edci\u00f3val: k\u00f6zelebb ker\u00fclni egy versenyaut\u00f3 kinematik\u00e1j\u00e1hoz, k\u00fcl\u00f6n\u00f6sen a f\u00e9k \u00e9s a kuplung eset\u00e9ben. Ez a ford\u00edtott modell az\u00e9rt vonz\u00f3, mert term\u00e9szetesebb \u00e9rz\u00e9st \u00edg\u00e9r, k\u00f6zelebb \u00e1ll egy val\u00f3di pil\u00f3taf\u00fclk\u00e9hez, mik\u00f6zben kompatibilis marad a Fanatec sz\u00e9les \u00f6kosziszt\u00e9m\u00e1j\u00e1val.<\/p>\n<p>\u00c9n a magam r\u00e9sz\u00e9r\u0151l nagyon konkr\u00e9tan k\u00f6zel\u00edtem meg a dolgot: f\u00e9kez\u00e9si \u00e9rz\u00e9s, progressz\u00edv g\u00e1zreakci\u00f3, k\u00e9nyelem hossz\u00fa \u00fcl\u00e9seken kereszt\u00fcl, \u00e9s az a k\u00e9pess\u00e9g, hogy k\u00f6rr\u0151l k\u00f6rre ugyanazokat a f\u00e9kez\u00e9si pontokat ism\u00e9teljem meg. Ezen az \u00e1rszinten joggal v\u00e1rhatunk egy\u00e9rtelm\u0171 el\u0151rel\u00e9p\u00e9st egy bel\u00e9p\u0151 szint\u0171 vagy k\u00f6z\u00e9pkateg\u00f3ri\u00e1s, potm\u00e9teres hajt\u00f3karhoz k\u00e9pest. Itt a l\u00e9nyeg a f\u00e9ken l\u00e9v\u0151 terhel\u00e9sm\u00e9r\u0151 cella \u00e9s a ford\u00edtott mechanika, amely intuit\u00edvabb vez\u00e9rl\u00e9st hivatott biztos\u00edtani.<\/p>\n<p>Ez a leng\u0151kar olyan versenyz\u0151knek k\u00e9sz\u00fclt, akik val\u00f3di el\u0151rel\u00e9p\u00e9st szeretn\u00e9nek tenni an\u00e9lk\u00fcl, hogy ultra-nagy teljes\u00edtm\u00e9ny\u0171 hidraulikus leng\u0151karokhoz folyamodn\u00e1nak. Az \u00f6tlet egyszer\u0171: \u00e9rezd a l\u00e1bad alatt azt, amit a k\u00e9perny\u0151n l\u00e1tsz. Lenyomod, a kocsi reag\u00e1l, \u00e9s nincs t\u00f6bb k\u00e9rd\u00e9s a fejedben.<\/p>\n<h2>Tervez\u00e9s \u00e9s gy\u00e1rt\u00e1s<\/h2>\n<p>A Fanatec ClubSport V3 Inverted azonnal komolys\u00e1got sugall. F\u00e9mv\u00e1z\u00e1val, ford\u00edtott ped\u00e1lkarjaival \u00e9s massz\u00edv alaplemez\u00e9vel \u00fagy n\u00e9z ki, mint egy olyan egys\u00e9g, amelyet \u00fagy terveztek, hogy \u00e9vekig tart\u00f3 kem\u00e9ny f\u00e9kez\u00e9snek is ellen\u00e1lljon. A f\u00e9m minden\u00fctt jelen van, meglehet\u0151sen tiszta kivitelben, nincsenek \u00e9les sz\u00e9lek vagy t\u00f6r\u00e9kenynek t\u0171n\u0151 alkatr\u00e9szek. A merev pil\u00f3taf\u00fclk\u00e9re szerelve soha nem mozdul el. Nincs \u00e9rz\u00e9kelhet\u0151 hajl\u00edt\u00e1s haszn\u00e1lat k\u00f6zben, ami egy teherb\u00edr\u00e1s\u00fa forgatty\u00faszett eset\u00e9ben elengedhetetlen.<\/p>\n<p>Ami azonnal meglep\u0151, az a f\u00e9k \u00e9s a kuplung ford\u00edtott kinematik\u00e1ja. Vizu\u00e1lisan ez k\u00f6zelebb \u00e1ll egy versenyaut\u00f3 ped\u00e1ldoboz\u00e1hoz. Haszn\u00e1lat k\u00f6zben val\u00f3ban \u00e9rezni, hogy a l\u00e1bfej \u00e9s a boka sz\u00f6ge m\u00e1s, mint egy hagyom\u00e1nyos \"padl\u00f3ra \u00e1ll\u00edtott\" hajt\u00f3kar eset\u00e9ben. Hossz\u00fa \u00fcl\u00e9sek sor\u00e1n ez a poz\u00edci\u00f3 egyesek sz\u00e1m\u00e1ra term\u00e9szetesebb, m\u00e1sok sz\u00e1m\u00e1ra kev\u00e9sb\u00e9, a pil\u00f3taf\u00fclk\u00e9t\u0151l \u00e9s az \u00e1ltal\u00e1nos testtart\u00e1st\u00f3l f\u00fcgg\u0151en. De az \"igazi aut\u00f3\" benyom\u00e1sa egy\u00e9rtelm\u0171en javul.<\/p>\n<p>Maguk a ped\u00e1lok szil\u00e1rds\u00e1got sug\u00e1roznak. A l\u00e1nckerekek \u00e1ll\u00edthat\u00f3ak \u00e9s szil\u00e1rdan csavarozottak, az alkatr\u00e9szek s\u0171r\u0171s\u00e9ge pedig bizalomra ad okot. Nincs a m\u0171anyagb\u00f3l vagy k\u00f6nny\u0171f\u00e9mb\u0151l k\u00e9sz\u00fclt bel\u00e9p\u0151 szint\u0171 hajt\u00f3karok \"j\u00e1t\u00e9k\" hat\u00e1sa. A kivitelez\u00e9s sem ultra-luxus: ink\u00e1bb funkcion\u00e1lis ipari megjelen\u00e9s\u0171, mint mutat\u00f3s. Van n\u00e9h\u00e1ny l\u00e1that\u00f3 k\u00e1bel, \u00e9s n\u00e9h\u00e1ny forg\u00e1spont kiss\u00e9 \u00e9rdes a sz\u00e9leken, de haszn\u00e1lat k\u00f6zben nem kell agg\u00f3dni.<\/p>\n<p>Az azonos szegmensben l\u00e9v\u0151 m\u00e1s terhel\u00e9scell\u00e1s hajt\u00f3karokhoz k\u00e9pest a V3 Inverted j\u00f3l helyezkedik el. Komolyabbnak t\u0171nik, mint az egyszer\u0171bb, potenciom\u00e9teres modellek, de m\u00e9g mindig kev\u00e9sb\u00e9 extr\u00e9m, mint egy teljes f\u00e9m hidraulikus hajt\u00f3kar a \"profi\" kateg\u00f3ri\u00e1ban. Ez egy nagyon j\u00f3 kompromisszum a robusztuss\u00e1g \u00e9s a t\u00f6m\u00f6rs\u00e9g k\u00f6z\u00f6tt egy mer\u00fcl\u00e9s-orient\u00e1lt be\u00e1ll\u00edt\u00e1shoz.<\/p>\n<h2>Be\u00e1ll\u00edt\u00e1sok, testreszab\u00e1s \u00e9s kompatibilit\u00e1s<\/h2>\n<p>A fizikai be\u00e1ll\u00edt\u00e1sok tekintet\u00e9ben a Fanatec sz\u00e1mos lehet\u0151s\u00e9get biztos\u00edtott. \u00c1ll\u00edthat\u00f3 l\u00e1ncker\u00e9k poz\u00edci\u00f3, \u00e1ll\u00edthat\u00f3 ped\u00e1l\u00fat, \u00e1ll\u00edthat\u00f3 f\u00e9kkem\u00e9nys\u00e9g rug\u00f3kkal \u00e9s elasztomerekkel: rengeteg lehet\u0151s\u00e9g van arra, hogy a hajt\u00f3karokat a st\u00edlusodhoz igaz\u00edtsd. Ahol igaz\u00e1n \u00e9reztem a k\u00fcl\u00f6nbs\u00e9get, az a f\u00e9k progresszi\u00f3ja volt: a f\u00e9kez\u00e9st viszonylag l\u00e1gyra lehet \u00e1ll\u00edtani az elej\u00e9n, majd nagyon kem\u00e9nyre a l\u00f6ket v\u00e9g\u00e9n, ami seg\u00edt a t\u00e1mad\u00e1s ir\u00e1ny\u00edt\u00e1s\u00e1ban \u00e9s a nyom\u00e1s blokkol\u00e1s\u00e1ban a virtu\u00e1lis ABS el\u0151tt. Nem vagyunk m\u00e9g eg\u00e9szen egy purista szimul\u00e1toros full custom leng\u0151karos fut\u00f3m\u0171 szintj\u00e9n, de a be\u00e1ll\u00edt\u00e1si tartom\u00e1ny m\u00e1r nagyon j\u00f3l haszn\u00e1lhat\u00f3.<\/p>\n<p>A szoftveres oldalon a ped\u00e1lfal a Fanatec \u00f6kosziszt\u00e9m\u00e1ba van integr\u00e1lva. A PC-n a finomhangol\u00e1s a m\u00e1rka szoftver\u00e9n kereszt\u00fcl \u00e9rhet\u0151 el: kalibr\u00e1l\u00e1s, holtterek, linearit\u00e1s, integr\u00e1lt rezg\u00e9s stb. A tanul\u00e1si g\u00f6rbe \u00e9sszer\u0171. A tanul\u00e1si g\u00f6rbe \u00e9sszer\u0171: kell egy kis id\u0151, hogy meg\u00e9rts\u00fck, hogyan hatnak az egyes param\u00e9terek a j\u00e1t\u00e9kbeli viselked\u00e9sre, de nem vesz\u00fcnk el a hom\u00e1lyos men\u00fckben. N\u00e9h\u00e1ny pr\u00f3b\u00e1lkoz\u00e1s, n\u00e9h\u00e1ny k\u00f6r a p\u00e1ly\u00e1n, \u00e9s hamar megtal\u00e1lod a szok\u00e1saidnak megfelel\u0151 konfigur\u00e1ci\u00f3t.<\/p>\n<p>Konzolon a logika kiss\u00e9 megv\u00e1ltozik. A pedalboardot \u00fagy tervezt\u00e9k, hogy kompatibilis Fanatec alaplappal haszn\u00e1lhat\u00f3 legyen, ami azt jelenti, hogy a legt\u00f6bb el\u0151nyt kihaszn\u00e1lhatja, m\u00e9g akkor is, ha a szoftveres rugalmass\u00e1g korl\u00e1tozottabb marad, mint egy PC-n. Mindenesetre a Fanatec \u00f6kosziszt\u00e9ma a jav\u00e1ra v\u00e1lik: Direct Drive vagy sz\u00edjhajt\u00e1s\u00fa l\u00e1ncszemek, k\u00fcl\u00f6nb\u00f6z\u0151 korm\u00e1nyok, v\u00e1lt\u00f3k, k\u00e9zif\u00e9k, minden el\u00e9g \u00fcgyesen csatlakoztathat\u00f3, k\u00fcl\u00f6n\u00f6sen egy fix cockpitben.<\/p>\n<p>Ami a fejleszthet\u0151s\u00e9get illeti, a V3 Inverted nem csup\u00e1n bel\u00e9p\u0151eszk\u00f6z. Ez egy olyan pedalboard, amely egy\u00e9rtelm\u0171en t\u00f6bb \u00e9vig elk\u00eds\u00e9rhet egy szimul\u00e1torost, m\u00e9g akkor is, ha er\u0151sebb alapokra vagy merevebb cockpitekre friss\u00edt. Opci\u00f3kkal (rug\u00f3k, tuning kit, modok) is fejleszthet\u0151, \u00edgy ez egy hossz\u00fat\u00e1v\u00fa alap, nem pedig egy eldobhat\u00f3 v\u00e1s\u00e1rl\u00e1s.<\/p>\n<h2>\u00c9rzelmek a t\u00e9t<\/h2>\n<p>A virtu\u00e1lis p\u00e1ly\u00e1n a f\u00e9k a ClubSport V3 Inverted szt\u00e1rja. A terhel\u00e9sm\u00e9r\u0151 cella lehet\u0151v\u00e9 teszi, hogy a fut\u00e1s helyett nyom\u00e1s alatt dolgozzon, \u00e9s ez val\u00f3ban megv\u00e1ltoztatja a vezet\u00e9s m\u00f3dj\u00e1t. Leteszed a l\u00e1bad, alkalmazol egy bizonyos m\u00e9rt\u00e9k\u0171 er\u0151t, \u00e9s az aut\u00f3 nagyon kisz\u00e1m\u00edthat\u00f3an reag\u00e1l. A f\u00e9kez\u00e9si pontok be\u00e1ll\u00edt\u00e1s\u00e1n\u00e1l ez nagy el\u0151rel\u00e9p\u00e9s a l\u00e1gy vagy szivacsos potenciom\u00e9terrel ell\u00e1tott f\u00e9kekhez k\u00e9pest. Azonnal meg\u00e9rti, hogy mit csin\u00e1l az aut\u00f3.<\/p>\n<p>Er\u0151s f\u00e9kez\u00e9skor a hajt\u00f3kar t\u00f6k\u00e9letesen stabil marad. Magabiztosan helyezheti a l\u00e1b\u00e1t, a fut\u00f3m\u0171 nem remeg, \u00e9s a f\u00e9kez\u00e9s v\u00e9g\u00e9n a modul\u00e1ci\u00f3 sokkal finomabb\u00e1 v\u00e1lik. A kerekek blokkol\u00e1sa (vagy az ABS m\u0171k\u00f6d\u00e9sbe l\u00e9p\u00e9se) k\u00f6nnyebben leolvashat\u00f3 a j\u00e1t\u00e9k vizu\u00e1lis \u00e9s hallhat\u00f3 visszajelz\u00e9seib\u0151l, mert a talp alatti munka alapja egyenletes. Gyorsan kialakul egy nagyon megb\u00edzhat\u00f3 \"izommem\u00f3ria\". Fordulatr\u00f3l fordulatra a gesztus megism\u00e9telhet\u0151s\u00e9ge az igazi er\u0151ss\u00e9ge.<\/p>\n<p>A kanyarban ez a precizit\u00e1s k\u00f6zvetlen\u00fcl l\u00e1tszik. Fokozatosan engedheted a nyom\u00e1st, a h\u00e1ts\u00f3 f\u00e9kez\u00e9st enyh\u00e9n tartva stabiliz\u00e1lhatod a h\u00e1ts\u00f3 r\u00e9szt, \u00e9s n\u00e9h\u00e1ny sz\u00e1zal\u00e9kos pontoss\u00e1ggal be\u00e1ll\u00edthatod. Ez az a pont, ahol ez a hajt\u00f3kar megv\u00e1ltoztatja az \u00e9lm\u00e9nyt egy egyszer\u0171bb konfigur\u00e1ci\u00f3hoz k\u00e9pest. Egy bel\u00e9p\u0151szint\u0171 vagy k\u00f6z\u00e9pkateg\u00f3ri\u00e1s leng\u0151karral n\u00e9ha a hat\u00e1rt keresed. Itt hamarabb \u00e9rzed azt. Jobban \u00e9rz\u00e9keled a tapad\u00e1s elveszt\u00e9s\u00e9t f\u00e9kez\u00e9skor, k\u00fcl\u00f6n\u00f6sen az ig\u00e9nyesebb szimul\u00e1ci\u00f3kban.<\/p>\n<p>A vibr\u00e1torokon a f\u00e9k\/g\u00e1z kombin\u00e1ci\u00f3 k\u00f6nnyen kezelhet\u0151. A ped\u00e1lokba \u00e9p\u00edtett rezg\u00e9sek (ha aktiv\u00e1lva \u00e9s helyesen van be\u00e1ll\u00edtva) egy kis plusz inform\u00e1ci\u00f3t adnak, m\u00e9g ha nem is ez v\u00e1ltoztatja meg legink\u00e1bb az \u00e9lm\u00e9nyt. Ami fontos, az a mechanikai stabilit\u00e1s \u00e9s a reakci\u00f3 k\u00f6vetkezetess\u00e9ge: nincs olyan \u00e9rz\u00e9s, hogy j\u00e1t\u00e9k keletkezik, nincs kalibr\u00e1ci\u00f3beli elt\u00e9r\u00e9s az \u00fcl\u00e9s el\u0151rehaladt\u00e1val.<\/p>\n<p>Hossz\u00fa munkamenetek sor\u00e1n az inverz poz\u00edci\u00f3 igaz\u00e1n j\u00f3l \u00e9rv\u00e9nyes\u00fcl. A l\u00e1bat m\u00e1s, \"leng\u0151sebb\" m\u00f3don tartjuk, ami bizonyos izmokat tehermentes\u00edthet, k\u00fcl\u00f6n\u00f6sen akkor, ha a pil\u00f3taf\u00fclke sz\u00f6ge \u00e9s t\u00e1vols\u00e1ga megfelel\u0151en van be\u00e1ll\u00edtva. A f\u00e1radts\u00e1g nagyban f\u00fcgg az \u00e1ltal\u00e1nos testtart\u00e1st\u00f3l, de maga a hajt\u00f3kar maga az els\u0151t\u0151l az utols\u00f3 k\u00f6rig k\u00f6vetkezetes marad. A l\u00f6ket nem v\u00e1ltozik, a kem\u00e9nys\u00e9g ugyanaz marad, \u00e9s a bizalom \u00e9p\u00fcl.<\/p>\n<p>Ami a g\u00e1zped\u00e1lt illeti, tiszta \u00e9s meglehet\u0151sen line\u00e1ris. Nem felt\u00e9tlen\u00fcl a legfejlettebb ped\u00e1l a piacon, de j\u00f3 a progresszivit\u00e1s \u00e9s a l\u00f6ket, amellyel a kanyarokb\u00f3l val\u00f3 visszagyors\u00edt\u00e1s szab\u00e1lyozhat\u00f3. A gyors korrekci\u00f3k, k\u00fcl\u00f6n\u00f6sen er\u0151s h\u00e1ts\u00f3ker\u00e9k-hajt\u00e1ssal vagy GT-vel, gondolkod\u00e1s n\u00e9lk\u00fcl kezelhet\u0151ek. J\u00e1tszol a tapos\u00e1ssal, nyomod, \u00e9s az aut\u00f3 logikusan reag\u00e1l. Nincsenek meglepet\u00e9sek, nincsenek kisz\u00e1m\u00edthatatlan \"holt\" z\u00f3n\u00e1k.<\/p>\n<p>Egy kev\u00e9sb\u00e9 fejlett leng\u0151karral \u00f6sszehasonl\u00edtva az ir\u00e1ny\u00edthat\u00f3s\u00e1g ter\u00e9n egy\u00e9rtelm\u0171 az el\u0151ny. A m\u00e9g extr\u00e9mebb megold\u00e1sokkal (hidraulik\u00e1val, fels\u0151 kateg\u00f3ri\u00e1s) \u00f6sszehasonl\u00edtva a V3 Inverted egy kicsit kev\u00e9sb\u00e9 lesz \"durva\" a tiszta mechanikai \u00e9rzetet tekintve, de m\u00e9g mindig t\u00f6bb mint el\u00e9g a szimul\u00e1torosok nagy t\u00f6bbs\u00e9g\u00e9nek, m\u00e9g a legig\u00e9nyesebbeknek is. A magabiztoss\u00e1g szintje, amit ad, k\u00fcl\u00f6n\u00f6sen f\u00e9kez\u00e9skor, azt jelenti, hogy kem\u00e9nyen, tiszt\u00e1n \u00e9s k\u00f6vetkezetesen motorozhatsz.<\/p>\n<h2>Kinek sz\u00f3l? Amit szeret\u00fcnk \/ Amit nem szeret\u00fcnk<\/h2>\n<p>A Fanatec ClubSport V3 Inverted-et egy olyan pedalboardnak l\u00e1tom, amely a szimul\u00e1toros versenyz\u0151ket c\u00e9lozza meg, akik m\u00e1r egy minim\u00e1lis befektet\u00e9st eszk\u00f6z\u00f6ltek. Nem az els\u0151 pedalboard annak, aki teljesen \u00faj a konzolos szim versenyz\u00e9sben, egyszer\u0171 korm\u00e1nyt\u00e1mogat\u00e1ssal. Ink\u00e1bb a k\u00f6z\u00e9phalad\u00f3 \u00e9s halad\u00f3 felhaszn\u00e1l\u00f3knak sz\u00f3l, akik m\u00e1r rendelkeznek merev pil\u00f3taf\u00fclk\u00e9vel, vagy k\u00e9szen \u00e1llnak annak megv\u00e1s\u00e1rl\u00e1s\u00e1ra, \u00e9s akik szeretn\u00e9nek egy igazi l\u00e9p\u00e9st tenni a realizmus fel\u00e9 an\u00e9lk\u00fcl, hogy azonnal egy teljes profi pedalboardra fejleszten\u00e9nek.<\/p>\n<p>Amit a legjobban \u00e9rt\u00e9kelek, az a f\u00e9kez\u00e9s k\u00f6vetkezetess\u00e9ge. Ha megnyomod, k\u00f6rr\u0151l k\u00f6rre ugyan\u00fagy reag\u00e1l. M\u00e1sodszor, az \u00e9rz\u00e9kelhet\u0151 szil\u00e1rds\u00e1g megnyugtat\u00f3: \u00fagy \u00e9rzed, hogy mindenf\u00e9le gondolkod\u00e1s n\u00e9lk\u00fcl kem\u00e9nyen r\u00e1 tudsz csapni. V\u00e9g\u00fcl pedig a ford\u00edtott helyzet egy\u00e9rtelm\u0171en hozz\u00e1j\u00e1rul az elm\u00e9ly\u00fcl\u00e9shez. Jobban \u00e9rzed magad egy igazi versenyaut\u00f3ban, mint egy padl\u00f3n l\u00e9v\u0151 j\u00e1t\u00e9kban. Ha minden megfelel\u0151en van be\u00e1ll\u00edtva, akkor ez megv\u00e1ltoztatja a pil\u00f3taf\u00fclke \u00e1ltal\u00e1nos \u00e9rzet\u00e9t.<\/p>\n<p>De vannak hat\u00e1rok. A telep\u00edt\u00e9s \u00e9s az integr\u00e1l\u00e1s komoly cockpitet ig\u00e9nyel: egy \u00f6sszecsukhat\u00f3 korm\u00e1ny\u00e1llv\u00e1nyon vagy egy \u00edr\u00f3asztalon elvesz\u00edti a ped\u00e1lfal \u00e9rdekess\u00e9g\u00e9t, vagy ak\u00e1r nemk\u00edv\u00e1natos rezg\u00e9seket is hozz\u00e1ad. Az optim\u00e1lis be\u00e1ll\u00edt\u00e1s n\u00e9mi id\u0151t \u00e9s k\u00edv\u00e1ncsis\u00e1got ig\u00e9nyel, k\u00fcl\u00f6n\u00f6sen ahhoz, hogy a lehet\u0151 legt\u00f6bbet hozza ki a terhel\u00e9sm\u00e9r\u0151 cell\u00e1b\u00f3l \u00e9s a kem\u00e9nys\u00e9gi lehet\u0151s\u00e9gekb\u0151l. V\u00e9g\u00fcl, ez m\u00e9g mindig egy jelent\u0151s beruh\u00e1z\u00e1s, k\u00fcl\u00f6n\u00f6sen, ha ezzel egyidej\u0171leg meg kell er\u0151s\u00edteni a v\u00e1zat, vagy egy teljes Fanatec \u00f6kosziszt\u00e9m\u00e1ra kell friss\u00edteni.<\/p>\n<p>Az \u00e9rz\u00e9kelt \u00e9rt\u00e9ket tekintve m\u00e9g mindig koherens: \u00d6n egy val\u00f3di feljebb l\u00e9p\u00e9s\u00e9rt fizet, nem csak egy \u00e1talak\u00edt\u00e1s\u00e9rt. A k\u00fcl\u00f6nbs\u00e9g a f\u00e9kvez\u00e9rl\u00e9sben val\u00f3di. Nem csak a k\u00e9nyelem, hanem a potenci\u00e1lis teljes\u00edtm\u00e9ny is n\u0151. Egy szimul\u00e1toros sz\u00e1m\u00e1ra, aki sok \u00f3r\u00e1t t\u00f6lt a virtu\u00e1lis p\u00e1ly\u00e1n, a k\u00e9rd\u00e9s nem annyira a \"mennyibe ker\u00fcl\", mint ink\u00e1bb a \"meddig fogom haszn\u00e1lni\" k\u00e9rd\u00e9ss\u00e9 v\u00e1lik. \u00c9s itt a v\u00e1lasz egy\u00e9rtelm\u0171en mellette sz\u00f3l.<\/p>\n<h2>\u00cdt\u00e9let<\/h2>\n<p>A Fanatec ClubSport V3 Inverted ped\u00e1lok valami nagyon k\u00e9zzelfoghat\u00f3t hoznak egy be\u00e1ll\u00edt\u00e1sba: komoly, stabil \u00e9s megism\u00e9telhet\u0151 f\u00e9kez\u00e9st, olyan mechanik\u00e1val, amely nagyon k\u00f6zel \u00e1ll egy igazi versenyaut\u00f3 \u00e9rz\u00e9s\u00e9hez. Ez nem csak egy kozmetikai friss\u00edt\u00e9s, hanem egy val\u00f3di kar, amely jav\u00edtja a konzisztenci\u00e1t \u00e9s a magabiztoss\u00e1got, k\u00fcl\u00f6n\u00f6sen, ha ig\u00e9nyes szimul\u00e1torokban vezetsz, \u00e9s finomhangolni szeretn\u00e9d a f\u00e9kez\u00e9si pontokat.<\/p>\n<p>A piacon \"el\u00e9rhet\u0151\" pr\u00e9mium megold\u00e1sk\u00e9nt van elhelyezve: a kompakt \u00e9s klasszikus teherb\u00edr\u00e1s\u00fa teherb\u00edr\u00e1s\u00fa hajt\u00f3karok felett, az ultra-nagy teljes\u00edtm\u00e9ny\u0171 hidraulikus sz\u00f6rnyek alatt. Poz\u00edcion\u00e1l\u00e1sa egy\u00e9rtelm\u0171: annak, aki egy hat\u00e1rozott vagy kv\u00e1zi hat\u00e1rozott leng\u0151karra v\u00e1gyik an\u00e9lk\u00fcl, hogy t\u00falz\u00e1sba vinn\u00e9, ez egy nagyon j\u00f3 v\u00e1laszt\u00e1s.<\/p>\n<p>Azoknak aj\u00e1nlan\u00e1m, akik m\u00e1r rendelkeznek egy minim\u00e1lis be\u00e1ll\u00edt\u00e1ssal (merev cockpit, rendszeres lovagl\u00e1si \u00f3r\u00e1k), \u00e9s akik \u00fagy \u00e9rzik, hogy a jelenlegi hajt\u00f3karjuk korl\u00e1tozza \u0151ket a f\u00e9kez\u00e9sben. Ha olcs\u00f3 els\u0151 leng\u0151karos szettet keresel alkalmi sz\u00f3rakoz\u00e1sra, akkor ez nem a megfelel\u0151 c\u00e9lpont. Ha a f\u00e9kez\u00e9st szeretn\u00e9 r\u00f6gz\u00edteni, nagyobb mer\u00edt\u00e9st szeretne el\u00e9rni, \u00e9s egy olyan setupot szeretne \u00e9p\u00edteni, amely j\u00f3l n\u00e9z ki \u00e9s reag\u00e1l, akkor ez a term\u00e9k egy\u00e9rtelm\u0171en megv\u00e1ltoztathatja a setupj\u00e1t.<\/p>","protected":false},"excerpt":{"rendered":"<p>Ami igaz\u00e1n leny\u0171g\u00f6z\u00f6tt ebben a hajt\u00f3karban, az a bizalom, amit f\u00e9kez\u00e9skor ad: minden kisz\u00e1m\u00edthat\u00f3bb\u00e1, megism\u00e9telhet\u0151bb\u00e9 v\u00e1lik, \u00e9s v\u00e9gre a vezet\u00e9sre koncentr\u00e1lhatsz, nem pedig a ped\u00e1lra. Van \u00e9rtelme a m\u00e1r merev cockpittal felszerelt szimul\u00e1torosoknak, akik gyakran tekernek, \u00e9s \u00fagy \u00e9rzik, hogy a jelenlegi hajt\u00f3karjuk h\u00e1tr\u00e1ltatja \u0151ket. \u00d6sszess\u00e9g\u00e9ben \u00fagy gondolom, hogy a befektet\u00e9s, a realizmus \u00e9s a hossz\u00fa \u00e9lettartam k\u00f6z\u00f6tti egyens\u00faly j\u00f3.<\/p>","protected":false},"featured_media":100567,"comment_status":"open","ping_status":"closed","template":"","meta":{"_acf_changed":false,"_et_pb_use_builder":"","_et_pb_old_content":"","_et_gb_content_width":""},"product_brand":[158],"product_cat":[162],"product_tag":[149,159,160],"class_list":{"0":"post-100566","1":"product","2":"type-product","3":"status-publish","4":"has-post-thumbnail","6":"product_brand-fanatec","7":"product_cat-pedalier","8":"product_tag-pc","9":"product_tag-playstation","10":"product_tag-xbox","12":"first","13":"instock","14":"shipping-taxable","15":"product-type-external"},"acf":[],"_links":{"self":[{"href":"https:\/\/simracergear.com\/hu\/wp-json\/wp\/v2\/product\/100566","targetHints":{"allow":["GET"]}}],"collection":[{"href":"https:\/\/simracergear.com\/hu\/wp-json\/wp\/v2\/product"}],"about":[{"href":"https:\/\/simracergear.com\/hu\/wp-json\/wp\/v2\/types\/product"}],"replies":[{"embeddable":true,"href":"https:\/\/simracergear.com\/hu\/wp-json\/wp\/v2\/comments?post=100566"}],"wp:featuredmedia":[{"embeddable":true,"href":"https:\/\/simracergear.com\/hu\/wp-json\/wp\/v2\/media\/100567"}],"wp:attachment":[{"href":"https:\/\/simracergear.com\/hu\/wp-json\/wp\/v2\/media?parent=100566"}],"wp:term":[{"taxonomy":"product_brand","embeddable":true,"href":"https:\/\/simracergear.com\/hu\/wp-json\/wp\/v2\/product_brand?post=100566"},{"taxonomy":"product_cat","embeddable":true,"href":"https:\/\/simracergear.com\/hu\/wp-json\/wp\/v2\/product_cat?post=100566"},{"taxonomy":"product_tag","embeddable":true,"href":"https:\/\/simracergear.com\/hu\/wp-json\/wp\/v2\/product_tag?post=100566"}],"curies":[{"name":"wp","href":"https:\/\/api.w.org\/{rel}","templated":true}]}}