{"id":100582,"date":"2025-05-15T07:47:00","date_gmt":"2025-05-15T07:47:00","guid":{"rendered":"https:\/\/simracergear.com\/products\/fanatec-clubsport-racing-wheel-f1\/"},"modified":"2025-11-28T04:45:06","modified_gmt":"2025-11-28T04:45:06","slug":"fanatec-clubsport-racing-wheel-f1","status":"publish","type":"product","link":"https:\/\/simracergear.com\/hu\/products\/fanatec-clubsport-racing-wheel-f1\/","title":{"rendered":"Fanatec ClubSport F1 versenyz\u0151i ker\u00e9k"},"content":{"rendered":"<p>A szimul\u00e1toros versenyz\u00e9s vil\u00e1g\u00e1ban a Fanatec ClubSport Racing Wheel F1\u00ae egy\u00e9rtelm\u0171en \"komoly\" csomagk\u00e9nt van poz\u00edcion\u00e1lva azok sz\u00e1m\u00e1ra, akik val\u00f3di min\u0151s\u00e9gi el\u0151rel\u00e9p\u00e9sre v\u00e1gynak an\u00e9lk\u00fcl, hogy a csak PC-n el\u00e9rhet\u0151 extr\u00e9m high-end kateg\u00f3ri\u00e1ba esn\u00e9nek. A Direct Drive ClubSport alapjaira \u00e9p\u00fcl, \u00e9s egy licencelt F1 st\u00edlus\u00fa korm\u00e1nyker\u00e9kkel \u00e9rkezik, amelyet azoknak terveztek, akik gyakran \u00e9s hossz\u00fa ideig vezetnek, \u00e9s akik k\u00f6zelebb szeretn\u00e9nek ker\u00fclni a modern egy\u00fcl\u00e9ses \u00e9lm\u00e9nyhez. Pap\u00edron szil\u00e1rd nyomat\u00e9kot, finom er\u0151visszacsatol\u00e1st, sz\u00e9les k\u00f6r\u0171 kompatibilit\u00e1st \u00e9s egy teljes \u00f6kosziszt\u00e9m\u00e1t \u00edg\u00e9r. Az \u00e9n szemsz\u00f6gem egyszer\u0171: mennyire v\u00e1ltoztatja meg ez a csomag val\u00f3ban az \u00e9rz\u00e9st egy sz\u00edjhajt\u00e1s\u00fa alaphoz k\u00e9pest, \u00e9s a precizit\u00e1s \u00e9s a sokoldal\u00fas\u00e1g k\u00f6veti-e az \"F1\" marketinget? Van-e olyan be\u00e1ll\u00edt\u00e1sunk, amelyet t\u00f6bb \u00e9vig fogunk megtartani, vagy csak egy rajong\u00f3 szesz\u00e9lye?<\/p>\n<h2>Tervez\u00e9s \u00e9s gy\u00e1rt\u00e1s<\/h2>\n<p>A ClubSport Racing Wheel F1\u00ae vizu\u00e1lisan leny\u0171g\u00f6z\u0151. A Direct Drive alapja kompakt, de s\u0171r\u0171, megmunk\u00e1lt alum\u00ednium blokkja \u00e9s komoly forgatty\u00fah\u00e1za bizalomgerjeszt\u0151. Az elej\u00e9n nincs \u00fcreges m\u0171anyag, \u00e9s minden massz\u00edvnak \u00e9s merevnek t\u0171nik. K\u00e9zben tartva azonnal \u00e9rzed, hogy ez nem egy \"j\u00e1t\u00e9k\", hanem val\u00f3di szimul\u00e1ci\u00f3s berendez\u00e9s. Az F1 korm\u00e1ny ugyanezt a filoz\u00f3fi\u00e1t k\u00f6veti: f\u00e9mszerkezet, Alcantara vagy b\u0151r markolat a verzi\u00f3t\u00f3l f\u00fcgg\u0151en, f\u00e9m lap\u00e1t, sz\u00e1mos j\u00f3l elhelyezett gomb \u00e9s k\u00f3dol\u00f3. T\u00e9nyleg \u00fagy \u00e9rzi, hogy ez egy eszk\u00f6z, nem pedig egy szerkenty\u0171.<\/p>\n<p>Ami azonnal felt\u0171nt, az az eg\u00e9sz csomag merevs\u00e9ge volt. A korm\u00e1nyker\u00e9k alapja \u00e9s a korm\u00e1nyker\u00e9k k\u00f6z\u00f6tt nincs \u00e9rz\u00e9kelhet\u0151 hajl\u00edt\u00e1s, m\u00e9g akkor sem, ha er\u0151sen nyomja a peremet. A korm\u00e1nylapok tiszta, meglehet\u0151sen sz\u00e1raz kattan\u00e1ssal rendelkeznek, ami prec\u00edz mechanika benyom\u00e1s\u00e1t kelti. A gombok szil\u00e1rdak, tiszta visszajelz\u00e9ssel \u00e9s j\u00e1t\u00e9k n\u00e9lk\u00fcl. Nem kell agg\u00f3dnod, hogy megs\u00e9r\u00fclnek, ha \u00e9pp egy verseny k\u00f6zep\u00e9n vagy. Ez tipikusan az a fajta r\u00e9szlet, ami id\u0151vel bizalmat ad.<\/p>\n<p>Van azonban n\u00e9h\u00e1ny h\u00e1tr\u00e1nya. Az F1 korm\u00e1nyker\u00e9k viszonylag kompakt marad, ami t\u00f6k\u00e9letesen illik az egyter\u0171ekhez, de egy kicsit \"sz\u0171k\u00f6snek\" \u00e9rezhetik azok, akik a nagy, kerek GT korm\u00e1nyr\u00f3l \u00e9rkeztek. A felni s\u00falya, a talp s\u0171r\u0171s\u00e9g\u00e9vel kombin\u00e1lva, szint\u00e9n nagyon merev cockpitet k\u00f6vetel meg: egy k\u00f6nny\u0171 \u00e1llv\u00e1nyon vagy asztalon elvesz\u00edtj\u00fck a Direct Drive \u00e9rdekess\u00e9g\u00e9t. Az olyan bel\u00e9p\u0151szint\u0171 rendszerekhez k\u00e9pest, mint a CSL DD vagy a sz\u00edjhajt\u00e1s\u00fa rendszerek, az \u00e1ltal\u00e1nos szil\u00e1rds\u00e1g\u00e9rzet egy\u00e9rtelm\u0171en jobb, ami extra \"f\u00e9lprofi\" el\u0151nyt biztos\u00edt. A pr\u00e9miumabb h\u00e1zon bel\u00fcli alapokkal vagy er\u0151sebb riv\u00e1lisokkal \u00f6sszehasonl\u00edtva azonban \u00e9rezhet\u0151, hogy a Fanatec egyens\u00falyra t\u00f6rekedett: er\u0151s, tiszta, de an\u00e9lk\u00fcl, hogy vizu\u00e1lisan vagy az ultraluxus kivitelez\u00e9s tekintet\u00e9ben t\u00falz\u00e1sba esne.<\/p>\n<h2>Be\u00e1ll\u00edt\u00e1sok \u00e9s testreszab\u00e1s + kompatibilit\u00e1s<\/h2>\n<p>A Fanatec egyik er\u0151ss\u00e9ge a talpba \u00e9s a korm\u00e1nyker\u00e9kbe integr\u00e1lt be\u00e1ll\u00edt\u00e1skezel\u00e9s. Ez al\u00f3l a ClubSport Racing Wheel F1\u00ae sem kiv\u00e9tel. A szok\u00e1sos men\u00fck a k\u00e9perny\u0151n \u00e9s a korm\u00e1ny gombjain kereszt\u00fcl \u00e9rhet\u0151k el: \u00f6sszer\u0151, sz\u0171r\u0151, csillap\u00edt\u00f3, interpol\u00e1ci\u00f3, linearit\u00e1s, forg\u00e1s, rezg\u00e9s\u00e9rz\u00e9kenys\u00e9g stb. A Fanatec nagy j\u00e1t\u00e9kokra vonatkoz\u00f3 el\u0151re be\u00e1ll\u00edtott be\u00e1ll\u00edt\u00e1sai seg\u00edtenek a gyors kezd\u00e9sben, majd a saj\u00e1t st\u00edlusodhoz igaz\u00edthatod. \u0150szint\u00e9n sz\u00f3lva, nagyon j\u00f3l lehet vezetni n\u00e9h\u00e1ny finomhangol\u00e1ssal: er\u0151, forg\u00e1s, f\u00e9nysz\u0171r\u0151. A t\u00f6bbi hasznos lesz, f\u0151leg, amikor elkezded igaz\u00e1n finom\u00edtani az \u00e9rz\u00e9st aut\u00f3r\u00f3l aut\u00f3ra.<\/p>\n<p>A tanul\u00e1si g\u00f6rbe nem meredek, de ez nem plug &amp; play, mint egy alap konzolos korm\u00e1nyker\u00e9k. Fel kell k\u00e9sz\u00fclni arra, hogy egy kis id\u0151t kell vele t\u00f6ltened, k\u00fcl\u00f6n\u00f6sen, ha egy puh\u00e1bb \u00f6v\u0171 alapr\u00f3l \u00e9rkezt\u00e9l. Ha azonban meg\u00e9rted, hogyan hat egym\u00e1sra a sz\u0171r\u0151, a csillap\u00edt\u00f3 \u00e9s a nyers er\u0151, nagyon meggy\u0151z\u0151 egyens\u00falyt tal\u00e1lsz a r\u00e9szletess\u00e9g \u00e9s a k\u00e9nyelem k\u00f6z\u00f6tt. A j\u00f3 h\u00edr, hogy mindezt a pil\u00f3taf\u00fclke elhagy\u00e1sa n\u00e9lk\u00fcl, a korm\u00e1nyker\u00e9ken kereszt\u00fcl teheti meg, ami val\u00f3ban megk\u00f6nny\u00edti az \u00e9letet a be\u00e1ll\u00edt\u00e1sok tesztel\u00e9sekor.<\/p>\n<p>Ami a kompatibilit\u00e1st illeti, a Fanatec logik\u00e1j\u00e1hoz ragaszkodunk: a PC-kompatibilit\u00e1s gond n\u00e9lk\u00fcl, a konzolkompatibilit\u00e1s pedig az alap \u00e9s\/vagy a ker\u00e9k verzi\u00f3j\u00e1t\u00f3l f\u00fcgg, amit v\u00e1s\u00e1rl\u00e1s el\u0151tt ellen\u0151rizni kell. A k\u00f6rnyez\u0151 \u00f6kosziszt\u00e9ma s\u0171r\u0171: m\u00e1s GT vagy rally korm\u00e1nyok, Clubsport vagy CSL ped\u00e1lok, H v\u00e1lt\u00f3k, k\u00e9zif\u00e9kek, fejlett paddle modulok, stb. A ClubSport Racing Wheel F1\u00ae nagyon j\u00f3l integr\u00e1lhat\u00f3 egy megl\u00e9v\u0151 setupba, vagy szil\u00e1rd alapk\u00e9nt szolg\u00e1l, amelyb\u0151l a t\u00f6bbi fejleszthet\u0151. Egy merev pil\u00f3taf\u00fclk\u00e9n\u00e9l igaz\u00e1n el\u0151ny\u00f6s a Direct Drive. Egy bel\u00e9p\u0151 szint\u0171 fut\u00f3m\u0171v\u00f6n a teljes\u00edtm\u00e9nyt \u00e9s a reakci\u00f3k\u00e9szs\u00e9get val\u00f3sz\u00edn\u0171leg a parazita rezg\u00e9sek akad\u00e1lyozz\u00e1k.<\/p>\n<p>A gyakorlatban egy\u00e9rtelm\u0171en \u00fagy l\u00e1tom, hogy ez a csomag egy tart\u00f3s alap, nem csak egy bel\u00e9p\u00e9si pont. Elkezdheted ezzel az F1 k\u00e9szlettel, majd hozz\u00e1adhatsz egy sokoldal\u00fabb GT korm\u00e1nyt \u00e9s egy magasabb kateg\u00f3ri\u00e1s ped\u00e1llapot an\u00e9lk\u00fcl, hogy valaha is az lenne a benyom\u00e1sod, hogy \"kin\u0151tted\" az alapot. Ez egy fontos pont az \u00e9szlelt \u00e9rt\u00e9k szempontj\u00e1b\u00f3l: egy olyan be\u00e1ll\u00edt\u00e1si k\u00f6zpontot v\u00e1s\u00e1rolsz, amely itt marad.<\/p>\n<h2>\u00c9rzelmek a t\u00e9t<\/h2>\n<p>A ClubSport Racing Wheel F1\u00ae a p\u00e1ly\u00e1n besz\u00e9l igaz\u00e1n mag\u00e1\u00e9rt. A sz\u00edjhajt\u00e1shoz k\u00e9pest az els\u0151 dolog, amit \u00e9szreveszel, a jel tisztas\u00e1ga. Azonnal \u00e9rezni a Direct Drive nyomat\u00e9k\u00e1t, de mindenekel\u0151tt a vari\u00e1ci\u00f3k finoms\u00e1g\u00e1t. A tapad\u00e1s apr\u00f3 vesztes\u00e9gei, a fut\u00f3m\u0171 mikromozg\u00e1sai \u00e9s a tapad\u00e1s \u00e9s a sikl\u00e1s k\u00f6z\u00f6tti \u00e1tmenetek sokkal tiszt\u00e1bbak. Azonnal meg\u00e9rti, hogy mit csin\u00e1l az aut\u00f3.<\/p>\n<p>Gyors kanyarokban a korm\u00e1nyz\u00e1s stabil, de \u00e9l\u00e9nk marad. \u00c9rezni lehet, ahogy a terhel\u00e9s felgy\u00fclemlik el\u00f6l, majd azt az enyhe lebeg\u00e9st, amikor t\u00fal sokat k\u00e9r\u00fcnk a gumikt\u00f3l. Ez nem csak egy korm\u00e1nyker\u00e9k, ami k\u00e9nyszer\u00edt, hanem inform\u00e1ci\u00f3, amit haszn\u00e1lhatsz. Van id\u0151d reag\u00e1lni, miel\u0151tt az aut\u00f3 teljesen le\u00e1llna. Lass\u00fa kanyarokban a r\u00f6vid korrekci\u00f3k adagol\u00e1s\u00e1nak k\u00e9pess\u00e9ge mindent megv\u00e1ltoztat. A nyomat\u00e9k gyorsan meg\u00e9rkezik, de az alap tov\u00e1bbra is kontroll\u00e1lhat\u00f3 marad, \u00e9s a csukl\u00f3n\u00e1l dolgozhat an\u00e9lk\u00fcl, hogy valaha is k\u00fczdenie kellene egy \"h\u00fclye \u00e9s cs\u00fanya\" FFB-vel.<\/p>\n<p>A fog\u00e1solvas\u00e1s igazi er\u0151ss\u00e9g. Egy GT3-on vagy egy prot\u00f3n j\u00f3l l\u00e1that\u00f3 a k\u00fcl\u00f6nbs\u00e9g a m\u00e9g megt\u00e1masztott \u00e9s az oldalra cs\u00fasz\u00f3 gumiabroncs k\u00f6z\u00f6tt. A korm\u00e1nyker\u00e9k enyh\u00e9n k\u00f6nnyebb\u00e9 v\u00e1lik, majd rezeg, egy\u00e9rtelm\u0171 \u00e1tmenettel. Egy kev\u00e9sb\u00e9 er\u0151s alapon ezt az inform\u00e1ci\u00f3t hajlamos elnyomni a l\u00e1gyabb FFB. Itt kellemes \u00e9less\u00e9g van, k\u00fcl\u00f6n\u00f6sen akkor, amikor kem\u00e9nyen kezd\u00fcnk vezetni, vagy amikor a kvalifik\u00e1ci\u00f3n a hat\u00e1rt keress\u00fck. Az egy\u00fcl\u00e9seseken az F1-es felni igaz\u00e1n kiteljesedik: a t\u00falkorm\u00e1nyzotts\u00e1gi korrekci\u00f3k nagy sebess\u00e9gn\u00e9l term\u00e9szetesebbek \u00e9s gyorsabbak, kevesebb karmozg\u00e1ssal.<\/p>\n<p>A vibr\u00e1torokat j\u00f3l kezelik. \u00c9rezni lehet a text\u00far\u00e1t, a bar\u00e1zd\u00e1k sz\u00e1m\u00e1t, a pillanatot, amikor egy kicsit t\u00fal sokat harapsz, \u00e9s a v\u00e1z elkezd pattogni. Ez nem csak a korm\u00e1nyker\u00e9k rezg\u00e9s\u00e9nek hangja, t\u00e9nyleg \u00e9rezni a k\u00fcl\u00f6nbs\u00e9get a sima vibr\u00e1tor \u00e9s az agressz\u00edv \"kolb\u00e1sz\" k\u00f6z\u00f6tt, ami destabiliz\u00e1lhatja az aut\u00f3t. Ez az a pont, ahol az alap val\u00f3ban megv\u00e1ltoztatja az \u00e9lm\u00e9nyt. Sokkal pontosabban kezded \u00e9rezni a p\u00e1lya sz\u00e9less\u00e9g\u00e9t, egyszer\u0171en csak a kezedben \u00e9rzed.<\/p>\n<p>Hossz\u00fa munkamenetek sor\u00e1n a k\u00f6vetkezetess\u00e9g a nap parancsa. Nincs \u00e9rz\u00e9kelhet\u0151 teljes\u00edtm\u00e9nycs\u00f6kken\u00e9s, nincs ideges\u00edt\u0151 bemeleged\u00e9s. A f\u00e1radts\u00e1g ink\u00e1bb az inform\u00e1ci\u00f3 intenzit\u00e1s\u00e1b\u00f3l, mint a nyers nyomat\u00e9k t\u00falteng\u00e9s\u00e9b\u0151l ered. Val\u00f3j\u00e1ban \u00f3vatosan kell kalibr\u00e1lni az er\u0151t: a l\u00e1nct\u00e1masz v\u00e9gignyom\u00e1sa hossz\u00fa t\u00e1von kev\u00e9s hasznot hoz, ez\u00e9rt jobb, ha tal\u00e1lsz egy olyan be\u00e1ll\u00edt\u00e1st, ahol ki tudod haszn\u00e1lni az er\u0151kifejt\u00e9s tartom\u00e1ny\u00e1t an\u00e9lk\u00fcl, hogy fizikai harcot v\u00edvn\u00e1l. Ha ez megvan, akkor az utols\u00f3 percekben j\u00f3 pontoss\u00e1ggal megtartva a v\u00e1lt\u00f3k sorozat\u00e1t v\u00e9gezheted.<\/p>\n<p>A gyors korrekci\u00f3k sor\u00e1n a ClubSport megmutatja \u00e9rz\u00e9kenys\u00e9g\u00e9t. Amikor az aut\u00f3 megakad, a korm\u00e1nyker\u00e9k azonnal reag\u00e1l, a kev\u00e9sb\u00e9 merev alapokon n\u00e9ha tapasztalhat\u00f3 k\u00e9sleked\u00e9s \u00e9rz\u00e9se n\u00e9lk\u00fcl. A kip\u00f6rg\u00e9s kezdet\u00e9t \u00e9les ellenkorm\u00e1nyz\u00e1ssal lehet elkapni an\u00e9lk\u00fcl, hogy \u00fagy \u00e9rezn\u00e9nk, hogy az alap \"mag\u00e1val ragad\". Az ir\u00e1ny\u00edt\u00e1s a pil\u00f3ta kez\u00e9ben marad, ami a magabiztoss\u00e1g szempontj\u00e1b\u00f3l kulcsfontoss\u00e1g\u00fa. A kanyarba \u00e9rve egy kicsit er\u0151sebben mered nyomni, mert tudod, hogy van helyed a korrekci\u00f3ra.<\/p>\n<p>Egy m\u00e9g er\u0151sebb alapmotorral nyilv\u00e1nval\u00f3an vesz\u00edt a maxim\u00e1lis nyomat\u00e9kb\u00f3l, k\u00fcl\u00f6n\u00f6sen azok sz\u00e1m\u00e1ra, akik szeretik a nagyon neh\u00e9z FFB-ket. De a gyakorlatban, a halad\u00f3, de nem profi szimul\u00e1toros versenyz\u00e9shez m\u00e1r egy olyan z\u00f3n\u00e1ban vagyunk, ahol a korl\u00e1toz\u00f3 t\u00e9nyez\u0151 gyakran a pil\u00f3ta, nem pedig az alap. Egy bel\u00e9p\u0151 szint\u0171 Direct Drive vagy sz\u00edjhajt\u00e1s\u00fa alaphoz k\u00e9pest az ugr\u00e1s a mer\u00edt\u00e9sben \u00e9s az ir\u00e1ny\u00edt\u00e1sban nagyon egy\u00e9rtelm\u0171. Az aut\u00f3 kev\u00e9sb\u00e9 lesz \"hom\u00e1lyos\", \u00e9s kev\u00e9sb\u00e9 a vizu\u00e1lis \u00f6szt\u00f6n\u00f6k, sokkal ink\u00e1bb a kezedben l\u00e9v\u0151 \u00e9rz\u00e9s alapj\u00e1n vezetsz.<\/p>\n<h2>Kinek + Mit szeret\u00fcnk \/ Mit nem szeret\u00fcnk<\/h2>\n<p>A ClubSport Racing Wheel F1\u00ae egy\u00e9rtelm\u0171en a motiv\u00e1lt szimul\u00e1torversenyz\u0151ket c\u00e9lozza meg. Ide\u00e1lisnak l\u00e1tom a komoly, k\u00f6z\u00e9phalad\u00f3 j\u00e1t\u00e9kosok \u00e9s a tapasztalt, hetente t\u00f6bbsz\u00f6r is aut\u00f3z\u00f3 versenyz\u0151k k\u00f6z\u00f6tt. Egy teljesen kezd\u0151 sz\u00e1m\u00e1ra m\u00e9g haszn\u00e1lhat\u00f3, de az igazi potenci\u00e1lt nem fogja azonnal kiakn\u00e1zni, \u00e9s a befektet\u00e9s els\u0151re ar\u00e1nytalannak t\u0171nhet. M\u00e1sr\u00e9szt, aki m\u00e1r j\u00f3l \u00e9rzi mag\u00e1t egy bel\u00e9p\u0151- vagy k\u00f6z\u00e9pkateg\u00f3ri\u00e1s korm\u00e1nyker\u00e9kkel, \u00e9s val\u00f3di k\u00fcl\u00f6nbs\u00e9get szeretne az \u00e9rz\u00e9sben, annak ez egy nagyon koherens jel\u00f6lt.<\/p>\n<p>Ami a legjobban tetszik, az a precizit\u00e1s, az \u00e9rz\u00e9kelt szil\u00e1rds\u00e1g \u00e9s a sokoldal\u00fas\u00e1g kever\u00e9ke. Az alap el\u00e9g er\u0151vel \u00e9s felbont\u00e1ssal rendelkezik ahhoz, hogy igazs\u00e1got tegyen a modern GT-k, protot\u00edpusok \u00e9s egy\u00fcl\u00e9ses aut\u00f3k eset\u00e9ben, an\u00e9lk\u00fcl, hogy kezelhetetlenn\u00e9 vagy t\u00fals\u00e1gosan megterhel\u0151v\u00e9 v\u00e1lna a beszerel\u00e9s. Az F1 korm\u00e1nyker\u00e9k mindenre alkalmas, ami az egy\u00fcl\u00e9ses aut\u00f3kkal \u00e9s protot\u00edpusokkal kapcsolatos, rengeteg be\u00e1ll\u00edt\u00e1si lehet\u0151s\u00e9ggel a kezedben. Az anyagok \u00e9s a merevs\u00e9g val\u00f3di bizalmat \u00e9bresztenek, \u00e9s az az \u00e9rz\u00e9sed, hogy olyan felszerel\u00e9st v\u00e1s\u00e1rolsz, amely hossz\u00fa ideig a be\u00e1ll\u00edt\u00e1said k\u00f6z\u00e9ppontj\u00e1ban maradhat.<\/p>\n<p>Vannak azonban korl\u00e1tok, amelyeket szem el\u0151tt kell tartani. Az F1-es felniform\u00e1tum kiv\u00e1l\u00f3an alkalmas a ny\u00edlt ker\u00e9kversenyz\u00e9shez, de kev\u00e9sb\u00e9 term\u00e9szetes a rallye, a drift vagy ak\u00e1r egyes GT-k sz\u00e1m\u00e1ra, ahol a kerek korm\u00e1nyker\u00e9k nagyobb k\u00e9nyelmet \u00e9s pontoss\u00e1got biztos\u00edt a sz\u00e9les kanyarokban. V\u00e9g\u00fcl el kell fogadnia a m\u00e1sodik korm\u00e1nyker\u00e9k megv\u00e1s\u00e1rl\u00e1s\u00e1nak gondolat\u00e1t, ha t\u00f6bb szak\u00e1gban is vezet. M\u00e9g egy pont: a Direct Drive teljes kihaszn\u00e1l\u00e1s\u00e1hoz szinte elengedhetetlen a cockpit vagy egy nagyon merev t\u00e1masz. Egy \u00edr\u00f3asztalon vagy k\u00f6nny\u0171 \u00e1llv\u00e1nyon az \u00e9rdekess\u00e9g \u00e9s a finom visszajelz\u00e9sek egy r\u00e9sze elv\u00e9sz, vagy ak\u00e1r parazita rezg\u00e9sekkel is helyettes\u00edthet\u0151.<\/p>\n<p>V\u00e9g\u00fcl, a teljes beruh\u00e1z\u00e1s nem elhanyagolhat\u00f3. Az alap, az F1 korm\u00e1nyker\u00e9k \u00e9s a t\u00f6bbi felszerel\u00e9s (ped\u00e1lok, pil\u00f3taf\u00fclke, esetleg egy m\u00e1sodik felni) \u00e1ra k\u00f6z\u00f6tt olyan k\u00f6lts\u00e9gvet\u00e9sr\u0151l besz\u00e9l\u00fcnk, amely n\u00e9mi \u00e1tgondol\u00e1st ig\u00e9nyel. M\u00e1sr\u00e9szr\u0151l viszont az \u00e9rz\u00e9kelt \u00e9rt\u00e9k szil\u00e1rd: egy olyan term\u00e9kr\u0151l besz\u00e9l\u00fcnk, amely egy\u00e9rtelm\u0171en t\u00f6bb mint hobbi, \u00e9s amely t\u00f6bb \u00e9ven kereszt\u00fcl k\u00e9pes l\u00e9p\u00e9st tartani a versenyz\u0151 fejl\u0151d\u00e9s\u00e9vel an\u00e9lk\u00fcl, hogy azt a benyom\u00e1st kelten\u00e9, hogy gyorsan elavul.<\/p>\n<h2>\u00cdt\u00e9let<\/h2>\n<p>A Fanatec ClubSport Racing Wheel F1\u00ae mindenekel\u0151tt egy dolgot v\u00e1ltoztat meg a be\u00e1ll\u00edt\u00e1sokon: a kezedbe jut\u00f3 inform\u00e1ci\u00f3k tisztas\u00e1g\u00e1t. Egy olyan korm\u00e1nyker\u00e9kt\u0151l, amely \"k\u00e9nyszer\u00edti\" a vezet\u0151t, egy olyan eszk\u00f6zz\u00e9 v\u00e1ltunk, amely val\u00f3s id\u0151ben k\u00f6zli \u00d6nnel, hogy mit csin\u00e1l az aut\u00f3. Komoly gy\u00e1rt\u00e1ssal \u00e9s gazdag \u00f6kosziszt\u00e9m\u00e1val p\u00e1rosulva az eredm\u00e9ny egy olyan be\u00e1ll\u00edt\u00e1si k\u00f6zpont, amely sok amat\u0151r versenyorient\u00e1lt konfigur\u00e1ci\u00f3val szemben is meg\u00e1llja a hely\u00e9t.<\/p>\n<p>A piacon egy\u00e9rtelm\u0171en az el\u00e9rhet\u0151 pr\u00e9mium szegmensben van: teljesebb \u00e9s merevebb, mint egy bel\u00e9p\u0151szint\u0171 Direct Drive, kev\u00e9sb\u00e9 extr\u00e9m, mint egy nagyon cs\u00facskateg\u00f3ri\u00e1s, kiz\u00e1r\u00f3lag PC-khez \u00e9s ultraszigor\u00fa pil\u00f3taf\u00fclk\u00e9khez tervezett alap. \u00c9rdekes fordul\u00f3pont azok sz\u00e1m\u00e1ra, akik nagy l\u00e9p\u00e9st szeretn\u00e9nek tenni el\u0151re an\u00e9lk\u00fcl, hogy fel\u00e1ldozn\u00e1k a felhaszn\u00e1l\u00f3i k\u00e9nyelmet \u00e9s a konzol\/PC kompatibilit\u00e1st (verzi\u00f3t\u00f3l f\u00fcgg\u0151en).<\/p>\n<p>Azoknak aj\u00e1nlom, akik rendszeresen lovagolnak, akik kezdik \u00e9rezni a jelenlegi alapjuk hat\u00e1rait, \u00e9s akik tiszta, pontos, haszn\u00e1lhat\u00f3 er\u0151visszacsatol\u00e1st szeretn\u00e9nek. Az alkalmi j\u00e1t\u00e9kosoknak vagy azoknak, akiknek nincs a nev\u00e9hez m\u00e9lt\u00f3 cockpitj\u00fck, m\u00e1s, szer\u00e9nyebb lehet\u0151s\u00e9gek gyakran racion\u00e1lisabbak lesznek. Ha egy szil\u00e1rd, fejleszthet\u0151 Direct Drive-ot keresel, amely nagyon meggy\u0151z\u0151 az egy\u00fcl\u00e9ses versenyz\u00e9sben, \u00e9s k\u00e9pes l\u00e9p\u00e9st tartani a fejl\u0151d\u00e9seddel, akkor ez a term\u00e9k egy\u00e9rtelm\u0171en k\u00fcl\u00f6nbs\u00e9get tehet a be\u00e1ll\u00edt\u00e1said k\u00f6z\u00f6tt.<\/p>","protected":false},"excerpt":{"rendered":"<p>Mindenekel\u0151tt ez a csomag jobb \"meg\u00e9rt\u00e9st\" adott az aut\u00f3hoz, tiszt\u00e1bb, haszn\u00e1lhat\u00f3bb \u00e9rz\u00e9ssel, mint egy sz\u00edjhajt\u00e1s\u00fa alap, an\u00e9lk\u00fcl, hogy t\u00fal messzire ment volna. Van \u00e9rtelme a m\u00e1r bel\u00e9p\u0151\/k\u00f6z\u00e9pkateg\u00f3ri\u00e1s modellekkel felszerelt, rendszeres szimul\u00e1toros versenyz\u0151knek, akik k\u00e9szek befektetni egy merev pil\u00f3taf\u00fclk\u00e9be. Az eg\u00e9sz csomag tart\u00f3s \u00e9s koherens alapot k\u00e9pez a be\u00e1ll\u00edt\u00e1sok friss\u00edt\u00e9s\u00e9hez.<\/p>","protected":false},"featured_media":100583,"comment_status":"open","ping_status":"closed","template":"","meta":{"_acf_changed":false,"_et_pb_use_builder":"","_et_pb_old_content":"","_et_gb_content_width":""},"product_brand":[158],"product_cat":[161,173,171,172],"product_tag":[149,159],"class_list":{"0":"post-100582","1":"product","2":"type-product","3":"status-publish","4":"has-post-thumbnail","6":"product_brand-fanatec","7":"product_cat-volant","8":"product_cat-volants-fanatec","9":"product_cat-volants-ps4","10":"product_cat-volants-ps5","11":"product_tag-pc","12":"product_tag-playstation","14":"first","15":"instock","16":"shipping-taxable","17":"product-type-external"},"acf":[],"_links":{"self":[{"href":"https:\/\/simracergear.com\/hu\/wp-json\/wp\/v2\/product\/100582","targetHints":{"allow":["GET"]}}],"collection":[{"href":"https:\/\/simracergear.com\/hu\/wp-json\/wp\/v2\/product"}],"about":[{"href":"https:\/\/simracergear.com\/hu\/wp-json\/wp\/v2\/types\/product"}],"replies":[{"embeddable":true,"href":"https:\/\/simracergear.com\/hu\/wp-json\/wp\/v2\/comments?post=100582"}],"wp:featuredmedia":[{"embeddable":true,"href":"https:\/\/simracergear.com\/hu\/wp-json\/wp\/v2\/media\/100583"}],"wp:attachment":[{"href":"https:\/\/simracergear.com\/hu\/wp-json\/wp\/v2\/media?parent=100582"}],"wp:term":[{"taxonomy":"product_brand","embeddable":true,"href":"https:\/\/simracergear.com\/hu\/wp-json\/wp\/v2\/product_brand?post=100582"},{"taxonomy":"product_cat","embeddable":true,"href":"https:\/\/simracergear.com\/hu\/wp-json\/wp\/v2\/product_cat?post=100582"},{"taxonomy":"product_tag","embeddable":true,"href":"https:\/\/simracergear.com\/hu\/wp-json\/wp\/v2\/product_tag?post=100582"}],"curies":[{"name":"wp","href":"https:\/\/api.w.org\/{rel}","templated":true}]}}