{"id":100652,"date":"2025-05-15T07:48:00","date_gmt":"2025-05-15T07:48:00","guid":{"rendered":"https:\/\/simracergear.com\/products\/fanatec-clubsport-steering-wheel-drift-v2-for-xbox\/"},"modified":"2025-11-28T04:45:29","modified_gmt":"2025-11-28T04:45:29","slug":"fanatec-clubsport-steering-wheel-drift-v2-for-xbox","status":"publish","type":"product","link":"https:\/\/simracergear.com\/hu\/products\/fanatec-clubsport-steering-wheel-drift-v2-for-xbox\/","title":{"rendered":"Fanatec ClubSport Wheel Drift V2 az Xbox konzolhoz"},"content":{"rendered":"<h2>Fanatec ClubSport Steering Wheel Drift V2 Xboxhoz: a tesztel\u00e9s ut\u00e1ni v\u00e9lem\u00e9nyem<\/h2>\n<p>A Fanatec k\u00edn\u00e1lat\u00e1ban a ClubSport Steering Wheel Drift V2 for Xbox egy\u00e9rtelm\u0171en \"sz\u00f3rakoztat\u00f3, de komoly\" korm\u00e1nyker\u00e9knek k\u00e9sz\u00fclt. Ez nem egy hatalmas, ultrapr\u00e9mium GT, \u00e9s nem is egy kicsi, alapszint\u0171 korm\u00e1ny: ez egy k\u00f6nny\u0171, drift \u00e9s dinamikus vezet\u00e9si korm\u00e1ny, amely kompatibilis az Xbox-szal, \u00e9s amely a Fanatec-alapokra van oltva, \u00e9s azokat c\u00e9lozza meg, akik maxim\u00e1lis reakci\u00f3k\u00e9szs\u00e9gre v\u00e1gynak.<\/p>\n<p>Pap\u00edron h\u00e1rom dolgot \u00edg\u00e9r: k\u00f6nnyeds\u00e9get az ultragyors korrekci\u00f3khoz, a modulnak k\u00f6sz\u00f6nhet\u0151en gondtalan Xbox-kompatibilit\u00e1st, \u00e9s ClubSport-konstrukci\u00f3t, amely \u00e1ll\u00edt\u00f3lag m\u00e9g nagy ig\u00e9nybev\u00e9tel eset\u00e9n is b\u00edrja a strap\u00e1t. Ez az a fajta korm\u00e1nyker\u00e9k, amely a driftrajong\u00f3knak \u00e9pp\u00fagy tetszik, mint azoknak, akik temperamentumos rally- vagy t\u00faraaut\u00f3kat vezetnek.<\/p>\n<p>A magam r\u00e9sz\u00e9r\u0151l nagyon egyszer\u0171 szemsz\u00f6gb\u0151l k\u00f6zel\u00edtettem meg a k\u00e9rd\u00e9st: t\u00e9nyleg ny\u00fajt valamit egy nehezebb GT ker\u00e9khez k\u00e9pest, k\u00fcl\u00f6n\u00f6sen a pontoss\u00e1g, a tapad\u00e1s\/cs\u00fasz\u00e1s \u00e1tmenetei \u00e9s a k\u00e9nyelem szempontj\u00e1b\u00f3l olyan \u00fcl\u00e9sek sor\u00e1n, amikor sokat vezetsz? \u00c9s mindenekel\u0151tt, a \"driftel\u00e9s\" \u00edg\u00e9rete nem teszi t\u00fals\u00e1gosan egyediv\u00e9 m\u00e1s szak\u00e1gak sz\u00e1m\u00e1ra?<\/p>\n<h2>Tervez\u00e9s, gy\u00e1rt\u00e1s \u00e9s \u00e9rz\u00e9s<\/h2>\n<p>Vizu\u00e1lisan a Drift V2 azonnal \u00fagy n\u00e9z ki, mint egy k\u00f6nny\u0171szerkezetes versenyker\u00e9k. A felni v\u00e9kony, az \u00e1tm\u00e9r\u0151 kicsi, nagyon nyitott kialak\u00edt\u00e1s\u00fa, ami \u00e9rz\u00e9kenys\u00e9get sug\u00e1roz. Semmi sallang, semmi felesleges eszt\u00e9tikai fel\u00fct\u00e9s: \u00e9rezhet\u0151, hogy a c\u00e9l egy olyan korm\u00e1nyker\u00e9k, amelyet gyorsan \u00e9s gyakran tudsz kezelni.<\/p>\n<p>Az anyagok a ClubSportnak megfelel\u0151ek: f\u00e9mszerkezet, alcantara vagy vel\u00far st\u00edlus\u00fa k\u00e1rpitoz\u00e1s (verzi\u00f3t\u00f3l f\u00fcgg\u0151en) \u00e9s az Xbox Fanatec hubon kereszt\u00fcl integr\u00e1lt gombok. Az els\u0151 benyom\u00e1s a k\u00e9zben a k\u00f6nnyeds\u00e9g benyom\u00e1s\u00e1t kelti. \u00c9rz\u00e9kelhet\u0151, hogy kevesebb a tehetetlens\u00e9g, mint egy nagy GT-korm\u00e1nyn\u00e1l vagy egy gombokkal zs\u00fafolt F1-st\u00edlus\u00fa korm\u00e1nyn\u00e1l. Az ir\u00e1nyv\u00e1lt\u00e1sokat m\u00e9g hidegen is \u00e9l\u00e9nkebbnek \u00e9rezz\u00fck, m\u00e1r azzal is, ha \u00e1ll\u00f3 helyzetben mozgatjuk a korm\u00e1nyt.<\/p>\n<p>Az \u00e1ltal\u00e1nos merevs\u00e9g a kateg\u00f3ri\u00e1hoz k\u00e9pest nagyon j\u00f3. Nem \u00e9reztem \u00e9szrevehet\u0151 hajl\u00edt\u00e1st a felnin er\u0151s alapon, m\u00e9g drift vagy rally st\u00edlus\u00fa kem\u00e9ny vezet\u00e9s k\u00f6zben sem. Az Xbox modul gombjai nem olyan pr\u00e9mium min\u0151s\u00e9g\u0171ek a kattint\u00e1sok tekintet\u00e9ben, mint n\u00e9h\u00e1ny nagyon cs\u00facskateg\u00f3ri\u00e1s ker\u00e9kn\u00e9l, de m\u00e9g mindig \u00e9lesek, j\u00f3l elosztottak \u00e9s vezet\u00e9s k\u00f6zben k\u00f6nnyen el\u00e9rhet\u0151ek.<\/p>\n<p>Ami azonnal meglep\u0151, az a minimalista megjelen\u00e9s \u00e9s az \u00e9rz\u00e9kelhet\u0151 szil\u00e1rds\u00e1g k\u00f6z\u00f6tti kontraszt. J\u00e1t\u00e9knak t\u0171nik, amikor felemeled, mert olyan k\u00f6nny\u0171, de ha m\u00e1r az alaphoz van r\u00f6gz\u00edtve, akkor komolyan \u00e9rezni. Ahol egy kicsit kev\u00e9sb\u00e9 voltam meggy\u0151z\u0151dve, az a bor\u00edt\u00e1s: k\u00e9nyelmes \u00e9s kellemes, ha keszty\u0171t visel, de hamar megmutathatja a kop\u00e1s jeleit, ha rendszeresen csupasz k\u00e9zzel lovagol. Ez nem vastag, ultratart\u00f3 b\u0151r.<\/p>\n<p>M\u00e1s, \"massz\u00edvabb\" Fanatec-korm\u00e1nyokhoz k\u00e9pest egy\u00e9rtelm\u0171en vesz\u00edt\u00fcnk a s\u0171r\u0171s\u00e9g \u00e9s a luxus \u00e9rz\u00e9s\u00e9b\u0151l, de nyer\u00fcnk a mozg\u00e9konys\u00e1gban. Ez tipikusan az a fajta korm\u00e1nyker\u00e9k, amelyet ink\u00e1bb \"teljes\u00edtm\u00e9nyre\", mint \"st\u00e1tuszra\" terveztek.<\/p>\n<h2>Be\u00e1ll\u00edt\u00e1sok, testreszab\u00e1s \u00e9s kompatibilit\u00e1s<\/h2>\n<p>A Fanatec ClubSport Steering Wheel Drift V2 for Xbox nem alap, \u00edgy minden, ami az er\u0151ss\u00e9ggel, a tapint\u00e1ssal \u00e9s a viselked\u00e9ssel kapcsolatos, a Fanatec alapon \u00e9s a saj\u00e1t szoftveren kereszt\u00fcl \u00e1ll\u00edthat\u00f3 be. A j\u00f3 h\u00edr az, hogy a korm\u00e1nyker\u00e9k teljes m\u00e9rt\u00e9kben elismert az \u00f6kosziszt\u00e9m\u00e1ban: mind PC-n, mind Xboxon az integr\u00e1ci\u00f3 z\u00f6kken\u0151mentes, amennyiben az alap Xbox-kompatibilis \u00e9s naprak\u00e9sz.<\/p>\n<p>A testreszab\u00e1s szempontj\u00e1b\u00f3l k\u00e9t f\u0151 ter\u00fcletre \u00f6sszpontos\u00edthatunk: az alapbe\u00e1ll\u00edt\u00e1sokra (er\u0151ss\u00e9g, sz\u0171r\u00e9s, ref\u00f3kusz\u00e1l\u00e1si visszajelz\u00e9s stb.) \u00e9s a rendelkez\u00e9sre \u00e1ll\u00f3 gombok hozz\u00e1rendel\u00e9s\u00e9nek m\u00f3dj\u00e1ra. Az Xbox gombok, ravaszok \u00e9s vez\u00e9rl\u0151k a hubon minden klasszikus ig\u00e9nyt lefednek: men\u00fc, virtu\u00e1lis k\u00e9zif\u00e9k, n\u00e9zetv\u00e1lt\u00e1s, vissza\u00e1ll\u00edt\u00e1s stb. Ez nem egy protot\u00edpus korm\u00e1ny tizen\u00f6t k\u00f3dol\u00f3val, de driftel\u00e9shez, raliz\u00e1shoz, t\u00far\u00e1z\u00e1shoz vagy ak\u00e1r k\u00f6nny\u0171 GT-z\u00e9shez b\u0151ven van mit csin\u00e1lni.<\/p>\n<p>A tanul\u00e1si g\u00f6rbe meglehet\u0151sen szel\u00edd, ha m\u00e1r ismeri a Fanatec \u00f6kosziszt\u00e9m\u00e1t. Kicser\u00e9li a kereket, be\u00e1ll\u00edtja az FFB-er\u0151t (\u00e9n hajlamos vagyok kiss\u00e9 lejjebb venni, hogy kihaszn\u00e1ljam a felni k\u00f6nnyeds\u00e9g\u00e9t), \u00e9s elt\u00f6lt n\u00e9h\u00e1ny \u00fcl\u00e9st a finomhangol\u00e1ssal. Ha egy nehezebb ker\u00e9kr\u0151l \u00e9rkezik, akkor egy kis id\u0151re lesz sz\u00fcks\u00e9ge, hogy megszokja, mert a ker\u00e9k gyorsabban reag\u00e1l egy csukl\u00f3mozdulatra. Ha egyszer belej\u00f6tt\u00e9l, nagyon term\u00e9szetes lesz.<\/p>\n<p>A kompatibilit\u00e1s szempontj\u00e1b\u00f3l a legfontosabb el\u0151ny nyilv\u00e1nval\u00f3an az Xbox. A dedik\u00e1lt modul jelenl\u00e9te azt jelenti, hogy mindenf\u00e9le babr\u00e1l\u00e1s n\u00e9lk\u00fcl \u00e9lvezheti Fanatec be\u00e1ll\u00edt\u00e1sait a konzolon. PC-n is minden m\u0171k\u00f6dik, azzal a lehet\u0151s\u00e9ggel, hogy a men\u00fckben sokkal tov\u00e1bb tolhatjuk a be\u00e1ll\u00edt\u00e1sokat. A Fanatec \u00f6kosziszt\u00e9ma a t\u00f6bbit elv\u00e9gzi: ezt a korm\u00e1nyt gyakorlatilag a l\u00e1ncszemek teljes v\u00e1laszt\u00e9k\u00e1val haszn\u00e1lhatod (a gener\u00e1ci\u00f3t\u00f3l \u00e9s az Xbox-kompatibilit\u00e1st\u00f3l f\u00fcgg\u0151en), \u00e9s kombin\u00e1lhatod Load Cell vagy hidraulikus hajt\u00f3karral, v\u00e1lt\u00f3val, anal\u00f3g k\u00e9zif\u00e9kkel, pil\u00f3taf\u00fclk\u00e9ben vagy ker\u00e9k\u00e1llv\u00e1nyon.<\/p>\n<p>Ami a friss\u00edthet\u0151s\u00e9get illeti, egy\u00e9rtelm\u0171en \u00fagy l\u00e1tom, hogy ez egy olyan speci\u00e1lis ker\u00e9k, amely ink\u00e1bb kieg\u00e9sz\u00edti a megl\u00e9v\u0151 be\u00e1ll\u00edt\u00e1sokat, mint egy \"egy \u00e9s egyetlen\" ker\u00e9k. Egy k\u00f6z\u00e9p- vagy fels\u0151 kateg\u00f3ri\u00e1s be\u00e1ll\u00edt\u00e1son t\u00f6k\u00e9letes \u00e9rtelme van, mint egy driftel\u00e9sre, raliz\u00e1sra vagy ideges aut\u00f3kra sz\u00e1nt ker\u00e9knek.<\/p>\n<h2>\u00c9rz\u00e9sek a j\u00e1t\u00e9kban: ahol ez a k\u00fcl\u00f6nbs\u00e9g a k\u00fcl\u00f6nbs\u00e9g<\/h2>\n<p>A Drift V2 a p\u00e1ly\u00e1n mutatja meg igaz\u00e1n, hogy mit \u00e9r. Az els\u0151 dolog, ami felt\u0171nik, az a visszajelz\u00e9s pontoss\u00e1ga a kis korrekci\u00f3k eset\u00e9n. A Direct Drive alap vagy egy j\u00f3 sz\u00edjas alap, a korm\u00e1nyker\u00e9k k\u00f6nny\u0171s\u00e9ge azt jelenti, hogy az FFB legapr\u00f3bb r\u00e9szletei gyors, k\u00f6nnyen ir\u00e1ny\u00edthat\u00f3 mozg\u00e1ss\u00e1 alakulnak. K\u00f6nnyebb \u00e9rezni a h\u00e1ts\u00f3 r\u00e9sz mikro-elmozdul\u00e1sait, amikor az aut\u00f3 elkezd akadozni, k\u00fcl\u00f6n\u00f6sen driftel\u00e9s vagy ellen\u0151rz\u00f6tt cs\u00fasz\u00e1s eset\u00e9n.<\/p>\n<p>A gyors kanyarokban a nagyon k\u00f6zvetlen ir\u00e1ny\u00edt\u00e1s \u00e9rz\u00e9s\u00e9t \u00e9rzed. Kicsit kevesebb a karcsavar\u00e1s, mint egy nagy felnin\u00e9l, a kanyarba val\u00f3 bel\u00e9p\u00e9s egyszer\u0171, \u00e9s a korrekci\u00f3kat a csukl\u00f3val lehet elv\u00e9gezni. A felni stabil marad a hossz\u00fa lemenetekn\u00e9l is, nincs parazita rezg\u00e9s. Nagyon gyorsan meg lehet mondani, hogy az aut\u00f3 enyh\u00e9n alulkorm\u00e1nyzott, semlegesben van, vagy azon a hat\u00e1ron van, hogy a h\u00e1ts\u00f3 r\u00e9sz elkezd el\u00f6l el\u0151zni. Azonnal meg\u00e9rti, hogy mit csin\u00e1l az aut\u00f3.<\/p>\n<p>Ha a tapad\u00e1s leolvas\u00e1s\u00e1r\u00f3l van sz\u00f3, a Fanatec alap + k\u00f6nny\u0171 korm\u00e1nyker\u00e9k kombin\u00e1ci\u00f3 j\u00f3l m\u0171k\u00f6dik. A f\u00e9kez\u00e9si pont el\u00e9r\u00e9sekor \u00e9rezhet\u0151 a terhel\u00e9s\u00e1tvitel, az a pillanat, amikor az eleje igaz\u00e1n tapad, majd a hat\u00e1r\u00e9rt\u00e9k. Driftel\u00e9sn\u00e9l vagy raliz\u00e1sn\u00e1l az \u00e1tmenet az, ami igaz\u00e1n mag\u00e1\u00e9rt besz\u00e9l: ahogy az aut\u00f3 a tapad\u00e1sb\u00f3l a sikl\u00e1sba ker\u00fcl, a korm\u00e1nyker\u00e9k \"\u00e9l\u0151bb\u00e9\" v\u00e1lik an\u00e9lk\u00fcl, hogy ir\u00e1ny\u00edthatatlann\u00e1 v\u00e1lna. Engedheted, hogy a korm\u00e1ny kiss\u00e9 \u00f6n\u00e1ll\u00f3s\u00edtsa mag\u00e1t, \u00e9s k\u00f6nnyen elkaphatod.<\/p>\n<p>A vibr\u00e1torokn\u00e1l a visszajelz\u00e9s meglehet\u0151sen sz\u00e1raz \u00e9s k\u00f6nnyen olvashat\u00f3. A modern \u00e1ramk\u00f6r\u00f6k\u00f6n a nagy szeg\u00e9lyek tiszta impulzusokat ford\u00edtanak le, t\u00falsz\u0171r\u00e9s n\u00e9lk\u00fcl. \u00c9rezhet\u0151 a k\u00fcl\u00f6nbs\u00e9g egy lapos vibr\u00e1tor \u00e9s egy nagy kiemelked\u00e9s k\u00f6z\u00f6tt, amely destabiliz\u00e1lhatja az aut\u00f3t. A tiszta driftel\u00e9sn\u00e9l ez kev\u00e9sb\u00e9 kritikus, de egy hagyom\u00e1nyos p\u00e1ly\u00e1n val\u00f3ban seg\u00edt, ha centim\u00e9terre pontosan poz\u00edcion\u00e1lod az aut\u00f3t, k\u00fcl\u00f6n\u00f6sen a sik\u00e1nokban.<\/p>\n<p>Hossz\u00fa munkamenetek eset\u00e9n fontos szerepet j\u00e1tszik az alacsony tehetetlens\u00e9g. Az alkarok sokkal kev\u00e9sb\u00e9 f\u00e1radnak el, mint egy nagy, neh\u00e9z sikl\u00f3val, magas FFB intenzit\u00e1s mellett. A gyors korrekci\u00f3k m\u00e9g viszonylag nagy er\u0151vel is kevesebb er\u0151fesz\u00edt\u00e9st ig\u00e9nyelnek. Ezt k\u00e9t-h\u00e1rom \u00f3ra vezet\u00e9s alatt is \u00e9rezni lehet. T\u00f6bb energi\u00e1d van arra, hogy a r\u00f6pp\u00e1ly\u00e1ra koncentr\u00e1lj, nem pedig a ker\u00e9kkel val\u00f3 fizikai k\u00fczdelemre.<\/p>\n<p>A gyors korrekci\u00f3kat illet\u0151en a Drift V2 egy\u00e9rtelm\u0171en kiemelkedik a massz\u00edvabb korm\u00e1nykerekek k\u00f6z\u00fcl. Amikor a h\u00e1ts\u00f3 hirtelen elakad, a korm\u00e1nyker\u00e9k gyorsan elmegy, de kezelhet\u0151 marad, mert a felz\u00e1rk\u00f3zand\u00f3 t\u00f6meg alacsony. Gyors egym\u00e1sut\u00e1nban lehet ellenkorm\u00e1nyozni, \u00fajra k\u00f6zpontos\u00edtani \u00e9s apr\u00f3 korrekci\u00f3kat v\u00e9gezni an\u00e9lk\u00fcl, hogy \u00fagy \u00e9rezn\u00e9d, hogy egy t\u00fal neh\u00e9z korm\u00e1nyker\u00e9kkel k\u00fczdesz. A driftel\u00e9sn\u00e9l ez igazi el\u0151ny: a szekvenci\u00e1k sokkal g\u00f6rd\u00fcl\u00e9kenyebb\u00e9 v\u00e1lnak, kev\u00e9sb\u00e9 \"k\u00fczd\u0151sport\".<\/p>\n<p>Az azonos alapon l\u00e9v\u0151 nehezebb ker\u00e9kkel \u00f6sszehasonl\u00edtva egy kicsit vesz\u00edt az \"er\u0151s korm\u00e1nyker\u00e9k\" \u00e9rz\u00e9s\u00e9b\u0151l, amely nagy leszor\u00edt\u00f3er\u0151 alatt val\u00f3di ellen\u00e1ll\u00e1st ny\u00fajt. N\u00e9h\u00e1nyan tal\u00e1n nem szeretik ezt a protot\u00edpusokn\u00e1l vagy ultragyors GT-aut\u00f3kn\u00e1l, ahol a \"f\u00f6ldh\u00f6zragadtabb\" \u00e9rz\u00e9sre v\u00e1gynak. M\u00e1sr\u00e9szr\u0151l viszont j\u00e1t\u00e9kosabb aut\u00f3kon, raliaut\u00f3kon, driftaut\u00f3kon, t\u00faraaut\u00f3kon vagy ak\u00e1r kis, ideges vontat\u00e1s\u00fa aut\u00f3kon nagyon is \u00e9rz\u00e9kelhet\u0151 a reakci\u00f3k\u00e9szs\u00e9g n\u00f6veked\u00e9se. Ez egy olyan korm\u00e1nyker\u00e9k, amely arra k\u00e9sztet, hogy provok\u00e1lni akarja az aut\u00f3t, nem csak tiszt\u00e1n vezetni.<\/p>\n<h2>Kinek sz\u00f3l? Er\u0151ss\u00e9gek \u00e9s korl\u00e1tok, amelyekkel tiszt\u00e1ban kell lenni<\/h2>\n<p>A Fanatec ClubSport Steering Wheel Drift V2 for Xbox ide\u00e1lis profilja az a szimul\u00e1toros, aki m\u00e1r rendelkezik minim\u00e1lis felszerel\u00e9ssel, aki Fanatec-alapon vezet, \u00e9s aki egy olyan korm\u00e1nyt szeretne, amely a dinamikus szak\u00e1gaknak van szentelve: drift, rally, agressz\u00edv id\u0151t\u00e1mad\u00e1s, izmos t\u00faraversenyek. Az Xboxon is egy\u00e9rtelm\u0171en azokat a j\u00e1t\u00e9kosokat c\u00e9lozza meg, akik szeretn\u00e9k kihaszn\u00e1lni a Fanatec be\u00e1ll\u00edt\u00e1sait an\u00e9lk\u00fcl, hogy egy t\u00fal GT-szer\u0171 vagy t\u00fals\u00e1gosan zs\u00fafolt korm\u00e1nyker\u00e9kre ragadn\u00e1nak.<\/p>\n<p>Amit a legjobban \u00e9rt\u00e9kelek, az a reakci\u00f3k\u00e9szs\u00e9ge. Az ultragyors kanyarv\u00e1lt\u00e1sokat term\u00e9szetesnek \u00e9s k\u00f6nnyednek \u00e9rzi, \u00e9s nagyon j\u00f3l \u00e9rzi a j\u00e1rm\u0171 h\u00e1tulj\u00e1t. Ezut\u00e1n a karossz\u00e9ria k\u00f6nnyeds\u00e9ge val\u00f3di k\u00e9nyelmet biztos\u00edt hossz\u00fa \u00fcl\u00e9sek sor\u00e1n, k\u00fcl\u00f6n\u00f6sen a b\u0151s\u00e9ges FFB-vel. V\u00e9g\u00fcl pedig el\u00e9g sokoldal\u00fa ahhoz, hogy klasszikus p\u00e1ly\u00e1kon is haszn\u00e1lhat\u00f3 legyen, \u00edgy nem az a benyom\u00e1sod, hogy teljesen a 100 % driftel\u00e9sre korl\u00e1toz\u00f3dik.<\/p>\n<p>De vannak hat\u00e1rok. Annak, aki egyetlen \"mindenre haszn\u00e1lhat\u00f3\" kereket keres, nem felt\u00e9tlen\u00fcl ez a legkoherensebb: kisebb \u00e1tm\u00e9r\u0151, k\u00fcl\u00f6nleges megjelen\u00e9s, kevesebb gomb, mint n\u00e9h\u00e1ny nagyon komplett modern ker\u00e9k. A m\u00e1sik pont, hogy tapint\u00e1sra kicsit kev\u00e9sb\u00e9 \"luxus\", mint a pr\u00e9miumabb b\u0151rkerekek: az alcantara st\u00edlus\u00fa bor\u00edt\u00e1s kellemes, de karbantart\u00e1s szempontj\u00e1b\u00f3l ig\u00e9nyesebb, \u00e9s \u00e9rz\u00e9kenyebb a kop\u00e1sra, ha gyakran vezet\u00fcnk csupasz k\u00e9zzel. V\u00e9gezet\u00fcl, ami az \u00e9rz\u00e9kelt \u00e9rt\u00e9ket illeti, minden att\u00f3l f\u00fcgg, hogyan haszn\u00e1lod: ha nem sokat driftelsz, vagy olyan sport\u00e1gakban, ahol a sikl\u00e1s k\u00f6zponti szerepet j\u00e1tszik, a befektet\u00e9s kev\u00e9sb\u00e9 t\u0171nhet nyilv\u00e1nval\u00f3nak egy sokoldal\u00fabb GT korm\u00e1nyker\u00e9khez k\u00e9pest.<\/p>\n<p>Egy\u00e9rtelm\u0171, hogy egy konzolos vagy PC-s j\u00e1t\u00e9kos sz\u00e1m\u00e1ra, aki m\u00e1r rendelkezik egy Fanatec-alaplappal, \u00e9s aki val\u00f3ban jav\u00edtani akarja az ir\u00e1ny\u00edt\u00e1s\u00e1t a sikl\u00f3f\u00e1zisokban \u00e9s a gyors szekvenci\u00e1kban, az \u00e9rz\u00e9s\/\u00e1r ar\u00e1ny\u00fa nyeres\u00e9g tov\u00e1bbra is koherens marad. Tiszta kezd\u0151k sz\u00e1m\u00e1ra, akik els\u0151 korm\u00e1nyukat keresik, nem ez a leglogikusabb korm\u00e1ny, amit megv\u00e1s\u00e1rolhatn\u00e1nak.<\/p>\n<h2>\u00cdt\u00e9let: hogyan illeszkedik a Drift V2 a Fanatec be\u00e1ll\u00edt\u00e1sok k\u00f6z\u00e9?<\/h2>\n<p>A Fanatec ClubSport Steering Wheel Drift V2 Xboxhoz nem v\u00e1ltoztat egy \u00e1tlagos alapot FFB-sz\u00f6rnyetegg\u00e9, de egy\u00e9rtelm\u0171en megv\u00e1ltoztatja az aut\u00f3val val\u00f3 interakci\u00f3 m\u00f3dj\u00e1t. Egy megl\u00e9v\u0151 be\u00e1ll\u00edt\u00e1sban az \u00e9l\u00e9nks\u00e9g \u00e9s az ir\u00e1ny\u00edt\u00e1s olyan dimenzi\u00f3j\u00e1t hozza a sikl\u00e1snak, amit egy nagy, neh\u00e9z korm\u00e1nyker\u00e9k nehezen tud ny\u00fajtani. Ez egy igazi \"\u00e9rz\u00e9sfinom\u00edt\u00f3\", nem pedig csak egy eszt\u00e9tikai kieg\u00e9sz\u00edt\u0151.<\/p>\n<p>A piacon a szakosodott k\u00f6z\u00e9pkateg\u00f3ri\u00e1ban helyezkedik el: min\u0151s\u00e9gibb \u00e9s komolyabb, mint egy kis bel\u00e9p\u0151 szint\u0171 korm\u00e1ny, de kev\u00e9sb\u00e9 f\u00e9ny\u0171z\u0151 \u00e9s kev\u00e9sb\u00e9 tele van kezel\u0151szervekkel, mint egy nagyon cs\u00facskateg\u00f3ri\u00e1s GT vagy protot\u00edpus korm\u00e1ny. Pontosan azt teszi, amit egy drift-korm\u00e1nyt\u00f3l elv\u00e1rsz: k\u00f6nny\u0171, gyors \u00e9s k\u00f6zvetlen, \u00e9s b\u00f3nuszk\u00e9nt Xbox-kompatibilit\u00e1ssal rendelkezik azok sz\u00e1m\u00e1ra, akik konzolon j\u00e1tszanak.<\/p>\n<p>Egy\u00e9rtelm\u0171en a k\u00f6z\u00e9phalad\u00f3 vagy tapasztalt szimul\u00e1torversenyz\u0151knek aj\u00e1nlom, akik m\u00e1r befektettek a Fanatec \u00f6kosziszt\u00e9m\u00e1ba, \u00e9s akik egy m\u00e1sodik korm\u00e1nyt szeretn\u00e9nek, amely a drift \/ rally \/ agressz\u00edv vezet\u00e9shez igazodik. Aki egyetlen, nagyon sokoldal\u00faan haszn\u00e1lhat\u00f3 korm\u00e1nyt keres, vagy aki els\u0151sorban endurance \u00e9s komoly GT aut\u00f3kat vezet, annak egy nagyobb, luxus felni megfelel\u0151bb lesz.<\/p>\n<p>Ha olyan korm\u00e1nykereket keresel, amelyek k\u00f6nny\u0171ek, \u00e9l\u00e9nkek, gyors korrekci\u00f3kra tervezt\u00e9k \u0151ket, \u00e9s Xbox-kompatibilisek a Fanatec \u00f6kosziszt\u00e9m\u00e1n bel\u00fcl, akkor ez a term\u00e9k egy\u00e9rtelm\u0171en sokat sz\u00e1m\u00edthat a be\u00e1ll\u00edt\u00e1saidban.<\/p>","protected":false},"excerpt":{"rendered":"<p>Ez a korm\u00e1nyker\u00e9k nagyon k\u00f6zvetlen ir\u00e1ny\u00edt\u00e1s \u00e9s k\u00f6nnyeds\u00e9g \u00e9rzet\u00e9t keltette bennem, k\u00fcl\u00f6n\u00f6sen a sikl\u00f3f\u00e1zisokban \u00e9s a gyors szekvenci\u00e1kban. \u00c9rtelme van a m\u00e1r Fanatec-kel felszerelt szimul\u00e1torosoknak, akik drift, rally vagy gyors aut\u00f3kat vezetnek, mind Xboxon, mind PC-n. M\u00e1sodik speci\u00e1lis korm\u00e1nyker\u00e9kk\u00e9nt a reakci\u00f3k\u00e9szs\u00e9ge meg\u00e9ri a befektet\u00e9st.<\/p>","protected":false},"featured_media":100653,"comment_status":"open","ping_status":"closed","template":"","meta":{"_acf_changed":false,"_et_pb_use_builder":"","_et_pb_old_content":"","_et_gb_content_width":""},"product_brand":[158],"product_cat":[156],"product_tag":[149,159,160],"class_list":{"0":"post-100652","1":"product","2":"type-product","3":"status-publish","4":"has-post-thumbnail","6":"product_brand-fanatec","7":"product_cat-roue-de-volant","8":"product_tag-pc","9":"product_tag-playstation","10":"product_tag-xbox","12":"first","13":"instock","14":"shipping-taxable","15":"product-type-external"},"acf":[],"_links":{"self":[{"href":"https:\/\/simracergear.com\/hu\/wp-json\/wp\/v2\/product\/100652","targetHints":{"allow":["GET"]}}],"collection":[{"href":"https:\/\/simracergear.com\/hu\/wp-json\/wp\/v2\/product"}],"about":[{"href":"https:\/\/simracergear.com\/hu\/wp-json\/wp\/v2\/types\/product"}],"replies":[{"embeddable":true,"href":"https:\/\/simracergear.com\/hu\/wp-json\/wp\/v2\/comments?post=100652"}],"wp:featuredmedia":[{"embeddable":true,"href":"https:\/\/simracergear.com\/hu\/wp-json\/wp\/v2\/media\/100653"}],"wp:attachment":[{"href":"https:\/\/simracergear.com\/hu\/wp-json\/wp\/v2\/media?parent=100652"}],"wp:term":[{"taxonomy":"product_brand","embeddable":true,"href":"https:\/\/simracergear.com\/hu\/wp-json\/wp\/v2\/product_brand?post=100652"},{"taxonomy":"product_cat","embeddable":true,"href":"https:\/\/simracergear.com\/hu\/wp-json\/wp\/v2\/product_cat?post=100652"},{"taxonomy":"product_tag","embeddable":true,"href":"https:\/\/simracergear.com\/hu\/wp-json\/wp\/v2\/product_tag?post=100652"}],"curies":[{"name":"wp","href":"https:\/\/api.w.org\/{rel}","templated":true}]}}