{"id":100679,"date":"2025-11-28T04:46:41","date_gmt":"2025-11-28T04:46:41","guid":{"rendered":"https:\/\/simracergear.com\/products\/fanatec-clubsport-steering-wheel-flat-1-v2-for-xbox\/"},"modified":"2025-11-28T04:46:41","modified_gmt":"2025-11-28T04:46:41","slug":"fanatec-clubsport-steering-wheel-flat-1-v2-for-xbox","status":"publish","type":"product","link":"https:\/\/simracergear.com\/hu\/products\/fanatec-clubsport-steering-wheel-flat-1-v2-for-xbox\/","title":{"rendered":"Fanatec ClubSport korm\u00e1nyker\u00e9k Flat 1 V2 Xboxhoz"},"content":{"rendered":"<h2>Fanatec ClubSport Steering Wheel Flat 1 V2 Xboxhoz : teszt \u00e9s teljes \u00e9rt\u00e9kel\u00e9s<\/h2>\n<p>A szimul\u00e1toros versenykorm\u00e1nyok piac\u00e1n a Fanatec ClubSport Steering Wheel Flat 1 V2 for Xbox nagyon pontos k\u00e1rty\u00e1t j\u00e1tszik: egy lapos GT\/endurance st\u00edlus\u00fa korm\u00e1nyker\u00e9k, amelyet a Fanatec fels\u0151kateg\u00f3ri\u00e1s alapokhoz terveztek, mik\u00f6zben megtartja a be\u00e9p\u00edtett Xbox-kompatibilit\u00e1st. Nem extravag\u00e1ns k\u00fclsej\u00e9vel pr\u00f3b\u00e1l leny\u0171g\u00f6zni, ink\u00e1bb egy komoly, hat\u00e9kony \u00e9s sokoldal\u00fa vezet\u00e9si eszk\u00f6zt k\u00edn\u00e1l.<\/p>\n<p>Ez a modell egy\u00e9rtelm\u0171en a j\u00e1t\u00e9kosoknak sz\u00f3l, akik tiszta, funkcion\u00e1lis, teljes\u00edtm\u00e9nyorient\u00e1lt kereket szeretn\u00e9nek, a t\u00fals\u00e1gosan feldobott kerekek sallangjai n\u00e9lk\u00fcl. J\u00f3 ergon\u00f3mi\u00e1t, komoly merevs\u00e9get \u00e9s a Fanatec \u00f6kosziszt\u00e9m\u00e1j\u00e1ba val\u00f3 z\u00f6kken\u0151mentes integr\u00e1ci\u00f3t \u00edg\u00e9r, r\u00e1ad\u00e1sul a k\u00f6zponti hubon kereszt\u00fcl az Xbox-interf\u00e9sz is el\u00e9rhet\u0151.<\/p>\n<p>Az \u00e9n elemz\u00e9si szempontom itt egyszer\u0171: a k\u00e9zben val\u00f3 \u00e9rz\u00e9s, az \u00e9p\u00edt\u00e9si min\u0151s\u00e9g, a j\u00e1t\u00e9kbeli ergon\u00f3mia, valamint az \u00e1r\u00e1val \u00e9s a kateg\u00f3ri\u00e1j\u00e1val val\u00f3 \u00f6sszhang. R\u00f6viden: ez egy igazi fejleszt\u00e9s a Fanatec be\u00e1ll\u00edt\u00e1sok k\u00f6z\u00f6tt, vagy csak egy \u00fajabb \"sz\u00e9p\" ker\u00e9k a katal\u00f3gusban? Mert egy korm\u00e1nyker\u00e9kn\u00e9l minden az els\u0151 2-3 k\u00f6r\u00f6n m\u00falik: ha nem megy a kezedbe, nem fogod megbocs\u00e1tani. Ha pedig ellenkez\u0151leg, minden mag\u00e1t\u00f3l \u00e9rtet\u0151d\u0151en az ujjaidra esik, azonnal magabiztosabb leszel.<\/p>\n<h2>Tervez\u00e9s \u00e9s gy\u00e1rt\u00e1s<\/h2>\n<p>A ClubSport korm\u00e1nyker\u00e9k Flat 1 V2 az Xboxhoz a Fanatec filoz\u00f3fi\u00e1j\u00e1n alapul: alum\u00ednium, szintetikus anyagok \u00e9s b\u0151r vagy m\u0171b\u0151r bor\u00edt\u00e1s kombin\u00e1ci\u00f3ja (verzi\u00f3t\u00f3l f\u00fcgg\u0151en), letisztult, letisztult strukt\u00far\u00e1val. Az els\u0151 dolog, ami felt\u0171nik, a lapos form\u00e1tum: a felni nagyon kev\u00e9s domborulattal rendelkezik, ami a \"GT \/ protot\u00edpus\" \u00e9rz\u00e9st \u00e9s a k\u00f6zvetlen ir\u00e1ny\u00edt\u00e1s azonnali \u00e9rz\u00e9s\u00e9t adja, a kezek \u00e9s az oszlop k\u00f6z\u00f6tti felesleges t\u00e1vols\u00e1g n\u00e9lk\u00fcl.<\/p>\n<p>A k\u00e9zben a korm\u00e1nyker\u00e9k a kontroll\u00e1lt s\u0171r\u0171s\u00e9g benyom\u00e1s\u00e1t kelti. Nem pehelys\u00faly\u00fa, de nem is \u00fcll\u0151. A merevs\u00e9ge j\u00f3: nem \u00e9rezhet\u0151 semmilyen parazita torzi\u00f3, ha er\u0151sen nyomja a massz\u00edv Direct Drive alapon. A f\u00e9mkarok a k\u00f6zponti Xbox hubbal kombin\u00e1lva komoly \u00e9rzetet adnak neki. \u00dagy \u00e9rzed, mintha egy igazi szersz\u00e1mot tartan\u00e1l a kezedben, nem pedig egy dekorat\u00edv j\u00e1t\u00e9kot. Amikor az FFB nagy \u00fct\u00e9seket m\u00e9r az er\u0151s alapra, semmi sem mozog, semmi sem nyikorog, minden szil\u00e1rd marad.<\/p>\n<p>\u00d6sszess\u00e9g\u00e9ben a kivitel tiszta, korrekt be\u00e1ll\u00edt\u00e1sokkal, j\u00f3l integr\u00e1lt csavarokkal \u00e9s j\u00f3zan log\u00f3kkal. A markolatok tapad\u00e1sa tisztess\u00e9ges, m\u00e9g hossz\u00fa \u00fcl\u00e9s sor\u00e1n is. Nem vagyunk eg\u00e9szen egy cs\u00facsmodell 100 % k\u00e9zzel varrott b\u0151rkorm\u00e1ny\u00e1nak szintj\u00e9n, de egy szimul\u00e1toros versenykorm\u00e1nyhoz k\u00e9pest az \u00f6sszcsomag koherens. Ami igaz\u00e1n kiemelkedik, az a k\u00e9nyelem \u00e9s a t\u00e1masz k\u00f6z\u00f6tti egyens\u00faly: a markolatok nem t\u00fal vastagok \u00e9s nem is t\u00fal v\u00e9konyak.<\/p>\n<p>Az enyhe csal\u00f3d\u00e1s, v\u00e9lem\u00e9nyem szerint, kev\u00e9sb\u00e9 a min\u0151s\u00e9gb\u0151l, mint ink\u00e1bb a diz\u00e1jn \"kiss\u00e9 b\u00f6lcs\" oldal\u00e1b\u00f3l fakad. Eszt\u00e9tikailag nagyon komolyan n\u00e9z ki, nagyon funkcion\u00e1lis, de hi\u00e1nyzik bel\u0151le valami vizu\u00e1lisan 'wow'. N\u00e9h\u00e1ny vag\u00e1nyabb Clubsport vagy Podium korm\u00e1nyker\u00e9khez k\u00e9pest ez a korm\u00e1nyker\u00e9k ink\u00e1bb haszn\u00e1lati t\u00e1rgynak t\u0171nik. M\u00e1sr\u00e9szt ez a visszafogott megjelen\u00e9s azoknak tetszik, akik nem szeretik a felt\u0171n\u0151 diz\u00e1jnt.<\/p>\n<p>A m\u0171anyag vagy bel\u00e9p\u0151 szint\u0171 korm\u00e1nyker\u00e9khez k\u00e9pest a merevs\u00e9g \u00e9s a komolys\u00e1g tekintet\u00e9ben egy\u00e9rtelm\u0171 a k\u00fcl\u00f6nbs\u00e9g. A m\u00e9g pr\u00e9miumabb Fanatec korm\u00e1nyker\u00e9kkel \u00f6sszehasonl\u00edtva \u00fagy \u00e9rezz\u00fck, hogy az anyag \u00e9s a kidolgozotts\u00e1g bizonyos r\u00e9szleteiben \u00e9ppen csak elmaradunk a c\u00e9lt\u00f3l, de a szil\u00e1rds\u00e1g\/\u00e1r ar\u00e1ny tov\u00e1bbra is hiteles.<\/p>\n<h2>Be\u00e1ll\u00edt\u00e1sok, testreszab\u00e1s \u00e9s kompatibilit\u00e1s<\/h2>\n<p>A ClubSport Steering Wheel Flat 1 V2 Xboxhoz a Fanatec \u00f6kosziszt\u00e9m\u00e1j\u00e1n alapul. A \"testreszab\u00e1s\" r\u00e9sze teh\u00e1t els\u0151sorban a haszn\u00e1lt alapot (Clubsport, CSL, DD...) \u00e9s a Fanatec vez\u00e9rl\u0151ben vagy az alap k\u00e9perny\u0151j\u00e9n \/ OSD-n kereszt\u00fcl t\u00f6rt\u00e9n\u0151 be\u00e1ll\u00edt\u00e1sokat \u00e9rinti.<\/p>\n<p>Az Xbox hubba integr\u00e1lt gombok \u00e9s kezel\u0151szervek j\u00f3l vannak elhelyezve: az Xbox billenty\u0171k, a botok \u00e9s a funkci\u00f3gombok mind k\u00e9nyelmesen elf\u00e9rnek az ujjak alatt. \u0150szint\u00e9n sz\u00f3lva, a konzol men\u00fciben val\u00f3 navig\u00e1l\u00e1s, az asszisztensek konfigur\u00e1l\u00e1sa \u00e9s a gombok \u00fajraszab\u00e1lyoz\u00e1s\u00e1nak kezel\u00e9se gyerekj\u00e1t\u00e9k. A logika vil\u00e1gos: mindened megvan, amire sz\u00fcks\u00e9ged van egy Xbox vagy PC j\u00e1t\u00e9k ir\u00e1ny\u00edt\u00e1s\u00e1hoz an\u00e9lk\u00fcl, hogy minden alkalommal el\u0151 kellene venned a billenty\u0171zetet vagy a kontrollert.<\/p>\n<p>A val\u00f3di testreszab\u00e1s a gombok hozz\u00e1rendel\u00e9s\u00e9vel \u00e9rhet\u0151 el a j\u00e1t\u00e9kban l\u00e9v\u0151 funkci\u00f3khoz (DRS, ERS, f\u00e9nysz\u00f3r\u00f3k, r\u00e1di\u00f3, boxutca-korl\u00e1toz\u00f3 stb.). A rendelkez\u00e9sre \u00e1ll\u00f3 gombok sz\u00e1m\u00e1nak k\u00f6sz\u00f6nhet\u0151en val\u00f3ban olyan konfigur\u00e1ci\u00f3t hozhatsz l\u00e9tre, amely megfelel a GT, a modern F1, a t\u00f6bboszt\u00e1lyos vagy ak\u00e1r az aszfaltos raliversenyz\u00e9shez. A lapos form\u00e1tum j\u00f3l alkalmazkodik az olyan szak\u00e1gakhoz, ahol a kezeidet fix poz\u00edci\u00f3ban tartod, apr\u00f3, pontos korrekci\u00f3kkal.<\/p>\n<p>A tanul\u00e1si g\u00f6rbe \u00e9sszer\u0171: ha m\u00e1r ismeri a Fanatec-et, akkor ugyanazt a logik\u00e1t fogja tal\u00e1lni. Ha \u00faj a m\u00e1rka, akkor egy kis id\u0151be telik megjegyezni, hogy hol vannak a parancsok, k\u00fcl\u00f6n\u00f6sen az Xbox rendszerfunkci\u00f3ival kapcsolatban. De ha egyszer belej\u00f6tt\u00e9l, nem gondolkodsz, hanem csin\u00e1lod.<\/p>\n<p>Ami a kompatibilit\u00e1st illeti, az integr\u00e1lt Xbox hub azt jelenti, hogy a leg\u00fajabb Xbox konzolokon is haszn\u00e1lhat\u00f3, \u00e9s term\u00e9szetesen a Fanatec-kompatibilis alapon kereszt\u00fcl PC-ken is. A PlayStation eset\u00e9ben nem a korm\u00e1nyker\u00e9k hat\u00e1rozza meg a kompatibilit\u00e1st, hanem az alap, \u00edgy ezt szem el\u0151tt kell tartanod. Egy Fanatec \u00f6kosziszt\u00e9m\u00e1ba ez a korm\u00e1nyker\u00e9k z\u00f6kken\u0151mentesen integr\u00e1l\u00f3dik: Fanatec ped\u00e1lok, v\u00e1lt\u00f3k, k\u00e9zif\u00e9k, merev pil\u00f3taf\u00fclke, minden egy\u00fctt van.<\/p>\n<p>Ami a friss\u00edthet\u0151s\u00e9get illeti, ez egy olyan term\u00e9k, amely egy\u00e9rtelm\u0171en egy alapszint\u0171 felfel\u00e9 ir\u00e1nyul\u00f3 l\u00e9p\u00e9st k\u00eds\u00e9rhet. Ez nem csak egy bel\u00e9p\u0151szint\u0171 term\u00e9k: egy er\u0151s Direct Drive alapra szerelve gond n\u00e9lk\u00fcl k\u00e9pes l\u00e9p\u00e9st tartani. Ez nem egy olyan \u00e1tmeneti ker\u00e9k, amelyet a legkisebb alapvet\u0151 friss\u00edt\u00e9skor lecser\u00e9lsz; hossz\u00fa ideig maradhat egy komoly be\u00e1ll\u00edt\u00e1sban.<\/p>\n<h2>\u00c9rzelmek a t\u00e9t<\/h2>\n<p>Ahol ez a korm\u00e1nyker\u00e9k igaz\u00e1n kiteljesedik, az a p\u00e1ly\u00e1n van. A lapos form\u00e1tum val\u00f3ban megv\u00e1ltoztatja az aut\u00f3 \u00e9rzet\u00e9t. \u00dagy \u00e9rzi, jobban \"ragaszkodik\" a korm\u00e1nyhoz, \u00e9s kisebb a t\u00e1vols\u00e1g a gesztus \u00e9s a reakci\u00f3 k\u00f6z\u00f6tt. Egy GT vagy protot\u00edpus t\u00edpus\u00fa p\u00e1ly\u00e1n ez a geometria nagyon pontos ir\u00e1ny\u00edt\u00e1st biztos\u00edt a gyors szekvenci\u00e1kban.<\/p>\n<p>Az FFB szempontj\u00e1b\u00f3l a perem nem ad hozz\u00e1 felesleges sz\u0171r\u0151t. Amit a b\u00e1zis k\u00fcld, azt mi eg\u00e9szen k\u00f6zvetlen\u00fcl kapjuk. Gyors kanyarokban j\u00f3l l\u00e1that\u00f3 a korm\u00e1nyker\u00e9k n\u00f6vekv\u0151 terhel\u00e9se. A tapad\u00e1sb\u00f3l az alulkorm\u00e1nyzotts\u00e1gba vagy t\u00falkorm\u00e1nyzotts\u00e1gba val\u00f3 \u00e1tmenet egy\u00e9rtelm\u0171. \u00c9rezni lehet, amikor az eleje elkezd cs\u00faszni, \u00e9s kiss\u00e9 fel kell emelni a l\u00e1bat, vagy a korm\u00e1nyt kell \u00e1ll\u00edtani. \"Azonnal meg\u00e9rted, hogy mit csin\u00e1l az aut\u00f3.<\/p>\n<p>A tapad\u00e1si \u00e9rt\u00e9kek k\u00fcl\u00f6n\u00f6sen tiszt\u00e1k a Direct Drive alapokon: a korm\u00e1ny nem rezeg minden ir\u00e1nyban ok n\u00e9lk\u00fcl, hanem j\u00f3l tov\u00e1bb\u00edtja a mikroinform\u00e1ci\u00f3kat: kis tapad\u00e1svesztes\u00e9gek gyors\u00edt\u00e1skor, a h\u00e1ts\u00f3 felf\u00fcggeszt\u00e9s k\u00f6nny\u00edt\u00e9se rezg\u0151re, tapad\u00e1sv\u00e1ltoz\u00e1sok a p\u00e1lya bels\u0151 \u00e9s k\u00fcls\u0151 r\u00e9sze k\u00f6z\u00f6tt. Kev\u00e9sb\u00e9 er\u0151s alapon (sz\u00edjas t\u00edpus) az \u00e9rz\u00e9s m\u00e9g mindig j\u00f3, de \u00f3hatatlanul kicsit \"l\u00e1gyabb\". A korm\u00e1ny nem alak\u00edt \u00e1t finoman egy \u00e1tlagos FFB-t, egyszer\u0171en k\u00f6veti, amit adsz neki.<\/p>\n<p>A vibr\u00e1torok j\u00f3l reproduk\u00e1ltak. K\u00f6nny\u0171 megk\u00fcl\u00f6nb\u00f6ztetni a lapos F1 t\u00edpus\u00fa vibr\u00e1tort, a nagy agressz\u00edv vibr\u00e1tort vagy az enyh\u00e9n t\u00f6rt \u00e9l\u0171 vibr\u00e1tort. A korm\u00e1nyker\u00e9k merev marad: nincs benyom\u00e1s hajl\u00edt\u00e1sr\u00f3l vagy csavarod\u00e1sr\u00f3l, m\u00e9g akkor sem, ha kem\u00e9nyen \u00e1thajtunk a sz\u00e9leken. \u00c9rzi az \u00fct\u00e9st, de nincs az anyagb\u00f3l ered\u0151 parazita rezg\u00e9s. Ez adja azt a tiszta, kontroll\u00e1lt \u00e9rz\u00e9st. \"A p\u00e1ly\u00e1t \u00e9rzed, nem a m\u0171anyagot.<\/p>\n<p>A gyors korrekci\u00f3khoz a lapos form\u00e1tum sokat seg\u00edt. Egy cs\u00fasz\u00e1sn\u00e1l, egy h\u00e1ts\u00f3 bukfencn\u00e9l vagy egy kicsit t\u00fal kem\u00e9nyen t\u00e1madott sik\u00e1nn\u00e1l \u00e9rezhet\u0151 a gyors \u00e9s pontos korrekci\u00f3 k\u00e9pess\u00e9ge. A korm\u00e1nyker\u00e9k nem t\u00fal m\u00e9ly \u00e9s nem t\u00fal vastag. A 9,15-\u00f6s markolat\u00fa markolat ergon\u00f3miailag \u00fagy van kialak\u00edtva, hogy a m\u00e1sodperc t\u00f6rt r\u00e9sze alatt ellens\u00falyozza a t\u00falkorm\u00e1nyzotts\u00e1got. A korm\u00e1nyker\u00e9k tehetetlens\u00e9ge visszafogott marad, \u00e9s gyors man\u0151verez\u00e9skor sem \u00e9rez neh\u00e9zkess\u00e9get.<\/p>\n<p>Hossz\u00fa munkamenetek sor\u00e1n a k\u00e9nyelem j\u00f3l tartja mag\u00e1t. A kezek nem f\u00e1radnak el t\u00falzottan, amennyiben az alap FFB-j\u00e9t \u00e9sszer\u0171en \u00e1ll\u00edtja be. A keszty\u0171k nem k\u00f6telez\u0151ek, b\u00e1r a nagyon er\u0151s alapokon a fog\u00e1s \u00e9s a k\u00e9z v\u00e9delme \u00e9rdek\u00e9ben el\u0151ny\u00f6sek. A fel\u00fclet nem v\u00e1lik cs\u00fasz\u00f3ss\u00e1, m\u00e9g egy kis izzad\u00e1ssal sem. Lehet 30 percig, majd 1 \u00f3r\u00e1n kereszt\u00fcl lovagolni an\u00e9lk\u00fcl, hogy k\u00fcl\u00f6n\u00f6sebb k\u00e9nyelmetlens\u00e9get \u00e9rezn\u00e9nk mag\u00e1t\u00f3l a korm\u00e1nyt\u00f3l.<\/p>\n<p>Az \u00e1ltal\u00e1nos mer\u00edt\u00e9s szempontj\u00e1b\u00f3l a korm\u00e1nyker\u00e9k j\u00f3l v\u00e9gzi a dolg\u00e1t. A lapos megjelen\u00e9s, a hozz\u00e1f\u00e9rhet\u0151 gombok \u00e9s a k\u00f6zvetlen \u00e9rz\u00e9s azt az \u00e9rz\u00e9st adja, mintha egy modern GT-ben vagy prot\u00f3ban \u00fcln\u00e9l, k\u00fcl\u00f6n\u00f6sen egy j\u00f3 merev pil\u00f3taf\u00fclk\u00e9vel \u00e9s egy nagy vagy h\u00e1rmas k\u00e9perny\u0151vel. Egy kerekebb, utcai korm\u00e1nyker\u00e9kkel \u00f6sszehasonl\u00edtva a f\u00e9kez\u00e9si z\u00f3n\u00e1kban \u00e9s a gyors nyom\u00e1sgyakorl\u00e1sn\u00e1l precizit\u00e1st nyerhetsz. Egy m\u00e9g sz\u00e9ls\u0151s\u00e9gesebb, cs\u00facsmodell korm\u00e1nyker\u00e9kkel \u00f6sszehasonl\u00edtva a \"luxus\" \u00e9rzet tekintet\u00e9ben vesz\u00edt egy kicsit, de a l\u00e9nyeg megmarad: az ir\u00e1ny\u00edt\u00e1s \u00e9s az aut\u00f3 finom leolvas\u00e1sa.<\/p>\n<h2>Kinek sz\u00f3l? Amit szeret\u00fcnk \/ Amit nem szeret\u00fcnk<\/h2>\n<p>A ClubSport Steering Wheel Flat 1 V2 Xboxhoz els\u0151sorban a k\u00f6z\u00e9phalad\u00f3 \u00e9s halad\u00f3 szimul\u00e1torversenyz\u0151knek sz\u00f3l, akiknek m\u00e1r van Fanatec-alapjuk, vagy fontolgatj\u00e1k a v\u00e1lt\u00e1st, \u00e9s akik sokat vezetnek GT, LMP, modern vagy t\u00f6bboszt\u00e1lyos aut\u00f3kat. M\u00e9g mindig el\u00e9rhet\u0151 a motiv\u00e1lt kezd\u0151k sz\u00e1m\u00e1ra, akik tudj\u00e1k, hogy egy olyan be\u00e1ll\u00edt\u00e1sra v\u00e1gynak, amely fejl\u0151d\u0151k\u00e9pes \u00e9s tart\u00f3s, de t\u00falz\u00e1s lehet annak, aki csak n\u00e9ha j\u00e1tszik \u00e1rk\u00e1d m\u00f3dban.<\/p>\n<p>Amit a legjobban \u00e9rt\u00e9kelek, az a merevs\u00e9g \u00e9s az \u00e1ltal\u00e1nos szil\u00e1rd \u00e9rz\u00e9s. Egy Direct Drive alapon nem kell f\u00e9lni, hogy felrakja az FFB-t: a ker\u00e9k meging\u00e1s n\u00e9lk\u00fcl kezeli azt. Azt\u00e1n ott van a lapos form\u00e1tum, amely rendk\u00edv\u00fcl hat\u00e9kony a komoly vezet\u00e9shez: precizit\u00e1s, gyors korrekci\u00f3k, k\u00f6zvetlen \u00e9rz\u00e9s el\u00f6lr\u0151l. V\u00e9g\u00fcl az Xbox integr\u00e1ci\u00f3 igazi plusz, ha konzolon j\u00e1tszol: nem kell a kontrollerrel \u00e9s a korm\u00e1nnyal zsongl\u0151rk\u00f6dn\u00f6d, mindent a hubr\u00f3l ir\u00e1ny\u00edtasz.<\/p>\n<p>Ami a korl\u00e1toz\u00e1sokat illeti, a diz\u00e1jn egy kicsit t\u00fals\u00e1gosan is j\u00f3zan lehet azok sz\u00e1m\u00e1ra, akik vizu\u00e1lisan nagyon \"versenyz\u0151s\" korm\u00e1nykereket szeretnek, rengeteg rotorral, sz\u00ednnel \u00e9s LED-ekkel mindenhol. A gombok ergon\u00f3mi\u00e1ja, b\u00e1r \u00e1ltal\u00e1ban j\u00f3, kompromisszumos: minden el\u00e9rhet\u0151, de n\u00e9h\u00e1ny nagyon k\u00e9nyes j\u00e1t\u00e9kos ink\u00e1bb az F1-re, a rallyra vagy a tiszta GT-re jellemz\u0151bb elrendez\u00e9st fogja el\u0151nyben r\u00e9szes\u00edteni. \u00c9s persze ez a term\u00e9k jelent\u0151s befektet\u00e9st jelent: az \u00e9rz\u00e9kelt \u00e9rt\u00e9k megvan, de \u00fagy \u00e9rzed, hogy az Xbox-kompatibilit\u00e1s\u00e9rt, az \u00e9p\u00edt\u00e9si min\u0151s\u00e9g\u00e9rt \u00e9s az \u00f6kosziszt\u00e9m\u00e1\u00e9rt fizetsz.<\/p>\n<p>Az \u00e1r-\u00e9rt\u00e9k ar\u00e1nyt tekintve \u00fagy l\u00e1tom, hogy ez egy olyan ker\u00e9k, amely j\u00f3l megv\u00e9di mag\u00e1t, ha hossz\u00fa ideig sz\u00e1nd\u00e9kozik a Fanatec mellett maradni, \u00e9s komoly alapot haszn\u00e1l ki. Egy egyszeri be\u00e1ll\u00edt\u00e1shoz vagy els\u0151 v\u00e1s\u00e1rl\u00e1shoz, hossz\u00fa t\u00e1v\u00fa elk\u00e9pzel\u00e9s n\u00e9lk\u00fcl, egy kicsit dr\u00e1g\u00e1nak t\u0171nhet. Egy hossz\u00fa t\u00e1v\u00fa elk\u00e9pzel\u00e9sekkel rendelkez\u0151 szimul\u00e1torosnak viszont sokkal t\u00f6bb \u00e9rtelme van.<\/p>\n<h2>\u00cdt\u00e9let<\/h2>\n<p>A Fanatec ClubSport Steering Wheel Flat 1 V2 Xboxhoz nem forradalmas\u00edt \u00f6nmag\u00e1ban egy be\u00e1ll\u00edt\u00e1st, de egy\u00e9rtelm\u0171en megszil\u00e1rd\u00edtja azt. Egy tisztess\u00e9ges alapot sokkal komolyabb csomagg\u00e1 alak\u00edt \u00e1t, \u00e9s lehet\u0151v\u00e9 teszi, hogy egy cs\u00facskateg\u00f3ri\u00e1s alap teljes potenci\u00e1lj\u00e1t kifejezze an\u00e9lk\u00fcl, hogy a korm\u00e1nyker\u00e9k korl\u00e1tozn\u00e1. Ez egy olyan komponens, amely felfel\u00e9 h\u00fazza a setupodat, k\u00fcl\u00f6n\u00f6sen, ha gyakran versenyzel GT vagy endurance versenyeken.<\/p>\n<p>A piacon az \"\u00e9sszer\u0171 pr\u00e9mium\" szegmensbe soroln\u00e1m: komolyabb \u00e9s robusztusabb, mint egy bel\u00e9p\u0151 szint\u0171 vagy k\u00f6z\u00e9pkateg\u00f3ri\u00e1s ker\u00e9k, de an\u00e9lk\u00fcl, hogy el\u00e9rn\u00e9 a nagyon cs\u00facskateg\u00f3ri\u00e1s kerekek ultraspeci\u00e1lis extravaganci\u00e1j\u00e1t. Igazi er\u0151ss\u00e9ge az egyens\u00falya: el\u00e9g robusztus az er\u0151s alapokhoz, el\u00e9g sokoldal\u00fa ahhoz, hogy t\u00f6bb sport\u00e1gat is lefedjen, el\u00e9g ergonomikus a konzol + PC haszn\u00e1lathoz.<\/p>\n<p>Azoknak a j\u00e1t\u00e9kosoknak aj\u00e1nlan\u00e1m, akik lapos, merev, Xbox-kompatibilis kereket szeretn\u00e9nek, \u00e9s akik rendszeresen, minim\u00e1lis komolys\u00e1ggal vezetnek. Annak, aki csak alkalmank\u00e9nt j\u00e1tszik j\u00e1t\u00e9kkonzolon, nem ez lesz a legjobb v\u00e1laszt\u00e1s - vannak egyszer\u0171bb \u00e9s olcs\u00f3bb opci\u00f3k is. Egy szimul\u00e1torosnak, aki egy megb\u00edzhat\u00f3, tiszta ker\u00e9kre v\u00e1gyik, amely l\u00e9p\u00e9st tud tartani a szint \u00e9s a felszerel\u00e9s fejl\u0151d\u00e9s\u00e9vel, ez egy nagyon \u00e9rdekes v\u00e1laszt\u00e1s.<\/p>\n<p>Ha egy lapos, teljes\u00edtm\u00e9nyorient\u00e1lt kereket keresel, amely sz\u00e9pen illeszkedik az Xbox \u00e9s PC Fanatec be\u00e1ll\u00edt\u00e1sokhoz, akkor ez a term\u00e9k egy\u00e9rtelm\u0171en k\u00fcl\u00f6nbs\u00e9get tehet a be\u00e1ll\u00edt\u00e1said k\u00f6z\u00f6tt.<\/p>","protected":false},"excerpt":{"rendered":"<p>Ez a korm\u00e1nyker\u00e9k nagyon k\u00f6zvetlen \u00e9s komoly ir\u00e1ny\u00edthat\u00f3s\u00e1gi \u00e9rzetet ad, ami egy\u00e9rtelm\u0171en n\u00f6veli a precizit\u00e1st \u00e9s a magabiztoss\u00e1got a p\u00e1ly\u00e1n, k\u00fcl\u00f6n\u00f6sen GT\/endurance kateg\u00f3ri\u00e1ban. \u00c9rtelemszer\u0171en azoknak a szimul\u00e1toros versenyz\u0151knek sz\u00f3l, akik m\u00e1r elk\u00f6telezt\u00e9k magukat a Fanatec \u00f6kosziszt\u00e9m\u00e1ja mellett, mind Xboxon, mind PC-n, akik rendszeresen vezetnek \u00e9s tart\u00f3s felszerel\u00e9st szeretn\u00e9nek. \u00d6sszess\u00e9g\u00e9ben a merevs\u00e9g, a k\u00e9nyelem \u00e9s a sokoldal\u00fas\u00e1g k\u00f6z\u00f6tti ar\u00e1ny \u00f6sszhangban van a pozicion\u00e1l\u00e1s\u00e1val.<\/p>","protected":false},"featured_media":100680,"comment_status":"open","ping_status":"closed","template":"","meta":{"_acf_changed":false,"_et_pb_use_builder":"","_et_pb_old_content":"","_et_gb_content_width":""},"product_brand":[158],"product_cat":[156],"product_tag":[149,159,160],"class_list":{"0":"post-100679","1":"product","2":"type-product","3":"status-publish","4":"has-post-thumbnail","6":"product_brand-fanatec","7":"product_cat-roue-de-volant","8":"product_tag-pc","9":"product_tag-playstation","10":"product_tag-xbox","12":"first","13":"instock","14":"shipping-taxable","15":"product-type-external"},"acf":[],"_links":{"self":[{"href":"https:\/\/simracergear.com\/hu\/wp-json\/wp\/v2\/product\/100679","targetHints":{"allow":["GET"]}}],"collection":[{"href":"https:\/\/simracergear.com\/hu\/wp-json\/wp\/v2\/product"}],"about":[{"href":"https:\/\/simracergear.com\/hu\/wp-json\/wp\/v2\/types\/product"}],"replies":[{"embeddable":true,"href":"https:\/\/simracergear.com\/hu\/wp-json\/wp\/v2\/comments?post=100679"}],"wp:featuredmedia":[{"embeddable":true,"href":"https:\/\/simracergear.com\/hu\/wp-json\/wp\/v2\/media\/100680"}],"wp:attachment":[{"href":"https:\/\/simracergear.com\/hu\/wp-json\/wp\/v2\/media?parent=100679"}],"wp:term":[{"taxonomy":"product_brand","embeddable":true,"href":"https:\/\/simracergear.com\/hu\/wp-json\/wp\/v2\/product_brand?post=100679"},{"taxonomy":"product_cat","embeddable":true,"href":"https:\/\/simracergear.com\/hu\/wp-json\/wp\/v2\/product_cat?post=100679"},{"taxonomy":"product_tag","embeddable":true,"href":"https:\/\/simracergear.com\/hu\/wp-json\/wp\/v2\/product_tag?post=100679"}],"curies":[{"name":"wp","href":"https:\/\/api.w.org\/{rel}","templated":true}]}}