{"id":100689,"date":"2025-11-28T04:46:42","date_gmt":"2025-11-28T04:46:42","guid":{"rendered":"https:\/\/simracergear.com\/products\/fanatec-clubsport-steering-wheel-formula-v2-5\/"},"modified":"2025-11-28T04:46:42","modified_gmt":"2025-11-28T04:46:42","slug":"fanatec-clubsport-steering-wheel-formula-v2-5","status":"publish","type":"product","link":"https:\/\/simracergear.com\/hu\/products\/fanatec-clubsport-steering-wheel-formula-v2-5\/","title":{"rendered":"Fanatec ClubSport korm\u00e1nyker\u00e9k Formula V2.5"},"content":{"rendered":"<h2>Fanatec ClubSport korm\u00e1nyker\u00e9k Formula V2.5: az \"F1\" korm\u00e1nyker\u00e9k, amely fel\u00e9p\u00edt egy be\u00e1ll\u00edt\u00e1st<\/h2>\n<p>A Fanatec ClubSport Formula V2.5 korm\u00e1nyker\u00e9k sok szimul\u00e1torversenyz\u0151 sz\u00e1m\u00e1ra egyfajta F1-es referencia. Ez egy kompakt, gombokkal zs\u00fafolt korm\u00e1nyker\u00e9k, amelyet egy\u00fcl\u00e9ses \u00e9s proto vezet\u00e9sre terveztek, \u00e9s egy\u00e9rtelm\u0171en a Fanatec piac k\u00f6z\u00e9p- \u00e9s fels\u0151 kateg\u00f3ri\u00e1s szegmens\u00e9t c\u00e9lozza meg. Nem \u00edg\u00e9r technol\u00f3giai forradalmat, de a bel\u00e9p\u0151 szint\u0171 korm\u00e1nyker\u00e9khez k\u00e9pest val\u00f3di el\u0151rel\u00e9p\u00e9st k\u00edn\u00e1l a tapint\u00e1s, az ergon\u00f3mia \u00e9s a kivitelez\u00e9s tekintet\u00e9ben.<\/p>\n<p>Ez a ker\u00e9k az\u00e9rt vonz\u00f3, mert egyszerre t\u00f6bb dolgot is kipip\u00e1l: magabiztos F1-es megjelen\u00e9s, komoly anyagok, nagy tuningpotenci\u00e1l \u00e9s sz\u00e9lesk\u00f6r\u0171 kompatibilit\u00e1s a Fanatec alapokkal. Ez az \"\u00e9des pont\" azok sz\u00e1m\u00e1ra, akik szeretn\u00e9nek egy sebess\u00e9gfokozatot feljebb l\u00e9pni an\u00e9lk\u00fcl, hogy m\u00e9g exkluz\u00edvabb \u00e9s sokkal dr\u00e1g\u00e1bb kerekek\u00e9rt kellene folyamodniuk.<\/p>\n<p>Az \u00e9n szemsz\u00f6gem itt egyszer\u0171: ez a Formula V2.5 val\u00f3ban t\u00f6bbet ny\u00fajt a pontoss\u00e1g, a k\u00e9zben val\u00f3 \u00e9rz\u00e9s \u00e9s a haszn\u00e1lat k\u00e9nyelme szempontj\u00e1b\u00f3l, mint az \u00f6kosziszt\u00e9m\u00e1ban l\u00e9v\u0151 alapszint\u0171 korm\u00e1nykerekek? Sokoldal\u00faan haszn\u00e1lhat\u00f3-e az F1-en \u00e9s a protokon t\u00fal is? \u00c9s mindenekel\u0151tt, igazolja-e az \u00e1r\u00e1t, mint val\u00f3di befektet\u00e9s egy teljes\u00edtm\u00e9nyorient\u00e1lt be\u00e1ll\u00edt\u00e1sba?<\/p>\n<h2>Tervez\u00e9s \u00e9s gy\u00e1rt\u00e1s: egy igazi komoly szimul\u00e1toros korm\u00e1nyker\u00e9k<\/h2>\n<p>A Formula V2.5 a k\u00e9zben azonnal s\u0171r\u0171s\u00e9g benyom\u00e1s\u00e1t kelti. A f\u00e9m el\u0151lap, a merev h\u00e9j \u00e9s az alcantar\u00e1val vagy b\u0151rrel bor\u00edtott markolatok (verzi\u00f3t\u00f3l f\u00fcgg\u0151en) a hat\u00e1rozott szil\u00e1rds\u00e1g \u00e9rzet\u00e9t keltik. \u00c9rezhet\u0151, hogy ez nem j\u00e1t\u00e9k: az eg\u00e9sz t\u00f6m\u00f6r, nem nyikorog \u00e9s nem l\u00e1that\u00f3 a hajl\u00e9konys\u00e1ga. Ha egy kicsit meg mered hajl\u00edtani, semmi sem mozdul. Ez a merevs\u00e9g mindent megv\u00e1ltoztat a Direct Drive alaplappal.<\/p>\n<p>A v\u00e1lasztott anyagok \u00f6sszess\u00e9g\u00e9ben els\u0151rang\u00faak ebben a term\u00e9kcsal\u00e1dban. A f\u00e9m el\u0151lap bizalomgerjeszt\u0151, a gombok hat\u00e1rozottan kattannak, nem t\u00fal kem\u00e9nyen \u00e9s nem t\u00fal puh\u00e1n, \u00e9s a k\u00f3dol\u00f3k vil\u00e1gosan jelzett reteszekkel forognak. Az egyik be\u00e1ll\u00edt\u00e1sr\u00f3l a m\u00e1sikra n\u00e9z\u00e9s n\u00e9lk\u00fcl, csak \u00e9rint\u00e9ssel v\u00e1lthatsz, ami igazi el\u0151ny, ha \u00e9pp egy verseny k\u00f6zep\u00e9n vagy.<\/p>\n<p>Ami meglep\u0151, az a kezel\u0151szervek r\u00e9szletess\u00e9ge: t\u00f6bb gomb, forg\u00f3kar, anal\u00f3g botok, \u00e1ll\u00edthat\u00f3 lap\u00e1tok... Azonnal vil\u00e1gos, hogy ezt a korm\u00e1nyt \u00fagy tervezt\u00e9k, hogy egy modern, \u00f6sszetett aut\u00f3t ir\u00e1ny\u00edtson, a billenty\u0171zet \u00e9rint\u00e9se n\u00e9lk\u00fcl. Olyan, mintha egy igazi m\u0171szerfal lenne a kezedben.<\/p>\n<p>Van k\u00e9t olyan szempont, ahol kicsit t\u00f6bb fenntart\u00e1som van. El\u0151sz\u00f6r is, az alcantara t\u00edpus\u00fa bor\u00edt\u00e1s gondoz\u00e1st ig\u00e9nyel: keszty\u0171 n\u00e9lk\u00fcl gyorsabban elhaszn\u00e1l\u00f3dhat, k\u00fcl\u00f6n\u00f6sen hossz\u00fa munkamenetek sor\u00e1n. M\u00e1sodszor, n\u00e9h\u00e1nyan \u00fagy tal\u00e1lj\u00e1k majd, hogy a meglehet\u0151sen kis \u00e1tm\u00e9r\u0151 \u00e9s a lapos forma miatt a korm\u00e1nyker\u00e9k nagyon tipikus, kev\u00e9sb\u00e9 k\u00e9nyelmes a nagy kezek sz\u00e1m\u00e1ra, vagy a hagyom\u00e1nyos GT-aut\u00f3kban val\u00f3 \"nyugodt\" vezet\u00e9shez.<\/p>\n<p>A min\u0151s\u00e9get tekintve, \u00f6sszehasonl\u00edtva egy ugyanezen m\u00e1rka egyszer\u0171bb korm\u00e1nyker\u00e9k\u00e9vel, egy\u00e9rtelm\u0171en el\u0151rel\u00e9p\u00e9st jelent a gy\u00e1rt\u00e1si pontoss\u00e1g \u00e9s a fizikai \u00e9rzetek s\u0171r\u0171s\u00e9ge tekintet\u00e9ben. A m\u00e9g cs\u00facskateg\u00f3ri\u00e1sabb korm\u00e1nyker\u00e9kkel \u00f6sszehasonl\u00edtva a gombok \u00e9s a lap\u00e1tok tapint\u00e1sa m\u00e9g mindig egy kicsit \"ipariasabb\", de az \u00e1r\u00e1hoz k\u00e9pest az egyens\u00faly nagyon koherens.<\/p>\n<h2>Be\u00e1ll\u00edt\u00e1sok, testreszab\u00e1s \u00e9s kompatibilit\u00e1s: egy igazi vez\u00e9rl\u0151k\u00f6zpont<\/h2>\n<p>A Formula V2.5 akkor v\u00e1lik igaz\u00e1n saj\u00e1tj\u00e1v\u00e1, ha a Fanatec \u00f6kosziszt\u00e9m\u00e1j\u00e1nak r\u00e9sz\u00e9v\u00e9 v\u00e1lsz. Az alapon tal\u00e1lhat\u00f3 tuning men\u00fc \u00e9s a k\u00f6zvetlen\u00fcl a korm\u00e1nyker\u00e9ken tal\u00e1lhat\u00f3 k\u00f3dol\u00f3k k\u00f6z\u00f6tt rengeteg param\u00e9tert \u00e1ll\u00edthatsz be an\u00e9lk\u00fcl, hogy elhagyn\u00e1d a p\u00e1ly\u00e1t. FFB er\u0151ss\u00e9g, sz\u0171r\u00e9s, forg\u00e1si sz\u00f6g, \u00e9rz\u00e9kenys\u00e9g, effektek be\/ki, mindezek a be\u00e1ll\u00edt\u00e1sok gyorsan reflexszer\u0171v\u00e9 v\u00e1lnak.<\/p>\n<p>A Fanatec adatb\u00e1zisokba \u00e9p\u00edtett el\u0151be\u00e1ll\u00edt\u00e1sok seg\u00edtik a kezd\u00e9st. Egy alapbe\u00e1ll\u00edt\u00e1ssal kezdhet, majd a p\u00e1ly\u00e1nak megfelel\u0151en finom\u00edthat rajta. A tanul\u00e1si g\u00f6rbe nem bonyolult, de egy kis id\u0151be telik, am\u00edg eligazodunk a gombok \u00e9s forg\u00f3k sokas\u00e1g\u00e1ban. Eleinte k\u00f6r\u00fcl kell n\u00e9zni \u00e9s tapogat\u00f3zni, majd az ujjak megjegyzik a billenty\u0171funkci\u00f3k hely\u00e9t. Amikor kattan, az ergon\u00f3mia igazi \u00e9rt\u00e9kk\u00e9 v\u00e1lik.<\/p>\n<p>A testreszabhat\u00f3s\u00e1g k\u00fcl\u00f6n\u00f6sen \u00e9rdekes a j\u00e1t\u00e9kbeli funkci\u00f3k kezel\u00e9s\u00e9ben: f\u00e9kkever\u00e9k, differenci\u00e1lm\u0171, ABS, kip\u00f6rg\u00e9sg\u00e1tl\u00f3, ERS bevet\u00e9se, motort\u00e9rk\u00e9pek stb. Mindent gombokkal, forg\u00f3karokkal \u00e9s kis joystickokkal lehet ir\u00e1ny\u00edtani. A korm\u00e1nyt t\u00e9nyleg a vezet\u00e9si st\u00edlusodhoz \u00e9s az aut\u00f3t\u00edpusodhoz igaz\u00edthatod, an\u00e9lk\u00fcl, hogy neh\u00e9zkes men\u00fck\u00f6n kereszt\u00fcl kellene v\u00e9gigmenned.<\/p>\n<p>Ami a kompatibilit\u00e1st illeti, a ker\u00e9k a PC \u00e9s konzol felhaszn\u00e1l\u00f3knak egyar\u00e1nt sz\u00f3l, amennyiben a Fanatec alap t\u00e1mogatja a platformot. PC-n nyilv\u00e1nval\u00f3an a maxim\u00e1lis rugalmass\u00e1g el\u0151nyeit \u00e9lvezheti. Konzolokon a ker\u00e9k tov\u00e1bbra is teljes m\u00e9rt\u00e9kben m\u0171k\u00f6d\u0151k\u00e9pes marad, m\u00e9g akkor is, ha egyes c\u00edmek bizonyos speci\u00e1lis feladatokat m\u00e1sk\u00e9pp kezelnek.<\/p>\n<p>Az \u00f6kosziszt\u00e9m\u00e1ban t\u00f6k\u00e9letesen illeszkedik a m\u00e1rka ClubSport vagy CSL hajt\u00f3karjaihoz, v\u00e1lt\u00f3ihoz \u00e9s k\u00e9zif\u00e9keihez. Egy\u00e9rtelm\u0171en egy olyan term\u00e9kr\u0151l van sz\u00f3, amely egy evol\u00faci\u00f3s fel\u00e1ll\u00e1s r\u00e9sze: egy megfizethet\u0151bb alapb\u00f3l indulhatsz, majd a ker\u00e9k cser\u00e9je n\u00e9lk\u00fcl \u00e9p\u00edthetsz fel egy er\u0151sebb Direct Drive-ra. Ebben az \u00e9rtelemben a Formula V2.5 egy tart\u00f3s horgonypont egy Fanatec be\u00e1ll\u00edt\u00e1sban.<\/p>\n<h2>Szenz\u00e1ci\u00f3k j\u00e1t\u00e9k k\u00f6zben: a Formula V2.5 megmutatja igazi arc\u00e1t<\/h2>\n<p>A p\u00e1ly\u00e1n az els\u0151 dolog, ami felt\u0171nik, az a korm\u00e1nyker\u00e9k \u00e1ltal k\u00fcld\u00f6tt \u00fczenet pontoss\u00e1ga. A j\u00f3 Direct Drive alapokkal a tapad\u00e1s minden mikrov\u00e1ltoz\u00e1sa, minden terhel\u00e9s\u00e1tvitel nagyon egy\u00e9rtelm\u0171 reakci\u00f3v\u00e1 alakul a kezekben. Nem felt\u00e9tlen\u00fcl nyers er\u0151re gondolunk, hanem egy\u00e9rtelm\u0171s\u00e9gre. Gyorsan meg\u00e9rted, hogy mit csin\u00e1l az els\u0151 tengely.<\/p>\n<p>Gyors kanyarokban a korm\u00e1nyker\u00e9k k\u00fcl\u00f6n\u00f6sen tiszta visszajelz\u00e9st ad. \u00c9rezni lehet a gumiabroncsok terhel\u00e9si pontj\u00e1t, azt a pillanatot, amikor az els\u0151 felf\u00fcggeszt\u00e9s t\u00falterhel\u00e9se kezd\u0151dik, \u00e9s a pontos id\u0151z\u00edt\u00e9st, amikor enyh\u00e9n engedni kell, \u00e9s meg kell tartani a sebess\u00e9get. A kompakt \"F1\" form\u00e1tum sokat seg\u00edt: a kezek k\u00f6zel maradnak egym\u00e1shoz, a korrekci\u00f3k pedig term\u00e9szetesek \u00e9s gyorsak, nagy gesztusok n\u00e9lk\u00fcl.<\/p>\n<p>Tapad\u00e1s szempontj\u00e1b\u00f3l a Formula V2.5 val\u00f3di el\u0151rel\u00e9p\u00e9st jelent egy egyszer\u0171bb korm\u00e1nyker\u00e9khez k\u00e9pest. A cs\u00fasz\u00e1s kezdetei egy\u00e9rtelm\u0171bbek, k\u00fcl\u00f6n\u00f6sen a t\u00e1maszt\u00e9kkal val\u00f3 f\u00e9kez\u00e9skor vagy az agressz\u00edv kanyarokba val\u00f3 bel\u00e9p\u00e9skor. Jobban \u00e9rzi, hogy milyen hat\u00e1rhoz k\u00f6zeledik, ahelyett, hogy az utols\u00f3 pillanatban kellene elfogadnia azt. Ez felbecs\u00fclhetetlen \u00e9rt\u00e9k\u0171 az egyenletes vezet\u00e9sen val\u00f3 munk\u00e1hoz. Jobban vezetsz a v\u00e1rakoz\u00e1s, mint a reakci\u00f3 alapj\u00e1n.<\/p>\n<p>A rezg\u00e9sek j\u00f3l reproduk\u00e1lhat\u00f3k, el\u00e9g r\u00e9szletesen ahhoz, hogy megk\u00fcl\u00f6nb\u00f6ztessenek egy egyszer\u0171 lapos vibr\u00e1tort egy agressz\u00edv \"kolb\u00e1sz\" vibr\u00e1tort\u00f3l. A szerkezet merevs\u00e9g\u00e9nek k\u00f6sz\u00f6nhet\u0151en elker\u00fclhet\u0151k a parazita rezg\u00e9sek vagy a haj\u00f3test zajai. \u00c9rezni lehet a becsap\u00f3d\u00e1st, majd a stabiliz\u00e1l\u00f3d\u00e1st. Tiszta, \u00e9les \u00e9s mindenekel\u0151tt k\u00f6vetkezetes, m\u00e9g akkor is, ha az FFB ereje nyomja.<\/p>\n<p>A hossz\u00fa \u00fcl\u00e9sek sor\u00e1n a k\u00e9nyelem pozit\u00edv meglepet\u00e9s volt. A korm\u00e1nyker\u00e9k markolata id\u0151vel j\u00f3l tartja mag\u00e1t, felt\u00e9ve, ha keszty\u0171t viselsz, ha alcantar\u00e1t haszn\u00e1lsz. A markolat form\u00e1ja lehet\u0151v\u00e9 teszi, hogy a kezed helyzet\u00e9t kiss\u00e9 megv\u00e1ltoztasd an\u00e9lk\u00fcl, hogy elvesz\u00edten\u00e9d az ir\u00e1ny\u00edt\u00e1st. A sebess\u00e9gv\u00e1lt\u00f3 lap\u00e1tok j\u00f3l poz\u00edcion\u00e1ltak, \u00e9s nem f\u00e1rasztj\u00e1k az ujjakat. Hossz\u00fa ideig lehet tekerni an\u00e9lk\u00fcl, hogy k\u00fcl\u00f6n\u00f6sebb fesz\u00fclts\u00e9get \u00e9rezn\u00e9nk, ami kor\u00e1ntsem jellemz\u0151 minden kompakt korm\u00e1nyra.<\/p>\n<p>Ez a korm\u00e1nyker\u00e9k akkor v\u00e1lik igaz\u00e1n hasznoss\u00e1, amikor gyors korrekci\u00f3kat kell v\u00e9grehajtani, k\u00fcl\u00f6n\u00f6sen az \u00e9rz\u00e9keny egy\u00fcl\u00e9ses aut\u00f3kon vagy protot\u00edpusokon. Kompakt m\u00e9ret\u00e9nek kis tehetetlens\u00e9ge miatt nagyon gyorsan mozgathat\u00f3, ergon\u00f3mi\u00e1j\u00e1nak precizit\u00e1sa pedig azt jelenti, hogy nem fogsz v\u00e9letlen\u00fcl elt\u00e9vedni a gombok k\u00f6z\u00f6tt. Elkaphat egy t\u00falkorm\u00e1nyzotts\u00e1got, kiv\u00e1lthat egy motort\u00e9rk\u00e9p-v\u00e1lt\u00e1st vagy be\u00e1ll\u00edthatja a f\u00e9kegyens\u00falyt, mik\u00f6zben kez\u00e9t szil\u00e1rdan a korm\u00e1nyker\u00e9ken tartja. Az aut\u00f3 ir\u00e1ny\u00edt\u00e1sa \u00f6szt\u00f6n\u00f6sebb\u00e9 v\u00e1lik.<\/p>\n<p>Egy egyszer\u0171bb, kev\u00e9sb\u00e9 merev \u00e9s kev\u00e9sb\u00e9 s\u0171r\u0171 korm\u00e1nyker\u00e9kkel \u00f6sszehasonl\u00edtva a k\u00fcl\u00f6nbs\u00e9g kev\u00e9sb\u00e9 az \u00e9rz\u00e9kelhet\u0151 teljes\u00edtm\u00e9nyben, mint ink\u00e1bb az olvashat\u00f3s\u00e1gban rejlik. M\u00edg egy bel\u00e9p\u0151\/k\u00f6z\u00e9pkateg\u00f3ri\u00e1s korm\u00e1nyker\u00e9k n\u00e9ha a nagy intenzit\u00e1s\u00fa hat\u00e1sok \"k\u00e1s\u00e1j\u00e1nak\" t\u0171nik, a Formula V2.5 az inform\u00e1ci\u00f3k vil\u00e1gos hierarchi\u00e1j\u00e1t tartja fenn. Vil\u00e1gosabban l\u00e1thatja, hogy mi j\u00f6n a tapad\u00e1sb\u00f3l, a p\u00e1lya fel\u00fclet\u00e9b\u0151l \u00e9s a korm\u00e1nyrendszerb\u0151l.<\/p>\n<p>A m\u00e9g magasabb kateg\u00f3ri\u00e1j\u00fa korm\u00e1nyker\u00e9kkel \u00f6sszehasonl\u00edtva a v\u00e9gs\u0151 finoms\u00e1g \u00e9s a mechanikai testreszabhat\u00f3s\u00e1g tekintet\u00e9ben n\u00e9mileg vesz\u00edt\u00fcnk, de a pontoss\u00e1g\/\u00e1r ar\u00e1ny nagyr\u00e9szt ennek a modellnek az el\u0151ny\u00e9re v\u00e1lik. A legt\u00f6bb szimul\u00e1toros sz\u00e1m\u00e1ra m\u00e1r a min\u0151s\u00e9gben \u00e9rz\u00e9kelhet\u0151 ugr\u00e1s is \u00f3ri\u00e1si. Az az \u00e9rz\u00e9s\u00fcnk, hogy egy m\u0171k\u00f6d\u0151 eszk\u00f6zzel rendelkez\u00fcnk, nem csak egy perif\u00e9ri\u00e1val.<\/p>\n<h2>Kinek sz\u00f3l? Mit szeret\u00fcnk, mit nem szeret\u00fcnk<\/h2>\n<p>A Formula V2.5 egy\u00e9rtelm\u0171en a motiv\u00e1lt, k\u00f6z\u00e9phalad\u00f3 vagy ann\u00e1l magasabb szint\u0171 szimul\u00e1torosokat c\u00e9lozza meg. Azoknak, akik rendszeresen vezetnek, akik kezdenek megbar\u00e1tkozni a fejlett be\u00e1ll\u00edt\u00e1sokkal, \u00e9s akik modern verseny\u00e9rzetet ny\u00fajt\u00f3 korm\u00e1nykereket szeretn\u00e9nek. K\u00fcl\u00f6n\u00f6sen alkalmas az F1, \u00e1ltal\u00e1ban a ny\u00edlt ker\u00e9kversenyz\u00e9s, az LMP protot\u00edpusok \u00e9s a virtu\u00e1lis hiperaut\u00f3k rajong\u00f3inak. PC-n igazi sv\u00e1jci bicska a modern aut\u00f3versenyz\u00e9shez. Konzolokon tov\u00e1bbra is kiv\u00e1l\u00f3 v\u00e1laszt\u00e1s, ha f\u0151k\u00e9nt versenyorient\u00e1lt c\u00edmekkel j\u00e1tszol.<\/p>\n<p>Amit a legjobban \u00e9rt\u00e9kelek, az a kivitelez\u00e9s, a tapint\u00e1s \u00e9s az ergon\u00f3mia kombin\u00e1ci\u00f3ja. A korm\u00e1nyker\u00e9k val\u00f3di komolys\u00e1g benyom\u00e1s\u00e1t kelti, amint k\u00e9zbe veszi az ember. Az \u00e1tvitt \u00e9rzetek tiszt\u00e1k \u00e9s k\u00f6vetkezetesek a Direct Drive alapon. A rendelkez\u00e9sre \u00e1ll\u00f3 kezel\u0151szervek sz\u00e1ma pedig azt jelenti, hogy val\u00f3ban a korm\u00e1nyr\u00f3l ir\u00e1ny\u00edthatsz, ami megv\u00e1ltoztatja a hossz\u00fa versenyek vagy stintek kezel\u00e9s\u00e9nek m\u00f3dj\u00e1t.<\/p>\n<p>Egy m\u00e1sik pozit\u00edvum, hogy ez egy tart\u00f3s term\u00e9k egy be\u00e1ll\u00edt\u00e1sban. Friss\u00edtheti az alapot, a ped\u00e1lokat vagy a t\u00f6bbi felszerel\u00e9st an\u00e9lk\u00fcl, hogy az lenne a benyom\u00e1sa, hogy ez a ker\u00e9k a gyenge l\u00e1ncszem lesz. J\u00f3l megbirk\u00f3zik az FFB el\u0151kel\u0151s\u00e9g\u00e9vel, ami nem mindig van \u00edgy a k\u00f6nnyebb vagy rugalmasabb kerekek eset\u00e9ben.<\/p>\n<p>Ami a korl\u00e1tokat illeti, az els\u0151 nyilv\u00e1nval\u00f3: a nagyon egy\u00fcl\u00e9ses forma miatt kev\u00e9sb\u00e9 sokoldal\u00fa azok sz\u00e1m\u00e1ra, akik els\u0151sorban \"klasszikus\" GT-ket, raliversenyeket vagy ny\u00edlt utakat vezetnek. Mindent meg lehet vele csin\u00e1lni, de nem a legterm\u00e9szetesebb form\u00e1tum ezekben a szak\u00e1gakban. M\u00e1sodszor, az alcantara \u00e9s a hasonl\u00f3 bevonatok keszty\u0171t vagy minim\u00e1lis t\u00f6r\u0151d\u00e9st ig\u00e9nyelnek, k\u00fcl\u00f6nben az eszt\u00e9tikai \u00e9lettartam is csorb\u00e1t szenved. V\u00e9g\u00fcl az \u00e1ra egy\u00e9rtelm\u0171en a megfontolt befektet\u00e9s kateg\u00f3ri\u00e1j\u00e1ba sorolja. M\u00e1r nem pr\u00f3bav\u00e1s\u00e1rl\u00e1sr\u00f3l besz\u00e9l\u00fcnk, hanem struktur\u00e1lis be\u00e1ll\u00edt\u00e1si v\u00e1laszt\u00e1sr\u00f3l.<\/p>\n<p>Az \u00e9rz\u00e9kelt \u00e9rt\u00e9ket tekintve, egy olyan szimul\u00e1toros sz\u00e1m\u00e1ra, aki komolyan veszi a hobbij\u00e1t, az egyenlet tov\u00e1bbra is \u00e9rdekes marad. Az \u00e9rz\u00e9sek val\u00f3di n\u00f6veked\u00e9s\u00e9t, az \u00e1tlagot j\u00f3val meghalad\u00f3 kivitelez\u00e9st \u00e9s a vezet\u00e9st ink\u00e1bb t\u00e1mogat\u00f3, mintsem bonyol\u00edt\u00f3 ergon\u00f3mi\u00e1t fizeted meg. Egy teljesen kezd\u0151 sz\u00e1m\u00e1ra ez t\u00falz\u00e1s lehet. Egy olyan j\u00e1t\u00e9kos sz\u00e1m\u00e1ra, aki m\u00e1r f\u00fcgg\u0151, az \u00e1r\/tapasztalat ar\u00e1nynak van \u00e9rtelme.<\/p>\n<h2>\u00cdt\u00e9let: szil\u00e1rd pill\u00e9r egy teljes\u00edtm\u00e9nyorient\u00e1lt be\u00e1ll\u00edt\u00e1shoz<\/h2>\n<p>A Fanatec ClubSport Steering Wheel Formula V2.5 nem csak egy \u00fajabb k\u00fcty\u00fc egy m\u00e1r \u00edgy is hatalmas \u00f6kosziszt\u00e9m\u00e1ban. Ez egy modern szimul\u00e1tor-orient\u00e1lt be\u00e1ll\u00edt\u00e1s struktur\u00e1l\u00f3 eleme. Olyan merevs\u00e9get, pontoss\u00e1got \u00e9s ergon\u00f3mi\u00e1t biztos\u00edt, amely \u00e1talak\u00edtja a virtu\u00e1lis vezet\u0151 \u00e9s az aut\u00f3 k\u00f6z\u00f6tti kapcsolatot, k\u00fcl\u00f6n\u00f6sen Direct Drive alapon.<\/p>\n<p>A piacon a k\u00f6z\u00e9pkateg\u00f3ria fels\u0151 hat\u00e1r\u00e1n, s\u0151t a pr\u00e9mium F1 t\u00edpus\u00fa korm\u00e1nyok bel\u00e9p\u0151 szintj\u00e9n helyezkedik el. Nem c\u00e9lozza meg az ultrakomfortot \u0151r\u00fclt \u00e1ron, de olyan \u00e9lm\u00e9nyt k\u00edn\u00e1l, ami nagyon k\u00f6zel \u00e1ll ahhoz, amit az ig\u00e9nyes szimul\u00e1toros versenyz\u0151k elv\u00e1rnak, an\u00e9lk\u00fcl, hogy teljesen elsz\u00e1llna a k\u00f6lts\u00e9gvet\u00e9s.<\/p>\n<p>Mindenk\u00e9ppen aj\u00e1nlom mindenkinek, aki f\u0151leg egy\u00fcl\u00e9ses, protot\u00edpus vagy modern GT versenyeken indul, PC-n vagy konzolon, \u00e9s akinek m\u00e1r van Fanatec alapj\u00e1t\u00e9ka, vagy komolyan fontolgatja annak beszerz\u00e9s\u00e9t. Az alkalmi j\u00e1t\u00e9kosoknak, akik a kerek kerekeket \u00e9s a t\u00f6bb szak\u00e1gban val\u00f3 haszn\u00e1latot r\u00e9szes\u00edtik el\u0151nyben, nem felt\u00e9tlen\u00fcl ez a legjobb els\u0151 v\u00e1s\u00e1rl\u00e1s.<\/p>\n<p>Ha egy kompakt, prec\u00edz, merev korm\u00e1nykereket keresel, amelyet \u00fagy terveztek, hogy a Fanatec alapot a modern versenyz\u00e9sben a lehet\u0151 legjobban kihaszn\u00e1lja, akkor ez a term\u00e9k mindent megv\u00e1ltoztathat a be\u00e1ll\u00edt\u00e1saidban.<\/p>","protected":false},"excerpt":{"rendered":"<p>Ez a korm\u00e1nyker\u00e9k azt az \u00e9rz\u00e9st keltette bennem, hogy val\u00f3ban tiszt\u00e1zza az aut\u00f3 inform\u00e1ci\u00f3it, \u00e9s \u00f6szt\u00f6n\u00f6sebb\u00e9 teszi a vezet\u00e9st, k\u00fcl\u00f6n\u00f6sen az egy\u00fcl\u00e9ses \u00e9s a protot\u00edpusokn\u00e1l. \u00c9rtelemszer\u0171en olyan szimul\u00e1toros versenyz\u0151k sz\u00e1m\u00e1ra, akik m\u00e1r r\u00e9szt vesznek benne, akik gyakran vezetnek \u00e9s szeretn\u00e9nek egy teljes\u00edtm\u00e9nyorient\u00e1lt Fanatec be\u00e1ll\u00edt\u00e1sokat fel\u00e9p\u00edteni. A befektet\u00e9s koherens marad az \u00e9rzet \u00e9s az ergon\u00f3mia javul\u00e1sa miatt.<\/p>","protected":false},"featured_media":100690,"comment_status":"open","ping_status":"closed","template":"","meta":{"_acf_changed":false,"_et_pb_use_builder":"","_et_pb_old_content":"","_et_gb_content_width":""},"product_brand":[158],"product_cat":[156],"product_tag":[149,159],"class_list":{"0":"post-100689","1":"product","2":"type-product","3":"status-publish","4":"has-post-thumbnail","6":"product_brand-fanatec","7":"product_cat-roue-de-volant","8":"product_tag-pc","9":"product_tag-playstation","11":"first","12":"instock","13":"shipping-taxable","14":"product-type-external"},"acf":[],"_links":{"self":[{"href":"https:\/\/simracergear.com\/hu\/wp-json\/wp\/v2\/product\/100689","targetHints":{"allow":["GET"]}}],"collection":[{"href":"https:\/\/simracergear.com\/hu\/wp-json\/wp\/v2\/product"}],"about":[{"href":"https:\/\/simracergear.com\/hu\/wp-json\/wp\/v2\/types\/product"}],"replies":[{"embeddable":true,"href":"https:\/\/simracergear.com\/hu\/wp-json\/wp\/v2\/comments?post=100689"}],"wp:featuredmedia":[{"embeddable":true,"href":"https:\/\/simracergear.com\/hu\/wp-json\/wp\/v2\/media\/100690"}],"wp:attachment":[{"href":"https:\/\/simracergear.com\/hu\/wp-json\/wp\/v2\/media?parent=100689"}],"wp:term":[{"taxonomy":"product_brand","embeddable":true,"href":"https:\/\/simracergear.com\/hu\/wp-json\/wp\/v2\/product_brand?post=100689"},{"taxonomy":"product_cat","embeddable":true,"href":"https:\/\/simracergear.com\/hu\/wp-json\/wp\/v2\/product_cat?post=100689"},{"taxonomy":"product_tag","embeddable":true,"href":"https:\/\/simracergear.com\/hu\/wp-json\/wp\/v2\/product_tag?post=100689"}],"curies":[{"name":"wp","href":"https:\/\/api.w.org\/{rel}","templated":true}]}}