{"id":100715,"date":"2025-11-28T04:46:42","date_gmt":"2025-11-28T04:46:42","guid":{"rendered":"https:\/\/simracergear.com\/products\/fanatec-clubsport-steering-wheel-gt-alcantara-v2-for-xbox\/"},"modified":"2025-11-28T04:46:42","modified_gmt":"2025-11-28T04:46:42","slug":"fanatec-clubsport-steering-wheel-gt-alcantara-v2-for-xbox","status":"publish","type":"product","link":"https:\/\/simracergear.com\/hu\/products\/fanatec-clubsport-steering-wheel-gt-alcantara-v2-for-xbox\/","title":{"rendered":"Fanatec ClubSport korm\u00e1nyker\u00e9k GT Alcantara V2 az Xbox konzolhoz"},"content":{"rendered":"<h2>Fanatec ClubSport korm\u00e1nyker\u00e9k GT Alcantara V2 az Xbox konzolhoz: teszt \u00e9s teljes \u00e9rt\u00e9kel\u00e9s<\/h2>\n<p>A Fanatec k\u00edn\u00e1lat\u00e1ban a ClubSport Steering Wheel GT Alcantara V2 az Xbox sz\u00e1m\u00e1ra egy \"sokoldal\u00fa GT\" korm\u00e1nyker\u00e9kk\u00e9nt van poz\u00edcion\u00e1lva azok sz\u00e1m\u00e1ra, akik feljebb szeretn\u00e9nek l\u00e9pni a kateg\u00f3ri\u00e1ban an\u00e9lk\u00fcl, hogy t\u00falz\u00e1sba vinn\u00e9k az ultratematikus vagy tiszt\u00e1n versenyorient\u00e1lt \u00f6tleteket. Ez a korm\u00e1nyker\u00e9k egy egyszer\u0171 dolgot \u00edg\u00e9r: igazi modern versenyaut\u00f3s \u00e9rz\u00e9st ny\u00fajt, amely k\u00e9nyelmes, prec\u00edz \u00e9s kompatibilis az Xbox-szal \u00e9s a PC-vel, an\u00e9lk\u00fcl, hogy a kivitelez\u00e9s fel\u00e1ldozn\u00e1.<\/p>\n<p>Pap\u00edron sok mindent kipip\u00e1l. Realisztikus GT korm\u00e1nyker\u00e9k \u00e1tm\u00e9r\u0151, Alcantara bevonat, m\u00e1gneses paddelek, kiterjesztett kompatibilit\u00e1s a Fanatec-alapokkal, nat\u00edv Xbox-kezel\u00e9s az integr\u00e1lt hubnak k\u00f6sz\u00f6nhet\u0151en. Haszn\u00e1lhat\u00f3 GT3, endurance, rally light, simcade \u00e9s ak\u00e1r mindennapi j\u00e1t\u00e9khoz is.<\/p>\n<p>Az \u00e9n szempontom itt egy\u00e9rtelm\u0171: a k\u00e9zben val\u00f3 \u00e9rz\u00e9s, a kezel\u0151szervek pontoss\u00e1ga, k\u00e9nyelem hossz\u00fa munkamenetek sor\u00e1n, \u00e9s az \u00e1ltal\u00e1nos \u00f6sszhang az \u00e1rral \u00e9s a Fanatec \u00f6kosziszt\u00e9ma t\u00f6bbi r\u00e9sz\u00e9vel. Egy kulcsfontoss\u00e1g\u00fa pontot is vizsg\u00e1lok ennek a konkr\u00e9t korm\u00e1nyker\u00e9knek a szempontj\u00e1b\u00f3l: val\u00f3di el\u0151rel\u00e9p\u00e9st jelent a \"m\u0171anyag\" bel\u00e9p\u0151 szint\u0171 korm\u00e1nyker\u00e9khez k\u00e9pest, vagy csak egy kozmetikai v\u00e1ltoztat\u00e1s, amely kellemes a szemnek, de a p\u00e1lya\u00e9rzet szempontj\u00e1b\u00f3l n\u00e9lk\u00fcl\u00f6zhet\u0151?<\/p>\n<p>Ez a korm\u00e1nyker\u00e9k sok szimul\u00e1toros sz\u00e1m\u00e1ra hiteles \"f\u0151hajt\u00f3k\u00e9nt\" szolg\u00e1l. Sz\u00e1momra az a c\u00e9l, hogy l\u00e1ssam, hogy j\u00e1t\u00e9kba ker\u00fclve val\u00f3ban azt a tiszta, \u00e9les, megnyugtat\u00f3 ir\u00e1ny\u00edt\u00e1s benyom\u00e1s\u00e1t kelti-e, amit egy GT b\u00e9lyegz\u0151vel ell\u00e1tott ClubSportt\u00f3l elv\u00e1rn\u00e1nk.<\/p>\n<h2>Tervez\u00e9s \u00e9s gy\u00e1rt\u00e1s: igazi GT korm\u00e1nyker\u00e9k, nem j\u00e1t\u00e9k<\/h2>\n<p>K\u00e9zben tartva az els\u0151 benyom\u00e1s egy\u00e9rtelm\u0171: ez nem egy j\u00e1t\u00e9kkorm\u00e1ny. A GT felni a k\u00f6zepes \u00e1tm\u00e9r\u0151j\u00e9vel igazi aut\u00f3ipari \u00e9rzetet kelt. Az Alcantara s\u0171r\u0171 \u00e9s kiss\u00e9 kem\u00e9ny, term\u00e9szetes tapad\u00e1ssal, amely arra k\u00e9sztet, hogy keszty\u0171 n\u00e9lk\u00fcl vezessen. \u00c9rezhet\u0151, hogy az alatta l\u00e9v\u0151 habot hossz\u00fa \u00fcl\u00e9sekhez tervezt\u00e9k: nem t\u00fal kem\u00e9ny, de nem is olyan puha, hogy \u00f6sszet\u00f6rj\u00f6n.<\/p>\n<p>A f\u00e9mszerkezet nagyon merev, a felni nem csavarodik el, ha er\u0151lteted, \u00e9s a k\u00fcll\u0151k bizalomgerjeszt\u0151ek. A Fanatec k\u00e9zjegye nyilv\u00e1nval\u00f3: tiszta csavarok \u00e9s csavarok, komoly \u00f6sszeszerel\u00e9s, nincs parazita j\u00e1t\u00e9k a ker\u00e9kagyban. \u00d6sszess\u00e9g\u00e9ben a korm\u00e1nyker\u00e9knek min\u0151s\u00e9gi \u00e9rtelemben vett \"s\u00falya\" van, \u00e9rezhet\u0151 a t\u00e1rgy s\u0171r\u0171s\u00e9ge, ami megnyugtat\u00f3, ha kiss\u00e9 izmos alapra szerelj\u00fck.<\/p>\n<p>A gombok b\u0151s\u00e9gesek \u00e9s j\u00f3l elosztottak, \u00e9s tiszt\u00e1n, de nem zajosan kattannak. Sz\u00e9p h\u00faz\u00e1s az Xbox integr\u00e1ci\u00f3, a speci\u00e1lis gombokkal, amelyek nem t\u0171nnek olcs\u00f3nak. A m\u00e1gneses paddelek igazi f\u00e9nypontot jelentenek. A kattint\u00e1s \u00e9les \u00e9s gyors, sz\u00e1raz, ruganyos visszajelz\u00e9ssel, ami arra k\u00e9sztet, hogy egyre t\u00f6bbet \u00e9s t\u00f6bbet akarj v\u00e1ltani, csak a sz\u00f3rakoz\u00e1s kedv\u00e9\u00e9rt. Nincs puha vagy szivacsos \u00e9rz\u00e9s.<\/p>\n<p>Ami nem tetszett, az az Alcantara \u00e9rz\u00e9kenys\u00e9ge az esetleges kop\u00e1sra. Mint minden Alcantara korm\u00e1nyker\u00e9kn\u00e9l, itt is vigy\u00e1zni kell: tiszta k\u00e9zzel, ide\u00e1lis esetben keszty\u0171vel, k\u00fcl\u00f6nben a bevonat kif\u00e9nyesedik, \u00e9s a h\u00f3napok sor\u00e1n elvesz\u00edti a \"tapad\u00f3\" \u00e9rz\u00e9st. Ez nem meglep\u0151, de nyilv\u00e1nval\u00f3an \u00e9rdemes szem el\u0151tt tartani.<\/p>\n<p>A CSL term\u00e9kcsal\u00e1d egyszer\u0171bb kerekeihez k\u00e9pest egy\u00e9rtelm\u0171 k\u00fcl\u00f6nbs\u00e9g van a merevs\u00e9g \u00e9s a pr\u00e9mium \u00e9rzet ter\u00e9n. N\u00e9h\u00e1ny nagyon speci\u00e1lis, ultramagas kateg\u00f3ri\u00e1j\u00fa ker\u00e9kkel \u00f6sszehasonl\u00edtva az egzotikum \u00e9s az extr\u00e9m anyagok tekintet\u00e9ben vesz\u00edt\u00fcnk egy kicsit, de az \"\u00e9rz\u00e9kelt min\u0151s\u00e9g \/ sokoldal\u00fas\u00e1g\" ar\u00e1nya nagyon j\u00f3.<\/p>\n<h2>Be\u00e1ll\u00edt\u00e1sok, testreszab\u00e1s \u00e9s kompatibilit\u00e1s<\/h2>\n<p>A ClubSport GT Alcantara V2-t \u00fagy tervezt\u00e9k, hogy j\u00f3l illeszkedjen a Fanatec \u00f6kosziszt\u00e9m\u00e1j\u00e1ba. Felszereled egy Xbox-kompatibilis Fanatec-alapra, \u00e9s a felismer\u00e9s azonnal megt\u00f6rt\u00e9nik. Xboxon minden a konzolon \u00e9s a j\u00e1t\u00e9k men\u00fcin kereszt\u00fcl megy. PC-n a Fanatec szoftver seg\u00edts\u00e9g\u00e9vel finomhangolhatja a be\u00e1ll\u00edt\u00e1sokat \u00e9s friss\u00edtheti a firmware-t.<\/p>\n<p>A testreszab\u00e1snak k\u00e9t f\u0151 ter\u00fclete van: az alapbe\u00e1ll\u00edt\u00e1sok (er\u0151, sz\u0171r\u00e9s, linearit\u00e1s) \u00e9s a korm\u00e1nyker\u00e9k kezel\u0151szerveinek haszn\u00e1lata. A korm\u00e1nyker\u00e9k nincs t\u00falterhelve bonyolult funkci\u00f3kkal, de kell\u0151en felszerelt ahhoz, hogy mindent hozz\u00e1rendelhess\u00fcnk, amire sz\u00fcks\u00e9g\u00fcnk van: f\u00e9nysz\u00f3r\u00f3k, ablakt\u00f6rl\u0151k, TC, ABS, r\u00e1di\u00f3, motort\u00e9rk\u00e9p stb. Egy GT vagy endurance t\u00edpus\u00fa j\u00e1t\u00e9kban ritk\u00e1n van olyan \u00e9rz\u00e9s\u00fcnk, hogy kifogytunk a gombokb\u00f3l.<\/p>\n<p>A tanul\u00e1si g\u00f6rbe meglehet\u0151sen szel\u00edd. A billenty\u0171ket tov\u00e1bbra is logikusan k\u00f6veti, az elrendez\u00e9s k\u00f6nnyen olvashat\u00f3, \u00e9s a billenty\u0171k vezet\u00e9s k\u00f6zben is k\u00f6nnyen megtal\u00e1lhat\u00f3k. A kezel\u0151szervek term\u00e9szetes m\u00f3don esnek az ujjhegyekbe, m\u00e9g kis kezekkel is. Nem kell \u00f3r\u00e1kat t\u00f6ltenie a konfigur\u00e1l\u00e1ssal, egyszer\u0171en csak gyorsan kell vezetnie.<\/p>\n<p>Xboxon ez a korm\u00e1nyker\u00e9k igazi pluszt jelent, mert azonnal eld\u00f6nti a kompatibilit\u00e1s k\u00e9rd\u00e9s\u00e9t: az integr\u00e1lt Xbox hub azt jelenti, hogy b\u00fctyk\u00f6l\u00e9s n\u00e9lk\u00fcl \u00e9lvezheted a versenyj\u00e1t\u00e9kokat. PC-n egy sokoldal\u00fa GT-korm\u00e1nny\u00e1 v\u00e1lik, amely kompatibilis az \u00f6sszes Fanatec \"PC ready\" alaplappal, \u00e9s z\u00f6kken\u0151mentesen integr\u00e1l\u00f3dik a Load Cell ped\u00e1lokkal, H-v\u00e1lt\u00f3val, k\u00e9zif\u00e9kkel, merev pil\u00f3taf\u00fclk\u00e9vel stb. ell\u00e1tott be\u00e1ll\u00edt\u00e1sba.<\/p>\n<p>Ami a fejleszthet\u0151s\u00e9get illeti, ez egy el\u00e9g j\u00f3 k\u00f6z\u00e9ps\u0151 darab. Kezdhetsz egy k\u00f6z\u00e9pkateg\u00f3ri\u00e1s alappal, majd k\u00e9s\u0151bb a korm\u00e1nyker\u00e9k cser\u00e9je n\u00e9lk\u00fcl \u00e1t\u00e1llhatsz egy er\u0151sebb alapra. Egy er\u0151s Direct Drive-ot gond n\u00e9lk\u00fcl t\u00e1mogat. Azok sz\u00e1m\u00e1ra, akik azt tervezik, hogy id\u0151vel friss\u00edtik Fanatec be\u00e1ll\u00edt\u00e1saikat, ez egy olyan korm\u00e1nyker\u00e9k, amelyet sok\u00e1ig megtarthatnak an\u00e9lk\u00fcl, hogy elavultnak \u00e9rezn\u00e9k.<\/p>\n<h2>J\u00e1t\u00e9k k\u00f6zbeni \u00e9rz\u00e9sek: precizit\u00e1s, ir\u00e1ny\u00edt\u00e1s \u00e9s k\u00e9nyelem<\/h2>\n<p>A p\u00e1ly\u00e1n a ClubSport GT Alcantara V2-es aut\u00f3val kapcsolatos \u00e9rz\u00e9seim h\u00e1rom sz\u00f3 k\u00f6r\u00fcl forogtak: precizit\u00e1s, ir\u00e1ny\u00edt\u00e1s \u00e9s k\u00e9nyelem. A korm\u00e1nyker\u00e9k nem csal; beavatkoz\u00e1s n\u00e9lk\u00fcl tov\u00e1bb\u00edtja azt, amit az alapj\u00e1rat k\u00fcld neki.<\/p>\n<p>A teljes\u00edtm\u00e9ny-visszajelz\u00e9sen a GT felni \u00e9sszer\u0171 \u00e1tm\u00e9r\u0151j\u00e9vel \u00e9s j\u00f3l kontroll\u00e1lt s\u00faly\u00e1val sok finoms\u00e1got enged \u00e1t. A nagy teljes\u00edtm\u00e9ny\u0171 alapj\u00e1raton j\u00f3l \u00e9rezhet\u0151ek a korm\u00e1nyker\u00e9k terhel\u00e9s\u00e9nek v\u00e1ltoz\u00e1sai, a tapad\u00e1s mikrovesztes\u00e9gei \u00e9s a t\u00falkorm\u00e1nyzotts\u00e1g kezdetei. Gyorsan meg\u00e9rti, mit csin\u00e1l az aut\u00f3. Ez k\u00fcl\u00f6n\u00f6sen nyilv\u00e1nval\u00f3 azokban a j\u00e1t\u00e9kokban, ahol a fizika j\u00f3l modellezett: a kezedben \"olvashatod\" a sikl\u00e1si pontot.<\/p>\n<p>Gyors kanyarokban a korm\u00e1nyker\u00e9k merevs\u00e9ge kulcsszerepet j\u00e1tszik. Kem\u00e9nyen nyomhat, gurulhat \u00e9s korrig\u00e1lhatja a korm\u00e1nykereket an\u00e9lk\u00fcl, hogy valaha is kellemetlen csavarod\u00e1st vagy hajl\u00edt\u00e1st \u00e9rezne. A magam r\u00e9sz\u00e9r\u0151l val\u00f3di bizalomn\u00f6veked\u00e9st \u00e9reztem a k\u00f6nnyebb vagy m\u0171anyag korm\u00e1nyker\u00e9khez k\u00e9pest. Jobban mered terhelni az elej\u00e9t, kevesebbet k\u00fczdesz a korm\u00e1nyker\u00e9kkel \u00e9s t\u00f6bbet vezetsz.<\/p>\n<p>A vibr\u00e1torokon az er\u0151visszacsatol\u00e1s text\u00far\u00e1ja j\u00f3l \u00e1tmegy a perembe. A kis, sz\u0171k vibr\u00e1torok tiszta, szinte szemcs\u00e9s rezg\u00e9seket adnak, m\u00edg a nagy \"kolb\u00e1sz\" t\u00edpus\u00fa vibr\u00e1torok \u00e9les, j\u00f3l jelzett \u00fct\u00e9seket adnak vissza. Term\u00e9szetesen nem a korm\u00e1nyker\u00e9k hozza l\u00e9tre ezeket az \u00e9rz\u00e9seket, de annak szab\u00e1lyozott tehetetlens\u00e9ge \u00e9s merevs\u00e9ge azt jelenti, hogy ezek tiszt\u00e1n \u00e1tj\u00f6nnek a k\u00e9zbe. Hamar r\u00e1j\u00f6ssz, hol vannak a p\u00e1lya hat\u00e1rai.<\/p>\n<p>A markolat leolvas\u00e1sa az egyik leger\u0151sebb pont. A korm\u00e1nyker\u00e9ken \u00e9rezheti a mikrorezg\u00e9seket, amelyek a cs\u00fasz\u00e1s kezdet\u00e9t jelzik, k\u00fcl\u00f6n\u00f6sen els\u0151ker\u00e9k-hajt\u00e1sn\u00e1l. \u00c9rezni lehet, ahogy az eleje k\u00f6nnyebb\u00e9 v\u00e1lik, a h\u00e1tulja pedig kiny\u00edlik, \u00e9s nagyon kor\u00e1n korrig\u00e1lni lehet. A gyors korrekci\u00f3khoz az Alcantara GT-form\u00e1ja, \u00e1tm\u00e9r\u0151je \u00e9s tapint\u00e1sa val\u00f3di kontrollt biztos\u00edt. Kem\u00e9nyen ellenkorm\u00e1nyozhatsz, \u00e9s a korm\u00e1nyt tiszt\u00e1n visszahozhatod a semleges helyzetbe, an\u00e9lk\u00fcl, hogy \u00fagy \u00e9rezn\u00e9d, hogy az FFB ereje mag\u00e1val ragadna.<\/p>\n<p>Hossz\u00fa munkamenetek sor\u00e1n az Alcantara megmutatja \u00e9rt\u00e9k\u00e9t: a tapad\u00e1s stabil, \u00e9s nem kell a sima m\u0171anyaggal vagy a t\u00fal cs\u00fasz\u00f3s b\u0151rrel k\u00fczdened. A f\u00e1radts\u00e1g k\u00e9s\u0151bb j\u00f6n. A keze poz\u00edci\u00f3j\u00e1t term\u00e9szetesen \u00e1ll\u00edthatja, nem f\u00e1jnak az ujjai vagy a tenyere. A keszty\u0171vel a du\u00f3 egy\u00e9rtelm\u0171en optim\u00e1lis: fog\u00e1s, k\u00e9nyelem, a kellemetlen t\u00falmeleged\u00e9s vesz\u00e9lye n\u00e9lk\u00fcl.<\/p>\n<p>Egy egyszer\u0171bb korm\u00e1nyker\u00e9khez, p\u00e9ld\u00e1ul a bel\u00e9p\u0151 szint\u0171 CSL-hez k\u00e9pest a legszembet\u0171n\u0151bb k\u00fcl\u00f6nbs\u00e9g az \u00e9rz\u00e9s \"tisztas\u00e1ga\". A korm\u00e1nyker\u00e9k nem kelti azt a benyom\u00e1st, mintha sz\u0171rn\u00e9 vagy lekerek\u00edten\u00e9 az \u00e9rzeteket. A nyomat\u00e9kv\u00e1ltoz\u00e1sok k\u00f6zvetlenebbek, \u00e1rnyaltabbak. Kev\u00e9sb\u00e9 \u00e9rzed \u00fagy, mintha egy perif\u00e9ri\u00e1t vezetn\u00e9l, \u00e9s sokkal ink\u00e1bb \u00fagy, mintha egy igazi versenyaut\u00f3 korm\u00e1ny\u00e1t tartan\u00e1d a kezedben. Az ultrak\u00f6nny\u0171 versenykorm\u00e1nyokhoz k\u00e9pest egy hajsz\u00e1lnyit vesz\u00edt az extr\u00e9m \u00e9l\u00e9nks\u00e9gb\u0151l, de nyer a k\u00e9nyelemben \u00e9s a sokoldal\u00fas\u00e1gban. T\u00f6bb j\u00e1t\u00e9kban, t\u00f6bb szak\u00e1gban val\u00f3 haszn\u00e1lat eset\u00e9n a kompromisszum nagyon szolid.<\/p>\n<p>Az Xboxon a Fanatec alap + korm\u00e1nyker\u00e9k komb\u00f3 val\u00f3ban egy \u00f6sszef\u00fcgg\u0151 pil\u00f3taf\u00fclke benyom\u00e1s\u00e1t kelti. Egy\u00e9rtelm\u0171, hogy m\u00e1r nem az alap \"konzolos korm\u00e1nyker\u00e9k\" vil\u00e1g\u00e1ban vagyunk. PC-n nem korl\u00e1tozza az alapot: a korm\u00e1nyker\u00e9k m\u00e9g er\u0151s Direct Drive mellett is b\u00edrja a strap\u00e1t, l\u00e9p\u00e9st tart, \u00e9s t\u00f6k\u00e9letesen haszn\u00e1lhat\u00f3 marad.<\/p>\n<h2>Kinek sz\u00f3l? Napi er\u0151ss\u00e9gek \u00e9s gyenges\u00e9gek<\/h2>\n<p>A ClubSport Steering Wheel GT Alcantara V2 for Xbox egy\u00e9rtelm\u0171en a k\u00f6z\u00e9phalad\u00f3 \u00e9s halad\u00f3 szimul\u00e1torosoknak sz\u00f3l, akik egy komoly, Xbox-kompatibilis f\u0151korm\u00e1nyt szeretn\u00e9nek, an\u00e9lk\u00fcl, hogy bez\u00e1rn\u00e1k az ajt\u00f3t a PC el\u0151tt. Alkalmas a rendk\u00edv\u00fcl motiv\u00e1lt kezd\u0151knek is, akik k\u00f6zvetlen\u00fcl egy tart\u00f3s korm\u00e1nyker\u00e9kbe szeretn\u00e9nek befektetni, ahelyett, hogy gyors fejleszt\u00e9sek sorozat\u00e1t v\u00e9gezn\u00e9k el.<\/p>\n<p>Amit igaz\u00e1n \u00e9rt\u00e9keltem, az az ir\u00e1ny\u00edt\u00e1s \u00e9rz\u00e9se volt, amit ez adott nekem. A felni merevs\u00e9ge, a GT \u00e1tm\u00e9r\u0151je \u00e9s a bevonat k\u00f6z\u00f6tt azonnal nyugodtnak \u00e9rzed magad, m\u00e9g akkor is, ha az FFB nagyon er\u0151s. M\u00e1sodszor, a kivitelez\u00e9s \u00e9s az \u00e9rz\u00e9kelt szil\u00e1rds\u00e1g szintje messze fel\u00fclm\u00falja egy hagyom\u00e1nyos konzolos korm\u00e1nyker\u00e9k\u00e9t: tiszta csavarok \u00e9s csavarok, hat\u00e9kony m\u00e1gneses lap\u00e1tok, komoly gombok. V\u00e9g\u00fcl pedig a sokoldal\u00fas\u00e1g is kiv\u00e1l\u00f3: GT3, t\u00fara, endurance, egy kis rally, simcades, k\u00f6nnyed\u00e9n alkalmazkodik. Ez egy olyan korm\u00e1nyker\u00e9k, amelyet 90 % versenyj\u00e1t\u00e9kodban haszn\u00e1lhatsz an\u00e9lk\u00fcl, hogy \u00fagy \u00e9rezn\u00e9d, hogy \"nem a t\u00e9m\u00e1hoz tartozik\".<\/p>\n<p>De vannak hat\u00e1rok. El\u0151sz\u00f6r is, az Alcantara k\u00e1rpitoz\u00e1s: nagyszer\u0171 \u00e9rz\u00e9s, de \u00e1pol\u00e1st \u00e9s figyelmet ig\u00e9nyel. Keszty\u0171 n\u00e9lk\u00fcl \u00e9s nem mindig csikorg\u00f3an tiszta k\u00e9zzel gyorsabban kopik, simul, \u00e9s m\u00e9g foltot is hagy. M\u00e1sodik pont: az \u00e1r \u00e9s a k\u00edn\u00e1latban elfoglalt helye. Ez a term\u00e9k egy\u00e9rtelm\u0171en befektet\u00e9snek van poz\u00edcion\u00e1lva, nem pedig alkalmi v\u00e1s\u00e1rl\u00e1snak. Egy \u00e1tfog\u00f3 be\u00e1ll\u00edt\u00e1s r\u00e9szek\u00e9nt kell figyelembe venni, nem pedig elszigetelt szesz\u00e9lyk\u00e9nt. A harmadik pontom az, hogy n\u00e9h\u00e1ny ultraspeci\u00e1lis korm\u00e1nyker\u00e9kkel (rally, formula, protot\u00edpus) \u00f6sszehasonl\u00edtva ez egy kicsit \"b\u00f6lcs\". Akik nagyon F1-es \u00e9lm\u00e9nyt keresnek, vagy kompakt, ultraradik\u00e1lis felniket, azok tal\u00e1n t\u00fal klasszikusnak tal\u00e1lj\u00e1k.<\/p>\n<p>Az \u00e9rz\u00e9kelt \u00e9rt\u00e9k szempontj\u00e1b\u00f3l j\u00f3l teljes\u00edt. Val\u00f3di, k\u00e9zzelfoghat\u00f3 el\u0151ny\u00f6k\u00e9rt fizet: k\u00e9nyelmes fog\u00e1s, pontoss\u00e1g, sokoldal\u00fas\u00e1g, nat\u00edv Xbox-kompatibilit\u00e1s \u00e9s szerkezeti tart\u00f3ss\u00e1g. Ez nem egy k\u00fcty\u00fc korm\u00e1nyker\u00e9k, hanem egy k\u00f6zponti be\u00e1ll\u00edt\u00e1si elem, amelyet t\u00f6bb \u00e9vig is megtarthatsz, ha j\u00f3l vigy\u00e1zol r\u00e1.<\/p>\n<h2>\u00cdt\u00e9let: megb\u00edzhat\u00f3, sokoldal\u00fa GT korm\u00e1nyker\u00e9k a fels\u0151bb kateg\u00f3ri\u00e1kba val\u00f3 k\u00f6lt\u00f6z\u00e9shez<\/h2>\n<p>A Fanatec ClubSport korm\u00e1nyker\u00e9k GT Alcantara V2 az Xbox-hoz val\u00f3di \u00e9rt\u00e9ket ad a GT\/track-orient\u00e1lt be\u00e1ll\u00edt\u00e1sokhoz. Azonnal \u00e1talak\u00edtja az aut\u00f3 \u00e9rzet\u00e9t, k\u00fcl\u00f6n\u00f6sen, ha egy egyszer\u0171bb vagy m\u0171anyag korm\u00e1nyker\u00e9kr\u0151l \u00e9rkezik. Konkr\u00e9tan, amit megv\u00e1ltoztat, az a kezedbe vetett bizalom, a tapad\u00e1s olvashat\u00f3s\u00e1ga \u00e9s a hossz\u00fa \u00fcl\u00e9sek sor\u00e1n ny\u00fajtott k\u00e9nyelem.<\/p>\n<p>A piacon egy\u00e9rtelm\u0171en a k\u00f6z\u00e9p- \u00e9s fels\u0151 kateg\u00f3ri\u00e1s szegmensben helyezkedik el: a konzolos vagy bel\u00e9p\u0151 szint\u0171 Fanatec-kerekek f\u00f6l\u00f6tt a tapint\u00e1s \u00e9s a kivitelez\u00e9s tekintet\u00e9ben, \u00e9s az ultraspeci\u00e1lis vagy nagyon pr\u00e9mium kateg\u00f3ri\u00e1s kerekek alatt az \u00e1r \u00e9s az egzotikum tekintet\u00e9ben. Ez egy \u00e9rdekes fordul\u00f3pont azok sz\u00e1m\u00e1ra, akik egy \"tisztess\u00e9ges\" be\u00e1ll\u00edt\u00e1sb\u00f3l valami igaz\u00e1n komolyra szeretn\u00e9nek v\u00e1ltani an\u00e9lk\u00fcl, hogy t\u00falz\u00e1sba vinn\u00e9k.<\/p>\n<p>K\u00fcl\u00f6n\u00f6sen azoknak az Xbox j\u00e1t\u00e9kosoknak aj\u00e1nlan\u00e1m, akiknek van Fanatec alapjuk, vagy egy Fanatec alapra t\u00f6rekszenek, \u00e9s azoknak a GT\/\u00e1ll\u00f3k\u00e9pess\u00e9g-orient\u00e1lt PC-s szimul\u00e1torversenyz\u0151knek, akik egy egyedi, megb\u00edzhat\u00f3, k\u00e9nyelmes f\u0151 ker\u00e9kre v\u00e1gynak, amely megfelel a Direct Drive-nak. Aki f\u0151leg F1-et, egy\u00fcl\u00e9ses vagy tiszt\u00e1n rallyt vezet, annak egy specifikusabb felni lesz megfelel\u0151bb.<\/p>\n<p>Ha egy sokoldal\u00fa, j\u00f3l fel\u00e9p\u00edtett, Xbox-kompatibilis GT-korm\u00e1nyt keresel, amely k\u00e9pes kihaszn\u00e1lni a komoly Fanatec-alapot, akkor ez a term\u00e9k egy\u00e9rtelm\u0171en k\u00fcl\u00f6nbs\u00e9get tehet a be\u00e1ll\u00edt\u00e1said k\u00f6z\u00f6tt.<\/p>","protected":false},"excerpt":{"rendered":"<p>Ez a ker\u00e9k igazi kontrollt \u00e9s k\u00f6vetkezetess\u00e9get adott, \u00e9s sokkal tiszt\u00e1bb p\u00e1lya\u00e9rzetet adott, mint a bel\u00e9p\u0151 szint\u0171 modellek. Van \u00e9rtelme az Xbox vagy PC-s szimul\u00e1torosoknak, akik sokoldal\u00fa, tart\u00f3s \u00e9s k\u00e9nyelmes GT-f\u0151kereket szeretn\u00e9nek, an\u00e9lk\u00fcl, hogy ultraspeci\u00e1lis be\u00e1ll\u00edt\u00e1sokra t\u00f6rekedn\u00e9nek. Az \u00e1ra indokolt, ha hossz\u00fa t\u00e1von be\u00e9p\u00edted egy Fanatec setupba.<\/p>","protected":false},"featured_media":100716,"comment_status":"open","ping_status":"closed","template":"","meta":{"_acf_changed":false,"_et_pb_use_builder":"","_et_pb_old_content":"","_et_gb_content_width":""},"product_brand":[158],"product_cat":[156],"product_tag":[149,159,160],"class_list":{"0":"post-100715","1":"product","2":"type-product","3":"status-publish","4":"has-post-thumbnail","6":"product_brand-fanatec","7":"product_cat-roue-de-volant","8":"product_tag-pc","9":"product_tag-playstation","10":"product_tag-xbox","12":"first","13":"instock","14":"shipping-taxable","15":"product-type-external"},"acf":[],"_links":{"self":[{"href":"https:\/\/simracergear.com\/hu\/wp-json\/wp\/v2\/product\/100715","targetHints":{"allow":["GET"]}}],"collection":[{"href":"https:\/\/simracergear.com\/hu\/wp-json\/wp\/v2\/product"}],"about":[{"href":"https:\/\/simracergear.com\/hu\/wp-json\/wp\/v2\/types\/product"}],"replies":[{"embeddable":true,"href":"https:\/\/simracergear.com\/hu\/wp-json\/wp\/v2\/comments?post=100715"}],"wp:featuredmedia":[{"embeddable":true,"href":"https:\/\/simracergear.com\/hu\/wp-json\/wp\/v2\/media\/100716"}],"wp:attachment":[{"href":"https:\/\/simracergear.com\/hu\/wp-json\/wp\/v2\/media?parent=100715"}],"wp:term":[{"taxonomy":"product_brand","embeddable":true,"href":"https:\/\/simracergear.com\/hu\/wp-json\/wp\/v2\/product_brand?post=100715"},{"taxonomy":"product_cat","embeddable":true,"href":"https:\/\/simracergear.com\/hu\/wp-json\/wp\/v2\/product_cat?post=100715"},{"taxonomy":"product_tag","embeddable":true,"href":"https:\/\/simracergear.com\/hu\/wp-json\/wp\/v2\/product_tag?post=100715"}],"curies":[{"name":"wp","href":"https:\/\/api.w.org\/{rel}","templated":true}]}}