{"id":100769,"date":"2025-11-28T04:46:44","date_gmt":"2025-11-28T04:46:44","guid":{"rendered":"https:\/\/simracergear.com\/products\/fanatec-clubsport-steering-wheel-r300-v2\/"},"modified":"2025-11-28T04:46:44","modified_gmt":"2025-11-28T04:46:44","slug":"fanatec-clubsport-steering-wheel-r300-v2","status":"publish","type":"product","link":"https:\/\/simracergear.com\/hu\/products\/fanatec-clubsport-steering-wheel-r300-v2\/","title":{"rendered":"Fanatec ClubSport korm\u00e1nyker\u00e9k R300 V2"},"content":{"rendered":"<h2>Fanatec ClubSport R300 V2 korm\u00e1nyker\u00e9k: igazi vezet\u0151i korm\u00e1ny, nem vitrin<\/h2>\n<p>A Fanatec k\u00edn\u00e1lat\u00e1ban a ClubSport Steering Wheel R300 V2 \"tiszta\", kompakt \u00e9s f\u00e9mb\u0151l k\u00e9sz\u00fclt vezet\u0151i korm\u00e1nyker\u00e9kk\u00e9nt van poz\u00edcion\u00e1lva, amelyet azok sz\u00e1m\u00e1ra terveztek, akik ink\u00e1bb a k\u00e9perny\u0151 \u00e9rzet\u00e9t \u00e9s hat\u00e9konys\u00e1g\u00e1t r\u00e9szes\u00edtik el\u0151nyben, mint az RGB kijelz\u0151t vagy a be\u00e9p\u00edtett k\u00e9perny\u0151ket. Egy\u00e9rtelm\u0171en a szimul\u00e1toros versenyz\u0151knek sz\u00e1nj\u00e1k, akik egy tiszta, sokoldal\u00fa, versenyz\u0151i st\u00edlus\u00fa korm\u00e1nyt szeretn\u00e9nek, amely GT-ben, valamint k\u00f6nny\u0171 egy\u00fcl\u00e9ses aut\u00f3kban \u00e9s raliversenyeken is haszn\u00e1lhat\u00f3.<\/p>\n<p>Ez a korm\u00e1nyker\u00e9k az\u00e9rt vonz\u00f3, mert h\u00e1rom dolgot \u00edg\u00e9r: komoly fel\u00e9p\u00edt\u00e9st, sz\u00e9les k\u00f6r\u0171 kompatibilit\u00e1st a Fanatec \u00f6kosziszt\u00e9m\u00e1n bel\u00fcl, \u00e9s mindenekel\u0151tt nagyon k\u00f6zvetlen, sallangmentes mechanikai \u00e9rzetet. Kicsit olyan, mint a katal\u00f3gusban a diszkr\u00e9t sv\u00e1jci bicska: nem a legl\u00e1tv\u00e1nyosabb, de \u00fagy tervezt\u00e9k, hogy \u00fajra \u00e9s \u00fajra vezethet\u0151 legyen.<\/p>\n<p>A magam r\u00e9sz\u00e9r\u0151l nagyon egyszer\u0171 szemsz\u00f6gb\u0151l k\u00f6zel\u00edtettem meg a k\u00e9rd\u00e9st: jobban k\u00f6zvet\u00edti az inform\u00e1ci\u00f3t, mint a \"k\u00fcty\u00fcszer\u0171bb\" korm\u00e1nykerekek? Kompakt \u00e1tm\u00e9r\u0151je ellen\u00e9re is k\u00e9nyelmes marad az id\u0151 m\u00fal\u00e1s\u00e1val? \u00c9s vajon meg\u00e9rdemli-e a hely\u00e9t, mint a ClubSport vagy CSL be\u00e1ll\u00edt\u00e1sok f\u0151 korm\u00e1nykereke, vagy ink\u00e1bb mint egy speci\u00e1lis m\u00e1sodik korm\u00e1nyker\u00e9k?  <\/p>\n<p>A l\u00e9nyeg az, hogy kider\u00fclj\u00f6n, hogy az R300 V2 k\u00e9zzelfoghat\u00f3 javul\u00e1st ny\u00fajt-e az \u00e9rz\u00e9s, az ir\u00e1ny\u00edthat\u00f3s\u00e1g \u00e9s a vezet\u00e9si \u00e9lm\u00e9ny tekintet\u00e9ben, vagy csak a ClubSport log\u00f3\u00e9rt fizet\u00fcnk.<\/p>\n<h2>Tervez\u00e9s \u00e9s gy\u00e1rt\u00e1s: j\u00f3zan, robusztus \u00e9s kompromisszummentes<\/h2>\n<p>A ClubSport R300 V2 korm\u00e1nyker\u00e9k k\u00e9zben tartva azonnal egy komoly g\u00e9p benyom\u00e1s\u00e1t kelti. A f\u00e9mfelni kompakt \u00e1tm\u00e9r\u0151j\u00e9vel val\u00f3di merevs\u00e9get sug\u00e1roz. \u00c9rezhet\u0151, hogy semmi sem mozog vagy csavarodik, m\u00e9g akkor sem, ha er\u0151sen megnyomja a talp\u00e1t. Ez az a fajta korm\u00e1nyker\u00e9k, amely nem nyikorog vagy vibr\u00e1l mag\u00e1t\u00f3l: minden, ami mozog, az az er\u0151visszacsatol\u00e1sb\u00f3l ered, nem pedig a hardverb\u0151l.<\/p>\n<p>A b\u0151rrel vagy azzal egyen\u00e9rt\u00e9k\u0171, cs\u00facsmin\u0151s\u00e9g\u0171 anyaggal bor\u00edtott markolat szil\u00e1rd tapint\u00e1s\u00fa. Ez nem az utcai korm\u00e1nyker\u00e9k ultra-puha b\u0151re; s\u0171r\u0171bb \u00e9s sportosabb. A varr\u00e1s tiszta, nincs zavar\u00f3 extra vastags\u00e1g a markolatr\u00e9szeken. Kem\u00e9nyen lehet szor\u00edtani an\u00e9lk\u00fcl, hogy f\u00e1jna, de ez nem egy \"kanap\u00e9\" korm\u00e1nyker\u00e9k: \u00e9rezhet\u0151, hogy t\u00e1mad\u00e1sra tervezt\u00e9k, nem pedig cirk\u00e1l\u00e1sra.<\/p>\n<p>Az el\u0151lap, a templomok \u00e9s az \u00f6sszeszerel\u00e9s mind komolys\u00e1got sug\u00e1roz. A toleranci\u00e1k szorosak, nincs \u00e9rz\u00e9kelhet\u0151 j\u00e1t\u00e9k a QR, a felni \u00e9s a ker\u00e9kagy k\u00f6z\u00f6tt. Az \u00e1ltal\u00e1nos s\u0171r\u0171s\u00e9g kellemes: el\u00e9g neh\u00e9z ahhoz, hogy pr\u00e9miumnak t\u0171nj\u00f6n, de nem olyan neh\u00e9z, hogy a korm\u00e1nyz\u00e1s egy kicsit kev\u00e9sb\u00e9 er\u0151s alapon tehetetlenn\u00e9 v\u00e1ljon.<\/p>\n<p>Ami meglep\u0151, az pontosan ez a monolitikus t\u00f6mb \u00e9rz\u00e9se. T\u00e9nyleg egy merev, koherens eg\u00e9sz benyom\u00e1s\u00e1t kelti, gyenge pontok n\u00e9lk\u00fcl. M\u00e1sr\u00e9szt azok, akik szeretik a vizu\u00e1lisan zs\u00fafolt korm\u00e1nykereket, ahol mindenhol rengeteg kapcsol\u00f3, k\u00e9perny\u0151 vagy LED van, az R300 V2-t t\u00fal szel\u00eddnek, szinte \"csupasznak\" tal\u00e1lhatj\u00e1k.<\/p>\n<p>A t\u00f6bbi Fanatec korm\u00e1nyker\u00e9kkel \u00f6sszehasonl\u00edtva, amelyek ink\u00e1bb GT vagy F1 orient\u00e1ltak, sok gombbal \u00e9s vizu\u00e1lis elemmel, az R300 V2 ink\u00e1bb munkaeszk\u00f6z, mint technol\u00f3giai bemutat\u00f3. A bel\u00e9p\u0151szint\u0171 korm\u00e1nyker\u00e9khez k\u00e9pest a k\u00fcl\u00f6nbs\u00e9g els\u0151sorban a merevs\u00e9gben \u00e9s az \u00f6sszeszerel\u00e9s min\u0151s\u00e9g\u00e9ben mutatkozik: egy\u00e9rtelm\u0171en kevesebb a hajl\u00edt\u00e1s, kevesebb a parazita zaj \u00e9s egys\u00e9gesebb az \u00e1ltal\u00e1nos kivitel.<\/p>\n<h2>Be\u00e1ll\u00edt\u00e1sok, testreszab\u00e1s \u00e9s kompatibilit\u00e1s<\/h2>\n<p>A ClubSport R300 V2 korm\u00e1nyker\u00e9k term\u00e9szetesen illeszkedik a Fanatec \u00f6kosziszt\u00e9m\u00e1j\u00e1ba. A kompatibilis alapra szerelve a szok\u00e1sos be\u00e1ll\u00edt\u00e1sokat az alapmen\u00fcben \u00e9s a PC-s szoftverben tal\u00e1lja. Az \u00e1ltal\u00e1nos ergon\u00f3mia nagyban f\u00fcgg a b\u00e1zist\u00f3l, de maga a korm\u00e1nyker\u00e9k nem bonyol\u00edtja a dolgokat: minden gomb k\u00e9nyelmesen elf\u00e9r az ujjak alatt, \u00e9s a hozz\u00e1rendel\u00e9si logika egyszer\u0171.<\/p>\n<p>Ez a korm\u00e1nyker\u00e9k nem k\u00edn\u00e1lja a legt\u00f6bb fizikai kezel\u0151szervet, de amit k\u00edn\u00e1l, az el\u00e9g ahhoz, hogy a legt\u00f6bb szimul\u00e1ci\u00f3t k\u00e9nyelmesen vezess\u00fck: f\u00e9nysz\u00f3r\u00f3kezel\u00e9s, r\u00e1di\u00f3, limiter, motort\u00e9rk\u00e9pek, minden megtal\u00e1lja a maga \u00f6sszef\u00fcgg\u0151 hely\u00e9t. T\u00e9nyleg egy vezet\u00e9shez igaz\u00edtott korm\u00e1nyker\u00e9kr\u0151l besz\u00e9l\u00fcnk, nem pedig egy modern protot\u00edpus m\u0171szaki ir\u00e1ny\u00edt\u00e1s\u00e1r\u00f3l.<\/p>\n<p>A testreszab\u00e1s els\u0151sorban az \u00e9rz\u00e9kenys\u00e9gen, az er\u0151visszacsatol\u00e1son \u00e9s a Fanatec adatb\u00e1zis\u00e1ban be\u00e1ll\u00edthat\u00f3 sz\u0171r\u0151k\u00f6n alapul: \u00e1ltal\u00e1nos intenzit\u00e1s, effektek, interpol\u00e1ci\u00f3, csillap\u00edt\u00e1s stb. Az R300 V2 j\u00f3l reag\u00e1l a be\u00e1ll\u00edt\u00e1sok v\u00e1ltoz\u00e1saira: gyorsan \u00e9rezhet\u0151 a k\u00fcl\u00f6nbs\u00e9g a nyersebb FFB \u00e9s a jobban sz\u0171rt FFB k\u00f6z\u00f6tti \u00e9rz\u00e9sben. A tanul\u00e1si g\u00f6rbe \u00e9sszer\u0171 marad, m\u00e9g egy k\u00f6z\u00e9phalad\u00f3 felhaszn\u00e1l\u00f3 sz\u00e1m\u00e1ra is. Egy nagyon \u00e9l\u00e9nk be\u00e1ll\u00edt\u00e1sr\u00f3l egy stabilabb korm\u00e1nyker\u00e9kre v\u00e1lthat an\u00e9lk\u00fcl, hogy ezer almen\u00fcben elveszne.<\/p>\n<p>A kompatibilit\u00e1s tekintet\u00e9ben a szok\u00e1sos Fanatec logika \u00e9rv\u00e9nyes\u00fcl: PC k\u00fcl\u00f6n\u00f6sebb gond n\u00e9lk\u00fcl, konzolok a haszn\u00e1lt alapt\u00f3l f\u00fcgg\u0151en. Maga a korm\u00e1nyker\u00e9k is r\u00e9sze ennek az \u00f6kosziszt\u00e9m\u00e1nak: ped\u00e1lok, v\u00e1lt\u00f3k, k\u00e9zif\u00e9k, mindez term\u00e9szetesen kombin\u00e1l\u00f3dik. Ez egy\u00e9rtelm\u0171en egy olyan term\u00e9k, amelyet egy olyan be\u00e1ll\u00edt\u00e1shoz terveztek, amely fejl\u0151dni fog, \u00e9s nem egy elszigetelt v\u00e1s\u00e1rl\u00e1s.<\/p>\n<p>Ami a fejleszthet\u0151s\u00e9get illeti, az R300 V2 ink\u00e1bb egy tart\u00f3s korm\u00e1nyker\u00e9k, mint egy egyszer\u0171 bel\u00e9p\u00e9si pont. Kompakts\u00e1ga \u00e9s merevs\u00e9ge azt jelenti, hogy k\u00f6nnyen l\u00e9p\u00e9st tud tartani a felfel\u00e9 halad\u00e1ssal, ak\u00e1r egy szer\u00e9nyebb alapr\u00f3l egy er\u0151teljesebb Direct Drive alapra v\u00e1ltasz, ak\u00e1r fegyelmet v\u00e1ltasz. Hossz\u00fa t\u00e1von is haszn\u00e1lhatod f\u0151 korm\u00e1nyker\u00e9kk\u00e9nt, amennyiben elfogadod, hogy j\u00f3zanul \u00e9s a vezet\u00e9sre koncentr\u00e1lva.<\/p>\n<h2>J\u00e1t\u00e9k\u00e9rzet: prec\u00edz, \u00e9rz\u00e9keny, j\u00f3l olvashat\u00f3<\/h2>\n<p>A ClubSport Steering Wheel R300 V2 a p\u00e1ly\u00e1n mutatkozik be igaz\u00e1n. Kompakt, merev felnije figyelemre m\u00e9lt\u00f3an j\u00f3l tov\u00e1bb\u00edtja az alapb\u00f3l \u00e9rkez\u0151 er\u0151visszacsatol\u00e1st. Az FFB minden mikro-v\u00e1ltoz\u00e1sa \u00fagy t\u0171nik, hogy felfel\u00e9 halad a kezekbe an\u00e9lk\u00fcl, hogy a ker\u00e9k szerkezete megfojtan\u00e1. T\u00e9nyleg az az \u00e9rz\u00e9sed, hogy ez a korm\u00e1nyker\u00e9k hagyja \u00e1t\u00e1ramolni az inform\u00e1ci\u00f3t, ahelyett, hogy elsim\u00edtan\u00e1 azt.<\/p>\n<p>A kanyarod\u00e1si viselked\u00e9s nagyon j\u00f3. A korm\u00e1nyz\u00e1s k\u00f6zvetlen, t\u00falzott tehetetlens\u00e9g n\u00e9lk\u00fcl. A leszor\u00edt\u00f3er\u0151 v\u00e1ltoz\u00e1sa k\u00f6nnyen leolvashat\u00f3: a korm\u00e1nyker\u00e9kre hat\u00f3 terhel\u00e9s n\u00f6veked\u00e9se a kanyarban, majd az enyhe enyh\u00fcl\u00e9s az akkordpontn\u00e1l j\u00f3l \u00e9rz\u00e9kelhet\u0151. K\u00f6nnyen l\u00e1that\u00f3, hogy mekkora terhel\u00e9st tudsz az elej\u00e9re helyezni, miel\u0151tt elkezdesz cs\u00faszni. Kellemes \u00e9rz\u00e9s, hogy a keze \u00e9s az els\u0151 r\u00e9sz k\u00f6z\u00f6tt \"kapcsolat\" van, ami magabiztoss\u00e1got ad ahhoz, hogy egy kicsit kem\u00e9nyebben nyomja.<\/p>\n<p>A tapad\u00e1s szempontj\u00e1b\u00f3l az R300 V2 kiv\u00e1l\u00f3an teljes\u00edt. A tapad\u00e1s mikro-vesztes\u00e9geit \u00e9s az alulkorm\u00e1nyzotts\u00e1g vagy t\u00falkorm\u00e1nyzotts\u00e1g kezdet\u00e9t j\u00f3l k\u00f6zvet\u00edti a korm\u00e1nyker\u00e9k fel\u00e9. \u00c9rezni lehet, ahogy a gumiabroncsok tapadnak, majd elkezdenek elakadni, \u00e9s ez el\u00e9g \u00e1rnyalatnyi ahhoz, hogy id\u0151ben korrig\u00e1lni lehessen. Egy olyan vezet\u0151 sz\u00e1m\u00e1ra, aki szeret a hat\u00e1ron j\u00e1tszani, ez sok mindent megv\u00e1ltoztat: el\u0151re l\u00e1tja az aut\u00f3 reakci\u00f3it, ahelyett, hogy ki lenne t\u00e9ve nekik.<\/p>\n<p>A rezg\u00e9sek k\u00fcl\u00f6n\u00f6sen j\u00f3l \u00e9rz\u00e9kelhet\u0151k ezzel a korm\u00e1nyker\u00e9kkel. A felni merevs\u00e9g\u00e9nek k\u00f6sz\u00f6nhet\u0151en elker\u00fclhet\u0151 a \"puha\" hat\u00e1s, amely a rugalmasabb kerekekn\u00e9l n\u00e9ha \u00e9rezhet\u0151. Amikor felkapaszkodik egy agressz\u00edv vibr\u00e1torra, \u00e9rzi a megk\u00f6nnyebb\u00fcl\u00e9st \u00e9s az egym\u00e1st k\u00f6vet\u0151 \u00fct\u00e9seket, de an\u00e9lk\u00fcl, hogy t\u00falzott zajba vagy \u00e1rk\u00e1dhat\u00e1sba esne. A lapos vibr\u00e1torokon a visszajelz\u00e9s diszkr\u00e9tebb, \u00edgy val\u00f3ban \u00e9rezhet\u0151 a k\u00fcl\u00f6nbs\u00e9g a k\u00fcl\u00f6nb\u00f6z\u0151 t\u00edpus\u00fa p\u00e1lya\u00e9lek k\u00f6z\u00f6tt. Ez nagyon sokatmond\u00f3, amikor versenyzel.<\/p>\n<p>Hossz\u00fa \u00fcl\u00e9sek sor\u00e1n a k\u00e9nyelem megfelel\u0151 marad, de az az \u00e9rz\u00e9s\u00fcnk, hogy ezt a korm\u00e1nykereket dinamikus vezet\u00e9sre tervezt\u00e9k. Kompakt \u00e1tm\u00e9r\u0151je \u00e9s hat\u00e1rozott tapint\u00e1sa kicsit jobban f\u00e1rasztja az alkarokat, mint egy nagy, j\u00f3l csillap\u00edtott korm\u00e1ny, ha az FFB-t magasan tartjuk. Az intenzit\u00e1s enyhe cs\u00f6kkent\u00e9se j\u00f3 egyens\u00falyt teremt a mer\u00edt\u00e9s, a pontoss\u00e1g \u00e9s a kitart\u00e1s k\u00f6z\u00f6tt. K\u00e9t-h\u00e1rom \u00f3r\u00e1nyi motoroz\u00e1s sor\u00e1n j\u00f3 ir\u00e1ny\u00edthat\u00f3s\u00e1got biztos\u00edt an\u00e9lk\u00fcl, hogy elhaszn\u00e1l\u00f3dna.<\/p>\n<p>Gyors korrekci\u00f3k eset\u00e9n az R300 V2 nagyon k\u00e9nyelmesnek bizonyul. Kompakts\u00e1ga sokat seg\u00edt: az ellenkorm\u00e1nyz\u00e1s, az elszabadul\u00f3 h\u00e1ts\u00f3 r\u00e9sz elkap\u00e1sa, az ir\u00e1nyv\u00e1lt\u00e1s sik\u00e1nban, minden nagyon kev\u00e9s karmozdulattal t\u00f6rt\u00e9nik. A korm\u00e1nyker\u00e9k t\u00f6k\u00e9letesen k\u00f6veti az alapot, nincs k\u00e9s\u00e9s vagy imbolyg\u00e1s. T\u00e9nyleg az a benyom\u00e1sod, mintha menet k\u00f6zben tudn\u00e1d \"elkapni\" az aut\u00f3t. Itt j\u00f6n a k\u00fcl\u00f6nbs\u00e9g egy nagyobb vagy l\u00e1gyabb korm\u00e1nyker\u00e9khez k\u00e9pest.<\/p>\n<p>Egy kev\u00e9sb\u00e9 er\u0151s alap- vagy bel\u00e9p\u0151szint\u0171 korm\u00e1nyker\u00e9khez k\u00e9pest a k\u00fcl\u00f6nbs\u00e9g a r\u00e9szletek jobb olvashat\u00f3s\u00e1g\u00e1ban \u00e9s az \u00e9l\u00e9nkebb korm\u00e1nyz\u00e1sban mutatkozik meg. Jobban \u00e9rz\u00e9keli az \u00e1tmeneteket, a mikror\u00e1zk\u00f3d\u00e1sokat \u00e9s a tapad\u00e1s v\u00e1ltoz\u00e1sait. Egy er\u0151sebb alapmodellhez k\u00e9pest, amelynek korm\u00e1nykereke tele van elektronik\u00e1val, a puszta ergon\u00f3mia szempontj\u00e1b\u00f3l vesz\u00edt egy kicsit (kevesebb kezel\u0151szerv van az ujjai alatt), de nyer a mechanikai \u00e1ttekinthet\u0151s\u00e9g ter\u00e9n. Minden az \u00d6n vezet\u00e9si st\u00edlus\u00e1t\u00f3l f\u00fcgg: ha a nyers \u00e9rz\u00e9st jobban kedveli, mint a kapcsol\u00f3k sz\u00e1m\u00e1t, akkor az R300 V2 egy\u00e9rtelm\u0171en a megfelel\u0151 lig\u00e1ban j\u00e1tszik.<\/p>\n<p>\u00d6sszess\u00e9g\u00e9ben, ami az elm\u00e9ly\u00fcl\u00e9st illeti, ez a korm\u00e1nyker\u00e9k pontosan azt teszi, amit egy ClubSport term\u00e9kt\u0151l elv\u00e1rhat: ment\u00e1lisan elt\u0171nik, hogy helyet adjon a vezet\u00e9si \u00e9rz\u00e9seknek. Ez egy olyan term\u00e9szetes kapcsolat az alap \u00e9s a virtu\u00e1lis aut\u00f3 k\u00f6z\u00f6tt, hogy azon kapod magad, hogy m\u00e1r nem is gondolsz r\u00e1.<\/p>\n<h2>Kinek sz\u00f3l? Mit szeret\u00fcnk, mit nem szeret\u00fcnk<\/h2>\n<p>A ClubSport Steering Wheel R300 V2 mindenekel\u0151tt a Fanatec \u00f6kosziszt\u00e9m\u00e1j\u00e1ban m\u00e1r megalapozott, k\u00f6z\u00e9phalad\u00f3 \u00e9s halad\u00f3 szimul\u00e1torosoknak sz\u00f3l, akik egy kompakt, prec\u00edz, teljes\u00edtm\u00e9nyorient\u00e1lt korm\u00e1nykereket szeretn\u00e9nek. A motiv\u00e1lt kezd\u0151k is teljes m\u00e9rt\u00e9kben kihaszn\u00e1lhatj\u00e1k, de igaz\u00e1n akkor tudj\u00e1k a legt\u00f6bbet kihozni bel\u0151le, ha m\u00e1r n\u00e9h\u00e1ny tucat \u00f3r\u00e1nyi komoly vezet\u00e9si tapasztalattal rendelkeznek \u00e9s minimum FFB k\u00f6vetelm\u00e9nyekkel rendelkeznek. Konzolon vagy PC-n az ide\u00e1lis profil ugyanaz marad: valaki, aki rendszeresen vezet, aki szereti az aut\u00f3ja \u00e9rzet\u00e9t, \u00e9s aki nem egy \"mutat\u00f3s\" korm\u00e1nyt keres.<\/p>\n<p>Ami nekem k\u00fcl\u00f6n\u00f6sen tetszik, az az eg\u00e9sznek az \u00e1ltal\u00e1nos merevs\u00e9ge. Val\u00f3di szil\u00e1rds\u00e1g \u00e9s komolys\u00e1g \u00e9rz\u0151dik, ami azonnal bizalmat ad. Azt\u00e1n ott van a kompakt, \u00e9rz\u00e9keny korm\u00e1nyz\u00e1s \u00e9rz\u00e9se, amely ink\u00e1bb hasonl\u00edt egy versenyaut\u00f3ra, mint egy utcai aut\u00f3ra, ami t\u00f6k\u00e9letes a modern szimul\u00e1ci\u00f3khoz. V\u00e9g\u00fcl pedig a kompatibilit\u00e1s \u00e9s a Fanatec \u00f6kosziszt\u00e9m\u00e1ba val\u00f3 integr\u00e1ci\u00f3 teszi koherens v\u00e1laszt\u00e1ss\u00e1 egy olyan be\u00e1ll\u00edt\u00e1shoz, amely k\u00f6vetkezetes akar maradni \u00e9s fokozatosan fejl\u0151dni, an\u00e9lk\u00fcl, hogy megrekedne.<\/p>\n<p>Ami a korl\u00e1toz\u00e1sokat illeti, a n\u00e9h\u00e1ny nagyon teljes ker\u00e9khez k\u00e9pest cs\u00f6kkentett sz\u00e1m\u00fa vez\u00e9rl\u0151elem frusztr\u00e1lhatja azokat, akik \u00f6sszetett protot\u00edpusokkal j\u00e1tszanak, vagy akik szeretnek mindent menet k\u00f6zben be\u00e1ll\u00edtani. A kompakt \u00e1tm\u00e9r\u0151je, p\u00e1rosulva a magas FFB-vel, az alkalmi j\u00e1t\u00e9kosok karjait is kif\u00e1raszthatja, k\u00fcl\u00f6n\u00f6sen, ha nem sz\u00e1nnak id\u0151t a be\u00e1ll\u00edt\u00e1sok m\u00f3dos\u00edt\u00e1s\u00e1ra. V\u00e9g\u00fcl pedig a meglehet\u0151sen egyszer\u0171 kialak\u00edt\u00e1s, k\u00e9perny\u0151 vagy felt\u0171n\u0151 vizu\u00e1lis elemek n\u00e9lk\u00fcl, egy kev\u00e9sb\u00e9 \"l\u00e1tv\u00e1nyos\" term\u00e9k benyom\u00e1s\u00e1t keltheti, mint az azonos m\u00e1rka m\u00e1s modelljei, m\u00e9g akkor is, ha a j\u00e1t\u00e9k\u00e9rzet megfelel a k\u00f6vetelm\u00e9nyeknek.<\/p>\n<p>A befektet\u00e9s szempontj\u00e1b\u00f3l ez egy\u00e9rtelm\u0171en a bel\u00e9p\u0151szint\u0171 k\u00edn\u00e1lat f\u00f6l\u00e9 poz\u00edcion\u00e1lt term\u00e9k. Az \u00e9rz\u00e9kelt \u00e9rt\u00e9k ez\u00e9rt att\u00f3l f\u00fcgg, hogyan haszn\u00e1lja: ha nem vezet sokat, \u00e9s egy olyan korm\u00e1nykereket keres, amely j\u00f3l mutat a nappalij\u00e1ban, akkor nem ez lesz a legjobb ar\u00e1ny. M\u00e1sr\u00e9szt, ha sok id\u0151t t\u00f6lt a virtu\u00e1lis p\u00e1ly\u00e1n, \u00e9s az eszt\u00e9tik\u00e1n\u00e1l t\u00f6bbre \u00e9rt\u00e9keli a tapint\u00e1st, a ClubSport R300 V2 korm\u00e1nyker\u00e9k a visszajelz\u00e9sek min\u0151s\u00e9g\u00e9vel \u00e9s a v\u00e9lt tart\u00f3ss\u00e1ggal igazolja az \u00e1r\u00e1t. \u00d6n t\u00f6bbet fektet az \u00e9rz\u00e9sekbe, mint a k\u00fcty\u00fckbe.<\/p>\n<h2>\u00cdt\u00e9let: korm\u00e1nyker\u00e9k gyors, hossz\u00fa t\u00e1v\u00fa vezet\u00e9shez<\/h2>\n<p>A Fanatec ClubSport R300 V2 korm\u00e1nyker\u00e9k valami nagyon egyszer\u0171, de nagyon k\u00edv\u00e1natos dolgot hoz a be\u00e1ll\u00edt\u00e1sokba: tiszta, \u00e9les \u00e9s megb\u00edzhat\u00f3 kapcsolatot az alap \u00e9s a p\u00e1ly\u00e1n \u00e9rzett \u00e9rz\u00e9sek k\u00f6z\u00f6tt. Nem var\u00e1zsol egy \u00e1tlagos alapot var\u00e1zslatos m\u00f3don egy verseny Direct Drive-ba, de egy\u00e9rtelm\u0171en jobban \u00e1tengedi az FFB r\u00e9szleteit, mint egy rugalmasabb vagy \"j\u00e1t\u00e9k\" korm\u00e1nyker\u00e9k. Egy koherens Fanatec be\u00e1ll\u00edt\u00e1sban gyorsan igazi napi referenci\u00e1v\u00e1 v\u00e1lik.<\/p>\n<p>A piacon a k\u00f6z\u00e9pkateg\u00f3ri\u00e1s \u00e9s a fels\u0151 kateg\u00f3ri\u00e1s term\u00e9k k\u00f6z\u00e9 sorolhat\u00f3, amely ink\u00e1bb a teljes\u00edtm\u00e9nyre, mint a l\u00e1tv\u00e1nyoss\u00e1gra ir\u00e1nyul. Nem pr\u00f3b\u00e1l versenyezni az elektronik\u00e1val telet\u00f6m\u00f6tt ultrapr\u00e9mium kerekekkel, de nagyon szil\u00e1rd kompromisszumot k\u00edn\u00e1l a min\u0151s\u00e9g, a tapint\u00e1s \u00e9s a sokoldal\u00fas\u00e1g k\u00f6z\u00f6tt. Ez egy el\u00e9g komoly ker\u00e9k ahhoz, hogy k\u00eds\u00e9rje az er\u0151sebb alapok fel\u00e9 t\u00f6rt\u00e9n\u0151 felfel\u00e9 halad\u00e1st, an\u00e9lk\u00fcl, hogy a gyenge l\u00e1ncszem lenne.<\/p>\n<p>Azoknak a szimul\u00e1toros versenyz\u0151knek aj\u00e1nlan\u00e1m, akik precizit\u00e1st, tapad\u00e1solvas\u00e1st \u00e9s ir\u00e1ny\u00edt\u00e1st szeretn\u00e9nek a kritikus f\u00e1zisokban, nem pedig azoknak a j\u00e1t\u00e9kosoknak, akik egy sok vez\u00e9rl\u0151elemmel ell\u00e1tott korm\u00e1nykereket vagy l\u00e1tv\u00e1nyos megjelen\u00e9st szeretn\u00e9nek. Ha egy kompakt, merev korm\u00e1nykereket keresel, amely egy\u00e9rtelm\u0171en megmondja, hogy mit csin\u00e1l az aut\u00f3, \u00e9s id\u0151vel k\u00f6vetni tudja az el\u0151rehalad\u00e1sodat, akkor ez a term\u00e9k mindent megv\u00e1ltoztathat a be\u00e1ll\u00edt\u00e1saidban.<\/p>","protected":false},"excerpt":{"rendered":"<p>Ez a korm\u00e1nyker\u00e9k mindenekel\u0151tt azt az \u00e9rz\u00e9st keltette bennem, hogy nagyon vil\u00e1gos kapcsolatom van az aut\u00f3val, \u00e9s a tapad\u00e1s \u00e9s a terhel\u00e9s\u00e1tvitel \u00e9rz\u00e9se vil\u00e1gosabb volt, mint a \"k\u00fcty\u00fcszer\u0171bb\" modellekn\u00e9l. K\u00fcl\u00f6n\u00f6sen azoknak a szimul\u00e1torosoknak lesz \u00e9rdekes, akik m\u00e1r egy kicsit elk\u00f6telezettek, \u00e9s akik a tiszta vezet\u00e9st r\u00e9szes\u00edtik el\u0151nyben az ultrakomplett ergon\u00f3mi\u00e1val szemben. Egy fenntarthat\u00f3 teljes\u00edtm\u00e9nyre orient\u00e1lt Fanatec be\u00e1ll\u00edt\u00e1s eset\u00e9ben a pozicion\u00e1l\u00e1sa sz\u00e1momra koherensnek t\u0171nik.<\/p>","protected":false},"featured_media":100770,"comment_status":"open","ping_status":"closed","template":"","meta":{"_acf_changed":false,"_et_pb_use_builder":"","_et_pb_old_content":"","_et_gb_content_width":""},"product_brand":[158],"product_cat":[156],"product_tag":[149,159],"class_list":{"0":"post-100769","1":"product","2":"type-product","3":"status-publish","4":"has-post-thumbnail","6":"product_brand-fanatec","7":"product_cat-roue-de-volant","8":"product_tag-pc","9":"product_tag-playstation","11":"first","12":"instock","13":"shipping-taxable","14":"product-type-external"},"acf":[],"_links":{"self":[{"href":"https:\/\/simracergear.com\/hu\/wp-json\/wp\/v2\/product\/100769","targetHints":{"allow":["GET"]}}],"collection":[{"href":"https:\/\/simracergear.com\/hu\/wp-json\/wp\/v2\/product"}],"about":[{"href":"https:\/\/simracergear.com\/hu\/wp-json\/wp\/v2\/types\/product"}],"replies":[{"embeddable":true,"href":"https:\/\/simracergear.com\/hu\/wp-json\/wp\/v2\/comments?post=100769"}],"wp:featuredmedia":[{"embeddable":true,"href":"https:\/\/simracergear.com\/hu\/wp-json\/wp\/v2\/media\/100770"}],"wp:attachment":[{"href":"https:\/\/simracergear.com\/hu\/wp-json\/wp\/v2\/media?parent=100769"}],"wp:term":[{"taxonomy":"product_brand","embeddable":true,"href":"https:\/\/simracergear.com\/hu\/wp-json\/wp\/v2\/product_brand?post=100769"},{"taxonomy":"product_cat","embeddable":true,"href":"https:\/\/simracergear.com\/hu\/wp-json\/wp\/v2\/product_cat?post=100769"},{"taxonomy":"product_tag","embeddable":true,"href":"https:\/\/simracergear.com\/hu\/wp-json\/wp\/v2\/product_tag?post=100769"}],"curies":[{"name":"wp","href":"https:\/\/api.w.org\/{rel}","templated":true}]}}