{"id":100805,"date":"2025-11-28T04:46:44","date_gmt":"2025-11-28T04:46:44","guid":{"rendered":"https:\/\/simracergear.com\/products\/fanatec-clubsport-steering-wheel-round-1-v2-for-xbox\/"},"modified":"2025-11-28T04:46:44","modified_gmt":"2025-11-28T04:46:44","slug":"fanatec-clubsport-steering-wheel-round-1-v2-for-xbox","status":"publish","type":"product","link":"https:\/\/simracergear.com\/hu\/products\/fanatec-clubsport-steering-wheel-round-1-v2-for-xbox\/","title":{"rendered":"Fanatec ClubSport Round 1 V2 az Xbox sz\u00e1m\u00e1ra"},"content":{"rendered":"<h2>Fanatec ClubSport Steering Wheel Round 1 V2 Xboxhoz : teszt \u00e9s teljes \u00e9rt\u00e9kel\u00e9s<\/h2>\n<p>Pap\u00edron a Fanatec ClubSport Steering Wheel Round 1 V2 Xboxhoz sok mindenben megfelel. Kerek korm\u00e1nyker\u00e9k, val\u00f3s\u00e1gh\u0171 \u00e1tm\u00e9r\u0151, nat\u00edv Xbox kompatibilit\u00e1s, ClubSport integr\u00e1ci\u00f3, komoly kivitelez\u00e9s... Egy\u00e9rtelm\u0171en a szimul\u00e1torosokat c\u00e9lozza meg, akik valami sokoldal\u00fa, hiteles \u00e9s GT-ben, valamint rallye-ban vagy driftben is haszn\u00e1lhat\u00f3t szeretn\u00e9nek, an\u00e9lk\u00fcl, hogy egzotikuss\u00e1 v\u00e1ln\u00e1nak.<\/p>\n<p>Ez a modell egyens\u00falyt \u00edg\u00e9r a \"k\u00f6z\u00fati sportkocsi\" \u00e9lm\u00e9ny \u00e9s a Fanatec \u00f6kosziszt\u00e9ma kifinomults\u00e1ga k\u00f6z\u00f6tt. Ez nem egy ultra F1-st\u00edlus\u00fa korm\u00e1ny, sem egy hatalmas GT LM, hanem egy igazi 'mindennapi vezet\u0151' a szimul\u00e1toroz\u00e1shoz. Amit \u00e1lland\u00f3an az alapra szerelve tartasz, mert 90 % helyzetben m\u0171k\u00f6dik.<\/p>\n<p>Az \u00e9n szempontom itt egyszer\u0171: a k\u00e9zben val\u00f3 \u00e9rz\u00e9s, az \u00e9rz\u00e9kelt min\u0151s\u00e9g, a kezel\u0151szervek ergon\u00f3mi\u00e1ja \u00e9s a modern Fanatec alapokkal (bele\u00e9rtve a Direct Drive-ot is) val\u00f3 \u00f6sszhang. Azt is vizsg\u00e1lom, hogy mit k\u00edn\u00e1l ez a Round 1 V2 konkr\u00e9tan a bel\u00e9p\u0151 szint\u0171 Fanatec kerekekhez \u00e9s a katal\u00f3gusban tal\u00e1lhat\u00f3 magasabb kateg\u00f3ri\u00e1j\u00fa felnikhez k\u00e9pest. R\u00f6viden: meg\u00e9rdemli-e a hely\u00e9t egy Xbox\/PC-orient\u00e1lt setup f\u0151 ker\u00e9kjek\u00e9nt, vagy ink\u00e1bb csak egy \"j\u00f3 m\u00e1sodik ker\u00e9k\"?<\/p>\n<h2>Tervez\u00e9s \u00e9s gy\u00e1rt\u00e1s: komoly kerek korm\u00e1nyker\u00e9k, felesleges felhajt\u00e1s n\u00e9lk\u00fcl<\/h2>\n<p>A k\u00e9zben ez a ClubSport Round 1 V2 azonnal komoly benyom\u00e1st kelt. Az \u00e1tm\u00e9r\u0151je j\u00f3l megv\u00e1lasztott a sokoldal\u00fa haszn\u00e1lathoz, nem t\u00fal kicsi egy egy\u00fcl\u00e9seshez, \u00e9s nem is t\u00fal nagy egy haszonj\u00e1rm\u0171h\u00f6z. \"Orsz\u00e1g\u00fati sportkorm\u00e1ny\" form\u00e1tumr\u00f3l besz\u00e9l\u00fcnk, ami megk\u00f6nny\u00edti a kezel\u00e9st azok sz\u00e1m\u00e1ra, akik a val\u00f3 vil\u00e1gb\u00f3l \u00e9rkeznek, vagy szeretn\u00e9k megtal\u00e1lni term\u00e9szetes t\u00e1j\u00e9koz\u00f3d\u00e1sukat.<\/p>\n<p>Az anyagok pr\u00e9mium k\u00f6z\u00e9pkateg\u00f3ri\u00e1t l\u00e9legeznek. A k\u00f6zponti f\u00e9mszerkezet bizalmat \u00e9breszt, \u00e9s a hal\u00e1nt\u00e9k nem csavarodik, m\u00e9g nagy Direct Drive terhel\u00e9s eset\u00e9n sem. A karika nagyon merev, nincs \u00e9rz\u00e9kelhet\u0151 parazita hajl\u00edt\u00e1s az er\u0151szakos oldalir\u00e1ny\u00fa nyom\u00e1s alatt. \u00c9rezhet\u0151, hogy a korm\u00e1nyt \u00fagy tervezt\u00e9k, hogy meging\u00e1s n\u00e9lk\u00fcl b\u00edrja az \u00f3r\u00e1kig tart\u00f3 j\u00e1t\u00e9kot er\u0151teljes alapon.<\/p>\n<p>A b\u00e9l\u00e9s fontos t\u00e9nyez\u0151. Ami engem illet, ez egy j\u00f3 kompromisszum a k\u00e9nyelem \u00e9s a t\u00e1mogat\u00e1s k\u00f6z\u00f6tt. A text\u00fara el\u00e9g tapad\u00f3s ahhoz, hogy \"forr\u00f3\" k\u00f6r\u00fclm\u00e9nyek k\u00f6z\u00f6tt is szil\u00e1rdan a hely\u00e9n tartsa a kez\u00e9t, an\u00e9lk\u00fcl, hogy agressz\u00edvv\u00e1 v\u00e1lna, mint n\u00e9h\u00e1ny t\u00fals\u00e1gosan durva alcantara. Hossz\u00fa ideig j\u00e1tszhatsz keszty\u0171 n\u00e9lk\u00fcl an\u00e9lk\u00fcl, hogy a kezed l\u00e1ngra kapna. Vegyes haszn\u00e1lat eset\u00e9n ez egy igazi plusz.<\/p>\n<p>Ami meglep\u0151, az a c\u00e9lba \u00e9retts\u00e9gi fok ebben a szegmensben. A gombok j\u00f3l integr\u00e1ltak, a szerigr\u00e1fia olvashat\u00f3, \u00e9s az \u00f6sszk\u00e9p letisztult. Nem \u00e9ri el egy cs\u00facsmodell ClubSport GT3 korm\u00e1nyker\u00e9k sz\u00ednvonal\u00e1t, de nincsenek nagy kompromisszumok sem.<\/p>\n<p>Ami egy kicsit ki\u00e1br\u00e1nd\u00edt\u00f3, az a meglehet\u0151sen j\u00f3zan, szinte \"b\u00f6lcs\" vizu\u00e1lis aspektus. Ha egy l\u00e1tv\u00e1nyosabb korm\u00e1nyker\u00e9kr\u0151l \u00e9rkezt\u00e9l, kitett karbonb\u00f3l \u00e9s massz\u00edv lap\u00e1tokkal, akkor ez a Round 1 V2 egy kicsit visszafogottnak t\u0171nhet. Az embernek az az \u00e9rz\u00e9se, hogy a c\u00e9l a funkcionalit\u00e1s volt a vizu\u00e1lis l\u00e1tv\u00e1nyoss\u00e1g el\u0151tt.<\/p>\n<p>A bel\u00e9p\u0151 szint\u0171 Fanatec-kerekekhez vagy m\u00e1s m\u00e1rk\u00e1k egyszer\u0171bb kerekeihez k\u00e9pest ez a modell egy\u00e9rtelm\u0171 el\u0151nyben van a merevs\u00e9g \u00e9s a ker\u00e9kt\u00e1rcsa s\u0171r\u0171s\u00e9ge tekintet\u00e9ben. Nem egy k\u00f6nny\u0171 h\u00e9jr\u00f3l van sz\u00f3: val\u00f3ban azt a benyom\u00e1st kelti, hogy egy olyan t\u00e1rgyr\u00f3l van sz\u00f3, amelyet arra terveztek, hogy intenz\u00edv szimul\u00e1toros k\u00f6rnyezetben is kitartson.<\/p>\n<h2>Be\u00e1ll\u00edt\u00e1sok, testreszab\u00e1s \u00e9s kompatibilit\u00e1s: egy igaz\u00e1n sokoldal\u00fa Xbox\/PC hub<\/h2>\n<p>Ez a ClubSport korm\u00e1nyker\u00e9k Round 1 V2 z\u00f6kken\u0151mentesen integr\u00e1l\u00f3dik a Fanatec \u00f6kosziszt\u00e9m\u00e1ba. A szok\u00e1sos QR-rendszer seg\u00edts\u00e9g\u00e9vel cs\u00edptethet\u0151 fel, \u00e9s azonnal a kompatibilis b\u00e1zis \"Xbox-agy\u00e1v\u00e1\" v\u00e1lik. A k\u00f6zvetlen\u00fcl integr\u00e1lt Xbox licenc igaz\u00e1n egyszer\u0171v\u00e9 teszi az \u00e9letet: azonnali felismer\u00e9s a konzolon, logikusan hozz\u00e1rendelt gombok, fejf\u00e1j\u00e1smentes navig\u00e1ci\u00f3 a konzol men\u00fciben.<\/p>\n<p>Ami a be\u00e1ll\u00edt\u00e1sokat illeti, minden, ami sz\u00e1m\u00edt, az alapegys\u00e9gben \u00e9s a Fanatec szoftver\u00e9ben t\u00f6rt\u00e9nik, de a korm\u00e1nyker\u00e9k elegend\u0151 kezel\u0151szervet k\u00edn\u00e1l a param\u00e9terek menet k\u00f6zbeni be\u00e1ll\u00edt\u00e1s\u00e1hoz. Megfelel\u0151 sz\u00e1m\u00fa gomb van, j\u00f3l elosztva \u00e9s meglehet\u0151sen intuit\u00edv m\u00f3don elhelyezve. Nem tart sok\u00e1ig eligazodni a legfontosabb funkci\u00f3kban: a f\u00e9kkever\u00e9k, az ABS, a TC, a motort\u00e9rk\u00e9p vagy az FFB be\u00e1ll\u00edt\u00e1sa menet k\u00f6zben, a haszn\u00e1lt alapt\u00f3l f\u00fcgg\u0151en.<\/p>\n<p>Ha m\u00e1r ismeri a Fanatec \u00f6kosziszt\u00e9m\u00e1t, k\u00f6nny\u0171 megtanulni. Ha \u00faj vagy a rendszerben, akkor egy kis id\u0151re lesz sz\u00fcks\u00e9ged, hogy megjegyezd a gombmegfelel\u00e9seket, k\u00fcl\u00f6n\u00f6sen az Xbox haszn\u00e1latakor, ahol a rendszerbillenty\u0171k ker\u00fclnek a k\u00e9pbe. Semmi sem akad\u00e1lyozhatja meg: n\u00e9h\u00e1ny alkalom ut\u00e1n gondolkod\u00e1s n\u00e9lk\u00fcl k\u00e9pes lesz navig\u00e1lni.<\/p>\n<p>A testreszabhat\u00f3s\u00e1g tekintet\u00e9ben nem egy olyan korm\u00e1nyker\u00e9kr\u0151l besz\u00e9l\u00fcnk, amely a v\u00e9gletekig m\u00f3dos\u00edthat\u00f3, de a kerek karika nagy szabads\u00e1got ad a kezek elhelyez\u00e9s\u00e9ben, ami nagyon fontos. A korm\u00e1nylap\u00e1tok k\u00f6nnyen \u00e9rintik az ujjakat, tiszta kattan\u00e1sokkal \u00e9s t\u00falzott j\u00e1t\u00e9k n\u00e9lk\u00fcl. Nem \u00e9rik el a legjobb ClubSport neh\u00e9zf\u00e9m lap\u00e1tok szintj\u00e9t, de ebben a szegmensben m\u00e9g mindig kiel\u00e9g\u00edt\u0151ek.<\/p>\n<p>A Fanatec \u00f6kosziszt\u00e9m\u00e1val val\u00f3 kompatibilit\u00e1s igazi el\u0151ny. Ped\u00e1lok, v\u00e1lt\u00f3k, k\u00e9zif\u00e9kek, r\u00e9gebbi Direct Drive vagy sz\u00edjhajt\u00e1s\u00fa alapok: ez a ker\u00e9k z\u00f6kken\u0151mentesen integr\u00e1l\u00f3dik a megl\u00e9v\u0151 be\u00e1ll\u00edt\u00e1sokba. Haszn\u00e1lhatod f\u0151 ker\u00e9kk\u00e9nt egy Xbox-k\u00e9sz alapon, \u00e9s megtarthatsz m\u00e1s, speci\u00e1lisabb felniket (F1, GT) bizonyos j\u00e1t\u00e9kokhoz.<\/p>\n<p>A sk\u00e1l\u00e1zhat\u00f3s\u00e1g szempontj\u00e1b\u00f3l a Round 1 V2 ink\u00e1bb egy tart\u00f3s s\u00falypontot jelent a telep\u00edt\u00e9sben. Ez nem csak egy \"olcs\u00f3 bel\u00e9p\u00e9si pont\", amelyet gyorsan le lehet cser\u00e9lni. Egy\u00e9rtelm\u0171en megmaradhat az alap\u00e9rtelmezett ker\u00e9knek, m\u00e9g akkor is, ha az alapokat fel\u00e9rt\u00e9keli, majd m\u00e1s, k\u00fcl\u00f6nlegesebb kerekeket ad hozz\u00e1.<\/p>\n<h2>\u00c9rz\u00e9kek a j\u00e1t\u00e9kban: kerek korm\u00e1nyker\u00e9k, amely vil\u00e1gosan k\u00f6zvet\u00edti, hogy mit csin\u00e1l az aut\u00f3.<\/h2>\n<p>A p\u00e1ly\u00e1ra \u00e9rve ez a ClubSport Round 1 V2 gyorsan megmutatja f\u0151 vonzerej\u00e9t: sokoldal\u00fa kezelhet\u0151s\u00e9g\u00e9t. A kanyarokban a korm\u00e1nyker\u00e9k pontosan leolvassa a terhel\u00e9s\u00e1tvitelt. Direct Drive alapon a gumiabroncsok tapad\u00e1s\u00e1nak minden v\u00e1ltoz\u00e1sa h\u00edg\u00edt\u00e1s n\u00e9lk\u00fcl jut el a kezekbe. \u00c9rezni lehet a hat\u00e1r k\u00f6zeledt\u00e9t, de nem \u00fagy, mint egy brut\u00e1lis fal, hanem mint egy olyan z\u00f3na, ahol a korm\u00e1nyker\u00e9k fokozatosan k\u00f6nny\u00edt, miel\u0151tt le\u00e1llna.<\/p>\n<p>Az er\u0151visszacsatol\u00e1s pontoss\u00e1ga nyilv\u00e1nval\u00f3an az alapt\u00f3l f\u00fcgg, de maga a ker\u00e9k nem \"hom\u00e1lyos\u00edtja\" az inform\u00e1ci\u00f3t. A merev karika, a megfelel\u0151 s\u0171r\u0171s\u00e9g \u00e9s a kerek forma val\u00f3ban seg\u00edt a sz\u00f6g ellen\u0151rz\u00e9s\u00e9ben a kanyar elej\u00e9n. Egy sz\u0171k hajt\u0171kanyarban k\u00f6nnyed\u00e9n hagyhatod, hogy a ker\u00e9k kics\u00fasszon az ujjaid k\u00f6z\u00fcl, majd sim\u00e1n elkaphatod, an\u00e9lk\u00fcl, hogy a t\u00falzott tehetetlens\u00e9ggel k\u00fczden\u00e9l.<\/p>\n<p>A vibr\u00e1torok eset\u00e9ben a viselked\u00e9s nagyon egy\u00e9rtelm\u0171. A kis f\u00fcgg\u0151leges rezg\u00e9sek tiszt\u00e1n j\u00f6nnek fel, an\u00e9lk\u00fcl, hogy hossz\u00fa \u00fcl\u00e9sek sor\u00e1n vibr\u00e1l\u00f3v\u00e1 vagy kellemetlenn\u00e9 v\u00e1ln\u00e1nak. Azonnal meg\u00e9rti, ha egy kicsit t\u00fal er\u0151sen harapja a vibr\u00e1tort, \u00e9s a kocsi kezdi elvesz\u00edteni az egyens\u00faly\u00e1t. Ez a fajta pontos visszajelz\u00e9s \u00f3ri\u00e1si seg\u00edts\u00e9get ny\u00fajt a p\u00e1lya millim\u00e9terre pontos be\u00e1ll\u00edt\u00e1s\u00e1ban. \"Azonnal meg\u00e9rted, hogy mit csin\u00e1l az aut\u00f3. \u00c9s pontosan ez az, amit egy komoly korm\u00e1nyker\u00e9kt\u0151l elv\u00e1runk.<\/p>\n<p>A tapad\u00e1si \u00e9rt\u00e9kek sz\u00e1raz p\u00e1ly\u00e1n nagyon j\u00f3k. J\u00f3l l\u00e1that\u00f3, amikor a gumiabroncs kiss\u00e9 megcs\u00faszik, de kontroll alatt marad, szemben azzal, amikor t\u00e9nyleg le\u00e1ll. Labilisabb k\u00f6r\u00fclm\u00e9nyek k\u00f6z\u00f6tt (es\u0151, rally, kavics) a kerek abroncs igaz\u00e1n kiteljesedik: gyors ellenkorm\u00e1nyz\u00e1s, sz\u00e9les sz\u00f6gek, \u00f6szt\u00f6n\u00f6s korrekci\u00f3k. El\u00e9g befoly\u00e1sol\u00f3 ereje van ahhoz, hogy ir\u00e1ny\u00edtsa \u00e9s utol\u00e9rje az aut\u00f3t an\u00e9lk\u00fcl, hogy er\u0151ltetn\u00e9, ami egy kis F1-es st\u00edlus\u00fa korm\u00e1nyker\u00e9kkel nehezebb.<\/p>\n<p>Hossz\u00fa munkamenetek sor\u00e1n a k\u00e9nyelem megfelel\u0151. A bevonat megakad\u00e1lyozza a kop\u00e1st, a kerek forma pedig azt jelenti, hogy a csukl\u00f3ja tehermentes\u00edt\u00e9se \u00e9rdek\u00e9ben v\u00e1ltogathatja a k\u00e9z poz\u00edci\u00f3j\u00e1t. Hossz\u00fa ideig lehet lovagolni an\u00e9lk\u00fcl, hogy k\u00fcl\u00f6n\u00f6sebb k\u00e9nyelmetlens\u00e9get \u00e9rezn\u00e9nk, k\u00fcl\u00f6n\u00f6sen, ha a talp intelligens m\u00f3don van be\u00e1ll\u00edtva. A nagyon er\u0151s Direct Drive-nak k\u00f6sz\u00f6nhet\u0151en biztosan kell egy kicsit sim\u00edtani az er\u0151g\u00f6rb\u00e9t, hogy ne v\u00e1ljon minden \u00fcl\u00e9s s\u00falyz\u00f3s edz\u00e9ss\u00e9, de a korm\u00e1ny gond n\u00e9lk\u00fcl megbirk\u00f3zik vele.<\/p>\n<p>A gyors korrekci\u00f3khoz ez a Round 1 V2 j\u00f3l reag\u00e1l. A t\u00falkorm\u00e1nyzotts\u00e1gb\u00f3l val\u00f3 kil\u00e1bal\u00e1shoz egy gyors r\u00e1nt\u00e1ssal vissza lehet t\u00e9rni a semleges helyzetbe an\u00e9lk\u00fcl, hogy elvesz\u00edten\u00e9 az ir\u00e1ny\u00edt\u00e1st. A korm\u00e1nyker\u00e9k t\u00f6mege j\u00f3l kiegyens\u00falyozottnak t\u0171nik: elegend\u0151 s\u00faly, hogy ne t\u0171nj\u00f6n j\u00e1t\u00e9knak, de nem t\u00fal sok, hogy ne lass\u00edtsa az alap dinamik\u00e1j\u00e1t. Egy kis, nagyon k\u00f6nny\u0171 korm\u00e1nyker\u00e9kkel \u00f6sszehasonl\u00edtva egy kicsit vesz\u00edt\u00fcnk az extr\u00e9m \u00e9l\u00e9nks\u00e9gb\u0151l, de nyer\u00fcnk a stabilit\u00e1sban \u00e9s az igazi aut\u00f3hoz k\u00f6zeli \u00e9rz\u00e9sben.<\/p>\n<p>Egy egyszer\u0171bb bel\u00e9p\u0151 szint\u0171 ker\u00e9khez k\u00e9pest a k\u00fcl\u00f6nbs\u00e9g mindenekel\u0151tt a visszajelz\u00e9sek tisztas\u00e1g\u00e1ban \u00e9s az \u00e1ltal\u00e1nos merevs\u00e9gben \u00e9rezhet\u0151. A ker\u00e9k nem \"lebeg\". Egy cs\u00facskateg\u00f3ri\u00e1s, ultraversenyz\u0151s, t\u00f6bb kezel\u0151szervet tartalmaz\u00f3 modellel \u00f6sszehasonl\u00edtva ez a Round 1 V2 kev\u00e9sb\u00e9 l\u00e1tv\u00e1nyos, de sokkal k\u00f6nnyebb vele egy\u00fctt \u00e9lni a mindennapokban. Ez egy olyan korm\u00e1nyker\u00e9k, amely lehet\u0151v\u00e9 teszi, hogy a vezet\u00e9sre koncentr\u00e1lj, an\u00e9lk\u00fcl, hogy egy adott vezet\u00e9si st\u00edlust vagy fegyelmet er\u0151ltetne r\u00e1d.<\/p>\n<p>V\u00e9g\u00fcl is, az elm\u00e9ly\u00fcl\u00e9s szil\u00e1rd: nem \u00fagy \u00e9rzed, mintha egy tartoz\u00e9kot tartan\u00e1l a kezedben, hanem egy igazi sportkocsi korm\u00e1ny\u00e1t, amelyet a szimul\u00e1toroz\u00e1shoz igaz\u00edtottak. A magabiztoss\u00e1g gyorsan j\u00f6n, \u00e9s amikor t\u00e1madni kezdesz, ez a korm\u00e1nyker\u00e9k tartja a l\u00e9p\u00e9st an\u00e9lk\u00fcl, hogy azt a benyom\u00e1st kelten\u00e9, hogy a kezelhet\u0151s\u00e9g hat\u00e1r\u00e1n van. \"Ez az a fajta korm\u00e1nyker\u00e9k, amir\u0151l megfeledkezel... mert azt teszi, amit tennie kell, mindig, dr\u00e1ma n\u00e9lk\u00fcl.\"<\/p>\n<h2>Kinek sz\u00f3l? Er\u0151ss\u00e9gek \u00e9s korl\u00e1tok, amelyekkel tiszt\u00e1ban kell lenni<\/h2>\n<p>Ez a Fanatec ClubSport Steering Wheel Round 1 V2 for Xbox egy\u00e9rtelm\u0171en a szimul\u00e1torosoknak sz\u00f3l, akik egy komoly, Xbox\/PC-kompatibilis f\u0151korm\u00e1nyt szeretn\u00e9nek, amely k\u00e9szen \u00e1ll arra, hogy id\u0151vel fejl\u0151dj\u00f6n. A motiv\u00e1lt kezd\u0151k, akiknek m\u00e1r van Fanatec alapjuk, f\u00e9lelem n\u00e9lk\u00fcl haszn\u00e1lhatj\u00e1k els\u0151 korm\u00e1nyker\u00e9kk\u00e9nt. A k\u00f6z\u00e9phalad\u00f3 vagy tapasztalt j\u00e1t\u00e9kosok kiv\u00e1l\u00f3 mindennapi vezet\u0151nek fogj\u00e1k tal\u00e1lni a legk\u00fcl\u00f6nf\u00e9l\u00e9bb c\u00edmekhez: GT, endurance, rally, k\u00f6nny\u0171 drift \u00e9s m\u00e9g egy kis ny\u00edlt utcai j\u00e1t\u00e9khoz is.<\/p>\n<p>Az egyik dolog, amit a legjobban szeretek benne, a sokoldal\u00fas\u00e1ga. Kerek forma, egyenletes \u00e1tm\u00e9r\u0151, j\u00f3l elhelyezett kezel\u0151szervek: a Forz\u00e1t\u00f3l a hardcore szimul\u00e1torig mindenre k\u00e9pes, an\u00e9lk\u00fcl, hogy valaha is \u00fagy \u00e9rezn\u00e9, hogy nincs a hely\u00e9n. Az \u00e1ltal\u00e1nos merevs\u00e9g \u00e9s az \u00e9rz\u00e9kelt min\u0151s\u00e9g a m\u00e1sodik helyen \u00e1ll. Semmi sem nyikorog, semmi sem mozog, a paddelek tiszt\u00e1n reag\u00e1lnak, \u00e9s a korm\u00e1nyker\u00e9k t\u00f6k\u00e9letesen tartja mag\u00e1t az er\u0151s alapokon. Az Xbox integr\u00e1ci\u00f3 is igazi plusz: bedugni, felismerni, j\u00e1tszani.<\/p>\n<p>Vannak azonban bizonyos korl\u00e1toz\u00e1sok, amelyeket szem el\u0151tt kell tartani. El\u0151sz\u00f6r is, a meglehet\u0151sen j\u00f3zan vizu\u00e1lis st\u00edlus nem fog tetszeni azoknak, akik nagyon \"versenyz\u0151i\" korm\u00e1nykereket szeretn\u00e9nek, kitett sz\u00e9nsz\u00e1lakkal \u00e9s protot\u00edpus kin\u00e9zettel. M\u00e1sodszor, a gombok sz\u00e1ma tov\u00e1bbra is \u00e9sszer\u0171: elegend\u0151 a j\u00e1t\u00e9kok t\u00f6bbs\u00e9g\u00e9hez, de nem olyan gazdag, mint n\u00e9h\u00e1ny forg\u00f3kkal \u00e9s kapcsol\u00f3kkal telet\u00f6m\u00f6tt korm\u00e1nyker\u00e9k, amelyek hasznosak az endurance vagy a nagyon \u00f6sszetett szimul\u00e1torok eset\u00e9ben. V\u00e9g\u00fcl pedig az \u00e1rpoz\u00edci\u00f3ja igazi befektet\u00e9ss\u00e9 teszi: a bel\u00e9p\u0151 szint\u0171 korm\u00e1nyok felett van, \u00edgy fel kell k\u00e9sz\u00fclni arra, hogy hossz\u00fa ideig megtartod, hogy j\u00f3 \u00e9rt\u00e9ket kapj.<\/p>\n<p>Az \u00e9rz\u00e9kelt \u00e9rt\u00e9ket tekintve ez a korm\u00e1nyker\u00e9k j\u00f3l megv\u00e9di mag\u00e1t. \u00c9rezhet\u0151, hogy hova megy a p\u00e9nz: komoly kivitelez\u00e9s, Xbox-integr\u00e1ci\u00f3, sz\u00e9les k\u00f6r\u0171 \u00f6kosziszt\u00e9ma-kompatibilit\u00e1s, egy\u00e9rtelm\u0171 j\u00e1t\u00e9k\u00e9rzet. Annak, aki a szimul\u00e1toroz\u00e1st rendszeres hobbinak tekinti, \u00e9s nem csak impulzusv\u00e1s\u00e1rl\u00e1snak, indokolt a befektet\u00e9s. Egy nagyon alkalmi j\u00e1t\u00e9kosnak viszont sok lehet egy egyszer\u0171 kerek ker\u00e9k\u00e9rt, \u00e9s egy egyszer\u0171bb modell is el\u00e9g lehet.<\/p>\n<h2>\u00cdt\u00e9let: egy nagyon szil\u00e1rd napi vezet\u0151 a Fanatec \u00f6kosziszt\u00e9m\u00e1ban<\/h2>\n<p>A Fanatec ClubSport Steering Wheel Round 1 V2 Xboxhoz valami nagyon fontosat hoz a be\u00e1ll\u00edt\u00e1sokba: egy hiteles, merev, k\u00e9nyelmes \u00e9s val\u00f3ban sokoldal\u00fa f\u0151 korm\u00e1nykereket, amely hossz\u00fa t\u00e1von sem korl\u00e1tozza a fejl\u0151d\u00e9st. K\u00fcl\u00f6n\u00f6sen j\u00f3l illeszkedik egy Xbox\/PC k\u00f6rnyezetbe, ahol a Direct Drive vagy egy izmosabb Fanatec alapot szeretn\u00e9l kihaszn\u00e1lni an\u00e9lk\u00fcl, hogy eleve megsokszorozn\u00e1d a kerekek sz\u00e1m\u00e1t.<\/p>\n<p>A piacon egy\u00e9rtelm\u0171en a pr\u00e9mium k\u00f6z\u00e9pkateg\u00f3ri\u00e1ban helyezkedik el. A bizonyos alapokhoz tartoz\u00f3 \"csomagkerekek\" f\u00f6l\u00f6tt, a ClubSport \/ Podium term\u00e9kcsal\u00e1d ultrat\u00edpusos \u00e9s nagyon dr\u00e1ga felnijei alatt. Ez egy \u00e9rdekes sarkalatos pont, ami k\u00f6r\u00e9 egy setupot lehet \u00e9p\u00edteni: ezzel a ker\u00e9kkel kezdesz mindent, azt\u00e1n k\u00e9s\u0151bb esetleg hozz\u00e1adsz egy nagyon versenyz\u0151 GT-t vagy egy F1-et.<\/p>\n<p>Aj\u00e1nlom mindenkinek, aki egy komoly, sok j\u00e1t\u00e9kban haszn\u00e1lhat\u00f3 f\u0151 kereket keres, \u00e9s aki a legt\u00f6bbet szeretn\u00e9 kihozni a Fanatec alapokb\u00f3l an\u00e9lk\u00fcl, hogy komoly kompromisszumokat k\u00f6tne a j\u00e1t\u00e9k\u00e9rzet ter\u00e9n. Egy nagyon egyszem\u00e9lyes vagy hardcore GT3 gamer sz\u00e1m\u00e1ra egy speci\u00e1lisabb korm\u00e1nyker\u00e9knek t\u00f6bb \u00e9rtelme lesz. Ha nagyon sz\u0171k\u00f6s a k\u00f6lts\u00e9gvet\u00e9sed, egy egyszer\u0171bb modell is el\u00e9g lesz a kezd\u00e9shez.<\/p>\n<p>Ha egy sokoldal\u00fa, j\u00f3l meg\u00e9p\u00edtett, Xbox-kompatibilis kerekes kereket keresel, amely k\u00e9pes l\u00e9p\u00e9st tartani a Fanatec-alapon t\u00f6rt\u00e9n\u0151 fejl\u0151d\u00e9seddel, akkor ez a term\u00e9k egy\u00e9rtelm\u0171en sokat sz\u00e1m\u00edthat a be\u00e1ll\u00edt\u00e1saidban.<\/p>","protected":false},"excerpt":{"rendered":"<p>Ez a korm\u00e1nyker\u00e9k egy nagyon koherens \"mindennapi vezet\u0151\" \u00e9rz\u00e9s\u00e9t adta nekem: term\u00e9szetes tapad\u00e1s, vil\u00e1gos visszajelz\u00e9s \u00e9s olyan k\u00e9nyelem, ami arra k\u00e9sztet, hogy sok\u00e1ig vezessek. Van \u00e9rtelme az Xbox\/PC szimul\u00e1torosoknak, akik sokoldal\u00fa, hiteles \u00e9s tart\u00f3s f\u0151korm\u00e1nyt szeretn\u00e9nek, an\u00e9lk\u00fcl, hogy t\u00falz\u00e1sba esn\u00e9nek. Szolid \u00e9rt\u00e9ket k\u00e9pvisel, ha a szimul\u00e1toroz\u00e1st rendszeres hobbinak tekinted.<\/p>","protected":false},"featured_media":100806,"comment_status":"open","ping_status":"closed","template":"","meta":{"_acf_changed":false,"_et_pb_use_builder":"","_et_pb_old_content":"","_et_gb_content_width":""},"product_brand":[158],"product_cat":[156],"product_tag":[149,159,160],"class_list":{"0":"post-100805","1":"product","2":"type-product","3":"status-publish","4":"has-post-thumbnail","6":"product_brand-fanatec","7":"product_cat-roue-de-volant","8":"product_tag-pc","9":"product_tag-playstation","10":"product_tag-xbox","12":"first","13":"instock","14":"shipping-taxable","15":"product-type-external"},"acf":[],"_links":{"self":[{"href":"https:\/\/simracergear.com\/hu\/wp-json\/wp\/v2\/product\/100805","targetHints":{"allow":["GET"]}}],"collection":[{"href":"https:\/\/simracergear.com\/hu\/wp-json\/wp\/v2\/product"}],"about":[{"href":"https:\/\/simracergear.com\/hu\/wp-json\/wp\/v2\/types\/product"}],"replies":[{"embeddable":true,"href":"https:\/\/simracergear.com\/hu\/wp-json\/wp\/v2\/comments?post=100805"}],"wp:featuredmedia":[{"embeddable":true,"href":"https:\/\/simracergear.com\/hu\/wp-json\/wp\/v2\/media\/100806"}],"wp:attachment":[{"href":"https:\/\/simracergear.com\/hu\/wp-json\/wp\/v2\/media?parent=100805"}],"wp:term":[{"taxonomy":"product_brand","embeddable":true,"href":"https:\/\/simracergear.com\/hu\/wp-json\/wp\/v2\/product_brand?post=100805"},{"taxonomy":"product_cat","embeddable":true,"href":"https:\/\/simracergear.com\/hu\/wp-json\/wp\/v2\/product_cat?post=100805"},{"taxonomy":"product_tag","embeddable":true,"href":"https:\/\/simracergear.com\/hu\/wp-json\/wp\/v2\/product_tag?post=100805"}],"curies":[{"name":"wp","href":"https:\/\/api.w.org\/{rel}","templated":true}]}}