{"id":100815,"date":"2025-11-28T04:46:45","date_gmt":"2025-11-28T04:46:45","guid":{"rendered":"https:\/\/simracergear.com\/products\/fanatec-clubsport-steering-wheel-rs\/"},"modified":"2025-11-28T04:46:45","modified_gmt":"2025-11-28T04:46:45","slug":"fanatec-clubsport-steering-wheel-rs","status":"publish","type":"product","link":"https:\/\/simracergear.com\/hu\/products\/fanatec-clubsport-steering-wheel-rs\/","title":{"rendered":"Fanatec ClubSport RS"},"content":{"rendered":"<h2>Fanatec ClubSport korm\u00e1nyker\u00e9k RS: v\u00e9lem\u00e9nyem haszn\u00e1lat ut\u00e1n<\/h2>\n<p>A Fanatec \u00f6kosziszt\u00e9m\u00e1j\u00e1ban a ClubSport Steering Wheel RS egy \"klasszikus\" GT- \u00e9s t\u00faraorient\u00e1lt korm\u00e1nyker\u00e9kk\u00e9nt van pozicion\u00e1lva, amelyet a ClubSport \u00e9s CSL DD alapokhoz terveztek. Nem adja ki mag\u00e1t ultraversenyz\u0151 protot\u00edpusnak vagy F1-es korm\u00e1nyker\u00e9knek, hanem egy komoly, k\u00e9nyelmes, t\u00f6bbc\u00e9l\u00fa korm\u00e1nyker\u00e9k, amely k\u00e9pes a mindennapi szimul\u00e1torosok t\u00f6bbs\u00e9g\u00e9nek k\u00eds\u00e9r\u0151je lenni.<\/p>\n<p>Amit \u00edg\u00e9r, az az aut\u00f3 \u00e1tm\u00e9r\u0151j\u00e9nek realizmusa, a bel\u00e9p\u0151 szint\u0171 ker\u00e9kn\u00e9l ig\u00e9nyesebb kivitel \u00e9s a Fanatec-alapokkal val\u00f3 sz\u00e9les k\u00f6r\u0171 kompatibilit\u00e1s \u00f6tv\u00f6zete. Mindenekel\u0151tt azokat sz\u00f3l\u00edtja meg, akik szeretn\u00e9nek elszakadni a kicsi, e-sport st\u00edlus\u00fa korm\u00e1nyker\u00e9kekt\u0151l, \u00e9s visszat\u00e9rni egy igazi sport- vagy GT utcai aut\u00f3 \u00e9rz\u00e9s\u00e9hez.<\/p>\n<p>Az \u00e9n elemz\u00e9si szempontom egyszer\u0171: az \u00e9p\u00edt\u00e9si min\u0151s\u00e9g, a hossz\u00fa munkamenetek sor\u00e1n ny\u00fajtott k\u00e9nyelem, a hat\u00e9konys\u00e1g a vez\u00e9rl\u00e9s szempontj\u00e1b\u00f3l, \u00e9s a Fanatec t\u00f6bbi term\u00e9k\u00e9hez viszony\u00edtva. Engem kev\u00e9sb\u00e9 \u00e9rdekel a \"wow-effektus\", mint a val\u00f3di hozz\u00e1adott \u00e9rt\u00e9k a p\u00e1ly\u00e1n: a bemenetek pontoss\u00e1ga, a k\u00e9zben val\u00f3 \u00e9rz\u00e9s, a k\u00f6nny\u0171 alkalmazkod\u00e1s \u00e9s az \u00e1ltal\u00e1nos koherencia a PC-s vagy konzolos be\u00e1ll\u00edt\u00e1sban.<\/p>\n<h2>Tervez\u00e9s \u00e9s gy\u00e1rt\u00e1s<\/h2>\n<p>A ClubSport Steering Wheel RS a k\u00e9zben azonnal komoly term\u00e9k benyom\u00e1s\u00e1t kelti. Az utcai aut\u00f3\/GT st\u00edlus\u00fa \u00e1tm\u00e9r\u0151 azonnal megv\u00e1ltoztatja a tart\u00e1st a kompaktabb korm\u00e1nyker\u00e9khez k\u00e9pest. J\u00f3 az egyens\u00faly a re\u00e1lis m\u00e9ret \u00e9s a man\u0151verezhet\u0151s\u00e9g k\u00f6z\u00f6tt. A karik\u00e1nak van egy bizonyos s\u0171r\u0171s\u00e9ge, \u00edgy nem \u00e9rzi mag\u00e1t \u00fcres j\u00e1t\u00e9knak.<\/p>\n<p>A felhaszn\u00e1lt anyagok szil\u00e1rd k\u00f6z\u00e9pkateg\u00f3ri\u00e1s \u00e9rzetet keltenek, f\u00e9mszerkezettel \u00e9s \u00e1ltal\u00e1ban tiszta fel\u00fcletekkel, valamint b\u0151rbor\u00edt\u00e1ssal, amely j\u00f3l fekszik a k\u00e9zben. A varr\u00e1s tiszta, a fog\u00e1si z\u00f3n\u00e1k egys\u00e9gesek, \u00e9s a korm\u00e1nyker\u00e9k nem nyikorog, ha kiss\u00e9 meghajl\u00edtjuk. Ami a merevs\u00e9get illeti, m\u00e9g a nyomat\u00e9kosabb Direct Drive alapon sem \u00e9reztem zavar\u00f3 hajl\u00edt\u00e1st.<\/p>\n<p>A h\u00e1tlapon l\u00e9v\u0151 lap\u00e1tok az egyik legszembet\u0171n\u0151bb jellemz\u0151i. M\u0171k\u00f6d\u00e9s\u00fck egyszer\u0171, egy\u00e9rtelm\u0171 mechanikus kattan\u00e1ssal, amely sem nem puha, sem nem kem\u00e9ny. Egym\u00e1s ut\u00e1n v\u00e1lthatsz fokozatot an\u00e9lk\u00fcl, hogy agg\u00f3dnod kellene, hogy kihagysz egy fokozatot. Ez mind GT-, mind aszfaltos raliversenyen kellemes.<\/p>\n<p>Ami meglep\u0151, az a csomag \u00e1ltal\u00e1nos koherenci\u00e1ja. Els\u0151 pillant\u00e1sra semmi sem t\u0171nik \"olcs\u00f3nak\". Ez egy\u00e9rtelm\u0171en egy l\u00e9pcs\u0151fok a bel\u00e9p\u0151 szint\u0171 m\u0171anyag kerekekhez vagy a k\u00f6nnyebb, k\u00f6tegelt t\u00edpus\u00fa korm\u00e1nyokhoz k\u00e9pest.<\/p>\n<p>Ami egy kicsit csal\u00f3d\u00e1st okoz, k\u00fcl\u00f6n\u00f6sen a k\u00edn\u00e1lat ezen szintj\u00e9n, az n\u00e9h\u00e1ny r\u00e9szlet: a gombok n\u00e9melyik\u00e9nek kiss\u00e9 \u00fcreges tapint\u00e1sa, az \u00e1ltal\u00e1nos diz\u00e1jn, amely nagyon j\u00f3zan \u00e9s m\u00e9g egy kicsit szer\u00e9ny is, \u00e9s a s\u00faly, amely egy kicsit magasnak t\u0171nhet azok sz\u00e1m\u00e1ra, akik kompaktabb kerekekb\u0151l \u00e9rkeznek. A m\u00e1rka n\u00e9h\u00e1ny el\u0151kel\u0151bb kateg\u00f3ri\u00e1j\u00fa kerek\u00e9hez k\u00e9pest az az \u00e9rz\u00e9s\u00fcnk, hogy a Fanatec megtartott n\u00e9h\u00e1ny finom\u00edt\u00e1st a felette l\u00e9v\u0151 modellek sz\u00e1m\u00e1ra.<\/p>\n<p>Az ugyanebben a szegmensben l\u00e9v\u0151 riv\u00e1lisokkal \u00f6sszehasonl\u00edtva az RS j\u00f3l \u00e1ll a szolid \u00e9rzet \u00e9s a b\u0151r. Valami hiteleset tal\u00e1ltunk egy olyan szimul\u00e1torosnak, aki tart\u00f3s f\u0151korm\u00e1nyra v\u00e1gyik, an\u00e9lk\u00fcl, hogy az abszol\u00fat luxusba esne.<\/p>\n<h2>Be\u00e1ll\u00edt\u00e1sok, testreszab\u00e1s \u00e9s kompatibilit\u00e1s<\/h2>\n<p>A ClubSport Steering Wheel RS k\u00f6zvetlen\u00fcl a Fanatec \u00f6kosziszt\u00e9m\u00e1j\u00e1nak el\u0151nyeit \u00e9lvezi. A kompatibilis alapra szerelve a be\u00e1ll\u00edt\u00e1sok az alap men\u00fcj\u00e9nek \u00e9s a PC-szoftvernek a seg\u00edts\u00e9g\u00e9vel egyar\u00e1nt elv\u00e9gezhet\u0151k. A Fanatec-alapokhoz integr\u00e1lt el\u0151be\u00e1ll\u00edt\u00e1sok m\u00e1r elegend\u0151ek az egys\u00e9ges viselked\u00e9s biztos\u00edt\u00e1s\u00e1hoz, k\u00fcl\u00f6n\u00f6sen, ha ragaszkodik a megszokott szimul\u00e1ci\u00f3khoz.<\/p>\n<p>A korm\u00e1nyker\u00e9ken l\u00e9v\u0151 kezel\u0151szervek j\u00f3l elosztva konfigur\u00e1lj\u00e1k a j\u00e1t\u00e9k alapvet\u0151 funkci\u00f3it: kil\u00e1t\u00e1s, box, kip\u00f6rg\u00e9sg\u00e1tl\u00f3 \u00e9s \u00fczemanyagkever\u00e9k, a c\u00edmt\u0151l f\u00fcgg\u0151en. Rengeteg gomb van an\u00e9lk\u00fcl, hogy tolakod\u00f3 lenne, \u00e9s viszonylag gyorsan elsaj\u00e1t\u00edtod a haszn\u00e1lat\u00e1t. Ami engem illet, a tanul\u00e1si g\u00f6rbe ink\u00e1bb az FFB optimaliz\u00e1l\u00e1s\u00e1r\u00f3l sz\u00f3lt az egyes j\u00e1t\u00e9kokhoz, mint a fizikai kezel\u00e9s\u00e9r\u0151l.<\/p>\n<p>A korm\u00e1nyker\u00e9k st\u00edlus\u00e1hoz val\u00f3 igaz\u00edt\u00e1s\u00e1hoz az igaz\u00e1n hasznos be\u00e1ll\u00edt\u00e1sok m\u00e9g mindig az alapbe\u00e1ll\u00edt\u00e1sok: FFB intenzit\u00e1s, sz\u0171r\u00e9s, csillap\u00edt\u00e1s, interpol\u00e1ci\u00f3. Az RS j\u00f3l kezeli a vari\u00e1ci\u00f3kat, ak\u00e1r nyers \u00e9rzetre v\u00e1gysz a rallyhoz, ak\u00e1r sz\u0171kebb visszajelz\u00e9sre az endurance-hoz. A nagyobb \u00e1tm\u00e9r\u0151 csak egy kicsit megszok\u00e1st ig\u00e9nyel, ha egy formula korm\u00e1nyr\u00f3l \u00e9rkezt\u00e9l.<\/p>\n<p>Ami a kompatibilit\u00e1st illeti, a ker\u00e9k azt teszi, amit egy Fanatec ker\u00e9kt\u0151l ebben a tartom\u00e1nyban elv\u00e1rhatunk: kompatibilis alapokon kereszt\u00fcl PC-n \u00e9s konzolokon is haszn\u00e1lhat\u00f3, saj\u00e1t \u00e9rz\u00e9kel\u00e9ssel \u00e9s szabv\u00e1nyos gombkezel\u00e9ssel. \u00cdgy megnyugtat\u00f3 v\u00e1laszt\u00e1s lehet azok sz\u00e1m\u00e1ra, akik felv\u00e1ltva haszn\u00e1lj\u00e1k a PC-t \u00e9s a konzolt.<\/p>\n<p>A k\u00f6rnyez\u0151 \u00f6kosziszt\u00e9ma egy\u00e9rtelm\u0171en el\u0151ny\u00f6s: ped\u00e1lok, v\u00e1lt\u00f3k, k\u00e9zif\u00e9k, minden term\u00e9szetesen integr\u00e1l\u00f3dik. A ClubSport Steering Wheel RS j\u00f3l j\u00e1tssza a szerep\u00e9t, mint a \"f\u0151 GT-korm\u00e1ny\" egy progressz\u00edv be\u00e1ll\u00edt\u00e1sban. K\u00f6zepes alapj\u00e1rattal ind\u00edthat, majd n\u00f6velheti a teljes\u00edtm\u00e9nyt an\u00e9lk\u00fcl, hogy azonnal kereket kellene cser\u00e9lnie.<\/p>\n<p>A be\u00e1ll\u00edt\u00e1s hossz\u00fa \u00e9lettartam\u00e1t tekintve \u00e9n ink\u00e1bb horgonypontnak tekintem, nem pedig csak egy \u00e1tmeneti ker\u00e9knek. K\u00f6nnyen megtarthatod f\u0151 korm\u00e1nyker\u00e9kk\u00e9nt, vagy egy m\u00e1sodlagos, GT aut\u00f3kra sz\u00e1nt korm\u00e1nyker\u00e9kk\u00e9nt, m\u00e9g azut\u00e1n is, hogy \u00e1tv\u00e1ltott\u00e1l egy izmosabb alapra.<\/p>\n<h2>\u00c9rzelmek a t\u00e9t<\/h2>\n<p>A p\u00e1ly\u00e1n a ClubSport Steering Wheel RS-t legink\u00e1bb az alapj\u00e1n lehet meg\u00edt\u00e9lni, ahogyan k\u00f6zvet\u00edti, hogy mit csin\u00e1l az aut\u00f3. A re\u00e1lis \u00e1tm\u00e9r\u0151 nagy k\u00fcl\u00f6nbs\u00e9get jelent az FFB-hez k\u00e9pest: a mozg\u00e1sok egy kicsit teltebbek, a korrekci\u00f3k egy kicsit term\u00e9szetesebbek, k\u00fcl\u00f6n\u00f6sen GT3, t\u00fara vagy k\u00f6nny\u0171 driftel\u00e9s eset\u00e9n.<\/p>\n<p>Kanyarod\u00e1skor \u00e9rezhet\u0151 a terhel\u00e9s\u00e1tvitel. Ahogy a korm\u00e1nyker\u00e9k \"\u00fcl\" a kezedben, amikor kanyarba l\u00e9psz, az magabiztoss\u00e1got ad. A visszajelz\u00e9s egy\u00e9rtelm\u0171, an\u00e9lk\u00fcl, hogy agressz\u00edv lenne, felt\u00e9ve, hogy az alapj\u00e1rat megfelel\u0151en van be\u00e1ll\u00edtva. Vil\u00e1gosan \u00e9rezhet\u0151, amikor az els\u0151 r\u00e9sz cs\u00faszni kezd, az ellen\u00e1ll\u00e1s ink\u00e1bb fokozatosan, mint hirtelen cs\u00f6kken.<\/p>\n<p>Amikor a markolat olvas\u00e1s\u00e1r\u00f3l van sz\u00f3, az RS nem \u00e1rulja el az alapot. Egy kev\u00e9sb\u00e9 er\u0151s alapon, mint p\u00e9ld\u00e1ul egy k\u00f6z\u00e9pkateg\u00f3ri\u00e1s modell, m\u00e9g mindig van egy j\u00f3 adag finoms\u00e1g a nyomat\u00e9k mikro-v\u00e1ltoz\u00e1saiban. Egy er\u0151sebb Direct Drive-on a korm\u00e1nyker\u00e9k meging\u00e1s n\u00e9lk\u00fcl veszi a terhel\u00e9st, \u00e9s a szerkezet nem kelti a csavarod\u00e1s benyom\u00e1s\u00e1t. Amit a leghasznosabbnak tal\u00e1ltam, az az aut\u00f3 azon k\u00e9pess\u00e9ge, hogy hossz\u00fa leszor\u00edt\u00f3er\u0151vel is \u00e9rzi a hat\u00e1rt: az aut\u00f3 el\u00e9g vil\u00e1gosan megmondja, ha kicsit t\u00fal optimista vagy.<\/p>\n<p>A vibr\u00e1torokon pontos \u00e1br\u00e1zol\u00e1st kap, k\u00fcl\u00f6n\u00f6sen a lapos vibr\u00e1torokon vagy a ki\u00e1ll\u00f3 sz\u00e9leken. Megk\u00fcl\u00f6nb\u00f6ztetheted a text\u00far\u00e1t an\u00e9lk\u00fcl, hogy a korm\u00e1nyker\u00e9k l\u00e9gkalap\u00e1ccs\u00e1 v\u00e1lna, am\u00edg nem viszed t\u00falz\u00e1sba a be\u00e1ll\u00edt\u00e1sokat. A GT vagy F1 t\u00edpus\u00fa p\u00e1ly\u00e1k agressz\u00edv \u00e9lei j\u00f3l kiemelkednek, \u00e9s pontosan tudod, ha t\u00fal kem\u00e9nyen harapsz.<\/p>\n<p>A gyors korrekci\u00f3k sor\u00e1n a nagyobb \u00e1tm\u00e9r\u0151 miatt kicsit t\u00f6bbet kell mozgatni a karokat, mint egy kis egy\u00fcl\u00e9ses korm\u00e1nyker\u00e9kn\u00e9l. M\u00e1sr\u00e9szt a tapad\u00e1s nagyon stabil, \u00e9s a h\u00e1ts\u00f3 ker\u00e9kcs\u00fasz\u00e1sokn\u00e1l is j\u00f3 marad az ir\u00e1ny\u00edthat\u00f3s\u00e1g. Foly\u00e9kony mozdulatokkal elkaphatsz egy cs\u00fasz\u00e1st, nem k\u00fczdesz az anyaggal. Gyorsan meg\u00e9rted, hogy mit csin\u00e1l az aut\u00f3.<\/p>\n<p>Hossz\u00fa munkamenetek sor\u00e1n a karika k\u00e9nyelme veszi \u00e1t az ir\u00e1ny\u00edt\u00e1st. A b\u0151r nem f\u00e1rasztja a kezet, \u00e9s a korm\u00e1nyker\u00e9k r\u00e9sze j\u00f3l m\u00e9retezett, nem t\u00fal v\u00e9kony \u00e9s nem is t\u00fal vastag. A f\u00e1radts\u00e1got ink\u00e1bb az alap intenzit\u00e1sa okozza, mint maga a korm\u00e1ny. Az \u00e1ll\u00f3k\u00e9pess\u00e9g szempontj\u00e1b\u00f3l ez egy igazi er\u0151ss\u00e9g.<\/p>\n<p>Egy kev\u00e9sb\u00e9 er\u0151s alaphoz k\u00e9pest a korm\u00e1nyker\u00e9k meg\u0151rizte koherens viselked\u00e9s\u00e9t: a progressz\u00edv hat\u00e1sok olvashat\u00f3ak maradnak, m\u00e9g akkor is, ha a r\u00e9szletgazdags\u00e1g mindenekel\u0151tt az FFB-motoron m\u00falik. Nagyobb nyomat\u00e9k\u00fa alaphoz csatlakoztatva a mikrohat\u00e1sok \u00e1rnyaltabbak, az oldalir\u00e1ny\u00fa er\u0151k pedig val\u00f3s\u00e1gh\u0171bbek, \u00e9s az RS k\u00f6veti ezt an\u00e9lk\u00fcl, hogy b\u00e1rmilyen szerkezeti gyenges\u00e9get mutatna.<\/p>\n<p>Az \u00e1ltal\u00e1nos mer\u00edt\u00e9s szempontj\u00e1b\u00f3l j\u00f3l m\u0171k\u00f6dik. Olyan \u00e9rz\u00e9sed van, mintha egy \"igazi\" aut\u00f3t vezetn\u00e9l, nem pedig egy videoj\u00e1t\u00e9k g\u00e9p\u00e9t, k\u00fcl\u00f6n\u00f6sen a GT-szimul\u00e1ci\u00f3s c\u00edmekn\u00e9l. Nem csak a korm\u00e1nyker\u00e9k \u00f6nmag\u00e1ban hozza l\u00e9tre az immerszi\u00f3t, de sosem t\u00f6ri meg azt. H\u00e1tr\u00e9bb szorul az aut\u00f3val szemben, ami pontosan az, amit ezen a szinten keres\u00fcnk.<\/p>\n<h2>Kinek sz\u00f3l? Mit szeret\u00fcnk, mit nem szeret\u00fcnk<\/h2>\n<p>A ClubSport Steering Wheel RS egy\u00e9rtelm\u0171en a k\u00f6z\u00e9phalad\u00f3 \u00e9s halad\u00f3 szimul\u00e1torosoknak sz\u00f3l, akik egy komoly GT-korm\u00e1nyt szeretn\u00e9nek, amely a Fanatec-alapokon kereszt\u00fcl PC- \u00e9s konzol-kompatibilis, an\u00e9lk\u00fcl, hogy azonnal \u00e1t\u00e1lln\u00e1nak a magasan specializ\u00e1lt vagy t\u00fal\u00e1razott korm\u00e1nyker\u00e9kre. Alkalmas a motiv\u00e1lt kezd\u0151knek is, akik m\u00e1r tudj\u00e1k, hogy a szimul\u00e1torokn\u00e1l maradnak, \u00e9s ink\u00e1bb k\u00f6zvetlen\u00fcl tart\u00f3s felszerel\u00e9sbe fektetnek be.<\/p>\n<p>Ami a legjobban tetszik, az a korm\u00e1nyker\u00e9k \u00e1tm\u00e9r\u0151je \u00e9s form\u00e1ja, amely nagyon term\u00e9szetes \u00e9rzetet ad, k\u00f6zel egy igazi sportaut\u00f3\u00e9hoz. K\u00e9nyelmesebb, pontosabb a kanyarok sorrendj\u00e9ben \u00e9s pontosabban ir\u00e1ny\u00edthat\u00f3 az aut\u00f3 nyom\u00e1s alatt. M\u00e1sodszor, az \u00f6sszess\u00e9g\u00e9ben \u00e9rz\u00e9kelhet\u0151 min\u0151s\u00e9g megnyugtat\u00f3: szil\u00e1rd anyagok, kellemes b\u0151r, hat\u00e9kony korm\u00e1nylap\u00e1tok - \u00e9rezhet\u0151, hogy t\u00f6bb sz\u00e1z \u00f3r\u00e1nyi haszn\u00e1latra k\u00e9sz\u00fclt. V\u00e9g\u00fcl pedig a Fanatec \u00f6kosziszt\u00e9m\u00e1val val\u00f3 sz\u00e9les k\u00f6r\u0171 kompatibilit\u00e1sa egyszer\u0171 v\u00e1laszt\u00e1st tesz lehet\u0151v\u00e9: tudod, hogy fejf\u00e1j\u00e1s n\u00e9lk\u00fcl illeszkedik a megl\u00e9v\u0151 vagy j\u00f6v\u0151beli be\u00e1ll\u00edt\u00e1sokhoz.<\/p>\n<p>De vannak hat\u00e1rok. A diz\u00e1jn tov\u00e1bbra is meglehet\u0151sen konzervat\u00edv, s\u0151t kiss\u00e9 \u00e1ltal\u00e1nos, azok sz\u00e1m\u00e1ra, akik er\u0151s vizu\u00e1lis karakterrel rendelkez\u0151 korm\u00e1nykereket szeretn\u00e9nek. A gomboknak is j\u00f3l j\u00f6nne egy pr\u00e9miumabb \u00e9rz\u00e9s, mivel n\u00e9h\u00e1nyuk egy kicsit szabv\u00e1nyosnak t\u0171nik ehhez a term\u00e9kkateg\u00f3ri\u00e1hoz k\u00e9pest. V\u00e9g\u00fcl, a s\u00faly egy kicsit magasnak t\u0171nhet a bel\u00e9p\u0151 szint\u0171 alapokon, ami nagyon gyors ir\u00e1nyv\u00e1ltoztat\u00e1skor kiss\u00e9 neh\u00e9zkes benyom\u00e1st kelthet, k\u00fcl\u00f6n\u00f6sen, ha az FFB magasra van \u00e1ll\u00edtva.<\/p>\n<p>A befektet\u00e9s szempontj\u00e1b\u00f3l ez egy\u00e9rtelm\u0171en komoly term\u00e9k, nem pedig k\u00fcty\u00fc. Az \u00e9szlelt \u00e9rt\u00e9k konzisztens, ha t\u00f6bb \u00e9ven kereszt\u00fcl f\u0151 GT-korm\u00e1nyker\u00e9kk\u00e9nt k\u00edv\u00e1nja haszn\u00e1lni. Egy alkalmi felhaszn\u00e1l\u00f3 vagy egy olyan j\u00e1t\u00e9kos sz\u00e1m\u00e1ra, aki els\u0151sorban arcade-rajong\u00f3, ez egy kicsit ambici\u00f3zus lehet. Egy rendszeres szimul\u00e1toros sz\u00e1m\u00e1ra a min\u0151s\u00e9g\/tart\u00f3ss\u00e1g ar\u00e1nynak van \u00e9rtelme.<\/p>\n<h2>V\u00e9lem\u00e9ny a Fanatec ClubSport korm\u00e1nyker\u00e9k RS-r\u0151l<\/h2>\n<p>Egy szimul\u00e1toros versenyfelszerel\u00e9sben a ClubSport Steering Wheel RS mindenekel\u0151tt egy dolgot hoz: egy szil\u00e1rd, sokoldal\u00fa alapot mindenhez, ami a k\u00f6z\u00fati sportkocsik, GT-k \u00e9s t\u00faraaut\u00f3k k\u00f6r\u00fcl forog. Remek\u00fcl helyettes\u00edti a kicsi eredeti korm\u00e1nykereket, term\u00e9szetesebb \u00e9rz\u00e9st \u00e9s az aut\u00f3 reakci\u00f3inak jobb leolvashat\u00f3s\u00e1g\u00e1t k\u00edn\u00e1lja.<\/p>\n<p>A piacon egy\u00e9rtelm\u0171en a fels\u0151 k\u00f6z\u00e9pkateg\u00f3ri\u00e1ban helyezkedik el, a gyakran m\u0171anyagabb bel\u00e9p\u0151 szint\u0171 korm\u00e1nyok \u00e9s az ultraspecializ\u00e1lt cs\u00facsmodellek k\u00f6z\u00f6tt. Sok szimul\u00e1toros sz\u00e1m\u00e1ra kulcsfontoss\u00e1g\u00fa term\u00e9k: kell\u0151 min\u0151s\u00e9g\u0171 ahhoz, hogy tart\u00f3s legyen, an\u00e9lk\u00fcl, hogy \u00e1rban t\u00falz\u00e1sba esne.<\/p>\n<p>Azoknak a j\u00e1t\u00e9kosoknak aj\u00e1nlan\u00e1m, akik rendszeresen versenyeznek GT vagy t\u00f6bb szak\u00e1gban, akik egyetlen, megb\u00edzhat\u00f3 f\u0151 ker\u00e9kre v\u00e1gynak, \u00e9s akik m\u00e1r a Fanatec \u00f6kosziszt\u00e9ma tagjai vagy tervezik, hogy a Fanatec \u00f6kosziszt\u00e9m\u00e1j\u00e1nak r\u00e9sz\u00e9v\u00e9 v\u00e1lnak. Azoknak, akik az egy\u00fcl\u00e9sesekre esk\u00fcsznek, vagy akik egy nagyon k\u00f6nny\u0171, j\u00f3l reag\u00e1l\u00f3 kereket keresnek, val\u00f3sz\u00edn\u0171leg egy kompaktabb modell megfelel\u0151bb lesz.<\/p>\n<p>Ha egy k\u00e9nyelmes, j\u00f3l meg\u00e9p\u00edtett GT-korm\u00e1nyt keresel, amely hossz\u00fa t\u00e1von k\u00e9pes k\u00eds\u00e9rni a be\u00e1ll\u00edt\u00e1saidat, akkor ez a term\u00e9k egy\u00e9rtelm\u0171en sokat sz\u00e1m\u00edthat a be\u00e1ll\u00edt\u00e1saidban.<\/p>","protected":false},"excerpt":{"rendered":"<p>Ez a korm\u00e1nyker\u00e9k egy igazi GT-hez k\u00f6zeli vezet\u00e9si \u00e9rzetet biztos\u00edt, a reakci\u00f3k k\u00e9nyelm\u00e9vel \u00e9s olvashat\u00f3s\u00e1g\u00e1val, amelyek a hossz\u00fa \u00fcl\u00e9seket sim\u00e1bb\u00e1 \u00e9s term\u00e9szetesebb\u00e9 teszik. Mindenekel\u0151tt a m\u00e1r a Fanatec \u00f6kosziszt\u00e9m\u00e1ban l\u00e9v\u0151 rendszeres szimul\u00e1torversenyz\u0151k sz\u00e1m\u00e1ra van \u00e9rtelme, akik egy komoly \u00e9s tart\u00f3s f\u0151 korm\u00e1nykereket keresnek. A befektet\u00e9s t\u00f6bb \u00e9ves haszn\u00e1lat mellett is \u00e9rtelmesnek t\u0171nik.<\/p>","protected":false},"featured_media":100816,"comment_status":"open","ping_status":"closed","template":"","meta":{"_acf_changed":false,"_et_pb_use_builder":"","_et_pb_old_content":"","_et_gb_content_width":""},"product_brand":[158],"product_cat":[156],"product_tag":[149,159],"class_list":{"0":"post-100815","1":"product","2":"type-product","3":"status-publish","4":"has-post-thumbnail","6":"product_brand-fanatec","7":"product_cat-roue-de-volant","8":"product_tag-pc","9":"product_tag-playstation","11":"first","12":"instock","13":"shipping-taxable","14":"product-type-external"},"acf":[],"_links":{"self":[{"href":"https:\/\/simracergear.com\/hu\/wp-json\/wp\/v2\/product\/100815","targetHints":{"allow":["GET"]}}],"collection":[{"href":"https:\/\/simracergear.com\/hu\/wp-json\/wp\/v2\/product"}],"about":[{"href":"https:\/\/simracergear.com\/hu\/wp-json\/wp\/v2\/types\/product"}],"replies":[{"embeddable":true,"href":"https:\/\/simracergear.com\/hu\/wp-json\/wp\/v2\/comments?post=100815"}],"wp:featuredmedia":[{"embeddable":true,"href":"https:\/\/simracergear.com\/hu\/wp-json\/wp\/v2\/media\/100816"}],"wp:attachment":[{"href":"https:\/\/simracergear.com\/hu\/wp-json\/wp\/v2\/media?parent=100815"}],"wp:term":[{"taxonomy":"product_brand","embeddable":true,"href":"https:\/\/simracergear.com\/hu\/wp-json\/wp\/v2\/product_brand?post=100815"},{"taxonomy":"product_cat","embeddable":true,"href":"https:\/\/simracergear.com\/hu\/wp-json\/wp\/v2\/product_cat?post=100815"},{"taxonomy":"product_tag","embeddable":true,"href":"https:\/\/simracergear.com\/hu\/wp-json\/wp\/v2\/product_tag?post=100815"}],"curies":[{"name":"wp","href":"https:\/\/api.w.org\/{rel}","templated":true}]}}