{"id":100831,"date":"2025-11-28T04:46:45","date_gmt":"2025-11-28T04:46:45","guid":{"rendered":"https:\/\/simracergear.com\/products\/fanatec-clubsport-steering-wheel-sparco-gt-for-xbox\/"},"modified":"2025-11-28T04:46:45","modified_gmt":"2025-11-28T04:46:45","slug":"fanatec-clubsport-steering-wheel-sparco-gt-for-xbox","status":"publish","type":"product","link":"https:\/\/simracergear.com\/hu\/products\/fanatec-clubsport-steering-wheel-sparco-gt-for-xbox\/","title":{"rendered":"Fanatec ClubSport SPARCO\u00ae GT Xboxhoz"},"content":{"rendered":"<h2>Fanatec ClubSport SPARCO\u00ae GT korm\u00e1nyker\u00e9k Xbox-hoz: a GT korm\u00e1nyker\u00e9k, amely mindent tud<\/h2>\n<p>A szimul\u00e1toros versenyz\u00e9sre sz\u00e1nt GT-korm\u00e1nyok szegmens\u00e9ben a Fanatec ClubSport SPARCO\u00ae GT korm\u00e1nyker\u00e9k Xboxhoz egy \"komoly\", de m\u00e9gis el\u00e9rhet\u0151 modellk\u00e9nt van pozicion\u00e1lva. Nem ultra-pr\u00e9mium karbon, de egy\u00e9rtelm\u0171en a bel\u00e9p\u0151 szint\u0171 felnik felett van. C\u00e9lcsoportja a sokat aut\u00f3z\u00f3 szimul\u00e1torosok, akik egy tiszta GT-st\u00edlus\u00fa, SPARCO licenc alatt \u00e1ll\u00f3, Xbox-szal \u00e9s PC-vel kompatibilis korm\u00e1nykereket szeretn\u00e9nek, an\u00e9lk\u00fcl, hogy t\u00fall\u00e9pn\u00e9k a k\u00f6lts\u00e9gvet\u00e9st.<\/p>\n<p>Ez a korm\u00e1ny h\u00e1rom f\u0151 dolgot \u00edg\u00e9r: sokoldal\u00fa GT ergon\u00f3mi\u00e1t (p\u00e1lya, endurance, ak\u00e1r egy kis orsz\u00e1g\u00fat), a m\u0171anyag korm\u00e1nyokn\u00e1l \"val\u00f3dibb\" kivitelez\u00e9st, \u00e9s tiszta integr\u00e1ci\u00f3t a Fanatec \u00f6kosziszt\u00e9m\u00e1ba, b\u00f3nuszk\u00e9nt az Xbox kompatibilit\u00e1st. Alapvet\u0151en az \u00f6tlet az, hogy egy olyan korm\u00e1ny legyen, ami hasonl\u00edt egy igazi, modern versenyaut\u00f3hoz, de a mai szimul\u00e1torokhoz sz\u00fcks\u00e9ges \u00f6sszes gombbal.<\/p>\n<p>Az \u00e9n szempontom itt egyszer\u0171: a k\u00e9zben val\u00f3 \u00e9rz\u00e9s, az \u00e9rz\u00e9kelt min\u0151s\u00e9g, a k\u00e9nyelem az id\u0151 m\u00fal\u00e1s\u00e1val, valamint az \u00e1r \u00e9s a poz\u00edcion\u00e1l\u00e1s szempontj\u00e1b\u00f3l. Ez a SPARCO GT val\u00f3ban kiemelkedik egy Fanatec \u00f6ssze\u00e1ll\u00edt\u00e1sban, vagy csak egy \u00fajabb ker\u00e9k a katal\u00f3gusban? \u00c9s mindenekel\u0151tt: val\u00f3di hozz\u00e1adott \u00e9rt\u00e9ket k\u00edn\u00e1l-e az olyan egyszer\u0171bb kerekekhez k\u00e9pest, mint a P1 V2, vagy sajn\u00e1ljuk, hogy nem fizett\u00fcnk egy kicsit t\u00f6bbet egy val\u00f3ban cs\u00facsmodell ker\u00e9k\u00e9rt?<\/p>\n<h2>Tervez\u00e9s \u00e9s gy\u00e1rt\u00e1s: igazi GT korm\u00e1nyker\u00e9k, n\u00e9h\u00e1ny kompromisszummal<\/h2>\n<p>Vizu\u00e1lisan a ClubSport SPARCO GT azonnal egy modern versenyaut\u00f3 kin\u00e9zet\u00e9t kelti. Kerek, kiss\u00e9 lap\u00edtott GT form\u00e1tum, j\u00f3l elosztott gombsorozat, j\u00f3l l\u00e1that\u00f3 SPARCO jelv\u00e9ny \u00e9s f\u00e9m el\u0151lap. K\u00f6nnyen bel\u00e1that\u00f3, hogy ez nem j\u00e1t\u00e9k: a szerkezet komolys\u00e1got sug\u00e1roz, j\u00f3 vastags\u00e1ggal \u00e9s tiszta \u00f6sszeszerel\u00e9ssel.<\/p>\n<p>A k\u00e9zben a kulcspont a markolat. A bor\u00edt\u00e1s m\u0171b\u0151rb\u0151l (vagy b\u0151rb\u0151l, a sz\u00e9ri\u00e1t\u00f3l f\u00fcgg\u0151en) k\u00e9sz\u00fclt, meglehet\u0151sen kem\u00e9ny tapint\u00e1s\u00fa \u00e9s tisztess\u00e9ges s\u0171r\u0171s\u00e9g\u0171. Nincs \"olcs\u00f3 habszivacs\" hat\u00e1sa. A korm\u00e1nyker\u00e9k ker\u00fclete j\u00f3l kalibr\u00e1lt: se nem t\u00fal v\u00e9kony, se nem t\u00fal vastag. Hossz\u00fa ideig lehet vezetni an\u00e9lk\u00fcl, hogy megfesz\u00fclne. Olyan \u00e9rz\u00e9s, mintha hossz\u00fa \u00fcl\u00e9sekhez tervezt\u00e9k volna, nem csak az alkalmi sprintekhez.<\/p>\n<p>Az \u00e1ltal\u00e1nos merevs\u00e9g j\u00f3. ClubSport vagy DD alapra szerelve a korm\u00e1nyker\u00e9k nem kelti azt a benyom\u00e1st, hogy a korm\u00e1ny elhajlik, mint n\u00e9h\u00e1ny k\u00f6nnyebb felni eset\u00e9ben. Amikor az FFB emelkedni kezd, a szerkezet tart, a f\u00e9m k\u00fcll\u0151k nem remegnek, \u00e9s a korm\u00e1nylap\u00e1tok szil\u00e1rdan a hely\u00fck\u00f6n maradnak. Ebben a tekintetben a Fanatec k\u00f6vetkezetes a \"ClubSport\" n\u00e9vvel.<\/p>\n<p>Ami igaz\u00e1n meglep\u0151, az az el\u0151lap min\u0151s\u00e9ge: a gombok, a mini-joystick, a vizu\u00e1lis jel\u00f6l\u00e9s a tetej\u00e9n, minden j\u00f3l integr\u00e1lt, a kezel\u0151szervek egy\u00e9rtelm\u0171 kattint\u00e1ssal. N\u00e9h\u00e1ny \u00f3ra eltelt\u00e9vel m\u00e1r vakon is k\u00f6nnyen kezelhet\u0151 a k\u00e9sz\u00fcl\u00e9k, nem kell keresg\u00e9lni a megfelel\u0151 gombot.<\/p>\n<p>Ami egy kicsit ki\u00e1br\u00e1nd\u00edt\u00f3, hogy a korm\u00e1nyker\u00e9k nem adja ugyanazt az \"abszol\u00fat cs\u00facsmodell\" \u00e9rz\u00e9st, mint n\u00e9h\u00e1ny teljes b\u0151r vagy vastagabb alcantara ker\u00e9k. A tapint\u00e1s j\u00f3, de nem ultra-luxus. Az is \u00e9rezhet\u0151, hogy a Fanatec bizonyos vizu\u00e1lis r\u00e9szletekben kompromisszumokat k\u00f6t\u00f6tt annak \u00e9rdek\u00e9ben, hogy Xbox-kompatibilis maradjon \u00e9s alacsonyan tartsa az \u00e1rat.<\/p>\n<p>Az ugyanabb\u00f3l az \u00f6kosziszt\u00e9m\u00e1b\u00f3l sz\u00e1rmaz\u00f3 bel\u00e9p\u0151 szint\u0171 ker\u00e9kkel \u00f6sszehasonl\u00edtva egy\u00e9rtelm\u0171 a javul\u00e1s a kivitelben. A piacon kaphat\u00f3, val\u00f3ban cs\u00facskateg\u00f3ri\u00e1s kerekekkel \u00f6sszehasonl\u00edtva ink\u00e1bb a k\u00f6z\u00e9ps\u0151-els\u0151 kateg\u00f3ri\u00e1ba tartozunk: komoly, tiszta, de nem l\u00e1tv\u00e1nyos.<\/p>\n<h2>Be\u00e1ll\u00edt\u00e1sok, testreszab\u00e1s \u00e9s kompatibilit\u00e1s: a Fanatec \u00f6kosziszt\u00e9m\u00e1hoz tervezve<\/h2>\n<p>A ClubSport SPARCO GT korm\u00e1nyker\u00e9k teljes modulk\u00e9nt integr\u00e1l\u00f3dik a Fanatec \u00f6kosziszt\u00e9m\u00e1ba. Minden szok\u00e1sos be\u00e1ll\u00edt\u00e1s el\u00e9rhet\u0151 az alapmen\u00fcben (CSL, ClubSport, DD) \u00e9s a PC szoftveren kereszt\u00fcl. A be\u00e1ll\u00edt\u00e1sok nem mag\u00e1n a korm\u00e1nyker\u00e9ken t\u00f6rt\u00e9nnek (ez nem egy kifinomult k\u00e9perny\u0151kkel \u00e9s integr\u00e1lt men\u00fckkel rendelkez\u0151 korm\u00e1nyker\u00e9k), hanem az alapegys\u00e9gen, amelyhez csatlakozik.<\/p>\n<p>A gyakorlatban itt a kezel\u0151szervek eloszt\u00e1sa \u00e9s ergon\u00f3mi\u00e1ja sz\u00e1m\u00edt. El\u00e9g gomb, k\u00f3dol\u00f3 \u00e9s botkorm\u00e1ny van ahhoz, hogy mindent lek\u00e9pezz\u00fcnk, amire a GT-ben sz\u00fcks\u00e9g\u00fcnk van: f\u00e9nysz\u00f3r\u00f3-kezel\u00e9s, ABS, TC, r\u00e1di\u00f3, motorkever\u00e9s, boxutca-korl\u00e1toz\u00f3 stb. A testreszabhat\u00f3s\u00e1got a j\u00e1t\u00e9kban a kezel\u0151szervek intelligens hozz\u00e1rendel\u00e9s\u00e9vel, nem pedig bonyolult firmware-konfigur\u00e1ci\u00f3kkal \u00e9rj\u00fck el. A testreszab\u00e1s a vez\u00e9rl\u0151k intelligens hozz\u00e1rendel\u00e9s\u00e9vel \u00e9rhet\u0151 el a j\u00e1t\u00e9kban, nem pedig bonyolult firmware-konfigur\u00e1ci\u00f3kkal.<\/p>\n<p>A tanul\u00e1si g\u00f6rbe tov\u00e1bbra is \u00e9sszer\u0171. Eltart egy darabig, am\u00edg az \u00f6sszes gombot meg lehet jegyezni, de a szimmetrikus elrendez\u00e9s sokat seg\u00edt. N\u00e9h\u00e1ny GT3-as vagy LMP-s \u00fcl\u00e9s ut\u00e1n a be\u00e1ll\u00edt\u00e1sokat m\u00e1r verseny k\u00f6zben is t\u00fal sok gondolkod\u00e1s n\u00e9lk\u00fcl lehet v\u00e1ltoztatni. Egy olyan vezet\u0151 sz\u00e1m\u00e1ra, aki egyszer\u0171bb, kev\u00e9s gombot tartalmaz\u00f3 korm\u00e1nyr\u00f3l \u00e9rkezik, ez igazi plusz.<\/p>\n<p>A kompatibilit\u00e1s szempontj\u00e1b\u00f3l ennek az \"for Xbox\" v\u00e1ltozatnak a f\u0151 el\u0151nye nyilv\u00e1nval\u00f3: csatlakoztatod a Fanatec Xbox-ready alaphoz, \u00e9s a konzol fejlett gamepadk\u00e9nt ismeri fel, nat\u00edv hozz\u00e1f\u00e9r\u00e9ssel a men\u00fckh\u00f6z, j\u00e1t\u00e9kokhoz \u00e9s \u00edgy tov\u00e1bb. A PC-n nincs probl\u00e9ma: ez egy szabv\u00e1nyos Fanatec, klasszikus ClubSport-korm\u00e1nyk\u00e9nt felismerhet\u0151, a meghajt\u00f3 minden el\u0151ny\u00e9vel.<\/p>\n<p>Az \u00f6kosziszt\u00e9m\u00e1t tekintve a korm\u00e1nyker\u00e9k logikusan illeszkedik a Fanatec hajt\u00f3karokhoz (CSL, ClubSport, V3), a v\u00e1lt\u00f3hoz, a k\u00e9zif\u00e9khez \u00e9s a merev cockpithez. Nem \"neh\u00e9zkes\": ha k\u00e9s\u0151bb egy er\u0151sebb alapker\u00e9kp\u00e1rra v\u00e1ltasz, gond n\u00e9lk\u00fcl megtarthatod. Ami engem illet, ez egy olyan felni, amely t\u00f6bbf\u00e9le felszerelts\u00e9ggel is mehet an\u00e9lk\u00fcl, hogy t\u00fal gyorsan elavulna.<\/p>\n<h2>J\u00e1t\u00e9k\u00e9lm\u00e9ny: GT mer\u00edt\u00e9s, szil\u00e1rd precizit\u00e1s \u00e9s eg\u00e9szs\u00e9ges kezelhet\u0151s\u00e9g<\/h2>\n<p>A p\u00e1ly\u00e1n a korm\u00e1nyker\u00e9k karaktere mindenekel\u0151tt a k\u00e9nyelem \u00e9s a precizit\u00e1s k\u00f6z\u00f6tti egyens\u00falyban mutatkozik meg. M\u00e9rete \u00e9s s\u00falya j\u00f3l ar\u00e1nyos a k\u00f6z\u00e9pkateg\u00f3ri\u00e1s alapokhoz, \u00e9sszer\u0171 Direct Drive-mal: nem \u00e9rzi t\u00falzottan neh\u00e9znek, de elegend\u0151 tehetetlens\u00e9ge van ahhoz, hogy a mozdulatok term\u00e9szetesek legyenek.<\/p>\n<p>Az er\u0151visszacsatol\u00e1sn\u00e1l az els\u0151 dolog, ami felt\u0171nik, az az inform\u00e1ci\u00f3k egy\u00e9rtelm\u0171s\u00e9ge. A korm\u00e1nyker\u00e9k nem sz\u0171ri t\u00fals\u00e1gosan az FFB-t. K\u00f6nnyen \u00e9rezhet\u0151ek az el\u00fcls\u0151 terhel\u00e9s enyhe v\u00e1ltoz\u00e1sai, az alulkorm\u00e1nyzotts\u00e1g kezdetei \u00e9s a tapad\u00e1s fokozatos elveszt\u00e9se. Nem egy var\u00e1zsker\u00e9k, ami \u00e1talak\u00edtja az alapot, de merevs\u00e9ge \u00e9s \u00e1tm\u00e9r\u0151je sokat seg\u00edt abban, hogy leolvassuk, mit csin\u00e1l az aut\u00f3. K\u00f6nnyen l\u00e1that\u00f3, hogy az aut\u00f3 cs\u00faszik-e, vagy szil\u00e1rdan \u00fcl a t\u00e1maszt\u00e9k\u00e1n.<\/p>\n<p>Gyors kanyarokban a korm\u00e1nyker\u00e9k t\u00e1maszt\u00e1sa a kez\u00e9ben magabiztoss\u00e1got ad. T\u00e9nyleg r\u00e1 tudsz t\u00e1maszkodni a markolat sz\u00e9l\u00e9re an\u00e9lk\u00fcl, hogy az meghajolna. Kev\u00e9sb\u00e9 er\u0151s alapon a SPARCO GT m\u00e9g mindig lehet\u0151v\u00e9 teszi, hogy a legt\u00f6bbet hozza ki a rendelkez\u00e9sre \u00e1ll\u00f3 Nm-b\u0151l, mert nem vesz\u00edt inform\u00e1ci\u00f3t a parazita hajl\u00edt\u00e1s miatt. Nagyobb teljes\u00edtm\u00e9ny\u0171 alapon m\u00e9g mindig j\u00f3l ir\u00e1ny\u00edthat\u00f3, \u00e9s a korrekci\u00f3kban is megmarad a finoms\u00e1g.<\/p>\n<p>A tapad\u00e1si \u00e9rt\u00e9kek kiel\u00e9g\u00edt\u0151ek, k\u00fcl\u00f6n\u00f6sen a GT3, GTE, LMP \u00e9s egyes modern t\u00faraaut\u00f3k eset\u00e9ben. \u00c9rezhet\u0151ek a mikrocs\u00fasz\u00e1sok a kanyar bej\u00e1rat\u00e1n\u00e1l, a pillanatok, amikor a h\u00e1ts\u00f3 r\u00e9sz elkezd le\u00e1llni a leszor\u00edt\u00f3er\u0151 alatt, \u00e9s a k\u00f6rbej\u00e1r\u00e1si f\u00e1zisok, amikor a h\u00e1ts\u00f3 r\u00e9sz kicsit megmozdul. Nem ez a \"legsz\u00e1razabb\" vagy \"leg\u00e9lesebb\" felni a piacon, de tiszta \u00e9s k\u00f6vetkezetes.<\/p>\n<p>A vibr\u00e1torokon a kezel\u00e9s nagyon j\u00f3. J\u00f3l \u00e9rzi a j\u00e1rdaszeg\u00e9lyek \u00e9s a kavicsg\u00f6dr\u00f6k text\u00far\u00e1j\u00e1t, an\u00e9lk\u00fcl, hogy annyira agressz\u00edv lenne, hogy f\u00e1raszt\u00f3 lenne. A korm\u00e1nyker\u00e9k tehetetlens\u00e9ge elker\u00fcli a t\u00fals\u00e1gosan ideges \"r\u00e1z\u00f3s a v\u00e1lt\u00f3n\" hat\u00e1st. Val\u00f3s\u00e1gh\u0171 a t\u00f6meg\u00e9rzet, ami j\u00f3l m\u0171k\u00f6dik a technik\u00e1s p\u00e1ly\u00e1kon.<\/p>\n<p>Hossz\u00fa munkamenetek sor\u00e1n a k\u00e9nyelem az egyik igazi el\u0151nye. A GT-forma \u00e9s a markolat anyaga korl\u00e1tozza a f\u00e1jdalmas nyom\u00e1spontok megjelen\u00e9s\u00e9t. Egy \u00f3r\u00e1n \u00e1t vagy m\u00e9g tov\u00e1bb is tekerhetsz an\u00e9lk\u00fcl, hogy \u00fagy \u00e9rezn\u00e9d, mintha egy sepr\u0171nyelet markoln\u00e1l. A keszty\u0171 els\u0151sorban a tapad\u00e1s \u00e9s az izzad\u00e1s szempontj\u00e1b\u00f3l jelent pluszt, nem pedig abszol\u00fat sz\u00fcks\u00e9gszer\u0171s\u00e9get a kezed meg\u00f3v\u00e1sa \u00e9rdek\u00e9ben.<\/p>\n<p>Gyors korrekci\u00f3kban a korm\u00e1nyker\u00e9k el\u00e9g \u00e9l\u00e9nknek t\u0171nik. Nem rendelkezik egy kis F1-es t\u00edpus\u00fa korm\u00e1nyker\u00e9k extr\u00e9m sz\u00f6gsebess\u00e9g\u00e9vel, de egy GT eset\u00e9ben az ellenkorm\u00e1nyz\u00e1si szekvenci\u00e1k k\u00f6nnyen ir\u00e1ny\u00edthat\u00f3k. A korm\u00e1nyker\u00e9k m\u00e9rete azt jelenti, hogy m\u00e9g mindig b\u0151ven van mozg\u00e1stere a korm\u00e1nyz\u00e1s ir\u00e1ny\u00edt\u00e1s\u00e1hoz, k\u00fcl\u00f6n\u00f6sen enyhe driftel\u00e9sn\u00e9l vagy amikor az aut\u00f3 hirtelen megakad. Nem harcolsz a korm\u00e1nnyal, hanem egy\u00fctt dolgozol vele.<\/p>\n<p>Egy egyszer\u0171bb, k\u00f6nnyebb felnivel \u00f6sszehasonl\u00edtva, a stabilit\u00e1st, az olvashat\u00f3s\u00e1got \u00e9s a k\u00e9nyelmet id\u0151vel megnyeri. N\u00e9h\u00e1ny el\u0151kel\u0151bb felnivel \u00f6sszehasonl\u00edtva (t\u00f6bb versenyvonal, t\u00f6bb karbon, t\u00f6bb testreszabhat\u00f3s\u00e1g), egy kicsit vesz\u00edtesz az egzotikumb\u00f3l \u00e9s az abszol\u00fat luxus \u00e9rz\u00e9s\u00e9b\u0151l, de megtartod a nagyon szil\u00e1rd alapot, ami b\u0151ven el\u00e9g a m\u00e1r komolyabb szint\u0171 motoroz\u00e1shoz.<\/p>\n<p>Az elm\u00e9ly\u00fcl\u00e9s szempontj\u00e1b\u00f3l a SPARCO-jelv\u00e9ny, a GT-form\u00e1tum \u00e9s az \u00e1ltal\u00e1nos s\u0171r\u0171s\u00e9g kombin\u00e1ci\u00f3ja m\u0171k\u00f6dik. Egy\u00e9rtelm\u0171en \u00fagy \u00e9rzed, hogy egy modern versenyaut\u00f3ban \u00fclsz, nem pedig egy j\u00e1t\u00e9kban. Vegyes PC\/box haszn\u00e1lat eset\u00e9n pontosan ez az, amit egy ilyen t\u00edpus\u00fa term\u00e9kt\u0151l elv\u00e1runk: egy olyan korm\u00e1nyker\u00e9k, ami teszi a dolg\u00e1t, k\u00f6zvet\u00edti, hogy mit csin\u00e1l az aut\u00f3, \u00e9s hossz\u00fa t\u00e1von sem f\u00e1rasztja el a j\u00e1t\u00e9kost.<\/p>\n<h2>Kinek sz\u00f3l? Amit szeret\u00fcnk \/ Amit nem szeret\u00fcnk<\/h2>\n<p>A ClubSport SPARCO GT korm\u00e1nyker\u00e9k Xboxhoz els\u0151sorban a k\u00f6z\u00e9phalad\u00f3 \u00e9s halad\u00f3 szimul\u00e1torversenyz\u0151knek sz\u00f3l, akik els\u0151sorban GT-, t\u00fara- vagy protoaut\u00f3kat vezetnek, \u00e9s akik egy komoly, sokoldal\u00fa, Xbox-kompatibilis korm\u00e1nykereket szeretn\u00e9nek. A motiv\u00e1lt kezd\u0151k sz\u00e1m\u00e1ra, akik m\u00e1r tudj\u00e1k, hogy egy olyan be\u00e1ll\u00edt\u00e1sba akarnak befektetni, amelyet hossz\u00fa ideig megtarthatnak, szint\u00e9n j\u00f3 bel\u00e9p\u0151 lehet, felt\u00e9ve, hogy elfogadj\u00e1k az alap korm\u00e1nyker\u00e9kn\u00e9l jelent\u0151sebb beruh\u00e1z\u00e1st.<\/p>\n<p>Ami k\u00fcl\u00f6n\u00f6sen tetszik, az a term\u00e9k \u00e1ltal\u00e1nos egyens\u00falya. A szil\u00e1rds\u00e1g \u00e9s a merevs\u00e9g \u00e9rz\u00e9se magabiztoss\u00e1got ad, k\u00fcl\u00f6n\u00f6sen akkor, amikor elkezdi haszn\u00e1lni az FFB-t. A GT-forma j\u00f3l \u00e1tgondolt, \u00edgy futamot futam ut\u00e1n tudsz teljes\u00edteni an\u00e9lk\u00fcl, hogy elf\u00e1radn\u00e1l. A rendelkez\u00e9sre \u00e1ll\u00f3 kezel\u0151szervek sz\u00e1ma pedig azt jelenti, hogy a modern szimul\u00e1torok ig\u00e9nyeit b\u0151s\u00e9gesen lefedik, an\u00e9lk\u00fcl, hogy t\u00falz\u00e1sba vinn\u00e9k a gombokat \"a st\u00edlus kedv\u00e9\u00e9rt\".<\/p>\n<p>Egy m\u00e1sik pozit\u00edvum a nat\u00edv Xbox-kompatibilit\u00e1s. A konzolos j\u00e1t\u00e9kosok sz\u00e1m\u00e1ra, akik valami hiteleset szeretn\u00e9nek, ez a ker\u00e9k egy igazi plusz az egy\u00e9rtelm\u0171 licenc n\u00e9lk\u00fcli \u00e1ltal\u00e1nos kerekekhez k\u00e9pest. Megtartja a Fanatec \u00f6kosziszt\u00e9ma min\u0151s\u00e9g\u00e9t, de a konzolos elismer\u00e9s nyugalm\u00e1val. Egy vegyes nappali \/ dedik\u00e1lt rig be\u00e1ll\u00edt\u00e1shoz praktikus.<\/p>\n<p>Ami a korl\u00e1tait illeti, el kell fogadni, hogy ez a korm\u00e1nyker\u00e9k tov\u00e1bbra is egy k\u00f6z\u00e9pkateg\u00f3ri\u00e1s term\u00e9k, nem pedig az abszol\u00fat cs\u00facs. A k\u00e1rpitoz\u00e1s tapint\u00e1sa nem \u00e9ri el a legjobb b\u0151r\u00f6k vagy bizonyos pr\u00e9mium kateg\u00f3ri\u00e1s Alcantar\u00e1k \"wow\"-faktor\u00e1t. Vizu\u00e1lisan n\u00e9h\u00e1ny nagyon ig\u00e9nyes szimul\u00e1toros \u00fagy tal\u00e1lhatja, hogy hi\u00e1nyzik bel\u0151le egy kis karakter vagy ultrapol\u00edrozott kivitel ahhoz, hogy indokoltt\u00e1 tegye a \"coup de coeur\" v\u00e1s\u00e1rl\u00e1st. Ez egy nagyon racion\u00e1lis korm\u00e1nyker\u00e9k, egy kicsit kev\u00e9sb\u00e9 \"szenved\u00e9lyes\".<\/p>\n<p>A m\u00e1sodik fenntart\u00e1s a nagyon GT orient\u00e1ci\u00f3. Nyilv\u00e1nval\u00f3an mindenre haszn\u00e1lhat\u00f3, de azok, akik sokat aut\u00f3znak egy\u00fcl\u00e9ses aut\u00f3kkal, tiszta ralival vagy extr\u00e9m driftel\u00e9ssel, tal\u00e1n jobban \u00f6r\u00fcln\u00e9nek egy kompaktabb vagy ink\u00e1bb ezekre a szak\u00e1gakra specifikusabb ker\u00e9knek. Itt egy\u00e9rtelm\u0171en a modern versenyp\u00e1ly\u00e1k vil\u00e1g\u00e1ban vagyunk.<\/p>\n<p>V\u00e9g\u00fcl, a beruh\u00e1z\u00e1s fogalma k\u00f6zponti jelent\u0151s\u00e9g\u0171. Ez nem egy impulzusv\u00e1s\u00e1rl\u00e1s. \u00d6n a SPARCO m\u00e1rk\u00e1\u00e9rt, a Fanatec \u00f6kosziszt\u00e9m\u00e1\u00e9rt \u00e9s az Xbox-kompatibilit\u00e1s\u00e9rt fizet. Az \u00e9rz\u00e9kelt \u00e9rt\u00e9k j\u00f3, ha olyan korm\u00e1nykereket keres, amelyeket t\u00f6bb \u00e9ven \u00e1t, k\u00fcl\u00f6nb\u00f6z\u0151 alapokon tarthat. Kev\u00e9sb\u00e9 lesz nyilv\u00e1nval\u00f3, ha gyakran cser\u00e9lsz felszerel\u00e9st, vagy ha m\u00e9g nem vagy biztos benne, hogy sok\u00e1ig fogsz szimul\u00e1torozni.<\/p>\n<h2>Az \u00edt\u00e9let: egy komoly, koherens GT korm\u00e1nyker\u00e9k, amely hossz\u00fa \u00e9lettartamra k\u00e9sz\u00fclt.<\/h2>\n<p>A Fanatec ClubSport SPARCO\u00ae GT korm\u00e1nyker\u00e9k Xboxhoz egy fontos dolgot hoz a be\u00e1ll\u00edt\u00e1sokba: a k\u00f6vetkezetess\u00e9get. Igazi \"GT racing\" megjelen\u00e9st k\u00f6lcs\u00f6n\u00f6z a Fanatec alapnak, modern ergon\u00f3mi\u00e1val, szil\u00e1rd merevs\u00e9ggel \u00e9s Xbox kompatibilit\u00e1ssal, amely megnyugtatja a konzolos j\u00e1t\u00e9kosokat. Nem fogja var\u00e1zslatosan \u00e1talak\u00edtani az FFB-t, de lehet\u0151v\u00e9 teszi, hogy megfelel\u0151 k\u00f6r\u00fclm\u00e9nyek k\u00f6z\u00f6tt kifejezze \u00f6nmag\u00e1t.<\/p>\n<p>A piacon egy\u00e9rtelm\u0171en a k\u00f6z\u00e9ps\u0151-els\u0151 szegmensbe sorolom. Az \"\u00e1ltal\u00e1nos\" korm\u00e1nykerekek \u00e9s a bel\u00e9p\u0151 szint\u0171 felnik f\u00f6l\u00e9, \u00e9s a nagyon dr\u00e1ga ultraspeci\u00e1lis vagy teljes karbon ker\u00e9kt\u00e1rcs\u00e1k al\u00e1. Kicsit kev\u00e9sb\u00e9 \u00e1lomszer\u0171, mint az extr\u00e9mebb modellek, de a re\u00e1lis, rendszeres haszn\u00e1lathoz sok fontos dolgot kipip\u00e1l.<\/p>\n<p>Olyan szimul\u00e1torversenyz\u0151knek aj\u00e1nlan\u00e1m, akik els\u0151sorban GT\/k\u00f6rp\u00e1ly\u00e1n versenyeznek, akik megb\u00edzhat\u00f3, j\u00f3l fel\u00e9p\u00edtett term\u00e9ket szeretn\u00e9nek, \u00e9s akik k\u00f6z\u00e9pt\u00e1von a Fanatec mellett k\u00edv\u00e1nnak maradni. Egy nagyon egy\u00fcl\u00e9ses versenyz\u0151nek, vagy annak, aki felt\u00e9tlen\u00fcl a cs\u00facsot akarja luxus kivitelben, nem ez lesz a legjobb v\u00e1laszt\u00e1s.<\/p>\n<p>Ha egy sokoldal\u00fa, komoly, Xbox-kompatibilis GT-korm\u00e1nyt keresel, amely k\u00e9pes l\u00e9p\u00e9st tartani a be\u00e1ll\u00edt\u00e1said fejl\u0151d\u00e9s\u00e9vel an\u00e9lk\u00fcl, hogy eln\u00e9zn\u00e9d, ez a term\u00e9k egy\u00e9rtelm\u0171en sokat sz\u00e1m\u00edthat a be\u00e1ll\u00edt\u00e1saidban.<\/code><\/p>","protected":false},"excerpt":{"rendered":"<p>Ez a korm\u00e1nyker\u00e9k egy komoly \u00e9s koherens eszk\u00f6z benyom\u00e1s\u00e1t keltette bennem, amely val\u00f3ban n\u00f6veli a p\u00e1ly\u00e1n l\u00e9v\u0151 inform\u00e1ci\u00f3k k\u00e9nyelm\u00e9t \u00e9s olvashat\u00f3s\u00e1g\u00e1t an\u00e9lk\u00fcl, hogy a \"wow\" hat\u00e1s el\u00e9r\u00e9s\u00e9re t\u00f6rekedne. Van \u00e9rtelme a rendszeres GT\/p\u00e1lyaszimul\u00e1toros versenyz\u0151k sz\u00e1m\u00e1ra, k\u00fcl\u00f6n\u00f6sen Xboxon, akik ink\u00e1bb egy tart\u00f3s felnit szeretn\u00e9nek, mint egy puszt\u00e1n kirakatmodellt. \u00d6sszess\u00e9g\u00e9ben a szil\u00e1rds\u00e1g\/ergon\u00f3mia\/viszonyok ar\u00e1nya j\u00f3l kiegyens\u00falyozott.<\/p>","protected":false},"featured_media":100832,"comment_status":"open","ping_status":"closed","template":"","meta":{"_acf_changed":false,"_et_pb_use_builder":"","_et_pb_old_content":"","_et_gb_content_width":""},"product_brand":[158],"product_cat":[156],"product_tag":[149,160],"class_list":{"0":"post-100831","1":"product","2":"type-product","3":"status-publish","4":"has-post-thumbnail","6":"product_brand-fanatec","7":"product_cat-roue-de-volant","8":"product_tag-pc","9":"product_tag-xbox","11":"first","12":"instock","13":"shipping-taxable","14":"product-type-external"},"acf":[],"_links":{"self":[{"href":"https:\/\/simracergear.com\/hu\/wp-json\/wp\/v2\/product\/100831","targetHints":{"allow":["GET"]}}],"collection":[{"href":"https:\/\/simracergear.com\/hu\/wp-json\/wp\/v2\/product"}],"about":[{"href":"https:\/\/simracergear.com\/hu\/wp-json\/wp\/v2\/types\/product"}],"replies":[{"embeddable":true,"href":"https:\/\/simracergear.com\/hu\/wp-json\/wp\/v2\/comments?post=100831"}],"wp:featuredmedia":[{"embeddable":true,"href":"https:\/\/simracergear.com\/hu\/wp-json\/wp\/v2\/media\/100832"}],"wp:attachment":[{"href":"https:\/\/simracergear.com\/hu\/wp-json\/wp\/v2\/media?parent=100831"}],"wp:term":[{"taxonomy":"product_brand","embeddable":true,"href":"https:\/\/simracergear.com\/hu\/wp-json\/wp\/v2\/product_brand?post=100831"},{"taxonomy":"product_cat","embeddable":true,"href":"https:\/\/simracergear.com\/hu\/wp-json\/wp\/v2\/product_cat?post=100831"},{"taxonomy":"product_tag","embeddable":true,"href":"https:\/\/simracergear.com\/hu\/wp-json\/wp\/v2\/product_tag?post=100831"}],"curies":[{"name":"wp","href":"https:\/\/api.w.org\/{rel}","templated":true}]}}