{"id":100840,"date":"2025-11-28T04:46:45","date_gmt":"2025-11-28T04:46:45","guid":{"rendered":"https:\/\/simracergear.com\/products\/fanatec-clubsport-universal-hub-v2\/"},"modified":"2025-11-28T04:46:45","modified_gmt":"2025-11-28T04:46:45","slug":"fanatec-clubsport-universal-hub-v2","status":"publish","type":"product","link":"https:\/\/simracergear.com\/hu\/products\/fanatec-clubsport-universal-hub-v2\/","title":{"rendered":"Fanatec ClubSport Universal Hub V2"},"content":{"rendered":"<h2>Fanatec ClubSport Universal Hub V2: komoly sokoldal\u00fas\u00e1g \"igazi\" korm\u00e1nyker\u00e9khez<\/h2>\n<p>A Fanatec ClubSport Universal Hub V2 egy nagyon speci\u00e1lis ig\u00e9nyt c\u00e9loz meg a szimul\u00e1toros versenyfelszerel\u00e9sben: val\u00f3di korm\u00e1nyker\u00e9k haszn\u00e1lata (szabv\u00e1nyos \u00e1tm\u00e9r\u0151vel \u00e9s f\u00far\u00e1ssal), mik\u00f6zben megtartja a Fanatec elektronik\u00e1t, gombokat, lap\u00e1tokat \u00e9s konzol\/PC kompatibilit\u00e1st. Ez egy \"h\u00edddarab\" egy am\u00fagy is zs\u00fafolt \u00f6kosziszt\u00e9m\u00e1ban, de hatalmas \u00e9rdekl\u0151d\u00e9sre tarthat sz\u00e1mot, ha k\u00e9sz GT vagy F1 korm\u00e1nyker\u00e9kkel akarsz kisz\u00e1llni a dobozb\u00f3l.<\/p>\n<p>Alapvet\u0151en ez a hub azt \u00edg\u00e9ri, hogy (majdnem) b\u00e1rmilyen aut\u00f3s korm\u00e1nyker\u00e9kb\u0151l Fanatec-korm\u00e1nyt var\u00e1zsol, amelyet az alapon haszn\u00e1lhatsz. Az er\u0151 fel\u00e1ldoz\u00e1sa n\u00e9lk\u00fcl, an\u00e9lk\u00fcl, hogy az \u00f6sszeszerel\u00e9s bark\u00e1csmunk\u00e1v\u00e1 v\u00e1lna, \u00e9s minim\u00e1lis kompromisszummal, ami a kezel\u0151szervek integr\u00e1l\u00e1s\u00e1t illeti.<\/p>\n<p>Az \u00e9n szempontom itt: az \u00e9p\u00edt\u00e9si min\u0151s\u00e9g, a k\u00e9zben val\u00f3 \u00e9rz\u00e9s, az ergonomikus kezel\u0151szervek \u00e9s az \u00e1ltal\u00e1nos konzisztencia egy ig\u00e9nyes szimul\u00e1toros be\u00e1ll\u00edt\u00e1sban. Nem \u00e1lmot \u00e1rulunk, hanem a v\u00e1laszt egy val\u00f3s k\u00e9rd\u00e9sre: ez a ClubSport Universal Hub V2 igazolja-e a befektet\u00e9s\u00e9t a gy\u00e1rt\u00f3 komplett korm\u00e1nykerekeivel vagy a bark\u00e1csmegold\u00e1sokkal \u00f6sszehasonl\u00edtva?<\/p>\n<p>Sokak sz\u00e1m\u00e1ra ez az a r\u00e9sz, amelynek \"val\u00f3s\u00e1gosabb\u00e1\" kell tennie a be\u00e1ll\u00edt\u00e1st an\u00e9lk\u00fcl, hogy g\u00e1zgy\u00e1rr\u00e1 v\u00e1lna. \u00c9s pontosan itt j\u00f6n a k\u00e9pbe a Hub V2.<\/p>\n<h2>A Fanatec ClubSport Universal Hub V2 tervez\u00e9se \u00e9s gy\u00e1rt\u00e1sa<\/h2>\n<p>A ClubSport Universal Hub V2 k\u00e9zben tartva azonnal komoly term\u00e9k benyom\u00e1s\u00e1t kelti. A f\u0151test massz\u00edv, j\u00f3 s\u0171r\u0171s\u00e9g\u0171, f\u0151k\u00e9nt f\u00e9mb\u0151l k\u00e9sz\u00fclt, a m\u0171anyag r\u00e9szek pedig a kev\u00e9sb\u00e9 kritikus ter\u00fcletekre korl\u00e1toz\u00f3dnak. Semmi sem nyikorog, semmi sem lebeg, a mozg\u00f3 alkatr\u00e9szek szil\u00e1rdak, de foly\u00e9konyak maradnak.<\/p>\n<p>Azonnal kit\u0171nik az eg\u00e9sz merevs\u00e9ge \u00e9s a modul\u00e1ris elemek (gombmodulok, lap\u00e1tf\u00fclek, konzolok) be\u00e1ll\u00edt\u00e1sa. Egy\u00e9rtelm\u0171en \u00e9rezhet\u0151, hogy a Fanatec er\u0151teljes alapokon, k\u00f6zt\u00fck k\u00f6zvetlen meghajt\u00e1ssal, parazita j\u00e1t\u00e9k vagy aggaszt\u00f3 csavarod\u00e1s n\u00e9lk\u00fcl c\u00e9lozta meg a felhaszn\u00e1l\u00e1st. Ha r\u00e1pr\u00e9selsz egy korm\u00e1nyt, egy monolitikus blokk \u00e9rzet\u00e9t kelted, ami nagyon megnyugtat\u00f3, amikor elkezded kem\u00e9nyen \u00fctni a vibr\u00e1torokat.<\/p>\n<p>A lap\u00e1tv\u00e1lt\u00f3k \u00e9les, viszonylag r\u00f6vid kattan\u00e1st biztos\u00edtanak, \u00e9ppen megfelel\u0151 ellen\u00e1ll\u00e1ssal. Ez nem egy ultraversenyz\u0151i karbon, de a precizit\u00e1s megvan, \u00e9s a tapint\u00e1s is. Gyorsan bizalmat nyerhetsz a mechanizmus hossz\u00fa \u00e9lettartam\u00e1ban, felt\u00e9ve, hogy nem leszel olyan durva, hogy minden sebess\u00e9gv\u00e1lt\u00e1sn\u00e1l a stopot \u00fct\u00f6d.<\/p>\n<p>Ahol egy kicsit csal\u00f3d\u00e1st okoz, az n\u00e9h\u00e1ny ergon\u00f3miai r\u00e9szlet: n\u00e9h\u00e1ny m\u0171anyag r\u00e9sz egy kicsit kev\u00e9sb\u00e9 pr\u00e9miumnak t\u0171nik, mint amennyire az \u00e1r azt sugalln\u00e1, \u00e9s a t\u00f6m\u00f6rs\u00e9g nem rendk\u00edv\u00fcli. Nem egy ultrav\u00e9kony ker\u00e9kagyr\u00f3l besz\u00e9l\u00fcnk: bizonyos korm\u00e1nykerekekkel az eg\u00e9szet egy kicsit massz\u00edvnak \u00e9rezhetj\u00fck, k\u00fcl\u00f6n\u00f6sen a dedik\u00e1lt motorsport ker\u00e9kagyakhoz k\u00e9pest.<\/p>\n<p>M\u00e1s m\u00e1rk\u00e1k bel\u00e9p\u0151szint\u0171 term\u00e9keihez vagy \"egyszer\u0171bb\" hubjaihoz k\u00e9pest az \u00f6sszeszerel\u00e9s \u00e9s a modularit\u00e1s tekintet\u00e9ben egy\u00e9rtelm\u0171en egy l\u00e9p\u00e9ssel feljebb vagyunk. M\u00e1sr\u00e9szt, \u00f6sszehasonl\u00edtva ugyanezen gy\u00e1rt\u00f3 fels\u0151kateg\u00f3ri\u00e1s komplett korm\u00e1nykerekeivel, a pr\u00e9mium \u00e9rz\u00e9s kiss\u00e9 elmarad, ink\u00e1bb haszn\u00e1lati, mint luxus. Szil\u00e1rd, komoly \u00e9s tart\u00f3san meg\u00e9p\u00edtett, de az az \u00e9rz\u00e9se az embernek, hogy a funkcionalit\u00e1s \u00e9s a kompatibilit\u00e1s volt az els\u0151dleges szempont, nem pedig a show-car kin\u00e9zet.<\/p>\n<h2>Be\u00e1ll\u00edt\u00e1sok, testreszab\u00e1s \u00e9s kompatibilit\u00e1s<\/h2>\n<p>A koncepci\u00f3 l\u00e9nyege a szem\u00e9lyre szabhat\u00f3s\u00e1g. A ClubSport Universal Hub V2 seg\u00edts\u00e9g\u00e9vel k\u00fcl\u00f6nb\u00f6z\u0151 \u00e1tm\u00e9r\u0151j\u0171, a val\u00f3 vil\u00e1gb\u00f3l vett korm\u00e1nykerekeket szerelhet fel, hogy a be\u00e1ll\u00edt\u00e1st a sport\u00e1g t\u00edpus\u00e1hoz igaz\u00edtsa: rally, drift, GT, orsz\u00e1g\u00fati stb. A szabv\u00e1nyos f\u00far\u00e1sokkal val\u00f3 kompatibilit\u00e1s sokkal egyszer\u0171bb\u00e9 teszi a dolgokat: csak felcsavarozod, megh\u00fazod, \u00e9s m\u00e1ris olyan korm\u00e1nyker\u00e9ked lesz, amely val\u00f3ban \u00fagy n\u00e9z ki, mint amit a fed\u00e9lzeten l\u00e1tsz.<\/p>\n<p>Ami a fizikai be\u00e1ll\u00edt\u00e1sokat illeti, sz\u00e1mos pontot kell figyelembe venni mag\u00e1nak a k\u00f6zpontnak a szintj\u00e9n: a gombmodulok elhelyez\u00e9se, a lap\u00e1tok be\u00e1ll\u00edt\u00e1sa \u00e9s a korm\u00e1nyker\u00e9khez viszony\u00edtott \u00e1ltal\u00e1nos t\u00e1jol\u00e1s. Az ide\u00e1lis konfigur\u00e1ci\u00f3 megtal\u00e1l\u00e1sa n\u00e9mi id\u0151t vesz ig\u00e9nybe, k\u00fcl\u00f6n\u00f6sen, ha gyakran v\u00e1ltogatja a korm\u00e1nyker\u00e9k t\u00edpus\u00e1t, de a k\u00edn\u00e1lt rugalmass\u00e1g egy\u00e9rtelm\u0171en meg\u00e9ri a kezdeti er\u0151fesz\u00edt\u00e9st. Ha m\u00e1r minden a hely\u00e9n van, nem sokat ny\u00fal hozz\u00e1.<\/p>\n<p>Ami az \u00f6kosziszt\u00e9m\u00e1ba val\u00f3 integr\u00e1ci\u00f3t illeti, ez m\u00e9g mindig tiszta Fanatec: k\u00f6zvetlen csatlakoz\u00e1s a kompatibilis b\u00e1zisokhoz, automatikus bemeneti felismer\u00e9s \u00e9s egyszer\u0171 lek\u00e9pez\u00e9s a legt\u00f6bb j\u00e1t\u00e9kban. A PC-n maxim\u00e1lis mozg\u00e1st\u00e9r \u00e1ll rendelkez\u00e9sre, \u00e9s a Fanatec men\u00fck seg\u00edts\u00e9g\u00e9vel ellen\u0151rizheti, hogy minden megfelel\u0151en reag\u00e1l-e. Konzolokon a hub els\u0151sorban a b\u00e1zis \u00e9s a j\u00e1t\u00e9k k\u00f6z\u00f6tti rel\u00e9k\u00e9nt m\u0171k\u00f6dik, a platformok \u00e1ltal megszabott szok\u00e1sos korl\u00e1toz\u00e1sokkal, de k\u00fcl\u00f6n\u00f6sebb kellemetlen meglepet\u00e9sek n\u00e9lk\u00fcl.<\/p>\n<p>A \"logikai\" be\u00e1ll\u00edt\u00e1sok (gombok hozz\u00e1rendel\u00e9se, k\u00f3dol\u00f3k haszn\u00e1lata, funkci\u00f3k konfigur\u00e1l\u00e1sa k\u00fcl\u00f6nb\u00f6z\u0151 j\u00e1t\u00e9kokhoz) egy kis tanul\u00e1st ig\u00e9nyelnek, ha a legt\u00f6bbet akarod kihozni bel\u0151l\u00fck. Nem bonyolult, de fel kell k\u00e9sz\u00fclni arra, hogy n\u00e9h\u00e1ny munkamenetet a finomhangol\u00e1ssal kell t\u00f6lteni. A k\u00f6z\u00e9phalad\u00f3 \u00e9s halad\u00f3 szimul\u00e1torversenyz\u0151k nagyszer\u0171 j\u00e1tsz\u00f3t\u00e9rnek fogj\u00e1k tal\u00e1lni, m\u00edg a nagyon alkalmi kezd\u0151k tal\u00e1n egy kicsit t\u00fal gazdagnak tal\u00e1lj\u00e1k.<\/p>\n<p>Ami a fejleszthet\u0151s\u00e9get illeti, a Hub V2 egy\u00e9rtelm\u0171en tart\u00f3s alapot jelent mindazok sz\u00e1m\u00e1ra, akik korm\u00e1nyker\u00e9k-gy\u0171jtem\u00e9nyt szeretn\u00e9nek l\u00e9trehozni. Ez egy olyan befektet\u00e9s, amelynek csak akkor van \u00e9rtelme, ha nem el\u00e9gszik meg egyetlen vezet\u00e9si t\u00edpussal. Ez egy olyan term\u00e9k, amelyet arra terveztek, hogy a be\u00e1ll\u00edt\u00e1ssal egy\u00fctt n\u00f6vekedjen, nem pedig csak egy utast\u00e9rbe ill\u0151 kieg\u00e9sz\u00edt\u0151.<\/p>\n<h2>Fanatec ClubSport Universal Hub V2: szenz\u00e1ci\u00f3k a j\u00e1t\u00e9kban<\/h2>\n<p>M\u00e9g ha a hub nem is maga gener\u00e1lja az er\u0151visszacsatol\u00e1st, \u00f3ri\u00e1si szerepe van abban, hogy hogyan fogadja azt. Az Universal Hub V2 merevs\u00e9ge \u00e9s kialak\u00edt\u00e1sa k\u00f6zvetlen\u00fcl befoly\u00e1solja a k\u00e9zben \u00e9rezhet\u0151 pontoss\u00e1got, k\u00fcl\u00f6n\u00f6sen a k\u00f6zvetlen meghajt\u00e1sn\u00e1l.<\/p>\n<p>A p\u00e1ly\u00e1n az els\u0151 dolog, ami felt\u0171nik, az a parazita j\u00e1t\u00e9k hi\u00e1nya. Amikor az alapmotor mikro-v\u00e1ltoz\u00e1sokat k\u00fcld ki a nyomat\u00e9kban, a ker\u00e9kagy elmos\u00f3d\u00e1s n\u00e9lk\u00fcl tov\u00e1bb\u00edtja azokat. \u00c9rezni lehet az els\u0151 tengely terhel\u00e9s\u00e9nek finom v\u00e1ltoz\u00e1sait, a tapad\u00e1s enyhe cs\u00f6kken\u00e9s\u00e9t, valamint a tapad\u00e1s \u00e9s a sikl\u00e1s k\u00f6z\u00f6tti \u00e1tmeneteket. Az aut\u00f3 tiszt\u00e1n \"besz\u00e9l\", \u00e9s pontosan ez az, amit keres\u00fcnk, ha nagyobb vagy val\u00f3s\u00e1gh\u0171bb korm\u00e1nykereket szerel\u00fcnk be.<\/p>\n<p>Gyors kanyarokban a val\u00f3di korm\u00e1nyker\u00e9k \u00e9s a t\u00f6m\u00f6r ker\u00e9kagy k\u00f6z\u00f6tti nyomat\u00e9k a mechanikai kapcsolat nagyon kiel\u00e9g\u00edt\u0151 \u00e9rz\u00e9s\u00e9t adja. Ha elfordulsz, a talp reag\u00e1l, \u00e9s nincs olyan rugalmas benyom\u00e1s, mint n\u00e9h\u00e1ny kev\u00e9sb\u00e9 kifinomult adapter eset\u00e9ben. A korm\u00e1nysz\u00f6g centim\u00e9terre pontosan korrig\u00e1lhat\u00f3, k\u00fcl\u00f6n\u00f6sen GT vagy egy\u00fcl\u00e9ses versenyeken, an\u00e9lk\u00fcl, hogy a korm\u00e1nytengely elt\u00f6r\u00f6ln\u00e9 vagy tomp\u00edtan\u00e1 a motor \u00fczenet\u00e9t.<\/p>\n<p>A tapad\u00e1s term\u00e9szetesen leolvashat\u00f3: \u00e9rezhet\u0151, ahogy a gumiabroncsok megfogj\u00e1k, elengedik \u00e9s enyh\u00e9n megcsavarodnak a t\u00e1maszon. Egy kev\u00e9sb\u00e9 merev ker\u00e9kagyon vagy egy \u00f6sszeszerelt megold\u00e1son ezek a jelek gyakran elvesznek a parazita rezg\u00e9sekben. Itt a szerkezet elnyeli, amire sz\u00fcks\u00e9g van, an\u00e9lk\u00fcl, hogy megfojtan\u00e1 azt, ami fontos. Az ir\u00e1ny\u00edtott cs\u00fasz\u00e1sok kisz\u00e1m\u00edthat\u00f3bb\u00e1, a vissza\u00e1ll\u00e1sok gyorsabb\u00e1 v\u00e1lnak. Gyorsan meg\u00e9rti, mit csin\u00e1l az aut\u00f3.<\/p>\n<p>A vibr\u00e1torokn\u00e1l az \u00e9rz\u00e9s nyilv\u00e1nval\u00f3an az alapt\u00f3l f\u00fcgg, de a hub nem ad hozz\u00e1 z\u00f6rg\u00e9st vagy kellemetlen mechanikus zajt. Az \u00fct\u00e9sek sz\u00e1razak \u00e9s pontosak maradnak, an\u00e9lk\u00fcl, hogy a tappancsok minden egyes \u00e1thalad\u00e1skor megremegn\u00e9nek. Tiszta. M\u00e9g akkor is, ha neh\u00e9z korm\u00e1nyker\u00e9kkel t\u00e1madjuk az agressz\u00edv vibr\u00e1torokat, akkor is egy j\u00f3l kiegyens\u00falyozott egys\u00e9g \u00e9rz\u00e9s\u00e9t kapjuk, furcsa rezonanci\u00e1k n\u00e9lk\u00fcl.<\/p>\n<p>Hossz\u00fa munkamenetek sor\u00e1n a mechanikai k\u00e9nyelem igazi plusz. Nincs egy kis j\u00e1t\u00e9k, ami \u00fatk\u00f6zben megjelenik, nincsenek csavarok, amelyek k\u00f6nnyen meglazulnak, felt\u00e9ve, hogy mindent helyesen illesztett\u00e9l be. Az egyenletes \u00e9rz\u00e9s fokozza a koncentr\u00e1ci\u00f3t: nem a felszerel\u00e9ssel k\u00fczdesz, hanem a p\u00e1ly\u00e1ra koncentr\u00e1lsz. Term\u00e9szetesen \u00e9rezhet\u0151 az \"igazi\" korm\u00e1nyker\u00e9k extra tehetetlens\u00e9ge, amelyet a korm\u00e1nytengelyre szerelt korm\u00e1nyker\u00e9k jelent, de nem a korm\u00e1nytengely a probl\u00e9ma, hanem a korm\u00e1nyker\u00e9k \u00e9s a hozz\u00e1 tartoz\u00f3 talp megv\u00e1laszt\u00e1sa.<\/p>\n<p>Gyors korrekci\u00f3k sor\u00e1n, k\u00fcl\u00f6n\u00f6sen driftel\u00e9skor vagy a verseny ment\u00e9si f\u00e1zisaiban, a hub + adapt\u00e1lt korm\u00e1nyker\u00e9k kombin\u00e1ci\u00f3 mindent megv\u00e1ltoztat egy kis m\u0171anyag korm\u00e1nyker\u00e9khez vagy egy gyenge QR-hez k\u00e9pest. Engedheted a korm\u00e1nyt megcs\u00faszni, kem\u00e9nyen elkaphatod \u00e9s j\u00e1tszhatsz a motor visszajelz\u00e9s\u00e9vel an\u00e9lk\u00fcl, hogy att\u00f3l kellene tartanod, hogy let\u00e9psz valamit. Az aut\u00f3 ir\u00e1ny\u00edt\u00e1sa sokkal term\u00e9szetesebb \u00e9rz\u00e9s, mintha a kezed fokozatosan elfelejten\u00e9 a hardvert.<\/p>\n<p>Egy teljes als\u00f3\/k\u00f6z\u00e9pkateg\u00f3ri\u00e1s korm\u00e1nyker\u00e9kkel \u00f6sszehasonl\u00edtva az Universal Hub V2 egy j\u00f3 fizikai korm\u00e1nyker\u00e9kkel kombin\u00e1lva egy\u00e9rtelm\u0171 nyeres\u00e9get jelent a realizmus \u00e9s az \u00e9rz\u00e9kelt pontoss\u00e1g ter\u00e9n. A m\u00e1r nagyon j\u00f3l kidolgozott Fanatec fels\u0151kateg\u00f3ri\u00e1s korm\u00e1nyker\u00e9kkel \u00f6sszehasonl\u00edtva a k\u00fcl\u00f6nbs\u00e9g ink\u00e1bb a korm\u00e1nyker\u00e9k t\u00edpus\u00e1nak pontos megv\u00e1laszt\u00e1s\u00e1nak lehet\u0151s\u00e9g\u00e9ben rejlik, mintsem a teljes\u00edtm\u00e9ny hirtelen n\u00f6veked\u00e9s\u00e9ben. Nem kapunk \"t\u00f6bb FFB-t\", de finomabb \u00e9rzetet \u00e9s jobb \u00f6sszhangot a fegyelem \u00e9s az eszk\u00f6z k\u00f6z\u00f6tt.<\/p>\n<p>Az elm\u00e9ly\u00fcl\u00e9st fokozza a felszerelhet\u0151 korm\u00e1nyker\u00e9k \u00e1tm\u00e9r\u0151je \u00e9s form\u00e1ja. A korm\u00e1nyker\u00e9k egyszer\u0171en biztos\u00edtja, hogy ez a mer\u00edt\u00e9s ne menjen a merevs\u00e9g vagy az inform\u00e1ci\u00f3veszt\u00e9s rov\u00e1s\u00e1ra. T\u00e9nyleg azt a benyom\u00e1st kelti, mintha egy komoly korm\u00e1nyker\u00e9k lenne a kez\u00e9ben, amely komoly motorhoz kapcsol\u00f3dik, minden nagyobb kompromisszum n\u00e9lk\u00fcl.<\/p>\n<h2>Kinek sz\u00f3l? Amit szeret\u00fcnk \/ Amit nem szeret\u00fcnk<\/h2>\n<p>A Fanatec ClubSport Universal Hub V2 egy\u00e9rtelm\u0171en a hobbijukkal m\u00e1r foglalkoz\u00f3 szimul\u00e1torosokat c\u00e9lozza meg. Nem felt\u00e9tlen\u00fcl eSport profiknak, hanem olyanoknak, akiknek van egy tisztess\u00e9ges alapjuk, egy stabil cockpitj\u00fck \u00e9s a v\u00e1gy, hogy tov\u00e1bb menjenek az eredeti korm\u00e1nyn\u00e1l. Egy kezd\u0151 is megveheti, de csak akkor lesz relev\u00e1ns, ha m\u00e1r tudja, hogy el\u00e9g messzire akarja vinni a j\u00e1t\u00e9k\u00e1t. Egy igaz\u00e1n alkalmi j\u00e1t\u00e9kosnak ar\u00e1nytalannak t\u0171nik a befektet\u00e9s.<\/p>\n<p>Ez a csom\u00f3pont h\u00e1rom f\u0151 ter\u00fcleten szerez pontot. El\u0151sz\u00f6r is a sokoldal\u00fas\u00e1g\u00e1val: mivel nagyon k\u00fcl\u00f6nb\u00f6z\u0151 st\u00edlus\u00fa korm\u00e1nykerekeket lehet r\u00e1 szerelni, az egyetlen be\u00e1ll\u00edt\u00e1s t\u00f6bbf\u00e9le platformm\u00e1 v\u00e1lik. M\u00e1sodszor, a merevs\u00e9g \u00e9s az \u00f6sszeszerel\u00e9si min\u0151s\u00e9g: \u00e9rezhet\u0151, hogy a term\u00e9k m\u00e9g er\u0151s alapokon is kitart, ami nagy bizalmat \u00e9breszt. V\u00e9g\u00fcl pedig a Fanatec \u00f6kosziszt\u00e9m\u00e1val val\u00f3 \u00f6sszhang: a csatlakoz\u00e1s tiszta, a gombok felismerhet\u0151ek, \u00e9s minden \u00f6sszeilleszthet\u0151 felesleges bark\u00e1csol\u00e1s n\u00e9lk\u00fcl. Ez egy igazi \"rendszer\" term\u00e9k, nem csak egy mechanikus adapter.<\/p>\n<p>Ami a korl\u00e1tokat illeti, \u0151szint\u00e9nek kell lenn\u00fcnk. Nem egy olcs\u00f3 term\u00e9k, k\u00fcl\u00f6n\u00f6sen, ha egyszer\u0171 korm\u00e1nyker\u00e9k-tart\u00f3k\u00e9nt tekint\u00fcnk r\u00e1. Igazi \u00e9rt\u00e9ke csak akkor v\u00e1lik nyilv\u00e1nval\u00f3v\u00e1, ha kihaszn\u00e1lja modul\u00e1ris fel\u00e9p\u00edt\u00e9s\u00e9t, \u00e9s t\u00f6bb korm\u00e1nyker\u00e9kkel rendelkezik (vagy tervezi, hogy rendelkezik). M\u00e1sodszor, az ergon\u00f3mia nem mindenki sz\u00e1m\u00e1ra t\u00f6k\u00e9letes: a v\u00e1lasztott korm\u00e1nyker\u00e9k m\u00e9ret\u00e9t\u0151l f\u00fcgg\u0151en el\u0151fordulhat, hogy bizonyos gombok vagy lap\u00e1tok nem illeszkednek olyan j\u00f3l az ujjak al\u00e1, \u00e9s ez n\u00e9ha kompromisszumok megk\u00f6t\u00e9s\u00e9t jelenti. V\u00e9g\u00fcl pedig a m\u00e9rete \u00e9s a meglehet\u0151sen technikai megjelen\u00e9se nem fog tetszeni azoknak, akik egy ultrakompakt, eleg\u00e1ns, a cs\u00facskateg\u00f3ri\u00e1s monoblokk korm\u00e1nyker\u00e9k st\u00edlus\u00e1ban k\u00e9sz\u00fclt egys\u00e9get keresnek.<\/p>\n<p>Az \u00e9rz\u00e9kelt \u00e9rt\u00e9ket tekintve ez egy\u00e9rtelm\u0171en k\u00f6z\u00e9p- \u00e9s hossz\u00fa t\u00e1v\u00fa befektet\u00e9s. Ez egy olyan v\u00e1s\u00e1rl\u00e1s, amelynek akkor van \u00e9rtelme, ha m\u00e1r benne vagy a Fanatec \u00f6kosziszt\u00e9m\u00e1ban, vagy ha azt tervezed, hogy ott maradsz, \u00e9s ha a szimul\u00e1torversenyz\u00e9st fenntarthat\u00f3 szabadid\u0151s tev\u00e9kenys\u00e9gnek tekinted. Egy fejl\u0151d\u0151 setup eset\u00e9ben ez a hub elker\u00fclheti a t\u00f6bb komplett korm\u00e1nyker\u00e9k megv\u00e1s\u00e1rl\u00e1s\u00e1t, \u00e9s sokkal nagyobb szabads\u00e1got k\u00edn\u00e1l a karik\u00e1k kiv\u00e1laszt\u00e1s\u00e1ban. Fix, egyszer\u0171 be\u00e1ll\u00edt\u00e1s eset\u00e9n gyakran t\u00f6bb \u00e9rtelme van egy dedik\u00e1lt korm\u00e1nyker\u00e9knek.<\/p>\n<h2>Az \u00edt\u00e9let: van-e helye a ClubSport Universal Hub V2-nek az \u00d6n be\u00e1ll\u00edt\u00e1saiban?<\/h2>\n<p>A Fanatec ClubSport Universal Hub V2 nem v\u00e1ltoztatja meg alapvet\u0151en a b\u00e1zis viselked\u00e9s\u00e9t, de megv\u00e1ltoztatja a haszn\u00e1lat m\u00f3dj\u00e1t. Egy viszonylag klasszikus fel\u00e1ll\u00e1st alak\u00edt \u00e1t egy olyan fejl\u0151d\u0151 platformm\u00e1, amely k\u00e9pes a legk\u00fcl\u00f6nf\u00e9l\u00e9bb, val\u00f3sabb shuttlecockok befogad\u00e1s\u00e1ra, an\u00e9lk\u00fcl, hogy a merevs\u00e9g vagy a megb\u00edzhat\u00f3s\u00e1g fel\u00e1ldozn\u00e1. Ez egy sarkalatos darab egy olyan setupban, amely az elm\u00e9ly\u00fcl\u00e9sre \u00e9s a sokoldal\u00fas\u00e1gra ir\u00e1nyul.<\/p>\n<p>A piacon egy\u00e9rtelm\u0171en a \"pr\u00e9mium haszonj\u00e1rm\u0171vek\" szegmens\u00e9be tartozik: dr\u00e1g\u00e1bb \u00e9s kifinomultabb, mint az egyszer\u0171 vagy bark\u00e1csmegold\u00e1sok, kev\u00e9sb\u00e9 \"bling\", mint n\u00e9h\u00e1ny cs\u00facsmin\u0151s\u00e9g\u0171 komplett korm\u00e1nyker\u00e9k, de sokkal rugalmasabb. Nem a vizu\u00e1lisan legl\u00e1tv\u00e1nyosabb term\u00e9k, de ez az, ami miatt \u00e9rdemes t\u00f6bb val\u00f3di korm\u00e1nyker\u00e9k megv\u00e1s\u00e1rl\u00e1s\u00e1t is meg\u00e9ri.<\/p>\n<p>K\u00f6z\u00e9phalad\u00f3 \u00e9s halad\u00f3 szimul\u00e1torosoknak aj\u00e1nlan\u00e1m, akik rendszeresen j\u00e1tszanak, akik szeretik a fegyelemv\u00e1lt\u00e1st, \u00e9s akiknek van (vagy c\u00e9ljuk) egy szil\u00e1rd alap, ide\u00e1lis esetben egy k\u00f6zvetlen meghajt\u00e1s vagy legal\u00e1bb egy j\u00f3 tartom\u00e1ny. Az alkalmi j\u00e1t\u00e9kosoknak, vagy azoknak, akik egy plug-and-play be\u00e1ll\u00edt\u00e1sra v\u00e1gynak, ahol nem kell k\u00e9rd\u00e9seket feltenni, egy j\u00f3, mindenre alkalmas korm\u00e1nynak t\u00f6bb \u00e9rtelme lesz.<\/p>\n<p>Ha val\u00f3di sikl\u00f3csapokat szeretne haszn\u00e1lni, a val\u00f3s\u00e1gh\u0171s\u00e9g fokoz\u00e1s\u00e1ra t\u00f6rekszik an\u00e9lk\u00fcl, hogy elvesz\u00edten\u00e9 az er\u0151visszacsatol\u00e1s pontoss\u00e1g\u00e1t, \u00e9s hossz\u00fa t\u00e1von fejleszteni szeretn\u00e9 Fanatec be\u00e1ll\u00edt\u00e1sait, akkor ez a term\u00e9k egy\u00e9rtelm\u0171en k\u00fcl\u00f6nbs\u00e9get jelenthet be\u00e1ll\u00edt\u00e1sai k\u00f6z\u00f6tt.<\/p>","protected":false},"excerpt":{"rendered":"<p>Ez a hub azt az \u00e9rz\u00e9st keltette bennem, hogy a be\u00e1ll\u00edt\u00e1s \"val\u00f3s\u00e1gosabb\u00e1\" \u00e9s sokoldal\u00fabb\u00e1 v\u00e1lik, an\u00e9lk\u00fcl, hogy a pontoss\u00e1g vagy a szil\u00e1rds\u00e1g rov\u00e1s\u00e1ra menne. Mindenekel\u0151tt azoknak a szimul\u00e1toros versenyz\u0151knek van \u00e9rtelme, akik m\u00e1r befektettek, akik t\u00f6bb val\u00f3di kereket szeretn\u00e9nek haszn\u00e1lni \u00e9s a Fanatec \u00f6kosziszt\u00e9m\u00e1n bel\u00fcl maradni. A befektet\u00e9snek akkor van \u00e9rtelme, ha k\u00f6z\u00e9p- \u00e9s hossz\u00fa t\u00e1von tekintesz a setupodra.<\/p>","protected":false},"featured_media":100841,"comment_status":"open","ping_status":"closed","template":"","meta":{"_acf_changed":false,"_et_pb_use_builder":"","_et_pb_old_content":"","_et_gb_content_width":""},"product_brand":[158],"product_cat":[153],"product_tag":[149,159],"class_list":{"0":"post-100840","1":"product","2":"type-product","3":"status-publish","4":"has-post-thumbnail","6":"product_brand-fanatec","7":"product_cat-accessoires","8":"product_tag-pc","9":"product_tag-playstation","11":"first","12":"instock","13":"shipping-taxable","14":"product-type-external"},"acf":[],"_links":{"self":[{"href":"https:\/\/simracergear.com\/hu\/wp-json\/wp\/v2\/product\/100840","targetHints":{"allow":["GET"]}}],"collection":[{"href":"https:\/\/simracergear.com\/hu\/wp-json\/wp\/v2\/product"}],"about":[{"href":"https:\/\/simracergear.com\/hu\/wp-json\/wp\/v2\/types\/product"}],"replies":[{"embeddable":true,"href":"https:\/\/simracergear.com\/hu\/wp-json\/wp\/v2\/comments?post=100840"}],"wp:featuredmedia":[{"embeddable":true,"href":"https:\/\/simracergear.com\/hu\/wp-json\/wp\/v2\/media\/100841"}],"wp:attachment":[{"href":"https:\/\/simracergear.com\/hu\/wp-json\/wp\/v2\/media?parent=100840"}],"wp:term":[{"taxonomy":"product_brand","embeddable":true,"href":"https:\/\/simracergear.com\/hu\/wp-json\/wp\/v2\/product_brand?post=100840"},{"taxonomy":"product_cat","embeddable":true,"href":"https:\/\/simracergear.com\/hu\/wp-json\/wp\/v2\/product_cat?post=100840"},{"taxonomy":"product_tag","embeddable":true,"href":"https:\/\/simracergear.com\/hu\/wp-json\/wp\/v2\/product_tag?post=100840"}],"curies":[{"name":"wp","href":"https:\/\/api.w.org\/{rel}","templated":true}]}}