{"id":100858,"date":"2025-11-28T04:46:45","date_gmt":"2025-11-28T04:46:45","guid":{"rendered":"https:\/\/simracergear.com\/products\/fanatec-csl-cockpit\/"},"modified":"2025-11-28T04:46:45","modified_gmt":"2025-11-28T04:46:45","slug":"fanatec-csl-cockpit","status":"publish","type":"product","link":"https:\/\/simracergear.com\/hu\/products\/fanatec-csl-cockpit\/","title":{"rendered":"Fanatec CSL pil\u00f3taf\u00fclke"},"content":{"rendered":"<p>A szimul\u00e1toros versenyz\u0151i pil\u00f3taf\u00fclk\u00e9k galaxis\u00e1ban a Fanatec CSL Cockpitnek egy\u00e9rtelm\u0171 c\u00e9lja van: komoly, merev \u00e9s fejleszthet\u0151 alv\u00e1zat k\u00edn\u00e1lni, a nagy, \u00e1ramvonalas alum\u00edniumszerkezetek \u0151r\u00fclt \u00e1rai n\u00e9lk\u00fcl. Egy\u00e9rtelm\u0171en azokat a j\u00e1t\u00e9kosokat c\u00e9lozza meg, akik szeretn\u00e9nek megszabadulni a rozoga \u00edr\u00f3asztalt\u00f3l \u00e9s a p\u00f3tkorm\u00e1nyt\u00e1maszt\u00f3l, \u00e9s egy igazi \"komoly\" Direct Drive-kompatibilis pil\u00f3taf\u00fclk\u00e9re v\u00e1ltani, an\u00e9lk\u00fcl, hogy t\u00f6nkretenn\u00e9k a k\u00f6lts\u00e9gvet\u00e9st vagy elfoglaln\u00e1k az eg\u00e9sz nappalit.<\/p>\n<p>Pap\u00edron h\u00e1rom dolgot \u00edg\u00e9r: nagyobb merevs\u00e9get, mint egy hagyom\u00e1nyos \u00e1llv\u00e1ny, \u00e9sszer\u0171 helyig\u00e9nyt \u00e9s nat\u00edv kompatibilit\u00e1st a Fanatec \u00f6kosziszt\u00e9m\u00e1val (k\u00fcl\u00f6n\u00f6sen a CSL \u00e9s a ClubSport rendszerrel). Az \u00edg\u00e9ret egyszer\u0171: v\u00e9gre egy olyan pil\u00f3taf\u00fclke, amely megfelel egy bel\u00e9p\u0151\/k\u00f6z\u00e9pkateg\u00f3ri\u00e1s Direct Drive alapnak, an\u00e9lk\u00fcl, hogy statikus m\u00e9rn\u00f6kk\u00e9 kellene v\u00e1lni.<\/p>\n<p>Teh\u00e1t a szemsz\u00f6gem egy\u00e9rtelm\u0171: merevs\u00e9g, ergon\u00f3mia \u00e9s fejleszthet\u0151s\u00e9g. A f\u0151 k\u00e9rd\u00e9s, amit a haszn\u00e1lat sor\u00e1n feltettem magamnak, a k\u00f6vetkez\u0151 volt: ez a CSL Cockpit t\u00e9nyleg lehet\u0151v\u00e9 teszi, hogy \u00e9lvezhess egy modern Fanatec alapot (mint p\u00e9ld\u00e1ul a CSL DD vagy DD+) parazita rezg\u00e9sek n\u00e9lk\u00fcl, a ped\u00e1lok hajl\u00edt\u00e1sa n\u00e9lk\u00fcl, \u00e9s an\u00e9lk\u00fcl, hogy agg\u00f3dnod kellene a lovagl\u00e1si poz\u00edci\u00f3 be\u00e1ll\u00edt\u00e1sa miatt? Mert ez a val\u00f3di k\u00fcl\u00f6nbs\u00e9g egy tisztess\u00e9ges cockpit... \u00e9s egy olyan cockpit k\u00f6z\u00f6tt, amelyet \u00e9vekig megtartasz.<\/p>\n<h2>Tervez\u00e9s \u00e9s gy\u00e1rt\u00e1s<\/h2>\n<p>Vizu\u00e1lisan a Fanatec CSL Cockpit egy \"klasszikus\" cs\u0151v\u00e1z \u00e9s egy alum\u00ednium profil k\u00f6z\u00f6tt helyezkedik el. A szerkezet f\u00e9m, t\u00falnyom\u00f3r\u00e9szt ac\u00e9l, fekete festett fel\u00fcletekkel. K\u00e9zben az alkatr\u00e9szek bizalomgerjeszt\u0151ek: s\u0171r\u0171ek, nem hangzanak \u00fcregesnek, \u00e9s a f\u00e9mlemezek el\u00e9g vastagok ahhoz, hogy elker\u00fclj\u00e9k a \"j\u00e1t\u00e9k Meccano\" hat\u00e1st. R\u00f6gt\u00f6n l\u00e1tszik, hogy a Fanatec meg akarta nyugtatni, k\u00fcl\u00f6n\u00f6sen a Direct Drive haszn\u00e1lat\u00e1val.<\/p>\n<p>Az \u00f6sszeszerel\u00e9s egy kis id\u0151t vesz ig\u00e9nybe, de logikus. \u00d6sszeszerel\u00e9s ut\u00e1n az \u00e1ltal\u00e1nos merevs\u00e9g j\u00f3 ehhez a tartom\u00e1nyhoz k\u00e9pest: a korm\u00e1nyoszlop gyors korm\u00e1nymozdulatokn\u00e1l alig mozog, \u00e9s az als\u00f3 konzol szil\u00e1rdan a hely\u00e9n marad, ha megfelel\u0151en megh\u00fazza. Nem \u00e9ri el egy nagy ipari profil\u00fa fut\u00f3m\u0171 szintj\u00e9t, de egy \"halad\u00f3 fogyaszt\u00f3i\" pil\u00f3taf\u00fclke eset\u00e9ben az eredm\u00e9ny meggy\u0151z\u0151.<\/p>\n<p>Ami azonnal szembet\u0171n\u0151, az a t\u00f6m\u00f6rs\u00e9g \u00e9s a meglehet\u0151sen letisztult megjelen\u00e9s. A pil\u00f3taf\u00fclke nem t\u0171nik \u00e1llv\u00e1nyzatnak, \u00e9s j\u00f3l illeszkedik b\u00e1rmilyen lak\u00f3t\u00e9rbe. A korm\u00e1nyker\u00e9k ter\u00fclete vizu\u00e1lisan is mesteri, j\u00f3l megtervezett t\u00e1ml\u00e1val \u00e9s olyan \u00fcl\u00e9spoz\u00edci\u00f3val, amely k\u00f6zelebb \u00e1ll egy modern GT-hez, mint egy \u00f6sszebark\u00e1csolt irodai sz\u00e9khez.<\/p>\n<p>Ahol egy kicsit visszafogottabb vagyok, az bizonyos be\u00e1ll\u00edt\u00e1si pontok \u00e9s kompromisszumok. Egyes lemezek vagy m\u00e1sodlagos t\u00e1maszok enyhe hajl\u00e1st mutathatnak, ha t\u00fal er\u0151sen nyomja \u0151ket, k\u00fcl\u00f6n\u00f6sen er\u0151s ped\u00e1lok vagy sok f\u00e9kez\u00e9s eset\u00e9n. Semmi dr\u00e1mai, de az az \u00e9rz\u00e9s\u00fcnk, hogy a Fanatecnek egyens\u00falyt kellett teremtenie a k\u00f6lts\u00e9gek, a s\u00faly \u00e9s a robusztuss\u00e1g k\u00f6z\u00f6tt.<\/p>\n<p>A nagy, cs\u00facsmin\u0151s\u00e9g\u0171 alum\u00ednium v\u00e1zakhoz k\u00e9pest az abszol\u00fat merevs\u00e9g \u00e9s az \u00f6sszeszerel\u00e9s szabads\u00e1ga tekintet\u00e9ben vesz\u00edt\u00fcnk egy kicsit, de nyer\u00fcnk az egyszer\u0171s\u00e9g, a \"kulcsrak\u00e9sz\" eszt\u00e9tika \u00e9s a Fanatec \u00f6kosziszt\u00e9m\u00e1val val\u00f3 \u00f6sszhang tekintet\u00e9ben. Az egyszer\u0171bb, cs\u0151v\u00e1zas pil\u00f3taf\u00fclk\u00e9khez k\u00e9pest egy\u00e9rtelm\u0171en egy l\u00e9p\u00e9ssel feljebb vagyunk az \u00e1ltal\u00e1nos szil\u00e1rds\u00e1g tekintet\u00e9ben.<\/p>\n<h2>Be\u00e1ll\u00edt\u00e1sok, testreszab\u00e1s \u00e9s kompatibilit\u00e1s<\/h2>\n<p>Ami a be\u00e1ll\u00edt\u00e1sokat illeti, a Fanatec CSL Cockpit el\u00e9g j\u00f3l \u00e1tgondolt. Be\u00e1ll\u00edthatja a korm\u00e1nyker\u00e9k t\u00e1vols\u00e1g\u00e1t \u00e9s magass\u00e1g\u00e1t, a ped\u00e1lok sz\u00f6g\u00e9t \u00e9s helyzet\u00e9t, valamint az \u00fcl\u00e9s \u00e9s a korm\u00e1nyker\u00e9k k\u00f6z\u00f6tti t\u00e1vols\u00e1got. \u00cdgy megtal\u00e1lhatja a meggy\u0151z\u0151 vezet\u00e9si poz\u00edci\u00f3t, ak\u00e1r a GT vagy a t\u00faraaut\u00f3s st\u00edlust kedveli, ak\u00e1r egy kicsit felegyenesedve a raliversenyz\u00e9shez.<\/p>\n<p>A tanul\u00e1si g\u00f6rbe \u00e9sszer\u0171: egy kis id\u0151t kell elt\u00f6ltenie, hogy mindent elsaj\u00e1t\u00edtson, teszteljen n\u00e9h\u00e1ny munkamenetet, majd finomhangoljon. Ez nem plug and play, mint egy egyszer\u0171 \u00e1llv\u00e1ny, de nem is egy alum\u00ednium puzzle, ahol minden lyuk egzisztenci\u00e1lis k\u00e9ts\u00e9get jelent. Egy\u00e9rtelm\u0171, hogy a Fanatec a term\u00e9k logik\u00e1j\u00e1t a nagyk\u00f6z\u00f6ns\u00e9g sz\u00e1m\u00e1ra is meg akarta tartani, nem csak a hardcore bark\u00e1csol\u00f3knak.<\/p>\n<p>Ami a kompatibilit\u00e1st illeti, a pil\u00f3taf\u00fclk\u00e9t a Fanatec \u00f6kosziszt\u00e9m\u00e1hoz tervezt\u00fck: CSL, ClubSport, Direct Drive l\u00e1ncszemek, m\u00e1rk\u00e1s ped\u00e1lok, v\u00e1lt\u00f3, k\u00e9zif\u00e9k. Minden r\u00f6gz\u00edt\u00e9si pont biztos\u00edtott, \u00e9s gyorsan, egzotikus \u00e1talak\u00edt\u00e1sok n\u00e9lk\u00fcl \u00f6ssze\u00e1ll\u00edthat\u00f3 egy teljes Fanatec setup. M\u00e1s m\u00e1rk\u00e1k felszerel\u00e9seihez ez m\u00e9g megval\u00f3s\u00edthat\u00f3, de m\u00e1r let\u00e9rsz a kitaposott \u00fatr\u00f3l, \u00e9s modellt\u0151l f\u00fcgg\u0151en n\u00e9ha adapt\u00e1lnod vagy f\u00farnod kell.<\/p>\n<p>PC-s vagy konzolos haszn\u00e1latra maga a pil\u00f3taf\u00fclke nyilv\u00e1nval\u00f3an univerz\u00e1lis. Az alap \u00e9s a perif\u00e9ri\u00e1k azok, amelyek meghat\u00e1rozz\u00e1k a platformokkal val\u00f3 kompatibilit\u00e1st. A CSL Cockpit szerkezete azonban k\u00f6nnyed\u00e9n kezeli egy k\u00f6z\u00e9pkateg\u00f3ri\u00e1s Direct Drive er\u0151it. Olyan \u00e9rz\u00e9s, mintha erre tervezt\u00e9k volna.<\/p>\n<p>A sk\u00e1l\u00e1zhat\u00f3s\u00e1g szempontj\u00e1b\u00f3l \u00fagy l\u00e1tom, hogy ez egy igazi horgonypont egy be\u00e1ll\u00edt\u00e1sban. Ez nem csak egy ideiglenes l\u00e9p\u00e9s, mint egy \u00f6sszecsukhat\u00f3 \u00e1llv\u00e1ny. Nagyon is j\u00f3l kezdheted egy szer\u00e9nyebb alappal, majd feljebb l\u00e9phetsz egy nagyobb Direct Drive-ra, hozz\u00e1adhatsz egy v\u00e1lt\u00f3t, egy k\u00e9zif\u00e9ket, ak\u00e1r egy parav\u00e1nt vagy egy h\u00e1rmas \u00e1llv\u00e1nyt is mell\u00e9. Ez nem az ultimate cockpit, amit soha nem fogsz megv\u00e1ltoztatni, de egy tart\u00f3s, koherens alapot k\u00edn\u00e1l t\u00f6bb \u00e9vnyi \u00e9sszer\u0171 fejl\u0151d\u00e9shez.<\/p>\n<h2>\u00c9rzelmek a t\u00e9t<\/h2>\n<p>A Fanatec CSL Cockpit akkor mutatja meg igazi \u00e9rt\u00e9k\u00e9t, amikor m\u00e1r benne vagy a j\u00e1t\u00e9kban. A legfontosabb elem itt a korm\u00e1nyker\u00e9kn\u00e9l \u00e9s a ped\u00e1lokn\u00e1l \u00e9rezhet\u0151 merevs\u00e9g. A Direct Drive alapnak k\u00f6sz\u00f6nhet\u0151en a szerkezet tiszt\u00e1n elnyeli az er\u0151\u00e1tviteleket. A korm\u00e1nyker\u00e9k nem \u00e9rzi \u00fagy, mintha \"t\u00e1ncolna\" az oszlopon, m\u00e9g akkor sem, ha gyors korrekci\u00f3k sorozat\u00e1t vagy agressz\u00edv vezet\u00e9si man\u0151vereket hajt v\u00e9gre driftel\u00e9s vagy raliz\u00e1s k\u00f6zben.<\/p>\n<p>Az er\u0151visszacsatol\u00e1s pontoss\u00e1ga szempontj\u00e1b\u00f3l a pil\u00f3taf\u00fclke is szerepet j\u00e1tszik: min\u00e9l kisebb a hajl\u00edt\u00e1s, ann\u00e1l t\u00f6bb inform\u00e1ci\u00f3 jut k\u00f6zvetlen\u00fcl a kezekbe. \u00c9rezni lehet a tapad\u00e1s mikro-vesztes\u00e9geit, a kanyar kij\u00e1rat\u00e1n\u00e1l bek\u00f6vetkez\u0151 tapad\u00e1sv\u00e1ltoz\u00e1sokat \u00e9s az aut\u00f3 apr\u00f3 rezg\u00e9seit. Egy k\u00f6nnyebb korm\u00e1nyt\u00e1maszhoz vagy egy rozoga \u00edr\u00f3asztalhoz k\u00e9pest egy\u00e9rtelm\u0171 a k\u00fcl\u00f6nbs\u00e9g: az \u00e9rz\u00e9s tiszt\u00e1bb \u00e9s olvashat\u00f3bb, k\u00fcl\u00f6n\u00f6sen egy Fanatec-alapra szerelt, m\u00e9rs\u00e9kelt teljes\u00edtm\u00e9ny\u0171 korm\u00e1nyker\u00e9kkel.<\/p>\n<p>A gyors kanyarokban a fut\u00f3m\u0171 stabilit\u00e1sa egy\u00e9rtelm\u0171en hozz\u00e1j\u00e1rul a magabiztoss\u00e1ghoz. A korm\u00e1nyker\u00e9kre an\u00e9lk\u00fcl lehet r\u00e1terhelni, hogy \u00fagy \u00e9rezn\u00e9nk, az eg\u00e9sz be\u00e1ll\u00edt\u00e1s ki akarna csavarodni. K\u00e9s\u0151bb mer f\u00e9kezni, a korm\u00e1nyt a t\u00e1maszon tartani, \u00e9s gyorsan korrig\u00e1lni an\u00e9lk\u00fcl, hogy a szerkezet megzavarn\u00e1 az \u00e9rz\u00e9kel\u00e9s\u00e9t. Azonnal meg\u00e9rted, mit csin\u00e1l az aut\u00f3, ami a szimul\u00e1toros versenyz\u00e9sben megv\u00e1ltoztatja azt, ahogyan egy k\u00f6rt megt\u00e1madsz.<\/p>\n<p>Az olvas\u00e1si tapad\u00e1shoz legink\u00e1bb az j\u00e1rul hozz\u00e1, hogy semmi sem \"lebeg\" feleslegesen. Amikor a gumiabroncsok kiss\u00e9 lefulladnak, nem a fut\u00f3m\u0171 veszi fel az inform\u00e1ci\u00f3t, hanem k\u00f6zvetlen\u00fcl a l\u00e1ncszemekre, majd a kezekre jut. Ugyanez vonatkozik a f\u00e9kez\u00e9sre is: egy j\u00f3l r\u00f6gz\u00edtett Fanatec leng\u0151karral egyenletesebb\u00e9 v\u00e1lik. Ha er\u0151sen nyomod, nem mozdul, \u00e9s az ar\u00e1nyos\u00edt\u00e1s term\u00e9szetesebb\u00e9 v\u00e1lik. A megism\u00e9telhet\u0151s\u00e9g k\u00f6rr\u0151l k\u00f6rre jobb.<\/p>\n<p>A vibr\u00e1torok j\u00f3 tesztet jelentenek. A j\u00f3l modellezett \u00e1ramk\u00f6r\u00f6k\u00f6n a cockpit egy\u00e9rtelm\u0171en \u00e1tengedi a v\u00e1ltoz\u00e1sokat an\u00e9lk\u00fcl, hogy parazitikus, szerkezetb\u0151l ered\u0151 zajt gener\u00e1lna. A rezg\u00e9seket a korm\u00e1nyon kereszt\u00fcl \u00e9s n\u00e9ha kiss\u00e9 az \u00fcl\u00e9sben is \u00e9rezni, de a fut\u00f3m\u0171 nem r\u00e1zk\u00f3dik minden ir\u00e1nyban. Ebb\u0151l a szempontb\u00f3l a tartom\u00e1ny\u00e1hoz k\u00e9pest nagyon j\u00f3l tartja mag\u00e1t.<\/p>\n<p>Hossz\u00fa munkamenetek sor\u00e1n a konzisztencia j\u00f3 marad. A pil\u00f3taf\u00fclke nem vesz\u00edt a be\u00e1ll\u00edt\u00e1sb\u00f3l, \u00e9s n\u00e9h\u00e1ny \u00f3ra tart\u00f3s haszn\u00e1lat ut\u00e1n sem lazul meg \u00e9szrevehet\u0151en, amennyiben a kezdetekt\u0151l fogva megfelel\u0151en van felszerelve \u00e9s megh\u00fazva. A k\u00e9nyelem els\u0151sorban a v\u00e1lasztott \u00fcl\u00e9st\u0151l f\u00fcgg, de az \u00e1ltal\u00e1nos poz\u00edci\u00f3 is seg\u00edt: a t\u00fal magasan l\u00e9v\u0151 korm\u00e1nyker\u00e9kkel vagy a rosszul elhelyezett ped\u00e1lokkal val\u00f3 k\u00fczdelem n\u00e9lk\u00fcl is megtarthatja az elk\u00f6telezett testtart\u00e1st.<\/p>\n<p>Gyors korrekci\u00f3kban, k\u00fcl\u00f6n\u00f6sen rallye- vagy driftel\u00e9s k\u00f6zben a fut\u00f3m\u0171 k\u00f6veti a ritmust. A korm\u00e1nyker\u00e9k oldalra-oldalra lend\u00edthet\u0151 an\u00e9lk\u00fcl, hogy az oszlop trambulink\u00e9nt viselkedne. Itt egy\u00e9rtelm\u0171en \u00e9rezhet\u0151 az el\u0151nye egy k\u00f6nnyebb modellel vagy egy egyszer\u0171 \u00e1llv\u00e1nnyal szemben: az akci\u00f3kat jobban \u00e1tveszi, \u00e9s a be\u00e1ll\u00edt\u00e1s nem kelti azt a \"j\u00e1t\u00e9k harcol ellened\" benyom\u00e1st.<\/p>\n<p>A Fanatec CSL Cockpit egy hatalmas high-end profil\u00fa v\u00e1zzal szemben nyilv\u00e1nval\u00f3an nem rendelkezik ugyanazzal a tehetetlens\u00e9ggel vagy abszol\u00fat merevs\u00e9ggel. A nagyon er\u0151s Direct Drive l\u00e1nctalpakkal \u00e9s extr\u00e9m hajt\u00f3karokkal gyorsabban el\u00e9rheted a hat\u00e1raidat. De egy bel\u00e9p\u0151 szint\u0171 cockpithez vagy egy bark\u00e1csmegold\u00e1shoz k\u00e9pest a min\u0151s\u00e9gi ugr\u00e1s az \u00e9rz\u00e9sekben val\u00f3di: ez az a pont, ahol ez a modell val\u00f3ban megv\u00e1ltoztatja az \u00e9lm\u00e9nyt egy halad\u00f3 szimul\u00e1torversenyz\u0151 sz\u00e1m\u00e1ra.<\/p>\n<h2>Kinek sz\u00f3l? Amit szeret\u00fcnk \/ Amit nem szeret\u00fcnk<\/h2>\n<p>A Fanatec CSL Cockpitet egy\u00e9rtelm\u0171en a k\u00f6z\u00e9phalad\u00f3 \u00e9s halad\u00f3 szimul\u00e1torversenyz\u0151k sz\u00e1m\u00e1ra tervezett fut\u00f3m\u0171nek l\u00e1tom, akik m\u00e1r belek\u00f3stoltak az asztalra vagy az \u00e1llv\u00e1nyra szerelt korm\u00e1nyker\u00e9kbe, \u00e9s a k\u00f6vetkez\u0151 szintre akarnak l\u00e9pni. Ide\u00e1lis esetben olyasvalaki, aki egy Fanatec CSL vagy ClubSport alapot, vagy ak\u00e1r egy k\u00f6z\u00e9pkateg\u00f3ri\u00e1s Direct Drive-ot c\u00e9loz meg, \u00e9s aki egy koherens cockpitet szeretne an\u00e9lk\u00fcl, hogy massz\u00edv ipari \u00f6sszeszerel\u00e9sre menne. Konzolokon \u00e9s PC-n egyar\u00e1nt, am\u00edg a Fanatec \u00f6kosziszt\u00e9m\u00e1j\u00e1n bel\u00fcl maradsz, az \u00e1ltal\u00e1nos \u00f6sszhang kiv\u00e1l\u00f3.<\/p>\n<p>Amit a legjobban \u00e9rt\u00e9kelek, az a kiel\u00e9g\u00edt\u0151 merevs\u00e9g, a Fanatec term\u00e9kekkel val\u00f3 plug and play kompatibilit\u00e1s \u00e9s az \u00e9sszer\u0171 m\u00e9ret kombin\u00e1ci\u00f3ja. A pil\u00f3taf\u00fclke j\u00f3l tartja mag\u00e1t, val\u00f3ban kihaszn\u00e1lja a modern alapban rejl\u0151 lehet\u0151s\u00e9geket, \u00e9s nem \u00e9rzem t\u00falfelszerelts\u00e9gnek a be\u00e1ll\u00edt\u00e1s t\u00f6bbi r\u00e9sz\u00e9hez k\u00e9pest. A kezek \u00e9s l\u00e1bak alatti szil\u00e1rds\u00e1g \u00e9rz\u00e9se, a hiteles vezet\u00e9si poz\u00edci\u00f3val kombin\u00e1lva, a \"komoly be\u00e1ll\u00edt\u00e1s\" val\u00f3di \u00e9rzet\u00e9t kelti.<\/p>\n<p>Az \u00e9rz\u00e9kelt \u00e9rt\u00e9k is \u00e9rdekes: az embernek az a benyom\u00e1sa, hogy a k\u00f6lts\u00e9gvet\u00e9s\u00e9t egy olyan szerkezeti elembe fekteti, amely jav\u00edtja a berendez\u00e9s t\u00f6bbi r\u00e9sz\u00e9t. Egy j\u00f3 pil\u00f3taf\u00fclke l\u00e1thatatlan, de alapvet\u0151 befektet\u00e9s. \u00c9s ezen a ponton a CSL Cockpit igazolja a Fanatec be\u00e1ll\u00edt\u00e1sok egyik pill\u00e9rek\u00e9nt bet\u00f6lt\u00f6tt szerep\u00e9t.<\/p>\n<p>De vannak hat\u00e1rok. El\u0151sz\u00f6r is, az alum\u00edniumprofil purist\u00e1i \u00e9s a minden ir\u00e1nyban t\u00f6rt\u00e9n\u0151 finomhangol\u00e1s rajong\u00f3i sz\u00e1m\u00e1ra a CSL Cockpit kev\u00e9sb\u00e9 modul\u00e1ris \u00e9s egy kicsit kev\u00e9sb\u00e9 merev extr\u00e9m k\u00f6r\u00fclm\u00e9nyek k\u00f6z\u00f6tt. M\u00e1sodszor, ha teljesen elhagyja a Fanatec \u00f6kosziszt\u00e9m\u00e1t, akkor az \u00f6sszeszerel\u00e9s egyszer\u0171s\u00e9g\u00e9b\u0151l \u00e9s a term\u00e9szetes kompatibilit\u00e1sb\u00f3l vesz\u00edt valamennyit, ami n\u00e9mileg cs\u00f6kkenti a vonzerej\u00e9t. V\u00e9g\u00fcl, a nagyon nagy Direct Drive alapokat \u00e9s ultramerev ped\u00e1llapokat haszn\u00e1l\u00f3k sz\u00e1m\u00e1ra a szerkezet hat\u00e1rai gyorsabban el\u00e9rhet\u0151k, mint egy massz\u00edv cs\u00facsv\u00e1z eset\u00e9ben.<\/p>\n<p>Teh\u00e1t ink\u00e1bb okos befektet\u00e9s, mint t\u00falzott befektet\u00e9s. A szimul\u00e1toros versenyz\u0151k sz\u00e1m\u00e1ra, akik val\u00f3di ugr\u00e1st keresnek a mer\u00edt\u00e9s \u00e9s az ir\u00e1ny\u00edt\u00e1s ter\u00e9n, an\u00e9lk\u00fcl, hogy bel\u00e9pn\u00e9nek az ultra dr\u00e1ga \"profi\" pil\u00f3taf\u00fclk\u00e9k vil\u00e1g\u00e1ba, ez a modell sok mindent kipip\u00e1l.<\/p>\n<h2>\u00cdt\u00e9let<\/h2>\n<p>A Fanatec CSL Cockpit nem azt t\u0171zte ki c\u00e9lul, hogy a piacon kaphat\u00f3 v\u00e9gs\u0151 fut\u00f3m\u0171 legyen, hanem hogy bet\u00f6lts\u00f6n egy \u0171rt: szil\u00e1rd, tiszta \u00e9s haszn\u00e1lhat\u00f3 alapot k\u00edn\u00e1ljon a modern korm\u00e1nykerekek sz\u00e1m\u00e1ra an\u00e9lk\u00fcl, hogy egy alum\u00ednium sz\u00f6rnyeteggel k\u00e9nyszer\u00edten\u00e9 r\u00e1 az otthoniakat. Ami igaz\u00e1n megv\u00e1ltoztatja a be\u00e1ll\u00edt\u00e1sokat, az az, ahogyan a m\u00e1r megl\u00e9v\u0151 felszerel\u00e9sedet \u00e9rz\u00e9keled. Egy Direct Drive korm\u00e1nyker\u00e9k \u00e9s egy j\u00f3 hajt\u00f3kar teljesen \u00faj dimenzi\u00f3t kap, ha egy olyan szerkezetre szerelik \u0151ket, amely meg\u00e1llja a hely\u00e9t.<\/p>\n<p>A piacon egy\u00e9rtelm\u0171en a szolid k\u00f6z\u00e9pkateg\u00f3ri\u00e1ba sorolom, nagyon mark\u00e1ns \"Fanatec \u00f6kosziszt\u00e9ma\" orient\u00e1ci\u00f3val. Komolyabb \u00e9s merevebb, mint egy bel\u00e9p\u0151 szint\u0171 cockpit, kev\u00e9sb\u00e9 extr\u00e9m, mint egy pr\u00e9mium profil, \u00e9s a modern szimul\u00e1toros versenyz\u0151k\u00f6z\u00f6ss\u00e9g sz\u00edv\u00e9t c\u00e9lozza meg: azokat, akik tiszta, nagy teljes\u00edtm\u00e9ny\u0171 setupot szeretn\u00e9nek, de hely \u00e9s k\u00f6lts\u00e9gvet\u00e9s szempontj\u00e1b\u00f3l m\u00e9g kezelhet\u0151.<\/p>\n<p>Aj\u00e1nlom minden motiv\u00e1lt szimul\u00e1toros versenyz\u0151nek, aki t\u00fall\u00e9pett a kis kezd\u0151 ker\u00e9ken, \u00e9s egy \u00f6sszef\u00fcgg\u0151 Fanatec be\u00e1ll\u00edt\u00e1son gondolkodik, PC-n vagy konzolon. M\u00e1sr\u00e9szt, ha m\u00e1r egy nagyon er\u0151s Direct Drive alapon, ultraig\u00e9nyes ped\u00e1lpaddal rendelkezel, \u00e9s abszol\u00fat merevs\u00e9get keresel, akkor egy cs\u00facsmin\u0151s\u00e9g\u0171 alum\u00ednium v\u00e1z megfelel\u0151bb lesz.<\/p>\n<p>Ha egy komoly, a Fanatec \u00f6kosziszt\u00e9m\u00e1j\u00e1hoz j\u00f3l \u00e1tgondolt cockpitet keresel, amely k\u00e9pes egy j\u00f3 korm\u00e1nyt igazi otthoni szimul\u00e1torr\u00e1 var\u00e1zsolni, akkor ez a term\u00e9k egy\u00e9rtelm\u0171en k\u00fcl\u00f6nbs\u00e9get tehet a be\u00e1ll\u00edt\u00e1said k\u00f6z\u00f6tt.<\/p>","protected":false},"excerpt":{"rendered":"<p>Ez a pil\u00f3taf\u00fclke igazi \"komoly\" be\u00e1ll\u00edt\u00e1si \u00e9rzetet kelt: a merevs\u00e9g \u00e9s a vezet\u00e9si poz\u00edci\u00f3 egy\u00e9rtelm\u0171en \u00e1talak\u00edtja a modern Fanatec alap \u00e9rzet\u00e9t. Mindenekel\u0151tt azoknak a k\u00f6z\u00e9phalad\u00f3 \u00e9s halad\u00f3 szimul\u00e1toros versenyz\u0151knek van \u00e9rtelme, akik szeretn\u00e9nek elszakadni az irod\u00e1t\u00f3l vagy a standt\u00f3l an\u00e9lk\u00fcl, hogy egy t\u00f6m\u00f6r alum\u00ednium profilra v\u00e1ltan\u00e1nak. \u00d6sszess\u00e9g\u00e9ben ez egy koherens \u00e9s fenntarthat\u00f3 befektet\u00e9s a Fanatec \u00f6kosziszt\u00e9m\u00e1ban.<\/p>","protected":false},"featured_media":100859,"comment_status":"open","ping_status":"closed","template":"","meta":{"_acf_changed":false,"_et_pb_use_builder":"","_et_pb_old_content":"","_et_gb_content_width":""},"product_brand":[158],"product_cat":[163],"product_tag":[149,159,160],"class_list":{"0":"post-100858","1":"product","2":"type-product","3":"status-publish","4":"has-post-thumbnail","6":"product_brand-fanatec","7":"product_cat-cockpit","8":"product_tag-pc","9":"product_tag-playstation","10":"product_tag-xbox","12":"first","13":"instock","14":"shipping-taxable","15":"product-type-external"},"acf":[],"_links":{"self":[{"href":"https:\/\/simracergear.com\/hu\/wp-json\/wp\/v2\/product\/100858","targetHints":{"allow":["GET"]}}],"collection":[{"href":"https:\/\/simracergear.com\/hu\/wp-json\/wp\/v2\/product"}],"about":[{"href":"https:\/\/simracergear.com\/hu\/wp-json\/wp\/v2\/types\/product"}],"replies":[{"embeddable":true,"href":"https:\/\/simracergear.com\/hu\/wp-json\/wp\/v2\/comments?post=100858"}],"wp:featuredmedia":[{"embeddable":true,"href":"https:\/\/simracergear.com\/hu\/wp-json\/wp\/v2\/media\/100859"}],"wp:attachment":[{"href":"https:\/\/simracergear.com\/hu\/wp-json\/wp\/v2\/media?parent=100858"}],"wp:term":[{"taxonomy":"product_brand","embeddable":true,"href":"https:\/\/simracergear.com\/hu\/wp-json\/wp\/v2\/product_brand?post=100858"},{"taxonomy":"product_cat","embeddable":true,"href":"https:\/\/simracergear.com\/hu\/wp-json\/wp\/v2\/product_cat?post=100858"},{"taxonomy":"product_tag","embeddable":true,"href":"https:\/\/simracergear.com\/hu\/wp-json\/wp\/v2\/product_tag?post=100858"}],"curies":[{"name":"wp","href":"https:\/\/api.w.org\/{rel}","templated":true}]}}