{"id":100869,"date":"2025-11-28T04:46:46","date_gmt":"2025-11-28T04:46:46","guid":{"rendered":"https:\/\/simracergear.com\/products\/fanatec-csl-dd-5-nm\/"},"modified":"2025-11-28T04:46:46","modified_gmt":"2025-11-28T04:46:46","slug":"fanatec-csl-dd-5-nm","status":"publish","type":"product","link":"https:\/\/simracergear.com\/hu\/products\/fanatec-csl-dd-5-nm\/","title":{"rendered":"Fanatec CSL DD QR2 (5 Nm)"},"content":{"rendered":"<p>Az \"el\u00e9rhet\u0151\" direkt meghajt\u00e1sok vil\u00e1g\u00e1ban a Fanatec CSL DD QR2 (5 Nm) egy\u00e9rtelm\u0171en a szimul\u00e1toros versenyz\u00e9s piac\u00e1nak sz\u00edv\u00e9t c\u00e9lozza meg. Ez nem egy alap bel\u00e9p\u0151 szint\u0171 egys\u00e9g, \u00e9s nem is egy purist\u00e1knak sz\u00e1nt teljes\u00edtm\u00e9nysz\u00f6rny. Ehelyett ez egy kompakt blokk, amely igazi Direct Drive \u00e9rz\u00e9st \u00edg\u00e9r, visszafogott teljes\u00edtm\u00e9nys\u00e1vval, amelyet (majdnem) mindenki haszn\u00e1lhat, \u00e9s az \u00faj QR2 \u00f6sszek\u00f6t\u0151szerkezet b\u00f3nuszk\u00e9nt a megb\u00edzhat\u00f3s\u00e1got szolg\u00e1lja.<\/p>\n<p>Amit a Fanatec itt elad, az a Direct Drive-ra val\u00f3 z\u00f6kken\u0151mentes \u00e1t\u00e1ll\u00e1s: nincs t\u00f6bb\u00e9 sz\u00edj, nincs t\u00f6bb\u00e9 rugalmass\u00e1g, nincs t\u00f6bb\u00e9 l\u00e1gys\u00e1g a k\u00f6z\u00e9pen. Az \u00f6tlet l\u00e9nyege, hogy visszat\u00e9rj\u00fcnk a prec\u00edz, tiszta korm\u00e1nyz\u00e1shoz, elegend\u0151 nyomat\u00e9kkal, hogy \u00e9rezz\u00fck a tapad\u00e1st, a tapad\u00e1sveszt\u00e9st \u00e9s az \u00e9leket, an\u00e9lk\u00fcl, hogy vasbeton pil\u00f3taf\u00fclke vagy test\u00e9p\u00edt\u0151 alkarok kellen\u00e9nek hozz\u00e1.<\/p>\n<p>A magam r\u00e9sz\u00e9r\u0151l egy nagyon egyszer\u0171 szemsz\u00f6gb\u0151l k\u00f6zel\u00edtettem meg ezt a l\u00e1nct\u00e1maszt: 5 Nm, megfelel\u0151en kihaszn\u00e1lva egy j\u00f3 QR2-vel, t\u00e9nyleg el\u00e9g ahhoz, hogy \u00e1talak\u00edtsa az \u00e9lm\u00e9nyt egy sz\u00edjhajt\u00e1s\u00fa l\u00e1nct\u00e1maszhoz vagy egy bel\u00e9p\u0151 szint\u0171 lendker\u00e9khez k\u00e9pest? \u00c9s mindenekel\u0151tt, b\u00edrja-e a rendszeres, ak\u00e1r intenz\u00edv haszn\u00e1latot, an\u00e9lk\u00fcl, hogy frusztr\u00e1lna egy el\u0151rehalad\u00f3 szimul\u00e1torost?<\/p>\n<h2>Tervez\u00e9s \u00e9s gy\u00e1rt\u00e1s<\/h2>\n<p>A CSL DD QR2 megtartotta a CSL term\u00e9kcsal\u00e1dra jellemz\u0151 \"kompakt blokk\" megjelen\u00e9st: bord\u00e1zott, meglehet\u0151sen s\u0171r\u0171 alum\u00ednium v\u00e1z, amely ink\u00e1bb szil\u00e1rds\u00e1got sug\u00e1roz, mint felt\u0171n\u00e9st. K\u00e9zben tartva az alapot m\u00e9ret\u00e9hez k\u00e9pest neh\u00e9znek \u00e9rz\u0151dik, ami azonnal komoly term\u00e9k benyom\u00e1s\u00e1t kelti. A falak nem t\u0171nnek \u00fcregesnek, az \u00e9lek tiszt\u00e1k, \u00e9s nincs \u00e9rz\u00e9kelhet\u0151 parazita j\u00e1t\u00e9k, amikor megfogod vagy megh\u00fazod a r\u00f6gz\u00edt\u0151ket.<\/p>\n<p>Vizu\u00e1lisan a formatervez\u00e9s j\u00f3zan \u00e9s funkcion\u00e1lis marad, sallangok n\u00e9lk\u00fcl. Nincs RGB, nincsenek extravag\u00e1ns form\u00e1k, csak egy olyan egys\u00e9g, amelyet \u00fagy terveztek, hogy a pil\u00f3taf\u00fclk\u00e9be szerelve elfelejthet\u0151 legyen. Ez tal\u00e1n egy kicsit fapadosnak t\u0171nhet n\u00e9h\u00e1ny \"l\u00e1tv\u00e1nyosabb\" versenyt\u00e1rshoz k\u00e9pest, de egy komoly be\u00e1ll\u00edt\u00e1sn\u00e1l nem l\u00e1tom ezt hib\u00e1nak.<\/p>\n<p>A nagy v\u00e1ltoz\u00e1s a QR2, a Fanatec gyorskiold\u00f3k \u00faj gener\u00e1ci\u00f3ja. Ez az a pont, ahol a b\u00e1zis val\u00f3ban javul az \u00e9rz\u00e9kelt min\u0151s\u00e9gben. Biztons\u00e1gosabban z\u00e1r, a korm\u00e1nyker\u00e9khez val\u00f3 csatlakoz\u00e1s merevebb, \u00e9s kevesebb az a mikroj\u00e1t\u00e9k, ami a r\u00e9gi QR-ekn\u00e9l n\u00e9ha elrontotta az \u00e9lm\u00e9nyt, k\u00fcl\u00f6n\u00f6sen akkor, amikor egyre er\u0151sebb\u00e9 v\u00e1lt. A k\u00e9zben a korm\u00e1nyoszlop sokkal \"egybef\u00fcgg\u0151bbnek\" t\u0171nik, ami megnyugtat\u00f3.<\/p>\n<p>Ami meglep\u0151, az a kivitelez\u00e9s \u00e1ltal\u00e1nos szintje egy \u00fagynevezett \"k\u00f6z\u00e9pkateg\u00f3ri\u00e1s\" alaphoz k\u00e9pest. Az illeszt\u00e9sek rendezettek, a ny\u00edl\u00e1sok j\u00f3l integr\u00e1ltak, a r\u00f6gz\u00edt\u00e9sek pedig bizalomgerjeszt\u0151ek. Nem \u00e9rj\u00fck el az ultrapremium kateg\u00f3ri\u00e1s, \u00f3raszer\u0171en megmunk\u00e1lt alaplapok szintj\u00e9t, de egy\u00e9rtelm\u0171en jobbak vagyunk, mint egy k\u00f6nny\u0171 m\u0171anyagb\u00f3l k\u00e9sz\u00fclt bel\u00e9p\u0151 szint\u0171 korm\u00e1nyker\u00e9k.<\/p>\n<p>Az egyetlen dolog, ami egy kicsit csal\u00f3d\u00e1st okozhat, az a rendk\u00edv\u00fcli j\u00f3zans\u00e1g \u00e9s a pr\u00e9mium vizu\u00e1lis r\u00e9szletek hi\u00e1nya. Valakinek, aki egy \"felt\u0171n\u0151bb\" be\u00e1ll\u00edt\u00e1sb\u00f3l \u00e9rkezik, ez egy kicsit szigor\u00fanak t\u0171nhet. Egy m\u00e1sik r\u00e9szlet: a kompakt form\u00e1tum praktikus, de komoly \u00f6sszeszerel\u00e9st ig\u00e9nyel. A f\u00e9ny\u00e1llv\u00e1nyon \u00e9rezhet\u0151, hogy a talp rezg\u00e9sbe hozhatja a szerkezetet, ha nem t\u00f6k\u00e9letesen van megh\u00fazva.<\/p>\n<p>Az azonos teljes\u00edtm\u00e9nytartom\u00e1nyba tartoz\u00f3 m\u00e1s megold\u00e1sokkal \u00f6sszehasonl\u00edtva a CSL DD QR2 - f\u0151k\u00e9nt az alum\u00edniumnak \u00e9s a QR2-nek k\u00f6sz\u00f6nhet\u0151en - befejezettebb benyom\u00e1st kelt, mint sok hagyom\u00e1nyos sz\u00edjhajt\u00e1s\u00fa ker\u00e9k. Egy\u00e9rtelm\u0171en egy komoly alapr\u00f3l besz\u00e9l\u00fcnk a motiv\u00e1lt szimul\u00e1ci\u00f3hoz, nem pedig egy dekorat\u00edv \"j\u00e1t\u00e9k\" ker\u00e9kr\u0151l.<\/p>\n<h2>Be\u00e1ll\u00edt\u00e1sok, testreszab\u00e1s \u00e9s kompatibilit\u00e1s<\/h2>\n<p>A Fanatec a CSL DD QR2 k\u00f6r\u00fcl a szok\u00e1sos \u00f6kosziszt\u00e9m\u00e1t k\u00edn\u00e1lja: saj\u00e1t szoftver, integr\u00e1lt el\u0151be\u00e1ll\u00edt\u00e1sok, profilok minden egyes szetthez. A be\u00e1ll\u00edt\u00e1si fel\u00fclet el\u00e9g egyszer\u0171, ha meg\u00e9rted a logik\u00e1t: be\u00e1ll\u00edthatod az \u00e1ltal\u00e1nos er\u0151ss\u00e9get, a sz\u0171r\u0151t, a csillap\u00edt\u00e1si hat\u00e1sokat, a s\u00farl\u00f3d\u00e1st, a linearit\u00e1st \u00e9s m\u00e9g n\u00e9h\u00e1ny specifikusabb param\u00e9tert. \u0150szint\u00e9n sz\u00f3lva gyorsan el lehet veszni, ha mindent az utols\u00f3 sz\u00e1zal\u00e9kig finomhangolni akarsz, de az alaprendszer nagyon j\u00f3l m\u0171k\u00f6dik n\u00e9h\u00e1ny j\u00f3l megv\u00e1lasztott kulcsbe\u00e1ll\u00edt\u00e1ssal.<\/p>\n<p>Egy k\u00f6z\u00e9phalad\u00f3 felhaszn\u00e1l\u00f3 sz\u00e1m\u00e1ra a tanul\u00e1si g\u00f6rbe elfogadhat\u00f3. Az el\u0151be\u00e1ll\u00edt\u00e1sok m\u00e1r egy szil\u00e1rd alapot biztos\u00edtanak, amelyet azt\u00e1n tov\u00e1bb lehet finom\u00edtani. A v\u00e1ltoz\u00e1sok azonnal \u00e9szrevehet\u0151ek: egy kicsit t\u00f6bb csillap\u00edt\u00e1s a leng\u00e9sek csillap\u00edt\u00e1s\u00e1ra, egy kicsit kevesebb er\u0151 az alkarok v\u00e9delme \u00e9rdek\u00e9ben, az \u00e9rz\u00e9kenys\u00e9g enyhe n\u00f6veked\u00e9se a k\u00f6z\u00e9ppont k\u00f6r\u00fcl a fog\u00e1s jobb leolvas\u00e1sa \u00e9rdek\u00e9ben. Nem az a benyom\u00e1sod, hogy v\u00e1kuumban pip\u00e1lgatod a dobozokat: minden egyes be\u00e1ll\u00edt\u00e1s \u00e9rz\u00e9kelhet\u0151 hat\u00e1ssal van a p\u00e1ly\u00e1ra.<\/p>\n<p>A CSL DD QR2 a kompatibilit\u00e1s szempontj\u00e1b\u00f3l nem meglep\u0151 m\u00f3don illeszkedik a Fanatec \u00f6kosziszt\u00e9m\u00e1j\u00e1ba: a m\u00e1rka korm\u00e1nykerekei, ped\u00e1ljai, v\u00e1lt\u00f3i \u00e9s k\u00e9zif\u00e9kei mind k\u00f6zpontilag csatlakoztathat\u00f3k. A PC-n a piacon l\u00e9v\u0151 szimul\u00e1torokkal val\u00f3 sz\u00e9lesk\u00f6r\u0171 kompatibilit\u00e1s el\u0151nyeit \u00e9lvezheti. Konzolokon ellen\u0151rizni kell az alap \u00e9s a haszn\u00e1lt korm\u00e1nyker\u00e9k verzi\u00f3j\u00e1t, de az alap\u00f6tlet ugyanaz marad: a be\u00e1ll\u00edt\u00e1sokt\u00f3l f\u00fcgg\u0151en egy\u00e9rtelm\u0171en ugyanolyan j\u00f3l lehet j\u00e1tszani asztali g\u00e9pen, mint otthoni konzolon.<\/p>\n<p>A QR2 \u00e9rkez\u00e9se szint\u00e9n a \"fejleszthet\u0151\" dimenzi\u00f3t er\u0151s\u00edti. Egy viszonylag egyszer\u0171 korm\u00e1nyker\u00e9kkel kezdhetsz, majd tov\u00e1bbl\u00e9phetsz a speci\u00e1lisabb kerekekre (F1, GT, rally) an\u00e9lk\u00fcl, hogy agg\u00f3dnod kellene a korl\u00e1tozott r\u00f6gz\u00edt\u00e9si rendszer miatt. Ezt az alapot \u00fagy poz\u00edcion\u00e1lj\u00e1k, mint egy komoly bel\u00e9p\u00e9si pontot a Fanatec \u00f6kosziszt\u00e9m\u00e1ba, de nem \u00fagy, mint egy j\u00e1t\u00e9kot, amelyet n\u00e9h\u00e1ny h\u00f3nap ut\u00e1n le kell cser\u00e9lni. Sokak sz\u00e1m\u00e1ra hossz\u00fa t\u00e1von f\u0151 alapk\u00e9nt haszn\u00e1lhat\u00f3, k\u00fcl\u00f6n\u00f6sen, ha a hangs\u00faly ink\u00e1bb a finoms\u00e1gon, mint a nyers teljes\u00edtm\u00e9nyen van.<\/p>\n<h2>\u00c9rzelmek a t\u00e9t<\/h2>\n<p>A p\u00e1ly\u00e1n a CSL DD QR2 (5 Nm) els\u0151sorban az er\u0151visszacsatol\u00e1s tisztas\u00e1g\u00e1val t\u0171nik ki. A sz\u00edjhajt\u00e1s\u00fa rendszerhez k\u00e9pest a korm\u00e1nyz\u00e1s azonnal \u00e9lesebb k\u00f6z\u00e9pen \u00e9s \u00e9rz\u00e9kenyebb. A korm\u00e1nyz\u00e1s mintha jobban \"kapcsol\u00f3dna\" a gumiabroncsokhoz. Azonnal meg\u00e9rti, hogy mit csin\u00e1l az aut\u00f3. A tapad\u00e1s apr\u00f3 vesztes\u00e9gei, a finom terhel\u00e9s\u00e1tvitel \u00e9s a kanyar kij\u00e1rat\u00e1n\u00e1l a kerekek \u00e1tfordul\u00e1sa sokkal jobban \u00e9rz\u00e9kelhet\u0151.<\/p>\n<p>Lass\u00fa kanyarokban a rendelkez\u00e9sre \u00e1ll\u00f3 nyomat\u00e9k b\u0151ven elegend\u0151 ahhoz, hogy ellens\u00falyozza az aut\u00f3 s\u00faly\u00e1t, az er\u0151kifejt\u00e9s n\u00f6veked\u00e9s\u00e9t, majd a megk\u00f6nnyebb\u00fcl\u00e9st, amikor a h\u00e1ts\u00f3 r\u00e9sz elkezd vesz\u00edteni a s\u00faly\u00e1b\u00f3l. Az ellenkorm\u00e1nyz\u00e1st an\u00e9lk\u00fcl adagolhatod, hogy az alappal kellene k\u00fczdened. A gyors korrekci\u00f3kat igazi kontroll\u00e9rzettel lehet v\u00e9grehajtani: a ker\u00e9k gyorsan elindul, de szel\u00edd marad, abszurd kalap\u00e1l\u00e1s n\u00e9lk\u00fcl. Ez az, ami a \"nyugodt ir\u00e1ny\u00edt\u00e1s\" benyom\u00e1s\u00e1t kelti, ami magabiztoss\u00e1got ad.<\/p>\n<p>Gyors kanyarokban \u00e9rezhet\u0151 a felf\u00fcggeszt\u00e9s enyhe \u00f6sszenyom\u00f3d\u00e1sa, a korm\u00e1nyker\u00e9k kem\u00e9nyed\u00e9se \u00e9s az a kis lebeg\u00e9s, amikor az aut\u00f3 a hat\u00e1ron van. Az alapmodell nem rendelkezik a Direct Drive cs\u00facsmodell teljes\u00edtm\u00e9ny\u00e9vel, de a legt\u00f6bbet hozza ki abb\u00f3l, amije van. Az FFB tov\u00e1bbra is olvashat\u00f3, sosem zavaros, \u00e9s egyetlen inform\u00e1ci\u00f3 sem v\u00e9sz el a t\u00falzott er\u0151k \u00f6rv\u00e9ny\u00e9ben. Az 5 Nm-es tartom\u00e1ny itt mutatkozik meg igaz\u00e1n: el\u00e9g er\u0151s ahhoz, hogy hiteles legyen, de nem olyan heves, hogy kimer\u00edt\u0151 legyen.<\/p>\n<p>A vibr\u00e1torokn\u00e1l az \u00e9rz\u00e9s nyilv\u00e1nval\u00f3an a be\u00e1ll\u00edt\u00e1sokt\u00f3l f\u00fcgg, de az alap megk\u00fcl\u00f6nb\u00f6ztetheti a lapos vibr\u00e1tort az agressz\u00edvt\u0151l. \u00c9rezni lehet az \u00e9leket, az egyenetlens\u00e9geket, an\u00e9lk\u00fcl, hogy a kakas\u00fcl\u0151b\u0151l l\u00e9gkalap\u00e1csot csin\u00e1lna. Nem olyan r\u00e9szletes, mint egy nagyon cs\u00facskateg\u00f3ri\u00e1s Direct Drive, amelyet a hat\u00e1raiig nyomnak, de a r\u00e9szletess\u00e9g szintje messze fel\u00fclm\u00falja egy ugyanolyan k\u00f6lts\u00e9gvet\u00e9s\u0171 sz\u00edjhajt\u00e1s\u00fa ker\u00e9k\u00e9t.<\/p>\n<p>A fog\u00e1s szempontj\u00e1b\u00f3l a fog\u00e1s olvas\u00e1sa igazi er\u0151ss\u00e9g. El\u00e9g kor\u00e1n meg lehet mondani, ha az eleje cs\u00faszik, vagy ha a h\u00e1ts\u00f3 kezd elakadni teljes\u00edtm\u00e9ny alatt. A s\u00falypont \u00e9l\u00e9nk, an\u00e9lk\u00fcl, hogy ideges lenne, ami seg\u00edt korrig\u00e1lni a helyzetet, miel\u0151tt az kics\u00faszna a kez\u00fcnkb\u0151l. Ig\u00e9nyes szimul\u00e1ci\u00f3kban ez nagyobb bizalmat jelent az aut\u00f3 ir\u00e1nt, \u00e9s paradox m\u00f3don tiszt\u00e1bb vezet\u00e9st, mert jobban el\u0151re l\u00e1tunk.<\/p>\n<p>Hossz\u00fa munkamenetek sor\u00e1n a konzisztencia nagyon j\u00f3. Az alap nem \"f\u00e1rad el\", \u00e9s nem v\u00e1ltozik a viselked\u00e9se az id\u0151 m\u00fal\u00e1s\u00e1val. Az 5 Nm id\u0151vel kezelhet\u0151, amennyiben nem \u00e1ll\u00edtja az er\u0151t \u00e1lland\u00f3an a maximumra. A test hozz\u00e1szokik, \u00e9s t\u00f6bb \u00f3r\u00e1n \u00e1t lehet \u00fagy tekerni, hogy nem t\u00f6rik meg, k\u00fcl\u00f6n\u00f6sen, ha a korm\u00e1ny j\u00f3l van elhelyezve. Egy sokat j\u00e1tsz\u00f3 szimul\u00e1torosnak ez igazi plusz.<\/p>\n<p>Egy kev\u00e9sb\u00e9 er\u0151s alaphoz (fogasker\u00e9k vagy k\u00f6nny\u0171 sz\u00edj) k\u00e9pest a nyeres\u00e9g egy\u00e9rtelm\u0171: t\u00f6bb r\u00e9szlet, jobb linearit\u00e1s, kevesebb holt z\u00f3na, sokkal pontosabb korrekci\u00f3k. Egy er\u0151sebb Direct Drive alaphoz k\u00e9pest a CSL DD QR2 nyilv\u00e1nval\u00f3an fizikailag kev\u00e9sb\u00e9 t\u0171nik leny\u0171g\u00f6z\u0151nek. Kevesebb az \u00fct\u00e9s a nagy \u00fct\u00e9sekben, kevesebb a brutalit\u00e1s a tapad\u00e1s teljes elveszt\u00e9s\u00e9ben. De sok j\u00e1t\u00e9kos sz\u00e1m\u00e1ra ez a viszonylagos \"m\u00e9rs\u00e9klet\" teszi a b\u00e1zist a mindennapokban jobban haszn\u00e1lhat\u00f3v\u00e1. A Direct Drive el\u0151nyeit kihaszn\u00e1lhatod an\u00e9lk\u00fcl, hogy t\u00falz\u00e1sba vinn\u00e9d.<\/p>\n<h2>Kinek sz\u00f3l? Amit szeret\u00fcnk \/ Amit nem szeret\u00fcnk<\/h2>\n<p>A Fanatec CSL DD QR2 (5 Nm) ide\u00e1lis profilja egy komoly vagy fejl\u0151dni v\u00e1gy\u00f3 j\u00e1t\u00e9kos, aki szeretne bel\u00e9pni a Direct Drive vil\u00e1g\u00e1ba an\u00e9lk\u00fcl, hogy elsz\u00farn\u00e1 a k\u00f6lts\u00e9gvet\u00e9s\u00e9t, vagy meg kellene er\u0151s\u00edtenie a h\u00e1z\u00e1t, hogy megjav\u00edtsa az alapot. Magasan motiv\u00e1lt kezd\u0151k is megfontolhatj\u00e1k k\u00f6z\u00e9pt\u00e1v\u00fa befektet\u00e9sk\u00e9nt, k\u00fcl\u00f6n\u00f6sen, ha m\u00e1r tudj\u00e1k, hogy nem fognak ragaszkodni egy egyszer\u0171 \"alkalmi\" korm\u00e1nyhoz. PC-n a legmodernebb szimul\u00e1ci\u00f3k sokas\u00e1g\u00e1hoz val\u00f3 hozz\u00e1f\u00e9r\u00e9ssel ker\u00fcl a hely\u00e9re. Konzolokon tov\u00e1bbra is relev\u00e1ns marad azok sz\u00e1m\u00e1ra, akik egy szil\u00e1rd, de \u00e9sszer\u0171 be\u00e1ll\u00edt\u00e1sra v\u00e1gynak.<\/p>\n<p>A Direct Drive \u00e9rz\u00e9s min\u0151s\u00e9ge ezen a teljes\u00edtm\u00e9nyszinten a lista \u00e9l\u00e9n \u00e1ll. Az alap prec\u00edz, tiszta \u00e9s informat\u00edv, an\u00e9lk\u00fcl, hogy p\u00e9pesnek \u00e9rezn\u00e9nk. A QR2 a j\u00e1t\u00e9kot is megv\u00e1ltoztatja: nagyobb merevs\u00e9g az alap \u00e9s a korm\u00e1nyker\u00e9k k\u00f6z\u00f6tt, kevesebb j\u00e1t\u00e9k, nagyobb magabiztoss\u00e1g, k\u00fcl\u00f6n\u00f6sen a gyors korrekci\u00f3k sor\u00e1n. V\u00e9g\u00fcl pedig a Fanatec \u00f6kosziszt\u00e9m\u00e1val val\u00f3 kompaktit\u00e1sa \u00e9s sz\u00e9lesk\u00f6r\u0171 kompatibilit\u00e1sa teszi koherens term\u00e9kk\u00e9 a hossz\u00fa t\u00e1v\u00fa be\u00e1ll\u00edt\u00e1sok kialak\u00edt\u00e1s\u00e1hoz, a fejlettebb hajt\u00f3karok, v\u00e1lt\u00f3k, k\u00e9zif\u00e9kek stb. fokozatos hozz\u00e1ad\u00e1s\u00e1nak lehet\u0151s\u00e9g\u00e9vel.<\/p>\n<p>M\u00e1sr\u00e9szt azonban vannak korl\u00e1tok, amelyeket szem el\u0151tt kell tartani. Az 5 Nm-es hat\u00e1r\u00e9rt\u00e9k t\u00fal soknak bizonyulhat azon rajong\u00f3k sz\u00e1m\u00e1ra, akik nagyon nagy er\u0151kifejt\u00e9sre v\u00e1gynak, k\u00fcl\u00f6n\u00f6sen a protot\u00edpusokn\u00e1l vagy a nagy sebess\u00e9g\u0171 egy\u00fcl\u00e9ses, nagyon neh\u00e9z FFB-vel rendelkez\u0151 modellekn\u00e9l. Ebben az esetben gyorsabban el\u00e9ri az alapj\u00e1rat fels\u0151 hat\u00e1r\u00e1t, \u00e9s a visszat\u00e9r\u00e9s kiss\u00e9 \"\u00f6sszenyomottnak\" t\u0171nhet, ha t\u00fals\u00e1gosan er\u0151lteti az er\u0151t. A design j\u00f3zans\u00e1ga \u00e9s az apr\u00f3 eszt\u00e9tikai r\u00e9szletek hi\u00e1nya vizu\u00e1lisan is csal\u00f3d\u00e1st okozhat azoknak, akik a nagyon pr\u00e9mium term\u00e9keket szeretik. V\u00e9g\u00fcl, ha val\u00f3ban a legt\u00f6bbet szeretn\u00e9 kihozni a b\u00e1zisb\u00f3l, egy cockpit vagy merev \u00e1llv\u00e1ny szinte k\u00f6telez\u0151v\u00e9 v\u00e1lik: egy k\u00f6nny\u0171 asztalon a lehet\u0151s\u00e9gek egy r\u00e9sze elv\u00e9sz.<\/p>\n<p>\u00c9rt\u00e9k\u00e9t tekintve a CSL DD QR2 intelligens befektet\u00e9s: val\u00f3di Direct Drive technol\u00f3gi\u00e1\u00e9rt, egy modern QR-\u00e9rt \u00e9s egy szil\u00e1rd \u00f6kosziszt\u00e9m\u00e1\u00e9rt fizet, nem pedig k\u00fcty\u00fck\u00e9rt. Nem olcs\u00f3r\u00f3l besz\u00e9l\u00fcnk, hanem egy olyan ter\u00fcletr\u0151l, ahol az elk\u00f6lt\u00f6tt eur\u00f3ra jut\u00f3 \u00e9rz\u00e9sn\u00f6veked\u00e9s tov\u00e1bbra is nagyon vonz\u00f3 egy rendszeresen j\u00e1tsz\u00f3 sz\u00e1m\u00e1ra.<\/p>\n<h2>\u00cdt\u00e9let<\/h2>\n<p>A Fanatec CSL DD QR2 (5 Nm) nem arra t\u00f6rekszik, hogy a legl\u00e1tv\u00e1nyosabb legyen, hanem arra, hogy a lehet\u0151 legk\u00f6vetkezetesebb legyen a szimul\u00e1torok nagy sz\u00e1ma sz\u00e1m\u00e1ra. Igazi min\u0151s\u00e9gi el\u0151rel\u00e9p\u00e9st k\u00edn\u00e1l a sz\u00edjas vagy fogaskerekes lendker\u00e9khez k\u00e9pest, mik\u00f6zben egy \u00e9sszer\u0171 hazai setupban is haszn\u00e1lhat\u00f3 marad. Egy m\u00e1r felszerelt pil\u00f3taf\u00fclk\u00e9ben egy\u00e9rtelm\u0171en k\u00f6zponti elemm\u00e9 v\u00e1lik, amely a korm\u00e1nyz\u00e1st egy m\u00e1sik dimenzi\u00f3ba emeli.<\/p>\n<p>Kulcsfontoss\u00e1g\u00fa poz\u00edci\u00f3t foglal el a piacon: egy k\u00f6z\u00e9pkateg\u00f3ri\u00e1s Direct Drive alap, amely el\u00e9g komoly ahhoz, hogy kiel\u00e9g\u00edtse az ig\u00e9nyes j\u00e1t\u00e9kosokat, a nagyon er\u0151s modellek korl\u00e1tai \u00e9s t\u00falz\u00e1sai n\u00e9lk\u00fcl. Egy olyan PC- vagy konzolfelhaszn\u00e1l\u00f3 sz\u00e1m\u00e1ra, aki az elm\u00e9ly\u00fcl\u00e9st egy szinttel feljebb szeretn\u00e9 vinni, an\u00e9lk\u00fcl, hogy a cs\u00facsmodellre v\u00e1gyna, ez egy k\u00fcl\u00f6n\u00f6sen logikus v\u00e1laszt\u00e1s.<\/p>\n<p>Mindenekel\u0151tt olyan k\u00f6z\u00e9phalad\u00f3 \u00e9s tapasztalt j\u00e1t\u00e9kosoknak aj\u00e1nlom, akik a precizit\u00e1st \u00e9s a k\u00f6vetkezetess\u00e9get r\u00e9szes\u00edtik el\u0151nyben a nyers er\u0151vel szemben, valamint azoknak, akik szeretn\u00e9nek tart\u00f3san hozz\u00e1j\u00e1rulni a Fanatec \u00f6kosziszt\u00e9m\u00e1j\u00e1hoz. M\u00e1sr\u00e9szt, ha a c\u00e9lod az ultraer\u0151szakos er\u0151visszacsatol\u00e1s, vagy ha alkalmank\u00e9nt k\u00f6nny\u0171 asztali g\u00e9pen j\u00e1tszol, akkor nem biztos, hogy ez a legjobb v\u00e1laszt\u00e1s.<\/p>\n<p>Ha egy igazi Direct Drive-ot keresel, amely kompakt, tiszta \u00e9rzet\u0171, sk\u00e1l\u00e1zhat\u00f3 \u00e9s hiteles, mint a be\u00e1ll\u00edt\u00e1sod k\u00f6zponti alapja, akkor ez a term\u00e9k egy\u00e9rtelm\u0171en megv\u00e1ltoztathatja a be\u00e1ll\u00edt\u00e1sodat.<\/p>","protected":false},"excerpt":{"rendered":"<p>A CSL DD QR2 a sz\u00edjhajt\u00e1s\u00fa kerekekhez k\u00e9pest val\u00f3di min\u0151s\u00e9gi ugr\u00e1s \u00e9rz\u00e9s\u00e9t keltette bennem, tiszta, olvashat\u00f3 visszajelz\u00e9ssel, amely hossz\u00fa munkameneteken kereszt\u00fcl is haszn\u00e1lhat\u00f3 volt. Mindenekel\u0151tt olyan k\u00f6z\u00e9phalad\u00f3 vagy motiv\u00e1lt j\u00e1t\u00e9kosoknak van \u00e9rtelme, akik komoly Direct Drive-ot szeretn\u00e9nek, an\u00e9lk\u00fcl, hogy extr\u00e9m teljes\u00edtm\u00e9nyre t\u00f6rekedn\u00e9nek. Az eg\u00e9sz csomag koherens marad, mint egy tart\u00f3s Fanatec be\u00e1ll\u00edt\u00e1s k\u00f6zponti alapja.<\/p>","protected":false},"featured_media":101860,"comment_status":"open","ping_status":"closed","template":"","meta":{"_acf_changed":false,"_et_pb_use_builder":"","_et_pb_old_content":"","_et_gb_content_width":""},"product_brand":[158],"product_cat":[155],"product_tag":[149],"class_list":{"0":"post-100869","1":"product","2":"type-product","3":"status-publish","4":"has-post-thumbnail","6":"product_brand-fanatec","7":"product_cat-base","8":"product_tag-pc","10":"first","11":"instock","12":"shipping-taxable","13":"product-type-external"},"acf":[],"_links":{"self":[{"href":"https:\/\/simracergear.com\/hu\/wp-json\/wp\/v2\/product\/100869","targetHints":{"allow":["GET"]}}],"collection":[{"href":"https:\/\/simracergear.com\/hu\/wp-json\/wp\/v2\/product"}],"about":[{"href":"https:\/\/simracergear.com\/hu\/wp-json\/wp\/v2\/types\/product"}],"replies":[{"embeddable":true,"href":"https:\/\/simracergear.com\/hu\/wp-json\/wp\/v2\/comments?post=100869"}],"wp:featuredmedia":[{"embeddable":true,"href":"https:\/\/simracergear.com\/hu\/wp-json\/wp\/v2\/media\/101860"}],"wp:attachment":[{"href":"https:\/\/simracergear.com\/hu\/wp-json\/wp\/v2\/media?parent=100869"}],"wp:term":[{"taxonomy":"product_brand","embeddable":true,"href":"https:\/\/simracergear.com\/hu\/wp-json\/wp\/v2\/product_brand?post=100869"},{"taxonomy":"product_cat","embeddable":true,"href":"https:\/\/simracergear.com\/hu\/wp-json\/wp\/v2\/product_cat?post=100869"},{"taxonomy":"product_tag","embeddable":true,"href":"https:\/\/simracergear.com\/hu\/wp-json\/wp\/v2\/product_tag?post=100869"}],"curies":[{"name":"wp","href":"https:\/\/api.w.org\/{rel}","templated":true}]}}