{"id":100891,"date":"2025-05-15T07:55:00","date_gmt":"2025-05-15T07:55:00","guid":{"rendered":"https:\/\/simracergear.com\/products\/fanatec-csl-dd-racing-wheel-wrc-for-xbox-pc-8-nm\/"},"modified":"2025-11-28T04:43:56","modified_gmt":"2025-11-28T04:43:56","slug":"fanatec-csl-dd-racing-wheel-wrc-for-xbox-pc-8-nm","status":"publish","type":"product","link":"https:\/\/simracergear.com\/hu\/products\/fanatec-csl-dd-racing-wheel-wrc-for-xbox-pc-8-nm\/","title":{"rendered":"Fanatec CSL DD WRC Xbox &amp; PC (8 Nm)"},"content":{"rendered":"<p>Az \"el\u00e9rhet\u0151\" Direct Drive alapokon bel\u00fcl a Fanatec CSL DD Racing Wheel WRC for Xbox &amp; PC (8 Nm) k\u00fcl\u00f6nleges helyet foglal el. Ez a csomag egy olyan technol\u00f3gi\u00e1t hoz el a nagyk\u00f6z\u00f6ns\u00e9g sz\u00e1m\u00e1ra, amely eddig a piac fels\u0151 kateg\u00f3ri\u00e1j\u00e1nak volt fenntartva, elfogadhat\u00f3 teljes\u00edtm\u00e9nyt ny\u00fajt, de mindenekel\u0151tt val\u00f3di nyeres\u00e9get jelent a finoms\u00e1g \u00e9s az er\u0151visszacsatol\u00e1s tisztas\u00e1ga ter\u00e9n. Pap\u00edron meglehet\u0151sen ritka kever\u00e9ket \u00edg\u00e9r: egy kompakt, Xbox-szal \u00e9s PC-vel kompatibilis Direct Drive-ot, amelyet egy meglehet\u0151sen sokoldal\u00fa WRC-korm\u00e1nnyal sz\u00e1ll\u00edtanak.<\/p>\n<p>\u00c9n a magam r\u00e9sz\u00e9r\u0151l els\u0151sorban az \u00e9rz\u00e9s \u00e9s a term\u00e9k \u00e1ltal\u00e1nos koherenci\u00e1ja szempontj\u00e1b\u00f3l k\u00f6zel\u00edtem meg a dolgot. Nem csak az a k\u00e9rd\u00e9s, hogy \"mennyire kem\u00e9nyen m\u0171k\u00f6dik?\", hanem az is, hogy a markolat j\u00f3 \u00e9rz\u00e9s-e, hogy hossz\u00fa t\u00e1von k\u00e9nyelmes-e, hogy a konstrukci\u00f3 megfelel-e a k\u00f6vetelm\u00e9nyeknek, \u00e9s hogy k\u00f6z\u00e9pt\u00e1von meg\u00e9ri-e a k\u00f6rnyez\u0151 \u00f6kosziszt\u00e9ma. Ez tipikusan az a fajta alap, amit sokan els\u0151 nagy befektet\u00e9snek tekintenek a szimul\u00e1toros versenyz\u00e9sben, \u00edgy a kulcsk\u00e9rd\u00e9s tov\u00e1bbra is egyszer\u0171: t\u00e9nyleg meg\u00e1llja a hely\u00e9t ez a csomag, \u00e9s kinek van a legt\u00f6bb \u00e9rtelme egy modern setupban?<\/p>\n<h2>Tervez\u00e9s \u00e9s gy\u00e1rt\u00e1s<\/h2>\n<p>Maga a CSL DD b\u00e1zis azonnal komoly benyom\u00e1st kelt. A blokk kompakt \u00e9s s\u0171r\u0171, f\u00e9m burkolattal, amely h\u0151elvezet\u0151k\u00e9nt is funkcion\u00e1l. A kez\u00e9ben \u00e9rezni, hogy m\u00e1r nem a r\u00e9gi t\u00f6megpiaci lendkerekek \"j\u00e1t\u00e9k\" eszt\u00e9tik\u00e1j\u00e1val van dolgunk. Ez j\u00f3zan, sz\u00f6gletes, egy kicsit ipari. Ink\u00e1bb bizalmat \u00e9breszt, mintsem hivalkod\u00f3. Egy massz\u00edv cockpitre helyezve az alap nem mozog vagy nyikorog: az \u00e9rz\u00e9kelt merevs\u00e9g nagyon j\u00f3 ehhez a tartom\u00e1nyhoz k\u00e9pest.<\/p>\n<p>A WRC korm\u00e1nyker\u00e9k j\u00f3 kompromisszumot k\u00edn\u00e1l. Megfelel\u0151 m\u00e9ret\u0171 mind a rallye-, mind a p\u00e1lyavezet\u00e9shez, a textur\u00e1lt m\u0171b\u0151r bevonat j\u00f3l tapad an\u00e9lk\u00fcl, hogy t\u00fals\u00e1gosan koptat\u00f3 lenne, a WRC log\u00f3 pedig kellemes sz\u00ednfolt a rajong\u00f3k sz\u00e1m\u00e1ra. K\u00e9zben a felni nem kelti egy ultrapr\u00e9mium term\u00e9k benyom\u00e1s\u00e1t, de egy ilyen \u00e1rszint\u0171 csomaghoz k\u00e9pest m\u00e9g mindig nagyon meggy\u0151z\u0151. A gombok sz\u00e1mosak \u00e9s k\u00f6nnyen el\u00e9rhet\u0151ek, egy\u00e9rtelm\u0171, pontos kattint\u00e1ssal. El\u00e9g van az \u00f6sszes alapfunkci\u00f3 lek\u00e9pez\u00e9s\u00e9hez GT, rally vagy ak\u00e1r protot\u00edpus haszn\u00e1lathoz.<\/p>\n<p>A lap\u00e1tok hat\u00e9konyak, de meglehet\u0151sen \"egyszer\u0171\" \u00e9rzet\u0171ek, kiss\u00e9 sz\u00e1raz kattan\u00e1ssal, \u00e9s a korm\u00e1nyker\u00e9k elej\u00e9n tal\u00e1lhat\u00f3 n\u00e9h\u00e1ny m\u0171anyag eml\u00e9keztet arra, hogy nem a ClubSport k\u00edn\u00e1lat\u00e1ban vagyunk. A j\u00f3val dr\u00e1g\u00e1bb Direct Drive alapmodellhez k\u00e9pest minden egy kicsit k\u00f6nnyebbnek \u00e9s kev\u00e9sb\u00e9 f\u00e9ny\u0171z\u0151nek t\u0171nik. A konkurens, sz\u00edjhajt\u00e1s\u00fa korm\u00e1nyker\u00e9kkel \u00f6sszehasonl\u00edtva azonban a CSL DD WRC nagyon komolyan n\u00e9z ki, mind az alapon, mind a felniken.<\/p>\n<h2>Be\u00e1ll\u00edt\u00e1sok, testreszab\u00e1s \u00e9s kompatibilit\u00e1s<\/h2>\n<p>A Fanatec nagy gondot ford\u00edtott a be\u00e1ll\u00edt\u00e1sokra. Az alapon tal\u00e1lhat\u00f3 kis k\u00e9perny\u0151n kereszt\u00fcl mindent k\u00f6zvetlen\u00fcl a ker\u00e9kr\u0151l \u00e1ll\u00edthatsz be: \u00e1ltal\u00e1nos er\u0151, sz\u0171r\u00e9s, interpol\u00e1ci\u00f3, minim\u00e1lis er\u0151, csillap\u00edt\u00e1s stb. Valakinek, aki egy bel\u00e9p\u0151 szint\u0171 ker\u00e9kr\u0151l \u00e9rkezik, ez s\u0171r\u0171nek t\u0171nhet, de a logika vil\u00e1gos marad. Kezdheti a megadott el\u0151be\u00e1ll\u00edt\u00e1sokkal, majd fokozatosan finom\u00edthatja azokat.<\/p>\n<p>PC-ken a Fanatec Control Panel illeszt\u0151programja m\u00e9g tov\u00e1bb megy, \u00e9s t\u00f6bb profilt is elmenthet. Ez akkor praktikus, ha v\u00e1ltogatsz egy meglehet\u0151sen \"nyers\" szimul\u00e1tor, p\u00e9ld\u00e1ul egy nagy hardcore szimul\u00e1tor-orient\u00e1lt fizikamotor, \u00e9s egy ink\u00e1bb arcade\/mixed szimul\u00e1tor k\u00f6z\u00f6tt. Ahol \u00e9rdekess\u00e9 v\u00e1lik, hogy minden apr\u00f3 be\u00e1ll\u00edt\u00e1snak val\u00f3di hat\u00e1sa van: azonnal \u00e9rezhet\u0151 a k\u00fcl\u00f6nbs\u00e9g a merevs\u00e9gben a k\u00f6z\u00e9ppont k\u00f6r\u00fcl, abban, ahogyan a bukkan\u00f3k felemelkednek a kezedben, vagy abban, ahogyan az alap reag\u00e1l.<\/p>\n<p>A tanul\u00e1si g\u00f6rbe \u00e9sszer\u0171. Az alap\u00e9rtelmezett be\u00e1ll\u00edt\u00e1sokkal szinte azonnal motorozhatsz \u00e9s sz\u00f3rakozhatsz, majd az \u00f3r\u00e1k sor\u00e1n finom\u00edthatsz rajtuk, ahogy meg\u00e9rted, hogyan v\u00e1ltoznak az egyes param\u00e9terek. A magam r\u00e9sz\u00e9r\u0151l \u00fagy tal\u00e1lom, hogy ez az alap megbocs\u00e1tja a be\u00e1ll\u00edt\u00e1si hib\u00e1kat: az er\u0151-visszacsatol\u00e1s m\u00e9g a kev\u00e9sb\u00e9 optim\u00e1lis be\u00e1ll\u00edt\u00e1sok mellett is haszn\u00e1lhat\u00f3.<\/p>\n<p>Ami a kompatibilit\u00e1st illeti, ez a csomag Xboxon \u00e9s PC-n is m\u0171k\u00f6dik, ami m\u00e1ris sz\u00e9lesk\u00f6r\u0171 felhaszn\u00e1l\u00e1si lehet\u0151s\u00e9geket nyit meg. Xboxon a filoz\u00f3fia szerint \"bedugod, \u00e9s m\u00e1r m\u0171k\u00f6dik is\", m\u00e9g ha a finomhangol\u00e1sra kevesebb lehet\u0151s\u00e9ged is van, mint PC-n. A Fanatec \u00f6kosziszt\u00e9ma viszont igazi elad\u00e1si pont: ped\u00e1lok, v\u00e1lt\u00f3k, k\u00e9zif\u00e9kek, korm\u00e1nykerekek mindenf\u00e9le form\u00e1ban \u00e9s m\u00e9retben... Mindez el\u00e9g egyszer\u0171en \u00f6sszekapcsolhat\u00f3. A gyakorlatban ezzel a csomaggal kezdheted, majd hozz\u00e1adhatsz egy er\u0151sebb ped\u00e1llapot, egy GT vagy F1 korm\u00e1nyt, majd fokozatosan fejlesztheted a be\u00e1ll\u00edt\u00e1saidat an\u00e9lk\u00fcl, hogy az alapot cser\u00e9lned kellene. V\u00e9lem\u00e9nyem szerint ez egy\u00e9rtelm\u0171en ink\u00e1bb egy tart\u00f3s alap, mint egy egyszer\u0171 eldobhat\u00f3 bel\u00e9p\u00e9si pont.<\/p>\n<h2>\u00c9rzelmek a t\u00e9t<\/h2>\n<p>A CSL DD WRC itt mutatja meg igaz\u00e1n, hogy mire k\u00e9pes. A 8 Nm pap\u00edron nem egy ijeszt\u0151 adat, de a gyakorlatban a nyomat\u00e9k b\u0151ven el\u00e9g ahhoz, hogy nagyon tiszta adat\u00e1raml\u00e1st k\u00f6zvet\u00edtsen an\u00e9lk\u00fcl, hogy elszabadulna a pokol. Egy k\u00f6z\u00e9pkateg\u00f3ri\u00e1s v\u00e1lt\u00f3hoz vagy sz\u00edjhajt\u00e1shoz k\u00e9pest a lendker\u00e9k minden mikrov\u00e1ltoz\u00e1sa sokkal \u00e9lesebb. Azonnal meg\u00e9rti, hogy mit csin\u00e1l az aut\u00f3.<\/p>\n<p>Kanyarod\u00e1skor felt\u0171n\u0151 a pontoss\u00e1g a k\u00f6z\u00e9ppont k\u00f6r\u00fcl, \u00e9s az, ahogyan a nyomat\u00e9k a sz\u00f6g \u00e9s a terhel\u00e9s f\u00fcggv\u00e9ny\u00e9ben nagyon fokozatosan n\u00f6vekszik. Nem harcolsz az alappal, hanem vezeted. Gyors p\u00e1ly\u00e1n a bal \u00e9s jobb t\u00e1masz k\u00f6z\u00f6tti \u00e1tmenetek egyenesek, de nem sz\u00e1razak. A korm\u00e1nyz\u00e1s term\u00e9szetes foly\u00e9konys\u00e1ggal, a kev\u00e9sb\u00e9 j\u00f3l kalibr\u00e1lt sz\u00edjhajt\u00e1s\u00fa korm\u00e1nykerekekn\u00e9l gyakran tapasztalhat\u00f3 \"rug\u00f3s\" \u00e9rz\u00e9s n\u00e9lk\u00fcl \u00f6sszpontos\u00edt \u00fajra.<\/p>\n<p>A markolatolvas\u00e1s az egyik er\u0151ss\u00e9ge. Tiszt\u00e1n \u00e9rezhet\u0151, ha az els\u0151 r\u00e9sz kezd megcs\u00faszni, ha a h\u00e1ts\u00f3 r\u00e9sz enged, vagy ha kiss\u00e9 a hat\u00e1r\u00e9rt\u00e9k f\u00f6l\u00f6tt halad. A Direct Drive sokat seg\u00edt ebben: a tapad\u00e1s apr\u00f3 vesztes\u00e9gei, a kezdeti t\u00falkorm\u00e1nyzotts\u00e1g, az aut\u00f3t kiss\u00e9 elmozd\u00edt\u00f3 bukkan\u00e1sok, minden \u00e1rnyaltabban j\u00f6n vissza a kez\u00fcnkbe. Nem csak er\u0151sebb, de tiszt\u00e1bb is. Ez az, ahol az alap val\u00f3ban megv\u00e1ltoztatja az \u00e9lm\u00e9nyt.<\/p>\n<p>A vibr\u00e1torok j\u00f3l reproduk\u00e1ltak. \u00c9rezhet\u0151 a text\u00fara, a frekvencia \u00e9s a relat\u00edv brutalit\u00e1s, an\u00e9lk\u00fcl, hogy l\u00e9gkalap\u00e1cs lenne. Ha a be\u00e1ll\u00edt\u00e1sokban egy kicsit visszaveszel a \"durva\" aspektusb\u00f3l, akkor valami nagyon val\u00f3s\u00e1gh\u0171 \u00e9s kellemeset kapsz: el\u00e9g r\u00e9szletes ahhoz, hogy pontosan helyezd el a kerekeket, de nem annyira agressz\u00edv, hogy n\u00e9h\u00e1ny k\u00f6r ut\u00e1n elf\u00e1radjon az alkarod.<\/p>\n<p>Hossz\u00fa munkamenetek sor\u00e1n a konzisztencia meggy\u0151z\u0151. Az alap nem melegszik t\u00fal, \u00e9s az \u00e9rz\u00e9s stabil marad. Ami a legf\u00e1raszt\u00f3bb, az nem maga a l\u00e1ncszem, hanem a v\u00e1lasztott er\u0151visszacsatol\u00e1s intenzit\u00e1sa. A helyesen haszn\u00e1lt 8 Nm-rel hossz\u00fa ideig lehet j\u00f3 cockpitben tekerni an\u00e9lk\u00fcl, hogy t\u00f6nkretenn\u00e9 a v\u00e1llakat. A ligaversenyz\u00e9shez vagy a csapatos endurance versenyekhez ez egy igazi plusz.<\/p>\n<p>Ha gyors korrekci\u00f3r\u00f3l van sz\u00f3, a CSL DD gyorsan, nagyon gyorsan reag\u00e1l. A nagy sebess\u00e9g\u0171 ellenkorm\u00e1nyz\u00e1s, az elakad\u00f3 h\u00e1ts\u00f3 r\u00e9sz felz\u00e1rk\u00f3ztat\u00e1sa, a korm\u00e1nyker\u00e9k megp\u00f6ccint\u00e9se, hogy az aut\u00f3t visszahozza egy bukkan\u00f3n - minden megnyugtat\u00f3 pontoss\u00e1ggal t\u00f6rt\u00e9nik. Az alulj\u00e1r\u00f3 minden \u00e9rz\u00e9kelhet\u0151 k\u00e9sleked\u00e9s n\u00e9lk\u00fcl k\u00f6veti, ami hatalmas bizalomn\u00f6vel\u0151. K\u00f6nnyebben mered a hat\u00e1ron menni, mert \u00fagy \u00e9rzed, megvan az eszk\u00f6z\u00f6d, hogy utol\u00e9rd az aut\u00f3t.<\/p>\n<p>Egy kev\u00e9sb\u00e9 er\u0151s alaphoz k\u00e9pest minden vil\u00e1gosabbnak \u00e9s koherensebbnek t\u0171nik. Nem csak \"er\u0151sebb\", hanem \"jobban struktur\u00e1lt\". Egy er\u0151sebb alaphoz k\u00e9pest, mint p\u00e9ld\u00e1ul egy 10-15 Nm-es cs\u00facsmodell, kicsit vesz\u00edt\u00fcnk a maxim\u00e1lis brutalit\u00e1s \u00e9s a nyomat\u00e9ktartal\u00e9k tekintet\u00e9ben a nagyon neh\u00e9z FFB-k eset\u00e9ben, de a felhaszn\u00e1l\u00f3k t\u00f6bbs\u00e9ge nem fog val\u00f3di hi\u00e1nyt \u00e9rezni. Komoly, de nem extr\u00e9m vezet\u00e9shez a 8 Nm t\u00f6k\u00e9letesen haszn\u00e1lhat\u00f3 \u00e9s kell\u0151en mag\u00e1val ragad\u00f3. Az \u00e1ltal\u00e1nos \u00e9rz\u00e9s egy tiszt\u00e1bb, \u00f6sszeszedettebb vezet\u00e9s, a mer\u00edt\u00e9s szintje messze fel\u00fclm\u00falja b\u00e1rmely bel\u00e9p\u0151 szint\u0171 korm\u00e1nyker\u00e9k\u00e9t.<\/p>\n<h2>Kinek + Mit szeret\u00fcnk \/ Mit nem szeret\u00fcnk<\/h2>\n<p>Ez a csomag egy\u00e9rtelm\u0171en a k\u00f6z\u00e9phalad\u00f3 vagy motiv\u00e1lt versenyz\u0151ket c\u00e9lozza meg, ak\u00e1r PC-n, ak\u00e1r Xboxon. Ha egy sz\u00edjhajt\u00e1s\u00fa ker\u00e9kr\u0151l vagy egy bel\u00e9p\u0151 szint\u0171 fogaskerekes modellr\u0151l \u00e9rkezik, akkor ez egy nagy, de kezelhet\u0151 l\u00e9p\u00e9s felfel\u00e9. Egy teljes \u00e9rt\u00e9k\u0171, de komoly kezd\u0151 sz\u00e1m\u00e1ra is ambici\u00f3zus els\u0151 v\u00e1s\u00e1rl\u00e1s lehet, amely nem fog n\u00e9h\u00e1ny h\u00f3nap m\u00falva elavulni. Egy olyan szimul\u00e1toros sz\u00e1m\u00e1ra, aki m\u00e1r j\u00f3l felszerelt PC-n egy er\u0151sebb Direct Drive alapon, ez ink\u00e1bb egy \"\u00e9sszer\u0171\" lehet\u0151s\u00e9g egy m\u00e1sodik munka\u00e1llom\u00e1shoz vagy vegyes konzol\/PC haszn\u00e1latra.<\/p>\n<p>Ami a legjobban tetszik, az a tapint\u00e1s\/gyakorlatiass\u00e1g ar\u00e1nya. Az alap kompakt, nem t\u00fal ig\u00e9nyes a cockpitre, de igazi Direct Drive-ot k\u00edn\u00e1l, amely tiszta \u00e9s prec\u00edz. M\u00e1sodszor, maga a WRC-k\u00f6teg is koherens: a korm\u00e1ny el\u00e9g sokoldal\u00fa ahhoz, hogy lefedje a raliz\u00e1st, a GT-t, a t\u00far\u00e1z\u00e1st \u00e9s m\u00e9g egy kis egy\u00fcl\u00e9ses versenyz\u00e9st is, an\u00e9lk\u00fcl, hogy irrelev\u00e1ns benyom\u00e1st keltene. V\u00e9g\u00fcl, a Fanatec \u00f6kosziszt\u00e9m\u00e1ba val\u00f3 integr\u00e1ci\u00f3 igazi elad\u00e1si \u00e9rv: egy olyan platformba fektetsz be, amelyet id\u0151vel tov\u00e1bbfejleszthetsz an\u00e9lk\u00fcl, hogy mindent egyszerre kellene megv\u00e1ltoztatnod.<\/p>\n<p>Vannak azonban korl\u00e1tok. A WRC korm\u00e1nyker\u00e9k, b\u00e1r j\u00f3l teljes\u00edt, nem rendelkezik a magasabb kateg\u00f3ri\u00e1s felnik \"luxus\" \u00e9rzet\u00e9vel \u00e9s gazdag funkcionalit\u00e1s\u00e1val: a bor\u00edt\u00e1s, a lap\u00e1tok \u00e9s n\u00e9h\u00e1ny m\u0171anyag eml\u00e9keztet arra, hogy ez m\u00e9g mindig egy \u00e1r\u00e1hoz tervezett csomag. A legt\u00f6bb felhaszn\u00e1l\u00f3 sz\u00e1m\u00e1ra a 8 Nm-es teljes\u00edtm\u00e9ny b\u0151ven elegend\u0151, de azok sz\u00e1m\u00e1ra, akik a maxim\u00e1lis mer\u00edt\u00e9sre t\u00f6rekszenek nagyon neh\u00e9z FFB-kkel \u00e9s kiz\u00e1r\u00f3lag hardcore szimul\u00e1toros haszn\u00e1latra, egy er\u0151sebb alap v\u00e9g\u00fcl megfelel\u0151bbnek fog t\u0171nni. V\u00e9g\u00fcl, a Fanatec \u00f6kosziszt\u00e9m\u00e1nak \u00e1ra van: minden egyes friss\u00edt\u00e9s (\u00faj korm\u00e1nyker\u00e9k, magasabb kateg\u00f3ri\u00e1s hajt\u00f3kar, v\u00e1lt\u00f3) jelent\u0151s beruh\u00e1z\u00e1st jelent, m\u00e9g akkor is, ha maga az alap j\u00f3 bel\u00e9p\u00e9si pontot jelent.<\/p>\n<p>Az \u00e9rz\u00e9kelt \u00e9rt\u00e9ket tekintve ez a term\u00e9k egy\u00e9rtelm\u0171en a k\u00f6z\u00e9pkateg\u00f3ria \u00e9s a \"hamis fels\u0151 kateg\u00f3ri\u00e1s\" k\u00f6z\u00f6tt h\u00faz\u00f3dik: a bel\u00e9p\u0151 \u00e1r nem elhanyagolhat\u00f3, de a min\u0151s\u00e9gi \u00e9rz\u00e9s \u00e9s a nyilv\u00e1nval\u00f3 tart\u00f3ss\u00e1g igazolja a befektet\u00e9st azok sz\u00e1m\u00e1ra, akik val\u00f3ban be akarnak sz\u00e1llni a szimul\u00e1toros versenyz\u00e9sbe.<\/p>\n<h2>\u00cdt\u00e9let<\/h2>\n<p>A Fanatec CSL DD Racing Wheel WRC Xboxhoz \u00e9s PC-hez (8 Nm) komoly v\u00e1ltoz\u00e1st jelent a hagyom\u00e1nyos fogyaszt\u00f3i korm\u00e1nyker\u00e9khez k\u00e9pest. Egyetlen be\u00e1ll\u00edt\u00e1sban olyan precizit\u00e1st, tiszta er\u0151visszacsatol\u00e1st \u00e9s mer\u00edt\u00e9st hoz, amely minden m\u00e1st a csizm\u00e1j\u00e1n\u00e1l fogva h\u00faz fel. M\u00e9g egy \u00e1tlagos ped\u00e1lfal \u00e9s egy egyszer\u0171 pil\u00f3taf\u00fclke mellett is sokkal finomabban t\u00e1rja fel a j\u00e1t\u00e9kok fizik\u00e1j\u00e1t ez az alap.<\/p>\n<p>A piacon egy\u00e9rtelm\u0171en a k\u00f6z\u00e9pkateg\u00f3ri\u00e1s \"+\" megold\u00e1sok k\u00f6z\u00e9ppontj\u00e1ban \u00e1ll: minden hagyom\u00e1nyos sz\u00edjjal m\u0171k\u00f6d\u0151 megold\u00e1s f\u00f6l\u00f6tt, de a tiszta verseny nagy Direct Drive sz\u00f6rnyetegei alatt. Ez egy nagyon \u00e9rdekes egyens\u00faly a rendszeres, komoly haszn\u00e1lathoz, an\u00e9lk\u00fcl, hogy t\u00falz\u00e1sba esne.<\/p>\n<p>Azoknak az Xbox \u00e9s PC j\u00e1t\u00e9kosoknak aj\u00e1nlom, akik a k\u00f6vetkez\u0151 szintre szeretn\u00e9k emelni a j\u00e1t\u00e9kukat an\u00e9lk\u00fcl, hogy fel\u00e1ldozn\u00e1k a konzolkompatibilit\u00e1st, vagy azonnal elsz\u00f3rn\u00e1k a k\u00f6lts\u00e9gvet\u00e9s\u00fcket egy extr\u00e9m be\u00e1ll\u00edt\u00e1sra. Egy nagyon alkalmi kezd\u0151nek vagy egy egyszer\u0171 \"sz\u00f3rakoztat\u00f3\" ker\u00e9kre v\u00e1gy\u00f3nak val\u00f3sz\u00edn\u0171leg t\u00fal dr\u00e1ga \u00e9s t\u00fal ambici\u00f3zus lesz. Egy olyan versenyz\u0151 sz\u00e1m\u00e1ra, aki m\u00e1r rendelkezik egy izmosabb, csak PC-s DD-alapokkal, ez a csomag ink\u00e1bb m\u00e1sodlagos opci\u00f3 lesz, mint friss\u00edt\u00e9s.<\/p>\n<p>Ha egy koherens, b\u0151v\u00edthet\u0151 \u00e9s Xbox\/PC-kompatibilis csomaggal szeretne komolyan belev\u00e1gni a Direct Drive vil\u00e1g\u00e1ba, akkor ez a term\u00e9k nyilv\u00e1nval\u00f3an d\u00f6nt\u0151 lehet az \u00d6n be\u00e1ll\u00edt\u00e1sai k\u00f6z\u00f6tt.<\/p>","protected":false},"excerpt":{"rendered":"<p>Ez a csomag azt az \u00e9rz\u00e9st keltette bennem, hogy az er\u0151visszacsatol\u00e1s min\u0151s\u00e9ge val\u00f3ban ugrott, a vezet\u00e9s olvashat\u00f3bb \u00e9s \u00f6sszeszedettebb volt, mint a \"mainstream\" korm\u00e1nykerekekn\u00e9l. Mindenekel\u0151tt a motiv\u00e1lt Xbox\/PC j\u00e1t\u00e9kosoknak sz\u00f3l, akik az els\u0151 igazi, tart\u00f3s befektet\u00e9st szeretn\u00e9k a Direct Drive-ba, an\u00e9lk\u00fcl, hogy extr\u00e9m versenyre t\u00f6rekedn\u00e9nek. Az eg\u00e9sz csomag tov\u00e1bbra is koherens \u00e9s relev\u00e1ns marad egy fejl\u0151d\u0151 be\u00e1ll\u00edt\u00e1shoz.<\/p>","protected":false},"featured_media":100892,"comment_status":"open","ping_status":"closed","template":"","meta":{"_acf_changed":false,"_et_pb_use_builder":"","_et_pb_old_content":"","_et_gb_content_width":""},"product_brand":[158],"product_cat":[161,173,170,169],"product_tag":[149,160],"class_list":{"0":"post-100891","1":"product","2":"type-product","3":"status-publish","4":"has-post-thumbnail","6":"product_brand-fanatec","7":"product_cat-volant","8":"product_cat-volants-fanatec","9":"product_cat-volants-xbox-one","10":"product_cat-volants-xbox-series-x-s","11":"product_tag-pc","12":"product_tag-xbox","14":"first","15":"instock","16":"shipping-taxable","17":"product-type-external"},"acf":[],"_links":{"self":[{"href":"https:\/\/simracergear.com\/hu\/wp-json\/wp\/v2\/product\/100891","targetHints":{"allow":["GET"]}}],"collection":[{"href":"https:\/\/simracergear.com\/hu\/wp-json\/wp\/v2\/product"}],"about":[{"href":"https:\/\/simracergear.com\/hu\/wp-json\/wp\/v2\/types\/product"}],"replies":[{"embeddable":true,"href":"https:\/\/simracergear.com\/hu\/wp-json\/wp\/v2\/comments?post=100891"}],"wp:featuredmedia":[{"embeddable":true,"href":"https:\/\/simracergear.com\/hu\/wp-json\/wp\/v2\/media\/100892"}],"wp:attachment":[{"href":"https:\/\/simracergear.com\/hu\/wp-json\/wp\/v2\/media?parent=100891"}],"wp:term":[{"taxonomy":"product_brand","embeddable":true,"href":"https:\/\/simracergear.com\/hu\/wp-json\/wp\/v2\/product_brand?post=100891"},{"taxonomy":"product_cat","embeddable":true,"href":"https:\/\/simracergear.com\/hu\/wp-json\/wp\/v2\/product_cat?post=100891"},{"taxonomy":"product_tag","embeddable":true,"href":"https:\/\/simracergear.com\/hu\/wp-json\/wp\/v2\/product_tag?post=100891"}],"curies":[{"name":"wp","href":"https:\/\/api.w.org\/{rel}","templated":true}]}}