{"id":100899,"date":"2025-05-15T07:55:00","date_gmt":"2025-05-15T07:55:00","guid":{"rendered":"https:\/\/simracergear.com\/products\/fanatec-csl-dd-ready2race-bmw-bundle-for-pc-5-nm\/"},"modified":"2025-11-28T04:45:49","modified_gmt":"2025-11-28T04:45:49","slug":"fanatec-csl-dd-ready2race-bmw-bundle-for-pc-5-nm","status":"publish","type":"product","link":"https:\/\/simracergear.com\/hu\/products\/fanatec-csl-dd-ready2race-bmw-bundle-for-pc-5-nm\/","title":{"rendered":"Fanatec CSL DD Ready2Race BMW PC-hez (5 Nm)"},"content":{"rendered":"<h2>Fanatec CSL DD Ready2Race BMW csomag: egy igazi bel\u00e9p\u0151 a Direct Drive-ba<\/h2>\n<p>A Fanatec CSL DD Ready2Race BMW Bundle for PC (5 Nm) egy nagyon speci\u00e1lis r\u00e9st c\u00e9loz meg: egy teljes Direct Drive \u00e9lm\u00e9nyt k\u00edn\u00e1l, azonnal haszn\u00e1lhat\u00f3an, an\u00e9lk\u00fcl, hogy elsz\u00e1llna a k\u00f6lts\u00e9gvet\u00e9s vagy belefulladna a j\u00e1t\u00e9kos a technol\u00f3gi\u00e1ba. Ez a csomag azoknak k\u00e9sz\u00fclt, akik sz\u00edjhajt\u00e1s\u00fa vagy fogaskerekes korm\u00e1nyr\u00f3l \u00e9rkeztek, \u00e9s szeretn\u00e9nek valami komolyabbra v\u00e1ltani, an\u00e9lk\u00fcl, hogy egyenesen a piac cs\u00facs\u00e1ra menn\u00e9nek.<\/p>\n<p>Pap\u00edron ez a csomag \"kulcsrak\u00e9sz\" hozz\u00e1f\u00e9r\u00e9st \u00edg\u00e9r a Direct Drive-hoz: 5Nm CSL DD alap, vizu\u00e1lisan nagyon tiszta BMW korm\u00e1nyker\u00e9k, koherens bel\u00e9p\u0151 szint\u0171 ped\u00e1lok, szil\u00e1rd PC kompatibilit\u00e1s \u00e9s mindenekel\u0151tt a Fanatec \u00f6kosziszt\u00e9ma m\u00f6g\u00f6tte. Az elk\u00e9pzel\u00e9s egyszer\u0171: bedugod, be\u00e1ll\u00edtasz n\u00e9h\u00e1ny param\u00e9tert, \u00e9s m\u00e1r mehetsz is. Nem kell darabr\u00f3l darabra \u00f6sszerakni a setupot.<\/p>\n<p>A c\u00e9lom a csomag tesztel\u00e9s\u00e9vel: megn\u00e9zni, hogy val\u00f3ban meg\u00e1llja-e a hely\u00e9t els\u0151 komolyabb szimul\u00e1toros versenyfelszerel\u00e9sk\u00e9nt, felm\u00e9rni az er\u0151visszacsatol\u00e1s min\u0151s\u00e9g\u00e9t az egyszer\u0171bb megold\u00e1sokhoz k\u00e9pest, \u00e9s meg\u00edt\u00e9lni, hogy ez a csomag mennyire k\u00e9pes t\u00e1mogatni egy fejl\u0151d\u0151 j\u00e1t\u00e9kost, an\u00e9lk\u00fcl, hogy n\u00e9h\u00e1ny h\u00e9t ut\u00e1n korl\u00e1tozn\u00e1 \u0151ket. A c\u00e9l nem csup\u00e1n a Direct Drive \"wow-effektusa\", hanem az, hogy hossz\u00fa ideig, tiszt\u00e1n, a vol\u00e1n m\u00f6g\u00f6tt \u00e9rzett \u00e9rz\u00e9seinkbe vetett bizalommal tudjunk vezetni.<\/p>\n<h2>Tervez\u00e9s \u00e9s gy\u00e1rt\u00e1s: f\u00e9m \u00e9s m\u0171anyag komoly kever\u00e9ke<\/h2>\n<p>Kompakt m\u00e9rete ellen\u00e9re a CSL DD b\u00e1zis vizu\u00e1lisan is leny\u0171g\u00f6z\u0151. A h\u0171t\u0151bord\u00e1kkal ell\u00e1tott alum\u00edniumtest azonnal s\u0171r\u0171s\u00e9g \u00e9s merevs\u00e9g benyom\u00e1s\u00e1t kelti. T\u00e9nyleg az a benyom\u00e1sod, hogy egy val\u00f3di m\u0171szaki egys\u00e9get tartasz a kezedben, nem pedig egy j\u00e1t\u00e9kot. A pil\u00f3taf\u00fclk\u00e9re vagy szil\u00e1rd tart\u00f3ra helyezve semmi sem mozog, semmi sem repedezik. A Direct Drive-hoz logikusan komolyabb konstrukci\u00f3 t\u00e1rsul, \u00e9s ezt \u00e9rezni is lehet.<\/p>\n<p>A csomagban tal\u00e1lhat\u00f3 BMW-korm\u00e1nyker\u00e9k visszafogottabb, mint a m\u00e1rka n\u00e9h\u00e1ny cs\u00facsmodellje, de m\u00e9g mindig nagyon kellemes k\u00e9zben tartani. A bevonat megfelel\u0151, a fog\u00e1sa k\u00e9nyelmes, az \u00e1tm\u00e9r\u0151je pedig minden ig\u00e9nyt kiel\u00e9g\u00edt\u0151 (p\u00e1lya, GT, alkalmi raliz\u00e1s). A gombok k\u00f6nnyen kezelhet\u0151k, \u00e9s az \u00e1ltal\u00e1nos elhelyez\u00e9s intuit\u00edv. Nem t\u00e9vedsz el egy funkci\u00f3t keresve, m\u00e9g egy akci\u00f3 k\u00f6zep\u00e9n sem.<\/p>\n<p>Az \u00e9rz\u00e9kelt min\u0151s\u00e9g j\u00f3 ebben a szegmensben. Ez nem egy Clubsport vagy Podium korm\u00e1nyker\u00e9k, de j\u00f3val meghaladja azt, amit \u00e1ltal\u00e1ban a \"mainstream\" csomagokban tal\u00e1lunk. A m\u0171anyag j\u00f3l van \u00f6sszeszerelve, a forg\u00f3r\u00e9szek tiszt\u00e1n kattognak, \u00e9s semmi sem t\u0171nik \u00fcregesnek, amikor el\u0151sz\u00f6r k\u00e9zbe veszed. Az embernek az az \u00e9rz\u00e9se, hogy a csomagot \u00fagy tervezt\u00e9k, hogy n\u00e9h\u00e1ny h\u00f3napn\u00e1l tov\u00e1bb tartson.<\/p>\n<p>A forgatty\u00fastag az a r\u00e9sz, amely a legink\u00e1bb mutatja vizu\u00e1lis \u00e9s tapinthat\u00f3 korl\u00e1tait. Egyszer\u0171 konstrukci\u00f3, l\u00e9nyeg\u00e9ben pr\u00e9selt f\u00e9m \u00e9s m\u0171anyag, ebben az alapkonfigur\u00e1ci\u00f3ban nincs f\u00e9ker\u0151m\u00e9r\u0151. Teszi a dolg\u00e1t, de egy\u00e9rtelm\u0171en ez a szerelv\u00e9ny legkev\u00e9sb\u00e9 pr\u00e9mium r\u00e9sze. F\u00e9kez\u00e9skor m\u0171k\u00f6dik, de azonnal az az \u00e9rz\u00e9sed, hogy ez egy olyan ter\u00fclet, amely fejleszt\u00e9sre szorul, ha igaz\u00e1n ig\u00e9nyes leszel a f\u00e9kez\u00e9ssel kapcsolatban.<\/p>\n<p>A bel\u00e9p\u0151 szint\u0171 sz\u00edj- vagy fogaskerekes lendkerekekhez k\u00e9pest ez a csomag egy l\u00e9p\u00e9ssel feljebb l\u00e9p az \u00e1ltal\u00e1nos komolys\u00e1gban. Ez egy olyan term\u00e9k, amely hossz\u00fa t\u00e1von bizalmat \u00e9breszt, felt\u00e9ve, hogy merev alapra van szerelve. Egy k\u00f6nny\u0171 \u00edr\u00f3asztalra szerelve az alap olyan merev, hogy az \u00e1llv\u00e1ny lesz a hat\u00e1r.<\/p>\n<h2>Be\u00e1ll\u00edt\u00e1sok, testreszab\u00e1s \u00e9s kompatibilit\u00e1s: hozz\u00e1f\u00e9rhet\u0151, de \u00e1tfog\u00f3<\/h2>\n<p>A Fanatec el\u00e9g j\u00f3 munk\u00e1t v\u00e9gzett az \u00e9lm\u00e9ny keretbe foglal\u00e1s\u00e1ban a be\u00e1ll\u00edt\u00e1sok tekintet\u00e9ben. Az alapon a k\u00e9perny\u0151 \u00e9s a gombok lehet\u0151v\u00e9 teszik n\u00e9h\u00e1ny kulcsfontoss\u00e1g\u00fa param\u00e9ter gyors be\u00e1ll\u00edt\u00e1s\u00e1t: \u00e1ltal\u00e1nos er\u0151, sz\u0171r\u00e9s, az er\u0151visszacsatol\u00e1s linearit\u00e1sa stb. A bizonyos j\u00e1t\u00e9kokhoz integr\u00e1lt el\u0151be\u00e1ll\u00edt\u00e1sok seg\u00edtenek a kezd\u00e9sben an\u00e9lk\u00fcl, hogy elakadn\u00e1l. A be\u00e9p\u00edtett el\u0151be\u00e1ll\u00edt\u00e1sok bizonyos j\u00e1t\u00e9kokhoz seg\u00edtenek a kezd\u00e9sben an\u00e9lk\u00fcl, hogy elakadn\u00e1l. Az alapbe\u00e1ll\u00edt\u00e1sok \u00e9ppen megfelel\u0151ek, \u00e9s nagyon gyorsan lehet lovagolni.<\/p>\n<p>A Fanatec PC-s szoftvere finomabb be\u00e1ll\u00edt\u00e1sokat tesz lehet\u0151v\u00e9: FFB intenzit\u00e1s, korm\u00e1nymerevs\u00e9g a k\u00f6z\u00e9ppont k\u00f6r\u00fcl, tov\u00e1bbi effektek, jelsim\u00edt\u00e1s. Ezek olyan opci\u00f3k, amelyek lehet\u0151v\u00e9 teszik, hogy a viselked\u00e9st a st\u00edlusodhoz igaz\u00edtsd: nyersebb azok sz\u00e1m\u00e1ra, akik mindent \u00e9rezni akarnak, sz\u0171kebb azoknak, akik a k\u00e9nyelmet \u00e9s a kevesebb parazita rezg\u00e9st r\u00e9szes\u00edtik el\u0151nyben. A tanul\u00e1si g\u00f6rbe elfogadhat\u00f3: n\u00e9h\u00e1ny tesztel\u00e9s alatt elsaj\u00e1t\u00edthatod a dolgot, m\u00e9g akkor is, ha nem vagy m\u00e9rn\u00f6k.<\/p>\n<p>A korm\u00e1nyker\u00e9k gombjainak testreszabhat\u00f3s\u00e1ga nagyban f\u00fcgg a j\u00e1t\u00e9kt\u00f3l, de az elrendez\u00e9s kell\u0151en szabv\u00e1nyos marad ahhoz, hogy a szok\u00e1sos funkci\u00f3kat lefedje: boxutca-korl\u00e1toz\u00f3, r\u00e1di\u00f3, \u00fczemanyagkever\u00e9k, kip\u00f6rg\u00e9sg\u00e1tl\u00f3, HUD lapv\u00e1lt\u00e1s stb. Nem egy szuperkorm\u00e1nyr\u00f3l besz\u00e9l\u00fcnk, mint a nagyon GT3-orient\u00e1lt modellek, de egy t\u00f6bbc\u00e9l\u00fa csomaghoz k\u00e9pest az egyens\u00faly j\u00f3.<\/p>\n<p>A kompatibilit\u00e1s szempontj\u00e1b\u00f3l ez a csomag egy\u00e9rtelm\u0171en PC-orient\u00e1lt. A nagyobb szimul\u00e1toros versenyj\u00e1t\u00e9kokat j\u00f3l kezeli, a felismer\u00e9s tiszta, \u00e9s a legt\u00f6bbsz\u00f6r a hardvert k\u00f6nnyed\u00e9n felismeri \u00e9s lek\u00e9pezi. Konzolok eset\u00e9ben ellen\u0151rizni kell az alap kompatibilit\u00e1s\u00e1t \u00e9s a pontos modellt, de ez a konkr\u00e9t csomag val\u00f3ban a PC-s haszn\u00e1latra koncentr\u00e1l.<\/p>\n<p>A Fanatec \u00f6kosziszt\u00e9ma nagy szerepet j\u00e1tszik ebben. Tov\u00e1bbi korm\u00e1nyok, v\u00e1lt\u00f3k, k\u00e9zif\u00e9kek, fejlettebb hajt\u00f3karok: b\u00e1rmi hozz\u00e1adhat\u00f3 ehhez az alaphoz. Ez az a pont, ahol a \"fenntarthat\u00f3 bel\u00e9p\u00e9si pont\" aspektus\u00e1t kezdj\u00fck l\u00e1tni. Ezzel a csomaggal kezdheti, majd fokozatosan fejlesztheti a hajt\u00f3karokat, hozz\u00e1adhat egy v\u00e1lt\u00f3t, kicser\u00e9lheti a korm\u00e1nykereket egy speci\u00e1lisabb haszn\u00e1latra, mik\u00f6zben megtartja ugyanazt a CSL DD alapot. Ebb\u0151l a szempontb\u00f3l az 5Nm-es l\u00e1nctalp hossz\u00fa ideig maradhat egy k\u00f6z\u00e9pszint\u0171 setup k\u00f6z\u00e9ppontj\u00e1ban.<\/p>\n<h2>Szenz\u00e1ci\u00f3k j\u00e1t\u00e9kban: A Direct Drive el\u00e9rhet\u0151, de m\u00e1r komolyan vehet\u0151<\/h2>\n<p>Ennek a csomagnak a hiteless\u00e9ge a vezet\u00e9si \u00e9lm\u00e9nyben rejlik. A Direct Drive-ra v\u00e1lt\u00e1s, m\u00e9g ha \"csak\" 5 Nm-rel is, egy\u00e9rtelm\u0171en megv\u00e1ltoztatja az aut\u00f3 meg\u00edt\u00e9l\u00e9s\u00e9t. Ami azonnal szembet\u0171n\u0151, az a jelek tisztas\u00e1ga. A korm\u00e1nyker\u00e9k nem \"csattog\", nem rezeg ok n\u00e9lk\u00fcl, \u00e9s nem \u00e9rzi mag\u00e1t gumiszalagnak, mint a sz\u00edjhajt\u00e1sn\u00e1l gyakran tapasztalhat\u00f3.<\/p>\n<p>A k\u00f6z\u00e9ppont k\u00f6r\u00fcli pontoss\u00e1g k\u00fcl\u00f6n\u00f6sen tetszet\u0151s. Vil\u00e1gosan \u00e9rezhet\u0151ek a r\u00f6pp\u00e1lya apr\u00f3 korrekci\u00f3i, a p\u00e1lya domborzat\u00e1nak hat\u00e1sa \u00e9s a tapad\u00e1s mikrov\u00e1ltoz\u00e1sa. Egy gyors kanyarban k\u00f6nnyen \u00e9szrevehet\u0151, hogy az aut\u00f3 kiss\u00e9 lebeg-e, hogy a h\u00e1ts\u00f3 r\u00e9sz kezd-e s\u00falyt vesz\u00edteni, vagy hogy az els\u0151 r\u00e9sz keresi-e a tapad\u00e1st. Gyorsan meg\u00e9rted, mit csin\u00e1l az aut\u00f3. Ez az a pont, ahol az alap igaz\u00e1n megv\u00e1ltoztatja az \u00e9lm\u00e9nyt.<\/p>\n<p>A vibr\u00e1torokon az \u00e9rz\u00e9s \u00e9les \u00e9s tiszta, de nem durva. \u00c9rzi a megk\u00f6nnyebb\u00fcl\u00e9st, a text\u00far\u00e1t, an\u00e9lk\u00fcl, hogy elt\u00f6rn\u00e9 a csukl\u00f3j\u00e1t. Az 5Nm-n\u00e9l nem fizikai er\u0151szakr\u00f3l besz\u00e9l\u00fcnk, de el\u00e9g intenzit\u00e1s ahhoz, hogy val\u00f3di sportos hozamot kapjunk. Mik\u00f6zben k\u00f6rr\u0151l k\u00f6rre v\u00e9gigm\u00e9sz egy nagyon r\u00e1z\u00f3s p\u00e1ly\u00e1n, a korm\u00e1nyker\u00e9k tov\u00e1bbra is j\u00f3l leolvashat\u00f3 marad: kiveheted a p\u00e1lya bukkan\u00f3it, a rezg\u00e9seket, a tapad\u00e1s elveszt\u00e9s\u00e9t, an\u00e9lk\u00fcl, hogy minden egy nagy boh\u00f3zatt\u00e1 olvadna \u00f6ssze.<\/p>\n<p>A markolat visszajelz\u00e9se a tartom\u00e1ny ezen szintj\u00e9nek egyik er\u0151ss\u00e9ge. J\u00f3l \u00e9rz\u00e9keli, ha az aut\u00f3 elkezdi elvesz\u00edteni a tapad\u00e1st, ak\u00e1r f\u00e9kez\u00e9skor el\u00f6l, ak\u00e1r kanyarb\u00f3l kigyors\u00edtva. A gyors korrekci\u00f3k teljesen term\u00e9szetesen t\u00f6rt\u00e9nnek, mivel az alap azonnal visszajelz\u00e9st k\u00fcld a h\u00e1ts\u00f3 r\u00e9sz mozg\u00e1s\u00e1r\u00f3l. Az ellenkorm\u00e1nyz\u00e1s pontosabb \u00e9s kontroll\u00e1ltabb. Kev\u00e9sb\u00e9 van az az \u00e9rz\u00e9s, hogy \"t\u00falkorrig\u00e1lsz\" an\u00e9lk\u00fcl, hogy tudn\u00e1d, merre m\u00e9sz.<\/p>\n<p>Hossz\u00fa munkamenetek sor\u00e1n a k\u00f6vetkezetess\u00e9g a nap parancsa. Nincs \u00e9szrevehet\u0151 t\u00falmeleged\u00e9s, nincs v\u00e1ltoz\u00e1s a viselked\u00e9sben egy id\u0151 ut\u00e1n. Az 5 Nm tov\u00e1bbra is jelen van \u00e9s stabil. A f\u00e1radts\u00e1g ink\u00e1bb az \u00fcl\u00e9s intenzit\u00e1s\u00e1b\u00f3l, mint mag\u00e1b\u00f3l a berendez\u00e9sb\u0151l ered. Rendszeres haszn\u00e1lat eset\u00e9n ez j\u00f3 dolog: t\u00f6bb futamot is \u00f6ssze lehet f\u0171zni an\u00e9lk\u00fcl, hogy a korm\u00e1ny k\u00e9nyelmetlen\u00fcl \u00e9rezn\u00e9 mag\u00e1t.<\/p>\n<p>Egy kisebb teljes\u00edtm\u00e9ny\u0171 alaphoz, p\u00e9ld\u00e1ul egy bel\u00e9p\u0151 szint\u0171 sz\u00edj- vagy fogasker\u00e9khajt\u00e1shoz k\u00e9pest a min\u0151s\u00e9gi ugr\u00e1s a finoms\u00e1gban \u00e9s a nyers er\u0151ben is megmutatkozik. Nem csak er\u0151sebb, de tiszt\u00e1bb \u00e9s egy\u00e9rtelm\u0171bb is. A korm\u00e1nyker\u00e9k pontosan azt adja vissza, amit a j\u00e1t\u00e9k k\u00fcld, a mindent elsim\u00edt\u00f3 sz\u00edj k\u00f6zvet\u00edt\u00e9se n\u00e9lk\u00fcl. \u00dagy \u00e9rzed, jobban k\u00f6t\u0151dsz az aut\u00f3hoz.<\/p>\n<p>Egy er\u0151sebb alapmotorral szemben (8 Nm, 10 Nm vagy t\u00f6bb), nyilv\u00e1nval\u00f3an \u00e9rezni fogod az 5 Nm-es hat\u00e1rt, amikor elkezdesz nagyon neh\u00e9z motorozni az endurance vagy nagyon ig\u00e9nyes szimul\u00e1ci\u00f3kban. A maxim\u00e1lis nyomat\u00e9ktartom\u00e1ny korl\u00e1tozottabb, k\u00fcl\u00f6n\u00f6sen, ha nagy er\u0151kkel szeretsz motorozni. De a PC-s j\u00e1t\u00e9kosok t\u00f6bbs\u00e9g\u00e9nek, akik GT, t\u00faraaut\u00f3 vagy k\u00f6nny\u0171 egy\u00fcl\u00e9ses motorral k\u00f6zlekednek, az er\u0151 m\u00e9g mindig t\u00f6bb mint elegend\u0151. Elk\u00f6telezetten vezethetsz an\u00e9lk\u00fcl, hogy \u00fagy \u00e9rezn\u00e9d, hogy a hardver korl\u00e1tozza az \u00e9lm\u00e9nyt, felt\u00e9ve, hogy nem pr\u00f3b\u00e1lsz egy ultraneh\u00e9z GT3-as korm\u00e1nyt szimul\u00e1lni.<\/p>\n<p>\u00d6sszess\u00e9g\u00e9ben a csomag nagyon j\u00f3l m\u0171k\u00f6dik. A korm\u00e1ny magabiztoss\u00e1got sug\u00e1roz, \u00e9s az ember k\u00e9s\u0151bb mer f\u00e9kezni, k\u00f6zelebb mer menni a hat\u00e1rokhoz, mert jobban le tudja olvasni a fut\u00f3m\u0171 reakci\u00f3it. Az az \u00e9rz\u00e9s is kiel\u00e9g\u00edt\u0151, hogy \"komoly\" felszerel\u00e9st tartunk a kez\u00fcnkben, pedig m\u00e9g mindig a Direct Drive vil\u00e1g\u00e1nak megfizethet\u0151 szegmens\u00e9ben vagyunk.<\/p>\n<h2>Kinek sz\u00f3l? Mit szeret\u00fcnk, mit nem szeret\u00fcnk<\/h2>\n<p>Ez a csomag egy\u00e9rtelm\u0171en a PC-s j\u00e1t\u00e9kosokat c\u00e9lozza meg, akik egy bel\u00e9p\u0151 szint\u0171 ker\u00e9kr\u0151l szeretn\u00e9nek egy egy\u00e9rtelm\u0171 l\u00e9p\u00e9st tenni felfel\u00e9, an\u00e9lk\u00fcl, hogy t\u00falzott befektet\u00e9st eszk\u00f6z\u00f6ln\u00e9nek. Legyen sz\u00f3 motiv\u00e1lt kezd\u0151r\u0151l, k\u00f6z\u00e9phalad\u00f3r\u00f3l, aki m\u00e1r r\u00e1kattant a GT\/F1\/endurance szimul\u00e1torokra, vagy alkalmi versenyz\u0151r\u0151l, aki egy hiteles be\u00e1ll\u00edt\u00e1sra v\u00e1gyik az esti vezet\u00e9shez: az ide\u00e1lis profil az, aki komolyan veszi a szimul\u00e1toros versenyz\u00e9st, de nincs sz\u00fcks\u00e9ge 10+ Nm-es alapra ahhoz, hogy boldog legyen.<\/p>\n<p>Ami k\u00fcl\u00f6n\u00f6sen tetszik ebben a csomagban, az az \u00e1ltal\u00e1nos konzisztencia. El\u0151sz\u00f6r is, a Direct Drive 5 Nm nagyon j\u00f3 kompromisszumot k\u00edn\u00e1l az intenzit\u00e1s \u00e9s az ir\u00e1ny\u00edthat\u00f3s\u00e1g k\u00f6z\u00f6tt: el\u00e9g er\u0151s ahhoz, hogy sportos \u00e9rz\u00e9st adjon, de nem olyan er\u0151s, hogy kimer\u00edt\u0151 legyen, vagy ac\u00e9lba burkolt pil\u00f3taf\u00fclk\u00e9t ig\u00e9nyeljen. M\u00e1sodszor, a visszajelz\u00e9s pontoss\u00e1ga igaz\u00e1n kiel\u00e9g\u00edt\u0151 ehhez az \u00e1rkateg\u00f3ri\u00e1hoz k\u00e9pest: a tapad\u00e1s leolvas\u00e1sa, a k\u00f6z\u00e9ppont k\u00f6r\u00fcli tisztas\u00e1g \u00e9s a vibr\u00e1torok h\u0171s\u00e9ge tiszt\u00e1bb vezet\u00e9st tesz lehet\u0151v\u00e9. V\u00e9g\u00fcl pedig a Fanatec \u00f6kosziszt\u00e9ma val\u00f3di fejleszt\u00e9si perspekt\u00edv\u00e1t ny\u00fajt: megtarthatja ezt az alapot, \u00e9s fokozatosan fejlesztheti a be\u00e1ll\u00edt\u00e1sok t\u00f6bbi r\u00e9sz\u00e9t (ped\u00e1lok, korm\u00e1ny, v\u00e1lt\u00f3) an\u00e9lk\u00fcl, hogy a null\u00e1r\u00f3l kellene kezdenie.<\/p>\n<p>M\u00e9gis, vannak korl\u00e1tok, amelyeket szem el\u0151tt kell tartani. Az ebben a csomagban mell\u00e9kelt hajt\u00f3kar tisztess\u00e9ges, de nem \u00e9ri el a t\u00f6bbi term\u00e9k sz\u00ednvonal\u00e1t. A f\u00e9k terhel\u00e9sm\u00e9r\u0151 cell\u00e1j\u00e1nak hi\u00e1nya cs\u00f6kkenti az ar\u00e1nyos\u00edt\u00e1s finoms\u00e1g\u00e1t, k\u00fcl\u00f6n\u00f6sen, ha a f\u00e9kvez\u00e9rl\u00e9sen szeretne dolgozni. Haszn\u00e1lhat\u00f3, de az az \u00e9rz\u00e9sed, hogy egy friss\u00edt\u00e9s el\u0151bb-ut\u00f3bb a list\u00e1n lesz. Az 5 Nm-es teljes\u00edtm\u00e9ny is kiss\u00e9 alacsonynak t\u0171nhet azok sz\u00e1m\u00e1ra, akik szeretik a nagyon nagy er\u0151ket, vagy akik nagyon magas szintre t\u00f6rekednek, k\u00fcl\u00f6n\u00f6sen az endurance vagy a nagyon fejlett szimul\u00e1ci\u00f3kban. Ez nem egy olyan alap, amely sok\u00e1ig kiel\u00e9g\u00edti az ultra ig\u00e9nyes, tiszta er\u0151vel rendelkez\u0151 motorosokat. Egy utols\u00f3 pont: a csak PC-s aspektus n\u00e9mileg korl\u00e1tozza a sokoldal\u00fas\u00e1got azok sz\u00e1m\u00e1ra, akik egy hibrid PC + konzol fel\u00e1ll\u00edt\u00e1st keresnek. Szigor\u00faan PC-s haszn\u00e1lat eset\u00e9n ez nem jelent probl\u00e9m\u00e1t; egy\u00e9bk\u00e9nt v\u00e1s\u00e1rl\u00e1s el\u0151tt ellen\u0151rizni kell a kompatibilit\u00e1st.<\/p>\n<p>Az \u00e9rz\u00e9kelt \u00e9rt\u00e9ket tekintve ez egy szil\u00e1rd befektet\u00e9s egy olyan j\u00e1t\u00e9kos sz\u00e1m\u00e1ra, aki komolyan akarja venni a szimul\u00e1toros versenyz\u00e9st. Az \u00e1r m\u00e9g mindig magas a t\u00f6megpiaci csomagokhoz k\u00e9pest, de az \u00e9rzet, a pontoss\u00e1g \u00e9s a fejleszthet\u0151s\u00e9g ter\u00e9n el\u00e9rt nyeres\u00e9g egy\u00e9rtelm\u0171en igazolja a k\u00fcl\u00f6nbs\u00e9get azok sz\u00e1m\u00e1ra, akik val\u00f3ban rendszeresen haszn\u00e1lni akarj\u00e1k a be\u00e1ll\u00edt\u00e1saikat.<\/p>\n<h2>\u00cdt\u00e9let: kiv\u00e1l\u00f3 ugr\u00f3deszka a komoly szimul\u00e1toros versenyz\u00e9shez<\/h2>\n<p>A Fanatec CSL DD Ready2Race BMW Bundle for PC (5 Nm) valami alapvet\u0151 dolgot v\u00e1ltoztat meg egy be\u00e1ll\u00edt\u00e1sban: a \"tov\u00e1bbfejlesztett j\u00e1t\u00e9kot\" val\u00f3di vezet\u00e9si eszk\u00f6zzel helyettes\u00edti, an\u00e9lk\u00fcl, hogy extr\u00e9m hardveres ter\u00fcletre l\u00e9pne. A Direct Drive 5 Nm alap hiteles gerinck\u00e9nt szolg\u00e1l egy k\u00f6z\u00e9pszint\u0171 be\u00e1ll\u00edt\u00e1shoz, a csomag t\u00f6bbi r\u00e9sze pedig lehet\u0151v\u00e9 teszi, hogy egy koherens csomaggal azonnal vezethess.<\/p>\n<p>A piacon ez a csomag egy\u00e9rtelm\u0171en a k\u00f6z\u00e9pkateg\u00f3ri\u00e1s \"pivot\": komolyabb \u00e9s tiszt\u00e1bb, mint a bel\u00e9p\u0151 szint\u0171 sz\u00edjhajt\u00e1s\u00fa megold\u00e1sok, kev\u00e9sb\u00e9 radik\u00e1lis \u00e9s olcs\u00f3bb, mint a nagy pr\u00e9mium Direct Drives. \u00c9rdekes egyens\u00falyi pont annak, aki t\u00fal akar l\u00e9pni az egyszer\u0171 alkalmi hobbin.<\/p>\n<p>Olyan PC-s j\u00e1t\u00e9kosoknak aj\u00e1nlom, akik az els\u0151 igazi Direct Drive be\u00e1ll\u00edt\u00e1sukat szeretn\u00e9k, azzal az elk\u00e9pzel\u00e9ssel, hogy k\u00e9s\u0151bb tov\u00e1bbfejleszthetik \u00e9s esetleg fejleszthetnek bizonyos alkatr\u00e9szeket (k\u00fcl\u00f6n\u00f6sen a forgatty\u00fasz\u00e1rat). Ha m\u00e1r nagyon tapasztalt versenyz\u0151 vagy, \u00e9s tudod, hogy nagy nyomat\u00e9kra \u00e9s egy cs\u00facsmodell hajt\u00f3karra v\u00e1gysz, akkor jobban j\u00e1rsz, ha egyenesen egy er\u0151sebb alapot \u00e9s egy fejlettebb hajt\u00f3kart v\u00e1lasztasz.<\/p>\n<p>Ha komolyan akarja venni a Direct Drive-ot, egy olyan csomaggal, amely koherens, sk\u00e1l\u00e1zhat\u00f3 \u00e9s sz\u00f3rakoztat\u00f3 a napi haszn\u00e1latban, ez a term\u00e9k egy\u00e9rtelm\u0171en megv\u00e1ltoztathatja a be\u00e1ll\u00edt\u00e1sait.&lt;\/final<\/p>","protected":false},"excerpt":{"rendered":"<p>Ez a csomag olyan \u00e9rz\u00e9st keltett bennem, mintha egy \"j\u00f3 korm\u00e1nyker\u00e9kb\u0151l\" egy val\u00f3di vezet\u00e9si eszk\u00f6zz\u00e9 v\u00e1ln\u00e9k, sokkal vil\u00e1gosabb \u00e9s haszn\u00e1lhat\u00f3bb visszajelz\u00e9sekkel. A legjobban azoknak a PC-s j\u00e1t\u00e9kosoknak val\u00f3, akik komolyabb l\u00e9p\u00e9st szeretn\u00e9nek tenni a szimul\u00e1toros versenyz\u00e9s ter\u00e9n an\u00e9lk\u00fcl, hogy r\u00f6gt\u00f6n a piac legfelkapottabb szegmens\u00e9t c\u00e9lozn\u00e1k meg. Az eg\u00e9sz csomag egy szil\u00e1rd, fejleszthet\u0151 alapot k\u00edn\u00e1l, a fejleszthet\u0151 ped\u00e1lt\u00e1bla ellen\u00e9re.<\/p>","protected":false},"featured_media":100900,"comment_status":"open","ping_status":"closed","template":"","meta":{"_acf_changed":false,"_et_pb_use_builder":"","_et_pb_old_content":"","_et_gb_content_width":""},"product_brand":[158],"product_cat":[161,173],"product_tag":[149],"class_list":{"0":"post-100899","1":"product","2":"type-product","3":"status-publish","4":"has-post-thumbnail","6":"product_brand-fanatec","7":"product_cat-volant","8":"product_cat-volants-fanatec","9":"product_tag-pc","11":"first","12":"instock","13":"shipping-taxable","14":"product-type-external"},"acf":[],"_links":{"self":[{"href":"https:\/\/simracergear.com\/hu\/wp-json\/wp\/v2\/product\/100899","targetHints":{"allow":["GET"]}}],"collection":[{"href":"https:\/\/simracergear.com\/hu\/wp-json\/wp\/v2\/product"}],"about":[{"href":"https:\/\/simracergear.com\/hu\/wp-json\/wp\/v2\/types\/product"}],"replies":[{"embeddable":true,"href":"https:\/\/simracergear.com\/hu\/wp-json\/wp\/v2\/comments?post=100899"}],"wp:featuredmedia":[{"embeddable":true,"href":"https:\/\/simracergear.com\/hu\/wp-json\/wp\/v2\/media\/100900"}],"wp:attachment":[{"href":"https:\/\/simracergear.com\/hu\/wp-json\/wp\/v2\/media?parent=100899"}],"wp:term":[{"taxonomy":"product_brand","embeddable":true,"href":"https:\/\/simracergear.com\/hu\/wp-json\/wp\/v2\/product_brand?post=100899"},{"taxonomy":"product_cat","embeddable":true,"href":"https:\/\/simracergear.com\/hu\/wp-json\/wp\/v2\/product_cat?post=100899"},{"taxonomy":"product_tag","embeddable":true,"href":"https:\/\/simracergear.com\/hu\/wp-json\/wp\/v2\/product_tag?post=100899"}],"curies":[{"name":"wp","href":"https:\/\/api.w.org\/{rel}","templated":true}]}}