{"id":100919,"date":"2025-05-15T07:55:00","date_gmt":"2025-05-15T07:55:00","guid":{"rendered":"https:\/\/simracergear.com\/products\/fanatec-csl-dd-ready2race-bundle-for-pc-5-nm\/"},"modified":"2025-11-28T08:51:28","modified_gmt":"2025-11-28T08:51:28","slug":"fanatec-csl-dd-ready2race-bundle-for-pc-5-nm","status":"publish","type":"product","link":"https:\/\/simracergear.com\/hu\/products\/fanatec-csl-dd-ready2race-bundle-for-pc-5-nm\/","title":{"rendered":"Fanatec CSL DD Ready2Race csomag PC-hez (5 Nm)"},"content":{"rendered":"<h2>Fanatec CSL DD Ready2Race Bundle for PC (5 Nm): teljes \u00e9rt\u00e9kel\u00e9s haszn\u00e1lat ut\u00e1n<\/h2>\n<p>A Fanatec CSL DD Ready2Race Bundle for PC (5 Nm) a Direct Drive vil\u00e1g\u00e1nak \"komoly\" bel\u00e9p\u0151je. Ez a csomag egy\u00e9rtelm\u0171en azoknak k\u00e9sz\u00fclt, akik szeretn\u00e9nek egy nagy l\u00e9p\u00e9st tenni a sz\u00edjhajt\u00e1s\u00fa vagy fogaskerekes lendkerekekt\u0151l an\u00e9lk\u00fcl, hogy elsz\u00farn\u00e1k a k\u00f6lts\u00e9gvet\u00e9st vagy belevetn\u00e9k magukat a konfigur\u00e1ci\u00f3 g\u00e1zgy\u00e1r\u00e1ba.<\/p>\n<p>Ez a csomag mindenekel\u0151tt egy dolgot \u00edg\u00e9r: a tipikus Direct Drive-\u00e9rz\u00e9st (pontoss\u00e1g, \u00e9rz\u00e9kenys\u00e9g, finom r\u00e9szletek) kompakt, viszonylag k\u00f6nnyen hozz\u00e1f\u00e9rhet\u0151 form\u00e1tumban, PC-n val\u00f3 haszn\u00e1latra k\u00e9szen. Kapsz egy CSL DD 5 Nm alapot, egy korm\u00e1nyt a CSL k\u00edn\u00e1latb\u00f3l \u00e9s egy ped\u00e1llapot, mindezt \u00fagy tervezve, hogy mindenf\u00e9le felhajt\u00e1s n\u00e9lk\u00fcl m\u0171k\u00f6dj\u00f6n egy\u00fctt.<\/p>\n<p>Az \u00e9n szemsz\u00f6gem egyszer\u0171: ez a csomag val\u00f3ban egy\u00e9rtelm\u0171 k\u00fcl\u00f6nbs\u00e9get jelent az \u00e9rz\u00e9s, az ir\u00e1ny\u00edt\u00e1s \u00e9s a vezet\u00e9si \u00e9lm\u00e9ny szempontj\u00e1b\u00f3l egy bel\u00e9p\u0151 szint\u0171 be\u00e1ll\u00edt\u00e1shoz k\u00e9pest? J\u00f3l meg\u00e1llja a hely\u00e9t egy olyan j\u00e1t\u00e9kos sz\u00e1m\u00e1ra, aki m\u00e1r rendelkezik n\u00e9mi tapasztalattal, \u00e9s szeretne feljebb l\u00e9pni a k\u00edn\u00e1latban, vagy ink\u00e1bb egy \u00e1tmeneti term\u00e9k, amelyet t\u00fal gyorsan kin\u0151? \u00c9n itt a j\u00e1t\u00e9k \u00e9rzet\u00e9re, a csomag koherenci\u00e1j\u00e1ra \u00e9s arra koncentr\u00e1lok, hogy milyen val\u00f3di \u00e9rt\u00e9ket k\u00e9pvisel egy komoly, de nem extr\u00e9m szimul\u00e1toros versenyz\u00e9sre kihegyezett PC-s telep\u00edt\u00e9sben.<\/p>\n<h2>Min\u0151s\u00e9gi tervez\u00e9s, gy\u00e1rt\u00e1s \u00e9s nyomtat\u00e1s<\/h2>\n<p>A CSL DD alaplap optikailag kompakt \"alum\u00edniumt\u00f6mb\" \u00e9rzetet kelt. A teljesen f\u00e9mb\u0151l k\u00e9sz\u00fclt, h\u0171t\u0151bord\u00e1kkal ell\u00e1tott v\u00e1z azonnal a merevs\u00e9g \u00e9s a komolys\u00e1g \u00e9rzet\u00e9t kelti. K\u00e9zben tartva a s\u0171r\u0171s\u00e9g \u00e9rz\u0151dik: egy tart\u00f3snak tervezett term\u00e9ket \u00e9rezhet\u00fcnk, az alapon nincsenek \u00fcreges vagy olcs\u00f3nak t\u0171n\u0151 alkatr\u00e9szek. Tiszta, j\u00f3zan \u00e9s funkcion\u00e1lis.<\/p>\n<p>A csomagban mell\u00e9kelt korm\u00e1nyker\u00e9k (\u00e1ltal\u00e1ban CSL modell, verzi\u00f3t\u00f3l f\u00fcgg\u0151en licenccel) ehhez k\u00e9pest kev\u00e9sb\u00e9 pr\u00e9mium kateg\u00f3ri\u00e1s. A konstrukci\u00f3 k\u00f6nnyebb, j\u00f3 min\u0151s\u00e9g\u0171 m\u0171anyag \u00e9s n\u00e9ha gumi vagy b\u0151rut\u00e1nzat kever\u00e9ke. A fog\u00e1sa tisztess\u00e9ges, \u00e9s a gombok is j\u00f3l tapadnak az ujjakhoz, de nem \u00e9ri el egy dr\u00e1g\u00e1bb ClubSport korm\u00e1nyker\u00e9k szintj\u00e9t. Egy \"vezet\u00e9sre k\u00e9sz\" csomaghoz k\u00e9pest m\u00e9g mindig elfogadhat\u00f3, k\u00fcl\u00f6n\u00f6sen egy els\u0151 Direct Drive be\u00e1ll\u00edt\u00e1shoz.<\/p>\n<p>A CSL leng\u0151kar egyszer\u0171, f\u00e9mb\u0151l k\u00e9sz\u00fclt \u00e9s a kateg\u00f3ri\u00e1j\u00e1hoz k\u00e9pest meglehet\u0151sen merev. A terhel\u00e9scell\u00e1s f\u00e9kped\u00e1l a pontos konfigur\u00e1ci\u00f3t\u00f3l f\u00fcgg\u0151en nem mindig tartozik az alapfelszerelts\u00e9ghez, de m\u00e9g az alapkivitelben is j\u00f3 az alap: nincs aggaszt\u00f3 hajl\u00edt\u00e1s, szil\u00e1rd ped\u00e1lfelszerel\u00e9s, tiszta mechanikai \u00e9rzet. T\u00e1vol \u00e1ll a j\u00e1t\u00e9kped\u00e1lokt\u00f3l, amelyek er\u0151s f\u00e9kez\u00e9skor meghajlanak.<\/p>\n<p>Ami a legmeglep\u0151bb, az a kontraszt az alap, amely nagyon \"komoly\" fel\u00e9p\u00edt\u00e9s\u0171, \u00e9s a csomag t\u00f6bbi r\u00e9sze k\u00f6z\u00f6tt, amely ink\u00e1bb \u00e1r-\u00e9rt\u00e9k ar\u00e1ny\u00fa. Az \u00e1rban nincs semmi megd\u00f6bbent\u0151, de elmondhat\u00f3, hogy a csomag szt\u00e1rja a Direct Drive motor. A hasonl\u00f3 kateg\u00f3ri\u00e1j\u00fa sz\u00edjhajt\u00e1s\u00fa megold\u00e1sokkal \u00f6sszehasonl\u00edtva a CSL DD egy\u00e9rtelm\u0171en az alapfelszerelts\u00e9g ig\u00e9nyesebb benyom\u00e1s\u00e1t kelti, m\u00e9g akkor is, ha a korm\u00e1ny \u00e9s a ped\u00e1lok megmaradnak a j\u00f3l optimaliz\u00e1lt bel\u00e9p\u0151\/k\u00f6z\u00e9pkateg\u00f3ri\u00e1s logik\u00e1ban.<\/p>\n<h2>Be\u00e1ll\u00edt\u00e1sok, testreszab\u00e1s \u00e9s kompatibilit\u00e1s<\/h2>\n<p>A sz\u00e1m\u00edt\u00f3g\u00e9pen a tuning-\u00e9lm\u00e9ny k\u00f6z\u00e9ppontj\u00e1ban a Fanatec szoftver \u00e1ll (Fanalab + illeszt\u0151programok). A kezel\u0151fel\u00fclet meglehet\u0151sen \u00e1ttekinthet\u0151, f\u00fclekkel az alap, a korm\u00e1nyker\u00e9k \u00e9s a ped\u00e1lok sz\u00e1m\u00e1ra. Az alapbe\u00e1ll\u00edt\u00e1sok m\u00e1r j\u00f3l m\u0171k\u00f6dnek a f\u0151bb j\u00e1t\u00e9kokhoz, \u00edgy nagyon gyorsan el lehet indulni an\u00e9lk\u00fcl, hogy elveszn\u00e9nk a men\u00fckben. Valaki sz\u00e1m\u00e1ra, aki \u00faj a Logitech vagy a Thrustmaster ter\u00fclet\u00e9n, a tanul\u00e1si g\u00f6rbe elfogadhat\u00f3.<\/p>\n<p>A mindennapokban igaz\u00e1n hasznos be\u00e1ll\u00edt\u00e1sok: az FFB \u00e1ltal\u00e1nos er\u0151ss\u00e9ge, a sz\u0171r\u0151, a linearit\u00e1s, a csillap\u00edt\u00f3, az effektek, p\u00e9ld\u00e1ul a vibr\u00e1torok \u00e9s az \u00fct\u00e9sek er\u0151ss\u00e9ge, \u00e9s term\u00e9szetesen a gombkioszt\u00e1sok. Mag\u00e1n az alapon a k\u00e9perny\u0151 \u00e9s a gombok lehet\u0151v\u00e9 teszik bizonyos param\u00e9terek menet k\u00f6zbeni m\u00f3dos\u00edt\u00e1s\u00e1t, an\u00e9lk\u00fcl, hogy vissza kellene mennie az asztalra. Ez praktikus, ha n\u00e9h\u00e1ny menet ut\u00e1n az \u00e9l\u0151 visszajelz\u00e9s er\u0151ss\u00e9g\u00e9t szeretn\u00e9 be\u00e1ll\u00edtani.<\/p>\n<p>A ped\u00e1l testreszab\u00e1sa rakt\u00e1ron korl\u00e1tozottabb marad, k\u00fcl\u00f6n\u00f6sen akkor, ha a csomag tartalmazza a terhel\u00e9sm\u00e9r\u0151 n\u00e9lk\u00fcli v\u00e1ltozatot. A ped\u00e1lok helyzet\u00e9t \u00e9s sz\u00f6g\u00e9t, valamint a kem\u00e9nys\u00e9get az elasztomerekkel \u00e1ll\u00edthatod, de nem egy mechanikailag er\u0151sen konfigur\u00e1lhat\u00f3 hajt\u00f3karral van dolgod. M\u00e1sr\u00e9szt, a terhel\u00e9scell\u00e1s f\u00e9kfriss\u00edt\u00e9ssel (ha hozz\u00e1adod a be\u00e1ll\u00edt\u00e1shoz), finoms\u00e1gban \u00e9s nyom\u00e1sbe\u00e1ll\u00edt\u00e1sban nyersz, ami egy\u00e9rtelm\u0171en megv\u00e1ltoztatja a f\u00e9kez\u00e9s m\u00f3dj\u00e1t.<\/p>\n<p>A kompatibilit\u00e1s szempontj\u00e1b\u00f3l ez a csomag a PC-ket c\u00e9lozza meg. Ezen a platformon a Fanatec \u00f6kosziszt\u00e9ma nagy el\u0151ny: lecser\u00e9lheted a korm\u00e1nyt (F1, GT, rally...), hozz\u00e1adhatsz egy v\u00e1lt\u00f3t, egy k\u00e9zif\u00e9ket, egy \u00faj, ig\u00e9nyesebb ped\u00e1legys\u00e9get, an\u00e9lk\u00fcl, hogy az alapot megv\u00e1ltoztatn\u00e1d. A CSL DD \u00edgy egy fejleszthet\u0151 be\u00e1ll\u00edt\u00e1s k\u00f6zponti elem\u00e9v\u00e9 v\u00e1lik. Sz\u00e1momra ez egy\u00e9rtelm\u0171en az er\u0151ss\u00e9g: ezzel a csomaggal kezdheted, majd id\u0151vel darabonk\u00e9nt fejlesztheted.<\/p>\n<p>A be\u00e1ll\u00edt\u00e1s tart\u00f3ss\u00e1g\u00e1t tekintve \u00fagy l\u00e1tom, hogy ez az 5 Nm-es alap egy igaz\u00e1n szil\u00e1rd bel\u00e9p\u00e9si pont a Direct Drive-ba. Hossz\u00fa ideig megtarthatod, k\u00fcl\u00f6n\u00f6sen akkor, ha ultra merev k\u00f6t\u00e9s n\u00e9lk\u00fcl vagy k\u00f6nny\u0171 cockpittal tekersz. Azon a napon, amikor t\u00f6bb nyomat\u00e9kra v\u00e1gysz, az \u00f6kosziszt\u00e9ma t\u00f6bbi r\u00e9sze k\u00f6vetheti, de nem \u00e9rzed \u00fagy, hogy mindent azonnal meg kell v\u00e1ltoztatnod.<\/p>\n<h2>J\u00e1t\u00e9kszenz\u00e1ci\u00f3k: mit v\u00e1ltoztat meg a CSL DD 5 Nm val\u00f3j\u00e1ban<\/h2>\n<p>A p\u00e1ly\u00e1ra \u00e9rve azonnal l\u00e1that\u00f3 a k\u00fcl\u00f6nbs\u00e9g egy sz\u00edjhajt\u00e1s\u00fa vagy fogaskerekes lendker\u00e9kkel egyen\u00e9rt\u00e9k\u0171 tartom\u00e1nyban. Az els\u0151 dolog, ami esz\u00fcnkbe jut, a jel tisztas\u00e1ga. Az er\u0151visszacsatol\u00e1s tiszta, pontos, \u00e9rz\u00e9kelhet\u0151 k\u00e9sleltet\u00e9s n\u00e9lk\u00fcl. Az aut\u00f3 tiszt\u00e1bban \"besz\u00e9l\". Jobban \u00e9rzi, mi t\u00f6rt\u00e9nik a gumik alatt, m\u00e9g 5 Nm-es er\u0151n\u00e9l is, ami Direct Drive eset\u00e9ben m\u00e9g mindig m\u00e9rs\u00e9keltnek sz\u00e1m\u00edt.<\/p>\n<p>Kanyarod\u00e1skor az alap nagyon j\u00f3l \u00e1tadja a pillanatot, amikor az eleje tel\u00edt\u0151dni kezd. A korm\u00e1nyz\u00e1s fokozatosan k\u00f6nnyebb\u00e9 v\u00e1lik, \u00e9s a tapad\u00e1s elveszt\u00e9se egy\u00e9rtelm\u0171v\u00e9 v\u00e1lik. Ez nem csak a nyers er\u0151 k\u00e9rd\u00e9se, hanem az er\u0151 vari\u00e1l\u00e1sa. Ez az a pont, ahol a Direct Drive igaz\u00e1n kiteljesedik: a terhel\u00e9s apr\u00f3 v\u00e1ltoz\u00e1sai, a finom \u00e1tt\u00e9telek, minden k\u00f6nnyebben \u00e9rtelmezhet\u0151v\u00e9 v\u00e1lik.<\/p>\n<p>Ami a vibr\u00e1torokat illeti, a CSL DD nagyot ugrik el\u0151re a bel\u00e9p\u0151 szint\u0171 korm\u00e1nyokhoz k\u00e9pest. Egy\u00e9rtelm\u0171en \u00e9rezhet\u0151 a text\u00fara, a domborzat \u00e9s a rezg\u00e9sek frekvenci\u00e1ja. Az agressz\u00edv vibr\u00e1torok val\u00f3s\u00e1gh\u0171en r\u00e1zz\u00e1k a korm\u00e1nykereket, mindenf\u00e9le \"piszkos\" vagy mesters\u00e9ges rezg\u00e9s n\u00e9lk\u00fcl. Nem \u00e9rzed azt az \u00e9rz\u00e9st, mintha egy motor mechanikusan er\u0151ltetn\u00e9 mag\u00e1t \u00e9s kopogna a verseny v\u00e9g\u00e9n. Ellen\u0151rz\u00f6tt, tiszta \u00e9s kellemes, m\u00e9g akkor is, ha kicsit kem\u00e9nyen \u00fct.<\/p>\n<p>Amikor a tapad\u00e1s leolvas\u00e1s\u00e1r\u00f3l van sz\u00f3, k\u00fcl\u00f6n\u00f6sen h\u00e1ts\u00f3ker\u00e9k-hajt\u00e1s\u00fa vagy ideges aut\u00f3kn\u00e1l, az alap igazi magabiztoss\u00e1got ad. Amikor a h\u00e1ts\u00f3 r\u00e9sz elkezd akadozni, a korm\u00e1nyker\u00e9ken v\u00e9gzett mikrokorrekci\u00f3k hat\u00e9konyabb\u00e1 v\u00e1lnak, mert a b\u00e1zis azonnal, tehetetlens\u00e9g n\u00e9lk\u00fcl k\u00f6veti. Megragadhatsz egy cs\u00fasz\u00e1st, megtarthatod, korrig\u00e1lhatsz an\u00e9lk\u00fcl, hogy \u00fagy \u00e9rezn\u00e9d, hogy a hardverrel k\u00fczdesz. Ez nem csak re\u00e1lisabb, de ment\u00e1lisan is pihentet\u0151bb.<\/p>\n<p>Hossz\u00fa edz\u00e9sek sor\u00e1n ennek az 5 Nm-es nyomat\u00e9knak van egy el\u0151nye: kev\u00e9sb\u00e9 f\u00e1raszt\u00f3, mint az er\u0151sebb l\u00e1ncszemek, amelyek eleinte hajlamosak t\u00fal magasra \u00e1ll\u00edtani. Hossz\u00fa ideig motorozhatsz, \u00e9s meg\u0151rizheted a j\u00f3 pontoss\u00e1got an\u00e9lk\u00fcl, hogy meg\u00e9getn\u00e9d az alkarodat. Az \u00e1lland\u00f3s\u00e1g j\u00f3, \u00e9s nem \u00e9reztem teljes\u00edtm\u00e9nycs\u00f6kken\u00e9st vagy az alapj\u00e1rat kellemetlen felmeleged\u00e9s\u00e9t. Az embernek az az \u00e9rz\u00e9se, hogy a rendszert \u00fagy tervezt\u00e9k, hogy t\u00f6bb \u00f3r\u00e1n \u00e1t fusson, an\u00e9lk\u00fcl, hogy meginogna.<\/p>\n<p>A gyors korrekci\u00f3kat tekintve a CSL DD t\u00f6k\u00e9letesen k\u00f6veti a bemeneteket. Amikor kem\u00e9nyen ellenkorm\u00e1nyoznia kell egy kanyarb\u00f3l kifel\u00e9, vagy fel kell z\u00e1rk\u00f3znia egy vizes \u00faton elindul\u00f3 aut\u00f3hoz, az alap azonnal, k\u00e9sedelem n\u00e9lk\u00fcl reag\u00e1l. Az ir\u00e1ny\u00edt\u00e1s \u00e9rz\u00e9se nagyon egy\u00e9rtelm\u0171. Itt a legszembet\u0171n\u0151bb a k\u00fcl\u00f6nbs\u00e9g egy k\u00f6z\u00e9pkateg\u00f3ri\u00e1s, sz\u00edjhajt\u00e1s\u00fa korm\u00e1nyker\u00e9khez k\u00e9pest: kev\u00e9sb\u00e9 hom\u00e1lyos a k\u00fcl\u00f6nbs\u00e9g ak\u00f6z\u00f6tt, amit \u00d6n akar tenni, \u00e9s ak\u00f6z\u00f6tt, amit a b\u00e1zis visszak\u00fcld.<\/p>\n<p>Egy er\u0151sebb alaphoz k\u00e9pest (8 Nm, 10 Nm \u00e9s t\u00f6bb) a CSL DD 5 Nm elker\u00fclhetetlen\u00fcl kev\u00e9sb\u00e9 leny\u0171g\u00f6z\u0151 a nyers er\u0151 szempontj\u00e1b\u00f3l. Nem \u00e9rzi annyira a nagy \u00fct\u00e9sek vagy \u00fctk\u00f6z\u00e9sek er\u0151szakoss\u00e1g\u00e1t. De a tipikus \"otthoni szimul\u00e1toros\" haszn\u00e1latra egy \u00e1tlagos pil\u00f3taf\u00fclk\u00e9vel, 100 %-n\u00e9l is k\u00f6nnyebb m\u0171k\u00f6dtetni. Kevesebb id\u0151t t\u00f6ltesz a be\u00e1ll\u00edt\u00e1sok cs\u00f6kkent\u00e9s\u00e9vel, hogy az asztal vagy a pil\u00f3taf\u00fclke ne mozogjon. Nyer a hozz\u00e1f\u00e9rhet\u0151s\u00e9gben an\u00e9lk\u00fcl, hogy fel\u00e1ldozn\u00e1 a jel finoms\u00e1g\u00e1t.<\/p>\n<p>A vezet\u00e9si \u00e9rz\u00e9s v\u00e9g\u00fcl is egy\u00e9rtelm\u0171: az aut\u00f3 viselked\u00e9s\u00e9nek elmer\u00fcl\u00e9se, magabiztoss\u00e1ga \u00e9s leolvashat\u00f3s\u00e1ga javul, k\u00fcl\u00f6n\u00f6sen, ha egy egyszer\u0171bb korm\u00e1nyker\u00e9kr\u0151l \u00e9rkezik. Azonnal meg\u00e9rti, mit csin\u00e1l az aut\u00f3. Ez az a pont, ahol az alap val\u00f3ban megv\u00e1ltoztatja az \u00e9lm\u00e9nyt.<\/p>\n<h2>Kinek sz\u00f3l? A csomag er\u0151ss\u00e9gei \u00e9s korl\u00e1tai<\/h2>\n<p>Ez a csomag els\u0151sorban k\u00e9t profilt c\u00e9loz meg: a motiv\u00e1lt kezd\u0151t, aki egyb\u0151l a Direct Drive-ra szeretne \u00e1tt\u00e9rni, ahelyett, hogy egy bel\u00e9p\u0151 szint\u0171 ker\u00e9kre menne, \u00e9s a k\u00f6z\u00e9phalad\u00f3 PC-s szimul\u00e1torost, aki m\u00e1r rendszeresen vezet, \u00e9s egy l\u00e9p\u00e9ssel tov\u00e1bb szeretne menni az \u00e9rz\u00e9sek ter\u00e9n an\u00e9lk\u00fcl, hogy a nagyon magas szint\u0171ekbe menne. Ha az a c\u00e9lod, hogy f\u0151k\u00e9nt PC-n vezess, egy fejl\u0151d\u0151 \u00e9s koherens be\u00e1ll\u00edt\u00e1ssal, akkor ennek a csomagnak van \u00e9rtelme.<\/p>\n<p>Amit a legjobban \u00e9rt\u00e9kelek, az el\u0151sz\u00f6r is maga az alap min\u0151s\u00e9ge: 5 Nm-hez k\u00e9pest az er\u0151visszacsatol\u00e1s figyelemre m\u00e9lt\u00f3an tiszta, olyan r\u00e9szletgazdags\u00e1ggal, amely egy\u00e9rtelm\u0171en megv\u00e1ltoztatja a fog\u00e1s meg\u00e9rt\u00e9s\u00e9t. Azt\u00e1n ott van a csomag konzisztenci\u00e1ja: kicsomagolod, \u00f6sszeszereled, telep\u00edted a meghajt\u00f3kat, \u00e9s m\u00e1ris egy j\u00e1tszhat\u00f3, nagy teljes\u00edtm\u00e9ny\u0171 be\u00e1ll\u00edt\u00e1sod van an\u00e9lk\u00fcl, hogy \u00f3r\u00e1kat kellene keresg\u00e9lned. V\u00e9g\u00fcl a Fanatec \u00f6kosziszt\u00e9m\u00e1val val\u00f3 kompatibilit\u00e1s igazi hossz\u00fa t\u00e1v\u00fa befektet\u00e9ss\u00e9 teszi: megtarthatod az alapot, \u00e9s k\u00e9s\u0151bb friss\u00edtheted a korm\u00e1nyt, a ped\u00e1lokat \u00e9s a kieg\u00e9sz\u00edt\u0151ket.<\/p>\n<p>Vannak azonban bizonyos korl\u00e1toz\u00e1sok, amelyeket szem el\u0151tt kell tartani. Az els\u0151 az, hogy a mell\u00e9kelt korm\u00e1nyker\u00e9k \u00e9s ped\u00e1lok m\u00e9g mindig \u00e9rt\u00e9kar\u00e1nyosak: tisztess\u00e9gesek, funkcion\u00e1lisak, de nem \u00e9rik el azt a realisztikus szintet, amit az alaplap tud. Egy\u00e9rtelm\u0171, hogy ezen a k\u00e9t ter\u00fcleten van hova fejl\u0151dni. M\u00e1sodszor, az 5 Nm-es nyomat\u00e9k, m\u00e9g ha nagyon j\u00f3l haszn\u00e1lj\u00e1k is, nem adja ugyanazt az \"er\u0151szakot\" vagy tekint\u00e9lyt, mint egy 8-10 Nm-es alap, azok sz\u00e1m\u00e1ra, akik igaz\u00e1n er\u0151teljes \u00e9rz\u00e9st keresnek. V\u00e9g\u00fcl, a Direct Drive potenci\u00e1lj\u00e1nak teljes kihaszn\u00e1l\u00e1s\u00e1hoz gyorsan sz\u00fcks\u00e9gess\u00e9 v\u00e1lik egy szil\u00e1rd cockpit: egy egyszer\u0171 asztalon vagy k\u00f6nny\u0171 t\u00e1maszt\u00e9kon elvesz\u00edti az el\u0151ny\u00f6k egy r\u00e9sz\u00e9t, \u00e9s egy kicsit vibr\u00e1lhat.<\/p>\n<p>Az \u00e9szlelt \u00e9rt\u00e9ket tekintve \u00fagy l\u00e1tom, hogy ez a csomag okos befektet\u00e9s a Direct Drive-ba val\u00f3 bel\u00e9p\u00e9shez an\u00e9lk\u00fcl, hogy t\u00fal sokat k\u00f6lten\u00e9nk. T\u00f6bbet fizetsz, mint egy bel\u00e9p\u0151 szint\u0171 korm\u00e1nyker\u00e9k\u00e9rt, de egy olyan alapot is v\u00e1s\u00e1rolsz, amely hossz\u00fa ideig a be\u00e1ll\u00edt\u00e1said k\u00f6z\u00e9ppontj\u00e1ban maradhat. Mindenki sz\u00e1m\u00e1ra, aki komolyan gondolja a szimul\u00e1toros versenyz\u00e9st, az \u00e1r\/\u00e9rzet\/fejleszthet\u0151s\u00e9g ar\u00e1nya nagyon vonz\u00f3.<\/p>\n<h2>\u00cdt\u00e9let: hol illeszkedik ez a csomag egy szimul\u00e1toros versenyfelszerel\u00e9sbe?<\/h2>\n<p>A Fanatec CSL DD Ready2Race Bundle for PC (5 Nm) egy\u00e9rtelm\u0171en \u00e1talak\u00edtja a szimul\u00e1toros versenyfelszerel\u00e9s alapjait. Az aut\u00f3 viselked\u00e9s\u00e9t \"szimul\u00e1l\u00f3\" korm\u00e1nyker\u00e9kt\u0151l egy olyan alapra v\u00e1ltunk, amely sokkal k\u00f6zvetlenebb \u00e9s \u00e1rnyaltabb m\u00f3don ford\u00edtja le az aut\u00f3 viselked\u00e9s\u00e9t. M\u00e1r 5 Nm-rel is n\u0151 a vezet\u00e9si \u00e9lm\u00e9ny a pontoss\u00e1g, az ir\u00e1ny\u00edt\u00e1s \u00e9s a nyers \u00e9lvezet ter\u00e9n.<\/p>\n<p>A piacon ez a csomag a fejlett k\u00f6z\u00e9pkateg\u00f3ri\u00e1ban helyezkedik el: ambici\u00f3zusabb, mint egy klasszikus bel\u00e9p\u0151 szint\u0171 komb\u00f3, de m\u00e9g mindig megfizethet\u0151, k\u00fcl\u00f6n\u00f6sen a Direct Drive technol\u00f3gi\u00e1t figyelembe v\u00e9ve. M\u00e1r a l\u00e1ncv\u00e1z \u00f6nmag\u00e1ban is m\u00e1s lig\u00e1ban j\u00e1tszik, mint az \u00f6sszehasonl\u00edthat\u00f3 \u00e1r\u00fa sz\u00edjhajt\u00e1s\u00fa megold\u00e1sok, mik\u00f6zben a korm\u00e1ny \u00e9s a ped\u00e1lok tov\u00e1bbra is kiegyens\u00falyozottak, \u00e9s \u00fagy tervezt\u00e9k, hogy a k\u00f6lts\u00e9gvet\u00e9st kord\u00e1ban tarts\u00e1k.<\/p>\n<p>Fenntart\u00e1s n\u00e9lk\u00fcl aj\u00e1nlom azoknak a PC-s vezet\u0151knek, akik komolyan \u00e1t akarnak \u00e1llni a Direct Drive-ra, \u00e9s \u00e9rt\u00e9kelik a sk\u00e1l\u00e1zhat\u00f3 \u00f6kosziszt\u00e9ma \u00f6tlet\u00e9t. A m\u00e1r er\u0151sebb Direct Drive alapokkal vagy nagyon cs\u00facskateg\u00f3ri\u00e1s hardverekkel felszerelt vezet\u0151k sz\u00e1m\u00e1ra a nyeres\u00e9g nyilv\u00e1nval\u00f3an korl\u00e1tozott lesz. Ha pedig f\u0151leg konzolokon j\u00e1tszol, akkor vannak megfelel\u0151bb \u00e9s jobb integr\u00e1lt csomagok.<\/p>\n<p>Ha az els\u0151 igazi Direct Drive korm\u00e1nykereket keresed a PC-re, amely k\u00e9pes arra, hogy \u00e9rezd az aut\u00f3t an\u00e9lk\u00fcl, hogy a bankot t\u00f6nkretenn\u00e9d, vagy elveszn\u00e9l a be\u00e1ll\u00edt\u00e1sokban, ez a term\u00e9k mindent megv\u00e1ltoztathat a be\u00e1ll\u00edt\u00e1saidban.<\/p>","protected":false},"excerpt":{"rendered":"<p>Ez a csomag azt az \u00e9rz\u00e9st adta, hogy t\u00e9nyleg jobban \"meg\u00e9rtem\" az aut\u00f3t, tiszta, olvashat\u00f3 er\u0151visszacsatol\u00e1ssal, amely megv\u00e1ltoztatja a korm\u00e1ny m\u00f6g\u00f6tti \u00f6r\u00f6m\u00f6t \u00e9s bizalmat. Mindenekel\u0151tt a motiv\u00e1lt PC-s szimul\u00e1torversenyz\u0151knek van \u00e9rtelme, ak\u00e1r kezd\u0151knek, ak\u00e1r halad\u00f3knak, akik komolyan \u00e1t akarnak \u00e1llni a Direct Drive-ra an\u00e9lk\u00fcl, hogy a piac legfel\u00fclre menn\u00e9nek. Az \u00e1r\u00e1hoz k\u00e9pest az eg\u00e9sz csomag koherenci\u00e1ja \u00e9s sk\u00e1l\u00e1zhat\u00f3s\u00e1ga meggy\u0151z\u0151.<\/p>","protected":false},"featured_media":100920,"comment_status":"open","ping_status":"closed","template":"","meta":{"_acf_changed":false,"_et_pb_use_builder":"","_et_pb_old_content":"","_et_gb_content_width":""},"product_brand":[158],"product_cat":[161,173],"product_tag":[149],"class_list":{"0":"post-100919","1":"product","2":"type-product","3":"status-publish","4":"has-post-thumbnail","6":"product_brand-fanatec","7":"product_cat-volant","8":"product_cat-volants-fanatec","9":"product_tag-pc","11":"first","12":"instock","13":"shipping-taxable","14":"product-type-external"},"acf":[],"_links":{"self":[{"href":"https:\/\/simracergear.com\/hu\/wp-json\/wp\/v2\/product\/100919","targetHints":{"allow":["GET"]}}],"collection":[{"href":"https:\/\/simracergear.com\/hu\/wp-json\/wp\/v2\/product"}],"about":[{"href":"https:\/\/simracergear.com\/hu\/wp-json\/wp\/v2\/types\/product"}],"replies":[{"embeddable":true,"href":"https:\/\/simracergear.com\/hu\/wp-json\/wp\/v2\/comments?post=100919"}],"wp:featuredmedia":[{"embeddable":true,"href":"https:\/\/simracergear.com\/hu\/wp-json\/wp\/v2\/media\/100920"}],"wp:attachment":[{"href":"https:\/\/simracergear.com\/hu\/wp-json\/wp\/v2\/media?parent=100919"}],"wp:term":[{"taxonomy":"product_brand","embeddable":true,"href":"https:\/\/simracergear.com\/hu\/wp-json\/wp\/v2\/product_brand?post=100919"},{"taxonomy":"product_cat","embeddable":true,"href":"https:\/\/simracergear.com\/hu\/wp-json\/wp\/v2\/product_cat?post=100919"},{"taxonomy":"product_tag","embeddable":true,"href":"https:\/\/simracergear.com\/hu\/wp-json\/wp\/v2\/product_tag?post=100919"}],"curies":[{"name":"wp","href":"https:\/\/api.w.org\/{rel}","templated":true}]}}