{"id":100927,"date":"2025-05-15T07:56:00","date_gmt":"2025-05-15T07:56:00","guid":{"rendered":"https:\/\/simracergear.com\/products\/fanatec-csl-dd-ready2race-bundle-for-pc-8-nm\/"},"modified":"2025-11-28T08:52:53","modified_gmt":"2025-11-28T08:52:53","slug":"fanatec-csl-dd-ready2race-bundle-for-pc-8-nm","status":"publish","type":"product","link":"https:\/\/simracergear.com\/hu\/products\/fanatec-csl-dd-ready2race-bundle-for-pc-8-nm\/","title":{"rendered":"Fanatec CSL DD Ready2Race csomag PC-hez (8 Nm)"},"content":{"rendered":"<h2>Fanatec CSL DD Ready2Race Bundle PC (8 Nm) : teszt \u00e9s teljes \u00e9rt\u00e9kel\u00e9s<\/h2>\n<p>A Fanatec CSL DD Ready2Race Bundle PC (8 Nm) egy\u00e9rtelm\u0171en a \"komoly\" bel\u00e9p\u0151 a Direct Drive vil\u00e1g\u00e1ba. Nem ez a legolcs\u00f3bb k\u00e9szlet a piacon, de valami nagyon vonz\u00f3 dolgot \u00edg\u00e9r: egy \u00f6sszef\u00fcgg\u0151 csomagot, k\u00e9szen, 8 Nm-es Direct Drive alappal, korm\u00e1nyker\u00e9kkel, ped\u00e1lokkal \u00e9s saj\u00e1t szoftverintegr\u00e1ci\u00f3val, an\u00e9lk\u00fcl, hogy h\u00e1rom k\u00fcl\u00f6nb\u00f6z\u0151 m\u00e1rka k\u00f6z\u00fcl kellene v\u00e1lasztani.<\/p>\n<p>Ez a csomag k\u00fcl\u00f6n\u00f6sen vonz\u00f3 azoknak a szimul\u00e1torosoknak, akik szeretn\u00e9nek egy egy\u00e9rtelm\u0171 l\u00e9p\u00e9st tenni a sz\u00edjhajt\u00e1s\u00fa vagy fogaskerekes lendkerekekt\u0151l, an\u00e9lk\u00fcl, hogy azonnal belevetn\u00e9k magukat a 12-15 Nm-es \u00e9s ann\u00e1l nagyobb sz\u00f6rnyetegekbe. Az \u00f6tlet egyszer\u0171: elegend\u0151 nyomat\u00e9k ahhoz, hogy val\u00f3ban \u00e9rezz\u00fck az aut\u00f3t, nagyon alacsony k\u00e9sleltet\u00e9s, tiszt\u00e1bb \u00e9rzet, \u00e9s mindez egy olyan \u00f6kosziszt\u00e9m\u00e1ban, amely m\u00e9g mindig fejl\u0151dik.<\/p>\n<p>A magam r\u00e9sz\u00e9r\u0151l h\u00e1rom f\u0151 szempontb\u00f3l k\u00f6zel\u00edtettem meg ezt a tesztet: a j\u00e1t\u00e9kbeli \u00e9rz\u00e9s min\u0151s\u00e9ge (pontoss\u00e1g, fog\u00e1solvas\u00e1s, konzisztencia), a csomag (korm\u00e1nyker\u00e9k + hajt\u00f3kar + alap) koherenci\u00e1ja \u00e9s a mindennapi haszn\u00e1lat egyszer\u0171s\u00e9ge. A c\u00e9l nem csak az, hogy kider\u00edts\u00fck, mennyire er\u0151s a CSL DD 8 Nm, hanem mindenekel\u0151tt az, hogy ez a csomag meg\u00e1llja-e a hely\u00e9t, mint egy mindenre kiterjed\u0151 megold\u00e1s a fejf\u00e1j\u00e1smentes, t\u00f6bb\u00f3r\u00e1s PC-s vezet\u00e9shez.<\/p>\n<h2>Tervez\u00e9s \u00e9s gy\u00e1rt\u00e1s: kompakt, de komoly alap<\/h2>\n<p>Vizu\u00e1lisan a CSL DD 8 Nm-es alapja azonnal a t\u00f6m\u00f6rs\u00e9g \u00e9s a s\u0171r\u0171s\u00e9g benyom\u00e1s\u00e1t kelti. Az alum\u00edniumblokk a lamell\u00e1ival v\u00e1zk\u00e9nt \u00e9s passz\u00edv radi\u00e1tork\u00e9nt m\u0171k\u00f6dik, \u00edgy nincs sz\u00fcks\u00e9g zajos ventil\u00e1torra. A k\u00e9zben a talp szil\u00e1rdnak \u00e9s k\u00e9nyelmesnek t\u0171nik, parazita j\u00e1t\u00e9k n\u00e9lk\u00fcl. \u00c9rezhet\u0151, hogy a term\u00e9k sz\u00edv\u00e9t tart\u00f3san megmunk\u00e1lt\u00e1k, k\u00fcl\u00f6n\u00f6sen a motor \u00e9s a tengely merevs\u00e9ge tekintet\u00e9ben.<\/p>\n<p>Az ebben a csomagban (CSL sorozat) szerepl\u0151 korm\u00e1nyker\u00e9k m\u00e9g mindig a Fanatec bel\u00e9p\u0151 szint\u0171 k\u00edn\u00e1lat\u00e1hoz igazodik, meger\u0151s\u00edtett m\u0171anyag szerkezettel \u00e9s n\u00e9h\u00e1ny f\u00e9mbet\u00e9ttel. A gombok tiszt\u00e1n kattognak, a lap\u00e1tok pedig tisztess\u00e9gesek, b\u00e1r nem \u00e9rnek fel a pr\u00e9miumabb ClubSport korm\u00e1nykerekek szintj\u00e9re. K\u00e9zben tiszta \u00e9rz\u00e9s, de az az \u00e9rz\u00e9s\u00fcnk, hogy a Fanatecnek kompromisszumot kellett k\u00f6tnie a k\u00f6lts\u00e9gek \u00e9s az \u00e9rz\u00e9kelt min\u0151s\u00e9g k\u00f6z\u00f6tt. Ez ink\u00e1bb egy funkcion\u00e1lis korm\u00e1nyker\u00e9k, mint egy \u00e9kszeres kivitel.<\/p>\n<p>A CSL ped\u00e1lok, amelyeket \u00e1ltal\u00e1ban k\u00e9tped\u00e1los konfigur\u00e1ci\u00f3ban sz\u00e1ll\u00edtanak az ilyen t\u00edpus\u00fa csomagban, t\u00f6m\u00f6r, pr\u00e9selt f\u00e9mb\u0151l vannak. A ped\u00e1lok stabilak, a talpuk pedig el\u00e9g sz\u00e9les \u00e9s neh\u00e9z ahhoz, hogy ne mozogjanak t\u00fals\u00e1gosan, k\u00fcl\u00f6n\u00f6sen, ha a pil\u00f3taf\u00fclk\u00e9hez r\u00f6gz\u00edti \u0151ket. A l\u00e1b\u00e9rzet el\u00e9g szil\u00e1rd ehhez a tartom\u00e1nyhoz k\u00e9pest, a f\u00e9k progressz\u00edv marad, m\u00e9g \"igazi\" eredeti terhel\u00e9sm\u00e9r\u0151 n\u00e9lk\u00fcl is.<\/p>\n<p>Ami r\u00f6gt\u00f6n meglep\u0151, az a Direct Drive alapj\u00e1nak kisebb m\u00e9rete a nyomat\u00e9kszintj\u00e9hez k\u00e9pest. K\u00f6nnyed\u00e9n felcs\u00faszik egy \u00edr\u00f3asztalra vagy egy kis pil\u00f3taf\u00fclk\u00e9be, an\u00e9lk\u00fcl, hogy egy alum\u00ednium sz\u00f6rnyetegnek t\u0171nne. Ami egy kicsit ki\u00e1br\u00e1nd\u00edt\u00f3, azok az apr\u00f3 m\u0171anyagelemek a korm\u00e1nyker\u00e9ken \u00e9s bizonyos befejez\u0151 r\u00e9szletek, amelyek el\u00e1rulj\u00e1k a k\u00f6z\u00e9pkateg\u00f3ri\u00e1s elhelyez\u00e9st. A konkurens \u00f6vt\u00edpus\u00fa szettekkel \u00f6sszehasonl\u00edtva az alapfel\u00fclet pr\u00e9miumabb, a korm\u00e1nyker\u00e9k egy kicsit kev\u00e9sb\u00e9, a ped\u00e1lok pedig nagyj\u00e1b\u00f3l \u00e1tlagosak.<\/p>\n<h2>Be\u00e1ll\u00edt\u00e1sok, testreszab\u00e1s \u00e9s kompatibilit\u00e1s<\/h2>\n<p>A Fanatec-\u00e9lm\u00e9ny sz\u00edve a szoftver is. A PC-n a csomag a Fanatec illeszt\u0151programon \u00e9s a dedik\u00e1lt be\u00e1ll\u00edt\u00e1si fel\u00fcleten kereszt\u00fcl integr\u00e1l\u00f3dik. Az alap f\u0151bb param\u00e9terei \u00e9rhet\u0151k el: maxim\u00e1lis er\u0151, er\u0151sz\u0171r\u0151, linearit\u00e1s, csillap\u00edt\u00e1s, s\u00farl\u00f3d\u00e1s, interpol\u00e1ci\u00f3 stb. A gyakorlatban a mell\u00e9kelt alapbe\u00e1ll\u00edt\u00e1sok m\u00e1r nagyon tisztess\u00e9ges kiindul\u00f3pontot adnak a f\u0151bb j\u00e1t\u00e9kokban, de egy\u00e9rtelm\u0171en nyer\u00fcnk a finoms\u00e1gokon, ha n\u00e9h\u00e1ny percet a be\u00e1ll\u00edt\u00e1sukkal t\u00f6lt\u00fcnk.<\/p>\n<p>A navig\u00e1ci\u00f3 a men\u00fckben k\u00f6zvetlen\u00fcl a b\u00e1zison\/rep\u00fcl\u0151n m\u0171k\u00f6dik. Az FFB-profilt menet k\u00f6zben is m\u00f3dos\u00edthatja, \u00e9s a munkamenet elhagy\u00e1sa n\u00e9lk\u00fcl be\u00e1ll\u00edthatja az er\u0151s\u00edt\u00e9st, az FFB-t \u00e9s a forg\u00e1st. A tanul\u00e1si g\u00f6rbe \u00e9sszer\u0171: egy egyszer\u0171bb ker\u00e9kr\u0151l \u00e9rkez\u0151nek sz\u00fcks\u00e9ge lesz egy kis id\u0151re, hogy meg\u00e9rtse az egyes param\u00e9terek hat\u00e1s\u00e1t, de semmi lek\u00fczdhetetlen. Ha egyszer megtal\u00e1lta a profilj\u00e1t, aligha kell m\u00e9g egyszer hozz\u00e1ny\u00falnia.<\/p>\n<p>Ami a kompatibilit\u00e1st illeti, ez a csomag els\u0151sorban PC-re k\u00e9sz\u00fclt. A csomag nagyon j\u00f3l m\u0171k\u00f6dik a mai f\u0151bb szimul\u00e1torokkal \u00e9s versenyj\u00e1t\u00e9kokkal, a legmodernebb szimul\u00e1torokt\u00f3l kezdve a legmodernebb szimul\u00e1torokig \u00e9s az arcade-orient\u00e1ltabb c\u00edmekig. A rendszer er\u0151ss\u00e9ge az \u00f6kosziszt\u00e9m\u00e1ban rejlik: az alap a Fanatec korm\u00e1nykerekek sz\u00e9les v\u00e1laszt\u00e9k\u00e1t (CSL, ClubSport, Podium), mindenf\u00e9le Fanatec hajt\u00f3karokat, H v\u00e1lt\u00f3kat, k\u00e9zif\u00e9keket, ker\u00e9kagyakat stb. fogadja. Ezzel a csomaggal remek\u00fcl el lehet indulni. Elkezdheti ezzel a csomaggal, majd friss\u00edtheti csak a korm\u00e1nykereket, vagy hozz\u00e1adhat egy terhel\u00e9sm\u00e9r\u0151 cell\u00e1t a ped\u00e1lokhoz.<\/p>\n<p>A m\u00e9retezhet\u0151s\u00e9g szempontj\u00e1b\u00f3l a CSL DD 8 Nm tart\u00f3s alapk\u00e9nt m\u0171k\u00f6dik. Nyilv\u00e1nval\u00f3an hossz\u00fa ideig megtarthatja f\u0151 alapk\u00e9nt, \u00e9s minden m\u00e1st e k\u00f6r\u00e9 fejleszthet. A z\u00e1rtabb megold\u00e1sokhoz k\u00e9pest ez nagy el\u0151ny, ha fokozatosan feljebb tervez l\u00e9pni. Az a benyom\u00e1sod, hogy ezt a csomagot ink\u00e1bb a Fanatec \u00f6kosziszt\u00e9m\u00e1ba val\u00f3 bel\u00e9p\u00e9si pontk\u00e9nt tervezt\u00e9k, mint \u00f6nc\u00e9l\u00faan, de a vezet\u00e9si min\u0151s\u00e9g fel\u00e1ldoz\u00e1sa n\u00e9lk\u00fcl.<\/p>\n<h2>J\u00e1t\u00e9k k\u00f6zbeni \u00e9rz\u00e9sek: ahol a Direct Drive mindent megv\u00e1ltoztat<\/h2>\n<p>A p\u00e1ly\u00e1n a k\u00fcl\u00f6nbs\u00e9g a sz\u00edjjal vagy fogasker\u00e9kkel hajtott korm\u00e1nyker\u00e9khez k\u00e9pest azonnali. A korm\u00e1nyz\u00e1s sokkal \u00e9lesebb, a nyomat\u00e9k tehetetlens\u00e9g n\u00e9lk\u00fcl \u00e9rkezik, \u00e9s az er\u0151v\u00e1ltoz\u00e1sok tiszt\u00e1bbak. Az FFB pontoss\u00e1ga val\u00f3di ugr\u00e1st jelent. A legkisebb tapad\u00e1sveszt\u00e9s, a legkisebb mikrokorrekci\u00f3 nagy sebess\u00e9gn\u00e9l, a legkisebb elakad\u00e1s h\u00e1tul egy gyors kanyarban - minden sokkal tiszt\u00e1bb. T\u00e9nyleg jobban meg\u00e9rti, mit csin\u00e1l az aut\u00f3.<\/p>\n<p>Lass\u00fa kanyarokban j\u00f3l \u00e9rezhet\u0151 az els\u0151 ker\u00e9k s\u00falya, a terhel\u00e9s \u00e1tad\u00e1sa, a pillanat, amikor a gumiabroncs cs\u00faszni kezd. A korm\u00e1nyz\u00e1s nem \"ny\u00e1ladzik\", nem tart sok\u00e1ig reag\u00e1lni: az aut\u00f3 k\u00f6zvetlen\u00fcl engedelmeskedik annak, amit \u00d6n a korm\u00e1nyn\u00e1l tesz. A gyors kanyarokban kiemelkedik az er\u0151 stabilit\u00e1sa a semleges pont k\u00f6r\u00fcl. Nincs hull\u00e1mz\u00e1s, nincs olyan er\u0151hull\u00e1m, amely elmosn\u00e1 az inform\u00e1ci\u00f3t. Ez arra k\u00e9sztet, hogy hamarabb t\u00e1madj, mert a visszajelz\u00e9s magabiztoss\u00e1got ad.<\/p>\n<p>A CSL DD 8 Nm egyik er\u0151ss\u00e9ge a tapad\u00e1s. J\u00f3l l\u00e1that\u00f3 a tapad\u00e1s v\u00e1ltoz\u00e1sa a kanyar bej\u00e1rata, k\u00f6zepe \u00e9s kij\u00e1rata k\u00f6z\u00f6tt. Amikor t\u00fals\u00e1gosan terhelni kezdj\u00fck az elej\u00e9t, a korm\u00e1nyz\u00e1s \u00e9ppen el\u00e9gg\u00e9 megkem\u00e9nyedik, majd a tapad\u00e1s elveszt\u00e9s\u00e9vel \"k\u00f6nnyebb\u00e9 v\u00e1lik\", nagy mesters\u00e9ges r\u00e1ng\u00e1sok n\u00e9lk\u00fcl. Jobban \u00e9rzi, hogy mikor kell levenni a l\u00e1b\u00e1t a g\u00e1zped\u00e1lr\u00f3l, vagy mikor kell korrig\u00e1lni a korm\u00e1nyz\u00e1st. A vibr\u00e1torokon a text\u00fara tiszta, an\u00e9lk\u00fcl, hogy agressz\u00edv lenne. \u00c9rezni lehet, hogy enyh\u00e9n lovagolsz a j\u00e1rdaszeg\u00e9lyen, vagy teljesen megt\u00e1madod, \u00e9s az alap k\u00f6zvet\u00edti a k\u00fcl\u00f6nbs\u00e9get a lapos \u00e9s az agressz\u00edvabb vibr\u00e1tor k\u00f6z\u00f6tt.<\/p>\n<p>A hossz\u00fa \u00fcl\u00e9sek sor\u00e1n a k\u00f6vetkezetess\u00e9g a nap parancsa. Az alap nem melegszik fel \u00e9szrevehet\u0151en, az er\u0151 stabil marad, \u00e9s a zajos ventil\u00e1tor hi\u00e1nya igazi k\u00e9nyelmet jelent. A 8 Nm nyomat\u00e9k b\u0151ven elegend\u0151 a hosszabb munkamenetekhez an\u00e9lk\u00fcl, hogy a karok elf\u00e1radn\u00e1nak, felt\u00e9ve, hogy nem tolja minden j\u00e1t\u00e9kban a maximumra az er\u0151s\u00edt\u00e9st. Komoly, de nem extr\u00e9m haszn\u00e1lat eset\u00e9n az er\u0151 \u00e9s a f\u00e1radts\u00e1g k\u00f6z\u00f6tti egyens\u00faly nagyon j\u00f3.<\/p>\n<p>Az alap gyorsan reag\u00e1l a gyors korrekci\u00f3kra, k\u00fcl\u00f6n\u00f6sen t\u00falkorm\u00e1nyzotts\u00e1g vagy szimul\u00e1lt aquaplaning eset\u00e9n. A k\u00f6z\u00e9pre val\u00f3 visszat\u00e9r\u00e9s lend\u00fcletes, de ir\u00e1ny\u00edthat\u00f3, el\u00e9gg\u00e9 ahhoz, hogy a motorral val\u00f3 k\u00fczdelem n\u00e9lk\u00fcl elkapjon egy akad\u00e1lyt. \u00c9rezni lehet, mikor kell \"elengedni\" a korm\u00e1nyt, \u00e9s mikor kell visszanyerni az ir\u00e1ny\u00edt\u00e1st. Ez a fajta viselked\u00e9s jellemz\u0151 a Direct Drive-ra: kev\u00e9s tehetetlens\u00e9g, kev\u00e9s mechanikai s\u00farl\u00f3d\u00e1s, sok finoms\u00e1g.<\/p>\n<p>A kisebb teljes\u00edtm\u00e9ny\u0171 alapmodellhez k\u00e9pest (4-5 Nm) nyomat\u00e9ktartal\u00e9kot \u00e9s dinamik\u00e1t nyer. A korm\u00e1nyker\u00e9k nem tel\u00edt\u0151dik, amint elhalmozzuk a hat\u00e1sokkal (bukkan\u00f3k, rezg\u00e9sek, korm\u00e1nyer\u0151k), \u00e9s az \u00e9rzet m\u00e9g kem\u00e9ny kanyarokban is olvashat\u00f3 marad. Egy er\u0151sebb alapkateg\u00f3ri\u00e1s cs\u00facsmodellel szemben a nyers er\u0151szakb\u00f3l \u00e9s az \"izmos\" fizikai realizmusb\u00f3l vesz\u00edt, de a Direct Drive sz\u00e1mos el\u0151ny\u00e9t megtartja: a pontoss\u00e1got, a tisztas\u00e1got \u00e9s a sebess\u00e9get. A legt\u00f6bb szimul\u00e1toros sz\u00e1m\u00e1ra ez a teljes\u00edtm\u00e9nyszint m\u00e1r t\u00f6bb mint elegend\u0151.<\/p>\n<p>Az \u00e1ltal\u00e1nos elm\u00e9ly\u00fcl\u00e9s szempontj\u00e1b\u00f3l a csomag egy\u00e9rtelm\u0171en \u00e9rezteti hat\u00e1s\u00e1t. Az eredeti hajt\u00f3kar, m\u00e9g a terhel\u00e9sm\u00e9r\u0151 n\u00e9lk\u00fcl is tisztess\u00e9ges, \u00e9s viszonylag progressz\u00edv f\u00e9kez\u00e9st biztos\u00edt, k\u00fcl\u00f6n\u00f6sen egy kis munk\u00e1val a ped\u00e1l\u00fat \u00e9s a holtz\u00f3na be\u00e1ll\u00edt\u00e1sain. A korm\u00e1nyker\u00e9k teszi a dolg\u00e1t, m\u00e9g ha a bor\u00edt\u00e1sa \u00e9s az anyagai nem is adj\u00e1k ugyanazt a pr\u00e9mium \u00e9rz\u00e9st, mint egy dr\u00e1g\u00e1bb modell. V\u00e9geredm\u00e9nyben egy olyan virtu\u00e1lis pil\u00f3taf\u00fclk\u00e9t kapunk, amely sokkal \u00e9lettelibbnek, pontosabbnak \u00e9s reakci\u00f3it tekintve sokkal megb\u00edzhat\u00f3bbnak t\u0171nik. Ez az, ahol az alap val\u00f3ban megv\u00e1ltoztatja az \u00e9lm\u00e9nyt.<\/p>\n<h2>Kinek sz\u00f3l? Mit szeret\u00fcnk, mit nem szeret\u00fcnk<\/h2>\n<p>Ez a csomag egy\u00e9rtelm\u0171en k\u00e9t f\u0151 profilnak sz\u00f3l: a motiv\u00e1lt kezd\u0151nek, aki egy komoly alapot szeretne k\u00f6zvetlen\u00fcl, an\u00e9lk\u00fcl, hogy \u00e1tmenne a \"j\u00e1t\u00e9k\" szakaszon, \u00e9s a k\u00f6z\u00e9phalad\u00f3 szimul\u00e1torosnak, aki sz\u00edjhajt\u00e1s\u00fa ker\u00e9kr\u0151l \u00e9rkezik, \u00e9s meg akarja tenni a Direct Drive l\u00e9p\u00e9st an\u00e9lk\u00fcl, hogy mindent k\u00e9zzel konfigur\u00e1lna darabonk\u00e9nt. Egy m\u00e1r nagyon tapasztalt, cs\u00facsmodellel felszerelt versenyz\u0151 sz\u00e1m\u00e1ra a CSL DD 8 Nm ink\u00e1bb egy m\u00e1sodik be\u00e1ll\u00edt\u00e1s vagy egy kompaktabb alap lesz.<\/p>\n<p>Ami a legjobban tetszik ebben a csomagban, az els\u0151sorban az er\u0151visszacsatol\u00e1s min\u0151s\u00e9ge a bel\u00e9p\u0151jegyhez k\u00e9pest. Az alap tiszta, gyors, j\u00f3l leolvashat\u00f3 FFB-t k\u00edn\u00e1l, olyan \u00e9rzetekkel, amelyek m\u00e1r egy t\u00f6megkorm\u00e1nyhoz szokott ember \u00e9lm\u00e9ny\u00e9t is \u00e1talak\u00edtan\u00e1k. Azt\u00e1n ott van a Fanatec \u00f6kosziszt\u00e9ma koherenci\u00e1ja: minden integr\u00e1l\u00f3dik, minden felismerhet\u0151, a kieg\u00e9sz\u00edt\u0151k csatlakoztathat\u00f3k \u00e9s mindenf\u00e9le bark\u00e1csol\u00e1s n\u00e9lk\u00fcl felismerhet\u0151k. V\u00e9gezet\u00fcl a kompakt \u00e9s csendes alapnak k\u00f6sz\u00f6nhet\u0151en az eg\u00e9sz rendszer kompatibilis az irodai haszn\u00e1lathoz, an\u00e9lk\u00fcl, hogy a helyis\u00e9get mechanikai m\u0171helly\u00e9 v\u00e1ltoztatn\u00e1. Csak csatlakoztassa, v\u00e9gezzen el n\u00e9h\u00e1ny be\u00e1ll\u00edt\u00e1st, \u00e9s m\u00e1r mehet is.<\/p>\n<p>Vannak korl\u00e1tok, \u00e9s ezek f\u0151k\u00e9nt a k\u00f6teglogik\u00e1hoz kapcsol\u00f3dnak. A mell\u00e9kelt korm\u00e1nyker\u00e9k funkcion\u00e1lis, de hi\u00e1nyzik bel\u0151le a karakter: nem ultrapr\u00e9mium anyagok, meglehet\u0151sen nyugodt kialak\u00edt\u00e1s, \u00e9s a k\u00e9zben olyan \u00e9rz\u00e9s, ami arra eml\u00e9keztet, hogy a CSL k\u00edn\u00e1lat\u00e1ban van. Az eredeti terhel\u00e9sm\u00e9r\u0151 modul n\u00e9lk\u00fcli hajt\u00f3kar egy visszal\u00e9p\u00e9s azok sz\u00e1m\u00e1ra, akik ultra-realisztikus \u00e9s nagyon progressz\u00edv f\u00e9kez\u00e9st szeretn\u00e9nek, k\u00fcl\u00f6n\u00f6sen az orsz\u00e1g\u00fati versenyeken, ahol a f\u00e9kar\u00e1nyos\u00edt\u00e1s kritikuss\u00e1 v\u00e1lik. V\u00e9g\u00fcl, az \u00f6ssz\u00e1r, b\u00e1r versenyk\u00e9pes a Direct Drive-hoz k\u00e9pest ebben az \u00f6kosziszt\u00e9m\u00e1ban, tov\u00e1bbra is jelent\u0151s befektet\u00e9s egy \"kezd\u0151\" be\u00e1ll\u00edt\u00e1shoz. Ez sz\u00farhat, ha egy egyszer\u0171 j\u00e1t\u00e9kra gondolsz a h\u00e9tv\u00e9gi j\u00e1t\u00e9khoz.<\/p>\n<p>Az \u00e9rz\u00e9kelt \u00e9rt\u00e9k tekintet\u00e9ben minden az \u00f6sszehasonl\u00edt\u00e1si pontt\u00f3l f\u00fcgg. Egy bel\u00e9p\u0151 szint\u0171 sebess\u00e9gv\u00e1lt\u00f3s k\u00e9szlethez k\u00e9pest a min\u0151s\u00e9gbeli k\u00fcl\u00f6nbs\u00e9g t\u00f6bb mint igazolja a befektet\u00e9st, ha komolyan veszed a szimul\u00e1toros versenyz\u00e9st. A nagyobb teljes\u00edtm\u00e9ny\u0171 vagy cs\u00facskateg\u00f3ri\u00e1s megold\u00e1sokkal \u00f6sszehasonl\u00edtva ez a csomag az\u00e9rt marad vonz\u00f3, mert kiv\u00e1l\u00f3 egyens\u00falyt k\u00edn\u00e1l a teljes\u00edtm\u00e9ny, az \u00e1r \u00e9s a fejleszthet\u0151s\u00e9g k\u00f6z\u00f6tt. Emellett egy olyan \u00f6kosziszt\u00e9m\u00e1hoz val\u00f3 hozz\u00e1f\u00e9r\u00e9s\u00e9rt is fizetsz, amely t\u00f6bb \u00e9ven kereszt\u00fcl k\u00e9pes fenntartani a fejl\u0151d\u00e9st.<\/p>\n<h2>\u00cdt\u00e9let: egy igazi fordulat a \"komoly\" Direct Drive fel\u00e9<\/h2>\n<p>A Fanatec CSL DD Ready2Race Bundle PC (8 Nm) mindenekel\u0151tt egy dolgot v\u00e1ltoztat meg egy be\u00e1ll\u00edt\u00e1sban: az \u00d6n \u00e9s az aut\u00f3 k\u00f6z\u00f6tti kapcsolat min\u0151s\u00e9g\u00e9t \u00e9s tisztas\u00e1g\u00e1t. Az er\u0151ket \"szimul\u00e1l\u00f3\" korm\u00e1nyker\u00e9kr\u0151l egy olyan rendszerre v\u00e1ltasz, amely sokkal k\u00f6zvetlenebb\u00fcl tov\u00e1bb\u00edtja azokat. A korm\u00e1ny finom korm\u00e1nym\u0171v\u00e9 v\u00e1lik, nem csak olyann\u00e1, amit a kanyarok bev\u00e9telekor elford\u00edtasz.<\/p>\n<p>A piacon ez a csomag egy\u00e9rtelm\u0171en a teljes\u00edtm\u00e9nytartom\u00e1ny k\u00f6zep\u00e9n helyezkedik el. Nem a legolcs\u00f3bb megold\u00e1s, \u00e9s nem is egy teljes\u00edtm\u00e9nysz\u00f6rny, de ez egy sarkalatos pont: lehet\u0151v\u00e9 teszi, hogy rengeteg szimul\u00e1toros megtehesse a Direct Drive l\u00e9p\u00e9st an\u00e9lk\u00fcl, hogy a k\u00f6lts\u00e9gvet\u00e9st t\u00f6nkretenn\u00e9 vagy a szoftver stabilit\u00e1s\u00e1t fel\u00e1ldozn\u00e1. Az alap el\u00e9g komoly ahhoz, hogy egy ambici\u00f3zus be\u00e1ll\u00edt\u00e1s k\u00f6z\u00e9ppontj\u00e1ban maradjon, m\u00e9g a korm\u00e1nyker\u00e9k \u00e9s a ped\u00e1lok t\u00f6bbsz\u00f6ri friss\u00edt\u00e9se ut\u00e1n is.<\/p>\n<p>K\u00fcl\u00f6n\u00f6sen azoknak aj\u00e1nlom, akik sokat haszn\u00e1lj\u00e1k a PC-ket, akik megb\u00edzhat\u00f3, b\u0151v\u00edthet\u0151 hardvert szeretn\u00e9nek, \u00e9s akik id\u0151vel fejl\u0151dni akarnak. Annak, aki csak alkalmank\u00e9nt akar arcade j\u00e1t\u00e9kokkal j\u00e1tszani, vagy nem sz\u00e1nd\u00e9kozik befektetni a j\u00e1t\u00e9ktuningba, val\u00f3sz\u00edn\u0171leg t\u00falz\u00e1s. Ha val\u00f3di \u00e1tt\u00f6r\u00e9st keres a vezet\u00e9si \u00e9rz\u00e9sek ter\u00e9n, egy koherens, b\u0151v\u00edthet\u0151 csomaggal, akkor ez a term\u00e9k egy\u00e9rtelm\u0171en meghozhatja a v\u00e1ltoz\u00e1st az \u00d6n be\u00e1ll\u00edt\u00e1saiban.<\/pre>","protected":false},"excerpt":{"rendered":"<p>Ez a csomag egy\u00e9rtelm\u0171en megv\u00e1ltoztatja az aut\u00f3 \u00e9rzet\u00e9t: a korm\u00e1nyker\u00e9k id\u0151vel pontos, olvashat\u00f3 \u00e9s k\u00f6vetkezetes lesz, a be\u00e1ll\u00edt\u00e1sok nem okoznak fejf\u00e1j\u00e1st. Mindenekel\u0151tt a motiv\u00e1lt PC-s szimul\u00e1torosoknak, a komoly kezd\u0151knek vagy a sz\u00edjhajt\u00e1s\u00fa korm\u00e1nyr\u00f3l \u00e9rkez\u0151 halad\u00f3knak van \u00e9rtelme. Mindent egybevetve, az \u00e9rz\u00e9sek, a fejleszthet\u0151s\u00e9g \u00e9s az \u00e1r ar\u00e1nya sz\u00e1momra kiegyens\u00falyozottnak t\u0171nik.<\/p>","protected":false},"featured_media":100928,"comment_status":"open","ping_status":"closed","template":"","meta":{"_acf_changed":false,"_et_pb_use_builder":"","_et_pb_old_content":"","_et_gb_content_width":""},"product_brand":[158],"product_cat":[161,173],"product_tag":[149],"class_list":{"0":"post-100927","1":"product","2":"type-product","3":"status-publish","4":"has-post-thumbnail","6":"product_brand-fanatec","7":"product_cat-volant","8":"product_cat-volants-fanatec","9":"product_tag-pc","11":"first","12":"instock","13":"shipping-taxable","14":"product-type-external"},"acf":[],"_links":{"self":[{"href":"https:\/\/simracergear.com\/hu\/wp-json\/wp\/v2\/product\/100927","targetHints":{"allow":["GET"]}}],"collection":[{"href":"https:\/\/simracergear.com\/hu\/wp-json\/wp\/v2\/product"}],"about":[{"href":"https:\/\/simracergear.com\/hu\/wp-json\/wp\/v2\/types\/product"}],"replies":[{"embeddable":true,"href":"https:\/\/simracergear.com\/hu\/wp-json\/wp\/v2\/comments?post=100927"}],"wp:featuredmedia":[{"embeddable":true,"href":"https:\/\/simracergear.com\/hu\/wp-json\/wp\/v2\/media\/100928"}],"wp:attachment":[{"href":"https:\/\/simracergear.com\/hu\/wp-json\/wp\/v2\/media?parent=100927"}],"wp:term":[{"taxonomy":"product_brand","embeddable":true,"href":"https:\/\/simracergear.com\/hu\/wp-json\/wp\/v2\/product_brand?post=100927"},{"taxonomy":"product_cat","embeddable":true,"href":"https:\/\/simracergear.com\/hu\/wp-json\/wp\/v2\/product_cat?post=100927"},{"taxonomy":"product_tag","embeddable":true,"href":"https:\/\/simracergear.com\/hu\/wp-json\/wp\/v2\/product_tag?post=100927"}],"curies":[{"name":"wp","href":"https:\/\/api.w.org\/{rel}","templated":true}]}}