{"id":100937,"date":"2025-05-15T07:56:00","date_gmt":"2025-05-15T07:56:00","guid":{"rendered":"https:\/\/simracergear.com\/products\/fanatec-csl-dd-ready2race-f1-esports-bundle-for-pc\/"},"modified":"2025-11-28T08:54:06","modified_gmt":"2025-11-28T08:54:06","slug":"fanatec-csl-dd-ready2race-f1-esports-bundle-for-pc","status":"publish","type":"product","link":"https:\/\/simracergear.com\/hu\/products\/fanatec-csl-dd-ready2race-f1-esports-bundle-for-pc\/","title":{"rendered":"Fanatec CSL DD Ready2Race F1 Esports csomag PC-re"},"content":{"rendered":"<h2>Fanatec CSL DD Ready2Race F1 Esports Bundle: a kulcsrak\u00e9sz F1 k\u00f6zvetlen hajt\u00e1scsomag PC-re<\/h2>\n<p>A Fanatec CSL DD Ready2Race F1 Esports Bundle for PC egy\u00e9rtelm\u0171en egy speci\u00e1lis piaci r\u00e9st c\u00e9loz meg: val\u00f3di k\u00f6zvetlen meghajt\u00e1st, F1-st\u00edlus\u00fa kereket \u00e9s egy funkcion\u00e1lis pedalboardot k\u00edn\u00e1l, mindezt egy koherens csomagban, hogy a PC-n val\u00f3 indul\u00e1shoz ne kelljen darabr\u00f3l darabra fel\u00e9p\u00edteni a setupot.<\/p>\n<p>A CSL DD-n alapul, teh\u00e1t egy kompakt k\u00f6zvetlen meghajt\u00e1s, amelyet a DD-technol\u00f3gia megfizethet\u0151 pr\u00e9mium kieg\u00e9sz\u00edt\u0151jek\u00e9nt terveztek. A csomag azoknak sz\u00f3l, akik egy egy\u00fcl\u00e9ses\/F1-orient\u00e1lt csomagot szeretn\u00e9nek, eSport megjelen\u00e9ssel \u00e9s \u00e9rz\u00e9ssel, k\u00f6nnyen kezelhet\u0151, \u00e9s az az elk\u00e9pzel\u00e9s, hogy szil\u00e1rd alapot teremtsenek, amire \u00e9p\u00edtve tov\u00e1bbl\u00e9phetnek a Fanatec \u00f6kosziszt\u00e9m\u00e1ban.<\/p>\n<p>A term\u00e9k nagy nyeres\u00e9get \u00edg\u00e9r az er\u0151visszacsatol\u00e1s finoms\u00e1g\u00e1ban a sz\u00edj- vagy fogaskerekekhez k\u00e9pest, mik\u00f6zben a motiv\u00e1lt, de nem felt\u00e9tlen\u00fcl szak\u00e9rt\u0151 PC-felhaszn\u00e1l\u00f3k sz\u00e1m\u00e1ra tov\u00e1bbra is plug-and-race marad. Az \u00e9n szemsz\u00f6gem itt egyszer\u0171: \u00e9rz\u00e9s a korm\u00e1nyn\u00e1l, FFB pontoss\u00e1g, a csomag sokoldal\u00fas\u00e1ga az F1-en t\u00fal, hossz\u00fa \u00fcl\u00e9seken \u00e1t tart\u00f3 haszn\u00e1lat k\u00e9nyelme, \u00e9s val\u00f3di \u00e9rdekl\u0151d\u00e9s, mint befektet\u00e9s egy komoly szimul\u00e1toros versenyfelszerel\u00e9sbe.<\/p>\n<p>Egy olyan k\u00e9szlettel \u00e1llunk szemben, amely egy \"komoly, de m\u00e9g mindig fejl\u0151d\u0151\" j\u00e1t\u00e9kost szeretne bevezetni a k\u00f6zvetlen hajt\u00e1s vil\u00e1g\u00e1ba, nagyon hangs\u00falyos F1-es identit\u00e1ssal. A k\u00e9rd\u00e9s az, hogy vajon teljes\u00edti-e azt, amit a j\u00e1t\u00e9kban \u00edg\u00e9r, \u00e9s val\u00f3ban meg\u00e9ri-e a Fanatec \u00f6kosziszt\u00e9m\u00e1ba val\u00f3 bel\u00e9p\u00e9s \u00e1r\u00e1t?<\/p>\n<h2>Tervez\u00e9s \u00e9s gy\u00e1rt\u00e1s: komoly, kompakt, egy\u00e9rtelm\u0171en F1-k\u00f6zpont\u00fa<\/h2>\n<p>A CSL DD alap azonnal a s\u0171r\u0171s\u00e9g benyom\u00e1s\u00e1t kelti. Az egys\u00e9g kompakt \u00e9s m\u00e9ret\u00e9hez k\u00e9pest meglehet\u0151sen neh\u00e9z, f\u00e9mh\u00e1za pedig v\u00e1zk\u00e9nt \u00e9s h\u0171t\u0151bordak\u00e9nt is funkcion\u00e1l. Olyan \u00e9rz\u00e9s, mintha egy olyan term\u00e9k lenne, amelyet \u00fagy terveztek, hogy meging\u00e1s n\u00e9lk\u00fcl b\u00edrja az \u00f3r\u00e1kig tart\u00f3 haszn\u00e1latot. Semmi sem t\u0171nik \u00fcregesnek, semmi sem mozog, ha egyszer megfelel\u0151en r\u00f6gz\u00edtett\u00e9k egy merev tart\u00f3hoz.<\/p>\n<p>Az F1 Esports ker\u00e9k egy\u00e9rtelm\u0171en a csomag vizu\u00e1lis szt\u00e1rja. Kompakt form\u00e1tum\u00fa, a modern egy\u00fcl\u00e9ses korm\u00e1nykerekek \u00e1ltal inspir\u00e1lt, sok gombbal, f\u00e9m lap\u00e1tokkal \u00e9s egy olyan el\u0151lappal, amely keveri a j\u00f3 min\u0151s\u00e9g\u0171 m\u0171anyagot, a f\u00e9mbet\u00e9teket \u00e9s a bevonatokat, amelyek nem t\u0171nnek j\u00e1t\u00e9knak. Nem a m\u00e1rka abszol\u00fat cs\u00facsmodellje, de a kivitelez\u00e9s sz\u00ednvonala m\u00e1r nagyon kiel\u00e9g\u00edt\u0151 ebben az \u00e1rkateg\u00f3ri\u00e1ban.<\/p>\n<p>A gombok szil\u00e1rdak, a forg\u00f3k tiszta reteszel\u00e9s\u0171ek, \u00e9s a lap\u00e1tok tiszta visszat\u00e9r\u00e9ssel kattannak. A k\u00e9zben a ker\u00e9k k\u00f6nny\u0171, ami megk\u00f6nny\u00edti a k\u00f6zvetlen meghajt\u00e1s \u00e9rz\u00e9kel\u00e9s\u00e9t \u00e9s a gyors korrekci\u00f3kat. A fog\u00e1s eg\u00e9szen term\u00e9szetes, ha az F1-es t\u00edpus\u00fa korm\u00e1nykereket kedveli: a kez\u00e9t fix poz\u00edci\u00f3ban tartja, a h\u00fcvelykujjai a fontos funkci\u00f3kra esnek, \u00e9s minden k\u00f6nnyen el\u00e9rhet\u0151 k\u00f6zels\u00e9gben van.<\/p>\n<p>A mell\u00e9kelt leng\u0151karok optikailag egyszer\u0171bbek, funkcion\u00e1lis f\u00e9m\/m\u0171anyag konstrukci\u00f3val. A merevs\u00e9ge tisztess\u00e9ges, k\u00fcl\u00f6n\u00f6sen, ha biztons\u00e1gosan r\u00f6gz\u00edted a deszk\u00e1hoz vagy a cockpithez. A f\u00e9kped\u00e1l tov\u00e1bbra is meglehet\u0151sen progressz\u00edv, de hi\u00e1nyzik egy kicsit az eredeti ellen\u00e1ll\u00e1s a purist\u00e1k sz\u00e1m\u00e1ra. M\u0171k\u00f6dik, de az az \u00e9rz\u00e9sed, hogy ez a csomag leg \"bel\u00e9p\u0151szint\u0171bb\" eleme.<\/p>\n<p>M\u00e1s k\u00f6z\u00e9pkateg\u00f3ri\u00e1s, nem direkt meghajt\u00e1s\u00fa megold\u00e1sokhoz k\u00e9pest az eg\u00e9sz csomag egy\u00e9rtelm\u0171en komolyabb az alap \u00e9s a kerekek oldal\u00e1n. Az alap nem kelti egy eldobhat\u00f3 \u00e1tmeneti term\u00e9k benyom\u00e1s\u00e1t. M\u00e1sfel\u0151l azok, akik f\u00e9ny\u0171z\u0151bb korm\u00e1nykerekekb\u0151l \u00e9rkeztek, \u00e9szrevehetik, hogy a korm\u00e1ny, b\u00e1r massz\u00edv, m\u00e9g mindig elmarad a nagyon pr\u00e9mium modellekt\u0151l a nemes anyagok \u00e9s a k\u00e9zben l\u00e9v\u0151 \"luxus\" \u00e9rzet tekintet\u00e9ben.<\/p>\n<h2>Be\u00e1ll\u00edt\u00e1sok, testreszab\u00e1s \u00e9s kompatibilit\u00e1s: egy val\u00f3di \u00f6kosziszt\u00e9ma a sz\u00ednfalak m\u00f6g\u00f6tt<\/h2>\n<p>A be\u00e1ll\u00edt\u00e1sok tekintet\u00e9ben a Fanatec el\u0151nye, hogy egy meglehet\u0151sen kiforrott szoftveres \u00f6kosziszt\u00e9m\u00e1t k\u00edn\u00e1l a PC-khez. A csomag el\u0151nye a Fanatec illeszt\u0151programmal \u00e9s a dedik\u00e1lt konfigur\u00e1ci\u00f3s szoftverrel val\u00f3 k\u00f6zvetlen kompatibilit\u00e1s. Bizonyos j\u00e1t\u00e9kokhoz el\u0151re defini\u00e1lt profilok \u00e1llnak rendelkez\u00e9sre, \u00edgy gyorsan belev\u00e1ghat egy m\u00e1r konzisztens be\u00e1ll\u00edt\u00e1ssal, majd finom\u00edthatja azt \u00edzl\u00e9s\u00e9nek megfelel\u0151en.<\/p>\n<p>A leghasznosabb be\u00e1ll\u00edt\u00e1sok k\u00f6nnyen el\u00e9rhet\u0151k: FFB intenzit\u00e1s, sz\u0171r\u0151k, csillap\u00edt\u00f3, s\u00farl\u00f3d\u00e1s, maxim\u00e1lis er\u0151, interpol\u00e1ci\u00f3. Be\u00e1ll\u00edthatja az er\u0151visszacsatol\u00e1s linearit\u00e1s\u00e1t, \u00e9s a renderel\u00e9st aszerint igaz\u00edthatja, hogy valami durv\u00e1bbat vagy sim\u00e1bbat szeretne. Van egy tanul\u00e1si g\u00f6rbe, de m\u00e9g mindig megfizethet\u0151, ha kezdetben ragaszkodik a f\u0151 param\u00e9terekhez. M\u00e1r n\u00e9h\u00e1ny egyszer\u0171 be\u00e1ll\u00edt\u00e1ssal is tiszta er\u0151visszacsatol\u00e1st kaphatsz.<\/p>\n<p>Az F1 Esports korm\u00e1nyker\u00e9k a t\u00f6bb gombnak \u00e9s gombnak k\u00f6sz\u00f6nhet\u0151en sz\u00e1mos testreszab\u00e1si lehet\u0151s\u00e9get k\u00edn\u00e1l a j\u00e1t\u00e9kban. Ez j\u00f3l j\u00f6n a bonyolultabb szimul\u00e1torokon, ahol val\u00f3s id\u0151ben \u00e1ll\u00edthatod az ERS-t, a differenci\u00e1lm\u0171veket, az \u00fczemanyagkever\u00e9ket \u00e9s m\u00e1s param\u00e9tereket. Ha m\u00e1r megfelel\u0151en felt\u00e9rk\u00e9pezted a kezel\u0151szerveket, gyorsan kialak\u00edthatod a hat\u00e9kony \"versenyz\u0151i\" ergon\u00f3mi\u00e1t.<\/p>\n<p>A csomagot PC-re hirdetik, \u00e9s egy\u00e9rtelm\u0171en ez az a platform, ahol a j\u00e1t\u00e9k a legjobban \u00e9rv\u00e9nyes\u00fcl. A Fanatec \u00f6kosziszt\u00e9ma lehet\u0151v\u00e9 teszi, hogy a m\u00e1rka m\u00e1s korm\u00e1nykerekeit, ped\u00e1lokat, v\u00e1lt\u00f3t vagy k\u00e9zif\u00e9ket csatlakoztasson k\u00f6zvetlen\u00fcl az alaphoz. Ez egy igazi er\u0151ss\u00e9g: nem \u00e9rzi mag\u00e1t bez\u00e1rva, \u00e9s azonnal l\u00e1tja a fejleszt\u00e9si lehet\u0151s\u00e9geket.<\/p>\n<p>A sk\u00e1l\u00e1zhat\u00f3s\u00e1g szempontj\u00e1b\u00f3l ez a csomag mindenekel\u0151tt szil\u00e1rd bel\u00e9p\u00e9si pontk\u00e9nt szolg\u00e1l a Fanatec vil\u00e1g\u00e1ba. A CSL DD alap hossz\u00fa ideig k\u00e9pes l\u00e9p\u00e9st tartani egy szimul\u00e1toros versenyz\u0151vel, amennyiben ragaszkodik a \"norm\u00e1l\" haszn\u00e1lathoz, \u00e9s nem megy extr\u00e9m er\u0151kifejt\u00e9sbe. Az F1 Esports ker\u00e9k kieg\u00e9sz\u00edthet\u0151 egy GT vagy rally ker\u00e9kkel a k\u00fcl\u00f6nb\u00f6z\u0151 sport\u00e1gak rajong\u00f3i sz\u00e1m\u00e1ra, a hajt\u00f3kar pedig logikus jel\u00f6lt egy j\u00f6v\u0151beli friss\u00edt\u00e9sre, hogy valami feszesebb \u00e9s pontosabb legyen. Az eg\u00e9sz csomag tart\u00f3s alapot k\u00e9pez, amennyiben elfogadod a gondolatot, hogy k\u00f6z\u00e9pt\u00e1von a saj\u00e1t bel\u00e1t\u00e1sod szerint fejlesztheted.<\/p>\n<h2>J\u00e1t\u00e9k k\u00f6zbeni \u00e9rz\u00e9sek: ahol a k\u00f6zvetlen meghajt\u00e1s t\u00e9nyleg mindent megv\u00e1ltoztat<\/h2>\n<p>A versenyp\u00e1ly\u00e1n a k\u00f6zvetlen meghajt\u00e1s \u00e9s a sz\u00edjhajt\u00e1s\u00fa vagy fogaskerekes lendker\u00e9k k\u00f6z\u00f6tti k\u00fcl\u00f6nbs\u00e9g azonnal nyilv\u00e1nval\u00f3. A nyers teljes\u00edtm\u00e9ny nem \u00e9szbont\u00f3, de az inform\u00e1ci\u00f3 finoms\u00e1ga val\u00f3di ugr\u00e1s. Jobban \u00e9rezz\u00fck a tapad\u00e1s apr\u00f3 vesztes\u00e9geit, az els\u0151 r\u00e9sz mikrokorrekci\u00f3it, az aut\u00f3 reakci\u00f3it, amikor a kanyar bej\u00e1rat\u00e1n\u00e1l megterhelj\u00fck a gumit.<\/p>\n<p>Az FFB pontoss\u00e1ga a CSL DD er\u0151ss\u00e9ge ebben a csomagban. A nyomat\u00e9kv\u00e1lt\u00e1sok gyorsak \u00e9s tiszt\u00e1k. Kanyarba \u00e9rve \u00e9rezhet\u0151, hogy a gumiabroncs mikor kezd cs\u00faszni, nem pedig csak egy \"blokk\" ellen\u00e1ll\u00e1st tapasztal. Amikor a hat\u00e1ron t\u00falra megy, a korm\u00e1nyker\u00e9k fokozatosabban tehermentes\u00fcl, \u00edgy egy kicsit t\u00f6bb hely marad az aut\u00f3 visszaszerz\u00e9s\u00e9hez.<\/p>\n<p>A leolvashat\u00f3 tapad\u00e1s tekintet\u00e9ben az alap azt ny\u00fajtja, amit sokan keresnek, amikor k\u00f6zvetlen hajt\u00e1sra v\u00e1ltanak: az \u00e9rz\u00e9st, hogy a gumiabroncsok folyamatosan besz\u00e9lnek. A fel\u00fcleti v\u00e1ltoz\u00e1sok, a tiszta p\u00e1ly\u00e1r\u00f3l a piszkos vagy nedves szakaszra val\u00f3 \u00e1tmenet, valamint a tapad\u00e1sveszt\u00e9s nagy sebess\u00e9gn\u00e9l mind k\u00f6nnyebben leolvashat\u00f3. Gyorsabban meg\u00e9rti, mi\u00e9rt megy sz\u00e9lesre, mi\u00e9rt szakad meg a tapad\u00e1s, \u00e9s hogyan korrig\u00e1lhatja azt.<\/p>\n<p>A vibr\u00e1torok j\u00f3l \u00e1br\u00e1zoltak, t\u00falzott mesters\u00e9ges \u00e9rz\u00e9s n\u00e9lk\u00fcl, ha a be\u00e1ll\u00edt\u00e1s megfelel\u0151. A nagy sik\u00e1nvibr\u00e1torok szil\u00e1rdan visszaadj\u00e1k a kezeket, de mindenekel\u0151tt az \u00e1rnyalatokat \u00e9rezni: egy lapos vibr\u00e1tor \"sz\u00e1razabbnak\" t\u0171nik, m\u00edg egy agressz\u00edvabb vibr\u00e1tor kicsit jobban megr\u00e1zza a korm\u00e1nyt. Egyes szimul\u00e1torokon m\u00e9g a p\u00e1lya apr\u00f3 egyenetlens\u00e9geit is \u00e9rezni lehet, ami m\u00e9g ink\u00e1bb er\u0151s\u00edti azt az \u00e9rz\u00e9st, mintha valami \u00e9l\u0151l\u00e9nyen vezetn\u00e9nk.<\/p>\n<p>A gyors korrekci\u00f3kban az F1 Esports ker\u00e9k k\u00f6nny\u0171s\u00e9ge egy\u00e9rtelm\u0171en az ir\u00e1ny\u00edt\u00e1s jav\u00e1ra v\u00e1lik. A k\u00f6zvetlen meghajt\u00e1s nagyon gyorsan reag\u00e1l az ir\u00e1nyv\u00e1lt\u00e1sokra, \u00e9s a korm\u00e1nyker\u00e9k nem \u00e9rz\u0151dik \u00fagy, mintha vontatott lenne. Ha hirtelen megcs\u00faszol vagy t\u00falkorm\u00e1nyzol, a korm\u00e1ny tehetetlens\u00e9ge elleni k\u00fczdelem n\u00e9lk\u00fcl tudsz ellenkorm\u00e1nyozni, ami magabiztoss\u00e1got ad. A korm\u00e1nyker\u00e9k term\u00e9szetes m\u00f3don t\u00e9r vissza k\u00f6z\u00e9pre, elt\u00falzott visszarug\u00f3z\u00e1s n\u00e9lk\u00fcl, ha az FFB megfelel\u0151en van be\u00e1ll\u00edtva.<\/p>\n<p>Hossz\u00fa munkamenetek sor\u00e1n az er\u0151visszacsatol\u00e1s konzisztenci\u00e1ja \u00e9rt\u00e9kelhet\u0151. A talp megtartja ugyanazt a reakci\u00f3k\u00e9szs\u00e9get, norm\u00e1l haszn\u00e1lat sor\u00e1n nincs kellemetlen h\u0151\u00e9rzet. Az \u00d6n \u00e1ltal \u00e9rzett f\u00e1radts\u00e1g f\u0151k\u00e9nt a v\u00e1lasztott er\u0151t\u0151l f\u00fcgg, de \u00f6sszess\u00e9g\u00e9ben t\u00f6bb \u00f3r\u00e1n kereszt\u00fcl j\u00f3 pontoss\u00e1ggal vezethet. A v\u00e9g\u00e9n eggy\u00e9 v\u00e1lsz a korm\u00e1nyker\u00e9kkel, ami pontosan az, amit a komoly szimul\u00e1toros versenyz\u00e9sben szeretn\u00e9l.<\/p>\n<p>A kev\u00e9sb\u00e9 er\u0151s sz\u00edjhajt\u00e1s\u00fa alaphoz k\u00e9pest a f\u0151 el\u0151ny az \u00fczenet tisztas\u00e1ga. Nem csak \"er\u0151sebb\", hanem \"finomabb\" is. Kevesebb v\u00e9letlenszer\u0171 korrekci\u00f3t, t\u00f6bb el\u0151re l\u00e1that\u00f3 korrekci\u00f3t v\u00e9gez. Ezzel szemben az er\u0151sebb, nagyobb teljes\u00edtm\u00e9ny\u0171, k\u00f6zvetlen meghajt\u00e1s\u00fa alapokkal szemben a CSL DD nem j\u00e1tszik ugyanolyan intenzit\u00e1ssal. Aki szereti a nagyon nagy er\u0151ket vagy az ultra durva effekteket, annak itt korl\u00e1tozott a fejl\u0151d\u00e9si lehet\u0151s\u00e9ge. De egy re\u00e1lis F1 \/ GT kontextusban a rendelkez\u00e9sre \u00e1ll\u00f3 teljes\u00edtm\u00e9ny m\u00e9g mindig t\u00f6bb mint el\u00e9g a legt\u00f6bb felhaszn\u00e1l\u00f3 sz\u00e1m\u00e1ra.<\/p>\n<p>\u00d6sszess\u00e9g\u00e9ben az egy\u00fcl\u00e9ses mer\u00edt\u00e9s nagyon j\u00f3l siker\u00fclt. A korm\u00e1nyform\u00e1tum a k\u00f6zvetlen meghajt\u00e1ssal kombin\u00e1lva val\u00f3ban azt az \u00e9rz\u00e9st kelti, mintha valami prec\u00edz, \u00e9l\u00e9nk \u00e9s ideges aut\u00f3t vezetn\u00e9l. \u00c9rzed, ahogy az aut\u00f3 l\u00e9legzik a kezed alatt. M\u00e1r nem a felszerel\u00e9ssel, hanem az \u00f3r\u00e1val k\u00fczdesz. Ez az, ahol az alap val\u00f3ban megv\u00e1ltoztatja az \u00e9lm\u00e9nyt.<\/p>\n<h2>Kinek sz\u00f3l? Mit szeret\u00fcnk, mit nem szeret\u00fcnk<\/h2>\n<p>Ez a csomag egy\u00e9rtelm\u0171en a PC-s j\u00e1t\u00e9kosoknak sz\u00f3l, akik komoly l\u00e9p\u00e9st szeretn\u00e9nek tenni el\u0151re, \u00e9s kifejezetten az F1-et \u00e9s az egy\u00fcl\u00e9ses j\u00e1t\u00e9kokat r\u00e9szes\u00edtik el\u0151nyben. J\u00f3l haszn\u00e1lhat\u00f3 motiv\u00e1lt kezd\u0151knek, akik m\u00e1r vezettek egy kicsit egyszer\u0171bb korm\u00e1nyon, de k\u00fcl\u00f6n\u00f6sen alkalmas a k\u00f6z\u00e9phalad\u00f3 szimul\u00e1torversenyz\u0151knek, akik tudj\u00e1k, hogy a hobbin\u00e1l akarnak maradni, \u00e9s egy hiteles, fejleszthet\u0151 setupot keresnek. Egy tiszt\u00e1n alkalmi j\u00e1t\u00e9kosnak, aki ritk\u00e1n j\u00e1tszik, a befektet\u00e9s t\u00falzottnak t\u0171nhet, k\u00fcl\u00f6n\u00f6sen, ha nem igaz\u00e1n haszn\u00e1lja ki a k\u00f6zvetlen meghajt\u00e1sban rejl\u0151 lehet\u0151s\u00e9geket.<\/p>\n<p>A pozit\u00edvumok k\u00f6z\u00fcl az els\u0151 a csomag \u00e1ltal\u00e1nos koherenci\u00e1ja. A k\u00f6zvetlen meghajt\u00e1s\u00fa l\u00e1nctalppal, az ergonomikus F1 ker\u00e9kkel \u00e9s a funkcion\u00e1lis forgatty\u00fasker\u00e9kkel ez egy azonnal haszn\u00e1lhat\u00f3 csomag, amely nem t\u0171nik bark\u00e1csmunk\u00e1nak. A m\u00e1sodik az er\u0151visszacsatol\u00e1s min\u0151s\u00e9ge ehhez a term\u00e9kcsal\u00e1dhoz: a CSL DD m\u00e1r nagyon \u00e9les \u00e9rz\u00e9st ny\u00fajt, ami el\u00e9g ahhoz, hogy komolyan lehessen vele motorozni a piacon l\u00e9v\u0151 f\u0151bb szimul\u00e1torokon. V\u00e9g\u00fcl pedig a Fanatec \u00f6kosziszt\u00e9m\u00e1ba val\u00f3 integr\u00e1ci\u00f3 igazi plusz: egy olyan alapot v\u00e1s\u00e1rolsz, amelyhez m\u00e1s kerekeket, jobb hajt\u00f3karokat, tov\u00e1bbi perif\u00e9ri\u00e1kat is csatlakoztathatsz, an\u00e9lk\u00fcl, hogy a null\u00e1r\u00f3l kellene kezdened.<\/p>\n<p>Ami a korl\u00e1toz\u00e1sokat illeti, az els\u0151 az eredeti hajt\u00f3karra vonatkozik. Teszi a dolg\u00e1t, de hi\u00e1nyzik bel\u0151le a kifinomults\u00e1g azok sz\u00e1m\u00e1ra, akik az igazi f\u00e9kez\u00e9shez nagyon k\u00f6zeli f\u00e9k\u00e9rzetet keresnek, nagy ellen\u00e1ll\u00e1ssal \u00e9s nyom\u00e1s\u00e9rz\u00e9kel\u0151vel. Egy\u00e9rtelm\u0171en ez az az elem, amelyet el\u0151sz\u00f6r jav\u00edtani szeretne. M\u00e1sodik pont: az F1 Esports ker\u00e9k, b\u00e1r massz\u00edv \u00e9s kellemes, nem \u00e9ri el a Fanatec cs\u00facs kateg\u00f3ri\u00e1s kerekek kivitelez\u00e9si szintj\u00e9t, k\u00fcl\u00f6n\u00f6sen a pr\u00e9mium anyagok \u00e9s a \"profi\" \u00e9rz\u00e9s tekintet\u00e9ben. V\u00e9g\u00fcl, a csomag csak PC-s: akik vegyes konzol\/PC haszn\u00e1latban rem\u00e9nykednek, azoknak a k\u00edn\u00e1lat m\u00e1s konfigur\u00e1ci\u00f3ihoz kell fordulniuk.<\/p>\n<p>Az \u00e9rz\u00e9kelt \u00e9rt\u00e9ket tekintve \u00fagy \u00e9rezz\u00fck, hogy ugyanannyit fizet\u00fcnk egy val\u00f3di k\u00f6zvetlen meghajt\u00f3hoz val\u00f3 hozz\u00e1f\u00e9r\u00e9s\u00e9rt, mint a Fanatec \u00f6kosziszt\u00e9m\u00e1hoz val\u00f3 hozz\u00e1f\u00e9r\u00e9s\u00e9rt. Annak, aki szeretne fejl\u0151dni, t\u00f6bb szak\u00e1gat kipr\u00f3b\u00e1lni \u00e9s t\u00f6bb \u00e9ven kereszt\u00fcl fejleszteni a be\u00e1ll\u00edt\u00e1sait, a csomagnak van \u00e9rtelme: ez nem csak egy \u00f6r\u00f6mv\u00e1s\u00e1rl\u00e1s, hanem befektet\u00e9s egy olyan alapba, amely nem lesz elavult n\u00e9h\u00e1ny h\u00f3nap ut\u00e1n. Egy t\u00e9tova vagy alkalmi j\u00e1t\u00e9kos sz\u00e1m\u00e1ra nehezebben indokolhat\u00f3 a t\u00f6bbletk\u00f6lts\u00e9g egy egyszer\u0171bb ker\u00e9khez k\u00e9pest.<\/p>\n<h2>\u00cdt\u00e9let: egy igazi \"komoly bel\u00e9p\u0151jegy\" az F1 k\u00f6zvetlen hajt\u00e1s\u00e1nak vil\u00e1g\u00e1ba PC-n<\/h2>\n<p>Ez a Fanatec CSL DD Ready2Race F1 Esports csomag egy\u00e9rtelm\u0171en megv\u00e1ltoztatja a setup gerinc\u00e9t. Egy t\u00f6megpiaci korm\u00e1nyr\u00f3l egy komoly szimul\u00e1torversenyz\u00e9sre tervezett csomagra v\u00e1ltasz, tiszta, k\u00f6zvetlen meghajt\u00e1s\u00fa alappal, egy \u00e9rz\u00e9keny F1 ker\u00e9kkel \u00e9s egy tisztess\u00e9ges hajt\u00f3karral. Ez egy olyan k\u00e9szlet, amely \u00e1talak\u00edtja az aut\u00f3 olvas\u00e1s\u00e1t, k\u00fcl\u00f6n\u00f6sen az egy\u00fcl\u00e9ses \u00e9s GT versenyeken.<\/p>\n<p>A piacon szil\u00e1rd k\u00f6z\u00e9pkateg\u00f3ri\u00e1s k\u00f6zvetlen meghajt\u00f3k\u00e9nt van poz\u00edcion\u00e1lva, egy\u00e9rtelm\u0171 eSport f\u00f3kusszal. Nem j\u00e1t\u00e9k, \u00e9s nem is elitista teljes\u00edtm\u00e9nysz\u00f6rny: ez egy sarkalatos pont. Ide\u00e1lis azok sz\u00e1m\u00e1ra, akik megb\u00edzhat\u00f3 hardverrel szeretn\u00e9nek meg\u00e1llapodni, majd fokozatosan feljebb l\u00e9pni a perif\u00e9ri\u00e1kkal.<\/p>\n<p>Olyan PC-s szimul\u00e1torversenyz\u0151knek aj\u00e1nlom, akik val\u00f3ban el akarnak mer\u00fclni az F1-ben \u00e9s a kapcsol\u00f3d\u00f3 szak\u00e1gakban, akik hajland\u00f3ak egy kis id\u0151t sz\u00e1nni az FFB be\u00e1ll\u00edt\u00e1s\u00e1ra, \u00e9s akik a szimul\u00e1torversenyz\u00e9st rendszeres tev\u00e9kenys\u00e9gnek tekintik, nem pedig csak \u00e9rdekess\u00e9gnek. Annak, aki nagyon keveset aut\u00f3zik, vagy aki nem akar egy adott \u00f6kosziszt\u00e9m\u00e1hoz k\u00f6t\u0151dni, nem ez a legjobb v\u00e1laszt\u00e1s.<\/p>\n<p>Ha egy hiteles k\u00f6zvetlen meghajt\u00e1s\u00fa csomagot keresel, amely F1-k\u00f6zpont\u00fa, sk\u00e1l\u00e1zhat\u00f3 \u00e9s m\u00e1r k\u00e9szen \u00e1ll a komoly PC-s futtat\u00e1sra, akkor ez a term\u00e9k egy\u00e9rtelm\u0171en sokat sz\u00e1m\u00edthat a be\u00e1ll\u00edt\u00e1saidban.<\/p>","protected":false},"excerpt":{"rendered":"<p>Ez a csomag azt az \u00e9rz\u00e9st keltette bennem, mintha egy sokkal olvashat\u00f3bb \u00e9s kontroll\u00e1ltabb vezet\u00e9si st\u00edlusra v\u00e1ltottam volna, val\u00f3di ugr\u00e1ssal a pontoss\u00e1g \u00e9s az elm\u00e9ly\u00fcl\u00e9s ter\u00e9n, k\u00fcl\u00f6n\u00f6sen az F1-ben \u00e9s a GT-ben. Van \u00e9rtelme a motiv\u00e1lt PC-s szimul\u00e1toros versenyz\u0151knek, akiknek m\u00e1r van egy kis felszerel\u00e9s\u00fck, \u00e9s egy komoly, fejleszthet\u0151 direkt meghajt\u00e1s\u00fa alapot szeretn\u00e9nek, nem csak egy fogyaszt\u00f3i korm\u00e1nyt. Az \u00e9rt\u00e9ket tekintve az eg\u00e9sz csomag tov\u00e1bbra is koherens, ha hossz\u00fa t\u00e1von gondolkodunk.<\/p>","protected":false},"featured_media":100938,"comment_status":"open","ping_status":"closed","template":"","meta":{"_acf_changed":false,"_et_pb_use_builder":"","_et_pb_old_content":"","_et_gb_content_width":""},"product_brand":[158],"product_cat":[161,173],"product_tag":[149],"class_list":{"0":"post-100937","1":"product","2":"type-product","3":"status-publish","4":"has-post-thumbnail","6":"product_brand-fanatec","7":"product_cat-volant","8":"product_cat-volants-fanatec","9":"product_tag-pc","11":"first","12":"instock","13":"shipping-taxable","14":"product-type-external"},"acf":[],"_links":{"self":[{"href":"https:\/\/simracergear.com\/hu\/wp-json\/wp\/v2\/product\/100937","targetHints":{"allow":["GET"]}}],"collection":[{"href":"https:\/\/simracergear.com\/hu\/wp-json\/wp\/v2\/product"}],"about":[{"href":"https:\/\/simracergear.com\/hu\/wp-json\/wp\/v2\/types\/product"}],"replies":[{"embeddable":true,"href":"https:\/\/simracergear.com\/hu\/wp-json\/wp\/v2\/comments?post=100937"}],"wp:featuredmedia":[{"embeddable":true,"href":"https:\/\/simracergear.com\/hu\/wp-json\/wp\/v2\/media\/100938"}],"wp:attachment":[{"href":"https:\/\/simracergear.com\/hu\/wp-json\/wp\/v2\/media?parent=100937"}],"wp:term":[{"taxonomy":"product_brand","embeddable":true,"href":"https:\/\/simracergear.com\/hu\/wp-json\/wp\/v2\/product_brand?post=100937"},{"taxonomy":"product_cat","embeddable":true,"href":"https:\/\/simracergear.com\/hu\/wp-json\/wp\/v2\/product_cat?post=100937"},{"taxonomy":"product_tag","embeddable":true,"href":"https:\/\/simracergear.com\/hu\/wp-json\/wp\/v2\/product_tag?post=100937"}],"curies":[{"name":"wp","href":"https:\/\/api.w.org\/{rel}","templated":true}]}}