{"id":100947,"date":"2025-05-15T07:56:00","date_gmt":"2025-05-15T07:56:00","guid":{"rendered":"https:\/\/simracergear.com\/products\/fanatec-csl-dd-ready2race-f1-esports-premium-bundle-for-pc\/"},"modified":"2025-11-28T04:48:13","modified_gmt":"2025-11-28T04:48:13","slug":"fanatec-csl-dd-ready2race-f1-esports-premium-bundle-for-pc","status":"publish","type":"product","link":"https:\/\/simracergear.com\/hu\/products\/fanatec-csl-dd-ready2race-f1-esports-premium-bundle-for-pc\/","title":{"rendered":"Fanatec CSL DD Ready2Race F1 Esports Premium csomag PC-re"},"content":{"rendered":"<p>A \"komoly\" szimul\u00e1torversenyek kis vil\u00e1g\u00e1ban a Fanatec CSL DD Ready2Race F1 Esports Premium Bundle for PC egyfajta r\u00f6vid\u00edt\u00e9s. Direct Drive alap, F1 Esports-st\u00edlus\u00fa korm\u00e1nyker\u00e9k, ped\u00e1lok - minden \u00f6ssze van csomagolva, hogy az alapbe\u00e1ll\u00edt\u00e1sb\u00f3l egy egy\u00e9rtelm\u0171en teljes\u00edtm\u00e9nyorient\u00e1lt csomag legyen. Az \u00f6tlet egyszer\u0171: hiteles bel\u00e9p\u0151t k\u00edn\u00e1lni a Direct Drive vil\u00e1g\u00e1ba, an\u00e9lk\u00fcl, hogy belegabalyodn\u00e1nk az igaz\u00e1n cs\u00facskateg\u00f3ri\u00e1s k\u00edn\u00e1lat bonyolults\u00e1g\u00e1ba vagy \u00e1raiba.<\/p>\n<p>Pap\u00edron ez a csomag tiszta, pontos er\u0151visszacsatol\u00e1st \u00edg\u00e9r, elegend\u0151 nyomat\u00e9kkal ahhoz, hogy karaktert adjon a modern GT, F1 \u00e9s egy\u00fcl\u00e9ses aut\u00f3knak, mik\u00f6zben haszn\u00e1lhat\u00f3 marad egy asztali vagy k\u00f6z\u00e9pkateg\u00f3ri\u00e1s pil\u00f3taf\u00fclk\u00e9ben. Azokat c\u00e9lozza meg, akik egy \"dugd be, cs\u00edpd meg egy kicsit, vezesd\" komb\u00f3t szeretn\u00e9nek, de val\u00f3di vezet\u00e9si izgalmakkal, nem csak egy tov\u00e1bbfejlesztett j\u00e1t\u00e9kkal.<\/p>\n<p>Teh\u00e1t az \u00e9n szemsz\u00f6gem vil\u00e1gos: az er\u0151visszacsatol\u00e1s pontoss\u00e1ga, az \u00e9rz\u00e9sek min\u0151s\u00e9ge a k\u00fcl\u00f6nb\u00f6z\u0151 kateg\u00f3ri\u00e1j\u00fa aut\u00f3kban, a k\u00e9nyelem hossz\u00fa \u00fcl\u00e9sek sor\u00e1n \u00e9s a csomag k\u00e9pess\u00e9ge a vezet\u0151 fejl\u0151d\u00e9s\u00e9nek k\u00f6vet\u00e9s\u00e9re. A l\u00e9nyeg az, hogy kider\u00fclj\u00f6n, hogy a PC-s szimul\u00e1torok sz\u00e1m\u00e1ra, akik intelligens m\u00f3don szeretn\u00e9nek feljebb l\u00e9pni az \u00e1rkateg\u00f3ri\u00e1ban, ez a csomag val\u00f3di min\u0151s\u00e9gi ugr\u00e1st jelent-e, vagy csak egy praktikus megold\u00e1s a sok k\u00f6z\u00fcl.<\/p>\n<h2>Tervez\u00e9s \u00e9s gy\u00e1rt\u00e1s<\/h2>\n<p>Vizu\u00e1lisan a CSL DD alap \u00e9s az F1 Esports korm\u00e1nyker\u00e9k azonnal komoly benyom\u00e1st kelt. Maga az alap kompakt, f\u00e9mh\u00e9jjal, amely h\u0171t\u0151bordak\u00e9nt is funkcion\u00e1l. A k\u00e9zben s\u0171r\u0171s\u00e9get sug\u00e1roz, nincs j\u00e1t\u00e9k vagy nyikorg\u00e1s, \u00e9s a h\u00e1ts\u00f3 csatlakoz\u00f3k j\u00f3l integr\u00e1ltak. Olyan \u00e9rz\u00e9s, mintha egy massz\u00edv blokk lenne, amelyet \u00fagy terveztek, hogy ellen\u00e1lljon az \u00f3r\u00e1kig tart\u00f3 intenz\u00edv haszn\u00e1latnak.<\/p>\n<p>Az F1 Esports st\u00edlus\u00fa korm\u00e1nyker\u00e9k egy\u00e9rtelm\u0171en a csomag vizu\u00e1lis k\u00f6z\u00e9ppontja. El\u0151lap kompozit anyagb\u00f3l, markolat m\u0171b\u0151rb\u0151l vagy m\u0171b\u0151rb\u0151l, hat\u00e1rozott tapint\u00e1s\u00fa, tapint\u00e1ssal egy\u00e9rtelm\u0171en azonos\u00edthat\u00f3 gombok sora, f\u00e9m v\u00e1lt\u00f3f\u00fclek, egy\u00e9rtelm\u0171, hallhat\u00f3 kattan\u00e1ssal. Komoly, e-sportos term\u00e9knek t\u0171nik, a modern egyter\u0171ekhez \u00e9s GT-aut\u00f3khoz t\u00f6k\u00e9letesen illeszked\u0151, cs\u00f6kkentett \u00e1tm\u00e9r\u0151vel. K\u00f6nny\u0171 meg\u00e9rteni, mit csin\u00e1l az aut\u00f3, mert minden sz\u00e9pen a hely\u00e9re ker\u00fcl.<\/p>\n<p>A hajt\u00f3kar ink\u00e1bb funkcion\u00e1lis, mint pr\u00e9mium. Ac\u00e9lszerkezet\u0171, egyszer\u0171, de hat\u00e1sos megjelen\u00e9s\u0171, \u00e9s olyan robosztus benyom\u00e1st kelt, amely el\u00e9g j\u00f3 intenz\u00edv haszn\u00e1latra. A f\u00e9kek nem \u00e9rik el egy fels\u0151 kateg\u00f3ri\u00e1s teherb\u00edr\u00e1s\u00fa teherf\u00e9kes hajt\u00f3kar szintj\u00e9t, de az ellen\u00e1ll\u00e1s tisztess\u00e9ges, a l\u00f6ket pedig lehet\u0151v\u00e9 teszi a stresszmentes v\u00e1lt\u00e1st. Egy\u00e9rtelm\u0171: ez egy j\u00f3l meg\u00e9p\u00edtett k\u00f6z\u00e9pkateg\u00f3ri\u00e1s ker\u00e9kp\u00e1r, nem pedig egy l\u00e1tv\u00e1nyelem.<\/p>\n<p>Ahol egy kicsit csal\u00f3d\u00e1st okoz, az bizonyos, a CSL sorozatra jellemz\u0151 befejez\u0151 r\u00e9szletek: a korm\u00e1nyker\u00e9k egyes r\u00e9szeinek m\u0171anyagja kiss\u00e9 \"sz\u00e1raz\", a gombok \u00e9s egyes gombok kev\u00e9sb\u00e9 \u00e9rz\u0151dnek pr\u00e9miumnak, mint a magasabb kateg\u00f3ri\u00e1kban, a ped\u00e1lok pedig a tiszta tapint\u00e1s tekintet\u00e9ben egy kicsit kifinomultak. M\u00e1s Direct Drive bel\u00e9p\u0151\/k\u00f6z\u00e9pkateg\u00f3ri\u00e1s csomagokkal \u00f6sszehasonl\u00edtva maga az alap nagyon j\u00f3 benyom\u00e1st kelt, de a csomag t\u00f6bbi r\u00e9sze arra eml\u00e9keztet, hogy m\u00e9g mindig egy megfizethet\u0151re pozicion\u00e1lt aj\u00e1nlatr\u00f3l besz\u00e9l\u00fcnk.<\/p>\n<h2>Be\u00e1ll\u00edt\u00e1sok \u00e9s testreszab\u00e1s + kompatibilit\u00e1s<\/h2>\n<p>Ami a be\u00e1ll\u00edt\u00e1sokat illeti, a Fanatec k\u00e9tr\u00e9teg\u0171 k\u00e1rty\u00e1t j\u00e1tszik: a gyorsbe\u00e1ll\u00edt\u00e1sok az alapk\u00e9perny\u0151n \u00e9s a korm\u00e1nyker\u00e9ken l\u00e9v\u0151 gombokon kereszt\u00fcl, a speci\u00e1lis be\u00e1ll\u00edt\u00e1sok pedig a PC-s szoftveren kereszt\u00fcl \u00e9rhet\u0151k el. Az alapmen\u00fcben be\u00e1ll\u00edthatja a teljes er\u0151t, az FFB-t, az \u00e9rz\u00e9kenys\u00e9get, a sz\u0171r\u0151t, a s\u00farl\u00f3d\u00e1st \u00e9s a term\u00e9szetes csillap\u00edt\u00f3t. Egy PC-s felhaszn\u00e1l\u00f3 sz\u00e1m\u00e1ra ez b\u0151ven el\u00e9g ahhoz, hogy megtal\u00e1lja a st\u00edlus\u00e1nak megfelel\u0151 \u00e9rz\u00e9st.<\/p>\n<p>A f\u0151bb j\u00e1t\u00e9kokhoz tartoz\u00f3 Fanatec-el\u0151be\u00e1ll\u00edt\u00e1sok seg\u00edtenek a kezd\u00e9sben. A magam r\u00e9sz\u00e9r\u0151l els\u0151sorban az \u00e1ltal\u00e1nos er\u0151vel, a sz\u0171r\u00e9ssel \u00e9s egy kis csillap\u00edt\u00e1ssal j\u00e1tszottam, hogy bizonyos ideges aut\u00f3kn\u00e1l csillap\u00edtsam a leng\u00e9seket. A tanul\u00e1si g\u00f6rbe nem lek\u00fczdhetetlen: eleinte kicsit tapogat\u00f3zol, azt\u00e1n gyorsan tal\u00e1lsz k\u00e9t-h\u00e1rom profilt, amit a j\u00e1t\u00e9k t\u00edpus\u00e1t\u00f3l f\u00fcgg\u0151en (kem\u00e9ny szimul\u00e1tor, k\u00f6nnyebben hozz\u00e1f\u00e9rhet\u0151 szimul\u00e1tor, \u00e1rk\u00e1d szimul\u00e1tor) megtartasz.<\/p>\n<p>PC-n a csomag igazi er\u0151ss\u00e9ge a kompatibilit\u00e1s. Az alap m\u0171k\u00f6dik a legt\u00f6bb szimul\u00e1torral \u00e9s komoly versenyj\u00e1t\u00e9kkal a piacon, a korm\u00e1nyker\u00e9k minden nagyobb probl\u00e9ma n\u00e9lk\u00fcl felismerhet\u0151, a Fanatec \u00f6kosziszt\u00e9ma pedig rengeteg b\u0151v\u00edt\u00e9sre ad lehet\u0151s\u00e9get: m\u00e1s korm\u00e1nyker\u00e9k (GT, rally, kerek), fejlettebb ped\u00e1lok terhel\u00e9sm\u00e9r\u0151vel, szekvenci\u00e1lis vagy H alak\u00fa v\u00e1lt\u00f3, k\u00e9zif\u00e9k stb. A csomagot egy\u00e9rtelm\u0171en egy sz\u00e9lesebb \u00f6kosziszt\u00e9m\u00e1ba val\u00f3 bel\u00e9p\u00e9si pontk\u00e9nt tervezt\u00e9k.<\/p>\n<p>Ami a fejleszthet\u0151s\u00e9get illeti, olyan alapokon \u00e1llunk, amelyek t\u00f6bb \u00e9vig k\u00e9pesek t\u00e1mogatni egy szimul\u00e1tort. Kezdhetsz ezzel a teljes csomaggal, majd friss\u00edtheted a ped\u00e1lokat a f\u00e9kez\u00e9si pontoss\u00e1g jav\u00edt\u00e1sa \u00e9rdek\u00e9ben, hozz\u00e1adhatsz egy m\u00e1sik korm\u00e1nykereket a rallye- vagy endurance-versenyz\u00e9shez, \u00e9s v\u00e9g\u00fcl a pil\u00f3taf\u00fclk\u00e9t is megv\u00e1ltoztathatod, hogy a legt\u00f6bbet hozd ki a Direct Drive-b\u00f3l. Konzolokon ez a bizonyos csomag PC-orient\u00e1lt, \u00edgy ha kiz\u00e1r\u00f3lag konzolokon j\u00e1tszol, akkor ellen\u0151rizni kell az alap \u00e9s a csomag verzi\u00f3j\u00e1nak kompatibilit\u00e1s\u00e1t, de PC-s konfigur\u00e1ci\u00f3ban a c\u00e9l egy\u00e9rtelm\u0171 \u00e9s egys\u00e9ges.<\/p>\n<h2>\u00c9rzelmek a t\u00e9t<\/h2>\n<p>Ez az a pont, ahol a CSL DD igaz\u00e1n j\u00f3l \u00e9rv\u00e9nyes\u00fcl a hagyom\u00e1nyos sz\u00edjhajt\u00e1s\u00fa b\u00e1zisokhoz k\u00e9pest. Az els\u0151 dolog, ami felt\u0171nik, az az er\u0151visszacsatol\u00e1s tisztas\u00e1ga. Nincs \u00e9rz\u00e9s a sz\u00edj s\u00farl\u00f3d\u00e1s\u00e1r\u00f3l, nincs \u00e9rz\u00e9kelhet\u0151 k\u00e9sleltet\u00e9s, \u00e9s nagyon k\u00f6zvetlen reakci\u00f3 a fog\u00e1sv\u00e1ltoz\u00e1sokra \u00e9s a terhel\u00e9s\u00e1tvitelre. A korm\u00e1nyker\u00e9k gyorsan, t\u00falzott tehetetlens\u00e9g n\u00e9lk\u00fcl reag\u00e1l. \u00c9rezhet\u0151, hogy az aut\u00f3 \"\u00e9l\" a keze alatt.<\/p>\n<p>Kanyarod\u00e1skor az FFB viselked\u00e9se k\u00f6nnyen leolvashat\u00f3. J\u00f3l l\u00e1that\u00f3, hogy mikor kezd az els\u0151 r\u00e9sz cs\u00faszni, vagy mikor vesz\u00edt s\u00falyt a h\u00e1ts\u00f3 r\u00e9sz hosszan tart\u00f3 d\u0151l\u00e9s eset\u00e9n. A tapad\u00e1s \u00e9s a sikl\u00e1s k\u00f6z\u00f6tti \u00e1tmenet fokozatosabb, mint egy bel\u00e9p\u0151 szint\u0171 alapj\u00e1ratn\u00e1l: nem csak egy nagy korm\u00e1nymozdulatot kap, amely hirtelen k\u00f6nny\u0171v\u00e9 v\u00e1lik, hanem k\u00f6ztes jeleket. Ez igazi el\u0151ny, amikor egy kisodr\u00f3d\u00e1s korrig\u00e1l\u00e1s\u00e1r\u00f3l vagy a t\u00falkorm\u00e1nyzotts\u00e1g kezdeteinek elkap\u00e1s\u00e1r\u00f3l van sz\u00f3. B\u00e1trabb vagy, mert jobban \u00e9rted, hogy mi t\u00f6rt\u00e9nik.<\/p>\n<p>A tapad\u00e1si visszajelz\u00e9sek k\u00fcl\u00f6n\u00f6sen kellemesek a modern egy\u00fcl\u00e9ses \u00e9s GT aut\u00f3kon. A kanyarba val\u00f3 bel\u00e9p\u00e9skor \u00e9rezhet\u0151 a gumiabroncs tapad\u00e1s\u00e1nak mikrorezg\u00e9se, a korm\u00e1nyz\u00e1s kem\u00e9nyed\u00e9se a cs\u00facsponton, majd a g\u00e1zad\u00e1skor az enyhe elenged\u00e9s. Egy kev\u00e9sb\u00e9 er\u0151s \u00e9s v\u00e9konyabb alapon ezeket az \u00e1rnyalatokat gyakran elnyomja a kiss\u00e9 elmos\u00f3dott visszajelz\u00e9s. Itt, m\u00e9g akkor is, ha az \u00f6sszteljes\u00edtm\u00e9nyt nem toljuk a maximumra, az inform\u00e1ci\u00f3k tiszt\u00e1n \u00e9rkeznek. Azonnal meg\u00e9rti, hogy mit csin\u00e1l az aut\u00f3.<\/p>\n<p>A vibr\u00e1torokon a CSL DD \u00e9lesnek, de nem csukl\u00f3snak t\u0171nik. A lapos vibr\u00e1torok r\u00f6vid, tiszta rezg\u00e9ssel haladnak \u00e1t, m\u00edg az agressz\u00edvebb vibr\u00e1torok nagyon hangs\u00falyos impulzusokat k\u00fcldenek. Nem mesters\u00e9ges vibr\u00e1ci\u00f3 benyom\u00e1s\u00e1t kelti, hanem egy \u0151szint\u00e9bb mechanikus \u00e9rintkez\u00e9s\u00e9t. Egy er\u0151sebb alaphoz k\u00e9pest egy kicsit vesz\u00edt a nyers er\u0151szakb\u00f3l, de m\u00e9g mindig t\u00f6bb mint el\u00e9g r\u00e9szletess\u00e9ggel rendelkezik ahhoz, hogy tudja, mit csin\u00e1l.<\/p>\n<p>Hossz\u00fa munkamenetek sor\u00e1n az alap konzisztenci\u00e1ja megnyugtat\u00f3. Nincs aggaszt\u00f3 bemeleged\u00e9s, \u00e9s norm\u00e1l k\u00f6r\u00fclm\u00e9nyek k\u00f6z\u00f6tt sem \u00e9rz\u00e9kelhet\u0151 fokozatos teljes\u00edtm\u00e9nyveszt\u00e9s. A rendelkez\u00e9sre \u00e1ll\u00f3 nyomat\u00e9k stabil marad, \u00e9s a k\u00f6z\u00e9ppont \u00e9rz\u00e9se olyan egy\u00e9rtelm\u0171, mint mindig. Ami a k\u00e9nyelmet illeti, az az el\u0151nye annak, hogy nem egy ultraer\u0151s alapj\u00e1ratr\u00f3l van sz\u00f3, hogy hossz\u00fa ideig motorozhatsz an\u00e9lk\u00fcl, hogy az alkarodat kimer\u00edten\u00e9d. K\u00f6nny\u0171 megtal\u00e1lni az egyens\u00falyt az elm\u00e9ly\u00fcl\u00e9s \u00e9s a kitart\u00e1s k\u00f6z\u00f6tt.<\/p>\n<p>Gyors korrekci\u00f3kn\u00e1l, p\u00e9ld\u00e1ul kanyarb\u00f3l val\u00f3 kiugr\u00e1sn\u00e1l, a b\u00e1zis megakad\u00e1s n\u00e9lk\u00fcl k\u00f6veti. A visszajelz\u00e9s sz\u00e1raz \u00e9s pontos, de nem annyira brut\u00e1lis, hogy meglep\u0151 legyen. Ebben sokat seg\u00edt az F1 Esports kompaktabb korm\u00e1nykereke: k\u00f6nny\u0171, k\u00f6nnyen kezelhet\u0151, \u00e9s a gyors bemenetek j\u00f3l \u00e1tj\u00f6nnek. A Direct Drive alap + F1-st\u00edlus\u00fa korm\u00e1nyker\u00e9k komb\u00f3 nagyon k\u00f6zvetlen ir\u00e1ny\u00edt\u00e1s\u00e9rzetet ad. Ez az a pont, ahol az alap igaz\u00e1n megv\u00e1ltoztatja az \u00e9lm\u00e9nyt, k\u00fcl\u00f6n\u00f6sen, ha egy \"rugalmasabb\" er\u0151visszacsatol\u00e1s\u00fa korm\u00e1nyker\u00e9kr\u0151l \u00e9rkezt\u00e9l.<\/p>\n<p>Egy er\u0151sebb alaphoz, p\u00e9ld\u00e1ul egy nagyon cs\u00facskateg\u00f3ri\u00e1s Direct Drive-hoz k\u00e9pest a CSL DD olyan \u00e9rz\u00e9s, mintha \u00e9sszer\u0171bben j\u00e1tszana: kevesebb maxim\u00e1lis nyomat\u00e9k, kevesebb \"sokk\" a nagy \u00fctk\u00f6z\u00e9sekn\u00e9l. De otthoni haszn\u00e1latra \u00e9s egy nem felt\u00e9tlen\u00fcl ultramerev pil\u00f3taf\u00fclk\u00e9ben ez szinte el\u0151ny. T\u00f6bbet tudsz kihozni abb\u00f3l, amid van, an\u00e9lk\u00fcl, hogy visszafogn\u00e1d a teljes\u00edtm\u00e9nyt, hogy ne rezegjen minden.<\/p>\n<h2>Kinek + Mit szeret\u00fcnk \/ Mit nem szeret\u00fcnk<\/h2>\n<p>Ez a csomag egy\u00e9rtelm\u0171en a PC-s szimul\u00e1torosoknak sz\u00f3l, akik komoly el\u0151rel\u00e9p\u00e9st szeretn\u00e9nek tenni an\u00e9lk\u00fcl, hogy \u0151r\u00fclt be\u00e1ll\u00edt\u00e1sokba kezden\u00e9nek. Egy nagyon motiv\u00e1lt kezd\u0151, aki tudja, hogy sok munk\u00e1t kell beletennie, egy k\u00f6z\u00e9phalad\u00f3, aki m\u00e1r otthonosan mozog a klasszikus szimul\u00e1torokkal, vagy ak\u00e1r egy tapasztalt szimul\u00e1torrajong\u00f3, aki egy m\u00e1sodik, kompaktabb setupra v\u00e1gyik, mind tal\u00e1lhat benne kedv\u00e9re val\u00f3t. K\u00fcl\u00f6n\u00f6sen azoknak val\u00f3, akik sokat vezetnek egy\u00fcl\u00e9ses, F1-es, LMP-s, modern GT-ket \u00e9s prot\u00f3kat, tiszta, id\u0151orient\u00e1lt vezet\u00e9si st\u00edlussal.<\/p>\n<p>Amit a legjobban \u00e9rt\u00e9kelek, az a csomag konzisztencia\/teljes\u00edtm\u00e9ny ar\u00e1nya. A Direct Drive alap a pontoss\u00e1g \u00e9s a tisztas\u00e1g ter\u00e9n val\u00f3di l\u00f6k\u00e9st ad az FFB-nek, an\u00e9lk\u00fcl, hogy kezelhetetlenn\u00e9 v\u00e1lna. Az F1 Esports korm\u00e1nyker\u00e9k t\u00f6k\u00e9letesen alkalmazkodik a legt\u00f6bb modern szak\u00e1ghoz, \u00e9s val\u00f3di ir\u00e1ny\u00edt\u00e1s\u00e9rzetet ad, j\u00f3l elhelyezett kezel\u0151szervekkel az ERS, az \u00fczemanyag, a differenci\u00e1lm\u0171 stb. kezel\u00e9s\u00e9hez. V\u00e9g\u00fcl a Fanatec \u00f6kosziszt\u00e9ma azt jelenti, hogy ez a csomag nem \u00f6nc\u00e9l\u00fa, hanem egy szil\u00e1rd alap, amelyet tetsz\u00e9s szerint fejleszthetsz.<\/p>\n<p>M\u00e1sr\u00e9szt azonban vannak korl\u00e1tok, amelyeket szem el\u0151tt kell tartani. A mell\u00e9kelt hajt\u00f3kar, b\u00e1r megfelel\u0151, nem \u00e9ri el az ambici\u00f3zusabb teherb\u00edr\u00e1s\u00fa hajt\u00f3karok sz\u00ednvonal\u00e1t. A f\u00e9k adagol\u00e1sa kev\u00e9sb\u00e9 term\u00e9szetes \u00e9s kev\u00e9sb\u00e9 reproduk\u00e1lhat\u00f3, mint egy val\u00f3di nyom\u00e1s\u00e9rz\u00e9kel\u0151vel, ami nagyon ig\u00e9nyes szimul\u00e1torokon frusztr\u00e1l\u00f3 lehet. A korm\u00e1nyker\u00e9k, amely nagyon is modern F1\/GT kialak\u00edt\u00e1s\u00fa, nem ide\u00e1lis, ha sokat ralizol, driftelsz vagy r\u00e9gi aut\u00f3kat vezetsz, ahol egy sz\u00e9lesebb, kerek korm\u00e1nyker\u00e9k megfelel\u0151bb. V\u00e9g\u00fcl, az \u00e1ltal\u00e1nos kivitelez\u00e9s, b\u00e1r j\u00f3, nem \u00e9ri el a magasabb kateg\u00f3ri\u00e1k pr\u00e9mium szintj\u00e9t: egyes m\u0171anyagok kiss\u00e9 kem\u00e9nyek, \u00e9s az aut\u00f3 ink\u00e1bb t\u0171nik egy kicsit \"ipari sz\u00e9ri\u00e1nak\", mint luxusnak.<\/p>\n<p>\u00c9rt\u00e9k\u00e9t tekintve ez m\u00e9g mindig jelent\u0151s befektet\u00e9s, de akkor van \u00e9rtelme, ha olyan be\u00e1ll\u00edt\u00e1st szeretne, amely t\u00f6bb \u00e9vig tart. Az alap el\u00e9g er\u0151s ahhoz, hogy ne korl\u00e1tozza \u00d6nt t\u00fal gyorsan, \u00e9s az a t\u00e9ny, hogy k\u00e9s\u0151bb friss\u00edtheti a ped\u00e1llapot vagy m\u00e1s kerekeket is hozz\u00e1adhat, meger\u0151s\u00edti azt a benyom\u00e1st, hogy olyasmit v\u00e1s\u00e1rol, ami ink\u00e1bb \"fejl\u0151dik\", mint eldobhat\u00f3.<\/p>\n<h2>\u00cdt\u00e9let<\/h2>\n<p>A Fanatec CSL DD Ready2Race F1 Esports Premium Bundle for PC egy\u00e9rtelm\u0171en egy klasszikus szimul\u00e1toros versenyfelszerel\u00e9st alak\u00edt \u00e1t valami sokkal komolyabb\u00e1. A Direct Drive-ra v\u00e1lt\u00e1s m\u00e9g ilyen \u00e9sszer\u0171 teljes\u00edtm\u00e9ny mellett is megv\u00e1ltoztatja a kapott inform\u00e1ci\u00f3k finoms\u00e1g\u00e1t \u00e9s a korm\u00e1nyker\u00e9kbe vetett bizalmat. T\u00e1volodunk a \"jav\u00edtott j\u00e1t\u00e9k\" \u00e9rz\u00e9st\u0151l, \u00e9s sokkal k\u00f6zelebb ker\u00fcl\u00fcnk ahhoz, amit a teljes\u00edtm\u00e9nyorient\u00e1lt hardvert\u0151l elv\u00e1runk.<\/p>\n<p>A piacon ezt a csomagot k\u00f6z\u00e9pkateg\u00f3ri\u00e1s forg\u00f3k\u00e9nt poz\u00edcion\u00e1lj\u00e1k: j\u00f3val a bel\u00e9p\u0151 szint\u0171, sz\u00edjjal vagy fogasker\u00e9kkel ell\u00e1tott lendkerekek felett, de az exkluz\u00edv, fels\u0151 kateg\u00f3ri\u00e1s Direct Drive-ok t\u00falz\u00e1sa \u00e9s k\u00f6lts\u00e9gei n\u00e9lk\u00fcl. Ide\u00e1lis azok sz\u00e1m\u00e1ra, akik f\u0151k\u00e9nt PC-n hajtanak, kulcsrak\u00e9sz komb\u00f3t szeretn\u00e9nek, \u00e9s komoly el\u0151rel\u00e9p\u00e9st v\u00e1rnak an\u00e9lk\u00fcl, hogy minden \u00e9vben le kellene cser\u00e9lni\u00fck az \u00f6sszes hardver\u00fcket.<\/p>\n<p>Ha egy plug &amp; play csomagot keresel a PC-hez, amely k\u00e9pes megnyitni a Direct Drive vil\u00e1g\u00e1t egy tipikus F1\/GT korm\u00e1nyker\u00e9kkel \u00e9s rengeteg fejleszt\u00e9si lehet\u0151s\u00e9ggel, akkor ez a term\u00e9k nyilv\u00e1nval\u00f3an sokat sz\u00e1m\u00edthat a be\u00e1ll\u00edt\u00e1saidban.<\/p>","protected":false},"excerpt":{"rendered":"<p>Ez a csomag azt az \u00e9rz\u00e9st adta, hogy egy \"tisztess\u00e9ges\" be\u00e1ll\u00edt\u00e1sb\u00f3l egy igaz\u00e1n komoly vezet\u00e9si eszk\u00f6zz\u00e9 v\u00e1ltam, egy prec\u00edz korm\u00e1nyker\u00e9kkel \u00e9s olvashat\u00f3 er\u0151visszajelz\u00e9ssel, amely gyorsan bizalmat keltett bennem. Mindenekel\u0151tt a motiv\u00e1lt, modern F1\/GT orient\u00e1ci\u00f3j\u00fa PC-s szimul\u00e1torversenyz\u0151knek van \u00e9rtelme, akik szeretn\u00e9nek egy igazi l\u00e9p\u00e9st tenni el\u0151re an\u00e9lk\u00fcl, hogy a piac legfel\u00fclre menn\u00e9nek. A befektet\u00e9s a fejl\u0151d\u0151 \u00f6kosziszt\u00e9m\u00e1nak k\u00f6sz\u00f6nhet\u0151en koherens marad.<\/p>","protected":false},"featured_media":100948,"comment_status":"open","ping_status":"closed","template":"","meta":{"_acf_changed":false,"_et_pb_use_builder":"","_et_pb_old_content":"","_et_gb_content_width":""},"product_brand":[158],"product_cat":[161,173],"product_tag":[149],"class_list":{"0":"post-100947","1":"product","2":"type-product","3":"status-publish","4":"has-post-thumbnail","6":"product_brand-fanatec","7":"product_cat-volant","8":"product_cat-volants-fanatec","9":"product_tag-pc","11":"first","12":"instock","13":"shipping-taxable","14":"product-type-external"},"acf":[],"_links":{"self":[{"href":"https:\/\/simracergear.com\/hu\/wp-json\/wp\/v2\/product\/100947","targetHints":{"allow":["GET"]}}],"collection":[{"href":"https:\/\/simracergear.com\/hu\/wp-json\/wp\/v2\/product"}],"about":[{"href":"https:\/\/simracergear.com\/hu\/wp-json\/wp\/v2\/types\/product"}],"replies":[{"embeddable":true,"href":"https:\/\/simracergear.com\/hu\/wp-json\/wp\/v2\/comments?post=100947"}],"wp:featuredmedia":[{"embeddable":true,"href":"https:\/\/simracergear.com\/hu\/wp-json\/wp\/v2\/media\/100948"}],"wp:attachment":[{"href":"https:\/\/simracergear.com\/hu\/wp-json\/wp\/v2\/media?parent=100947"}],"wp:term":[{"taxonomy":"product_brand","embeddable":true,"href":"https:\/\/simracergear.com\/hu\/wp-json\/wp\/v2\/product_brand?post=100947"},{"taxonomy":"product_cat","embeddable":true,"href":"https:\/\/simracergear.com\/hu\/wp-json\/wp\/v2\/product_cat?post=100947"},{"taxonomy":"product_tag","embeddable":true,"href":"https:\/\/simracergear.com\/hu\/wp-json\/wp\/v2\/product_tag?post=100947"}],"curies":[{"name":"wp","href":"https:\/\/api.w.org\/{rel}","templated":true}]}}