{"id":100957,"date":"2025-05-15T07:56:00","date_gmt":"2025-05-15T07:56:00","guid":{"rendered":"https:\/\/simracergear.com\/products\/fanatec-csl-dd-ready2race-forza-motorsport-bundle-5-nm-for-xbox-pc\/"},"modified":"2025-11-28T04:53:05","modified_gmt":"2025-11-28T04:53:05","slug":"fanatec-csl-dd-ready2race-forza-motorsport-bundle-5-nm-for-xbox-pc","status":"publish","type":"product","link":"https:\/\/simracergear.com\/hu\/products\/fanatec-csl-dd-ready2race-forza-motorsport-bundle-5-nm-for-xbox-pc\/","title":{"rendered":"Fanatec CSL DD Ready2Race Forza Motorsport csomag (5 Nm) Xboxhoz \u00e9s PC-hez"},"content":{"rendered":"<h2>Fanatec CSL DD Ready2Race Forza Motorsport (5 Nm): a csomag, amely val\u00f3ban a k\u00f6vetkez\u0151 szintre emeli a dolgokat?<\/h2>\n<p>A Fanatec CSL DD Ready2Race Forza Motorsport Bundle (5 Nm) egy\u00e9rtelm\u0171en a \"komoly\" bel\u00e9p\u0151 a Direct Drive vil\u00e1g\u00e1ba Xboxon \u00e9s PC-n. M\u00e1r nem egy egyszer\u0171, sz\u00edjhajt\u00e1s\u00fa korm\u00e1nyr\u00f3l besz\u00e9l\u00fcnk, ami kezd\u0151knek val\u00f3, de m\u00e9g nem extr\u00e9m versenyz\u0151i alapon. Ez egy olyan csomag, amelyet azoknak terveztek, akik nem akarnak tov\u00e1bb \"j\u00e1tszani\" egy korm\u00e1nyker\u00e9kkel, hanem valami hiteles dologgal akarnak \"vezetni\".<\/p>\n<p>Pap\u00edron tiszta, prec\u00edz \u00e9s kompakt k\u00f6zvetlen meghajt\u00e1st \u00edg\u00e9r, Xbox Forza Motorsport st\u00edlus\u00fa korm\u00e1nyker\u00e9kkel \u00e9s egyszer\u0171, de fejleszthet\u0151 CSL ped\u00e1legys\u00e9ggel. Az \u00f6tlet l\u00e9nyege, hogy egy koherens, azonnal haszn\u00e1lhat\u00f3 csomagot k\u00edn\u00e1ljon, amely a piacon kaphat\u00f3 izmosabb szettekkel \u00f6sszehasonl\u00edtva megfizethet\u0151.<\/p>\n<p>Az \u00e9n szempontom itt egyszer\u0171: ez a csomag, az 5Nm-es v\u00e1ltozatban, val\u00f3di el\u0151rel\u00e9p\u00e9st k\u00edn\u00e1l az \u00e9rz\u00e9s szempontj\u00e1b\u00f3l a bel\u00e9p\u0151 szint\u0171\/k\u00f6z\u00e9pkateg\u00f3ri\u00e1s sz\u00edjhajt\u00e1s\u00fa korm\u00e1nyker\u00e9khez k\u00e9pest? Meg\u00e1llja-e a hely\u00e9t az id\u0151 m\u00fal\u00e1s\u00e1val a k\u00e9nyelem, az elm\u00e9ly\u00fcl\u00e9s \u00e9s a sokoldal\u00fas\u00e1g tekintet\u00e9ben, an\u00e9lk\u00fcl, hogy hat h\u00f3nap m\u00falva mindent le kellene cser\u00e9lni? \u00c9s mindenekel\u0151tt, kiegyens\u00falyozott-e az alap + korm\u00e1ny + ped\u00e1lok komb\u00f3, vagy az egyik elem egy\u00e9rtelm\u0171en leh\u00fazza a t\u00f6bbit?<\/p>\n<h2>Tervez\u00e9s \u00e9s gy\u00e1rt\u00e1s: egy kompakt, de komoly csomag<\/h2>\n<p>A k\u00e9zben a CSL DD base azonnal valami komolyabbat sug\u00e1roz, mint egy hagyom\u00e1nyos fogyaszt\u00f3i korm\u00e1nyker\u00e9k. A kompakt, s\u0171r\u0171 f\u00e9mtest egy t\u00f6m\u00f6r blokk benyom\u00e1s\u00e1t kelti. Az az \u00e9rz\u00e9s\u00fcnk, hogy arra k\u00e9sz\u00fclt, hogy szorosan tartsuk, \u00e9s soha ne mozduljon el. A be\u00e9p\u00edtett h\u0171t\u0151bord\u00e1k hozz\u00e1j\u00e1rulnak ehhez a \"tiszta\" term\u00e9k \u00e9rz\u00e9s\u00e9hez, amelyet \u00fagy terveztek, hogy hossz\u00fa ideig m\u0171k\u00f6dj\u00f6n t\u00falmeleged\u00e9s vagy agressz\u00edv ventil\u00e1torzaj n\u00e9lk\u00fcl.<\/p>\n<p>A mell\u00e9kelt, Xbox-orient\u00e1lt Forza Motorsport korm\u00e1nyker\u00e9k f\u00e9m \u00e9s m\u0171anyag kever\u00e9ke, a markolati z\u00f3na m\u00e9g mindig kellemes. Nem haute couture b\u0151r, de a fog\u00e1sa tisztess\u00e9ges, a gombok j\u00f3l \u00e9rz\u0151dnek az ujjak alatt, az ir\u00e1nykereszt \u00e9s az Xbox gombok pedig k\u00f6nnyen el\u00e9rhet\u0151ek. Ami szembet\u0171n\u0151, hogy az eg\u00e9sz nem t\u0171nik j\u00e1t\u00e9knak. \u00c9rezni, hogy nagyon rugalmas m\u0171anyag korm\u00e1nyker\u00e9kre \u00fcl\u00fcnk. A karika merevs\u00e9ge tisztess\u00e9ges, an\u00e9lk\u00fcl, hogy egy szinten lenne a m\u00e1rka fels\u0151kateg\u00f3ri\u00e1s felnijeivel.<\/p>\n<p>A lap\u00e1tok f\u00e9mesek, \u00e9les, tiszta kattan\u00e1ssal. Nem ultra-csendesek, de igazi mechanikus \u00e9rzetet keltenek. A teljes \u00f6sszeszerel\u00e9s tiszta, nincs t\u00falzott j\u00e1t\u00e9k vagy aggaszt\u00f3 nyikorg\u00e1s. A CSL ped\u00e1lok ezzel szemben egy kicsit \"vizu\u00e1lisan bel\u00e9p\u0151szint\u0171ek\": f\u00e9m \u00e9s m\u0171anyag, egyszer\u0171 kialak\u00edt\u00e1s\u00faak, de a megfelel\u0151 felszerel\u00e9s vagy r\u00f6gz\u00edt\u00e9s ut\u00e1n meglehet\u0151sen merev szerkezet\u0171ek. A ped\u00e1lok megfelel\u0151 ellen\u00e1ll\u00e1st ny\u00fajtanak a kezd\u0151k sz\u00e1m\u00e1ra, k\u00fcl\u00f6n\u00f6sen a f\u00e9k, amely bizonyos fok\u00fa progresszivit\u00e1st k\u00edn\u00e1l, m\u00e9g terhel\u00e9sm\u00e9r\u0151 n\u00e9lk\u00fcl is.<\/p>\n<p>A mainstream komplett k\u00e9szletekkel \u00f6sszehasonl\u00edtva s\u0171r\u0171s\u00e9get, \u00e9rz\u00e9kelhet\u0151 merevs\u00e9get \u00e9s \u00e1ltal\u00e1nos komolys\u00e1got nyer\u00fcnk. M\u00e1sr\u00e9szt, ha \u00f6sszehasonl\u00edtjuk ugyanezen m\u00e1rka fels\u0151kateg\u00f3ri\u00e1s korm\u00e1nykerekeivel \u00e9s felnijeivel, egy\u00e9rtelm\u0171, hogy ezt a csomagot visszafogottan tervezt\u00e9k: kev\u00e9sb\u00e9 f\u00e9ny\u0171z\u0151 fel\u00fcletek, valamivel egyszer\u0171bb anyagok a korm\u00e1nyker\u00e9ken \u00e9s a ped\u00e1lokon, de a pozicion\u00e1l\u00e1ssal \u00f6sszhangban.<\/p>\n<h2>Be\u00e1ll\u00edt\u00e1sok, testreszab\u00e1s \u00e9s kompatibilit\u00e1s: egy megnyugtat\u00f3 \u00f6kosziszt\u00e9ma<\/h2>\n<p>Ami a be\u00e1ll\u00edt\u00e1sokat illeti, a Fanatec h\u0171 marad a form\u00e1j\u00e1hoz: a param\u00e9terek nagy r\u00e9sz\u00e9t k\u00f6zvetlen\u00fcl a korm\u00e1nyker\u00e9kr\u0151l \u00e9s a talpr\u00f3l vez\u00e9relheti, majd a PC-s szoftver seg\u00edts\u00e9g\u00e9vel finomhangolhatja azokat. A k\u00fcl\u00f6nb\u00f6z\u0151 j\u00e1t\u00e9kokhoz be\u00e9p\u00edtett el\u0151be\u00e1ll\u00edt\u00e1sok els\u0151re nagyon hasznosak. Elind\u00edthatunk n\u00e9h\u00e1ny kulcsfontoss\u00e1g\u00fa c\u00edmet Xboxon vagy PC-n, \u00e9s m\u00e1ris kapunk valamit, ami kiegyens\u00falyozott, an\u00e9lk\u00fcl, hogy egy \u00f3r\u00e1t kellene a men\u00fckben t\u00f6lten\u00fcnk.<\/p>\n<p>Az igaz\u00e1n hasznos be\u00e1ll\u00edt\u00e1sok ott vannak: \u00e1ltal\u00e1nos er\u0151, sz\u0171r\u0151, effektek intenzit\u00e1sa, s\u00farl\u00f3d\u00e1s\u00e9rzet, interpol\u00e1ci\u00f3... A Direct Drive viselked\u00e9s\u00e9t a st\u00edlusodhoz igaz\u00edthatod, l\u00e1gyabb vagy durv\u00e1bb. Egy\u00e9rtelm\u0171en van egy tanul\u00e1si g\u00f6rbe, k\u00fcl\u00f6n\u00f6sen, ha a legt\u00f6bbet szeretn\u00e9 kihozni az FFB-b\u0151l. De az alapot viszonylag gyorsan ki lehet haszn\u00e1lni: m\u00e1r n\u00e9h\u00e1ny egyszer\u0171 be\u00e1ll\u00edt\u00e1ssal is meggy\u0151z\u0151 eredm\u00e9nyt \u00e9rhet el. Azok, akik szeretnek optimaliz\u00e1lni, m\u00e9lyebben bele\u00e1ss\u00e1k magukat az egyes param\u00e9terekbe, m\u00edg azok, akik r\u00f6gt\u00f6n j\u00e1tszani akarnak, nem vesznek el.<\/p>\n<p>Az Xbox- \u00e9s PC-kompatibilit\u00e1s a csomag igazi er\u0151ss\u00e9ge. Az Xbox gombok jelenl\u00e9te a korm\u00e1nyker\u00e9ken megk\u00f6nny\u00edti a konzolokon val\u00f3 haszn\u00e1latot, a felismer\u00e9s \u00e1ltal\u00e1ban k\u00f6zvetlen. PC-n a Fanatec \u00f6kosziszt\u00e9ma sz\u00e9les k\u00f6rben t\u00e1mogatott a f\u0151bb szimul\u00e1toros versenyj\u00e1t\u00e9kok \u00e9s az \u00e1rk\u00e1d st\u00edlus\u00fa versenyj\u00e1t\u00e9kok \u00e1ltal. Csak csatlakoztassa, v\u00e1lassza ki a profilt vagy rendelje hozz\u00e1 a vez\u00e9rl\u0151ket, \u00e9s m\u00e1r indulhat is.<\/p>\n<p>A k\u00f6rnyez\u0151 \u00f6kosziszt\u00e9ma mindent megv\u00e1ltoztat: k\u00e9s\u0151bb lecser\u00e9lheted a korm\u00e1nyt egy versenyszer\u0171bb modellre, H vagy szekvenci\u00e1lis v\u00e1lt\u00f3t, anal\u00f3g k\u00e9zif\u00e9ket adhatsz hozz\u00e1, teherb\u00edr\u00f3 modulral friss\u00edtheted a leng\u0151karokat, vagy ak\u00e1r 8 Nm-re n\u00f6velheted a l\u00e1nct\u00e1maszt az upgrade kit seg\u00edts\u00e9g\u00e9vel, ha m\u00e9g nem rendelkezel ilyennel. Ez egy\u00e9rtelm\u0171en egy bel\u00e9p\u00e9si pont valami jelent\u0151sebbhez, an\u00e9lk\u00fcl, hogy zs\u00e1kutca lenne. A csomag tart\u00f3s alapk\u00e9nt funkcion\u00e1l, amely fokozatosan fejleszthet\u0151, ami igaz\u00e1n nagyra \u00e9rt\u00e9kelhet\u0151, ha nem akarsz mindent egyszerre megvenni.<\/p>\n<h2>J\u00e1t\u00e9k k\u00f6zbeni \u00e9rz\u00e9sek: ahol a Direct Drive val\u00f3ban megv\u00e1ltoztatja a j\u00e1t\u00e9kot<\/h2>\n<p>A virtu\u00e1lis p\u00e1ly\u00e1n a legegy\u00e9rtelm\u0171bb k\u00fcl\u00f6nbs\u00e9g a sz\u00edjhajt\u00e1s\u00fa korm\u00e1nyker\u00e9khez k\u00e9pest az er\u0151visszacsatol\u00e1s pontoss\u00e1ga. Az 5 Nm-n\u00e9l nem er\u0151szakr\u00f3l, hanem finoms\u00e1gr\u00f3l besz\u00e9l\u00fcnk. A tapad\u00e1sr\u00f3l sz\u00f3l\u00f3 apr\u00f3 inform\u00e1ci\u00f3morzs\u00e1k, a tapad\u00e1s mikro-vesztes\u00e9gei, az alulkorm\u00e1nyzotts\u00e1g \u00e9s a t\u00falkorm\u00e1nyzotts\u00e1g k\u00f6z\u00f6tti \u00e1tmenetek mind-mind tov\u00e1bb\u00edt\u00e1sra ker\u00fclnek a korm\u00e1nyker\u00e9k fel\u00e9. Gyorsan \u00e9rezhet\u0151, hogy a gumik mikor kezdenek elakadni. Azonnal meg\u00e9rti, hogy mit csin\u00e1l az aut\u00f3.<\/p>\n<p>Gyors kanyarokban a korm\u00e1nyz\u00e1s stabil \u00e9s j\u00f3l leolvashat\u00f3 marad. A nyomat\u00e9k nem monstre, \u00edgy nincs az az \u00e9rz\u00e9sed, hogy fizikailag k\u00fczdesz az alapj\u00e1rattal. Ink\u00e1bb olyan, mint egy korm\u00e1nyker\u00e9k, amelyet k\u00f6nny\u0171 ir\u00e1ny\u00edtani, mik\u00f6zben egy\u00e9rtelm\u0171en k\u00f6zvet\u00edti az er\u0151fesz\u00edt\u00e9seidet. A nappaliban vagy egy kis pil\u00f3taf\u00fclk\u00e9ben t\u00f6rt\u00e9n\u0151 konzolos haszn\u00e1lathoz ez egy j\u00f3 kompromisszum: megtartja a Direct Drive-ra jellemz\u0151 precizit\u00e1st an\u00e9lk\u00fcl, hogy ultra merev v\u00e1zra lenne sz\u00fcks\u00e9ge, amely ellen\u00e1ll a sz\u00e9ls\u0151s\u00e9ges er\u0151knek.<\/p>\n<p>A fog\u00e1solvas\u00e1s igazi er\u0151ss\u00e9g. Sz\u00e1raz p\u00e1ly\u00e1n a korm\u00e1ny finom jeleket ad: enyhe k\u00f6nny\u00edt\u00e9s a blokkol\u00e1s kezdet\u00e9n, finom rezg\u00e9s a sz\u00e9leken, v\u00e1ltoz\u00f3 ellen\u00e1ll\u00e1s, ha v\u00e1ltoztatja a sz\u00f6get vagy a terhel\u00e9st. Nedves \u00faton vagy leromlott fel\u00fcleten a v\u00e1ltoz\u00e1sok el\u00e9g egy\u00e9rtelm\u0171ek ahhoz, hogy el\u0151re jelezze a tapad\u00e1s elveszt\u00e9s\u00e9t. Nem kapja meg az er\u0151sebb alapoz\u00e1s \u00e9rz\u00e9kszervi er\u0151szakoss\u00e1g\u00e1t, de \u00f6nbizalmat nyer. Pontosan az\u00e9rt mered egy kicsit messzebbre tolni az aut\u00f3t, mert jobban le tudod olvasni, mi t\u00f6rt\u00e9nik.<\/p>\n<p>A rezg\u00e9sek \u00e9s \u00e9lek j\u00f3l reproduk\u00e1lhat\u00f3k, k\u00fcl\u00f6n\u00f6sen azokban a j\u00e1t\u00e9kokban, amelyek megfelel\u0151en kezelik ezeket az effektusokat. \u00c9rezni lehet a text\u00far\u00e1t, a frekvenci\u00e1t, an\u00e9lk\u00fcl, hogy mesters\u00e9ges remeg\u00e9s lenne. Ez\u00e1ltal elker\u00fclhet\u0151 a \"vibr\u00e1l\u00f3 kontroller\" hat\u00e1s, \u00e9s az ir\u00e1ny\u00edt\u00e1ssal \u00f6sszhangban marad. Ez az a pont, ahol az alap val\u00f3ban megv\u00e1ltoztatja az \u00e9lm\u00e9nyt: a korm\u00e1nyker\u00e9k reakci\u00f3i mintha az aut\u00f3hoz kapcsol\u00f3dn\u00e1nak, nem csak a szkriptekhez.<\/p>\n<p>Hossz\u00fa munkamenetek sor\u00e1n a m\u00e9rs\u00e9kelt 5 Nm-es nyomat\u00e9k a k\u00e9nyelem szempontj\u00e1b\u00f3l el\u0151ny\u00e9re v\u00e1lik. Egym\u00e1s ut\u00e1n sorakoztathatod fel a szakaszokat an\u00e9lk\u00fcl, hogy az alkar elf\u00e1rad\u00e1sa miatt let\u00e9rn\u00e9l a p\u00e1ly\u00e1r\u00f3l. A konzisztencia j\u00f3: nincs t\u00falzott felmeleged\u00e9s, nincs az az \u00e9rz\u00e9s, hogy az \u00fcl\u00e9s sor\u00e1n vesz\u00edtene az er\u0151b\u0151l. A Direct Drive a mechanikus g\u00f6rd\u00fcl\u00e9kenys\u00e9g \u00e9rz\u00e9s\u00e9t adja, nincsenek sz\u00edjak vagy fogaskerekek, amelyek megsz\u0171rn\u00e9k vagy torz\u00edtan\u00e1k a jelet.<\/p>\n<p>Gyors korrekci\u00f3k eset\u00e9n az alap gyorsan reag\u00e1l. A korm\u00e1nyker\u00e9k kisz\u00e1m\u00edthat\u00f3 m\u00f3don visszat\u00e9r, k\u00f6nny\u00edt \u00e9s kem\u00e9nyedik. A megcs\u00fasz\u00e1s, a t\u00falkorm\u00e1nyzotts\u00e1g vagy egy kisebb f\u00e9kez\u00e9si hiba megfog\u00e1sa intuit\u00edvabb\u00e1 v\u00e1lik. Egy kev\u00e9sb\u00e9 er\u0151s sz\u00edjhajt\u00e1s\u00fa korm\u00e1nyker\u00e9khez k\u00e9pest egy\u00e9rtelm\u0171en \u00e9rezhet\u0151 a javul\u00f3 reakci\u00f3k\u00e9szs\u00e9g \u00e9s a jel tisztas\u00e1ga. Egy er\u0151sebb Direct Drive (8-10 Nm felett) korm\u00e1nyker\u00e9kkel \u00f6sszehasonl\u00edtva nyilv\u00e1nval\u00f3an vesz\u00edt a nyers intenzit\u00e1sb\u00f3l \u00e9s a fizikai \"r\u00e1zk\u00f3d\u00e1sokb\u00f3l\", de a l\u00e9nyeg megmarad: az esem\u00e9nyek finom leolvas\u00e1sa \u00e9s a nagyon kellemes ir\u00e1ny\u00edt\u00e1s.<\/p>\n<p>Az \u00e1ltal\u00e1nos mer\u00edt\u00e9s szil\u00e1rd egy ilyen szint\u0171 csomaghoz k\u00e9pest. Elegend\u0151 visszajelz\u00e9st \u00e9s inform\u00e1ci\u00f3t kapunk ahhoz, hogy \u00fagy \u00e9rezz\u00fck, kapcsolatban \u00e1llunk az aut\u00f3val, an\u00e9lk\u00fcl, hogy megf\u00e9leml\u00edt\u0151 lenne. A v\u00e9g\u00e9n olyan korm\u00e1nyt kapsz, ami arra k\u00e9sztet, hogy fejl\u0151dj, hogy dolgozz a p\u00e1ly\u00e1kon, a f\u00e9kez\u00e9si pontokon \u00e9s a kanyarokban. Sok j\u00e1t\u00e9kos sz\u00e1m\u00e1ra ez egy igazi vil\u00e1gmegv\u00e1lt\u00e1s az els\u0151 korm\u00e1nyker\u00e9khez k\u00e9pest.<\/p>\n<h2>Kinek sz\u00f3l? Val\u00f3di er\u0151ss\u00e9gek \u00e9s gyenges\u00e9gek<\/h2>\n<p>A CSL DD Ready2Race Forza Motorsport 5 Nm els\u0151sorban k\u00e9t profilt c\u00e9loz meg: motiv\u00e1lt kezd\u0151ket, akik egyb\u0151l egy hiteles, fejleszthet\u0151 be\u00e1ll\u00edt\u00e1sba szeretn\u00e9nek belev\u00e1gni, \u00e9s k\u00f6z\u00e9phalad\u00f3 j\u00e1t\u00e9kosokat, akiknek eleg\u00fck van a bel\u00e9p\u0151 szint\u0171 korm\u00e1nykerekekb\u0151l, \u00e9s szeretn\u00e9nek Direct Drive-ra v\u00e1ltani an\u00e9lk\u00fcl, hogy elsz\u00farn\u00e1k a k\u00f6lts\u00e9gvet\u00e9s\u00fcket. Az Xboxon k\u00fcl\u00f6n\u00f6sen azok sz\u00e1m\u00e1ra \u00e9rdekes, akik egy azonnal haszn\u00e1lhat\u00f3, elismert \u00e9s stabil komb\u00f3t szeretn\u00e9nek. PC-n tov\u00e1bbra is rendk\u00edv\u00fcl relev\u00e1ns, k\u00fcl\u00f6n\u00f6sen, ha ki akarod haszn\u00e1lni a Fanatec \u00f6kosziszt\u00e9m\u00e1j\u00e1t.<\/p>\n<p>Az egyik dolog, amit a legjobban \u00e9rt\u00e9kelek, az az er\u0151visszacsatol\u00e1s min\u0151s\u00e9ge enn\u00e9l a teljes\u00edtm\u00e9nyn\u00e9l. A visszajelz\u00e9s tiszta, pontos \u00e9s k\u00f6nnyen leolvashat\u00f3. T\u00e9nyleg \u00e9rezhet\u0151 a k\u00fcl\u00f6nbs\u00e9g a hagyom\u00e1nyos sz\u00edjhajt\u00e1s\u00fa lendker\u00e9khez k\u00e9pest, an\u00e9lk\u00fcl, hogy t\u00falz\u00e1sba esne. R\u00e1ad\u00e1sul az alapzat t\u00f6m\u00f6rs\u00e9ge \u00e9s kivitelez\u00e9se azt jelenti, hogy k\u00f6nnyen integr\u00e1lhat\u00f3 egy \u00edr\u00f3asztalba vagy egy k\u00f6nny\u0171 pil\u00f3taf\u00fclk\u00e9be, t\u00fal sok megk\u00f6t\u00e9s n\u00e9lk\u00fcl. V\u00e9g\u00fcl a Fanatec \u00f6kosziszt\u00e9ma \u00e9s a csomag b\u0151v\u00edthet\u0151s\u00e9ge (korm\u00e1nyker\u00e9k, ped\u00e1lok, teljes\u00edtm\u00e9nyn\u00f6vel\u00e9s, v\u00e1lt\u00f3k) id\u0151vel koherens befektet\u00e9ss\u00e9 teszi. Nem egy zs\u00e1kutc\u00e1t veszel, hanem egy platformot.<\/p>\n<p>Vannak azonban korl\u00e1tok. Az els\u0151 az 5 Nm-es teljes\u00edtm\u00e9ny, amely b\u00e1r a legt\u00f6bb j\u00e1t\u00e9kos sz\u00e1m\u00e1ra elegend\u0151, de azok, akik nagyon fizikai \u00e9rz\u00e9st keresnek, vagy akiknek m\u00e1r van egy er\u0151s alapjuk, t\u00f6bbet szeretn\u00e9nek. A kompromisszum egy\u00e9rtelm\u0171en a hozz\u00e1f\u00e9rhet\u0151s\u00e9get jelenti. A m\u00e1sodik az alap CSL leng\u0151kar, amely kezd\u0151knek t\u00f6k\u00e9letesen megfelel, de megmutatja a korl\u00e1tait, ha fejlettebb f\u00e9kez\u00e9si jeleket keresel; a komolyabb szimul\u00e1toros versenyz\u00e9shez k\u00f6z\u00e9pt\u00e1von szinte elker\u00fclhetetlenn\u00e9 v\u00e1lik a terhel\u00e9sm\u00e9r\u0151re val\u00f3 friss\u00edt\u00e9s. Harmadszor, a korm\u00e1nyker\u00e9k kivitelez\u00e9se tisztess\u00e9ges, de nem pr\u00e9mium: egyes anyagok \u00e9s a tapint\u00e1s egy k\u00f6z\u00e9pkateg\u00f3ri\u00e1s term\u00e9kre eml\u00e9keztet, nem pedig egy fels\u0151kateg\u00f3ri\u00e1s felnire.<\/p>\n<p>Az \u00e9rz\u00e9kelt \u00e9rt\u00e9ket tekintve a csomag tov\u00e1bbra is jelent\u0151s beruh\u00e1z\u00e1s, de val\u00f3di min\u0151s\u00e9gi el\u0151rel\u00e9p\u00e9st jelent. Fizetsz a Direct Drive-\u00e9rt, az Xbox\/PC-kompatibilit\u00e1s\u00e9rt, egy teljes \u00f6kosziszt\u00e9m\u00e1\u00e9rt \u00e9s egy olyan alap\u00e9rt, amely sz\u00e1mos be\u00e1ll\u00edt\u00e1si friss\u00edt\u00e9st t\u00e1mogat. Valaki sz\u00e1m\u00e1ra, aki tudja, hogy a szimul\u00e1toros versenyz\u00e9sben fog maradni, a befektet\u00e9s\/\u00e9lettartam ar\u00e1ny el\u00e9g j\u00f3.<\/p>\n<h2>\u00cdt\u00e9let: egy igazi fordulat az \"igazi\" szimul\u00e1toros versenyz\u00e9shez<\/h2>\n<p>Ez a Fanatec CSL DD Ready2Race Forza Motorsport 5 Nm csomag mindenekel\u0151tt egy dolgot v\u00e1ltoztat meg egy be\u00e1ll\u00edt\u00e1sban: a k\u00f6zted \u00e9s az aut\u00f3 k\u00f6z\u00f6tti kapcsolat min\u0151s\u00e9g\u00e9t. Egy olyan korm\u00e1nyker\u00e9kt\u0151l, amely egy kicsit \"szimul\u00e1lja\" az utat, egy olyan alapra v\u00e1ltasz, amely val\u00f3ban k\u00f6zvet\u00edti, amit a virtu\u00e1lis fut\u00f3m\u0171 csin\u00e1l. A Direct Drive precizit\u00e1sa m\u00e9g 5 Nm-n\u00e9l is t\u00f6bb, mint el\u00e9g ahhoz, hogy \u00e1talak\u00edtsa a vezet\u00e9si m\u00f3dot, a korrekci\u00f3t \u00e9s a tapad\u00e1s \u00e9rz\u00e9s\u00e9t.<\/p>\n<p>A piacon ez a csomag egy\u00e9rtelm\u0171en k\u00f6z\u00e9pkateg\u00f3ri\u00e1s pivotk\u00e9nt poz\u00edcion\u00e1l\u00f3dik: a klasszikus t\u00f6megpiaci korm\u00e1nyok f\u00f6l\u00f6tt, de a cs\u00facskateg\u00f3ri\u00e1s, er\u0151sen felszerelt ped\u00e1lokkal ell\u00e1tott Direct Drive-alapok alatt. Ez egy olyan megold\u00e1s, amely sok komoly j\u00e1t\u00e9kos sz\u00e1m\u00e1ra \u00e9rtelmes, an\u00e9lk\u00fcl, hogy az ultra-szimul\u00e1torosokat c\u00e9lozn\u00e1 meg, akik m\u00e1r az elej\u00e9t\u0151l kezdve mindent akarnak.<\/p>\n<p>Azoknak a rendszeres j\u00e1t\u00e9kosoknak aj\u00e1nlom, akik szeretn\u00e9k a k\u00f6vetkez\u0151 szintre emelni j\u00e1t\u00e9k\u00e9lm\u00e9ny\u00fcket, \u00e9s akiknek tetszik az \u00f6tlet, hogy hardver\u00fcket fokozatosan integr\u00e1lj\u00e1k a Fanatec \u00f6kosziszt\u00e9m\u00e1ba. Aki csak alkalmank\u00e9nt j\u00e1tszik, vagy csak egy ultraolcs\u00f3 megold\u00e1st keres, annak nem ez lesz a legjobb v\u00e1laszt\u00e1s. Hasonl\u00f3k\u00e9ppen, ha r\u00f6gt\u00f6n nagyon nagy teljes\u00edtm\u00e9nyre \u00e9s egy versenyped\u00e1lra v\u00e1gysz, akkor jobban j\u00e1rsz, ha k\u00f6zvetlen\u00fcl feljebb keresel.<\/p>\n<p>Ha az els\u0151 igazi Xbox\/PC Direct Drive-ot keresed, amely komoly, sk\u00e1l\u00e1zhat\u00f3 \u00e9s m\u00e1r most mindennapos sz\u00f3rakoz\u00e1st ny\u00fajt, akkor ez a term\u00e9k mindent megv\u00e1ltoztathat a be\u00e1ll\u00edt\u00e1saidban.<\/p>","protected":false},"excerpt":{"rendered":"<p>Ez a csomag olyan \u00e9rz\u00e9st keltett bennem, mintha egy \"j\u00e1t\u00e9k\" korm\u00e1nyker\u00e9kr\u0151l egy komoly vezet\u00e9si eszk\u00f6zre v\u00e1ltottam volna, sokkal egy\u00e9rtelm\u0171bb kapcsolattal az aut\u00f3hoz. Van \u00e9rtelme a rendszeres Xbox vagy PC j\u00e1t\u00e9kosoknak, akik el\u0151sz\u00f6r szeretn\u00e9nek egy hiteles, fejleszthet\u0151 Direct Drive-ot. Az eg\u00e9sz csomag k\u00f6vetkezetes \u00e9rt\u00e9ket k\u00edn\u00e1l, ha ragaszkodsz a szimul\u00e1toros versenyz\u00e9shez.<\/p>","protected":false},"featured_media":100958,"comment_status":"open","ping_status":"closed","template":"","meta":{"_acf_changed":false,"_et_pb_use_builder":"","_et_pb_old_content":"","_et_gb_content_width":""},"product_brand":[158],"product_cat":[161,173,170,169],"product_tag":[149,160],"class_list":{"0":"post-100957","1":"product","2":"type-product","3":"status-publish","4":"has-post-thumbnail","6":"product_brand-fanatec","7":"product_cat-volant","8":"product_cat-volants-fanatec","9":"product_cat-volants-xbox-one","10":"product_cat-volants-xbox-series-x-s","11":"product_tag-pc","12":"product_tag-xbox","14":"first","15":"instock","16":"shipping-taxable","17":"product-type-external"},"acf":[],"_links":{"self":[{"href":"https:\/\/simracergear.com\/hu\/wp-json\/wp\/v2\/product\/100957","targetHints":{"allow":["GET"]}}],"collection":[{"href":"https:\/\/simracergear.com\/hu\/wp-json\/wp\/v2\/product"}],"about":[{"href":"https:\/\/simracergear.com\/hu\/wp-json\/wp\/v2\/types\/product"}],"replies":[{"embeddable":true,"href":"https:\/\/simracergear.com\/hu\/wp-json\/wp\/v2\/comments?post=100957"}],"wp:featuredmedia":[{"embeddable":true,"href":"https:\/\/simracergear.com\/hu\/wp-json\/wp\/v2\/media\/100958"}],"wp:attachment":[{"href":"https:\/\/simracergear.com\/hu\/wp-json\/wp\/v2\/media?parent=100957"}],"wp:term":[{"taxonomy":"product_brand","embeddable":true,"href":"https:\/\/simracergear.com\/hu\/wp-json\/wp\/v2\/product_brand?post=100957"},{"taxonomy":"product_cat","embeddable":true,"href":"https:\/\/simracergear.com\/hu\/wp-json\/wp\/v2\/product_cat?post=100957"},{"taxonomy":"product_tag","embeddable":true,"href":"https:\/\/simracergear.com\/hu\/wp-json\/wp\/v2\/product_tag?post=100957"}],"curies":[{"name":"wp","href":"https:\/\/api.w.org\/{rel}","templated":true}]}}