{"id":100975,"date":"2025-05-15T07:57:00","date_gmt":"2025-05-15T07:57:00","guid":{"rendered":"https:\/\/simracergear.com\/products\/fanatec-csl-dd-ready2race-mclaren-elite-bundle-8-nm-for-xbox-pc\/"},"modified":"2025-11-28T04:54:20","modified_gmt":"2025-11-28T04:54:20","slug":"fanatec-csl-dd-ready2race-mclaren-elite-bundle-8-nm-for-xbox-pc","status":"publish","type":"product","link":"https:\/\/simracergear.com\/hu\/products\/fanatec-csl-dd-ready2race-mclaren-elite-bundle-8-nm-for-xbox-pc\/","title":{"rendered":"Fanatec CSL DD Ready2Race McLaren Elite csomag (8 Nm) Xboxhoz \u00e9s PC-hez"},"content":{"rendered":"<h2>Fanatec CSL DD Ready2Race McLaren Elite csomag (8 Nm) : teszt \u00e9s teljes \u00e9rt\u00e9kel\u00e9s<\/h2>\n<p>A Fanatec CSL DD Ready2Race McLaren Elite Bundle (8 Nm) egy\u00e9rtelm\u0171en \"komoly\" csomagk\u00e9nt van poz\u00edcion\u00e1lva a Direct Drive-ra val\u00f3 \u00e1t\u00e1ll\u00e1shoz, an\u00e9lk\u00fcl, hogy a cs\u00facsra ugran\u00e1nk. A bel\u00e9p\u0151 szint\u0171 sz\u00edjhajt\u00e1s\u00fa alapok \u00e9s a teljes\u00edtm\u00e9nysz\u00f6rnyek k\u00f6z\u00f6tt ez a csomag a megfelel\u0151 egyens\u00falyt igyekszik megteremteni: izgalmak, Xbox\/PC kompatibilit\u00e1s \u00e9s egy McLaren korm\u00e1ny, amely k\u00f6zvetlen\u00fcl a GT \u00e9s F1 rajong\u00f3khoz sz\u00f3l.<\/p>\n<p>Ez a csomag mindenekel\u0151tt k\u00e9t dolgot \u00edg\u00e9r: a hagyom\u00e1nyos korm\u00e1nyker\u00e9khez k\u00e9pest nagy ugr\u00e1s a mer\u00edt\u00e9sben, \u00e9s egy szinte kulcsrak\u00e9sz be\u00e1ll\u00edt\u00e1s a gyors vezet\u00e9shez an\u00e9lk\u00fcl, hogy mindent magadnak kellene \u00f6sszeraknod. A tesztel\u00e9s sor\u00e1n szem el\u0151tt tartottam a k\u00f6vetkez\u0151 szempontokat: pontos er\u0151visszacsatol\u00e1s, hossz\u00fa t\u00e1von k\u00e9nyelmes haszn\u00e1lat, \u00e9s val\u00f3di \u00e1r-\u00e9rt\u00e9k ar\u00e1ny egy \"ig\u00e9nyes, de \u00e9sszer\u0171 szimul\u00e1torversenyz\u0151i\" kontextusban.<\/p>\n<p>Egy\u00e9rtelm\u0171, hogy a Fanatec azokat a j\u00e1t\u00e9kosokat c\u00e9lozza meg, akiknek eleg\u00fck van a \"j\u00e1t\u00e9k\" hardverekb\u0151l, \u00e9s olyasmit szeretn\u00e9nek, ami hiteles, merev \u00e9s fejleszthet\u0151, an\u00e9lk\u00fcl, hogy t\u00falz\u00e1sba vinn\u00e9k a k\u00f6lts\u00e9gvet\u00e9st. A csomag pap\u00edron sok mindent kipip\u00e1l. A k\u00e9rd\u00e9s az, hogy a 8 Nm \u00e9s a McLaren Elite csomag bev\u00e1ltja-e az \u00edg\u00e9reteit a p\u00e1ly\u00e1n, \u00e9s melyik vezet\u0151i profilhoz van igaz\u00e1n \u00e9rtelme ennek a csomagnak?<\/p>\n<h2>Tervez\u00e9s \u00e9s gy\u00e1rt\u00e1s: komoly, kompakt \u00e9s teljes\u00edtm\u00e9nyorient\u00e1lt<\/h2>\n<p>A CSL DD talapzat optikailag a t\u00f6m\u00f6rs\u00e9g\u00e9vel \u00e9s a f\u0171t\u0151bord\u00e1s st\u00edlus\u00fa f\u00e9mblokkj\u00e1val t\u0171nik ki. R\u00f6gt\u00f6n l\u00e1tszik, hogy eszk\u00f6znek tervezt\u00e9k, nem pedig dekorat\u00edv j\u00e1t\u00e9knak. A lamell\u00e1k passz\u00edv elvezet\u00e9sre szolg\u00e1lnak, technikai megjelen\u00e9st k\u00f6lcs\u00f6n\u00f6znek neki, \u00e9s er\u0151s\u00edtik a s\u0171r\u0171s\u00e9g benyom\u00e1s\u00e1t. A k\u00e9zben az alap bizalomgerjeszt\u0151: kompakt, m\u00e9ret\u00e9hez k\u00e9pest neh\u00e9z, \u00e9s nincs \u00e9rz\u00e9kelhet\u0151 j\u00e1t\u00e9ka.<\/p>\n<p>A McLaren GT3 v2 korm\u00e1nyker\u00e9k n\u00f6veli a csomag wow-faktor\u00e1t. U-alak\u00fa, modern GT3 ihlette, el\u00f6l t\u00f6bbf\u00e9le lehet\u0151s\u00e9ggel. Kellemes a fog\u00e1sa, a bevonat pedig j\u00f3 tapad\u00e1st biztos\u00edt, m\u00e9g hossz\u00fa \u00fcl\u00e9seken is. A gombok sz\u00e1mosak, de j\u00f3l elosztottak, a h\u00fcvelykujjker\u00e9k \u00e9s a kis k\u00f6zponti k\u00e9perny\u0151 pedig hozz\u00e1teszi az \"igazi versenyeszk\u00f6z\" \u00e9rz\u00e9st. \u00dagy \u00e9rzi, hogy mindent le tud t\u00e9rk\u00e9pezni, amire sz\u00fcks\u00e9ge van, an\u00e9lk\u00fcl, hogy t\u00fal sok kompromisszumot kellene k\u00f6tnie.<\/p>\n<p>Az \u00e1ltal\u00e1nos merevs\u00e9g j\u00f3 ehhez a kateg\u00f3ri\u00e1hoz k\u00e9pest. A Quick Release Lite teszi a dolg\u00e1t, m\u00e9g akkor is, ha az az \u00e9rz\u00e9s\u00fcnk, hogy nem a m\u00e1rka cs\u00facsmin\u0151s\u00e9g\u0171 QR-rendszer\u00e9t haszn\u00e1ljuk. N\u00e9ha van egy enyhe flex- vagy j\u00e1t\u00e9k\u00e9rzet, ami \u00e9rz\u00e9kelhet\u0151, ha a kis fenevadat keresi, k\u00fcl\u00f6n\u00f6sen a pr\u00e9miumabb QR-ekkel \u00f6sszehasonl\u00edtva, de semmi olyan, ami norm\u00e1l vezet\u00e9si k\u00f6r\u00fclm\u00e9nyek k\u00f6z\u00f6tt zavar\u00f3 lenne.<\/p>\n<p>Ami meglep\u0151, az az \u00e1ltal\u00e1nos kivitelez\u00e9si szint egy \"k\u00f6z\u00e9pkateg\u00f3ri\u00e1s\" orient\u00e1lt csomaghoz k\u00e9pest. Semmi olcs\u00f3 nincs benne, m\u00e9g ha a korm\u00e1nyker\u00e9k n\u00e9h\u00e1ny m\u0171anyag alkatr\u00e9sze eml\u00e9keztet is arra, hogy nem egy korl\u00e1tlan \u00e1r\u00fa term\u00e9kkel van dolgunk. A bel\u00e9p\u0151 szint\u0171, \u00f6vvel vagy fogasker\u00e9kkel ell\u00e1tott korm\u00e1nyker\u00e9khez k\u00e9pest ez egy\u00e9rtelm\u0171en egy l\u00e9pcs\u0151fok: s\u0171r\u0171bb, komolyabb, ink\u00e1bb \"szimul\u00e1toros versenyeszk\u00f6z\", mint \"j\u00e1t\u00e9kkieg\u00e9sz\u00edt\u0151\".<\/p>\n<h2>Be\u00e1ll\u00edt\u00e1sok, testreszab\u00e1s \u00e9s kompatibilit\u00e1s: egy j\u00f3l m\u0171k\u00f6d\u0151 \u00f6kosziszt\u00e9ma<\/h2>\n<p>A be\u00e1ll\u00edt\u00e1sok ter\u00e9n a Fanatec \u00f6kosziszt\u00e9ma mindent megv\u00e1ltoztat. Az alap telep\u00edt\u00e9se ut\u00e1n a korm\u00e1nyker\u00e9ken l\u00e9v\u0151 gombon kereszt\u00fcl a be\u00e9p\u00edtett men\u00fc \u00e9s a PC-s szoftver be\u00e1ll\u00edt\u00e1sai lehet\u0151v\u00e9 teszik, hogy a CSL DD viselked\u00e9s\u00e9t val\u00f3ban az \u00d6n st\u00edlus\u00e1hoz igaz\u00edtsa. Be\u00e1ll\u00edthatja a teljes er\u0151t, a linearit\u00e1st, a s\u00farl\u00f3d\u00e1si hat\u00e1sokat, a k\u00f6z\u00e9ppont k\u00f6r\u00fcli \u00e9rz\u00e9kenys\u00e9get \u00e9s azt, ahogyan az FFB kisz\u0171ri a r\u00e9szleteket.<\/p>\n<p>A tanul\u00e1si g\u00f6rbe \u00e9sszer\u0171. K\u00f6nnyen lehet haszn\u00e1lni egy alapbe\u00e1ll\u00edt\u00e1st, \u00e9s meg\u00faszni a dolgot. De amint elkezdesz babr\u00e1lni a param\u00e9terekkel, r\u00e1j\u00f6ssz, hogy rengeteg lehet\u0151s\u00e9g van a finomhangol\u00e1sra minden egyes szimul\u00e1torhoz: egy profil az ACC-hez, egy az iRacinghez, egy a t\u00f6bb arcade j\u00e1t\u00e9khoz, \u00e9s \u00edgy tov\u00e1bb. Valakinek, aki egy alap korm\u00e1nyker\u00e9kr\u0151l \u00e9rkezik, ez egy kis id\u0151t vesz ig\u00e9nybe, de nem kell m\u00e9rn\u00f6knek lenni ahhoz, hogy valami nagyon kiel\u00e9g\u00edt\u0151t tal\u00e1ljon ki.<\/p>\n<p>A sz\u00e1m\u00edt\u00f3g\u00e9pen teljes m\u00e9rt\u00e9kben kihaszn\u00e1lhatja az \u00f6sszes lehet\u0151s\u00e9get, a firmware-friss\u00edt\u00e9seket \u00e9s a speci\u00e1lis be\u00e1ll\u00edt\u00e1sokat. Xboxon ink\u00e1bb plug &amp; play, a hivatalos kompatibilit\u00e1s nagy el\u0151ny\u00e9vel. Bedugod, kiv\u00e1lasztod a j\u00e1t\u00e9kot, \u00e9s m\u00e1ris indulhatsz. Annak, aki konzolokat \u00e9s PC-ket is \u00fczemeltet, ez a csomag val\u00f3ban relev\u00e1ns.<\/p>\n<p>A Fanatec \u00f6kosziszt\u00e9ma igazi er\u0151ss\u00e9g. A k\u00edn\u00e1latb\u00f3l m\u00e1s korm\u00e1nykerekeket, fejlettebb hajt\u00f3karokat, v\u00e1lt\u00f3t, k\u00e9zif\u00e9ket is csatlakoztathat, \u00e9s m\u00e9g mindig ugyanaz az alap marad. A csomag egy\u00e9rtelm\u0171en szil\u00e1rd bel\u00e9p\u00e9si pont a Fanatec vil\u00e1g\u00e1ba. A 8 Nm-es l\u00e1ncfut\u00f3 el\u00e9g er\u0151s ahhoz, hogy l\u00e9p\u00e9st tartson a versenyz\u0151 fejl\u0151d\u00e9s\u00e9vel an\u00e9lk\u00fcl, hogy gyorsan elavulna. Ezzel a csomaggal kezdhetsz, majd k\u00e9s\u0151bb friss\u00edtheted a hajt\u00f3karokat vagy lecser\u00e9lheted a korm\u00e1nyt an\u00e9lk\u00fcl, hogy a null\u00e1r\u00f3l kellene kezdened.<\/p>\n<h2>J\u00e1t\u00e9k k\u00f6zbeni \u00e9rz\u00e9sek: ahol a Direct Drive mindent megv\u00e1ltoztat<\/h2>\n<p>Ha m\u00e1r a p\u00e1ly\u00e1n vagy, azonnal meg\u00e9rted, hogy a Direct Drive alapj\u00e1rat mit tud, m\u00e9g \"csak\" 8 Nm-n\u00e9l is. Az er\u0151visszacsatol\u00e1s pontoss\u00e1ga egy\u00e9rtelm\u0171. A tapad\u00e1s \u00e9s a sikl\u00e1s k\u00f6z\u00f6tti \u00e1tmenet sokkal egy\u00e9rtelm\u0171bb, mint egy sz\u00edjjal vagy fogasker\u00e9kkel ell\u00e1tott alapn\u00e1l. M\u00e1r nem egy mechanizmussal k\u00fczdesz, hanem t\u00e9nyleg leolvasod, hogy mit csin\u00e1l az aut\u00f3.<\/p>\n<p>Kanyarban a korm\u00e1nyker\u00e9k j\u00f3 progressz\u00edv ellen\u00e1ll\u00e1st biztos\u00edt. \u00c9rezhet\u0151 a s\u00faly\u00e1tvitel, az el\u00fcls\u0151 r\u00e9sz terhel\u00e9se \u00e9s az a pillanat, amikor az els\u0151 r\u00e9sz tel\u00edt\u0151dni kezd. Nem brut\u00e1lis, hanem ink\u00e1bb tiszta \u00e9s j\u00f3l leolvashat\u00f3. A korm\u00e1nyz\u00e1s term\u00e9szetesen, mechanikus r\u00e1ng\u00e1sok n\u00e9lk\u00fcl f\u00f3kusz\u00e1l vissza. Ahol igaz\u00e1n nyer\u00fcnk, azok a mikrokorrekci\u00f3k: egy enyhe t\u00falkorm\u00e1nyzotts\u00e1g, egy kiss\u00e9 agressz\u00edv vibr\u00e1l\u00e1s, k\u00e9s\u0151i f\u00e9knyom\u00e1s... mindent hamarabb, tiszt\u00e1bban kezel\u00fcnk.<\/p>\n<p>A tapad\u00e1si visszajelz\u00e9s az egyik er\u0151ss\u00e9g\u00fcnk. Az olyan szimul\u00e1torokon, mint az ACC, az iRacing vagy az rFactor, \u00e9rezheti, hogy az aut\u00f3 \u00fajb\u00f3li gyors\u00edt\u00e1skor k\u00f6nnyebb\u00e9 v\u00e1lik, a h\u00e1ts\u00f3 tengely elkezd mozogni \u00e9s a gumiabroncsok felmelegednek. Azon kapod magad, hogy gyorsabban korrig\u00e1lsz, szinte el\u0151re l\u00e1tva, egyszer\u0171en az\u00e9rt, mert a korm\u00e1nyker\u00e9k nyomat\u00e9k\u00e1nak mikro-v\u00e1ltoz\u00e1sai \u00e1rnyaltabbak. Egy sz\u00edjas alapon l\u00e9teznek ezek az inform\u00e1ci\u00f3k, de gyakran kisz\u0171r\u0151dnek vagy torzulnak. Itt sokkal k\u00f6zvetlenebb, sokkal \"\u00f6sszekapcsolt\".<\/p>\n<p>A vibr\u00e1torok nagyon j\u00f3l kiemelkednek. \u00c9rezhet\u0151 a text\u00fara, a frekvencia, a k\u00fcl\u00f6nbs\u00e9g egy lapos vibr\u00e1tor \u00e9s egy agressz\u00edv kolb\u00e1szvibr\u00e1tor k\u00f6z\u00f6tt. A Direct Drive az inform\u00e1ci\u00f3t an\u00e9lk\u00fcl tov\u00e1bb\u00edtja, hogy az \u00e1ltal\u00e1nos er\u0151t feler\u0151ltetn\u00e9. Nem kell 100 % teljes\u00edtm\u00e9nyen lovagolnia ahhoz, hogy r\u00e9szleteket kapjon. M\u00e9g m\u00e9rs\u00e9kelt teljes\u00edtm\u00e9nyszintek mellett is gazdag marad a jel. Ez az a pont, ahol az alap val\u00f3ban megv\u00e1ltoztatja az \u00e9lm\u00e9nyt: kevesebb nyers er\u0151, t\u00f6bb hasznos finoms\u00e1g.<\/p>\n<p>Hossz\u00fa munkamenetek sor\u00e1n a k\u00f6vetkezetess\u00e9g a nap rendje. Nincs bosszant\u00f3 h\u0151k\u00e9pz\u0151d\u00e9s, nincs \u00e9rz\u00e9kelhet\u0151 teljes\u00edtm\u00e9nycs\u00f6kken\u00e9s. Az alap stabil \u00e9s csendes marad, \u00e9s a tapint\u00e1s nem v\u00e1ltozik az id\u0151 m\u00fal\u00e1s\u00e1val. A k\u00e9nyelem is nagy szerepet j\u00e1tszik: a teljes\u00edtm\u00e9nyt \u00fagy \u00e1ll\u00edthatja be, hogy ne tegye t\u00f6nkre a karj\u00e1t, mik\u00f6zben elegend\u0151 inform\u00e1ci\u00f3 marad meg. Valakinek, aki \u00f3r\u00e1kon \u00e1t lovagol, ez igazi plusz.<\/p>\n<p>Gyors korrekci\u00f3kban a 8 Nm nyomat\u00e9k j\u00f3 kompromisszumot k\u00edn\u00e1l. Az alapj\u00e1rat el\u00e9g \u00e9rz\u00e9keny ahhoz, hogy k\u00e9sleked\u00e9s n\u00e9lk\u00fcl vegye fel a t\u00falkorm\u00e1nyzotts\u00e1got, a nagy \u00e1tt\u00e9teleket \u00e9s a gyors \u00e1tmeneteket. Nincs meg a 15+ Nm-es alapj\u00e1rat brutalit\u00e1sa, de el\u00e9rhet\u0151bb az ir\u00e1ny\u00edthat\u00f3s\u00e1g. Sok motoros sz\u00e1m\u00e1ra ez m\u00e9g el\u0151ny is: kevesebb f\u00e1radts\u00e1g, nagyobb kontroll, kisebb a kock\u00e1zata annak, hogy egy nagy korm\u00e1nymozdulaton fennakadunk.<\/p>\n<p>Egy er\u0151sebb alaphoz k\u00e9pest egy kicsit vesz\u00edt\u00fcnk az \"er\u0151szakoss\u00e1g\" \u00e9s a fizikai \u00e9rz\u00e9sek ter\u00e9n a nagy \u00fctk\u00f6z\u00e9sekn\u00e9l, de megtartjuk a l\u00e9nyeget: a pontoss\u00e1got, a progresszivit\u00e1st \u00e9s az aut\u00f3 viselked\u00e9s\u00e9nek olvashat\u00f3s\u00e1g\u00e1t. A kev\u00e9sb\u00e9 er\u0151s sz\u00edjhajt\u00e1s\u00fa alapokhoz k\u00e9pest hatalmas ugr\u00e1s a mer\u00edt\u00e9s \u00e9s az ir\u00e1ny\u00edt\u00e1s ter\u00e9n. T\u00e9nyleg az a benyom\u00e1sod, hogy a szimul\u00e1toros versenyz\u00e9s egy m\u00e1sik kateg\u00f3ri\u00e1j\u00e1ba l\u00e9pt\u00e9l \u00e1t.<\/p>\n<h2>Kinek sz\u00f3l? Amit szeret\u00fcnk \/ Amit nem szeret\u00fcnk<\/h2>\n<p>A Fanatec CSL DD Ready2Race McLaren Elite Bundle (8 Nm) v\u00e9lem\u00e9nyem szerint h\u00e1rom f\u0151 profilnak sz\u00f3l: az ambici\u00f3zus kezd\u0151knek, akik k\u00e9tszeri v\u00e1s\u00e1rl\u00e1s n\u00e9lk\u00fcl szeretn\u00e9nek egyenesen komoly felszerel\u00e9sre v\u00e1ltani, a k\u00f6z\u00e9phalad\u00f3knak, akik ellen\u0151rz\u00f6tt k\u00f6lts\u00e9gvet\u00e9s mellett szeretn\u00e9nek Direct Drive-ra v\u00e1ltani, \u00e9s a konzolos\/PC-s j\u00e1t\u00e9kosoknak, akik egy koherens, b\u0151v\u00edthet\u0151 megold\u00e1st keresnek. Ha m\u00e1r haszn\u00e1lsz egy kis bel\u00e9p\u0151 szint\u0171 korm\u00e1nyt, \u00e9s kezded korl\u00e1toltnak \u00e9rezni magad, ez a csomag sok mindent kipip\u00e1l.<\/p>\n<p>Ami nekem k\u00fcl\u00f6n\u00f6sen tetszik, az a Direct Drive 8 Nm-es alap + j\u00f3l felszerelt McLaren korm\u00e1nyker\u00e9k + Fanatec \u00f6kosziszt\u00e9ma. A j\u00e1t\u00e9kbeli \u00e9rz\u00e9s tiszta, prec\u00edz \u00e9s meggy\u0151z\u0151 egy fejl\u0151dni v\u00e1gy\u00f3 szimul\u00e1toros versenyz\u0151 sz\u00e1m\u00e1ra. A csomag koherens: nem kell azon gondolkodni, hogy melyik korm\u00e1nyt vegy\u00fck, minden \u00fagy van kialak\u00edtva, hogy egy\u00fctt m\u0171k\u00f6dj\u00f6n. \u00c9s val\u00f3ban fejleszthet\u0151: megtarthatod az alapot, \u00e9s id\u0151vel megv\u00e1ltoztathatod a be\u00e1ll\u00edt\u00e1s t\u00f6bbi r\u00e9sz\u00e9t. A k\u00edn\u00e1lt teljes\u00edtm\u00e9nyszinthez k\u00e9pest az \u00e9rz\u00e9kelt \u00e9rt\u00e9k nagyon j\u00f3, k\u00fcl\u00f6n\u00f6sen ha \u00f6sszehasonl\u00edtjuk a fels\u0151 kateg\u00f3ri\u00e1s alap \u00e9s a k\u00fcl\u00f6n megv\u00e1s\u00e1rolt pr\u00e9mium korm\u00e1nyker\u00e9k k\u00f6lts\u00e9g\u00e9vel.<\/p>\n<p>Van azonban n\u00e9h\u00e1ny korl\u00e1toz\u00e1s, amelyet szem el\u0151tt kell tartani. El\u0151sz\u00f6r is, a 8 Nm nem fog megfelelni azoknak, akik a nagy versenymotorok nagyon fizikai \u00e9s brut\u00e1lis \u00e9rz\u00e9s\u00e9t keresik. Az er\u0151 \u00e9s a k\u00e9nyelem k\u00f6z\u00f6tti kompromisszumr\u00f3l besz\u00e9l\u00fcnk, nem pedig egy karfesz\u00edt\u0151 g\u00e9pr\u0151l. M\u00e1sodszor, a korm\u00e1ny n\u00e9h\u00e1ny befejez\u0151 r\u00e9szlete (m\u0171anyagok, QR Lite) arra eml\u00e9keztet, hogy a csomagot \u00fagy kalibr\u00e1lt\u00e1k, hogy el\u00e9rhet\u0151 maradjon, \u00e9s ett\u0151l a merevs\u00e9g megsz\u00e1llottabbjai kicsit \u00f6sszerezzenhetnek. V\u00e9g\u00fcl, a Fanatec \u00f6kosziszt\u00e9ma, b\u00e1rmennyire is praktikus, k\u00f6z\u00e9pt\u00e1von egy kicsit bez\u00e1rja \u00d6nt a m\u00e1rk\u00e1ba: kiv\u00e1l\u00f3, ha rajong\u00f3, kev\u00e9sb\u00e9 ide\u00e1lis, ha szereti keverni a gy\u00e1rt\u00f3kat.<\/p>\n<p>A beruh\u00e1z\u00e1s szempontj\u00e1b\u00f3l ez egy\u00e9rtelm\u0171en egy j\u00f3l \u00e1tgondolt, de fenntarthat\u00f3 v\u00e1s\u00e1rl\u00e1s. Nem ez a legolcs\u00f3bb csomag a piacon, de az \u00e9rzetv\u00e1laszt\u00e9k \u00e9s az id\u0151vel t\u00f6rt\u00e9n\u0151 friss\u00edt\u00e9s lehet\u0151s\u00e9ge sokkal logikusabb\u00e1 teszi a kiad\u00e1st, mint egy k\u00f6z\u00e9pkateg\u00f3ri\u00e1s, nem friss\u00edthet\u0151 korm\u00e1nyker\u00e9k, amelyet gyorsan le akar majd cser\u00e9lni.<\/p>\n<h2>\u00cdt\u00e9let: egy igazi \"sweet spot\" a Direct Drive-ra val\u00f3 \u00e1t\u00e1ll\u00e1shoz<\/h2>\n<p>A Fanatec CSL DD Ready2Race McLaren Elite Bundle (8 Nm) egy\u00e9rtelm\u0171en megv\u00e1ltoztatja az \u00f6v- vagy fogaskerekes korm\u00e1nykereket haszn\u00e1l\u00f3 be\u00e1ll\u00edt\u00e1sokat. A Direct Drive-ra val\u00f3 v\u00e1lt\u00e1s olyan precizit\u00e1st, finoms\u00e1got \u00e9s olvashat\u00f3s\u00e1got k\u00f6lcs\u00f6n\u00f6z az aut\u00f3 viselked\u00e9s\u00e9nek, amely \u00e1talak\u00edtja a vezet\u00e9s m\u00f3dj\u00e1t. Magabiztosabb\u00e1, k\u00f6vetkezetesebb\u00e9 \u00e9s \u00e9lvezetesebb\u00e9 v\u00e1lik a vezet\u00e9s.<\/p>\n<p>A piacon ez a csomag a fels\u0151 k\u00f6z\u00e9pkateg\u00f3ri\u00e1ba tartozik: el\u00e9g er\u0151s ahhoz, hogy hiteles legyen egy komoly szimul\u00e1toros versenyz\u0151 sz\u00e1m\u00e1ra, el\u00e9gg\u00e9 el\u00e9rhet\u0151 ahhoz, hogy ne csak az elitnek legyen fenntartva. Ez egy igazi sarkalatos pont a be\u00e1ll\u00edt\u00e1sok fejl\u0151d\u00e9s\u00e9ben: t\u00f6bb mint egy friss\u00edt\u00e9s, ez egy \u00faj alap, amelyre lehet \u00e9p\u00edteni.<\/p>\n<p>K\u00fcl\u00f6n\u00f6sen azoknak a k\u00f6z\u00e9phalad\u00f3 \u00e9s halad\u00f3 j\u00e1t\u00e9kosoknak aj\u00e1nlom, akik sokoldal\u00fa Direct Drive-ot szeretn\u00e9nek Xboxra \u00e9s PC-re, an\u00e9lk\u00fcl, hogy a nagyon cs\u00facskateg\u00f3ri\u00e1ba mer\u00fcln\u00e9nek, valamint azoknak, akik egy \u00f6sszef\u00fcgg\u0151, fejl\u0151d\u0151 \u00f6kosziszt\u00e9m\u00e1ban szeretn\u00e9nek lehorgonyozni. Ha olyan k\u00e9szletet keresel, amely az elm\u00e9ly\u00fcl\u00e9s egy teljesen \u00faj szintj\u00e9re emelhet, mik\u00f6zben a mindennapokban is haszn\u00e1lhat\u00f3 marad an\u00e9lk\u00fcl, hogy kif\u00e1radn\u00e1l, ez a term\u00e9k egy\u00e9rtelm\u0171en k\u00fcl\u00f6nbs\u00e9get tehet a be\u00e1ll\u00edt\u00e1said k\u00f6z\u00f6tt.<\/p>","protected":false},"excerpt":{"rendered":"<p>Ez a csomag azt az \u00e9rz\u00e9st keltette bennem, hogy t\u00e9nyleg sarkon fordultam az elm\u00e9ly\u00fcl\u00e9s \u00e9s az ir\u00e1ny\u00edt\u00e1s tekintet\u00e9ben, an\u00e9lk\u00fcl, hogy extr\u00e9m vagy f\u00e1raszt\u00f3 be\u00e1ll\u00edt\u00e1sokba esn\u00e9k. Mindenekel\u0151tt a motiv\u00e1lt szimul\u00e1torversenyz\u0151knek van \u00e9rtelme, Xboxon vagy PC-n, akik egy hiteles Direct Drive-ot szeretn\u00e9nek, amely t\u00f6bbsz\u00f6ri v\u00e1s\u00e1rl\u00e1s n\u00e9lk\u00fcl fejleszthet\u0151. Az eg\u00e9sz csomag nagyon szolid \u00e1ltal\u00e1nos koherenci\u00e1t \u00e9s \u00e9rt\u00e9ket k\u00edn\u00e1l ebben a szegmensben.<\/p>","protected":false},"featured_media":100976,"comment_status":"open","ping_status":"closed","template":"","meta":{"_acf_changed":false,"_et_pb_use_builder":"","_et_pb_old_content":"","_et_gb_content_width":""},"product_brand":[158],"product_cat":[161,173,170,169],"product_tag":[149,160],"class_list":{"0":"post-100975","1":"product","2":"type-product","3":"status-publish","4":"has-post-thumbnail","6":"product_brand-fanatec","7":"product_cat-volant","8":"product_cat-volants-fanatec","9":"product_cat-volants-xbox-one","10":"product_cat-volants-xbox-series-x-s","11":"product_tag-pc","12":"product_tag-xbox","14":"first","15":"instock","16":"shipping-taxable","17":"product-type-external"},"acf":[],"_links":{"self":[{"href":"https:\/\/simracergear.com\/hu\/wp-json\/wp\/v2\/product\/100975","targetHints":{"allow":["GET"]}}],"collection":[{"href":"https:\/\/simracergear.com\/hu\/wp-json\/wp\/v2\/product"}],"about":[{"href":"https:\/\/simracergear.com\/hu\/wp-json\/wp\/v2\/types\/product"}],"replies":[{"embeddable":true,"href":"https:\/\/simracergear.com\/hu\/wp-json\/wp\/v2\/comments?post=100975"}],"wp:featuredmedia":[{"embeddable":true,"href":"https:\/\/simracergear.com\/hu\/wp-json\/wp\/v2\/media\/100976"}],"wp:attachment":[{"href":"https:\/\/simracergear.com\/hu\/wp-json\/wp\/v2\/media?parent=100975"}],"wp:term":[{"taxonomy":"product_brand","embeddable":true,"href":"https:\/\/simracergear.com\/hu\/wp-json\/wp\/v2\/product_brand?post=100975"},{"taxonomy":"product_cat","embeddable":true,"href":"https:\/\/simracergear.com\/hu\/wp-json\/wp\/v2\/product_cat?post=100975"},{"taxonomy":"product_tag","embeddable":true,"href":"https:\/\/simracergear.com\/hu\/wp-json\/wp\/v2\/product_tag?post=100975"}],"curies":[{"name":"wp","href":"https:\/\/api.w.org\/{rel}","templated":true}]}}