{"id":101001,"date":"2025-05-15T07:57:00","date_gmt":"2025-05-15T07:57:00","guid":{"rendered":"https:\/\/simracergear.com\/products\/fanatec-csl-elite-pedals-v2\/"},"modified":"2026-03-02T15:25:27","modified_gmt":"2026-03-02T15:25:27","slug":"fanatec-csl-elite-pedals-v2","status":"publish","type":"product","link":"https:\/\/simracergear.com\/hu\/products\/fanatec-csl-elite-pedals-v2\/","title":{"rendered":"Fanatec CSL Elite ped\u00e1lok V2"},"content":{"rendered":"<h2>Teszt \u00e9s v\u00e9lem\u00e9nyek Fanatec CSL Elite ped\u00e1lok V2: az \u00faj k\u00f6z\u00e9pkateg\u00f3ri\u00e1s szabv\u00e1ny?<\/h2>\n<p>Egy szimul\u00e1toros versenyfelszerel\u00e9sben a ped\u00e1lok gyakran nagyobb hat\u00e1ssal vannak a k\u00f6rid\u0151kre, mint egy \u00faj korm\u00e1nyker\u00e9k. A Fanatec CSL Elite Pedals V2 pont ezt szolg\u00e1lja: komolyabb, mint egy bel\u00e9p\u0151 szint\u0171 ped\u00e1lfal, de an\u00e9lk\u00fcl, hogy a high-end 100 % terhel\u00e9ses vagy hidraulikus ped\u00e1lfalak \u0151r\u00fclet\u00e9be esne.<\/p>\n<p>A Fanatec egy komplett, plug-and-play ped\u00e1llapot \u00edg\u00e9r, terhel\u00e9ses f\u00e9kkel, \u00e1ll\u00edthat\u00f3, mind a konzolos j\u00e1t\u00e9kosok, mind a m\u00e1r az \u00f6kosziszt\u00e9m\u00e1ba befektet\u0151 PC-s szimul\u00e1torversenyz\u0151k sz\u00e1m\u00e1ra. Az \u00f6tlet egyszer\u0171: val\u00f3di ugr\u00e1st k\u00edn\u00e1lni a precizit\u00e1sban \u00e9s az \u00e9rz\u00e9sben, an\u00e9lk\u00fcl, hogy t\u00falm\u00e9retezett pil\u00f3taf\u00fclk\u00e9t vagy \u00f3r\u00e1kig tart\u00f3, hom\u00e1lyos be\u00e1ll\u00edt\u00e1sokat ig\u00e9nyelne.<\/p>\n<p>A magam r\u00e9sz\u00e9r\u0151l nagyon gyakorlatias szemsz\u00f6gb\u0151l k\u00f6zel\u00edtettem meg: az \u00e9p\u00edt\u00e9s min\u0151s\u00e9ge, a k\u00f6nny\u0171 be\u00e1ll\u00edt\u00e1s, a f\u00e9k\u00e9rzet, a hossz\u00fa edz\u00e9seken val\u00f3 konzisztencia, \u00e9s mindenekel\u0151tt az \u00f6r\u00f6m\/teljes\u00edtm\u00e9ny ar\u00e1ny a potm\u00e9teres egyszer\u0171bb hajt\u00f3karokhoz vagy a dr\u00e1g\u00e1bb modellekhez k\u00e9pest.<\/p>\n<p>Ami igaz\u00e1n \u00e9rdekel a CSL Elite Pedals V2-vel kapcsolatban, az az, hogy a Fanatec v\u00e9gre egy \"pivot\" pedalboardot k\u00edn\u00e1l-e: olyat, amelyet t\u00f6bb \u00e9vre v\u00e1s\u00e1rolsz, an\u00e9lk\u00fcl, hogy t\u00fal gyorsan friss\u00edtened kellene.<\/p>\n<h2>Tervez\u00e9s \u00e9s gy\u00e1rt\u00e1s: val\u00f3di min\u0151s\u00e9gi el\u0151rel\u00e9p\u00e9s<\/h2>\n<p>Vizu\u00e1lisan a CSL Elite Pedals V2 azonnal bepip\u00e1lja a \"komoly\" dobozt. Minden f\u00e9mb\u0151l van, a szerkezet merevs\u00e9get sug\u00e1roz. A ped\u00e1lok olyan s\u0171r\u0171s\u00e9get \u00e9s szil\u00e1rds\u00e1got sug\u00e1roznak, ami a bel\u00e9p\u0151 szint\u0171 m\u0171anyag hajt\u00f3karokon nem tal\u00e1lhat\u00f3 meg. Az az \u00e9rz\u00e9sed, hogy t\u00e9nyleg haboz\u00e1s n\u00e9lk\u00fcl bel\u00e9j\u00fck tudsz sz\u00e1llni.<\/p>\n<p>A ped\u00e1lkarok \u00e9s az alaplap egys\u00e9ges \u00e9rzetet adnak: semmi sem t\u0171nik lebeg\u0151nek, nincs l\u00e1that\u00f3 j\u00e1t\u00e9k. Ha er\u0151sen nyomja a f\u00e9ket, a szerkezet nem hajlik meg aggaszt\u00f3 m\u00f3don. Egy tisztess\u00e9ges pil\u00f3taf\u00fclk\u00e9n vagy ak\u00e1r egy j\u00f3l r\u00f6gz\u00edtett h\u00e1zon bel\u00fcli alv\u00e1zon a ped\u00e1ldoboz megtartja a vonal\u00e1t, \u00e9s nem kelti azt a \"j\u00e1t\u00e9k\" \u00e9rz\u00e9st, amit n\u00e9ha a legolcs\u00f3bb k\u00e9szletekn\u00e9l tapasztalunk.<\/p>\n<p>A fel\u00fcletek tiszta tapint\u00e1s\u00faak, \u00e9s meglehet\u0151sen j\u00f3zan kivitel\u0171ek. A ped\u00e1lok nem v\u00e1gnak a k\u00e9zbe, \u00e9s az \u00e9lek j\u00f3l megmunk\u00e1ltak, m\u00e9g ha nem is olyan finoman megmunk\u00e1ltak, mint a teljes pr\u00e9mium kateg\u00f3ri\u00e1s ped\u00e1lok. Ez egy\u00e9rtelm\u0171en egy massz\u00edv k\u00f6z\u00e9pkateg\u00f3ri\u00e1s term\u00e9k, nem egy l\u00e1tv\u00e1nyelem.<\/p>\n<p>Ami azonnal meglep\u0151, az a kontraszt a r\u00e9gi bel\u00e9p\u0151 szint\u0171 CSL-ped\u00e1lokhoz k\u00e9pest: egy \"tisztess\u00e9ges\" term\u00e9kb\u0151l egy olyanhoz jutottunk, ami igazi vezet\u00e9si eszk\u00f6znek t\u0171nik. Megfelel\u0151en akarod be\u00e1ll\u00edtani, hogy \u00e9lvezhesd.<\/p>\n<p>Ami a kisebb csal\u00f3d\u00e1sokat illeti, egyes alkatr\u00e9szek m\u00e9g mindig kiss\u00e9 \"ipari\" \u00e9rz\u00e9st keltenek a kivitelben, \u00e9s a l\u00e1that\u00f3 csavarok \u00e9s a k\u00e1belvezet\u00e9s m\u00e9g mindig nagyon funkcion\u00e1lis, nem pedig ultra-gondos. Az el\u0151kel\u0151bb vagy bark\u00e1csolt ped\u00e1llapokhoz k\u00e9pest, amelyek j\u00f3l megmunk\u00e1ltak, k\u00f6nny\u0171 bel\u00e1tni, hogy mi\u00e9rt. De ezen az \u00e1ron az alap t\u00e9nyleg megnyugtat\u00f3.<\/p>\n<h2>Be\u00e1ll\u00edt\u00e1sok, testreszab\u00e1s \u00e9s kompatibilit\u00e1s<\/h2>\n<p>Egy hajt\u00f3kar eset\u00e9ben a k\u00e9rd\u00e9s nem csak az, hogy \"hogyan van meg\u00e9p\u00edtve\", hanem az is, hogy \"tudom-e a saj\u00e1t \u00edzl\u00e9semnek megfelel\u0151en kialak\u00edtani an\u00e9lk\u00fcl, hogy elveszn\u00e9k a be\u00e1ll\u00edt\u00e1sok k\u00f6z\u00f6tt\". A CSL Elite Pedals V2 pontosan ezt teszi.<\/p>\n<p>A mechanikus be\u00e1ll\u00edt\u00e1sok lefedik a legfontosabbakat: ped\u00e1l\u00e1ll\u00e1s, t\u00e1vols\u00e1g, magass\u00e1g \u00e9s sz\u00f6g. A f\u00e9kped\u00e1l kem\u00e9nys\u00e9g\u00e9t az elasztomer elemeken \u00e9s a terhel\u00e9sm\u00e9r\u0151n kereszt\u00fcl \u00e1ll\u00edthatod be, \u00e9s finomhangolhatod az \u00e9rz\u00e9st a vezet\u00e9si st\u00edlusodhoz. Semmi \u0151r\u00fclts\u00e9g, de b\u0151ven el\u00e9g ahhoz, hogy egy meglehet\u0151sen progressz\u00edv f\u00e9kt\u0151l egy kem\u00e9nyebb \u00e9s k\u00f6zvetlenebb f\u00e9kre v\u00e1ltson. Ekkor kezded \u00e9rezni a k\u00fcl\u00f6nbs\u00e9get egy egyszer\u0171 potenciom\u00e9teres f\u00e9kkel szemben.<\/p>\n<p>A g\u00e1zped\u00e1l \u00e9s a tengelykapcsol\u00f3 mozg\u00e1sa tov\u00e1bbra is klasszikus, meglehet\u0151sen line\u00e1ris ellen\u00e1ll\u00e1ssal. A poz\u00edci\u00f3t \u00fagy \u00e1ll\u00edthatod be, hogy elker\u00fcld a bokacsavarod\u00e1st vagy a l\u00e1bad keresztbe vet\u00e9s\u00e9t a hossz\u00fa \u00fcl\u00e9seken. Ez nem egy \"F1-es m\u00e9rn\u00f6ki\" hajt\u00f3kar, de nem \u00e9rzed \u00fagy, hogy egyetlen konfigur\u00e1ci\u00f3ban ragadt\u00e1l volna.<\/p>\n<p>A sz\u00e1m\u00edt\u00f3g\u00e9pen a Fanatec szoftver seg\u00edts\u00e9g\u00e9vel be\u00e1ll\u00edthatja a g\u00f6rb\u00e9ket, a holttereket \u00e9s a f\u00e9k\u00e9rz\u00e9kenys\u00e9get. A tanul\u00e1si g\u00f6rbe elfogadhat\u00f3: szinte egyenesen a sebess\u00e9gv\u00e1lt\u00f3b\u00f3l vezethetsz, majd menet k\u00f6zben finomhangolhatsz. A k\u00e9nyesebb motorosok \u00e9rt\u00e9kelni fogj\u00e1k, hogy a maxim\u00e1lis f\u00e9ker\u0151t a pil\u00f3taf\u00fclk\u00e9hez \u00e9s a s\u00faly\u00e1hoz igaz\u00edtva \u00e1ll\u00edthatj\u00e1k be.<\/p>\n<p>A konzol oldal\u00e1n a pedalboard \u00fagy viselkedik, mint a Fanatec \u00f6kosziszt\u00e9ma eleme, amennyiben kompatibilis b\u00e1zishoz van csatlakoztatva. Teh\u00e1t maradunk a szok\u00e1sos logik\u00e1n\u00e1l: ide\u00e1lis, ha m\u00e1r van Fanatec b\u00e1zisod, kev\u00e9sb\u00e9 nyilv\u00e1nval\u00f3, ha m\u00e1s \u00f6kosziszt\u00e9m\u00e1ban vagy.<\/p>\n<p>A friss\u00edthet\u0151s\u00e9g szempontj\u00e1b\u00f3l ez egy komoly bel\u00e9p\u00e9si pont. Ezzel a pedalboarddal kezdhetsz egy f\u00e9lig-meddig h\u00e9tk\u00f6znapi be\u00e1ll\u00edt\u00e1sban, \u00e9s megtarthatod, ahogy feljebb l\u00e9psz a tartom\u00e1nyban az alapon \u00e9s a korm\u00e1nyon. Nem \u00e9rzi mag\u00e1t eldobhat\u00f3 v\u00e1s\u00e1rl\u00e1snak.<\/p>\n<h2>Fanatec CSL Elite ped\u00e1lok V2: szenz\u00e1ci\u00f3k a j\u00e1t\u00e9kban<\/h2>\n<p>A CSL Elite V2 ped\u00e1lok a p\u00e1ly\u00e1n mutatj\u00e1k meg igaz\u00e1n a maguk\u00e9t. A l\u00e9nyeg itt egy\u00e9rtelm\u0171en a f\u00e9kez\u00e9s. A terhel\u00e9scell\u00e1s f\u00e9kre val\u00f3 v\u00e1lt\u00e1s megv\u00e1ltoztatja a vezet\u00e9s m\u00f3dj\u00e1t. Nem keresed tov\u00e1bb a ped\u00e1l poz\u00edci\u00f3j\u00e1t, hanem elkezdesz er\u0151vel f\u00e9kezni.<\/p>\n<p>A gyakorlatban a f\u00e9k j\u00f3 ellen\u00e1ll\u00e1st biztos\u00edt. \u00c9rezni lehet a nyom\u00e1s n\u00f6veked\u00e9s\u00e9t, \u00e9s egyre vil\u00e1gosabb\u00e1 v\u00e1lik, hogy mikor kezd tel\u00edt\u0151dni a gumiabroncs. Sokkal jobban meg\u00e9rti, mit csin\u00e1l az aut\u00f3 f\u00e9kez\u00e9s k\u00f6zben. A kanyar elej\u00e9n a modul\u00e1ci\u00f3 term\u00e9szetesebb\u00e9 v\u00e1lik, \u00e9s a ped\u00e1l\u00fat mem\u00f3ri\u00e1ja helyett a l\u00e1b\u00e1val adagolja a nyom\u00e1st.<\/p>\n<p>Kem\u00e9ny f\u00e9kez\u00e9skor a stabilit\u00e1s nagyon j\u00f3. A hajt\u00f3kar nem mozdul el\u0151re, ha a cockpit biztons\u00e1gosan r\u00f6gz\u00edtve van, \u00e9s mindenekel\u0151tt az \u00e1lland\u00f3s\u00e1g \u00e9rz\u00e9se j\u00f3. Egyik k\u00f6rr\u0151l a m\u00e1sikra az azonos f\u00e9kez\u00e9si szint el\u00e9r\u00e9s\u00e9hez sz\u00fcks\u00e9ges er\u0151 egyenletes marad. Hossz\u00fa \u00fcl\u00e9sek sor\u00e1n ez az, ami igaz\u00e1n id\u0151t \u00e9s \u00f6nbizalmat takar\u00edt meg.<\/p>\n<p>Kanyarban a f\u00e9kr\u0151l a kanyarod\u00e1sra val\u00f3 \u00e1tmenet g\u00f6rd\u00fcl\u00e9keny. A g\u00e1zped\u00e1l m\u00e9rs\u00e9kelt ellen\u00e1ll\u00e1s\u00fa, k\u00f6nnyen modul\u00e1lhat\u00f3 \u00e9s egy\u00e9rtelm\u0171 nyugalmi ponttal rendelkezik. Nem egy ultramunk\u00e1s ped\u00e1lr\u00f3l besz\u00e9l\u00fcnk, de a precizit\u00e1s b\u0151ven elegend\u0151 a kanyar kij\u00e1ratokon a tapad\u00e1s kezel\u00e9s\u00e9hez. Ami a finomhangolt cs\u00fasz\u00e1skezel\u00e9st illeti, a bel\u00e9p\u0151 szint\u0171 hajt\u00f3karokhoz k\u00e9pest egy\u00e9rtelm\u0171en \u00e9rz\u00e9kelhet\u0151 a fejl\u0151d\u00e9s.<\/p>\n<p>A vibr\u00e1torokn\u00e1l a hozz\u00e1j\u00e1rul\u00e1s nem mag\u00e1b\u00f3l a hajt\u00f3karb\u00f3l sz\u00e1rmazik, hanem a lovagl\u00e1s \u00e1ltal\u00e1nos stabilit\u00e1s\u00e1b\u00f3l, amit lehet\u0151v\u00e9 tesz. Az a t\u00e9ny, hogy a f\u00e9kez\u00e9sedet j\u00f3l be\u00e1ll\u00edtva tudod tartani, amikor egy vibr\u00e1toron \u00e1thaladsz, an\u00e9lk\u00fcl, hogy v\u00e9letlen\u00fcl t\u00falf\u00e9kezn\u00e9d magad, igazi pluszt jelent. Ahelyett, hogy al\u00e1vetn\u00e9d magad az aut\u00f3nak, kontroll alatt tudod tartani. Ez az, ahol a terhel\u00e9sm\u00e9r\u0151 val\u00f3ban k\u00fcl\u00f6nbs\u00e9get tesz.<\/p>\n<p>A gyors korrekci\u00f3khoz, k\u00fcl\u00f6n\u00f6sen a GT vagy az ideges egy\u00fcl\u00e9ses aut\u00f3kban, a ped\u00e1lok k\u00f6vetik, an\u00e9lk\u00fcl, hogy k\u00fczdened kellene. A f\u00e9ket gyorsan \u00e9s prec\u00edzen elengedheti vagy visszanyerheti, an\u00e9lk\u00fcl, hogy azon gondolkodna, hogy \"h\u00e1ny %-n\u00e9l tartok most?\". Az agy-l\u00e1b kapcsolat k\u00f6zvetlenebb\u00e9 v\u00e1lik, kev\u00e9sb\u00e9 szennyezi a mechanika.<\/p>\n<p>Egy egyszer\u0171 potenciom\u00e9teres hajt\u00f3karral \u00f6sszehasonl\u00edtva a bizalomn\u00f6veked\u00e9s egy\u00e9rtelm\u0171. Ritk\u00e1bban blokkolja a kerekeket rossz pillanatban, k\u00e9s\u0151bb mer f\u00e9kezni, \u00e9s mindenekel\u0151tt k\u00f6vetkezetesebb. Egy nagyon cs\u00facskateg\u00f3ri\u00e1s leng\u0151karral \u00f6sszehasonl\u00edtva egy kicsit vesz\u00edtesz a finoms\u00e1g, a v\u00e9gs\u0151 progresszivit\u00e1s \u00e9s a fejlett be\u00e1ll\u00edt\u00e1sok tekintet\u00e9ben, de az alap szil\u00e1rd. Azon az \u00e9des ponton vagyunk, ahol az \u00e9lvezet \u00e9s a teljes\u00edtm\u00e9ny egy fokozattal feljebb megy an\u00e9lk\u00fcl, hogy bel\u00e9pn\u00e9nk az \"ultimate purista\" ter\u00fcletre.<\/p>\n<p>A k\u00e9nyelem szempontj\u00e1b\u00f3l a hajt\u00f3kar nem t\u00fals\u00e1gosan f\u00e1raszt\u00f3. A maxim\u00e1lis f\u00e9ker\u0151 \u00e1ll\u00edthat\u00f3, \u00edgy a l\u00e1badhoz \u00e9s a cockpithez igaz\u00edthatod. Hossz\u00fa versenyeken a f\u00e9kez\u00e9si pont \u00e1lland\u00f3s\u00e1ga sokat seg\u00edt: kevesebb ment\u00e1lis energi\u00e1ra van sz\u00fcks\u00e9g a l\u00e1b \"\u00fajrakalibr\u00e1l\u00e1s\u00e1hoz\" minden egyes k\u00f6rre. A mer\u00edt\u00e9s hitelesebb\u00e9 v\u00e1lik. Az a benyom\u00e1sod, hogy egy olyan aut\u00f3ban \u00fclsz, amely az elv\u00e1r\u00e1soknak megfelel\u0151en reag\u00e1l, nem pedig egy olyan j\u00e1t\u00e9kban, amely minden kanyarban megv\u00e1ltoztatja a szab\u00e1lyokat.<\/p>\n<h2>Kinek sz\u00f3l? Er\u0151ss\u00e9gek \u00e9s korl\u00e1tok<\/h2>\n<p>A Fanatec CSL Elite Pedals V2 egy\u00e9rtelm\u0171en a motiv\u00e1lt szimul\u00e1torosokat c\u00e9lozza meg, ak\u00e1r PC-n, ak\u00e1r konzolon, akik m\u00e1r rendelkeznek egy minim\u00e1lis be\u00e1ll\u00edt\u00e1ssal, \u00e9s a k\u00f6vetkez\u0151 szintre akarj\u00e1k emelni a dolgokat an\u00e9lk\u00fcl, hogy t\u00falz\u00e1sba vinn\u00e9k. Ha egy bel\u00e9p\u0151szint\u0171 m\u0171anyag ped\u00e1llapr\u00f3l \u00e9rkezel egy hossz\u00fa\u00fctem\u0171 f\u00e9kkel, a k\u00fcl\u00f6nbs\u00e9g az arcodba fog robbanni.<\/p>\n<p>A motiv\u00e1lt kezd\u0151k sz\u00e1m\u00e1ra, akik m\u00e1r tudj\u00e1k, hogy komoly el\u0151rel\u00e9p\u00e9st akarnak tenni, ez egy kiv\u00e1l\u00f3 kiindul\u00f3pont, felt\u00e9ve, hogy elfogadnak egy kis id\u0151t, hogy megbar\u00e1tkozzanak a terhel\u00e9ses f\u00e9kkel. K\u00f6z\u00e9phalad\u00f3 j\u00e1t\u00e9kosok sz\u00e1m\u00e1ra val\u00f3sz\u00edn\u0171leg ez az egyik legk\u00f6lts\u00e9ghat\u00e9konyabb fejleszt\u00e9s. Egy olyan versenyz\u0151 sz\u00e1m\u00e1ra, aki m\u00e1r fels\u0151kateg\u00f3ri\u00e1s hajt\u00f3karral rendelkezik, nyilv\u00e1nval\u00f3an kev\u00e9sb\u00e9 \u00e9rdekes.<\/p>\n<p>Az egyik dolog, amit nagyon szeretek, az a forgatty\u00faszett \u00e1ltal\u00e1nos konzisztenci\u00e1ja: szil\u00e1rd konstrukci\u00f3, haszn\u00e1lhat\u00f3 terhel\u00e9ses f\u00e9k, elegend\u0151 be\u00e1ll\u00edt\u00e1s an\u00e9lk\u00fcl, hogy a komplexit\u00e1sban elakadna. A teljes\u00edtm\u00e9ny\/m\u00e9ret ar\u00e1ny j\u00f3, \u00e9s a Fanatec \u00f6kosziszt\u00e9m\u00e1ba val\u00f3 integr\u00e1ci\u00f3 megk\u00f6nny\u00edti az \u00e9letet, k\u00fcl\u00f6n\u00f6sen a konzolon. A f\u00e9kez\u00e9s \u00e9lm\u00e9nye igazi ugr\u00e1s, \u00e9s a k\u00f6rid\u0151k gyakran k\u00f6vetik ezt.<\/p>\n<p>Ami a korl\u00e1toz\u00e1sokat illeti, a Fanatec megtartotta a t\u00e1vols\u00e1got a pr\u00e9mium kateg\u00f3ri\u00e1sabb hajt\u00f3karokt\u00f3l. A kivitelez\u00e9s egy szinttel a legmodernebb referenci\u00e1k alatt marad, \u00e9s n\u00e9h\u00e1ny ig\u00e9nyes szimul\u00e1toros a mechanikus f\u00e9kbe\u00e1ll\u00edt\u00e1st kiss\u00e9 korl\u00e1tozottnak tal\u00e1lhatja a kifinomultabb rendszerekhez k\u00e9pest. A kuplung \u00e9s a g\u00e1zped\u00e1l tov\u00e1bbra is meglehet\u0151sen hagyom\u00e1nyos, fejlett technol\u00f3gia n\u00e9lk\u00fcl. A Fanatec \u00f6kosziszt\u00e9m\u00e1n k\u00edv\u00fcli felhaszn\u00e1l\u00f3k sz\u00e1m\u00e1ra pedig a kompatibilit\u00e1s kompromisszumokat vagy tov\u00e1bbi v\u00e1s\u00e1rl\u00e1sokat jelenthet.<\/p>\n<p>Ami a befektet\u00e9st illeti, egy olyan term\u00e9kr\u0151l besz\u00e9l\u00fcnk, amely t\u00f6bbe ker\u00fcl, mint egy egyszer\u0171 bel\u00e9p\u0151 szint\u0171 pedalboard, de t\u00f6bb mint indokolt, ha komolyan veszed a szimul\u00e1toros versenyz\u00e9st. A versenyz\u00e9s sor\u00e1n az ir\u00e1ny\u00edt\u00e1s \u00e9s a konzisztencia n\u00f6veked\u00e9se val\u00f3ban azt az \u00e9rz\u00e9st kelti, hogy valami k\u00e9zzelfoghat\u00f3 dolog\u00e9rt fizetsz, nem csak egy szerkenty\u0171\u00e9rt.<\/p>\n<h2>\u00cdt\u00e9let: a \"pivot\" leng\u0151kar, amely a sarkon fordult<\/h2>\n<p>A Fanatec CSL Elite V2-es ped\u00e1lok nagyon hat\u00e1rozott v\u00e1ltoz\u00e1st hoznak a szimul\u00e1toros versenyz\u00e9shez, k\u00fcl\u00f6n\u00f6sen akkor, ha az egy-potenciom\u00e9teres ped\u00e1lt\u00e1bl\u00e1r\u00f3l \u00e9rkezt\u00e9l. A terhel\u00e9scell\u00e1s f\u00e9k, a merev f\u00e9mszerkezet \u00e9s a j\u00f3l \u00e1tgondolt alapbe\u00e1ll\u00edt\u00e1sok \u00e1talak\u00edtj\u00e1k a kanyarokba val\u00f3 bel\u00e9p\u00e9s \u00e9s a versenyz\u00e9s \u00f6sszhangj\u00e1t. \u00c9rezni lehet, hogy a hajt\u00f3kar k\u00f6vet t\u00e9ged, amikor elkezded felvenni a temp\u00f3t.<\/p>\n<p>A piacon egy\u00e9rtelm\u0171en a komoly k\u00f6z\u00e9pkateg\u00f3ri\u00e1ban helyezkedik el, sarkalatos poz\u00edci\u00f3val az \"els\u0151 igazi pedalboard\" \u00e9s a hardcore rajong\u00f3k felszerel\u00e9se k\u00f6z\u00f6tt. Nem egy hi\u00e1nyp\u00f3tl\u00f3 term\u00e9k, hanem olyan, amely t\u00f6bb \u00e9vig is meg\u00e1llja a hely\u00e9t egy setupban an\u00e9lk\u00fcl, hogy a teljes\u00edtm\u00e9ny korl\u00e1toz\u00e1s\u00e1nak benyom\u00e1s\u00e1t kelten\u00e9.<\/p>\n<p>Nagyon aj\u00e1nlom k\u00f6z\u00e9phalad\u00f3 szimul\u00e1torosoknak \u00e9s ambici\u00f3zus kezd\u0151knek, PC-n \u00e9s konzolon egyar\u00e1nt, k\u00fcl\u00f6n\u00f6sen, ha m\u00e1r a Fanatec \u00f6kosziszt\u00e9m\u00e1ban vagy, vagy ha azt tervezed, hogy ott maradsz. Sokkal t\u00f6bb befektet\u00e9sre k\u00e9sz purist\u00e1knak vannak extr\u00e9mebb ped\u00e1losok, de az \u00e1r nem ugyanaz.<\/p>\n<p>Ha egy szil\u00e1rd, prec\u00edz, val\u00f3di teherb\u00edr\u00e1s\u00fa f\u00e9kkel \u00e9s koherens teljes\u00edtm\u00e9ny\/\u00e1r ar\u00e1nnyal rendelkez\u0151 leng\u0151karos v\u00e1lt\u00f3szettet keresel, akkor ez a CSL Elite Pedals V2 egy\u00e9rtelm\u0171en k\u00fcl\u00f6nbs\u00e9get jelenthet a be\u00e1ll\u00edt\u00e1said k\u00f6z\u00f6tt.<\/p>","protected":false},"excerpt":{"rendered":"<p>Ez a ped\u00e1llap azt az \u00e9rz\u00e9st adta nekem, hogy t\u00e9nyleg r\u00f6gz\u00edti a f\u00e9kez\u00e9st, \u00e9s a kanyarokba val\u00f3 bel\u00e9p\u00e9s term\u00e9szetesebb\u00e9 \u00e9s szab\u00e1lyosabb\u00e1 v\u00e1lik, fejf\u00e1j\u00e1s n\u00e9lk\u00fcl. Van \u00e9rtelme a motiv\u00e1lt szimul\u00e1torosoknak, PC-n vagy konzolon, akik egy igazi l\u00e9p\u00e9st szeretn\u00e9nek tenni az alap hajt\u00f3karokhoz k\u00e9pest. Az eg\u00e9sz csomag tov\u00e1bbra is koherens \u00e9s relev\u00e1ns marad, mint k\u00f6z\u00e9pt\u00e1v\u00fa befektet\u00e9s.<\/p>","protected":false},"featured_media":101002,"comment_status":"open","ping_status":"closed","template":"","meta":{"_acf_changed":false,"_et_pb_use_builder":"","_et_pb_old_content":"","_et_gb_content_width":""},"product_brand":[158],"product_cat":[162],"product_tag":[149,159,160],"class_list":{"0":"post-101001","1":"product","2":"type-product","3":"status-publish","4":"has-post-thumbnail","6":"product_brand-fanatec","7":"product_cat-pedalier","8":"product_tag-pc","9":"product_tag-playstation","10":"product_tag-xbox","12":"first","13":"instock","14":"shipping-taxable","15":"product-type-external"},"acf":[],"_links":{"self":[{"href":"https:\/\/simracergear.com\/hu\/wp-json\/wp\/v2\/product\/101001","targetHints":{"allow":["GET"]}}],"collection":[{"href":"https:\/\/simracergear.com\/hu\/wp-json\/wp\/v2\/product"}],"about":[{"href":"https:\/\/simracergear.com\/hu\/wp-json\/wp\/v2\/types\/product"}],"replies":[{"embeddable":true,"href":"https:\/\/simracergear.com\/hu\/wp-json\/wp\/v2\/comments?post=101001"}],"wp:featuredmedia":[{"embeddable":true,"href":"https:\/\/simracergear.com\/hu\/wp-json\/wp\/v2\/media\/101002"}],"wp:attachment":[{"href":"https:\/\/simracergear.com\/hu\/wp-json\/wp\/v2\/media?parent=101001"}],"wp:term":[{"taxonomy":"product_brand","embeddable":true,"href":"https:\/\/simracergear.com\/hu\/wp-json\/wp\/v2\/product_brand?post=101001"},{"taxonomy":"product_cat","embeddable":true,"href":"https:\/\/simracergear.com\/hu\/wp-json\/wp\/v2\/product_cat?post=101001"},{"taxonomy":"product_tag","embeddable":true,"href":"https:\/\/simracergear.com\/hu\/wp-json\/wp\/v2\/product_tag?post=101001"}],"curies":[{"name":"wp","href":"https:\/\/api.w.org\/{rel}","templated":true}]}}