{"id":101011,"date":"2025-05-15T07:58:00","date_gmt":"2025-05-15T07:58:00","guid":{"rendered":"https:\/\/simracergear.com\/products\/fanatec-csl-elite-steering-wheel-mclaren-gt3-v2\/"},"modified":"2025-11-28T04:56:42","modified_gmt":"2025-11-28T04:56:42","slug":"fanatec-csl-elite-steering-wheel-mclaren-gt3-v2","status":"publish","type":"product","link":"https:\/\/simracergear.com\/hu\/products\/fanatec-csl-elite-steering-wheel-mclaren-gt3-v2\/","title":{"rendered":"Fanatec CSL Elite korm\u00e1nyker\u00e9k McLaren GT3 V2"},"content":{"rendered":"<p>A licencelt korm\u00e1nykerekek vil\u00e1g\u00e1ban a Fanatec CSL Elite McLaren GT3 V2 korm\u00e1nyker\u00e9k a maga nem\u00e9ben egyed\u00fcl\u00e1ll\u00f3. Ez nem egy egyszer\u0171 bel\u00e9p\u0151 szint\u0171 korm\u00e1nyker\u00e9k, \u00e9s nem is egy szuperpr\u00e9mium sz\u00e9nsz\u00e1las modell. Ez egy olyan korm\u00e1nyker\u00e9k, amelyet a szimul\u00e1toros versenyz\u0151knek terveztek, akik komoly GT-mer\u00fcl\u00e9sre v\u00e1gynak an\u00e9lk\u00fcl, hogy elsz\u00farn\u00e1k a k\u00f6lts\u00e9gvet\u00e9s\u00fcket, nagyon modern, versenyorient\u00e1lt ergon\u00f3mi\u00e1val. Mindenekel\u0151tt k\u00e9t dolgot \u00edg\u00e9r: egy val\u00f3di GT3-as korm\u00e1nyker\u00e9khez k\u00f6zeli \u00e9rz\u00e9st \u00e9s sz\u00e9les k\u00f6r\u0171 kompatibilit\u00e1st a Fanatec \u00f6kosziszt\u00e9m\u00e1val.<\/p>\n<p>Ami vonz\u00f3, az a replika-diz\u00e1jn, a \"tiszta szimul\u00e1toros versenyz\u00e9s\" funkcionalit\u00e1s \u00e9s a hivatalosan licencelt hardverhez k\u00e9pest m\u00e9g mindig megfizethet\u0151 \u00e1r kever\u00e9ke. Pap\u00edron egy GT-hez \u00e9s LMP-hez tervezett korm\u00e1nyker\u00e9kkel rendelkez\u00fcnk, amely elegend\u0151 kezel\u0151szervet tartalmaz ahhoz, hogy egy teljes versenyt a billenty\u0171zet \u00e9rint\u00e9se n\u00e9lk\u00fcl is ir\u00e1ny\u00edthassunk. Az \u00e9n szemsz\u00f6gem itt egyszer\u0171: vajon val\u00f3di nyeres\u00e9get ny\u00fajt-e az ir\u00e1ny\u00edt\u00e1s, a k\u00e9nyelem \u00e9s a konzisztencia ter\u00e9n egy egyszer\u0171bb, csomagban kaphat\u00f3 korm\u00e1nyker\u00e9khez k\u00e9pest? \u00c9s mindenekel\u0151tt, kitart-e az id\u0151 m\u00fal\u00e1s\u00e1val, mind a tapint\u00e1s, mind a megb\u00edzhat\u00f3s\u00e1g szempontj\u00e1b\u00f3l, egy olyan ember sz\u00e1m\u00e1ra, aki hetente t\u00f6bbsz\u00f6r is motorozik.<\/p>\n<h2>Tervez\u00e9s \u00e9s gy\u00e1rt\u00e1s<\/h2>\n<p>Kez\u00e9ben a McLaren GT3 V2 azonnal komoly benyom\u00e1st kelt. A f\u0151szerkezet meger\u0151s\u00edtett m\u0171anyagb\u00f3l k\u00e9sz\u00fclt, de a form\u00e1z\u00e1s tiszta, az illeszt\u00e9sek rendezettek, \u00e9s semmi sem repedezik, ha kiss\u00e9 meghajl\u00edtjuk. Nem vagyunk egy teljes f\u00e9m \u00e9s karbon korm\u00e1nyker\u00e9k szintj\u00e9n, de a merevs\u00e9g b\u0151ven elegend\u0151 a CSL \u00e9s Clubsport alapokhoz, m\u00e9g m\u00e9rs\u00e9kelt Direct Drive-ban is. Vizu\u00e1lisan a McLaren licenszet j\u00f3l kiakn\u00e1zz\u00e1k: tipikus GT3-as forma, fekete homlokzatok \u00e9s sz\u00ednes \u00e9rint\u00e9sek, letisztult \u00e9s j\u00f3l olvashat\u00f3.<\/p>\n<p>A foganty\u00fak gumiszer\u0171 anyaggal vannak bevonva. A gyakorlatban ez j\u00f3l esik a k\u00e9zben, m\u00e9g keszty\u0171 n\u00e9lk\u00fcl is, \u00e9s megakad\u00e1lyozza a lecs\u00fasz\u00f3 izzadts\u00e1got, mint egyes rosszul kezelt b\u0151r\u00f6k\u00f6n. A text\u00fara magabiztoss\u00e1got ad, k\u00fcl\u00f6n\u00f6sen kem\u00e9ny f\u00e9kez\u00e9sek vagy agressz\u00edv korrekci\u00f3k eset\u00e9n. \u00c9rezhet\u0151, hogy a korm\u00e1nyt \u00fagy tervezt\u00e9k, hogy hossz\u00fa ideig lehessen haszn\u00e1lni, an\u00e9lk\u00fcl, hogy a k\u00e9z t\u00falzottan elf\u00e1radna. A \"k\u00f6z\u00fati\" korm\u00e1nyker\u00e9kn\u00e9l kisebb \u00e1tm\u00e9r\u0151je m\u00e9g ink\u00e1bb meger\u0151s\u00edti a k\u00f6zvetlen ir\u00e1ny\u00edt\u00e1s \u00e9rz\u00e9s\u00e9t.<\/p>\n<p>Az el\u00fcls\u0151 gombok \u00e1ltal\u00e1ban j\u00f3l kidolgozottak. Az \u00fat egyenes, \u00e9s a kattint\u00e1s \u00e9rz\u00e9se egy\u00e9rtelm\u0171. \u00c9rezni lehet, hogy hol nyomja meg, ami seg\u00edt, ha menet k\u00f6zben kell bekapcsolnia egy t\u00e9rk\u00e9pez\u00e9st. A forg\u00f3k\u00f3dok tisztess\u00e9gesek, nem a legpr\u00e9miumabbak a piacon, de el\u00e9g pontosak a f\u00e9kel\u0151fesz\u00edt\u00e9s, a TC vagy a motorkever\u00e9k kezel\u00e9s\u00e9hez. A kis kapcsol\u00f3k \u00e9s a kieg\u00e9sz\u00edt\u0151 lap\u00e1tok kellemes, \u00e9s mindenekel\u0151tt haszn\u00e1lhat\u00f3 \"versenyz\u0151i pil\u00f3taf\u00fclke\" \u00e9rzetet keltenek.<\/p>\n<p>A sebess\u00e9gv\u00e1lt\u00f3 lap\u00e1tok f\u00e9mb\u0151l k\u00e9sz\u00fcltek, m\u00e1gneses rendszerrel. Az \u00e9rz\u00e9s meglehet\u0151sen sz\u00e1raz \u00e9s gyors. Van egy hat\u00e1rozott \"kattan\u00e1s\", amely azt az \u00e9rz\u00e9st kelti, hogy minden sebess\u00e9gv\u00e1lt\u00e1sn\u00e1l z\u00e1r\u00f3dik. Ez t\u00e9nyleg hozz\u00e1j\u00e1rul az elm\u00e9ly\u00fcl\u00e9shez. M\u00e1sr\u00e9szr\u0151l viszont kiss\u00e9 zajosnak t\u0171nhetnek, ha a be\u00e1ll\u00edt\u00e1s k\u00f6z\u00f6s k\u00f6rnyezetben t\u00f6rt\u00e9nik. Egy m\u00e1sik apr\u00f3 h\u00e1tr\u00e1ny: a szerkezetet ural\u00f3 m\u0171anyag eml\u00e9keztet arra, hogy ez nem egy nagyon cs\u00facskateg\u00f3ri\u00e1s korm\u00e1nyker\u00e9k. Ugyanezen gy\u00e1rt\u00f3 f\u00e9m\/b\u0151r korm\u00e1nyker\u00e9k\u00e9hez k\u00e9pest egy kicsit kev\u00e9sb\u00e9 \"massz\u00edv\", de m\u00e9g mindig egy\u00e9rtelm\u0171en jobb, mint a csomagokban kaphat\u00f3 bel\u00e9p\u0151 szint\u0171 korm\u00e1nykerekek.<\/p>\n<h2>Be\u00e1ll\u00edt\u00e1sok, testreszab\u00e1s \u00e9s kompatibilit\u00e1s<\/h2>\n<p>A McLaren GT3 V2 teljes m\u00e9rt\u00e9kben kihaszn\u00e1lja a Fanatec \u00f6kosziszt\u00e9ma el\u0151nyeit. A konfigur\u00e1ci\u00f3 az alapokra \u00e9p\u00edtett men\u00fck\u00f6n \u00e9s a PC-s szoftveren kereszt\u00fcl t\u00f6rt\u00e9nik. A gyakorlatban be\u00e1ll\u00edthatja a forg\u00e1s \u00e9rz\u00e9kenys\u00e9g\u00e9t, a teljes er\u0151t, az FFB sz\u0171r\u0151ket \u00e9s a rezg\u00e9sbe\u00e1ll\u00edt\u00e1sokat, ha az alap lehet\u0151v\u00e9 teszi. Maga a korm\u00e1nyker\u00e9k nem rendelkezik OLED t\u00edpus\u00fa k\u00e9perny\u0151vel, de a k\u00fcl\u00f6nb\u00f6z\u0151 gombok \u00e9s forg\u00f3k k\u00e1rp\u00f3tolnak ez\u00e9rt, mivel sz\u00e1mos param\u00e9tert k\u00f6zvetlen\u00fcl a j\u00e1t\u00e9kban, a szimul\u00e1ci\u00f3s men\u00fck\u00f6n kereszt\u00fcl lehet kezelni.<\/p>\n<p>A tanul\u00e1si g\u00f6rbe \u00e9sszer\u0171. A kezel\u0151szervek elrendez\u00e9se meglehet\u0151sen logikus: gyorsan megjegyzi az ember, hogy hol vannak a kritikus gombok (boxutca-korl\u00e1toz\u00f3, r\u00e1di\u00f3, t\u00e9rk\u00e9pv\u00e1lt\u00e1s, ABS, TC). N\u00e9h\u00e1ny \u00fcl\u00e9s ut\u00e1n m\u00e1r nem igaz\u00e1n kellett a korm\u00e1nyker\u00e9kre n\u00e9znem, hogy b\u00e1rmit is csin\u00e1ljak, ami egy versenyen elengedhetetlen. Ahhoz k\u00e9pest, hogy valaki egy egyszer\u0171 korm\u00e1nyker\u00e9kr\u0151l \u00e9rkezett, k\u00e9t lap\u00e1ttal \u00e9s n\u00e9h\u00e1ny gombbal, egy\u00e9rtelm\u0171 javul\u00e1s tapasztalhat\u00f3 a versenyir\u00e1ny\u00edt\u00e1sban. A korm\u00e1nyker\u00e9k lehet\u0151v\u00e9 teszi, hogy \"vezesd az aut\u00f3t\" \u00e9s \"ir\u00e1ny\u00edtsd a versenyt\" an\u00e9lk\u00fcl, hogy levenn\u00e9d a szemed a p\u00e1ly\u00e1r\u00f3l.<\/p>\n<p>Ami a kompatibilit\u00e1st illeti, teljesen otthonosan mozog a PC-ken a leg\u00fajabb Fanatec-alapokkal, \u00e9s a konzolokhoz igaz\u00edtott v\u00e1ltozatok is l\u00e9teznek, a haszn\u00e1lt alapokt\u00f3l f\u00fcgg\u0151en. El\u0151nye, hogy friss\u00edtheted a be\u00e1ll\u00edt\u00e1saidat: kezdd egy szer\u00e9nyebb alaplappal, majd t\u00e9rj \u00e1t egy er\u0151sebb Fanatec Direct Drive-ra an\u00e9lk\u00fcl, hogy a korm\u00e1nyt lecser\u00e9ln\u00e9d. J\u00f3l illeszkedik egy CSL vagy Clubsport ped\u00e1lokkal, v\u00e1lt\u00f3val, k\u00e9zif\u00e9kkel \u00e9s merev pil\u00f3taf\u00fclk\u00e9vel ell\u00e1tott \u00f6kosziszt\u00e9m\u00e1ba. Ez tipikusan egy olyan korm\u00e1nyker\u00e9k, amit megtartasz, ha az alapmodelln\u00e9l magasabb kateg\u00f3ri\u00e1ba l\u00e9psz.<\/p>\n<p>Ami a szem\u00e9lyre szabhat\u00f3s\u00e1got illeti, a b\u0151r vagy alcantara markolatok hi\u00e1nya n\u00e9mileg cs\u00f6kkenti az eszt\u00e9tikai testreszab\u00e1s lehet\u0151s\u00e9geit, de a gyakorlatban ez nem jelent akad\u00e1lyt. A l\u00e9nyeg a kezel\u0151szervek \u00e9s az FFB konfigur\u00e1l\u00e1sa a szoftverben. Ezen a ponton megvan minden, amire sz\u00fcks\u00e9g\u00fcnk van ahhoz, hogy a viselked\u00e9st a k\u00fcl\u00f6nb\u00f6z\u0151 szimul\u00e1ci\u00f3khoz igaz\u00edtsuk: GT3 az ACC-n, prot\u00f3k \u00e9s LMP az iRacing-en, \u00e9s ak\u00e1r utcai aut\u00f3k vagy k\u00f6nny\u0171 egy\u00fcl\u00e9ses aut\u00f3k is, ha mindenben a GT form\u00e1tumot szeretj\u00fck.<\/p>\n<h2>\u00c9rzelmek a t\u00e9t<\/h2>\n<p>A McLaren GT3 V2 igaz\u00e1n a p\u00e1ly\u00e1n mutatkozik meg. A markolatok kompakt form\u00e1ja \u00e9s tapad\u00e1sa azonnal a precizit\u00e1s \u00e9rzet\u00e9t kelti. A csukl\u00f3 minden egyes mozdulata egy\u00e9rtelm\u0171en t\u00fckr\u00f6z\u0151dik a korm\u00e1nyz\u00e1son. Kanyarod\u00e1skor val\u00f3ban \u00e9rezhet\u0151, ahogy a terhel\u00e9s az els\u0151 r\u00e9szre tol\u00f3dik, k\u00fcl\u00f6n\u00f6sen Direct Drive alaplappal vagy j\u00f3 sz\u00edjtalppal. Megkapod azt az \u00e9rz\u00e9st, hogy kapcsolatban vagy az aut\u00f3val, an\u00e9lk\u00fcl, hogy nagy, felesleges mozdulatokat kellene tenned.<\/p>\n<p>A markolat leolvas\u00e1sa meggy\u0151z\u0151. Kis tapad\u00e1sveszt\u00e9s, az alulkorm\u00e1nyzotts\u00e1g vagy a t\u00falkorm\u00e1nyzotts\u00e1g kezdete fokozatosan \u00e9rezhet\u0151. Ezt a visszajelz\u00e9st term\u00e9szetesen nem a korm\u00e1nyker\u00e9k hozza l\u00e9tre, de annak form\u00e1ja, merevs\u00e9ge \u00e9s anyaga befoly\u00e1solja, hogy \u00d6n hogyan \u00e9rz\u00e9keli azt. Enn\u00e9l a modelln\u00e9l a mikrokorrekci\u00f3kat eg\u00e9szen term\u00e9szetesnek tal\u00e1lom, k\u00fcl\u00f6n\u00f6sen a kanyar kij\u00e1rat\u00e1n\u00e1l, amikor a h\u00e1ts\u00f3 r\u00e9sz megpr\u00f3b\u00e1l kiny\u00edlni. A kompaktabb GT form\u00e1tum gyors, kontroll\u00e1lt korrekci\u00f3kat tesz lehet\u0151v\u00e9. Amikor az aut\u00f3 megmozdul, a reakci\u00f3 azonnali.<\/p>\n<p>A vibr\u00e1torokon a tapint\u00e1s nagyban f\u00fcgg az alapt\u00f3l, de a korm\u00e1nyker\u00e9k nem sz\u0171r t\u00fal sokat. A rezg\u00e9sek j\u00f3l \u00e1tmennek, \u00e9s k\u00f6nny\u0171 megk\u00fcl\u00f6nb\u00f6ztetni egy agressz\u00edv vibr\u00e1tort egy laposabbt\u00f3l. N\u00e9h\u00e1ny szimul\u00e1toron egy\u00e9rtelm\u0171en \u00e9rezhet\u0151 a k\u00fcl\u00f6nbs\u00e9g a lapos \u00e9s a csak egy ker\u00e9kkel rendelkez\u0151 vibr\u00e1tor k\u00f6z\u00f6tt. Ez t\u00e9nyleg seg\u00edt abban, hogy az aut\u00f3t a v\u00e9gletekig ki lehessen terhelni. Nem olyan \"er\u0151szakos\", mint n\u00e9h\u00e1ny nagyon merev korm\u00e1nyker\u00e9k er\u0151s al\u00e1t\u00e1maszt\u00e1ssal p\u00e1ros\u00edtva, de el\u00e9gg\u00e9 \u00e9rezhet\u0151 a text\u00fara.<\/p>\n<p>A k\u00e9nyelem j\u00f3 a hossz\u00fa munkamenetekhez. A gumi markolat kev\u00e9sb\u00e9 f\u00e1rasztja a kezet, mint egyes kem\u00e9ny b\u0151r\u00f6k. A forma lehet\u0151v\u00e9 teszi, hogy egyenes vonalban meglehet\u0151sen laza fog\u00e1st tartson, an\u00e9lk\u00fcl, hogy er\u0151ltetnie kellene mag\u00e1t a ker\u00e9k megtart\u00e1s\u00e1hoz. Egy \u00f3r\u00e1nyi versenyz\u00e9s sor\u00e1n a f\u00e1radts\u00e1got ink\u00e1bb a koncentr\u00e1ci\u00f3 \u00e9s az FFB, mint maga a korm\u00e1nyker\u00e9k okozza. A m\u00e1gneses lap\u00e1tok t\u00f6bb sz\u00e1z sebess\u00e9gv\u00e1lt\u00e1s ut\u00e1n is kellemesek maradnak, j\u00f3l meghat\u00e1rozott aktiv\u00e1l\u00e1si pontjukkal. A kattan\u00e1s \u00e1lland\u00f3 marad, \u00e9s id\u0151vel sem \u00e9rezni, hogy l\u00e1gyulna.<\/p>\n<p>A gyors korrekci\u00f3khoz, k\u00fcl\u00f6n\u00f6sen cs\u00fasz\u00e1skor vagy ker\u00e9kkel val\u00f3 versenyz\u00e9skor a korm\u00e1nyker\u00e9k j\u00f3l haszn\u00e1lhat\u00f3. A kis m\u00e9ret val\u00f3ban seg\u00edt megtartani az ir\u00e1ny\u00edt\u00e1st, amikor az aut\u00f3 megakad. K\u00f6nnyen tudsz gyors ellenkorm\u00e1nyz\u00e1st v\u00e9gezni an\u00e9lk\u00fcl, hogy elvesz\u00edten\u00e9d a kezed a korm\u00e1nyon. Ezekben a helyzetekben k\u00f6nny\u0171 bel\u00e1tni a GT-t\u00edpus\u00fa korm\u00e1nyker\u00e9k el\u0151ny\u00e9t a nagym\u00e9ret\u0171, lassabban man\u0151verezhet\u0151 k\u00f6z\u00fati korm\u00e1nyker\u00e9kkel szemben. Sokkal jobban \u00e9rezheti, ahogy az aut\u00f3 elfordul \u00d6n k\u00f6r\u00fcl.<\/p>\n<p>A bel\u00e9p\u0151 szint\u0171 alapmodellhez mell\u00e9kelt, egyszer\u0171bb korm\u00e1nyker\u00e9khez k\u00e9pest a k\u00fcl\u00f6nbs\u00e9g mindenekel\u0151tt a kezel\u0151szervek pontoss\u00e1g\u00e1ban \u00e9s ir\u00e1ny\u00edthat\u00f3s\u00e1g\u00e1ban \u00e9rezhet\u0151. A gombok sz\u00e1m\u00e1nak \u00e9s elrendez\u00e9s\u00e9nek, valamint a sportos vezet\u00e9shez jobban illeszked\u0151 form\u00e1nak k\u00f6sz\u00f6nhet\u0151en a \"vezetek\" helyett \"vezetem \u00e9s ir\u00e1ny\u00edtom az aut\u00f3mat, mint a val\u00f3s\u00e1gban\". A nemesebb anyagokb\u00f3l k\u00e9sz\u00fclt, el\u0151kel\u0151bb korm\u00e1nyker\u00e9kkel \u00f6sszehasonl\u00edtva ez a McLaren V2-es egy kicsit kev\u00e9sb\u00e9 pr\u00e9mium \u00e9rzet\u0171, de a tiszta vezet\u00e9si \u00e9rz\u00e9s szempontj\u00e1b\u00f3l egy\u00e9rtelm\u0171en nem \u00e1ll ki a sorb\u00f3l. Sok szimul\u00e1toros sz\u00e1m\u00e1ra kiv\u00e1l\u00f3 egyens\u00falyt jelent az \u00e9rzet, az ir\u00e1ny\u00edthat\u00f3s\u00e1g \u00e9s a k\u00f6lts\u00e9gvet\u00e9s k\u00f6z\u00f6tt.<\/p>\n<h2>Kinek sz\u00f3l? Mit szeret\u00fcnk, mit nem szeret\u00fcnk<\/h2>\n<p>A CSL Elite McLaren GT3 V2 egy\u00e9rtelm\u0171en a k\u00f6z\u00e9phalad\u00f3 \u00e9s halad\u00f3 szimul\u00e1torosoknak sz\u00f3l, akik els\u0151sorban GT, proto vagy endurance aut\u00f3kat vezetnek. T\u00f6k\u00e9letes annak, aki m\u00e1r rendelkezik egy minim\u00e1lis be\u00e1ll\u00edt\u00e1ssal (Fanatec alap, cockpit vagy legal\u00e1bb egy stabil tart\u00f3), \u00e9s aki szeretne egy komolyabb korm\u00e1nyra v\u00e1ltani an\u00e9lk\u00fcl, hogy az extr\u00e9m \u00e1rkateg\u00f3ri\u00e1ba ker\u00fclne. Kompatibilis alaplappal rendelkez\u0151 konzolon igazi el\u0151rel\u00e9p\u00e9s a csomagkorm\u00e1nyokhoz k\u00e9pest. PC-n t\u00f6k\u00e9letesen \u00f6tv\u00f6zi a sz\u00f3rakoz\u00e1st, a versenyk\u00e9pess\u00e9get \u00e9s az elm\u00e9ly\u00fcl\u00e9st.<\/p>\n<p>Amit a legjobban \u00e9rt\u00e9kelek, az a k\u00e9nyelem \u00e9s a hat\u00e9konys\u00e1g kombin\u00e1ci\u00f3ja. A markolatok fog\u00e1sa igaz\u00e1n megnyugtat\u00f3, \u00e9s a korm\u00e1nykereket megfesz\u00fcl\u00e9s n\u00e9lk\u00fcl lehet tartani. A gombok elrendez\u00e9se intelligens, k\u00f6nny\u0171 hozz\u00e1f\u00e9r\u00e9st biztos\u00edt a kritikus funkci\u00f3khoz, \u00e9s megv\u00e1ltoztatja a verseny ir\u00e1ny\u00edt\u00e1s\u00e1nak m\u00f3dj\u00e1t. A m\u00e1gneses lap\u00e1tok nagyban hozz\u00e1j\u00e1rulnak a vezet\u00e9s \u00e9lvezet\u00e9hez, azzal a tiszta kattan\u00e1ssal, amely a prec\u00edz mechanika \u00e9rzet\u00e9t kelti. Olyan \u00e9rz\u00e9st kapsz, mintha egy igaz\u00e1n modern, versenyz\u00e9sre orient\u00e1lt eszk\u00f6zt tartan\u00e1l a kezedben. Ez egy igazi \"ir\u00e1ny\u00edt\u00e1si friss\u00edt\u00e9s\" sok \u00e1ltal\u00e1nos korm\u00e1nyker\u00e9khez k\u00e9pest.<\/p>\n<p>Vannak azonban egy\u00e9rtelm\u0171 korl\u00e1tok. El\u0151sz\u00f6r is, a t\u00falnyom\u00f3r\u00e9szt m\u0171anyag szerkezet eml\u00e9keztet arra, hogy nem egy nagyon cs\u00facskateg\u00f3ri\u00e1s term\u00e9kkel van dolgunk. Ez nem felt\u00e9tlen\u00fcl befoly\u00e1solja a teljes\u00edtm\u00e9nyt, de a tapint\u00e1s \u00e9s az \u00e9rint\u00e9s szempontj\u00e1b\u00f3l egyesek a f\u00e9met \u00e9s a b\u0151rt fogj\u00e1k el\u0151nyben r\u00e9szes\u00edteni. M\u00e1sodszor, a lap\u00e1tok zaja a k\u00f6rnyezett\u0151l f\u00fcgg\u0151en kiss\u00e9 tolakod\u00f3 lehet, k\u00fcl\u00f6n\u00f6sen, ha \u00e9jszaka egy k\u00f6z\u00f6s helyis\u00e9gben vezet\u00fcnk. V\u00e9g\u00fcl, ez egy nagyon GT3-st\u00edlus\u00fa korm\u00e1nyker\u00e9k: azok, akik f\u0151k\u00e9nt rally, drift vagy klasszikus utcai aut\u00f3kat vezetnek, kev\u00e9sb\u00e9 tal\u00e1lhatj\u00e1k megfelel\u0151nek vagy kev\u00e9sb\u00e9 sokoldal\u00fanak a form\u00e1tumot, mint a hagyom\u00e1nyosabb kerek korm\u00e1nykerekeket.<\/p>\n<p>\u00c9rt\u00e9k\u00e9t tekintve ez egy olyan term\u00e9k, amely \u00e9sszer\u0171 befektet\u00e9s. Nem a legolcs\u00f3bb, de az \"elm\u00e9ly\u00fcl\u00e9s\/ir\u00e1ny\u00edt\u00e1s\/\u00e9rzett min\u0151s\u00e9g\" ar\u00e1nya koherens egy olyan ember sz\u00e1m\u00e1ra, aki rendszeresen vezet. Nem csak a McLaren log\u00f3\u00e9rt fizetsz, hanem val\u00f3di funkcion\u00e1lis el\u0151ny\u00f6ket kapsz a versenyir\u00e1ny\u00edt\u00e1s \u00e9s a j\u00e1t\u00e9kbeli pontoss\u00e1g tekintet\u00e9ben. Egy olyan be\u00e1ll\u00edt\u00e1shoz, amely fejl\u0151dik, ez egy szil\u00e1rd l\u00e1ncszem, amely t\u00f6bb \u00e9vig veled maradhat.<\/p>\n<h2>\u00cdt\u00e9let<\/h2>\n<p>A Fanatec CSL Elite McLaren GT3 V2 korm\u00e1nyker\u00e9k val\u00f3di v\u00e1ltoz\u00e1st hoz egy GT \u00e9s endurance-orient\u00e1lt be\u00e1ll\u00edt\u00e1sba. Egy sokoldal\u00fa, de korl\u00e1tozottan haszn\u00e1lhat\u00f3 korm\u00e1nyker\u00e9kt\u0151l egy val\u00f3ban a modern vezet\u00e9shez igazod\u00f3 eszk\u00f6zz\u00e9 v\u00e1ltunk, amelynek ergon\u00f3mi\u00e1j\u00e1t a hossz\u00fa versenyekre \u00e9s a finom aut\u00f3kezel\u00e9sre tervezt\u00fck. Ez nem egy puszta luxuscikk, hanem egy j\u00f3l megtervezett korm\u00e1nyker\u00e9k, amely kell\u0151en robusztus \u00e9s nagyon kellemes vele j\u00e1tszani.<\/p>\n<p>A piacon egy\u00e9rtelm\u0171en a \"komoly\" k\u00f6z\u00e9pkateg\u00f3ri\u00e1ban helyezkedik el: mag\u00e1val ragad\u00f3bb \u00e9s funkcion\u00e1lisabb, mint a bel\u00e9p\u0151 szint\u0171 korm\u00e1nykerekek, kev\u00e9sb\u00e9 pr\u00e9mium, mint a teljes f\u00e9m \u00e9s karbon modellek, de t\u00f6bb mint elegend\u0151 a kem\u00e9ny vezet\u00e9shez a bajnoks\u00e1gokban vagy amat\u0151r versenyeken. Egy olyan szimul\u00e1toros sz\u00e1m\u00e1ra, aki sok id\u0151t t\u00f6lt GT3 \/ GT4 \/ LMP-ben, a form\u00e1tum \u00e9s az ir\u00e1ny\u00edt\u00e1s pont megfelel\u0151.<\/p>\n<p>Azoknak aj\u00e1nlan\u00e1m, akik m\u00e1r j\u00f3l bev\u00e1ltak a Fanatec \u00f6kosziszt\u00e9m\u00e1ban, akik rendszeresen vezetnek, \u00e9s akik egy versenyst\u00edlus\u00fa korm\u00e1nykereket szeretn\u00e9nek, an\u00e9lk\u00fcl, hogy a bankot t\u00f6nkretenn\u00e9k. M\u00e1sr\u00e9szt, ha els\u0151sorban raliz\u00e1ssal vagy driftel\u00e9ssel foglalkozol, vagy ha egy nemes anyagokb\u00f3l k\u00e9sz\u00fclt, ultramagas min\u0151s\u00e9g\u0171 korm\u00e1nykereket keresel, akkor vannak az ig\u00e9nyeidnek jobban megfelel\u0151 lehet\u0151s\u00e9gek. Ha egy mag\u00e1val ragad\u00f3, hat\u00e9kony korm\u00e1nykereket keresel, amelyet egy\u00e9rtelm\u0171en a modern GT-hez terveztek, akkor ez a term\u00e9k mindent megv\u00e1ltoztathat a be\u00e1ll\u00edt\u00e1saidban.<\/p>","protected":false},"excerpt":{"rendered":"<p>Ez a korm\u00e1nyker\u00e9k val\u00f3di kontrollt \u00e9s GT-mer\u00edtkez\u00e9st biztos\u00edt, olyan ergon\u00f3mi\u00e1val, amely hossz\u00fa t\u00e1von egy\u00e9rtelm\u0171en megv\u00e1ltoztatja a versenyek ir\u00e1ny\u00edt\u00e1s\u00e1nak m\u00f3dj\u00e1t. Mindenekel\u0151tt a m\u00e1r Fanatec-korm\u00e1nnyal felszerelt szimul\u00e1torosoknak van \u00e9rtelme, akik rendszeresen versenyeznek GT3\/GT4\/LMP-ben, \u00e9s szeretn\u00e9nek egy sebess\u00e9gfokozatot feljebb kapcsolni an\u00e9lk\u00fcl, hogy az ultra high-endre t\u00f6rekedn\u00e9nek. Az \u00e1r\/\u00e9rt\u00e9k ar\u00e1ny sz\u00e1momra koherensnek t\u0171nik egy halad\u00f3 be\u00e1ll\u00edt\u00e1shoz.<\/p>","protected":false},"featured_media":101012,"comment_status":"open","ping_status":"closed","template":"","meta":{"_acf_changed":false,"_et_pb_use_builder":"","_et_pb_old_content":"","_et_gb_content_width":""},"product_brand":[158],"product_cat":[156],"product_tag":[149,159,160],"class_list":{"0":"post-101011","1":"product","2":"type-product","3":"status-publish","4":"has-post-thumbnail","6":"product_brand-fanatec","7":"product_cat-roue-de-volant","8":"product_tag-pc","9":"product_tag-playstation","10":"product_tag-xbox","12":"first","13":"instock","14":"shipping-taxable","15":"product-type-external"},"acf":[],"_links":{"self":[{"href":"https:\/\/simracergear.com\/hu\/wp-json\/wp\/v2\/product\/101011","targetHints":{"allow":["GET"]}}],"collection":[{"href":"https:\/\/simracergear.com\/hu\/wp-json\/wp\/v2\/product"}],"about":[{"href":"https:\/\/simracergear.com\/hu\/wp-json\/wp\/v2\/types\/product"}],"replies":[{"embeddable":true,"href":"https:\/\/simracergear.com\/hu\/wp-json\/wp\/v2\/comments?post=101011"}],"wp:featuredmedia":[{"embeddable":true,"href":"https:\/\/simracergear.com\/hu\/wp-json\/wp\/v2\/media\/101012"}],"wp:attachment":[{"href":"https:\/\/simracergear.com\/hu\/wp-json\/wp\/v2\/media?parent=101011"}],"wp:term":[{"taxonomy":"product_brand","embeddable":true,"href":"https:\/\/simracergear.com\/hu\/wp-json\/wp\/v2\/product_brand?post=101011"},{"taxonomy":"product_cat","embeddable":true,"href":"https:\/\/simracergear.com\/hu\/wp-json\/wp\/v2\/product_cat?post=101011"},{"taxonomy":"product_tag","embeddable":true,"href":"https:\/\/simracergear.com\/hu\/wp-json\/wp\/v2\/product_tag?post=101011"}],"curies":[{"name":"wp","href":"https:\/\/api.w.org\/{rel}","templated":true}]}}