{"id":101029,"date":"2025-05-15T07:58:00","date_gmt":"2025-05-15T07:58:00","guid":{"rendered":"https:\/\/simracergear.com\/products\/fanatec-csl-pedals\/"},"modified":"2025-11-28T04:57:42","modified_gmt":"2025-11-28T04:57:42","slug":"fanatec-csl-pedals","status":"publish","type":"product","link":"https:\/\/simracergear.com\/hu\/products\/fanatec-csl-pedals\/","title":{"rendered":"Fanatec CSL ped\u00e1lok"},"content":{"rendered":"<h2>Fanatec CSL ped\u00e1lok: bel\u00e9p\u0151szint\u0171\/k\u00f6z\u00e9pkateg\u00f3ri\u00e1s ped\u00e1lok, amelyek m\u00e1ris k\u00fcl\u00f6nbs\u00e9get tesznek a piacon<\/h2>\n<p>Egy szimul\u00e1toros versenyfelszerel\u00e9sben egy ped\u00e1lfal gyakran t\u00f6bbet tesz a k\u00f6rid\u0151k\u00e9rt, mint egy dr\u00e1g\u00e1bb korm\u00e1nyker\u00e9k. A Fanatec CSL ped\u00e1lok t\u00f6k\u00e9letes bel\u00e9p\u0151 a Fanatec \u00f6kosziszt\u00e9m\u00e1ba: egy megfizethet\u0151 f\u00e9m ped\u00e1llap, amelyet \u00fagy terveztek, hogy k\u00e9s\u0151bb terhel\u00e9sm\u00e9r\u0151vel b\u0151v\u00edthet\u0151 legyen.<\/p>\n<p>Pap\u00edron jobban szab\u00e1lyozhat\u00f3 f\u00e9kez\u00e9st \u00edg\u00e9r, mint egy egyszer\u0171 potenciom\u00e9teres ped\u00e1l, sokkal komolyabb konstrukci\u00f3t, mint a bel\u00e9p\u0151 szint\u0171 \"m\u0171anyag\" ped\u00e1lok, \u00e9s sz\u00e9les k\u00f6r\u0171 PC \u00e9s konzol kompatibilit\u00e1st a Fanatec b\u00e1zisokon kereszt\u00fcl.<\/p>\n<p>Az \u00e9n szemsz\u00f6gem itt egyszer\u0171: mennyire jav\u00edtj\u00e1k ezek a ped\u00e1lok a konzisztenci\u00e1t, a f\u00e9kez\u00e9si bizalmat \u00e9s az \u00e1ltal\u00e1nos pontoss\u00e1got, k\u00fcl\u00f6n\u00f6sen egy alap leng\u0151karos v\u00e1lt\u00f3r\u00f3l \u00e9rkez\u0151 ember sz\u00e1m\u00e1ra? T\u00e9nyleg meg\u00e9ri ebbe beruh\u00e1zni egy \u00faj lendker\u00e9k vagy egy er\u0151sebb alap helyett? \u00c9s mindenekel\u0151tt, hogy ez a hajt\u00f3kar hossz\u00fa t\u00e1von is b\u00edrja-e a strap\u00e1t, \u00e9s kellemes marad-e a haszn\u00e1lata, amikor komolyan, t\u00f6bb \u00f3r\u00e1n kereszt\u00fcl elkezdesz tekerni?<\/p>\n<h2>Tervez\u00e9s \u00e9s gy\u00e1rt\u00e1s: v\u00e9gre f\u00e9m<\/h2>\n<p>Az els\u0151 dolog, amit \u00e9szreveszel a Fanatec CSL ped\u00e1lokon, hogy mennyire szil\u00e1rdnak \u00e9rzed \u0151ket. A f\u00e9mszerkezet, a merev alap \u00e9s a s\u0171r\u0171 ped\u00e1lok messze elmaradnak a k\u00f6nny\u0171 m\u0171anyag ped\u00e1lokt\u00f3l. Komoly term\u00e9knek \u00e9rz\u0151dik, annak ellen\u00e9re, hogy egy\u00e9rtelm\u0171en a bel\u00e9p\u0151\/k\u00f6z\u00e9pkateg\u00f3ri\u00e1s szegmensbe poz\u00edcion\u00e1lt\u00e1k.<\/p>\n<p>A ped\u00e1lkarok szil\u00e1rdak, k\u00fcl\u00f6n\u00f6sebb j\u00e1t\u00e9k n\u00e9lk\u00fcl. A f\u00f6ld\u00f6n vagy a pil\u00f3taf\u00fclk\u00e9hez r\u00f6gz\u00edtve az eg\u00e9sz nem kelti azt a benyom\u00e1st, hogy a legkisebb kem\u00e9ny f\u00e9kez\u00e9sn\u00e9l is mozogni akarna. A s\u00falya \u00e9sszer\u0171 marad, de a talp el\u00e9g sz\u00e9les ahhoz, hogy bizalmat \u00e9bresszen. Az az \u00e9rz\u00e9s\u00fcnk, hogy \u00fagy tervezt\u00e9k, hogy egy alv\u00e1zra csavarozz\u00e1k, de a f\u00f6ld\u00f6n, egy sz\u0151nyeggel vagy egy \u00fctk\u00f6z\u0151vel m\u00e9g mindig haszn\u00e1lhat\u00f3.<\/p>\n<p>A befejez\u00e9s tisztess\u00e9ges: nem f\u00e9ny\u0171z\u0151, de tiszta. L\u00e1that\u00f3, hogy a formatervez\u00e9st a k\u00f6lts\u00e9gek alacsonyan tart\u00e1sa \u00e9rdek\u00e9ben optimaliz\u00e1lt\u00e1k, meglehet\u0151sen egyszer\u0171 form\u00e1kkal \u00e9s kiss\u00e9 \"ipari\" megjelen\u00e9ssel. Ez nem egy pr\u00e9mium term\u00e9k, amely ragyog\u00f3v\u00e1 teszi a fel\u00e1ll\u00edt\u00e1st, mint n\u00e9h\u00e1ny fels\u0151kateg\u00f3ri\u00e1s ped\u00e1lfal, de nem is ez a c\u00e9l. Funkcion\u00e1lis, letisztult \u00e9s d\u00edsztelen.<\/p>\n<p>Ami meglep\u0151, az az \u00e1ltal\u00e1nos merevs\u00e9g ezen az \u00e1rszinten. A l\u00e1nct\u00e1masz alig csavarodik, m\u00e9g akkor is, ha er\u0151sen nyomja a f\u00e9ket. A ped\u00e1lok nem rendelkeznek azzal a puha vagy szivacsos \u00e9rz\u00e9ssel, amelyet n\u00e9h\u00e1ny versenyt\u00e1rsunk bel\u00e9p\u0151 szint\u0171 modellj\u00e9n\u00e9l tal\u00e1lsz. A talp alatti \u00e9rz\u00e9s \u00e9les \u00e9s k\u00f6zvetlen.<\/p>\n<p>A kis csal\u00f3d\u00e1st a korl\u00e1tozott fizikai be\u00e1ll\u00edt\u00e1sok \u00e9s a ped\u00e1lok meglehet\u0151sen egyszer\u0171 kialak\u00edt\u00e1sa okozza. A lemezek nem t\u00fal sz\u00e9lesek, a magass\u00e1g \u00e9s a sz\u00f6g be\u00e1ll\u00edt\u00e1sa pedig alapszint\u0171 marad. A magasabb kateg\u00f3ri\u00e1j\u00fa hajt\u00f3karokhoz k\u00e9pest lemaradunk a \"mechanikus\" testreszab\u00e1s lehet\u0151s\u00e9g\u00e9r\u0151l \u00e9s a finom poz\u00edcion\u00e1l\u00e1s k\u00e9nyelm\u00e9r\u0151l. De ha \u00f6sszehasonl\u00edtjuk egy alap m\u0171anyag leng\u0151karral, a CSL ped\u00e1lok egy\u00e9rtelm\u0171en azt a benyom\u00e1st keltik, mintha egy kateg\u00f3ri\u00e1val feljebb l\u00e9pn\u00e9nk.<\/p>\n<h2>Be\u00e1ll\u00edt\u00e1sok, testreszab\u00e1s \u00e9s kompatibilit\u00e1s<\/h2>\n<p>A fizikai be\u00e1ll\u00edt\u00e1sok tekintet\u00e9ben a Fanatec CSL ped\u00e1lok az alapvet\u0151 dolgokat k\u00edn\u00e1lj\u00e1k an\u00e9lk\u00fcl, hogy t\u00fal messzire menn\u00e9nek. Be\u00e1ll\u00edthatja a ped\u00e1lok t\u00e1vols\u00e1g\u00e1t \u00e9s oldalir\u00e1ny\u00fa helyzet\u00e9t, \u00e9s a mechanikus \u00fctk\u00f6z\u0151k\u00f6n kereszt\u00fcl j\u00e1tszhat egy kicsit a l\u00f6k\u00e9ssel. A f\u00e9kped\u00e1l ellen\u00e1ll\u00e1sa azonban az alapv\u00e1ltozatban (terhel\u00e9sm\u00e9r\u0151 n\u00e9lk\u00fcl) ink\u00e1bb a ped\u00e1l\u00fatra, mint a nyom\u00e1sra \u00e9p\u00fcl. Ez elegend\u0151 a simas\u00e1g jav\u00edt\u00e1s\u00e1hoz, de nem helyettes\u00edti a val\u00f3di terhel\u00e9sm\u00e9r\u0151 cell\u00e1t.<\/p>\n<p>Az opcion\u00e1lis terhel\u00e9sm\u00e9r\u0151 modul seg\u00edts\u00e9g\u00e9vel a filoz\u00f3fia egy\u00e9rtelm\u0171en megv\u00e1ltozik: a f\u00e9ket a kifejtett er\u0151 vez\u00e9rli, sokkal er\u0151sebb ellen\u00e1ll\u00e1ssal \u00e9s szil\u00e1rdabb v\u00e9g\u00e1ll\u00e1ssal. Ez az a pont, ahol a leng\u0151kar igaz\u00e1n j\u00f3l j\u00f6n annak, aki k\u00f6rr\u0151l k\u00f6rre a f\u00e9kez\u00e9si pontokon, az adagol\u00e1son \u00e9s az \u00e1lland\u00f3s\u00e1gon szeretne dolgozni. Egy \"OK\" f\u00e9kb\u0151l egy olyan f\u00e9kk\u00e9 v\u00e1lsz, amellyel t\u00e9nyleg lehet nyomni a temp\u00f3t.<\/p>\n<p>A szoftveres be\u00e1ll\u00edt\u00e1sokhoz a Fanatec illeszt\u0151programot \u00e9s - a haszn\u00e1lt alapt\u00f3l f\u00fcgg\u0151en - a ker\u00e9k vagy az alap men\u00fcj\u00e9t haszn\u00e1lja. Itt kalibr\u00e1lhatja az elmozdul\u00e1st, be\u00e1ll\u00edthatja a holtpontokat \u00e9s m\u00f3dos\u00edthatja a maxim\u00e1lis f\u00e9kez\u00e9si k\u00fcsz\u00f6b\u00e9rt\u00e9ket. A kezel\u0151fel\u00fclet meglehet\u0151sen \u00e1ttekinthet\u0151, hasznos opci\u00f3kkal, an\u00e9lk\u00fcl, hogy el\u00e1rasztan\u00e1k a hom\u00e1lyos param\u00e9terek. A tanul\u00e1si g\u00f6rbe elfogadhat\u00f3: n\u00e9h\u00e1ny pr\u00f3b\u00e1lkoz\u00e1s, k\u00e9t-h\u00e1rom be\u00e1ll\u00edt\u00e1s, \u00e9s gyorsan megtal\u00e1lja az \u00d6nnek megfelel\u0151 be\u00e1ll\u00edt\u00e1st.<\/p>\n<p>A kompatibilit\u00e1s az egyik nagy el\u0151ny. A PC-n a legnagyobb rugalmass\u00e1ggal rendelkez\u00fcnk. Konzolokon a ped\u00e1llapot egy kompatibilis Fanatec b\u00e1zishoz kell csatlakoztatni, \u00e9s a b\u00e1zis az, amelyik besz\u00e9l a konzollal. Gyakorlatilag a konzolos j\u00e1t\u00e9kosok sz\u00e1m\u00e1ra, akik m\u00e1r a Fanatec \u00f6kosziszt\u00e9m\u00e1ban vannak, a CSL ped\u00e1lok z\u00f6kken\u0151mentesen integr\u00e1l\u00f3dnak. A PC-s j\u00e1t\u00e9kosok sz\u00e1m\u00e1ra a kaliberek \u00e9s j\u00e1t\u00e9kok rugalmass\u00e1g\u00e1nak tov\u00e1bbi el\u0151nye.<\/p>\n<p>Az \u00f6kosziszt\u00e9m\u00e1t tekintve ez a leng\u0151kar term\u00e9szetes p\u00e1rja a m\u00e1rka korm\u00e1nykerekeinek, l\u00e1ncszemeinek, v\u00e1lt\u00f3inak \u00e9s k\u00e9zif\u00e9keinek. Ide\u00e1lis bel\u00e9p\u00e9si pontk\u00e9nt: az alapk\u00e9szlettel kezdheted, majd hozz\u00e1adhatod a terhel\u00e9sm\u00e9r\u0151 cell\u00e1t, \u00e9s v\u00e9g\u00fcl fejleszthetsz egy cs\u00facskateg\u00f3ri\u00e1sabb leng\u0151karra, mik\u00f6zben megtartod a be\u00e1ll\u00edt\u00e1s t\u00f6bbi r\u00e9sz\u00e9t.<\/p>\n<p>A gyakorlatban ink\u00e1bb egy \"komoly indul\u00f3nak\" tekintem, mint az ultra-ig\u00e9nyes purist\u00e1k sz\u00e1m\u00e1ra k\u00e9sz\u00fclt v\u00e9gleges term\u00e9knek. De egy fejl\u0151dni v\u00e1gy\u00f3 versenyz\u0151nek vagy egy konzolos j\u00e1t\u00e9kosnak, aki igazi el\u0151rel\u00e9p\u00e9st szeretne tenni, a b\u0151v\u00edthet\u0151s\u00e9g igazi \u00e9rv.<\/p>\n<h2>Fanatec CSL ped\u00e1lok: \u00e9rz\u00e9sek j\u00e1t\u00e9k k\u00f6zben<\/h2>\n<p>A p\u00e1ly\u00e1n a f\u00e9kez\u00e9s egy\u00e9rtelm\u0171en a f\u00e9kez\u00e9s az, ami az \u00e9rz\u00e9s szempontj\u00e1b\u00f3l a f\u00f6l\u00e9nybe ker\u00fcl. Egy hagyom\u00e1nyos, bel\u00e9p\u0151 szint\u0171 hajt\u00f3karral \u00f6sszehasonl\u00edtva a k\u00fcl\u00f6nbs\u00e9g azonnal l\u00e1that\u00f3 abban, ahogyan k\u00f6rr\u0151l k\u00f6rre ugyanazt a f\u00e9kez\u00e9si pontot megism\u00e9telheted.<\/p>\n<p>A standard v\u00e1ltozatn\u00e1l (terhel\u00e9sm\u00e9r\u0151 n\u00e9lk\u00fcl) a f\u00e9ket m\u00e9g mindig els\u0151sorban a l\u00f6ket vez\u00e9rli, de az ellen\u00e1ll\u00e1s progressz\u00edvebb \u00e9s line\u00e1risabb, mint a m\u0171anyag fen\u00e9kf\u00e9kn\u00e9l. Jobban \u00e9rzi a l\u00f6ket v\u00e9g\u00e9t, tudja, hol van id\u0151ben, \u00e9s term\u00e9szetesebben adagol. A f\u0151 el\u0151ny a k\u00f6vetkezetess\u00e9g. A ker\u00e9k blokkol\u00e1sa kev\u00e9sb\u00e9 meglep\u0151, \u00e9s k\u00e9s\u0151bb fogsz f\u00e9kezni \u00e9s megtartani az ir\u00e1ny\u00edt\u00e1st.<\/p>\n<p>A terhel\u00e9scell\u00e1s modullal a forgatty\u00faszett megv\u00e1ltoztatja a dimenzi\u00f3t. A f\u00e9k sokkal feszesebb\u00e9 v\u00e1lik, \u00e9s ink\u00e1bb a l\u00e1b\u00e1val, mint a bok\u00e1j\u00e1val f\u00e9kez. Az agy ink\u00e1bb az er\u0151re, mint a poz\u00edci\u00f3ra \u00f6sszpontos\u00edt. Ennek eredm\u00e9nyek\u00e9ppen a referenciapontjaidat sokkal k\u00f6nnyebb lesz tartani, k\u00fcl\u00f6n\u00f6sen hossz\u00fa egyenesek ut\u00e1ni kem\u00e9ny f\u00e9kez\u00e9skor. Ez az a pont, ahol a hajt\u00f3kar val\u00f3ban id\u0151t takar\u00edt meg. Azonnal meg\u00e9rted, hogy mit csin\u00e1l az aut\u00f3.<\/p>\n<p>A kanyarokban a t\u00f6meg\u00e1tad\u00e1si munka jobban kezelhet\u0151. A f\u00e9ket fokozatosabban engedheti fel, hogy az aut\u00f3 stabilan maradjon a kanyarba val\u00f3 bel\u00e9p\u00e9skor, an\u00e9lk\u00fcl, hogy az \"er\u0151s f\u00e9kez\u00e9sr\u0151l\" hirtelen \u00e1tv\u00e1ltana a \"semmi f\u00e9kez\u00e9sre\". A GT vagy protot\u00edpus aut\u00f3kn\u00e1l ez a finom kontroll a nyomf\u00e9kez\u00e9si f\u00e1zis felett megv\u00e1ltoztatja a t\u00e1mad\u00e1s k\u00f6zbeni magabiztoss\u00e1got. Az aut\u00f3 kisz\u00e1m\u00edthat\u00f3bb\u00e1 v\u00e1lik, k\u00fcl\u00f6n\u00f6sen a kanyar bej\u00e1rat\u00e1n\u00e1l.<\/p>\n<p>A g\u00e1zped\u00e1l egyszer\u0171, de hat\u00e9kony. Elegend\u0151 \u00fatja van ahhoz, hogy tiszta adag er\u0151t adjon le, k\u00ednos kem\u00e9ny pontok vagy kijel\u00f6lt holtterek n\u00e9lk\u00fcl. A t\u00fal l\u00e1gy vagy t\u00fal r\u00f6vid leng\u0151karral szemben verseny k\u00f6zben is \u00e9rezhet\u0151 a k\u00fcl\u00f6nbs\u00e9g, amikor a sz\u0171k kanyarokb\u00f3l val\u00f3 kil\u00e9p\u00e9skor vagy bizonytalan tapad\u00e1si k\u00f6r\u00fclm\u00e9nyek k\u00f6z\u00f6tt \u00e1tveszed a vezet\u00e9st. T\u00f6bb helyed van a g\u00e1zad\u00e1s be\u00e1ll\u00edt\u00e1s\u00e1ra \u00e9s a megp\u00f6rd\u00fcl\u00e9s elker\u00fcl\u00e9s\u00e9re.<\/p>\n<p>Rezg\u0151 fel\u00fcleten a ped\u00e1lok nem adnak olyan k\u00f6zvetlen visszajelz\u00e9st, mint a korm\u00e1nyker\u00e9k az FFB-vel, de a g\u00e1zped\u00e1l precizit\u00e1sa seg\u00edt tiszt\u00e1bban utol\u00e9rni egy kicsit ugr\u00e1l\u00f3 aut\u00f3t. Az enyhe t\u00falkorm\u00e1nyzotts\u00e1got a g\u00e1zped\u00e1l nagyon finom modul\u00e1l\u00e1s\u00e1val korrig\u00e1lhatjuk. A kis, gyors korrekci\u00f3k term\u00e9szetesebb\u00e9 v\u00e1lnak, kev\u00e9sb\u00e9 \"mindent vagy semmit\". Ez diszkr\u00e9t, de a hossz\u00fa \u00fcl\u00e9seken a ment\u00e1lis f\u00e1radts\u00e1g kicsit cs\u00f6kken, mert b\u00edzik a ped\u00e1lok reakci\u00f3j\u00e1ban.<\/p>\n<p>T\u00f6bb \u00f3r\u00e1nyi lovagl\u00e1s ut\u00e1n a k\u00e9nyelem tov\u00e1bbra is megfelel\u0151. A ped\u00e1l\u00fat nem terheli t\u00falzottan a bok\u00e1t, \u00e9s az ellen\u00e1ll\u00e1s m\u00e9g a terhel\u00e9sm\u00e9r\u0151vel egy\u00fctt is a hazai haszn\u00e1latra elfogadhat\u00f3 \u00e9rt\u00e9keken bel\u00fcl marad. Nem egy ultrakem\u00e9ny f\u00e9kr\u0151l besz\u00e9l\u00fcnk, mint egy teljes versenykorm\u00e1ny, hanem ink\u00e1bb egy j\u00f3 kompromisszum a realizmus \u00e9s a k\u00e9nyelem k\u00f6z\u00f6tt.<\/p>\n<p>A CSL ped\u00e1lok egy cs\u00facsmin\u0151s\u00e9g\u0171 terhel\u00e9scell\u00e1s vagy hidraulikus hajt\u00f3karhoz k\u00e9pest nyilv\u00e1nval\u00f3an kev\u00e9sb\u00e9 kifinomultak a mikrov\u00e1ltozatok tekintet\u00e9ben, \u00e9s kev\u00e9sb\u00e9 testreszabhat\u00f3ak az \u00e9rz\u00e9s szempontj\u00e1b\u00f3l. A l\u00e1b visszajelz\u00e9se egy kicsit \"egyszer\u0171bb\", kev\u00e9sb\u00e9 \u00e1rnyalt. De egy alap bund\u00e1s ped\u00e1llaphoz k\u00e9pest a min\u0151s\u00e9gi ugr\u00e1s \u00f3ri\u00e1si. Ahol egy alacsony tartom\u00e1ny\u00fa ped\u00e1llap hajlamos idegess\u00e9 \u00e9s kisz\u00e1m\u00edthatatlann\u00e1 tenni az aut\u00f3t f\u00e9kez\u00e9skor, ott a CSL ped\u00e1lok visszaadj\u00e1k a nyugalmat, az olvashat\u00f3s\u00e1got \u00e9s a h\u00edres ir\u00e1ny\u00edt\u00e1s \u00e9rz\u00e9s\u00e9t.<\/p>\n<p>\u00d6sszefoglalva az \u00e9rz\u00e9seket: ez a hajt\u00f3kar mindenekel\u0151tt \u00f6nbizalomn\u00f6vel\u0151. Tudod, hogy mit csin\u00e1lsz, tudod, hogy mit fog csin\u00e1lni az aut\u00f3. \u00c9s pontosan ez az, amit egy j\u00f3 szimul\u00e1toros hajt\u00f3karral szemben elv\u00e1rsz.<\/p>\n<h2>Kinek sz\u00f3l? \u00c9s mit szeret\u00fcnk \/ nem szeret\u00fcnk<\/h2>\n<p>A Fanatec CSL ped\u00e1lok els\u0151sorban azokat a j\u00e1t\u00e9kosokat c\u00e9lozz\u00e1k meg, akik szeretn\u00e9nek kit\u00f6rni a \"j\u00e1t\u00e9k\" ped\u00e1lok vil\u00e1g\u00e1b\u00f3l an\u00e9lk\u00fcl, hogy elsz\u00farn\u00e1k a k\u00f6lts\u00e9gvet\u00e9s\u00fcket. Egy motiv\u00e1lt kezd\u0151, aki egy alap konzolos \/ PC-s csomagb\u00f3l \u00e9rkezik, hatalmas min\u0151s\u00e9gi ugr\u00e1st fog tapasztalni. Egy k\u00f6z\u00e9phalad\u00f3 szimul\u00e1toros, aki a f\u00e9kez\u00e9si pontokra \u00e9s a k\u00f6rid\u0151kre kezd \u00f6sszpontos\u00edtani, koherens eszk\u00f6znek fogja tal\u00e1lni a fejl\u0151d\u00e9shez, k\u00fcl\u00f6n\u00f6sen a terhel\u00e9sm\u00e9r\u0151vel. Egy olyan versenyz\u0151 sz\u00e1m\u00e1ra, aki m\u00e1r nagyon halad\u00f3, merev pil\u00f3taf\u00fclk\u00e9vel \u00e9s nagy mennyis\u00e9g\u0171 vezet\u00e9si \u00f3r\u00e1val rendelkezik, ink\u00e1bb \u00e1tmeneti v\u00e1laszt\u00e1s vagy m\u00e1sodlagos be\u00e1ll\u00edt\u00e1s lesz.<\/p>\n<p>Amit a legjobban \u00e9rt\u00e9kelek, az az \u00e9p\u00edt\u00e9si min\u0151s\u00e9g az \u00e1rhoz k\u00e9pest. A teljesen f\u00e9mszerkezet\u0171, nagyobb j\u00e1t\u00e9k n\u00e9lk\u00fcli szerkezet azonnal megv\u00e1ltoztatja a bizalmat, amikor er\u0151sen megnyomja a f\u00e9ket. M\u00e1sodszor, a terhel\u00e9sm\u00e9r\u0151 modul k\u00e9s\u0151bbi hozz\u00e1ad\u00e1s\u00e1nak k\u00e9pess\u00e9ge kiv\u00e1l\u00f3 bel\u00e9p\u00e9si pont a friss\u00edt\u00e9shez, an\u00e9lk\u00fcl, hogy mindent megv\u00e1ltoztatna a fejl\u0151d\u00e9s sor\u00e1n. V\u00e9g\u00fcl, a ker\u00e9kp\u00e1r \u00e1ltal\u00e1nos \u00e9rz\u00e9se, k\u00fcl\u00f6n\u00f6sen a f\u00e9kez\u00e9s k\u00f6vetkezetess\u00e9ge, val\u00f3di k\u00e9zzelfoghat\u00f3 javul\u00e1st k\u00edn\u00e1l a teljes\u00edtm\u00e9ny \u00e9s az \u00e9lvezet ter\u00e9n, k\u00fcl\u00f6n\u00f6sen akkor, ha egy m\u0171anyag hajt\u00f3karr\u00f3l \u00e9rkezik.<\/p>\n<p>De vannak hat\u00e1rok. A fizikai be\u00e1ll\u00edt\u00e1si lehet\u0151s\u00e9gek tov\u00e1bbra is meglehet\u0151sen korl\u00e1tozottak: a sz\u00f6g, a magass\u00e1g, a ped\u00e1l alakja, minden egy kicsit r\u00f6gz\u00edtett a cs\u00facskateg\u00f3ri\u00e1s modellekhez k\u00e9pest. Azok, akik szeretik a poz\u00edci\u00f3juk minden r\u00e9szlet\u00e9t be\u00e1ll\u00edtani, kiss\u00e9 korl\u00e1tozottnak tal\u00e1lhatj\u00e1k. A terhel\u00e9sm\u00e9r\u0151 n\u00e9lk\u00fcli v\u00e1ltozat, b\u00e1r korrekt, nem adja meg azt az \"ink\u00e1bb er\u0151, mint l\u00f6ket\" \u00e9rz\u00e9st, ami val\u00f3ban k\u00fcl\u00f6nbs\u00e9get jelent a tizedesn\u00e9l v\u00e9gzett munka sor\u00e1n. Egy\u00e9rtelm\u0171en arra \u00f6szt\u00f6nzik, hogy fektessen be a kieg\u00e9sz\u00edt\u0151 modulba. V\u00e9g\u00fcl, az eszt\u00e9tika \u00e9s az \u00e1ltal\u00e1nos \u00e9rz\u00e9s tov\u00e1bbra is egy \u00e1rra optimaliz\u00e1lt term\u00e9k\u00e9, nem pedig egy pr\u00e9mium kateg\u00f3ri\u00e1s hajt\u00f3kar\u00e9: ez nem akad\u00e1lyozza a teljes\u00edtm\u00e9nyt, de n\u00e9h\u00e1ny felhaszn\u00e1l\u00f3, aki nagyon \u00f6sszpontos\u00edt a \"t\u00e1rgy \u00e9lvezet\u00e9re\", hi\u00e1nyt fog szenvedni.<\/p>\n<p>A befektet\u00e9s szempontj\u00e1b\u00f3l az \u00e9rt\u00e9k\/teljes\u00edtm\u00e9ny ar\u00e1ny nagyon j\u00f3. A visszafogott k\u00f6lts\u00e9gvet\u00e9shez k\u00e9pest val\u00f3di el\u0151rel\u00e9p\u00e9st jelent a hajt\u00f3karok hierarchi\u00e1j\u00e1ban. Az a t\u00e9ny, hogy terhel\u00e9scell\u00e1val friss\u00edthet, azt jelenti, hogy nem kell mindent eladnia ahhoz, hogy feljebb l\u00e9pjen a tartom\u00e1nyban. Ez egy olyan v\u00e1s\u00e1rl\u00e1s, amelynek sok szett eset\u00e9ben van \u00e9rtelme, k\u00fcl\u00f6n\u00f6sen akkor, ha k\u00f6z\u00e9pt\u00e1von szeretne fejl\u0151dni.<\/p>\n<h2>\u00cdt\u00e9let: igaz\u00e1n j\u00f3 kiindul\u00f3pont<\/h2>\n<p>A Fanatec CSL ped\u00e1lok nem \u00e1ll\u00edtj\u00e1k, hogy felveszik a versenyt a t\u00f6bb sz\u00e1z eur\u00f3val t\u00f6bbe ker\u00fcl\u0151 versenyped\u00e1lokkal. Nem is ez a l\u00e9nyeg. Er\u0151ss\u00e9ge abban rejlik, hogy egy \u00e1tlagos be\u00e1ll\u00edt\u00e1st \u00e1talak\u00edt egy am\u00fagy is nagyon szil\u00e1rd alapra, k\u00fcl\u00f6n\u00f6sen f\u00e9kez\u00e9skor. Annak, aki egy tisztess\u00e9ges korm\u00e1nyker\u00e9kkel, de egy alap leng\u0151karral motorozik, gyakran ez az a friss\u00edt\u00e9s, amely a legk\u00f6zvetlenebb hat\u00e1ssal van a k\u00f6rid\u0151kre \u00e9s az egyenletess\u00e9gre.<\/p>\n<p>A piacon egy\u00e9rtelm\u0171en a komoly bel\u00e9p\u0151\/k\u00f6z\u00e9pkateg\u00f3ri\u00e1ban helyezkedik el: a k\u00f6tegelt pedalboardok felett, a nagy kapacit\u00e1s\u00fa terhel\u00e9si cell\u00e1kkal vagy hidraulik\u00e1val ell\u00e1tott pr\u00e9mium sz\u00f6rnyek alatt. Ebben a szegmensben nagyon j\u00f3l meg\u00e1llja a hely\u00e9t, k\u00fcl\u00f6n\u00f6sen a terhelhet\u0151s\u00e9gi modul \u00e1ltal k\u00edn\u00e1lt sk\u00e1l\u00e1zhat\u00f3s\u00e1gnak \u00e9s a Fanatec \u00f6kosziszt\u00e9m\u00e1ba val\u00f3 term\u00e9szetes integr\u00e1ci\u00f3nak k\u00f6sz\u00f6nhet\u0151en.<\/p>\n<p>Gondolkod\u00e1s n\u00e9lk\u00fcl aj\u00e1nlom a Fanatec-alaplappal m\u00e1r felszerelt PC-s vagy konzolos j\u00e1t\u00e9kosoknak, akik igazi l\u00f6k\u00e9st szeretn\u00e9nek adni az aut\u00f3 ir\u00e1ny\u00edt\u00e1s\u00e1nak an\u00e9lk\u00fcl, hogy egy nagyon \u00f6sszetett hajt\u00f3karra szavazn\u00e1nak. Egy j\u00f3 terhel\u00e9sm\u00e9r\u0151vel vagy hidraulikus hajt\u00f3karral m\u00e1r felszerelt szimul\u00e1toros sz\u00e1m\u00e1ra ez nem friss\u00edt\u00e9s lesz, hanem ink\u00e1bb m\u00e1sodlagos term\u00e9k vagy k\u00f6lts\u00e9gvet\u00e9si v\u00e1laszt\u00e1s.<\/p>\n<p>Ha egy szil\u00e1rd, fejleszthet\u0151 ped\u00e1lt\u00e1bl\u00e1t keresel, amely val\u00f3ban pontosabb, mint egy bel\u00e9p\u0151 szint\u0171 modell, ez a term\u00e9k mindent megv\u00e1ltoztathat a be\u00e1ll\u00edt\u00e1saidban.<\/p>","protected":false},"excerpt":{"rendered":"<p>Ez a ped\u00e1llap val\u00f3di extra kontrollt adott, k\u00fcl\u00f6n\u00f6sen f\u00e9kez\u00e9skor, olyan k\u00f6vetkezetess\u00e9ggel, amely egy\u00e9rtelm\u0171en megv\u00e1ltoztatja a k\u00f6rid\u0151ket \u00e9s a p\u00e1ly\u00e1n val\u00f3 magabiztoss\u00e1got. Van \u00e9rtelme a j\u00e1t\u00e9kosok sz\u00e1m\u00e1ra, akik szeretn\u00e9nek elt\u00e1volodni a \"j\u00e1t\u00e9k\" ped\u00e1lpap\u00edrt\u00f3l an\u00e9lk\u00fcl, hogy a legels\u0151 kateg\u00f3ri\u00e1t c\u00e9lozn\u00e1k meg, k\u00fcl\u00f6n\u00f6sen a Fanatec alapokkal rendelkez\u0151 PC-ken vagy konzolokon. Az eg\u00e9sz csomag koherens \u00e9s relev\u00e1ns marad, mint egy fejleszthet\u0151 bel\u00e9p\u00e9si pont.<\/p>","protected":false},"featured_media":101030,"comment_status":"open","ping_status":"closed","template":"","meta":{"_acf_changed":false,"_et_pb_use_builder":"","_et_pb_old_content":"","_et_gb_content_width":""},"product_brand":[158],"product_cat":[162],"product_tag":[149,159,160],"class_list":{"0":"post-101029","1":"product","2":"type-product","3":"status-publish","4":"has-post-thumbnail","6":"product_brand-fanatec","7":"product_cat-pedalier","8":"product_tag-pc","9":"product_tag-playstation","10":"product_tag-xbox","12":"first","13":"instock","14":"shipping-taxable","15":"product-type-external"},"acf":[],"_links":{"self":[{"href":"https:\/\/simracergear.com\/hu\/wp-json\/wp\/v2\/product\/101029","targetHints":{"allow":["GET"]}}],"collection":[{"href":"https:\/\/simracergear.com\/hu\/wp-json\/wp\/v2\/product"}],"about":[{"href":"https:\/\/simracergear.com\/hu\/wp-json\/wp\/v2\/types\/product"}],"replies":[{"embeddable":true,"href":"https:\/\/simracergear.com\/hu\/wp-json\/wp\/v2\/comments?post=101029"}],"wp:featuredmedia":[{"embeddable":true,"href":"https:\/\/simracergear.com\/hu\/wp-json\/wp\/v2\/media\/101030"}],"wp:attachment":[{"href":"https:\/\/simracergear.com\/hu\/wp-json\/wp\/v2\/media?parent=101029"}],"wp:term":[{"taxonomy":"product_brand","embeddable":true,"href":"https:\/\/simracergear.com\/hu\/wp-json\/wp\/v2\/product_brand?post=101029"},{"taxonomy":"product_cat","embeddable":true,"href":"https:\/\/simracergear.com\/hu\/wp-json\/wp\/v2\/product_cat?post=101029"},{"taxonomy":"product_tag","embeddable":true,"href":"https:\/\/simracergear.com\/hu\/wp-json\/wp\/v2\/product_tag?post=101029"}],"curies":[{"name":"wp","href":"https:\/\/api.w.org\/{rel}","templated":true}]}}