{"id":101093,"date":"2025-05-15T08:00:00","date_gmt":"2025-05-15T08:00:00","guid":{"rendered":"https:\/\/simracergear.com\/products\/fanatec-csl-steering-wheel-r300-v2\/"},"modified":"2025-11-28T05:01:11","modified_gmt":"2025-11-28T05:01:11","slug":"fanatec-csl-steering-wheel-r300-v2","status":"publish","type":"product","link":"https:\/\/simracergear.com\/hu\/products\/fanatec-csl-steering-wheel-r300-v2\/","title":{"rendered":"Fanatec CSL korm\u00e1nyker\u00e9k R300 V2"},"content":{"rendered":"<h2>Fanatec CSL R300 V2 korm\u00e1nyker\u00e9k: a tesztel\u00e9s ut\u00e1ni v\u00e9lem\u00e9nyem<\/h2>\n<p>A Fanatec CSL R300 V2 korm\u00e1nyker\u00e9k egy\u00e9rtelm\u0171en a m\u00e1rka \u00f6kosziszt\u00e9m\u00e1j\u00e1ban a \"club sport light\" korm\u00e1nyker\u00e9k. Nem egy alap bel\u00e9p\u0151 szint\u0171 korm\u00e1nyker\u00e9k, \u00e9s nem is egy cs\u00facsmodell, pr\u00e9mium GT korm\u00e1nyker\u00e9k. Ezt a nagyon keresett szegmenst c\u00e9lozza meg: egy igazi kerek, Direct Drive-kompatibilis, verseny-t\u00edpus\u00fa korm\u00e1nyker\u00e9k, a k\u00edn\u00e1latban szerepl\u0151 sz\u00f6rnyetegekhez k\u00e9pest m\u00e9g mindig elfogadhat\u00f3 \u00e1ron.<\/p>\n<p>Pap\u00edron el\u00e9g vonz\u00f3 komb\u00f3t \u00edg\u00e9r: realisztikus \u00e1tm\u00e9r\u0151 az orsz\u00e1g\u00fati \/ GT-hez, komoly fel\u00e9p\u00edt\u00e9s, sz\u00e9les k\u00f6r\u0171 kompatibilit\u00e1s (PC \u00e9s konzolok a haszn\u00e1lt alapt\u00f3l f\u00fcgg\u0151en), \u00e9s mindenekel\u0151tt modern kezel\u0151fel\u00fclet a QR2 Lite-nak k\u00f6sz\u00f6nhet\u0151en. R\u00f6viden, egy olyan korm\u00e1nyker\u00e9k, amelyet azoknak terveztek, akik szeretn\u00e9k feljebb vinni a CSL-csomagjukat, an\u00e9lk\u00fcl, hogy a k\u00f6lts\u00e9gvet\u00e9s\u00fcket egy ClubSportra vagy Podiumra k\u00f6lten\u00e9k.<\/p>\n<p>Az \u00e9n elemz\u00e9si szempontom egyszer\u0171: a k\u00e9zben val\u00f3 \u00e9rz\u00e9s, az \u00e9rz\u00e9kelt min\u0151s\u00e9g, a j\u00e1t\u00e9kkomfort \u00e9s az \u00e1ltal\u00e1nos koherencia egy modern Fanatec-\u00f6ssze\u00e1ll\u00edt\u00e1sban. Az R300 V2 val\u00f3ban ad valamit az eredeti CSL korm\u00e1nyker\u00e9khez k\u00e9pest? T\u00e9nyleg \u00e9rezni a k\u00fcl\u00f6nbs\u00e9get a Direct Drive alapon, vagy csak egy szebb gy\u0171r\u0171? <\/p>\n<p>Az \u00f6tlet az, hogy megn\u00e9zz\u00fck, hogy ez a ker\u00e9k meg\u00e9rdemli-e a hely\u00e9t, mint \"napi vezet\u0151\" a PC-s\/konzolos szimul\u00e1torosok sz\u00e1m\u00e1ra, akik gyakran \u00e9s hossz\u00fa ideig j\u00e1tszanak, \u00e9s sokoldal\u00fa, megb\u00edzhat\u00f3 \u00e9s \u00e9lvezetes kereket keresnek.<\/p>\n<h2>Tervez\u00e9s, gy\u00e1rt\u00e1s \u00e9s \u00e9rz\u00e9s<\/h2>\n<p>A CSL R300 V2 korm\u00e1nyker\u00e9k a Fanatec meglehet\u0151sen standard receptj\u00e9n alapul: egy k\u00f6r\u00fclbel\u00fcl 30 cm hossz\u00fa, kerek gy\u0171r\u0171, amely a v\u00e1ltozatt\u00f3l f\u00fcgg\u0151en alcantara vagy m\u0171b\u0151r bor\u00edt\u00e1s\u00fa, \u00e9s egy egyszer\u0171s\u00edtett QR2 Lite-kompatibilis ker\u00e9kagyra van szerelve. Az els\u0151 dolog, ami a k\u00e9zben felt\u0171nik, az az \u00e1tm\u00e9r\u0151, a markolatvastags\u00e1g \u00e9s a s\u00faly k\u00f6z\u00f6tti egyens\u00faly. El\u00e9g k\u00f6nny\u0171 ahhoz, hogy ne fulladjon meg egy CSL DD alapon, de el\u00e9g s\u0171r\u0171 ahhoz, hogy ne \u00e9rezz\u00fck j\u00e1t\u00e9kszernek.<\/p>\n<p>A bevonat kellemes, k\u00fcl\u00f6n\u00f6sen, ha keszty\u0171t visel. Az alcantara ink\u00e1bb versenyszer\u0171 \u00e9rz\u00e9st biztos\u00edt, kiss\u00e9 \"ragad\u00f3s\", an\u00e9lk\u00fcl, hogy agressz\u00edv lenne. Puszta k\u00e9zben el kell fogadni, hogy kicsit gyorsabban \u00f6regszik, mint ahogy ez mindig is szokott lenni enn\u00e9l az anyagn\u00e1l. A varr\u00e1sok tiszt\u00e1k \u00e9s szab\u00e1lyosak, a h\u00fcvelykujjak k\u00f6r\u00fcl nincs zavar\u00f3 extra vastags\u00e1g. \u00c9rezhet\u0151, hogy a gy\u00e1rt\u00e1si folyamat iparszer\u0171, de ellen\u0151rz\u00f6tt volt: semmi sem mozog, nincs j\u00e1t\u00e9k \u00e9s nincs nyikorg\u00e1s.<\/p>\n<p>A gy\u0171r\u0171 merevs\u00e9ge nagyon j\u00f3. Direct Drive alapra terhelve nem hajlik meg \u00e9szrevehet\u0151en, m\u00e9g a korrekci\u00f3kban t\u00f6rt\u00e9n\u0151 er\u0151s \u00fct\u00e9sek eset\u00e9n sem. Nem egy cs\u00facsmin\u0151s\u00e9g\u0171 t\u00f6m\u00f6r f\u00e9m korm\u00e1nyker\u00e9k abszol\u00fat merevs\u00e9g\u00e9r\u0151l besz\u00e9l\u00fcnk, de ebben az \u00e1rkateg\u00f3ri\u00e1ban a szerkezet j\u00f3l tartja mag\u00e1t. A k\u00fcll\u0151k el\u00e9g er\u0151sek ahhoz, hogy t\u00falz\u00e1sba vitt hajl\u00edt\u00e1s n\u00e9lk\u00fcl b\u00edrj\u00e1k a tart\u00f3s FFB-t.<\/p>\n<p>A csal\u00f3d\u00e1st ink\u00e1bb a CSL ker\u00e9kagy m\u0171anyag alkatr\u00e9szei okozz\u00e1k, k\u00fcl\u00f6n\u00f6sen, ha figyelembe vessz\u00fck a m\u00e1rka kiv\u00e1l\u00f3 ker\u00e9kagyait. A kompozit QR2 Lite teszi a dolg\u00e1t, de \u00f6sszeszerelve\/ sz\u00e9tszerelve valamivel kev\u00e9sb\u00e9 pr\u00e9mium \u00e9rz\u00e9st ny\u00fajt, mint egy teljes f\u00e9m QR2. Semmi dr\u00e1mai a j\u00e1t\u00e9kban, de ha gyakran kezeli a korm\u00e1nyt, szeretne egy kicsit \u0151szint\u00e9bb mechanikai \u00e9rzetet.<\/p>\n<p>A kis k\u00f6tegelt korm\u00e1nyokhoz vagy a k\u00f6nnyebb P1 t\u00edpus\u00fa felnikhez k\u00e9pest az R300 V2 egy\u00e9rtelm\u0171en nagyobb jelenl\u00e9ttel rendelkezik. A k\u00e9zben az R300 V2 olyan \u00e9rz\u00e9st kelt, mint egy igazi sportaut\u00f3 vagy GT korm\u00e1nyker\u00e9k. 9,15-kor term\u00e9szetesen meg lehet fogni, a h\u00fcvelykujjak j\u00f3l helyezkednek, \u00e9s el\u00e9g anyag van ahhoz, hogy a kez\u00fcnk erej\u00e9vel j\u00e1tszhassunk an\u00e9lk\u00fcl, hogy t\u00fal gyorsan elf\u00e1radn\u00e1nk.<\/p>\n<h2>Be\u00e1ll\u00edt\u00e1sok, testreszab\u00e1s \u00e9s kompatibilit\u00e1s<\/h2>\n<p>A be\u00e1ll\u00edt\u00e1sok tekintet\u00e9ben az R300 V2 tov\u00e1bbra is egy viszonylag egyszer\u0171 korm\u00e1nyker\u00e9k. Nincs sz\u00fcks\u00e9g t\u00fal sok gombra vagy k\u00e9perny\u0151re, csak a legt\u00f6bb haszn\u00e1lathoz sz\u00fcks\u00e9ges alapvet\u0151 dolgokra. A gombok j\u00f3l vannak elhelyezve, \u00edgy a h\u00fcvelykujjal is el\u00e9rheti \u0151ket an\u00e9lk\u00fcl, hogy a f\u0151 foganty\u00fat el kellene engednie. A kattint\u00e1s tiszta, nem t\u00fal kem\u00e9ny, \u00e9s \u00e9ppen megfelel\u0151 mennyis\u00e9g\u0171 visszajelz\u00e9ssel rendelkezik, hogy ne nyomd meg v\u00e9letlen\u00fcl egy fesz\u00fclt f\u00e1zisban.<\/p>\n<p>A kulcs a Fanatec \u00f6kosziszt\u00e9m\u00e1ba val\u00f3 integr\u00e1ci\u00f3. Egy CSL DD vagy ClubSport DD alapon a korm\u00e1nyker\u00e9k azonnal felismerhet\u0151, \u00e9s a klasszikus be\u00e1ll\u00edt\u00e1sok az alapmen\u00fcben vagy a PC szoftveren kereszt\u00fcl tal\u00e1lhat\u00f3k. A b\u00e1zis alapbe\u00e1ll\u00edt\u00e1sai \u00e9rv\u00e9nyesek maradnak, \u00e9s a korm\u00e1nyker\u00e9k nem ad hozz\u00e1 egy \u00f6sszetett szoftverr\u00e9teget. Be\u00e1ll\u00edtja az er\u0151t, a linearit\u00e1st, az FFB sz\u0171r\u0151ket \u00e9s a forg\u00e1smeg\u00e1ll\u00f3kat a szimul\u00e1tor t\u00edpus\u00e1nak megfelel\u0151en, \u00e9s ennyi. A tanul\u00e1si g\u00f6rbe teh\u00e1t nagyon szel\u00edd: ha m\u00e1r ismeri a Fanatec-et, nem fogja mag\u00e1t k\u00edv\u00fcl\u00e1ll\u00f3nak \u00e9rezni.<\/p>\n<p>A testreszabhat\u00f3s\u00e1g ink\u00e1bb a haszn\u00e1lat k\u00e9rd\u00e9se: a forg\u00e1ssz\u00f6get \u00fagy \u00e1ll\u00edthatod be, hogy a GT-\u00e9rz\u00e9st\u0151l az utcai aut\u00f3khoz k\u00f6zelebbi \u00e9rz\u00e9sre v\u00e1lts, vagy \u00e9ppen ellenkez\u0151leg, korl\u00e1tozhatod a forg\u00e1st a driftel\u00e9shez vagy a raliz\u00e1shoz. Az R300 V2 viszonylag szabv\u00e1nyos \u00e1tm\u00e9r\u0151je miatt mindezekben a helyzetekben otthonosan mozog, m\u00e9g ha a p\u00e1ly\u00e1n \/ GT-ben otthonosabban is \u00e9rzi mag\u00e1t, mint az egy\u00fcl\u00e9ses aut\u00f3kban.<\/p>\n<p>A PC \u00e9s konzol kompatibilit\u00e1s nyilv\u00e1nval\u00f3an az alapt\u00f3l f\u00fcgg. Egy Xbox-kompatibilis alaphoz csatlakoztatva a korm\u00e1nyker\u00e9k haszn\u00e1lhat\u00f3v\u00e1 v\u00e1lik azon a platformon, \u00e9s ugyanez vonatkozik a PlayStationre is a megfelel\u0151 alap seg\u00edts\u00e9g\u00e9vel. Ebb\u0151l a szempontb\u00f3l az R300 V2 nem korl\u00e1tozza a felhaszn\u00e1l\u00f3t: k\u00f6veti az \u00f6kosziszt\u00e9m\u00e1t, minden tov\u00e1bbi reteszel\u00e9s n\u00e9lk\u00fcl.<\/p>\n<p>Ami a fejleszthet\u0151s\u00e9get illeti, \u00fagy l\u00e1tom, hogy ez egy igaz\u00e1n tart\u00f3s r\u00e9sze a Fanatec be\u00e1ll\u00edt\u00e1soknak. A QR2 Lite m\u00e1r most is nagyon j\u00f3l m\u0171k\u00f6dik a leg\u00fajabb l\u00e1ncszemekkel, \u00e9s ha k\u00e9s\u0151bb f\u00e9m QR2-re v\u00e1ltasz, akkor is gond n\u00e9lk\u00fcl megtarthatod a korm\u00e1nyt. A t\u00f6bbit (ped\u00e1lok, v\u00e1lt\u00f3, k\u00e9zif\u00e9k, pil\u00f3taf\u00fclke) \u00fagy friss\u00edtheted, hogy ezt az R300 V2-t sok\u00e1ig megtartod f\u0151 vagy m\u00e1sodlagos korm\u00e1nyker\u00e9kk\u00e9nt. Nagyon j\u00f3l m\u0171k\u00f6dik, mint az els\u0151 \"igazi\" komoly kerek korm\u00e1nyker\u00e9k egy Direct Drive \u00f6kosziszt\u00e9m\u00e1ban.<\/p>\n<h2>J\u00e1t\u00e9k\u00e9rzet: mit v\u00e1ltoztat meg az R300 V2 val\u00f3j\u00e1ban<\/h2>\n<p>A p\u00e1ly\u00e1ra \u00e9rve az R300 V2 gyorsan megmutatja szem\u00e9lyis\u00e9g\u00e9t. A CSL DD t\u00edpus\u00fa Direct Drive alapon az els\u0151 \u00e9rz\u00e9s a visszajelz\u00e9sek tisztas\u00e1ga. A gy\u0171r\u0171 \u00e1tm\u00e9r\u0151je \u00e9s s\u00falya j\u00f3 kompromisszumot k\u00edn\u00e1l: meg\u0151rzi a modern alapokra jellemz\u0151 \u00e9rz\u00e9kenys\u00e9get \u00e9s sebess\u00e9get, an\u00e9lk\u00fcl, hogy t\u00fal k\u00f6nny\u0171 lendker\u00e9kbe esne, amely elvesz\u00edti az \u00e1rnyalatokat.<\/p>\n<p>A gyors kanyarokban nagyon j\u00f3l \u00e9rz\u00e9kelhet\u0151 az aut\u00f3 fokozatosan fel\u00e9p\u00fcl\u0151 leszor\u00edt\u00f3ereje. A korm\u00e1nyker\u00e9k term\u00e9szetes ellen\u00e1ll\u00e1st k\u00edn\u00e1l, nem pedig mesters\u00e9ges ellen\u00e1ll\u00e1st, a nyomat\u00e9k egyenletesen emelkedik, ahogy az els\u0151 tengely terhel\u00e9se n\u00f6vekszik. K\u00f6nnyen leolvashat\u00f3, mi t\u00f6rt\u00e9nik a gumik alatt: az alulkorm\u00e1nyzotts\u00e1g kezdete, a h\u00e1ts\u00f3 r\u00e9sz enyhe k\u00f6nny\u00edt\u00e9se, a t\u00f6meg\u00e1tvitel enyhe \u00e1tmenete. K\u00f6nny\u0171 l\u00e1tni, hogy mit csin\u00e1l az aut\u00f3.<\/p>\n<p>A tapad\u00e1si \u00e9rt\u00e9kek k\u00fcl\u00f6n\u00f6sen \u00e9rdekesek a kanyar k\u00f6zep\u00e9n \u00e9s a gyors\u00edt\u00e1s k\u00f6zep\u00e9n. A korm\u00e1nyker\u00e9k j\u00f3l k\u00f6zvet\u00edti a tapad\u00e1s mikro-v\u00e1ltoz\u00e1sait, azt a kis remeg\u00e9st, amikor a gumiabroncs tapad\u00e1st keres a kanyar kij\u00e1rat\u00e1n\u00e1l. Egy k\u00f6nnyebb bel\u00e9p\u0151 szint\u0171 korm\u00e1nyker\u00e9khez k\u00e9pest a jelz\u00e9sek sokkal finomabbak: kev\u00e9sb\u00e9 \"nyersek\", \u00e1rnyaltabbak, \u00edgy nagyobb magabiztoss\u00e1got ad, hogy fokozatosan nyomjon an\u00e9lk\u00fcl, hogy meglep\u0151dne.<\/p>\n<p>A vibr\u00e1torok viselked\u00e9se nagyban f\u00fcgg az FFB be\u00e1ll\u00edt\u00e1sokt\u00f3l \u00e9s a szimul\u00e1ci\u00f3t\u00f3l, de az R300 V2 j\u00f3l kezelhet\u0151. A perem nem rezon\u00e1l kellemetlen\u00fcl, \u00e9s a markolat nem \"pattog\" a k\u00e9zben. Az agressz\u00edv vibr\u00e1torok granulometri\u00e1ja egy\u00e9rtelm\u0171en \u00e9rezhet\u0151, de kontroll alatt marad, parazita rezg\u00e9sek n\u00e9lk\u00fcl. Tiszta, \u00e9les \u00e9s k\u00f6nnyen leolvashat\u00f3. A g\u00f6r\u00f6ngy\u00f6s egyenesekben a korm\u00e1nyker\u00e9k el\u00e9gg\u00e9 megmozdul ahhoz, hogy eml\u00e9keztessen arra, hogy a p\u00e1lya nem sima, de soha nem karik\u00edrozza.<\/p>\n<p>Gyors korrekci\u00f3k eset\u00e9n az \u00e1tm\u00e9r\u0151\/s\u00faly kombin\u00e1ci\u00f3nak van \u00e9rtelme. \u00c9les ellenkorm\u00e1nyz\u00e1sokat lehet v\u00e9gezni an\u00e9lk\u00fcl, hogy a korm\u00e1nyker\u00e9k minden ir\u00e1nyba elrep\u00fclne. A Direct Drive alapnak elegend\u0151 nyomat\u00e9ka van ahhoz, hogy visszahozza a gy\u0171r\u0171t, de nem annyira, hogy a fog\u00e1s f\u00e1raszt\u00f3v\u00e1 v\u00e1ljon. Korrig\u00e1l, stabiliz\u00e1l, \u00e9s a markolatnak k\u00f6sz\u00f6nhet\u0151en a keze szil\u00e1rdan a hely\u00e9n marad. Ez az, ahol a kerek forma \u00e9s a \"re\u00e1lis\" m\u00e9ret igaz\u00e1n seg\u00edt, k\u00fcl\u00f6n\u00f6sen rallye, drift vagy nagyon ideges aut\u00f3kon.<\/p>\n<p>A k\u00e9nyelem j\u00f3 hossz\u00fa munkamenetek sor\u00e1n. A markolat vastags\u00e1ga azt jelenti, hogy enyh\u00e9n v\u00e1ltoztathatja, hogy levegye a nyom\u00e1st az ujjair\u00f3l. Az alcantara keszty\u0171vel egy\u00fctt korl\u00e1tozza a f\u00e1radts\u00e1got: nem kell \u0151r\u00fclt m\u00f3don markolnia, hogy megtartsa az ir\u00e1ny\u00edt\u00e1st. A korm\u00e1nyker\u00e9k \u00e9sszer\u0171 s\u00falya is seg\u00edt elker\u00fclni az alkarok t\u00falterhel\u00e9s\u00e9t, m\u00e9g egy meglehet\u0151sen neh\u00e9z FFB-vel is. T\u00f6bb futamot vagy hossz\u00fa etapot is megtehetsz an\u00e9lk\u00fcl, hogy a v\u00e9g\u00e9n kimer\u00fcln\u00e9l.<\/p>\n<p>Egy m\u00e9g cs\u00facskateg\u00f3ri\u00e1sabb, neh\u00e9z f\u00e9m QR-rel \u00e9s teljes alum\u00ednium anyagokkal felszerelt korm\u00e1nyker\u00e9kkel \u00f6sszehasonl\u00edtva egy kicsit vesz\u00edt\u00fcnk a \"monolitikus blokk\" \u00e9rz\u00e9s\u00e9b\u0151l. Egy nagyon er\u0151s alapon n\u00e9h\u00e1nyan \u00e9rezni fogj\u00e1k a k\u00fcl\u00f6nbs\u00e9get a v\u00e9gs\u0151 merevs\u00e9gben. De egy CSL DD vagy ak\u00e1r ClubSport DD csomagon az R300 V2 konzisztens marad: j\u00f3l tov\u00e1bb\u00edtja az er\u0151ket, mindenf\u00e9le furcsa elmos\u00f3d\u00e1s vagy \u00e9rz\u00e9kelhet\u0151 j\u00e1t\u00e9k n\u00e9lk\u00fcl. Re\u00e1lis haszn\u00e1latban a korl\u00e1toz\u00f3 t\u00e9nyez\u0151 nem ez a korm\u00e1nyker\u00e9k lesz, hanem a be\u00e1ll\u00edt\u00e1sok vagy a szimul\u00e1ci\u00f3.<\/p>\n<p>\u00d6sszess\u00e9g\u00e9ben a mer\u00edt\u00e9s nagyon j\u00f3 ebben a szegmensben. Az az \u00e9rz\u00e9s, hogy egy val\u00f3di aut\u00f3t ir\u00e1ny\u00edtunk, nem pedig egy m\u0171anyag kieg\u00e9sz\u00edt\u0151t. Magabiztoss\u00e1got nyer\u00fcnk a kanyarokba val\u00f3 bel\u00e9p\u00e9skor, az akkordponton t\u00f6rt\u00e9n\u0151 apr\u00f3 korrekci\u00f3k sor\u00e1n, \u00e9s abban, hogy \u00e9rezz\u00fck a tapad\u00e1s fokozatos cs\u00f6kken\u00e9s\u00e9t. Pontosan ez az, amit egy \"napi\" korm\u00e1nyt\u00f3l v\u00e1rsz, ha gyakran akarsz vezetni \u00e9s fejl\u0151dni.<\/p>\n<h2>Kinek sz\u00f3l? Mit szeret\u00fcnk, mit nem szeret\u00fcnk<\/h2>\n<p>A Fanatec CSL R300 V2 korm\u00e1nyker\u00e9k egy meglehet\u0151sen egy\u00e9rtelm\u0171 c\u00e9lcsoportot c\u00e9loz meg: a motiv\u00e1lt, k\u00f6z\u00e9phalad\u00f3 vagy halad\u00f3 szimul\u00e1torosokat, akik m\u00e1r Direct Drive alapon versenyeznek, vagy tervezik, hogy \u00e1tt\u00e9rnek erre, \u00e9s akik egy sokoldal\u00fa kerek kereket szeretn\u00e9nek GT, orsz\u00e1g\u00fati \u00e9s k\u00fcl\u00f6nb\u00f6z\u0151 szak\u00e1gakhoz. PC-n vagy konzolon t\u00f6k\u00e9letes \u00e9rtelme van, amint van egy friss Fanatec alapod.<\/p>\n<p>Egy teljesen kezd\u0151, sz\u0171k\u00f6s k\u00f6lts\u00e9gvet\u00e9s\u0171 szimul\u00e1toros versenyz\u0151 sz\u00e1m\u00e1ra nem biztos, hogy ez az els\u0151 sz\u00e1m\u00fa priorit\u00e1s. De annak, akinek m\u00e1r van egy CSL csomagja vagy egy egyszer\u0171bb eredeti korm\u00e1nykereke, az R300 V2 val\u00f3di min\u0151s\u00e9gi ugr\u00e1st jelent az elm\u00e9ly\u00fcl\u00e9s \u00e9s a k\u00e9nyelem ter\u00e9n. Olyan \u00e9rz\u00e9s, mintha egy \"j\u00e1t\u00e9kkorm\u00e1nyr\u00f3l\" egy \"aut\u00f3korm\u00e1nyra\" v\u00e1ltan\u00e1l.<\/p>\n<p>Legjobban az \u00e1tm\u00e9r\u0151je \u00e9s a form\u00e1ja tetszik. Nagyon term\u00e9szetes \u00e9rzet\u0171, k\u00f6zel \u00e1ll egy modern sportmotor\u00e9hoz, ami azonnal megnyugtat a p\u00e1ly\u00e1n. M\u00e1sodszor, az \u00e1ltal\u00e1nos \u00e9rz\u00e9kelt min\u0151s\u00e9g nagyon j\u00f3 az \u00e1r\u00e1hoz k\u00e9pest: kellemes tapad\u00e1s, tiszta kivitel, elegend\u0151 merevs\u00e9g egy komoly FFB elvisel\u00e9s\u00e9hez. V\u00e9g\u00fcl a Fanatec \u00f6kosziszt\u00e9m\u00e1val \u00e9s a QR2 Lite-tal val\u00f3 sz\u00e9les k\u00f6r\u0171 kompatibilit\u00e1s hossz\u00fa t\u00e1v\u00fa v\u00e1s\u00e1rl\u00e1st tesz lehet\u0151v\u00e9: friss\u00edtheted az alapot, a ped\u00e1lokat \u00e9s a pil\u00f3taf\u00fclk\u00e9t, de a korm\u00e1nyker\u00e9k tov\u00e1bbra is relev\u00e1ns marad.<\/p>\n<p>Vannak azonban korl\u00e1tok. Az els\u0151 a ker\u00e9kagy \u00e9s a QR2 Lite kompozit kiss\u00e9 kev\u00e9sb\u00e9 pr\u00e9mium \u00e9rz\u00e9se a teljes f\u00e9m egys\u00e9ghez k\u00e9pest. Ez nem zavar a p\u00e1ly\u00e1n, de amikor fel- \u00e9s lecs\u00edpteted, az az \u00e9rz\u00e9sed, hogy a k\u00f6z\u00e9pkateg\u00f3ri\u00e1ban helyezkedik el. M\u00e1sodszor, az alcantara tov\u00e1bbra is ig\u00e9nyes anyag: keszty\u0171 n\u00e9lk\u00fcl gyorsabban foltosodik, \u00e9s egyesek ink\u00e1bb a b\u0151rt r\u00e9szes\u00edtik el\u0151nyben, amivel k\u00f6nnyebb egy\u00fctt \u00e9lni. A harmadik korl\u00e1t, hogy az F1 vagy protot\u00edpus purist\u00e1k sz\u00e1m\u00e1ra egy kerek korm\u00e1nyker\u00e9k nem ide\u00e1lis: ez az R300 V2 mindent tud, de nem helyettes\u00edti egy igazi, dedik\u00e1lt formula korm\u00e1nykereket.<\/p>\n<p>A beruh\u00e1z\u00e1s szempontj\u00e1b\u00f3l ez egy olyan term\u00e9k, amely a k\u00f6tegelt kerekekhez k\u00e9pest jelent\u0151s p\u00e9nz\u00fcgyi er\u0151fesz\u00edt\u00e9st ig\u00e9nyel, de val\u00f3di \u00e9rz\u00e9kelt \u00e9rt\u00e9ket k\u00edn\u00e1l. Ez nem csak eszt\u00e9tikai h\u00f3bort: val\u00f3ban megv\u00e1ltoztatja a j\u00e1t\u00e9k \u00e9rz\u00e9s\u00e9t \u00e9s ir\u00e1ny\u00edt\u00e1s\u00e1t. Egy m\u00e1r Direct Drive-val felszerelt be\u00e1ll\u00edt\u00e1s eset\u00e9n ez egy olyan friss\u00edt\u00e9s, amely k\u00f6nnyen indokolhat\u00f3, ha rendszeresen vezetsz.<\/p>\n<h2>\u00cdt\u00e9let: hol \u00e1ll az R300 V2 val\u00f3j\u00e1ban?<\/h2>\n<p>A Fanatec CSL R300 V2 korm\u00e1nyker\u00e9k egy nagyon logikus r\u00e9st t\u00f6lt be egy modern be\u00e1ll\u00edt\u00e1sban: egy sokoldal\u00fa, kerek korm\u00e1nyker\u00e9k, amely el\u00e9g j\u00f3 min\u0151s\u00e9g\u0171 ahhoz, hogy egy Direct Drive alapot k\u00eds\u00e9rjen, an\u00e9lk\u00fcl, hogy el\u00e9rn\u00e9 egy teljes pr\u00e9mium korm\u00e1nyker\u00e9k \u00e1r\u00e1t. Nem forradalmas\u00edtja a technol\u00f3gi\u00e1t, de a bel\u00e9p\u0151 szint\u0171 felnikhez k\u00e9pest jelent\u0151sen jav\u00edtja a k\u00e9nyelmet, a pontoss\u00e1got \u00e9s az elm\u00e9ly\u00fcl\u00e9st.<\/p>\n<p>A piacon egy\u00e9rtelm\u0171en szil\u00e1rd k\u00f6z\u00e9pkateg\u00f3ri\u00e1s modellk\u00e9nt van poz\u00edcion\u00e1lva. Komolyabb \u00e9s k\u00f6vetkezetesebb, mint egy k\u00f6teg korm\u00e1ny, kev\u00e9sb\u00e9 exkluz\u00edv \u00e9s olcs\u00f3bb, mint egy cs\u00facs ClubSport. Ez az a fajta korm\u00e1nyker\u00e9k, amit sok\u00e1ig megtarthatsz, m\u00e9g akkor is, ha a felszerel\u00e9sedet is friss\u00edted k\u00f6r\u00fcl\u00f6tte.<\/p>\n<p>Azoknak a PC-s \u00e9s konzolos szimul\u00e1toros versenyz\u0151knek aj\u00e1nlom, akik els\u0151sorban GT-, t\u00fara-, orsz\u00e1g\u00fati vagy rallyaut\u00f3kat vezetnek, \u00e9s akik egyetlen korm\u00e1nyker\u00e9kre v\u00e1gynak, hogy \"mindent rendesen\" csin\u00e1ljanak. Azoknak, akik nagyon speci\u00e1lis felhaszn\u00e1l\u00e1sra v\u00e1gynak (csak F1, csak drift, vagy ultraluxus kivitel), vannak c\u00e9lzottabb lehet\u0151s\u00e9gek, de ezek gyakran dr\u00e1g\u00e1bbak.<\/p>\n<p>Ha egy komoly, sokoldal\u00fa, k\u00e9nyelmes kerekes kereket keresel, amely val\u00f3ban kihaszn\u00e1lja a Direct Drive Fanatec alapot an\u00e9lk\u00fcl, hogy elsz\u00farn\u00e1 a k\u00f6lts\u00e9gvet\u00e9sedet, ez a term\u00e9k egy\u00e9rtelm\u0171en k\u00fcl\u00f6nbs\u00e9get tehet a be\u00e1ll\u00edt\u00e1said k\u00f6z\u00f6tt.<\/p>","protected":false},"excerpt":{"rendered":"<p>Ez a korm\u00e1nyker\u00e9k azt az \u00e9rz\u00e9st keltette bennem, hogy egy igazi \"vezet\u00e9si eszk\u00f6zre\" v\u00e1ltottam, amely sokkal mag\u00e1val ragad\u00f3bb \u00e9s k\u00f6nnyebben olvashat\u00f3, mint egy k\u00f6teg korm\u00e1nyker\u00e9k, an\u00e9lk\u00fcl, hogy sz\u00fcks\u00e9gtelen\u00fcl f\u00e9ny\u0171z\u0151 lenne. \u00c9rtelme van a k\u00f6z\u00e9phalad\u00f3 szimul\u00e1torosok sz\u00e1m\u00e1ra, akik gyakran vezetnek GT\/road aut\u00f3kat, amelyek a Direct Drive Fanatec alap\u00faak. Az eg\u00e9sz csomag tov\u00e1bbra is koherens \u00e9s tart\u00f3s egy komoly k\u00f6z\u00e9pkateg\u00f3ri\u00e1s aut\u00f3hoz.<\/p>","protected":false},"featured_media":101094,"comment_status":"open","ping_status":"closed","template":"","meta":{"_acf_changed":false,"_et_pb_use_builder":"","_et_pb_old_content":"","_et_gb_content_width":""},"product_brand":[158],"product_cat":[156],"product_tag":[149],"class_list":{"0":"post-101093","1":"product","2":"type-product","3":"status-publish","4":"has-post-thumbnail","6":"product_brand-fanatec","7":"product_cat-roue-de-volant","8":"product_tag-pc","10":"first","11":"instock","12":"shipping-taxable","13":"product-type-external"},"acf":[],"_links":{"self":[{"href":"https:\/\/simracergear.com\/hu\/wp-json\/wp\/v2\/product\/101093","targetHints":{"allow":["GET"]}}],"collection":[{"href":"https:\/\/simracergear.com\/hu\/wp-json\/wp\/v2\/product"}],"about":[{"href":"https:\/\/simracergear.com\/hu\/wp-json\/wp\/v2\/types\/product"}],"replies":[{"embeddable":true,"href":"https:\/\/simracergear.com\/hu\/wp-json\/wp\/v2\/comments?post=101093"}],"wp:featuredmedia":[{"embeddable":true,"href":"https:\/\/simracergear.com\/hu\/wp-json\/wp\/v2\/media\/101094"}],"wp:attachment":[{"href":"https:\/\/simracergear.com\/hu\/wp-json\/wp\/v2\/media?parent=101093"}],"wp:term":[{"taxonomy":"product_brand","embeddable":true,"href":"https:\/\/simracergear.com\/hu\/wp-json\/wp\/v2\/product_brand?post=101093"},{"taxonomy":"product_cat","embeddable":true,"href":"https:\/\/simracergear.com\/hu\/wp-json\/wp\/v2\/product_cat?post=101093"},{"taxonomy":"product_tag","embeddable":true,"href":"https:\/\/simracergear.com\/hu\/wp-json\/wp\/v2\/product_tag?post=101093"}],"curies":[{"name":"wp","href":"https:\/\/api.w.org\/{rel}","templated":true}]}}