{"id":101118,"date":"2025-05-15T08:01:00","date_gmt":"2025-05-15T08:01:00","guid":{"rendered":"https:\/\/simracergear.com\/products\/fanatec-gran-turismo-dd-pro-5-nm\/"},"modified":"2025-11-28T05:02:54","modified_gmt":"2025-11-28T05:02:54","slug":"fanatec-gran-turismo-dd-pro-5-nm","status":"publish","type":"product","link":"https:\/\/simracergear.com\/hu\/products\/fanatec-gran-turismo-dd-pro-5-nm\/","title":{"rendered":"Fanatec Gran Turismo DD Pro (5 Nm)"},"content":{"rendered":"<h2>Fanatec Gran Turismo DD Pro 5 Nm: a teszt ut\u00e1ni v\u00e9lem\u00e9nyem<\/h2>\n<p>A Fanatec Gran Turismo DD Pro 5 Nm a PlayStation j\u00e1t\u00e9kosok \"hivatalos\" Direct Drive bel\u00e9p\u0151jek\u00e9nt van poz\u00edcion\u00e1lva, mik\u00f6zben PC-n is haszn\u00e1lhat\u00f3 marad. Pap\u00edron val\u00f3di Direct Drive motort, kompakt kialak\u00edt\u00e1st \u00e9s a Fanatec \u00f6kosziszt\u00e9m\u00e1val val\u00f3 sz\u00e9les k\u00f6r\u0171 kompatibilit\u00e1st \u00edg\u00e9r, mindezt egy Gran Turismo-hoz tervezett, de nem csak erre a j\u00e1t\u00e9kra korl\u00e1toz\u00f3d\u00f3 csomagban.<\/p>\n<p>Ami ezt a modellt k\u00fcl\u00f6n\u00f6sen vonz\u00f3v\u00e1 teszi, az a hibrid poz\u00edcion\u00e1l\u00e1sa: komolyabb, mint egy t\u00f6megpiaci sz\u00edjhajt\u00e1s\u00fa lendker\u00e9k, kev\u00e9sb\u00e9 extr\u00e9m \u00e9s olcs\u00f3bb, mint egy nagyon er\u0151s Direct Drive alap. Azokat c\u00e9lozza meg, akik az \u00e9rz\u00e9sek tekintet\u00e9ben val\u00f3di ugr\u00e1st szeretn\u00e9nek tenni, an\u00e9lk\u00fcl, hogy belebukn\u00e1nak a maxim\u00e1lis nyomat\u00e9k\u00e9rt folytatott versenybe.<\/p>\n<p>Az \u00e9n szemsz\u00f6gem itt egyszer\u0171: el\u00e9g az 5 Nm ahhoz, hogy teljes m\u00e9rt\u00e9kben kihaszn\u00e1ljuk a Direct Drive el\u0151nyeit? Megfelel a r\u00e9szletess\u00e9g, a pontoss\u00e1g \u00e9s a konzisztencia szintje a feladatnak napi szinten, t\u00f6bbf\u00e9le j\u00e1t\u00e9kon \u00e9s aut\u00f3n? \u00c9s mindenekel\u0151tt, ez a DD Pro 5 Nm meg\u00e1llja a hely\u00e9t a kateg\u00f3ri\u00e1j\u00e1ban l\u00e9v\u0151 t\u00f6bbi alapokkal szemben, a sz\u00f3rakoz\u00e1s, a k\u00e9nyelem \u00e9s a sokoldal\u00fas\u00e1g tekintet\u00e9ben?<\/p>\n<h2>Tervez\u00e9s \u00e9s gy\u00e1rt\u00e1s: kompakt, de komoly blokk<\/h2>\n<p>Vizu\u00e1lisan az alap Gran Turismo DD Pro 5 Nm azonnal egy komoly term\u00e9k benyom\u00e1s\u00e1t kelti, an\u00e9lk\u00fcl, hogy a \"g\u00e1zgy\u00e1ri\" kin\u00e9zetbe esne. A form\u00e1tum kompakt \u00e9s meglehet\u0151sen sz\u00f6gletes, szorosan illeszked\u0151 f\u00e9mh\u00e1zzal \u00e9s m\u0171anyag alkatr\u00e9szekkel, amelyek nem t\u0171nnek olcs\u00f3nak. K\u00e9zben tartva az alap val\u00f3di s\u0171r\u0171s\u00e9ggel rendelkezik, \u00e9s a motorblokk j\u00f3l z\u00e1rhat\u00f3nak t\u0171nik, parazita j\u00e1t\u00e9k n\u00e9lk\u00fcl.<\/p>\n<p>A pil\u00f3taf\u00fclke felszerel\u00e9se bizalomgerjeszt\u0151. Miut\u00e1n megh\u00fazt\u00e1k, a talp nem mozdul el, m\u00e9g gyors korrekci\u00f3k sorozat\u00e1val sem. Az \u00e1ltal\u00e1nos merevs\u00e9g j\u00f3 ehhez a teljes\u00edtm\u00e9nytartom\u00e1nyhoz k\u00e9pest: nincs l\u00e1that\u00f3 hajl\u00edt\u00e1s, nincsenek parazita alv\u00e1zrezg\u00e9sek, amelyek mag\u00e1b\u00f3l az alapb\u00f3l sz\u00e1rmazhatnak. Tiszta \u00e9s kontroll\u00e1lt.<\/p>\n<p>A mell\u00e9kelt Gran Turismo korm\u00e1nyker\u00e9k kontrasztosabb. Az \u00e1tm\u00e9r\u0151je megfelel\u0151, a fog\u00e1sa kellemes, a markolat nem cs\u00faszik, \u00e9s az \u00e1ltal\u00e1nos kivitelez\u00e9s egy csomaghoz k\u00e9pest egys\u00e9ges. A gombok b\u0151s\u00e9gesek, j\u00f3l elhelyezettek \u00e9s praktikusak a PlayStation sz\u00e1m\u00e1ra. M\u00e1sr\u00e9szt az anyagok m\u00e9g mindig el\u00e9gg\u00e9 \"m\u0171anyagosak\", k\u00fcl\u00f6n\u00f6sen, ha egy ig\u00e9nyesebb b\u0151r vagy alcantara korm\u00e1nyker\u00e9kr\u0151l \u00e9rkez\u00fcnk. Ez nem t\u00f6ri meg az elm\u00e9ly\u00fcl\u00e9st, de egy\u00e9rtelm\u0171, hogy ez egy bel\u00e9p\u0151 szint\u0171\/k\u00f6z\u00e9pkateg\u00f3ri\u00e1s korm\u00e1nyker\u00e9k a Fanatec univerzum\u00e1ban.<\/p>\n<p>Ami meglep\u0151, az az, hogy az eg\u00e9sz mennyire tiszta egy \"Gran Turismo licenc\" k\u00e9szlethez k\u00e9pest, ami lehetett volna giccsesebb is. Ez egy val\u00f3di Fanatec term\u00e9k, nem csak egy m\u00e1rk\u00e1s korm\u00e1nyker\u00e9k. A DD Pro 5 Nm a hasonl\u00f3 tartom\u00e1nyban tal\u00e1lhat\u00f3 sz\u00edjhajt\u00e1s\u00fa megold\u00e1sokkal \u00f6sszehasonl\u00edtva azonnal pr\u00e9miumabb benyom\u00e1st kelt az alapoldalon, m\u00e9g akkor is, ha a korm\u00e1nyker\u00e9k egy fokkal alatta marad annak, amit a m\u00e1rka a ClubSport vagy a Podium term\u00e9kcsal\u00e1dban k\u00edn\u00e1l.<\/p>\n<h2>Be\u00e1ll\u00edt\u00e1sok, testreszab\u00e1s \u00e9s kompatibilit\u00e1s<\/h2>\n<p>A DD Pro \u00e9lm\u00e9ny\u00e9nek k\u00f6z\u00e9ppontj\u00e1ban a be\u00e1ll\u00edt\u00e1sok \u00e1llnak. A Fanatec szok\u00e1s szerint az alapon bel\u00fcl, k\u00f6zvetlen\u00fcl a korm\u00e1nyker\u00e9kr\u0151l el\u00e9rhet\u0151 men\u00fcket k\u00edn\u00e1l: \u00f6sszer\u0151, sz\u0171r\u0151, interpol\u00e1ci\u00f3, s\u00farl\u00f3d\u00e1s, \u00e9rz\u00e9kenys\u00e9g... Rengeteg mindent megtehetsz an\u00e9lk\u00fcl, hogy PC-s szoftvert haszn\u00e1ln\u00e1l. Ez egy igazi plusz a konzolos j\u00e1t\u00e9kosoknak, akik an\u00e9lk\u00fcl szeretn\u00e9k be\u00e1ll\u00edtani az \u00e9rz\u00e9st, hogy bonyol\u00edtan\u00e1k az \u00e9let\u00fcket.<\/p>\n<p>A tanul\u00e1si g\u00f6rbe \u00e9sszer\u0171. Ha az alapbe\u00e1ll\u00edt\u00e1sokat a hely\u00e9n hagyja, az eredm\u00e9ny m\u00e1r j\u00e1tszhat\u00f3 \u00e9s konzisztens. Ha egy kis id\u0151t sz\u00e1nsz r\u00e1, finom\u00edthatod a be\u00e1ll\u00edt\u00e1sokat az egyes j\u00e1t\u00e9kokhoz, k\u00fcl\u00f6n\u00f6sen az er\u0151ss\u00e9g be\u00e1ll\u00edt\u00e1s\u00e1val, hogy elker\u00fcld a tel\u00edtetts\u00e9get az FFB-t kiss\u00e9 elt\u00falz\u00f3 c\u00edmekn\u00e9l. A men\u00fck m\u00e9g mindig kiss\u00e9 sz\u00e1razak a teljesen kezd\u0151k sz\u00e1m\u00e1ra, de gyorsan rutint szerezhet az alapvet\u0151 be\u00e1ll\u00edt\u00e1sok kezel\u00e9s\u00e9ben.<\/p>\n<p>PC-n a m\u00e1rka szoftver\u00e9nek el\u0151nyeit \u00e9lvezheti, amely lehet\u0151v\u00e9 teszi, hogy minden j\u00e1t\u00e9khoz profilokat mentsen, \u00e9s egy l\u00e9p\u00e9ssel tov\u00e1bb vigye a testreszab\u00e1st. PlayStation\u00f6n az integr\u00e1ci\u00f3 nagyon j\u00f3: k\u00f6zvetlen felismer\u00e9s, hozz\u00e1rendelt gombok, \u00e1ttekinthet\u0151 kijelz\u0151. A konzolkompatibilit\u00e1s a term\u00e9k egyik nagy elad\u00e1si \u00e9rve, \u00e9s a gyakorlatban j\u00f3l meg\u00e1llja a hely\u00e9t.<\/p>\n<p>A Fanatec DD Pro k\u00f6r\u00e9 \u00e9p\u00edtett \u00f6kosziszt\u00e9ma az egyik legnagyobb el\u0151nye. K\u00f6nnyen cser\u00e9lheted a korm\u00e1nyt, komolyabb hajt\u00f3karokat, v\u00e1lt\u00f3t vagy k\u00e9zif\u00e9ket adhatsz hozz\u00e1. A l\u00e1nct\u00e1masz \u00edgy egy igaz\u00e1n fejleszthet\u0151 vez\u00e9rl\u0151k\u00f6zpontt\u00e1 v\u00e1lik. Az 5 Nm-es teljes\u00edtm\u00e9ny\u00e9vel egy\u00e9rtelm\u0171en bel\u00e9p\u0151 pont ebbe a vil\u00e1gba: el\u00e9g er\u0151s ahhoz, hogy kitartson, de ha igaz\u00e1n belej\u00f6ssz, akkor tudod, hogy egy boost kit vagy egy er\u0151sebb l\u00e1nct\u00e1masz k\u00e9s\u0151bb j\u00f6n. A DD Pro 5 Nm teh\u00e1t tart\u00f3s alapk\u00e9nt van poz\u00edcion\u00e1lva a \"komoly, de \u00e9sszer\u0171\" haszn\u00e1lathoz, felt\u00e9ve, hogy elfogadod ezt a nyomat\u00e9khat\u00e1rt.<\/p>\n<h2>J\u00e1t\u00e9k\u00e9rzet: a Direct Drive val\u00f3di el\u0151nye 5 Nm-n\u00e9l<\/h2>\n<p>Ha m\u00e1r p\u00e1ly\u00e1n van, egy\u00e9rtelm\u0171 a k\u00fcl\u00f6nbs\u00e9g egy hasonl\u00f3 tartom\u00e1nyban l\u00e9v\u0151 sz\u00edjhajt\u00e1s\u00fa korm\u00e1nyker\u00e9khez k\u00e9pest. Ami igaz\u00e1n felt\u0171n\u0151, az a visszajelz\u00e9sek tisztas\u00e1ga. Az 5 Nm nem h\u00fazza a karodat, de a nyomat\u00e9k azonnal meg\u00e9rkezik, nincs sz\u00edj tehetetlens\u00e9ge \u00e9s gumiszer\u0171 hat\u00e1sa. Azonnal \u00e9rzed, hogy a motor k\u00f6zvetlen\u00fcl a tengelyen van.<\/p>\n<p>Az FFB legnagyobb er\u0151ss\u00e9ge a pontoss\u00e1g. Sokkal k\u00f6nnyebb leolvasni, hogy mit csin\u00e1lnak a gumiabroncsok, k\u00fcl\u00f6n\u00f6sen a kanyarok bej\u00e1rat\u00e1n\u00e1l \u00e9s a mikrokorrekci\u00f3k sor\u00e1n. A korm\u00e1nyz\u00e1s term\u00e9szetesen, t\u00falz\u00e1sok n\u00e9lk\u00fcl k\u00f6zpontos\u00edtja mag\u00e1t. Amikor az aut\u00f3 sz\u00e9lesedni kezd, a tapad\u00e1s cs\u00f6kken\u00e9s\u00e9t fokozatosan \u00e9rezni, nem pedig egyszer\u0171 \"be\/kikapcsol\u00e1sk\u00e9nt\". Azonnal meg\u00e9rti, hogy mit csin\u00e1l az aut\u00f3.<\/p>\n<p>K\u00f6zepes \u00e9s gyors kanyarokban a DD Pro 5 Nm j\u00f3 kompromisszumot k\u00edn\u00e1l az ellen\u00e1ll\u00e1s \u00e9s az ir\u00e1ny\u00edthat\u00f3s\u00e1g k\u00f6z\u00f6tt. Az er\u0151 nem monstre, de el\u00e9g ahhoz, hogy a korm\u00e1nyker\u00e9k val\u00f3di konzisztenci\u00e1t adjon, m\u00e9g GT-ken vagy prot\u00f3kon is. \u00c9rezhet\u0151 a terhel\u00e9s\u00e1tvitel \u00e9s a tapad\u00e1s v\u00e1ltoz\u00e1sa a kanyarokba val\u00f3 bel\u00e9p\u00e9s \u00e9s a kanyarokb\u00f3l val\u00f3 kil\u00e9p\u00e9s k\u00f6z\u00f6tt. A tapad\u00e1si \u00e9rt\u00e9kek egy\u00e9rtelm\u0171ek, k\u00fcl\u00f6n\u00f6sen a j\u00f3l hangolt FFB szetteken. Ez az a pont, ahol az alap val\u00f3ban megv\u00e1ltoztatja az \u00e9lm\u00e9nyt egy alapszint\u0171 megold\u00e1shoz k\u00e9pest.<\/p>\n<p>A vibr\u00e1torok j\u00f3l ki vannak adva. \u00c9rezhet\u0151 a profiljuk \u00e9s az intenzit\u00e1suk, an\u00e9lk\u00fcl, hogy kellemetlen g\u00e9pfegyverr\u00e9 v\u00e1lna. Az agressz\u00edv vibr\u00e1torokra a korm\u00e1nyker\u00e9k \u0151szint\u00e9n reag\u00e1l, de az ir\u00e1ny\u00edt\u00e1s megmarad. Az apr\u00f3 p\u00e1lyaegyenetlens\u00e9gek, az enyhe d\u00f6ccen\u00e9sek \u00e9s a h\u00e1ts\u00f3 ker\u00e9kmegakad\u00e1sok apr\u00f3, tiszta, j\u00f3l elk\u00fcl\u00f6n\u00fcl\u0151 reakci\u00f3kban jelennek meg. Az a benyom\u00e1sod, hogy minden inform\u00e1ci\u00f3nak megvan a maga helye, mindenf\u00e9le k\u00f6d\u00f6s\u00edt\u00e9s n\u00e9lk\u00fcl.<\/p>\n<p>Hossz\u00fa munkamenetek sor\u00e1n a motor \u00e1lland\u00f3s\u00e1g\u00e1t nagyon nagyra \u00e9rt\u00e9kelj\u00fck. Nincs bosszant\u00f3 h\u0151m\u00e9rs\u00e9klet-emelked\u00e9s, nincs \u00e9szrevehet\u0151 teljes\u00edtm\u00e9nycs\u00f6kken\u00e9s hossz\u00fa \u00fcl\u00e9s alatt. Az 5 Nm a f\u00e1radts\u00e1gon is seg\u00edt: olyan z\u00f3n\u00e1ban vagyunk, ahol a fizikai er\u0151fesz\u00edt\u00e9s m\u00e9g \u00e1ll\u00f3k\u00e9pess\u00e9gben is \u00e9sszer\u0171 marad. Hossz\u00fa ideig lehet motorozni an\u00e9lk\u00fcl, hogy \u00fagy \u00e9rezn\u00e9nk, hogy a fen\u00e9kkel k\u00fczd\u00fcnk.<\/p>\n<p>Gyors korrekci\u00f3kn\u00e1l, k\u00f6nny\u0171 driftel\u00e9sn\u00e9l vagy a h\u00e1ts\u00f3 r\u00e9sz elveszt\u00e9sekor a Direct Drive egy\u00e9rtelm\u0171en k\u00fcl\u00f6nbs\u00e9get tesz a sz\u00edjhajt\u00e1s\u00fa alaphoz k\u00e9pest. A korm\u00e1nyker\u00e9k gyorsabban \u00e9s tiszt\u00e1bban j\u00f6n vissza, \u00e9s nagyobb magabiztoss\u00e1ggal tudod megfogni az aut\u00f3t. T\u00e9nyleg az az \u00e9rz\u00e9sed, hogy az ujjaiddal vezetsz, an\u00e9lk\u00fcl, hogy er\u0151ltetni kellene. A korl\u00e1tozott nyomat\u00e9k megmutatja a hat\u00e1rait, k\u00fcl\u00f6n\u00f6sen akkor, ha nagyon fizikai \u00e9lm\u00e9nyre v\u00e1gysz, nagy er\u0151kkel, mint egy nagy DD 10 Nm vagy ann\u00e1l is t\u00f6bb. Itt az 5 Nm \u00fagy \u00e9rzi, mintha el\u00e9rte volna a plafont, k\u00fcl\u00f6n\u00f6sen agressz\u00edv be\u00e1ll\u00edt\u00e1sokn\u00e1l.<\/p>\n<p>Ugyanazon m\u00e1rka er\u0151sebb alapmodellj\u00e9hez k\u00e9pest nagy \u00fctk\u00f6z\u00e9sekn\u00e9l (nagyon magas vibr\u00e1torok, \u00fctk\u00f6z\u00e9sek, hirtelen tapad\u00e1sv\u00e1lt\u00e1sok) elvesz\u00edtj\u00fck a nyomat\u00e9ktartal\u00e9k \u00e9s az \u00fct\u00e9s erej\u00e9nek nagy r\u00e9sz\u00e9t. A r\u00e9szletess\u00e9g viszont tov\u00e1bbra is nagyon j\u00f3. Ahhoz k\u00e9pest, hogy valaki egy bel\u00e9p\u0151 szint\u0171 ker\u00e9kr\u0151l \u00e9rkezik, a min\u0151s\u00e9gi ugr\u00e1s \u00f3ri\u00e1si. Annak, akinek m\u00e1r van egy j\u00f3 sz\u00edjhajt\u00e1s\u00fa korm\u00e1nya, a k\u00fcl\u00f6nbs\u00e9g ink\u00e1bb a jelek finoms\u00e1g\u00e1ban, \u00e9rz\u00e9kenys\u00e9g\u00e9ben \u00e9s tisztas\u00e1g\u00e1ban, mint a puszta er\u0151ben rejlik. A vezet\u00e9si \u00e9lm\u00e9ny viszont val\u00f3di ugr\u00e1st tesz el\u0151re.<\/p>\n<h2>Kinek sz\u00f3l? Mit szeret\u00fcnk, mit nem szeret\u00fcnk<\/h2>\n<p>A Gran Turismo DD Pro 5 Nm egy\u00e9rtelm\u0171en a motiv\u00e1lt, k\u00f6z\u00e9phalad\u00f3 vezet\u0151k vagy a komoly kezd\u0151k sz\u00e1m\u00e1ra k\u00e9sz\u00fclt, akik azonnal valami szil\u00e1rd dologba szeretn\u00e9nek befektetni. Kiv\u00e1l\u00f3 bel\u00e9p\u00e9si pont a konzolos j\u00e1t\u00e9kosok sz\u00e1m\u00e1ra is, akik v\u00e9gre belek\u00f3stolhatnak a Direct Drive-ba an\u00e9lk\u00fcl, hogy egy hatalmas setupot v\u00e1lasztan\u00e1nak. PC-n tov\u00e1bbra is teljes m\u00e9rt\u00e9kben relev\u00e1ns azok sz\u00e1m\u00e1ra, akik a finoms\u00e1got \u00e9s a kompatibilit\u00e1st r\u00e9szes\u00edtik el\u0151nyben a nyers er\u0151vel szemben.<\/p>\n<p>Amit igaz\u00e1n szeretek, az a precizit\u00e1s, a t\u00f6m\u00f6rs\u00e9g \u00e9s a sokoldal\u00fas\u00e1g kombin\u00e1ci\u00f3ja. Az FFB r\u00e9szletess\u00e9ge j\u00f3val meghaladja a hagyom\u00e1nyos fogyaszt\u00f3i korm\u00e1nykerekek\u00e9t. Az alap el\u00e9g diszkr\u00e9t ahhoz, hogy egy t\u00e1rsalg\u00f3ban \u00e9s egy dedik\u00e1lt pil\u00f3taf\u00fclk\u00e9ben is elf\u00e9rjen. A k\u00f6r\u00e9 \u00e9p\u00edtett Fanatec \u00f6kosziszt\u00e9ma pedig azt jelenti, hogy a t\u00f6bbi hardver fokozatosan fejleszthet\u0151: \u00faj korm\u00e1nyker\u00e9k, komolyabb ped\u00e1lok, v\u00e1lt\u00f3 vagy k\u00e9zif\u00e9k hozz\u00e1ad\u00e1sa. Olyan \u00e9rz\u00e9sed van, mintha egy platformba fektetn\u00e9l be, nem csak egy elszigetelt k\u00e9szletbe.<\/p>\n<p>Ami a hat\u00e1rokat illeti, az 5 Nm egy\u00e9rtelm\u0171en megmutatja a hat\u00e1rait, ha nagyon fizikai \u00e9lm\u00e9nyre v\u00e1gyik. A nagy leszor\u00edt\u00f3er\u0151vel rendelkez\u0151 nagy GT3-asok rajong\u00f3i, vagy azok, akik nagyon nagy intenzit\u00e1ssal vezetnek, kicsit kev\u00e9snek fogj\u00e1k tal\u00e1lni a nyomat\u00e9kot, k\u00fcl\u00f6n\u00f6sen, ha m\u00e1r belek\u00f3stoltak az er\u0151sebb Direct Drive-okba. Ami az eredeti Gran Turismo korm\u00e1nykereket illeti, j\u00f3l v\u00e9gzi a dolg\u00e1t, de anyag\u00e1ban m\u00e9g mindig visszal\u00e9p\u00e9s az ig\u00e9nyesebb korm\u00e1nyokhoz k\u00e9pest: nagyon m\u0171anyag, kev\u00e9sb\u00e9 pr\u00e9mium \u00e9rzet\u0171. V\u00e9g\u00fcl pedig a be\u00e1ll\u00edt\u00e1sok sokas\u00e1ga \u00f6sszezavarhatja a teljesen kezd\u0151 j\u00e1t\u00e9kosokat, akik egy kicsit elt\u00e9vedhetnek, miel\u0151tt el\u00e9rn\u00e9k az \u00edzl\u00e9s\u00fcknek t\u00f6k\u00e9letesen megfelel\u0151 megjelen\u00edt\u00e9st.<\/p>\n<p>Az \u00e9rz\u00e9kelt \u00e9rt\u00e9k szempontj\u00e1b\u00f3l ez egy komoly, de koherens befektet\u00e9s. A Direct Drive alap, a PlayStation-kompatibilit\u00e1s, az \u00f6kosziszt\u00e9m\u00e1hoz val\u00f3 hozz\u00e1f\u00e9r\u00e9s \u00e9s az \u00e1ltal\u00e1nos min\u0151s\u00e9g miatt ez egy kiv\u00e1l\u00f3 term\u00e9k a funkci\u00f3k \u00e9s a j\u00e1t\u00e9k\u00e9rzet szempontj\u00e1b\u00f3l azok sz\u00e1m\u00e1ra, akik a szimul\u00e1toros versenyz\u00e9st a k\u00f6vetkez\u0151 szintre szeretn\u00e9k emelni an\u00e9lk\u00fcl, hogy azonnal a cs\u00facsmodellre t\u00f6rekedn\u00e9nek.<\/p>\n<h2>\u00cdt\u00e9let: egy igaz\u00e1n szil\u00e1rd bel\u00e9p\u0151 a Direct Drive vil\u00e1g\u00e1ba<\/h2>\n<p>A Fanatec Gran Turismo DD Pro 5 Nm mindenekel\u0151tt egy dolgot v\u00e1ltoztat meg egy be\u00e1ll\u00edt\u00e1sban: a kezedbe jut\u00f3 inform\u00e1ci\u00f3k min\u0151s\u00e9g\u00e9t. Az er\u0151ket \"szimul\u00e1l\u00f3\" korm\u00e1nyker\u00e9kr\u0151l egy olyan motorra v\u00e1ltunk, amely k\u00f6zvetlenebb, tiszt\u00e1bb \u00e9s jobban ir\u00e1ny\u00edthat\u00f3 m\u00f3don tov\u00e1bb\u00edtja azokat. Mindezt egy kompakt, konzol- \u00e9s PC-kompatibilis form\u00e1tumban, amely nem ig\u00e9nyel meger\u0151s\u00edtett pil\u00f3taf\u00fclk\u00e9t, mint egyes er\u0151monstrumok.<\/p>\n<p>A piacon egy\u00e9rtelm\u0171en a Direct Drive k\u00f6z\u00e9pkateg\u00f3ri\u00e1ban helyezkedik el, sarkalatos szerepet t\u00f6lt be: a sz\u00edjhajt\u00e1s\u00fa megold\u00e1sokn\u00e1l teljesebb \u00e9s mag\u00e1val ragad\u00f3bb, de a nagy cs\u00facsb\u00e1zisokn\u00e1l k\u00f6nnyebben el\u00e9rhet\u0151 \u00e9s k\u00f6nnyebben \u00e9lhet\u0151. Olyan komoly j\u00e1t\u00e9kosokat c\u00e9loz meg, akik rendszeresen j\u00e1tszanak, de nem felt\u00e9tlen\u00fcl akarj\u00e1k minden \u00fcl\u00e9sen \u00fajrateremteni egy val\u00f3di versenyker\u00e9k er\u0151fesz\u00edt\u00e9seit.<\/p>\n<p>Aj\u00e1nlom PlayStation j\u00e1t\u00e9kosoknak, akik egy fejleszthet\u0151, hiteles be\u00e1ll\u00edt\u00e1sra v\u00e1gynak, k\u00f6z\u00e9phalad\u00f3 PC-seknek, akik a finoms\u00e1got r\u00e9szes\u00edtik el\u0151nyben a nyers er\u0151vel szemben, \u00e9s mindenkinek, aki szeretne bel\u00e9pni a Fanatec \u00f6kosziszt\u00e9m\u00e1ba an\u00e9lk\u00fcl, hogy t\u00falm\u00e9retezett alapokkal kezdene. M\u00e1sr\u00e9szt, ha m\u00e1r tudod, hogy ultra-fizikai \u00e9rz\u00e9st szeretn\u00e9l, vagy ha k\u00e9szen \u00e1llsz arra, hogy k\u00f6zvetlen\u00fcl egy er\u0151sebb alapba fektess, akkor ez a modell egy kicsit b\u00f6lcsnek t\u0171nhet.<\/p>\n<p>Ha egy komoly, sokoldal\u00fa, konzol-kompatibilis els\u0151 Direct Drive-ot keres, amely k\u00e9szen \u00e1ll arra, hogy egy\u00fctt n\u0151j\u00f6n \u00d6nnel, ez a term\u00e9k mindent megv\u00e1ltoztathat az \u00d6n be\u00e1ll\u00edt\u00e1saiban.<\/p>","protected":false},"excerpt":{"rendered":"<p>Ez a DD Pro 5 Nm igazi ugr\u00e1st jelent az \u00e9rz\u00e9sek ter\u00e9n: sokkal tiszt\u00e1bb visszajelz\u00e9s, tiszt\u00e1bb vezet\u00e9s \u00e9s hossz\u00fa \u00fcl\u00e9sek t\u00falzott f\u00e1radts\u00e1g n\u00e9lk\u00fcl. \u00c9rtelme van a PlayStation \u00e9s PC j\u00e1t\u00e9kosok sz\u00e1m\u00e1ra, akik komoly, fejleszthet\u0151 Direct Drive-ot szeretn\u00e9nek, an\u00e9lk\u00fcl, hogy extr\u00e9m teljes\u00edtm\u00e9nyre t\u00f6rekedn\u00e9nek. Mindent egybevetve, ez egy koherens \u00e9rt\u00e9kar\u00e1nyos aj\u00e1nlat a Fanatec \u00f6kosziszt\u00e9m\u00e1ba val\u00f3 hossz\u00fa t\u00e1v\u00fa bel\u00e9p\u00e9shez.<\/p>","protected":false},"featured_media":101119,"comment_status":"open","ping_status":"closed","template":"","meta":{"_acf_changed":false,"_et_pb_use_builder":"","_et_pb_old_content":"","_et_gb_content_width":""},"product_brand":[158],"product_cat":[161,173,171,172],"product_tag":[149,159],"class_list":{"0":"post-101118","1":"product","2":"type-product","3":"status-publish","4":"has-post-thumbnail","6":"product_brand-fanatec","7":"product_cat-volant","8":"product_cat-volants-fanatec","9":"product_cat-volants-ps4","10":"product_cat-volants-ps5","11":"product_tag-pc","12":"product_tag-playstation","14":"first","15":"instock","16":"shipping-taxable","17":"product-type-external"},"acf":[],"_links":{"self":[{"href":"https:\/\/simracergear.com\/hu\/wp-json\/wp\/v2\/product\/101118","targetHints":{"allow":["GET"]}}],"collection":[{"href":"https:\/\/simracergear.com\/hu\/wp-json\/wp\/v2\/product"}],"about":[{"href":"https:\/\/simracergear.com\/hu\/wp-json\/wp\/v2\/types\/product"}],"replies":[{"embeddable":true,"href":"https:\/\/simracergear.com\/hu\/wp-json\/wp\/v2\/comments?post=101118"}],"wp:featuredmedia":[{"embeddable":true,"href":"https:\/\/simracergear.com\/hu\/wp-json\/wp\/v2\/media\/101119"}],"wp:attachment":[{"href":"https:\/\/simracergear.com\/hu\/wp-json\/wp\/v2\/media?parent=101118"}],"wp:term":[{"taxonomy":"product_brand","embeddable":true,"href":"https:\/\/simracergear.com\/hu\/wp-json\/wp\/v2\/product_brand?post=101118"},{"taxonomy":"product_cat","embeddable":true,"href":"https:\/\/simracergear.com\/hu\/wp-json\/wp\/v2\/product_cat?post=101118"},{"taxonomy":"product_tag","embeddable":true,"href":"https:\/\/simracergear.com\/hu\/wp-json\/wp\/v2\/product_tag?post=101118"}],"curies":[{"name":"wp","href":"https:\/\/api.w.org\/{rel}","templated":true}]}}