{"id":101144,"date":"2025-05-15T08:02:00","date_gmt":"2025-05-15T08:02:00","guid":{"rendered":"https:\/\/simracergear.com\/products\/fanatec-gran-turismo-dd-pro-wheel-base-8-nm\/"},"modified":"2025-11-28T05:03:59","modified_gmt":"2025-11-28T05:03:59","slug":"fanatec-gran-turismo-dd-pro-wheel-base-8-nm","status":"publish","type":"product","link":"https:\/\/simracergear.com\/hu\/products\/fanatec-gran-turismo-dd-pro-wheel-base-8-nm\/","title":{"rendered":"Fanatec Gran Turismo DD Pro ker\u00e9kagy (8 Nm)"},"content":{"rendered":"<h2>Fanatec Gran Turismo DD Pro (8 Nm): v\u00e9lem\u00e9nyem intenz\u00edv haszn\u00e1lat ut\u00e1n<\/h2>\n<p>A fogyaszt\u00f3i szimul\u00e1torversenyek vil\u00e1g\u00e1ban a Fanatec Gran Turismo DD Pro (8 Nm) egy k\u00fcl\u00f6n kateg\u00f3ri\u00e1ba tartozik. Ez egy hivatalosan Gran Turismo b\u00e9lyegz\u0151vel ell\u00e1tott Direct Drive alap, amelyet olyan konzolos \u00e9s PC-s j\u00e1t\u00e9kosok sz\u00e1m\u00e1ra terveztek, akik szeretn\u00e9nek egy igazi l\u00e9p\u00e9st tenni an\u00e9lk\u00fcl, hogy a nagyon high-end r\u00e9sekbe s\u00fcllyedn\u00e9nek.<\/p>\n<p>Pap\u00edron ez az alap tiszta, er\u0151teljes, de szab\u00e1lyozhat\u00f3 er\u0151visszacsatol\u00e1st \u00edg\u00e9r, a Direct Drive pontoss\u00e1g\u00e1val \u00e9s egy \"GT licencelt\" term\u00e9k sokoldal\u00fas\u00e1g\u00e1val. R\u00f6viden: egy h\u00edd a k\u00f6z\u00e9pkateg\u00f3ri\u00e1s sz\u00edjhajt\u00e1s\u00fa lendker\u00e9k \u00e9s a neh\u00e9z be\u00e1ll\u00edt\u00e1sok sz\u00e1m\u00e1ra fenntartott brut\u00e1lis er\u0151monstrumok k\u00f6z\u00f6tt.<\/p>\n<p>Az \u00e9n szemsz\u00f6gem egyszer\u0171: ez az alap t\u00e9nyleg megv\u00e1ltoztatja a vezet\u00e9si m\u00f3dot, az \u00e9rz\u00e9s, az ir\u00e1ny\u00edt\u00e1s \u00e9s a konzisztencia szempontj\u00e1b\u00f3l? \u00c9s mindenekel\u0151tt, el\u00e9g-e a 8 Nm ahhoz, hogy \"komoly\" \u00e9lm\u00e9nyt ny\u00fajtson an\u00e9lk\u00fcl, hogy f\u00e1raszt\u00f3v\u00e1 vagy t\u00fals\u00e1gosan megterhel\u0151v\u00e9 v\u00e1lna a pil\u00f3taf\u00fclke \u00e9s a pil\u00f3ta sz\u00e1m\u00e1ra?<\/p>\n<h2>Kialak\u00edt\u00e1s \u00e9s fel\u00e9p\u00edt\u00e9s: komoly, kompakt, non-nonszensz<\/h2>\n<p>Vizu\u00e1lisan a Gran Turismo DD Pro nagyon j\u00f3zan marad. Egy kompakt, t\u00falnyom\u00f3r\u00e9szt f\u00e9mt\u00f6mb, n\u00e9h\u00e1ny m\u0171anyag \u00e9rint\u00e9ssel, ahol annak \u00e9rtelme van (csatlakoz\u00f3k, fel\u00fcletek). K\u00e9zben tartva az alap egy\u00e9rtelm\u0171en a s\u0171r\u0171s\u00e9g \u00e9s a merevs\u00e9g benyom\u00e1s\u00e1t kelti. Semmi sem mozog, semmi sem t\u0171nik \u00fcregesnek, ez egy massz\u00edv v\u00e1z, amely bizalmat \u00e9breszt.<\/p>\n<p>Ami azonnal szembet\u0171n\u0151, az az, hogy mennyire kompakt egy Direct Drive alaphoz k\u00e9pest. Egy\u00e9rtelm\u0171, hogy a Fanatec gondolt azokra a j\u00e1t\u00e9kosokra is, akiknek nem mindegyik\u00fcknek van massz\u00edv, cs\u0151szer\u0171 pil\u00f3taf\u00fclk\u00e9je. A b\u00e1zis felszerelhet\u0151 egy k\u00f6z\u00e9pkateg\u00f3ri\u00e1s cockpitre vagy egy megfelel\u0151en meger\u0151s\u00edtett \u00edr\u00f3asztalra is, amennyiben a r\u00f6gz\u00edt\u00e9ssel \u00f3vatosan b\u00e1nunk. A 8 Nm-es teljes\u00edtm\u00e9nyn\u00e9l ez el\u00e9g megnyugtat\u00f3.<\/p>\n<p>A fel\u00fcletek j\u00f3l kidolgozottak, az \u00e9lek tiszt\u00e1k, a csavarok \u00e9s a r\u00f6gz\u00edt\u00e9si pontok pedig komolyan n\u00e9znek ki. A h\u00e1ts\u00f3 ny\u00edl\u00e1sok egy\u00e9rtelm\u0171en azonos\u00edthat\u00f3k, \u00e9s az \u00e1ltal\u00e1nos benyom\u00e1s nem egy protot\u00edpus, hanem egy \u00e9rett, m\u00e1r j\u00f3l iparos\u00edtott term\u00e9k benyom\u00e1s\u00e1t kelti.<\/p>\n<p>Ahol kiss\u00e9 csal\u00f3d\u00e1st okoz, az bizonyos eszt\u00e9tikai r\u00e9szletekben van. Nem \u00e9rj\u00fck el n\u00e9h\u00e1ny el\u0151kel\u0151bb, teljesen alum\u00edniumb\u00f3l megmunk\u00e1lt blokk szintj\u00e9t. Ink\u00e1bb van egy \"funkcion\u00e1lis elektronikus doboz\" \u00e9rz\u00e9s, mint egy \"\u00e9kszer\". Haszn\u00e1latban nincs mit sz\u00e9gyellni rajta, de aki szereti az ultrapr\u00e9mium l\u00e1tv\u00e1nyt, az \u00e9rezni fogja.<\/p>\n<p>Az azonos tartom\u00e1nyban l\u00e9v\u0151 sz\u00edjhajt\u00e1s\u00fa motorokhoz k\u00e9pest a motorblokk szil\u00e1rds\u00e1g\u00e1nak \u00e9rz\u00e9kel\u00e9se egy\u00e9rtelm\u0171en el\u0151rel\u00e9p\u00e9st jelent. M\u00e1sr\u00e9szr\u0151l viszont megmarad a konkurencia egyes direkt meghajt\u00e1s\u00fa motorjainak massz\u00edv aur\u00e1ja, mivel ezek nehezebbek, impoz\u00e1nsabbak \u00e9s \"elpuszt\u00edthatatlanabbak\". A DD Pro egyens\u00falyt teremt a t\u00f6m\u00f6rs\u00e9g, a merevs\u00e9g \u00e9s az \u00e1r k\u00f6z\u00f6tt, \u00e9s ez meg is l\u00e1tszik.<\/p>\n<h2>Be\u00e1ll\u00edt\u00e1sok, testreszab\u00e1s \u00e9s kompatibilit\u00e1s: egy megnyugtat\u00f3 \u00f6kosziszt\u00e9ma<\/h2>\n<p>A be\u00e1ll\u00edt\u00e1sok tekintet\u00e9ben a Gran Turismo DD Pro a Fanatec \u00f6kosziszt\u00e9m\u00e1j\u00e1ra t\u00e1maszkodik. A PC-n egy teljes panelt vehetsz ig\u00e9nybe az er\u0151, a linearit\u00e1s, a sz\u0171r\u0151k, a s\u00farl\u00f3d\u00e1s, az \u00fat\u00e9rzet effektek stb. be\u00e1ll\u00edt\u00e1s\u00e1hoz. A konzolon a lehet\u0151s\u00e9gek korl\u00e1tozottabbak, de m\u00e9g \u00edgy is b\u0151ven elegend\u0151ek ahhoz, hogy az alapot a vezet\u00e9si st\u00edlusodhoz igaz\u00edtsd. A konzolokon a lehet\u0151s\u00e9gek korl\u00e1tozottabbak, de m\u00e9g mindig t\u00f6bb mint elegend\u0151ek ahhoz, hogy az alapot a vezet\u00e9si st\u00edlusodhoz igaz\u00edtsd.<\/p>\n<p>A be\u00e9p\u00edtett el\u0151be\u00e1ll\u00edt\u00e1sok sokat seg\u00edtenek. Kezdhetsz egy GT, F1 vagy ink\u00e1bb \"arcade\" be\u00e1ll\u00edt\u00e1ssal, majd finom\u00edthatod, ami igaz\u00e1n sz\u00e1m\u00edt: az \u00e1ltal\u00e1nos er\u0151szint, a csillap\u00edt\u00e1s, a term\u00e9szetes s\u00farl\u00f3d\u00e1s. A tanul\u00e1si g\u00f6rbe \u00e9sszer\u0171. N\u00e9h\u00e1ny perc alatt egy nagyon j\u00f3 \"plug and play\" be\u00e1ll\u00edt\u00e1ssal motorozhat, majd menet k\u00f6zben finomhangolhat, an\u00e9lk\u00fcl, hogy FFB m\u00e9rn\u00f6kk\u00e9 kellene v\u00e1lnia.<\/p>\n<p>Az igaz\u00e1n hasznos be\u00e1ll\u00edt\u00e1sok v\u00e9lem\u00e9nyem szerint a pil\u00f3taf\u00fclk\u00e9hez \u00e9s fizikai \u00e1llapot\u00e1hoz igaz\u00edtott maxim\u00e1lis er\u0151, a sim\u00edt\u00f3 sz\u0171r\u0151, amely cs\u00f6kkenti a parazita mikrorezg\u00e9seket an\u00e9lk\u00fcl, hogy meg\u00f6ln\u00e9 a r\u00e9szleteket, \u00e9s egy enyhe s\u00farl\u00f3d\u00e1s, amely stabiliz\u00e1lja a korm\u00e1nykereket egyenes vonalban. Minden m\u00e1s csak b\u00f3nusz azok sz\u00e1m\u00e1ra, akik az \u00e9rz\u00e9s megsz\u00e1llottjai.<\/p>\n<p>Ami a kompatibilit\u00e1st illeti, az alap egy\u00e9rtelm\u0171en a konzolos \u00e9s PC-s j\u00e1t\u00e9kosokat c\u00e9lozza meg, akik egyetlen be\u00e1ll\u00edt\u00e1ssal szeretn\u00e9nek mindent megoldani. A f\u0151bb otthoni konzolok t\u00e1mogat\u00e1sa a Gran Turismo licenc r\u00e9v\u00e9n biztos\u00edtott, a PC-t pedig nagyon tiszt\u00e1n kezelik, a legismertebb szimul\u00e1torok szok\u00e1sos kompatibilit\u00e1s\u00e1val. Pontosan ez a kever\u00e9k az, ami annyira tetszik: egy olyan Direct Drive, amely nem z\u00e1rja be az embert csak a PC-re.<\/p>\n<p>A Fanatec \u00f6kosziszt\u00e9ma a t\u00f6bbit a korm\u00e1nykerekek, ped\u00e1lok, v\u00e1lt\u00f3k \u00e9s k\u00e9zif\u00e9kek sz\u00e9les v\u00e1laszt\u00e9k\u00e1val teszi, amelyek mind k\u00f6zvetlen\u00fcl a l\u00e1ncszemhez csatlakoztathat\u00f3k. Annak, aki fokozatosan szeretne feljebb l\u00e9pni, ez megnyugtat\u00f3. Kezdheti az alapcsomaggal, majd a korm\u00e1nyker\u00e9kkel \u00e9s a ped\u00e1lokkal feljebb l\u00e9phet a k\u00edn\u00e1latban, vagy ak\u00e1r csak a korm\u00e1nyt is kicser\u00e9lheti, hogy v\u00e1ltogathassa a GT \u00e9s az egy\u00fcl\u00e9ses modellt.<\/p>\n<p>Ami a fejleszthet\u0151s\u00e9get illeti, ez egy\u00e9rtelm\u0171en egy olyan alap, amely t\u00f6bb \u00e9vig elk\u00eds\u00e9rheti a j\u00e1t\u00e9kost. El\u00e9g er\u0151s ahhoz, hogy ne legyen t\u00falterhelt a fejl\u0151d\u00e9s sor\u00e1n, an\u00e9lk\u00fcl, hogy annyira extr\u00e9m lenne, hogy t\u00falm\u00e9retezett pil\u00f3taf\u00fclk\u00e9t ig\u00e9nyelne. Ez egy komoly bel\u00e9p\u00e9si pont a Direct Drive-ba, de nem fog \u00f6sszeomlani, amikor egy k\u00f6z\u00e9phalad\u00f3 vagy tapasztalt j\u00e1t\u00e9kos ig\u00e9nyeivel szembes\u00fcl.<\/p>\n<h2>\u00c9rz\u00e9kel\u00e9sek a t\u00e9t: val\u00f3di el\u0151rel\u00e9p\u00e9s a sz\u00edjhajt\u00e1s\u00fa b\u00e1zisokhoz k\u00e9pest<\/h2>\n<p>A Gran Turismo DD Pro (8 Nm) igaz\u00e1n a p\u00e1ly\u00e1n \u00e9rv\u00e9nyes\u00fcl. Az els\u0151 dolog, ami felt\u0171nik, az az er\u0151visszacsatol\u00e1s tisztas\u00e1ga. Egy sz\u00edjhajt\u00e1s\u00fa rendszerhez k\u00e9pest a visszajelz\u00e9s azonnal tiszt\u00e1bb. A lendker\u00e9k terhel\u00e9s\u00e1tmenetei \u00e9lesebbek \u00e9s k\u00f6zvetlenebbek, a sz\u00edjhajt\u00e1s\u00fa rendszerekn\u00e9l gyakran tapasztalhat\u00f3 enyhe rugalmass\u00e1g vagy tehetetlens\u00e9g n\u00e9lk\u00fcl.<\/p>\n<p>Az FFB pontoss\u00e1ga k\u00fcl\u00f6n\u00f6sen a k\u00f6zepes \u00e9s gyors kanyarokban \u00e9rezhet\u0151. Jobban \u00e9rz\u00e9keli, mikor kezd tel\u00edt\u0151dni az eleje, mikor cs\u00faszik meg kiss\u00e9 az aut\u00f3, mikor kell egy kicsit laz\u00edtania, hogy a p\u00e1ly\u00e1n maradjon. Azonnal meg\u00e9rti, hogy mit csin\u00e1l az aut\u00f3. A korm\u00e1nyz\u00e1s nem lebeg vagy \"pump\u00e1l\", \u00e9s egy\u00e9rtelm\u0171bb a kapcsolat a bevitel \u00e9s a fut\u00f3m\u0171 reakci\u00f3ja k\u00f6z\u00f6tt.<\/p>\n<p>A tapad\u00e1si \u00e9rt\u00e9k az a pont, amely sz\u00e1momra igaz\u00e1n indokolja a 8 Nm-es Direct Drive \u00e9rdekess\u00e9g\u00e9t. \u00c9rezhet\u0151 az \u00e1tmenet a teljes tapad\u00e1sr\u00f3l az enyhe alulkorm\u00e1nyozotts\u00e1gra, majd a tiszta alulkorm\u00e1nyozotts\u00e1gra, fokozatosan. Egy kev\u00e9sb\u00e9 er\u0151s vagy sz\u0171rt alapon ezek az \u00e1tmenetek gyakran zavarosak. Itt a k\u00fcsz\u00f6b\u00f6n lehet vezetni, an\u00e9lk\u00fcl, hogy t\u00fals\u00e1gosan t\u00falkorrig\u00e1ln\u00e1nk. Ez az a pont, ahol a b\u00e1zis val\u00f3ban megv\u00e1ltoztatja az \u00e9lm\u00e9nyt.<\/p>\n<p>A vibr\u00e1torok j\u00f3l reproduk\u00e1ltak, an\u00e9lk\u00fcl, hogy karikat\u00far\u00e1kk\u00e1 v\u00e1ln\u00e1nak. Amikor egy agressz\u00edv vibr\u00e1toron lovagolsz, \u00e9rzed a szerkezetet, a ritmust, nem csak a puffan\u00e1st. A l\u00e1gyabb vibr\u00e1torokon egyszer\u0171en csak egy vil\u00e1gos, olvashat\u00f3 hull\u00e1mz\u00e1s jelzi a p\u00e1lya sz\u00e9l\u00e9t. A raliversenyeken vagy v\u00e1rosi p\u00e1ly\u00e1kon a sz\u00e9lek nagyon j\u00f3l kiemelkednek, an\u00e9lk\u00fcl, hogy f\u00e1jna a csukl\u00f3ja, ha a be\u00e1ll\u00edt\u00e1sok megfelel\u0151ek.<\/p>\n<p>Ha gyors korrekci\u00f3r\u00f3l van sz\u00f3, a motor reakci\u00f3k\u00e9szs\u00e9ge val\u00f3di k\u00fcl\u00f6nbs\u00e9get jelent. Ha a h\u00e1ts\u00f3 egy kicsit megakad, az alap azonnal visszak\u00fcldi az inform\u00e1ci\u00f3t, \u00e9s seg\u00edt megl\u00e1tni, hogy hov\u00e1 kell \u00e1t\u00e1ll\u00edtani a korm\u00e1nyt. \u00dagy tudsz ellenkorm\u00e1nyozni, hogy nem \u00e9rzed \u00fagy, mintha egy gumiszalaggal k\u00fczden\u00e9l. A sikl\u00f3 gyorsan, de kontroll\u00e1lhat\u00f3 m\u00f3don j\u00f6n vissza, amennyiben a lehet\u0151 legkevesebbet \u00e1ll\u00edtod az FFB intenzit\u00e1s\u00e1t.<\/p>\n<p>Hossz\u00fa munkamenetek sor\u00e1n a konzisztencia j\u00f3. Nincs \u00e9szrevehet\u0151 t\u00falmeleged\u00e9s, nincs \u00e9rz\u00e9kelhet\u0151 er\u0151cs\u00f6kken\u00e9s. A f\u00e1radts\u00e1g ink\u00e1bb a t\u00fal magasra \u00e1ll\u00edtott teljes\u00edtm\u00e9nyt\u0151l sz\u00e1rmazik, mint mag\u00e1t\u00f3l az alapt\u00f3l. Ha \u00e9sszer\u0171 tartom\u00e1nyban marad, t\u00f6bb \u00f3r\u00e1n kereszt\u00fcl is tekerhet, \u00e9s m\u00e9g mindig j\u00f3 a pontoss\u00e1ga. A k\u00f6r\u00f6k feletti \u00e9rz\u00e9s stabilit\u00e1sa nagy seg\u00edts\u00e9g a f\u00e9kez\u00e9si pontok \u00e9s a p\u00e1ly\u00e1k kidolgoz\u00e1s\u00e1ban.<\/p>\n<p>Egy er\u0151sebb alapmodellel \u00f6sszehasonl\u00edtva (t\u00f6bb mint 10 Nm), egy kicsit vesz\u00edt\u00fcnk a nagy l\u00f6k\u00e9sek, az extr\u00e9m \u00f6sszenyom\u00e1sok \u00e9s \u00fctk\u00f6z\u00e9sek nyers er\u0151szak\u00e1b\u00f3l. A hardcore motorosok k\u00e9ts\u00e9gtelen\u00fcl valami izmosabbat keresnek. M\u00e1sr\u00e9szr\u0151l viszont a tiszta, ism\u00e9tl\u0151d\u0151 k\u00f6rp\u00e1ly\u00e1s motoroz\u00e1shoz ez a 8 Nm b\u0151ven el\u00e9g ahhoz, hogy komoly, mag\u00e1val ragad\u00f3 \u00e9rz\u00e9st ny\u00fajtson.<\/p>\n<p>Egy sokkal kisebb teljes\u00edtm\u00e9ny\u0171 vagy sz\u00edjhajt\u00e1s\u00fa alaphoz k\u00e9pest a f\u0151 el\u0151ny a nyers er\u0151 helyett az inform\u00e1ci\u00f3 finoms\u00e1g\u00e1nak \u00e9s a reakci\u00f3k\u00e9szs\u00e9gnek a n\u00f6veked\u00e9se. Nem csak \"hangosabb\", hanem \"tiszt\u00e1bb\" is. A korm\u00e1nyker\u00e9k t\u00f6bbet mond, \u00e9s hamarabb. Ez az, ami magabiztoss\u00e1got ad ahhoz, hogy gyorsabban vezessen, \u00e9s \u00fagy \u00e9rezze, jobban k\u00e9zben tartja a dolgokat.<\/p>\n<h2>Kinek sz\u00f3l? Mit szeret\u00fcnk, mit nem szeret\u00fcnk<\/h2>\n<p>A Gran Turismo DD Pro (8 Nm) egy\u00e9rtelm\u0171en a motiv\u00e1lt j\u00e1t\u00e9kosokat c\u00e9lozza meg. Nem felt\u00e9tlen\u00fcl a profiknak, hanem azoknak, akik komolyan akarj\u00e1k venni a szimul\u00e1toros aut\u00f3versenyz\u00e9st, ak\u00e1r konzolon, ak\u00e1r PC-n. Egy rendk\u00edv\u00fcl motiv\u00e1lt kezd\u0151 sz\u00e1m\u00e1ra, aki tudja, hogy mindent bele fog adni, ez egy kiv\u00e1l\u00f3 bel\u00e9p\u00e9si pont. Egy k\u00f6z\u00e9phalad\u00f3 vagy tapasztalt j\u00e1t\u00e9kos sz\u00e1m\u00e1ra, aki egy sz\u00edjhajt\u00e1s\u00fa ker\u00e9kr\u0151l \u00e9rkezik, ez egy logikus fejleszt\u00e9s. Egy ultra-purist\u00e1nak, akinek ac\u00e9l pil\u00f3taf\u00fclk\u00e9je \u00e9s t\u00f6bb ezer eur\u00f3s felszerel\u00e9se van, ez ink\u00e1bb egy \"B\" alap vagy \u00e1tmeneti term\u00e9k.<\/p>\n<p>Ami k\u00fcl\u00f6n\u00f6sen tetszik, az az \u00e1ltal\u00e1nos egyens\u00faly. A 8 Nm-es teljes\u00edtm\u00e9ny elegend\u0151 ahhoz, hogy val\u00f3ban hiteles Direct Drive-ot k\u00edn\u00e1ljon, an\u00e9lk\u00fcl, hogy monstre be\u00e9p\u00edt\u00e9st ig\u00e9nyelne. A sz\u00e9les k\u00f6r\u0171 kompatibilit\u00e1s (PC + f\u0151bb konzolok) azt jelenti, hogy nincs sz\u00fcks\u00e9g platform-specifikus be\u00e1ll\u00edt\u00e1sra. A Fanatec \u00f6kosziszt\u00e9ma azt jelenti, hogy darabonk\u00e9nt friss\u00edtheted a hardveredet, an\u00e9lk\u00fcl, hogy a null\u00e1r\u00f3l kellene kezdened.<\/p>\n<p>Egy m\u00e1sik er\u0151s pont a kanyarod\u00e1sra \u00e9s a tapad\u00e1sra vonatkoz\u00f3 visszajelz\u00e9sek min\u0151s\u00e9ge. Olyan kontroll\u00e9rzetet kapsz, amely arra k\u00e9sztet, hogy dolgozz az id\u0151d\u00f6n \u00e9s a f\u00e9kez\u00e9s finomhangol\u00e1s\u00e1n. M\u00e1r nem \"durva \u00e9rz\u00e9s\" alapj\u00e1n vezet, hanem az aut\u00f3 viselked\u00e9s\u00e9nek val\u00f3di meg\u00e9rt\u00e9s\u00e9vel. Ez egy felbecs\u00fclhetetlen \u00e9rt\u00e9k\u0171 eszk\u00f6z a fejl\u0151d\u00e9shez. \u00c9s a puszta sz\u00f3rakoz\u00e1s szempontj\u00e1b\u00f3l is nagyon kiel\u00e9g\u00edt\u0151.<\/p>\n<p>A korl\u00e1toz\u00e1sok tekintet\u00e9ben meg kell eml\u00edten\u00fcnk a Fanatec \u00f6kosziszt\u00e9m\u00e1t\u00f3l val\u00f3 f\u00fcgg\u0151s\u00e9get. Mindent \u00fagy terveztek, hogy \"csal\u00e1don bel\u00fcl\" maradjon, ami k\u00e9nyelmes, de korl\u00e1tnak is tekinthet\u0151, ha valaki szereti keverni a m\u00e1rk\u00e1kat. Az alap \u00e9rz\u00e9keny a tart\u00f3 merevs\u00e9g\u00e9re is: egy kiss\u00e9 rugalmas asztalon vagy egy k\u00f6nny\u0171 pil\u00f3taf\u00fclk\u00e9n elvesz\u00edt valamennyit a potenci\u00e1lj\u00e1b\u00f3l, \u00e9s m\u00e9g nem k\u00edv\u00e1nt rezg\u00e9seket is \u00e9rezhet.<\/p>\n<p>V\u00e9g\u00fcl, egyesek szerint a teljes\u00edtm\u00e9ny\/\u00e1r ar\u00e1ny kev\u00e9sb\u00e9 leny\u0171g\u00f6z\u0151, mint egyes csak PC-s Direct Drive-ok\u00e9, amelyek pap\u00edron agressz\u00edvabbak. Itt a sokoldal\u00fas\u00e1g\u00e9rt \u00e9s a Gran Turismo licenc\u00e9rt is fizetni kell. Az \u00e9rz\u00e9kelt \u00e9rt\u00e9k nagyban f\u00fcgg a felhaszn\u00e1l\u00e1st\u00f3l: multiplatform + teljes \u00f6kosziszt\u00e9ma, vagy csak PC \u00e9s optimaliz\u00e1lt k\u00f6lts\u00e9gvet\u00e9s.<\/p>\n<p>Ez m\u00e9g mindig komoly befektet\u00e9s, de koherens befektet\u00e9s annak, aki val\u00f3di l\u00e9p\u00e9st akar tenni an\u00e9lk\u00fcl, hogy beleker\u00fclne a piac legfel\u00fcls\u0151 r\u00e9sz\u00e9nek p\u00e9nz\u00fcgyi \u0151r\u00fclet\u00e9be.<\/p>\n<h2>\u00cdt\u00e9let: egy szil\u00e1rd pivot a Direct Drive-ra val\u00f3 (val\u00f3di) \u00e1t\u00e1ll\u00e1shoz<\/h2>\n<p>A Fanatec Gran Turismo DD Pro (8 Nm) mindenekel\u0151tt egy dolgot hoz a be\u00e1ll\u00edt\u00e1sokba: egy\u00e9rtelm\u0171 min\u0151s\u00e9gi ugr\u00e1st az aut\u00f3 \u00e9rzet\u00e9ben, an\u00e9lk\u00fcl, hogy a telep\u00edt\u00e9sed protot\u00edpus-laborat\u00f3riumm\u00e1 v\u00e1ltozna. Ez egy olyan alap, amely a Direct Drive-ot el\u00e9rhet\u0151v\u00e9 teszi a konzolokon aut\u00f3z\u00f3k sz\u00e1m\u00e1ra, mik\u00f6zben PC-n is nagyon meggy\u0151z\u0151 marad.<\/p>\n<p>A piacon egy\u00e9rtelm\u0171en a k\u00f6z\u00e9ps\u0151\/els\u0151 kateg\u00f3ri\u00e1s multifunkci\u00f3s k\u00e9sz\u00fcl\u00e9kk\u00e9nt van poz\u00edcion\u00e1lva. Nem a leghevesebb, nem a legl\u00e1tv\u00e1nyosabb vizu\u00e1lisan, de az egyik legkoherensebb egy komoly, stabil, fejleszthet\u0151, t\u00f6bb platformra is alkalmas csomagot keres\u0151 szimul\u00e1toros versenyz\u0151 sz\u00e1m\u00e1ra. Ez egy sarkalatos term\u00e9k: \u00e9vekig el\u00e9g j\u00f3, de nem t\u00fal j\u00f3, ha feljebb akarsz l\u00e9pni a sk\u00e1l\u00e1n.<\/p>\n<p>Aj\u00e1nlom az ig\u00e9nyes konzolos j\u00e1t\u00e9kosoknak, a sz\u00edjhajt\u00f3k felhaszn\u00e1l\u00f3inak, akik val\u00f3di min\u0151s\u00e9gi el\u0151rel\u00e9p\u00e9sre v\u00e1gynak, \u00e9s azoknak, akik hossz\u00fa t\u00e1von szeretn\u00e9nek a Fanatec \u00f6kosziszt\u00e9m\u00e1j\u00e1nak r\u00e9szesei lenni. M\u00e1sr\u00e9szt, ha kiz\u00e1r\u00f3lag PC-sek vagyunk, maxim\u00e1lis teljes\u00edtm\u00e9nyt szeretn\u00e9nk a legjobb \u00e1ron, \u00e9s hajland\u00f3ak vagyunk fel\u00e1ldozni a sokoldal\u00fas\u00e1got, akkor m\u00e1s, durv\u00e1bb opci\u00f3k \u00e9rdekesebbek lehetnek.<\/p>\n<p>Ha egy komoly, konzol-kompatibilis Direct Drive-ot keresel, amely k\u00e9pes \u00e1talak\u00edtani az \u00e9rz\u00e9seidet an\u00e9lk\u00fcl, hogy felrobbantan\u00e1d a be\u00e1ll\u00edt\u00e1saidat vagy a k\u00f6lts\u00e9gvet\u00e9sedet, akkor ez a term\u00e9k egy\u00e9rtelm\u0171en megv\u00e1ltoztathatja a be\u00e1ll\u00edt\u00e1saidat.<\/p>","protected":false},"excerpt":{"rendered":"<p>Mindenekel\u0151tt, ez a DD sokkal tiszt\u00e1bb k\u00e9pet adott az aut\u00f3 tapad\u00e1s\u00e1r\u00f3l \u00e9s reakci\u00f3ir\u00f3l, ami val\u00f3ban megv\u00e1ltoztatja a vezet\u00e9s \u00e9s a halad\u00e1s m\u00f3dj\u00e1t. Van \u00e9rtelme a motiv\u00e1lt konzolos vagy PC-s j\u00e1t\u00e9kosok sz\u00e1m\u00e1ra, akik sz\u00edjhajt\u00e1s\u00fa korm\u00e1nyr\u00f3l \u00e9rkeznek, \u00e9s akik val\u00f3di el\u0151rel\u00e9p\u00e9st szeretn\u00e9nek an\u00e9lk\u00fcl, hogy a k\u00edn\u00e1lat legelej\u00e9re menn\u00e9nek. Az eg\u00e9sz csomag tov\u00e1bbra is koherens \u00e9s tart\u00f3s marad a komoly haszn\u00e1lathoz.<\/p>","protected":false},"featured_media":101867,"comment_status":"open","ping_status":"closed","template":"","meta":{"_acf_changed":false,"_et_pb_use_builder":"","_et_pb_old_content":"","_et_gb_content_width":""},"product_brand":[158],"product_cat":[155],"product_tag":[149,159],"class_list":{"0":"post-101144","1":"product","2":"type-product","3":"status-publish","4":"has-post-thumbnail","6":"product_brand-fanatec","7":"product_cat-base","8":"product_tag-pc","9":"product_tag-playstation","11":"first","12":"instock","13":"shipping-taxable","14":"product-type-external"},"acf":[],"_links":{"self":[{"href":"https:\/\/simracergear.com\/hu\/wp-json\/wp\/v2\/product\/101144","targetHints":{"allow":["GET"]}}],"collection":[{"href":"https:\/\/simracergear.com\/hu\/wp-json\/wp\/v2\/product"}],"about":[{"href":"https:\/\/simracergear.com\/hu\/wp-json\/wp\/v2\/types\/product"}],"replies":[{"embeddable":true,"href":"https:\/\/simracergear.com\/hu\/wp-json\/wp\/v2\/comments?post=101144"}],"wp:featuredmedia":[{"embeddable":true,"href":"https:\/\/simracergear.com\/hu\/wp-json\/wp\/v2\/media\/101867"}],"wp:attachment":[{"href":"https:\/\/simracergear.com\/hu\/wp-json\/wp\/v2\/media?parent=101144"}],"wp:term":[{"taxonomy":"product_brand","embeddable":true,"href":"https:\/\/simracergear.com\/hu\/wp-json\/wp\/v2\/product_brand?post=101144"},{"taxonomy":"product_cat","embeddable":true,"href":"https:\/\/simracergear.com\/hu\/wp-json\/wp\/v2\/product_cat?post=101144"},{"taxonomy":"product_tag","embeddable":true,"href":"https:\/\/simracergear.com\/hu\/wp-json\/wp\/v2\/product_tag?post=101144"}],"curies":[{"name":"wp","href":"https:\/\/api.w.org\/{rel}","templated":true}]}}