{"id":101157,"date":"2025-05-15T08:02:00","date_gmt":"2025-05-15T08:02:00","guid":{"rendered":"https:\/\/simracergear.com\/products\/fanatec-podium-advanced-paddle-module\/"},"modified":"2026-01-13T08:48:07","modified_gmt":"2026-01-13T08:48:07","slug":"fanatec-podium-advanced-paddle-module","status":"publish","type":"product","link":"https:\/\/simracergear.com\/hu\/products\/fanatec-podium-advanced-paddle-module\/","title":{"rendered":"Fanatec Podium Advanced Paddle modul"},"content":{"rendered":"<p>A cs\u00facskateg\u00f3ri\u00e1s Fanatec korm\u00e1nykerekek kis vil\u00e1g\u00e1ban a Podium Advanced Paddle Module egy\u00e9rtelm\u0171en azon kieg\u00e9sz\u00edt\u0151k k\u00f6z\u00e9 tartozik, amelyek felh\u00fazz\u00e1k a szem\u00f6ld\u00f6k\u00f6t. Ez \"csak\" egy lap\u00e1tmodul, de nagyon is konkr\u00e9t c\u00e9lja van: a korm\u00e1nykereket egy prec\u00edzebb, \u00e9rz\u00e9kenyebb, a modern versenykerekekhez k\u00f6zelebb \u00e1ll\u00f3 korm\u00e1nym\u0171v\u00e9 alak\u00edtani. R\u00f6viden, hogy az egyszer\u0171 m\u0171anyag kattint\u00e1sokr\u00f3l komoly kezel\u0151szervekk\u00e9 v\u00e1ljon, a sebess\u00e9gv\u00e1lt\u00e1shoz, valamint a kuplunghoz \u00e9s tov\u00e1bbi funkci\u00f3khoz.<\/p>\n<p>Ez a modul mindenekel\u0151tt azoknak sz\u00f3l, akik m\u00e1r a Podium vagy ClubSport term\u00e9kcsal\u00e1d Fanatec korm\u00e1nykerek\u00e9vel vezetnek, \u00e9s akik m\u00e9g magasabb szintre szeretn\u00e9k emelni az \u00e9rz\u00e9seket \u00e9s az ir\u00e1ny\u00edt\u00e1st. Ultratiszta m\u00e1gneses lap\u00e1tokat, egy anal\u00f3g kett\u0151s kuplungot \u00edg\u00e9r az ind\u00edt\u00e1sokhoz, valamint k\u00e9t tov\u00e1bbi anal\u00f3g lap\u00e1tot, amelyekkel m\u00e9g t\u00f6bb funkci\u00f3t kezelhet a p\u00e1ly\u00e1n.<\/p>\n<p>A magam r\u00e9sz\u00e9r\u0151l h\u00e1rom dolgot n\u00e9ztem meg k\u00fcl\u00f6n\u00f6sen: az \u00e9p\u00edt\u00e9si min\u0151s\u00e9get (igazolja a pr\u00e9mium elhelyez\u00e9st?), a teljes verseny \u00fczemm\u00f3dban val\u00f3 haszn\u00e1lat k\u00e9nyelm\u00e9t, \u00e9s az eredeti Fanatec lap\u00e1tokkal szembeni val\u00f3di \u00e9rzetn\u00f6veked\u00e9st. A gondolat egyszer\u0171: ez a modul val\u00f3ban megv\u00e1ltoztatja az aut\u00f3val val\u00f3 interakci\u00f3t, vagy ez csak egy luxus k\u00fcty\u00fc a be\u00e1ll\u00edt\u00e1sok\u00e9rt rajong\u00f3knak?<\/p>\n<h2>A Fanatec Podium Advanced Paddle modul tervez\u00e9se \u00e9s gy\u00e1rt\u00e1sa<\/h2>\n<p>A kez\u00e9ben a Podium Advanced Paddle Module azonnal olyan \u00e9rz\u00e9st kelt, mint egy versenyaut\u00f3 alkatr\u00e9sze. A v\u00e1z f\u00e9m, tiszta megmunk\u00e1lt lemezekkel, nincs \u00e9rz\u00e9kelhet\u0151 j\u00e1t\u00e9k, nincs k\u00ednos rugalmass\u00e1g. Maguk a sz\u00e9nsz\u00e1las lap\u00e1tok a merev k\u00f6nny\u0171s\u00e9g nagyon kellemes \u00e9rzet\u00e9t keltik: nem hangzanak \u00fcregesnek, nem rezegnek, \u00e9s nem hajlanak, ha er\u0151sen h\u00fazod \u0151ket. Olyan \u00e9rz\u00e9s, mintha \u00fagy tervezt\u00e9k volna, hogy ezer \u00e9s ezer mozdulatot kib\u00edrjon meging\u00e1s n\u00e9lk\u00fcl.<\/p>\n<p>A m\u00e1gneses \u00e9rintkez\u0151k a f\u0151 lap\u00e1tokon (v\u00e1lt\u00f3) egy\u00e9rtelm\u0171en a term\u00e9k sz\u00edve. A kattan\u00e1s \u00e9les, tiszta \u00e9s nagyon hat\u00e1rozott, egy\u00e9rtelm\u0171 t\u00f6r\u00e9sponttal. Nem kell v\u00e1rni, hogy visszaj\u00f6jj\u00f6n, szinte azonnal visszapattan. A f\u00fclnek \u00fagy kattog, mint egy igazi GT vagy modern egy\u00fcl\u00e9ses lap\u00e1t. Az \u00e9rz\u00e9s f\u00fcgg\u0151s\u00e9get okoz: \u00fagy v\u00e1ltasz sebess\u00e9get, mintha egy prec\u00edzi\u00f3s kapcsol\u00f3t tekern\u00e9l \u00e1t.<\/p>\n<p>A m\u00e1sodlagos, anal\u00f3g lap\u00e1tok hosszabb, sim\u00e1bb mozg\u00e1ssal rendelkeznek, j\u00f3l kezelt visszajelz\u00e9ssel. R\u00f6gt\u00f6n l\u00e1tszik, hogy nem ki-be kapcsol\u00e1sra, hanem modul\u00e1ci\u00f3ra tervezt\u00e9k \u0151ket: kuplung, anal\u00f3g k\u00e9zif\u00e9kkezel\u00e9s, motorf\u00e9kez\u00e9s, vagy ak\u00e1r hibrid funkci\u00f3k egyes j\u00e1t\u00e9kokban. Az ellen\u00e1ll\u00e1s elegend\u0151 a modul\u00e1ci\u00f3hoz an\u00e9lk\u00fcl, hogy a k\u00e9z elf\u00e1radna.<\/p>\n<p>Az els\u0151 meglepet\u00e9s a j\u00e1t\u00e9k szinte teljes hi\u00e1nya az eg\u00e9sz modulban. Minden feszes, \u00f6sszehangolt \u00e9s pontos. Nem \u00fagy \u00e9rzi mag\u00e1t, mint egy \u00f6sszeoll\u00f3zott \"mod\", hanem mint egy pr\u00e9mium gy\u00e1ri blokk. A korm\u00e1nyker\u00e9kre szerelve is \u00e9rezhet\u0151 a modul \u00e1ltal\u00e1nos s\u0171r\u0171s\u00e9ge, ami a term\u00e9k komoly oldal\u00e1t er\u0151s\u00edti.<\/p>\n<p>M\u00e1sr\u00e9szt ennek a min\u0151s\u00e9gi szintnek \u00e1ra van: a modul viszonylag neh\u00e9z \u00e9s vizu\u00e1lisan zs\u00fafolt. Egy kis korm\u00e1nyker\u00e9ken kiss\u00e9 \"massz\u00edvnak\" t\u0171nhet, \u00e9s a kezeknek n\u00e9ha alkalmazkodniuk kell a k\u00fcl\u00f6nb\u00f6z\u0151 lap\u00e1tok helyzet\u00e9hez. A l\u00e1that\u00f3 csavarok \u00e9s az er\u0151sen mechanikus megjelen\u00e9s egy kicsit \"techno\"-nak t\u0171nhet azok sz\u00e1m\u00e1ra, akik az \u00e1ramvonalasabb megjelen\u00e9st kedvelik.<\/p>\n<p>Az eredeti ClubSport vagy CSL lap\u00e1tokkal \u00f6sszehasonl\u00edtva egy\u00e9rtelm\u0171en m\u00e1s lig\u00e1ban j\u00e1tszunk. Merevebb, pontosabb, minden \u00e9rtelemben pr\u00e9miumabb. N\u00e9h\u00e1ny ut\u00e1ngy\u00e1rtott 3D nyomtatott vagy alap alum\u00ednium lap\u00e1thoz k\u00e9pest a Podium Advanced Paddle Module egy gy\u00e1ri term\u00e9k, amely megfelel a Fanatec \u00f6kosziszt\u00e9ma fels\u0151 kateg\u00f3ri\u00e1j\u00e1nak.<\/p>\n<h2>Be\u00e1ll\u00edt\u00e1sok, testreszab\u00e1s \u00e9s kompatibilit\u00e1s<\/h2>\n<p>K\u00f6zvetlen\u00fcl egyes kompatibilis Fanatec-korm\u00e1nykerekek (k\u00fcl\u00f6n\u00f6sen a Podium \u00e9s sz\u00e1mos ClubSport-korm\u00e1nyker\u00e9k) h\u00e1tulj\u00e1ra szerelhet\u0151. A be\u00e9p\u00edt\u00e9s egyszer\u0171: a modul a felszerel\u00e9st k\u00f6vet\u0151en egyetlen egys\u00e9get alkot a korm\u00e1nyker\u00e9kkel, \u00e9s nem kell l\u00e1that\u00f3 k\u00e1belekkel foglalkozni. Ez fontos szempont, k\u00fcl\u00f6n\u00f6sen akkor, ha rendszeresen k\u00f6lt\u00f6zik a szimul\u00e1torb\u00f3l a t\u00e1rol\u00f3ba.<\/p>\n<p>A fizikai oldalon a korm\u00e1nylap\u00e1tok poz\u00edci\u00f3ja egy bizonyos tartom\u00e1nyban \u00e1ll\u00edthat\u00f3, ami seg\u00edt a fog\u00e1st a k\u00e9zm\u00e9rethez vagy a korm\u00e1nyker\u00e9k alakj\u00e1hoz igaz\u00edtani. Ez nem v\u00e9gtelen, de el\u00e9g ahhoz, hogy korrig\u00e1lja a nyilv\u00e1nval\u00f3 k\u00e9nyelmetlens\u00e9geket. A m\u00e1gneses visszajelz\u00e9sen kereszt\u00fcl a tapint\u00e1ssal \u00e9s a lap\u00e1tok fog\u00e1s\u00e1nak m\u00f3dj\u00e1val is lehet egy kicsit j\u00e1tszani, b\u00e1r ez nem egy \u00e1ll\u00edthat\u00f3 kem\u00e9nys\u00e9g\u0171 rendszer, mint n\u00e9h\u00e1ny nagyon egzotikus term\u00e9k.<\/p>\n<p>Az igazi testreszab\u00e1si lehet\u0151s\u00e9gek a Fanatec szoftveren kereszt\u00fcl (PC-n kereszt\u00fcl), az anal\u00f3g lap\u00e1tok \u00e9s a kett\u0151s tengelykapcsol\u00f3 konfigur\u00e1l\u00e1s\u00e1val \u00e9rhet\u0151ek el. P\u00e9ld\u00e1ul: :<\/p>\n<p>- konfigur\u00e1lja az als\u00f3 lap\u00e1tokat kett\u0151s tengelykapcsol\u00f3 \u00fczemm\u00f3dban (harap\u00e1spont), az ultra-tiszta versenyind\u00edt\u00e1sokhoz ;<br \/>\n- k\u00e9t f\u00fcggetlen anal\u00f3g tengelyk\u00e9nt haszn\u00e1lhatja \u0151ket (kuplung + k\u00e9zif\u00e9k, vagy m\u00e1s funkci\u00f3k a k\u00e9szlett\u0151l f\u00fcgg\u0151en) ;<br \/>\n- \u00e1ll\u00edtsa be a holtpontokat \u00e9s a hasznos z\u00f3n\u00e1t, hogy a raklapok nyom\u00e1s\u00e1nak megfelel\u0151 v\u00e1laszt kapjon.<\/p>\n<p>A tanul\u00e1si g\u00f6rbe \u00e1tlagos: nem bonyolult, de kell egy kis id\u0151, hogy a duplakuplung cs\u00fasz\u00e1si pontj\u00e1t eltal\u00e1ld, kipr\u00f3b\u00e1ld j\u00e1t\u00e9kban, be\u00e1ll\u00edtsd, \u00e9s mindenekel\u0151tt hozz\u00e1szokj a versenyk\u00f6r\u00fclm\u00e9nyek k\u00f6z\u00f6tti haszn\u00e1lathoz. Ha ez megt\u00f6rt\u00e9nt, nagyon term\u00e9szetes lesz.<\/p>\n<p>A PC-n nyilv\u00e1nval\u00f3an ez az a hely, ahol a legt\u00f6bbet hozhatja ki az \u00f6sszes funkci\u00f3b\u00f3l, a kiterjesztett kompatibilit\u00e1s \u00e9s az anal\u00f3g tengelyek hozz\u00e1rendel\u00e9si lehet\u0151s\u00e9gei r\u00e9v\u00e9n. Konzolokon minden a j\u00e1t\u00e9kt\u00f3l \u00e9s a haszn\u00e1lt korm\u00e1nyker\u00e9kt\u0151l f\u00fcgg, de az alapvet\u0151 dolgok tov\u00e1bbra is m\u0171k\u00f6d\u0151k\u00e9pesek maradnak, k\u00fcl\u00f6n\u00f6sen a v\u00e1lt\u00f3korm\u00e1nyok \u00e9s a kett\u0151s tengelykapcsol\u00f3 a kompatibilis c\u00edmekn\u00e9l. A Fanatec \u00f6kosziszt\u00e9m\u00e1ba val\u00f3 integr\u00e1ci\u00f3 logikus: ez egy olyan friss\u00edt\u00e9s, amelyet ink\u00e1bb azoknak terveztek, akik m\u00e1r rendelkeznek fejlett be\u00e1ll\u00edt\u00e1sokkal (Direct Drive alap, cs\u00facsmin\u0151s\u00e9g\u0171 korm\u00e1nyker\u00e9k, merev pil\u00f3taf\u00fclke), \u00e9s szeretn\u00e9k finomhangolni a vezet\u00e9si fel\u00fcletet.<\/p>\n<p>A sk\u00e1l\u00e1zhat\u00f3s\u00e1g szempontj\u00e1b\u00f3l ez egy olyan befektet\u00e9s, amelynek akkor van \u00e9rtelme, ha hossz\u00fa t\u00e1von a Fanatec mellett marad. Ez nem bel\u00e9p\u00e9si pont, hanem egy\u00e9rtelm\u0171en pr\u00e9mium kateg\u00f3ri\u00e1s kieg\u00e9sz\u00edt\u0151je egy m\u00e1r am\u00fagy is szil\u00e1rd felszerel\u00e9snek.<\/p>\n<h2>Fanatec Podium Advanced Paddle Module: a t\u00e9t a szenz\u00e1ci\u00f3<\/h2>\n<p>Ez a modul a p\u00e1ly\u00e1n igazolja igaz\u00e1n l\u00e9tjogosults\u00e1g\u00e1t. A m\u00e1gneses f\u0151korm\u00e1nyokkal m\u00e1r az els\u0151 k\u00f6r\u00f6kt\u0151l kezdve \u00e9rezhet\u0151 a k\u00fcl\u00f6nbs\u00e9g a hagyom\u00e1nyos mechanikus f\u0151korm\u00e1nyokhoz k\u00e9pest: a visszajelz\u00e9s azonnali, az id\u0151z\u00edt\u00e9s term\u00e9szetesebbnek t\u0171nik, \u00e9s a sebess\u00e9gv\u00e1lt\u00e1s megb\u00edzhat\u00f3s\u00e1g\u00e1val kapcsolatban sem mer\u00fcl fel t\u00f6bb\u00e9 k\u00e9rd\u00e9s. Amikor megh\u00fazod a ravaszt, megt\u00f6rt\u00e9nik, \u00e9s \u00e9rzed. Pontosan.<\/p>\n<p>Egy sor kanyarban, le- \u00e9s felkapcsol\u00e1sokkal, ez az \u00e9les, tiszta visszajelz\u00e9s nagyon k\u00f6zvetlen benyom\u00e1st kelt az ir\u00e1ny\u00edt\u00e1sr\u00f3l. A sebess\u00e9gv\u00e1lt\u00e1sok ritmus\u00e1t \u00f6szt\u00f6n\u00f6sen a motor hangj\u00e1hoz \u00e9s a lap\u00e1tok kattan\u00e1s\u00e1hoz igaz\u00edtja. Azon kapod magad, hogy agressz\u00edvebben v\u00e1ltasz, mert az ergon\u00f3mia meging\u00e1s n\u00e9lk\u00fcl k\u00f6veti. Ez elk\u00f6telezettebb vezet\u00e9sre \u00f6szt\u00f6n\u00f6z.<\/p>\n<p>Sz\u0171k kanyarokban, k\u00fcl\u00f6n\u00f6sen GT vagy protot\u00edpus aut\u00f3kban, a kett\u0151s tengelykapcsol\u00f3 als\u00f3 t\u00e1rcs\u00e1inak haszn\u00e1lata val\u00f3di k\u00fcl\u00f6nbs\u00e9get jelent az indul\u00e1sn\u00e1l. Mindkett\u0151t lenyomva tarthatja, z\u00f6ld jelz\u00e9sn\u00e9l elengedheti az egyik lap\u00e1tot, a m\u00e1sikkal pedig szab\u00e1lyozhatja a cs\u00fasz\u00e1s m\u00e9rt\u00e9k\u00e9t. Az ind\u00edt\u00e1s tiszt\u00e1bb \u00e9s megism\u00e9telhet\u0151bb. Nem kell t\u00f6bb\u00e9 im\u00e1dkoznia, hogy ne akadjon el, vagy ne p\u00f6r\u00f6gj\u00f6n ki az ir\u00e1ny\u00edt\u00e1s al\u00f3l: minden az \u00d6n kez\u00e9ben van.<\/p>\n<p>A tapad\u00e1s leolvas\u00e1sa szempontj\u00e1b\u00f3l ez nem egy olyan term\u00e9k, amely er\u0151visszacsatol\u00e1st ad, mint a Direct Drive alap, de tiszt\u00e1zza az \u00d6n \u00e9s az aut\u00f3 k\u00f6z\u00f6tti interf\u00e9szt. Vil\u00e1gosabb\u00e1 v\u00e1lik az a pillanat, amikor a kanyar bej\u00e1rat\u00e1n\u00e1l kem\u00e9nyen visszav\u00e1ltasz, amikor majdnem blokkolod a h\u00e1ts\u00f3 kocsit. Pontosan tudod, hogy helyesen kapcsoltad-e be a fokozatot, a korm\u00e1nyon kereszt\u00fcl \u00e9rzed, hogy j\u00f6n az elakad\u00e1s, \u00e9s az agyad nem veszteget egy m\u00e1sodperc t\u00f6red\u00e9k\u00e9t sem arra, hogy vajon \u00e1tment-e a v\u00e1lt\u00e1s. Ez a fajta r\u00e9szletess\u00e9g felszabad\u00edtja a ment\u00e1lis s\u00e1vsz\u00e9less\u00e9get.<\/p>\n<p>A vibr\u00e1torokon, k\u00fcl\u00f6n\u00f6sen az agressz\u00edv sik\u00e1nokban, a kezek sokat mozognak a korm\u00e1nyon. A rosszul elhelyezett vagy t\u00fal puha tappancsok zavar\u00f3v\u00e1 v\u00e1lhatnak, vagy ak\u00e1r t\u00e9ved\u00e9sb\u0151l is bekapcsolhat\u00f3k. Enn\u00e9l a moduln\u00e1l a szerelv\u00e9ny merevs\u00e9ge \u00e9s a hangs\u00falyos kattan\u00e1s megakad\u00e1lyozza a legt\u00f6bb akaratlan nyom\u00e1st. Nagyon tiszta ir\u00e1ny\u00edt\u00e1s marad meg, m\u00e9g akkor is, ha az aut\u00f3 kem\u00e9nyen nekimegy a j\u00e1rdaszeg\u00e9lynek. Ujjai keres\u00e9s n\u00e9lk\u00fcl tal\u00e1lj\u00e1k meg a lap\u00e1tokat, ami l\u00e9tfontoss\u00e1g\u00fa, amikor a menet nehezebb\u00e9 v\u00e1lik.<\/p>\n<p>Hossz\u00fa munkamenetek sor\u00e1n a k\u00f6vetkezetess\u00e9g igazi er\u0151ss\u00e9g. A m\u00e1gneses visszajelz\u00e9s nem gyeng\u00fcl, az \u00e9rz\u00e9s nem v\u00e1ltozik a h\u0151 vagy az id\u0151tartam f\u00fcggv\u00e9ny\u00e9ben, \u00e9s az ujjai nem f\u00e1radnak el, am\u00edg nem viszi t\u00falz\u00e1sba. Ezt a modult egy\u00e9rtelm\u0171en hossz\u00fa versenyekre tervezt\u00e9k, ahol a m\u0171veletek megism\u00e9telhet\u0151s\u00e9ge fontosabb\u00e1 v\u00e1lik, mint az els\u0151 n\u00e9h\u00e1ny perc \"wow-effektusa\".<\/p>\n<p>A gyors korrekci\u00f3k sor\u00e1n, k\u00fcl\u00f6n\u00f6sen k\u00f6nny\u0171 driftben vagy amikor a h\u00e1ts\u00f3 r\u00e9sz egy kicsit elszabadul, nagyszer\u0171, hogy az ujjaidat a korm\u00e1nylap\u00e1tokon fesz\u00edtve tudod tartani, mik\u00f6zben kem\u00e9nyen ellenkorm\u00e1nyzol. A modul nem kelti azt a benyom\u00e1st, mintha hajl\u00edtana, amit n\u00e9ha az egyszer\u0171bb lap\u00e1tokn\u00e1l tal\u00e1lunk. Tov\u00e1bbra is fel- \u00e9s visszakapcsolhatsz a korrekci\u00f3 k\u00f6z\u00e9ppontj\u00e1ban, an\u00e9lk\u00fcl, hogy a hajt\u00e1sl\u00e1ncnak gondot okozna l\u00e9p\u00e9st tartani vele.<\/p>\n<p>Az eredeti ClubSport- vagy CSL-korm\u00e1nylap\u00e1tokkal t\u00f6rt\u00e9n\u0151 be\u00e1ll\u00edt\u00e1shoz k\u00e9pest az el\u0151ny egy\u00e9rtelm\u0171en a m\u0171veletek egy\u00e9rtelm\u0171s\u00e9g\u00e9ben \u00e9s a ment\u00e1lis k\u00e9nyelemben mutatkozik meg. Nem jelent abszol\u00fat forradalmat a k\u00f6rid\u0151k tekintet\u00e9ben egyik napr\u00f3l a m\u00e1sikra, de \u00e9rezhet\u0151, hogy minden v\u00e1lt\u00e1s megb\u00edzhat\u00f3bb, kiel\u00e9g\u00edt\u0151bb, \"versenyszer\u0171bb\". N\u00e9h\u00e1ny nagyon cs\u00facskateg\u00f3ri\u00e1s, m\u00e9g extr\u00e9mebb egyedi modulhoz k\u00e9pest a Podium Advanced Paddle Module \u00e9rdekes egyens\u00falyt tart fenn: professzion\u00e1lis, prec\u00edz, de mindennap haszn\u00e1lhat\u00f3 an\u00e9lk\u00fcl, hogy brut\u00e1lis lenne.<\/p>\n<p>Az \u00e1ltal\u00e1nos elm\u00e9ly\u00fcl\u00e9s egy fokkal magasabb szintre emelkedik: olyan benyom\u00e1st kelt, mintha egy teljes korm\u00e1nyker\u00e9kkel rendelkezn\u00e9l, ahol minden kezel\u0151szervet a vezet\u00e9shez terveztek, \u00e9s nem csak a \"kattintgat\u00f3s lap\u00e1tol\u00e1shoz\". Ez az a fajta r\u00e9szletess\u00e9g, amely a be\u00e1ll\u00edt\u00e1sokat egy \"j\u00f3 korm\u00e1nyker\u00e9kb\u0151l\" egy \"komoly vezet\u00e9si eszk\u00f6zz\u00e9\" v\u00e1ltoztatja.<\/p>\n<h2>Kinek sz\u00f3l? Er\u0151ss\u00e9gek \u00e9s gyenges\u00e9gek<\/h2>\n<p>A Podium Advanced Paddle modul els\u0151sorban a k\u00f6z\u00e9phalad\u00f3 \u00e9s halad\u00f3 versenyz\u0151knek sz\u00f3l. Ha m\u00e9g csak most kezded a szimul\u00e1toros versenyz\u00e9st egy bel\u00e9p\u0151 szint\u0171 korm\u00e1nyker\u00e9kkel, nem ez az els\u0151 fejleszt\u00e9s, amit \u00e9rdemes megfontolnod. M\u00e1sr\u00e9szt, ha m\u00e1r rendszeresen versenyzel, komoly Fanatec alapokkal (sz\u00edjas vagy Direct Drive) \u00e9s egy tisztess\u00e9ges pil\u00f3taf\u00fclk\u00e9vel rendelkezel, akkor a modulnak sokkal t\u00f6bb \u00e9rtelme van. A PC-s j\u00e1t\u00e9kosok sz\u00e1m\u00e1ra is egy\u00e9rtelm\u0171en vonz\u00f3 lesz, akik a lehet\u0151 legt\u00f6bb c\u00edmben ki tudj\u00e1k majd haszn\u00e1lni az anal\u00f3g \u00e9s duplakuplungos funkci\u00f3k teljes sk\u00e1l\u00e1j\u00e1t.<\/p>\n<p>Amit k\u00fcl\u00f6n\u00f6sen nagyra \u00e9rt\u00e9kel\u00fcnk, az az \u00e1ltal\u00e1nos \u00e9p\u00edt\u00e9si min\u0151s\u00e9g, amely a pr\u00e9mium kateg\u00f3ri\u00e1s be\u00e1ll\u00edt\u00e1sokkal egyenrang\u00fa. A m\u00e1gneses kattan\u00e1sok a f\u0151 lap\u00e1tokon a pontoss\u00e1g \u00e9s a robusztuss\u00e1g \u00e9rzet\u00e9t keltik, ami kem\u00e9ny haszn\u00e1lat mellett is megnyugtat\u00f3. Az als\u00f3 anal\u00f3g lap\u00e1tok is val\u00f3di vez\u00e9rl\u00e9si lehet\u0151s\u00e9geket nyitnak meg, k\u00fcl\u00f6n\u00f6sen a kuplung ind\u00edt\u00e1sakor, de olyan finom funkci\u00f3khoz is, mint a k\u00e9zif\u00e9k vagy bizonyos rendszerek kezel\u00e9se. V\u00e9g\u00fcl, a Fanatec \u00f6kosziszt\u00e9m\u00e1ba val\u00f3 integr\u00e1ci\u00f3 tiszta: a Podium\/ClubSport univerzumban plug and play, nincs bark\u00e1csol\u00e1s \u00e9s patchwork-nyomtat\u00e1s.<\/p>\n<p>De vannak hat\u00e1rok. Az \u00e1r egy\u00e9rtelm\u0171en befektet\u00e9sk\u00e9nt poz\u00edcion\u00e1lja ezt a modult, \u00e9s nem egyszer\u0171en kozmetikai kieg\u00e9sz\u00edt\u0151k\u00e9nt. Az alkalmi j\u00e1t\u00e9kosok sz\u00e1m\u00e1ra az \u00e9rz\u00e9kelt \u00e9rt\u00e9k nem biztos, hogy nyilv\u00e1nval\u00f3, k\u00fcl\u00f6n\u00f6sen, ha az eredeti lap\u00e1tok m\u00e1r elegend\u0151ek. Az ergon\u00f3mia is megszok\u00e1st ig\u00e9nyel egy kicsit: a kezed m\u00e9ret\u00e9t\u0151l \u00e9s a korm\u00e1nyker\u00e9k form\u00e1j\u00e1t\u00f3l f\u00fcgg\u0151en az \u00f6sszes lap\u00e1t k\u00e9nyelmetlen el\u00e9r\u00e9se egy-k\u00e9t kiigaz\u00edt\u00e1st, vagy ak\u00e1r n\u00e9h\u00e1ny engedm\u00e9nyt is ig\u00e9nyelhet. V\u00e9g\u00fcl, a maxim\u00e1lis el\u0151ny\u00f6ket komoly szimul\u00e1ci\u00f3k \u00e9s rendszeres haszn\u00e1lat sor\u00e1n lehet el\u00e9rni: a t\u00f6bb j\u00e1t\u00e9ktermi j\u00e1t\u00e9k vagy \"kanap\u00e9\" haszn\u00e1lat sor\u00e1n a modul val\u00f3di hozz\u00e1j\u00e1rul\u00e1sa logikusan kev\u00e9sb\u00e9 lesz \u00e9rezhet\u0151.<\/p>\n<p>Az \u00e1r-\u00e9rt\u00e9k ar\u00e1nyt tekintve illeszkedik a pr\u00e9mium be\u00e1ll\u00edt\u00e1s logik\u00e1j\u00e1ba: nem elengedhetetlen a gyors vezet\u00e9shez, de egy\u00e9rtelm\u0171en min\u0151s\u00e9gi javul\u00e1s, aminek akkor van \u00e9rtelme, ha sok id\u0151t t\u00f6ltesz virtu\u00e1lis p\u00e1ly\u00e1n, \u00e9s azt akarod, hogy minden kezel\u0151szerv ugyanolyan szint\u0171 legyen, mint a t\u00f6bbi berendez\u00e9s.<\/p>\n<h2>V\u00e9lem\u00e9ny a Fanatec Podium Advanced Paddle modulr\u00f3l<\/h2>\n<p>A Fanatec Podium Advanced Paddle Module nem v\u00e1ltoztatja meg a korm\u00e1nykereket, de megv\u00e1ltoztatja az aut\u00f3val val\u00f3 interakci\u00f3 m\u00f3dj\u00e1t. A tisztess\u00e9ges kezel\u0151szerveket olyanokra cser\u00e9li, amelyek miatt kanyarr\u00f3l kanyarra haszn\u00e1lni akarod \u0151ket. Ez egy olyan fejleszt\u00e9s, amely t\u00e1volr\u00f3l nem t\u0171nik \u00faj pil\u00f3taf\u00fclk\u00e9nek, de minden egyes sebess\u00e9gv\u00e1lt\u00e1sn\u00e1l \u00e9s minden egyes versenyind\u00edt\u00e1sn\u00e1l \u00e9rzed.<\/p>\n<p>A piacon egy\u00e9rtelm\u0171en pr\u00e9mium term\u00e9kr\u0151l van sz\u00f3, amelyet a m\u00e1rka fels\u0151kateg\u00f3ri\u00e1s alapjaihoz \u00e9s legkomolyabb korm\u00e1nykerekeihez terveztek. Ez nem egy k\u00fcty\u00fc kieg\u00e9sz\u00edt\u0151, \u00e9s nem is univerz\u00e1lis megold\u00e1s minden szimul\u00e1toros versenyz\u0151 sz\u00e1m\u00e1ra. Ez egy prec\u00edzi\u00f3s modul azoknak, akik m\u00e1r tudj\u00e1k, hogy mit akarnak az \u00e9rz\u00e9s \u00e9s az ir\u00e1ny\u00edt\u00e1s tekintet\u00e9ben.<\/p>\n<p>Azoknak aj\u00e1nlan\u00e1m, akik rendszeresen vezetnek komoly szimul\u00e1toros versenyeket (GT, endurance, egy\u00fcl\u00e9ses, rally), m\u00e1r rendelkeznek Fanatec-ekkel, \u00e9s akik a \"kezel\u0151fel\u00fclet\" r\u00e9sz\u00e9t szeretn\u00e9k finom\u00edtani an\u00e9lk\u00fcl, hogy felt\u00e9tlen\u00fcl alapot vagy korm\u00e1nyt cser\u00e9ln\u00e9nek. Teljesen kezd\u0151k vagy alkalmi konzolj\u00e1t\u00e9kosok sz\u00e1m\u00e1ra viszont a befektet\u00e9s val\u00f3sz\u00edn\u0171leg ar\u00e1nytalannak t\u0171nik a v\u00e9lt nyeres\u00e9ghez k\u00e9pest.<\/p>\n<p>Ha azt szeretn\u00e9, hogy Fanatec korm\u00e1nykereke \u00e9lesebb, pontosabb \u00e9s \"versenyszer\u0171bb\" legyen minden sebess\u00e9gv\u00e1lt\u00e1sn\u00e1l \u00e9s minden elindul\u00e1sn\u00e1l, akkor ez a term\u00e9k nyilv\u00e1nval\u00f3an sokat v\u00e1ltoztathat a be\u00e1ll\u00edt\u00e1sokon.<\/p>","protected":false},"excerpt":{"rendered":"<p>Ez a modul sokkal tiszt\u00e1bb \u00e9s megnyugtat\u00f3bb ir\u00e1ny\u00edt\u00e1s\u00e9rzetet biztos\u00edt, tiszt\u00e1zza az \u00d6n \u00e9s az aut\u00f3 k\u00f6z\u00f6tti kapcsolatot, \u00e9s minden egyes sebess\u00e9gv\u00e1lt\u00e1st term\u00e9szetesebb\u00e9 tesz. Mindenekel\u0151tt azoknak a szimul\u00e1torversenyz\u0151knek van \u00e9rtelme, akik m\u00e1r j\u00f3l felszereltek a Fanateccel, \u00e9s akik rendszeresen vezetnek ig\u00e9nyes szimul\u00e1ci\u00f3kat. A befektet\u00e9s k\u00f6vetkezetes marad a teljes\u00edtm\u00e9nyre \u00e9s a k\u00f6vetkezetess\u00e9gre ir\u00e1nyul\u00f3 pr\u00e9mium be\u00e1ll\u00edt\u00e1sokkal.<\/p>","protected":false},"featured_media":101158,"comment_status":"open","ping_status":"closed","template":"","meta":{"_acf_changed":false,"_et_pb_use_builder":"","_et_pb_old_content":"","_et_gb_content_width":""},"product_brand":[158],"product_cat":[153],"product_tag":[149,159,160],"class_list":{"0":"post-101157","1":"product","2":"type-product","3":"status-publish","4":"has-post-thumbnail","6":"product_brand-fanatec","7":"product_cat-accessoires","8":"product_tag-pc","9":"product_tag-playstation","10":"product_tag-xbox","12":"first","13":"instock","14":"shipping-taxable","15":"product-type-external"},"acf":[],"_links":{"self":[{"href":"https:\/\/simracergear.com\/hu\/wp-json\/wp\/v2\/product\/101157","targetHints":{"allow":["GET"]}}],"collection":[{"href":"https:\/\/simracergear.com\/hu\/wp-json\/wp\/v2\/product"}],"about":[{"href":"https:\/\/simracergear.com\/hu\/wp-json\/wp\/v2\/types\/product"}],"replies":[{"embeddable":true,"href":"https:\/\/simracergear.com\/hu\/wp-json\/wp\/v2\/comments?post=101157"}],"wp:featuredmedia":[{"embeddable":true,"href":"https:\/\/simracergear.com\/hu\/wp-json\/wp\/v2\/media\/101158"}],"wp:attachment":[{"href":"https:\/\/simracergear.com\/hu\/wp-json\/wp\/v2\/media?parent=101157"}],"wp:term":[{"taxonomy":"product_brand","embeddable":true,"href":"https:\/\/simracergear.com\/hu\/wp-json\/wp\/v2\/product_brand?post=101157"},{"taxonomy":"product_cat","embeddable":true,"href":"https:\/\/simracergear.com\/hu\/wp-json\/wp\/v2\/product_cat?post=101157"},{"taxonomy":"product_tag","embeddable":true,"href":"https:\/\/simracergear.com\/hu\/wp-json\/wp\/v2\/product_tag?post=101157"}],"curies":[{"name":"wp","href":"https:\/\/api.w.org\/{rel}","templated":true}]}}