{"id":101166,"date":"2025-05-15T08:02:00","date_gmt":"2025-05-15T08:02:00","guid":{"rendered":"https:\/\/simracergear.com\/products\/fanatec-podium-button-module-endurance\/"},"modified":"2025-11-28T05:05:17","modified_gmt":"2025-11-28T05:05:17","slug":"fanatec-podium-button-module-endurance","status":"publish","type":"product","link":"https:\/\/simracergear.com\/hu\/products\/fanatec-podium-button-module-endurance\/","title":{"rendered":"Fanatec Podium gomb Endurance modul"},"content":{"rendered":"<h2>Fanatec Podium gombmodul Endurance: teszt \u00e9s visszajelz\u00e9s haszn\u00e1lat ut\u00e1n<\/h2>\n<p>A Fanatec Podium Button Module Endurance egy\u00e9rtelm\u0171en egy hi\u00e1nyp\u00f3tl\u00f3 term\u00e9k a szimul\u00e1toros versenyz\u00e9sben: egy cs\u00facsmin\u0151s\u00e9g\u0171 gombmodul, amelyet a Fanatec k\u00edn\u00e1lat\u00e1ban szerepl\u0151 GT\/endurance t\u00edpus\u00fa korm\u00e1nyker\u00e9khez terveztek. Nem adja meg a Direct Drive alap teljes\u00edtm\u00e9ny\u00e9t, de \u00e1talak\u00edtja az \u00d6n, az aut\u00f3 \u00e9s a p\u00e1lyabe\u00e1ll\u00edt\u00e1sok k\u00f6z\u00f6tti interf\u00e9szt.<\/p>\n<p>Pap\u00edron ultragyors hozz\u00e1f\u00e9r\u00e9st \u00edg\u00e9r az \u00f6sszes olyan funkci\u00f3hoz, amely az endurance, GT3 vagy protot\u00edpus versenyeken hasznos: fejlett t\u00e9rk\u00e9pez\u00e9s, k\u00e9t joystick, encoder \u00e9s nagy sz\u00ednes k\u00e9perny\u0151. Mindezt egy olyan form\u00e1tumban, amely nagyon eml\u00e9keztet arra, amit a val\u00f3di modern versenyaut\u00f3kban l\u00e1thatunk. Az \u00f6tlet egyszer\u0171: kevesebb men\u00fct kell megjegyezned, t\u00f6bb vez\u00e9rl\u00e9s az ujjaiddal.<\/p>\n<p>A magam r\u00e9sz\u00e9r\u0151l els\u0151sorban k\u00e9t szempontb\u00f3l \u00e9rt\u00e9keltem: a puszta ergon\u00f3mia (a kezel\u0151szervekhez val\u00f3 hozz\u00e1f\u00e9r\u00e9s, olvashat\u00f3s\u00e1g, t\u00f6bb \u00f3r\u00e1n \u00e1t tart\u00f3 k\u00e9nyelem) \u00e9s a versenyir\u00e1ny\u00edt\u00e1s g\u00f6rd\u00fcl\u00e9kenyebb\u00e9 t\u00e9tel\u00e9nek k\u00e9pess\u00e9ge (strat\u00e9gia, ABS, TC, \u00fczemanyagkever\u00e9k, r\u00e1di\u00f3 stb.). Ez nem egy olyan term\u00e9k, amelyet az\u00e9rt terveztek, hogy \"jobban\" n\u00e9zzen ki a felszerel\u00e9sen. Ez egy korm\u00e1nyz\u00e1si \u00e9s ir\u00e1ny\u00edt\u00e1si eszk\u00f6z.<\/p>\n<p>\u0150szint\u00e9n sz\u00f3lva, ez az a fajta tartoz\u00e9k, ami egy Fanatec be\u00e1ll\u00edt\u00e1sokat a \"kiv\u00e1l\u00f3 j\u00e1t\u00e9khoz\" kateg\u00f3ri\u00e1b\u00f3l \"igaz\u00e1n versenyorient\u00e1lt\" kateg\u00f3ri\u00e1ba emeli. De el kell fogadni a kompromisszumokat \u00e9s a nyilv\u00e1nval\u00f3an pr\u00e9mium \u00e1rat is.<\/p>\n<h2>A Podium gomb Endurance modul tervez\u00e9se \u00e9s gy\u00e1rt\u00e1sa<\/h2>\n<p>Az els\u0151 dolog, amit a kez\u00e9ben \u00e9szrevesz, az a s\u0171r\u0171s\u00e9g. A modul nem olyan, mint egy egyszer\u0171 m\u0171anyag burkolat, amelynek tetej\u00e9re n\u00e9h\u00e1ny gombot ragasztottak. Komoly, j\u00f3l \u00f6sszeszerelt egys\u00e9gnek t\u0171nik, sz\u00e9nsz\u00e1las el\u0151lappal \u00e9s olyan v\u00e1zzal, amely nem mozdul meg, ha er\u0151sen nyomod a gombokat.<\/p>\n<p>A nyom\u00f3gombok r\u00f6vid \u00fatvonallal \u00e9s tiszta kattan\u00e1ssal rendelkeznek, el\u00e9g hat\u00e1rozottan ahhoz, hogy megakad\u00e1lyozza a v\u00e9letlen megnyom\u00e1st, an\u00e9lk\u00fcl, hogy f\u00e1raszt\u00f3 lenne. A k\u00e9t t\u00f6bbir\u00e1ny\u00fa joystick k\u00fcl\u00f6n\u00f6sen j\u00f3: prec\u00edz, tiszta visszat\u00e9r\u00e9ssel a k\u00f6z\u00e9ppontba, t\u00f6k\u00e9letes a men\u00fcben val\u00f3 navig\u00e1l\u00e1shoz vagy a j\u00e1t\u00e9kban a virtu\u00e1lis g\u00f6rget\u0151ker\u00e9k kezel\u00e9s\u00e9hez. Ami a forg\u00f3k\u00f3dokat illeti, j\u00f3l jelzett reteszel\u00e9seket k\u00edn\u00e1lnak. M\u00e9g a verseny k\u00f6zep\u00e9n is r\u00f6gt\u00f6n \u00e9szrevehet\u0151, ha egy-k\u00e9t kattint\u00e1s t\u00f6rt\u00e9nt.<\/p>\n<p>A k\u00f6zponti sz\u00ednes k\u00e9perny\u0151 val\u00f3di k\u00fcl\u00f6nbs\u00e9get jelent az \u00e9rz\u00e9kelt min\u0151s\u00e9gben. Nem hatalmas, de el\u00e9g j\u00f3l olvashat\u00f3 ahhoz, hogy a f\u0151 telemetriai inform\u00e1ci\u00f3kat hunyorg\u00e1s n\u00e9lk\u00fcl megjelen\u00edtse. A sz\u00ednek tiszt\u00e1k \u00e9s a kontraszt megfelel\u0151, m\u00e9g hagyom\u00e1nyos k\u00f6rnyezeti megvil\u00e1g\u00edt\u00e1s mellett is.<\/p>\n<p>Ami els\u0151re a legmeglep\u0151bb, az a rendel\u00e9sek sz\u00e1ma egy ilyen kompakt t\u00e9rben. Minden nagyon s\u0171r\u0171. Egy am\u00fagy is zs\u00fafolt f\u00far\u00f3tornyon ez vizu\u00e1lisan is impoz\u00e1ns. K\u00f6zelr\u0151l l\u00e1tszik, hogy ink\u00e1bb a szakemberek, mint a nagyk\u00f6z\u00f6ns\u00e9g sz\u00e1m\u00e1ra tervezt\u00e9k.<\/p>\n<p>Ahol kiss\u00e9 csal\u00f3d\u00e1st okozhat, az a k\u00e9perny\u0151 k\u00f6r\u00fcli bizonyos m\u0171anyag r\u00e9szletek \u00e9s a modul h\u00e1tulja, amelyek egy kicsit kev\u00e9sb\u00e9 \"\u00e9kszeresnek\" t\u0171nnek, mint a karbon el\u0151lap. Haszn\u00e1lat k\u00f6zben nem jelent probl\u00e9m\u00e1t, de egy kicsit kil\u00f3g a Podium term\u00e9kcsal\u00e1d t\u00f6bbi tagj\u00e1t\u00f3l.<\/p>\n<p>Az egyszer\u0171bb megold\u00e1sokhoz k\u00e9pest, mint p\u00e9ld\u00e1ul egy GT korm\u00e1nyker\u00e9k n\u00e9h\u00e1ny be\u00e9p\u00edtett gombbal vagy egy k\u00fcls\u0151 gombdoboz, ez egy\u00e9rtelm\u0171en kateg\u00f3riav\u00e1lt\u00f3. Ez egy olyan term\u00e9k, amelyet \u00fagy terveztek, hogy t\u00f6bb ezerszer meg lehessen \u00fctni, an\u00e9lk\u00fcl, hogy megr\u00e1ndulna. Ami a merevs\u00e9get illeti, semmi sem hajlik, semmi sem nyikorog, m\u00e9g hossz\u00fa, agressz\u00edv \u00fcl\u00e9s k\u00f6zben sem.<\/p>\n<h2>Be\u00e1ll\u00edt\u00e1sok, testreszab\u00e1s \u00e9s kompatibilit\u00e1s<\/h2>\n<p>A Podium gombmodul Endurance teljes m\u00e9rt\u00e9kben integr\u00e1l\u00f3dik a Fanatec \u00f6kosziszt\u00e9m\u00e1ba. Ezt a term\u00e9ket \u00fagy tervezt\u00e9k, hogy m\u0171k\u00f6dj\u00f6n a Fanatec alapokkal, k\u00fcl\u00f6n\u00f6sen a ClubSport \/ Podium term\u00e9kcsal\u00e1dba tartoz\u00f3 Direct Drive-okkal, valamint a kompatibilis korm\u00e1nyker\u00e9kkel (Podium hub t\u00edpus\u00fa al\u00e1t\u00e9tek \u00e9s hubok stb.). Ez nem egy univerz\u00e1lis tartoz\u00e9k, amelyet b\u00e1rmilyen ker\u00e9kre vagy bark\u00e1csalapra felszerelhet.<\/p>\n<p>Ami a kompatibilit\u00e1st illeti, a gyakorlatban a legjobb a PC-n val\u00f3 haszn\u00e1lat. A fejlett k\u00e9perny\u0151funkci\u00f3k, a r\u00e9szletes telemetria \u00e9s a kijelz\u0151k teljes testreszab\u00e1sa t\u00f6k\u00e9letesen \u00e9rthet\u0151 a sz\u00e1m\u00edt\u00f3g\u00e9pen, a Fanatec szoftver haszn\u00e1lat\u00e1val. Konzolokon a modul tov\u00e1bbra is haszn\u00e1lhat\u00f3, de a testreszab\u00e1s finoms\u00e1gainak egy r\u00e9sze elveszik, a j\u00e1t\u00e9kokt\u00f3l \u00e9s a friss\u00edt\u00e9sekt\u0151l f\u00fcgg\u0151en.<\/p>\n<p>A be\u00e1ll\u00edt\u00e1sok els\u0151sorban a Fanatec szoftver \u00e9s a bels\u0151 men\u00fck seg\u00edts\u00e9g\u00e9vel t\u00f6rt\u00e9nnek. A tanul\u00e1si g\u00f6rbe nem meredek, de fel kell k\u00e9sz\u00fclni arra, hogy egy kis id\u0151t kell elt\u00f6lteni: a gombok hozz\u00e1rendel\u00e9se a j\u00e1t\u00e9kokban, a k\u00e9perny\u0151 megjelen\u00edt\u00e9si oldalainak be\u00e1ll\u00edt\u00e1sa, annak kiv\u00e1laszt\u00e1sa, hogy milyen inform\u00e1ci\u00f3kat szeretne l\u00e1tni \u00e9s mikor. Eleinte kiss\u00e9 t\u00falterhel\u0151nek t\u0171nhet. N\u00e9h\u00e1ny munkamenet ut\u00e1n azonban minden kezd \u00e9rtelmet nyerni.<\/p>\n<p>Ahol \u00e9rdekes lesz, az a k\u00f6t\u00e9sek testreszab\u00e1sa. Minden gomb \u00e9s k\u00f3dol\u00f3 hozz\u00e1rendelhet\u0151 egy-egy kritikus funkci\u00f3hoz: TC-v\u00e1ltoz\u00e1s, ABS, f\u00e9kegyens\u00faly, \u00fczemanyag-kever\u00e9k, HUD-oldalv\u00e1lt\u00e1s, dobozk\u00e9r\u00e9s... Ha m\u00e1r van egy minim\u00e1lis m\u00f3dszer, a modul egy szem\u00e9lyre szabott m\u0171szerfal lesz.<\/p>\n<p>Az \u00f6kosziszt\u00e9m\u00e1t tekintve t\u00f6k\u00e9letesen illeszkedik egy teljes Fanatec felszerel\u00e9shez: DD l\u00e1nctalp, hajt\u00f3kar, v\u00e1lt\u00f3, k\u00e9zif\u00e9k. Az embernek az a benyom\u00e1sa, hogy a term\u00e9k nem \"bel\u00e9p\u0151\", hanem ink\u00e1bb egy k\u00f6z\u00e9p- vagy fels\u0151 kateg\u00f3ri\u00e1s darab, amelyet olyanoknak terveztek, akik m\u00e1r j\u00f3l bej\u00e1ratottak. Ink\u00e1bb egy friss\u00edt\u00e9s, mint egy els\u0151 v\u00e1s\u00e1rl\u00e1s.<\/p>\n<p>A haszn\u00e1lat tart\u00f3ss\u00e1g\u00e1t tekintve ez egy olyan tartoz\u00e9k, amely t\u00f6bb gener\u00e1ci\u00f3s b\u00e1zist is k\u00eds\u00e9rhet, am\u00edg a Fanatec univerzumon bel\u00fcl marad. A fejleszthet\u0151s\u00e9g els\u0151sorban a saj\u00e1t fejl\u0151d\u00e9sedb\u0151l ad\u00f3dik: min\u00e9l magasabbra jutsz, ann\u00e1l jobban kihaszn\u00e1lod a t\u00e9rk\u00e9pez\u00e9si \u00e9s megjelen\u00edt\u00e9si lehet\u0151s\u00e9geket.<\/p>\n<h2>\u00c9rz\u00e9sek a j\u00e1t\u00e9kban: mi v\u00e1ltozik igaz\u00e1n<\/h2>\n<p>A Podium gomb modul Endurance nem v\u00e1ltoztatja meg az er\u0151visszacsatol\u00e1s er\u0151ss\u00e9g\u00e9t, de megv\u00e1ltoztatja az FFB-vel \u00e9s az aut\u00f3 param\u00e9tereivel val\u00f3 interakci\u00f3 m\u00f3dj\u00e1t. \u00c9s itt egy\u00e9rtelm\u0171 a k\u00fcl\u00f6nbs\u00e9g.<\/p>\n<p>A kanyarokban az t\u0171nik ki, hogy mennyire k\u00f6nny\u0171 a param\u00e9terek be\u00e1ll\u00edt\u00e1sa val\u00f3s id\u0151ben, an\u00e9lk\u00fcl, hogy megszakadna a ritmusod. P\u00e9ld\u00e1ul cs\u00f6kkentheted a kip\u00f6rg\u00e9sg\u00e1tl\u00f3t egy kanyar kij\u00e1rat\u00e1n\u00e1l, be\u00e1ll\u00edthatod a f\u00e9kel\u0151fesz\u00edt\u00e9st a nagy f\u00e9kez\u00e9s el\u0151tt egy lejt\u0151n, vagy megv\u00e1ltoztathatod az \u00fczemanyagkever\u00e9ket, hogy m\u00e9g egy k\u00f6rt kitarts. Mindezt az ujjbegyeivel teheti meg, an\u00e9lk\u00fcl, hogy egy billenty\u0171t kellene keresnie a billenty\u0171zeten vagy egy men\u00fcben elrejtett funkci\u00f3t.<\/p>\n<p>A tapad\u00e1st nem maga a modul olvassa le, hanem az aut\u00f3 azon k\u00e9pess\u00e9ge, hogy m\u00e1sodpercek alatt alkalmazkodik a tapad\u00e1shoz. Egy egyre hidegebb p\u00e1ly\u00e1n, vagy egy jelent\u0151s gumikop\u00e1ssal j\u00e1r\u00f3 etap sor\u00e1n nagyon term\u00e9szetes, hogy az ABS-t, a diffi-t vagy a mappinget \u00e1ll\u00edtsuk be. Gyorsan \u00e9rezni fogod, hogy a korm\u00e1nyker\u00e9k \u00e9s a modulon v\u00e9gzett m\u00f3dos\u00edt\u00e1sok k\u00f6z\u00f6tti \u00f6sszhang jav\u00edtja az aut\u00f3 \u00e1ltal\u00e1nos meg\u00e9rt\u00e9s\u00e9t. K\u00f6nnyebb meg\u00e9rteni, hogy mi\u00e9rt vesztegeted az id\u0151det.<\/p>\n<p>A vibr\u00e1torokon, itt is k\u00f6zvetett, de val\u00f3s el\u0151nye van: be\u00e1ll\u00edthatsz egy felf\u00fcggeszt\u00e9st vagy diff-be\u00e1ll\u00edt\u00e1st, hogy az aut\u00f3 toler\u00e1nsabb legyen, an\u00e9lk\u00fcl, hogy megv\u00e1rn\u00e1d a k\u00f6vetkez\u0151 boxba val\u00f3 visszat\u00e9r\u00e9st. A hossz\u00fat\u00e1v\u00fa versenyeken, vagy ak\u00e1r csak egy komoly sprintben ez val\u00f3di k\u00fcl\u00f6nbs\u00e9get jelent a ment\u00e1lis k\u00e9nyelem szempontj\u00e1b\u00f3l. A kezed a korm\u00e1nyon tartod, a szemed a p\u00e1ly\u00e1n, \u00e9s cselekszel.<\/p>\n<p>A gyors korrekci\u00f3k legfontosabb szempontja, hogy a gombok ne legyenek \u00fatban. M\u00e9g heves ellenkorm\u00e1nyz\u00e1sn\u00e1l sem tal\u00e1lja mag\u00e1t azon, hogy v\u00e9letlen\u00fcl megnyomjon egy kritikus gombot. Az elrendez\u00e9s j\u00f3l \u00e1tgondolt: az egyenes vonalban vagy stabil f\u00e1zisban haszn\u00e1lt kezel\u0151szervek el\u00e9rhet\u0151ek maradnak, de nem azok alatt a ter\u00fcletek alatt vannak, ahol cs\u00fasz\u00e1skor a legkem\u00e9nyebben szor\u00edtasz.<\/p>\n<p>Hossz\u00fa munkamenetek sor\u00e1n ez az a pont, ahol a modul igaz\u00e1n kiteljesedik. Nem kell a j\u00e1t\u00e9k men\u00fciben el\u0151re-h\u00e1tra j\u00e1rk\u00e1lni, \u00e9s nem kell keresg\u00e9lni a g\u00f6d\u00f6rkorl\u00e1toz\u00f3t vagy a r\u00e1di\u00f3gombokat. Minden csoportos\u00edtva van, logikusan, \u00e9s a k\u00f6zponti k\u00e9perny\u0151n megkapod a legfontosabb inform\u00e1ci\u00f3kat: delta, poz\u00edci\u00f3, \u00fczemanyag, gumik, att\u00f3l f\u00fcgg\u0151en, hogy mit \u00e1ll\u00edtott\u00e1l be. A kognit\u00edv f\u00e1radts\u00e1g cs\u00f6kken. Tiszt\u00e1bban, koncentr\u00e1ltabban vezet.<\/p>\n<p>Egy egyszer\u0171 GT-korm\u00e1nyker\u00e9kkel, k\u00fcl\u00f6n modul n\u00e9lk\u00fcli be\u00e1ll\u00edt\u00e1shoz k\u00e9pest a verseny ir\u00e1ny\u00edt\u00e1s\u00e1nak \u00e1ltal\u00e1nos \u00e9rz\u00e9se egy\u00e9rtelm\u0171en jobb. Nincs t\u00f6bb FFB, de nagyobb az ir\u00e1ny\u00edt\u00e1s. Egy m\u00e9g fejlettebb be\u00e1ll\u00edt\u00e1shoz k\u00e9pest, amely egy ultrapr\u00e9mium korm\u00e1nyker\u00e9kkel \u00e9s dedik\u00e1lt m\u0171szerfallal rendelkezik, egy nagyon homog\u00e9n, integr\u00e1ltabb megold\u00e1sr\u00f3l besz\u00e9l\u00fcnk, amely egy kicsit kev\u00e9sb\u00e9 extr\u00e9m, de t\u00f6bb mint elegend\u0151 az ig\u00e9nyes szimul\u00e1torversenyz\u0151k nagy t\u00f6bbs\u00e9g\u00e9nek.<\/p>\n<h2>Kinek sz\u00f3l? Mit szeret\u00fcnk, mit nem szeret\u00fcnk<\/h2>\n<p>A Podium Button Module Endurance egy\u00e9rtelm\u0171en egy olyan felhaszn\u00e1l\u00f3i profilt c\u00e9loz meg, amely m\u00e1r j\u00f3l benne van: k\u00f6z\u00e9phalad\u00f3 \u00e9s tapasztalt szimul\u00e1torversenyz\u0151k, akik rendszeresen versenyeznek GT3, LMP \u00e9s t\u00f6bboszt\u00e1lyos versenyeken, \u00e9s akik kezdenek komolyan j\u00e1tszani a strat\u00e9gi\u00e1kkal, a stintekkel \u00e9s a hossz\u00fa stintekkel. PC-n t\u00f6k\u00e9letes \u00e9rtelme van a dolognak. Konzolokon tov\u00e1bbra is \u00e9rdekes, de a benne rejl\u0151 potenci\u00e1lt kicsit kev\u00e9sb\u00e9 haszn\u00e1lj\u00e1k ki.<\/p>\n<p>Amit azonnal \u00e9rt\u00e9kelsz, az a vez\u00e9rl\u00e9s \u00e1ltal\u00e1nos min\u0151s\u00e9ge. A gombok prec\u00edzek, a k\u00e9perny\u0151 j\u00f3l olvashat\u00f3, \u00e9s az \u00e1ltal\u00e1nos ergon\u00f3mia nagyon komolynak t\u0171nik. A versenyir\u00e1ny\u00edt\u00e1s rendk\u00edv\u00fcl k\u00e9nyelmes: minden az ujjhegyedre van, \u00e9s azonnal elv\u00e9gezheted a be\u00e1ll\u00edt\u00e1sokat. A Fanatec \u00f6kosziszt\u00e9m\u00e1ba val\u00f3 integr\u00e1ci\u00f3, egyetlen \u00f6sszef\u00fcgg\u0151 korm\u00e1nyker\u00e9k + alap + modul, szint\u00e9n igazi pluszt jelent. Nem kell harmadik f\u00e9lt\u0151l sz\u00e1rmaz\u00f3 megold\u00e1sokat vagy k\u00fcls\u0151 m\u0171szerfalat \u00f6sszedob\u00e1lnod.<\/p>\n<p>A m\u00e1sik er\u0151ss\u00e9g a professzion\u00e1lis be\u00e1ll\u00edt\u00e1s. Ha m\u00e1r eligazodt\u00e1l, a modul val\u00f3ban azt a benyom\u00e1st kelti, mintha egy modern GT aut\u00f3 vol\u00e1nja m\u00f6g\u00f6tt \u00fcln\u00e9l. M\u00e1r nem csak \"szimul\u00e1torban val\u00f3 j\u00e1t\u00e9kr\u00f3l\" besz\u00e9l\u00fcnk, hanem egy verseny, egy aut\u00f3 \u00e9s egy strat\u00e9gia ir\u00e1ny\u00edt\u00e1s\u00e1r\u00f3l. Egy olyan versenyz\u0151 sz\u00e1m\u00e1ra, aki a bajnoks\u00e1gban vagy az online versenyben szeretne el\u0151r\u00e9bb l\u00e9pni, ez egy igazi \u00e9rt\u00e9k.<\/p>\n<p>Ami a korl\u00e1tokat illeti, az \u00e1r egy\u00e9rtelm\u0171en a komoly befektet\u00e9si kateg\u00f3ri\u00e1ba sorolja ezt a modult. Ez nem az a fajta tartoz\u00e9k, amelyet csak \u00fagy h\u00f3bortb\u00f3l v\u00e1s\u00e1rol. Sz\u00fcks\u00e9ge van m\u00e1r egy kompatibilis alapra, egy megfelel\u0151 korm\u00e1nyker\u00e9kre \u00e9s val\u00f3di v\u00e1gyra, hogy minden funkci\u00f3j\u00e1t kihaszn\u00e1lhassa. Egy m\u00e1sik korl\u00e1t a Fanatec \u00f6kosziszt\u00e9m\u00e1t\u00f3l val\u00f3 teljes f\u00fcgg\u0151s\u00e9ge: ha a j\u00f6v\u0151ben lecser\u00e9li az alap m\u00e1rk\u00e1j\u00e1t, a modul sokkal kev\u00e9sb\u00e9 lesz hasznos.<\/p>\n<p>V\u00e9g\u00fcl, a konfigur\u00e1ci\u00f3s fel\u00fclet egy kis t\u00fcrelmet ig\u00e9nyel azokt\u00f3l, akik nem szeretnek id\u0151t t\u00f6lteni a men\u00fckben \u00e9s a telemetria fel\u00fcletein. Valaki sz\u00e1m\u00e1ra, aki csak \"plug and ride\", val\u00f3sz\u00edn\u0171leg t\u00fal bonyolult. De egy szimul\u00e1toros versenyz\u0151 sz\u00e1m\u00e1ra, aki a felszerel\u00e9s\u00e9t munkaeszk\u00f6znek tekinti, az \u00e9rt\u00e9k\/teljes\u00edtm\u00e9ny egyenlet tov\u00e1bbra is nagyon \u00e9rdekes.<\/p>\n<h2>Az \u00edt\u00e9let: meg\u00e9ri a Button Module Endurance Podium?<\/h2>\n<p>Egy endurance vagy komoly GT versenyz\u00e9sre sz\u00e1nt szimul\u00e1toros versenyfelszerel\u00e9sben a Fanatec Podium Button Module Endurance nem csak egy dekorat\u00edv kieg\u00e9sz\u00edt\u0151. Gyorsan az eg\u00e9sz versenyir\u00e1ny\u00edt\u00e1si rendszer idegk\u00f6zpontj\u00e1v\u00e1 v\u00e1lik. Nem ad Nm nyomat\u00e9kot az alaphoz, de megv\u00e1ltoztatja azt, ahogyan minden k\u00f6rt, minden stintet, minden liter \u00fczemanyagot kihaszn\u00e1lsz.<\/p>\n<p>A piacon egy\u00e9rtelm\u0171en pr\u00e9mium term\u00e9kr\u0151l besz\u00e9l\u00fcnk, f\u00e9l\u00faton egy mindent integr\u00e1l\u00f3 cs\u00facskorm\u00e1ny \u00e9s egy egyszer\u0171 korm\u00e1nyker\u00e9k + gombdoboz\/f\u00fcggetlen villog\u00f3 komb\u00f3 k\u00f6z\u00f6tt. Az igazi er\u0151ss\u00e9ge az integr\u00e1ci\u00f3. Minden a Fanatec \u00f6kosziszt\u00e9ma r\u00e9sze, nincsenek k\u00e1belek mindenhol, \u00e9s az ergon\u00f3mi\u00e1t a modern kontrollerekhez tervezt\u00e9k.<\/p>\n<p>Azoknak a szimul\u00e1toros versenyz\u0151knek aj\u00e1nlom, akik m\u00e1r j\u00f3l felszereltek, akik rendszeresen vezetnek, \u00e9s akiknek val\u00f3di v\u00e1gyuk, hogy \u00fagy ir\u00e1ny\u00edts\u00e1k a versenyeket, ahogyan a val\u00f3 \u00e9letben tenn\u00e9k: stintek, gumistrat\u00e9gi\u00e1k, dinamikai be\u00e1ll\u00edt\u00e1sok. Egy kezd\u0151 vagy alkalmi j\u00e1t\u00e9kos sz\u00e1m\u00e1ra a k\u00f6lts\u00e9gvet\u00e9s \u00e9s a komplexit\u00e1s nem felt\u00e9tlen\u00fcl indokolt. Jobb, ha el\u0151sz\u00f6r egy j\u00f3 alapra, egy komoly hajt\u00f3karra \u00e9s egy stabil cockpitre fektetsz be.<\/p>\n<p>Ha szeretn\u00e9d professzion\u00e1lisabb\u00e1 tenni a GT\/endurance-orient\u00e1lt Fanatec pil\u00f3taf\u00fclk\u00e9t, \u00e9s nagyobb kontrollt szeretn\u00e9l szerezni minden felett, ami a tiszta vezet\u00e9st k\u00f6r\u00fclveszi, akkor ez a term\u00e9k egy\u00e9rtelm\u0171en sokat v\u00e1ltoztathat a be\u00e1ll\u00edt\u00e1saidon.<\/p>","protected":false},"excerpt":{"rendered":"<p>Ez a modul a fejlett ir\u00e1ny\u00edt\u00e1s val\u00f3di \u00e9rz\u00e9s\u00e9t ny\u00fajtja: minden, ami a verseny ir\u00e1ny\u00edt\u00e1s\u00e1val kapcsolatos, sokkal g\u00f6rd\u00fcl\u00e9kenyebb\u00e9 \u00e9s k\u00f6zpontos\u00edtottabb\u00e1 v\u00e1lik, an\u00e9lk\u00fcl, hogy megszakadna a p\u00e1lya ritmusa. Mindenekel\u0151tt a szimul\u00e1toros versenyz\u0151k sz\u00e1m\u00e1ra van \u00e9rtelme, akik m\u00e1r j\u00f3l felszereltek a PC-n, GT\/\u00e1ll\u00f3k\u00e9pess\u00e9g-orient\u00e1ltak \u00e9s \u00e9rz\u00e9kenyek a val\u00f3s idej\u0171 strat\u00e9gi\u00e1kra \u00e9s be\u00e1ll\u00edt\u00e1sokra. A befektet\u00e9s akkor is meg\u00e9ri, ha versenyeszk\u00f6zk\u00e9nt tekintesz a rigre.<\/p>","protected":false},"featured_media":101167,"comment_status":"open","ping_status":"closed","template":"","meta":{"_acf_changed":false,"_et_pb_use_builder":"","_et_pb_old_content":"","_et_gb_content_width":""},"product_brand":[158],"product_cat":[153],"product_tag":[149,159,160],"class_list":{"0":"post-101166","1":"product","2":"type-product","3":"status-publish","4":"has-post-thumbnail","6":"product_brand-fanatec","7":"product_cat-accessoires","8":"product_tag-pc","9":"product_tag-playstation","10":"product_tag-xbox","12":"first","13":"instock","14":"shipping-taxable","15":"product-type-external"},"acf":[],"_links":{"self":[{"href":"https:\/\/simracergear.com\/hu\/wp-json\/wp\/v2\/product\/101166","targetHints":{"allow":["GET"]}}],"collection":[{"href":"https:\/\/simracergear.com\/hu\/wp-json\/wp\/v2\/product"}],"about":[{"href":"https:\/\/simracergear.com\/hu\/wp-json\/wp\/v2\/types\/product"}],"replies":[{"embeddable":true,"href":"https:\/\/simracergear.com\/hu\/wp-json\/wp\/v2\/comments?post=101166"}],"wp:featuredmedia":[{"embeddable":true,"href":"https:\/\/simracergear.com\/hu\/wp-json\/wp\/v2\/media\/101167"}],"wp:attachment":[{"href":"https:\/\/simracergear.com\/hu\/wp-json\/wp\/v2\/media?parent=101166"}],"wp:term":[{"taxonomy":"product_brand","embeddable":true,"href":"https:\/\/simracergear.com\/hu\/wp-json\/wp\/v2\/product_brand?post=101166"},{"taxonomy":"product_cat","embeddable":true,"href":"https:\/\/simracergear.com\/hu\/wp-json\/wp\/v2\/product_cat?post=101166"},{"taxonomy":"product_tag","embeddable":true,"href":"https:\/\/simracergear.com\/hu\/wp-json\/wp\/v2\/product_tag?post=101166"}],"curies":[{"name":"wp","href":"https:\/\/api.w.org\/{rel}","templated":true}]}}