{"id":101289,"date":"2025-05-15T08:06:00","date_gmt":"2025-05-15T08:06:00","guid":{"rendered":"https:\/\/simracergear.com\/products\/fanatec-podium-wheel-base-dd1-qr2\/"},"modified":"2025-11-28T05:10:50","modified_gmt":"2025-11-28T05:10:50","slug":"fanatec-podium-wheel-base-dd1-qr2","status":"publish","type":"product","link":"https:\/\/simracergear.com\/hu\/products\/fanatec-podium-wheel-base-dd1-qr2\/","title":{"rendered":"Fanatec Podium ker\u00e9kagy DD1 QR2"},"content":{"rendered":"<h2>Fanatec Podium DD1 QR2: cs\u00facs Direct Drive alap, m\u00e9g mindig j\u00e1t\u00e9kban?<\/h2>\n<p>A Fanatec Podium DD1 QR2 ker\u00e9kagy egy\u00e9rtelm\u0171en a Direct Drive ker\u00e9kagyak pr\u00e9mium kateg\u00f3ri\u00e1j\u00e1ban helyezkedik el. Egy fokkal a technol\u00f3gia demokratiz\u00e1l\u00e1s\u00e1ra tervezett \"DD entry\" k\u00e9szletek felett, de nyomat\u00e9k \u00e9s m\u00e9ret tekintet\u00e9ben az abszol\u00fat \u0151r\u00fclet alatt van. Ezt az alapot olyan szimul\u00e1torosoknak tervezt\u00e9k, akik valami komoly \u00e9s er\u0151s dologra v\u00e1gynak, an\u00e9lk\u00fcl, hogy felt\u00e9tlen\u00fcl egy m\u00e9g extr\u00e9mebb modell \"mindenre kiterjed\u0151\" teljes\u00edtm\u00e9ny\u00e9t c\u00e9lozn\u00e1k meg.<\/p>\n<p>Pap\u00edron a DD1 QR2 nagyvonal\u00fa nyomat\u00e9kot, ultrapontos reakci\u00f3t \u00e9s sz\u00e9les k\u00f6r\u0171 kompatibilit\u00e1st \u00edg\u00e9r a Fanatec \u00f6kosziszt\u00e9m\u00e1val. Mindenekel\u0151tt az \u00faj QR2-vel \u00e9rkezik, amely \u00e1ll\u00edt\u00f3lag kijav\u00edtja a merevs\u00e9g \u00e9s a mikroj\u00e1t\u00e9kok kisebb hi\u00e1nyoss\u00e1gait, amelyeket az el\u0151z\u0151 gyors rendszerben kritiz\u00e1ltak.<\/p>\n<p>Az \u00e9n szemsz\u00f6gem ezzel az alappal kapcsolatban egyszer\u0171: val\u00f3di k\u00fcl\u00f6nbs\u00e9get k\u00edn\u00e1l-e a k\u00f6nnyebben el\u00e9rhet\u0151 Direct Drives-hoz k\u00e9pest, mik\u00f6zben m\u00e9g mindig haszn\u00e1lhat\u00f3 a mindennapokban? T\u00e9nyleg hasznot h\u00fazol ebb\u0151l a teljes\u00edtm\u00e9nyszintb\u0151l, vagy ink\u00e1bb a szel\u00edd\u00edt\u00e9s gyakorlata lesz, mint konkr\u00e9t nyeres\u00e9g a p\u00e1ly\u00e1n?<\/p>\n<p>A c\u00e9l az, hogy kider\u00fclj\u00f6n, hogy a DD1 QR2 m\u00e9g mindig meg\u00e9rdemli-e a hely\u00e9t egy komoly be\u00e1ll\u00edt\u00e1s \"f\u0151 t\u00e1maszak\u00e9nt\", legyen sz\u00f3 hossz\u00fa vonalvezet\u00e9sr\u0151l, endurance-r\u0151l vagy ig\u00e9nyes hotlapr\u00f3l.<\/p>\n<h2>Tervez\u00e9s \u00e9s gy\u00e1rt\u00e1s: komoly alapoz\u00e1s<\/h2>\n<p>Vizu\u00e1lisan a Fanatec Podium DD1 QR2 azonnal tiszteletet parancsol. Nagy f\u00e9mh\u00e1z, sz\u00f6gletes vonalak, semmi felesleges elem. A k\u00e9zben s\u0171r\u0171 \u00e9s merev, \u00e9s olyan \u00e9rz\u00e9s, mintha egy monolitikus t\u00f6mb lenne. Az embernek az az \u00e9rz\u00e9se, hogy ez nem egy \"j\u00e1t\u00e9k\" term\u00e9k, hanem olyan berendez\u00e9s, amelyet \u00fagy terveztek, hogy \u00f3r\u00e1kon \u00e1t tart\u00f3 t\u00f6lt\u00e9snek is ellen\u00e1lljon.<\/p>\n<p>\u00d6sszess\u00e9g\u00e9ben a kivitelez\u00e9s nagyon tiszta: alum\u00ednium v\u00e1z, komoly bevonat, tiszta \u00f6sszeszerel\u00e9s. Az \u00e9lek j\u00f3l kezeltek, \u00e9s a l\u00e1that\u00f3 csavarok ink\u00e1bb bizalmat \u00e9bresztenek, mint bark\u00e1csol\u00e1s\u00e9rzetet. Val\u00f3di ipari gondoss\u00e1g \u00e9rz\u0151dik m\u00f6g\u00f6tte. Rengeteg szell\u0151z\u0151ny\u00edl\u00e1s van, \u00e9s a talp sosem t\u0171nik fullaszt\u00f3nak.<\/p>\n<p>Az \u00faj QR2 egy\u00e9rtelm\u0171en megv\u00e1ltoztatja a j\u00e1t\u00e9kot az \u00e9rz\u00e9kelt szil\u00e1rds\u00e1g tekintet\u00e9ben. Miut\u00e1n a korm\u00e1nyker\u00e9k a hely\u00e9n r\u00f6gz\u00fcl, a csatlakoz\u00e1s sz\u00e1raz, tiszta, nem ingadozik. Ami szembet\u0171n\u0151, hogy elt\u0171ntek vagy jelent\u0151sen cs\u00f6kkentek azok az apr\u00f3 mikro-r\u00e1zk\u00f3d\u00e1sok, amelyek a kev\u00e9sb\u00e9 merev gyors rendszereken n\u00e9ha \u00e9rezhet\u0151k. Az \"alap - QR - lendker\u00e9k\" l\u00e1nc sokkal homog\u00e9nebbnek t\u0171nik, \u00e9s ezt a p\u00e1ly\u00e1n \u00e9rt\u00e9kelni kell.<\/p>\n<p>Van azonban n\u00e9h\u00e1ny kev\u00e9sb\u00e9 izgalmas r\u00e9szlet. A formaterv tov\u00e1bbra is meglehet\u0151sen terjedelmes, a m\u00e9lys\u00e9ge pedig komoly pil\u00f3taf\u00fclk\u00e9t k\u00f6vetel. Nem ez a legkompaktabb alap a piacon, messze nem. A ventil\u00e1tor zaja is meglep\u0151 lehet, ha szer\u00e9nyebb felszerelts\u00e9gb\u0151l \u00e9rkezik: ez nem egy vad\u00e1szg\u00e9p, de csendes szob\u00e1ban is hallani lehet.<\/p>\n<p>Az \u00fajabb \u00e9s kompaktabb Direct Drive-okkal \u00f6sszehasonl\u00edtva a DD1 meg\u0151rizte a nagyon massz\u00edv fel\u00e9p\u00edt\u00e9s \u00e9s a megnyugtat\u00f3 \"tank\" im\u00e1zs el\u0151ny\u00e9t, m\u00e9g akkor is, ha n\u00e9h\u00e1ny konkurens modell integr\u00e1ci\u00f3ja \u00e9s h\u0151kezel\u00e9se ma m\u00e1r egy kicsit modernebbnek t\u0171nik.<\/p>\n<h2>Be\u00e1ll\u00edt\u00e1sok, testreszab\u00e1s \u00e9s kompatibilit\u00e1s: nagy teljes\u00edtm\u00e9ny\u0171, de nem teljesen plug &amp; play<\/h2>\n<p>A be\u00e1ll\u00edt\u00e1sok tekintet\u00e9ben ez egy\u00e9rtelm\u0171en a felhaszn\u00e1l\u00f3k sz\u00e1m\u00e1ra k\u00e9sz\u00fclt alap, akik k\u00e9szen \u00e1llnak arra, hogy bepiszkolj\u00e1k a kez\u00fcket. A Fanatec Podium DD1 QR2 a param\u00e9terek sz\u00e9les sk\u00e1l\u00e1j\u00e1t k\u00edn\u00e1lja az alapmen\u00fcben \u00e9s a dedik\u00e1lt PC-s szoftveren kereszt\u00fcl. A finoms\u00e1gok tekintet\u00e9ben nagyon \u00e1tfog\u00f3: \u00e1ltal\u00e1nos intenzit\u00e1s, sz\u0171r\u0151, interpol\u00e1ci\u00f3, s\u00farl\u00f3d\u00e1s, leng\u00e9scsillap\u00edt\u00f3, l\u00f6k\u00e9shat\u00e1s... Igaz\u00e1n megform\u00e1lhatja az er\u0151visszacsatol\u00e1st.<\/p>\n<p>A Fanatec \u00e1ltal biztos\u00edtott bels\u0151 el\u0151be\u00e1ll\u00edt\u00e1sok \u00e9s profilok seg\u00edtenek a kezd\u00e9sben, de ahhoz, hogy a lehet\u0151 legt\u00f6bbet hozza ki az alapb\u00f3l, el kell fogadnia egy kis tanul\u00e1si folyamatot. N\u00e9h\u00e1ny egyszer\u0171 be\u00e1ll\u00edt\u00e1ssal hamar elsaj\u00e1t\u00edthatod a dolgot, hogy tiszta, olvashat\u00f3 FFB-t kapj, de az \u00e9des pont megtal\u00e1l\u00e1sa egy kis j\u00e1t\u00e9kid\u0151t ig\u00e9nyel, k\u00fcl\u00f6n\u00f6sen, ha v\u00e1ltogatod a k\u00fcl\u00f6nb\u00f6z\u0151 szimul\u00e1torokat.<\/p>\n<p>Az alapon l\u00e9v\u0151 men\u00fck ergon\u00f3mi\u00e1ja megfelel\u0151, an\u00e9lk\u00fcl, hogy t\u00f6k\u00e9letes lenne. A param\u00e9terek menet k\u00f6zben is be\u00e1ll\u00edthat\u00f3k a k\u00e9perny\u0151n \u00e9s a gombokon kereszt\u00fcl, ami praktikus, de nem olyan intuit\u00edv, mint n\u00e9h\u00e1ny \u00fajabb, modernebb fel\u00fclettel rendelkez\u0151 \u00f6kosziszt\u00e9ma. A sz\u00e1m\u00edt\u00f3g\u00e9pen a szoftver elv\u00e9gzi a feladat\u00e1t, b\u00e1r lehetne vizu\u00e1lisabb.<\/p>\n<p>A kompatibilit\u00e1s szempontj\u00e1b\u00f3l a DD1 QR2 tov\u00e1bbra is er\u0151s eszk\u00f6z a Fanatec \u00f6kosziszt\u00e9m\u00e1j\u00e1ban. Term\u00e9szetesen haszn\u00e1lhat\u00f3 PC-n, de konzolon is, az alap \u00e9s a korm\u00e1nyker\u00e9k haszn\u00e1lt verzi\u00f3j\u00e1t\u00f3l f\u00fcgg\u0151en. A legnagyobb el\u0151nye, hogy a m\u00e1rka ped\u00e1ljai, v\u00e1lt\u00f3i, k\u00e9zif\u00e9kei \u00e9s korm\u00e1nykerekei k\u00f6nnyen csatlakoztathat\u00f3k, \u00e9s minden k\u00fcl\u00f6n bark\u00e1csol\u00e1s n\u00e9lk\u00fcl felismerhet\u0151k.<\/p>\n<p>Ez egy\u00e9rtelm\u0171en egy olyan alap, amely alkalmas egy fejl\u0151d\u0151 be\u00e1ll\u00edt\u00e1sra. Annak, akinek m\u00e1r van Fanatec felszerel\u00e9se, vagy aki hossz\u00fa t\u00e1von szeretne egy teljes \u00f6kosziszt\u00e9m\u00e1t ki\u00e9p\u00edteni, a DD1 QR2-nek van \u00e9rtelme. Ez nem csak egy bel\u00e9p\u00e9si pont: ez egy hossz\u00fa t\u00e1v\u00fa term\u00e9k, amelyet megtart, \u00e9s amely k\u00f6r\u00e9 a t\u00f6bbi felszerel\u00e9s\u00e9t fejleszti.<\/p>\n<h2>\u00c9rz\u00e9kek j\u00e1t\u00e9k k\u00f6zben: ahol a DD1 QR2 megmozgatja az izmait<\/h2>\n<p>A p\u00e1ly\u00e1n a Podium DD1 QR2 azonnal megv\u00e1ltoztatja az aut\u00f3val val\u00f3 kapcsolatodat. Az els\u0151 dolog, ami felt\u0171nik, az az er\u0151visszacsatol\u00e1s pontoss\u00e1ga. \u00dagy t\u0171nik, hogy a korm\u00e1nyker\u00e9k minden egyes mozdulata k\u00f6zvetlen\u00fcl kapcsol\u00f3dik a gumiabroncsokhoz. Nagyon k\u00f6nny\u0171 leolvasni, hogy mi t\u00f6rt\u00e9nik: blokkol\u00e1s, enyhe sodr\u00f3d\u00e1s, fokozatos tapad\u00e1sveszt\u00e9s, a felf\u00fcggeszt\u00e9s \u00f6sszenyom\u00e1sa. Sokkal k\u00f6nnyebb lesz \"l\u00e1tni\" a kez\u00fcnkkel.<\/p>\n<p>Kanyarod\u00e1skor a talp nagyon stabilnak \u00e9s t\u00e1mogat\u00f3nak t\u0171nik. Amikor bel\u00e9p a d\u0151l\u00e9sbe, a rendelkez\u00e9sre \u00e1ll\u00f3 nyomat\u00e9k lehet\u0151v\u00e9 teszi, hogy \u00e9rezze, ahogy a terhel\u00e9s az els\u0151 tengelyre telepszik an\u00e9lk\u00fcl, hogy hirtelen \u00f6ssze\u00fctk\u00f6zne vagy tel\u00edt\u0151dne. A nyomat\u00e9kfilmen adagolhatod a korm\u00e1nyt, ami sokat seg\u00edt a tiszta, \u00e1lland\u00f3 akkordpont fenntart\u00e1s\u00e1ban. Hossz\u00fa, gyors kanyarokban az aut\u00f3 \u00fagy \u00e9rzi, hogy az \u00fatra tapad, de azonnal \u00e9rezz\u00fck, amint elkezd cs\u00faszni.<\/p>\n<p>A tapad\u00e1s leolvas\u00e1sa k\u00fcl\u00f6n\u00f6sen hat\u00e9kony hideg gumiabroncsokon, nedves \u00faton vagy tapad\u00e1sv\u00e1lt\u00e1skor. Az alap nem csak kem\u00e9nyen nyom, hanem sokat \u00e1rnyal. Az elakad\u00e1ssal j\u00e1r\u00f3 apr\u00f3 rezg\u00e9sek, a f\u00e1zisok, amikor a gumi megfog, majd enyh\u00e9n elenged, minden sokkal olvashat\u00f3bb, mint egy sz\u00edjas alap vagy egy nyomat\u00e9kkorl\u00e1tos bel\u00e9p\u0151szint\u0171 Direct Drive eset\u00e9ben.<\/p>\n<p>A vibr\u00e1torokon \u00e9s a j\u00e1rdaszeg\u00e9lyeken a DD1 QR2 megmutatja karakter\u00e9t. Az agressz\u00edv vibr\u00e1toron val\u00f3 \u00e1thalad\u00e1s olyan \u00e9rz\u00e9s, mint egy fizikai sokk, de a be\u00e1ll\u00edt\u00e1sokkal elker\u00fclhet\u0151 a \"l\u00e9gkalap\u00e1cs\" hat\u00e1s. Ami itt \u00e9rdekes, az a r\u00e9szletess\u00e9g szintje: a lapos vibr\u00e1torok, a l\u00e9pcs\u0151s vibr\u00e1torok \u00e9s az aszfaltcsukl\u00f3k m\u00e1r nem egyform\u00e1k. T\u00e9nyleg l\u00e1tszik a p\u00e1lya text\u00far\u00e1ja.<\/p>\n<p>A gyors korrekci\u00f3k egy m\u00e1sik er\u0151ss\u00e9ge. T\u00falkorm\u00e1nyzotts\u00e1g vagy kifejezett megcs\u00fasz\u00e1s eset\u00e9n a motor nyomat\u00e9ka hatalmas tartal\u00e9kot k\u00edn\u00e1l az aut\u00f3 visszaszerz\u00e9s\u00e9hez. Er\u0151sen ellenkorm\u00e1nyozhat, \u00e9s az alapj\u00e1rati aut\u00f3 k\u00f6veti an\u00e9lk\u00fcl, hogy megakadna, mindenf\u00e9le \"lebeg\u00e9s\" vagy k\u00e9sleltet\u00e9si hat\u00e1s n\u00e9lk\u00fcl. Ez az a pont, ahol \u00e9rezni a k\u00fcl\u00f6nbs\u00e9get egy kev\u00e9sb\u00e9 er\u0151s alapj\u00e1rathoz k\u00e9pest: messzebbre mer\u00e9szkedsz a t\u00e1mad\u00e1sban, mert tudod, hogy van tartal\u00e9kod a korrekci\u00f3ra.<\/p>\n<p>Hossz\u00fa munkamenetek sor\u00e1n a konzisztencia j\u00f3 volt. A nyomat\u00e9k stabil maradt, a bemeleged\u00e9s j\u00f3l kezelhet\u0151, \u00e9s t\u00f6bb v\u00e1lt\u00e1s ut\u00e1n sem \u00e9rezni fokozatos teljes\u00edtm\u00e9nyveszt\u00e9st. Az egyetlen lehets\u00e9ges h\u00e1tr\u00e1nya a fizikai f\u00e1radts\u00e1g, ha t\u00fal er\u0151teljesen hagyja az alapot. Szinte k\u00e9nytelen vagy kiss\u00e9 cs\u00f6kkenteni az \u00f6sszteljes\u00edtm\u00e9nyt, hogy t\u00f6bb \u00f3r\u00e1n \u00e1t b\u00edrd an\u00e9lk\u00fcl, hogy a v\u00e1llaid elhaszn\u00e1l\u00f3dn\u00e1nak.<\/p>\n<p>Egy szer\u00e9nyebb Direct Drive-hoz k\u00e9pest a DD1 QR2 nem csak \"er\u0151sebben nyom\". Az igazi k\u00fcl\u00f6nbs\u00e9g a rendelkez\u00e9sre \u00e1ll\u00f3 dinamikai tartom\u00e1nyban rejlik. Gyakran a maxim\u00e1lis nyomat\u00e9knak csak egy r\u00e9sz\u00e9t haszn\u00e1lva vezet\u00fcnk, de ez a tartal\u00e9k lehet\u0151v\u00e9 teszi, hogy a kis er\u0151kn\u00e9l egyar\u00e1nt rendelkezz\u00fcnk finom r\u00e9szletess\u00e9ggel \u00e9s val\u00f3di tekint\u00e9llyel, amikor az aut\u00f3 rezg\u00e9sbe \u00fctk\u00f6zik vagy hirtelen le\u00e1ll. Egy m\u00e9g er\u0151sebb alapmodellel \u00f6sszehasonl\u00edtva kontrollban \u00e9s uralomban nyer\u00fcnk, mivel k\u00f6nnyebben kihaszn\u00e1lhatjuk a teljes tartom\u00e1nyt an\u00e9lk\u00fcl, hogy minden egyes korm\u00e1nyfordulat megijesztene.<\/p>\n<p>Az \u00e1ltal\u00e1nos \u00e9rzetet tekintve a vezet\u00e9si \u00e9lm\u00e9ny \u00f6szt\u00f6n\u00f6sebb. Jobban hagyatkozik a korm\u00e1nyker\u00e9kre, mint a szem\u00e9re. Hamarabb meg\u00e9rzi, hogy mi fog t\u00f6rt\u00e9nni, k\u00fcl\u00f6n\u00f6sen az asszisztens n\u00e9lk\u00fcli aut\u00f3kn\u00e1l vagy a fejlett protot\u00edpusokn\u00e1l. \u00dagy \u00e9rzi, mintha egy extra inform\u00e1ci\u00f3s r\u00e9teggel vezetne. Ez az a pont, ahol az alap igaz\u00e1n megv\u00e1ltoztatja az \u00e9lm\u00e9nyt.<\/p>\n<h2>Kinek sz\u00f3l? Amit szeret\u00fcnk... \u00e9s amit kev\u00e9sb\u00e9 szeret\u00fcnk<\/h2>\n<p>A Fanatec Podium DD1 QR2 egy\u00e9rtelm\u0171en a szimul\u00e1toros versenyz\u00e9sben m\u00e1r r\u00e9szt vev\u0151 k\u00f6z\u00f6ns\u00e9get c\u00e9lozza meg. Egy teljesen kezd\u0151 sz\u00e1m\u00e1ra kicsit olyan, mintha egyb\u0151l egy nagyon fejlett versenyaut\u00f3ba ugrana: lehets\u00e9ges, de nem fogja kihaszn\u00e1lni a benne rejl\u0151 lehet\u0151s\u00e9geket, \u00e9s a k\u00f6lts\u00e9gvet\u00e9s is ar\u00e1nytalannak t\u0171nhet a t\u00e9nyleges haszn\u00e1lathoz k\u00e9pest. M\u00e1sr\u00e9szt egy motiv\u00e1lt, k\u00f6z\u00e9phalad\u00f3 szimul\u00e1toros vagy egy tapasztalt versenyz\u0151 sz\u00e1m\u00e1ra, aki sok \u00f3r\u00e1t t\u00f6lt a bajnoks\u00e1gban, endurance vagy online versenyeken, az alapnak kezd igaz\u00e1n \u00e9rtelme lenni.<\/p>\n<p>Az er\u0151ss\u00e9gek k\u00f6z\u00fcl az els\u0151 az er\u0151visszacsatol\u00e1s min\u0151s\u00e9ge: prec\u00edz, \u00e1rnyalt, er\u0151teljes, val\u00f3di inform\u00e1ci\u00f3gazdags\u00e1ggal. Azonnal meg\u00e9rti, hogy mit csin\u00e1l az aut\u00f3. A m\u00e1sodik a csomag \u00e1ltal\u00e1nos szil\u00e1rds\u00e1ga: a fut\u00f3m\u0171, a QR2, a mechanikai \u00e9rzet, minden tart\u00f3ss\u00e1got sug\u00e1roz. A harmadik a Fanatec \u00f6kosziszt\u00e9m\u00e1ba val\u00f3 integr\u00e1ci\u00f3, a korm\u00e1nykerekek, ped\u00e1lok \u00e9s kieg\u00e9sz\u00edt\u0151k sz\u00e9les sk\u00e1l\u00e1j\u00e1nak csatlakoztat\u00e1si lehet\u0151s\u00e9ge minden k\u00fcl\u00f6n\u00f6sebb komplik\u00e1ci\u00f3 n\u00e9lk\u00fcl. Annak, aki egy koherens be\u00e1ll\u00edt\u00e1sra v\u00e1gyik, ez egy nagy plusz.<\/p>\n<p>Ami a korl\u00e1tokat illeti, az els\u0151 nyilv\u00e1nval\u00f3: az \u00e1r. Ez egy jelent\u0151s beruh\u00e1z\u00e1s, amely egy\u00e9rtelm\u0171en pr\u00e9mium felszerel\u00e9sk\u00e9nt van poz\u00edcion\u00e1lva. Az \u00e9rz\u00e9kelt \u00e9rt\u00e9k j\u00f3, ha sokat vezet \u00e9s kihaszn\u00e1lja a teljes\u00edtm\u00e9nyszintet, de alkalmi haszn\u00e1lat eset\u00e9n a k\u00fcl\u00f6nbs\u00e9g a megfizethet\u0151bb alapokhoz k\u00e9pest nehezen indokolhat\u00f3nak t\u0171nhet. M\u00e1sodszor, az \u00f6sszeszerel\u00e9s m\u00e9rete \u00e9s k\u00e9nyszerei: merev, neh\u00e9z, j\u00f3l r\u00f6gz\u00edtett pil\u00f3taf\u00fclke kell, k\u00fcl\u00f6nben az alap teljes\u00edtm\u00e9nye a fut\u00f3m\u0171 minden gyenge pontj\u00e1ra r\u00e1vil\u00e1g\u00edt. Harmadszor, a be\u00e1ll\u00edt\u00e1sok bonyolults\u00e1ga: m\u00e9g ha vannak is el\u0151re be\u00e1ll\u00edtott be\u00e1ll\u00edt\u00e1sok, azoknak, akik val\u00f3ban finomhangolni akarnak, id\u0151t kell t\u00f6lteni\u00fck a param\u00e9terek meg\u00e9rt\u00e9s\u00e9vel, ami elriaszt\u00f3 lehet az alkalmi felhaszn\u00e1l\u00f3k sz\u00e1m\u00e1ra.<\/p>\n<p>\u00d6sszess\u00e9g\u00e9ben ez egy olyan term\u00e9k, amelyet egy\u00e9rtelm\u0171en hossz\u00fa t\u00e1v\u00fa befektet\u00e9snek sz\u00e1nnak, nem pedig impulzusv\u00e1s\u00e1rl\u00e1snak. Egy olyan felhaszn\u00e1l\u00f3 sz\u00e1m\u00e1ra, aki a szimul\u00e1toros versenyz\u00e9st komoly, s\u0151t kv\u00e1zi versenyszer\u0171 hobbinak tekinti, az \u00e9rz\u00e9kelt \u00e9rt\u00e9k sokkal logikusabb\u00e1 v\u00e1lik.<\/p>\n<h2>\u00cdt\u00e9let: a pr\u00e9mium Direct Drive szil\u00e1rd pill\u00e9re<\/h2>\n<p>A Fanatec Podium Wheel Base DD1 QR2 m\u00e9g mindig egy olyan alap, amely val\u00f3ban \u00e1talak\u00edtja a setupot. A \"komoly szimu\" \u00e9lm\u00e9nyt\u0151l sokkal k\u00f6zelebb ker\u00fclsz ahhoz az \u00e9rz\u00e9shez, amit a cs\u00facskateg\u00f3ri\u00e1s felszerel\u00e9st\u0151l elv\u00e1rhatsz. A korm\u00e1nyker\u00e9k val\u00f3di p\u00e1lyaolvas\u00f3 eszk\u00f6zz\u00e9 v\u00e1lik, nem csak egy vez\u00e9rl\u0151eszk\u00f6zz\u00e9.<\/p>\n<p>A piacon a DD1 QR2 egy\u00e9rtelm\u0171en pr\u00e9mium megold\u00e1sk\u00e9nt van poz\u00edcion\u00e1lva, de nem extr\u00e9m megold\u00e1sk\u00e9nt. Nyomat\u00e9k, finoms\u00e1g \u00e9s merevs\u00e9g tekintet\u00e9ben j\u00f3val t\u00falmutat a k\u00f6z\u00e9pkateg\u00f3ri\u00e1s alapokon, mik\u00f6zben egy kicsit el\u00e9rhet\u0151bb \u00e9s kezelhet\u0151bb marad, mint a leger\u0151sebb sz\u00f6rnyetegek. Ez egyfajta \"\u00e9des pont\" azok sz\u00e1m\u00e1ra, akik a k\u00edn\u00e1lat legjav\u00e1t szeretn\u00e9k, an\u00e9lk\u00fcl, hogy t\u00falz\u00e1sba vinn\u00e9k.<\/p>\n<p>Azoknak a szimul\u00e1torversenyz\u0151knek aj\u00e1nlan\u00e1m, akiknek m\u00e1r van egy stabil pil\u00f3taf\u00fclk\u00e9j\u00fck, akik sok \u00f3r\u00e1t t\u00f6ltenek PC-n vagy konzolon, \u00e9s akik olyan felszerel\u00e9st szeretn\u00e9nek, amely t\u00f6bb \u00e9vig k\u00e9pes l\u00e9p\u00e9st tartani a komoly fejl\u0151d\u00e9ssel. Egy alkalmi j\u00e1t\u00e9kosnak, vagy olyannak, aki most fedezi fel a szim versenyz\u00e9st, val\u00f3sz\u00edn\u0171leg t\u00fal magas lesz a l\u00e9pcs\u0151, mind a k\u00f6lts\u00e9gvet\u00e9s, mind a be\u00e1ll\u00edt\u00e1sok sz\u00fcks\u00e9gess\u00e9ge szempontj\u00e1b\u00f3l.<\/p>\n<p>Ha olyan Direct Drive alapot keres, amely er\u0151s, prec\u00edz, j\u00f3l integr\u00e1lhat\u00f3 egy teljes \u00f6kosziszt\u00e9m\u00e1ba, \u00e9s k\u00e9pes intenz\u00edv haszn\u00e1latot t\u00e1mogatni, akkor ez a term\u00e9k egy\u00e9rtelm\u0171en k\u00fcl\u00f6nbs\u00e9get jelenthet az \u00d6n be\u00e1ll\u00edt\u00e1sai k\u00f6z\u00f6tt.<\/p>","protected":false},"excerpt":{"rendered":"<p>Ez a DD1 QR2 azt az \u00e9rz\u00e9st keltette bennem, hogy igazi m\u00e9rf\u00f6ldk\u0151h\u00f6z \u00e9rkeztem a markolat olvashat\u00f3s\u00e1ga \u00e9s stabilit\u00e1sa tekintet\u00e9ben, egy olyan korm\u00e1nyker\u00e9kkel, amely nem egyszer\u0171 vez\u00e9rl\u0151, hanem val\u00f3di pil\u00f3taeszk\u00f6zz\u00e9 v\u00e1lik. \u00c9rtelme van azoknak a szimul\u00e1torosoknak, akik m\u00e1r befektettek (merev cockpit, sok-sok \u00f3r\u00e1nyi vezet\u00e9s), \u00e9s egy tart\u00f3s, koherens alapot keresnek egy cs\u00facsmin\u0151s\u00e9g\u0171 Fanatec be\u00e1ll\u00edt\u00e1shoz.<\/p>","protected":false},"featured_media":101290,"comment_status":"open","ping_status":"closed","template":"","meta":{"_acf_changed":false,"_et_pb_use_builder":"","_et_pb_old_content":"","_et_gb_content_width":""},"product_brand":[158],"product_cat":[155],"product_tag":[149,160],"class_list":{"0":"post-101289","1":"product","2":"type-product","3":"status-publish","4":"has-post-thumbnail","6":"product_brand-fanatec","7":"product_cat-base","8":"product_tag-pc","9":"product_tag-xbox","11":"first","12":"instock","13":"shipping-taxable","14":"product-type-external"},"acf":[],"_links":{"self":[{"href":"https:\/\/simracergear.com\/hu\/wp-json\/wp\/v2\/product\/101289","targetHints":{"allow":["GET"]}}],"collection":[{"href":"https:\/\/simracergear.com\/hu\/wp-json\/wp\/v2\/product"}],"about":[{"href":"https:\/\/simracergear.com\/hu\/wp-json\/wp\/v2\/types\/product"}],"replies":[{"embeddable":true,"href":"https:\/\/simracergear.com\/hu\/wp-json\/wp\/v2\/comments?post=101289"}],"wp:featuredmedia":[{"embeddable":true,"href":"https:\/\/simracergear.com\/hu\/wp-json\/wp\/v2\/media\/101290"}],"wp:attachment":[{"href":"https:\/\/simracergear.com\/hu\/wp-json\/wp\/v2\/media?parent=101289"}],"wp:term":[{"taxonomy":"product_brand","embeddable":true,"href":"https:\/\/simracergear.com\/hu\/wp-json\/wp\/v2\/product_brand?post=101289"},{"taxonomy":"product_cat","embeddable":true,"href":"https:\/\/simracergear.com\/hu\/wp-json\/wp\/v2\/product_cat?post=101289"},{"taxonomy":"product_tag","embeddable":true,"href":"https:\/\/simracergear.com\/hu\/wp-json\/wp\/v2\/product_tag?post=101289"}],"curies":[{"name":"wp","href":"https:\/\/api.w.org\/{rel}","templated":true}]}}