{"id":101297,"date":"2025-05-15T08:06:00","date_gmt":"2025-05-15T08:06:00","guid":{"rendered":"https:\/\/simracergear.com\/products\/fanatec-podium-wheel-base-dd2\/"},"modified":"2025-11-28T05:11:24","modified_gmt":"2025-11-28T05:11:24","slug":"fanatec-podium-wheel-base-dd2","status":"publish","type":"product","link":"https:\/\/simracergear.com\/hu\/products\/fanatec-podium-wheel-base-dd2\/","title":{"rendered":"Fanatec Podium ker\u00e9kagy DD2"},"content":{"rendered":"<h2>Fanatec Podium Wheel Base DD2: v\u00e9lem\u00e9nyem intenz\u00edv haszn\u00e1lat ut\u00e1n<\/h2>\n<p>A k\u00f6zvetlen meghajt\u00e1s\u00fa \"fels\u0151 kateg\u00f3ri\u00e1s fogyaszt\u00f3i\" szegmensben a Fanatec Podium Wheel Base DD2 egy\u00e9rtelm\u0171en a nagyok k\u00f6z\u00f6tt j\u00e1tszik. Ezt az alapot azoknak tervezt\u00e9k, akik nagyon nagy nyomat\u00e9kot, rendk\u00edv\u00fcl r\u00e9szletes er\u0151visszacsatol\u00e1st \u00e9s egy profi be\u00e1ll\u00edt\u00e1shoz k\u00f6zeli \u00e9rz\u00e9st szeretn\u00e9nek, mik\u00f6zben a Fanatec \u00f6kosziszt\u00e9m\u00e1j\u00e1n bel\u00fcl maradnak.<\/p>\n<p>Pap\u00edron a DD2 nagyobb teljes\u00edtm\u00e9nyt, hosszabb \u00e9lettartamot \u00e9s nagyobb finoms\u00e1got \u00edg\u00e9r, mint a sz\u00edjhajt\u00e1s\u00fa alapmotorok vagy a bel\u00e9p\u0151 szint\u0171 k\u00f6zvetlen meghajt\u00e1sok. A gyakorlatban els\u0151sorban olyan szimul\u00e1torosoknak sz\u00f3l, akik m\u00e1r rendelkeznek n\u00e9mi tapasztalattal, akik rendszeresen motoroznak, \u00e9s akik egy \"v\u00e9gj\u00e1t\u00e9kot\" vagy majdnem \"v\u00e9gj\u00e1t\u00e9kot\" szeretn\u00e9nek a pil\u00f3taf\u00fclk\u00e9j\u00fckbe.<\/p>\n<p>A magam r\u00e9sz\u00e9r\u0151l h\u00e1rom dolgot n\u00e9ztem meg k\u00fcl\u00f6n\u00f6sen: az \u00e9rz\u00e9s pontoss\u00e1g\u00e1t (finom tapad\u00e1solvas\u00e1s, \u00e1tmenetek, blokkol\u00e1s), a hossz\u00fa \u00fcl\u00e9seken val\u00f3 konzisztenci\u00e1t \u00e9s a sokoldal\u00fas\u00e1got a k\u00fcl\u00f6nb\u00f6z\u0151 korm\u00e1nyker\u00e9k- \u00e9s aut\u00f3t\u00edpusokkal. A c\u00e9l egyszer\u0171: a DD2 val\u00f3ban igazolja az \u00e1rk\u00fcl\u00f6nbs\u00e9get a szer\u00e9nyebb k\u00f6zvetlen hajt\u00e1ssal, vagy a \"Podium\" jelv\u00e9ny\u00e9rt fizet\u00fcnk t\u00f6bbet?<\/p>\n<p>Ez egy olyan term\u00e9k, amely azt \u00e1ll\u00edtja, hogy pr\u00e9mium. A k\u00e9rd\u00e9s az, hogy a p\u00e1ly\u00e1ra \u00e9rve val\u00f3ban jav\u00edtja-e a vezet\u00e9st... vagy csak egy nagy motor, amely az els\u0151 percekben leny\u0171g\u00f6z.<\/p>\n<h2>Tervez\u00e9s, gy\u00e1rt\u00e1s \u00e9s \u00e9rz\u00e9kelt min\u0151s\u00e9g<\/h2>\n<p>A Podium DD2 vizu\u00e1lisan \u00e9s k\u00e9zben is komolys\u00e1got sug\u00e1roz. A t\u00f6m\u00f6r alum\u00edniumt\u00f6mb azonnal a s\u0171r\u0171s\u00e9g benyom\u00e1s\u00e1t kelti. Olyan \u00e9rz\u00e9s, mintha egy ipari darabot tenn\u00e9l a pil\u00f3taf\u00fclk\u00e9dre, nem pedig egy j\u00e1t\u00e9kszert. Az elox\u00e1lt fel\u00fcletek, a tiszta \u00e9lek \u00e9s az \u00e1ltal\u00e1nos kivitel bizalmat sug\u00e1roznak, k\u00fcl\u00f6n\u00f6sen intenz\u00edv haszn\u00e1lat eset\u00e9n.<\/p>\n<p>A merevs\u00e9g a j\u00e1t\u00e9k neve. Miut\u00e1n megfelel\u0151en r\u00f6gz\u00edtett\u00e9k egy er\u0151s v\u00e1zhoz, az alap nem mozog, nem csavarodik, \u00e9s nem hangzik \u00fcregesnek. A Fanatec korm\u00e1nyker\u00e9kkel val\u00f3 kapcsolat a f\u00e9m gyorskiold\u00f3n kereszt\u00fcl szil\u00e1rd \u00e9s egy\u00e9rtelm\u0171. K\u00e9zben tartva, amikor \u00e1ll\u00f3 helyzetben kezeli a korm\u00e1nykereket, nagyon kev\u00e9s parazita j\u00e1t\u00e9kot \u00e9rez, ami megnyugtat\u00f3 egy ilyen szint\u0171 term\u00e9k eset\u00e9ben.<\/p>\n<p>Ami azonnal meglep\u0151, az a motor impoz\u00e1ns m\u00e9rete \u00e9s a nyomat\u00e9k \u00e9rz\u00e9se, m\u00e9g \u00e1ll\u00f3 helyzetben is, amikor a korm\u00e1nyt mozgatja. Mindent \"massz\u00edvabbnak\" \u00e9rz\u00fcnk, mint egy sz\u00edjhajt\u00e1s\u00fa alapj\u00e1ratn\u00e1l vagy egy kompaktabb k\u00f6zvetlen hajt\u00e1sn\u00e1l. Olyan \u00e9rz\u00e9sed van, mintha valami komoly, \u00fct\u00e9sre tervezett dolgot tartan\u00e1l a kezedben.<\/p>\n<p>M\u00e1sr\u00e9szt a m\u00e9ret \u00e9s a s\u00faly merev pil\u00f3taf\u00fclk\u00e9t ig\u00e9nyel. Egy k\u00f6nny\u0171 fut\u00f3m\u0171v\u00f6n vagy egy \u00f6sszecsukhat\u00f3 korm\u00e1nyt\u00e1maszon ez egy\u00e9rtelm\u0171en t\u00falm\u00e9retezett\u00e9 v\u00e1lik, \u00e9s ez a szerkezet meglehet\u0151sen kellemetlen rezg\u00e9seiben \u00e9rezhet\u0151. Egy m\u00e1sik kisebb h\u00e1tr\u00e1ny, hogy a nagyon ipari formatervez\u00e9s egyesek sz\u00e1m\u00e1ra ridegnek t\u0171nhet, k\u00fcl\u00f6n\u00f6sen a kompakt, diz\u00e1jnosabb, vizu\u00e1lisan kevesebb helyet foglal\u00f3 alapokhoz k\u00e9pest.<\/p>\n<p>A DD2 a kedvez\u0151bb \u00e1r\u00fa k\u00f6zvetlen meghajt\u00e1s\u00fa alapokkal \u00f6sszehasonl\u00edtva robusztusabbnak \u00e9s id\u0151vel stabilabbnak t\u0171nik. Az az \u00e9rz\u00e9se, hogy a h\u0151elvezet\u00e9st \u00e9s az \u00f6sszeszerel\u00e9st hossz\u00fa, ism\u00e9tl\u0151d\u0151 munkamenetekre tervezt\u00e9k, nem pedig alkalmi haszn\u00e1latra a nappaliban.<\/p>\n<h2>Be\u00e1ll\u00edt\u00e1sok, testreszab\u00e1s \u00e9s kompatibilit\u00e1s<\/h2>\n<p>A be\u00e1ll\u00edt\u00e1sok tekintet\u00e9ben a DD2 nagy m\u00e9lys\u00e9get k\u00edn\u00e1l an\u00e9lk\u00fcl, hogy teljesen olvashatatlan lenne. Megvannak a klasszikus param\u00e9terek: teljes er\u0151, sz\u0171r\u00e9s, csillap\u00edt\u00e1s, s\u00farl\u00f3d\u00e1s \u00e9s tehetetlens\u00e9g, az er\u0151-visszacsatol\u00e1s jelleg\u00e9nek finomhangol\u00e1s\u00e1nak lehet\u0151s\u00e9g\u00e9vel. A be\u00e9p\u00edtett el\u0151be\u00e1ll\u00edt\u00e1sok seg\u00edtenek a j\u00f3 kezd\u00e9sben, majd a saj\u00e1t \u00edzl\u00e9sedhez igaz\u00edthatod.<\/p>\n<p>A men\u00fckben val\u00f3 navig\u00e1l\u00e1s a k\u00e9perny\u0151n \u00e9s a be\u00e9p\u00edtett g\u00f6rget\u0151ker\u00e9ken kereszt\u00fcl nagyon praktikus. A profilokat an\u00e9lk\u00fcl v\u00e1ltoztathatod meg, hogy vissza kellene menned a PC-re, ha m\u00e1r mindent konfigur\u00e1lt\u00e1l, ami nagyszer\u0171, ha t\u00f6bb szimul\u00e1torral zsongl\u0151rk\u00f6dsz. Egy\u00e9rtelm\u0171en van egy tanul\u00e1si g\u00f6rbe: ahhoz, hogy a lehet\u0151 legt\u00f6bbet hozd ki a DD2-b\u0151l, egy kis id\u0151t kell sz\u00e1nnod arra, hogy kipr\u00f3b\u00e1ld a dolgokat, k\u00fcl\u00f6n\u00f6sen, amikor a p\u00e1ros er\u0151szakoss\u00e1g\u00e1t a saj\u00e1t k\u00e9nyelmi szintedhez kell igaz\u00edtanod.<\/p>\n<p>Az igaz\u00e1n hasznos be\u00e1ll\u00edt\u00e1sok azok, amelyek cs\u00f6kkentik az \u00e1tvitel kem\u00e9nys\u00e9g\u00e9t (csillap\u00edt\u00e1s\/s\u00farl\u00f3d\u00e1s), \u00e9s azok, amelyek egy kicsit megsz\u0171rik a magas frekvenci\u00e1kat. Egy ilyen er\u0151s motor eset\u00e9ben a t\u00fal kem\u00e9ny be\u00e1ll\u00edt\u00e1sok gyorsan kif\u00e1rasztj\u00e1k az alkarokat, \u00e9s kev\u00e9sb\u00e9 tiszt\u00e1v\u00e1 teszik a vezet\u00e9st. Helyesen kalibr\u00e1lva viszont a DD2 nagyon k\u00f6nnyen leolvashat\u00f3 \u00e9s haszn\u00e1lhat\u00f3.<\/p>\n<p>Ami a kompatibilit\u00e1st illeti, az alap els\u0151sorban a PC-felhaszn\u00e1l\u00f3kat c\u00e9lozza meg, de a Fanatec \u00f6kosziszt\u00e9m\u00e1j\u00e1b\u00f3l sz\u00e1rmaz\u00f3 megfelel\u0151 korm\u00e1nyker\u00e9kkel \u00e9s alkatr\u00e9szekkel konzolos konfigur\u00e1ci\u00f3ba is integr\u00e1lhat\u00f3. A nagy el\u0151ny \u00e9ppen ez az \u00f6kosziszt\u00e9ma: a korm\u00e1nykerekek (GT, F1, rally), ped\u00e1lok, v\u00e1lt\u00f3k, k\u00e9zif\u00e9kek sz\u00e9les v\u00e1laszt\u00e9ka, minden el\u00e9g j\u00f3l m\u0171k\u00f6dik egy\u00fctt.<\/p>\n<p>A sk\u00e1l\u00e1zhat\u00f3s\u00e1g szempontj\u00e1b\u00f3l a DD2 ink\u00e1bb \"v\u00e9gpont\", mint bel\u00e9p\u00e9si pont. Nem az\u00e9rt veszi meg, hogy hat h\u00f3nap m\u00falva valami nagyobbra friss\u00edtsen. Ez egy olyan alap, amely \u00e9sszer\u0171en k\u00e9pes t\u00e1mogatni a korm\u00e1nykerekek \u00e9s pil\u00f3taf\u00fclk\u00e9k t\u00f6bb gener\u00e1ci\u00f3j\u00e1t, ha tudod, hogy hossz\u00fa t\u00e1von maradsz a szimul\u00e1toros versenyz\u00e9sben.<\/p>\n<h2>J\u00e1t\u00e9k k\u00f6zbeni \u00e9rz\u00e9sek: ahol a DD2 a k\u00fcl\u00f6nbs\u00e9get jelenti<\/h2>\n<p>A p\u00e1ly\u00e1n az els\u0151 dolog, ami felt\u0171nik, az az er\u0151visszacsatol\u00e1s pontoss\u00e1ga. A k\u00f6zvetlen meghajt\u00e1s\u00fa motor a tapad\u00e1s mikrov\u00e1ltoz\u00e1sait, az apr\u00f3 elakad\u00e1sokat \u00e9s az els\u0151 tengely terhel\u00e9s\u00e9nek v\u00e1ltoz\u00e1sait nagyon tiszt\u00e1n k\u00f6zvet\u00edti. Azonnal meg\u00e9rti, mit csin\u00e1l az aut\u00f3, k\u00fcl\u00f6n\u00f6sen kem\u00e9ny f\u00e9kez\u00e9sekn\u00e9l \u00e9s kiss\u00e9 optimista kanyarbej\u00e1ratokn\u00e1l.<\/p>\n<p>Gyors kanyarokban a nyomat\u00e9k stabilit\u00e1sa figyelemre m\u00e9lt\u00f3. A korm\u00e1ny nem \"pump\u00e1l\", nem kelti azt a benyom\u00e1st, mintha \u00f6sszeomlana, vagy a terhel\u00e9s n\u00f6veked\u00e9s\u00e9vel vesz\u00edtene erej\u00e9b\u0151l. Enyhe ellenkorm\u00e1nyz\u00e1st tarthatsz, millim\u00e9terre pontosan be\u00e1ll\u00edthatod, \u00e9s a visszajelz\u00e9s \u00e1lland\u00f3 marad. Ez a tartal\u00e9kban rendelkez\u00e9sre \u00e1ll\u00f3 nyomat\u00e9k nagy mozg\u00e1steret biztos\u00edt a korrekci\u00f3hoz.<\/p>\n<p>A fog\u00e1solvas\u00e1s nagy er\u0151ss\u00e9g. Ha a gumiabroncs kezd vesz\u00edteni a tapad\u00e1s\u00e1b\u00f3l, azt az ellen\u00e1ll\u00e1s enyhe cs\u00f6kken\u00e9s\u00e9n \u00e9s az FFB text\u00far\u00e1j\u00e1nak megv\u00e1ltoz\u00e1s\u00e1n kereszt\u00fcl \u00e9rezheti. Vil\u00e1gosan l\u00e1thatja, hogy mikor van m\u00e9g a tapad\u00e1si z\u00f3n\u00e1ban, \u00e9s mikor cs\u00faszik igaz\u00e1n. Ez felbecs\u00fclhetetlen \u00e9rt\u00e9k\u0171 a p\u00e1lya\u00edvek \u00e9s a tiszta kanyarod\u00e1si helyzetek kidolgoz\u00e1s\u00e1hoz.<\/p>\n<p>A vibr\u00e1torokon \u00e9s a sz\u00e9leken a DD2 nagyon \u00e9l\u00e9nk lehet. A be\u00e1ll\u00edt\u00e1st\u00f3l f\u00fcgg\u0151en egy nagyon nyers, szinte \"fizikai\" hangz\u00e1st\u00f3l, ahol minden egyes vibr\u00e1tor val\u00f3ban megr\u00e1zza a karokat, valami sz\u0171kebb, realisztikusabb \u00e9s kev\u00e9sb\u00e9 karik\u00edrozott hangz\u00e1sig juthat el. Megfelel\u0151en be\u00e1ll\u00edtva \u00e9rezhet\u0151 a magass\u00e1g, az \u00e9rdess\u00e9g, a k\u00fcl\u00f6nbs\u00e9g egy lapos vibrato \u00e9s egy agressz\u00edv kolb\u00e1szkordon k\u00f6z\u00f6tt. Azonnal tudod, ha t\u00fal sokat harapt\u00e1l.<\/p>\n<p>Hossz\u00fa munkamenetek sor\u00e1n az \u00e1lland\u00f3s\u00e1g leny\u0171g\u00f6z\u0151. Az alap nem melegszik fel kellemetlen\u00fcl, a teljes\u00edtm\u00e9nyszint stabil marad, \u00e9s nincs az a fokozatos roml\u00e1s \u00e9rz\u00e9se, ami n\u00e9ha a kev\u00e9sb\u00e9 j\u00f3l h\u0171t\u00f6tt rendszerekn\u00e9l tapasztalhat\u00f3. A f\u00e1radts\u00e1got ezut\u00e1n els\u0151sorban az a teljes\u00edtm\u00e9ny okozza, amelyr\u0151l \u00fagy d\u00f6ntesz, hogy haszn\u00e1lni akarod. Ha t\u00fal magasra \u00e1ll\u00edtja a teljes\u00edtm\u00e9nyt, az alkarj\u00e1t megviseli. A d\u00f3zis be\u00e1ll\u00edt\u00e1s\u00e1val kiv\u00e1l\u00f3 kompromisszumot tal\u00e1lhat a mer\u00edt\u00e9s \u00e9s az \u00e1ll\u00f3k\u00e9pess\u00e9g k\u00f6z\u00f6tt.<\/p>\n<p>A gyors korrekci\u00f3kban a nagy nyomat\u00e9k itt v\u00e1ltoztatja meg igaz\u00e1n az \u00e9lm\u00e9nyt. A nem sz\u00e1nd\u00e9kos kisodr\u00f3d\u00e1s, a h\u00e1ts\u00f3 r\u00e9sz elveszt\u00e9se vagy a k\u00e9s\u0151i f\u00e9kez\u00e9s nagyfok\u00fa kontrollal p\u00f3tolhat\u00f3. A korm\u00e1nyker\u00e9k gyorsan visszat\u00e9r a k\u00f6z\u00e9pre, de szab\u00e1lytalan r\u00e1ngat\u00e1s n\u00e9lk\u00fcl. Hagyhatja, hogy az alapj\u00e1rat a kez\u00e9vel \"dolgozzon\", ahelyett, hogy a l\u00f6ket\u00e9nek v\u00e9g\u00e9n j\u00e1r\u00f3 motorral k\u00fczdj\u00f6n.<\/p>\n<p>Egy kev\u00e9sb\u00e9 er\u0151s alaphoz k\u00e9pest (egy m\u00e9rs\u00e9kelt k\u00f6zvetlen meghajt\u00e1s\u00fa vagy egy j\u00f3 sz\u00edjas alaphoz k\u00e9pest) a k\u00fcl\u00f6nbs\u00e9g nem csak a nyers er\u0151ben rejlik. Mindenekel\u0151tt a reakci\u00f3sebess\u00e9gben, az inform\u00e1ci\u00f3 t\u00f6m\u00f6r\u00edt\u00e9s\u00e9ben \u00e9s az \u00e1tmenetek olvashat\u00f3s\u00e1g\u00e1ban nyer. M\u00edg egy szer\u00e9nyebb alap egy \"vigy\u00e1zz, megcs\u00faszol\" jelz\u00e9st adna, addig a DD2 az akad\u00e1s teljes kronol\u00f3gi\u00e1j\u00e1t mutatja. Mindenki sz\u00e1m\u00e1ra, aki ezt a nyelvet el tudja olvasni, ez egy igazi plusz.<\/p>\n<p>M\u00e1sr\u00e9szt, egy nagyon alkalmi felhaszn\u00e1l\u00f3 vagy egy olyan felhaszn\u00e1l\u00f3 sz\u00e1m\u00e1ra, aki nem t\u00fal \u00e9rz\u00e9keny az FFB \u00e1rnyalataira, ez a t\u00falzott r\u00e9szletess\u00e9g \u00e9s teljes\u00edtm\u00e9ny t\u00falzottnak t\u0171nhet. Fel kell k\u00e9sz\u00fclnie arra, hogy minim\u00e1lis er\u0151fesz\u00edt\u00e9st fektessen a be\u00e1ll\u00edt\u00e1sokba \u00e9s a vezet\u00e9sbe, hogy kihaszn\u00e1lhassa mindazt, amit az alap sug\u00e1roz.<\/p>\n<h2>Kinek sz\u00f3l? Mit szeret\u00fcnk, mit nem szeret\u00fcnk<\/h2>\n<p>A Fanatec Podium DD2 egy\u00e9rtelm\u0171en a k\u00f6z\u00e9phalad\u00f3 \u00e9s halad\u00f3 szimul\u00e1torosoknak sz\u00f3l, akik rendszeresen rep\u00fclnek, f\u0151k\u00e9nt PC-n, \u00e9s akiknek m\u00e1r van (vagy tervezik beszerezni) egy merev pil\u00f3taf\u00fclke. Egy nagyon motiv\u00e1lt kezd\u0151 is tal\u00e1lhat benne kedv\u00e9re val\u00f3t, de fenn\u00e1ll a vesz\u00e9lye, hogy magas \u00e1rat fizet\u00fcnk olyan lehet\u0151s\u00e9gek\u00e9rt, amelyeket nem fogunk azonnal kihaszn\u00e1lni.<\/p>\n<p>Ami igaz\u00e1n kiemelkedik, az az er\u0151visszacsatol\u00e1s pontoss\u00e1ga. A tapad\u00e1s, a terhel\u00e9s\u00e1tvitel \u00e9s az alv\u00e1z apr\u00f3 mozdulatainak finoms\u00e1ga val\u00f3ban a legjobbat hozza ki a j\u00e1t\u00e9kok fizikai modelljeib\u0151l. Azt\u00e1n ott van a kihaszn\u00e1lhat\u00f3 teljes\u00edtm\u00e9ny: kem\u00e9nyen, nagy nyomat\u00e9kkal lehet motorozni an\u00e9lk\u00fcl, hogy az alaplap megakadna vagy instabill\u00e1 v\u00e1lna. V\u00e9g\u00fcl pedig a komolys\u00e1g \u00e9s a tart\u00f3ss\u00e1g \u00e9rz\u00e9se: a talpazat a beszerel\u00e9st k\u00f6vet\u0151en hossz\u00fa t\u00e1v\u00fa befektet\u00e9snek, nem pedig szezon\u00e1lis k\u00fcty\u00fcnek t\u0171nik. Az a benyom\u00e1sod, hogy egy igazi \"pill\u00e9r\" van a felszerel\u00e9sedben.<\/p>\n<p>M\u00e1sr\u00e9szt sz\u00e1mos korl\u00e1toz\u00e1st kell elfogadni. Az \u00e1ra a DD2-t a komoly befektet\u00e9sek kateg\u00f3ri\u00e1j\u00e1ba sorolja: nem egy impulzusv\u00e1s\u00e1rl\u00e1s, k\u00fcl\u00f6n\u00f6sen, ha hozz\u00e1adjuk a korm\u00e1nykereket \u00e9s egy megfelel\u0151 pil\u00f3taf\u00fclk\u00e9t. M\u00e9rete \u00e9s teljes\u00edtm\u00e9nye merev alv\u00e1zat \u00e9s dedik\u00e1lt k\u00f6rnyezetet ig\u00e9nyel, \u00edgy alkalmatlan egy t\u00f6bbc\u00e9l\u00fa nappaliba vagy egy k\u00f6nny\u0171 irod\u00e1ba. V\u00e9g\u00fcl, az FFB finomhangol\u00e1s\u00e1nak sz\u00fcks\u00e9gess\u00e9ge zavar\u00f3 lehet. A dobozb\u00f3l kiv\u00e9ve, be\u00e1ll\u00edt\u00e1s n\u00e9lk\u00fcl haszn\u00e1lva egyesek sz\u00e1m\u00e1ra t\u00fal er\u0151szakosnak vagy t\u00fal nyersnek t\u0171nhet.<\/p>\n<p>Az \u00e9rz\u00e9kelt \u00e9rt\u00e9k szempontj\u00e1b\u00f3l minden az \u00d6n profilj\u00e1t\u00f3l f\u00fcgg. Egy heti t\u00f6bbsz\u00f6r motoroz\u00f3 rajong\u00f3 sz\u00e1m\u00e1ra a DD2 t\u00f6bb egym\u00e1st k\u00f6vet\u0151 fejleszt\u00e9st is helyettes\u00edthet (sz\u00edjas alap, majd kis k\u00f6zvetlen meghajt\u00e1s stb.). Egy alkalmi j\u00e1t\u00e9kos sz\u00e1m\u00e1ra az \u00e1rk\u00fcl\u00f6nbs\u00e9g egy szer\u00e9nyebb k\u00f6zvetlen meghajt\u00e1shoz k\u00e9pest kev\u00e9sb\u00e9 nyilv\u00e1nval\u00f3an indokolhat\u00f3.<\/p>\n<h2>\u00cdt\u00e9let: DD2 egy modern szimul\u00e1toros versenyfelszerel\u00e9sben<\/h2>\n<p>A Fanatec Podium Wheel Base DD2 egy\u00e9rtelm\u0171en megv\u00e1ltoztatja a be\u00e1ll\u00edt\u00e1s alapjait. Egy olyan ker\u00e9kt\u0151l, amely \"szimul\u00e1lja\" az aut\u00f3 viselked\u00e9s\u00e9t, egy olyan eszk\u00f6zh\u00f6z jutunk, amely szinte sz\u0171r\u0151 n\u00e9lk\u00fcl leford\u00edtja azt. A tapad\u00e1s \u00e1rnyalatai, a sikl\u00e1s korrekci\u00f3i \u00e9s a stabilit\u00e1s nagy sebess\u00e9gn\u00e9l sokkal egy\u00e9rtelm\u0171bb\u00e9 v\u00e1lnak. Ez egy igazi el\u0151ny a konzisztencia \u00e9s az \u00e9rzet jav\u00edt\u00e1s\u00e1ban.<\/p>\n<p>A mai piacon ez egy pr\u00e9mium term\u00e9k, amely a k\u00f6nnyebben hozz\u00e1f\u00e9rhet\u0151 \"fogyaszt\u00f3i\" k\u00f6zvetlen hajt\u00e1sok f\u00f6l\u00e9 poz\u00edcion\u00e1lhat\u00f3, an\u00e9lk\u00fcl, hogy egzotikus vagy tiszt\u00e1n ipari jelleg\u0171 lenne. Azokat c\u00e9lozza meg, akik meg akarj\u00e1k k\u00f6zel\u00edteni a \"profi\" szintet, mik\u00f6zben egy teljes \u00f6kosziszt\u00e9m\u00e1n bel\u00fcl maradnak, amely viszonylag k\u00f6nnyen friss\u00edthet\u0151.<\/p>\n<p>Azoknak az ig\u00e9nyes szimul\u00e1torosoknak aj\u00e1nlom, akik m\u00e1r meg vannak gy\u0151z\u0151dve arr\u00f3l, hogy sok\u00e1ig maradnak enn\u00e9l a szenved\u00e9lyn\u00e9l, \u00e9s akik szeretn\u00e9nek t\u0151k\u00e9t kov\u00e1csolni egy olyan alapb\u00f3l, amelyet nem fognak minden \u00e9vben cser\u00e9lni. M\u00e1sr\u00e9szt, els\u0151 v\u00e1s\u00e1rl\u00e1shoz vagy alkalmi haszn\u00e1latra egy szer\u00e9nyebb pil\u00f3taf\u00fclk\u00e9ben, egy megfizethet\u0151bb \u00e9s kompaktabb alap gyakran koherensebb lesz.<\/p>\n<p>Ha egy ultra-er\u0151s, ultra-pontos, k\u00f6zvetlen meghajt\u00e1s\u00fa alapot keres, amely k\u00e9pes ellen\u00e1llni a t\u00f6bb \u00f3r\u00e1s motoroz\u00e1snak, \u00e9s a pil\u00f3taf\u00fclke szil\u00e1rd sz\u00edv\u00e9v\u00e9 v\u00e1lik, akkor ez a term\u00e9k egy\u00e9rtelm\u0171en megv\u00e1ltoztathatja az \u00d6n be\u00e1ll\u00edt\u00e1sait.&lt;\/final<\/p>","protected":false},"excerpt":{"rendered":"<p>Ez a DD2 olyan \u00e9rz\u00e9st keltett bennem, mintha egy \"videoj\u00e1t\u00e9k\" korm\u00e1nyker\u00e9kr\u0151l egy val\u00f3di pil\u00f3taeszk\u00f6zre v\u00e1ltottam volna, nagyon j\u00f3l \u00e9rz\u00e9kelve a tapad\u00e1st \u00e9s a korrekci\u00f3kat. Van \u00e9rtelme a merev pil\u00f3taf\u00fclk\u00e9vel rendelkez\u0151 rendszeres szimul\u00e1torosoknak, akik hajland\u00f3ak id\u0151t fektetni a be\u00e1ll\u00edt\u00e1sokba. Meg\u00e9ri a befektet\u00e9st, ha hossz\u00fa t\u00e1von tekintesz a szimul\u00e1toros versenyz\u00e9sre.<\/p>","protected":false},"featured_media":101298,"comment_status":"open","ping_status":"closed","template":"","meta":{"_acf_changed":false,"_et_pb_use_builder":"","_et_pb_old_content":"","_et_gb_content_width":""},"product_brand":[158],"product_cat":[155],"product_tag":[149],"class_list":{"0":"post-101297","1":"product","2":"type-product","3":"status-publish","4":"has-post-thumbnail","6":"product_brand-fanatec","7":"product_cat-base","8":"product_tag-pc","10":"first","11":"instock","12":"shipping-taxable","13":"product-type-external"},"acf":[],"_links":{"self":[{"href":"https:\/\/simracergear.com\/hu\/wp-json\/wp\/v2\/product\/101297","targetHints":{"allow":["GET"]}}],"collection":[{"href":"https:\/\/simracergear.com\/hu\/wp-json\/wp\/v2\/product"}],"about":[{"href":"https:\/\/simracergear.com\/hu\/wp-json\/wp\/v2\/types\/product"}],"replies":[{"embeddable":true,"href":"https:\/\/simracergear.com\/hu\/wp-json\/wp\/v2\/comments?post=101297"}],"wp:featuredmedia":[{"embeddable":true,"href":"https:\/\/simracergear.com\/hu\/wp-json\/wp\/v2\/media\/101298"}],"wp:attachment":[{"href":"https:\/\/simracergear.com\/hu\/wp-json\/wp\/v2\/media?parent=101297"}],"wp:term":[{"taxonomy":"product_brand","embeddable":true,"href":"https:\/\/simracergear.com\/hu\/wp-json\/wp\/v2\/product_brand?post=101297"},{"taxonomy":"product_cat","embeddable":true,"href":"https:\/\/simracergear.com\/hu\/wp-json\/wp\/v2\/product_cat?post=101297"},{"taxonomy":"product_tag","embeddable":true,"href":"https:\/\/simracergear.com\/hu\/wp-json\/wp\/v2\/product_tag?post=101297"}],"curies":[{"name":"wp","href":"https:\/\/api.w.org\/{rel}","templated":true}]}}