{"id":101315,"date":"2025-11-28T04:46:47","date_gmt":"2025-11-28T04:46:47","guid":{"rendered":"https:\/\/simracergear.com\/products\/gran-turismo-dd-extreme\/"},"modified":"2025-11-28T04:46:47","modified_gmt":"2025-11-28T04:46:47","slug":"gran-turismo-dd-extreme","status":"publish","type":"product","link":"https:\/\/simracergear.com\/hu\/products\/gran-turismo-dd-extreme\/","title":{"rendered":"Fanatec Gran Turismo DD Extreme"},"content":{"rendered":"<p><span style=\"font-weight: 400;\">A Fanatec GT DD Extreme egy nagyon \u00e1h\u00edtott szegmensbe \u00e9rkezik: a konzolra \u00e9s PC-re egyar\u00e1nt tervezett \"fogyaszt\u00f3i cs\u00facsmodell\" Direct Drive, amely nagy hangs\u00falyt fektet a PlayStation \u00f6kosziszt\u00e9m\u00e1ra \u00e9s a Gran Turism\u00f3val val\u00f3 hivatalos egy\u00fcttm\u0171k\u00f6d\u00e9sre. Pap\u00edron a teljes\u00edtm\u00e9ny, a komoly precizit\u00e1s \u00e9s a komplett, azonnal haszn\u00e1lhat\u00f3 korm\u00e1ny ritka kombin\u00e1ci\u00f3j\u00e1t \u00edg\u00e9ri, mindezt olyan form\u00e1tumban, amely m\u00e9g \"\u00e9lhet\u0151\" egy asztali sz\u00e1m\u00edt\u00f3g\u00e9pen vagy egy kis pil\u00f3taf\u00fclk\u00e9ben.<\/span><\/p>\n<p><span style=\"font-weight: 400;\">Ez a csomag egy\u00e9rtelm\u0171en azt a versenyz\u0151t c\u00e9lozza meg, aki szeretne egy l\u00e9p\u00e9st tenni a sz\u00edjhajt\u00e1s\u00fa alapokr\u00f3l vagy a kis bel\u00e9p\u0151 szint\u0171 Direct Drives-r\u0151l, an\u00e9lk\u00fcl, hogy ultra-ig\u00e9nyes, tiszt\u00e1n \"profi szimul\u00e1toros\" felszerel\u00e9sre v\u00e1gyna. Ez egy kulcsfontoss\u00e1g\u00fa term\u00e9k: el\u00e9g er\u0151s ahhoz, hogy l\u00e9p\u00e9st tartson egy tapasztalt simracerrel, de m\u00e9gis el\u00e9rhet\u0151 egy motiv\u00e1lt felhaszn\u00e1l\u00f3 sz\u00e1m\u00e1ra, aki egy egyszer\u0171bb ker\u00e9kr\u0151l \u00e9rkezik.<\/span><\/p>\n<p><span style=\"font-weight: 400;\">Az \u00e9n szemsz\u00f6gem ezzel a GT DD Extreme-rel kapcsolatban az er\u0151visszacsatol\u00e1s min\u0151s\u00e9ge, az aut\u00f3 \u00e1ltal adott inform\u00e1ci\u00f3k olvashat\u00f3s\u00e1ga \u00e9s az \u00e1ltal\u00e1nos k\u00e9nyelem hossz\u00fa \u00fcl\u00e9sek sor\u00e1n, a csomag val\u00f3di \u00e9rt\u00e9k\u00e9nek \u0151szinte meg\u00edt\u00e9l\u00e9s\u00e9vel. Ez egy olyan korm\u00e1nyker\u00e9k, amely elm\u00e9ly\u00fcl\u00e9st, ir\u00e1ny\u00edt\u00e1st \u00e9s sokoldal\u00fas\u00e1got \u00edg\u00e9r.<\/span><\/p>\n<p><span style=\"font-weight: 400;\">Di\u00f3h\u00e9jban: ez egy Direct Drive, amelyet \u00fagy terveztek, hogy \"komolyan\" j\u00e1tsszon an\u00e9lk\u00fcl, hogy g\u00e1zgy\u00e1rr\u00e1 v\u00e1lna.<\/span><\/p>\n<p>&nbsp;<\/p>\n<h2><span style=\"font-weight: 400;\">Tervez\u00e9s \u00e9s gy\u00e1rt\u00e1s<\/span><\/h2>\n<p><span style=\"font-weight: 400;\">Vizu\u00e1lisan \u00e9s k\u00e9zben a GT DD Extreme azonnal egy t\u00f6k\u00e9letes term\u00e9k benyom\u00e1s\u00e1t kelti. A Direct Drive alaplap kompakt \u00e9s s\u0171r\u0171, f\u00e9mh\u00e1za bizalomgerjeszt\u0151. Semmi sem mozog, semmi sem reped, a merevs\u00e9g megvan. T\u00e9nyleg olyan \u00e9rz\u00e9s, mintha egy massz\u00edv blokk lenne, amelyet \u00fagy terveztek, hogy \u00e9vekig b\u00edrja a vezet\u00e9st.<\/span><\/p>\n<p><span style=\"font-weight: 400;\">A mell\u00e9kelt GT korm\u00e1nyker\u00e9k felt\u0171n\u0151 a kivitelez\u00e9s \u00e1ltal\u00e1nos szintje miatt. Az anyagok nem \u00e9rik el egy teljes b\u0151rb\u0151l \u00e9s alum\u00edniumb\u00f3l k\u00e9sz\u00fclt, versenyszer\u0171 korm\u00e1nyker\u00e9k sz\u00ednvonal\u00e1t, de az \u00f6sszhat\u00e1s nagyon tiszta. A markolat j\u00f3, a gombok j\u00f3l \u00e9rz\u0151dnek, \u00e9s a korm\u00e1ny nem hangzik j\u00e1t\u00e9kszernek. Egy\u00e9rtelm\u0171en a hagyom\u00e1nyos fogyaszt\u00f3i csomagok f\u00f6l\u00e9 emelkedik.<\/span><\/p>\n<p><span style=\"font-weight: 400;\">A lap\u00e1tok tiszta \u00e9rzetet adnak, tiszta kattan\u00e1ssal. \u00c9rezhet\u0151 a v\u00e1gy, hogy valami komolyabbat k\u00edn\u00e1ljanak, mint egy egyszer\u0171 m\u0171anyag korm\u00e1nyker\u00e9k. A LED-es m\u0171szerfal, a k\u00f6zponti kijelz\u0151 \u00e9s a gombok lek\u00e9pez\u00e9se meger\u0151s\u00edti azt a benyom\u00e1st, hogy ez egy \"sokoldal\u00fa szimul\u00e1toros versenyz\u0151i\" korm\u00e1nyker\u00e9k, nem pedig egy egyszer\u0171 konzol kieg\u00e9sz\u00edt\u0151je.<\/span><\/p>\n<p><span style=\"font-weight: 400;\">Ahol kiss\u00e9 csal\u00f3d\u00e1st okozhat, az bizonyos anyagi r\u00e9szletekben rejlik. Nem vagyunk egy \u00f6n\u00e1ll\u00f3 pr\u00e9mium korm\u00e1nyker\u00e9k szintj\u00e9n, ami f\u00e9mb\u0151l \u00e9s b\u0151rb\u0151l van mindenhol. N\u00e9h\u00e1ny m\u0171anyag m\u00e9g mindig jelen van, \u00e9s ezen az \u00e1rszinten egyes felhaszn\u00e1l\u00f3k tal\u00e1n m\u00e9g t\u00f6bbet is v\u00e1rnak. De a csomag \u00e1ltal\u00e1nos koherenci\u00e1ja b\u0151ven k\u00e1rp\u00f3tol ez\u00e9rt.<\/span><\/p>\n<p><span style=\"font-weight: 400;\">A hasonl\u00f3 kateg\u00f3ri\u00e1j\u00fa term\u00e9kekhez k\u00e9pest maga az alap val\u00f3ban pr\u00e9mium kateg\u00f3ri\u00e1s. Az \u00e1ltal\u00e1nos benyom\u00e1s egy massz\u00edv, j\u00f3l \u00e1tgondolt kombin\u00e1ci\u00f3 benyom\u00e1s\u00e1t kelti, amelyet \u00fagy terveztek, hogy egy komoly setup k\u00f6zponti eleme legyen.<\/span><\/p>\n<p><span style=\"font-weight: 400;\">Az \u00d6n kez\u00e9ben az a benyom\u00e1s alakul ki, hogy a k\u00e9sz\u00fcl\u00e9ket gyakori, hossz\u00fa, stresszmentes haszn\u00e1latra tervezt\u00e9k.<\/span><\/p>\n<p>&nbsp;<\/p>\n<h2><span style=\"font-weight: 400;\">Be\u00e1ll\u00edt\u00e1sok, testreszab\u00e1s \u00e9s kompatibilit\u00e1s<\/span><\/h2>\n<p>&nbsp;<\/p>\n<p><span style=\"font-weight: 400;\">A be\u00e1ll\u00edt\u00e1sok tekintet\u00e9ben a Fanatec h\u0171 marad a logik\u00e1j\u00e1hoz: vannak be\u00e9p\u00edtett profilok, el\u0151re be\u00e1ll\u00edtott be\u00e1ll\u00edt\u00e1sok minden egyes k\u00e9szlethez, \u00e9s lehet\u0151s\u00e9g van finomhangol\u00e1sra az alapmen\u00fcben \u00e9s a PC-s szoftveren kereszt\u00fcl. Aki m\u00e9g nem ismeri a Direct Drive-ot, annak ez megnyugtat\u00f3: egy m\u00e1r haszn\u00e1lhat\u00f3 \"alap\" konfigur\u00e1ci\u00f3val gyorsan vezethet, majd apr\u00e1nk\u00e9nt finomhangolhat.<\/span><\/p>\n<p><span style=\"font-weight: 400;\">Az alapon tal\u00e1lhat\u00f3 men\u00fc lehet\u0151v\u00e9 teszi a nagy klasszikusok be\u00e1ll\u00edt\u00e1s\u00e1t: \u00e1ltal\u00e1nos er\u0151, sz\u0171r\u0151, csillap\u00edt\u00f3, minim\u00e1lis er\u0151 \u00e9s linearit\u00e1s. Az ergon\u00f3mia logikus, de m\u00e9gis ig\u00e9nyel egy kis id\u0151t, hogy megszokja, ha m\u00e9g soha nem ny\u00falt ilyen param\u00e9terekhez. Semmi sem akad\u00e1lyozhatja meg, de fel kell k\u00e9sz\u00fclnie arra, hogy egy kis id\u0151t t\u00f6lts\u00f6n tesztel\u00e9ssel.<\/span><\/p>\n<p><span style=\"font-weight: 400;\">A PC-n a Fanatec szoftver sokkal t\u00f6bb finoms\u00e1got biztos\u00edt. Itt lehet igaz\u00e1n a st\u00edlusodhoz igaz\u00edtani az alapot: nyersebb \u00e9s k\u00f6zvetlenebb egy olyan motorosnak, aki szeret minden bukkan\u00f3t \u00e9rezni, vagy sz\u0171kebb \u00e9s l\u00e1gyabb a konzolon val\u00f3 hossz\u00fa \u00fcl\u00e9sekhez vagy a \"laz\u00e1bb\" motoroz\u00e1shoz. \u0150szint\u00e9n sz\u00f3lva, ezt az alapot vagy nagyon fizik\u00e1liss\u00e1, vagy meglep\u0151en k\u00e9nyelmess\u00e9 teheted.<\/span><\/p>\n<p><span style=\"font-weight: 400;\">Ami a kompatibilit\u00e1st illeti, a GT DD Extreme PlayStation konzolokra \u00e9s PC-re k\u00e9sz\u00fclt. Ez egy\u00e9rtelm\u0171en a nagy marketing \u00e9rv, mik\u00f6zben teljes m\u00e9rt\u00e9kben haszn\u00e1lhat\u00f3 egy PC-s szimul\u00e1toros versenyfelszerel\u00e9sen is. A Fanatec \u00f6kosziszt\u00e9ma igazi plusz: a terhel\u00e9ses ped\u00e1lok, v\u00e1lt\u00f3k, k\u00e9zif\u00e9kek \u00e9s m\u00e1s GT, F1 vagy rally st\u00edlus\u00fa korm\u00e1nyok mind r\u00e1illeszthet\u0151k az alapra.<\/span><\/p>\n<p><span style=\"font-weight: 400;\">Ami a fejleszthet\u0151s\u00e9get illeti, nem egy egyszer\u0171 bel\u00e9p\u00e9si pontr\u00f3l besz\u00e9l\u00fcnk, amelyet egy \u00e9v ut\u00e1n lecser\u00e9lhet. Az alapban van el\u00e9g hely ahhoz, hogy egy szimul\u00e1torral l\u00e9p\u00e9st tartson a fejl\u0151d\u00e9sben, \u00e9s csak a korm\u00e1nyker\u00e9k k\u00e9sztet arra, hogy az \u00edzl\u00e9sednek megfelel\u0151en v\u00e1ltoztass rajta. Ez egy tart\u00f3s platform.<\/span><\/p>\n<p><span style=\"font-weight: 400;\">N\u00e9h\u00e1ny percig lovagolhatsz, majd fokozatosan finomhangolhatod a st\u00edlusodnak \u00e9s az egyes j\u00e1t\u00e9koknak megfelel\u0151en.<\/span><\/p>\n<p>&nbsp;<\/p>\n<h2><span style=\"font-weight: 400;\">\u00c9rzelmek a t\u00e9t<\/span><\/h2>\n<p><span style=\"font-weight: 400;\">Ez az a pont, ahol a GT DD Extreme igaz\u00e1n kiteljesedik. A p\u00e1ly\u00e1n az alap tiszta, r\u00e9szletes visszajelz\u00e9st ad, amely el\u00e9g er\u0151teljes ahhoz, hogy karaktert adjon an\u00e9lk\u00fcl, hogy kezelhetetlenn\u00e9 v\u00e1lna. A precizit\u00e1s egy\u00e9rtelm\u0171: tiszt\u00e1n \u00e9rezhet\u0151 a gumik terhel\u00e9s\u00e9nek v\u00e1ltoz\u00e1sa, az aut\u00f3 a kanyar bej\u00e1rat\u00e1n\u00e1l k\u00f6nnyebb\u00e9 v\u00e1lik, nyom\u00e1s alatt megnyugszik, majd elh\u00faz, ha t\u00fall\u00e9pi a hat\u00e1rt.<\/span><\/p>\n<p><span style=\"font-weight: 400;\">A fog\u00e1solvas\u00e1s az egyik er\u0151ss\u00e9ge. Az \u00f6ves alaphoz k\u00e9pest finoms\u00e1gban \u00e9s \u00e9rz\u00e9kenys\u00e9gben nyer\u00fcnk. A tapad\u00e1s mikrovesztes\u00e9gei apr\u00f3 t\u00f6r\u00e9sek, enyhe lebeg\u00e9sek form\u00e1j\u00e1ban \u00e9rkeznek a korm\u00e1nyon, amelyeket k\u00f6nny\u0171 azonos\u00edtani, ha m\u00e1r megtal\u00e1lta a megfelel\u0151 be\u00e1ll\u00edt\u00e1sokat. Pontosan \u00e9rzed, hogy mit csin\u00e1lnak a gumik, \u00e9s ez megv\u00e1ltoztatja a kanyarokban val\u00f3 t\u00e1mad\u00e1sod ir\u00e1ny\u00edt\u00e1s\u00e1t.<\/span><\/p>\n<p><span style=\"font-weight: 400;\">Gyors kanyarokban a korm\u00e1nyker\u00e9k stabil, de \u00e9l\u00e9nk marad. A kezek \u00fagy \u00e9rzik, hogy t\u00e1maszt\u00e9kot kapnak, \u00e9s nincs parazita k\u00e9sleltet\u00e9s. A korm\u00e1nyz\u00e1s magabiztoss\u00e1got ad, k\u00fcl\u00f6n\u00f6sen a j\u00f3l ismert p\u00e1ly\u00e1kon: pontosan tudja, meddig mehet el, miel\u0151tt korrig\u00e1lnia kellene. Ez az a pont, ahol az alap igaz\u00e1n nagy k\u00fcl\u00f6nbs\u00e9get jelent az alapfelszerelts\u00e9ghez k\u00e9pest.<\/span><\/p>\n<p><span style=\"font-weight: 400;\">A vibr\u00e1torok j\u00f3l reproduk\u00e1ltak. Nincs felesleges brutalit\u00e1s, de az egyes s\u00e1vok \u00e9leinek vil\u00e1gos text\u00far\u00e1ja. Az agressz\u00edv vibr\u00e1torok val\u00f3ban megr\u00e1zz\u00e1k a kereket, m\u00edg a l\u00e1gyabb \u00e9lek kontroll\u00e1lt d\u00fcb\u00f6rg\u00e9st produk\u00e1lnak. Azonnal meg\u00e9rti, hogy az aut\u00f3 hol van a p\u00e1ly\u00e1n.<\/span><\/p>\n<p><span style=\"font-weight: 400;\">Gyors korrekci\u00f3kn\u00e1l az alap h\u00faz\u00e1s n\u00e9lk\u00fcl reag\u00e1l. Ha a h\u00e1ts\u00f3 megakad, magabiztosan felz\u00e1rk\u00f3zhat, mert a korm\u00e1ny nem tel\u00edt\u0151dik l\u00f6ket k\u00f6zben. K\u00f6nnyen leolvashat\u00f3 marad, m\u00e9g akkor is, ha az FFB er\u0151s. A korm\u00e1nyker\u00e9k tiszta \u00e9s k\u00f6nnyen leolvashat\u00f3 marad, m\u00e9g akkor is, ha t\u00e1madsz.<\/span><\/p>\n<p><span style=\"font-weight: 400;\">Hossz\u00fa munkamenetek sor\u00e1n a konzisztencia nagyon j\u00f3. Nincs ideges\u00edt\u0151 bemeleged\u00e9s, nincs mechanikai f\u00e1radts\u00e1g\u00e9rzet. A f\u00e1radts\u00e1g, ha jelentkezik is, els\u0151sorban a karokb\u00f3l j\u00f6n, ha nagy teljes\u00edtm\u00e9nyt vett\u00e9l fel, de sok\u00e1ig lehet tekerni, ha kiss\u00e9 cs\u00f6kkented a teljes\u00edtm\u00e9nyt, hogy teljes k\u00e9nyelemben maradj.<\/span><\/p>\n<p><span style=\"font-weight: 400;\">A sokkal er\u0151sebb Direct Drive alaphoz k\u00e9pest a GT DD Extreme egy kicsit kev\u00e9sb\u00e9 er\u0151szakos, term\u00e9szetesen, k\u00fcl\u00f6n\u00f6sen, ha szereted az extr\u00e9m be\u00e1ll\u00edt\u00e1sokat. De megtartja azt a nagyon \u00e9rdekes z\u00f3n\u00e1t, ahol a visszajelz\u00e9s el\u00e9g er\u0151s ahhoz, hogy mag\u00e1val ragad\u00f3 legyen, an\u00e9lk\u00fcl, hogy f\u00e1jdalmas lenne a rendszeres haszn\u00e1lat sor\u00e1n.<\/span><\/p>\n<p><span style=\"font-weight: 400;\">Egy kev\u00e9sb\u00e9 er\u0151s alaphoz k\u00e9pest val\u00f3ban nyerhetsz az ir\u00e1ny\u00edt\u00e1sban, az \u00e1tvitel \u00e1rnyalataiban \u00e9s az \u00e1ltal\u00e1nos realizmusban. Ez k\u00fcl\u00f6n\u00f6sen \u00e9rezhet\u0151 az \u00e1tmeneti f\u00e1zisokban: f\u00e9kez\u00e9s, a forg\u00e1s kezdete, a k\u00f6rbefordul\u00e1s. Ez az a pont, ahol a b\u00e1zis val\u00f3ban megv\u00e1ltoztatja az \u00e9lm\u00e9nyt.<\/span><\/p>\n<p><span style=\"font-weight: 400;\">\u00d6sszess\u00e9g\u00e9ben a mer\u00edt\u00e9s nagyon magas, de ami igaz\u00e1n kiemelkedik, az a pontoss\u00e1g \u00e9s a k\u00e9nyelem kombin\u00e1ci\u00f3ja. Nem \u00e9rzed \u00fagy, hogy az alap ellen k\u00fczdesz, hanem \u00fagy \u00e9rzed, hogy egy\u00fctt dolgozol vele.<\/span><\/p>\n<p>&nbsp;<\/p>\n<h2><span style=\"font-weight: 400;\">Kinek sz\u00f3l? Amit szeret\u00fcnk \/ Amit nem szeret\u00fcnk<\/span><\/h2>\n<p>&nbsp;<\/p>\n<p><span style=\"font-weight: 400;\">A GT DD Extreme els\u0151sorban a k\u00f6z\u00e9phalad\u00f3 \u00e9s halad\u00f3 szimul\u00e1torversenyz\u0151knek sz\u00f3l, akik m\u00e1r vezettek egy kicsit egy bel\u00e9p\u0151 szint\u0171 vagy k\u00f6z\u00e9pkateg\u00f3ri\u00e1s ker\u00e9kkel, \u00e9s szeretn\u00e9k a k\u00f6vetkez\u0151 szintre emelni a dolgokat, k\u00fcl\u00f6n\u00f6sen konzolon. Emellett j\u00f3 bel\u00e9p\u00e9si pont a motiv\u00e1lt kezd\u0151knek is, akik m\u00e1r tudj\u00e1k, hogy komoly befektet\u00e9st szeretn\u00e9nek, h\u00e1rom egym\u00e1st k\u00f6vet\u0151 v\u00e1s\u00e1rl\u00e1s n\u00e9lk\u00fcl.<\/span><\/p>\n<p><span style=\"font-weight: 400;\">Amit a legjobban \u00e9rt\u00e9kel\u00fcnk, az az eg\u00e9sz csomag koherenci\u00e1ja. Az alap egy igaz\u00e1n massz\u00edv Direct Drive-ot k\u00edn\u00e1l, saj\u00e1t \u00e9rz\u00e9ssel \u00e9s rengeteg jav\u00edtanival\u00f3val. A mell\u00e9kelt korm\u00e1ny teljes \u00e9s j\u00f3l \u00e1tgondolt, t\u00f6bbc\u00e9l\u00fa haszn\u00e1latra (GT, t\u00fara, egy kis proto, egy kis F1 casual). A k\u00f6rnyez\u0151 \u00f6kosziszt\u00e9ma pedig azt jelenti, hogy m\u00e1rkav\u00e1lt\u00e1s n\u00e9lk\u00fcl friss\u00edtheted a be\u00e1ll\u00edt\u00e1saidat. A precizit\u00e1s\/k\u00e9nyelem\/sokoldal\u00fas\u00e1g ar\u00e1nya egy\u00e9rtelm\u0171en az er\u0151ss\u00e9ge.<\/span><\/p>\n<p><span style=\"font-weight: 400;\">Egy m\u00e1sik pozit\u00edvum az er\u0151visszacsatol\u00e1s olvashat\u00f3s\u00e1ga. Ha megfelel\u0151en be van \u00e1ll\u00edtva, a l\u00e1nct\u00e1masz nagyon vil\u00e1gos inform\u00e1ci\u00f3kat ad an\u00e9lk\u00fcl, hogy felesleges rezg\u00e9sekkel tel\u00edten\u00e9 \u00d6nt. T\u00e1madhatsz, tiszt\u00e1n motorozhatsz, vagy hossz\u00fa versenyeket is teljes\u00edthetsz an\u00e9lk\u00fcl, hogy \u00fagy \u00e9rezn\u00e9d, hogy a felszerel\u00e9snek van kit\u00e9ve. Egy konzolon egy j\u00f3 ped\u00e1lk\u00e9szlettel t\u00e9nyleg k\u00f6zel ker\u00fclsz a \"komoly\" PC \u00e9lm\u00e9nyhez.<\/span><\/p>\n<p><span style=\"font-weight: 400;\">M\u00e1sr\u00e9szr\u0151l azonban van n\u00e9h\u00e1ny korl\u00e1toz\u00e1s, amit szem el\u0151tt kell tartani. El\u0151sz\u00f6r is, az \u00e1r egy\u00e9rtelm\u0171en a befektet\u00e9si kateg\u00f3ri\u00e1ba sorolja ezt a term\u00e9ket, nem pedig az impulz\u00edv szabadid\u0151s kateg\u00f3ri\u00e1ba. T\u00e9nyleg haszn\u00e1lni kell, \u00e9s tervezni kell, hogy rendszeresen haszn\u00e1lod, hogy megt\u00e9r\u00fclj\u00f6n a befektet\u00e9sed. M\u00e1sodszor, egyes szimul\u00e1torosok, akik nagyon ig\u00e9nyesek a tiszta anyagokkal szemben, tal\u00e1n kev\u00e9sb\u00e9 tal\u00e1lj\u00e1k vonz\u00f3nak a korm\u00e1nykereket, mint egy cs\u00facskateg\u00f3ri\u00e1s, teljes f\u00e9m\/b\u0151r korm\u00e1nyt. V\u00e9g\u00fcl, a z\u00e1rt \u00f6kosziszt\u00e9ma h\u00e1tr\u00e1nynak tekinthet\u0151, ha szereted keverni a k\u00fcl\u00f6nb\u00f6z\u0151 m\u00e1rk\u00e1kat vagy b\u00fctyk\u00f6lni a dolgokat.<\/span><\/p>\n<p><span style=\"font-weight: 400;\">Egy alkalmi j\u00e1t\u00e9kos sz\u00e1m\u00e1ra, aki csak n\u00e9h\u00e1ny \u00f3r\u00e1t t\u00f6lt havonta egy versenyj\u00e1t\u00e9kkal, a befektet\u00e9s ar\u00e1nytalannak t\u0171nhet. Egy olyan rajong\u00f3 sz\u00e1m\u00e1ra, aki gyakran vezet, k\u00fcl\u00f6n\u00f6sen GT-n \u00e9s PC-n, a helyt\u00e1ll\u00e1s logikuss\u00e1 v\u00e1lik.<\/span><\/p>\n<p>&nbsp;<\/p>\n<h2><span style=\"font-weight: 400;\">\u00cdt\u00e9let<\/span><\/h2>\n<p><span style=\"font-weight: 400;\">A Fanatec GT DD Extreme nem csak egy sz\u00e9p Gran Turismo marketing csomag. T\u00e9nyleg megv\u00e1ltoztatja a be\u00e1ll\u00edt\u00e1s term\u00e9szet\u00e9t, k\u00fcl\u00f6n\u00f6sen, ha egy sz\u00edjhajt\u00e1s\u00fa korm\u00e1nyr\u00f3l vagy egy kis bel\u00e9p\u0151 szint\u0171 Direct Drive-r\u00f3l \u00e9rkezik. Finoms\u00e1got, ir\u00e1ny\u00edthat\u00f3s\u00e1got \u00e9s magabiztoss\u00e1got nyerhetsz minden vezet\u00e9si f\u00e1zisban.<\/span><\/p>\n<p><span style=\"font-weight: 400;\">A piacon egy\u00e9rtelm\u0171en a pr\u00e9mium fogyaszt\u00f3i szegmensbe tartozik: k\u00f6nnyebben hozz\u00e1f\u00e9rhet\u0151 \u00e9s k\u00f6nnyebben \u00e9lhet\u0151, mint n\u00e9h\u00e1ny nagyon cs\u00facskateg\u00f3ri\u00e1s modul\u00e1ris megold\u00e1s, de sokkal komolyabb, mint egy egyszer\u0171 plug-and-play korm\u00e1nyker\u00e9k. Ez egy kulcsfontoss\u00e1g\u00fa term\u00e9k mindazok sz\u00e1m\u00e1ra, akik komolyan akarj\u00e1k venni a szimul\u00e1toros versenyz\u00e9st, ak\u00e1r konzolon, ak\u00e1r PC-n.<\/span><\/p>\n<p><span style=\"font-weight: 400;\">Aj\u00e1nlom mindenkinek, aki egyetlen Direct Drive kereket szeretne, amely mindent megfelel\u0151en tud, an\u00e9lk\u00fcl, hogy t\u00edz k\u00fcl\u00f6nb\u00f6z\u0151 konfigur\u00e1ci\u00f3ban elveszne. Ha m\u00e1r sokat vezetsz, re\u00e1lisabb \u00e9lm\u00e9nyre v\u00e1gysz, \u00e9s hajland\u00f3 vagy befektetni egy tart\u00f3s alapba, akkor egy\u00e9rtelm\u0171en van \u00e9rtelme. Ha ritk\u00e1n j\u00e1tszol, vagy csak ki akarod pr\u00f3b\u00e1lni a szimul\u00e1toros versenyz\u00e9st olcs\u00f3bban, akkor nem ez a legjobb megold\u00e1s.<\/span><\/p>\n<p><span style=\"font-weight: 400;\">Ha egy er\u0151teljes, tiszta, sokoldal\u00fa \u00e9s PlayStation\/PC-kompatibilis Direct Drive-ot keresel, akkor ez a GT DD Extreme mindent megv\u00e1ltoztathat a be\u00e1ll\u00edt\u00e1saidban.<\/span><\/p>","protected":false},"excerpt":{"rendered":"<p>A GT DD Extreme tiszta, er\u0151teljes \u00e9s j\u00f3l leolvashat\u00f3 er\u0151visszacsatol\u00e1st biztos\u00edt, \u00e9s az egyszer\u0171bb alapokhoz k\u00e9pest val\u00f3di kontrolln\u00f6veked\u00e9st eredm\u00e9nyez. T\u00f6k\u00e9letes a PlayStation vagy PC rendszeres szimul\u00e1toros versenyz\u0151k sz\u00e1m\u00e1ra, akik a k\u00f6vetkez\u0151 szintre szeretn\u00e9k emelni a j\u00e1t\u00e9kukat. \u00d6sszef\u00fcgg\u0151 \u00e9s tart\u00f3s csomag a mer\u00edt\u00e9s n\u00f6vel\u00e9s\u00e9hez an\u00e9lk\u00fcl, hogy bel\u00e9pne a \"profi\" kateg\u00f3ri\u00e1ba.<\/p>","protected":false},"featured_media":101316,"comment_status":"open","ping_status":"closed","template":"","meta":{"_acf_changed":false,"_et_pb_use_builder":"","_et_pb_old_content":"","_et_gb_content_width":""},"product_brand":[158],"product_cat":[161,173,171,172],"product_tag":[149,159],"class_list":{"0":"post-101315","1":"product","2":"type-product","3":"status-publish","4":"has-post-thumbnail","6":"product_brand-fanatec","7":"product_cat-volant","8":"product_cat-volants-fanatec","9":"product_cat-volants-ps4","10":"product_cat-volants-ps5","11":"product_tag-pc","12":"product_tag-playstation","14":"first","15":"instock","16":"shipping-taxable","17":"product-type-external"},"acf":[],"_links":{"self":[{"href":"https:\/\/simracergear.com\/hu\/wp-json\/wp\/v2\/product\/101315","targetHints":{"allow":["GET"]}}],"collection":[{"href":"https:\/\/simracergear.com\/hu\/wp-json\/wp\/v2\/product"}],"about":[{"href":"https:\/\/simracergear.com\/hu\/wp-json\/wp\/v2\/types\/product"}],"replies":[{"embeddable":true,"href":"https:\/\/simracergear.com\/hu\/wp-json\/wp\/v2\/comments?post=101315"}],"wp:featuredmedia":[{"embeddable":true,"href":"https:\/\/simracergear.com\/hu\/wp-json\/wp\/v2\/media\/101316"}],"wp:attachment":[{"href":"https:\/\/simracergear.com\/hu\/wp-json\/wp\/v2\/media?parent=101315"}],"wp:term":[{"taxonomy":"product_brand","embeddable":true,"href":"https:\/\/simracergear.com\/hu\/wp-json\/wp\/v2\/product_brand?post=101315"},{"taxonomy":"product_cat","embeddable":true,"href":"https:\/\/simracergear.com\/hu\/wp-json\/wp\/v2\/product_cat?post=101315"},{"taxonomy":"product_tag","embeddable":true,"href":"https:\/\/simracergear.com\/hu\/wp-json\/wp\/v2\/product_tag?post=101315"}],"curies":[{"name":"wp","href":"https:\/\/api.w.org\/{rel}","templated":true}]}}