{"id":101333,"date":"2025-05-15T08:07:00","date_gmt":"2025-05-15T08:07:00","guid":{"rendered":"https:\/\/simracergear.com\/products\/heusinkveld-sim-pedals-ultimate\/"},"modified":"2025-11-28T05:14:17","modified_gmt":"2025-11-28T05:14:17","slug":"heusinkveld-sim-pedals-ultimate","status":"publish","type":"product","link":"https:\/\/simracergear.com\/hu\/products\/heusinkveld-sim-pedals-ultimate\/","title":{"rendered":"Heusinkveld Sim ped\u00e1lok Ultimate+"},"content":{"rendered":"<h2>Heusinkveld Sim Pedals Ultimate+: a ped\u00e1lfal, amely a k\u00f6vetkez\u0151 szintre emeli a dolgokat<\/h2>\n<p>A Heusinkveld Sim Pedals Ultimate+ egy\u00e9rtelm\u0171en az ig\u00e9nyes szimul\u00e1torversenyz\u0151k sz\u00e1m\u00e1ra k\u00e9sz\u00fclt, cs\u00facsmin\u0151s\u00e9g\u0171 ped\u00e1lt\u00e1bl\u00e1nak sz\u00e1m\u00edt. M\u00e1r nem \"j\u00f3 felszerel\u00e9s kezd\u0151knek\", hanem egy olyan eszk\u00f6zr\u0151l besz\u00e9l\u00fcnk, amelyet azok sz\u00e1m\u00e1ra terveztek, akik a lehet\u0151 legk\u00f6zelebb szeretn\u00e9nek ker\u00fclni egy versenyaut\u00f3s ped\u00e1lpadhoz, ami a tapint\u00e1st, merevs\u00e9get \u00e9s konzisztenci\u00e1t illeti.<\/p>\n<p>K\u00f6nny\u0171 meg\u00e9rteni, hogy mit \u00edg\u00e9rnek: ultrapontos f\u00e9kez\u00e9s az er\u0151s terhel\u00e9sm\u00e9r\u0151 cell\u00e1nak k\u00f6sz\u00f6nhet\u0151en, ipari min\u0151s\u00e9g\u0171 kivitel, rendk\u00edv\u00fcl fejlett be\u00e1ll\u00edt\u00e1sok \u00e9s konzisztencia, amely hossz\u00fa munkameneteken kereszt\u00fcl, m\u00e9g nagy intenzit\u00e1s mellett is kitart. Alapvet\u0151en az az elk\u00e9pzel\u00e9s, hogy v\u00e9get vessen a f\u00e9kez\u00e9si k\u00f6zel\u00edt\u00e9seknek, \u00e9s megb\u00edzhat\u00f3 alapot biztos\u00edtson a kem\u00e9ny, gyakori \u00e9s hossz\u00fa t\u00e1v\u00fa motoroz\u00e1shoz.<\/p>\n<p>Az \u00e9n szemsz\u00f6gem itt egy\u00e9rtelm\u0171: precizit\u00e1s, \u00e9rz\u00e9s a l\u00e1b alatt \u00e9s k\u00f6nny\u0171, egyenletes vezet\u00e9s. Els\u0151sorban az \u00e9rdekel, hogy a hajt\u00f3kar mit v\u00e1ltoztat a vezet\u00e9s, a f\u00e9kez\u00e9s magabiztoss\u00e1ga \u00e9s a tapad\u00e1s kezel\u00e9se szempontj\u00e1b\u00f3l. Mindezt an\u00e9lk\u00fcl, hogy elfelejten\u00e9m a szimul\u00e1toros versenybe\u00e1ll\u00edt\u00e1s val\u00f3s\u00e1g\u00e1t: m\u00e9ret, r\u00f6gz\u00edt\u00e9s, kompatibilit\u00e1s \u00e9s az ahhoz sz\u00fcks\u00e9ges id\u0151, hogy igaz\u00e1n \u00e9lvezhessem.<\/p>\n<p>Ez egy pr\u00e9mium term\u00e9k, amelynek k\u00f6z\u00e9ppontj\u00e1ban a tiszta teljes\u00edtm\u00e9ny \u00e1ll. A kih\u00edv\u00e1s az, hogy megn\u00e9zz\u00fck, hogy a k\u00fcl\u00f6nbs\u00e9g egy megfizethet\u0151bb \u00e1r\u00fa leng\u0151karral szemben val\u00f3ban meg\u00e9ri-e a befektet\u00e9st, \u00e9s milyen t\u00edpus\u00fa versenyz\u0151 sz\u00e1m\u00e1ra van a legt\u00f6bb \u00e9rtelme. Mert egy ilyen szint\u0171 leng\u0151kar egy\u00e9rtelm\u0171en a k\u00f6vetkez\u0151 szintre emelheti a motoroz\u00e1sodat... vagy t\u00falm\u00e9retezett lehet, ha a be\u00e1ll\u00edt\u00e1said vagy a haszn\u00e1latod nem felel meg.<\/p>\n<h2>Tervez\u00e9s \u00e9s gy\u00e1rt\u00e1s: strapab\u00edr\u00f3, tart\u00f3san meg\u00e9p\u00edtett<\/h2>\n<p>Amikor kicsomagolja a Sim Pedals Ultimate+-t, azonnal az ipari berendez\u00e9sek benyom\u00e1s\u00e1t kelti. Minden megmunk\u00e1lt f\u00e9m, tiszt\u00e1n v\u00e1gott, vastag alkatr\u00e9szekkel \u00e9s parazita j\u00e1t\u00e9k n\u00e9lk\u00fcl. Vizu\u00e1lisan nagyon m\u00e9rn\u00f6ki, nyers, de tiszta. Semmi d\u00edszes m\u0171anyag, semmi sallang. \u00c9rezhet\u0151, hogy a funkci\u00f3 az els\u0151dleges.<\/p>\n<p>A k\u00e9zben a s\u0171r\u0171s\u00e9g \u00e9rz\u00e9se szembet\u0171n\u0151. Minden ped\u00e1l neh\u00e9z \u00e9s merev, nem hajlik, ha er\u0151lteted. Az illeszt\u00e9sek tiszt\u00e1k, a rug\u00f3k \u00e9s az elasztomerek j\u00f3l megvezetettek. T\u00e9nyleg olyan benyom\u00e1st kelt, mintha egy olyan k\u00e9szletet terveztek volna, amely \u00e9vekig tart\u00f3 heves f\u00e9kez\u00e9st is kib\u00edr, an\u00e9lk\u00fcl, hogy megremegne. Amikor er\u0151sen megnyomja a f\u00e9ket, semmi sem hajlik meg, semmi sem reccsen: minden a l\u00e1b\u00e1n kereszt\u00fcl megy, nem pedig az als\u00f3 konzolon.<\/p>\n<p>A befejez\u00e9s tiszta, de sz\u00e1nd\u00e9kosan visszafogott. Nincs felt\u0171n\u0151 sz\u00e1lcsiszolt alum\u00ednium vagy d\u00edszes bevonat. Az \u00e9lek tiszt\u00e1k, a konzolok j\u00f3l megmunk\u00e1ltak, a csavarok pedig megfelel\u0151 min\u0151s\u00e9g\u0171ek. L\u00e1tszik, hogy \u00fagy tervezt\u00e9k, hogy egy merev pil\u00f3taf\u00fclk\u00e9re csavarozz\u00e1k, nem pedig sietve helyezt\u00e9k egy minden ir\u00e1nyban mozg\u00f3 fatart\u00f3ra.<\/p>\n<p>Ami kiss\u00e9 ki\u00e1br\u00e1nd\u00edt\u00f3 lehet, hogy ez a rendk\u00edv\u00fcl funkcion\u00e1lis oldal egy kicsit hidegnek t\u0171nhet n\u00e9h\u00e1ny versenyt\u00e1rs\u00e1hoz k\u00e9pest, akik egy \"k\u00e9sz fogyaszt\u00f3i term\u00e9k\" megjelen\u00e9s\u00e9t k\u00edn\u00e1lj\u00e1k. Itt ez k\u00f6zelebb \u00e1ll egy protot\u00edpus alkatr\u00e9szhez, mint egy nappali kieg\u00e9sz\u00edt\u0151h\u00f6z. De egy alum\u00ednium v\u00e1zon ennek teljesen \u00e9rtelme van.<\/p>\n<p>A megfizethet\u0151bb k\u00f6z\u00e9pkateg\u00f3ri\u00e1s LC-t\u00edpus\u00fa hajt\u00f3karokhoz k\u00e9pest a merevs\u00e9gbeli k\u00fcl\u00f6nbs\u00e9g nyilv\u00e1nval\u00f3. Minden szil\u00e1rdabbnak, sz\u00e1razabbnak \u00e9s egyenesebbnek t\u0171nik. Az \u00e9l\u0151sk\u00f6d\u0151 mozg\u00e1sok elveszt\u00e9se egy\u00e9rtelm\u0171. K\u00f6nnyen bel\u00e1that\u00f3, hogy ez a leng\u0151kar azok sz\u00e1m\u00e1ra k\u00e9sz\u00fclt, akik maxim\u00e1lis ism\u00e9telhet\u0151s\u00e9get ig\u00e9nyelnek, \u00e9s nem f\u00e9lnek 100 % s\u00falyukat eg\u00e9sz este a f\u00e9kre dobni.<\/p>\n<h2>Be\u00e1ll\u00edt\u00e1sok, testreszab\u00e1s \u00e9s kompatibilit\u00e1s<\/h2>\n<p>A Sim Pedals Ultimate+ az \u00e1ltalam valaha haszn\u00e1lt legjobban konfigur\u00e1lhat\u00f3 ped\u00e1lok k\u00f6z\u00e9 tartozik. Minden ped\u00e1l mechanikusan \u00e1ll\u00edthat\u00f3 t\u00f6bb tengelyen: hosszir\u00e1ny\u00fa poz\u00edci\u00f3, magass\u00e1g, sz\u00f6g, kem\u00e9nys\u00e9g, meg\u00e1ll\u00e1s. Az \u00e1ltal\u00e1nos poz\u00edci\u00f3t val\u00f3ban a pil\u00f3taf\u00fclk\u00e9hez, a vezet\u00e9si st\u00edlushoz \u00e9s a virtu\u00e1lis fegyelem t\u00edpus\u00e1hoz igaz\u00edthatja.<\/p>\n<p>A f\u00e9ken a rug\u00f3 \u00e9s a perselyek kombin\u00e1ci\u00f3j\u00e1t \u00e1ll\u00edthatja be a kem\u00e9nys\u00e9g \u00e9s a progresszi\u00f3 modul\u00e1l\u00e1sa \u00e9rdek\u00e9ben. Kaphatsz egy nagyon kem\u00e9ny f\u00e9ket, amely k\u00f6zel \u00e1ll egy GT vagy egy\u00fcl\u00e9ses f\u00e9khez, vagy valami progressz\u00edvebbet azok sz\u00e1m\u00e1ra, akik puh\u00e1bb hajt\u00f3karral \u00e9rkeznek. A kuplungnak \u00e9s a g\u00e1zped\u00e1lnak is megvan a saj\u00e1t \u00fat- \u00e9s ellen\u00e1ll\u00e1sbe\u00e1ll\u00edt\u00e1sa. Nagy el\u0151nye, hogy mindezeknek a be\u00e1ll\u00edt\u00e1soknak egy\u00e9rtelm\u0171 \u00e9s \u00e9rz\u00e9kelhet\u0151 hat\u00e1sa van, \u00edgy nem kapunk tr\u00fckk\u00f6z\u0151 be\u00e1ll\u00edt\u00e1sokat.<\/p>\n<p>A szoftveres oldalon a Heusinkveld saj\u00e1t kalibr\u00e1ci\u00f3s eszk\u00f6zt k\u00edn\u00e1l. A kezel\u0151fel\u00fclet meglehet\u0151sen egyszer\u0171: kalibr\u00e1lja az egyes ped\u00e1lokat, be\u00e1ll\u00edtja a v\u00e1laszg\u00f6rb\u00e9t, kisim\u00edtja a jelet, be\u00e1ll\u00edtja a maxim\u00e1lis f\u00e9kez\u00e9si pontot \u00e9s elosztja az \u00e9rz\u00e9kenys\u00e9get a l\u00f6ketre. Nem ig\u00e9nyel m\u00e9rn\u00f6ki doktor\u00e1tust, de az\u00e9rt egy kis id\u0151t kell sz\u00e1nni arra, hogy teljesen meg\u00e9rts\u00fck, hogyan hatnak az egyes param\u00e9terek az \u00e9rzetre. Ha egyszer megtal\u00e1lta a be\u00e1ll\u00edt\u00e1sokat, aligha ny\u00fal hozz\u00e1juk t\u00f6bbet.<\/p>\n<p>Az Ultimate+ PC-orient\u00e1lt. Konzolokon a haszn\u00e1lathoz harmadik f\u00e9lt\u0151l sz\u00e1rmaz\u00f3 megold\u00e1sokra vagy m\u00e1s kompatibilis hardverbe val\u00f3 integr\u00e1l\u00e1sra van sz\u00fcks\u00e9g, \u00edgy egy\u00e9rtelm\u0171en nem a kiz\u00e1r\u00f3lag konzolos j\u00e1t\u00e9kosok sz\u00e1m\u00e1ra ide\u00e1lis c\u00e9lpont. PC-n viszont z\u00f6kken\u0151mentesen integr\u00e1lhat\u00f3 a legt\u00f6bb korm\u00e1nyker\u00e9kkel, v\u00e1lt\u00f3val \u00e9s merev pil\u00f3taf\u00fclk\u00e9vel. A l\u00e9nyeg, hogy a v\u00e1z el\u00e9g er\u0151s legyen a f\u00e9kez\u00e9shez: egy \u00edr\u00f3asztalon vagy egy egyszer\u0171, mozg\u00f3 cockpitben elvesz\u00edtj\u00fck az \u00e9rdekl\u0151d\u00e9s\u00fcnket a ped\u00e1lok ir\u00e1nt.<\/p>\n<p>A sk\u00e1l\u00e1zhat\u00f3s\u00e1g szempontj\u00e1b\u00f3l ez egy olyan megold\u00e1s, amelyet hossz\u00fa \u00e9vekre terveztek. Ez ink\u00e1bb egy be\u00e1ll\u00edt\u00e1si \"k\u00f6zponti elem\", mint bel\u00e9p\u00e9si pont. Id\u0151vel k\u00fcl\u00f6nb\u00f6z\u0151 pil\u00f3taf\u00fclk\u00e9kbe integr\u00e1lhatja, \u00e9s a t\u00f6bbi berendez\u00e9st is fejlesztheti k\u00f6r\u00fcl\u00f6tte. Ha valaki komoly, hossz\u00fa t\u00e1v\u00fa be\u00e1ll\u00edt\u00e1sra t\u00f6rekszik, akkor ez nem egy r\u00f6vid t\u00e1v\u00fa v\u00e1s\u00e1rl\u00e1s, hanem egy stabil alap, amelyre \u00e9p\u00edthet.<\/p>\n<h2>\u00c9rzetek a j\u00e1t\u00e9kban: a f\u00e9k mint r\u00f6gz\u00edt\u00e9si pont<\/h2>\n<p>Ahol a Sim Pedals Ultimate+ igaz\u00e1n kiteljesedik, az a p\u00e1ly\u00e1n van. A f\u00e9k egy\u00e9rtelm\u0171en meg\u00e9rdemli a kiemel\u00e9st. Azonnal \u00e9rezhet\u0151 a k\u00fcl\u00f6nbs\u00e9g egy potenciom\u00e9teres f\u00e9kkel vagy ak\u00e1r egy szer\u00e9nyebb terhel\u00e9sm\u00e9r\u0151vel. A l\u00f6ket r\u00f6vid, hat\u00e1rozott \u00e9s nagyon progressz\u00edv. Ink\u00e1bb a nyom\u00e1s, mint a poz\u00edci\u00f3 szerint adagol, mint egy igazi versenyaut\u00f3n\u00e1l.<\/p>\n<p>Ami igaz\u00e1n megv\u00e1ltozik, az a pontoss\u00e1g a kem\u00e9ny f\u00e9kez\u00e9si z\u00f3n\u00e1ban. Sokkal nagyobb rendszeress\u00e9ggel mehetsz a blokkol\u00e1s hat\u00e1r\u00e1ra. Nyom\u00e1st gyakorolsz a ped\u00e1lra, \u00e9s tiszt\u00e1n \u00e9rzed, hogy az aut\u00f3 mikor kezdi ki\u00fcr\u00edteni a terhel\u00e9st. A modul\u00e1ci\u00f3 term\u00e9szetess\u00e9, szinte reflexszer\u0171v\u00e9 v\u00e1lik, mert a ped\u00e1l visszat\u00e9r\u00e9se tiszta, nincs j\u00e1t\u00e9k, \u00e9s nem v\u00e1ltozik egyik f\u00e9kez\u00e9sr\u0151l a m\u00e1sikra. Ritk\u00e1bban hagyja ki a f\u00e9kez\u00e9si pontot, \u00e9s mindenekel\u0151tt k\u00f6rr\u0151l k\u00f6rre megism\u00e9tli azt.<\/p>\n<p>A kanyarokban a bel\u00e9p\u00e9s sokkal kontroll\u00e1ltabb. A f\u00e9knyom\u00e1st nagyon kontroll\u00e1ltan engedheted el, hogy stabiliz\u00e1ld az aut\u00f3t, \u00e9s az apexhez vezesd. Ez az a pont, ahol a ped\u00e1lok igaz\u00e1n sokat sz\u00e1m\u00edtanak: a kem\u00e9ny f\u00e9kez\u00e9s \u00e9s a nyomf\u00e9kez\u00e9s k\u00f6z\u00f6tti \u00e1tmenet sokkal k\u00f6nnyebben kezelhet\u0151. Tov\u00e1bb tartod az els\u0151 tapad\u00e1st, \u00e9s jobban poz\u00edcion\u00e1lod az aut\u00f3t. Azonnal meg\u00e9rti, hogy a karossz\u00e9ria mit tesz minden egyes hozz\u00e1adott vagy elvett kil\u00f3 nyom\u00e1ssal.<\/p>\n<p>A g\u00e1zped\u00e1lon a l\u00f6ket foly\u00e9kony, a visszat\u00e9r\u00e9s tiszta, \u00e9s elegend\u0151 ellen\u00e1ll\u00e1s van ahhoz, hogy a kanyar kij\u00e1rat\u00e1n\u00e1l pontosan adagoljuk az er\u0151t. Nem k\u00fczdesz a ped\u00e1l ellen, de nem is vagy egy lomha, bolyong\u00f3 iz\u00e9ben. Er\u0151s, \u00e9rz\u00e9keny aut\u00f3kn\u00e1l ez egy\u00e9rtelm\u0171en seg\u00edt elker\u00fclni a felesleges cs\u00fasz\u00e1st, k\u00fcl\u00f6n\u00f6sen a nyom\u00e1s alatti \u00fajb\u00f3li gyors\u00edt\u00e1skor.<\/p>\n<p>A vibr\u00e1torokat ink\u00e1bb az aut\u00f3 reakci\u00f3j\u00e1n kereszt\u00fcl \u00e9rzed, mint a ped\u00e1lokon kereszt\u00fcli k\u00f6zvetlen visszajelz\u00e9sen kereszt\u00fcl, de ami igaz\u00e1n sz\u00e9p, az a stabilit\u00e1s, amikor a vibr\u00e1toron f\u00e9kezel. A f\u00e9k nem mozog, nem rezeg t\u00falzottan, a nyom\u00e1sra koncentr\u00e1lsz, nem pedig a ped\u00e1l parazita mozg\u00e1s\u00e1ra. Az eredm\u00e9ny: kevesebb p\u00e1nik, t\u00f6bb kontroll.<\/p>\n<p>Hossz\u00fa munkamenetek sor\u00e1n a k\u00f6vetkezetess\u00e9g igazi er\u0151ss\u00e9g. A l\u00f6ket \u00e9s a kem\u00e9nys\u00e9g term\u00e9szetesen ugyanaz marad, de mindenekel\u0151tt az agyad hozz\u00e1szokik ehhez a nagyon stabil k\u00e9zjegyhez. Az izommem\u00f3ria gyorsan be\u00e9p\u00fcl. Kev\u00e9sb\u00e9 f\u00e1radsz el ment\u00e1lisan a megfelel\u0151 f\u00e9kez\u00e9si pont keres\u00e9s\u00e9ben, mert ez szinte automatikuss\u00e1 v\u00e1lik. Ez az a pont, ahol ez a fajta hajt\u00f3kar j\u00f3l j\u00f6n, az endurance vagy t\u00f6bb szakaszos motoroz\u00e1shoz.<\/p>\n<p>A k\u00fcl\u00f6nbs\u00e9g egy szer\u00e9nyebb leng\u0151karhoz k\u00e9pest nem csak a maxim\u00e1lis er\u0151ben mutatkozik meg. Els\u0151sorban a vez\u00e9rl\u00e9si z\u00f3na szemcs\u00e9zetts\u00e9ge v\u00e1ltozik. 50 \u00e9s 90 % f\u00e9ker\u0151 k\u00f6z\u00f6tt sokkal t\u00f6bb kihaszn\u00e1lhat\u00f3 \u00e1rnyalat van. N\u00e9h\u00e1ny m\u00e9g extr\u00e9mebb hidraulikus rendszerhez k\u00e9pest az Ultimate+ egy kicsit \"tiszt\u00e1bb\", egy hajsz\u00e1llal kev\u00e9sb\u00e9 durva marad, ami el\u0151ny lehet, ha realizmusra v\u00e1gysz, an\u00e9lk\u00fcl, hogy felt\u00e9tlen\u00fcl egy LMP protot\u00edpus 100 %-s szimul\u00e1ci\u00f3j\u00e1t keresn\u00e9d.<\/p>\n<p>\u00d6sszess\u00e9g\u00e9ben ez a ped\u00e1legys\u00e9g azt a megnyugtat\u00f3 benyom\u00e1st kelti, mintha egy szil\u00e1rd horgony, egy fix pont lenne a be\u00e1ll\u00edt\u00e1sban. Tudja, hogy mit csin\u00e1l az aut\u00f3, amint meg\u00e9rinti a ped\u00e1lt. Ink\u00e1bb a p\u00e1ly\u00e1ra \u00e9s a forgalomra koncentr\u00e1l, mint arra, hogy \"t\u00fal er\u0151sen nyomtam vagy nem el\u00e9g er\u0151sen?\". Magabiztoss\u00e1gra teszel szert, \u00e9s ez a magabiztoss\u00e1g gyorsan egyenletesebb k\u00f6rid\u0151ket eredm\u00e9nyez.<\/p>\n<h2>Kinek sz\u00f3l? Mit szeret\u00fcnk, mit nem szeret\u00fcnk<\/h2>\n<p>A Heusinkveld Sim Pedals Ultimate+ egy\u00e9rtelm\u0171en egy olyan k\u00f6z\u00f6ns\u00e9get c\u00e9loz meg, akik m\u00e1r j\u00f3l ismerik a szimul\u00e1toros versenyz\u00e9st. \u00dagy l\u00e1tom, hogy k\u00fcl\u00f6n\u00f6sen alkalmasak a k\u00f6z\u00e9phalad\u00f3 \u00e9s a tapasztalt PC-versenyz\u0151k sz\u00e1m\u00e1ra, akik gyakran \u00e9s merev pil\u00f3taf\u00fclk\u00e9kkel versenyeznek, \u00e9s akik a f\u00e9kez\u00e9sen, mint igazi er\u0151ss\u00e9gen szeretn\u00e9nek dolgozni. Egy motiv\u00e1lt kezd\u0151 sz\u00e1m\u00e1ra, aki tudja, hogy hossz\u00fa t\u00e1von k\u00f6zvetlen\u00fcl akar befektetni, szint\u00e9n lehet \u00e9rtelme, felt\u00e9ve, hogy elfogadja a tanul\u00e1si g\u00f6rb\u00e9t.<\/p>\n<p>Amit a legjobban \u00e9rt\u00e9kelek, az a f\u00e9kez\u00e9s pontoss\u00e1ga terhel\u00e9s alatt, az \u00e1ltal\u00e1nos merevs\u00e9g \u00e9s az \u00e9rz\u00e9s \u00e1ltal\u00e1nos k\u00f6vetkezetess\u00e9ge. A hajt\u00f3kar nagyon tiszta visszajelz\u00e9st ad, nincsenek holt z\u00f3n\u00e1k \u00e9s nincs l\u00e1gys\u00e1g. Az \u00e1lland\u00f3s\u00e1g leny\u0171g\u00f6z\u0151: ugyanazt a f\u00e9kez\u00e9si \u00e9rz\u00e9st kapod, ak\u00e1r az \u00fcl\u00e9s elej\u00e9n, ak\u00e1r a v\u00e9g\u00e9n vagy. A be\u00e1ll\u00edt\u00e1sok tartom\u00e1nya igaz\u00e1n j\u00f3l haszn\u00e1lhat\u00f3, \u00edgy a st\u00edlusodhoz igaz\u00edthatod a hajt\u00f3karokat an\u00e9lk\u00fcl, hogy \u00fagy \u00e9rezn\u00e9d, hogy egy \"er\u0151ltetett\" be\u00e1ll\u00edt\u00e1sban ragadt\u00e1l volna.<\/p>\n<p>Egy m\u00e1sik er\u0151s pont, hogy az \u00e9p\u00edt\u00e9si min\u0151s\u00e9g egy\u00e9rtelm\u0171en bizalomgerjeszt\u0151. Az az \u00e9rz\u00e9se az embernek, hogy egy tart\u00f3s szersz\u00e1mot v\u00e1s\u00e1rol, nem pedig egy olyan kieg\u00e9sz\u00edt\u0151t, amelyet a k\u00f6vetkez\u0151 Black Friday alkalm\u00e1val kicser\u00e9lnek. Befektet\u00e9si szempontb\u00f3l ez mindent megv\u00e1ltoztat: nem egy olyan term\u00e9ket v\u00e1s\u00e1rolsz, amelyet egy \u00e9v m\u00falva lecser\u00e9lnek, hanem a be\u00e1ll\u00edt\u00e1s k\u00f6zponti elem\u00e9t, amelyet \u00fagy terveztek, hogy t\u00f6bb pil\u00f3taf\u00fclke- \u00e9s korm\u00e1nyker\u00e9k-friss\u00edt\u00e9st is t\u00e1mogasson.<\/p>\n<p>M\u00e1sr\u00e9szr\u0151l azonban van n\u00e9h\u00e1ny korl\u00e1toz\u00e1s, amit szem el\u0151tt kell tartani. El\u0151sz\u00f6r is, az \u00e1ra miatt az Ultimate+ a komoly befektet\u00e9si kateg\u00f3ri\u00e1ba tartozik. Annak, aki csak alkalmank\u00e9nt j\u00e1tszik, vagy akinek nincs merev pil\u00f3taf\u00fclk\u00e9je, ez egy\u00e9rtelm\u0171en ar\u00e1nytalan. M\u00e1sodszor, a be\u00e1ll\u00edt\u00e1sok gazdags\u00e1ga zavar\u00f3 lehet. Id\u0151re van sz\u00fcks\u00e9ge a tesztel\u00e9shez, kalibr\u00e1l\u00e1shoz \u00e9s a rug\u00f3k\/elasztomerek\/szoftverg\u00f6rb\u00e9k kombin\u00e1ci\u00f3j\u00e1nak megtal\u00e1l\u00e1s\u00e1ra, amely val\u00f3ban megfelel \u00d6nnek. Azok, akik egy plug and play term\u00e9ket szeretn\u00e9nek, t\u00fals\u00e1gosan technikai jelleg\u0171nek tal\u00e1lhatj\u00e1k. V\u00e9g\u00fcl a PC-orient\u00e1lts\u00e1g korl\u00e1tozza a f\u0151k\u00e9nt konzolos j\u00e1t\u00e9kosok \u00e9rdekl\u0151d\u00e9s\u00e9t, m\u00e9g akkor is, ha l\u00e9teznek megold\u00e1sok.<\/p>\n<p>Jellemz\u0151en egy olyan term\u00e9kr\u0151l besz\u00e9l\u00fcnk, amelynek \u00e9rz\u00e9kelt \u00e9rt\u00e9ke robban\u00e1sszer\u0171en megn\u0151, amikor elkezdesz rendszeresen motorozni, tizedeket keresni, \u00e9s a f\u00e9kez\u00e9sen dolgozol az utols\u00f3 r\u00e9szletig. Ha hossz\u00fa t\u00e1v\u00fa befektet\u00e9sk\u00e9nt tekintesz a be\u00e1ll\u00edt\u00e1saidra, \u00e9s a precizit\u00e1s mindenekel\u0151tt sz\u00e1m\u00edt, az \u00e9rt\u00e9k\/haszon ar\u00e1nyt sokkal k\u00f6nnyebb lesz igazolni.<\/p>\n<h2>\u00cdt\u00e9let: egy referencia pedalboard komoly szettekhez<\/h2>\n<p>A Heusinkveld Sim Pedals Ultimate+ valami nagyon val\u00f3s\u00e1gosat hoz a szimul\u00e1toros versenyz\u00e9sbe: hiteles, megism\u00e9telhet\u0151 \u00e9s rendk\u00edv\u00fcl j\u00f3l ir\u00e1ny\u00edthat\u00f3 f\u00e9kez\u00e9st. Ez nem egy kisebb k\u00e9nyelmi fejleszt\u00e9s, hanem egy igazi el\u0151rel\u00e9p\u00e9s a vezet\u00e9s m\u00f3dj\u00e1ban. Egy \"tisztess\u00e9ges\" f\u00e9kt\u0151l egy olyan f\u00e9kig jutsz, amely \u00f6n\u00e1ll\u00f3 munkaeszk\u00f6zz\u00e9 v\u00e1lik, k\u00fcl\u00f6n\u00f6sen, ha olyan versenysz\u00e1mokban versenyzel, ahol a f\u00e9kez\u00e9s a legfontosabb.<\/p>\n<p>A piacon egy\u00e9rtelm\u0171en a pr\u00e9mium kateg\u00f3ri\u00e1ban helyezkednek el, an\u00e9lk\u00fcl, hogy a magasan specializ\u00e1lt hidraulikus rendszerek teljes sz\u00e9ls\u0151s\u00e9g\u00e9ig menn\u00e9nek el. Ez egy \u00e9rdekes egyens\u00faly a realizmus, a robusztuss\u00e1g \u00e9s a mindennapi haszn\u00e1lhat\u00f3s\u00e1g k\u00f6z\u00f6tt. Nem a legl\u00e1tv\u00e1nyosabb, de az egyik legkomolyabb.<\/p>\n<p>Er\u0151sen aj\u00e1nlom \u0151ket a merev cockpittal rendelkez\u0151 PC-s szimul\u00e1toros versenyz\u0151knek, akik rendszeresen, bajnoks\u00e1gokban vagy hossz\u00fa \u00fcl\u00e9seken tekernek, \u00e9s akik olyan ped\u00e1llapot szeretn\u00e9nek, amely k\u00e9pes \u00e9vekig l\u00e9p\u00e9st tartani a fejl\u0151d\u00e9s\u00fckkel. Egy alkalmi, asztali vagy f\u0151k\u00e9nt konzolorient\u00e1lt j\u00e1t\u00e9kos sz\u00e1m\u00e1ra a k\u00f6lts\u00e9gvet\u00e9s \u00e9s az \u00f6sszeszerel\u00e9si korl\u00e1tok kev\u00e9sb\u00e9 t\u0171nnek koherensnek sz\u00e1momra.<\/p>\n<p>Ha szeretn\u00e9d r\u00f6gz\u00edteni a f\u00e9kez\u00e9sedet, konzisztenci\u00e1t szerezni \u00e9s egy olyan hajt\u00f3karral felszerelni, amely hossz\u00fa ideig nem fogja korl\u00e1tozni, akkor ez a term\u00e9k egy\u00e9rtelm\u0171en megv\u00e1ltoztathatja a be\u00e1ll\u00edt\u00e1saidat.<\/p>","protected":false},"excerpt":{"rendered":"<p>Ez a leng\u0151kar val\u00f3di ugr\u00e1st k\u00edn\u00e1l a f\u00e9kez\u00e9s sor\u00e1n a pontoss\u00e1g \u00e9s a k\u00f6vetkezetess\u00e9g ter\u00e9n, nagyon j\u00f3l olvashat\u00f3 \u00e9rz\u00e9ssel, amely gyorsan n\u00f6veli a bizalmat \u00e9s seg\u00edt a k\u00f6vetkezetesebb motoroz\u00e1sban. \u00c9rtelemszer\u0171en a m\u00e1r merev cockpittal felszerelt PC szimul\u00e1toros versenyz\u0151k sz\u00e1m\u00e1ra, akik gyakran tekernek, \u00e9s be\u00e1ll\u00edt\u00e1sukat hossz\u00fa t\u00e1v\u00fa befektet\u00e9snek tekintik. Az \u00e9rt\u00e9ke k\u00f6vetkezetes, ha val\u00f3ban kihaszn\u00e1lod a lehet\u0151s\u00e9geit.<\/p>","protected":false},"featured_media":101334,"comment_status":"open","ping_status":"closed","template":"","meta":{"_acf_changed":false,"_et_pb_use_builder":"","_et_pb_old_content":"","_et_gb_content_width":""},"product_brand":[164],"product_cat":[162],"product_tag":[149],"class_list":{"0":"post-101333","1":"product","2":"type-product","3":"status-publish","4":"has-post-thumbnail","6":"product_brand-heusinkveld","7":"product_cat-pedalier","8":"product_tag-pc","10":"first","11":"instock","12":"shipping-taxable","13":"product-type-external"},"acf":[],"_links":{"self":[{"href":"https:\/\/simracergear.com\/hu\/wp-json\/wp\/v2\/product\/101333","targetHints":{"allow":["GET"]}}],"collection":[{"href":"https:\/\/simracergear.com\/hu\/wp-json\/wp\/v2\/product"}],"about":[{"href":"https:\/\/simracergear.com\/hu\/wp-json\/wp\/v2\/types\/product"}],"replies":[{"embeddable":true,"href":"https:\/\/simracergear.com\/hu\/wp-json\/wp\/v2\/comments?post=101333"}],"wp:featuredmedia":[{"embeddable":true,"href":"https:\/\/simracergear.com\/hu\/wp-json\/wp\/v2\/media\/101334"}],"wp:attachment":[{"href":"https:\/\/simracergear.com\/hu\/wp-json\/wp\/v2\/media?parent=101333"}],"wp:term":[{"taxonomy":"product_brand","embeddable":true,"href":"https:\/\/simracergear.com\/hu\/wp-json\/wp\/v2\/product_brand?post=101333"},{"taxonomy":"product_cat","embeddable":true,"href":"https:\/\/simracergear.com\/hu\/wp-json\/wp\/v2\/product_cat?post=101333"},{"taxonomy":"product_tag","embeddable":true,"href":"https:\/\/simracergear.com\/hu\/wp-json\/wp\/v2\/product_tag?post=101333"}],"curies":[{"name":"wp","href":"https:\/\/api.w.org\/{rel}","templated":true}]}}