{"id":101370,"date":"2025-05-15T08:08:00","date_gmt":"2025-05-15T08:08:00","guid":{"rendered":"https:\/\/simracergear.com\/products\/moza-cs-v2p-steering-wheel\/"},"modified":"2025-11-28T05:18:35","modified_gmt":"2025-11-28T05:18:35","slug":"moza-cs-v2p-steering-wheel","status":"publish","type":"product","link":"https:\/\/simracergear.com\/hu\/products\/moza-cs-v2p-steering-wheel\/","title":{"rendered":"MOZA CS V2P korm\u00e1nyker\u00e9k"},"content":{"rendered":"<h2>MOZA CS V2P: a \"komoly mindenes\" korm\u00e1nyker\u00e9k a MOZA alapokhoz<\/h2>\n<p>A MOZA CS V2P korm\u00e1nyker\u00e9k egy\u00e9rtelm\u0171en a MOZA term\u00e9kcsal\u00e1d \"all-round GT\" korm\u00e1nykerekek\u00e9nt van poz\u00edcion\u00e1lva. Nem a legpr\u00e9miumabb, \u00e9s nem is a legagressz\u00edvabb vizu\u00e1lisan, de \u00e9rdekes egyens\u00falyt teremt: re\u00e1lis m\u00e9ret, j\u00f3 fel\u00fcletek, a modern szimul\u00e1toros versenyz\u00e9shez tervezett ergon\u00f3mia, \u00e9s egy olyan \u00e1r, amely az ultra high end modellek alatt marad.<\/p>\n<p>Pap\u00edron meglehet\u0151sen vonz\u00f3 komb\u00f3t \u00edg\u00e9r: f\u00e9m + alcantara\/ hasonl\u00f3 b\u0151rszerkezet, nagyvonal\u00fa gombok, m\u00e1gneses lap\u00e1tok, teljes kompatibilit\u00e1s a MOZA \u00f6kosziszt\u00e9m\u00e1val, \u00e9s mindenekel\u0151tt \"\u00e9rettebb\" \u00e9rz\u00e9s, mint a m\u00e1rka els\u0151 korm\u00e1nykerekei. Azokat c\u00e9lozza meg, akik egyetlen korm\u00e1nykereket szeretn\u00e9nek, amely mindenre k\u00e9pes rendesen: GT, t\u00faraaut\u00f3, modern rallye \u00e9s egy kis endurance.<\/p>\n<p>Az \u00e9n szempontom itt egyszer\u0171: vez\u00e9rl\u00e9si pontoss\u00e1g, versenyergon\u00f3mia, \u00e9rz\u00e9kelt min\u0151s\u00e9g \u00e9s \u00f6sszhang a jelenlegi MOZA alapokkal (R5, R9, R12, R16...). Az \u00f6tlet nem az, hogy kider\u00edts\u00fck, hogy ez-e a legjobban n\u00e9z ki az Instagramon, hanem az, hogy val\u00f3ban magabiztoss\u00e1got ad-e a p\u00e1ly\u00e1n, hogy hossz\u00fa edz\u00e9seken kitart-e, \u00e9s hogy a piacon l\u00e9v\u0151 alternat\u00edv\u00e1khoz k\u00e9pest igazolja-e az \u00e1r\u00e1t.<\/p>\n<p>Egy MOZA be\u00e1ll\u00edt\u00e1sn\u00e1l ez tipikusan az a fajta korm\u00e1nyker\u00e9k, amely az id\u0151 80 % r\u00e9sz\u00e9ben a \"f\u0151 korm\u00e1nyker\u00e9k\" lehet, amelyet szerelve hagyunk. A k\u00e9rd\u00e9s az, hogy val\u00f3ban meg\u00e9rdemli-e?<\/p>\n<h2>Tervez\u00e9s \u00e9s gy\u00e1rt\u00e1s: komoly, letisztult, extravagancia n\u00e9lk\u00fcl.<\/h2>\n<p>A k\u00e9zben a CS V2P azonnal a szil\u00e1rds\u00e1g benyom\u00e1s\u00e1t kelti. A f\u00e9m el\u0151lap, a merev v\u00e1z, a j\u00f3l eloszl\u00f3 s\u00faly: olyan \u00e9rz\u00e9sed van, mintha nem egy j\u00e1t\u00e9kot vezetn\u00e9l. Maga a ker\u00e9k \u00e1tm\u00e9r\u0151je re\u00e1lis a GT \u00e9s az all-rounderek sz\u00e1m\u00e1ra, nem t\u00fal kicsi \u00e9s nem is XXL, \u00edgy ugyanolyan k\u00e9nyelmes egy GT3-on, mint egy modern szed\u00e1non vagy egy\u00fcl\u00e9ses aut\u00f3n.<\/p>\n<p>A markolatok meggy\u0151z\u0151 fog\u00e1st biztos\u00edtanak. A text\u00fara val\u00f3di kontroll\u00e9rzetet ad, \u00e9s elegend\u0151 anyaggal rendelkezik ahhoz, hogy ne \"cs\u00fasszon\" a simracer zokniban a hossz\u00fa etapokon. A lendker\u00e9k s\u0171r\u0171s\u00e9ge kellemes meglepet\u00e9s: \u00e9rezhet\u0151 az anyag, an\u00e9lk\u00fcl, hogy \u00fagy \u00e9rezn\u00e9d, mintha egy \u00f3lomt\u00f6mb\u00f6t h\u00fazn\u00e1l. Tiszta, prec\u00edz \u00e9s j\u00f3l tart.<\/p>\n<p>A gombok \u00e9s a k\u00f3dol\u00f3k egy\u00e9rtelm\u0171, megnyugtat\u00f3 kattan\u00e1ssal rendelkeznek. Haboz\u00e1s n\u00e9lk\u00fcl megnyomhatod \u0151ket, m\u00e9g egy ker\u00e9k-ker\u00e9k csata k\u00f6zep\u00e9n is. Nem \u00e9ri el egy t\u00f6bb sz\u00e1z eur\u00f3val dr\u00e1g\u00e1bb profi korm\u00e1nyker\u00e9k tapint\u00e1si szintj\u00e9t, de ebben az \u00e1rkateg\u00f3ri\u00e1ban t\u00f6bb mint megfelel\u0151. Ami a m\u00e1gneses lap\u00e1tokat illeti, azok olyan sz\u00e1raz, gyors tapint\u00e1s\u00faak, amilyet manaps\u00e1g egy komoly korm\u00e1nyker\u00e9kt\u0151l elv\u00e1rhatunk: kev\u00e9s \u00fat, pontos visszajelz\u00e9s, \u00e9s azonnal tudjuk, hogy a sebess\u00e9gv\u00e1lt\u00e1s megt\u00f6rt\u00e9nt-e.<\/p>\n<p>Ahol egy kicsit csal\u00f3d\u00e1st okoz, az n\u00e9h\u00e1ny eszt\u00e9tikai r\u00e9szlet \u00e9s a matric\u00e1k \/ k\u00e9pek \u00e9rz\u00e9se n\u00e9h\u00e1ny gombon, amelyek kev\u00e9sb\u00e9 \"el\u0151kel\u0151ek\", mint a csomag t\u00f6bbi r\u00e9sze. Az is vil\u00e1gos, hogy a CS V2P megpr\u00f3b\u00e1l egy elfogadhat\u00f3 \u00e1rkateg\u00f3ri\u00e1n bel\u00fcl maradni, \u00edgy nincs \"full show\" sz\u00e9nsz\u00e1las vagy egzotikus anyag.<\/p>\n<p>A k\u00f6z\u00e9pkateg\u00f3ri\u00e1s Logitech \/ Thrustmaster korm\u00e1nyker\u00e9kkel \u00f6sszehasonl\u00edtva az \u00e9rz\u00e9kelt min\u0151s\u00e9g egy fokkal magasabb marad a merevs\u00e9g \u00e9s a komolys\u00e1g tekintet\u00e9ben. A nagyon cs\u00facskateg\u00f3ri\u00e1s butik korm\u00e1nyokhoz k\u00e9pest a CS V2P b\u00f6lcsebb, iparosabb, de \u0151szint\u00e9n sz\u00f3lva a mindennapi szimul\u00e1toros haszn\u00e1latra bizalmat \u00e9breszt.<\/p>\n<h2>Be\u00e1ll\u00edt\u00e1sok, testreszab\u00e1s \u00e9s kompatibilit\u00e1s<\/h2>\n<p>A CS V2P-t a MOZA \u00f6kosziszt\u00e9m\u00e1hoz tervezt\u00e9k, \u00e9s ez m\u00e1r a konfigur\u00e1ci\u00f3s logik\u00e1ba val\u00f3 bel\u00e9p\u00e9skor vil\u00e1goss\u00e1 v\u00e1lik. T\u00f6k\u00e9letesen integr\u00e1l\u00f3dik a MOZA Pit House szoftverrel: gombok \u00e1tcsoportos\u00edt\u00e1sa, LED-ek kezel\u00e9se, j\u00e1t\u00e9konk\u00e9nti profilok, minden meglehet\u0151sen intuit\u00edv, ha m\u00e1r van n\u00e9mi szimul\u00e1toros versenyz\u00e9si tapasztalatod. Egy m\u00e1sik \u00f6kosziszt\u00e9m\u00e1b\u00f3l \u00e9rkez\u0151 felhaszn\u00e1l\u00f3 sz\u00e1m\u00e1ra a tanul\u00e1si g\u00f6rbe \u00e9sszer\u0171 marad.<\/p>\n<p>Ami a funkcion\u00e1lis testreszab\u00e1st illeti, szinte b\u00e1rmit hozz\u00e1rendelhet, amire sz\u00fcks\u00e9ge van: pit limiter, r\u00e1di\u00f3, ABS\/TC k\u00f3dol\u00f3k, motorkever\u00e9k, \u00fczemanyagt\u00e9rk\u00e9p stb. A forgathat\u00f3 k\u00f3dol\u00f3k nagyon hasznosak a param\u00e9terek \u00e9l\u0151ben t\u00f6rt\u00e9n\u0151 be\u00e1ll\u00edt\u00e1s\u00e1hoz an\u00e9lk\u00fcl, hogy egy men\u00fcben kellene turk\u00e1lnia. A forg\u00f3k\u00f3dok nagyon hasznosak a param\u00e9terek \u00e9l\u0151ben t\u00f6rt\u00e9n\u0151 be\u00e1ll\u00edt\u00e1s\u00e1hoz an\u00e9lk\u00fcl, hogy men\u00fcben kellene turk\u00e1lnia. Az olyan c\u00edmekn\u00e9l, mint az ACC, iRacing vagy rFactor 2, ez egy igazi k\u00e9nyelemfokoz\u00f3. Azonnal meg\u00e9rted, hogy mit csin\u00e1l az aut\u00f3, mert an\u00e9lk\u00fcl tudod elv\u00e9gezni a be\u00e1ll\u00edt\u00e1sokat, hogy levenn\u00e9d a szemed a korm\u00e1nyr\u00f3l.<\/p>\n<p>A v\u00e1lt\u00e1s \u00e9s a jelz\u0151 LED-ek tov\u00e1bbi olvashat\u00f3s\u00e1got biztos\u00edtanak, k\u00fcl\u00f6n\u00f6sen akkor, ha t\u00e1voli kijelz\u0151 n\u00e9lk\u00fcl j\u00e1tszik. Nem elengedhetetlen, de a gyakorlatban seg\u00edt a sebess\u00e9gv\u00e1lt\u00e1sok megfelel\u0151 be\u00e1ll\u00edt\u00e1s\u00e1ban.<\/p>\n<p>A kompatibilit\u00e1s PC-orient\u00e1lt a MOZA alapokkal. Konzolokon a t\u00f6rt\u00e9net bonyolultabb\u00e1 v\u00e1lik: ezt a kereket nem \u00fagy tervezt\u00e9k, hogy k\u00f6zvetlen\u00fcl alkalmazkodjon a konkurens konzolb\u00e1zishoz, \u00e9s a MOZA \u00f6kosziszt\u00e9ma tov\u00e1bbra is nagyon PC-k\u00f6zpont\u00fa. Ezt a szempontot \u00e9rdemes szem el\u0151tt tartani: ha teljes m\u00e9rt\u00e9kben konzolos felhaszn\u00e1l\u00f3 vagy, \u00e9s nem gondolkodsz PC-re v\u00e1ltani, akkor ez nem az ide\u00e1lis term\u00e9k.<\/p>\n<p>A sk\u00e1l\u00e1zhat\u00f3s\u00e1g szempontj\u00e1b\u00f3l \u00fagy l\u00e1tom, hogy ez egy nagyon j\u00f3 \u00e9s komoly bel\u00e9p\u00e9si pont a MOZA vil\u00e1g\u00e1ba, de nem az egyetlen. M\u00e9g egy R9 vagy R12 alaplappal m\u00e1r felszerelt felhaszn\u00e1l\u00f3 is tart\u00f3s els\u0151dleges lendker\u00e9kk\u00e9nt tekinthet r\u00e1. Azon a napon, amikor az alapot egy er\u0151sebb modellre friss\u00edti, a CS V2P meging\u00e1s n\u00e9lk\u00fcl k\u00f6veti: a merevs\u00e9ge elegend\u0151 ahhoz, hogy egy er\u0151sebb Direct Drive-ot is elb\u00edrjon hajl\u00edt\u00e1s n\u00e9lk\u00fcl.<\/p>\n<p>Ez nem egy eldobhat\u00f3 bel\u00e9p\u0151szint\u0171 term\u00e9k, hanem egy olyan korm\u00e1nyker\u00e9k, amely j\u00f3l illeszkedik a fokozatosan fel\u00e9p\u00edtett be\u00e1ll\u00edt\u00e1sokhoz.<\/p>\n<h2>\u00c9rz\u00e9kek a j\u00e1t\u00e9kban: egy korm\u00e1nyker\u00e9k, amely \u00f6nbizalmat ad \u00d6nnek<\/h2>\n<p>Ahol a CS V2P igaz\u00e1n kiteljesedik, az a p\u00e1ly\u00e1n van. Egy j\u00f3l hangolt MOZA alapon az els\u0151 benyom\u00e1s az inform\u00e1ci\u00f3k tisztas\u00e1ga. A kezed megtal\u00e1lja a term\u00e9szetes hely\u00e9t, a kezel\u0151szervek sz\u00e9pen az ujjaid al\u00e1 simulnak, \u00e9s az a kellemes \u00e9rz\u00e9sed t\u00e1mad, hogy \"tudom, mit csin\u00e1l az aut\u00f3\".<\/p>\n<p>Kanyarod\u00e1skor a pontoss\u00e1got els\u0151sorban a korm\u00e1nyker\u00e9k form\u00e1ja \u00e9s merevs\u00e9ge biztos\u00edtja. Nem deform\u00e1l\u00f3dik vagy vibr\u00e1l furcs\u00e1n nagy FFB terhel\u00e9s alatt. A gyors korrekci\u00f3k term\u00e9szetesek: elkaphat egy t\u00falkorm\u00e1nyzotts\u00e1got, visszazentr\u00e1lhatja \u00e9s visszaveheti a g\u00e1zt an\u00e9lk\u00fcl, hogy egy mindenfel\u00e9 mozg\u00f3 korm\u00e1nyker\u00e9kkel kellene k\u00fczdenie. Ideges iRacing vagy rally aut\u00f3kn\u00e1l ez a vez\u00e9rl\u00e9s val\u00f3ban sokat sz\u00e1m\u00edt.<\/p>\n<p>A markolat olvas\u00e1sa els\u0151sorban az alaphoz kapcsol\u00f3dik, de a CS V2P nem sz\u0171r feleslegesen. \u00c9rezhet\u0151ek a h\u00e1tulr\u00f3l \u00e9rkez\u0151 apr\u00f3 megtorpan\u00e1sok, a mikro-mozg\u00e1sok, amikor az els\u0151 alulkorm\u00e1nyzottan kezd, \u00e9s a vibr\u00e1torokb\u00f3l \u00e9s a p\u00e1ly\u00e1r\u00f3l \u00e9rkez\u0151 rezg\u00e9sek is j\u00f3l olvashat\u00f3ak maradnak. Agressz\u00edv vibr\u00e1t\u00f3n a korm\u00e1nyker\u00e9k \u00e9les, de nem kellemetlen r\u00e1zk\u00f3d\u00e1sokat k\u00f6zvet\u00edt, az \u00f6sszecsap\u00f3d\u00f3 alkatr\u00e9szekb\u0151l sz\u00e1rmaz\u00f3 parazita zajok n\u00e9lk\u00fcl.<\/p>\n<p>Hossz\u00fa \u00fcl\u00e9sek sor\u00e1n a korm\u00e1nyker\u00e9k \u00e1ltal\u00e1nos form\u00e1ja \u00e9s \u00e1tm\u00e9r\u0151je kulcsfontoss\u00e1g\u00fa szerepet j\u00e1tszik. A markolatok nem f\u00e1rasztj\u00e1k a kezet, m\u00e9g akkor sem, ha \u00e9sszer\u0171en er\u0151sen szor\u00edtod. A korona vastags\u00e1ga j\u00f3l kiegyens\u00falyozott, nem t\u00fal v\u00e9kony, mint egy j\u00e1t\u00e9k, \u00e9s nem is t\u00fal vastag, mint egy nagy orsz\u00e1g\u00fati ker\u00e9k. T\u00f6bb egym\u00e1s ut\u00e1ni verseny ut\u00e1n t\u00f6bb izomf\u00e1radts\u00e1got \u00e9rz\u00fcnk az alapnyomat\u00e9kt\u00f3l, mint mag\u00e1t\u00f3l a korm\u00e1nyker\u00e9kt\u0151l, ami j\u00f3 jel.<\/p>\n<p>A sebess\u00e9gv\u00e1lt\u00e1sn\u00e1l a m\u00e1gneses lap\u00e1tok \u00e9rz\u00e9keny \u00e9rz\u00e9st ny\u00fajtanak, j\u00f3l meghat\u00e1rozott kattan\u00e1ssal. T\u00f6bb fokozatot is fel- \u00e9s lev\u00e1lthat menet k\u00f6zben an\u00e9lk\u00fcl, hogy agg\u00f3dnia kellene, hogy kihagy egy fokozatot. Az agy sz\u00e1m\u00e1ra ez fontos: minden egyes kattint\u00e1s egy\u00e9rtelm\u0171 m\u0171veletnek felel meg. Amikor \u00fagy f\u00e9kezel, mint egy \u0151r\u00fclt, mindent akarsz, csak egy hom\u00e1lyos v\u00e1lt\u00f3t nem.<\/p>\n<p>A Direct Drive + CS V2P alapegys\u00e9g a hagyom\u00e1nyos sz\u00edjas alapra szerelt korm\u00e1nyker\u00e9kkel \u00f6sszehasonl\u00edtva sokkal jobban \u00f6sszekapcsolt \u00e9rz\u00e9st ny\u00fajt. Az \u00fat \u00e9s a gumiabroncsok apr\u00f3 r\u00e9szletei jobban kij\u00f6nnek, \u00e9s a ker\u00e9k merevs\u00e9g\u00e9nek k\u00f6sz\u00f6nhet\u0151en elker\u00fclhet\u0151 a \"habos\" hat\u00e1s, amely a puh\u00e1bb term\u00e9kekn\u00e9l el\u0151fordulhat.<\/p>\n<p>Egy nagyon cs\u00facskateg\u00f3ri\u00e1s komb\u00f3hoz k\u00e9pest, ultrak\u00f6nny\u0171 karbon korm\u00e1nyker\u00e9kkel \u00e9s butik alkatr\u00e9szekkel, a CS V2P m\u00e9g mindig egy kicsit nehezebb \u00e9s valamivel kev\u00e9sb\u00e9 \u00e9les, ha a mikroprecizit\u00e1sr\u00f3l van sz\u00f3. \u00c1m \u00e1rkateg\u00f3ri\u00e1j\u00e1hoz k\u00e9pest nagyon koherens kompromisszumot k\u00edn\u00e1l a mer\u00edt\u00e9s, a k\u00e9nyelem \u00e9s az ir\u00e1ny\u00edt\u00e1s k\u00f6z\u00f6tt. Gyorsan, sok\u00e1ig lehet vele motorozni an\u00e9lk\u00fcl, hogy arra gondoln\u00e1l, hogy \"hi\u00e1nyzik valami\".<\/p>\n<p>A gyakorlatban ez tipikusan az a fajta korm\u00e1nyker\u00e9k, amely elfeledteti a hardvert, \u00e9s a p\u00e1ly\u00e1ra koncentr\u00e1l. \u00c9s egy szimul\u00e1tor eset\u00e9ben ez gyakran a lehet\u0151 legnagyobb b\u00f3k.<\/p>\n<h2>Kinek sz\u00f3l? Mindennapi er\u0151ss\u00e9gek \u00e9s korl\u00e1tok<\/h2>\n<p>A MOZA CS V2P egy\u00e9rtelm\u0171en a komoly PC-simul\u00e1torosoknak sz\u00f3l, ak\u00e1r k\u00f6z\u00e9phalad\u00f3knak, ak\u00e1r halad\u00f3knak. Motiv\u00e1lt kezd\u0151k is kihaszn\u00e1lhatj\u00e1k az el\u0151nyeit, ha k\u00f6zvetlen\u00fcl egy MOZA alapb\u00f3l indulnak, de ennek a korm\u00e1nynak ink\u00e1bb annak van \u00e9rtelme, aki rendszeresen fut, aki egy koherens \u00e9s fejleszthet\u0151 setupot szeretne, an\u00e9lk\u00fcl, hogy a t\u00fal\u00e1razott fels\u0151kateg\u00f3ri\u00e1ba esne.<\/p>\n<p>Amit a legjobban \u00e9rt\u00e9kelek, az a sokoldal\u00fas\u00e1ga. Vezethetsz egy GT3-at, egy t\u00faraaut\u00f3t, egy modern protot, egy kis rallyt vagy driftet an\u00e9lk\u00fcl, hogy valaha is \u00fagy \u00e9rezn\u00e9d, hogy \"nem vagy a helyzet magaslat\u00e1n\". M\u00e1sodszor, az \u00e1ltal\u00e1nos \u00e9p\u00edt\u00e9si min\u0151s\u00e9g val\u00f3ban bizalomgerjeszt\u0151: minden nap vezeted, \u00fcl\u00e9sr\u0151l \u00fcl\u00e9sre, semmi sem nyikorog, semmi sem lebeg. V\u00e9g\u00fcl, a MOZA \u00f6kosziszt\u00e9m\u00e1ba \u00e9s a Pit House szoftverbe val\u00f3 integr\u00e1ci\u00f3 nagyon kellemes: egy\u00e9rtelm\u0171 konfigur\u00e1ci\u00f3, k\u00f6nnyen finomhangolhat\u00f3 profilok, nem kell m\u00e9rn\u00f6knek lenni ahhoz, hogy mindent megfelel\u0151en be\u00e1ll\u00edtsunk.<\/p>\n<p>A korl\u00e1toz\u00e1sok oldal\u00e1n el\u0151sz\u00f6r is az a t\u00e9ny, hogy a MOZA \u00f6kosziszt\u00e9m\u00e1ba van z\u00e1rva. Ha m\u00e1r egy m\u00e1sik Direct Drive \u00f6kosziszt\u00e9m\u00e1ba fektetett be, akkor ez a korm\u00e1nyker\u00e9k nem lesz plug-and-play opci\u00f3. M\u00e1sodszor, b\u00e1r a kivitelez\u00e9s nagyon j\u00f3, az az \u00e9rz\u00e9s\u00fcnk, hogy nem egy ultrapr\u00e9mium term\u00e9kr\u0151l besz\u00e9l\u00fcnk: bizonyos vizu\u00e1lis r\u00e9szletek \u00e9s bizonyos gombok tapint\u00e1sa eml\u00e9keztet arra, hogy egy korl\u00e1tozott k\u00f6lts\u00e9gvet\u00e9sen bel\u00fcl maradunk. V\u00e9g\u00fcl, a nagyon speci\u00e1lis vezet\u00e9si st\u00edlus (tiszta rally, tiszta F1, extr\u00e9m drift) purist\u00e1i sz\u00e1m\u00e1ra egy speci\u00e1lisabb korm\u00e1nyker\u00e9k lenne megfelel\u0151bb a forma \u00e9s az ergon\u00f3mia szempontj\u00e1b\u00f3l.<\/p>\n<p>Az \u00e9rz\u00e9kelt \u00e9rt\u00e9k szempontj\u00e1b\u00f3l a CS V2P j\u00f3l \u00e1ll. Az embernek az a benyom\u00e1sa, hogy egy val\u00f3di szimul\u00e1toros eszk\u00f6z\u00e9rt fizet, nem pedig marketing\u00e9rt. Egy MOZA felhaszn\u00e1l\u00f3 sz\u00e1m\u00e1ra, aki egy komoly f\u0151 korm\u00e1nykereket keres, a befektet\u00e9snek van \u00e9rtelme, k\u00fcl\u00f6n\u00f6sen akkor, ha a c\u00e9l az, hogy ezt a korm\u00e1nyt t\u00f6bb alapvet\u0151 fejleszt\u00e9sen kereszt\u00fcl megtarts\u00e1k.<\/p>\n<h2>\u00cdt\u00e9let: egy nagyon szil\u00e1rd \"f\u0151 vezet\u0151\" korm\u00e1nyker\u00e9k a MOZA \u00f6kosziszt\u00e9m\u00e1ban<\/h2>\n<p>A MOZA CS V2P egy egyszer\u0171, de alapvet\u0151 dolgot v\u00e1ltoztat meg egy berendez\u00e9sben: egy megb\u00edzhat\u00f3, sokoldal\u00fa vez\u00e9rl\u0151k\u00f6zpontot biztos\u00edt, amelyet minden nap \u00f6r\u00f6m haszn\u00e1lni. Nem pr\u00f3b\u00e1l mindenhol karbonokkal hivalkodni, hanem egy hat\u00e9kony, vil\u00e1gos \u00e9s koherens eszk\u00f6zt k\u00edn\u00e1l a k\u00f6z\u00e9pkateg\u00f3ri\u00e1s Direct Drive alapokkal.<\/p>\n<p>A piacon a k\u00f6z\u00e9ps\u0151\/els\u0151 kateg\u00f3ri\u00e1s, \u00e1r-\u00e9rt\u00e9k ar\u00e1nyos ker\u00e9kk\u00e9nt van poz\u00edcion\u00e1lva. Komolyabb \u00e9s jobban meg\u00e9p\u00edtett, mint a bel\u00e9p\u0151 szint\u0171 opci\u00f3k, kev\u00e9sb\u00e9 exkluz\u00edv \u00e9s olcs\u00f3bb, mint az ultrapr\u00e9mium butik kerekek. Ez az ide\u00e1lis \"forg\u00e1spont\" egy teljes\u00edtm\u00e9nyorient\u00e1lt MOZA be\u00e1ll\u00edt\u00e1shoz, an\u00e9lk\u00fcl, hogy t\u00falz\u00e1sba esne.<\/p>\n<p>Egy\u00e9rtelm\u0171en aj\u00e1nlom azoknak a PC-s szimul\u00e1toros versenyz\u0151knek, akik m\u00e1r vezetnek vagy tervezik, hogy MOZA alapon vezetnek, \u00e9s akik egy olyan f\u0151 korm\u00e1nykereket szeretn\u00e9nek, amely mindent tiszt\u00e1n tud. M\u00e1sr\u00e9szt a tiszt\u00e1n konzolos j\u00e1t\u00e9kosoknak, vagy azoknak, akik nagyon speci\u00e1lis korm\u00e1nyt szeretn\u00e9nek (tiszta karbon F1, hatalmas drift korm\u00e1ny, stb.), vannak dedik\u00e1ltabb lehet\u0151s\u00e9gek.<\/p>\n<p>Ha egy megb\u00edzhat\u00f3, sokoldal\u00fa, j\u00f3l meg\u00e9p\u00edtett kereket keres, amely t\u00f6k\u00e9letesen illeszkedik a MOZA alapokhoz, akkor ez a term\u00e9k mindent megv\u00e1ltoztathat az \u00d6n be\u00e1ll\u00edt\u00e1saiban.<\/p>","protected":false},"excerpt":{"rendered":"<p>Ez a korm\u00e1nyker\u00e9k a mindennapi vezet\u00e9s sor\u00e1n val\u00f3di kontrollt \u00e9s k\u00f6vetkezetess\u00e9get biztos\u00edt, \u00edgy gyorsan elfelejti a hardvert, \u00e9s a p\u00e1ly\u00e1ra koncentr\u00e1l. \u00c9rtelemszer\u0171en a m\u00e1r a MOZA \u00f6kosziszt\u00e9m\u00e1ban l\u00e9v\u0151 PC-s szimul\u00e1toros versenyz\u0151k sz\u00e1m\u00e1ra, akik sokoldal\u00fa \u00e9s tart\u00f3s f\u0151 ker\u00e9kre v\u00e1gynak an\u00e9lk\u00fcl, hogy az ultrapr\u00e9miumra t\u00f6rekedn\u00e9nek. \u00d6sszess\u00e9g\u00e9ben a hasznoss\u00e1g\/\u00e1r ar\u00e1ny j\u00f3l illeszkedik ahhoz, amit k\u00edn\u00e1l.<\/p>","protected":false},"featured_media":101371,"comment_status":"open","ping_status":"closed","template":"","meta":{"_acf_changed":false,"_et_pb_use_builder":"","_et_pb_old_content":"","_et_gb_content_width":""},"product_brand":[165],"product_cat":[156],"product_tag":[149],"class_list":{"0":"post-101370","1":"product","2":"type-product","3":"status-publish","4":"has-post-thumbnail","6":"product_brand-moza-racing","7":"product_cat-roue-de-volant","8":"product_tag-pc","10":"first","11":"instock","12":"shipping-taxable","13":"product-type-external"},"acf":[],"_links":{"self":[{"href":"https:\/\/simracergear.com\/hu\/wp-json\/wp\/v2\/product\/101370","targetHints":{"allow":["GET"]}}],"collection":[{"href":"https:\/\/simracergear.com\/hu\/wp-json\/wp\/v2\/product"}],"about":[{"href":"https:\/\/simracergear.com\/hu\/wp-json\/wp\/v2\/types\/product"}],"replies":[{"embeddable":true,"href":"https:\/\/simracergear.com\/hu\/wp-json\/wp\/v2\/comments?post=101370"}],"wp:featuredmedia":[{"embeddable":true,"href":"https:\/\/simracergear.com\/hu\/wp-json\/wp\/v2\/media\/101371"}],"wp:attachment":[{"href":"https:\/\/simracergear.com\/hu\/wp-json\/wp\/v2\/media?parent=101370"}],"wp:term":[{"taxonomy":"product_brand","embeddable":true,"href":"https:\/\/simracergear.com\/hu\/wp-json\/wp\/v2\/product_brand?post=101370"},{"taxonomy":"product_cat","embeddable":true,"href":"https:\/\/simracergear.com\/hu\/wp-json\/wp\/v2\/product_cat?post=101370"},{"taxonomy":"product_tag","embeddable":true,"href":"https:\/\/simracergear.com\/hu\/wp-json\/wp\/v2\/product_tag?post=101370"}],"curies":[{"name":"wp","href":"https:\/\/api.w.org\/{rel}","templated":true}]}}