{"id":101375,"date":"2025-05-15T08:08:00","date_gmt":"2025-05-15T08:08:00","guid":{"rendered":"https:\/\/simracergear.com\/products\/moza-e-stop-switch\/"},"modified":"2025-11-28T05:19:22","modified_gmt":"2025-11-28T05:19:22","slug":"moza-e-stop-switch","status":"publish","type":"product","link":"https:\/\/simracergear.com\/hu\/products\/moza-e-stop-switch\/","title":{"rendered":"MOZA E-Stop kapcsol\u00f3"},"content":{"rendered":"<p>A szimul\u00e1toros versenyz\u00e9s vil\u00e1g\u00e1ban gyakran besz\u00e9l\u00fcnk Direct Drive alapokr\u00f3l, cs\u00facsmin\u0151s\u00e9g\u0171 hajt\u00f3karokr\u00f3l vagy \u00e1ramvonalas cockpitekr\u0151l. De amint elkezdj\u00fck kicsit feszegetni a hardvert, egy sokkal egyszer\u0171bb kieg\u00e9sz\u00edt\u0151 ker\u00fcl \u00fajra az asztalra: a v\u00e9szle\u00e1ll\u00edt\u00f3. Pontosan itt j\u00f6n a k\u00e9pbe a MOZA E-Stop kapcsol\u00f3. Ez egy v\u00e9szle\u00e1ll\u00edt\u00f3 gomb, amely kifejezetten a MOZA-alapokhoz van rendelve, \u00e9s arra szolg\u00e1l, hogy probl\u00e9ma, szoftverhiba, kezelhetetlen \u00fctk\u00f6z\u00e9s vagy egyszer\u0171en csak rossz kezel\u00e9s eset\u00e9n azonnal lekapcsolja a Direct Drive-ot.<\/p>\n<p>Ez a kis kieg\u00e9sz\u00edt\u0151 az\u00e9rt \u00e9rdekes, mert valami nagyon konkr\u00e9t dolgot \u00edg\u00e9r: nagyobb biztons\u00e1got, nagyobb lelki b\u00e9k\u00e9t \u00e9s azonnali ellen\u0151rz\u00e9st egy n\u00e9ha nagyon er\u0151s alap felett. Mindenekel\u0151tt az izmos Direct Drive-ok haszn\u00e1l\u00f3inak sz\u00f3l, azoknak, akik m\u00e1r tapasztalt\u00e1k, hogy a korm\u00e1nyker\u00e9k \"elragad\", vagy akiknek csal\u00e1djuk, gyermekeik vagy \u00e1llataik vannak a pil\u00f3taf\u00fclke k\u00f6r\u00fcl. Itt \u00e9rint\u00fcnk egy ritk\u00e1n szexi, de l\u00e9nyeges pontot: az akt\u00edv biztons\u00e1got egy szimul\u00e1toros versenyfelszerel\u00e9sben.<\/p>\n<p>A MOZA E-Stop kapcsol\u00f3val kapcsolatos szemsz\u00f6gem egyszer\u0171: val\u00f3ban megv\u00e1ltoztatja a mindennapi \u00e9lm\u00e9nyt? A diz\u00e1jn, az integr\u00e1ci\u00f3 \u00e9s az ergon\u00f3mia igazolja a v\u00e1s\u00e1rl\u00e1st, vagy csak egy megnyugtat\u00f3 szerkenty\u0171 pap\u00edron? A term\u00e9ket a MOZA \u00f6kosziszt\u00e9ma szerves r\u00e9szek\u00e9nt tekintettem: tervez\u00e9s, gy\u00e1rt\u00e1s, pil\u00f3taf\u00fclke elhelyez\u00e9se, j\u00e1t\u00e9kbeli reakci\u00f3k \u00e9s \u00e1ltal\u00e1nos hozz\u00e1adott \u00e9rt\u00e9k egy ig\u00e9nyes szimul\u00e1torversenyz\u0151 sz\u00e1m\u00e1ra.<\/p>\n<h2>A MOZA E-Stop kapcsol\u00f3 tervez\u00e9se \u00e9s gy\u00e1rt\u00e1sa<\/h2>\n<p>Vizu\u00e1lisan a MOZA E-Stop kapcsol\u00f3 a val\u00f3di ipari v\u00e9szle\u00e1ll\u00edt\u00f3 gombok klasszikus designjegyeit k\u00f6veti: egy nagy piros gomba fekete alapon. Az els\u0151 benyom\u00e1s a k\u00e9zben a s\u0171r\u0171s\u00e9g benyom\u00e1s\u00e1t kelti. Kompaktnak t\u0171nik, a burkolat nem t\u0171nik \u00fcregesnek, \u00e9s \u00f6sszess\u00e9g\u00e9ben a komolys\u00e1g benyom\u00e1s\u00e1t kelti. A piros r\u00e9szhez haszn\u00e1lt m\u0171anyag vastagnak t\u0171nik, enyh\u00e9n textur\u00e1lt fel\u00fclettel, amely m\u00e9g enyh\u00e9n izzadt k\u00e9zzel sem cs\u00faszik el.<\/p>\n<p>A fekete alap bizalomgerjeszt\u0151. A szerelv\u00e9nyek tiszt\u00e1k, nincs t\u00falzott nappali f\u00e9ny vagy nyikorg\u00e1s megh\u00faz\u00e1skor. Nem egy nemes \u00e9rtelemben vett \"pr\u00e9mium\" term\u00e9kr\u0151l besz\u00e9l\u00fcnk, mint p\u00e9ld\u00e1ul egy karbon korm\u00e1nyker\u00e9k, de a kateg\u00f3ri\u00e1j\u00e1ban (szim versenyz\u0151i biztons\u00e1gi kieg\u00e9sz\u00edt\u0151k) az eg\u00e9sz t\u00f6k\u00e9letesen koherens. Egy\u00e9rtelm\u0171, hogy ezt a gombot arra tervezt\u00e9k, hogy kem\u00e9nyen, sietve, k\u00e9rd\u00e9s n\u00e9lk\u00fcl megnyomj\u00e1k.<\/p>\n<p>A mechanikus kattan\u00e1s a z\u00e1r kiold\u00e1sakor egy\u00e9rtelm\u0171, \u00e9s viszonylag r\u00f6vid, de hat\u00e1rozott l\u00f6ket k\u00eds\u00e9ri. Ez az \u00e9rz\u00e9s fontos: azonnal tudja, hogy val\u00f3ban \"elv\u00e1gta\" az alapot. A mechanizmus szil\u00e1rds\u00e1ga nagyon megnyugtat\u00f3. Azt is \u00e9rezheti, hogy \u00fagy tervezt\u00e9k, hogy ellen\u00e1lljon az ism\u00e9telt, n\u00e9ha er\u0151szakos nyom\u00e1snak, an\u00e9lk\u00fcl, hogy t\u00fal gyorsan t\u00f6nkremenne.<\/p>\n<p>Ahol egy kicsit kev\u00e9sb\u00e9 vonz\u00f3 lehet, az az \u00e1ltal\u00e1nos megjelen\u00e9se, ha egy nagyon letisztult pil\u00f3taf\u00fclk\u00e9t keres. A nagy piros gomb szemet gy\u00f6ny\u00f6rk\u00f6dtet\u0151. Vagy tetszik, vagy nem. Nincsenek sallangok, nincs d\u00edszes h\u00e1tt\u00e9rvil\u00e1g\u00edt\u00e1s, nincsenek megmunk\u00e1lt f\u00e9mbor\u00edt\u00e1sok. Ez tiszt\u00e1n funkcion\u00e1lis. Az ipari vagy bark\u00e1csvil\u00e1gban fellelhet\u0151 univerz\u00e1lis stop gombokhoz k\u00e9pest a kivitelez\u00e9s egy fokkal jobb a MOZA \u00f6kosziszt\u00e9m\u00e1ba val\u00f3 integr\u00e1ci\u00f3 szempontj\u00e1b\u00f3l, de ez nem egy luxuscikk. Nyilv\u00e1nval\u00f3, hogy t\u00f6bbet fizet\u00fcnk a plug &amp; play aspektus\u00e9rt \u00e9s az alaphoz val\u00f3 k\u00f6zvetlen integr\u00e1ci\u00f3\u00e9rt, mint a m\u0171v\u00e9szi kialak\u00edt\u00e1s\u00e9rt.<\/p>\n<p>Az \u00e9rz\u00e9kelt tart\u00f3ss\u00e1g szempontj\u00e1b\u00f3l nem l\u00e1ttam semmi riaszt\u00f3 dolgot. A k\u00e1belek megfelel\u0151en burkoltnak t\u0171nnek, a csatlakoz\u00f3k szil\u00e1rdak, \u00e9s a kapcsol\u00f3 \u00e9rz\u00e9kenys\u00e9ge azt a benyom\u00e1st kelti, mintha \u00e9vekig tart\u00f3 haszn\u00e1latot is kib\u00edrna. Egy olyan tartoz\u00e9k eset\u00e9ben, amelyet rem\u00e9lhet\u0151leg a lehet\u0151 legkevesebbet kell haszn\u00e1lni, ez el\u00e9g megnyugtat\u00f3.<\/p>\n<h2>Be\u00e1ll\u00edt\u00e1sok, testreszab\u00e1s \u00e9s kompatibilit\u00e1s<\/h2>\n<p>A MOZA E-Stop kapcsol\u00f3t az egyszer\u0171s\u00e9ge k\u00fcl\u00f6nb\u00f6zteti meg. T\u00e1vol \u00e1ll egy men\u00fckkel \u00e9s el\u0151be\u00e1ll\u00edt\u00e1sokkal teli k\u00e9sz\u00fcl\u00e9kt\u0151l. Nincsenek szoftveres be\u00e1ll\u00edt\u00e1sok, nincs technikai tanul\u00e1si g\u00f6rbe. Csak csatlakoztassa a MOZA kompatibilis Direct Drive b\u00e1zis\u00e1hoz, \u00e9s m\u00e1ris hardveres kill switch lesz bel\u0151le: egy nyom\u00e1sra, \u00e9s a b\u00e1zis kikapcsol. Ez az eg\u00e9sz \u00f6tlet \u00e1ll a kieg\u00e9sz\u00edt\u0151 m\u00f6g\u00f6tt.<\/p>\n<p>A testreszab\u00e1s teh\u00e1t els\u0151sorban annak a k\u00e9rd\u00e9se, hogy fizikailag hogyan integr\u00e1lja azt a pil\u00f3taf\u00fclk\u00e9be. R\u00f6gz\u00edtheti egy tart\u00f3ra, felragaszthatja meger\u0151s\u00edtett k\u00e9toldalas ragaszt\u00f3szalaggal, r\u00e1csavarozhatja egy lemezre, vagy egyszer\u0171en csak k\u00f6nnyen el\u00e9rhet\u0151 k\u00f6zels\u00e9gbe helyezheti. A legfontosabb az ergon\u00f3mia: a kez\u00e9nek a m\u00e1sodperc t\u00f6rt r\u00e9sze alatt meg kell tal\u00e1lnia, an\u00e9lk\u00fcl, hogy keresn\u00e9. Itt j\u00f6n az igazi be\u00e1ll\u00edt\u00e1si munka. A megfelel\u0151 poz\u00edci\u00f3 val\u00f3ban sokat sz\u00e1m\u00edt, k\u00fcl\u00f6n\u00f6sen egy nagy nyomat\u00e9k\u00fa alaplap eset\u00e9ben.<\/p>\n<p>A kompatibilit\u00e1s szempontj\u00e1b\u00f3l a MOZA \u00f6kosziszt\u00e9m\u00e1n bel\u00fcl maradunk. A gombot \u00fagy tervezt\u00e9k, hogy m\u0171k\u00f6dj\u00f6n a leg\u00fajabb Direct Drive alapjaikkal, \u00e9s k\u00f6zvetlen\u00fcl a mell\u00e9kelt csatlakoz\u00f3n kereszt\u00fcl csatlakoztathat\u00f3. Nincs sz\u00fcks\u00e9g bark\u00e1csol\u00e1sra vagy PC-s konfigur\u00e1ci\u00f3ra. Ez nem egy univerz\u00e1lis kieg\u00e9sz\u00edt\u0151, amely b\u00e1rmely m\u00e1s m\u00e1rk\u00e1j\u00fa b\u00e1zissal haszn\u00e1lhat\u00f3, \u00e9s nem kommunik\u00e1l k\u00f6zvetlen\u00fcl konzollal vagy j\u00e1t\u00e9kkal. K\u00fcldet\u00e9se anyagi: mag\u00e1t a MOZA b\u00e1zis\u00e1llom\u00e1st v\u00e1gja.<\/p>\n<p>A tanul\u00e1si folyamat... nem l\u00e9tezik. Pontosan ez a l\u00e9nyeg. B\u00e1rki a h\u00e1zban azonnal meg\u00e9rti, hogyan m\u0171k\u00f6dik. Egyszer elmagyar\u00e1zza: \"Ha valami rosszul megy, akkor itt nyomja meg\". \u00c9s ennyi. Egy szimul\u00e1toros versenyz\u0151nek, aki osztozik a pil\u00f3taf\u00fclk\u00e9n vagy vend\u00e9geket fogad, ez hatalmas megnyugv\u00e1st jelent.<\/p>\n<p>Ami a sk\u00e1l\u00e1zhat\u00f3s\u00e1g k\u00e9rd\u00e9s\u00e9t illeti, ez nem igaz\u00e1n bel\u00e9p\u00e9si pont, hanem ink\u00e1bb egy \"pajzs\", amelyet hozz\u00e1adhatunk egy m\u00e1r megval\u00f3sult be\u00e1ll\u00edt\u00e1shoz. Min\u00e9l er\u0151sebb a b\u00e1zis, ann\u00e1l t\u00f6bb \u00e9rtelme van egy ilyen t\u00edpus\u00fa kieg\u00e9sz\u00edt\u0151nek. Egy olyan felhaszn\u00e1l\u00f3 sz\u00e1m\u00e1ra, aki hossz\u00fa ideig sz\u00e1nd\u00e9kozik a MOZA \u00f6kosziszt\u00e9m\u00e1ban maradni, ez egy olyan befektet\u00e9s, amely k\u00f6nnyen l\u00e9p\u00e9st tud tartani az alap, a pil\u00f3taf\u00fclke \u00e9s m\u00e1s perif\u00e9ri\u00e1k fejl\u0151d\u00e9s\u00e9vel. Am\u00edg a MOZA mellett maradsz a b\u00e1zis miatt, ez a gomb meg fogja tartani a hely\u00e9t a rigeden.<\/p>\n<h2>MOZA E-Stop kapcsol\u00f3 akci\u00f3ban: \u00e9rz\u00e9s \u00e9s haszn\u00e1lat a j\u00e1t\u00e9kban<\/h2>\n<p>A v\u00e9szle\u00e1ll\u00edt\u00f3 gomb nem v\u00e1ltoztatja meg az er\u0151visszacsatol\u00e1s \u00e9rz\u00e9s\u00e9t, de megv\u00e1ltoztatja a b\u00e1zissal val\u00f3 kapcsolatot. Egy er\u0151s Direct Drive-on, k\u00fcl\u00f6n\u00f6sen a nagy nyomat\u00e9k be\u00e1ll\u00edt\u00e1sokn\u00e1l, mindig van egy kis \u00f3vatoss\u00e1g, amikor egy \u00faj aut\u00f3t, egy \u00faj modot vagy egy \u00faj j\u00e1t\u00e9kot ind\u00edtasz. Egy hiba egy egyszer\u0171 er\u0151visszacsatol\u00e1sb\u00f3l heves korm\u00e1nycsap\u00e1ss\u00e1 v\u00e1lhat.<\/p>\n<p>Ahol k\u00fcl\u00f6nbs\u00e9get \u00e9reztem, az az alapvet\u0151 bizalomban volt. Tudja, hogy ha egy \u0151r\u00fclt rezg\u00e9s indul be, ha az aut\u00f3 egy elrontott friss\u00edt\u00e9s ut\u00e1n \u00fagy vibr\u00e1l, mint egy l\u00e9gkalap\u00e1cs, akkor egy reflexmozdulat el\u00e9g, hogy az eg\u00e9szet le\u00e1ll\u00edtsa. Ett\u0151l m\u00e9g nem lesz pontosabb az FFB, de sokkal nyugodtabban vezethet\u00fcnk, azzal az \u00e9rz\u00e9ssel, hogy egy igazi \"biztons\u00e1gi h\u00e1l\u00f3\" van a kez\u00fcnkben. Hossz\u00fa motoroz\u00e1s k\u00f6zben ez a nyugalom sokat sz\u00e1m\u00edt.<\/p>\n<p>Gyors kanyarokban, amikor a korm\u00e1nyker\u00e9k nagy terhel\u00e9st ad vissza, n\u00e9ha el\u0151fordul, hogy egy rossz FFB-be\u00e1ll\u00edt\u00e1s vagy egy extr\u00e9m j\u00e1rm\u0171 nagyon cs\u00fany\u00e1n elrontja a korm\u00e1nyz\u00e1st egy \u00fctk\u00f6z\u00e9s sor\u00e1n. Ha az E-Stop tartom\u00e1nyban van, kev\u00e9sb\u00e9 vonakodik a magas er\u0151szintek fenntart\u00e1s\u00e1t\u00f3l. K\u00f6nnyebb egy kicsit nyomni az alapot, pontosan az\u00e9rt, mert tudja, hogy azonnal eln\u00e9m\u00edthatja, ha valami baj van. K\u00f6zvetve ez jobb fog\u00e1s\u00e9rzethez \u00e9s a Direct Drive potenci\u00e1lj\u00e1nak jobb kihaszn\u00e1l\u00e1s\u00e1hoz vezethet.<\/p>\n<p>A vibr\u00e1torokn\u00e1l, k\u00fcl\u00f6n\u00f6sen azokn\u00e1l, amelyek bizonyos p\u00e1ly\u00e1kon nagyon agressz\u00edvek, a korm\u00e1ny n\u00e9ha rezon\u00e1lhat, vagy a j\u00e1t\u00e9k irre\u00e1lis er\u0151cs\u00facsokat k\u00fcldhet. Ezekben az esetekben a v\u00e9szle\u00e1ll\u00e1s nem egy olyan funkci\u00f3, amelyet gyakran szeretn\u00e9l haszn\u00e1lni, de az egyszer\u0171 t\u00e9ny, hogy van ilyen funkci\u00f3, megv\u00e1ltoztatja a toleranci\u00e1dat ezekkel a helyzetekkel szemben. Kev\u00e9sb\u00e9 fesz\u00fclten \u00fclsz a vol\u00e1nn\u00e1l, kev\u00e9sb\u00e9 f\u00e9lsz a v\u00e1ratlan \"nagy dob\u00e1st\u00f3l\".<\/p>\n<p>Nyilv\u00e1nval\u00f3, hogy a gomb nem avatkozik be k\u00f6zvetlen\u00fcl a gyors korrekci\u00f3kba, az akaratlan sodr\u00f3d\u00e1sba vagy a cs\u00fasz\u00e1s helyre\u00e1ll\u00edt\u00e1s\u00e1ba. De a v\u00e1ratlan dolgok kezel\u00e9s\u00e9ben minden szerepet j\u00e1tszik: a men\u00fcbe val\u00f3 visszat\u00e9r\u00e9s, ami hib\u00e1san m\u0171k\u00f6dik, egy aut\u00f3, ami rosszul spawnol, egy er\u0151visszacsatol\u00e1s, ami k\u00f6z\u00e9pen elakad. Ilyenkor ezerszer jobb, ha van egy nagy piros gomb, ami egy\u00e9rtelm\u0171en azonos\u00edthat\u00f3, mintha a bekapcsol\u00f3gombot keresn\u00e9nk az alapon, vagy a padl\u00f3n l\u00e9v\u0151 t\u00e1pcsatlakoz\u00f3hoz ny\u00faln\u00e1nk.<\/p>\n<p>Egy kisebb teljes\u00edtm\u00e9ny\u0171 alaphoz k\u00e9pest, p\u00e9ld\u00e1ul egy sz\u00edjhajt\u00e1s\u00fa alaphoz vagy egy kis, alacsony nyomat\u00e9k\u00fa DD-hez k\u00e9pest az E-Stop hozz\u00e1j\u00e1rul\u00e1sa kev\u00e9sb\u00e9 d\u00f6nt\u0151 fontoss\u00e1g\u00fa. M\u00e1r fizikailag is meg tudja tartani a korm\u00e1nyt m\u00e9g a legrosszabb esetben is. De min\u00e9l nagyobb nyomat\u00e9kot haszn\u00e1lsz, ann\u00e1l ink\u00e1bb k\u00e9pes a l\u00e1nct\u00e1masz a karodra er\u0151ltetni a mozdulatokat. Ezen a ponton a v\u00e9szle\u00e1ll\u00edt\u00f3 m\u00e1r nem luxus, hanem val\u00f3di biztons\u00e1gi korl\u00e1t. M\u00e1sr\u00e9szt a professzion\u00e1lis k\u00f6rnyezetben vagy aut\u00f3s szimul\u00e1torokban haszn\u00e1lt, m\u00e9g er\u0151sebb rendszerekkel \u00f6sszehasonl\u00edtva hasonl\u00f3 logik\u00e1t tal\u00e1lunk: mindig egy nagy piros gomb, mindig el\u00e9rhet\u0151 k\u00f6zels\u00e9gben.<\/p>\n<p>Hossz\u00fa munkamenetek sor\u00e1n ez a gomb napi szinten szinte l\u00e1thatatlann\u00e1 v\u00e1lik. Alig haszn\u00e1lja. \u00c9s pontosan ezt v\u00e1rjuk el. Nem zavar, nem villog, nem ig\u00e9nyel semmilyen j\u00e1t\u00e9kbeli beavatkoz\u00e1st. Egyszer\u0171en csak ott van, \u00e9s f\u00e9l m\u00e1sodperc alatt k\u00e9szen \u00e1ll cselekedni, ha valami baj van. Az \u00e1ltal\u00e1nos \u00e9lm\u00e9ny nyugodtabb, k\u00fcl\u00f6n\u00f6sen, ha n\u00e9ha hagyod, hogy m\u00e1sok is haszn\u00e1lj\u00e1k a be\u00e1ll\u00edt\u00e1saidat.<\/p>\n<h2>Kinek sz\u00f3l? Mit szeret\u00fcnk, mit nem szeret\u00fcnk<\/h2>\n<p>A MOZA E-Stop kapcsol\u00f3 els\u0151sorban a k\u00f6zepes \u00e9s nagy teljes\u00edtm\u00e9ny\u0171 MOZA Direct Drive b\u00e1zisok felhaszn\u00e1l\u00f3it c\u00e9lozza meg. Ide\u00e1lis profilja a k\u00f6z\u00e9phalad\u00f3 vagy tapasztalt, fix cockpittal felszerelt szimul\u00e1toros versenyz\u0151, aki gyakran nagy FFB-er\u0151kkel k\u00f6zlekedik. Ha csal\u00e1dod van, gyerekek szaladg\u00e1lnak a riggel, vagy olyan bar\u00e1taid vannak, akik nem szoktak hozz\u00e1 a Direct Drive-hoz, akkor a relevanci\u00e1ja m\u00e9g egy fokozattal feljebb l\u00e9p. Egy tiszta kezd\u0151 sz\u00e1m\u00e1ra, aki egy kis, alacsony nyomat\u00e9k\u00fa alapon k\u00f6zlekedik, az el\u0151nye korl\u00e1tozottabb, m\u00e9g akkor is, ha a biztons\u00e1g szempontj\u00e1b\u00f3l tov\u00e1bbra is egy plusz.<\/p>\n<p>Els\u0151sorban az abszol\u00fat egyszer\u0171s\u00e9g\u00e9t szeretem benne. Nincs meghajt\u00f3, nincs szoftver, nincs konfigur\u00e1land\u00f3 profil. Csak csatlakoztasd be, \u00e9s m\u00e1r m\u0171k\u00f6dik is. M\u00e1sodszor, maga a gomb mechanikus tapint\u00e1sa nagyon megnyugtat\u00f3: hat\u00e1rozott \u00fat, tiszta kattint\u00e1s, \u00e9rezhet\u0151, hogy a parancsot kiadt\u00e1k. V\u00e9g\u00fcl, a MOZA \u00f6kosziszt\u00e9m\u00e1ba val\u00f3 integr\u00e1ci\u00f3 egy\u00e9rtelm\u0171en k\u00fcl\u00f6nbs\u00e9get jelent: nincs babr\u00e1l\u00e1s, nincs v\u00e9letlenszer\u0171 adapt\u00e1l\u00e1s, ezekre az alapokra tervezt\u00e9k, \u00e9s ezt \u00e9rezni is lehet.<\/p>\n<p>Ami a korl\u00e1tokat illeti, az els\u0151 nyilv\u00e1nval\u00f3: ez egy MOZA-specifikus tartoz\u00e9k. Ha k\u00e9s\u0151bb megv\u00e1ltoztatja az alapm\u00e1rk\u00e1t, akkor j\u00f3 es\u00e9llyel haszn\u00e1lhatatlann\u00e1 v\u00e1lik a f\u0151 funkci\u00f3j\u00e1ban. A m\u00e1sodik a meglehet\u0151sen nyers vizu\u00e1lis szempont. Egy nagyon takaros pil\u00f3taf\u00fclk\u00e9n n\u00e9h\u00e1nyan \u00f6r\u00fcltek volna egy kicsit t\u00f6bb diz\u00e1jnmunk\u00e1nak, vagy ak\u00e1r eleg\u00e1nsabb sz\u00edn- vagy r\u00f6gz\u00edt\u00e9si lehet\u0151s\u00e9geknek. V\u00e9g\u00fcl el kell fogadni, hogy ez egy olyan term\u00e9kbe t\u00f6rt\u00e9n\u0151 befektet\u00e9s, amelyet rem\u00e9lhet\u0151leg szinte soha nem fog haszn\u00e1lni. Teh\u00e1t t\u00f6bbet fizetsz a nyugalom\u00e9rt, mint a mindennapi funkcionalit\u00e1s\u00e9rt.<\/p>\n<p>Az \u00e9rz\u00e9kelt \u00e9rt\u00e9ket tekintve minden att\u00f3l f\u00fcgg, hogy mennyire vagy elk\u00f6telezett a szimul\u00e1toros versenyz\u00e9s ir\u00e1nt. Egy t\u00f6bb ezer eur\u00f3ba ker\u00fcl\u0151 be\u00e1ll\u00edt\u00e1s eset\u00e9ben a val\u00f3di v\u00e9szle\u00e1ll\u00edt\u00f3 gomb extra k\u00f6lts\u00e9gei koherensek, szinte nyilv\u00e1nval\u00f3ak. Egy szer\u00e9nyebb felszerel\u00e9s eset\u00e9ben a k\u00f6zvetlen k\u00f6lts\u00e9g\/haszon ar\u00e1ny kev\u00e9sb\u00e9 t\u0171nik nyilv\u00e1nval\u00f3nak, k\u00fcl\u00f6n\u00f6sen, ha korl\u00e1tozott er\u0151kkel versenyzel. De amint elkezdi val\u00f3ban kihaszn\u00e1lni a Direct Drive alaplap erej\u00e9t, a m\u00e9rleg egy\u00e9rtelm\u0171en a jav\u00e1ra billen.<\/p>\n<h2>\u00cdt\u00e9let: a MOZA E-Stop kapcsol\u00f3 val\u00f3ban megv\u00e1ltoztatja a be\u00e1ll\u00edt\u00e1st?<\/h2>\n<p>A MOZA E-Stop kapcsol\u00f3 nem egy olyan l\u00e1tv\u00e1nyos kieg\u00e9sz\u00edt\u0151, amely \u00e1talak\u00edtja a vezet\u00e9si \u00e9lm\u00e9nyt. Nem teszi gazdagabb\u00e1 az FFB-t, nem takar\u00edt meg egy m\u00e1sodpercet k\u00f6r\u00f6nk\u00e9nt, nem fokozza a hangm\u00e9lys\u00e9get. Viszont gy\u00f6keresen megv\u00e1ltoztatja azt, ahogyan az alapj\u00e1ratot a mindennapokban megtapasztalod, k\u00fcl\u00f6n\u00f6sen akkor, amikor az elkezd komoly nyomat\u00e9kot leadni.<\/p>\n<p>A piacon komoly kieg\u00e9sz\u00edt\u0151 tartoz\u00e9knak tekinthet\u0151, amelyet a MOZA k\u00f6z\u00e9pkateg\u00f3ri\u00e1s \u00e9s fels\u0151 kateg\u00f3ri\u00e1s szettjeihez terveztek. Kicsit olyan, mint a hi\u00e1nyz\u00f3 \"biztons\u00e1gi\" l\u00e1ncszem egy olyan k\u00f6rnyezetben, ahol a hat\u00f3er\u0151k nem elhanyagolhat\u00f3v\u00e1 v\u00e1lnak. Egy fejlett, szil\u00e1rd, j\u00f3l be\u00e1ll\u00edtott rig-et szem el\u0151tt tartva, ez a gomb t\u00f6k\u00e9letesen megfelel a feladatnak.<\/p>\n<p>Egy\u00e9rtelm\u0171en azoknak aj\u00e1nlom, akik rendszeresen er\u0151s MOZA-alapon lovagolnak, akik szeretik az er\u0151ket magasan tartani, \u00e9s akik szeretn\u00e9k elker\u00fclni a legkisebb kock\u00e1zatot is, mind maguk, mind a pil\u00f3taf\u00fclke k\u00f6r\u00fcl tart\u00f3zkod\u00f3k sz\u00e1m\u00e1ra. Egy nagyon alkalmi felhaszn\u00e1l\u00f3nak, aki alacsony nyomat\u00e9k\u00fa b\u00e1zissal k\u00f6zlekedik, vagy aki gyakran v\u00e1ltogatja a felszerel\u00e9s m\u00e1rk\u00e1it, ez kev\u00e9sb\u00e9 priorit\u00e1s a bev\u00e1s\u00e1rl\u00f3list\u00e1n.<\/p>\n<p>Ha egy komoly MOZA Direct Drive-ot szeretne biztos\u00edtani, hogy nyugodtan vezethessen, \u00e9s probl\u00e9ma eset\u00e9n mindent egy \u00e9rint\u00e9ssel kikapcsolhasson, akkor ez a term\u00e9k egy\u00e9rtelm\u0171en sokat sz\u00e1m\u00edthat a be\u00e1ll\u00edt\u00e1sokn\u00e1l.<\/p>","protected":false},"excerpt":{"rendered":"<p>Ez a gomb mindenekel\u0151tt megv\u00e1ltoztatja az er\u0151teljes Direct Drive alapj\u00e1rat megtapasztal\u00e1s\u00e1t: nyugodtabban, egy val\u00f3di biztons\u00e1gi h\u00e1l\u00f3val, amely mindig k\u00e9zn\u00e9l van. \u00c9rtelemszer\u0171en a k\u00f6z\u00e9phalad\u00f3 \u00e9s halad\u00f3 MOZA felhaszn\u00e1l\u00f3k sz\u00e1m\u00e1ra, fix riggel \u00e9s nagy FFB er\u0151kkel, k\u00fcl\u00f6n\u00f6sen csal\u00e1di k\u00f6rnyezetben. Az \u00e9rt\u00e9k egy\u00e9rtelm\u0171en a nyugalomban rejlik, nem pedig a teljes\u00edtm\u00e9nyben.<\/p>","protected":false},"featured_media":101376,"comment_status":"open","ping_status":"closed","template":"","meta":{"_acf_changed":false,"_et_pb_use_builder":"","_et_pb_old_content":"","_et_gb_content_width":""},"product_brand":[165],"product_cat":[153],"product_tag":[149],"class_list":{"0":"post-101375","1":"product","2":"type-product","3":"status-publish","4":"has-post-thumbnail","6":"product_brand-moza-racing","7":"product_cat-accessoires","8":"product_tag-pc","10":"first","11":"instock","12":"shipping-taxable","13":"product-type-external"},"acf":[],"_links":{"self":[{"href":"https:\/\/simracergear.com\/hu\/wp-json\/wp\/v2\/product\/101375","targetHints":{"allow":["GET"]}}],"collection":[{"href":"https:\/\/simracergear.com\/hu\/wp-json\/wp\/v2\/product"}],"about":[{"href":"https:\/\/simracergear.com\/hu\/wp-json\/wp\/v2\/types\/product"}],"replies":[{"embeddable":true,"href":"https:\/\/simracergear.com\/hu\/wp-json\/wp\/v2\/comments?post=101375"}],"wp:featuredmedia":[{"embeddable":true,"href":"https:\/\/simracergear.com\/hu\/wp-json\/wp\/v2\/media\/101376"}],"wp:attachment":[{"href":"https:\/\/simracergear.com\/hu\/wp-json\/wp\/v2\/media?parent=101375"}],"wp:term":[{"taxonomy":"product_brand","embeddable":true,"href":"https:\/\/simracergear.com\/hu\/wp-json\/wp\/v2\/product_brand?post=101375"},{"taxonomy":"product_cat","embeddable":true,"href":"https:\/\/simracergear.com\/hu\/wp-json\/wp\/v2\/product_cat?post=101375"},{"taxonomy":"product_tag","embeddable":true,"href":"https:\/\/simracergear.com\/hu\/wp-json\/wp\/v2\/product_tag?post=101375"}],"curies":[{"name":"wp","href":"https:\/\/api.w.org\/{rel}","templated":true}]}}