{"id":101383,"date":"2025-05-15T08:09:00","date_gmt":"2025-05-15T08:09:00","guid":{"rendered":"https:\/\/simracergear.com\/products\/moza-es-steering-wheel\/"},"modified":"2025-11-28T05:20:38","modified_gmt":"2025-11-28T05:20:38","slug":"moza-es-steering-wheel","status":"publish","type":"product","link":"https:\/\/simracergear.com\/hu\/products\/moza-es-steering-wheel\/","title":{"rendered":"MOZA ES korm\u00e1nyker\u00e9k"},"content":{"rendered":"<h2>MOZA ES korm\u00e1nyker\u00e9k: bel\u00e9p\u0151 szint\u0171 korm\u00e1nyker\u00e9k, amely a nagy lig\u00e1ban akar j\u00e1tszani<\/h2>\n<p>A MOZA ES korm\u00e1nyker\u00e9k a MOZA \u00f6kosziszt\u00e9m\u00e1ban az \"alap\" korm\u00e1nyker\u00e9k, amelyet gyakran a m\u00e1rka kisebb Direct Drive alapokhoz k\u00f6tnek. Pap\u00edron azoknak sz\u00f3l, akik komolyan szeretn\u00e9nek belev\u00e1gni a szimul\u00e1toros versenyz\u00e9sbe an\u00e9lk\u00fcl, hogy elsz\u00farn\u00e1k a k\u00f6lts\u00e9gvet\u00e9s\u00fcket, mik\u00f6zben k\u00e9s\u0151bb kompatibilisek maradnak egy er\u0151sebb alaplappal.<\/p>\n<p>Egyszer\u0171 kombin\u00e1ci\u00f3t \u00edg\u00e9r: megfizethet\u0151 \u00e1r, modern megjelen\u00e9s, teljes k\u00f6r\u0171 gombok \u00e9s tiszta integr\u00e1ci\u00f3 a MOZA \u00f6kosziszt\u00e9m\u00e1ba. Az elk\u00e9pzel\u00e9s vil\u00e1gos: olyan korm\u00e1nyt k\u00edn\u00e1lni, amely el\u00e9g sokoldal\u00faan haszn\u00e1lhat\u00f3 a GT, a t\u00faraaut\u00f3z\u00e1s \u00e9s egy kis raliz\u00e1s ter\u00e9n, an\u00e9lk\u00fcl, hogy olcs\u00f3 j\u00e1t\u00e9knak t\u0171nne.<\/p>\n<p>Az \u00e9n szemsz\u00f6gem itt kett\u0151s: egyr\u00e9szt az \u00e9p\u00edt\u00e9si min\u0151s\u00e9g \u00e9s a mindennapi k\u00e9nyelem. M\u00e1sr\u00e9szt a pontoss\u00e1g \u00e9s a tapint\u00e1s, k\u00fcl\u00f6n\u00f6sen a dr\u00e1g\u00e1bb f\u00e9m \u00e9s b\u0151r\/Alcantara korm\u00e1nyker\u00e9kkel \u00f6sszehasonl\u00edtva. A c\u00e9l az, hogy l\u00e1ssuk, vajon ez a bel\u00e9p\u0151 szint\u0171 korm\u00e1nyker\u00e9k meg\u00e1llja-e a hely\u00e9t egy MOZA be\u00e1ll\u00edt\u00e1sban, vagy els\u0151sorban \u00e1tmeneti megold\u00e1sk\u00e9nt kell tekinteni valami jobb fel\u00e9.<\/p>\n<h2>Kialak\u00edt\u00e1s \u00e9s gy\u00e1rt\u00e1s: egyszer\u0171, letisztult, de egy\u00e9rtelm\u0171en bel\u00e9p\u0151szint\u0171<\/h2>\n<p>Vizu\u00e1lisan a MOZA ES korm\u00e1nyker\u00e9k egy modern szimul\u00e1toros versenykorm\u00e1ny minden elem\u00e9t tartalmazza: GT-szer\u0171 forma, sz\u00e1mos gomb az el\u00fcls\u0151 oldalon, egy sebess\u00e9gv\u00e1lt\u00f3 lap\u00e1t \u00e9s meglehet\u0151sen agressz\u00edv kialak\u00edt\u00e1s. Az asztalon vagy a pil\u00f3taf\u00fclk\u00e9ben els\u0151 pillant\u00e1sra nem t\u0171nik \"j\u00e1t\u00e9knak\", ami m\u00e1r \u00f6nmag\u00e1ban is j\u00f3 pont a kateg\u00f3ri\u00e1j\u00e1ban.<\/p>\n<p>K\u00e9zben tartva az \u00e9rz\u00e9s azonnal el\u00e1rulja a tartom\u00e1nyban elfoglalt hely\u00e9t. A k\u00f6zponti test f\u00e9mb\u0151l k\u00e9sz\u00fclt, el\u0151lapja tisztess\u00e9ges merevs\u00e9g benyom\u00e1s\u00e1t kelti. A foganty\u00fak viszont szintetikus anyagb\u00f3l k\u00e9sz\u00fcltek, mint textur\u00e1lt m\u0171anyag, pr\u00e9mium bevonat n\u00e9lk\u00fcl. Azonnal \u00e9rezhet\u0151: ez nem b\u0151r, ez nem Alcantara. A kezek kicsit k\u00f6nnyebben cs\u00fasznak, k\u00fcl\u00f6n\u00f6sen izzad\u00e1s eset\u00e9n, \u00e9s a tapint\u00e1s kev\u00e9sb\u00e9 meleg.<\/p>\n<p>Az \u00e1ltal\u00e1nos merevs\u00e9g tov\u00e1bbra is kiel\u00e9g\u00edt\u0151 a bel\u00e9p\u0151 szint\u0171 vagy k\u00f6z\u00e9pkateg\u00f3ri\u00e1s alapokkal val\u00f3 haszn\u00e1lathoz. A korm\u00e1nyker\u00e9k nem csavarodik el t\u00falzottan, ha er\u0151ltetj\u00fck, \u00e9s a szerelv\u00e9nyek nem nyikorognak. A gombok tiszt\u00e1n \u00e9s meglehet\u0151sen sz\u00e1razon kattannak, \u00e9s nagyobb bizalmat \u00e9bresztenek, mint amekkor\u00e1t az \u00e1r sugall. Ez messze elmarad n\u00e9h\u00e1ny bel\u00e9p\u0151 szint\u0171 korm\u00e1nyker\u00e9k petyh\u00fcdt gombjait\u00f3l.<\/p>\n<p>A sebess\u00e9gv\u00e1lt\u00f3 lap\u00e1tok kiss\u00e9 vegyesebb k\u00e9pet mutatnak. Megfelel\u0151en hangs\u00falyos kattan\u00e1ssal teszik a dolgukat, de a mechanikus \u00e9rz\u00e9sben nincs semmi luxus: fut\u00e1s k\u00f6zben kiss\u00e9 m\u0171anyag, \u00e9s egy kicsit zajos is. Az ugyanabb\u00f3l az \u00f6kosziszt\u00e9m\u00e1b\u00f3l sz\u00e1rmaz\u00f3 ig\u00e9nyesebb korm\u00e1nyker\u00e9kkel vagy a konkurens teljes f\u00e9m korm\u00e1nyker\u00e9kkel \u00f6sszehasonl\u00edtva a s\u0171r\u0171s\u00e9g \u00e9s a precizit\u00e1s \u00e9rzet\u00e9t vesz\u00edtj\u00fck el.<\/p>\n<p>A piacon kaphat\u00f3 t\u00f6bbi \"bel\u00e9p\u0151 szint\u0171\" korm\u00e1nyker\u00e9kkel \u00f6sszehasonl\u00edtva a MOZA ES becs\u00fcletesen meg\u00e1llja a hely\u00e9t: nem \u00e9rz\u0151dik t\u00f6r\u00e9kenynek, nem nyikorog minden ir\u00e1nyban, \u00e9s az \u00e1ltal\u00e1nos kialak\u00edt\u00e1sa is tetszet\u0151s marad. Ha azonban valaha is f\u00e9m\/Alcantara vagy b\u0151r korm\u00e1nyker\u00e9kre tette a kez\u00e9t, azonnal \u00e9rezni fogja a min\u0151s\u00e9gi l\u00e9p\u00e9st.<\/p>\n<h2>Be\u00e1ll\u00edt\u00e1sok, testreszab\u00e1s \u00e9s kompatibilit\u00e1s: az alapvet\u0151 dolgok megvannak<\/h2>\n<p>A MOZA ES korm\u00e1nyker\u00e9k a m\u00e1rka szoftver\u00e9be van integr\u00e1lva, ami jelent\u0151sen leegyszer\u0171s\u00edti a dolgokat. Minden fontos be\u00e1ll\u00edt\u00e1s ugyanabban a k\u00f6rnyezetben t\u00f6rt\u00e9nik, mint az alap korm\u00e1nyker\u00e9kn\u00e9l: gombok lek\u00e9pez\u00e9se, \u00e9rz\u00e9kenys\u00e9g, forgat\u00e1s, j\u00e1t\u00e9konk\u00e9nti profilok. Egy bel\u00e9p\u0151 szint\u0171 korm\u00e1nyker\u00e9k eset\u00e9ben ez igazi b\u00f3nusz, hiszen nem kell t\u00f6bb eszk\u00f6zzel vagy konfigur\u00e1ci\u00f3s r\u00e9teggel k\u00fcszk\u00f6dni.<\/p>\n<p>A legt\u00f6bb j\u00e1t\u00e9kban elegend\u0151 gomb van a f\u0151bb funkci\u00f3k lefed\u00e9s\u00e9re: kil\u00e1t\u00e1s, boxutca-korl\u00e1toz\u00f3, f\u00e9nysz\u00f3r\u00f3k, r\u00e1di\u00f3, DRS, a szak\u00e1gt\u00f3l f\u00fcgg\u0151en. Az elrendez\u00e9s logikus \u00e9s n\u00e9h\u00e1ny \u00fcl\u00e9s ut\u00e1n viszonylag k\u00f6nnyen megjegyezhet\u0151. Nem rendelkezik egy versenyorient\u00e1lt korm\u00e1nyker\u00e9k gazdags\u00e1g\u00e1val vagy testreszabhat\u00f3s\u00e1g\u00e1val, ahol mindenhol forgat\u00f3gombok vannak, de norm\u00e1l GT\/p\u00e1lya haszn\u00e1latra b\u0151ven megfelel a c\u00e9lnak.<\/p>\n<p>A testreszab\u00e1s els\u0151sorban a szoftverprofilokon kereszt\u00fcl t\u00f6rt\u00e9nik. A forg\u00e1si sz\u00f6get a sport\u00e1gnak megfelel\u0151en m\u00f3dos\u00edthatja, be\u00e1ll\u00edthatja az alapon l\u00e9v\u0151 er\u0151visszacsatol\u00e1s \u00e1ltal\u00e1nos kem\u00e9nys\u00e9g\u00e9t, \u00e9s minden j\u00e1t\u00e9khoz k\u00fcl\u00f6nb\u00f6z\u0151 el\u0151be\u00e1ll\u00edt\u00e1sokat t\u00e1rs\u00edthat. Maga a korm\u00e1nyker\u00e9k nem k\u00edn\u00e1l fizikai be\u00e1ll\u00edt\u00e1si lehet\u0151s\u00e9geket (fix \u00e1tm\u00e9r\u0151, nincsenek modulok, nincsenek cser\u00e9lhet\u0151 markolatok), de ez ebben a tartom\u00e1nyban nem megd\u00f6bbent\u0151.<\/p>\n<p>A tanul\u00e1si g\u00f6rbe tov\u00e1bbra is szel\u00edd. Egy olyan felhaszn\u00e1l\u00f3 sz\u00e1m\u00e1ra, aki m\u00e9g nem ismeri a szimul\u00e1toros versenyz\u00e9st PC-n, a MOZA-alapon t\u00f6rt\u00e9n\u0151 elsaj\u00e1t\u00edt\u00e1s gyerekj\u00e1t\u00e9k. Bedugja, egyszer-k\u00e9tszer konfigur\u00e1lja, \u00e9s m\u00e1r mehet is. Ha ragaszkodsz a r\u00e9szletekhez, b\u00e1rmikor t\u00f6lthetsz id\u0151t az egyes j\u00e1t\u00e9kok finomhangol\u00e1s\u00e1val, de nem kell, ha \u00e9lvezni akarod a komb\u00f3t.<\/p>\n<p>Ami a kompatibilit\u00e1st illeti, a MOZA ES-t els\u0151sorban PC-kre tervezt\u00e9k, ak\u00e1rcsak az \u00f6kosziszt\u00e9ma t\u00f6bbi r\u00e9sz\u00e9t. Konzolokon nagyon er\u0151sen f\u00fcgg\u00fcnk az alapokt\u00f3l \u00e9s azok saj\u00e1t kompatibilit\u00e1s\u00e1t\u00f3l, ami n\u00e9mileg korl\u00e1tozza az \u00e9rdekess\u00e9g\u00e9t a tiszt\u00e1n konzolos j\u00e1t\u00e9kosok sz\u00e1m\u00e1ra. Egy teljes MOZA-\u00f6kosziszt\u00e9m\u00e1ba viszont term\u00e9szetesen illeszkedik: Direct Drive l\u00e1nctalpak, ped\u00e1lok, v\u00e1lt\u00f3, k\u00e9zif\u00e9k \u00e9s sz\u00fcks\u00e9g eset\u00e9n dedik\u00e1lt cockpit.<\/p>\n<p>A fejleszthet\u0151s\u00e9g szempontj\u00e1b\u00f3l a MOZA ES egy\u00e9rtelm\u0171en a bel\u00e9p\u00e9si pont szerep\u00e9t t\u00f6lti be. Lehet\u0151v\u00e9 teszi a kezd\u00e9st an\u00e9lk\u00fcl, hogy elsz\u00farn\u00e1 a k\u00f6lts\u00e9gvet\u00e9st, de k\u00e9s\u0151bb teljesen term\u00e9szetesen lecser\u00e9lhet\u0151 egy pr\u00e9miumabb korm\u00e1nyker\u00e9kre, mik\u00f6zben ugyanaz az alap \u00e9s a t\u00f6bbi be\u00e1ll\u00edt\u00e1s megmarad. Kompatibilis a m\u00e1rka er\u0151sebb alapokkal, de nem ez az, amelyik lehet\u0151v\u00e9 teszi, hogy teljes m\u00e9rt\u00e9kben kihaszn\u00e1lja az er\u0151s Direct Drive el\u0151nyeit.<\/p>\n<h2>J\u00e1t\u00e9k k\u00f6zbeni \u00e9rz\u00e9sek: hat\u00e9kony \u00e9s k\u00f6nnyen olvashat\u00f3, de a tervez\u00e9s miatt korl\u00e1tozott.<\/h2>\n<p>A p\u00e1ly\u00e1ra \u00e9rve a MOZA ES korm\u00e1nyker\u00e9k megmutatja a hely\u00e9t: nem korl\u00e1tozza teljesen az alapot, de nem is l\u00e9pi \u00e1t az \u00e9rz\u00e9st. Tiszt\u00e1n \u00e9rezhet\u0151 m\u00f6g\u00f6tte a MOZA Direct Drive alap, tiszta, pontos er\u0151visszacsatol\u00e1ssal, de a korm\u00e1nyker\u00e9k fizikai sz\u0171r\u0151k\u00e9nt hat, f\u0151k\u00e9nt az anyaga \u00e9s az \u00e1tm\u00e9r\u0151je miatt.<\/p>\n<p>A visszajelz\u00e9sek pontoss\u00e1g\u00e1t tekintve a korm\u00e1nyz\u00e1s tov\u00e1bbra is olvashat\u00f3. \u00c9rthet\u0151, hogy mit csin\u00e1l az aut\u00f3, \u00e9rezni lehet, mikor van k\u00f6z\u00e9pen, mikor kezd el mozogni a h\u00e1ts\u00f3 r\u00e9sz, \u00e9s mikor van egy kis t\u00f6meg\u00e1thelyez\u00e9s. A bel\u00e9p\u0151szint\u0171 Direct Drive alapon a komb\u00f3 m\u00e9g mindig nagyon tisztess\u00e9ges az \u00e1r\u00e1hoz k\u00e9pest. A k\u00f6zponti karossz\u00e9ria merev szerkezete j\u00f3l megbirk\u00f3zik az FFB nagy elt\u00e9r\u00e9seivel.<\/p>\n<p>A kanyarokban a tapad\u00e1si \u00e9rt\u00e9kek megfelel\u0151ek, am\u00edg a \"tiszta\" vezet\u00e9si st\u00edlust k\u00f6veti. \u00c9rezhet\u0151 a gumiabroncs terhel\u00e9se, az alulkorm\u00e1nyzotts\u00e1g kezdete \u00e9s a tapad\u00e1s enyhe cs\u00f6kken\u00e9se. Ahol a k\u00fcl\u00f6nbs\u00e9get az ig\u00e9nyesebb korm\u00e1nyker\u00e9khez k\u00e9pest \u00e9rezni lehet, az a mikro r\u00e9szletek: az apr\u00f3, nagyon finom rezg\u00e9sek \u00e9s a p\u00e1lya text\u00far\u00e1j\u00e1nak legapr\u00f3bb v\u00e1ltoz\u00e1sai kev\u00e9sb\u00e9 \u00e9rz\u00e9kelhet\u0151ek. A markolatok anyaga egy kicsit elnyeli az egyes \u00e1rnyalatokat.<\/p>\n<p>A vibr\u00e1torokon az \u00e9rz\u00e9s egy\u00e9rtelm\u0171 marad: \u00e9rezheti, hogy mikor kapcsol be, mikor kapcsol ki, \u00e9s milyen intenzit\u00e1ssal. A nagy F1 vagy GT3 t\u00edpus\u00fa vibr\u00e1torok el\u00e9gg\u00e9 megr\u00e1zz\u00e1k a korm\u00e1nyt ahhoz, hogy a fizikai jelenl\u00e9t benyom\u00e1s\u00e1t kelts\u00e9k. Itt is az alap teszi a munka nagy r\u00e9sz\u00e9t, \u00e9s a korm\u00e1nyker\u00e9k megfelel\u0151en k\u00f6zvet\u00edti a nagy inform\u00e1ci\u00f3kat. M\u00e1sr\u00e9szt bizonyos vibr\u00e1torok vagy \u00e9lek pontos text\u00far\u00e1ja kicsit sim\u00e1bb, mint amit egy merevebb, jobban megmunk\u00e1lt korm\u00e1nyker\u00e9kn\u00e9l kapunk.<\/p>\n<p>A gyors korrekci\u00f3k elv\u00e9gz\u00e9s\u00e9n\u00e9l a MOZA ES \u00e1tm\u00e9r\u0151je \u00e9s \u00e9sszer\u0171 s\u00falya seg\u00edt. A korm\u00e1nyker\u00e9k k\u00f6nnyen megfoghat\u00f3, \u00e9s a hirtelen ir\u00e1nyv\u00e1lt\u00e1sok nem ig\u00e9nyelnek t\u00falzott er\u0151fesz\u00edt\u00e9st. T\u00falkorm\u00e1nyzotts\u00e1g eset\u00e9n utol\u00e9rhetj\u00fck, korrig\u00e1lhatunk egy kanyar k\u00f6zep\u00e9n, an\u00e9lk\u00fcl, hogy a korm\u00e1nyker\u00e9k tehetetlens\u00e9g\u00e9vel kellene megk\u00fczden\u00fcnk. Ez \u00e9rdekes pont a kezd\u0151k vagy a halad\u00f3k sz\u00e1m\u00e1ra: a korm\u00e1nyker\u00e9k nem f\u00e1rad el t\u00fals\u00e1gosan, m\u00e9g hosszabb \u00fcl\u00e9sek sor\u00e1n sem.<\/p>\n<p>Hossz\u00fa munkamenetek sor\u00e1n a k\u00e9nyelem k\u00f6r\u00fclbel\u00fcl \u00e1tlagos. A pr\u00e9mium bor\u00edt\u00e1s hi\u00e1nya hat\u00e1ssal van a k\u00e9z fog\u00e1s\u00e1ra: id\u0151vel, k\u00fcl\u00f6n\u00f6sen keszty\u0171 n\u00e9lk\u00fcl, jobban r\u00e1\u00e9rez a m\u0171anyag anyagra, amely kiss\u00e9 cs\u00fasz\u00f3s \u00e9s kev\u00e9sb\u00e9 kellemes. A kezek valamivel jobban izzadnak \u00e9s cs\u00fasznak, mint egy b\u0151r vagy Alcantara t\u00edpus\u00fa bor\u00edt\u00e1ssal, ami id\u0151vel ronthatja a korm\u00e1nyz\u00e1s pontoss\u00e1g\u00e1t.<\/p>\n<p>Az \u00e1ltal\u00e1nos mer\u00edt\u00e9s szempontj\u00e1b\u00f3l a komb\u00f3 tov\u00e1bbra is kiel\u00e9g\u00edt\u0151 egy visszafogott k\u00f6lts\u00e9gvet\u00e9shez. A korm\u00e1nyz\u00e1s \u00fagy mozog, ahogy elv\u00e1rhat\u00f3, a rezg\u00e9sek a megfelel\u0151 pillanatban \u00e9rkeznek, \u00e9s az aut\u00f3 \"\u00e9l\" a kezedben. A bel\u00e9p\u0151 szint\u0171 korm\u00e1nyker\u00e9kkel ell\u00e1tott, sz\u00edjhajt\u00e1s\u00fa alaphoz k\u00e9pest egy\u00e9rtelm\u0171en nyer\u00fcnk a reakci\u00f3k\u00e9szs\u00e9gben \u00e9s a visszajelz\u00e9sek \u00e9less\u00e9g\u00e9ben. Egy er\u0151sebb, fels\u0151kateg\u00f3ri\u00e1s korm\u00e1nyker\u00e9kkel felszerelt MOZA alaphoz k\u00e9pest \u00e9rezz\u00fck a plafont: az alap t\u00f6bb r\u00e9szletet tudna k\u00fcldeni, de a korm\u00e1nyker\u00e9k nem emeli ki \u0151ket teljesen.<\/p>\n<p>Ez a korm\u00e1nyker\u00e9k nem rontja el a Direct Drive \u00e9lm\u00e9ny\u00e9t, hanem leegyszer\u0171s\u00edti azt. A jobb \u00e9rz\u00e9sekhez vezet\u0151 el\u00e9rhet\u0151 kapuk\u00e9nt szolg\u00e1l, de soha nem lesz az er\u0151s l\u00e1ncszem egy tiszt\u00e1n teljes\u00edtm\u00e9nyorient\u00e1lt be\u00e1ll\u00edt\u00e1sban.<\/p>\n<h2>Kinek sz\u00f3l? Tulajdons\u00e1gok, korl\u00e1tok \u00e9s val\u00f3di \u00e9rt\u00e9k<\/h2>\n<p>A MOZA ES korm\u00e1nyker\u00e9k els\u0151sorban a motiv\u00e1lt kezd\u0151knek \u00e9s a k\u00f6z\u00e9phalad\u00f3 j\u00e1t\u00e9kosoknak sz\u00f3l, akik az els\u0151 igazi Direct Drive-alap\u00fa be\u00e1ll\u00edt\u00e1sukat \u00e1ll\u00edtj\u00e1k \u00f6ssze. Ha egy nagyon mainstream korm\u00e1nyker\u00e9kr\u0151l \u00e9rkezel, \u00e9s bel\u00e9psz a MOZA \u00f6kosziszt\u00e9m\u00e1ba, akkor ennek a korm\u00e1nyker\u00e9knek van \u00e9rtelme: tiszta er\u0151visszacsatol\u00e1st, modern ergon\u00f3mi\u00e1t \u00e9s foly\u00e9kony integr\u00e1ci\u00f3t kapsz, massz\u00edv t\u00f6bbletk\u00f6lts\u00e9gek n\u00e9lk\u00fcl.<\/p>\n<p>A pozit\u00edv oldalon az els\u0151 dolog, ami kiemelkedik, a MOZA \u00f6kosziszt\u00e9m\u00e1n bel\u00fcli funkcionalit\u00e1s\/\u00e1r ar\u00e1ny. Egy \"alap\" korm\u00e1nyker\u00e9khez k\u00e9pest elegend\u0151 gombot, vil\u00e1gos ergon\u00f3mi\u00e1t \u00e9s k\u00f6zvetlen kompatibilit\u00e1st k\u00edn\u00e1l a m\u00e1rka alapjaival, nem kell bark\u00e1csolni. M\u00e1sodszor, viszonylagos k\u00f6nny\u0171s\u00e9ge \u00e9s \u00e9sszer\u0171 \u00e1tm\u00e9r\u0151je miatt k\u00f6nnyen kezelhet\u0151, ide\u00e1lis a tanul\u00e1shoz vagy egy sor tr\u00fckk elv\u00e9gz\u00e9s\u00e9hez an\u00e9lk\u00fcl, hogy elf\u00e1radna. Harmadszor, az \u00e1ltal\u00e1nos \u00e9p\u00edt\u00e9si min\u0151s\u00e9g megnyugtat\u00f3 ehhez a term\u00e9kcsal\u00e1dhoz k\u00e9pest: nincs \u00fcreges j\u00e1t\u00e9k\u00e9rzet, nincs durva \u00f6sszeszerel\u00e9s.<\/p>\n<p>Vannak hat\u00e1rok, \u00e9s ezeknek vil\u00e1gosnak kell lenni\u00fck. Az els\u0151 az, hogy milyen \u00e9rz\u00e9s a k\u00e9zben: a markolatok anyaga \u00e9s a pr\u00e9mium bevonat hi\u00e1nya cs\u00f6kkenti a k\u00e9nyelmet \u00e9s a tapad\u00e1st, k\u00fcl\u00f6n\u00f6sen hossz\u00fa munkamenetek sor\u00e1n vagy keszty\u0171 n\u00e9lk\u00fcl. A m\u00e1sodik korl\u00e1t az, hogy a korm\u00e1nyker\u00e9k nem haszn\u00e1lja ki teljes m\u00e9rt\u00e9kben a leger\u0151sebb MOZA-alapokat: a nagy er\u0151ket j\u00f3l tov\u00e1bb\u00edtja, de n\u00e9h\u00e1ny finom r\u00e9szletet elsim\u00edt. A harmadik korl\u00e1t az, hogy a hardveres testreszabhat\u00f3s\u00e1g hi\u00e1nya (nincsenek modulok, nincsenek cser\u00e9lhet\u0151 lemezek vagy markolatok) azt jelenti, hogy a korm\u00e1ny n\u00e9mileg megrekedt egy generalista szerepk\u00f6rben, nincs specializ\u00e1l\u00f3dva a GT, F1 vagy rallye versenyekre.<\/p>\n<p>Az \u00e9rz\u00e9kelt \u00e9rt\u00e9k szempontj\u00e1b\u00f3l minden a kiindul\u00f3pontt\u00f3l f\u00fcgg. Ha szer\u00e9ny k\u00f6lts\u00e9gvet\u00e9sb\u0151l \u00e1ll\u00edtod \u00f6ssze az els\u0151 Direct Drive be\u00e1ll\u00edt\u00e1sodat, a MOZA ES-nek van \u00e9rtelme: lehet\u0151v\u00e9 teszi, hogy a MOZA vil\u00e1g\u00e1ba bel\u00e9pj an\u00e9lk\u00fcl, hogy a bankot t\u00f6nkretenn\u00e9d, mik\u00f6zben megmarad a lehet\u0151s\u00e9g a ker\u00e9k k\u00e9s\u0151bbi fejleszt\u00e9s\u00e9re. Ha m\u00e1r biztos vagy benne, hogy valami nagyon mag\u00e1val ragad\u00f3 \u00e9s pr\u00e9mium kateg\u00f3ri\u00e1sat szeretn\u00e9l, a befektet\u00e9s val\u00f3sz\u00edn\u0171leg relev\u00e1nsabb lesz k\u00f6zvetlen\u00fcl egy jobban kidolgozott korm\u00e1nyker\u00e9kbe, m\u00e9g akkor is, ha a kezdeti k\u00f6lts\u00e9g magasabb.<\/p>\n<h2>\u00cdt\u00e9let: j\u00f3 bel\u00e9p\u0151jegy a MOZA \u00f6kosziszt\u00e9m\u00e1ba<\/h2>\n<p>A MOZA ES korm\u00e1nyker\u00e9k egy dolgot hoz egy be\u00e1ll\u00edt\u00e1shoz: egy egyszer\u0171, koherens \u00e9s funkcion\u00e1lis bel\u00e9p\u00e9si pontot a m\u00e1rka Direct Drive \u00f6kosziszt\u00e9m\u00e1j\u00e1ba. Lehet\u0151v\u00e9 teszi, hogy kihaszn\u00e1lja a MOZA alapjait an\u00e9lk\u00fcl, hogy t\u00fals\u00e1gosan sokat kellene befektetnie egy cs\u00facsmin\u0151s\u00e9g\u0171 korm\u00e1nyker\u00e9kbe, \u00e9s hogy egy olyan kombin\u00e1ci\u00f3val rendelkezzen, amely m\u00e1r messze fel\u00fclm\u00falja a nagyon mainstream sz\u00edjhajt\u00e1s\u00fa megold\u00e1sokat.<\/p>\n<p>A piacon egy\u00e9rtelm\u0171en k\u00f6z\u00e9p- \u00e9s als\u00f3 kateg\u00f3ri\u00e1s, \u00e1tmeneti korm\u00e1nyker\u00e9kk\u00e9nt poz\u00edcion\u00e1lj\u00e1k. Nem a pr\u00e9mium k\u00e1rty\u00e1t j\u00e1tssza ki, hanem a hozz\u00e1f\u00e9rhet\u0151t: elegend\u0151 gomb, modern design, tisztess\u00e9ges kivitelez\u00e9s, k\u00f6zvetlen kompatibilit\u00e1s. K\u00fcl\u00f6n\u00f6sen j\u00f3l illeszkedik a kis MOZA-alapokkal rendelkez\u0151 csomagokhoz, ahol mind anyagilag, mind az \u00e1ltal\u00e1nos koherencia szempontj\u00e1b\u00f3l van \u00e9rtelme.<\/p>\n<p>Aj\u00e1nlan\u00e1m olyan PC-s j\u00e1t\u00e9kosoknak, akik komoly kezd\u0151k vagy halad\u00f3k, akik el\u0151sz\u00f6r belek\u00f3stolnak a Direct Drive-ba an\u00e9lk\u00fcl, hogy az els\u0151 v\u00e1s\u00e1rl\u00e1skor az \u00f6sszes p\u00e9nz\u00fcket egy korm\u00e1nyker\u00e9kre akarn\u00e1k k\u00f6lteni. Egy nagyon ig\u00e9nyes szimul\u00e1torosnak, aki a tiszta teljes\u00edtm\u00e9nyre vagy az ultradet\u00e1lis \u00e9rzetre t\u00f6rekszik, nem ez lesz a legjobb v\u00e1laszt\u00e1s: egy izmosabb, jobban kidolgozott \u00e9s jobban f\u0171z\u00f6tt korm\u00e1nyker\u00e9k hamar meg\u00e1llja a hely\u00e9t.<\/p>\n<p>Ha az els\u0151 MOZA korm\u00e1nykerek\u00e9t keresi, amely funkcion\u00e1lis, megfizethet\u0151 \u00e9s el\u00e9g ahhoz, hogy elkezdje a Direct Drive-ot an\u00e9lk\u00fcl, hogy a bankot megt\u00f6rn\u00e9, akkor ez a term\u00e9k mindent megv\u00e1ltoztathat a be\u00e1ll\u00edt\u00e1saihoz.<\/p>","protected":false},"excerpt":{"rendered":"<p>Ez a ker\u00e9k tiszta, koherens \u00e9lm\u00e9nyt ny\u00fajt a Direct Drive felfedez\u00e9s\u00e9hez, an\u00e9lk\u00fcl, hogy j\u00e1t\u00e9kszernek \u00e9rezn\u00e9 mag\u00e1t, vagy feleslegesen bonyolult lenne, de hamarosan \u00e9rezni fogja a hat\u00e1rait a k\u00e9nyelem \u00e9s a finomhangolt \u00e9rz\u00e9sek tekintet\u00e9ben. Legink\u00e1bb motiv\u00e1lt kezd\u0151knek \u00e9s k\u00f6z\u00e9phalad\u00f3 PC-j\u00e1t\u00e9kosoknak aj\u00e1nlott, akik az els\u0151 MOZA-be\u00e1ll\u00edt\u00e1sukat a k\u00f6lts\u00e9gvet\u00e9s\u00fckb\u0151l \u00e1ll\u00edtj\u00e1k \u00f6ssze. Az \u00e1r\u00e1hoz k\u00e9pest a csomag logikus \u00e9s relev\u00e1ns marad.<\/p>","protected":false},"featured_media":101384,"comment_status":"open","ping_status":"closed","template":"","meta":{"_acf_changed":false,"_et_pb_use_builder":"","_et_pb_old_content":"","_et_gb_content_width":""},"product_brand":[165],"product_cat":[156],"product_tag":[149],"class_list":{"0":"post-101383","1":"product","2":"type-product","3":"status-publish","4":"has-post-thumbnail","6":"product_brand-moza-racing","7":"product_cat-roue-de-volant","8":"product_tag-pc","10":"first","11":"instock","12":"shipping-taxable","13":"product-type-external"},"acf":[],"_links":{"self":[{"href":"https:\/\/simracergear.com\/hu\/wp-json\/wp\/v2\/product\/101383","targetHints":{"allow":["GET"]}}],"collection":[{"href":"https:\/\/simracergear.com\/hu\/wp-json\/wp\/v2\/product"}],"about":[{"href":"https:\/\/simracergear.com\/hu\/wp-json\/wp\/v2\/types\/product"}],"replies":[{"embeddable":true,"href":"https:\/\/simracergear.com\/hu\/wp-json\/wp\/v2\/comments?post=101383"}],"wp:featuredmedia":[{"embeddable":true,"href":"https:\/\/simracergear.com\/hu\/wp-json\/wp\/v2\/media\/101384"}],"wp:attachment":[{"href":"https:\/\/simracergear.com\/hu\/wp-json\/wp\/v2\/media?parent=101383"}],"wp:term":[{"taxonomy":"product_brand","embeddable":true,"href":"https:\/\/simracergear.com\/hu\/wp-json\/wp\/v2\/product_brand?post=101383"},{"taxonomy":"product_cat","embeddable":true,"href":"https:\/\/simracergear.com\/hu\/wp-json\/wp\/v2\/product_cat?post=101383"},{"taxonomy":"product_tag","embeddable":true,"href":"https:\/\/simracergear.com\/hu\/wp-json\/wp\/v2\/product_tag?post=101383"}],"curies":[{"name":"wp","href":"https:\/\/api.w.org\/{rel}","templated":true}]}}