{"id":101392,"date":"2025-05-15T08:09:00","date_gmt":"2025-05-15T08:09:00","guid":{"rendered":"https:\/\/simracergear.com\/products\/moza-front-mounting\/"},"modified":"2025-11-28T05:22:05","modified_gmt":"2025-11-28T05:22:05","slug":"moza-front-mounting","status":"publish","type":"product","link":"https:\/\/simracergear.com\/hu\/products\/moza-front-mounting\/","title":{"rendered":"MOZA el\u00fcls\u0151 szerel\u00e9s"},"content":{"rendered":"<h2>MOZA el\u00fcls\u0151 r\u00f6gz\u00edt\u00e9s: mire haszn\u00e1lj\u00e1k val\u00f3j\u00e1ban egy szimul\u00e1toros versenyfelszerel\u00e9sben?<\/h2>\n<p>A MOZA el\u00fcls\u0151 r\u00f6gz\u00edt\u00e9s egy ultraspecifikus tartoz\u00e9k, amely teljesen megv\u00e1ltoztathatja a be\u00e1ll\u00edt\u00e1s merevs\u00e9g\u00e9t \u00e9s \u00e9rzet\u00e9t. Itt a MOZA Direct Drive alapokhoz val\u00f3 el\u00fcls\u0151 r\u00f6gz\u00edt\u0151 konzolr\u00f3l van sz\u00f3, amelyet \u00fagy terveztek, hogy a v\u00e1z vagy a keresztr\u00fad elej\u00e9re csavarozhat\u00f3 legyen, \"profi\" szerel\u00e9si st\u00edlusban.<\/p>\n<p>Els\u0151sorban a meglehet\u0151sen nyomat\u00e9kos MOZA-alapok felhaszn\u00e1l\u00f3it c\u00e9lozza meg, akik szeretn\u00e9k kik\u00fcsz\u00f6b\u00f6lni a flexet, a parazita rezg\u00e9seket \u00e9s a t\u00fal v\u00e9kony fa l\u00e1ncker\u00e9kre szerelt, \u00f6sszebark\u00e1csolt r\u00f6gz\u00edt\u00e9seket. Az \u00f6tlet egyszer\u0171: az alap \u00e9s a pil\u00f3taf\u00fclke k\u00f6z\u00f6tti kapcsolat merev\u00edt\u00e9se, hogy minden, ami a motorb\u00f3l kij\u00f6n, a korm\u00e1nyker\u00e9khez jusson... \u00e9s ne a szerkezethez.<\/p>\n<p>Az \u00e9n szemsz\u00f6gem ebben a tesztben egy\u00e9rtelm\u0171: ez az el\u00fcls\u0151 tart\u00f3 val\u00f3di nyeres\u00e9get k\u00edn\u00e1l a tapint\u00e1s, a konzisztencia \u00e9s a haszn\u00e1lati k\u00e9nyelem ter\u00e9n, vagy ez csak egy \u00fajabb \"sz\u00e9p, hogy legyen\" tartoz\u00e9k a MOZA katal\u00f3gusban? A merevs\u00e9gre, az \u00e9p\u00edt\u00e9si min\u0151s\u00e9gre, a pil\u00f3taf\u00fclk\u00e9be val\u00f3 k\u00f6nny\u0171 integr\u00e1lhat\u00f3s\u00e1gra \u00e9s mindenekel\u0151tt a j\u00e1t\u00e9k k\u00f6zbeni \u00e9rzetre gyakorolt hat\u00e1s\u00e1ra \u00f6sszpontos\u00edtottam.<\/p>\n<p>Nem egy l\u00e1tv\u00e1nyos, szemet gy\u00f6ny\u00f6rk\u00f6dtet\u0151 term\u00e9kr\u0151l besz\u00e9l\u00fcnk, hanem kulcsfontoss\u00e1g\u00fa elem azok sz\u00e1m\u00e1ra, akik tiszta, szil\u00e1rd \u00e9s koherens berendez\u00e9st szeretn\u00e9nek. Az a fajta alkatr\u00e9sz, amely nem csap zajt... de k\u00e9pes \u00e1talak\u00edtani az alap \u00e1ltal\u00e1nos hangulat\u00e1t.<\/p>\n<h2>Tervez\u00e9s, gy\u00e1rt\u00e1s \u00e9s szil\u00e1rd benyom\u00e1s<\/h2>\n<p>A MOZA el\u00fcls\u0151 szerelv\u00e9ny nagyon egyszer\u0171. Ez egy meglehet\u0151sen kompakt, megmunk\u00e1lt f\u00e9mdarab, fekete kivitelben, amely j\u00f3l illeszkedik a MOZA b\u00e1zisok st\u00edlus\u00e1hoz. A k\u00e9zben az els\u0151 benyom\u00e1s a s\u0171r\u0171s\u00e9gr\u0151l sz\u00f3l: gyorsan r\u00e1j\u00f6n, hogy nem egy sietve hajl\u00edtott v\u00e9kony f\u00e9mlemezzel van dolga, hanem valami merev, jelent\u0151s mechanikai ig\u00e9nybev\u00e9telnek ellen\u00e1ll\u00f3val.<\/p>\n<p>A fel\u00fcletek tiszt\u00e1k, az \u00e9lek j\u00f3l megmunk\u00e1ltak, nincsenek g\u00f6rcs\u00f6k vagy durva lyukak. A lyukak egyenesek, az igaz\u00edt\u00e1s komoly. Ez az a fajta r\u00e9szletess\u00e9g, ami sz\u00e1m\u00edt, amikor Direct Drive-r\u00f3l \u00e9s alum\u00edniumv\u00e1zr\u00f3l besz\u00e9l\u00fcnk: a legkisebb j\u00e1t\u00e9k ezen a ter\u00fcleten a korm\u00e1nyker\u00e9k rezg\u00e9s\u00e9be \u00e9s imbolyg\u00e1sba csap \u00e1t.<\/p>\n<p>A felszerel\u00e9s ut\u00e1n az \u00e9rz\u00e9kelt merevs\u00e9g val\u00f3ban szembet\u0171n\u0151. A tart\u00f3 nem hajlik vagy csavarodik, m\u00e9g akkor sem, ha nagy ig\u00e9nybev\u00e9telnek teszi ki az alapot. Oldalir\u00e1ny\u00fa al\u00e1t\u00e1maszt\u00e1s eset\u00e9n az alkatr\u00e9sz a hely\u00e9n marad, ami pontosan az, amit egy ilyen n\u00e9vre m\u00e9lt\u00f3 el\u00fcls\u0151 r\u00f6gz\u00edt\u0151t\u0151l elv\u00e1rhatunk. Az alap \u00e9s a pil\u00f3taf\u00fclke k\u00f6z\u00f6tti kapcsolat azonnal egys\u00e9gesebb\u00e9 v\u00e1lik.<\/p>\n<p>Ahol kiss\u00e9 csal\u00f3d\u00e1st okozhat, az a nyers sokoldal\u00fas\u00e1ga. Az az \u00e9rz\u00e9s\u00fcnk, hogy a term\u00e9ket val\u00f3ban a MOZA \u00f6kosziszt\u00e9m\u00e1hoz tervezt\u00e9k, a geometria \u00e9s a k\u00f6z\u00e9pt\u00e1vols\u00e1gok az alapokhoz \u00e9s az alum\u00edniumprofil t\u00edpus\u00fa pil\u00f3taf\u00fclk\u00e9khez igazodnak. Az egzotikusabb vagy cs\u0151 alak\u00fa pil\u00f3taf\u00fclk\u00e9kn\u00e9l, ahol nincs j\u00f3 s\u00edk homlokfel\u00fclet, az integr\u00e1ci\u00f3 egy kicsit t\u00f6bb \u00e1tgondol\u00e1st ig\u00e9nyel.<\/p>\n<p>N\u00e9h\u00e1ny harmadik f\u00e9lt\u0151l sz\u00e1rmaz\u00f3 univerz\u00e1lis tart\u00f3val \u00f6sszehasonl\u00edtva, amelyek n\u00e9ha modul\u00e1risabbak, a MOZA el\u00fcls\u0151 r\u00f6gz\u00edt\u00e9s egy\u00e9rtelm\u0171en a tiszta illeszked\u00e9sre \u00e9s merevs\u00e9gre \u00f6sszpontos\u00edt, nem pedig a teljes kompatibilit\u00e1sra. A tiszta min\u0151s\u00e9get tekintve a piac fels\u0151 k\u00f6z\u00e9pkateg\u00f3ri\u00e1j\u00e1ba tartozik, \u00e9s tiszt\u00e1bb \u00e9rz\u00e9st ny\u00fajt, mint sok k\u00f6nnyebb \u00e1ltal\u00e1nos tart\u00f3.<\/p>\n<h2>Be\u00e1ll\u00edt\u00e1sok, testreszab\u00e1s \u00e9s kompatibilit\u00e1s egy be\u00e1ll\u00edt\u00e1sban<\/h2>\n<p>A MOZA Front Mounting nyilv\u00e1nval\u00f3an nem rendelkezik szoftveres \u00e9rtelemben vett \"men\u00fckkel\", de bizonyos m\u00e9rt\u00e9k\u0171 fizikai be\u00e1ll\u00edt\u00e1si szabads\u00e1got k\u00edn\u00e1l. A r\u00f6gz\u00edt\u0151furatokon kereszt\u00fcl sz\u00e1mos pozicion\u00e1l\u00e1si lehet\u0151s\u00e9g van, amelyek lehet\u0151v\u00e9 teszik, hogy a pil\u00f3taf\u00fclke geometri\u00e1j\u00e1nak megfelel\u0151en \u00e1ll\u00edtsa be az alap magass\u00e1g\u00e1t vagy t\u00falny\u00fal\u00e1s\u00e1t.<\/p>\n<p>Egy alum\u00ednium profil\u00fa alv\u00e1zon az integr\u00e1ci\u00f3 meglehet\u0151sen logikus: az alkatr\u00e9szt egy els\u0151 kereszttart\u00f3hoz r\u00f6gz\u00edti, majd el\u00f6lr\u0151l csavarozza az alapot, \u00e9s kiss\u00e9 igaz\u00edtja a korm\u00e1nyt az \u00fcl\u00e9shez \u00e9s a ped\u00e1lokhoz. Az \u00f6sszeszerel\u00e9s minim\u00e1lis m\u00f3dszert ig\u00e9nyel, de a tanul\u00e1si g\u00f6rbe alacsony marad annak, aki m\u00e1r szerelt \u00f6ssze pil\u00f3taf\u00fclk\u00e9t. Egy teljesen kezd\u0151nek egyszer\u0171en csak id\u0151t kell sz\u00e1nnia \u00e9s megfelel\u0151en m\u00e9rnie.<\/p>\n<p>Ami a kompatibilit\u00e1st illeti, a MOZA Front Mounting el\u0151nyei nyilv\u00e1nval\u00f3ak, ha m\u00e1r tagja a MOZA \u00f6kosziszt\u00e9m\u00e1nak, k\u00fcl\u00f6n\u00f6sen a k\u00f6z\u00e9p- vagy fels\u0151 kateg\u00f3ri\u00e1s Direct Drive alapokkal. Alapvet\u0151en PC-khez tervezt\u00e9k, de az igazi probl\u00e9m\u00e1t nem maga a term\u00e9k konzol\/PC kompatibilit\u00e1sa jelenti: ez egy tiszt\u00e1n mechanikus elem. Am\u00edg a MOZA alap m\u0171k\u00f6dik a platformodon, addig az el\u00fcls\u0151 r\u00f6gz\u00edt\u00e9s is k\u00f6veti.<\/p>\n<p>A m\u00e1rka korm\u00e1nykerekeivel, ped\u00e1ljaival \u00e9s v\u00e1lt\u00f3ival nagyon j\u00f3l integr\u00e1l\u00f3dik egy komplett be\u00e1ll\u00edt\u00e1sba: minden a megfelel\u0151 magass\u00e1gban van, \u00e9s a korm\u00e1nyker\u00e9k tengelye k\u00f6nnyebben igazodik a t\u00f6bbihez. Egy olyan merev cockpiten, mint a profil, nagyon \u00f6sszef\u00fcgg\u0151 eg\u00e9szet kapunk. A \"k\u00f6nnyebb\" cockpiteken vagy \u00f6sszecsukhat\u00f3 \u00e1llv\u00e1nyokon ez kev\u00e9sb\u00e9 \u00e9rdekes, vagy ak\u00e1r megk\u00e9rd\u0151jelezhet\u0151.<\/p>\n<p>A sk\u00e1l\u00e1zhat\u00f3s\u00e1g szempontj\u00e1b\u00f3l ez a t\u00e1mogat\u00e1s egy\u00e9rtelm\u0171en a MOZA \u00f6kosziszt\u00e9m\u00e1n bel\u00fcli felfel\u00e9 ir\u00e1nyul\u00f3 l\u00e9p\u00e9seket k\u00eds\u00e9rheti. Ha egy kis b\u00e1zisr\u00f3l egy nagyobb teljes\u00edtm\u00e9ny\u0171re v\u00e1lt, ugyanazt a r\u00f6gz\u00edt\u00e9si m\u00f3dszert tartja meg. Ez ink\u00e1bb egy tart\u00f3s \u00e9p\u00edt\u0151elem a pil\u00f3taf\u00fclk\u00e9hez, mint egy olyan kieg\u00e9sz\u00edt\u0151, amelyet \u00e9vente cser\u00e9l.<\/p>\n<h2>\u00c9rz\u00e9sek a j\u00e1t\u00e9kban: mit v\u00e1ltoztat meg az els\u0151 k\u00f6t\u00e9s val\u00f3j\u00e1ban<\/h2>\n<p>A MOZA-\u00e9hoz hasonl\u00f3 els\u0151 r\u00f6gz\u00edt\u00e9s hat\u00e1sa legink\u00e1bb akkor \u00e9rezhet\u0151, amikor m\u00e1r a p\u00e1ly\u00e1n vagy. Ami engem meglepett, az bizonyos mikroj\u00e1t\u00e9kok elt\u0171n\u00e9se, amelyeket nem mindig veszel \u00e9szre egy klasszikus, kiss\u00e9 rugalmas l\u00e1ncker\u00e9kre szerelt fels\u0151 r\u00f6gz\u00edt\u00e9ssel. Itt a talp sz\u00f3 szerint \"hozz\u00e1hegesztettnek\" t\u0171nik a pil\u00f3taf\u00fclk\u00e9hez. \u00c9s ez k\u00f6zvetlen\u00fcl a korm\u00e1nyker\u00e9kre is leford\u00edthat\u00f3.<\/p>\n<p>Az er\u0151visszacsatol\u00e1s tekintet\u00e9ben a pontoss\u00e1got egy fokkal magasabb szintre emelt\u00e9k. A nyomat\u00e9k apr\u00f3 v\u00e1ltoz\u00e1sai, a semleges k\u00f6r\u00fcli finom hat\u00e1sok, minden \u00e9lesebb\u00e9 v\u00e1lt. Kev\u00e9sb\u00e9 \u00e9rzed a pil\u00f3taf\u00fclke m\u0171k\u00f6d\u00e9s\u00e9t, ink\u00e1bb az aut\u00f3t. Az a benyom\u00e1sod, hogy a motor energi\u00e1j\u00e1t m\u00e1r nem a tart\u00f3lemez nyeli el, hanem 100 % sebess\u00e9ggel tov\u00e1bb\u00edtja a kezedbe. A finom man\u0151verekn\u00e9l, amikor kanyarokb\u00f3l kil\u00e9psz vagy drifteket kezelsz, ez nagyon is \u00e9rz\u00e9kelhet\u0151.<\/p>\n<p>Gyors kanyarokban a viselked\u00e9s k\u00f6nnyebben leolvashat\u00f3. Az alap nem mozog vagy hajlik, \u00edgy az FFB inform\u00e1ci\u00f3 \u00e1lland\u00f3 marad. Ha nagy sebess\u00e9ggel kem\u00e9nyen bemegy egy hossz\u00fa kanyarba, a korm\u00e1nyker\u00e9k terhel\u00e9s\u00e9t nem h\u00edg\u00edtj\u00e1k fel a fut\u00f3m\u0171 parazita rezg\u00e9sei. Pontosan \u00e9rezheti, hogyan v\u00e1ltozik a tapad\u00e1s, amikor az eleje elkezd akadozni vagy felp\u00f6r\u00f6gni.<\/p>\n<p>A vibr\u00e1torokn\u00e1l a k\u00fcl\u00f6nbs\u00e9g m\u00e9g nyilv\u00e1nval\u00f3bb. A kev\u00e9sb\u00e9 merev r\u00f6gz\u00edt\u00e9s \u00f6sszess\u00e9g\u00e9ben hajlamos a \"r\u00e1zk\u00f3d\u00e1sra\": a korm\u00e1nyker\u00e9k \u00e9s a szerkezet rezg\u00e9seinek kever\u00e9k\u00e9t \u00e9rzi. A megfelel\u0151en r\u00f6gz\u00edtett MOZA els\u0151 r\u00f6gz\u00edt\u00e9ssel a becsap\u00f3d\u00e1sok a korm\u00e1nyker\u00e9kre \u00f6sszpontosulnak, sz\u00e1raz, tiszta, szinte seb\u00e9szi \u00e9rzetet keltve. R\u00f6gt\u00f6n tudja, hogy t\u00fal er\u0151sen harapja-e a vibr\u00e1tort, vagy \u00e9pp megfelel\u0151en simogatja. Ez az a pont, ahol a r\u00f6gz\u00edt\u00e9s val\u00f3ban megv\u00e1ltoztatja az \u00e9lm\u00e9nyt.<\/p>\n<p>Hosszabb munkamenetek sor\u00e1n a k\u00f6vetkezetess\u00e9g jobb. Egy kev\u00e9sb\u00e9 merev alap nagyon enyh\u00e9n elmozdulhat, meglazulhat, vagy olyan mikromozg\u00e1sokat id\u00e9zhet el\u0151, amelyek kif\u00e1rasztj\u00e1k a csukl\u00f3t. Itt, am\u00edg a r\u00f6gz\u00edt\u00e9s megfelel\u0151en t\u00f6rt\u00e9nik, az alap nem mozdul el. A korm\u00e1nyker\u00e9k ugyanabban a poz\u00edci\u00f3ban marad, \u00e9s az \u00e9rz\u00e9kel\u00e9sek nem v\u00e1ltoznak az id\u0151 m\u00fal\u00e1s\u00e1val. Ez pihentet\u0151bb az agy sz\u00e1m\u00e1ra: a stabil inform\u00e1ci\u00f3 kevesebb tudattalan kompenz\u00e1ci\u00f3t jelent.<\/p>\n<p>A gyors korrekci\u00f3k sor\u00e1n, k\u00fcl\u00f6n\u00f6sen driftel\u00e9s, rallye vagy nagyon t\u00falkorm\u00e1nyzott GT-k eset\u00e9ben, a flex hi\u00e1nya val\u00f3di el\u0151ny. Egy h\u00e1ts\u00f3 elakad\u00e1st egyetlen gyors mozdulattal ki lehet egyenl\u00edteni an\u00e9lk\u00fcl, hogy a pil\u00f3taf\u00fclke \"\u00e9rezn\u00e9 a szor\u00edt\u00e1st\". A talp fix marad, \u00edgy a t\u00e9rbeli referencia nem v\u00e1ltozik. Ennek eredm\u00e9nyek\u00e9ppen magabiztosabbnak \u00e9rzi mag\u00e1t, k\u00f6nnyebben visszakapja az aut\u00f3t a p\u00e1ly\u00e1ra. Azonnal meg\u00e9rti, hogy mit csin\u00e1l az aut\u00f3.<\/p>\n<p>Egy fa- vagy k\u00f6nny\u0171f\u00e9mlemezre szerelt talapzathoz k\u00e9pest a k\u00fcl\u00f6nbs\u00e9g egy\u00e9rtelm\u0171, m\u00e9g egy nem t\u00fal nyomat\u00e9kos talapzat eset\u00e9n is. Egy nagyon er\u0151s alappal az el\u00fcls\u0151 r\u00f6gz\u00edt\u00e9s szinte n\u00e9lk\u00fcl\u00f6zhetetlenn\u00e9 v\u00e1lik ahhoz, hogy val\u00f3ban ki lehessen haszn\u00e1lni a lehet\u0151s\u00e9geket an\u00e9lk\u00fcl, hogy a pil\u00f3taf\u00fclke hangt\u00e1lc\u00e1v\u00e1 v\u00e1lna. A v\u00e9konyabb vagy rugalmasabb konkurens megold\u00e1sokkal \u00f6sszehasonl\u00edtva a MOZA el\u00fcls\u0151 r\u00f6gz\u00edt\u00e9s meg\u00e1llja a hely\u00e9t, \"szil\u00e1rdabb\", kontroll\u00e1ltabb \u00e1ltal\u00e1nos \u00e9rzetet ny\u00fajt.<\/p>\n<h2>Kinek sz\u00f3l? Er\u0151ss\u00e9gek \u00e9s figyelemre m\u00e9lt\u00f3 pontok<\/h2>\n<p>A MOZA Front Mounting egy\u00e9rtelm\u0171en olyan felhaszn\u00e1l\u00f3knak k\u00e9sz\u00fclt, akik legal\u00e1bb egy kicsit komolyan veszik a be\u00e1ll\u00edt\u00e1saikat. Ha egy egyszer\u0171 \u00edr\u00f3asztalon, egy r\u00f6gz\u00edt\u0151 alaptartoz\u00e9kkal dolgozik, akkor ez nem az \u00d6n sz\u00e1m\u00e1ra k\u00e9sz\u00fclt. M\u00e1sr\u00e9szt, ha merev pil\u00f3taf\u00fclk\u00e9vel rendelkezik, k\u00fcl\u00f6n\u00f6sen alum\u00ednium szekci\u00f3kban, \u00e9s MOZA Direct Drive talppal, akkor kezd nagyon is relev\u00e1nss\u00e1 v\u00e1lni.<\/p>\n<p>Egy k\u00f6z\u00e9phalad\u00f3 szimul\u00e1toros sz\u00e1m\u00e1ra, aki szeretne feljebb l\u00e9pni an\u00e9lk\u00fcl, hogy mindent megv\u00e1ltoztatna, ez az el\u00fcls\u0151 r\u00f6gz\u00edt\u00e9s nagyszer\u0171 fejl\u0151d\u00e9s lehet: megtartja az alapot, csak meger\u0151s\u00edti a kapcsolatot a pil\u00f3taf\u00fclk\u00e9vel. Egy tapasztalt felhaszn\u00e1l\u00f3 sz\u00e1m\u00e1ra, k\u00fcl\u00f6n\u00f6sen intenz\u00edv vagy versenyszer\u0171 haszn\u00e1lat eset\u00e9n, szinte k\u00f6telez\u0151 darab, ha stabiliz\u00e1lni \u00e9s megb\u00edzhat\u00f3bb\u00e1 akarja tenni a be\u00e1ll\u00edt\u00e1sait egy MOZA alap k\u00f6r\u00fcl.<\/p>\n<p>Amit igaz\u00e1n szeretek benne, az az, hogy mennyire szil\u00e1rdnak \u00e9rzem, ha egyszer m\u00e1r fel van szerelve. Nincs hajl\u00edt\u00e1s, nincs felesleges rezg\u00e9s, \u00e9s olyan, mint egy kompakt blokk. Az FFB pontoss\u00e1ga val\u00f3ban javult: jobban leolvashat\u00f3 a fog\u00e1s, a terhel\u00e9s\u00e1tvitel \u00e9s a kis akad\u00e1sok. A harmadik pozit\u00edvum a be\u00e9p\u00edt\u00e9s \"letisztult\" aspektusa: az el\u00f6lre szerelt alap komoly versenyz\u0151i megjelen\u00e9st k\u00f6lcs\u00f6n\u00f6z, \u00f6sszhangban azzal, amit a cs\u00facskateg\u00f3ri\u00e1s felszerel\u00e9seken l\u00e1tunk.<\/p>\n<p>M\u00e1sr\u00e9szr\u0151l azonban van n\u00e9h\u00e1ny korl\u00e1toz\u00e1s, amit szem el\u0151tt kell tartani. El\u0151sz\u00f6r is, a megfelel\u0151 pil\u00f3taf\u00fclk\u00e9t\u0151l val\u00f3 f\u00fcgg\u00e9s: merev el\u00fcls\u0151 szerkezet n\u00e9lk\u00fcl a term\u00e9k sokat vesz\u00edt vonzerej\u00e9b\u0151l. M\u00e1sodszor, a kompatibilit\u00e1s term\u00e9szetesen a MOZA-alapokhoz igazodik; ez nem egy univerz\u00e1lis k\u00f6zeg, amelyet k\u00f6nnyen \u00fajrahasznos\u00edthat m\u00e1s \u00f6kosziszt\u00e9m\u00e1kon. V\u00e9g\u00fcl, egy kezd\u0151 vagy nagyon alkalmi j\u00e1t\u00e9kos sz\u00e1m\u00e1ra a befektet\u00e9s ar\u00e1nytalannak t\u0171nhet: ha az alap szer\u00e9ny \u00e9s a pil\u00f3taf\u00fclke rugalmas, a sz\u0171k keresztmetszet nem \u00e1ll fenn.<\/p>\n<p>Az \u00e9rz\u00e9kelt \u00e9rt\u00e9ket tekintve minden a be\u00e1ll\u00edt\u00e1sok szintj\u00e9t\u0151l \u00e9s az elv\u00e1r\u00e1sokt\u00f3l f\u00fcgg. Egy komoly setup eset\u00e9n a befektet\u00e9s meg\u00e9ri, mert k\u00f6zvetlen\u00fcl jav\u00edtja a Direct Drive alap haszn\u00e1lat\u00e1t. Egy laz\u00e1bb be\u00e1ll\u00edt\u00e1s eset\u00e9n jobb, ha egy merevebb cockpitre k\u00f6lti a p\u00e9nzt, miel\u0151tt megfontoln\u00e1 ezt a fajta kieg\u00e9sz\u00edt\u0151t.<\/p>\n<h2>Az \u00edt\u00e9let: meg\u00e9ri a MOZA Front Mounting?<\/h2>\n<p>A MOZA Front Mounting nem v\u00e1ltoztatja meg a b\u00e1zisod teljes\u00edtm\u00e9ny\u00e9t, de megv\u00e1ltoztatja azt, ahogyan az er\u0151 el\u00e9ri a kezed. A \"helyes\" szerel\u00e9st egy sokkal koherensebb, merevebb \u00e9s pontosabb eg\u00e9ssz\u00e9 alak\u00edtja \u00e1t. Egy teljes\u00edtm\u00e9nyorient\u00e1lt be\u00e1ll\u00edt\u00e1sban ez ink\u00e1bb egy szerkezeti t\u00e9gla, mint egy egyszer\u0171 kieg\u00e9sz\u00edt\u0151.<\/p>\n<p>A piacon egy\u00e9rtelm\u0171en a komoly k\u00f6z\u00e9p- \u00e9s cs\u00facskateg\u00f3ri\u00e1s megold\u00e1sok oldal\u00e1ra helyezhetj\u00fck, amelyeket profilos f\u00far\u00f3tornyokhoz \u00e9s jelent\u0151s nyomat\u00e9k el\u0151\u00e1ll\u00edt\u00e1s\u00e1ra k\u00e9pes Direct Drive alapokhoz terveztek. Ez nem egy k\u00fcty\u00fc \u00e9s nem is t\u00f6megterm\u00e9k, hanem egy befejez\u0151 eszk\u00f6z azok sz\u00e1m\u00e1ra, akik a legt\u00f6bbet szeretn\u00e9k kihozni a MOZA \u00f6kosziszt\u00e9m\u00e1b\u00f3l.<\/p>\n<p>Aj\u00e1nlom a merev pil\u00f3taf\u00fclk\u00e9vel \u00e9s MOZA-alapzattal m\u00e1r felszerelt PC-s vagy konzolos szimul\u00e1torosoknak, akik flexet, lebeg\u00e9st vagy az er\u0151visszacsatol\u00e1s \u00e9less\u00e9g\u00e9nek hi\u00e1ny\u00e1t \u00e9rzik. Egy kezd\u0151nek asztali vagy \u00f6sszecsukhat\u00f3 \u00e1llv\u00e1nyon szinte semmi \u00e9rtelme: m\u00e1s priorit\u00e1sok vannak az ilyen t\u00edpus\u00fa t\u00e1masz el\u0151tt.<\/p>\n<p>Ha stabilabb\u00e1, pontosabb\u00e1 \u00e9s k\u00f6vetkezetesebb\u00e9 szeretn\u00e9 tenni a MOZA alapot egy komoly pil\u00f3taf\u00fclk\u00e9ben, ez a term\u00e9k egy\u00e9rtelm\u0171en jav\u00edthatja a be\u00e1ll\u00edt\u00e1sait.&lt;\/final<\/p>","protected":false},"excerpt":{"rendered":"<p>Ez a t\u00e1masz sokkal tiszt\u00e1bb \u00e9s egys\u00e9gesebb benyom\u00e1st kelt: az alap val\u00f3ban \u00fagy t\u0171nik, mintha a pil\u00f3taf\u00fclk\u00e9hez lenne r\u00f6gz\u00edtve, \u00e9s az FFB inform\u00e1ci\u00f3k k\u00f6nnyebben olvashat\u00f3k \u00e9s k\u00f6vetkezetesebbek lesznek, k\u00fcl\u00f6n\u00f6sen er\u0151s alapokkal. A merev profil\u00fa pil\u00f3taf\u00fclk\u00e9vel rendelkez\u0151 szimul\u00e1torosoknak sz\u00f3l, akik m\u00e1r befektettek a MOZA \u00f6kosziszt\u00e9m\u00e1ba. Egy komoly f\u00far\u00f3tornyon a befektet\u00e9s koherens \u00e9s val\u00f3ban relev\u00e1ns.<\/p>","protected":false},"featured_media":101393,"comment_status":"open","ping_status":"closed","template":"","meta":{"_acf_changed":false,"_et_pb_use_builder":"","_et_pb_old_content":"","_et_gb_content_width":""},"product_brand":[165],"product_cat":[153],"product_tag":[149],"class_list":{"0":"post-101392","1":"product","2":"type-product","3":"status-publish","4":"has-post-thumbnail","6":"product_brand-moza-racing","7":"product_cat-accessoires","8":"product_tag-pc","10":"first","11":"instock","12":"shipping-taxable","13":"product-type-external"},"acf":[],"_links":{"self":[{"href":"https:\/\/simracergear.com\/hu\/wp-json\/wp\/v2\/product\/101392","targetHints":{"allow":["GET"]}}],"collection":[{"href":"https:\/\/simracergear.com\/hu\/wp-json\/wp\/v2\/product"}],"about":[{"href":"https:\/\/simracergear.com\/hu\/wp-json\/wp\/v2\/types\/product"}],"replies":[{"embeddable":true,"href":"https:\/\/simracergear.com\/hu\/wp-json\/wp\/v2\/comments?post=101392"}],"wp:featuredmedia":[{"embeddable":true,"href":"https:\/\/simracergear.com\/hu\/wp-json\/wp\/v2\/media\/101393"}],"wp:attachment":[{"href":"https:\/\/simracergear.com\/hu\/wp-json\/wp\/v2\/media?parent=101392"}],"wp:term":[{"taxonomy":"product_brand","embeddable":true,"href":"https:\/\/simracergear.com\/hu\/wp-json\/wp\/v2\/product_brand?post=101392"},{"taxonomy":"product_cat","embeddable":true,"href":"https:\/\/simracergear.com\/hu\/wp-json\/wp\/v2\/product_cat?post=101392"},{"taxonomy":"product_tag","embeddable":true,"href":"https:\/\/simracergear.com\/hu\/wp-json\/wp\/v2\/product_tag?post=101392"}],"curies":[{"name":"wp","href":"https:\/\/api.w.org\/{rel}","templated":true}]}}