{"id":101396,"date":"2025-05-15T08:09:00","date_gmt":"2025-05-15T08:09:00","guid":{"rendered":"https:\/\/simracergear.com\/products\/moza-fsr-formula-wheel\/"},"modified":"2025-11-28T05:22:51","modified_gmt":"2025-11-28T05:22:51","slug":"moza-fsr-formula-wheel","status":"publish","type":"product","link":"https:\/\/simracergear.com\/hu\/products\/moza-fsr-formula-wheel\/","title":{"rendered":"MOZA FSR2 Formula ker\u00e9k"},"content":{"rendered":"<h2>MOZA FSR2 Formula ker\u00e9k: a teszt ut\u00e1ni v\u00e9lem\u00e9nyem<\/h2>\n<p>A szimul\u00e1toros versenyformula ker\u00e9k szegmensben a MOZA FSR2 egy\u00e9rtelm\u0171en a rajong\u00f3i\/f\u00e9lprofi piac cs\u00facs\u00e1t k\u00e9pviseli. Ez nem egy bel\u00e9p\u0151 szint\u0171 modell, \u00e9s nem is egy egyszer\u0171 j\u00e1t\u00e9k a szim versenyz\u00e9s felfedez\u00e9s\u00e9hez. Ez egy olyan korm\u00e1nyker\u00e9k, amelyet kem\u00e9ny versenyz\u00e9sre terveztek, hossz\u00fa id\u0151re, a kivitelez\u00e9s \u00e9s a funkci\u00f3k olyan szintj\u00e9vel, amely az ig\u00e9nyes szim versenyz\u0151knek sz\u00f3l.<\/p>\n<p>Pap\u00edron el\u00e9g f\u00e9lelmetes kombin\u00e1ci\u00f3t \u00edg\u00e9r: komoly fel\u00e9p\u00edt\u00e9s, egyszem\u00e9lyes\/protot\u00edpus-orient\u00e1lt ergon\u00f3mia, inform\u00e1ci\u00f3val teli fed\u00e9lzeti k\u00e9perny\u0151, gombok \u00e9s gombok teljes sk\u00e1l\u00e1ja, mindez a MOZA \u00f6kosziszt\u00e9m\u00e1ba integr\u00e1lva. Az \u00f6tlet egyszer\u0171: egy olyan F1-st\u00edlus\u00fa korm\u00e1nyker\u00e9k k\u00edn\u00e1l\u00e1sa, amely a piacon kaphat\u00f3 dr\u00e1g\u00e1bb modellekkel szemben is meg\u00e1llja a hely\u00e9t, an\u00e9lk\u00fcl, hogy a tapint\u00e1s vagy a merevs\u00e9g fel\u00e1ldozn\u00e1.<\/p>\n<p>Az \u00e9n szemsz\u00f6gem kett\u0151s: egyr\u00e9szt a j\u00e1t\u00e9k tiszta \u00e9rz\u00e9se (pontoss\u00e1g, fog\u00e1solvas\u00e1s, k\u00e9nyelem hossz\u00fa \u00fcl\u00e9seken kereszt\u00fcl); m\u00e1sr\u00e9szt a term\u00e9k \u00e1ltal\u00e1nos relevanci\u00e1ja egy modern fel\u00e1ll\u00e1sban. Az FSR2 val\u00f3di el\u0151nyt k\u00edn\u00e1l egy hagyom\u00e1nyosabb GT ker\u00e9kkel szemben? Meg\u00e9rdemli a befektet\u00e9st, ha sokat vezetsz F1, LMP vagy PC egy\u00fcl\u00e9ses versenyeken? \u00c9s mindenekel\u0151tt, tov\u00e1bbra is szeretn\u00e9d majd haszn\u00e1lni napi szinten, vagy a kezdeti \"h\u0171ha\" faktor ut\u00e1n a polcon v\u00e9gzi majd?<\/p>\n<h2>A MOZA FSR2 tervez\u00e9se \u00e9s gy\u00e1rt\u00e1sa<\/h2>\n<p>Az FSR2 k\u00e9zben tartva azonnal a s\u0171r\u0171s\u00e9g \u00e9s a komolys\u00e1g benyom\u00e1s\u00e1t kelti. A v\u00e1z f\u00e9mb\u0151l k\u00e9sz\u00fclt, merev el\u0151lappal, \u00e9s \u00e9rezhet\u0151, hogy a korm\u00e1nykereket nem az\u00e9rt tervezt\u00e9k, hogy sz\u00e9pen mutasson az asztalon. A szerkezet nem remeg, m\u00e9g a meglehet\u0151sen nyomat\u00e9kos Direct Drive alapon terhel\u00e9s alatt sem. Az \u00e1ltal\u00e1nos merevs\u00e9g nagyon j\u00f3, a markolatokban \u00e9s a korm\u00e1nyker\u00e9k test\u00e9ben nincs \u00e9rz\u00e9kelhet\u0151 hajl\u00edt\u00e1s.<\/p>\n<p>A markolatokat olyan anyaggal bor\u00edtj\u00e1k, amely egyes\u00edti a tapad\u00e1st \u00e9s a k\u00e9nyelmet. A tapint\u00e1s egy\u00e9rtelm\u0171en \"versenyszer\u0171\", a text\u00far\u00e1ja el\u00e9g tapad\u00f3s ahhoz, hogy keszty\u0171 n\u00e9lk\u00fcl motorozz, de m\u00e9gis el\u00e9g k\u00e9nyelmes a hossz\u00fa edz\u00e9sekhez. A form\u00e1z\u00e1s tiszta, nincsenek bosszant\u00f3 g\u00f6rcs\u00f6k. A k\u00e9zben a forma tipikusan egy\u00fcl\u00e9ses, meglehet\u0151sen z\u00e1rt markolatokkal, amelyek kem\u00e9ny motoroz\u00e1skor a hely\u00e9n tartj\u00e1k a kezed. Az embernek az a benyom\u00e1sa, hogy alacsony sz\u00f6gben t\u00f6rt\u00e9n\u0151 kanyarod\u00e1sra tervezt\u00e9k, nem pedig rallye-oz\u00e1sra.<\/p>\n<p>A nagy vizu\u00e1lis f\u00e9nypont nyilv\u00e1nval\u00f3an a k\u00f6zponti k\u00e9perny\u0151. J\u00f3l integr\u00e1lt, a sz\u00e9lek visszafogottak, \u00e9s az \u00f6sszhat\u00e1s harmonikus. Nem az a benyom\u00e1sunk, hogy a k\u00e9perny\u0151t az utols\u00f3 pillanatban ragasztott\u00e1k r\u00e1, hanem hogy val\u00f3di diz\u00e1jnelem. A kezel\u0151fel\u00fclet j\u00f3l olvashat\u00f3, \u00e9s elegend\u0151 kontrasztot biztos\u00edt ahhoz, hogy a legt\u00f6bb f\u00e9nyviszonyok k\u00f6z\u00f6tt haszn\u00e1lhat\u00f3 maradjon.<\/p>\n<p>A gombok \u00e9s a forgat\u00f3gombok tisztess\u00e9ges tapint\u00e1s\u00faak, egy\u00e9rtelm\u0171 kattan\u00e1ssal. N\u00e9h\u00e1nyan tal\u00e1n egy kicsit nagyobb ellen\u00e1ll\u00e1st szeretn\u00e9nek a k\u00f3dol\u00f3kon, de \u00edgy is pontosak. A h\u00e1ts\u00f3 lap\u00e1tok - kuplung \u00e9s sebess\u00e9gv\u00e1lt\u00f3 - f\u00e9mb\u0151l k\u00e9sz\u00fcltek, r\u00f6vid l\u00f6kettel \u00e9s sz\u00e1raz visszat\u00e9r\u00e9ssel. A zaj jelen van, k\u00fcl\u00f6n\u00f6sen csendes k\u00f6rnyezetben: nem f\u00fclsiket\u00edt\u0151, de nem is diszkr\u00e9t.<\/p>\n<p>A piacon kaphat\u00f3 t\u00f6bbi formula korm\u00e1nyker\u00e9kkel \u00f6sszehasonl\u00edtva az FSR2 j\u00f3 helyen \u00e1ll: komoly kivitelez\u00e9ssel rendelkezik, k\u00f6zel ahhoz, amit egy fejlett, szimul\u00e1tor-orient\u00e1lt term\u00e9kt\u0151l elv\u00e1rhatsz. Az egyetlen enyhe csal\u00f3d\u00e1s akkor \u00e9r, ha abszol\u00fat \"luxust\" v\u00e1rsz: a fel\u00fcletek n\u00e9melyike m\u00e9g mindig ipari jelleg\u0171, an\u00e9lk\u00fcl, hogy a pr\u00e9mium k\u00e9zm\u0171ves kateg\u00f3ri\u00e1ba tartozna. De ezen az \u00e1ron a kompromisszum \u00e9sszer\u0171nek t\u0171nik.<\/p>\n<h2>Be\u00e1ll\u00edt\u00e1sok, testreszab\u00e1s \u00e9s kompatibilit\u00e1s<\/h2>\n<p>Ami a be\u00e1ll\u00edt\u00e1sokat illeti, az FSR2 a MOZA \u00f6kosziszt\u00e9m\u00e1ba integr\u00e1l\u00f3dik, a h\u00e1zon bel\u00fcli PC-s szoftver seg\u00edts\u00e9g\u00e9vel. A kezel\u0151fel\u00fclet meglehet\u0151sen egyszer\u0171: minden egyes gombot \u00e9rz\u00e9kel, a forgat\u00f3gombok hozz\u00e1rendelhet\u0151k, \u00e9s a k\u00e9perny\u0151n k\u00fcl\u00f6nb\u00f6z\u0151 elrendez\u00e9sek v\u00e1laszthat\u00f3k. A kritikus funkci\u00f3kat k\u00f6zvetlen\u00fcl \u00e1ll\u00edthatja be, an\u00e9lk\u00fcl, hogy v\u00e9gtelen men\u00fckbe mer\u00fclne. Aki m\u00e1r haszn\u00e1lt fejlett szimul\u00e1toros versenyfelszerel\u00e9st, annak gyerekj\u00e1t\u00e9k lesz az eligazod\u00e1s.<\/p>\n<p>Az el\u0151re be\u00e1ll\u00edtott be\u00e1ll\u00edt\u00e1sok seg\u00edtenek a kezd\u00e9sben, de a korm\u00e1nyker\u00e9kb\u0151l a legt\u00f6bbet a saj\u00e1t finomhangol\u00e1ssal hozhatja ki. Az a t\u00e9ny, hogy ennyi gomb \u00e9s gomb van, azt jelenti, hogy a legfontosabb be\u00e1ll\u00edt\u00e1sok t\u00f6bbs\u00e9ge az el\u0151lapon tal\u00e1lhat\u00f3: kever\u00e9k, f\u00e9kel\u0151fesz\u00edt\u00e9s, kip\u00f6rg\u00e9sg\u00e1tl\u00f3, motort\u00e9rk\u00e9p stb. A v\u00e9g\u00e9n egy olyan aut\u00f3t kapsz, amelyet teljes eg\u00e9sz\u00e9ben a korm\u00e1nyker\u00e9kr\u0151l ir\u00e1ny\u00edthatsz, ak\u00e1rcsak az igazit. A tanul\u00e1si folyamat f\u0151k\u00e9nt a memoriz\u00e1l\u00e1sb\u00f3l ad\u00f3dik: eleinte meg kell keresni a megfelel\u0151 gombot, de azt\u00e1n szinte automatikus lesz.<\/p>\n<p>A fed\u00e9lzeti kijelz\u0151 a testreszab\u00e1s egy \u00e9rdekes szintj\u00e9t teszi lehet\u0151v\u00e9. Megjelen\u00edthet alapvet\u0151 inform\u00e1ci\u00f3kat: delta, h\u00e1tral\u00e9v\u0151 fordulatsz\u00e1m, h\u0151m\u00e9rs\u00e9klet, \u00fczemanyag stb. A l\u00e9nyeg, hogy a kijelz\u0151 egy pillant\u00e1ssal olvashat\u00f3 maradjon. A fontos dolog az, hogy a kijelz\u0151 egy pillant\u00e1ssal olvashat\u00f3 maradjon. A v\u00e9g\u00e9n a j\u00e1t\u00e9kt\u00f3l f\u00fcgg\u0151en kialak\u00edthatod a saj\u00e1t prefer\u00e1lt elrendez\u00e9sedet: egy ink\u00e1bb F1-orient\u00e1lt, egy m\u00e1sik p\u00e9ld\u00e1ul a hossz\u00fat\u00e1v\u00fa versenyz\u00e9shez.<\/p>\n<p>PC-n a kompatibilit\u00e1s az FSR2 term\u00e9szetes j\u00e1tsz\u00f3tere. A f\u0151bb modern szimul\u00e1toros versenyc\u00edmek kezelhet\u0151ek, a lek\u00e9pez\u00e9s pedig k\u00fcl\u00f6n\u00f6sebb dr\u00e1ma n\u00e9lk\u00fcl t\u00f6rt\u00e9nik. Konzolokon a k\u00e9rd\u00e9s bonyolultabb\u00e1 v\u00e1lik, hiszen minden a haszn\u00e1lt MOZA alap kompatibilit\u00e1s\u00e1t\u00f3l \u00e9s a platformkorl\u00e1toz\u00e1sokt\u00f3l f\u00fcgg. Nyilv\u00e1nval\u00f3, hogy ez a ker\u00e9k els\u0151sorban a PC-s felhaszn\u00e1l\u00f3knak sz\u00f3l, akik a MOZA \u00f6kosziszt\u00e9ma r\u00e9szei. Ha t\u00f6bb m\u00e1rk\u00e1ra vagy konzolra specifikus kereket keresel, akkor nem ez lesz a legk\u00f6nnyebb v\u00e1laszt\u00e1s.<\/p>\n<p>Az FSR2 k\u00f6nnyen illeszkedik egy MOZA be\u00e1ll\u00edt\u00e1sba, a Direct Drive l\u00e1ncosok, ped\u00e1lok, v\u00e1lt\u00f3k \u00e9s a h\u00e1zon bel\u00fcli cockpitek mindegyike egyszer\u0171 fel\u00e1ll\u00e1sban sorakozik. Ami a fejleszthet\u0151s\u00e9get illeti, ez ink\u00e1bb egy \u00e9rkez\u00e9si pont, mint egy egyszer\u0171 bel\u00e9p\u00e9si pont. Ez egy olyan korm\u00e1ny, amelyet hossz\u00fa ideig megtarthatsz, m\u00e9g akkor is, ha ugyanazon a m\u00e1rk\u00e1n bel\u00fcl b\u00e1zist v\u00e1ltasz, vagy feljebb l\u00e9psz a teljes\u00edtm\u00e9nytartom\u00e1nyban. Ez nem egy \u00e1tmeneti korm\u00e1ny, hanem ink\u00e1bb egy egy\u00fcl\u00e9ses\/protot\u00edpus-orient\u00e1lt be\u00e1ll\u00edt\u00e1s k\u00f6zponti eleme.<\/p>\n<h2>MOZA FSR2 j\u00e1t\u00e9k k\u00f6zben: \u00e9rz\u00e9s \u00e9s viselked\u00e9s<\/h2>\n<p>A l\u00e9nyeg az, amit a korm\u00e1nyker\u00e9k k\u00f6zvet\u00edt a p\u00e1ly\u00e1n. M\u00e9g ha a korm\u00e1nyker\u00e9k maga nem is termel nyomat\u00e9kot, merevs\u00e9ge, alakja \u00e9s kezel\u0151szerveinek min\u0151s\u00e9ge k\u00f6zvetlen\u00fcl befoly\u00e1solja az er\u0151visszacsatol\u00e1s \u00e9rz\u00e9kel\u00e9s\u00e9t. Az FSR2 eset\u00e9ben az els\u0151 szembet\u0171n\u0151 \u00e9rz\u00e9s a pontoss\u00e1g. A kis korrekci\u00f3k azonnal \u00e9rz\u00e9kelhet\u0151ek, \u00e9s a k\u00e9z \u00e9s az aut\u00f3 kapcsolata nagyon k\u00f6zvetlen. T\u00e9nyleg \u00e9rezni lehet, hogy mit csin\u00e1l az aut\u00f3 eleje.<\/p>\n<p>Gyors kanyarokban a korm\u00e1nyker\u00e9k merevs\u00e9ge mindent megv\u00e1ltoztat. Nincs parazita hajl\u00edt\u00e1s, amely l\u00e1gy\u00edtan\u00e1 vagy sim\u00edtan\u00e1 a visszajelz\u00e9st. Amikor a Direct Drive alapj\u00e1rat nyomat\u00e9kcs\u00facsot k\u00fcld ki, mert az eleje kiss\u00e9 megakad, a korm\u00e1nyker\u00e9k \u00fagy adja vissza, ahogy van. Gyorsan meg\u00e9rti, hol van a tapad\u00e1si hat\u00e1r. Ez pontosan az, amit egy formula korm\u00e1nyker\u00e9kt\u0151l elv\u00e1rsz: nagyon vil\u00e1gos leolvas\u00e1s az aut\u00f3r\u00f3l, k\u00fcl\u00f6n\u00f6sen a leszor\u00edt\u00f3er\u0151 f\u00e1zisokban.<\/p>\n<p>A tapad\u00e1s leolvas\u00e1sa k\u00fcl\u00f6n\u00f6sen j\u00f3 a modern egy\u00fcl\u00e9ses aut\u00f3kon: \u00e9rezhet\u0151 a tapad\u00e1s mikro-vesztes\u00e9ge el\u00f6l, az a pillanat, amikor a gumiabroncs \"megcs\u00faszik\", miel\u0151tt \u00fajra felvenn\u00e9 a tapad\u00e1st. Egy puh\u00e1bb vagy kev\u00e9sb\u00e9 merev korm\u00e1nyker\u00e9ken ezek az \u00e1rnyalatok \u00e1ltal\u00e1ban elnyel\u0151dnek. Itt minden \u00e1tj\u00f6n. Azok sz\u00e1m\u00e1ra, akik egy bel\u00e9p\u0151 szint\u0171, sz\u00edjhajt\u00e1s\u00fa korm\u00e1nyker\u00e9kr\u0151l \u00e9rkeznek, a jobb olvashat\u00f3s\u00e1g nyilv\u00e1nval\u00f3. Hamarabb \u00e9szreveszi, hogy t\u00falterheli az el\u00fcls\u0151 r\u00e9szt, \u00e9s \u00edgy hamarabb korrig\u00e1l.<\/p>\n<p>A vibr\u00e1torokn\u00e1l az FSR2 tiszta, tiszta jelet ad. A j\u00f3l jelzett s\u00e1vsz\u00e9lek k\u00f6nnyen leolvashat\u00f3k: \u00e9rezhet\u0151, ha t\u00fals\u00e1gosan visszav\u00e1g, vagy ha a magas vibr\u00e1tort harapja. A korm\u00e1nyker\u00e9k nem \u00e9rzi, hogy mechanikusan csavarodik vagy sz\u0171r, ami az agressz\u00edv vezet\u00e9sn\u00e9l elengedhetetlen. A p\u00e1lya sz\u00e9l\u00e9n, ker\u00e9kr\u0151l ker\u00e9kre leteheted az aut\u00f3t an\u00e9lk\u00fcl, hogy \u00fagy \u00e9rezn\u00e9d, hogy s\u00f6t\u00e9tben tapogat\u00f3zol.<\/p>\n<p>Hossz\u00fa munkamenetek sor\u00e1n egy fontos pont kiemelkedik: a markolat k\u00e9nyelme. A markolatokat m\u00e9g akkor is kellemes k\u00e9zben tartani, amikor v\u00e1lt\u00f3r\u00f3l v\u00e1lt\u00f3ra teljes\u00edted. A forma j\u00f3l illeszkedik a k\u00e9zbe, \u00e9s az \u00e9rintkez\u00e9si z\u00f3n\u00e1k nem okoznak t\u00falzott f\u00e1radts\u00e1got. A terhel\u00e9st ink\u00e1bb az alapnyomat\u00e9k, mint maga a korm\u00e1nyker\u00e9k adja. T\u00f6bb \u00f3r\u00e1s vezet\u00e9s eset\u00e9n ez nem r\u00e9szletk\u00e9rd\u00e9s. Egy rosszul megtervezett formulakorm\u00e1ny gyorsan k\u00ednszenved\u00e9ss\u00e9 v\u00e1lik, de itt a vezet\u00e9sre koncentr\u00e1lhat.<\/p>\n<p>A gyors korrekci\u00f3k - k\u00fcl\u00f6n\u00f6sen a lass\u00fa kanyarokb\u00f3l val\u00f3 kil\u00e9p\u00e9skor, amikor a h\u00e1ts\u00f3 r\u00e9sz el\u0151re akar ker\u00fclni - k\u00f6nnyen kezelhet\u0151ek. Mivel a korm\u00e1nyker\u00e9k kompakt \u00e9s k\u00f6nnyen leolvashat\u00f3, gyorsabban reag\u00e1l. Az \"alacsony tehetetlens\u00e9g + j\u00f3 merevs\u00e9g\" kombin\u00e1ci\u00f3ja nagyon kellemes ir\u00e1ny\u00edthat\u00f3s\u00e1got biztos\u00edt a h\u00e1ts\u00f3 v\u00e1lt\u00e1sokn\u00e1l. Ez az a pont, ahol a k\u00fcl\u00f6nbs\u00e9g egy massz\u00edvabb vagy kev\u00e9sb\u00e9 merev korm\u00e1nyker\u00e9kkel szemben megmutatkozik, ahol hajlamos vagy \"t\u00falkorrig\u00e1lni\", vagy a m\u00e1sodperc t\u00f6red\u00e9k\u00e9vel k\u00e9sve reag\u00e1lni.<\/p>\n<p>A kev\u00e9sb\u00e9 er\u0151s alapra szerelt lendker\u00e9kkel \u00f6sszehasonl\u00edtva az FSR2 mindenekel\u0151tt az \u00fczenete egy\u00e9rtelm\u0171s\u00e9g\u00e9ben t\u00fcnd\u00f6k\u00f6l. Szinte azt mondhatn\u00e1nk, hogy a korm\u00e1nyker\u00e9k \"megtiszt\u00edtja\" a zavarokat, \u00e1tengedve azt, ami hasznos. A szimul\u00e1torok t\u00f6bbs\u00e9g\u00e9n\u00e9l er\u0151sebb alapra szerelt korm\u00e1nyker\u00e9k szemrebben\u00e9s n\u00e9lk\u00fcl k\u00f6veti a korm\u00e1nyker\u00e9k: deform\u00e1ci\u00f3 n\u00e9lk\u00fcl viseli a terhel\u00e9st, ami a tart\u00f3ss\u00e1g szempontj\u00e1b\u00f3l megnyugtat\u00f3.<\/p>\n<p>Az \u00e1ltal\u00e1nos elmer\u00fcl\u00e9s szempontj\u00e1b\u00f3l a k\u00e9perny\u0151 + LED-ek + gombok k\u00f6nnyen el\u00e9rhet\u0151 t\u00e1vols\u00e1gban l\u00e9v\u0151 kombin\u00e1ci\u00f3ja val\u00f3di el\u0151ny. Koncentr\u00e1lhatsz a p\u00e1ly\u00e1ra, korl\u00e1tozhatod a k\u00e9perny\u0151 \u00e1tfed\u00e9seit, \u00e9s a bubor\u00e9kban maradhatsz. A korm\u00e1nyr\u00f3l ir\u00e1ny\u00edthatod az aut\u00f3t, szemmel tarthatod a delet, \u00e9s a kezed a markolatokon tarthatod. Ez igazi el\u0151ny, amikor versenyk\u00f6r\u00fclm\u00e9nyekhez k\u00f6zeli k\u00f6r\u00fclm\u00e9nyek k\u00f6z\u00f6tt vezetsz. \u00dagy \u00e9rzed, mintha \"verseny \u00fczemm\u00f3dban\" lenn\u00e9l, nem pedig \"videoj\u00e1t\u00e9k \u00fczemm\u00f3dban\".<\/p>\n<p>\u00d6sszess\u00e9g\u00e9ben az FSR2 t\u00f6k\u00e9letes kieg\u00e9sz\u00edt\u0151je a k\u00f6z\u00e9p- \u00e9s fels\u0151 kateg\u00f3ri\u00e1s Direct Drive alapoknak. Egy kev\u00e9sb\u00e9 er\u0151s alapon m\u00e1r kihaszn\u00e1ljuk merevs\u00e9g\u00e9t \u00e9s pontoss\u00e1g\u00e1t, de \u00fagy \u00e9rezz\u00fck, hogy t\u00f6bbet ad, amikor a nyomat\u00e9k n\u00f6vekszik. Ez egy olyan korm\u00e1nyker\u00e9k, amely jobban m\u0171k\u00f6dik egy er\u0151s Direct Drive alapon, mint egy korl\u00e1tozott alapon.<\/p>\n<h2>Kinek sz\u00f3l? A MOZA FSR2 er\u0151ss\u00e9gei \u00e9s korl\u00e1tai<\/h2>\n<p>A ker\u00e9k ide\u00e1lis profilja a k\u00f6z\u00e9phalad\u00f3 \u00e9s a halad\u00f3 szimul\u00e1torosok sz\u00e1m\u00e1ra, akik els\u0151sorban PC-n vezetnek F1, LMP, Formula vagy modern egy\u00fcl\u00e9ses aut\u00f3kat. Valaki, aki m\u00e1r rendelkezik Direct Drive alaplappal, vagy tervezi annak beszerz\u00e9s\u00e9t, \u00e9s aki egy komplett formula kereket szeretne, amely k\u00e9szen \u00e1ll a komoly versenyz\u00e9sre. Egy teljesen kezd\u0151 sz\u00e1m\u00e1ra a beruh\u00e1z\u00e1s tal\u00e1n egy kicsit t\u00fal ambici\u00f3zus, hacsak a k\u00f6lts\u00e9gvet\u00e9s nem jelent probl\u00e9m\u00e1t, \u00e9s nem az a c\u00e9l, hogy egyenesen egy teljes\u00edtm\u00e9nyorient\u00e1lt be\u00e1ll\u00edt\u00e1sra t\u00e9rjen \u00e1t.<\/p>\n<p>Amit a legjobban \u00e9rt\u00e9kel\u00fcnk, az a merevs\u00e9g \u00e9s a szil\u00e1rds\u00e1g \u00e9rz\u00e9se. Nem kell f\u00e9lnie att\u00f3l, hogy kem\u00e9nyen kell vezetnie, \u00e9s a korm\u00e1nyker\u00e9k ezt is mag\u00e1t\u00f3l \u00e9rtet\u0151d\u0151en viseli. Azt\u00e1n ott van a gombok + forg\u00f3k + t\u00e1rcs\u00e1k \u00e1tfog\u00f3 konfigur\u00e1ci\u00f3ja, ami azt jelenti, hogy minden a kezed \u00fcgy\u00e9ben van: aut\u00f3kezel\u00e9s, strat\u00e9gia, \u00fczemanyag, minden ir\u00e1ny\u00edthat\u00f3 el\u00f6lr\u0151l. V\u00e9g\u00fcl a j\u00f3 hat\u00e1sfokkal haszn\u00e1lt integr\u00e1lt k\u00e9perny\u0151 val\u00f3ban megv\u00e1ltoztatja az \u00e9lm\u00e9nyt: nem kell t\u00falterhelni a j\u00e1t\u00e9k kijelz\u0151j\u00e9t, a l\u00e9nyeges inform\u00e1ci\u00f3kat k\u00f6zvetlen\u00fcl a korm\u00e1nyker\u00e9ken olvashatod le.<\/p>\n<p>M\u00e1sr\u00e9szr\u0151l azonban t\u00f6bb ponton is van, amit min\u0151s\u00edteni kell. Az els\u0151 a nagyon tipikus forma: egy formulakorm\u00e1ny nem mindenre ide\u00e1lis. A raliz\u00e1shoz, driftel\u00e9shez vagy ak\u00e1r n\u00e9h\u00e1ny nagyon kanyarg\u00f3s GT-aut\u00f3hoz nem ez a legk\u00e9nyelmesebb form\u00e1tum. M\u00e1sodszor, a MOZA \u00f6kosziszt\u00e9m\u00e1ja sokkal term\u00e9szetesebb PC-n, mint konzolon; ha f\u0151leg konzolon j\u00e1tszol, ellen\u0151rizd az alap \u00e1ltal\u00e1nos kompatibilit\u00e1st, miel\u0151tt elk\u00f6telezn\u00e9d magad. V\u00e9g\u00fcl az \u00e1r egy\u00e9rtelm\u0171en a komoly befektet\u00e9s kateg\u00f3ri\u00e1j\u00e1ba sorolja az FSR2-t: a technol\u00f3gi\u00e1\u00e9rt \u00e9s a kivitelez\u00e9s\u00e9rt fizetsz, de ez m\u00e9gis egy megfontolt v\u00e1s\u00e1rl\u00e1s, nem pedig egy bel\u00e9p\u0151 szint\u0171 szesz\u00e9ly.<\/p>\n<p>Az \u00e9rz\u00e9kelt \u00e9rt\u00e9k szempontj\u00e1b\u00f3l a k\u00e9rd\u00e9s egyszer\u0171: ha rendszeresen kihaszn\u00e1lod az er\u0151ss\u00e9geit - intenz\u00edv formula vezet\u00e9s, hossz\u00fa etapok, vonalvezet\u00e9s, be\u00e1ll\u00edt\u00e1si munka -, akkor a ker\u00e9k igazolja az \u00e1r\u00e1t. Ha az id\u0151d 80 %-j\u00e9t GT, k\u00f6z\u00fati vagy drift versenyeken t\u00f6lt\u00f6d, akkor fenn\u00e1ll a vesz\u00e9lye, hogy nem haszn\u00e1lod ki az er\u0151ss\u00e9geit, \u00e9s egy olyan koncepci\u00f3\u00e9rt fizetsz, amely nem igaz\u00e1n illik a vezet\u00e9si st\u00edlusodhoz.<\/p>\n<h2>Az \u00edt\u00e9let: meg\u00e9ri a MOZA FSR2?<\/h2>\n<p>Egy modern szimul\u00e1toros versenyfelszerel\u00e9sben az FSR2 egy\u00e9rtelm\u0171en kulcselem az egy\u00fcl\u00e9ses aut\u00f3k \u00e9s protot\u00edpusok kedvel\u0151i sz\u00e1m\u00e1ra. Teljes k\u00f6r\u0171, prec\u00edz \u00e9s komoly vezet\u00e9si fel\u00fcletet biztos\u00edt, amely igaz\u00e1n feldobja a j\u00f3 szint\u0171 Direct Drive alapot. Ez egy korm\u00e1nyker\u00e9k, amely egy setupot struktur\u00e1l, nem pedig egy egyszer\u0171 kieg\u00e9sz\u00edt\u0151.<\/p>\n<p>A piacon az el\u00e9rhet\u0151 pr\u00e9mium szegmensben helyezkedik el: magasabbra, mint egy \"m\u0171anyag-fantasztikus\" vagy bel\u00e9p\u0151 szint\u0171 korm\u00e1nyker\u00e9k, de n\u00e9h\u00e1ny ultra-exkluz\u00edv sz\u00f6rnyeteg alatt. A szimul\u00e1torok rajong\u00f3it c\u00e9lozza meg, akik k\u00e9szek befektetni egy nagy teljes\u00edtm\u00e9ny\u0171 eszk\u00f6zbe, an\u00e9lk\u00fcl, hogy felt\u00e9tlen\u00fcl beleesn\u00e9nek a gy\u0171jt\u0151i \u0151r\u00fcletbe.<\/p>\n<p>Egy\u00e9rtelm\u0171en azoknak aj\u00e1nlan\u00e1m, akik els\u0151sorban F1, LMP, modern egy\u00fcl\u00e9ses aut\u00f3kkal, PC-n, MOZA b\u00e1zissal, vagy azzal a sz\u00e1nd\u00e9kkal, hogy bel\u00e9pjenek ebbe az \u00f6kosziszt\u00e9m\u00e1ba. Alkalmi j\u00e1t\u00e9kosoknak, f\u0151leg konzolos haszn\u00e1latra, vagy aki sokat v\u00e1ltogatja a rally\/drift\/nyitott utakat, annak egy sokoldal\u00fabb GT vagy klasszikus kerek korm\u00e1nyt aj\u00e1nlan\u00e9k.<\/p>\n<p>Ha egy merev, prec\u00edz formula ker\u00e9kre v\u00e1gyik, integr\u00e1lt k\u00e9perny\u0151vel \u00e9s komoly hardver \u00e9rzet\u00e9vel, amelyhez Direct Drive alapot is k\u00edn\u00e1l, akkor ez a term\u00e9k egy\u00e9rtelm\u0171en a k\u00fcl\u00f6nbs\u00e9get jelentheti az \u00d6n be\u00e1ll\u00edt\u00e1sai k\u00f6z\u00f6tt.<\/p>","protected":false},"excerpt":{"rendered":"<p>Ez a korm\u00e1nyker\u00e9k egy komoly eszk\u00f6z \u00e9rzet\u00e9t keltette bennem, amely val\u00f3ban tiszt\u00e1zza, hogy mit csin\u00e1l az aut\u00f3, \u00e9s term\u00e9szetesebb\u00e9 \u00e9s mag\u00e1val ragad\u00f3bb\u00e1 teszi az egy\u00fcl\u00e9ses hossz\u00fa \u00fcl\u00e9seket. \u00c9rtelme van a m\u00e1r Direct Drive alapokkal felszerelt (vagy ilyenekre t\u00f6rekv\u0151) PC-s szimul\u00e1torosoknak, akik f\u0151k\u00e9nt F1\/LMP-ben aut\u00f3znak. E c\u00e9lzott felhaszn\u00e1l\u00e1s eset\u00e9n a befektet\u00e9s koherensnek \u00e9s fenntarthat\u00f3nak t\u0171nik.<\/p>","protected":false},"featured_media":101397,"comment_status":"open","ping_status":"closed","template":"","meta":{"_acf_changed":false,"_et_pb_use_builder":"","_et_pb_old_content":"","_et_gb_content_width":""},"product_brand":[165],"product_cat":[156],"product_tag":[149],"class_list":{"0":"post-101396","1":"product","2":"type-product","3":"status-publish","4":"has-post-thumbnail","6":"product_brand-moza-racing","7":"product_cat-roue-de-volant","8":"product_tag-pc","10":"first","11":"instock","12":"shipping-taxable","13":"product-type-external"},"acf":[],"_links":{"self":[{"href":"https:\/\/simracergear.com\/hu\/wp-json\/wp\/v2\/product\/101396","targetHints":{"allow":["GET"]}}],"collection":[{"href":"https:\/\/simracergear.com\/hu\/wp-json\/wp\/v2\/product"}],"about":[{"href":"https:\/\/simracergear.com\/hu\/wp-json\/wp\/v2\/types\/product"}],"replies":[{"embeddable":true,"href":"https:\/\/simracergear.com\/hu\/wp-json\/wp\/v2\/comments?post=101396"}],"wp:featuredmedia":[{"embeddable":true,"href":"https:\/\/simracergear.com\/hu\/wp-json\/wp\/v2\/media\/101397"}],"wp:attachment":[{"href":"https:\/\/simracergear.com\/hu\/wp-json\/wp\/v2\/media?parent=101396"}],"wp:term":[{"taxonomy":"product_brand","embeddable":true,"href":"https:\/\/simracergear.com\/hu\/wp-json\/wp\/v2\/product_brand?post=101396"},{"taxonomy":"product_cat","embeddable":true,"href":"https:\/\/simracergear.com\/hu\/wp-json\/wp\/v2\/product_cat?post=101396"},{"taxonomy":"product_tag","embeddable":true,"href":"https:\/\/simracergear.com\/hu\/wp-json\/wp\/v2\/product_tag?post=101396"}],"curies":[{"name":"wp","href":"https:\/\/api.w.org\/{rel}","templated":true}]}}