{"id":101413,"date":"2025-05-15T08:10:00","date_gmt":"2025-05-15T08:10:00","guid":{"rendered":"https:\/\/simracergear.com\/products\/moza-hbp-handbrake\/"},"modified":"2025-11-28T05:25:07","modified_gmt":"2025-11-28T05:25:07","slug":"moza-hbp-handbrake","status":"publish","type":"product","link":"https:\/\/simracergear.com\/hu\/products\/moza-hbp-handbrake\/","title":{"rendered":"MOZA HBP k\u00e9zif\u00e9k"},"content":{"rendered":"<h2>MOZA HBP k\u00e9zif\u00e9k: egy komolyan hiteles k\u00e9zif\u00e9k a szimul\u00e1toros versenyz\u00e9shez<\/h2>\n<p>Egy rally, drift vagy rallycross-orient\u00e1lt szimul\u00e1toros versenyfelszerel\u00e9sben a k\u00e9zif\u00e9k gyakran a gyenge l\u00e1ncszem. Vagy t\u00fals\u00e1gosan j\u00e1t\u00e9kszer\u0171, t\u00fal neh\u00e9z be\u00e1ll\u00edtani, vagy nem el\u00e9g megb\u00edzhat\u00f3. A MOZA HBP k\u00e9zif\u00e9k pontosan ezt a r\u00e9st c\u00e9lozza meg: egy virtu\u00e1lis f\u00e9m hidraulikus k\u00e9zif\u00e9k, amelyet \u00fagy terveztek, hogy j\u00f3l illeszkedjen egy modern \u00f6kosziszt\u00e9m\u00e1ba.<\/p>\n<p>Pap\u00edron pontos t\u00f6r\u00e9spontot, j\u00f3 progresszivit\u00e1st \u00e9s igazi mechanikus \u00e9rz\u00e9st \u00edg\u00e9r, an\u00e9lk\u00fcl, hogy egy g\u00e1zgy\u00e1r lenne a konfigur\u00e1l\u00e1s. Egy\u00e9rtelm\u0171en a komoly, PC-orient\u00e1lt szimul\u00e1torosokat c\u00e9lozza meg, akik valami robosztus, \"f\u00e9lprofi\" term\u00e9khez k\u00f6zeli, de m\u00e9gis megfizethet\u0151 \u00e1r\u00fa term\u00e9ket szeretn\u00e9nek.<\/p>\n<p>Az \u00e9n szemsz\u00f6gem ebben a tesztben egyszer\u0171: mennyire v\u00e1ltoztatja meg a MOZA HBP a f\u00e9kez\u00e9s \u00e9s a sikl\u00e1s kiv\u00e1lt\u00e1s\u00e1nak m\u00f3dj\u00e1t? Az \u00e9rz\u00e9sek \u00e9s a pontoss\u00e1g igazolja a befektet\u00e9st, k\u00fcl\u00f6n\u00f6sen az egyszer\u0171bb k\u00e9zif\u00e9kekkel vagy a gyakran sokkal dr\u00e1g\u00e1bb cs\u00facsmodellekkel \u00f6sszehasonl\u00edtva? \u00c9s mindenekel\u0151tt, nagyobb kontrollt adnak-e a kritikus f\u00e1zisokban, amikor minden n\u00e9h\u00e1ny millim\u00e9teres \u00faton m\u00falik?<\/p>\n<h2>Tervez\u00e9s, gy\u00e1rt\u00e1s \u00e9s \u00e9rz\u00e9s<\/h2>\n<p>A MOZA HBP k\u00e9zif\u00e9k azonnal komolyan vehet\u0151. A test massz\u00edv, teljes eg\u00e9sz\u00e9ben f\u00e9mb\u0151l k\u00e9sz\u00fclt, \u00e9s olyan s\u0171r\u0171s\u00e9g\u0171 \u00e9s merevs\u00e9g\u0171 benyom\u00e1st kelt, amilyet a bel\u00e9p\u0151 szint\u0171 k\u00e9zif\u00e9keken nem tal\u00e1lunk. A k\u00e9zben nincs \u00e9szrevehet\u0151 j\u00e1t\u00e9k a karon, a tengelyek j\u00f3l be vannak \u00e1ll\u00edtva, \u00e9s \u00e9rezhet\u0151, hogy a szerkezet meging\u00e1s n\u00e9lk\u00fcl b\u00edrja az ism\u00e9telt er\u0151s haszn\u00e1latot.<\/p>\n<p>\u00d6sszess\u00e9g\u00e9ben a kivitelez\u00e9s tiszta: j\u00f3l megmunk\u00e1lt fel\u00fcletek, a MOZA t\u00f6bbi term\u00e9k\u00e9vel \u00f6sszhangban l\u00e9v\u0151 fest\u00e9s, hozz\u00e1f\u00e9rhet\u0151 csavarok \u00e9s csavarok. A kivitel ink\u00e1bb f\u00e9lig ipari, mintsem pol\u00edrozott, de egy k\u00e9zif\u00e9k eset\u00e9ben pontosan az, amit elv\u00e1rn\u00e1nk. Meg akarod h\u00fazni, nem pedig elgondolkodni rajta.<\/p>\n<p>A kar f\u00fcgg\u0151leges vagy v\u00edzszintes helyzetbe \u00e1ll\u00edthat\u00f3, ami val\u00f3ban megv\u00e1ltoztatja a fog\u00e1st. F\u00fcgg\u0151leges helyzetben ink\u00e1bb olyan, mint egy drift k\u00e9zif\u00e9k. A kv\u00e1zi v\u00edzszintes helyzetben a rally k\u00e9zif\u00e9khez \u00e1ll k\u00f6zelebb. Maga a markolat tisztess\u00e9ges, an\u00e9lk\u00fcl, hogy luxus lenne: j\u00f3 hossz\u00fa, kellemes \u00e1tm\u00e9r\u0151j\u0171, elegend\u0151 tapad\u00e1ssal. \u00c9rezhet\u0151, hogy \u00fagy tervezt\u00e9k, hogy keszty\u0171vel \u00e9s puszta k\u00e9zzel is haszn\u00e1lhat\u00f3 legyen.<\/p>\n<p>Ami felt\u0171n\u0151, az az eg\u00e9sz merevs\u00e9ge. Nem az a benyom\u00e1sunk, hogy az alap elg\u00f6rb\u00fclne, vagy hogy az alkatr\u00e9szek nagy terhel\u00e9s alatt meghajlan\u00e1nak. A l\u00f6ket ir\u00e1ny\u00edtott \u00e9s line\u00e1ris, furcsa s\u00farl\u00f3d\u00e1s n\u00e9lk\u00fcl. A m\u0171anyagb\u00f3l vagy k\u00f6nny\u0171f\u00e9mb\u0151l k\u00e9sz\u00fclt bel\u00e9p\u0151 szint\u0171 k\u00e9zif\u00e9kekkel \u00f6sszehasonl\u00edtva egy\u00e9rtelm\u0171 a k\u00fcl\u00f6nbs\u00e9g az \u00e9rz\u00e9kelt szil\u00e1rds\u00e1gban.<\/p>\n<p>Ahol egy kicsit csal\u00f3d\u00e1st okoz, az k\u00e9t dolog. El\u0151sz\u00f6r is, az eszt\u00e9tika nagyon funkcion\u00e1lis, nincs benne semmi k\u00fcl\u00f6n\u00f6s: akik szeretik a nagyon pr\u00e9mium term\u00e9keket, mint az aranym\u0171vesek darabjait, kicsit csal\u00f3dottak lesznek. M\u00e1sodszor, a pil\u00f3taf\u00fclk\u00e9t\u0151l f\u00fcgg\u0151en a m\u00e9ret \u00e9s a r\u00f6gz\u00edt\u00e9si rendszer ig\u00e9nyelhet egy kis kiigaz\u00edt\u00e1st a megfelel\u0151 poz\u00edci\u00f3 megtal\u00e1l\u00e1s\u00e1hoz.<\/p>\n<p>A fejlettebb \u00e9s gyakran sokkal dr\u00e1g\u00e1bb k\u00e9zif\u00e9kekkel \u00f6sszehasonl\u00edtva a MOZA HBP egy komoly term\u00e9k, er\u0151sebb, mint egy olcs\u00f3 modell, de kev\u00e9sb\u00e9 extr\u00e9m \u00e9s kev\u00e9sb\u00e9 testreszabhat\u00f3, mint egy val\u00f3di hidraulik\u00e1val rendelkez\u0151 \"profi\" k\u00e9zif\u00e9k. Nagyon j\u00f3 kompromisszum az er\u0151, a m\u00e9ret \u00e9s az \u00e1r k\u00f6z\u00f6tt.<\/p>\n<h2>Be\u00e1ll\u00edt\u00e1sok, testreszab\u00e1s \u00e9s kompatibilit\u00e1s<\/h2>\n<p>A mechanikus be\u00e1ll\u00edt\u00e1sok tekintet\u00e9ben a MOZA HBP a legfontosabbakat k\u00edn\u00e1lja: a kar sz\u00f6g\u00e9t, a t\u00e1jol\u00e1st (f\u00fcgg\u0151leges\/horizont\u00e1lis), a rug\u00f3\/csillap\u00edt\u00f3 rendszeren kereszt\u00fcli kem\u00e9nys\u00e9get \u00e9s a felhaszn\u00e1lhat\u00f3 mozg\u00e1st. Az \u00e9rzetet val\u00f3ban a st\u00edlusodhoz igaz\u00edthatod, agressz\u00edv driftel\u00e9shez ink\u00e1bb \"on\/off\", rallye- vagy rallycrossoz\u00e1shoz progressz\u00edvebb.<\/p>\n<p>A MOZA Pit House szoftver seg\u00edts\u00e9g\u00e9vel sz\u00e1m\u00edt\u00f3g\u00e9pen finomhangolhatja a v\u00e1laszg\u00f6rb\u00e9t \u00e9s a holtteret. A kezel\u0151fel\u00fclet \u00e1ttekinthet\u0151, a cs\u00faszk\u00e1k azonnal reag\u00e1lnak, \u00e9s a hasznos \u00fat azonnal l\u00e1that\u00f3. Gyorsan megtanulhat\u00f3: elv\u00e9gez k\u00e9t-h\u00e1rom tesztet, lefuttatja a referenciak\u00e9szletet, \u00e9s addig \u00e1ll\u00edtja az \u00e9rz\u00e9kenys\u00e9get, am\u00edg meg nem tal\u00e1lja a megfelel\u0151 pontot. Ha egyszer be\u00e1ll\u00edtotta a profilt, alig ny\u00fal hozz\u00e1 t\u00f6bbet.<\/p>\n<p>A magam r\u00e9sz\u00e9r\u0151l \u00fagy tal\u00e1ltam, hogy az igaz\u00e1n hasznos be\u00e1ll\u00edt\u00e1sok a g\u00f6rbe linearit\u00e1sa \u00e9s az akt\u00edv l\u00f6ket kalibr\u00e1l\u00e1sa. Ha meg lehet hat\u00e1rozni, hogy az aut\u00f3 mikor kezdi el igaz\u00e1n blokkolni a h\u00e1ts\u00f3 kerekeket, az megv\u00e1ltoztatja a j\u00e1t\u00e9kot. Lehet egy \"l\u00e1gy\" ind\u00edt\u00e1s a l\u00f6kethez, hogy adagolja, majd egy gyorsabb emelked\u00e9s, hogy r\u00f6gz\u00edtse. Ha ez megfelel\u0151en van be\u00e1ll\u00edtva, a t\u00f6meg\u00e1tvitel sokkal term\u00e9szetesebb.<\/p>\n<p>A MOZA HBP a kompatibilit\u00e1s szempontj\u00e1b\u00f3l egy\u00e9rtelm\u0171en PC-orient\u00e1lt. M\u0171k\u00f6dhet k\u00f6zvetlen\u00fcl USB-n kereszt\u00fcl vagy a MOZA \u00f6kosziszt\u00e9m\u00e1ba integr\u00e1lva. USB m\u00f3dban \u00fagy viselkedik, mint egy szabv\u00e1nyos perif\u00e9ria, amelyet a legt\u00f6bb szimul\u00e1toros versenyj\u00e1t\u00e9k felismer. Egy teljes MOZA be\u00e1ll\u00edt\u00e1sban az integr\u00e1ci\u00f3 tiszt\u00e1bb, de nem kell, hogy az legyen, hogy kihaszn\u00e1lja az el\u0151nyeit.<\/p>\n<p>A pil\u00f3taf\u00fclk\u00e9kn\u00e9l minden a r\u00f6gz\u00edt\u00e9sr\u0151l sz\u00f3l. A k\u00e9zif\u00e9k j\u00f3l illeszkedik az alum\u00ednium profil\u00fa pil\u00f3taf\u00fclk\u00e9khez, \u00e9s sz\u00e1mos ac\u00e9l alv\u00e1zhoz is, de n\u00e9ha a szerkezett\u0151l f\u00fcgg\u0151en \u00f6ssze kell rakni egy konzolt vagy adaptert. Semmi \u00e1thidalhatatlan, de nem egy hagyom\u00e1nyos \u00edr\u00f3asztalhoz val\u00f3 \"plug &amp; play\" term\u00e9kr\u0151l besz\u00e9l\u00fcnk.<\/p>\n<p>A sk\u00e1l\u00e1zhat\u00f3s\u00e1g szempontj\u00e1b\u00f3l ez egy olyan k\u00e9zif\u00e9k, amely egy\u00e9rtelm\u0171en hossz\u00fa ideig maradhat egy be\u00e1ll\u00edt\u00e1sban. Ez nem csak egy bel\u00e9p\u00e9si pont, amelyet le kell cser\u00e9lni, amint el\u0151rehaladunk. Megvan benne minden, ami ahhoz kell, hogy feljebb l\u00e9pj\u00fcnk a kateg\u00f3ri\u00e1ban, \u00e9s er\u0151sebb l\u00e1ncszemeket, terhel\u00e9ses vagy hidraulikus hajt\u00f3karokat \u00e9s cs\u00facsv\u00e1lt\u00f3kat haszn\u00e1ljunk. Komoly setupot \u00e9p\u00edthetsz k\u00f6r\u00e9 an\u00e9lk\u00fcl, hogy t\u00fal gyorsan korl\u00e1tozva \u00e9rezn\u00e9d magad.<\/p>\n<h2>MOZA HBP j\u00e1t\u00e9kban: \u00e9rz\u00e9s, ir\u00e1ny\u00edt\u00e1s \u00e9s bizalom<\/h2>\n<p>Ahol a MOZA HBP igaz\u00e1n kiteljesedik, az a p\u00e1ly\u00e1n van. A j\u00f3 k\u00e9zif\u00e9k c\u00e9lja a szimul\u00e1toros versenyz\u00e9sben nem csak a h\u00e1ts\u00f3 kerekek blokkol\u00e1sa, hanem a sikl\u00e1s szab\u00e1lyoz\u00e1sa is. A k\u00e9rd\u00e9s teh\u00e1t a k\u00f6vetkez\u0151: mennyire pontos \u00e9s megism\u00e9telhet\u0151 ez a k\u00e9zif\u00e9k, hogy ez az ir\u00e1ny\u00edt\u00e1s mennyire pontos \u00e9s megism\u00e9telhet\u0151?<\/p>\n<p>Az \u00fat egy meglehet\u0151sen egy\u00e9rtelm\u0171 t\u00f6r\u00e9spontot k\u00edn\u00e1l. \u00c9rezhet\u0151 az ellen\u00e1ll\u00e1s fokozatos emelked\u00e9se, majd egy olyan z\u00f3na, ahol a blokkol\u00e1s hangs\u00falyosabb\u00e1 v\u00e1lik. Ez nem igazi hidraulika, de az \u00e9rz\u00e9s egy\u00e9rtelm\u0171en k\u00f6zelebb \u00e1ll egy fejlettebb rendszerhez, mint az egyszer\u0171 mikrokapcsol\u00f3s billen\u0151h\u00f6z. A tapad\u00e1s \u00e9s a sikl\u00e1s k\u00f6z\u00f6tti \u00e1tmenet jobban kezelhet\u0151.<\/p>\n<p>Sz\u0171k kanyarokban \u00e9s hajt\u0171kanyarokban \u00fagy ind\u00edthatja be az aut\u00f3 forg\u00e1s\u00e1t, hogy k\u00f6zben nem \u00e9rzi mag\u00e1t lott\u00f3j\u00e1t\u00e9kosnak. Megh\u00fazod a ravaszt, az aut\u00f3 elfordul, \u00e9s k\u00f6nny\u0171 megtal\u00e1lni a megism\u00e9telhet\u0151 poz\u00edci\u00f3t. Azonnal meg\u00e9rti, hogy mit csin\u00e1l az aut\u00f3 h\u00e1tulja. Ez az, ami igaz\u00e1n megv\u00e1ltoztatja az \u00f6nbizalmadat.<\/p>\n<p>A rally t\u00edpus\u00fa szakaszokon a k\u00e9zif\u00e9k \u00e1ltal keltett r\u00e1nt\u00e1s tiszta, \u00e9rz\u00e9kelhet\u0151 k\u00e9sleltet\u00e9s n\u00e9lk\u00fcl. Kem\u00e9nyen nyomhatod an\u00e9lk\u00fcl, hogy mechanikai f\u00e1radts\u00e1got \u00e9rezn\u00e9l a karban. A h\u00e1ts\u00f3 tapad\u00e1s leolvas\u00e1sa sokkal finomabb\u00e1 v\u00e1lik, mint egy egyszer\u0171 k\u00e9zif\u00e9kkel: jobban \u00e9rz\u00e9keli, hogy mikor j\u00f6nnek ki a kerekek a vonalb\u00f3l, \u00e9s gyorsan megtanulja, hogy a f\u00e9ket \u00fagy \u00e1ll\u00edtsa be, hogy pontos \u00e1ll\u00e1ssz\u00f6get \u00e9rjen el, ne pedig egy egyszer\u0171 kip\u00f6rg\u00e9st.<\/p>\n<p>A vibr\u00e1torokon vagy a g\u00f6r\u00f6ngy\u00f6s ter\u00fcleteken a k\u00e9zif\u00e9k szerepe korl\u00e1tozottabb, de egy dolog kiemelkedik: a k\u00f6vetkezetess\u00e9g. A l\u00f6ket ugyanaz marad, \u00e9s az ellen\u00e1ll\u00e1s nem borul ki egy \u00fcl\u00e9s alatt, m\u00e9g akkor sem, ha egym\u00e1s ut\u00e1n lovagolsz. Az izommem\u00f3ria gyorsan be\u00e1ll. Tudod, hol van a kiv\u00e1lt\u00f3 pont, an\u00e9lk\u00fcl, hogy gondolkodnod kellene rajta. Ez felszabad\u00edtja a ment\u00e1lis s\u00e1vsz\u00e9less\u00e9get a t\u00f6bbihez.<\/p>\n<p>A gyors korrekci\u00f3khoz, k\u00fcl\u00f6n\u00f6sen drift vagy rallycross eset\u00e9n, a kar gyorsan \u00e9s tiszt\u00e1n t\u00e9r vissza a kiindul\u00e1si helyzetbe. A kart \u00fajra \u00e9s \u00fajra megh\u00fazhatja \u00e9s elengedheti an\u00e9lk\u00fcl, hogy elmos\u00f3dna. \u00c9rezhet\u0151, hogy a rug\u00f3rendszer j\u00f3l m\u00e9retezett. Ez k\u00fcl\u00f6n\u00f6sen kellemes, amikor az aut\u00f3val a hat\u00e1ron j\u00e1tszadozik, v\u00e1ltogatva a k\u00e9zif\u00e9ket, a ped\u00e1lf\u00e9ket \u00e9s az ellenkorm\u00e1nyz\u00e1st.<\/p>\n<p>Egy nagyon egyszer\u0171 k\u00e9zif\u00e9kkel \u00f6sszehasonl\u00edtva a f\u0151 nyeres\u00e9g az ir\u00e1ny\u00edt\u00e1s finoms\u00e1g\u00e1ban rejlik. M\u00edg egy egyszer\u0171 modell azt a benyom\u00e1st kelti, hogy csak k\u00e9t \u00e1llapota van (semmi \/ teljesen z\u00e1rva), addig a MOZA HBP val\u00f3di haszn\u00e1lhat\u00f3 z\u00f3n\u00e1t k\u00edn\u00e1l. M\u00e1sr\u00e9szt n\u00e9h\u00e1ny teljes hidraulikus k\u00f6rrel rendelkez\u0151 cs\u00facsmodellhez k\u00e9pest egy kicsit vesz\u00edt\u00fcnk a tiszta \u00e9rz\u00e9s gazdags\u00e1g\u00e1b\u00f3l, de elker\u00fclj\u00fck a bonyolults\u00e1got, a karbantart\u00e1st \u00e9s a hatalmas t\u00f6bbletk\u00f6lts\u00e9geket is. Az egyens\u00faly m\u00e9g mindig nagyon j\u00f3 a legt\u00f6bb szimul\u00e1toros sz\u00e1m\u00e1ra.<\/p>\n<p>Az \u00e9rz\u00e9s a belemer\u00fcl\u00e9s szempontj\u00e1b\u00f3l megfelel egy k\u00f6z\u00e9pkateg\u00f3ri\u00e1s\/magas kateg\u00f3ri\u00e1s be\u00e1ll\u00edt\u00e1snak: Direct Drive alap, komoly hajt\u00f3kar, mechanikus v\u00e1lt\u00f3. A k\u00e9zif\u00e9k nem l\u00f3g ki a sorb\u00f3l, hanem term\u00e9szetes r\u00e9sze az \u00e9lm\u00e9nynek. T\u00e9nyleg az a benyom\u00e1sod, hogy egy motoroz\u00e1si eszk\u00f6zt adsz hozz\u00e1, nem csak egy szerkenty\u0171t.<\/p>\n<p>Hossz\u00fa munkamenetek sor\u00e1n legink\u00e1bb a k\u00f6vetkezetess\u00e9g \u00e9s a t\u00falzott f\u00e1radts\u00e1g hi\u00e1nya t\u0171nik ki. Az ellen\u00e1ll\u00e1s elegend\u0151 a pontoss\u00e1ghoz, an\u00e9lk\u00fcl, hogy f\u00e1raszt\u00f3v\u00e1 v\u00e1lna. Egy eg\u00e9sz est\u00e9t el lehet t\u00f6lteni rallyz\u00e1ssal vagy driftel\u00e9ssel an\u00e9lk\u00fcl, hogy az alkarod l\u00e1ngba borulna. Ez egy j\u00f3 egyens\u00faly egy olyan eszk\u00f6z eset\u00e9ben, amely nagy ig\u00e9nybev\u00e9telnek van kit\u00e9ve.<\/p>\n<h2>Kinek sz\u00f3l? Mit szeret\u00fcnk, mit nem szeret\u00fcnk<\/h2>\n<p>A MOZA HBP Handbrake egy\u00e9rtelm\u0171en a motiv\u00e1lt szimul\u00e1torosoknak sz\u00f3l, akik f\u0151k\u00e9nt PC-n j\u00e1tszanak, minim\u00e1lis szerkezettel (pil\u00f3taf\u00fclke vagy stabil t\u00e1masz). Egy nagyon alkalmi kezd\u0151, aki havonta egyszer motorozik asztali g\u00e9pen, nem fogja a teljes potenci\u00e1lt kihozni bel\u0151le. M\u00e1sr\u00e9szr\u0151l viszont egy \"komoly k\u00f6z\u00e9phalad\u00f3\" vagy \"megr\u00f6gz\u00f6tt\" rally\/drift profil\u00fa j\u00e1t\u00e9kos gyorsan megtal\u00e1lja, amit keres.<\/p>\n<p>Amit a legjobban \u00e9rt\u00e9kelek, az a szil\u00e1rds\u00e1g \u00e1ltal\u00e1nos \u00e9rz\u00e9se. \u00dagy \u00e9rzem, hogy t\u00f6bb ezer \u00fct\u00e9st is kib\u00edr an\u00e9lk\u00fcl, hogy \u00f6sszeomlana, ami bizalmat \u00e9breszt. Azt\u00e1n ott van a haszn\u00e1lhat\u00f3 \u00fat \u00e9s a progresszivit\u00e1s, ami val\u00f3di kontrollt biztos\u00edt. M\u00e1r nem egy kapcsol\u00f3 ellen k\u00fczdesz, hanem t\u00e9nyleg te ir\u00e1ny\u00edtod az aut\u00f3 h\u00e1ts\u00f3 r\u00e9sz\u00e9t. V\u00e9gezet\u00fcl a MOZA \u00f6kosziszt\u00e9m\u00e1ba val\u00f3 integr\u00e1ci\u00f3 vagy az USB-s k\u00fcl\u00f6n\u00e1ll\u00f3 egys\u00e9g tiszta, a szoftver pedig el\u00e9g vil\u00e1gos ahhoz, hogy a finomhangol\u00e1s fejf\u00e1j\u00e1s n\u00e9lk\u00fcl elv\u00e9gezhet\u0151 legyen.<\/p>\n<p>Ami a korl\u00e1tokat illeti, az els\u0151 a konzolkompatibilit\u00e1s, ami nem az ide\u00e1lis j\u00e1tsz\u00f3t\u00e9r. Egy t\u00falnyom\u00f3r\u00e9szt konzolos szimul\u00e1torhoz nem a legjobb v\u00e1laszt\u00e1s. A m\u00e1sodik h\u00e1tr\u00e1nya, hogy a szerel\u00e9shez minim\u00e1lis pil\u00f3taf\u00fclke vagy merev szerkezet sz\u00fcks\u00e9ges. Egy egyszer\u0171, ak\u00e1r massz\u00edv asztalon az \u00e9lm\u00e9ny sokat vesz\u00edt a pontoss\u00e1gb\u00f3l \u00e9s a k\u00e9nyelemb\u0151l. Harmadszor, az \u00e9rz\u00e9s nem \u00e9ri el teljesen egy cs\u00facsmin\u0151s\u00e9g\u0171, teljes hidraulikus rendszer realizmus\u00e1nak szintj\u00e9t: aki a mechanikai realizmus abszol\u00fat maximum\u00e1t keresi, az elker\u00fclhetetlen\u00fcl tov\u00e1bb megy... \u00e9s dr\u00e1g\u00e1bban.<\/p>\n<p>A beruh\u00e1z\u00e1s szempontj\u00e1b\u00f3l a MOZA HBP olyan term\u00e9kk\u00e9nt van poz\u00edcion\u00e1lva, amely magas \u00e9szlelt \u00e9rt\u00e9kkel rendelkezik a szegmens\u00e9ben. Ez nem egy szerkenty\u0171: ez egy val\u00f3di vezet\u00e9si eszk\u00f6z, amely k\u00e9pes \u00e1talak\u00edtani a rally- \u00e9s drift-\u00e9lm\u00e9nyt. A robusztuss\u00e1g\/\u00e9rzet\/\u00e1r ar\u00e1ny koherens annak, aki id\u0151t t\u00f6lt szimul\u00e1toros versenyz\u00e9ssel, \u00e9s egy hiteles be\u00e1ll\u00edt\u00e1sra v\u00e1gyik an\u00e9lk\u00fcl, hogy a k\u00edn\u00e1lat sz\u00e9ls\u0151s\u00e9ges cs\u00facs\u00e1ra menne.<\/p>\n<h2>Az \u00edt\u00e9let: meg\u00e9ri a MOZA HBP k\u00e9zif\u00e9k?<\/h2>\n<p>A MOZA HBP k\u00e9zif\u00e9k valami nagyon k\u00e9zzelfoghat\u00f3t hoz a be\u00e1ll\u00edt\u00e1sokba: a k\u00e9zif\u00e9k val\u00f3di korm\u00e1nyeszk\u00f6zk\u00e9nt kezelhet\u0151, nem csak egy hatalmas gombk\u00e9nt. Az el\u0151ny\u00f6k a cs\u00fasz\u00e1svez\u00e9rl\u00e9s, a hajsz\u00e1lpontoss\u00e1g a hajt\u0171kanyarokban \u00e9s a k\u00e9zif\u00e9k elenged\u00e9sekor mutatkoz\u00f3 magabiztoss\u00e1g tekintet\u00e9ben azonnal nyilv\u00e1nval\u00f3ak, amikor olyan szak\u00e1gakat vezetsz, ahol az aut\u00f3 h\u00e1ts\u00f3 r\u00e9sze kulcsszerepet j\u00e1tszik.<\/p>\n<p>A piacon egy\u00e9rtelm\u0171en a szil\u00e1rd k\u00f6z\u00e9pkateg\u00f3ri\u00e1ban helyezkedik el, val\u00f3di hangs\u00falyt fektetve a robusztuss\u00e1gra \u00e9s a mechanikai \u00e9rzetre, an\u00e9lk\u00fcl, hogy a teljes profi rendszerek extr\u00e9m bonyolults\u00e1g\u00e1t vagy \u0151r\u00fclt \u00e1rait el\u00e9rn\u00e9. Ez egy \u00e9rdekes fordul\u00f3pont azok sz\u00e1m\u00e1ra, akik a \"sz\u00f3rakoztat\u00f3 be\u00e1ll\u00edt\u00e1sokt\u00f3l\" a rallye \u00e9s driftel\u00e9s fel\u00e9 orient\u00e1lt \"komoly be\u00e1ll\u00edt\u00e1sok\" fel\u00e9 szeretn\u00e9nek elmozdulni.<\/p>\n<p>K\u00fcl\u00f6n\u00f6sen azoknak a merev pil\u00f3taf\u00fclk\u00e9vel rendelkez\u0151 PC-s j\u00e1t\u00e9kosoknak aj\u00e1nlan\u00e1m, akik m\u00e1r befektettek egy kicsit a felszerel\u00e9s\u00fckbe, \u00e9s szeretn\u00e9k a k\u00f6vetkez\u0151 szintre emelni a cs\u00fasz\u00e1si \u00e9s t\u00f6meg\u00e1tviteli k\u00e9pess\u00e9geiket. A k\u00e9zif\u00e9k n\u00e9lk\u00fcli, tiszta GT-p\u00e1lya szimul\u00e1torosoknak, vagy az alkalmi konzolos j\u00e1t\u00e9kosoknak azonban sokkal korl\u00e1tozottabb a vonzereje.<\/p>\n<p>Ha egy szil\u00e1rd, \u00e1ll\u00edthat\u00f3 k\u00e9zif\u00e9ket keresel, amely val\u00f3ban haszn\u00e1lhat\u00f3 a raliz\u00e1shoz \u00e9s a driftel\u00e9shez a szimul\u00e1toros versenyz\u00e9sben, akkor ez a term\u00e9k egy\u00e9rtelm\u0171en megv\u00e1ltoztathatja a be\u00e1ll\u00edt\u00e1saidat.<\/p>","protected":false},"excerpt":{"rendered":"<p>Ez a k\u00e9zif\u00e9k igazi extra kontrollt adott a sikl\u00f3k felett, olyan k\u00f6vetkezetess\u00e9ggel, amely gyorsan magabiztoss\u00e1got adott nekem. \u00c9rtelme van a merev pil\u00f3taf\u00fclk\u00e9vel felszerelt PC-s szimul\u00e1torosoknak, akik m\u00e1r egy kicsit befektettek, \u00e9s gyakran versenyeznek rallyban vagy driftben. \u00d6sszess\u00e9g\u00e9ben \u00fagy gondolom, hogy a robusztuss\u00e1g, a tapint\u00e1s \u00e9s az \u00e1r k\u00f6z\u00f6tti egyens\u00faly j\u00f3.<\/p>","protected":false},"featured_media":101414,"comment_status":"open","ping_status":"closed","template":"","meta":{"_acf_changed":false,"_et_pb_use_builder":"","_et_pb_old_content":"","_et_gb_content_width":""},"product_brand":[165],"product_cat":[150],"product_tag":[149],"class_list":{"0":"post-101413","1":"product","2":"type-product","3":"status-publish","4":"has-post-thumbnail","6":"product_brand-moza-racing","7":"product_cat-frein-a-main","8":"product_tag-pc","10":"first","11":"instock","12":"shipping-taxable","13":"product-type-external"},"acf":[],"_links":{"self":[{"href":"https:\/\/simracergear.com\/hu\/wp-json\/wp\/v2\/product\/101413","targetHints":{"allow":["GET"]}}],"collection":[{"href":"https:\/\/simracergear.com\/hu\/wp-json\/wp\/v2\/product"}],"about":[{"href":"https:\/\/simracergear.com\/hu\/wp-json\/wp\/v2\/types\/product"}],"replies":[{"embeddable":true,"href":"https:\/\/simracergear.com\/hu\/wp-json\/wp\/v2\/comments?post=101413"}],"wp:featuredmedia":[{"embeddable":true,"href":"https:\/\/simracergear.com\/hu\/wp-json\/wp\/v2\/media\/101414"}],"wp:attachment":[{"href":"https:\/\/simracergear.com\/hu\/wp-json\/wp\/v2\/media?parent=101413"}],"wp:term":[{"taxonomy":"product_brand","embeddable":true,"href":"https:\/\/simracergear.com\/hu\/wp-json\/wp\/v2\/product_brand?post=101413"},{"taxonomy":"product_cat","embeddable":true,"href":"https:\/\/simracergear.com\/hu\/wp-json\/wp\/v2\/product_cat?post=101413"},{"taxonomy":"product_tag","embeddable":true,"href":"https:\/\/simracergear.com\/hu\/wp-json\/wp\/v2\/product_tag?post=101413"}],"curies":[{"name":"wp","href":"https:\/\/api.w.org\/{rel}","templated":true}]}}