{"id":101424,"date":"2025-05-15T08:10:00","date_gmt":"2025-05-15T08:10:00","guid":{"rendered":"https:\/\/simracergear.com\/products\/moza-ks-steering-wheel-st-alone\/"},"modified":"2025-11-28T05:26:50","modified_gmt":"2025-11-28T05:26:50","slug":"moza-ks-steering-wheel-st-alone","status":"publish","type":"product","link":"https:\/\/simracergear.com\/hu\/products\/moza-ks-steering-wheel-st-alone\/","title":{"rendered":"MOZA KS korm\u00e1nyker\u00e9k St&amp;alone"},"content":{"rendered":"<h2>MOZA KS korm\u00e1nyker\u00e9k Standalone: teszt \u00e9s fel\u00fclvizsg\u00e1lat egy okos Formula\/GT korm\u00e1nyker\u00e9kr\u0151l<\/h2>\n<p>A MOZA KS Standalone korm\u00e1nyker\u00e9k egy\u00e9rtelm\u0171en egy agressz\u00edv megold\u00e1s a \"komoly, de p\u00e9nzt\u00e1rcabar\u00e1t\" Formula\/GT korm\u00e1nyker\u00e9k szegmensben. Ez egy lapos, egyszem\u00e9lyes\/modern proto korm\u00e1nyker\u00e9k, amelyet a m\u00e1rka Direct Drive alapokhoz terveztek, de \u00f6n\u00e1ll\u00f3an is \u00e1rulj\u00e1k, hogy USB-n kereszt\u00fcl m\u00e1s PC-kompatibilis alapokon is haszn\u00e1lhat\u00f3 legyen.<\/p>\n<p>Pap\u00edron sokat \u00edg\u00e9r: modern megjelen\u00e9s, nagyon eSport ergon\u00f3mia, rengeteg gomb, m\u00e1gneses lap\u00e1tok, LED-es fordulatsz\u00e1mm\u00e9r\u00e9s, mindez olyan \u00e1ron, ami ebben a form\u00e1tumban elfogadhat\u00f3. Az \u00f6tlet egyszer\u0171: hiteles \u00e9rz\u00e9st \u00e9s j\u00f3 versenyinform\u00e1ci\u00f3kat k\u00edn\u00e1lni, an\u00e9lk\u00fcl, hogy az \u00e1rat t\u00falz\u00e1sba vinn\u00e9nk.<\/p>\n<p>Az \u00e9n szempontom itt kett\u0151s: egyr\u00e9szt a haszn\u00e1lat k\u00e9nyelme \u00e9s a tiszta versenyergon\u00f3mia (gyors hozz\u00e1f\u00e9r\u00e9s a kezel\u0151szervekhez, olvashat\u00f3s\u00e1g, fog\u00e1s). M\u00e1sr\u00e9szt maga a korm\u00e1nyker\u00e9k \u00e1ltal k\u00f6zvet\u00edtett \u00e9rz\u00e9sek pontoss\u00e1ga: merevs\u00e9g, a lap\u00e1tok tapint\u00e1sa, a gombok min\u0151s\u00e9ge \u00e9s az eg\u00e9sznek a koherenci\u00e1ja egy modern szimul\u00e1toros versenyfelszerel\u00e9sben, f\u00fcggetlen\u00fcl att\u00f3l, hogy MOZA-alapon vagy sem.<\/p>\n<h2>Tervez\u00e9s \u00e9s gy\u00e1rt\u00e1s: egy olyan korm\u00e1nyker\u00e9k, amely komolyan n\u00e9z ki, an\u00e9lk\u00fcl, hogy hamis pr\u00e9mium lenne.<\/h2>\n<p>Vizu\u00e1lisan a MOZA KS azonnali st\u00edlusmegnyilv\u00e1nul\u00e1st tesz: meglehet\u0151sen sz\u00e9les U-alak, szintetikus gumi t\u00edpus\u00fa bevonattal bor\u00edtott markolatok \u00e9s egy nagym\u00e9rt\u00e9kben textur\u00e1lt el\u00fcls\u0151 panel, korszer\u0171 versenyz\u0151i megjelen\u00e9ssel. A k\u00e9zben az els\u0151 benyom\u00e1s j\u00f3: k\u00f6nny\u0171, de nem \u00fcreges. Megfelel\u0151 s\u0171r\u0171s\u00e9ggel rendelkezik egy j\u00f3l meg\u00e9p\u00edtett m\u0171anyag korm\u00e1nyker\u00e9khez k\u00e9pest.<\/p>\n<p>Az anyagok nem \u00e9rnek fel egy teljes alum\u00ednium + val\u00f3di sz\u00e9nsz\u00e1las korm\u00e1nyker\u00e9kkel, de ebben az \u00e1rkateg\u00f3ri\u00e1ban az \u00f6sszeszerel\u00e9s tiszta. Semmi sem nyikorog, ha kiss\u00e9 meghajl\u00edtjuk a szerkezetet, a gombok j\u00f3l igazodnak egym\u00e1shoz, \u00e9s a forg\u00f3vez\u00e9rl\u0151k nem lebegnek. A k\u00f6zponti m\u0171anyag merevnek \u00e9rz\u0151dik, a matt fel\u00fclet pedig korl\u00e1tozza az ujjlenyomatokat. M\u00e9g \u00edgy is az az \u00e9rz\u00e9s\u00fcnk, hogy a funkci\u00f3k \u00e9s az \u00e1r ar\u00e1ny\u00e1t helyezt\u00e9k el\u0151t\u00e9rbe, nem pedig a \"kirakatba tett \u00e9kszer\" szempontot.<\/p>\n<p>A markolatok hat\u00e9kony fog\u00e1st biztos\u00edtanak. A bevonat k\u00f6zelebb \u00e1ll a gumihoz, mint a b\u0151rh\u00f6z vagy az alcantar\u00e1hoz, aminek k\u00e9t hat\u00e1sa van: keszty\u0171 n\u00e9lk\u00fcl is j\u00f3 a tapad\u00e1s, de a tapint\u00e1s kicsit kev\u00e9sb\u00e9 pr\u00e9mium, mint a dr\u00e1g\u00e1bb kerekeken. M\u00e1sr\u00e9szt intenz\u00edv vezet\u00e9s eset\u00e9n ez a fajta fel\u00fclet k\u00f6nnyen tiszt\u00edthat\u00f3, \u00e9s gyakran jobban \u00f6regszik, mint a nemesebb, de t\u00f6r\u00e9kenyebb anyagok.<\/p>\n<p>A h\u00e1ts\u00f3 m\u00e1gneses lap\u00e1tok igazi f\u00e9nypontot jelentenek. A kattint\u00e1s \u00e9les \u00e9s gyors, kiegyens\u00falyozott er\u0151kifejt\u00e9ssel. A l\u00f6ket r\u00f6vid \u00e9s nagyon teljes\u00edtm\u00e9nyorient\u00e1lt. Ahogy egym\u00e1s ut\u00e1n v\u00e1ltogatod a fokozatokat, nagy bizalom marad a mechanizmusban. Nem brut\u00e1lis, mint n\u00e9h\u00e1ny nagyon merev lap\u00e1t, de messze van a puha ravaszokt\u00f3l.<\/p>\n<p>Ami egy kicsit ki\u00e1br\u00e1nd\u00edt\u00f3, az a \"haute couture\" \u00e9rz\u00e9s hi\u00e1nya bizonyos ter\u00fcleteken. A nyom\u00f3gombok p\u00e9ld\u00e1ul rendben vannak, de egy kicsit egyform\u00e1nak t\u0171nnek. Az el\u0151kel\u0151bb korm\u00e1nyker\u00e9kkel \u00f6sszehasonl\u00edtva elvesz\u00edti azt a differenci\u00e1lt tapint\u00e1s\u00fa visszajelz\u00e9st, amely lehet\u0151v\u00e9 teszi, hogy felismerje a gombot an\u00e9lk\u00fcl, hogy r\u00e1n\u00e9zne. Ennyi p\u00e9nz\u00e9rt ez elv\u00e1rhat\u00f3, de \u00e9rdemes megjegyezni.<\/p>\n<p>\u00d6sszess\u00e9g\u00e9ben a t\u00f6bbi Formula\/GT k\u00f6z\u00e9pkateg\u00f3ri\u00e1s korm\u00e1nyker\u00e9kkel \u00f6sszehasonl\u00edtva a KS meg\u00e1llja a hely\u00e9t. Nem tud versenyezni a teljesen f\u00e9m modellekkel, de soha nem kelti azt a benyom\u00e1st, hogy j\u00e1t\u00e9k. Komoly term\u00e9knek \u00e9rz\u0151dik, amelyet \u00fagy terveztek, hogy \u00f3r\u00e1kig tart\u00f3 vezet\u00e9st is kib\u00edrjon.<\/p>\n<h2>Be\u00e1ll\u00edt\u00e1sok, testreszab\u00e1s \u00e9s kompatibilit\u00e1s: meglep\u0151en rugalmas korm\u00e1nyker\u00e9k<\/h2>\n<p>A MOZA KS haszn\u00e1lat szempontj\u00e1b\u00f3l gyorsan megmutatja, hogy \u00fagy tervezt\u00e9k, hogy leegyszer\u0171s\u00edtse a modern szimul\u00e1toros versenyz\u0151k \u00e9let\u00e9t. A MOZA alapj\u00e1n a konfigur\u00e1ci\u00f3 a h\u00e1zon bel\u00fcli szoftveren kereszt\u00fcl t\u00f6rt\u00e9nik, a k\u00fcl\u00f6nb\u00f6z\u0151 j\u00e1t\u00e9kokhoz igaz\u00edtott el\u0151be\u00e1ll\u00edt\u00e1sokkal \u00e9s meglehet\u0151sen intuit\u00edv gombkioszt\u00e1ssal. Minden vil\u00e1gosan megjelenik, \u00e9s az alapvet\u0151 funkci\u00f3k hosszas keresg\u00e9l\u00e9s n\u00e9lk\u00fcl el\u00e9rhet\u0151k. Gyorsan lehet saj\u00e1t profilunk egy GT-szimul\u00e1torhoz, egy m\u00e1sik egy \u00e1rk\u00e1d st\u00edlus\u00fa j\u00e1t\u00e9khoz, \u00e9s egyikr\u0151l a m\u00e1sikra v\u00e1lthatunk.<\/p>\n<p>\u00d6n\u00e1ll\u00f3 \u00fczemm\u00f3dban, USB-n kereszt\u00fcl egy PC-n kereszt\u00fcl, \u00fagy viselkedik, mint egy tov\u00e1bbi vez\u00e9rl\u0151. Egy kis id\u0151be telik, am\u00edg az \u00f6sszes gombot \u00e9s forg\u00f3kapcsol\u00f3t felt\u00e9rk\u00e9pezz\u00fck az egyes j\u00e1t\u00e9kokban, de ha ez megt\u00f6rt\u00e9nt, az \u00e9lm\u00e9ny z\u00f6kken\u0151mentes. A tanul\u00e1si g\u00f6rbe meglehet\u0151sen szel\u00edd: ha m\u00e1r tudod, hogyan kell be\u00e1ll\u00edtani a korm\u00e1nyt egy szimul\u00e1torban, akkor nincs semmi meglep\u0151. Ha kezd\u0151 vagy, akkor csak a j\u00e1t\u00e9k men\u00fcin kell v\u00e9gigmenned, hogy mindent megfelel\u0151en konfigur\u00e1lj.<\/p>\n<p>Sz\u00e1mos forgat\u00f3gomb \u00e9s gomb tal\u00e1lhat\u00f3. Hozz\u00e1rendelheti a kip\u00f6rg\u00e9sg\u00e1tl\u00f3, a f\u00e9kek el\u0151fesz\u00edt\u00e9se, a motor \u00fczemm\u00f3dok, a r\u00e1di\u00f3, a DRS\/ERS funkci\u00f3k stb. vez\u00e9rl\u00e9s\u00e9t. Az egy\u00fcl\u00e9ses vagy hossz\u00fa t\u00e1v\u00fa versenyek rajong\u00f3i sz\u00e1m\u00e1ra ez igazi plusz. A v\u00e9g\u00e9n egy teljes m\u0171szerfal van a h\u00fcvelykujjadon, an\u00e9lk\u00fcl, hogy egy \u00fcl\u00e9s k\u00f6zben vissza kellene menned a men\u00fckh\u00f6z. A korm\u00e1nyker\u00e9k azt a megnyugtat\u00f3 benyom\u00e1st kelti, hogy minden el\u00e9rhet\u0151 k\u00f6zels\u00e9gben van.<\/p>\n<p>A konzolkompatibilit\u00e1s a be\u00e1ll\u00edt\u00e1sokt\u00f3l f\u00fcgg, de a f\u0151 c\u00e9lpont egy\u00e9rtelm\u0171en a PC. A MOZA alapokkal a teljes \u00f6kosziszt\u00e9ma el\u0151nyeit \u00e9lvezheted: Direct Drive l\u00e1nctalpak, ped\u00e1lok, v\u00e1lt\u00f3k stb. A KS Formula\/GT st\u00edlus\u00fa korm\u00e1nyk\u00e9nt illeszkedik egy olyan tartom\u00e1nyba, amely k\u00e9s\u0151bb k\u00f6nnyen kieg\u00e9sz\u00edthet\u0151 egy kerek korm\u00e1nyker\u00e9kkel a rallye- vagy orsz\u00e1g\u00fati versenyz\u00e9shez.<\/p>\n<p>A sk\u00e1l\u00e1zhat\u00f3s\u00e1g szempontj\u00e1b\u00f3l a KS egy j\u00f3 k\u00f6ztes t\u00e9gla. Egy n\u00f6vekv\u0151 setupon ez lehet a \"komoly\" korm\u00e1ny, ami egy alaposabb els\u0151 v\u00e1s\u00e1rl\u00e1s ut\u00e1n k\u00f6vetkezik. Egy cockpit f\u0151 r\u00e9sze is maradhat hossz\u00fa ideig, k\u00fcl\u00f6n\u00f6sen, ha a t\u00f6bbi felszerel\u00e9s feljebb l\u00e9p. Ez nem egy olyan term\u00e9k, amely gyorsan elavul: az ergon\u00f3mia \u00e9s a kezel\u0151szervek sz\u00e1ma b\u0151ven elegend\u0151 egy \u00e1tlagos pil\u00f3ta ig\u00e9nyeinek kiel\u00e9g\u00edt\u00e9s\u00e9re.<\/p>\n<h2>\u00c9rz\u00e9kek a j\u00e1t\u00e9kban: az aut\u00f3 pontoss\u00e1ga, ir\u00e1ny\u00edthat\u00f3s\u00e1ga \u00e9s olvashat\u00f3s\u00e1ga<\/h2>\n<p>A p\u00e1ly\u00e1n a MOZA KS nyilv\u00e1nval\u00f3an nem v\u00e1ltoztatja meg az alap FFB jelleg\u00e9t, de er\u0151sen befoly\u00e1solja az \u00e9rz\u00e9st. A lendker\u00e9k \u00e1ltal\u00e1nos merevs\u00e9ge lehet\u0151v\u00e9 teszi a nyomat\u00e9kv\u00e1ltoz\u00e1sok \u00e9rz\u00e9kelhet\u0151 deform\u00e1ci\u00f3 n\u00e9lk\u00fcli \u00e1tvitel\u00e9t. Gyors kanyarokban, amikor a Direct Drive alapj\u00e1rat nyomat\u00e9kot k\u00fcld, a szerkezet nem hajlik meg, \u00e9s tiszta kontroll marad a sz\u00f6g felett.<\/p>\n<p>Az els\u0151 dolog, ami felt\u0171nik, az a pontoss\u00e1g, amellyel a kis korrekci\u00f3kat elv\u00e9gzik. A lapos forma, a kis \u00e1tm\u00e9r\u0151 \u00e9s a j\u00f3l jelzett markolatok megk\u00f6nny\u00edtik a mikrosz\u00f6gek be\u00e1ll\u00edt\u00e1s\u00e1t, ak\u00e1r a t\u00falkorm\u00e1nyzotts\u00e1got pr\u00f3b\u00e1lod korrig\u00e1lni, ak\u00e1r a leszor\u00edt\u00f3er\u0151 p\u00e1ly\u00e1j\u00e1t finomhangolod. K\u00f6nny\u0171 \u00e9rezni, hogy hol vannak az els\u0151 kerekek. Gyorsan meg\u00e9rted, mit csin\u00e1l az aut\u00f3.<\/p>\n<p>A tapad\u00e1si \u00e9rt\u00e9k els\u0151sorban az alap munk\u00e1j\u00e1hoz kapcsol\u00f3dik, de a korm\u00e1nyker\u00e9k nem ad hozz\u00e1 parazita sz\u0171r\u0151t. A markolat fel\u00fclete seg\u00edt a mikrorezg\u00e9sek \u00e9rz\u00e9kel\u00e9s\u00e9ben, k\u00fcl\u00f6n\u00f6sen akkor, amikor az alap a tapad\u00e1s fokozatos elveszt\u00e9s\u00e9t reproduk\u00e1lja. Kanyarb\u00f3l kifel\u00e9 j\u00f6vet, enyh\u00e9n \u00e9les szimul\u00e1toron \u00e9rezhet\u0151, amikor a h\u00e1ts\u00f3 elkezd cs\u00faszni. Ekkor elnyeri azt a magabiztoss\u00e1got, ami arra k\u00e9szteti, hogy a hat\u00e1rokat feszegesse, an\u00e9lk\u00fcl, hogy f\u00e9lne a hirtelen elakad\u00e1st\u00f3l, amit lehetetlen megfogni.<\/p>\n<p>A vibr\u00e1torokon az \u00e9rz\u00e9s meggy\u0151z\u0151. A gyors \u00fctk\u00f6z\u00e9sek tiszt\u00e1k, nincsenek furcsa visszhangok a korm\u00e1ny szerkezet\u00e9ben. A modern \u00e1ramk\u00f6r\u00f6k agressz\u00edv vibr\u00e1torait tiszta, de nem kellemetlen impulzusokk\u00e9nt ford\u00edtj\u00e1k le. \u00dagy tudsz tov\u00e1bbjutni, hogy k\u00f6zben nem veszed le a kezed a korm\u00e1nyr\u00f3l. Nincs \"m\u0171anyag wobble\", ami n\u00e9ha a kev\u00e9sb\u00e9 j\u00f3l megtervezett korm\u00e1nykerekek jele lehet.<\/p>\n<p>Hossz\u00fa munkamenetek sor\u00e1n a k\u00e9nyelem megfelel\u0151 marad. A Formula\/GT forma azt jelenti, hogy mindk\u00e9t k\u00e9zzel szinte mindig meg kell fogni, ami logikus az ilyen t\u00edpus\u00fa haszn\u00e1latn\u00e1l. A gumi markolatok korl\u00e1tozz\u00e1k az ujjak f\u00e1radts\u00e1g\u00e1t, m\u00e9g keszty\u0171 n\u00e9lk\u00fcl is, am\u00edg nem nyomja \u00f6ssze a korm\u00e1nyt a stressz miatt. T\u00f6bb \u00f3r\u00e1n kereszt\u00fcl k\u00fcl\u00f6n\u00f6sen nagyra \u00e9rt\u00e9kelt\u00fck a kezel\u0151szervek k\u00f6nny\u0171 el\u00e9rhet\u0151s\u00e9g\u00e9t: nem kell levenni a kez\u00fcnket a korm\u00e1nyker\u00e9kr\u0151l, hogy az aut\u00f3 b\u00e1rmelyik be\u00e1ll\u00edt\u00e1s\u00e1t elv\u00e9gezz\u00fck. Ez a fajta r\u00e9szletess\u00e9g teszi az \u00f6sszhangot.<\/p>\n<p>Gyors korrekci\u00f3kra, p\u00e9ld\u00e1ul rallycrossban vagy nagy mozg\u00e9konys\u00e1g\u00fa GT-ben, a KS nagyon eg\u00e9szs\u00e9gesen reag\u00e1l. M\u00e9rs\u00e9kelt s\u00falya seg\u00edt abban, hogy a korm\u00e1nyz\u00e1s \u00e9rz\u00e9keny maradjon. Egy nehezebb vagy neh\u00e9zkesebb korm\u00e1nyker\u00e9kkel szemben a reakci\u00f3k\u00e9szs\u00e9gben nyer. Az ultragyors jobbra-balra \u00e1tmenetek an\u00e9lk\u00fcl t\u00f6rt\u00e9nnek, hogy t\u00falzottan tehetetlennek \u00e9rezn\u00e9nk. Egy kev\u00e9sb\u00e9 er\u0151s alapon ez a visszafogott s\u00faly seg\u00edt az alapnak abban is, hogy \u00e9l\u00e9nkebb FFB-t ny\u00fajtson.<\/p>\n<p>Egy egyszer\u0171bb, bel\u00e9p\u0151 szint\u0171, kev\u00e9s kezel\u0151szervet \u00e9s kev\u00e9sb\u00e9 kem\u00e9ny m\u0171anyagot tartalmaz\u00f3 korm\u00e1nyker\u00e9kkel \u00f6sszehasonl\u00edtva a k\u00fcl\u00f6nbs\u00e9g els\u0151sorban az ir\u00e1ny\u00edthat\u00f3s\u00e1gban \u00e9s a magabiztoss\u00e1gban mutatkozik meg. Jobban mer j\u00e1tszani a hat\u00e1rokkal, jobban kezeli a be\u00e1ll\u00edt\u00e1sokat \u00e9l\u0151ben, \u00e9s jobban kapcsol\u00f3dik a k\u00e9perny\u0151n zajl\u00f3 esem\u00e9nyekhez. Egy j\u00f3val dr\u00e1g\u00e1bb fels\u0151kateg\u00f3ri\u00e1s korm\u00e1nyker\u00e9khez k\u00e9pest a tapinthat\u00f3 finoms\u00e1g \u00e9s az anyagok tekintet\u00e9ben vesz\u00edt egy kicsit, de az \u00e9lm\u00e9ny l\u00e9nyege - az aut\u00f3 meg\u00e9rt\u00e9se \u00e9s az, hogy oda tudja helyezni, ahov\u00e1 akarja - megmarad. Ez az a pont, ahol a KS val\u00f3ban megv\u00e1ltoztatja az \u00e9lm\u00e9nyt egy egyszer\u0171bb hardverr\u0151l \u00e9rkez\u0151 szimul\u00e1toros versenyz\u0151 sz\u00e1m\u00e1ra.<\/p>\n<h2>Kinek sz\u00f3l? Amit szeret\u00fcnk \/ Amit nem szeret\u00fcnk<\/h2>\n<p>A MOZA KS h\u00e1rom f\u0151 profilnak sz\u00f3l: a k\u00f6z\u00e9phalad\u00f3 szimul\u00e1toros versenyz\u0151knek, akik komoly l\u00e9p\u00e9st szeretn\u00e9nek tenni el\u0151re an\u00e9lk\u00fcl, hogy a k\u00f6lts\u00e9gvet\u00e9s\u00fcket t\u00f6nkretenn\u00e9k, a MOZA Direct Drive-val m\u00e1r felszerelt felhaszn\u00e1l\u00f3knak, akik egy dedik\u00e1lt Formula\/GT st\u00edlus\u00fa korm\u00e1nykereket keresnek, valamint az egy\u00fcl\u00e9ses\/GT3\/eSport-orient\u00e1lt PC-s j\u00e1t\u00e9kosoknak, akik egy olyan, kezel\u0151szervekkel teli korm\u00e1nykereket szeretn\u00e9nek, amely \u00f6n\u00e1ll\u00f3an is haszn\u00e1lhat\u00f3.<\/p>\n<p>Ami k\u00fcl\u00f6n\u00f6sen tetszik, az a funkcionalit\u00e1s\/\u00e1r ar\u00e1ny. Rengeteg gomb \u00e9s forg\u00f3kar, hiteles m\u00e1gneses lap\u00e1tok, \u00e9s egy versenyz\u00e9sre tervezett diz\u00e1jn, an\u00e9lk\u00fcl, hogy az \u00e1r tekintet\u00e9ben t\u00falz\u00e1sba esne. Azt\u00e1n ott van az \u00e1ltal\u00e1nos ergon\u00f3mia: a kezel\u0151szervek k\u00f6nnyen kezelhet\u0151ek, \u00e9s egy versenyen t\u00e9nyleg mindent lehet kezelni an\u00e9lk\u00fcl, hogy az elrendez\u00e9ssel k\u00fcszk\u00f6dn\u00e9nk. V\u00e9g\u00fcl a megfelel\u0151 merevs\u00e9g \u00e9s az ellen\u0151rz\u00f6tt s\u00faly pontos ir\u00e1ny\u00edt\u00e1st biztos\u00edt, k\u00fcl\u00f6n\u00f6sen a k\u00f6zepes \u00e9s nagy szil\u00e1rds\u00e1g\u00fa Direct Drive alapokkal. Gyorsan j\u00f3l \u00e9rzi mag\u00e1t, m\u00e9g akkor is, ha az FFB er\u0151s.<\/p>\n<p>De vannak hat\u00e1rok. Az anyagok egy\u00e9rtelm\u0171en \"j\u00f3 m\u0171anyag\", nem pr\u00e9mium kateg\u00f3ri\u00e1sak. N\u00e9h\u00e1ny szimul\u00e1torversenyz\u0151 sz\u00e1m\u00e1ra, akik nagyon \u00e9rz\u00e9kenyek a fel\u00fcletek tapint\u00e1s\u00e1ra \u00e9s a cs\u00facskateg\u00f3ri\u00e1s vizu\u00e1lis aspektusra, ez a pont kiss\u00e9 frusztr\u00e1l\u00f3 lehet. A m\u00e1sodik korl\u00e1t az egyes gombok hangs\u00falyosabb tapint\u00e1s\u00fa megk\u00fcl\u00f6nb\u00f6ztet\u00e9s\u00e9nek hi\u00e1nya. N\u00e9ha gyors pillant\u00e1st kell vetni, hogy elker\u00fclj\u00fck a rossz kezel\u0151szerv kiv\u00e1laszt\u00e1s\u00e1t, k\u00fcl\u00f6n\u00f6sen az elej\u00e9n. V\u00e9g\u00fcl a konzolkompatibilit\u00e1s kev\u00e9sb\u00e9 term\u00e9szetes, mint n\u00e9h\u00e1ny \u00e1ltal\u00e1nosabb c\u00e9l\u00fa ker\u00e9kn\u00e9l: az ide\u00e1lis j\u00e1tsz\u00f3t\u00e9r tov\u00e1bbra is a PC vagy egy j\u00f3l megtermett MOZA \u00f6kosziszt\u00e9ma.<\/p>\n<p>\u00c9rt\u00e9k\u00e9t tekintve a KS okos befektet\u00e9s. \u00d6n els\u0151sorban az ergon\u00f3mi\u00e1\u00e9rt, a kezel\u0151szervek sz\u00e1m\u00e1\u00e9rt \u00e9s a csomag k\u00f6vetkezetess\u00e9g\u00e9\u00e9rt fizet, nem pedig a f\u00e9ny\u0171z\u0151 anyagok\u00e9rt. Egy olyan szimul\u00e1toros versenyz\u0151 sz\u00e1m\u00e1ra, aki fokozatosan feljebb szeretne l\u00e9pni az \u00e1rkateg\u00f3ri\u00e1ban, ez egy olyan term\u00e9k, amelynek van \u00e9rtelme: egy\u00e9rtelm\u0171en n\u00f6veli az \u00e9lm\u00e9nyt an\u00e9lk\u00fcl, hogy azt a benyom\u00e1st kelten\u00e9, hogy els\u0151sorban a k\u00fcls\u0151s\u00e9gek\u00e9rt fizet. Az embernek az az \u00e9rz\u00e9se, hogy minden eur\u00f3t ink\u00e1bb a funkci\u00f3ra, mint a kozmetik\u00e1ra k\u00f6lt\u00f6ttek.<\/p>\n<h2>Az \u00edt\u00e9let: egy Formula\/GT korm\u00e1nyker\u00e9k, amely \u00e9pp megfelel\u0151 az el\u0151kel\u0151bb kateg\u00f3ri\u00e1khoz an\u00e9lk\u00fcl, hogy t\u00falz\u00e1sba vinn\u00e9 a dolgot.<\/h2>\n<p>A MOZA KS Standalone korm\u00e1nyker\u00e9k val\u00f3di min\u0151s\u00e9gi ugr\u00e1st jelent a modern, versenyorient\u00e1lt be\u00e1ll\u00edt\u00e1sok ter\u00e9n. Nem n\u00f6veli az alapcsomag teljes\u00edtm\u00e9ny\u00e9t, de megfelel\u0151 eszk\u00f6z\u00f6ket biztos\u00edt ahhoz, hogy a lehet\u0151 legt\u00f6bbet hozza ki az aut\u00f3 FFB-j\u00e9b\u0151l, tapad\u00e1s\u00e1b\u00f3l \u00e9s be\u00e1ll\u00edt\u00e1saib\u00f3l. Az eredm\u00e9ny nagyobb kontroll, vil\u00e1gosabb k\u00e9perny\u0151n megjelen\u0151 inform\u00e1ci\u00f3k \u00e9s k\u00e9nyelmesebb mindennapi haszn\u00e1lat.<\/p>\n<p>A piacon egy\u00e9rtelm\u0171en az ambici\u00f3zus k\u00f6z\u00e9pkateg\u00f3ri\u00e1ban helyezkedik el: komolyabb \u00e9s teljesebb, mint egy bel\u00e9p\u0151 szint\u0171 korm\u00e1nyker\u00e9k, kev\u00e9sb\u00e9 f\u00e9ny\u0171z\u0151, mint egy nagyon pr\u00e9mium modell. Igazi er\u0151ss\u00e9ge, hogy nagyon koherens \u00e9lm\u00e9nyt ny\u00fajt a szimul\u00e1toros versenyz\u0151knek, akik sok id\u0151t t\u00f6ltenek GT-ken, protot\u00edpusokon vagy egy\u00fcl\u00e9ses aut\u00f3kon, an\u00e9lk\u00fcl, hogy hatalmas k\u00f6lts\u00e9gvet\u00e9sre lenne sz\u00fcks\u00e9g\u00fck.<\/p>\n<p>Mindenekel\u0151tt azoknak a PC-s felhaszn\u00e1l\u00f3knak aj\u00e1nlan\u00e1m, MOZA alapokkal vagy an\u00e9lk\u00fcl, akik egy j\u00f3l megtervezett Formula\/GT korm\u00e1nyt szeretn\u00e9nek, amely elegend\u0151 kezel\u0151szervekkel rendelkezik a hossz\u00fa versenyekhez \u00e9s a komoly multiplayerhez. A laz\u00e1bb orsz\u00e1g\u00fati, szabadid\u0151s rally vagy plug &amp; play konzolos j\u00e1t\u00e9kosoknak m\u00e1s kerekebb, univerz\u00e1lisabb megold\u00e1sok megfelel\u0151bbek lehetnek.<\/p>\n<p>Ha egy Formula\/GT st\u00edlus\u00fa korm\u00e1nykereket keresel, rengeteg kezel\u0151szervvel, komoly \u00e9rz\u00e9ssel \u00e9s elfogadhat\u00f3 \u00e1ron, a MOZA KS Steering Wheel Standalone mindent megv\u00e1ltoztathat a be\u00e1ll\u00edt\u00e1saidban.<\/p>","protected":false},"excerpt":{"rendered":"<p>Ez a korm\u00e1nyker\u00e9k azt az \u00e9rz\u00e9st adta, hogy t\u00e9nyleg uralom az aut\u00f3t, \u00e9s hogy s\u00farl\u00f3d\u00e1s n\u00e9lk\u00fcl, szil\u00e1rd komfort\u00e9rzettel, id\u0151vel stabilan tudom kezelni a versenybe\u00e1ll\u00edt\u00e1sokat. \u00c9rtelme van az egy\u00fcl\u00e9ses\/GT-orient\u00e1lt PC-s szimul\u00e1toros versenyz\u0151knek, akik szeretn\u00e9nek egy igazi l\u00e9p\u00e9st tenni el\u0151re an\u00e9lk\u00fcl, hogy a legeslegjobbra t\u00f6rekedn\u00e9nek. \u00d6sszess\u00e9g\u00e9ben a funkci\u00f3k\/\u00e1r ar\u00e1ny \u00e9s a csomag koherenci\u00e1ja meggy\u0151z\u0151.<\/p>","protected":false},"featured_media":101425,"comment_status":"open","ping_status":"closed","template":"","meta":{"_acf_changed":false,"_et_pb_use_builder":"","_et_pb_old_content":"","_et_gb_content_width":""},"product_brand":[165],"product_cat":[156],"product_tag":[149],"class_list":{"0":"post-101424","1":"product","2":"type-product","3":"status-publish","4":"has-post-thumbnail","6":"product_brand-moza-racing","7":"product_cat-roue-de-volant","8":"product_tag-pc","10":"first","11":"instock","12":"shipping-taxable","13":"product-type-external"},"acf":[],"_links":{"self":[{"href":"https:\/\/simracergear.com\/hu\/wp-json\/wp\/v2\/product\/101424","targetHints":{"allow":["GET"]}}],"collection":[{"href":"https:\/\/simracergear.com\/hu\/wp-json\/wp\/v2\/product"}],"about":[{"href":"https:\/\/simracergear.com\/hu\/wp-json\/wp\/v2\/types\/product"}],"replies":[{"embeddable":true,"href":"https:\/\/simracergear.com\/hu\/wp-json\/wp\/v2\/comments?post=101424"}],"wp:featuredmedia":[{"embeddable":true,"href":"https:\/\/simracergear.com\/hu\/wp-json\/wp\/v2\/media\/101425"}],"wp:attachment":[{"href":"https:\/\/simracergear.com\/hu\/wp-json\/wp\/v2\/media?parent=101424"}],"wp:term":[{"taxonomy":"product_brand","embeddable":true,"href":"https:\/\/simracergear.com\/hu\/wp-json\/wp\/v2\/product_brand?post=101424"},{"taxonomy":"product_cat","embeddable":true,"href":"https:\/\/simracergear.com\/hu\/wp-json\/wp\/v2\/product_cat?post=101424"},{"taxonomy":"product_tag","embeddable":true,"href":"https:\/\/simracergear.com\/hu\/wp-json\/wp\/v2\/product_tag?post=101424"}],"curies":[{"name":"wp","href":"https:\/\/api.w.org\/{rel}","templated":true}]}}