{"id":101430,"date":"2025-05-15T08:10:00","date_gmt":"2025-05-15T08:10:00","guid":{"rendered":"https:\/\/simracergear.com\/products\/moza-performance-kit-for-sr-p-lite\/"},"modified":"2025-11-28T05:27:24","modified_gmt":"2025-11-28T05:27:24","slug":"moza-performance-kit-for-sr-p-lite","status":"publish","type":"product","link":"https:\/\/simracergear.com\/hu\/products\/moza-performance-kit-for-sr-p-lite\/","title":{"rendered":"MOZA Performance Kit az SR-P Lite-hoz"},"content":{"rendered":"<h2>MOZA Performance Kit az SR-P Lite-hoz: alapvet\u0151 friss\u00edt\u00e9s vagy men\u0151 k\u00fcty\u00fc?<\/h2>\n<p>A MOZA Performance Kit az SR-P Lite-hoz egy nagyon konkr\u00e9t c\u00e9lt szolg\u00e1l: a bel\u00e9p\u0151 szint\u0171 SR-P Lite hajt\u00f3karok \u00e1talak\u00edt\u00e1sa valami komolyabb\u00e1 a szimul\u00e1toros versenyz\u00e9shez. Nem egy \u00faj leng\u0151kar, hanem egy mechanikai friss\u00edt\u0151 k\u00e9szlet, amely jav\u00edtja a tapint\u00e1st, a progresszivit\u00e1st \u00e9s az ir\u00e1ny\u00edthat\u00f3s\u00e1got, k\u00fcl\u00f6n\u00f6sen a f\u00e9kped\u00e1lon.<\/p>\n<p>Egyszer\u0171 oka van annak, hogy ez a k\u00e9szlet mi\u00e9rt olyan vonz\u00f3: az SR-P Lite gyakran az els\u0151 MOZA lendker\u00e9kkel v\u00e1s\u00e1rolt hajt\u00f3kar, \u00e9s amint elkezdesz komolyan tekerni, hamar meg\u00e9rezni a korl\u00e1tait. A Performance Kit azt \u00edg\u00e9ri, hogy ezt orvosolja an\u00e9lk\u00fcl, hogy az eg\u00e9sz forgatty\u00faszett cser\u00e9j\u00e9re k\u00e9nyszer\u00edtene. R\u00f6viden, az \u00f6tlet l\u00e9nyege, hogy k\u00f6zelebb ker\u00fclj\u00f6n egy fejlettebb leng\u0151karos szett \u00e9rzet\u00e9hez, visszafogott \u00e1ron.<\/p>\n<p>A magam r\u00e9sz\u00e9r\u0151l h\u00e1rom oldalr\u00f3l k\u00f6zel\u00edtettem meg a k\u00e9rd\u00e9st: az \u00e9p\u00edt\u00e9si min\u0151s\u00e9g (kitart-e az id\u0151 m\u00fal\u00e1s\u00e1val), a f\u00e9kez\u00e9si pontoss\u00e1g \u00e9s az alapvet\u0151 hajt\u00f3karokkal val\u00f3 \u00e1ltal\u00e1nos \u00f6sszhang. Engem itt legink\u00e1bb a val\u00f3di hozz\u00e1adott \u00e9rt\u00e9k \u00e9rdekel: megb\u00edzhat\u00f3v\u00e1 v\u00e1lik-e v\u00e9gre k\u00f6rr\u0151l k\u00f6rre a f\u00e9k, jobban adja-e \u00e1t a ped\u00e1l a tapad\u00e1st, \u00e9s igazolja-e a beruh\u00e1z\u00e1st egy teljes leng\u0151karcser\u00e9hez k\u00e9pest.<\/p>\n<p>Ez egy nagyon c\u00e9lzott term\u00e9k, amely azokat c\u00e9lozza meg, akik az SR-P Lite-ot a k\u00f6vetkez\u0151 szintre szeretn\u00e9k emelni an\u00e9lk\u00fcl, hogy a bankot megt\u00f6rn\u00e9k. Megl\u00e1tjuk, hogy val\u00f3ban v\u00e1ltoz\u00e1st hoz-e a mindennapi \u00e9letben.<\/p>\n<h2>Tervez\u00e9s \u00e9s gy\u00e1rt\u00e1s: egy k\u00e9szlet, amely megszil\u00e1rd\u00edtja az SR-P Lite-ot<\/h2>\n<p>Vizu\u00e1lisan \u00e9s k\u00e9zben a MOZA Performance Kit azonnal komoly friss\u00edt\u00e9s benyom\u00e1s\u00e1t kelti. Az alkatr\u00e9szek t\u00f6bbs\u00e9ge f\u00e9m, feszesebb rug\u00f3kkal \u00e9s a f\u00e9kped\u00e1l elasztomer modulj\u00e1val. Ez messze elmarad az SR-P Lite egyes alkatr\u00e9szein\u00e9l haszn\u00e1lt k\u00f6nny\u0171 m\u0171anyagt\u00f3l: az \u00f6sszhat\u00e1s a felszerel\u00e9s ut\u00e1n s\u0171r\u0171bb \u00e9s \"mechanikusabb\".<\/p>\n<p>Ami azonnal szembet\u0171n\u0151, az az extra merevs\u00e9g, k\u00fcl\u00f6n\u00f6sen a f\u00e9kped\u00e1lon. A parazita j\u00e1t\u00e9k cs\u00f6kken, a l\u00f6ket pedig \u00e9lesebb\u00e9 \u00e9s jobban ir\u00e1ny\u00edthat\u00f3v\u00e1 v\u00e1lik. A ped\u00e1l t\u00f6bb\u00e9 nem kelti azt a kiss\u00e9 \"j\u00e1t\u00e9kszer\u0171\" benyom\u00e1st, amit a Lite alapkonfigur\u00e1ci\u00f3ban okozhat. \u00c9rezhet\u0151, hogy a hajt\u00f3kar jobban b\u00edrja a nagy terhel\u00e9st, an\u00e9lk\u00fcl, hogy f\u00e9lni kellene a meghajl\u00e1st\u00f3l.<\/p>\n<p>Az alkatr\u00e9szek megfelel\u0151en megmunk\u00e1ltnak t\u0171nnek, a t\u0171r\u00e9sek tiszt\u00e1k, \u00e9s a be\u00e1ll\u00edt\u00e1sok k\u00e9nyszer\u00edt\u00e9s n\u00e9lk\u00fcl t\u00f6rt\u00e9nnek. Nem vagyunk egy cs\u00facsmin\u0151s\u00e9g\u0171 teljes f\u00e9m leng\u0151karos szett szintj\u00e9n, de egy friss\u00edt\u0151 k\u00e9szlethez k\u00e9pest az \u00e1r-\u00e9rt\u00e9k ar\u00e1ny meggy\u0151z\u0151. Els\u0151 \u00e9rint\u00e9sre semmi olcs\u00f3 nincs rajta, \u00e9s a megfelel\u0151 felszerel\u00e9s ut\u00e1n nincs abnorm\u00e1lis zaj.<\/p>\n<p>Ami egy kicsit csal\u00f3d\u00e1st okoz, az az, hogy ez nem az eg\u00e9sz forgatty\u00fasker\u00e9k radik\u00e1lis \u00e1talak\u00edt\u00e1sa. Az alap tov\u00e1bbra is az SR-P Lite alapja marad, \u00edgy a teljes szerkezet nem v\u00e1lik var\u00e1zslatoss\u00e1. A f\u00e9kek jelent\u0151sen javultak, \u00e9s az eg\u00e9sz egys\u00e9g massz\u00edvabb lett, de nem lett hirtelen egy pr\u00e9mium kateg\u00f3ri\u00e1s teherb\u00edr\u00e1s\u00fa leng\u0151karos hajt\u00f3karnak megfelel\u0151.<\/p>\n<p>M\u00e1s ilyen t\u00edpus\u00fa friss\u00edt\u0151 k\u00e9szletekkel \u00f6sszehasonl\u00edtva a MOZA j\u00f3l helyezkedik el: komolyabb, mint egy egyszer\u0171 kem\u00e9nyebb rug\u00f3, de kev\u00e9sb\u00e9 extr\u00e9m, mint egy teljes \u00e1talak\u00edt\u00f3 k\u00e9szlet k\u00fcl\u00f6n terhel\u00e9sm\u00e9r\u0151vel. Ez egy sz\u00e1nd\u00e9kos k\u00f6ztes megold\u00e1s, amelynek c\u00e9lja ink\u00e1bb a jobb \u00e9rzet, mint a forradalom.<\/p>\n<h2>Be\u00e1ll\u00edt\u00e1sok, testreszab\u00e1s \u00e9s kompatibilit\u00e1s<\/h2>\n<p>A MOZA Performance Kit az SR-P Lite-hoz tov\u00e1bbra is tiszt\u00e1n mechanikus k\u00e9szlet. A be\u00e1ll\u00edt\u00e1sok ez\u00e9rt els\u0151sorban az \u00f6sszeszerel\u00e9st, az alkatr\u00e9szek kiv\u00e1laszt\u00e1s\u00e1t \u00e9s a MOZA Pit House szoftverben t\u00f6rt\u00e9n\u0151 konfigur\u00e1l\u00e1st foglalj\u00e1k magukban a csatlakoztatott hajt\u00f3karral.<\/p>\n<p>A f\u00e9kped\u00e1lon nagyobb a mozg\u00e1st\u00e9r: nagyobb progressz\u00edv \u00fat, a rug\u00f3 \u00e9s az elasztomer seg\u00edts\u00e9g\u00e9vel \u00e1ll\u00edthat\u00f3 kem\u00e9nys\u00e9g, \u00e9s mindenekel\u0151tt egy vil\u00e1gosabb nyom\u00e1spont az \u00fat v\u00e9g\u00e9n. A legfontosabb be\u00e1ll\u00edt\u00e1s v\u00e9lem\u00e9nyem szerint a szoftverben t\u00f6rt\u00e9nik: \u00e1ll\u00edtsa be a f\u00e9kg\u00f6rb\u00e9t \u00e9s az \u00e9rz\u00e9kenys\u00e9get, hogy a lehet\u0151 legt\u00f6bbet hozza ki az \u00faj \u00e9rzetb\u0151l. A k\u00e9szlet beszerel\u00e9se ut\u00e1n szinte k\u00f6telez\u0151 a referenciapontok \u00fajrakalibr\u00e1l\u00e1sa.<\/p>\n<p>A tanul\u00e1si g\u00f6rbe \u00e9sszer\u0171. Egy kis id\u0151be telik, am\u00edg megszokja az \u00faj f\u00e9kellen\u00e1ll\u00e1st, k\u00fcl\u00f6n\u00f6sen, ha egyenesen az alap SR-P Lite-r\u00f3l \u00e9rkezik. T\u00f6bbet f\u00e9kezel \"l\u00e1bbal\" \u00e9s kevesebbet \"menet k\u00f6zben\". Az els\u0151 n\u00e9h\u00e1ny fordulat zavar\u00f3nak t\u0171nhet, de hamar belej\u00f6ssz, k\u00fcl\u00f6n\u00f6sen, ha rendszeresen j\u00e1tszol.<\/p>\n<p>Ami a kompatibilit\u00e1st illeti, a k\u00e9szletet nyilv\u00e1nval\u00f3an a MOZA SR-P Lite hajt\u00f3karhoz tervezt\u00e9k, \u00e9s csakis ahhoz. Ez egy fontos pont: ez nem egy univerz\u00e1lis k\u00e9szlet, nem lehet m\u00e1s forgatty\u00fask\u00e9szletekhez igaz\u00edtani. M\u00e1sr\u00e9szt, amint a ped\u00e1lfal a MOZA \u00f6kosziszt\u00e9m\u00e1n kereszt\u00fcl csatlakozik a PC-hez, minden sz\u00e9pen integr\u00e1l\u00f3dik: be\u00e1ll\u00edt\u00e1sok a Pit House-ban, profilok j\u00e1t\u00e9konk\u00e9nt, egyszer\u0171 kalibr\u00e1l\u00e1s.<\/p>\n<p>Egy konzolon a helyzet az \u00e1ltal\u00e1nos be\u00e1ll\u00edt\u00e1sokt\u00f3l f\u00fcgg (MOZA alap, haszn\u00e1lt \u00fczemm\u00f3d, pedalboard-kompatibilit\u00e1s az alapon kereszt\u00fcl). Maga a k\u00e9szlet semmit sem v\u00e1ltoztat az elektronikus kompatibilit\u00e1son, mivel nem befoly\u00e1solja az SR-P Lite elektronik\u00e1j\u00e1t. Az \u00e9rzetet jav\u00edtja, nem a csatlakoz\u00e1sokat.<\/p>\n<p>A fejleszthet\u0151s\u00e9g szempontj\u00e1b\u00f3l ez a k\u00e9szlet ink\u00e1bb egy k\u00f6ztes l\u00e9p\u00e9s. Egy\u00e9rtelm\u0171en komolyabb, mint a stock SR-P Lite, \u00e9s egy k\u00f6z\u00e9phalad\u00f3 j\u00e1t\u00e9kosnak hossz\u00fa id\u0151re elegend\u0151 lehet. Egy nagyon ig\u00e9nyes szimul\u00e1toros sz\u00e1m\u00e1ra hossz\u00fa t\u00e1von tov\u00e1bbra is bel\u00e9p\u00e9si pont marad egy cs\u00facskateg\u00f3ri\u00e1sabb ped\u00e1lt\u00e1bla fel\u00e9.<\/p>\n<h2>A t\u00e9t az \u00e9rz\u00e9s: v\u00e9gre szab\u00e1lyozhat\u00f3 f\u00e9kez\u00e9s<\/h2>\n<p>A MOZA Performance Kit a f\u00e9kped\u00e1lon tesz igaz\u00e1n nagy k\u00fcl\u00f6nbs\u00e9get. A p\u00e1ly\u00e1n azonnal \u00e9rezhet\u0151, hogy a f\u00e9kmozdulat progressz\u00edvebb, az ellen\u00e1ll\u00e1s term\u00e9szetesebb fel\u00e9p\u00edt\u00e9s\u00e9vel. A meglehet\u0151sen line\u00e1ris \u00e9s kiss\u00e9 l\u00e1gy ped\u00e1lr\u00f3l egy olyan ped\u00e1lra v\u00e1ltunk, amely ink\u00e1bb eml\u00e9keztet a \"nyom\u00e1sf\u00e9kre\", mint a \"t\u00e1vols\u00e1gi\" f\u00e9kre.<\/p>\n<p>Amikor kem\u00e9nyen f\u00e9kezel, sokkal magabiztosabbnak \u00e9rzed magad. Er\u0151sebben nyomhatja a ped\u00e1lt an\u00e9lk\u00fcl, hogy att\u00f3l kellene tartania, hogy mindent \u00f6sszez\u00faz vagy t\u00fal hirtelen engedi fel a f\u00e9ket. A hasznos f\u00e9kez\u00e9si z\u00f3na t\u00e1gabb\u00e1 v\u00e1lik: t\u00f6bb r\u00e9szletet \u00e9rez a l\u00e1b, t\u00f6bb \u00e1rnyalat van a 60 % \u00e9s a 90 % f\u00e9kez\u00e9s k\u00f6z\u00f6tt. K\u00f6nnyebb meg\u00e9rteni, mit csin\u00e1l az aut\u00f3 a kanyar bej\u00e1rat\u00e1n\u00e1l.<\/p>\n<p>A fog\u00e1s olvas\u00e1sakor a k\u00fcl\u00f6nbs\u00e9g els\u0151sorban pszichol\u00f3giai \u00e9s mechanikai jelleg\u0171. Az eredeti hajt\u00f3kar nem k\u00fcld vissza er\u0151inform\u00e1ci\u00f3kat, mint egy fejlett terhel\u00e9sm\u00e9r\u0151 rendszer, de az a t\u00e9ny, hogy kem\u00e9nyebb l\u00f6ket\u0171 \u00e9s hangs\u00falyosabb ellen\u00e1ll\u00e1si ponttal rendelkezik, nagyban seg\u00edti a f\u00e9kpont stabiliz\u00e1l\u00e1s\u00e1t. K\u00f6nnyebben be\u00e1ll\u00edthat\u00f3 egy megism\u00e9telhet\u0151 ped\u00e1ler\u0151, ami k\u00f6rr\u0151l k\u00f6rre nagyban hozz\u00e1j\u00e1rul az \u00e1lland\u00f3s\u00e1ghoz.<\/p>\n<p>A kanyarokba val\u00f3 belehajl\u00e1skor, amikor felengeded a f\u00e9ket, az \u00e1tmenet jobban ir\u00e1ny\u00edthat\u00f3v\u00e1 v\u00e1lik. A f\u00e9ket fokozatosabban engedheti fel, j\u00e1tszva a terhel\u00e9s\u00e1tvitellel, an\u00e9lk\u00fcl, hogy egyszerre \"ugrana\" 30-r\u00f3l 0 %-re. Az aut\u00f3 kisz\u00e1m\u00edthat\u00f3bb marad. Ez k\u00fcl\u00f6n\u00f6sen az ABS n\u00e9lk\u00fcli aut\u00f3kn\u00e1l, vagy az ig\u00e9nyesebb szimul\u00e1torokban \u00e9rezhet\u0151.<\/p>\n<p>A vibr\u00e1torokon persze a ped\u00e1lok nem adj\u00e1k \u00e1t a rezg\u00e9seket, mint egy k\u00f6zvetlen hajt\u00e1s\u00fa korm\u00e1ny, de jobban \u00e9rz\u00e9kelheted a f\u00e9kez\u00e9sed hat\u00e1s\u00e1t az aut\u00f3 viselked\u00e9s\u00e9re, amikor felkapaszkodsz egy agressz\u00edv j\u00e1rdaszeg\u00e9lyre. Gyorsabban tudja, ha t\u00fal sok f\u00e9ket hagyott, vagy ha kiss\u00e9 visszanyithatja a f\u00e9ket. Nem a ped\u00e1lok \"besz\u00e9lnek\", hanem a nyom\u00e1sunk szab\u00e1lyoss\u00e1ga az, ami jobb k\u00e9pet ad arr\u00f3l, hogyan reag\u00e1l a fut\u00f3m\u0171.<\/p>\n<p>Hossz\u00fa munkamenetek sor\u00e1n az \u00e1lland\u00f3s\u00e1g jobb. A Lite r\u00e9gi f\u00e9kje hajlamos volt arra, hogy t\u00fal m\u00e9lyen f\u00e9kezzen, vagy ink\u00e1bb megszok\u00e1sb\u00f3l, mint \u00e9rz\u00e9sb\u0151l kompenz\u00e1ljon. A k\u00e9szlettel az izom megjegyez egy vil\u00e1gosabb nyom\u00f3er\u0151t. Fizikailag egy kicsit jobban elf\u00e1radsz, k\u00fcl\u00f6n\u00f6sen, ha el\u00e9g er\u0151sen \u00e1ll\u00edtod a f\u00e9ket, de a f\u00e9kez\u00e9s ism\u00e9telhet\u0151s\u00e9ge javul. A k\u00f6rid\u0151k stabilabb\u00e1 v\u00e1lnak, \u00e9s cs\u00f6kkennek a buta f\u00e9kez\u00e9si hib\u00e1k.<\/p>\n<p>A gyors korrekci\u00f3k sor\u00e1n, amikor nagyon gyorsan el kell engednie a f\u00e9ket, hogy megmentse az elakad\u00e1s kezdet\u00e9t, a kem\u00e9nyebb l\u00f6ket lehet\u0151v\u00e9 teszi, hogy \u0151szint\u00e9bb legyen. Nem \"engeded t\u00fal\", finomabban tudod kezelni a modul\u00e1ci\u00f3t. Ez finom, de menet k\u00f6zben \u00e9rzed, hogy jobban ki tudsz l\u00e1balni a hat\u00e1rhelyzetekb\u0151l.<\/p>\n<p>Az ilyen t\u00edpus\u00fa k\u00e9szlet n\u00e9lk\u00fcli bel\u00e9p\u0151 szint\u0171 leng\u0151karokhoz k\u00e9pest a k\u00fcl\u00f6nbs\u00e9g egy\u00e9rtelm\u0171: a f\u00e9kez\u00e9s egy prec\u00edz eszk\u00f6zz\u00e9 v\u00e1lik, nem pedig egy tov\u00e1bbfejlesztett kapcsol\u00f3v\u00e1. Egy val\u00f3di dedik\u00e1lt nyom\u00e1s\u00e9rz\u00e9kel\u0151vel ell\u00e1tott, cs\u00facskateg\u00f3ri\u00e1sabb leng\u0151karos szetthez k\u00e9pest m\u00e9g mindig messze vagyunk a tiszta jelfinoms\u00e1g \u00e9s a v\u00e9gs\u0151 realizmus tekintet\u00e9ben. De egy\u00e9rtelm\u0171en k\u00f6zelebb ker\u00fcl\u00fcnk ehhez a nyom\u00e1sf\u00e9kez\u00e9si filoz\u00f3fi\u00e1hoz, az \u00e1r t\u00f6red\u00e9k\u00e9\u00e9rt.<\/p>\n<p>Az \u00e1ltal\u00e1nos mer\u00edt\u00e9s szempontj\u00e1b\u00f3l ez a k\u00e9szlet pontosan azt ny\u00fajtja, amit egy j\u00f3 friss\u00edt\u00e9st\u0151l elv\u00e1rhatsz: t\u00f6bb ir\u00e1ny\u00edt\u00e1st, nagyobb magabiztoss\u00e1got \u00e9s kevesebb olyan pillanatot, amikor a hardvert hib\u00e1ztatod, ha valami rosszul megy. Az a benyom\u00e1sod, hogy az aut\u00f3 k\u00f6zvetlenebb\u00fcl engedelmeskedik a jobb \u00e9s bal l\u00e1badnak, k\u00fcl\u00f6n\u00f6sen a hat\u00e1ron. Ez az a pont, ahol a j\u00e1t\u00e9k\u00e9lm\u00e9ny igaz\u00e1n megv\u00e1ltozik.<\/p>\n<h2>Kinek sz\u00f3l? Mit szeret\u00fcnk, mit nem szeret\u00fcnk<\/h2>\n<p>A MOZA Performance Kit az SR-P Lite-hoz els\u0151sorban egy nagyon speci\u00e1lis profilnak sz\u00f3l: motiv\u00e1lt SR-P Lite hajt\u00f3kar felhaszn\u00e1l\u00f3knak, akik a versenyz\u00e9sben vagy az online bajnoks\u00e1gokban keresik az \u00e1lland\u00f3s\u00e1got. Nem felt\u00e9tlen\u00fcl profi szimul\u00e1toros versenyz\u0151k, de olyanok, akik egy\u00e9rtelm\u0171en \u00fagy \u00e9rzik, hogy az eredeti f\u00e9k korl\u00e1tozza \u0151ket. Jellemz\u0151en PC-s j\u00e1t\u00e9kos, de m\u00e9g mindig \u00e9rdekes egy konzolos be\u00e1ll\u00edt\u00e1sban, am\u00edg az SR-P Lite-ot haszn\u00e1lj\u00e1k.<\/p>\n<p>Amit azonnal \u00e9rt\u00e9kelni fog, az a f\u00e9kez\u00e9s feletti nagyobb kontroll. A ped\u00e1lt millim\u00e9terre pontosan haszn\u00e1lhatja, k\u00fcl\u00f6n\u00f6sen, ha m\u00e1r megtal\u00e1lta a szoftverben a be\u00e1ll\u00edt\u00e1sokat. Tetszik a hajt\u00f3kar robusztus tapint\u00e1sa is: m\u00e1r nem mersz r\u00e1hajolni, \u00e9s a f\u00e9kez\u00e9st is finoman abbahagyod a t\u00f6r\u00e9st\u0151l val\u00f3 f\u00e9lelem miatt. V\u00e9g\u00fcl \u00e9rdekes az \u00e1r-\u00e9rt\u00e9k ar\u00e1ny: elfogadhat\u00f3 befektet\u00e9s\u00e9rt k\u00f6zel olyan \u00e9rz\u00e9st kapunk, mint egy sokkal dr\u00e1g\u00e1bb hajt\u00f3kar, k\u00fcl\u00f6n\u00f6sen egy olyan felhaszn\u00e1l\u00f3 sz\u00e1m\u00e1ra, aki m\u00e9g nem akarja az \u00f6sszes fogasker\u00e9k\u00e9t lecser\u00e9lni.<\/p>\n<p>M\u00e1sr\u00e9szt egy\u00e9rtelm\u0171 korl\u00e1tok is vannak. Az els\u0151 az, hogy tov\u00e1bbra is az SR-P Lite b\u00e1zist\u00f3l f\u00fcgg\u00fcnk. Ez egy el\u0151rel\u00e9p\u00e9s, de nem v\u00e1ltoztatja meg a leng\u0151kar alapvet\u0151 jelleg\u00e9t. Azok, akik egy \"csod\u00e1t\" rem\u00e9lnek egy cs\u00facskateg\u00f3ri\u00e1s hajt\u00f3kar form\u00e1j\u00e1ban, val\u00f3sz\u00edn\u0171leg egy kicsit csal\u00f3dni fognak. A m\u00e1sodik a k\u00e9szlet tiszt\u00e1n mechanikai aspektusa: nincs v\u00e1ltoz\u00e1s az elektronik\u00e1ban, nincs igazi \u00e9rz\u00e9s a dedik\u00e1lt nyom\u00e1s\u00e9rz\u00e9kel\u0151, \u00edgy a teljes\u00edtm\u00e9nyplafon tov\u00e1bbra is l\u00e9tezik. V\u00e9g\u00fcl, ez egy nagyon speci\u00e1lis term\u00e9k: ha m\u00e9g nincs SR-P Lite, akkor ez a k\u00e9szlet nem \u00e9rdekes, \u00e9s gyorsan felmer\u00fcl a k\u00e9rd\u00e9s, hogy friss\u00edts\u00fcnk, vagy egyenesen egy jobb leng\u0151karos k\u00e9szletet v\u00e1lasszunk.<\/p>\n<p>A befektet\u00e9s szempontj\u00e1b\u00f3l a Performance Kit egy\u00e9rtelm\u0171en okos v\u00e1s\u00e1rl\u00e1st jelent a jelenlegi hajt\u00f3kar \u00e9lettartam\u00e1nak meghosszabb\u00edt\u00e1s\u00e1hoz. Ez egy m\u00f3dja annak, hogy k\u00e9sleltesse a dr\u00e1g\u00e1bb modellre val\u00f3 friss\u00edt\u00e9s sz\u00fcks\u00e9gess\u00e9g\u00e9t, mik\u00f6zben val\u00f3di teljes\u00edtm\u00e9ny- \u00e9s \u00e9lvezetn\u00f6veked\u00e9st szabad\u00edt fel. Annak, aki a k\u00f6lts\u00e9gvet\u00e9s\u00e9t a tapint\u00e1s fel\u00e1ldoz\u00e1sa n\u00e9lk\u00fcl szeretn\u00e9 optimaliz\u00e1lni, a kompromisszumnak van \u00e9rtelme.<\/p>\n<h2>\u00cdt\u00e9let: egy olyan fejleszt\u00e9s, amelynek van \u00e9rtelme... a megfelel\u0151 profil eset\u00e9n.<\/h2>\n<p>A MOZA Performance Kit az SR-P Lite-hoz nem v\u00e1ltoztatja meg a be\u00e1ll\u00edt\u00e1saidat a tetej\u00e9t\u0151l az alj\u00e1ig, de egy l\u00e9nyeges dolgot megv\u00e1ltoztat: a f\u00e9kez\u00e9sed min\u0151s\u00e9g\u00e9t. \u00c9s a szimul\u00e1toros versenyz\u00e9sben gyakran ezen m\u00falik minden. A hajt\u00f3kar k\u00f6vetkezetesebb\u00e9, feszesebb\u00e9 \u00e9s pontosabb\u00e1 v\u00e1lik, olyannyira, hogy t\u00f6bb\u00e9 m\u00e1r nem az a benyom\u00e1sod, hogy a MOZA setup egy bel\u00e9p\u0151 szint\u0171 vagy k\u00f6z\u00e9pkateg\u00f3ri\u00e1s MOZA setupban a \"gyenge l\u00e1ncszem\".<\/p>\n<p>A piacon ez a k\u00e9szlet egy intelligens k\u00f6z\u00e9pkateg\u00f3ri\u00e1s term\u00e9k: komolyabb, mint egy egyszer\u0171 rug\u00f3hangol\u00e1s, kev\u00e9sb\u00e9 radik\u00e1lis, mint egy teljes hajt\u00f3karcsere. \u00c9rdekes fordul\u00f3pont mindazok sz\u00e1m\u00e1ra, akik m\u00e9g nem akarnak pr\u00e9mium kateg\u00f3ri\u00e1s hajt\u00f3karra v\u00e1ltani, de kezdik \u00e9rezni a sz\u00e9riafelszerel\u00e9s\u00fck korl\u00e1tait.<\/p>\n<p>Egy\u00e9rtelm\u0171en aj\u00e1nlom az SR-P Lite felhaszn\u00e1l\u00f3knak, akik rendszeresen tekernek, jav\u00edtani szeretn\u00e9k az idej\u00fcket, \u00e9s stabiliz\u00e1lni szeretn\u00e9k a f\u00e9kez\u00e9s\u00fcket an\u00e9lk\u00fcl, hogy a teljes be\u00e1ll\u00edt\u00e1sukat \u00e1t kellene alak\u00edtaniuk. M\u00e1sr\u00e9szt, ha m\u00e1r egy sokkal magasabb kateg\u00f3ri\u00e1j\u00fa leng\u0151karra val\u00f3 friss\u00edt\u00e9sen gondolkodsz, vagy ha m\u00e9g nincs SR-P Lite-od, akkor m\u00e1s lesz a sz\u00e1m\u00edt\u00e1s.<\/p>\n<p>Ha a MOZA SR-P Lite f\u00e9kj\u00e9t k\u00f6rr\u0151l k\u00f6rre pontosabb\u00e1, szil\u00e1rdabb\u00e1 \u00e9s megb\u00edzhat\u00f3bb\u00e1 szeretn\u00e9 tenni, ez a Performance Kit mindent megv\u00e1ltoztathat a be\u00e1ll\u00edt\u00e1saiban.<\/p>","protected":false},"excerpt":{"rendered":"<p>Ez a k\u00e9szlet azt az \u00e9rz\u00e9st adta nekem, hogy az SR-P Lite f\u00e9kj\u00e9t megb\u00edzhat\u00f3 \u00e9s k\u00f6vetkezetes eszk\u00f6zz\u00e9 alak\u00edtottam \u00e1t, val\u00f3di nyeres\u00e9ggel az ir\u00e1ny\u00edt\u00e1s \u00e9s a k\u00f6vetkezetess\u00e9g ter\u00e9n. Mindenekel\u0151tt a m\u00e1r SR-P Lite-tal felszerelt szimul\u00e1torosoknak sz\u00f3l, akik rendszeresen motoroznak, \u00e9s \u00fagy \u00e9rzik, hogy az eredeti f\u00e9k korl\u00e1tozza \u0151ket. Enn\u00e9l a profiln\u00e1l a k\u00f6lts\u00e9g\/haszon ar\u00e1ny egy\u00e9rtelm\u0171en relev\u00e1ns.<\/p>","protected":false},"featured_media":101431,"comment_status":"open","ping_status":"closed","template":"","meta":{"_acf_changed":false,"_et_pb_use_builder":"","_et_pb_old_content":"","_et_gb_content_width":""},"product_brand":[165],"product_cat":[153],"product_tag":[149],"class_list":{"0":"post-101430","1":"product","2":"type-product","3":"status-publish","4":"has-post-thumbnail","6":"product_brand-moza-racing","7":"product_cat-accessoires","8":"product_tag-pc","10":"first","11":"instock","12":"shipping-taxable","13":"product-type-external"},"acf":[],"_links":{"self":[{"href":"https:\/\/simracergear.com\/hu\/wp-json\/wp\/v2\/product\/101430","targetHints":{"allow":["GET"]}}],"collection":[{"href":"https:\/\/simracergear.com\/hu\/wp-json\/wp\/v2\/product"}],"about":[{"href":"https:\/\/simracergear.com\/hu\/wp-json\/wp\/v2\/types\/product"}],"replies":[{"embeddable":true,"href":"https:\/\/simracergear.com\/hu\/wp-json\/wp\/v2\/comments?post=101430"}],"wp:featuredmedia":[{"embeddable":true,"href":"https:\/\/simracergear.com\/hu\/wp-json\/wp\/v2\/media\/101431"}],"wp:attachment":[{"href":"https:\/\/simracergear.com\/hu\/wp-json\/wp\/v2\/media?parent=101430"}],"wp:term":[{"taxonomy":"product_brand","embeddable":true,"href":"https:\/\/simracergear.com\/hu\/wp-json\/wp\/v2\/product_brand?post=101430"},{"taxonomy":"product_cat","embeddable":true,"href":"https:\/\/simracergear.com\/hu\/wp-json\/wp\/v2\/product_cat?post=101430"},{"taxonomy":"product_tag","embeddable":true,"href":"https:\/\/simracergear.com\/hu\/wp-json\/wp\/v2\/product_tag?post=101430"}],"curies":[{"name":"wp","href":"https:\/\/api.w.org\/{rel}","templated":true}]}}