{"id":101434,"date":"2025-05-15T08:10:00","date_gmt":"2025-05-15T08:10:00","guid":{"rendered":"https:\/\/simracergear.com\/products\/moza-quick-release-adapter\/"},"modified":"2025-11-28T05:27:55","modified_gmt":"2025-11-28T05:27:55","slug":"moza-quick-release-adapter","status":"publish","type":"product","link":"https:\/\/simracergear.com\/hu\/products\/moza-quick-release-adapter\/","title":{"rendered":"MOZA gyorskiold\u00f3 adapter"},"content":{"rendered":"<h2>MOZA gyorskiold\u00f3 adapter: \u00e9rdemes a MOZA QR-adaptert v\u00e1lasztani?<\/h2>\n<p>Egy szimul\u00e1toros versenyfelszerel\u00e9sben egy j\u00f3 gyorskiold\u00f3 gyakran jelenti a k\u00fcl\u00f6nbs\u00e9get egy \"j\u00e1t\u00e9k\" korm\u00e1nyker\u00e9k \u00e9s egy val\u00f3di vezet\u00e9si eszk\u00f6z k\u00f6z\u00f6tt. A MOZA gyorskiold\u00f3 adapter pontosan ez: egy apr\u00f3 alkatr\u00e9sz, de az eg\u00e9sz rendszer k\u00f6z\u00e9ppontj\u00e1ban. Azt \u00edg\u00e9ri, hogy b\u00e1rmilyen szabv\u00e1nyos korm\u00e1nykereket (k\u00fcl\u00f6n\u00f6sen a 70 mm-es motorsport \/ sim racing t\u00edpusokat) \u00e1talak\u00edt a MOZA alaplappal kompatibilis korm\u00e1nyker\u00e9kk\u00e9, mik\u00f6zben megtartja a merev kapcsolatot, amely gyorsan felszerelhet\u0151 \u00e9s elt\u00e1vol\u00edthat\u00f3.<\/p>\n<p>Nagyon vonz\u00f3, mert h\u00eddk\u00e9nt m\u0171k\u00f6dik k\u00e9t vil\u00e1g k\u00f6z\u00f6tt: egyr\u00e9szt a MOZA \u00f6kosziszt\u00e9ma, m\u00e1sr\u00e9szt a harmadik f\u00e9lt\u0151l sz\u00e1rmaz\u00f3 korm\u00e1nykerekek sokas\u00e1ga k\u00f6z\u00f6tt. R\u00f6viden, ez az az alkatr\u00e9sz, amely lehet\u0151v\u00e9 teszi, hogy megtarthassa kedvenc korm\u00e1nykerek\u00e9t, mik\u00f6zben a MOZA Direct Drive alap el\u0151nyeit \u00e9lvezheti.<\/p>\n<p>Az \u00e9n szemsz\u00f6gem egyszer\u0171: n\u00e9zze meg, mennyire szil\u00e1rd ez az adapter, mennyire kellemes a kezel\u00e9se \u00e9s mennyire megb\u00edzhat\u00f3 az id\u0151 m\u00fal\u00e1s\u00e1val, de azt is, hogy a j\u00e1t\u00e9k \u00e9rz\u00e9se tiszta marad-e, parazita j\u00e1t\u00e9k vagy hajl\u00edt\u00e1s n\u00e9lk\u00fcl. Ez \u00f6nmag\u00e1ban nem egy \"sz\u00f3rakoztat\u00f3\" term\u00e9k, hanem a megb\u00edzhat\u00f3s\u00e1g szempontj\u00e1b\u00f3l kulcsfontoss\u00e1g\u00fa term\u00e9k. Ha a gyorskiold\u00f3 meghib\u00e1sodik, minden m\u00e1s haszn\u00e1lhatatlan. Ha ez sikeres, az alap teljes \u00e9rtelmet nyer.  <\/p>\n<h2>A MOZA gyorskiold\u00f3 adapter tervez\u00e9se \u00e9s gy\u00e1rt\u00e1sa<\/h2>\n<p>A MOZA gyorskiold\u00f3 adapter a k\u00e9zben azonnal egy s\u0171r\u0171, komoly term\u00e9k benyom\u00e1s\u00e1t kelti. Egy\u00e9rtelm\u0171en teljesen f\u00e9mb\u0151l k\u00e9sz\u00fclt term\u00e9k, tiszt\u00e1n megmunk\u00e1lt testtel \u00e9s bizalomgerjeszt\u0151 fel\u00fcletkezel\u00e9ssel. A tapint\u00e1sa enyh\u00e9n szat\u00e9nos, nincs benne s\u00farl\u00f3d\u00e1s vagy agressz\u00edv sz\u00f6gek. \u00c9rezhet\u0151, hogy nagy er\u0151k ellen\u00e1ll\u00e1s\u00e1ra tervezt\u00e9k, nem pedig arra, hogy sz\u00e9pen n\u00e9zzen ki a polcon.<\/p>\n<p>Ami szembet\u0171n\u0151, hogy milyen kompakt. Az adapter viszonylag r\u00f6vid marad, ami korl\u00e1tozza a korm\u00e1nyker\u00e9k \u00e9s a talp k\u00f6z\u00f6tti kar t\u00e1vols\u00e1g\u00e1t. A gyakorlatban ez seg\u00edt cs\u00f6kkenteni az \u00e9rezhet\u0151 hajl\u00edt\u00e1st \u00e9s feszesebb\u00e9 tenni a korm\u00e1nyz\u00e1st. Az \u00f6sszeszerel\u00e9si t\u0171r\u00e9sek feszesnek t\u0171nnek: a MOZA QR rendszerrel val\u00f3 illeszked\u00e9s egyszer\u0171, tiszta, \u00e9s nem ingadozik.<\/p>\n<p>Az \u00e9rz\u00e9kelt merevs\u00e9g nagyon j\u00f3 ebben a tartom\u00e1nyban. Megfelel\u0151 kialak\u00edt\u00e1s\u00fa korm\u00e1nyker\u00e9khez illesztve, f\u00e9kez\u00e9skor vagy d\u0151l\u00e9skor nincs torzi\u00f3s vagy mikroj\u00e1t\u00e9k \u00e9rz\u00e9s. A piacon kaphat\u00f3 n\u00e9h\u00e1ny \u00e1ltal\u00e1nos adapterhez k\u00e9pest, amelyek gyakran k\u00f6nnyebbek vagy durv\u00e1n megmunk\u00e1ltak, a MOZA QR adapter sokkal komolyabb. M\u00e1r a kezdetekt\u0151l fogva \u00e9rezhet\u0151, hogy Direct Drive-hoz tervezt\u00e9k, nem pedig egy \u00f6sszeoll\u00f3zott ut\u00e1ngy\u00e1rtott alkatr\u00e9sznek.<\/p>\n<p>A csal\u00f3d\u00e1sok nem nagyok, de l\u00e9teznek. Az adapter kialak\u00edt\u00e1sa meglehet\u0151sen haszonelv\u0171 marad: semmi sallang, kev\u00e9s eszt\u00e9tikai fant\u00e1zia. Att\u00f3l f\u00fcgg\u0151en, hogy milyen korm\u00e1nyker\u00e9khez csatlakoztatja, a vizu\u00e1lis \u00f6sszhang nem mindig t\u00f6k\u00e9letes. Egy m\u00e1sik pont: a s\u0171r\u0171s\u00e9g a korm\u00e1ny teljes s\u00faly\u00e1t is befoly\u00e1solja. Egy eleve neh\u00e9z korm\u00e1nyker\u00e9khez egy plusz f\u00e9mdarabot adsz hozz\u00e1. Nincs ebben semmi dr\u00e1mai, de ezt a kis alapokon \u00e9rdemes szem el\u0151tt tartani.<\/p>\n<p>Az olyan cs\u00facskateg\u00f3ri\u00e1s rendszerekkel \u00f6sszehasonl\u00edtva, mint a QR motorsport, m\u00e9g mindig egy fokkal elmaradunk a tiszta \"autentikus versenyaut\u00f3\" \u00e9rz\u00e9st\u0151l, de a szimul\u00e1toros versenyz\u00e9shez a szil\u00e1rds\u00e1g \u00e9s a k\u00f6nny\u0171 haszn\u00e1lat ar\u00e1nya val\u00f3ban meggy\u0151z\u0151.<\/p>\n<h2>Be\u00e1ll\u00edt\u00e1sok, testreszab\u00e1s \u00e9s kompatibilit\u00e1s<\/h2>\n<p>A MOZA gyorskiold\u00f3 adapter nem egy men\u00fckkel vagy el\u0151be\u00e1ll\u00edt\u00e1sokkal teli kieg\u00e9sz\u00edt\u0151, hanem tiszta mechanika. A \"testreszabhat\u00f3s\u00e1g\" f\u0151k\u00e9nt a korm\u00e1nyker\u00e9kre val\u00f3 r\u00f6gz\u00edt\u00e9s m\u00f3dj\u00e1b\u00f3l \u00e9s a hardver kiv\u00e1laszt\u00e1s\u00e1b\u00f3l ad\u00f3dik.<\/p>\n<p>Az adapter a szabv\u00e1nyos sim racing f\u00far\u00e1si mint\u00e1t haszn\u00e1lja (PCD 70 mm-es t\u00edpus a korm\u00e1nyker\u00e9k r\u00e9szen), ami sz\u00e9les k\u00f6r\u0171 kompatibilit\u00e1st tesz lehet\u0151v\u00e9: GT, rally, F1, P1 t\u00edpus\u00fa korm\u00e1nykerekek, harmadik f\u00e9lt\u0151l sz\u00e1rmaz\u00f3 gombegys\u00e9gek, stb. Miut\u00e1n a ker\u00e9kagy vagy a lemez megfelel\u0151 szabv\u00e1ny\u00fa, az adaptert a MOZA alaphoz val\u00f3 kapcsol\u00f3d\u00e1sk\u00e9nt lehet haszn\u00e1lni. Sz\u00e1momra ebben l\u00e1tom a f\u0151 el\u0151ny\u00e9t: a MOZA alapot egy nagyon nyitott platformm\u00e1 alak\u00edtja \u00e1t, an\u00e9lk\u00fcl, hogy kiz\u00e1r\u00f3lag a m\u00e1rka korm\u00e1nykerekeinek haszn\u00e1lat\u00e1ra k\u00e9nyszer\u00edtene.<\/p>\n<p>Ami a \"be\u00e1ll\u00edt\u00e1sokat\" illeti, minden el\u0151zetesen t\u00f6rt\u00e9nik: a korm\u00e1nyker\u00e9k k\u00f6zpontos\u00edt\u00e1sa, a QR helyes be\u00e1ll\u00edt\u00e1sa a t\u00f6k\u00e9letes semleges poz\u00edci\u00f3 el\u00e9r\u00e9se \u00e9rdek\u00e9ben, a csavarok megfelel\u0151 nyomat\u00e9kkal t\u00f6rt\u00e9n\u0151 megh\u00faz\u00e1sa (fontos a k\u00f3bor rezg\u00e9sek elker\u00fcl\u00e9se \u00e9rdek\u00e9ben). A tanul\u00e1si folyamat egyszer\u0171: ha egyszer az els\u0151 korm\u00e1nykereket felszerelte ezzel az adapterrel, a k\u00f6vetkez\u0151k nagyon gyorsan j\u00f6nnek. A MOZA alapon a r\u00f6gz\u00edt\u00e9s\/kiold\u00e1s intuit\u00edv m\u00f3don t\u00f6rt\u00e9nik: \u00e9rezhet\u0151 a tiszta beakad\u00e1s, gyakran hallhat\u00f3 egy megnyugtat\u00f3 kattan\u00e1s, \u00e9s a korm\u00e1nyker\u00e9k a hely\u00e9n van.<\/p>\n<p>Kompatibilit\u00e1s a platform oldal\u00e1n, az adapter egyszer\u0171en azt k\u00f6veti, amit a MOZA alap k\u00edn\u00e1l. Ha csak PC-s alapr\u00f3l van sz\u00f3, akkor a konzolkompatibilit\u00e1st nem n\u00f6veli \u00e9s nem is sz\u00fcnteti meg. Szigor\u00faan mechanikus kapcsolatk\u00e9nt m\u0171k\u00f6dik, nem pedig elektronikus interf\u00e9szk\u00e9nt. A korm\u00e1nyker\u00e9khez hozz\u00e1adott gombok, lap\u00e1tok \u00e9s b\u00e1rmely modul att\u00f3l f\u00fcgg, hogyan csatlakoztatja azokat (k\u00f6zvetlen\u00fcl az alaphoz a MOZA hubon kereszt\u00fcl, vagy k\u00fcl\u00f6n USB-n kereszt\u00fcl a PC-hez).<\/p>\n<p>A sk\u00e1l\u00e1zhat\u00f3s\u00e1g szempontj\u00e1b\u00f3l \u00e9rdekes: ez a QR-adapter egy\u00e9rtelm\u0171en felhaszn\u00e1lhat\u00f3 a MOZA-alap k\u00f6r\u00e9 \u00e9p\u00fcl\u0151, testreszabott korm\u00e1nykerekek \u00f6kosziszt\u00e9m\u00e1j\u00e1nak ki\u00e9p\u00edt\u00e9s\u00e9hez. Kezdheti egyetlen \"egyedi\" korm\u00e1nyker\u00e9kkel, majd hozz\u00e1adhat egy m\u00e1sodikat vagy harmadikat, mind ugyanazt a r\u00f6gz\u00edt\u00e9si rendszert haszn\u00e1lva. Ez ink\u00e1bb egy hossz\u00fa t\u00e1v\u00fa befektet\u00e9s, mint egy egyszer\u0171 k\u00e9nyelmi kieg\u00e9sz\u00edt\u0151.<\/p>\n<h2>Szenz\u00e1ci\u00f3s j\u00e1t\u00e9k a MOZA gyorskiold\u00f3 adapterrel<\/h2>\n<p>A gyorskiold\u00f3t val\u00f3ban a p\u00e1ly\u00e1n \u00edt\u00e9lik meg. Az sz\u00e1m\u00edt, hogy mennyire engedi \u00e1t az er\u0151visszacsatol\u00e1st sz\u0171r\u00e9s, j\u00e1t\u00e9k \u00e9s parazita zaj n\u00e9lk\u00fcl. A MOZA gyorskiold\u00f3 adapter ebben a tekintetben nagyon j\u00f3l teljes\u00edt.<\/p>\n<p>Az FFB precizit\u00e1sa tiszta \u00e9rz\u00e9st biztos\u00edt. Az er\u0151visszacsatol\u00e1s apr\u00f3 r\u00e9szletei - a markolathoz kapcsol\u00f3d\u00f3 mikrorezg\u00e9sek, az els\u0151 tengely terhel\u00e9s\u00e9nek \u00e1tmenetei - igaz\u00e1n j\u00f3l \u00e9rv\u00e9nyes\u00fclnek. Nincs az a gumiszer\u0171, hom\u00e1lyos \u00e9rz\u00e9s, amit a kev\u00e9sb\u00e9 merev QR-rendszerekn\u00e9l vagy a sz\u00e9lesebb t\u0171r\u00e9shat\u00e1rokkal rendelkez\u0151 rendszerekn\u00e9l tapasztalhatunk. A MOZA Direct Drive alapon a mechanikus l\u00e1nc \u00f6sszef\u00fcgg\u0151 marad: alap \u2192 QR \u2192 adapter \u2192 lendker\u00e9k, \u00e9s nincs az az \u00e9rz\u00e9s, hogy b\u00e1rmi \"elnyeli\" az er\u0151t, mik\u00f6zben \u00e1thalad rajta.<\/p>\n<p>Gyors kanyarokban, megn\u00f6velt leszor\u00edt\u00f3er\u0151vel az adapter nem \u00e9szrevehet\u0151, \u00e9s ez dics\u00e9ret. A korm\u00e1nyz\u00e1s stabil marad, a korm\u00e1ny nem \"pump\u00e1l\", nem rezeg k\u00f6vetkezetlen\u00fcl. Amikor egy hossz\u00fa kanyar bej\u00e1rat\u00e1n\u00e1l vagy egy gyors kanyarban, sok aero mellett terheli a korm\u00e1nyt, hat\u00e1rozott t\u00e1maszt\u00e9kot tart a kez\u00e9ben. Pontosan ezt v\u00e1rjuk ett\u0151l az alkatr\u00e9szt\u0151l.<\/p>\n<p>A markolat leolvas\u00e1sakor j\u00f3l \u00e9rezhet\u0151, amikor az eleje cs\u00faszni kezd, majd felakad. Az \u00e1tmenet egy\u00e9rtelm\u0171, k\u00fcl\u00f6n\u00f6sen, ha az alap j\u00f3l be van \u00e1ll\u00edtva. Ebben az esetben az adapter nem zavarja az inform\u00e1ci\u00f3t. Azonnal meg\u00e9rti, hogy mit csin\u00e1l az aut\u00f3. A fokozatos tapad\u00e1sveszt\u00e9s, a csukl\u00f3val korrig\u00e1land\u00f3 kis t\u00falkorm\u00e1nyzotts\u00e1g, minden olvashat\u00f3 marad.<\/p>\n<p>A vibr\u00e1torok j\u00f3 tesztek. Egy \u00e1tlagos QR-szerelv\u00e9nyn\u00e9l \u00e9rezhet n\u00e9mi z\u00f6rg\u00e9st, enyhe hangj\u00e1t\u00e9kot vagy k\u00f3bor \"f\u00e9m a f\u00e9men\" rezg\u00e9st. A MOZA gyorskiold\u00f3 adapter megfelel\u0151 felszerel\u00e9s\u00e9vel ez ellen\u0151rz\u00e9s alatt marad. A rezg\u00e9sek a s\u00ednb\u0151l sz\u00e1rmaznak, nem a mechanikus interf\u00e9szb\u0151l. \u00c9rezhet\u0151, hogy a vibr\u00e1tor a korm\u00e1nyker\u00e9ken dolgozik, de an\u00e9lk\u00fcl, hogy a QR + adapter szerelv\u00e9ny \u00f6n\u00e1ll\u00f3an r\u00e1zk\u00f3dna.<\/p>\n<p>Hossz\u00fa munkamenetek sor\u00e1n a k\u00f6vetkezetess\u00e9g a nap parancsa. A z\u00e1r nem lazul, a korm\u00e1nyker\u00e9k nem forog el a tengelye k\u00f6r\u00fcl, \u00e9s a nullpont nem mozdul el. Hossz\u00fa etapokat is megtehet an\u00e9lk\u00fcl, hogy a korm\u00e1nykereket \u00fajra kellene csavarni vagy b\u00e1rmit is meg kellene h\u00fazni. Egy komoly szimul\u00e1tor vagy online endurance verseny eset\u00e9ben ez nagyon megnyugtat\u00f3.<\/p>\n<p>Gyors korrekci\u00f3kn\u00e1l, k\u00fcl\u00f6n\u00f6sen k\u00f6nny\u0171 driftel\u00e9sn\u00e9l vagy ideges aut\u00f3kon a szerelv\u00e9ny merevs\u00e9ge \u00e9rezhet\u0151v\u00e9 v\u00e1lik. Amikor a b\u00e1zis heves ellenforg\u00e1st k\u00fcld, az adapter szil\u00e1rdan tart. A korm\u00e1nyt a kez\u00e9ben tarthatja an\u00e9lk\u00fcl, hogy \u00e9rezn\u00e9, hogy \"z\u00f6r\u00f6g\" a r\u00f6gz\u00edt\u00e9s\u00e9n. Nem habozik, ha az FFB-t k\u00f6zel engedi dolgozni a meg\u00e1ll\u00e1shoz, mert tudja, hogy a mechanikus \u00f6sszek\u00f6ttet\u00e9s k\u00f6vetni fogja.<\/p>\n<p>Egy egyszer\u0171bb rendszerrel, p\u00e9ld\u00e1ul egy m\u0171anyag QR-rel vagy egy \u00e1ltal\u00e1nos adapterrel \u00f6sszehasonl\u00edtva, a k\u00fcl\u00f6nbs\u00e9g gyorsan \u00e9rezhet\u0151. A rendszer \u00e9lesebb, k\u00f6vetkezetesebb \u00e9s a kez\u00e9ben sokkal ink\u00e1bb \"egyetlen egys\u00e9gnek\" \u00e9rzi mag\u00e1t. Egy cs\u00facskateg\u00f3ri\u00e1s szimul\u00e1toros vagy val\u00f3di aut\u00f3s QR-rendszerrel \u00f6sszehasonl\u00edtva a MOZA adapter egy kicsit kev\u00e9sb\u00e9 \"seb\u00e9szi\" a kezdeti r\u00f6gz\u00edt\u00e9si \u00e9rz\u00e9sben, de a j\u00e1t\u00e9kban a k\u00fcl\u00f6nbs\u00e9g nem olyan nagy. A szimul\u00e1toros versenyz\u0151k t\u00f6bbs\u00e9ge sz\u00e1m\u00e1ra t\u00f6bb mint el\u00e9g merevs\u00e9get biztos\u00edt egy er\u0151s Direct Drive alap kihaszn\u00e1l\u00e1s\u00e1hoz.<\/p>\n<p>\u00d6sszess\u00e9g\u00e9ben a j\u00e1t\u00e9kban az \u00e1tl\u00e1that\u00f3s\u00e1gnak ez a benyom\u00e1sa t\u0171nik ki. Szinte elfelejted, hogy az adapter ott van, \u00e9s a vezet\u00e9sre koncentr\u00e1lsz. \u00c9s pontosan ez az, amit egy j\u00f3 gyorskiold\u00f3t\u00f3l elv\u00e1rsz.<\/p>\n<h2>Kinek sz\u00f3l? Amit szeret\u00fcnk \/ Amit nem szeret\u00fcnk<\/h2>\n<p>A MOZA gyorskiold\u00f3 adapter mindenekel\u0151tt olyan felhaszn\u00e1l\u00f3knak sz\u00f3l, akik m\u00e1r minim\u00e1lis \u00f6sszeget fektettek be a felszerel\u00e9s\u00fckbe. Ha csak egy bel\u00e9p\u0151 szint\u0171 ker\u00e9k + alapcsomaggal kezded, val\u00f3sz\u00edn\u0171leg nem ez az els\u0151dleges feladatod. M\u00e1sr\u00e9szt, ha m\u00e1r van egy MOZA alap, vagy tervezi annak megv\u00e1s\u00e1rl\u00e1s\u00e1t, \u00e9s harmadik f\u00e9lt\u0151l sz\u00e1rmaz\u00f3 korm\u00e1nykereket szeretne haszn\u00e1lni (sim racing vagy motorsport), akkor ez az adapter gyorsan k\u00f6zponti szerepet kap.<\/p>\n<p>\u00dagy l\u00e1tom, hogy kiv\u00e1l\u00f3 v\u00e1laszt\u00e1s a k\u00f6z\u00e9phalad\u00f3 \u00e9s tapasztalt szimul\u00e1torversenyz\u0151k sz\u00e1m\u00e1ra, akik szeretn\u00e9k testre szabni a korm\u00e1nykereket, a szak\u00e1gt\u00f3l f\u00fcgg\u0151en (GT, egy\u00fcl\u00e9ses, rally) st\u00edlust v\u00e1ltani, vagy egyszer\u0171en megtartani a kedvenc korm\u00e1nyukat a MOZA-ra v\u00e1lt\u00e1ssal. Egy PC-s felhaszn\u00e1l\u00f3 sz\u00e1m\u00e1ra, akinek a be\u00e1ll\u00edt\u00e1sa m\u00e1r meglehet\u0151sen modul\u00e1ris (pil\u00f3taf\u00fclke, k\u00fcl\u00f6n ped\u00e1lok, v\u00e1lt\u00f3, k\u00e9zif\u00e9k), nagyon j\u00f3l illeszkedik egy m\u00e9retre szabott felszerel\u00e9shez.<\/p>\n<p>Ami nekem k\u00fcl\u00f6n\u00f6sen tetszik, az a merevs\u00e9g. Az a t\u00e9ny, hogy nem \u00e9rez semmilyen hajl\u00edt\u00e1st vagy j\u00e1t\u00e9kot, m\u00e9g akkor sem, ha er\u0151lteti, val\u00f3ban megv\u00e1ltoztatja a fogasker\u00e9kbe vetett bizalmat. Tetszik a sz\u00e9les k\u00f6r\u0171 kompatibilit\u00e1s is a f\u00far\u00e1si szabv\u00e1nynak k\u00f6sz\u00f6nhet\u0151en, ami azt jelenti, hogy ezer k\u00e9rd\u00e9s n\u00e9lk\u00fcl felfedezhetsz m\u00e1s m\u00e1rk\u00e1j\u00fa vagy m\u0171helykerekeket. V\u00e9g\u00fcl a mechanikai egyszer\u0171s\u00e9g igazi er\u0151ss\u00e9g: nincsenek felesleges szoftverr\u00e9tegek, csak egy j\u00f3l megmunk\u00e1lt alkatr\u00e9sz, amely azt teszi, amit akarsz.<\/p>\n<p>M\u00e1sr\u00e9szr\u0151l azonban sz\u00e1mos korl\u00e1toz\u00e1st is \u00e9rdemes megjegyezni. Az adapter s\u00falyt ad a korm\u00e1nyker\u00e9knek, ami kev\u00e9sb\u00e9 er\u0151s alapon vagy eleve massz\u00edv korm\u00e1nyker\u00e9kkel \u00e9rezhet\u0151. A nagyon funkcion\u00e1lis diz\u00e1jnb\u00f3l hi\u00e1nyzik egy kis eszt\u00e9tikai karakter azok sz\u00e1m\u00e1ra, akik szeretik a vizu\u00e1lisan egys\u00e9ges pil\u00f3taf\u00fclk\u00e9t. Mindenekel\u0151tt nem oldja meg az elektronikus kompatibilit\u00e1s k\u00e9rd\u00e9s\u00e9t: a harmadik f\u00e9lt\u0151l sz\u00e1rmaz\u00f3 korm\u00e1nyker\u00e9k gombjait, forg\u00f3kat \u00e9s lap\u00e1tokat nem fogja var\u00e1zs\u00fct\u00e9sre felismerni az alap. Sok esetben USB-n kereszt\u00fcl k\u00f6zvetlen\u00fcl a sz\u00e1m\u00edt\u00f3g\u00e9phez kell csatlakoztatnia, \u00e9s egy kis konfigur\u00e1l\u00e1st kell v\u00e9geznie.<\/p>\n<p>A befektet\u00e9s fogalm\u00e1val kapcsolatban, ez egy\u00e9rtelm\u0171en egy \"setup building\" v\u00e1s\u00e1rl\u00e1s, nem pedig egy tr\u00fckk. Befektetsz a felszerel\u00e9sed rugalmass\u00e1g\u00e1ba \u00e9s abba a lehet\u0151s\u00e9gbe, hogy t\u00f6bb komoly kereket szerelhetsz az alapod k\u00f6r\u00e9. Valaki sz\u00e1m\u00e1ra, aki ritk\u00e1n cser\u00e9l korm\u00e1nykereket, az \u00e9rz\u00e9kelt \u00e9rt\u00e9k korl\u00e1tozottnak t\u0171nhet. De egy olyan rajong\u00f3 sz\u00e1m\u00e1ra, aki egym\u00e1s ut\u00e1n fogja cser\u00e9lni a speci\u00e1lis kerekeket, a k\u00f6lts\u00e9gek \u00e9s a megszerzett szabads\u00e1g ar\u00e1nya nagyon vonz\u00f3v\u00e1 v\u00e1lik.<\/p>\n<h2>Az \u00edt\u00e9let: meg\u00e9ri a MOZA gyorskiold\u00f3 adapter?<\/h2>\n<p>Egy MOZA alapra \u00f6sszpontos\u00edt\u00f3 szimul\u00e1toros versenyfelszerel\u00e9sben ez a gyorskiold\u00f3 adapter egy\u00e9rtelm\u0171en kulcsfontoss\u00e1g\u00fa komponenss\u00e9 v\u00e1lhat. Nem n\u00f6veli az FPS-t vagy az Nm-t, de felszabad\u00edt valami l\u00e9nyeges dolgot: a korm\u00e1nyker\u00e9k megv\u00e1laszt\u00e1s\u00e1nak szabads\u00e1g\u00e1t a merevs\u00e9g vagy az er\u0151visszacsatol\u00e1s min\u0151s\u00e9g\u00e9nek fel\u00e1ldoz\u00e1sa n\u00e9lk\u00fcl.<\/p>\n<p>A piacon \u00fagy l\u00e1tom, hogy ez egy k\u00f6z\u00e9pkateg\u00f3ri\u00e1s \/ fels\u0151 kateg\u00f3ri\u00e1s \"pivot\" term\u00e9k. Nem egy ultra-exkluz\u00edv luxuscikk, de ez egy komolyan megtervezett, Direct Drive-ra tervezett alkatr\u00e9sz, ami nagyon j\u00f3l \u00f6sszehasonl\u00edthat\u00f3 a szimul\u00e1toros versenyz\u00e9s legjobbjaival. Valakinek, aki egy fejleszthet\u0151 setupot szeretne, ez egy nagyon logikus darab.<\/p>\n<p>Egy\u00e9rtelm\u0171en azoknak a szimul\u00e1torosoknak aj\u00e1nlan\u00e1m, akik m\u00e1r elk\u00f6telezt\u00e9k magukat szenved\u00e9ly\u00fck mellett, akik sz\u00e9lesk\u00f6r\u0171en testre akarj\u00e1k szabni a korm\u00e1nykereket, harmadik f\u00e9lt\u0151l sz\u00e1rmaz\u00f3 felniket akarnak felfedezni, vagy egyszer\u0171en csak megb\u00edzhat\u00f3bb\u00e1 akarj\u00e1k tenni a kapcsolatot egy komoly korm\u00e1nyker\u00e9k \u00e9s egy MOZA-alap k\u00f6z\u00f6tt. Az alkalmi j\u00e1t\u00e9kosok sz\u00e1m\u00e1ra, akik egyetlen korm\u00e1nykereket tartanak, \u00e9s nem akarnak elszakadni a gy\u00e1rt\u00f3 \u00f6kosziszt\u00e9m\u00e1j\u00e1t\u00f3l, ez nem lesz priorit\u00e1s.<\/p>\n<p>Ha szeretn\u00e9 megnyitni a MOZA \u00f6kosziszt\u00e9m\u00e1t harmadik f\u00e9lt\u0151l sz\u00e1rmaz\u00f3 lendkerekek el\u0151tt, mik\u00f6zben megtartja a tiszta, j\u00e1t\u00e9kmentes er\u0151visszacsatol\u00e1st, ez a MOZA gyorskiold\u00f3 adapter mindent megv\u00e1ltoztathat a be\u00e1ll\u00edt\u00e1s\u00e1ban.<\/p>","protected":false},"excerpt":{"rendered":"<p>Ez a MOZA gyorskiold\u00f3 adapter egy nagyon szil\u00e1rd \u00e9s \u00e1tl\u00e1that\u00f3 kapcsolat \u00e9rz\u00e9s\u00e9t adta nekem, ami val\u00f3ban elt\u00fcnteti az alkatr\u00e9szt a j\u00e1t\u00e9kban. \u00c9rtelemszer\u0171en olyan szimul\u00e1torosok sz\u00e1m\u00e1ra, akik m\u00e1r befektettek, \u00e9s a MOZA alapot harmadik f\u00e9lt\u0151l sz\u00e1rmaz\u00f3 kerekekkel szeretn\u00e9k kombin\u00e1lni an\u00e9lk\u00fcl, hogy a pontoss\u00e1g vagy a merevs\u00e9g cs\u00f6kkenne. Egy fejl\u0151d\u0151 setup eset\u00e9ben a befektet\u00e9s koherens marad.<\/p>","protected":false},"featured_media":101435,"comment_status":"open","ping_status":"closed","template":"","meta":{"_acf_changed":false,"_et_pb_use_builder":"","_et_pb_old_content":"","_et_gb_content_width":""},"product_brand":[165],"product_cat":[153],"product_tag":[149],"class_list":{"0":"post-101434","1":"product","2":"type-product","3":"status-publish","4":"has-post-thumbnail","6":"product_brand-moza-racing","7":"product_cat-accessoires","8":"product_tag-pc","10":"first","11":"instock","12":"shipping-taxable","13":"product-type-external"},"acf":[],"_links":{"self":[{"href":"https:\/\/simracergear.com\/hu\/wp-json\/wp\/v2\/product\/101434","targetHints":{"allow":["GET"]}}],"collection":[{"href":"https:\/\/simracergear.com\/hu\/wp-json\/wp\/v2\/product"}],"about":[{"href":"https:\/\/simracergear.com\/hu\/wp-json\/wp\/v2\/types\/product"}],"replies":[{"embeddable":true,"href":"https:\/\/simracergear.com\/hu\/wp-json\/wp\/v2\/comments?post=101434"}],"wp:featuredmedia":[{"embeddable":true,"href":"https:\/\/simracergear.com\/hu\/wp-json\/wp\/v2\/media\/101435"}],"wp:attachment":[{"href":"https:\/\/simracergear.com\/hu\/wp-json\/wp\/v2\/media?parent=101434"}],"wp:term":[{"taxonomy":"product_brand","embeddable":true,"href":"https:\/\/simracergear.com\/hu\/wp-json\/wp\/v2\/product_brand?post=101434"},{"taxonomy":"product_cat","embeddable":true,"href":"https:\/\/simracergear.com\/hu\/wp-json\/wp\/v2\/product_cat?post=101434"},{"taxonomy":"product_tag","embeddable":true,"href":"https:\/\/simracergear.com\/hu\/wp-json\/wp\/v2\/product_tag?post=101434"}],"curies":[{"name":"wp","href":"https:\/\/api.w.org\/{rel}","templated":true}]}}