{"id":101445,"date":"2025-05-15T08:10:00","date_gmt":"2025-05-15T08:10:00","guid":{"rendered":"https:\/\/simracergear.com\/products\/moza-r12-gs-v2p-gt-wheel-bundle\/"},"modified":"2025-11-28T05:29:52","modified_gmt":"2025-11-28T05:29:52","slug":"moza-r12-gs-v2p-gt-wheel-bundle","status":"publish","type":"product","link":"https:\/\/simracergear.com\/hu\/products\/moza-r12-gs-v2p-gt-wheel-bundle\/","title":{"rendered":"MOZA R12 &amp; GS V2P GT ker\u00e9kcsomag"},"content":{"rendered":"<h2>MOZA R12 &amp; GS V2P GT Wheel Bundle: mit v\u00e1ltoztat ez a be\u00e1ll\u00edt\u00e1sokon?<\/h2>\n<p>A MOZA R12 &amp; GS V2P GT Wheel csomag egy\u00e9rtelm\u0171en a Direct Drive PC-k \"k\u00f6z\u00e9p-pr\u00e9mium\" kateg\u00f3ri\u00e1j\u00e1ba tartozik. M\u00e1r nem a bel\u00e9p\u0151 kateg\u00f3ri\u00e1ban vagyunk, de m\u00e9g nem is az ultraer\u0151s alapok \u0151r\u00fclet\u00e9ben. Azokat c\u00e9lozza meg, akik val\u00f3di ugr\u00e1st szeretn\u00e9nek a realizmusban an\u00e9lk\u00fcl, hogy elsz\u00farn\u00e1k a k\u00f6lts\u00e9gvet\u00e9s\u00fcket vagy a pil\u00f3taf\u00fclk\u00e9j\u00fcket.<\/p>\n<p>Pap\u00edron az \u00edg\u00e9ret egyszer\u0171: Direct Drive alap, elegend\u0151 nyomat\u00e9kkal ahhoz, hogy mindent \u00e9rezz\u00fcnk, GT korm\u00e1nyker\u00e9k modern verseny\u00e9rz\u00e9ssel, komoly anyagok \u00e9s egy m\u00e1r j\u00f3l bev\u00e1lt \u00f6kosziszt\u00e9ma. A gyakorlatban ez a komb\u00f3 a tiszta teljes\u00edtm\u00e9ny, az egyszer\u0171 haszn\u00e1lat \u00e9s a lehet\u0151 legt\u00f6bb szimul\u00e1torral val\u00f3 kompatibilit\u00e1s k\u00f6z\u00f6tti egyens\u00falyra t\u00f6rekszik.<\/p>\n<p>Az \u00e9n elemz\u00e9si szempontom kett\u0151s: a vezet\u00e9si \u00e9rz\u00e9s min\u0151s\u00e9ge (FFB pontoss\u00e1g, tapad\u00e1s leolvas\u00e1sa, kontroll a hat\u00e1r\u00e9rt\u00e9keken) \u00e9s az \u00e1ltal\u00e1nos k\u00e9nyelem (ergon\u00f3mia, be\u00e1ll\u00edt\u00e1sok, haszn\u00e1lat hossz\u00fa \u00fcl\u00e9seken kereszt\u00fcl). Azt is vizsg\u00e1lom, hogy mit tud ny\u00fajtani ez a csomag egy szer\u00e9nyebb sz\u00edjhajt\u00e1s\u00fa alaphoz vagy egy bel\u00e9p\u0151 szint\u0171 Direct Drive-hoz k\u00e9pest, \u00e9s hogy meg\u00e1llja-e a hely\u00e9t egy t\u00f6bb \u00e9ven kereszt\u00fcl fejleszthet\u0151 setup k\u00f6zponti elemek\u00e9nt.<\/p>\n<h2>Tervez\u00e9s \u00e9s gy\u00e1rt\u00e1s: komolys\u00e1g, k\u00f6vetkezetess\u00e9g \u00e9s kisebb h\u00e1tr\u00e1nyok<\/h2>\n<p>Az R12 alap azonnal egy kompakt, s\u0171r\u0171 t\u00f6mb benyom\u00e1s\u00e1t kelti. F\u00e9m v\u00e1z, tiszta \u00f6sszeszerel\u00e9s, nincs parazita j\u00e1t\u00e9k, semmi, ami \u00fcregesnek hangzik, amikor megfogod. Egy olyan term\u00e9k benyom\u00e1s\u00e1t kelti, amelyet \u00fagy terveztek, hogy meging\u00e1s n\u00e9lk\u00fcl a pil\u00f3taf\u00fclk\u00e9hez r\u00f6gz\u00edtve maradjon. Az \u00e9rz\u00e9kelt merevs\u00e9g nagyon j\u00f3 ehhez a tartom\u00e1nyhoz k\u00e9pest, m\u00e9g egy tisztess\u00e9ges, de nem ultra magasan hordozhat\u00f3 t\u00e1ml\u00e1n is.<\/p>\n<p>A GS V2P GT ker\u00e9k egy\u00e9rtelm\u0171en a modern GT\/LMP vil\u00e1got c\u00e9lozza meg. F\u00e9mszerkezet\u00e9vel, sz\u00e9nsz\u00e1las bor\u00edt\u00e1s\u00e1val \u00e9s Alcantara vagy hasonl\u00f3 anyagb\u00f3l k\u00e9sz\u00fclt foganty\u00faival - a verzi\u00f3t\u00f3l f\u00fcgg\u0151en - komoly \u00e9rz\u00e9st kelt a k\u00e9zben, \u00e9s ink\u00e1bb \"lelkes\" szimul\u00e1toroz\u00e1st sug\u00e1roz, mint j\u00e1t\u00e9kot. A m\u00e1gneses lap\u00e1toknak \u00e9les, tiszta kattan\u00e1sa van, az ujjak alatt prec\u00edz \u00e9rz\u00e9ssel. Minden sebess\u00e9gv\u00e1lt\u00e1st \u00e9rezni lehet, mindenf\u00e9le puhas\u00e1g n\u00e9lk\u00fcl.<\/p>\n<p>Az els\u0151 dolog, ami meglep\u0151, az az eg\u00e9sz s\u0171r\u0171s\u00e9ge. Az alapot nem \u00e9rzi \u00fagy, mintha k\u00edm\u00e9lni kellene, \u00e9s a korm\u00e1nyker\u00e9knek nincs az a k\u00f6nny\u0171, m\u0171anyag \u00e9rz\u00e9se, amit n\u00e9ha a mainstreamebb term\u00e9keken tal\u00e1lunk. Az ember egyszer\u0171en csak r\u00e1 akar menni, nem k\u00e9rdez\u0151sk\u00f6dik.<\/p>\n<p>A csal\u00f3d\u00e1sok ink\u00e1bb a r\u00e9szletekben rejlenek. N\u00e9h\u00e1ny m\u00e1sodlagos m\u0171anyag a csatlakoz\u00f3k k\u00f6r\u00fcl \u00e9s a korm\u00e1nyker\u00e9k egyes r\u00e9szein nem olyan pr\u00e9mium min\u0151s\u00e9g\u0171, mint a t\u00f6bbi. Nem olcs\u00f3, de egy fokkal a dr\u00e1g\u00e1bb fels\u0151kateg\u00f3ri\u00e1s korm\u00e1nykerekek n\u00e9melyik\u00e9t\u0151l elmarad. A gombok, b\u00e1r tisztess\u00e9gesek, egy kicsit t\u00f6bb tapint\u00e1st ig\u00e9nyeln\u00e9nek, hogy megfeleljenek a piac legjobbjainak.<\/p>\n<p>Az R12 + GS V2P csomag az azonos szegmens m\u00e1s megold\u00e1saival \u00f6sszehasonl\u00edtva j\u00f3l teljes\u00edt: min\u0151s\u00e9gibb, mint egy kezd\u0151knek sz\u00e1nt k\u00e9szlet, kev\u00e9sb\u00e9 f\u00e9ny\u0171z\u0151, mint egy nagyon pr\u00e9mium komb\u00f3, de val\u00f3di komolys\u00e1ggal \u00e9s \u00e1ltal\u00e1nos koherenci\u00e1val.<\/p>\n<h2>Be\u00e1ll\u00edt\u00e1sok, testreszab\u00e1s \u00e9s kompatibilit\u00e1s: rugalmas, de PC-k\u00f6zpont\u00fa<\/h2>\n<p>A szoftveres oldalon a MOZA a be\u00e1ll\u00edt\u00e1sok meglehet\u0151sen \u00e1tfog\u00f3 \u00f6kosziszt\u00e9m\u00e1j\u00e1t k\u00edn\u00e1lja. A kezel\u0151fel\u00fclet \u00e1ttekinthet\u0151, a k\u00e9szletenk\u00e9nti el\u0151be\u00e1ll\u00edt\u00e1sok, a teljes er\u0151, a sz\u0171r\u0151k, a s\u00farl\u00f3d\u00e1s, a tehetetlens\u00e9g, valamint a korm\u00e1nyker\u00e9k param\u00e9terei (vil\u00e1g\u00edt\u00e1s, hozz\u00e1rendel\u00e9sek stb.) lapokkal. Gyorsan megtal\u00e1lhatja a l\u00e9nyeges be\u00e1ll\u00edt\u00e1sokat an\u00e9lk\u00fcl, hogy \u00e9rthetetlen men\u00fckkel el\u00e1rasztan\u00e1k.<\/p>\n<p>A f\u0151bb szimul\u00e1torok sz\u00e1m\u00e1ra rendelkez\u00e9sre \u00e1ll\u00f3 el\u0151be\u00e1ll\u00edt\u00e1sok j\u00f3 alapot jelentenek. Nem mindenki sz\u00e1m\u00e1ra t\u00f6k\u00e9letesek, de lehet\u0151v\u00e9 teszik a gyors motoroz\u00e1st an\u00e9lk\u00fcl, hogy elveszn\u00e9nk. Ezut\u00e1n az er\u0151ss\u00e9g, a k\u00f6z\u00e9ppont k\u00f6r\u00fcli l\u00e1gys\u00e1g, az alap rezg\u00e9ssz\u0171r\u00e9s vagy az \u00fctk\u00f6z\u00e9sek visszaver\u00e9s\u00e9nek m\u00f3dj\u00e1nak be\u00e1ll\u00edt\u00e1sa egy kis id\u0151t vesz ig\u00e9nybe, de el\u00e9rhet\u0151 marad. A tanul\u00e1si g\u00f6rbe nem azonnali, de nem is b\u00fcntet\u0151 jelleg\u0171: n\u00e9h\u00e1ny \u00fcl\u00e9s ut\u00e1n m\u00e1r tudod, mi befoly\u00e1solja igaz\u00e1n az \u00e9rz\u00e9seidet.<\/p>\n<p>Sz\u00e1momra a leghasznosabb be\u00e1ll\u00edt\u00e1sok a teljes er\u0151s\u00edt\u00e9s, a linearit\u00e1s \u00e9s a parazita hat\u00e1sok kezel\u00e9se. Az R12-n\u00e9l a haszn\u00e1lhat\u00f3 tartom\u00e1ny sz\u00e9les: kaphatsz egy FFB-t, amely el\u00e9g puha ahhoz, hogy hossz\u00fa ideig vezess, vagy egy fizikaiabb visszajelz\u00e9st, amely minden kiss\u00e9 agressz\u00edv vibr\u00e1torra eml\u00e9keztet. Maga a korm\u00e1nyker\u00e9k elegend\u0151 gombot, k\u00f3dol\u00f3t \u00e9s kapcsol\u00f3t k\u00edn\u00e1l ahhoz, hogy mindent lek\u00e9pezz\u00fcnk, amire a modern szimul\u00e1torokhoz sz\u00fcks\u00e9g\u00fcnk van, an\u00e9lk\u00fcl, hogy vissza kellene t\u00e9rn\u00fcnk a billenty\u0171zethez.<\/p>\n<p>Ami a kompatibilit\u00e1st illeti, ez egy\u00e9rtelm\u0171en egy els\u0151sorban PC-re tervezett platform. Az integr\u00e1ci\u00f3 a f\u0151bb szimul\u00e1torokkal j\u00f3, \u00e9s a MOZA \u00f6kosziszt\u00e9ma (ped\u00e1lok, v\u00e1lt\u00f3k, m\u0171szerfalak stb.) azt jelenti, hogy komplett be\u00e1ll\u00edt\u00e1sokat lehet l\u00e9trehozni. Az az \u00e9rz\u00e9sed, hogy ez az alap egy fejleszthet\u0151 telep\u00edt\u00e9s sz\u00edv\u00e9v\u00e9 v\u00e1lhat: kezdhetsz ezzel a csomaggal, k\u00e9s\u0151bb hozz\u00e1adhatsz egy er\u0151sebb hajt\u00f3karos szettet, vagy lecser\u00e9lheted a korm\u00e1nyt, mik\u00f6zben maradhatsz ugyanazon az alapon.<\/p>\n<p>A Direct Drive \u00f6kosziszt\u00e9m\u00e1ba val\u00f3 komoly bel\u00e9p\u00e9si pontk\u00e9nt az R12 nem t\u0171nik eldobhat\u00f3 v\u00e1s\u00e1rl\u00e1snak. Ehelyett olyan alapmodellk\u00e9nt poz\u00edcion\u00e1ljuk, amelyet t\u00f6bb \u00e9ven \u00e1t megtarthat, hacsak nem a term\u00e9kcsal\u00e1d nagyon-nagyon cs\u00facsmodellje a c\u00e9l.<\/p>\n<h2>\u00c9rz\u00e9sek a j\u00e1t\u00e9kban: ahol a k\u00f6teg igazolja l\u00e9tjogosults\u00e1g\u00e1t<\/h2>\n<p>A p\u00e1ly\u00e1ra \u00e9rve k\u00f6nnyen kider\u00fcl, hogy az R12 mit tud ny\u00fajtani a GS V2P-vel. A teljes\u00edtm\u00e9ny-visszajelz\u00e9s \u00e9les \u00e9s tiszta, a finom r\u00e9szletek \u00e9s a nyers er\u0151 k\u00f6z\u00f6tti j\u00f3 egyens\u00falyban. Nincs meg a nyomat\u00e9krobban\u00e1s egy ultraer\u0151s alapj\u00e1rathoz k\u00e9pest, de j\u00f3val el\u0151r\u00e9bb j\u00e1runk, mint egy sz\u00edjhajt\u00e1s\u00fa rendszer vagy egy nagyon szer\u00e9ny Direct Drive.<\/p>\n<p>Gyors kanyarokban a korm\u00e1nyz\u00e1s fokozatosan terhel\u0151dik. A korm\u00e1nyker\u00e9kben \u00e9rezhet\u0151 a fesz\u00fclts\u00e9g, ami azt jelenti, hogy meglepet\u00e9s n\u00e9lk\u00fcl el\u0151re l\u00e1thatja a hat\u00e1rt. A hajt\u0171kanyarokban \u00e9s a lassabb szakaszokon az \u00fajraf\u00f3kusz\u00e1l\u00e1s egyenes, an\u00e9lk\u00fcl, hogy er\u0151szakos lenne. A korm\u00e1nyker\u00e9k millim\u00e9terre pontosan be\u00e1ll\u00edthat\u00f3, k\u00fcl\u00f6n\u00f6sen a GT-form\u00e1val, ami nagyon stabil tart\u00e1sra \u00f6szt\u00f6n\u00f6z.<\/p>\n<p>A markolatolvas\u00e1s ennek a tartom\u00e1nynak az egyik er\u0151ss\u00e9ge. J\u00f3l l\u00e1that\u00f3, amikor az eleje cs\u00faszni kezd, az enyhe lebeg\u00e9s, amikor az aut\u00f3 lemer\u00fcl, majd a terhel\u00e9s visszat\u00e9r\u00e9se, amikor megakad. Egy kev\u00e9sb\u00e9 er\u0151s alapon ezek az \u00e1tmenetek elmos\u00f3dottabbak vagy elnyomja \u0151ket a t\u00fals\u00e1gosan lekerek\u00edtett FFB. Itt az \u00e9rz\u00e9s tiszt\u00e1bb \u00e9s k\u00f6nnyebben leolvashat\u00f3.<\/p>\n<p>A vibr\u00e1torokon a csomag j\u00f3 munk\u00e1t v\u00e9gez. A rezg\u00e9sek jelen vannak, text\u00far\u00e1ltak, de nem v\u00e1lnak \u00e1lland\u00f3 z\u00fcmm\u00f6g\u00e9ss\u00e9. \u00c9rezhet\u0151 a k\u00fcl\u00f6nbs\u00e9g a lapos vibr\u00e1tor \u00e9s az agressz\u00edvabb modell k\u00f6z\u00f6tt, valamint a p\u00e1lya \u00e9le, amikor f\u00e9lig megharapja. A magasabb j\u00e1rdaszeg\u00e9lyek \u00e9les r\u00e1zk\u00f3d\u00e1sokk\u00e9nt jelentkeznek a korm\u00e1nyon, el\u00e9g val\u00f3s\u00e1gh\u0171en ahhoz, hogy tisztelni akarja \u0151ket.<\/p>\n<p>Amikor gyors korrekci\u00f3kra ker\u00fcl sor - t\u00falkorm\u00e1nyzotts\u00e1g, tapad\u00e1sveszt\u00e9s vagy kiss\u00e9 sz\u0171k lesz\u00e1ll\u00e1s eset\u00e9n - az R12 meglehet\u0151sen \u00e9rz\u00e9keny marad. Nincs a r\u00e9gebbi sz\u00edjhajt\u00e1s\u00fa rendszerek k\u00e9sleltet\u00e9se. T\u00e9nyleg \u00f6szt\u00f6n\u00f6sen felz\u00e1rk\u00f3zhatsz az aut\u00f3hoz, ami n\u00f6veli a bizalmat. Gyakran itt mutatkozik meg a k\u00fcl\u00f6nbs\u00e9g a kev\u00e9sb\u00e9 er\u0151s alapmodellhez k\u00e9pest: a korm\u00e1ny jobban k\u00f6veti a kezed, an\u00e9lk\u00fcl, hogy \u00f6sszecsap\u00f3dna.<\/p>\n<p>Hossz\u00fa munkamenetek sor\u00e1n az FFB konzisztenci\u00e1ja j\u00f3. A b\u00e1zis nem vesz\u00edt erej\u00e9b\u0151l vagy finoms\u00e1g\u00e1b\u00f3l minden egyes fordulatn\u00e1l, mindaddig, am\u00edg a be\u00e1ll\u00edt\u00e1sok \u00e9sszer\u0171 tartom\u00e1ny\u00e1ban marad. A f\u00e1rad\u00e1s els\u0151sorban az \u00d6n \u00e1ltal v\u00e1lasztott er\u0151hat\u00e1st\u00f3l f\u00fcgg. Kiegyens\u00falyozott be\u00e1ll\u00edt\u00e1ssal hossz\u00fa ideig lovagolhat an\u00e9lk\u00fcl, hogy \"megt\u00f6rtnek\" \u00e9rezn\u00e9 mag\u00e1t, mik\u00f6zben elegend\u0151 inform\u00e1ci\u00f3t \u0151riz meg a j\u00f3 teljes\u00edtm\u00e9nyhez.<\/p>\n<p>Egy sokkal er\u0151sebb alaphoz k\u00e9pest az R12 nyilv\u00e1nval\u00f3an kev\u00e9sb\u00e9 lesz brut\u00e1lis \u00e9s fizikailag kev\u00e9sb\u00e9 megterhel\u0151. Egy kis mozg\u00e1steret vesz\u00edt az extr\u00e9m er\u0151kn\u00e9l, de a felhaszn\u00e1l\u00f3k t\u00f6bbs\u00e9ge k\u00e9nyelemben \u00e9s ir\u00e1ny\u00edthat\u00f3s\u00e1gban nyer. A GS V2P j\u00f3l illeszkedik ehhez a megk\u00f6zel\u00edt\u00e9shez: GT form\u00e1tum, j\u00f3 tapad\u00e1s, j\u00f3l elhelyezett kezel\u0151szervek, minden \u00fagy van kialak\u00edtva, hogy a motoroz\u00e1son legyen a hangs\u00faly.<\/p>\n<p>Az \u00e1ltal\u00e1nos mer\u00edt\u00e9s szil\u00e1rd. \u00dagy \u00e9rzed, mintha egy modern versenyaut\u00f3t vezetn\u00e9l, nem csak egy videoj\u00e1t\u00e9kot. Nem el\u00e9g a zajok, a kezed t\u00e9nyleg meg\u00e9rti, mit csin\u00e1l az aut\u00f3. Ez az, ahol az alapoz\u00e1s megv\u00e1ltoztatja az \u00e9lm\u00e9nyt.<\/p>\n<h2>Kinek sz\u00f3l? Mit szeret\u00fcnk, mit nem szeret\u00fcnk<\/h2>\n<p>Ez a csomag els\u0151sorban a k\u00f6z\u00e9phalad\u00f3 \u00e9s halad\u00f3 felhaszn\u00e1l\u00f3knak sz\u00f3l, f\u0151k\u00e9nt PC-ken, akik egy\u00e9rtelm\u0171 l\u00e9p\u00e9st szeretn\u00e9nek tenni egy bel\u00e9p\u0151 szint\u0171 korm\u00e1nyker\u00e9khez vagy egy hagyom\u00e1nyos sz\u00edjhajt\u00e1s\u00fa alaphoz k\u00e9pest. A rendk\u00edv\u00fcl motiv\u00e1lt kezd\u0151k is tal\u00e1lhatnak kedv\u00fckre val\u00f3t ebben a csomagban, amennyiben elfogadj\u00e1k a fejl\u0151d\u00e9si g\u00f6rb\u00e9t \u00e9s a k\u00f6lts\u00e9gvet\u00e9st. Egy nagyon alkalmi vagy konzolorient\u00e1lt j\u00e1t\u00e9kos sz\u00e1m\u00e1ra nem a leglogikusabb v\u00e1laszt\u00e1s.<\/p>\n<p>Ami k\u00fcl\u00f6n\u00f6sen tetszik, az az \u00e1ltal\u00e1nos egyens\u00faly. Az R12 teljes\u00edtm\u00e9nye b\u0151ven elegend\u0151 a mag\u00e1val ragad\u00f3 vezet\u00e9shez, \u00e9s van egy j\u00f3 kis mozg\u00e1st\u00e9r, miel\u0151tt t\u00falz\u00e1sba esne. Az \u00e1ltal\u00e1nos \u00e9p\u00edt\u00e9si min\u0151s\u00e9g bizalomgerjeszt\u0151, \u00e9s olyan term\u00e9knek t\u0171nik, amely k\u00e9szen \u00e1ll az \u00f3r\u00e1kig tart\u00f3 vezet\u00e9sre. A GS V2P korm\u00e1nyker\u00e9k GT form\u00e1tum\u00fa, m\u00e1gneses lap\u00e1tokkal \u00e9s j\u00f3l \u00e1tgondolt kezel\u0151szervekkel igazi k\u00e9nyelmet ny\u00fajt a p\u00e1ly\u00e1n: minden a kezed \u00fcgy\u00e9ben van, an\u00e9lk\u00fcl, hogy keresg\u00e9lned kellene.<\/p>\n<p>Egy m\u00e1sik er\u0151s pont az \u00f6kosziszt\u00e9ma. Egy olyan alap, amelybe m\u00e1s, azonos m\u00e1rk\u00e1j\u00fa korm\u00e1nyok, fejlettebb hajt\u00f3karok, v\u00e1lt\u00f3 \u00e9s k\u00e9zif\u00e9k is belef\u00e9r, igazi el\u0151ny. Nem z\u00e1rk\u00f3zol be egy zs\u00e1kutc\u00e1ba. A befektet\u00e9snek \u00edgy t\u00f6bb \u00e9rtelme van, k\u00fcl\u00f6n\u00f6sen, ha a szimul\u00e1toros versenyz\u00e9st hossz\u00fa t\u00e1v\u00fa szenved\u00e9lynek tekinted.<\/p>\n<p>Ami a korl\u00e1tait illeti, nem a legsokoldal\u00fabb kombin\u00e1ci\u00f3, ha sokat ralizik vagy driftel: a GT korm\u00e1nyker\u00e9k m\u00e9g mindig p\u00e1lyaorient\u00e1lt, \u00e9s egyesek jobban szeretik a kerekebb felniket. A PC-k\u00f6zpont\u00fas\u00e1g azok sz\u00e1m\u00e1ra is frusztr\u00e1l\u00f3 lehet, akik egyszer\u0171, hivatalos konzolos integr\u00e1ci\u00f3ban rem\u00e9nykednek. V\u00e9g\u00fcl, m\u00e9g ha az \u00e1r-\u00e9rt\u00e9k ar\u00e1ny koherens is, nem egy \"felfedez\u0151\" k\u00f6lts\u00e9gvet\u00e9sr\u0151l besz\u00e9l\u00fcnk: el kell fogadnod, hogy komoly befektet\u00e9st kell eszk\u00f6z\u00f6ln\u00f6d a hobbidba.<\/p>\n<p>Az \u00e9rz\u00e9kelt \u00e9rt\u00e9k azonban tov\u00e1bbra is j\u00f3. A min\u0151s\u00e9g val\u00f3di javul\u00e1s\u00e1\u00e9rt fizet, nem pedig n\u00e9h\u00e1ny extra LED-\u00e9rt. Ha valaki sok id\u0151t t\u00f6lt szimul\u00e1toroz\u00e1ssal, a pontoss\u00e1g, a vezet\u00e9si k\u00e9nyelem \u00e9s a tapint\u00e1s ter\u00e9n el\u00e9rt nyeres\u00e9g gyorsan megt\u00e9r\u00edti a kezdeti kiad\u00e1sokat.<\/p>\n<h2>\u00cdt\u00e9let: egy igazi fordulat a \"komoly\" szimul\u00e1toros versenyz\u00e9s fel\u00e9<\/h2>\n<p>A MOZA R12 &amp; GS V2P GT ker\u00e9kcsomag egy\u00e9rtelm\u0171en \u00e1talak\u00edtja a be\u00e1ll\u00edt\u00e1sokat. Egy olyan ker\u00e9kt\u0151l, amely \"elv\u00e9gzi a munk\u00e1t\", egy olyan Direct Drive alapra v\u00e1lt, amely k\u00e9pes az aut\u00f3 viselked\u00e9s\u00e9nek \u00e1rnyalatait k\u00f6zvet\u00edteni, egy koherens \u00e9s \u00e9lvezetes GT ker\u00e9kkel. Ez az a fajta kombin\u00e1ci\u00f3, amely a \"versenyj\u00e1t\u00e9kb\u00f3l\" egy olyan \u00e9lm\u00e9nyt ny\u00fajt, amely sokkal k\u00f6zelebb \u00e1ll a vezet\u00e9shez.<\/p>\n<p>A piacon a fels\u0151 k\u00f6z\u00e9pkateg\u00f3ri\u00e1ban helyezkedik el, abban a sarkalatos z\u00f3n\u00e1ban, ahol olyan felszerel\u00e9st keres\u00fcnk, amely el\u00e9g er\u0151s ahhoz, hogy ne korl\u00e1tozzon, de nem megy el az ultrapr\u00e9mium term\u00e9kek sz\u00e9ls\u0151s\u00e9geiig. Nem a legextr\u00e9mebb, de \u00e9ppen ez teszi vonz\u00f3v\u00e1 a komoly j\u00e1t\u00e9kosok t\u00f6bbs\u00e9ge sz\u00e1m\u00e1ra.<\/p>\n<p>Azoknak aj\u00e1nlan\u00e1m, akik f\u0151leg PC-n vezetnek, akik szeretik a GT-t, a protot\u00edpusokat \u00e9s az egy\u00fcl\u00e9ses aut\u00f3kat, \u00e9s akik olyan alapot szeretn\u00e9nek, amely t\u00f6bb \u00e9ven kereszt\u00fcl k\u00e9pes l\u00e9p\u00e9st tartani a fejl\u0151d\u00e9s\u00fckkel. Egy nagyon laza, konzolos profil\u00fa, vagy olyannak, aki gyakran v\u00e1ltogatja a platformokat, nem ez lesz a legracion\u00e1lisabb v\u00e1laszt\u00e1s.<\/p>\n<p>Ha egy megb\u00edzhat\u00f3 Direct Drive csomagot keres, amely mag\u00e1val ragad\u00f3, sk\u00e1l\u00e1zhat\u00f3 \u00e9s egy\u00e9rtelm\u0171en teljes\u00edtm\u00e9nyorient\u00e1lt an\u00e9lk\u00fcl, hogy t\u00falz\u00e1sba vinn\u00e9, ez a term\u00e9k mindent megv\u00e1ltoztathat a be\u00e1ll\u00edt\u00e1saiban.<\/p>","protected":false},"excerpt":{"rendered":"<p>Ez a csomag azt az \u00e9rz\u00e9st keltette bennem, mintha egy \"egyszer\u0171 korm\u00e1nyker\u00e9kb\u0151l\" egy komoly vezet\u00e9si eszk\u00f6zz\u00e9 v\u00e1ltam volna, egy\u00e9rtelm\u0171 nyeres\u00e9ggel a pontoss\u00e1g, a tapad\u00e1s leolvas\u00e1sa \u00e9s az elm\u00e9ly\u00fcl\u00e9s ter\u00e9n. Mindenekel\u0151tt a k\u00f6z\u00e9phalad\u00f3 \u00e9s halad\u00f3 PC-s szimul\u00e1torosoknak van \u00e9rtelme, akik sokat vezetnek GT\/prot\u00f3t, \u00e9s egy fejleszthet\u0151 be\u00e1ll\u00edt\u00e1sra v\u00e1gynak. Az eg\u00e9sz csomag nagyon szil\u00e1rd \u00e1ltal\u00e1nos \u00e9rt\u00e9ket \u00e9s konzisztenci\u00e1t k\u00edn\u00e1l ebben a szegmensben.<\/p>","protected":false},"featured_media":101446,"comment_status":"open","ping_status":"closed","template":"","meta":{"_acf_changed":false,"_et_pb_use_builder":"","_et_pb_old_content":"","_et_gb_content_width":""},"product_brand":[165],"product_cat":[161],"product_tag":[149],"class_list":{"0":"post-101445","1":"product","2":"type-product","3":"status-publish","4":"has-post-thumbnail","6":"product_brand-moza-racing","7":"product_cat-volant","8":"product_tag-pc","10":"first","11":"instock","12":"shipping-taxable","13":"product-type-external"},"acf":[],"_links":{"self":[{"href":"https:\/\/simracergear.com\/hu\/wp-json\/wp\/v2\/product\/101445","targetHints":{"allow":["GET"]}}],"collection":[{"href":"https:\/\/simracergear.com\/hu\/wp-json\/wp\/v2\/product"}],"about":[{"href":"https:\/\/simracergear.com\/hu\/wp-json\/wp\/v2\/types\/product"}],"replies":[{"embeddable":true,"href":"https:\/\/simracergear.com\/hu\/wp-json\/wp\/v2\/comments?post=101445"}],"wp:featuredmedia":[{"embeddable":true,"href":"https:\/\/simracergear.com\/hu\/wp-json\/wp\/v2\/media\/101446"}],"wp:attachment":[{"href":"https:\/\/simracergear.com\/hu\/wp-json\/wp\/v2\/media?parent=101445"}],"wp:term":[{"taxonomy":"product_brand","embeddable":true,"href":"https:\/\/simracergear.com\/hu\/wp-json\/wp\/v2\/product_brand?post=101445"},{"taxonomy":"product_cat","embeddable":true,"href":"https:\/\/simracergear.com\/hu\/wp-json\/wp\/v2\/product_cat?post=101445"},{"taxonomy":"product_tag","embeddable":true,"href":"https:\/\/simracergear.com\/hu\/wp-json\/wp\/v2\/product_tag?post=101445"}],"curies":[{"name":"wp","href":"https:\/\/api.w.org\/{rel}","templated":true}]}}