{"id":101457,"date":"2025-05-15T08:11:00","date_gmt":"2025-05-15T08:11:00","guid":{"rendered":"https:\/\/simracergear.com\/products\/moza-r12-wheel-base\/"},"modified":"2025-11-28T05:31:44","modified_gmt":"2025-11-28T05:31:44","slug":"moza-r12-wheel-base","status":"publish","type":"product","link":"https:\/\/simracergear.com\/hu\/products\/moza-r12-wheel-base\/","title":{"rendered":"MOZA R12 ker\u00e9kagy"},"content":{"rendered":"<p>A MOZA R12 Wheel Base a forr\u00f3 versenyben l\u00e9v\u0151 \"k\u00f6z\u00e9pkateg\u00f3ri\u00e1s\" Direct Drive alapszegmensben helyezkedik el. Er\u0151sebb, mint egy bel\u00e9p\u0151 szint\u0171 modell, kev\u00e9sb\u00e9 extr\u00e9m, mint egy nyomat\u00e9kmonstrum, \u00e9s egy\u00e9rtelm\u0171en a piac sz\u00edv\u00e9t c\u00e9lozza meg: az ig\u00e9nyes szimul\u00e1torosokat, akik komoly nyomat\u00e9kot \u00e9s j\u00f3 szint\u0171 er\u0151visszacsatol\u00e1st szeretn\u00e9nek, an\u00e9lk\u00fcl, hogy elsz\u00farn\u00e1k a k\u00f6lts\u00e9gvet\u00e9st vagy a beszerel\u00e9st. Pap\u00edron j\u00f3 egyens\u00falyt \u00edg\u00e9r a teljes\u00edtm\u00e9ny, a t\u00f6m\u00f6rs\u00e9g \u00e9s az FFB kifinomults\u00e1ga k\u00f6z\u00f6tt.<\/p>\n<p>Ami azonnal vonz\u00f3, az a hozz\u00e1f\u00e9rhet\u0151 realizmus \u00edg\u00e9rete: egy olyan Direct Drive, amely el\u00e9g er\u0151s ahhoz, hogy elfelejtsd a sz\u00edjhajt\u00e1s\u00fa al\u00e1t\u00e1maszt\u00e1st, de m\u00e9gis kezelhet\u0151 egy meger\u0151s\u00edtett \u00edr\u00f3asztal vagy egy szabv\u00e1nyos alum\u00ednium pil\u00f3taf\u00fclke sz\u00e1m\u00e1ra. A magam r\u00e9sz\u00e9r\u0151l els\u0151sorban a puszta \u00e9rz\u00e9s \u00e9s a szoftverergon\u00f3mia szemsz\u00f6g\u00e9b\u0151l k\u00f6zel\u00edtettem az R12-hez: val\u00f3ban nyer\u00fcnk-e a korm\u00e1nyz\u00e1s pontoss\u00e1g\u00e1ban, a tapad\u00e1s leolvas\u00e1s\u00e1ban \u00e9s a k\u00e9nyelemben hossz\u00fa etapok alatt a szer\u00e9nyebb alapokhoz k\u00e9pest? \u00c9s mindenekel\u0151tt: meg\u00e1llja-e a hely\u00e9t ez az alap egy fejl\u0151d\u0151 \u00f6kosziszt\u00e9ma (korm\u00e1nyker\u00e9k, ped\u00e1lok, v\u00e1lt\u00f3k) k\u00f6zpontjak\u00e9nt an\u00e9lk\u00fcl, hogy egy ingatag kompromisszum benyom\u00e1s\u00e1t kelten\u00e9?<\/p>\n<h2>Tervez\u00e9s \u00e9s gy\u00e1rt\u00e1s<\/h2>\n<p>A MOZA R12 azonnal egy kompakt, s\u0171r\u0171 t\u00f6mb benyom\u00e1s\u00e1t kelti. Ez egy f\u00e9mv\u00e1z, apr\u00f3l\u00e9kos kidolgoz\u00e1ssal, j\u00f3l megmunk\u00e1lt \u00e9lekkel \u00e9s a merevs\u00e9g \u00e1ltal\u00e1nos \u00e9rzet\u00e9vel. K\u00e9zben tartva az alap komoly \u00e9rz\u00e9st kelt, nincs benne j\u00e1t\u00e9k vagy \u00fcreges hangz\u00e1s\u00fa elem. T\u00e9nyleg \u00fagy \u00e9rzi mag\u00e1t, mint egy \"motorblokk\", amelyet \u00fagy terveztek, hogy meging\u00e1s n\u00e9lk\u00fcl b\u00edrja az \u00f3r\u00e1kig tart\u00f3 motoroz\u00e1st. Vizu\u00e1lisan j\u00f3zan, meglehet\u0151sen modern, a m\u00e1rk\u00e1ra jellemz\u0151 sz\u00f6gletes eszt\u00e9tik\u00e1val.<\/p>\n<p>A gy\u00e1rt\u00e1s szempontj\u00e1b\u00f3l a be\u00e1ll\u00edt\u00e1sok tiszt\u00e1k: nincs l\u00e1that\u00f3 hajl\u00edt\u00e1s a r\u00f6gz\u00edt\u00e9si pontokon, nincsenek parazita rezg\u00e9sek a burkolatb\u00f3l. A h\u00e1tul tal\u00e1lhat\u00f3 csatlakoz\u00f3k j\u00f3l integr\u00e1ltak, m\u00e9g akkor is, ha az \u00e1ltal\u00e1nos elrendez\u00e9s meglehet\u0151sen s\u0171r\u0171 marad; legal\u00e1bb egy kicsit szervezettnek kell lenni a k\u00e1belek \u00e9s tartoz\u00e9kok kezel\u00e9s\u00e9hez. A szell\u0151z\u0151k diszkr\u00e9tek, \u00e9s a zajszint a j\u00e1t\u00e9kokban is visszafogott marad: suttog\u00e1st lehet hallani, de semmi zavar\u00f3 nincs, ha a fejhallgat\u00f3 vagy a hang aktiv\u00e1l\u00f3dik.<\/p>\n<p>Ami els\u0151 pillant\u00e1sra meglep\u0151, az a m\u00e9ret\/teljes\u00edtm\u00e9ny ar\u00e1ny. Egy alapmodellhez k\u00e9pest ebben a szegmensben az R12 viszonylag kompakt marad, \u00edgy k\u00f6nnyen integr\u00e1lhat\u00f3 egy alum\u00ednium pil\u00f3taf\u00fclk\u00e9be vagy egy er\u0151s \u00edr\u00f3asztalba. M\u00e1sr\u00e9szt azok, akik egy ultra \"luxus\" pr\u00e9mium t\u00e1rgyra sz\u00e1m\u00edtanak, kiss\u00e9 csal\u00f3dhatnak n\u00e9h\u00e1ny r\u00e9szletben: a design letisztult, de nem k\u00fcl\u00f6n\u00f6sebben cs\u00facsmin\u0151s\u00e9g\u0171, a kivitel pedig az \u00e1r\u00e1hoz k\u00e9pest nagyon tisztess\u00e9ges, de nincs wow-faktor. A k\u00f6zvetlen versenyt\u00e1rsakhoz k\u00e9pest az \u00e9rz\u00e9kelt szil\u00e1rds\u00e1g tekintet\u00e9ben ugyanabban a lig\u00e1ban vagyunk, \u00e9s kiss\u00e9 olyan benyom\u00e1st kelt, mintha a term\u00e9k ink\u00e1bb a funkcionalit\u00e1sra, mint a mutat\u00f3ss\u00e1gra lett volna optimaliz\u00e1lva.<\/p>\n<h2>Be\u00e1ll\u00edt\u00e1sok, testreszab\u00e1s \u00e9s kompatibilit\u00e1s<\/h2>\n<p>A szoftver kulcsszerepet j\u00e1tszik a Direct Drive alapokon, \u00e9s ez al\u00f3l az R12 sem kiv\u00e9tel. A MOZA fel\u00fclet (a dedik\u00e1lt szoftveren kereszt\u00fcl) el\u0151re meghat\u00e1rozott profilokat k\u00edn\u00e1l a f\u0151 j\u00e1t\u00e9kokhoz, valamint egy sor cs\u00faszk\u00e1t az FFB intenzit\u00e1s, a sz\u0171r\u00e9s, a csillap\u00edt\u00e1s, a s\u00farl\u00f3d\u00e1s, a tehetetlens\u00e9g \u00e9s \u00edgy tov\u00e1bb be\u00e1ll\u00edt\u00e1s\u00e1hoz. El\u0151nye, hogy nem kell el\u00e1rasztani a hom\u00e1lyos kifejez\u00e9sekkel: a be\u00e1ll\u00edt\u00e1sok k\u00f6nnyen \u00e9rthet\u0151ek, \u00e9s gyorsan \u00e9rezhet\u0151 a p\u00e1ly\u00e1ra gyakorolt hat\u00e1suk. A nagyon nyers, ideges FFB-r\u0151l \u00e1tv\u00e1lthat egy sz\u0171kebb, k\u00e9nyelmesebb visszajelz\u00e9sre an\u00e9lk\u00fcl, hogy teljesen elvesz\u00edten\u00e9 a finomszemcs\u00e9s inform\u00e1ci\u00f3kat.<\/p>\n<p>A tanul\u00e1si g\u00f6rbe tov\u00e1bbra is \u00e9sszer\u0171. Egy motiv\u00e1lt kezd\u0151 is boldogulhat az el\u0151be\u00e1ll\u00edt\u00e1sokkal \u00e9s n\u00e9h\u00e1ny egyszer\u0171 be\u00e1ll\u00edt\u00e1ssal (\u00e1ltal\u00e1nos er\u0151, sz\u0171r\u0151, s\u00farl\u00f3d\u00e1s). Egy halad\u00f3bb felhaszn\u00e1l\u00f3 elegend\u0151 m\u00e9lys\u00e9get tal\u00e1l ahhoz, hogy j\u00e1t\u00e9kr\u00f3l j\u00e1t\u00e9kra, aut\u00f3r\u00f3l aut\u00f3ra finom\u00edtsa az \u00e9rz\u00e9st. A profilok k\u00f6nnyen elmenthet\u0151k \u00e9s visszah\u00edvhat\u00f3k, \u00edgy a null\u00e1r\u00f3l val\u00f3 kezd\u00e9s n\u00e9lk\u00fcl v\u00e1lthatsz egy tiszta aszfaltos GT3 \u00e9s egy \u00e9l\u00e9nkebb proto vagy k\u00f6nnyebb formula k\u00f6z\u00f6tt.<\/p>\n<p>Ami a kompatibilit\u00e1st illeti, az R12 egy\u00e9rtelm\u0171en els\u0151sorban a PC-ket c\u00e9lozza meg. Bizonyos konzolos felhaszn\u00e1l\u00e1sok speci\u00e1lis megold\u00e1sok vagy kompatibilis korm\u00e1nykerekek seg\u00edts\u00e9g\u00e9vel lehets\u00e9gesek, de nem ez a legterm\u00e9szetesebb ter\u00fclete: ha a priorit\u00e1s a tiszta \u00e9s egyszer\u0171 konzolos haszn\u00e1lat, m\u00e1s \u00f6kosziszt\u00e9m\u00e1k ink\u00e1bb plug and play. Ahol az R12 igaz\u00e1n kiteljesedik, az a PC-s be\u00e1ll\u00edt\u00e1s, ahol a MOZA sz\u00e9lesebb \u00f6kosziszt\u00e9m\u00e1ja van: k\u00fcl\u00f6nb\u00f6z\u0151 \u00e1tm\u00e9r\u0151j\u0171 korm\u00e1nykerekek, ped\u00e1lok, v\u00e1lt\u00f3k, k\u00e9zif\u00e9kek. Az eg\u00e9sz egys\u00e9gesen, egyetlen szoftverr\u00e9teggel m\u0171k\u00f6dik.<\/p>\n<p>A sk\u00e1l\u00e1zhat\u00f3s\u00e1g szempontj\u00e1b\u00f3l egy\u00e9rtelm\u0171en \u00fagy l\u00e1tom, hogy az R12 tart\u00f3s k\u00f6zponti alapot jelent a legt\u00f6bb versenyz\u0151 sz\u00e1m\u00e1ra. Ez nem egy \"kis\" Direct Drive, amit k\u00e9t \u00e9v alatt ki lehet \u00e9getni, miel\u0151tt egy sokkal nagyobb modellre friss\u00edten\u00e9l. Egy k\u00f6z\u00e9phalad\u00f3 \u00e9s halad\u00f3 szimul\u00e1toros sz\u00e1m\u00e1ra rengeteg tennival\u00f3 van benne, m\u00e9g a szintl\u00e9p\u00e9s sor\u00e1n is. A pil\u00f3taf\u00fclke \u00e9s a ped\u00e1lok tekintet\u00e9ben feljebb l\u00e9phetsz, \u00e9s jellegzetesebb korm\u00e1nykereket adhatsz hozz\u00e1, an\u00e9lk\u00fcl, hogy \u00fagy \u00e9rezn\u00e9d, hogy az alap azonnal korl\u00e1tozza a be\u00e1ll\u00edt\u00e1s t\u00f6bbi r\u00e9sz\u00e9t.<\/p>\n<h2>\u00c9rzelmek a t\u00e9t<\/h2>\n<p>A p\u00e1ly\u00e1n a MOZA R12 igaz\u00e1n kiteljesedik. Az els\u0151 dolog, ami felt\u0171nik, az az er\u0151visszacsatol\u00e1s pontoss\u00e1ga. Tiszt\u00e1n \u00e9rezhet\u0151 a gumiabroncsok szerkezete, a v\u00e1ltoz\u00f3 terhel\u00e9s, a tapad\u00e1s \u00e9s a sikl\u00e1s k\u00f6z\u00f6tti \u00e1tmenet. A b\u00e1zis nem csak nyers nyomat\u00e9kot ad, hanem mikro-v\u00e1ltoz\u00e1sokat is k\u00f6zvet\u00edt, amelyek hasznosak az elakad\u00e1sok el\u0151rejelz\u00e9s\u00e9hez. Gyorsan meg\u00e9rti, hogy mit csin\u00e1l az aut\u00f3, k\u00fcl\u00f6n\u00f6sen, ha tart\u00f3s nyom\u00e1s alatt van.<\/p>\n<p>K\u00f6zepes \u00e9s gyors kanyarokban az R12 j\u00f3 \u00e9rz\u00e9kkel \u00e9rz\u00e9kelteti a korm\u00e1nyz\u00e1st \u00e9s az els\u0151 tengely terhel\u00e9s\u00e9t. A rendelkez\u00e9sre \u00e1ll\u00f3 nyomat\u00e9k azt jelenti, hogy a korm\u00e1nyellen\u00e1ll\u00e1s m\u00e9g meglehet\u0151sen nagy er\u0151k mellett is hiteles marad. Nincs az a \"puha\" \u00e9rz\u00e9s, amit n\u00e9ha a gyeng\u00e9bb al\u00e1t\u00e1maszt\u00e1sokn\u00e1l tapasztalunk, ahol a szoftveres er\u0151t a maximumra kell nyomni, hogy kompenz\u00e1ljuk a fizikai nyomat\u00e9k hi\u00e1ny\u00e1t, a tel\u00edtett FFB \u00e1r\u00e1n. Itt m\u00e9g van hova fejl\u0151dni. A korm\u00e1nyker\u00e9k tov\u00e1bbra is j\u00f3l leolvashat\u00f3, m\u00e9g akkor is, ha kicsit feljebb tekerj\u00fck az intenzit\u00e1st.<\/p>\n<p>A vibr\u00e1torok viselked\u00e9se nagyban f\u00fcgg a kiv\u00e1lasztott be\u00e1ll\u00edt\u00e1sokt\u00f3l. A meglehet\u0151sen k\u00f6zvetlen profil eset\u00e9n az \u00e9lek vil\u00e1gosan kiemelkednek, a becsap\u00f3d\u00e1sok tiszt\u00e1k, de nem t\u00f6r\u00e9kenyek. \u00c9rezhet\u0151 a k\u00fcl\u00f6nbs\u00e9g a lapos \u00e9s az agressz\u00edv vibr\u00e1tor k\u00f6z\u00f6tt, an\u00e9lk\u00fcl, hogy minden durva rezg\u00e9ss\u00e9 v\u00e1lna. Egy kis sz\u0171r\u00e9s hozz\u00e1ad\u00e1s\u00e1val az eg\u00e9szet l\u00e1gyabb\u00e1 teheti a hosszabb \u00fcl\u00e9sekhez, mik\u00f6zben megtartja a vibr\u00e1tor szerkezet\u00e9t a lendker\u00e9kben. A magam r\u00e9sz\u00e9r\u0151l a sok szeg\u00e9lyk\u0151vel tark\u00edtott, technik\u00e1s p\u00e1ly\u00e1kon tal\u00e1ltam a legkifejez\u0151bbnek az alapot.<\/p>\n<p>A markolatolvas\u00e1s az egyik igazi er\u0151ss\u00e9ge. Amikor bel\u00e9p egy kanyarba, el\u00e9g gyorsan meg tudja \u00e1llap\u00edtani, hogy az eleje lebeg-e vagy megfelel\u0151en lehorgonyzott. Kil\u00e9p\u00e9skor \u00e9rezheti, hogy a tapad\u00e1s n\u00f6vekszik vagy tel\u00edt\u0151dik. A cs\u00fasz\u00e1s korrig\u00e1l\u00e1s\u00e1ra az R12 gyorsan reag\u00e1l, t\u00falzott ellen\u00e1ll\u00e1s vagy mesters\u00e9ges tehetetlens\u00e9g n\u00e9lk\u00fcl. A ker\u00e9kn\u00e9l v\u00e9gzett gyors korrekci\u00f3k (ellenkorm\u00e1nyz\u00e1s, apr\u00f3 be\u00e1ll\u00edt\u00e1sok a kanyar k\u00f6zep\u00e9n) tiszt\u00e1k maradnak, mark\u00e1ns elasztikus hat\u00e1s n\u00e9lk\u00fcl. Az aut\u00f3t val\u00f3ban \u00e9rz\u00e9sre lehet \"megfogni\", an\u00e9lk\u00fcl, hogy az alappal k\u00fczdene.<\/p>\n<p>Egy kisebb teljes\u00edtm\u00e9ny\u0171 alaphoz k\u00e9pest (bel\u00e9p\u0151 szint\u0171 Direct Drive vagy nagym\u00e9ret\u0171 sz\u00edjas alaphoz k\u00e9pest) a fejteret \u00e9s a vez\u00e9rl\u00e9st n\u00f6veli. Valamivel nagyobb er\u0151ket haszn\u00e1lhat, mik\u00f6zben az FFB-ben j\u00f3 \u00e1rnyalatokat tarthat meg. Az effektek nem v\u00e1lnak t\u00f6m\u00f6r t\u00f6mbt\u00e9; az alap meg\u0151rzi dinamikai tartom\u00e1ny\u00e1t. A sokkal er\u0151sebb b\u00e1zisokkal \u00f6sszehasonl\u00edtva az R12 fizikailag k\u00f6nnyebben hozz\u00e1f\u00e9rhet\u0151: az alkarod nem f\u00e1rad el olyan gyorsan, \u00e9s nincs sz\u00fcks\u00e9ged egy 40\u00d7120-as alum\u00edniummal zs\u00fafolt cockpitre, hogy mindent a hely\u00e9n tarts. Rendszeres haszn\u00e1lat eset\u00e9n ez egy j\u00f3 kompromisszum a realizmus \u00e9s a k\u00e9nyelem k\u00f6z\u00f6tt.<\/p>\n<p>Hossz\u00fa munkamenetek sor\u00e1n a k\u00f6vetkezetess\u00e9g j\u00f3. A nyomat\u00e9k stabil marad, a bemeleged\u00e9s nem zavarja a kezel\u00e9st, \u00e9s a ventil\u00e1tor zaja diszkr\u00e9t. Fel \u00e9s le lehet p\u00f6rgetni an\u00e9lk\u00fcl, hogy \u00e9rezn\u00e9nk, hogy az alap gyeng\u00fclne vagy megv\u00e1ltozna a karaktere. Ez az a pont, ahol az alap val\u00f3ban megv\u00e1ltoztatja az \u00e9lm\u00e9nyt: a vezet\u00e9sre koncentr\u00e1lsz, nem a hardverre. A mer\u00edt\u00e9s szil\u00e1rd, k\u00fcl\u00f6n\u00f6sen egy j\u00f3 korm\u00e1nyker\u00e9kkel \u00e9s koherens ped\u00e1lokkal. Gyorsan \u00fagy \u00e9rzi, hogy \"kapcsol\u00f3dik\" az aut\u00f3hoz, ami seg\u00edt abban, hogy k\u00f6vetkezetesebben \u00e9s tiszt\u00e1bban vezessen.<\/p>\n<h2>Kinek sz\u00f3l? Amit szeret\u00fcnk \/ Amit nem szeret\u00fcnk<\/h2>\n<p>A MOZA R12 egy\u00e9rtelm\u0171en a motiv\u00e1lt, PC-orient\u00e1ltabb szimul\u00e1torosokat c\u00e9lozza meg, akik komoly l\u00e9p\u00e9st szeretn\u00e9nek tenni egy sz\u00edjhajt\u00e1s\u00fa alapr\u00f3l vagy egy kis bel\u00e9p\u0151 szint\u0171 Direct Drive-r\u00f3l. A k\u00f6z\u00e9phalad\u00f3 versenyz\u0151k kiv\u00e1l\u00f3 terepet tal\u00e1lnak benne a fejl\u0151d\u00e9shez. A tapasztalt versenyz\u0151k, akik nem a maxim\u00e1lis nyomat\u00e9kot keresik, hossz\u00fa ideig frusztr\u00e1ci\u00f3 n\u00e9lk\u00fcl tudnak majd vele \u00e9lni. Egy teljesen kezd\u0151 sz\u00e1m\u00e1ra ez m\u00e1r egy nagy befektet\u00e9s, de nem \u00e9sszer\u0171tlen, ha a c\u00e9l egy tart\u00f3s be\u00e1ll\u00edt\u00e1s kialak\u00edt\u00e1sa a kezdetekt\u0151l fogva.<\/p>\n<p>Ami a legjobban tetszik, az a teljes\u00edtm\u00e9ny\/vez\u00e9rl\u00e9s ar\u00e1nya: elegend\u0151 nyomat\u00e9k ahhoz, hogy a leszor\u00edt\u00f3er\u0151 f\u00e1zisaiban a korm\u00e1nyker\u00e9k hiteles legyen, ugyanakkor j\u00f3l ir\u00e1ny\u00edthat\u00f3 maradjon egy j\u00f3l felszerelt pil\u00f3taf\u00fclk\u00e9ben. Azt\u00e1n ott van az FFB letisztults\u00e1ga: az inform\u00e1ci\u00f3k egy\u00e9rtelm\u0171ek, a tapad\u00e1s leolvas\u00e1sa term\u00e9szetes, \u00e9s a gyors korrekci\u00f3k k\u00f6nnyen elv\u00e9gezhet\u0151k. V\u00e9g\u00fcl pedig a MOZA \u00f6kosziszt\u00e9m\u00e1ba val\u00f3 integr\u00e1ci\u00f3 val\u00f3di koherencia\u00e9rzetet ad: egys\u00e9ges szoftverk\u00f6rnyezet, a kieg\u00e9sz\u00edt\u0151k, amelyek rendezetten csatlakoztathat\u00f3k, \u00e9s a lehet\u0151s\u00e9g, hogy a be\u00e1ll\u00edt\u00e1s t\u00f6bbi r\u00e9sze ezen alap k\u00f6r\u00e9 fejl\u0151dj\u00f6n.<\/p>\n<p>M\u00e1sr\u00e9szr\u0151l azonban sz\u00e1mos korl\u00e1toz\u00e1st is szem el\u0151tt kell tartani. Az els\u0151 a PC-s priorit\u00e1s: konzolokon az \u00e9lm\u00e9ny kev\u00e9sb\u00e9 egy\u00e9rtelm\u0171, kev\u00e9sb\u00e9 univerz\u00e1lis. Ha szinte kiz\u00e1r\u00f3lag konzolon j\u00e1tszol, nem ez a legegyszer\u0171bb megold\u00e1s. M\u00e1sodszor, a kivitelez\u00e9s komoly, de nem ultrapr\u00e9mium. Azok, akik nagy hangs\u00falyt fektetnek az eszt\u00e9tik\u00e1ra \u00e9s a diz\u00e1jnra, tal\u00e1n n\u00e9h\u00e1ny versenyt\u00e1rsat vizu\u00e1lisan h\u00edzelg\u0151bbnek tal\u00e1lnak. V\u00e9g\u00fcl, a szoftver, b\u00e1r \u00f6sszess\u00e9g\u00e9ben vil\u00e1gos, egy kis id\u0151t vehet ig\u00e9nybe, hogy a legt\u00f6bbet hozza ki bel\u0151le: egy olyan felhaszn\u00e1l\u00f3 sz\u00e1m\u00e1ra, aki 100 % plug and play-t szeretne an\u00e9lk\u00fcl, hogy valaha is hozz\u00e1\u00e9rne egy be\u00e1ll\u00edt\u00e1shoz, ez egy kicsit ig\u00e9nyesebb, mint egy t\u00f6meges megold\u00e1s.<\/p>\n<p>A befektet\u00e9s szempontj\u00e1b\u00f3l az R12 olyan term\u00e9kk\u00e9nt van poz\u00edcion\u00e1lva, amely magas \u00e9szlelt \u00e9rt\u00e9ket k\u00e9pvisel azok sz\u00e1m\u00e1ra, akik hossz\u00fa t\u00e1von fejl\u0151dni akarnak. T\u00f6bbet fizet, mint egy alaprendszer\u00e9rt, de cser\u00e9be egy val\u00f3di s\u00falypontot kap a berendez\u00e9s\u00e9hez, amely k\u00e9pes elviselni a fejl\u0151d\u00e9s els\u0151 n\u00e9h\u00e1ny \u00e9v\u00e9t an\u00e9lk\u00fcl, hogy t\u00fal gyorsan megmutatn\u00e1 a hat\u00e1rait.<\/p>\n<h2>\u00cdt\u00e9let<\/h2>\n<p>A MOZA R12 ker\u00e9kalapnak val\u00f3di hat\u00e1sa van egy szimul\u00e1toros versenyfelszerel\u00e9sre. Egy olyan korm\u00e1nyker\u00e9kt\u0151l, amely \"kem\u00e9nyen mozog\", egy olyan korm\u00e1nyker\u00e9khez vezet, amely t\u00e1j\u00e9koztatja \u00e9s struktur\u00e1lja a vezet\u00e9st. A nyeres\u00e9g nem csak a nyers teljes\u00edtm\u00e9nyben, hanem mindenekel\u0151tt a visszajelz\u00e9s min\u0151s\u00e9g\u00e9ben mutatkozik meg: jobb tapad\u00e1solvas\u00e1s, \u00e9lesebb korrekci\u00f3k, hitelesebb \u00e9rz\u00e9sek a kanyarokban \u00e9s a vibr\u00e1torokon. Az az \u00e9rz\u00e9sed, hogy az alapot egy sokat motoroz\u00f3 szimul\u00e1tor mindennapi haszn\u00e1lat\u00e1ra tervezt\u00e9k, nem pedig arra, hogy csak pap\u00edron leny\u0171g\u00f6zz\u00f6n.<\/p>\n<p>A piacon az R12 egy\u00e9rtelm\u0171en a Direct Drive k\u00f6z\u00e9pkateg\u00f3ri\u00e1ban helyezkedik el, de ink\u00e1bb a szegmens fels\u0151 hat\u00e1r\u00e1n. Ez nem egy bel\u00e9p\u0151szint\u0171 term\u00e9k, \u00e9s nem is egy extr\u00e9m alap, amelyet az ultraszigor\u00fa pil\u00f3taf\u00fclk\u00e9k \u00e9s a fejlett be\u00e1ll\u00edt\u00e1sok szerelmesei sz\u00e1m\u00e1ra tartanak fenn. Mindenekel\u0151tt olyan k\u00f6z\u00e9phalad\u00f3 \u00e9s halad\u00f3 PC-felhaszn\u00e1l\u00f3knak aj\u00e1nlan\u00e1m, akik komoly, b\u0151v\u00edthet\u0151 HDD-t szeretn\u00e9nek, an\u00e9lk\u00fcl, hogy belev\u00e1gn\u00e1nak az abszol\u00fat nyomat\u00e9k\u00e9rt folytatott versenybe.<\/p>\n<p>Ha egy er\u0151teljes, de kezelhet\u0151 Direct Drive alapot keres, tiszta FFB-vel, j\u00f3 fog\u00e1solvas\u00e1ssal \u00e9s val\u00f3di fejl\u0151d\u00e9si potenci\u00e1llal az id\u0151 m\u00fal\u00e1s\u00e1val, akkor ez a term\u00e9k egy\u00e9rtelm\u0171en k\u00fcl\u00f6nbs\u00e9get tehet a be\u00e1ll\u00edt\u00e1sok k\u00f6z\u00f6tt.<\/p>","protected":false},"excerpt":{"rendered":"<p>Ez a MOZA R12 val\u00f3ban azt az \u00e9rz\u00e9st kelti, hogy sarkon fordult: a korm\u00e1nyker\u00e9k k\u00f6nnyebben leolvashat\u00f3v\u00e1 \u00e9s pontosabb\u00e1 v\u00e1lik, an\u00e9lk\u00fcl, hogy f\u00e1raszt\u00f3 lenne a mindennapi haszn\u00e1lat. Mindenekel\u0151tt a k\u00f6z\u00e9phalad\u00f3 \u00e9s halad\u00f3 PC-s szimul\u00e1torversenyz\u0151knek fog tetszeni, akik egy tart\u00f3s, komoly \u00e9s fejleszthet\u0151 be\u00e1ll\u00edt\u00e1si k\u00f6zpontot szeretn\u00e9nek. Ebben az \u00e1rszegmensben a teljes\u00edtm\u00e9ny, a k\u00e9nyelem \u00e9s az \u00f6kosziszt\u00e9ma koherenci\u00e1ja k\u00f6z\u00f6tti egyens\u00faly nagyon szil\u00e1rd.<\/p>","protected":false},"featured_media":101458,"comment_status":"open","ping_status":"closed","template":"","meta":{"_acf_changed":false,"_et_pb_use_builder":"","_et_pb_old_content":"","_et_gb_content_width":""},"product_brand":[165],"product_cat":[155],"product_tag":[149],"class_list":{"0":"post-101457","1":"product","2":"type-product","3":"status-publish","4":"has-post-thumbnail","6":"product_brand-moza-racing","7":"product_cat-base","8":"product_tag-pc","10":"first","11":"instock","12":"shipping-taxable","13":"product-type-external"},"acf":[],"_links":{"self":[{"href":"https:\/\/simracergear.com\/hu\/wp-json\/wp\/v2\/product\/101457","targetHints":{"allow":["GET"]}}],"collection":[{"href":"https:\/\/simracergear.com\/hu\/wp-json\/wp\/v2\/product"}],"about":[{"href":"https:\/\/simracergear.com\/hu\/wp-json\/wp\/v2\/types\/product"}],"replies":[{"embeddable":true,"href":"https:\/\/simracergear.com\/hu\/wp-json\/wp\/v2\/comments?post=101457"}],"wp:featuredmedia":[{"embeddable":true,"href":"https:\/\/simracergear.com\/hu\/wp-json\/wp\/v2\/media\/101458"}],"wp:attachment":[{"href":"https:\/\/simracergear.com\/hu\/wp-json\/wp\/v2\/media?parent=101457"}],"wp:term":[{"taxonomy":"product_brand","embeddable":true,"href":"https:\/\/simracergear.com\/hu\/wp-json\/wp\/v2\/product_brand?post=101457"},{"taxonomy":"product_cat","embeddable":true,"href":"https:\/\/simracergear.com\/hu\/wp-json\/wp\/v2\/product_cat?post=101457"},{"taxonomy":"product_tag","embeddable":true,"href":"https:\/\/simracergear.com\/hu\/wp-json\/wp\/v2\/product_tag?post=101457"}],"curies":[{"name":"wp","href":"https:\/\/api.w.org\/{rel}","templated":true}]}}