{"id":101467,"date":"2025-05-15T08:11:00","date_gmt":"2025-05-15T08:11:00","guid":{"rendered":"https:\/\/simracergear.com\/products\/moza-r21-wheel-base\/"},"modified":"2025-11-28T05:32:46","modified_gmt":"2025-11-28T05:32:46","slug":"moza-r21-wheel-base","status":"publish","type":"product","link":"https:\/\/simracergear.com\/hu\/products\/moza-r21-wheel-base\/","title":{"rendered":"MOZA R21 ker\u00e9kagy"},"content":{"rendered":"<p>A fels\u0151 kateg\u00f3ri\u00e1s Direct Drive alaplapok szegmens\u00e9ben a MOZA R21 egy nagyon izmos megold\u00e1s, amely egy\u00e9rtelm\u0171en az ig\u00e9nyes szimul\u00e1torosokat c\u00e9lozza meg. M\u00e1r nem csak a Direct Drive-ot fedezz\u00fck fel, hanem nagy nyomat\u00e9kot, pontoss\u00e1got \u00e9s k\u00f6vetkezetess\u00e9get keres\u00fcnk, hogy kem\u00e9nyen, hossz\u00fa ideig, maxim\u00e1lis r\u00e9szletess\u00e9ggel vezethess\u00fcnk a korm\u00e1nyon.<\/p>\n<p>Az R21 egy olyan er\u0151teljes alapot \u00edg\u00e9r, amely k\u00e9pes komoly be\u00e1ll\u00edt\u00e1sokat kezelni egy merev cockpitben, mik\u00f6zben tiszta, haszn\u00e1lhat\u00f3 visszajelz\u00e9seket ad. Mindenekel\u0151tt azoknak a szimul\u00e1torosoknak fog tetszeni, akik szeretn\u00e9nek egy l\u00e9p\u00e9st tenni a bel\u00e9p\u0151 szint\u0171\/k\u00f6z\u00e9pkateg\u00f3ri\u00e1s alapokhoz k\u00e9pest, an\u00e9lk\u00fcl, hogy teljesen extr\u00e9m vagy t\u00fal\u00e1razott felszerel\u00e9seket v\u00e1lasztan\u00e1nak.<\/p>\n<p>Az \u00e9n szemsz\u00f6gem itt egyszer\u0171: milyen m\u00e9rt\u00e9kben ny\u00fajt ez a talp val\u00f3di pluszt a tapint\u00e1s, a pontoss\u00e1g \u00e9s az ir\u00e1ny\u00edt\u00e1s szempontj\u00e1b\u00f3l, \u00e9s milyen t\u00edpus\u00fa versenyz\u0151 sz\u00e1m\u00e1ra van a legt\u00f6bb \u00e9rtelme. Az \u00f6tlet nem az, hogy a specifik\u00e1ci\u00f3kr\u00f3l \u00e1radozzunk, hanem az, hogy l\u00e1ssuk, milyen k\u00fcl\u00f6nbs\u00e9get jelent a p\u00e1ly\u00e1n, a kezekben, egy teljes \u00fcl\u00e9s alatt. Egyszer\u0171bben fogalmazva: ez az R21 indokolja-e, hogy a be\u00e1ll\u00edt\u00e1sok nagy r\u00e9sz\u00e9t \u00fajragondoljuk k\u00f6r\u00fcl\u00f6tte, vagy tov\u00e1bbra is csak egy margin\u00e1lis nyeres\u00e9gr\u0151l besz\u00e9l\u00fcnk a valamivel kev\u00e9sb\u00e9 er\u0151s alapokhoz k\u00e9pest?<\/p>\n<h2>Tervez\u00e9s \u00e9s gy\u00e1rt\u00e1s<\/h2>\n<p>A MOZA R21 a k\u00e9zben azonnal egy kompakt, s\u0171r\u0171 t\u00f6mb benyom\u00e1s\u00e1t kelti. A f\u00e9m v\u00e1z bizalmat \u00e9breszt, merev burkolat\u00e1val, tiszta \u00e9leivel \u00e9s kivitel\u00e9vel, amely ink\u00e1bb a \"munkaeszk\u00f6z\", mint a dekorat\u00edv szerkenty\u0171 szellem\u00e9ben marad. Vizu\u00e1lisan ez egy komoly megjelen\u00e9s\u0171 pil\u00f3taf\u00fclke, amely j\u00f3l van \u00f6sszerakva, an\u00e9lk\u00fcl, hogy minden\u00e1ron eredetis\u00e9gre t\u00f6rekedne.<\/p>\n<p>A szil\u00e1rds\u00e1g \u00e9rz\u00e9kel\u00e9se nagyon vil\u00e1gos. Amikor az alapot egy merev v\u00e1zhoz r\u00f6gz\u00edti, nem \u00e9rez semmilyen j\u00e1t\u00e9kot vagy gyan\u00fas hajl\u00edt\u00e1st. Ez az a fajta berendez\u00e9s, amelyet el tudsz k\u00e9pzelni, hogy \u00f3r\u00e1kon kereszt\u00fcl nagy nyomat\u00e9kkal fusson, an\u00e9lk\u00fcl, hogy megremegne. A fel\u00fcletek j\u00f3l kidolgozottak, a be\u00e1ll\u00edt\u00e1sok tiszt\u00e1k, semmi sem hangzik \u00fcregesnek vagy olcs\u00f3nak. Egy\u00e9rtelm\u0171en a fels\u0151 kateg\u00f3ri\u00e1ban vagyunk, ha az \u00e9rz\u00e9kelt min\u0151s\u00e9gr\u0151l van sz\u00f3.<\/p>\n<p>Ami meglep\u0151, az a \"monolitikus blokk\" aspektus: az az \u00e9rz\u00e9s\u00fcnk, hogy mindent a Direct Drive motor teljes\u00edtm\u00e9ny\u00e9nek kezel\u00e9s\u00e9re terveztek, nem pedig arra, hogy a legkompaktabb legyen a piacon. Ez a stabilit\u00e1st sug\u00e1rozza. Egy k\u00f6nnyebb vagy sz\u00edjhajt\u00e1s\u00fa alapmotorral \u00f6sszehasonl\u00edtva val\u00f3ban az az \u00e9rz\u00e9s\u00fcnk, hogy az ir\u00e1ny\u00edtott t\u00f6meg k\u00e9szen \u00e1ll a terhel\u00e9sre.<\/p>\n<p>M\u00e1sr\u00e9szt ennek a s\u0171r\u0171s\u00e9gnek \u00e1ra van: szil\u00e1rd pil\u00f3taf\u00fclk\u00e9re van sz\u00fcks\u00e9g, ide\u00e1lis esetben teljesen alum\u00edniumb\u00f3l vagy ac\u00e9lb\u00f3l, k\u00fcl\u00f6nben a k\u00f6r\u00fcl\u00f6tte l\u00e9v\u0151 szerkezet gyenge l\u00e1ncszem lesz. K\u00f6nny\u0171 v\u00e1zzal gyorsan fenn\u00e1ll a nem k\u00edv\u00e1nt rezg\u00e9sek vagy elhajl\u00e1sok vesz\u00e9lye, amelyek elrontj\u00e1k az \u00e9lm\u00e9nyt. Az alap nem az\u00e9rt van, hogy \u00fagy tegyen, mintha, \u00e9s ezt \u00e9rezni is lehet.<\/p>\n<p>M\u00e1s, m\u00e9rs\u00e9keltebb teljes\u00edtm\u00e9ny\u0171 Direct Drive alapokhoz k\u00e9pest az R21 egy\u00e9rtelm\u0171en az \"er\u0151s pr\u00e9mium\" szegmensbe tartozik. A t\u00f6m\u00f6rs\u00e9g \u00e9s a kis helyis\u00e9gekbe val\u00f3 beilleszked\u00e9s tekintet\u00e9ben tal\u00e1n vesz\u00edt egy kicsit, de nyer az \u00e1ltal\u00e1nos merevs\u00e9g \u00e9s a tart\u00f3ss\u00e1g benyom\u00e1sa ter\u00e9n. Jellemz\u0151en ez egy olyan aut\u00f3, amelyet v\u00e1rhat\u00f3an sok\u00e1ig meg fog tartani, ha a MOZA \u00f6kosziszt\u00e9m\u00e1j\u00e1n\u00e1l marad.<\/p>\n<h2>Be\u00e1ll\u00edt\u00e1sok, testreszab\u00e1s \u00e9s kompatibilit\u00e1s<\/h2>\n<p>A szoftver igazi kulcspont egy ilyen teljes\u00edtm\u00e9ny\u0171 alapon. A MOZA kezel\u0151fel\u00fclete \u00f6sszess\u00e9g\u00e9ben vil\u00e1gos, struktur\u00e1lt men\u00fckkel \u00e9s el\u0151be\u00e1ll\u00edt\u00e1sokkal, amelyek lehet\u0151v\u00e9 teszik, hogy m\u00e1r haszn\u00e1lhat\u00f3 be\u00e1ll\u00edt\u00e1sokkal kezdjen. Finomhangolhatja az \u00e1ltal\u00e1nos er\u0151ss\u00e9get, a sz\u0171r\u0151ket, a k\u00f6z\u00e9ppont k\u00f6r\u00fcli \u00e9rz\u00e9kenys\u00e9get \u00e9s azt, hogy a visszajelz\u00e9s hogyan simul vagy marad nyers. Az a benyom\u00e1sod, hogy az alapot \u00fagy tervezt\u00e9k, hogy a szoftveren kereszt\u00fcl finoman szab\u00e1lyozhat\u00f3 legyen.<\/p>\n<p>Az igaz\u00e1n hasznos be\u00e1ll\u00edt\u00e1sok azok, amelyek lehet\u0151v\u00e9 teszik a nyomat\u00e9k potenci\u00e1lis brutalit\u00e1s\u00e1nak szab\u00e1lyoz\u00e1s\u00e1t, \u00e9ppen eleget sz\u0171rve a r\u00e9szletek meg\u0151rz\u00e9s\u00e9hez an\u00e9lk\u00fcl, hogy minden rezg\u00e9s ellen\u0151rizhetetlen sokkhat\u00e1ss\u00e1 v\u00e1lna. A tanul\u00e1si g\u00f6rbe \u00e9sszer\u0171: n\u00e9h\u00e1ny \u00fcl\u00e9s alatt megtal\u00e1lja a st\u00edlus\u00e1nak megfelel\u0151 profilt. Ahhoz azonban, hogy val\u00f3ban testre szabott \u00e9rz\u00e9st kapjon, id\u0151t kell sz\u00e1nnia a tesztel\u00e9sre, \u00f6sszehasonl\u00edt\u00e1sra \u00e9s apr\u00e1nk\u00e9nt t\u00f6rt\u00e9n\u0151 be\u00e1ll\u00edt\u00e1sra.<\/p>\n<p>Ami a kompatibilit\u00e1st illeti, m\u00e9g mindig a MOZA DNS-\u00e9ben vagyunk: az alapot els\u0151sorban PC-re tervezt\u00e9k, a h\u00e1zon bel\u00fcli korm\u00e1nyok, ped\u00e1lok \u00e9s v\u00e1lt\u00f3k \u00f6kosziszt\u00e9m\u00e1ja term\u00e9szetesen illeszkedik. A MOZA korm\u00e1nykerekek k\u00f6nnyen felszerelhet\u0151k, az integr\u00e1ci\u00f3 tiszta, \u00e9s az alkatr\u00e9szek k\u00f6z\u00f6tti kommunik\u00e1ci\u00f3 j\u00f3l kezelhet\u0151. A konzolos felhaszn\u00e1l\u00f3k sz\u00e1m\u00e1ra a helyzet korl\u00e1tozottabb, \u00e9s a v\u00e1s\u00e1rl\u00e1skor rendelkez\u00e9sre \u00e1ll\u00f3 megold\u00e1sokt\u00f3l f\u00fcgg. Ez egy\u00e9rtelm\u0171en nem egy olyan alap, amelyet els\u0151sorban a nappaliba terveztek.<\/p>\n<p>Ha a pil\u00f3taf\u00fclk\u00e9r\u0151l van sz\u00f3, valami szil\u00e1rdra van sz\u00fcks\u00e9ged. Az alap t\u00e1mogatja \u00e9s nagyon merev alv\u00e1zat ig\u00e9nyel, ide\u00e1lis esetben alum\u00ednium szelv\u00e9nyben. Egy k\u00f6nny\u0171 cs\u00f6vekb\u0151l k\u00e9sz\u00fclt vagy kev\u00e9s meger\u0151s\u00edt\u00e9ssel ell\u00e1tott bel\u00e9p\u0151szint\u0171 be\u00e1ll\u00edt\u00e1ssal elvesz\u00edtesz valamennyit az R21 vonzerej\u00e9b\u0151l.<\/p>\n<p>A fejleszthet\u0151s\u00e9g szempontj\u00e1b\u00f3l ink\u00e1bb \"hossz\u00fa t\u00e1v\u00fa c\u00e9lr\u00f3l\" besz\u00e9l\u00fcnk, mint egyszer\u0171 bel\u00e9p\u00e9si pontr\u00f3l. Nagyon is j\u00f3l kezdhetsz egy k\u00f6z\u00e9pkateg\u00f3ri\u00e1s MOZA korm\u00e1nyker\u00e9kkel, \u00e9s ut\u00e1na fejlesztheted a t\u00f6bbi berendez\u00e9st, de az alap nem lesz korl\u00e1toz\u00f3 t\u00e9nyez\u0151 hossz\u00fa ideig.<\/p>\n<h2>\u00c9rzelmek a t\u00e9t<\/h2>\n<p>A p\u00e1ly\u00e1ra \u00e9rve a MOZA R21 gyorsan megmutatja DNS-\u00e9t: er\u0151t, pontoss\u00e1got \u00e9s nyomat\u00e9ktartal\u00e9kot. Az er\u0151visszacsatol\u00e1s azonnal tekint\u00e9lyt parancsol\u00f3. \u00c9rezhet\u0151, hogy a fut\u00f3m\u0171 soha nem veszti el a leveg\u0151t, m\u00e9g meglehet\u0151sen agressz\u00edv be\u00e1ll\u00edt\u00e1sok \u00e9s ig\u00e9nyes aut\u00f3k eset\u00e9n sem. Ami felt\u0171n\u0151, az a k\u00e9pess\u00e9ge, hogy a rendelkez\u00e9sre \u00e1ll\u00f3 teljes\u00edtm\u00e9ny ellen\u00e9re is leolvashat\u00f3 marad.<\/p>\n<p>Kanyarod\u00e1skor a tapad\u00e1si \u00e9rt\u00e9kek egy\u00e9rtelm\u0171ek. Amikor az eleje cs\u00faszni kezd, \u00e9szrevehet\u0151 az ellen\u00e1ll\u00e1s enyhe cs\u00f6kken\u00e9se \u00e9s a visszat\u00e9r\u00e9s text\u00far\u00e1j\u00e1nak megv\u00e1ltoz\u00e1sa, mindenf\u00e9le t\u00falz\u00f3 vagy karik\u00edroz\u00f3 hat\u00e1s n\u00e9lk\u00fcl. \u00c9rti, mit csin\u00e1l az aut\u00f3, \u00e9s mindenekel\u0151tt van ideje reag\u00e1lni. A tapad\u00e1sb\u00f3l az alulkorm\u00e1nyzotts\u00e1gba val\u00f3 \u00e1tmenet fokozatos \u00e9s kezelhet\u0151, ami magabiztoss\u00e1got ad.<\/p>\n<p>A vibr\u00e1torokon az R21 nagyon kifejez\u0151 lehet. Ha a jel t\u00fal nyers marad, az agressz\u00edv vibr\u00e1torok fizikailag f\u00e1raszt\u00f3v\u00e1 v\u00e1lnak. A sz\u0171r\u0151k be\u00e1ll\u00edt\u00e1s\u00e1val kellemes egyens\u00falyt \u00e9rhet el, ahol minden egyes \u00e1thalad\u00e1s egy \u00e9len tiszta \u00e9s sz\u00e1raz, de nem rombolja a csukl\u00f3t. Ahol n\u00e9h\u00e1ny k\u00f6nnyebb alapot kiss\u00e9 \"m\u0171anyagnak\" \u00e9rezhet\u00fcnk, az R21 nehezebb, mechanikusabb \u00e9rzetet ad, amely egy igazi, szil\u00e1rdan r\u00f6gz\u00edtett versenyaut\u00f3 korm\u00e1nyrendszer\u00e9re eml\u00e9keztet.<\/p>\n<p>Gyors korrekci\u00f3k eset\u00e9n az alap val\u00f3ban nagy k\u00fcl\u00f6nbs\u00e9get jelent. Ha elvesz\u00edti a h\u00e1ts\u00f3 ker\u00e9k meghajt\u00e1s\u00e1t, a korm\u00e1ny gyorsan, de szab\u00e1lyozhat\u00f3 m\u00f3don t\u00e9r vissza. Meglehet\u0151sen heves t\u00falkorm\u00e1nyzotts\u00e1got is ki tudsz egyenl\u00edteni an\u00e9lk\u00fcl, hogy \u00fagy \u00e9rezn\u00e9d, hogy az alap ellen k\u00fczdesz. A motor gyorsan \u00e9s bosszant\u00f3 tehetetlens\u00e9g n\u00e9lk\u00fcl reag\u00e1l, ami seg\u00edt a saj\u00e1t reflexek kialak\u00edt\u00e1s\u00e1ban. Pontosan ezekben a pillanatokban \u00e9rzed az er\u0151s, de j\u00f3l ir\u00e1ny\u00edthat\u00f3 fut\u00f3m\u0171 el\u0151nyeit.<\/p>\n<p>Hossz\u00fa munkamenetek sor\u00e1n a k\u00f6vetkezetess\u00e9g igazi er\u0151ss\u00e9g. A tapint\u00e1s nem esik \u00f6ssze, a nyomat\u00e9k stabil marad, \u00e9s a t\u00falmeleged\u00e9s nem okoz \u00e9szrevehet\u0151 probl\u00e9m\u00e1t a norm\u00e1l, intenz\u00edv szimul\u00e1toros haszn\u00e1lat sor\u00e1n. A f\u00e1rad\u00e1s ink\u00e1bb a be\u00e1ll\u00edt\u00e1sokban v\u00e1lasztott er\u0151b\u0151l, mint mag\u00e1b\u00f3l az alapb\u00f3l fakad. Egyszer\u0171en \u00e9sszer\u0171en kell elj\u00e1rni, \u00e9s az er\u0151t a fizikai \u00e1llapotodnak \u00e9s a verseny t\u00edpus\u00e1nak megfelel\u0151en kell be\u00e1ll\u00edtani. A megfelel\u0151 nyomat\u00e9kkal haszn\u00e1lva az R21 hossz\u00fa t\u00e1von is k\u00e9nyelmes marad.<\/p>\n<p>A mer\u00edt\u00e9s szempontj\u00e1b\u00f3l az alap egy\u00e9rtelm\u0171en felfel\u00e9 h\u00fazza a fel\u00e1ll\u00e1st. A korm\u00e1nyker\u00e9k t\u00f6mege, az aut\u00f3 reakci\u00f3i, a p\u00e1lya apr\u00f3 egyenetlens\u00e9gei - mindent teljesebbnek, \u00f6sszef\u00fcgg\u0151bbnek \u00e9rz\u00fcnk. M\u00e1r nem az a benyom\u00e1sod, hogy egy egyszer\u0171 kontrollert tartasz a kezedben, hanem egy mechanikus alkatr\u00e9szt, amely szerves r\u00e9sze a virtu\u00e1lis aut\u00f3nak. Ez az a pont, ahol az alap val\u00f3ban megv\u00e1ltoztatja az \u00e9lm\u00e9nyt.<\/p>\n<p>A szer\u00e9nyebb Direct Drive alaphoz k\u00e9pest az R21 nagyobb mozg\u00e1steret k\u00edn\u00e1l. M\u00edg egy k\u00f6zepes teljes\u00edtm\u00e9ny\u0171 alap n\u00e9ha el\u00e9rheti a hat\u00e1rait az er\u0151tartom\u00e1ny fels\u0151 hat\u00e1r\u00e1n, az R21-nek rengeteg tartal\u00e9k van. \u00cdgy a teljes er\u0151t kiss\u00e9 cs\u00f6kkentheti, mik\u00f6zben rengeteg r\u00e9szletet megtarthat, ami a finoms\u00e1g \u00e9s a k\u00e9nyelem nagyon kellemes kombin\u00e1ci\u00f3j\u00e1t eredm\u00e9nyezi. A m\u00e9g sz\u00e9ls\u0151s\u00e9gesebb alapokkal \u00f6sszehasonl\u00edtva az R21 egy \u00e9rdekes z\u00f3n\u00e1ban van, ahol az er\u0151 szinte mindenki sz\u00e1m\u00e1ra t\u00f6bb mint elegend\u0151, an\u00e9lk\u00fcl, hogy \u00e1tbillenne a t\u00falm\u00e9retezett tartom\u00e1nyba, amelyet h\u00e1ztart\u00e1si haszn\u00e1latra neh\u00e9z kihaszn\u00e1lni.<\/p>\n<h2>Kinek sz\u00f3l? Mit szeret\u00fcnk, mit nem szeret\u00fcnk<\/h2>\n<p>A MOZA R21 egy\u00e9rtelm\u0171en a szimul\u00e1torosoknak sz\u00f3l, akik m\u00e1r megalapozt\u00e1k magukat a sportban. Motiv\u00e1lt kezd\u0151k, akik tudj\u00e1k, hogy komoly, hossz\u00fa t\u00e1v\u00fa befektet\u00e9st szeretn\u00e9nek, megtal\u00e1lhatj\u00e1k a kedv\u00fckre val\u00f3t, de mindenekel\u0151tt a k\u00f6z\u00e9phalad\u00f3 \u00e9s halad\u00f3 versenyz\u0151knek fog tetszeni, akik sz\u00edjhajt\u00e1s\u00fa alapr\u00f3l vagy egy k\u00f6nnyebb Direct Drive-r\u00f3l \u00e9rkeztek, \u00e9s szeretn\u00e9nek egy igazi l\u00e9p\u00e9st tenni felfel\u00e9.<\/p>\n<p>Amit a legjobban szeretek, az az ir\u00e1ny\u00edt\u00e1s \u00e9rz\u00e9se a hatalom ellen\u00e9re. Ez egy nagyon izmos alap, de m\u00e9g mindig \u00e1ll\u00edthat\u00f3 \u00e9s ir\u00e1ny\u00edthat\u00f3, \u00edgy a vezet\u00e9si st\u00edlusok sz\u00e9les sk\u00e1l\u00e1j\u00e1ra alkalmas. Tetszik az \u00e1ltal\u00e1nos \u00e9p\u00edt\u00e9si min\u0151s\u00e9g is: \u00fagy \u00e9rzem, mintha egy olyan term\u00e9k lenne, amelyet tart\u00f3snak terveztek, nem pedig arra, hogy n\u00e9h\u00e1ny h\u00f3nap ut\u00e1n lecser\u00e9lj\u00e9k. V\u00e9g\u00fcl pedig a tapad\u00e1s \u00e9s a terhel\u00e9s\u00e1tvitel leolvashat\u00f3s\u00e1ga igaz\u00e1n meggy\u0151z\u0151, k\u00fcl\u00f6n\u00f6sen a GT \u00e9s a gyors egy\u00fcl\u00e9ses versenyeken, ahol minden egyes inform\u00e1ci\u00f3 sz\u00e1m\u00edt. Azonnal meg\u00e9rti, hogy mit csin\u00e1l az aut\u00f3.<\/p>\n<p>M\u00e1sr\u00e9szt t\u00f6bb olyan pont van, amelyet \u00e9rdemes kiemelni. El\u0151sz\u00f6r is, az R21 egy\u00e9rtelm\u0171en t\u00falm\u00e9retezett egy kis bel\u00e9p\u0151 szint\u0171 pil\u00f3taf\u00fclk\u00e9hez: a k\u00f6r\u00fcl\u00f6tte l\u00e9v\u0151 merev szerkezet n\u00e9lk\u00fcl sokat vesz\u00edt vonzerej\u00e9b\u0151l. M\u00e1sodszor, a rendelkez\u00e9sre \u00e1ll\u00f3 teljes\u00edtm\u00e9ny azt jelenti, hogy id\u0151t kell sz\u00e1nni az FFB be\u00e1ll\u00edt\u00e1s\u00e1ra \u00e9s a fizikai \u00e1llapotunkhoz val\u00f3 igaz\u00edt\u00e1s\u00e1ra, k\u00fcl\u00f6nben az \u00fcl\u00e9sek feleslegesen f\u00e1raszt\u00f3ak lesznek. V\u00e9g\u00fcl, a kulcsrak\u00e9sz konzolkompatibilit\u00e1st keres\u0151 j\u00e1t\u00e9kosok sz\u00e1m\u00e1ra ez az alap nem a legegyszer\u0171bb vagy legterm\u00e9szetesebb megold\u00e1s.<\/p>\n<p>Az R21 az \u00e9rz\u00e9kelt \u00e9rt\u00e9ket tekintve komoly befektet\u00e9snek sz\u00e1m\u00edt, nem pedig egy hirtelen j\u00f6tt v\u00e1s\u00e1rl\u00e1snak. Egy lelkes, rendszeresen versenyz\u0151 szimul\u00e1toros sz\u00e1m\u00e1ra, aki m\u00e1r rendelkezik merev pil\u00f3taf\u00fclk\u00e9vel \u00e9s egy \u00f6sszef\u00fcgg\u0151 \u00f6kosziszt\u00e9m\u00e1val, vagy azt fontolgatja, a teljes\u00edtm\u00e9ny, a min\u0151s\u00e9g \u00e9s a hossz\u00fa \u00e9lettartam ar\u00e1nya vonz\u00f3. Valaki sz\u00e1m\u00e1ra, aki most kezdte vagy csak alkalmank\u00e9nt j\u00e1tszik, az alap t\u00fal dr\u00e1ga \u00e9s kihaszn\u00e1latlan lehet.<\/p>\n<h2>\u00cdt\u00e9let<\/h2>\n<p>A MOZA R21 egy Direct Drive alap, amely egy\u00e9rtelm\u0171en \u00e1talak\u00edtja a szimul\u00e1toros versenyfelszerel\u00e9s sz\u00edv\u00e9t. K\u00e9nyelmes teljes\u00edtm\u00e9nyt ny\u00fajt, olyan nyomat\u00e9ktartal\u00e9kot, amely t\u00falterhel\u00e9s n\u00e9lk\u00fcl tartja gazdagnak az FFB-t, \u00e9s olyan \u00e9p\u00edt\u00e9si min\u0151s\u00e9get, amely megfelel egy komoly pil\u00f3taf\u00fclk\u00e9nek. Egy korm\u00e1nyker\u00e9kb\u0151l, amely elv\u00e9gzi a feladat\u00e1t, egy igazi vezet\u00e9si eszk\u00f6zz\u00e9 v\u00e1ltunk, amely k\u00e9pes tartani a l\u00e9p\u00e9st egy egyenletes temp\u00f3val \u00e9s t\u00f6bb \u00f3r\u00e1s vezet\u00e9ssel.<\/p>\n<p>A piacon az R21 a k\u00edn\u00e1lat el\u00e9rhet\u0151 fels\u0151 hat\u00e1r\u00e1n helyezkedik el, a \"Direct Drive discovery\" alapok felett, de az ultraspecialista megold\u00e1sok alatt, ahol sok p\u00e9nzt kell fizetni olyan teljes\u00edtm\u00e9nyk\u00fcl\u00f6nbs\u00e9gek\u00e9rt, amelyeket csak kev\u00e9s j\u00e1t\u00e9kos tud kihaszn\u00e1lni. Azokat a felhaszn\u00e1l\u00f3kat c\u00e9lozza meg, akik m\u00e1r most is nagyon massz\u00edv hardvert szeretn\u00e9nek, amelyet \u00fagy terveztek, hogy tart\u00f3s legyen, \u00e9s t\u00f6bb \u00e9ven kereszt\u00fcl t\u00e1mogassa a fejl\u0151d\u00e9st.<\/p>\n<p>Azoknak a PC-s szimul\u00e1toros versenyz\u0151knek aj\u00e1nlan\u00e1m, akik j\u00f3l felszerelt pil\u00f3taf\u00fclk\u00e9vel rendelkeznek, akik gyakran vezetnek, akik szeretik finomhangolni az \u00e9rz\u00e9seiket, \u00e9s akik olyan alapot keresnek, amely nem lesz hossz\u00fa ideig korl\u00e1tozott. Az alkalmi j\u00e1t\u00e9kosoknak, otthoni konzolos be\u00e1ll\u00edt\u00e1sokhoz vagy k\u00f6nny\u0171 cockpithez vannak megfelel\u0151bb, kev\u00e9sb\u00e9 extr\u00e9m \u00e9s k\u00f6nnyebben \u00e9lhet\u0151 opci\u00f3k.<\/p>\n<p>Ha egy er\u0151teljes, pontos Direct Drive alapot keres, amelyet kem\u00e9ny be\u00e1ll\u00edt\u00e1sra \u00e9s komoly haszn\u00e1latra terveztek, a MOZA R21 egy\u00e9rtelm\u0171en k\u00fcl\u00f6nbs\u00e9get tehet az \u00d6n be\u00e1ll\u00edt\u00e1sa k\u00f6z\u00f6tt.<\/p>","protected":false},"excerpt":{"rendered":"<p>Az R21 egy nagyon \"teljes\", j\u00f3l ir\u00e1ny\u00edthat\u00f3 korm\u00e1nyker\u00e9knek t\u0171nik, \u00e9s az id\u0151 m\u00fal\u00e1s\u00e1val val\u00f3ban javul a tapad\u00e1s, az ir\u00e1ny\u00edt\u00e1s \u00e9s az elm\u00e9ly\u00fcl\u00e9s. Mindenekel\u0151tt azoknak a PC-s szimul\u00e1toros versenyz\u0151knek van \u00e9rtelme, akik m\u00e1r j\u00f3l felszereltek egy merev pil\u00f3taf\u00fclk\u00e9vel, akik gyakran vezetnek \u00e9s szeretn\u00e9nek maradand\u00f3t alkotni. Komoly haszn\u00e1lat eset\u00e9n a befektet\u00e9s tov\u00e1bbra is \u00e9sszer\u0171, de alkalmi j\u00e1t\u00e9khoz m\u00e1r kev\u00e9sb\u00e9.<\/p>","protected":false},"featured_media":101468,"comment_status":"open","ping_status":"closed","template":"","meta":{"_acf_changed":false,"_et_pb_use_builder":"","_et_pb_old_content":"","_et_gb_content_width":""},"product_brand":[165],"product_cat":[155],"product_tag":[149],"class_list":{"0":"post-101467","1":"product","2":"type-product","3":"status-publish","4":"has-post-thumbnail","6":"product_brand-moza-racing","7":"product_cat-base","8":"product_tag-pc","10":"first","11":"instock","12":"shipping-taxable","13":"product-type-external"},"acf":[],"_links":{"self":[{"href":"https:\/\/simracergear.com\/hu\/wp-json\/wp\/v2\/product\/101467","targetHints":{"allow":["GET"]}}],"collection":[{"href":"https:\/\/simracergear.com\/hu\/wp-json\/wp\/v2\/product"}],"about":[{"href":"https:\/\/simracergear.com\/hu\/wp-json\/wp\/v2\/types\/product"}],"replies":[{"embeddable":true,"href":"https:\/\/simracergear.com\/hu\/wp-json\/wp\/v2\/comments?post=101467"}],"wp:featuredmedia":[{"embeddable":true,"href":"https:\/\/simracergear.com\/hu\/wp-json\/wp\/v2\/media\/101468"}],"wp:attachment":[{"href":"https:\/\/simracergear.com\/hu\/wp-json\/wp\/v2\/media?parent=101467"}],"wp:term":[{"taxonomy":"product_brand","embeddable":true,"href":"https:\/\/simracergear.com\/hu\/wp-json\/wp\/v2\/product_brand?post=101467"},{"taxonomy":"product_cat","embeddable":true,"href":"https:\/\/simracergear.com\/hu\/wp-json\/wp\/v2\/product_cat?post=101467"},{"taxonomy":"product_tag","embeddable":true,"href":"https:\/\/simracergear.com\/hu\/wp-json\/wp\/v2\/product_tag?post=101467"}],"curies":[{"name":"wp","href":"https:\/\/api.w.org\/{rel}","templated":true}]}}