{"id":101486,"date":"2025-05-15T08:11:00","date_gmt":"2025-05-15T08:11:00","guid":{"rendered":"https:\/\/simracergear.com\/products\/moza-r5-bundle\/"},"modified":"2025-11-28T05:33:48","modified_gmt":"2025-11-28T05:33:48","slug":"moza-r5-bundle","status":"publish","type":"product","link":"https:\/\/simracergear.com\/hu\/products\/moza-r5-bundle\/","title":{"rendered":"MOZA R5 csomag"},"content":{"rendered":"<h2>MOZA R5 Bundle: egy igazi Direct Drive csomag el\u00e9rhet\u0151 k\u00f6zels\u00e9gben? Teljes \u00e9rt\u00e9kel\u00e9sem<\/h2>\n<p>A MOZA R5 Bundle egy nagyon speci\u00e1lis szegmensnek sz\u00f3l: azoknak, akik szeretn\u00e9nek Direct Drive-ra v\u00e1ltani an\u00e9lk\u00fcl, hogy elsz\u00farn\u00e1k a k\u00f6lts\u00e9gvet\u00e9s\u00fcket, vagy elveszn\u00e9nek egy t\u00fals\u00e1gosan \u00f6sszetett be\u00e1ll\u00edt\u00e1sban. Ez egy kulcsrak\u00e9sz k\u00e9szlet: kompakt Direct Drive alap, GT-st\u00edlus\u00fa korm\u00e1nyker\u00e9k \u00e9s bel\u00e9p\u0151 szint\u0171 ped\u00e1lok. Az elk\u00e9pzel\u00e9s vil\u00e1gos: a Direct Drive korm\u00e1nyker\u00e9k \u00e9rz\u00e9seit k\u00edn\u00e1lja, plug &amp; play form\u00e1tumban a sz\u00e1m\u00edt\u00f3g\u00e9phez.<\/p>\n<p>Ez a csomag ugyanolyan vonz\u00f3, mert a m\u00e1rk\u00e1k bevezet\u0151\/k\u00f6z\u00e9pkateg\u00f3ri\u00e1s k\u00e9szleteivel szemben a m\u00e1r bev\u00e1lt m\u00e1rk\u00e1k, de egy kicsit m\u00e1s filoz\u00f3fi\u00e1val: 100 % Direct Drive \u00f6kosziszt\u00e9ma a kezdetekt\u0151l fogva, modern design \u00e9s egy meglehet\u0151sen \u00e1tfog\u00f3 h\u00e1zon bel\u00fcli szoftvercsomag.<\/p>\n<p>A magam r\u00e9sz\u00e9r\u0151l nagyon gyakorlatias szemsz\u00f6gb\u0151l k\u00f6zel\u00edtem meg a dolgot: az er\u0151visszacsatol\u00e1s pontoss\u00e1ga, a tapint\u00e1s min\u0151s\u00e9ge, a k\u00f6nny\u0171 be\u00e1ll\u00edt\u00e1s \u00e9s a befektet\u00e9s megfelel\u0151s\u00e9ge egy olyan szimul\u00e1toros sz\u00e1m\u00e1ra, aki fejl\u0151dni akar. Engem legink\u00e1bb az \u00e9rdekel, hogy ez a csomag j\u00f3l meg\u00e1llja-e a hely\u00e9t a j\u00f3l bev\u00e1lt \u00f6vb\u00e1zisokkal szemben, \u00e9s hogy val\u00f3di alapk\u00e9nt szolg\u00e1lhat-e egy olyan be\u00e1ll\u00edt\u00e1shoz, amely fejl\u0151dni fog.<\/p>\n<p>Ez egy olyan term\u00e9k, amely a hagyom\u00e1nyos bel\u00e9p\u0151 szint\u0171 kerekekhez k\u00e9pest mer\u00fcl\u00e9st, ir\u00e1ny\u00edt\u00e1st \u00e9s min\u0151s\u00e9gi el\u0151rel\u00e9p\u00e9st \u00edg\u00e9r. M\u00e9g nem tudni, meddig jut el val\u00f3j\u00e1ban, \u00e9s hol h\u00faz\u00f3dnak a hat\u00e1rai.<\/p>\n<h2>A MOZA R5 csomag tervez\u00e9se \u00e9s gy\u00e1rt\u00e1sa<\/h2>\n<p>Az R5 alapja azonnal a t\u00f6m\u00f6rs\u00e9g \u00e9s a s\u0171r\u0171s\u00e9g benyom\u00e1s\u00e1t kelti. A f\u00e9mv\u00e1z bizalomgerjeszt\u0151, j\u00f3zan, d\u00edsztelen, de letisztult kivitelben. K\u00e9zben az eg\u00e9szet m\u00e9ret\u00e9hez k\u00e9pest neh\u00e9znek \u00e9rzem, ami a merevs\u00e9g szempontj\u00e1b\u00f3l j\u00f3 jel. Nincs az az \"\u00fcreges doboz\" \u00e9rz\u00e9s, ami n\u00e9ha az als\u00f3bb kateg\u00f3ri\u00e1s term\u00e9kekn\u00e9l el\u0151fordul.<\/p>\n<p>A csomagban mell\u00e9kelt korm\u00e1nyker\u00e9k egy\u00e9rtelm\u0171en GT \/ all-round orient\u00e1lt. A szerkezet merev, a markolat tisztess\u00e9ges, a bevonat j\u00f3l tart a k\u00e9zben. Nem pr\u00e9mium b\u0151r, de j\u00f3 \u00e9rz\u00e9s, \u00e9s a gombok is j\u00f3l \u00e9rzik magukat az ujjak alatt. A lap\u00e1tok \u00e9lesek, tiszta kattan\u00e1ssal, m\u00e9g akkor is, ha az az \u00e9rz\u00e9s\u00fcnk, hogy nem egy fels\u0151 kateg\u00f3ri\u00e1s korm\u00e1nyker\u00e9k kifinomults\u00e1gi szintj\u00e9n vagyunk. Ink\u00e1bb komoly kompromisszum, mint \"luxus\" elem.<\/p>\n<p>A leng\u0151kar a csomag legink\u00e1bb bel\u00e9p\u0151 szint\u0171 r\u00e9sze. Megfelel\u0151en meg\u00e9p\u00edtett, meglehet\u0151sen k\u00f6nny\u0171, t\u00f6bbnyire f\u00e9mb\u0151l k\u00e9sz\u00fclt, de nincs \"tank\" hat\u00e1sa. A f\u00e9kped\u00e1lb\u00f3l alapb\u00f3l hi\u00e1nyzik egy kis progresszivit\u00e1s, ink\u00e1bb rug\u00f3s \u00e9rz\u00e9s, mint igazi munka a nyom\u00e1s\u00e9rzetre. Egy els\u0151 be\u00e1ll\u00edt\u00e1shoz teszi a dolg\u00e1t, de egy m\u00e1r ig\u00e9nyes versenyz\u0151 hamar megtal\u00e1lja a hat\u00e1rait.<\/p>\n<p>Mindazon\u00e1ltal az \u00f6sszeszerel\u00e9s bizalomra ad okot. A merev \u00e1llv\u00e1nyra vagy pil\u00f3taf\u00fclk\u00e9be szerelve a szerelv\u00e9ny alig mozog. Egy k\u00f6z\u00e9pkateg\u00f3ri\u00e1s, sz\u00edjhajt\u00e1s\u00fa korm\u00e1nyhoz k\u00e9pest az R5 gyakran kompaktabbnak \u00e9s s\u0171r\u0171bbnek t\u0171nik, m\u00e9g akkor is, ha a hajt\u00f3karok elmaradnak att\u00f3l, amit egyes konkurens, erre a pontra jobban \u00f6sszpontos\u00edt\u00f3 csomagok k\u00edn\u00e1lnak.<\/p>\n<p>Ami azonnal meglep\u0151, az a m\u00e9rete: egy Direct Drive alaphoz k\u00e9pest nagyon visszafogott. Ahol egy kicsit visszafogottabb vagyok, az a korm\u00e1nyker\u00e9k \u00e9s a ped\u00e1lok \"pr\u00e9mium \u00e9rz\u00e9se\", amely az \u00e1rnak megfelel\u0151 szinten marad, de nem haladja meg azt.<\/p>\n<h2>Be\u00e1ll\u00edt\u00e1sok, testreszab\u00e1s \u00e9s kompatibilit\u00e1s<\/h2>\n<p>A MOZA R5 er\u0151ss\u00e9ge a szoftver\u00e9ben is rejlik. A MOZA (Pit House) szoftver meglehet\u0151sen egy\u00e9rtelm\u0171 be\u00e1ll\u00edt\u00e1sokat k\u00edn\u00e1l, a k\u00fcl\u00f6nb\u00f6z\u0151 j\u00e1t\u00e9kt\u00edpusokhoz el\u0151re be\u00e1ll\u00edtott be\u00e1ll\u00edt\u00e1sokkal, valamint speci\u00e1lis opci\u00f3kkal azok sz\u00e1m\u00e1ra, akik szeretik a finomhangol\u00e1st. A navig\u00e1ci\u00f3 \u00f6sszess\u00e9g\u00e9ben intuit\u00edv, \u00e9s a legfontosabb FFB param\u00e9terek megtal\u00e1lhat\u00f3k an\u00e9lk\u00fcl, hogy elt\u00e9vedne a hom\u00e1lyos men\u00fckben.<\/p>\n<p>A term\u00e9k adapt\u00e1l\u00e1s\u00e1hoz igaz\u00e1n hasznos be\u00e1ll\u00edt\u00e1sok a teljes er\u0151, a rezg\u00e9ssz\u0171r\u00e9s \u00e9s a fel\u00fcleti r\u00e9szletek kezel\u00e9se k\u00f6r\u00fcl forognak. K\u00f6nnyen lehet a korm\u00e1nyt l\u00e1gyabb\u00e1 \u00e9s megbocs\u00e1t\u00f3bb\u00e1 tenni egy kezd\u0151 sz\u00e1m\u00e1ra, vagy \u00e9ppen ellenkez\u0151leg, durv\u00e1bb\u00e1 \u00e9s k\u00f6zvetlenebb\u00e9 a Direct Drive alapokhoz szokott felhaszn\u00e1l\u00f3 sz\u00e1m\u00e1ra. Van egy tanul\u00e1si g\u00f6rbe, de ez egy \u00e9sszer\u0171 g\u00f6rbe. Viszonylag gyorsan elsaj\u00e1t\u00edthatod a j\u00f3 \u00e9rz\u00e9st, majd apr\u00e1nk\u00e9nt finom\u00edthatsz rajta.<\/p>\n<p>Ami a kompatibilit\u00e1st illeti, a csomag PC-orient\u00e1lt. Nincs nat\u00edv kapcsolat a f\u0151 konzolokhoz, \u00e9s ezt v\u00e1s\u00e1rl\u00e1s el\u0151tt \u00e9rdemes megfontolni. A csak konzolos j\u00e1t\u00e9kosok sz\u00e1m\u00e1ra egy\u00e9rtelm\u0171en nem ez a megfelel\u0151 v\u00e1laszt\u00e1s. A PC-felhaszn\u00e1l\u00f3k sz\u00e1m\u00e1ra viszont a legt\u00f6bb modern szimul\u00e1torral j\u00f3 az integr\u00e1ci\u00f3, \u00e9s a korm\u00e1nyt is nagyobb neh\u00e9zs\u00e9g n\u00e9lk\u00fcl felismeri.<\/p>\n<p>A MOZA \u00f6kosziszt\u00e9ma kezd j\u00f3l felt\u00f6lt\u0151dni, m\u00e1s korm\u00e1nyokkal, fejlettebb hajt\u00f3karokkal, v\u00e1lt\u00f3kkal, k\u00e9zif\u00e9kkel stb. Az R5 teh\u00e1t bel\u00e9p\u00e9si pontk\u00e9nt haszn\u00e1lhat\u00f3 egy olyan term\u00e9kcsal\u00e1dba, amely lehet\u0151v\u00e9 teszi a fokozatos fejleszt\u00e9st. Kezdheti a csomaggal, majd k\u00e9s\u0151bb fejlesztheti a hajt\u00f3karokat vagy a lendkereket, an\u00e9lk\u00fcl, hogy az alapot megv\u00e1ltoztatn\u00e1.<\/p>\n<p>Ami a fejleszthet\u0151s\u00e9get illeti, \u00fagy l\u00e1tom, hogy egy kezd\u0151 \u00e9s k\u00f6z\u00e9phalad\u00f3 szimul\u00e1toros sz\u00e1m\u00e1ra tart\u00f3s alapot jelent. Ez nem egy nyomat\u00e9kos sz\u00f6rnyeteg, amit a legmagasabb szintre terveztek, nagy ac\u00e9l cockpittal \u00e9s az eg\u00e9sz profi \u00f6kosziszt\u00e9m\u00e1val k\u00f6r\u00fcl\u00f6tte, de komoly, rendszeres haszn\u00e1latra b\u0151ven el\u00e9g, \u00e9s hossz\u00fa ideig lehet vele fejl\u0151dni, miel\u0151tt val\u00f3di korl\u00e1tot \u00e9rezn\u00e9l.<\/p>\n<h2>MOZA R5 Bundle: j\u00e1t\u00e9k k\u00f6zbeni \u00e9rz\u00e9sek<\/h2>\n<p>Ez az a pont, ahol az R5 igaz\u00e1n kiteljesedik. A Direct Drive-ra val\u00f3 \u00e1t\u00e1ll\u00e1s azonnal \u00e9szrevehet\u0151, ha egy sz\u00edjhajt\u00e1s\u00fa vagy fogaskerekes korm\u00e1nyker\u00e9kr\u0151l \u00e9rkezik. A visszajelz\u00e9s k\u00f6zvetlenebb, tiszt\u00e1bb, kevesebb k\u00e9sleltet\u00e9ssel \u00e9s \"elmos\u00f3d\u00e1ssal\" az aut\u00f3 \u00e9s a kezedben \u00e9rz\u00e9kelt dolgok k\u00f6z\u00f6tt.<\/p>\n<p>Az FFB pontoss\u00e1g\u00e1t tekintve az R5 nagyon j\u00f3l megv\u00e9di mag\u00e1t a nyomat\u00e9kkateg\u00f3ri\u00e1j\u00e1ban. J\u00f3l \u00e9rezhet\u0151ek az el\u00fcls\u0151 terhel\u00e9sv\u00e1ltoz\u00e1sok, a korm\u00e1nyz\u00e1s enyhe enyh\u00fcl\u00e9se f\u00e9kez\u00e9skor, az aut\u00f3 enyh\u00fcl\u00e9se rezg\u0151re vagy j\u00e1rdaszeg\u00e9lyre val\u00f3 felkapaszkod\u00e1skor. Azonnal meg\u00e9rti, hogy mit csin\u00e1l az aut\u00f3. Az er\u0151k nem monstreak, de az inform\u00e1ci\u00f3 olvashat\u00f3, ami gyakran fontosabb, mint a nyers teljes\u00edtm\u00e9ny.<\/p>\n<p>A sarkokban az alap j\u00f3 \u00e9rz\u00e9st ad az \u00e1lland\u00f3s\u00e1gr\u00f3l. A p\u00e1lya k\u00f6zepe tiszta, nincsenek kimondottan holt z\u00f3n\u00e1k, \u00e9s a tapad\u00e1s \u00e9s az alulkorm\u00e1nyzotts\u00e1g k\u00f6z\u00f6tti \u00e1tmeneteket k\u00f6nny\u0171 \u00e9rz\u00e9kelni. Ahol \u00e9rdekess\u00e9 v\u00e1lik, azok az enyhe megcs\u00fasz\u00e1s f\u00e1zisai vagy a tapad\u00e1s hat\u00e1r\u00e1n: \u00e9rezhet\u0151, hogy mikor kezd el lebegni az eleje, \u00e9s mikor mozdul meg a h\u00e1tulja, an\u00e9lk\u00fcl, hogy minden ir\u00e1nyba elsz\u00e1llna. Az az \u00e9rz\u00e9s\u00fcnk, hogy finoman lehet dolgozni a korm\u00e1nyker\u00e9kkel.<\/p>\n<p>A markolatolvas\u00e1s az egyik legnagyobb er\u0151ss\u00e9ge a term\u00e9knek ebben a szegmensben. Egy kev\u00e9sb\u00e9 er\u0151s \u00e9s kev\u00e9sb\u00e9 pontos alapegys\u00e9ghez k\u00e9pest a f\u0151 el\u0151nye az \u00e1rnyalatokban rejlik. Nemcsak a nagy \u00fct\u0151\u00fct\u00e9seket \u00e9rz\u00e9keli, hanem az apr\u00f3 rezg\u00e9seket is, amelyek egy f\u00e1rad\u00f3 gumiabroncsot, egy agressz\u00edvabb vibr\u00e1tort vagy egy olyan aut\u00f3t jeleznek, amelynek h\u00e1ts\u00f3 tengelye kezd t\u00falmelegedni.<\/p>\n<p>A vibr\u00e1torok j\u00f3l m\u0171k\u00f6dnek. \u00c9rezhet\u0151 a k\u00fcl\u00f6nbs\u00e9g a lapos vibr\u00e1tor, a f\u0171r\u00e9szes vibr\u00e1tor \u00e9s az igaz\u00e1n agressz\u00edv vibr\u00e1tor k\u00f6z\u00f6tt. Az R5 nem karikat\u00faraszer\u0171 remeg\u00e9ss\u00e9, hanem text\u00far\u00e1v\u00e1 alak\u00edtja \u0151ket. Ink\u00e1bb olyan, mintha egy fel\u00fcletet olvasna, mint egy l\u00e9gkalap\u00e1csot, \u00e9s ezt hossz\u00fa \u00fcl\u00e9sek sor\u00e1n \u00e9rt\u00e9kelik.<\/p>\n<p>Hosszabb munkamenetek sor\u00e1n az FFB stabil marad. A b\u00e1zis nem mutatja a teljes\u00edtm\u00e9nyveszt\u00e9s nyilv\u00e1nval\u00f3 jeleit, amikor norm\u00e1l haszn\u00e1lati k\u00f6r\u00fclm\u00e9nyek k\u00f6z\u00f6tt melegszik. A futamok sorozata an\u00e9lk\u00fcl folytathat\u00f3, hogy a lass\u00fav\u00e1 vagy szab\u00e1lytalann\u00e1 v\u00e1l\u00f3 korm\u00e1nyker\u00e9kkel kellene k\u00fczdenie. A zajszint alacsony marad, ami igazi el\u0151ny, ha k\u00f6z\u00f6s k\u00f6rnyezetben j\u00e1tszik.<\/p>\n<p>A gyors korrekci\u00f3khoz az alap j\u00f3l reag\u00e1l. A korm\u00e1nyker\u00e9k gyorsan, t\u00falzott tehetetlens\u00e9g n\u00e9lk\u00fcl \u00fajraf\u00f3kusz\u00e1l, \u00e9s \u00e9szrevehet\u0151 k\u00e9sedelem n\u00e9lk\u00fcl k\u00f6veti a beviteleket. A raliz\u00e1shoz, driftel\u00e9shez vagy egyszer\u0171en csak a p\u00e1ly\u00e1n val\u00f3 megcs\u00fasz\u00e1s elkap\u00e1s\u00e1hoz megvan a sz\u00fcks\u00e9ges reakci\u00f3k\u00e9szs\u00e9g. Nem egy ultraer\u0151s alapj\u00e1rat, \u00edgy nem t\u00e9pi le a karodat, de van el\u00e9g er\u0151 ahhoz, hogy \u00e9rezd az \u00e1tt\u00e9teleket \u00e9s tiszt\u00e1n dolgozz.<\/p>\n<p>Egy er\u0151sebb alaphoz k\u00e9pest nyilv\u00e1nval\u00f3an vesz\u00edt a nyers er\u0151, az \u00fct\u00e9ser\u0151 \u00e9s a mozg\u00e1st\u00e9r tekintet\u00e9ben azok sz\u00e1m\u00e1ra, akik nagyon magas FFB-vel szeretnek lovagolni. De sok motoros sz\u00e1m\u00e1ra ez a nyomat\u00e9kszint m\u00e1r b\u0151ven elegend\u0151, k\u00fcl\u00f6n\u00f6sen, ha a cockpit nem ultra merev. A bel\u00e9p\u0151 szint\u0171 sz\u00edjjal vagy fogasker\u00e9kkel hajtott korm\u00e1nyokhoz k\u00e9pest egy\u00e9rtelm\u0171 az ugr\u00e1s a mer\u00edt\u00e9sben \u00e9s a magabiztoss\u00e1gban.<\/p>\n<p>\u00d6sszess\u00e9g\u00e9ben az R5 komoly, hiteles \u00e9rz\u00e9ssel rendelkezik, ami magabiztoss\u00e1 teszi az embert. \u00c9rzed, hogy az aut\u00f3 \u00e9letre kel a kezed alatt, an\u00e9lk\u00fcl, hogy a hardverrel kellene k\u00fczdened. Itt v\u00e1ltoztatja meg igaz\u00e1n az \u00e9lm\u00e9nyt az alap: a vezet\u00e9s sokkal term\u00e9szetesebbnek, g\u00f6rd\u00fcl\u00e9kenyebbnek t\u0171nik, \u00e9s ink\u00e1bb a r\u00f6pp\u00e1ly\u00e1ra koncentr\u00e1lsz, mint a korm\u00e1nyker\u00e9k korl\u00e1taira.<\/p>\n<h2>Kinek sz\u00f3l? Mit szeret\u00fcnk, mit nem szeret\u00fcnk<\/h2>\n<p>A MOZA R5 Bundle mindenekel\u0151tt a motiv\u00e1lt szimul\u00e1torosokat c\u00e9lozza meg, akik egy igazi l\u00e9p\u00e9st szeretn\u00e9nek tenni a mainstream korm\u00e1nyker\u00e9khez k\u00e9pest. Komoly PC-s kezd\u0151k, k\u00f6z\u00e9phalad\u00f3 j\u00e1t\u00e9kosok, akik rendszeresen vezetnek, olyan versenyz\u0151k, akik az els\u0151 Direct Drive-ot szeretn\u00e9k, an\u00e9lk\u00fcl, hogy egy nyomat\u00e9kmonstrummal kezden\u00e9k: ez a k\u00f6z\u00f6ns\u00e9g fogja a legt\u00f6bbet kihozni bel\u0151le. A konzolosok sz\u00e1m\u00e1ra viszont a nat\u00edv kompatibilit\u00e1s hi\u00e1nya miatt a term\u00e9k azonnal \u00e9rtelm\u00e9t veszti.<\/p>\n<p>Az er\u0151s pontok k\u00f6z\u00fcl az els\u0151 az \u00e9rz\u00e9kel\u00e9s\/kompaktit\u00e1s ar\u00e1nya. Ez egy igazi Direct Drive, k\u00f6nnyen leolvashat\u00f3 \u00e9s prec\u00edz, egy kis alapban, amely k\u00f6nnyen integr\u00e1lhat\u00f3 egy h\u00e1zi be\u00e1ll\u00edt\u00e1sba vagy egy kis pil\u00f3taf\u00fclk\u00e9be. A m\u00e1sodik pozit\u00edvum az \u00f6kosziszt\u00e9ma: az R5 haszn\u00e1lhat\u00f3 bel\u00e9p\u0151pontk\u00e9nt m\u00e1s MOZA lendkerekekhez, komolyabb hajt\u00f3karokhoz stb. an\u00e9lk\u00fcl, hogy \u00fajra kellene v\u00e1s\u00e1rolni az eg\u00e9szet. V\u00e9g\u00fcl, a kateg\u00f3ri\u00e1hoz k\u00e9pest az FFB min\u0151s\u00e9ge igaz\u00e1n \u00e9rdekes: tiszta, informat\u00edv \u00e9s hasznos a vezet\u00e9s jav\u00edt\u00e1s\u00e1hoz. \u00c9rezni lehet, hogy merre mennek a gumik, \u00e9s ez mindent megv\u00e1ltoztat.<\/p>\n<p>A korl\u00e1toz\u00e1sok tekintet\u00e9ben az eredeti ped\u00e1llap egy\u00e9rtelm\u0171en a leggyeng\u00e9bb l\u00e1ncszem a csomagban. M\u0171k\u00f6dik, de nem haszn\u00e1lja ki a Direct Drive-ban rejl\u0151 teljes potenci\u00e1lt az \u00e1ltal\u00e1nos \u00e9rz\u00e9s szempontj\u00e1b\u00f3l. Egy szimul\u00e1toros, aki r\u00e1\u00e9rez az R5 \u00edz\u00e9re, el\u0151bb-ut\u00f3bb le akarja cser\u00e9lni egy progressz\u00edvebb modellre, ide\u00e1lis esetben egy nyom\u00e1s\u00e9rz\u00e9kel\u0151vel ell\u00e1tottra. Egy m\u00e1sik korl\u00e1toz\u00e1s, hogy a konzolkompatibilit\u00e1s hi\u00e1nya bez\u00e1rja az ajt\u00f3t a k\u00f6z\u00f6ns\u00e9g egy bizonyos szegmense el\u0151tt, k\u00fcl\u00f6n\u00f6sen azok el\u0151tt, akik megosztj\u00e1k be\u00e1ll\u00edt\u00e1saikat a PC \u00e9s a konzol k\u00f6z\u00f6tt. V\u00e9g\u00fcl, az alap m\u00e9rs\u00e9kelt teljes\u00edtm\u00e9nye kiss\u00e9 el\u00e9gtelennek t\u0171nhet azok sz\u00e1m\u00e1ra, akik nagyon er\u0151s FFB-r\u0151l \u00e1lmodnak, vagy akik egy nagy, ultraszigor\u00fa ac\u00e9lkakas\u00fcl\u0151n lovagolnak nagyon magas szint\u0171 elv\u00e1r\u00e1sokkal.<\/p>\n<p>A befektet\u00e9s szempontj\u00e1b\u00f3l az R5-\u00f6s csomag j\u00f3 helyen van. A bel\u00e9p\u0151szint\u0171 term\u00e9kcsal\u00e1dhoz k\u00e9pest val\u00f3di min\u0151s\u00e9gi el\u0151rel\u00e9p\u00e9s\u00e9rt fizetsz, egy olyan alappal, amely hossz\u00fa ideig haszn\u00e1lhat\u00f3 marad. Az \u00e1rban benne van a teljes csomag egyszer\u0171s\u00e9ge is. Nem ez a legk\u00f6lts\u00e9ghat\u00e9konyabb v\u00e1laszt\u00e1s annak, aki azonnal egy nagyon magas szint\u0171 ped\u00e1lfalra v\u00e1gyik, de egy els\u0151 \u00f6sszef\u00fcgg\u0151 \u00e9s fejleszthet\u0151 Direct Drive be\u00e1ll\u00edt\u00e1shoz az \u00e9rz\u00e9kelt \u00e9rt\u00e9k szil\u00e1rd.<\/p>\n<h2>\u00cdt\u00e9let: a MOZA R5 Bundle egy szimul\u00e1toros versenyfelszerel\u00e9sben<\/h2>\n<p>A MOZA R5 Bundle mindenekel\u0151tt egy dolgot v\u00e1ltoztat meg egy be\u00e1ll\u00edt\u00e1sban: az er\u0151visszacsatol\u00e1s min\u0151s\u00e9g\u00e9t \u00e9s finoms\u00e1g\u00e1t, \u00f6sszehasonl\u00edtva egy sz\u00edjas vagy fogaskerekes lendker\u00e9kkel. Kompakt, j\u00f3l haszn\u00e1lhat\u00f3 \u00e9s \u00e1ltal\u00e1ban j\u00f3l \u00e1tgondolt felszerel\u00e9ssel l\u00e9p\u00fcnk be a Direct Drive vil\u00e1g\u00e1ba. Ez egy igazi sarkalatos pont a \"komoly szabadid\u0151s\" szimul\u00e1toros versenyz\u00e9sr\u0151l a pontosabb \u00e9s mag\u00e1val ragad\u00f3bb szimul\u00e1toros versenyz\u00e9sre val\u00f3 \u00e1tmenetben.<\/p>\n<p>A piacon egy\u00e9rtelm\u0171en a Direct Drive k\u00f6z\u00e9pkateg\u00f3ri\u00e1ba sorolom. Nem a profi szetteknek sz\u00e1nt, nagyon er\u0151s alapokra, de j\u00f3val a klasszikus bel\u00e9p\u0151szint\u0171 megold\u00e1sok f\u00f6l\u00e9. Ez nem egy k\u00fcty\u00fc, hanem egy komoly alap, egy koherens csomaggal, amivel elindulhatsz.<\/p>\n<p>Gondolkod\u00e1s n\u00e9lk\u00fcl aj\u00e1nlom olyan PC-felhaszn\u00e1l\u00f3knak, akik rendszeresen tekernek, akik tiszta, kompakt, friss\u00edthet\u0151 be\u00e1ll\u00edt\u00e1sokat szeretn\u00e9nek, \u00e9s akik k\u00f6z\u00e9pt\u00e1von hajland\u00f3ak a hajt\u00f3karok friss\u00edt\u00e9s\u00e9re. Egy olyan versenyz\u0151nek, aki m\u00e1r rendelkezik egy kiv\u00e1l\u00f3 leng\u0151karral, vagy aki egy nagyon cs\u00facskateg\u00f3ri\u00e1s cockpitet c\u00e9loz meg, m\u00e9rlegelnie kell az alap teljes\u00edtm\u00e9ny\u00e9t a teljes\u00edtm\u00e9nyc\u00e9ljaival szemben.<\/p>\n<p>Ha egy meggy\u0151z\u0151, kompakt, PC-orient\u00e1lt els\u0151 Direct Drive-ot keresel, amely val\u00f3ban seg\u00edthet a fejl\u0151d\u00e9sben an\u00e9lk\u00fcl, hogy a bankot megt\u00f6rn\u00e9, akkor ez a term\u00e9k mindent megv\u00e1ltoztathat a be\u00e1ll\u00edt\u00e1saidban.<\/p>","protected":false},"excerpt":{"rendered":"<p>Ez a csomag azt az \u00e9rz\u00e9st keltette bennem, hogy t\u00e9nyleg sarkon fordultam az \u00e9rz\u00e9s szempontj\u00e1b\u00f3l, k\u00fcl\u00f6n\u00f6sen a fog\u00e1s olvas\u00e1sa \u00e9s az er\u0151visszacsatol\u00e1s pontoss\u00e1ga ter\u00e9n. Van \u00e9rtelme egy motiv\u00e1lt PC-s szimul\u00e1torosnak, komoly kezd\u0151nek vagy k\u00f6z\u00e9phalad\u00f3nak, aki egy kompakt, b\u0151v\u00edthet\u0151 csomaggal szeretne belev\u00e1gni a Direct Drive-ba. Az \u00f6ssz\u00e9rt\u00e9k \u00f6sszef\u00fcgg\u0151, felt\u00e9ve, hogy a j\u00f6v\u0151ben fontol\u00f3ra veszi a hajt\u00f3karok friss\u00edt\u00e9s\u00e9t.<\/p>","protected":false},"featured_media":101487,"comment_status":"open","ping_status":"closed","template":"","meta":{"_acf_changed":false,"_et_pb_use_builder":"","_et_pb_old_content":"","_et_gb_content_width":""},"product_brand":[165],"product_cat":[161],"product_tag":[149],"class_list":{"0":"post-101486","1":"product","2":"type-product","3":"status-publish","4":"has-post-thumbnail","6":"product_brand-moza-racing","7":"product_cat-volant","8":"product_tag-pc","10":"first","11":"instock","12":"shipping-taxable","13":"product-type-external"},"acf":[],"_links":{"self":[{"href":"https:\/\/simracergear.com\/hu\/wp-json\/wp\/v2\/product\/101486","targetHints":{"allow":["GET"]}}],"collection":[{"href":"https:\/\/simracergear.com\/hu\/wp-json\/wp\/v2\/product"}],"about":[{"href":"https:\/\/simracergear.com\/hu\/wp-json\/wp\/v2\/types\/product"}],"replies":[{"embeddable":true,"href":"https:\/\/simracergear.com\/hu\/wp-json\/wp\/v2\/comments?post=101486"}],"wp:featuredmedia":[{"embeddable":true,"href":"https:\/\/simracergear.com\/hu\/wp-json\/wp\/v2\/media\/101487"}],"wp:attachment":[{"href":"https:\/\/simracergear.com\/hu\/wp-json\/wp\/v2\/media?parent=101486"}],"wp:term":[{"taxonomy":"product_brand","embeddable":true,"href":"https:\/\/simracergear.com\/hu\/wp-json\/wp\/v2\/product_brand?post=101486"},{"taxonomy":"product_cat","embeddable":true,"href":"https:\/\/simracergear.com\/hu\/wp-json\/wp\/v2\/product_cat?post=101486"},{"taxonomy":"product_tag","embeddable":true,"href":"https:\/\/simracergear.com\/hu\/wp-json\/wp\/v2\/product_tag?post=101486"}],"curies":[{"name":"wp","href":"https:\/\/api.w.org\/{rel}","templated":true}]}}