{"id":101492,"date":"2025-05-15T08:11:00","date_gmt":"2025-05-15T08:11:00","guid":{"rendered":"https:\/\/simracergear.com\/products\/moza-r5-wheelbase\/"},"modified":"2025-11-28T05:34:24","modified_gmt":"2025-11-28T05:34:24","slug":"moza-r5-wheelbase","status":"publish","type":"product","link":"https:\/\/simracergear.com\/hu\/products\/moza-r5-wheelbase\/","title":{"rendered":"MOZA R5 tengelyt\u00e1v"},"content":{"rendered":"<h2>MOZA R5: az igazi bel\u00e9p\u00e9si pont a Direct Drive-ba?<\/h2>\n<p>A kis m\u00e9ret\u0171 Direct Drive alaplap kateg\u00f3ri\u00e1ban a MOZA R5 hamarosan \"komoly k\u00f6lts\u00e9gvet\u00e9s\u0171\" referenci\u00e1v\u00e1 v\u00e1lt. Egy\u00e9rtelm\u0171en azokat c\u00e9lozza meg, akik szeretn\u00e9nek elt\u00e1volodni a sz\u00edjhajt\u00e1s\u00fa vagy fogaskerekes lendkerekekt\u0151l an\u00e9lk\u00fcl, hogy hatalmas teljes\u00edtm\u00e9ny\u0171 monstrumra t\u00f6rekedn\u00e9nek, vagy megd\u00f6nten\u00e9k a k\u00f6lts\u00e9gvet\u00e9st. Pap\u00edron egy tiszta, prec\u00edz, kompakt FFB-t \u00edg\u00e9r, amely k\u00f6r\u00fcl m\u00e1r j\u00f3l ki\u00e9p\u00fclt egy \u00f6kosziszt\u00e9ma.<\/p>\n<p>A vonzer\u0151 ebben a ritka kombin\u00e1ci\u00f3ban rejlik: nagyon kompakt m\u00e9ret, el\u00e9g nyomat\u00e9k ahhoz, hogy mag\u00e1val ragad\u00f3 legyen, modern szoftverbe\u00e1ll\u00edt\u00e1sok \u00e9s egy Direct Drive-hoz k\u00e9pest megfizethet\u0151 \u00e1r. Azoknak a szimul\u00e1torosoknak sz\u00f3l, akik olyan alapot szeretn\u00e9nek, amelyet n\u00e9h\u00e1ny h\u00f3nap ut\u00e1n sem b\u00e1nnak meg, de nem felt\u00e9tlen\u00fcl keresik az extra Nm-t.<\/p>\n<p>Az \u00e9n szempontom itt egyszer\u0171: megn\u00e9zni, hogy az R5 val\u00f3ban meg\u00e1llja-e a hely\u00e9t h\u00e1rom kulcsfontoss\u00e1g\u00fa ter\u00fcleten a mai be\u00e1ll\u00edt\u00e1sokhoz k\u00e9pest: az \u00e9p\u00edt\u00e9si min\u0151s\u00e9g, a j\u00e1t\u00e9kbeli \u00e9rz\u00e9sek finoms\u00e1ga \u00e9s a t\u00f6bb\u00e9ves fejl\u0151d\u00e9si k\u00e9pess\u00e9ge. M\u00e1s sz\u00f3val, hogy ez egy \"igazi\" DD-alap vagy csak egy \u00fajabb marketing bel\u00e9p\u00e9si pont.<\/p>\n<h2>Tervez\u00e9s \u00e9s gy\u00e1rt\u00e1s<\/h2>\n<p>Vizu\u00e1lisan a MOZA R5 azonnal nagyon \"profi\": kompakt, sz\u00f6gletes alum\u00ednium tok, tiszta, sallangmentes elox\u00e1lt fel\u00fclettel. K\u00e9zben tartva s\u0171r\u0171, merev term\u00e9knek t\u0171nik, amely nem t\u0171nik \u00fcregesnek. \u00c9rezhet\u0151, hogy a v\u00e1zat \u00fagy tervezt\u00e9k, hogy a nyomat\u00e9kot meging\u00e1s n\u00e9lk\u00fcl viselje, m\u00e9g egy meglehet\u0151sen merev cockpitben is.<\/p>\n<p>Az illeszt\u00e9sek tiszt\u00e1k, az \u00e9lek j\u00f3l kidolgozottak, \u00e9s a csavarok nem \u00fctk\u00f6znek a t\u00f6bbihez. Nincs benne semmi felt\u0171n\u0151, de ink\u00e1bb t\u0171nik m\u0171k\u00f6d\u0151 berendez\u00e9snek, mint j\u00e1t\u00e9knak. A cs\u00f6kkentett m\u00e9ret is a jav\u00e1ra v\u00e1lik: k\u00f6nnyen elf\u00e9r egy \u00e1ramvonalas alum\u00ednium pil\u00f3taf\u00fclk\u00e9n, de egy kompaktabb \u00e1llv\u00e1nyon is, amennyiben az megfelel\u0151 merevs\u00e9ggel rendelkezik.<\/p>\n<p>Ami a legmeglep\u0151bb, az a MOZA gyorskiold\u00f3 rendszerrel t\u00f6rt\u00e9n\u0151 r\u00f6gz\u00edt\u00e9s m\u00f3dja. A r\u00f6gz\u00edt\u00e9s egyszer\u0171, \u00e9rz\u00e9kelhet\u0151 j\u00e1t\u00e9k n\u00e9lk\u00fcl. A r\u00f6gz\u00edt\u00e9s ut\u00e1n nincsenek parazita rezg\u00e9sek vagy gyan\u00fas leng\u00e9sek: ez nagyban hozz\u00e1j\u00e1rul az alap komoly \u00e9rzet\u00e9hez. T\u00e9nyleg egy korm\u00e1nyker\u00e9k + alapegys\u00e9g benyom\u00e1s\u00e1t kelti.<\/p>\n<p>Ahol kiss\u00e9 csal\u00f3d\u00e1st okozhat, az a szerel\u00e9s sokoldal\u00fas\u00e1ga. Az alapot egy\u00e9rtelm\u0171en pil\u00f3taf\u00fclk\u00e9nek vagy nagy teherb\u00edr\u00e1s\u00fa \u00e1llv\u00e1nynak sz\u00e1nj\u00e1k. Egy egyszer\u0171, k\u00f6nny\u0171 asztalon, m\u00e9g \u00e1llv\u00e1nnyal egy\u00fctt is, a Direct Drive er\u0151kifejt\u00e9se t\u00fals\u00e1gosan \u00e9rezhet\u0151, \u00e9s elvesz\u00edti a pontoss\u00e1got. Egy m\u00e1sik pont: az ig\u00e9nyesebb alapokhoz k\u00e9pest a diz\u00e1jn egy kicsit \"ipari\" marad, an\u00e9lk\u00fcl, hogy sokat dolgozna a pr\u00e9mium aspektuson. Funkcion\u00e1lis, de nem igaz\u00e1n \"wow\".<\/p>\n<p>A nagy k\u00f6z\u00e9pkateg\u00f3ri\u00e1s referenci\u00e1khoz k\u00e9pest az R5 fizikai jelenl\u00e9t \u00e9s \u00e9rz\u00e9kelhet\u0151 kivitel tekintet\u00e9ben \u00e9ppen csak alatta van, de j\u00f3val egy bel\u00e9p\u0151 szint\u0171, sz\u00edjhajt\u00e1s\u00fa korm\u00e1nyker\u00e9k felett van. \u00dagy \u00e9rzi mag\u00e1t, mint egy val\u00f3di szimul\u00e1toros term\u00e9k, amelyet tart\u00f3snak terveztek, an\u00e9lk\u00fcl, hogy a massz\u00edvabb \u00e9s dr\u00e1g\u00e1bb alapszint\u0171ek szintj\u00e9n lenne.<\/p>\n<h2>Be\u00e1ll\u00edt\u00e1sok, testreszab\u00e1s \u00e9s kompatibilit\u00e1s<\/h2>\n<p>Ami a be\u00e1ll\u00edt\u00e1sokat illeti, a MOZA R5 a h\u00e1zon bel\u00fcli szoftver\u00fcnk\u00f6n, a MOZA Pit House-on alapul. A kezel\u0151fel\u00fclet modern \u00e9s vil\u00e1gos, az FFB, az effektek \u00e9s a profilok lapjaival minden egyes j\u00e1t\u00e9khoz. K\u00f6nnyen navig\u00e1lhat\u00f3, \u00e9s a legismertebb szimul\u00e1torokhoz biztos\u00edtott el\u0151be\u00e1ll\u00edt\u00e1sok m\u00e1r egy nagyon tisztess\u00e9ges alapot biztos\u00edtanak. Remek\u00fcl vezethet\u0151 an\u00e9lk\u00fcl, hogy a legapr\u00f3bb r\u00e9szletekbe menne bele.<\/p>\n<p>Az igaz\u00e1n hasznos be\u00e1ll\u00edt\u00e1sok ott vannak: \u00f6sszer\u0151, sz\u0171r\u0151, s\u00farl\u00f3d\u00e1s, tehetetlens\u00e9g, csillap\u00edt\u00e1s, leng\u00e9skezel\u00e9s, valamint n\u00e9h\u00e1ny tov\u00e1bbi hat\u00e1s. A l\u00e9nyeg az, hogy minden egyes be\u00e1ll\u00edt\u00e1snak \u00e9rz\u00e9kelhet\u0151 hat\u00e1sa van a p\u00e1ly\u00e1ra. \u00c9rezhet\u0151 a k\u00fcl\u00f6nbs\u00e9g, amikor a kem\u00e9nys\u00e9get a k\u00f6z\u00e9ppont k\u00f6r\u00fcl vagy a csillap\u00edt\u00e1s szintj\u00e9t \u00e1ll\u00edtod be. A finomhangol\u00e1s nagy r\u00e9sze az FFB pontoss\u00e1ga \u00e9s a hossz\u00fa \u00fcl\u00e9sek sor\u00e1n a k\u00e9nyelem k\u00f6z\u00f6tti megfelel\u0151 egyens\u00faly megtal\u00e1l\u00e1s\u00e1ra szolg\u00e1l.<\/p>\n<p>A tanul\u00e1si g\u00f6rbe tov\u00e1bbra is \u00e9sszer\u0171. Egy bel\u00e9p\u0151szint\u0171 korm\u00e1nyker\u00e9kr\u0151l \u00e9rkez\u0151 felhaszn\u00e1l\u00f3 sz\u00e1m\u00e1ra biztos, hogy lesz egy kis pr\u00f3b\u00e1lkoz\u00e1s \u00e9s hib\u00e1z\u00e1s, de nem fog elveszni a hom\u00e1lyos men\u00fckben. A kicsit t\u00f6bb tapasztalattal rendelkez\u0151 szimul\u00e1torosok el\u00e9g m\u00e9lys\u00e9get tal\u00e1lnak ahhoz, hogy igaz\u00e1n finom\u00edts\u00e1k az \u00e9rz\u00e9s\u00fcket.<\/p>\n<p>A kompatibilit\u00e1s szempontj\u00e1b\u00f3l az R5 els\u0151sorban a PC-t c\u00e9lozza meg, ahol a MOZA a legteljesebb \u00e9lm\u00e9nyt ny\u00fajtja. Konzolokon a helyzet korl\u00e1tozottabb, \u00e9s er\u0151sen f\u00fcgg a korm\u00e1nyt\u00f3l \u00e9s a licencekt\u0151l, \u00edgy nem ezt az alapot kell v\u00e1lasztani, ha a f\u0151 c\u00e9l a konzolos j\u00e1t\u00e9k. PC-n viszont a nagy szimul\u00e1torokkal \u00e9s versenyj\u00e1t\u00e9kokkal minden nagyobb probl\u00e9ma n\u00e9lk\u00fcl m\u0171k\u00f6dik.<\/p>\n<p>A MOZA \u00f6kosziszt\u00e9ma egy igazi elad\u00e1si pont, a k\u00fcl\u00f6nb\u00f6z\u0151 korm\u00e1nykerekek (GT, F1, kerek stb.), ped\u00e1lok, v\u00e1lt\u00f3k, k\u00e9zif\u00e9kek \u00e9s m\u0171szerfalak z\u00f6kken\u0151mentesen csatlakoztathat\u00f3k. Az R5 haszn\u00e1lhat\u00f3 az \u00f6kosziszt\u00e9ma bel\u00e9p\u00e9si pontjak\u00e9nt, mik\u00f6zben kompatibilis marad a fejlettebb korm\u00e1nyker\u00e9kekkel, ahogy haladunk felfel\u00e9 a k\u00edn\u00e1latban. A nyers teljes\u00edtm\u00e9nyt tekintve kev\u00e9sb\u00e9 progressz\u00edv (a nyomat\u00e9k tov\u00e1bbra is szer\u00e9ny), de hossz\u00fa t\u00e1v\u00fa alapk\u00e9nt nagyon szil\u00e1rd, ha valaki nem keresi a t\u00falz\u00e1sokat.<\/p>\n<h2>\u00c9rzelmek a t\u00e9t<\/h2>\n<p>A p\u00e1ly\u00e1ra \u00e9rve a MOZA R5 karaktere gyorsan meg\u00e9rthet\u0151. Az els\u0151 sz\u00f3, ami esz\u00fcnkbe jut, a \"tiszta\". Az FFB tiszta, \u00e9les \u00e9s sima. Egy bel\u00e9p\u0151 szint\u0171 sz\u00edjjal vagy fogasker\u00e9k-alaplappal \u00f6sszehasonl\u00edtva a pontoss\u00e1gi nyeres\u00e9g nyilv\u00e1nval\u00f3. Vil\u00e1gosabban l\u00e1thatja a lendker\u00e9k terhel\u00e9s\u00e9nek mikrov\u00e1ltoz\u00e1sait, a kis t\u00f6meg\u00e1tviteleket \u00e9s azt a pillanatot, amikor a gumiabroncs cs\u00faszni kezd.<\/p>\n<p>Kanyarban az alapmotor nagyon k\u00f6nnyen leolvashat\u00f3. A nyomat\u00e9k nem monstre, de el\u00e9g ahhoz, hogy \u00e9rezz\u00fck az aut\u00f3 s\u00faly\u00e1nak mozg\u00e1s\u00e1t, \u00e9s hogy a hossz\u00fa, gyors kanyarokban j\u00f3l tartson. Itt nem a nyers teljes\u00edtm\u00e9ny sz\u00e1m\u00edt, hanem az, ahogyan azt leadja. A t\u00f6megk\u00f6z\u00e9ppont stabil, nem hom\u00e1lyosodik el. Nem harcolsz a korm\u00e1nnyal, hanem egy\u00fctt dolgozol vele.<\/p>\n<p>A tapad\u00e1s tekintet\u00e9ben az R5 a kateg\u00f3ri\u00e1j\u00e1hoz k\u00e9pest nagyon j\u00f3l teljes\u00edt. Vil\u00e1gosan \u00e9rezhet\u0151 az \u00e1tmenet a tapad\u00e1s \u00e9s a cs\u00fasz\u00e1s kezdete k\u00f6z\u00f6tt. A tapad\u00e1s elveszt\u00e9se gyors\u00edt\u00e1skor vagy a ker\u00e9k blokkol\u00e1sa f\u00e9kez\u00e9skor t\u00fckr\u00f6z\u0151dik a korm\u00e1nyon an\u00e9lk\u00fcl, hogy mesters\u00e9ges hat\u00e1sok elnyomn\u00e1k. Tudja, mikor van a hat\u00e1ron. Azt is tudja, mikor l\u00e9pi \u00e1t a hat\u00e1rt. Ez az a pont, ahol a b\u00e1zis igaz\u00e1n megv\u00e1ltoztatja az \u00e9lm\u00e9nyt.<\/p>\n<p>A vibr\u00e1torok j\u00f3 tesztek. Egyes p\u00e1ly\u00e1kon gyorsan kellemetlenn\u00e9 v\u00e1lhatnak, ha az alap rosszul van sz\u0171rve. Itt \u00e9rzi a megk\u00f6nnyebb\u00fcl\u00e9st \u00e9s a text\u00far\u00e1t, de an\u00e9lk\u00fcl, hogy sz\u00e9tszedn\u00e9k a csukl\u00f3j\u00e1t. A be\u00e1ll\u00edt\u00e1sokt\u00f3l f\u00fcgg\u0151en l\u00e1gyabb\u00e1 vagy \u00e9lesebb\u00e9 teheti \u0151ket, de m\u00e9g egy meglehet\u0151sen \"durva\" profillal is haszn\u00e1lhat\u00f3 egy hossz\u00fa \u00fcl\u00e9s sor\u00e1n. Nem j\u00f6n ki \u00f6bl\u00edtve, \u00e9s ez sokat sz\u00e1m\u00edt, ha a k\u00e9nyelemr\u0151l van sz\u00f3.<\/p>\n<p>Hossz\u00fa id\u0151n kereszt\u00fcl az \u00e1lland\u00f3s\u00e1g j\u00f3 volt. Nincs \u00e9szrevehet\u0151 teljes\u00edtm\u00e9nycs\u00f6kken\u00e9s, \u00e9s a motor nem melegszik t\u00fal. A viselked\u00e9s az \u00fcl\u00e9s elej\u00e9t\u0151l a v\u00e9g\u00e9ig azonos marad, ami seg\u00edt megb\u00edzhat\u00f3 referenciapontok kialak\u00edt\u00e1s\u00e1ban. Az ember elfelejti az alapot, \u00e9s a p\u00e1ly\u00e1ra koncentr\u00e1l.<\/p>\n<p>Gyors korrekci\u00f3k eset\u00e9n az R5 a teljes\u00edtm\u00e9ny\u00e9hez k\u00e9pest nagyon kiel\u00e9g\u00edt\u0151en oldja meg a feladatot. A gyors ellenkorm\u00e1nyz\u00e1s \u00e9s a kis visszah\u00faz\u00e1sok a hat\u00e1ron term\u00e9szetesen mennek. Az alap el\u00e9g \u00e9rz\u00e9keny ahhoz, hogy \u00e9rz\u00e9kelhet\u0151 k\u00e9sleltet\u00e9s n\u00e9lk\u00fcl k\u00f6vesse a mozg\u00e1st. T\u00e9nyleg rep\u00fcl\u00e9s k\u00f6zben lehet elkapni a sodr\u00f3d\u00e1st. Egy er\u0151sebb alaphoz k\u00e9pest kicsit kevesebb mechanikai tekint\u00e9lyt kap, de kev\u00e9sb\u00e9 is f\u00e1rad el.<\/p>\n<p>Egy er\u0151sebb Direct Drive-hoz k\u00e9pest a k\u00fcl\u00f6nbs\u00e9g els\u0151sorban a nyomat\u00e9ktartal\u00e9kban \u00e9s az FFB lehets\u00e9ges er\u0151szakoss\u00e1g\u00e1ban van. A nagy alap lehet\u0151v\u00e9 teszi a neh\u00e9z GT-k vagy protot\u00edpusok szimul\u00e1l\u00e1s\u00e1t, nagyobb val\u00f3s\u00e1gh\u0171 er\u0151kifejt\u00e9ssel. Az R5 ezzel szemben a finoms\u00e1got r\u00e9szes\u00edti el\u0151nyben a brutalit\u00e1ssal szemben. Vesztes\u00e9get szenved a tiszta intenzit\u00e1sban, de sok j\u00e1t\u00e9kos sz\u00e1m\u00e1ra haszn\u00e1lhat\u00f3bb \u00e9s kev\u00e9sb\u00e9 f\u00e9lelmetes lesz a mindennapokban.<\/p>\n<p>Egy kisebb teljes\u00edtm\u00e9ny\u0171 vagy sz\u00edjhajt\u00e1s\u00fa alapr\u00f3l \u00e9rkezve, \u00d6n nyer a tisztas\u00e1gban, a r\u00e9szletess\u00e9gben \u00e9s a magabiztoss\u00e1gban. Azonnal meg\u00e9rti, hogy mit csin\u00e1l az aut\u00f3. A korm\u00e1nyker\u00e9k megsz\u0171nik puszta tartoz\u00e9k lenni, \u00e9s val\u00f3di inform\u00e1ci\u00f3s eszk\u00f6zz\u00e9 v\u00e1lik. \u00c9s ezen az \u00e1rszinten pontosan ez az, amit az els\u0151 Direct Drive-t\u00f3l elv\u00e1rhat.<\/p>\n<h2>Kinek sz\u00f3l? Amit szeret\u00fcnk \/ Amit nem szeret\u00fcnk<\/h2>\n<p>A MOZA R5 egy\u00e9rtelm\u0171en a motiv\u00e1lt kezd\u0151 vagy k\u00f6z\u00e9phalad\u00f3 szimul\u00e1torosokat c\u00e9lozza, akik komolyan \u00e1t akarnak \u00e1llni a Direct Drive-ra an\u00e9lk\u00fcl, hogy a cs\u00facskateg\u00f3ri\u00e1ba mer\u00fcln\u00e9nek. J\u00f3l megfelel annak, aki rendszeresen vezet PC-n, p\u00e1lya- vagy rally t\u00edpus\u00fa szimul\u00e1torokon, \u00e9s aki olyan hardvert szeretne, amely t\u00f6bb \u00e9vig elk\u00eds\u00e9rheti \u0151t. A tapasztalt felhaszn\u00e1l\u00f3k akkor is \u00e9rt\u00e9kelhetik, ha a t\u00f6m\u00f6rs\u00e9get \u00e9s a k\u00e9nyelmet r\u00e9szes\u00edtik el\u0151nyben az extr\u00e9m teljes\u00edtm\u00e9ny helyett.<\/p>\n<p>Ami igaz\u00e1n tetszik nek\u00fcnk, az az FFB min\u0151s\u00e9ge ebben a teljes\u00edtm\u00e9nykateg\u00f3ri\u00e1ban. Az alap tov\u00e1bbra is olvashat\u00f3, finom \u00e9s kellemesen j\u00e1tszhat\u00f3, m\u00e9g hossz\u00fa \u00fcl\u00e9sszakok sor\u00e1n is. A MOZA \u00f6kosziszt\u00e9m\u00e1ba val\u00f3 integr\u00e1ci\u00f3 is igazi plusz: fokozatosan b\u0151v\u00edtheti a be\u00e1ll\u00edt\u00e1sait fejlettebb lendker\u00e9kkel vagy hajt\u00f3karokkal an\u00e9lk\u00fcl, hogy mindent lecser\u00e9lne. A kompakt m\u00e9ret \u00e9s a komoly kivitelez\u00e9s pedig j\u00f3 v\u00e1laszt\u00e1ss\u00e1 teszi szer\u00e9nyebb cockpitekbe vagy kis helyis\u00e9gekbe.<\/p>\n<p>De vannak hat\u00e1rok. Az els\u0151 a viszonylag korl\u00e1tozott teljes\u00edtm\u00e9ny. A j\u00e1t\u00e9kosok t\u00f6bbs\u00e9g\u00e9nek ez el\u00e9g, de azok, akik egy igaz\u00e1n fizikai FFB-t keresnek, k\u00f6zel az extr\u00e9m k\u00f6r\u00fclm\u00e9nyekhez, kicsit b\u00f6lcsnek fogj\u00e1k tal\u00e1lni az alapot. M\u00e1sodszor, a konzolkompatibilit\u00e1s korl\u00e1tozott, ami cs\u00f6kkenti a vonzerej\u00e9t azok sz\u00e1m\u00e1ra, akik f\u0151k\u00e9nt konzolokon j\u00e1tszanak, \u00e9s csak alkalmank\u00e9nt PC-n. V\u00e9g\u00fcl, a k\u00f6t\u00e9s sokoldal\u00fas\u00e1ga kev\u00e9sb\u00e9 nyilv\u00e1nval\u00f3 egy egyszer\u0171 asztalon vagy k\u00f6nny\u0171 \u00e1llv\u00e1nyon, ahol a Direct Drive nyomat\u00e9k gyorsan kiemeli az alap gyenges\u00e9geit.<\/p>\n<p>Befektet\u00e9s szempontj\u00e1b\u00f3l a MOZA R5 j\u00f3 helyen van. Ez m\u00e1r nem egy \"j\u00e1t\u00e9k\" v\u00e1s\u00e1rl\u00e1s, hanem egy igazi szimul\u00e1toros felszerel\u00e9s, amelynek magas a v\u00e9lt \u00e9rt\u00e9ke a k\u00e9rt \u00e1r\u00e9rt. Aki egy szupermarket korm\u00e1nyr\u00f3l vagy egy bel\u00e9p\u0151 szint\u0171 modellr\u0151l \u00e9rkezik, annak egy\u00e9rtelm\u0171 a min\u0151s\u00e9gi ugr\u00e1s, an\u00e9lk\u00fcl, hogy el\u00e9rn\u00e9 a nagy profi alapok \u00e1r\u00e1t. Ez egy olyan term\u00e9k, amely azt az \u00e9rz\u00e9st kelti, hogy egy komoly alapot v\u00e1s\u00e1rolt\u00e1l, nem csak egy er\u0151sebb k\u00fcty\u00fct.<\/p>\n<h2>\u00cdt\u00e9let<\/h2>\n<p>A MOZA R5 egy\u00e9rtelm\u0171en megv\u00e1ltoztatja a j\u00e1t\u00e9kot egy olyan be\u00e1ll\u00edt\u00e1sban, amely a bel\u00e9p\u0151 szint\u0171 sz\u00edjhajt\u00e1s\u00fa vagy fogaskerekes lendkerekek vil\u00e1g\u00e1b\u00f3l sz\u00e1rmazik. A Direct Drive tisztas\u00e1g\u00e1t, pontoss\u00e1g\u00e1t \u00e9s konzisztenci\u00e1j\u00e1t k\u00edn\u00e1lja egy kompakt, megfizethet\u0151 form\u00e1tumban, amely napi szinten haszn\u00e1lhat\u00f3. Nem fogja a pil\u00f3taf\u00fclk\u00e9t profi csapatszimul\u00e1torr\u00e1 v\u00e1ltoztatni, de az \u00e9rz\u00e9seket \u00e9s az ir\u00e1ny\u00edt\u00e1st egy teljesen \u00faj szintre emeli.<\/p>\n<p>Kulcsfontoss\u00e1g\u00fa poz\u00edci\u00f3t foglal el a piacon: egy bel\u00e9p\u0151\/k\u00f6z\u00e9pkateg\u00f3ri\u00e1s Direct Drive alap, de olyan \u00e9rz\u00e9ssel, amely kev\u00e9ss\u00e9 hasonl\u00edt a hagyom\u00e1nyos bel\u00e9p\u0151szint\u0171 modellekhez. Nem rendelkezik a nagy alapokhoz hasonl\u00f3 brutalit\u00e1ssal, de nagyon \u00e9rdekes egyens\u00falyt k\u00edn\u00e1l a finoms\u00e1g, a k\u00e9nyelem \u00e9s a k\u00f6lts\u00e9gvet\u00e9s k\u00f6z\u00f6tt.<\/p>\n<p>Mindenekel\u0151tt azoknak a PC-s szimul\u00e1torosoknak aj\u00e1nlom, akik a MOZA \u00f6kosziszt\u00e9m\u00e1ban egy koherens, sk\u00e1l\u00e1zhat\u00f3 megold\u00e1ssal akarnak belev\u00e1gni a Direct Drive-ba, \u00e9s nincs sz\u00fcks\u00e9g\u00fck t\u00falzottan nagy teljes\u00edtm\u00e9nyre. F\u0151k\u00e9nt konzolos j\u00e1t\u00e9kosoknak vagy azoknak, akik egyenesen a nagyon nagy teljes\u00edtm\u00e9nyre t\u00f6rekednek, nem ez lesz a legjobb v\u00e1laszt\u00e1s.<\/p>\n<p>Ha egy komoly, tiszta, kompakt els\u0151 Direct Drive-ot keres, amely t\u00f6bb szezont is kib\u00edr, akkor ez a term\u00e9k mindent megv\u00e1ltoztathat a be\u00e1ll\u00edt\u00e1saihoz.<\/p>","protected":false},"excerpt":{"rendered":"<p>A MOZA R5 igazi ugr\u00e1st jelent a pontoss\u00e1g \u00e9s az \u00e9rz\u00e9s olvashat\u00f3s\u00e1ga tekintet\u00e9ben a bel\u00e9p\u0151 szint\u0171 kerekekhez k\u00e9pest, mik\u00f6zben hossz\u00fa t\u00e1von k\u00e9nyelmes marad. Van \u00e9rtelme a motiv\u00e1lt kezd\u0151 vagy k\u00f6z\u00e9phalad\u00f3 PC szimul\u00e1torosok sz\u00e1m\u00e1ra, akik komoly Direct Drive-ot szeretn\u00e9nek an\u00e9lk\u00fcl, hogy extr\u00e9m teljes\u00edtm\u00e9nyre t\u00f6rekedn\u00e9nek. Az eg\u00e9sz csomag koherens, tart\u00f3s alapot k\u00edn\u00e1l egy fejl\u0151d\u0151 be\u00e1ll\u00edt\u00e1shoz.<\/p>","protected":false},"featured_media":101493,"comment_status":"open","ping_status":"closed","template":"","meta":{"_acf_changed":false,"_et_pb_use_builder":"","_et_pb_old_content":"","_et_gb_content_width":""},"product_brand":[165],"product_cat":[155],"product_tag":[149],"class_list":{"0":"post-101492","1":"product","2":"type-product","3":"status-publish","4":"has-post-thumbnail","6":"product_brand-moza-racing","7":"product_cat-base","8":"product_tag-pc","10":"first","11":"instock","12":"shipping-taxable","13":"product-type-external"},"acf":[],"_links":{"self":[{"href":"https:\/\/simracergear.com\/hu\/wp-json\/wp\/v2\/product\/101492","targetHints":{"allow":["GET"]}}],"collection":[{"href":"https:\/\/simracergear.com\/hu\/wp-json\/wp\/v2\/product"}],"about":[{"href":"https:\/\/simracergear.com\/hu\/wp-json\/wp\/v2\/types\/product"}],"replies":[{"embeddable":true,"href":"https:\/\/simracergear.com\/hu\/wp-json\/wp\/v2\/comments?post=101492"}],"wp:featuredmedia":[{"embeddable":true,"href":"https:\/\/simracergear.com\/hu\/wp-json\/wp\/v2\/media\/101493"}],"wp:attachment":[{"href":"https:\/\/simracergear.com\/hu\/wp-json\/wp\/v2\/media?parent=101492"}],"wp:term":[{"taxonomy":"product_brand","embeddable":true,"href":"https:\/\/simracergear.com\/hu\/wp-json\/wp\/v2\/product_brand?post=101492"},{"taxonomy":"product_cat","embeddable":true,"href":"https:\/\/simracergear.com\/hu\/wp-json\/wp\/v2\/product_cat?post=101492"},{"taxonomy":"product_tag","embeddable":true,"href":"https:\/\/simracergear.com\/hu\/wp-json\/wp\/v2\/product_tag?post=101492"}],"curies":[{"name":"wp","href":"https:\/\/api.w.org\/{rel}","templated":true}]}}