{"id":101496,"date":"2025-05-15T08:12:00","date_gmt":"2025-05-15T08:12:00","guid":{"rendered":"https:\/\/simracergear.com\/products\/moza-r9-fsr-formula-wheel-hub-kit-bundle\/"},"modified":"2025-11-28T05:35:03","modified_gmt":"2025-11-28T05:35:03","slug":"moza-r9-fsr-formula-wheel-hub-kit-bundle","status":"publish","type":"product","link":"https:\/\/simracergear.com\/hu\/products\/moza-r9-fsr-formula-wheel-hub-kit-bundle\/","title":{"rendered":"MOZA R9 &amp; FSR Formula ker\u00e9k \u00e9s ker\u00e9kagy csomag csomag"},"content":{"rendered":"<p>A MOZA R9 + FSR Formula Ker\u00e9k + Hub Kit csomag egy\u00e9rtelm\u0171en a Direct Drive vil\u00e1g\u00e1ba val\u00f3 komoly bel\u00e9p\u00e9si pontk\u00e9nt van poz\u00edcion\u00e1lva az ig\u00e9nyes szimul\u00e1toros versenyz\u0151k sz\u00e1m\u00e1ra. Ez m\u00e1r nem egy \"tov\u00e1bbfejlesztett j\u00e1t\u00e9k\", de m\u00e9g nem is az az ultra-extr\u00e9m alap, amihez versenyv\u00e1z \u00e9s karossz\u00e9ria\u00e9p\u00edt\u0151 karok sz\u00fcks\u00e9gesek. Pap\u00edron ez a komb\u00f3 \u00e9rdekes h\u00e1rmasnak \u00edg\u00e9rkezik: szab\u00e1lyozott teljes\u00edtm\u00e9ny, egy nagyon komplett egy\u00fcl\u00e9ses t\u00edpus\u00fa korm\u00e1ny \u00e9s egy koherens \u00f6kosziszt\u00e9ma.<\/p>\n<p>A vonzer\u0151 ebben a kompromisszumban rejlik: egy kompakt, csendes Direct Drive, amelyet egy modern formul\u00e1j\u00fa, integr\u00e1lt k\u00e9perny\u0151vel ell\u00e1tott korm\u00e1nyker\u00e9k vez\u00e9rel, mindezt egy olyan csomagban, amely ink\u00e1bb az \u00e1r-\u00e9rt\u00e9k ar\u00e1nyra \u00f6sszpontos\u00edt, mint a marketingfog\u00e1sokra. Egy\u00e9rtelm\u0171, hogy a MOZA a PC-s szimul\u00e1toros versenyz\u0151ket c\u00e9lozza meg, akik \u00faj szintre akarj\u00e1k emelni az elm\u00e9ly\u00fcl\u00e9st \u00e9s a pontoss\u00e1got an\u00e9lk\u00fcl, hogy elsz\u00farn\u00e1k a be\u00e1ll\u00edt\u00e1saikat vagy a k\u00f6lts\u00e9gvet\u00e9s\u00fcket.<\/p>\n<p>Az \u00e9n szemsz\u00f6gem itt egyszer\u0171: ez a csomag val\u00f3di nyeres\u00e9get k\u00edn\u00e1l az \u00e9rz\u00e9s, az ir\u00e1ny\u00edt\u00e1s \u00e9s a k\u00e9nyelem ter\u00e9n az id\u0151 m\u00fal\u00e1s\u00e1val, \u00f6sszehasonl\u00edtva egy sz\u00edjhajt\u00e1s\u00fa alap vagy egy kev\u00e9sb\u00e9 felszerelt bel\u00e9p\u0151szint\u0171 Direct Drive motorral? \u00c9s mindenekel\u0151tt, ez egy koherens kombin\u00e1ci\u00f3 az iRacing vagy az ACC, valamint a k\u00f6nnyebben hozz\u00e1f\u00e9rhet\u0151 c\u00edmek vezet\u00e9s\u00e9hez?<\/p>\n<h2>Tervez\u00e9s \u00e9s gy\u00e1rt\u00e1s<\/h2>\n<p>Az els\u0151 dolog, amit az R9-r\u0151l \u00e9szreveszel, hogy mennyire kompakt. Az alap s\u0171r\u0171 \u00e9s massz\u00edv a m\u00e9ret\u00e9hez k\u00e9pest, a f\u00e9m burkolat egy t\u00f6m\u00f6r blokk benyom\u00e1s\u00e1t kelti. Semmi sem mozog, semmi sem t\u0171nik \u00fcregesnek. Az \u00e9rz\u00e9kelt merevs\u00e9g val\u00f3ban jobb, mint az ugyanezen tartom\u00e1nyban tal\u00e1lhat\u00f3 sz\u00e1mos sz\u00edjhajt\u00e1s\u00fa alapn\u00e1l. Komolys\u00e1got sug\u00e1roz, an\u00e9lk\u00fcl, hogy t\u00fals\u00e1gosan felt\u0171n\u0151 lenne.<\/p>\n<p>Az FSR Formula ker\u00e9k ugyanezt a logik\u00e1t k\u00f6veti: f\u00e9m v\u00e1z, l\u00e1that\u00f3 sz\u00e9nsz\u00e1las r\u00e9szek, gumi vagy Alcantara markolat a verzi\u00f3t\u00f3l f\u00fcgg\u0151en. A k\u00e9zben azonnal \u00e9rezhet\u0151, hogy a korm\u00e1nyker\u00e9k s\u0171r\u0171bb, mint egy m\u0171anyag bel\u00e9p\u0151 szint\u0171 korm\u00e1nyker\u00e9k. A gombok tiszt\u00e1n kattannak, \u00e9s a sebess\u00e9gv\u00e1lt\u00f3 lap\u00e1tok tiszta, meglehet\u0151sen sz\u00e1raz mechanikus visszajelz\u00e9ssel rendelkeznek, ami kellemes \"versenyaut\u00f3s\" \u00e9rz\u00e9st ad. Azonnal, t\u00e9tov\u00e1z\u00e1s n\u00e9lk\u00fcl \u00e9rzi, hogy mit csin\u00e1l. A gombokat an\u00e9lk\u00fcl is meg\u00e9rintheted, hogy odan\u00e9zn\u00e9l, \u00e9s tudod, ha aktiv\u00e1l\u00f3dtak.<\/p>\n<p>Ami meglep\u0151, az a kivitelez\u00e9s \u00e1ltal\u00e1nos szintje ebben az \u00e1rkateg\u00f3ri\u00e1ban: tiszta be\u00e1ll\u00edt\u00e1sok, megfelel\u0151 csavarok \u00e9s csavarok, k\u00f6nnyen leolvashat\u00f3 integr\u00e1lt k\u00e9perny\u0151, \u00e9s egy \u00f6sszess\u00e9g\u00e9ben robusztus gyorskiold\u00f3, nagyon kev\u00e9s \u00e9rz\u00e9kelhet\u0151 j\u00e1t\u00e9kkal. N\u00e9h\u00e1ny m\u0171anyag k\u00f6z\u00e9pkateg\u00f3ri\u00e1s korm\u00e1nyker\u00e9khez k\u00e9pest ez egy\u00e9rtelm\u0171en min\u0151s\u00e9gi el\u0151rel\u00e9p\u00e9s. Az a benyom\u00e1sod, hogy egy val\u00f3di pil\u00f3taeszk\u00f6z van a kezedben, nem pedig egy j\u00e1t\u00e9kkieg\u00e9sz\u00edt\u0151.<\/p>\n<p>Ami egy kicsit ki\u00e1br\u00e1nd\u00edt\u00f3, azok a r\u00e9szletek: n\u00e9h\u00e1ny m\u00e1sodlagos anyag egy kicsit \"olcs\u00f3\" bizonyos nem kritikus r\u00e9szeken, a design tov\u00e1bbra is meglehet\u0151sen ipari, n\u00e9h\u00e1ny pr\u00e9mium versenyt\u00e1rs finoms\u00e1ga n\u00e9lk\u00fcl, \u00e9s a markolatok egy kicsit kem\u00e9nynek t\u0171nhetnek a nagyon hossz\u00fa \u00fcl\u00e9seken az \u00e9rz\u00e9keny kezek sz\u00e1m\u00e1ra. De \u00f6sszess\u00e9g\u00e9ben, a piacon l\u00e9v\u0151 kompakt Direct Drive referenci\u00e1kkal \u00f6sszehasonl\u00edtva, az \u00e9rz\u00e9kelt min\u0151s\u00e9g tekintet\u00e9ben j\u00f3l \u00e1llunk.<\/p>\n<h2>Be\u00e1ll\u00edt\u00e1sok \u00e9s testreszab\u00e1s + kompatibilit\u00e1s<\/h2>\n<p>A szoftveres oldalon a csomag a MOZA \u00f6kosziszt\u00e9m\u00e1n alapul, a h\u00e1zon bel\u00fcli szoftver pedig k\u00f6zpontos\u00edtja az alap- \u00e9s ker\u00e9kbe\u00e1ll\u00edt\u00e1sokat. A kezel\u0151fel\u00fclet a motiv\u00e1lt felhaszn\u00e1l\u00f3k sz\u00e1m\u00e1ra is el\u00e9rhet\u0151 marad, cs\u00faszk\u00e1kkal, \u00e1ttekinthet\u0151 men\u00fckkel, j\u00e1t\u00e9konk\u00e9nti profilokkal, valamint az el\u0151be\u00e1ll\u00edt\u00e1sok ment\u00e9s\u00e9nek \u00e9s export\u00e1l\u00e1s\u00e1nak lehet\u0151s\u00e9g\u00e9vel. Nem egy olvashatatlan g\u00e1zgy\u00e1r, de az\u00e9rt kell egy kis id\u0151 az egyes param\u00e9terek megismer\u00e9s\u00e9hez, ha a legt\u00f6bbet akarod kihozni az FFB-b\u0151l.<\/p>\n<p>A mindennapokban igaz\u00e1n hasznos be\u00e1ll\u00edt\u00e1sok az \u00e1ltal\u00e1nos er\u0151ss\u00e9g, a sz\u0171r\u00e9s, a s\u00farl\u00f3d\u00e1s \u00e9s az alap gyors effektusok (markolat r\u00e9szletek, dudorok, vibr\u00e1torok) kezel\u00e9s\u00e9nek m\u00f3dja k\u00f6r\u00fcl forognak. A j\u00f3 h\u00edr az, hogy az R9 el\u00e9g mozg\u00e1steret k\u00edn\u00e1l ahhoz, hogy val\u00f3ban a st\u00edlusodhoz igaz\u00edtsd a viselked\u00e9st: lehet egy nagyon tiszta, foly\u00e9kony FFB, vagy \u00e9ppen ellenkez\u0151leg, egy durv\u00e1bb, sok text\u00far\u00e1val. A tanul\u00e1si g\u00f6rbe \u00e9sszer\u0171: a mell\u00e9kelt el\u0151be\u00e1ll\u00edt\u00e1sokkal kezdve csak n\u00e9h\u00e1ny be\u00e1ll\u00edt\u00e1s sz\u00fcks\u00e9ges ahhoz, hogy igaz\u00e1n \u00e9lvezetes legyen.<\/p>\n<p>A csomag a PC-re \u00f6sszpontos\u00edt, \u00e9s \u00e1ltal\u00e1ban j\u00f3l kompatibilis a f\u0151bb modern szimul\u00e1toros versenyj\u00e1t\u00e9kokkal. Konzolok eset\u00e9ben a konfigur\u00e1ci\u00f3t\u00f3l f\u00fcgg\u0151en bonyolultabb\u00e1 v\u00e1lik a k\u00e9rd\u00e9s, \u00e9s v\u00e1s\u00e1rl\u00e1s el\u0151tt ellen\u0151rizni kell a konkr\u00e9t kompatibilit\u00e1st, k\u00fcl\u00f6n\u00f6sen akkor, ha t\u00f6bb platformon is haszn\u00e1lni szeretn\u00e9nk. De ez a komb\u00f3 egy\u00e9rtelm\u0171en a PC-s j\u00e1t\u00e9kosoknak sz\u00f3l, akik szeretn\u00e9nek belev\u00e1gni.<\/p>\n<p>A MOZA \u00f6kosziszt\u00e9m\u00e1j\u00e1hoz m\u00e1s korm\u00e1nykerekek, ped\u00e1lok \u00e9s kieg\u00e9sz\u00edt\u0151k (v\u00e1lt\u00f3k, m\u0171szerfalak stb.) is tartoznak, amelyek sz\u00e9pen illeszkednek ehhez az alaphoz. A Hub Kit \u00e9s a gyorskiold\u00f3 biztos\u00edtja a szil\u00e1rd kapcsolatot a m\u00e1rka korm\u00e1nyker\u00e9k-k\u00edn\u00e1lat\u00e1val. A gyakorlatban az R9 kiindul\u00f3pontk\u00e9nt haszn\u00e1lhat\u00f3 egy fejl\u0151d\u0151 be\u00e1ll\u00edt\u00e1shoz: ezzel a csomaggal kezdhetsz, majd hozz\u00e1adhatsz egy fejlettebb hajt\u00f3kar-k\u00e9szletet, egy GT korm\u00e1nykereket \u00e9s egy merevebb cockpitet. El\u00e9g er\u0151 van ahhoz, hogy t\u00e1mogassa ezeket a v\u00e1ltoz\u00e1sokat an\u00e9lk\u00fcl, hogy t\u00fal gyorsan kellene alapot v\u00e1ltani.<\/p>\n<h2>\u00c9rzelmek a t\u00e9t<\/h2>\n<p>A p\u00e1ly\u00e1n az R9 nagyon gyorsan megmutatja a karakter\u00e9t: egy kompakt Direct Drive, amely ink\u00e1bb az olvashat\u00f3s\u00e1got \u00e9s az er\u0151visszacsatol\u00e1s finoms\u00e1g\u00e1t, mint a nyers teljes\u00edtm\u00e9nyt r\u00e9szes\u00edti el\u0151nyben. Kanyarokban a korm\u00e1nyz\u00e1s fokozatosan terhel\u0151dik, f\u00e9kez\u00e9s n\u00e9lk\u00fcl. \u00c9rezhet\u0151, hogy az aut\u00f3 \"r\u00e1hajlik\" az els\u0151 tengelyre, \u00e9s a tapad\u00e1s \u00e9s a cs\u00fasz\u00e1s kezdete k\u00f6z\u00f6tti \u00e1tmenet sokkal vil\u00e1gosabb, mint a hagyom\u00e1nyos sz\u00edjhajt\u00e1sn\u00e1l. Azonnal meg\u00e9rti, hogy mit csin\u00e1l az aut\u00f3.<\/p>\n<p>A markolatolvas\u00e1s ennek a komb\u00f3nak az egyik er\u0151ss\u00e9ge. Egy technik\u00e1s p\u00e1ly\u00e1n a tapad\u00e1s mikro-vesztes\u00e9gei, az alulkorm\u00e1nyzotts\u00e1g vagy a t\u00falkorm\u00e1nyzotts\u00e1g kezdetei a korm\u00e1nyker\u00e9ken \u00e9rz\u00e9kelhet\u0151ek a nyomat\u00e9k apr\u00f3 v\u00e1ltoz\u00e1sain, az enyhe vibr\u00e1ci\u00f3n vagy a kanyar k\u00f6zep\u00e9n tapasztalhat\u00f3 lankad\u00e1son kereszt\u00fcl. Ez nem er\u0151szakos, hanem t\u00e1j\u00e9koztat\u00f3 jelleg\u0171. Seg\u00edt korrig\u00e1lni, \u00e9ppen azt, amire sz\u00fcks\u00e9g van, \u00e9ppen a megfelel\u0151 pillanatban. M\u00edg egy kev\u00e9sb\u00e9 er\u0151s alapmotor hajlamos \"kisim\u00edtani\" ezt az inform\u00e1ci\u00f3t, az R9 meg\u0151rzi a hasznos r\u00e9szleteket an\u00e9lk\u00fcl, hogy \u00e1lland\u00f3 r\u00e1z\u00f3ss\u00e1 v\u00e1lna.<\/p>\n<p>A vibr\u00e1torok j\u00f3l ki vannak dolgozva: \u00e9rezhet\u0151 a k\u00fcl\u00f6nbs\u00e9g a lapos, agressz\u00edv vibr\u00e1tor \u00e9s a lekerek\u00edtett vibr\u00e1tor k\u00f6z\u00f6tt. Azt is \u00e9rezheted, ha f\u00e9lig harapsz r\u00e1, vagy ha igaz\u00e1n r\u00e1harapsz a tetej\u00e9re. Ez nem \u00e9ri el azt a brutalit\u00e1si szintet, amit egy nagyon cs\u00facskateg\u00f3ri\u00e1s, magas be\u00e1ll\u00edt\u00e1sra \u00e1ll\u00edtott alapon kaphat, de egy ilyen teljes\u00edtm\u00e9ny\u0171 alaphoz k\u00e9pest az \u00e9less\u00e9g igaz\u00e1n kellemes. Megvan a modern F1-es kerekek \"mechanikus \u00e9p\u00edtkez\u00e9s\" \u00e9rz\u00e9se an\u00e9lk\u00fcl, hogy karikat\u00far\u00e1v\u00e1 v\u00e1lna.<\/p>\n<p>Hossz\u00fa munkamenetek sor\u00e1n a k\u00f6vetkezetess\u00e9g j\u00f3. \u00dagy t\u0171nik, a motor nem vesz\u00edt \u00e9rezhet\u0151en az \u00fct\u0151erej\u00e9b\u0151l, \u00e9s mindenekel\u0151tt a karok f\u00e1rad\u00e1sa \u00e9sszer\u0171 marad, ha a nyomat\u00e9kot intelligensen \u00e1ll\u00edtja be. Az FSR korm\u00e1nyker\u00e9k formulaszer\u0171 ergon\u00f3mi\u00e1j\u00e1val arra invit\u00e1l, hogy hossz\u00fa ideig vezess GT-ket, LMP-ket \u00e9s virtu\u00e1lis F1-eseket an\u00e9lk\u00fcl, hogy a kezed t\u00falzottan szenvedne. A markolatok form\u00e1ja seg\u00edt a stabil poz\u00edci\u00f3 megtart\u00e1s\u00e1ban, cs\u00f6kkentve a felesleges megterhel\u00e9st.<\/p>\n<p>Ha gyors korrekci\u00f3kr\u00f3l van sz\u00f3, az R9 egy\u00e9rtelm\u0171en k\u00f6nnyed\u00e9n teljes\u00edt. A Direct Drive rendszernek k\u00f6sz\u00f6nhet\u0151en a korm\u00e1nyz\u00e1s nagyon \u00e9rz\u00e9keny: amikor a t\u00falkorm\u00e1nyzotts\u00e1got vagy a h\u00e1ts\u00f3 tapad\u00e1s elveszt\u00e9s\u00e9t kell korrig\u00e1lni, a korm\u00e1nyker\u00e9k gyorsan, \u00e9rz\u00e9kelhet\u0151 k\u00e9sleltet\u00e9s n\u00e9lk\u00fcl fordul el, \u00e9s a sz\u00fcks\u00e9ges er\u0151kifejt\u00e9s kezelhet\u0151 marad. A kev\u00e9sb\u00e9 er\u0151s, sz\u0171rt alapokhoz k\u00e9pest \u00f6nbizalmat nyer, amikor \"fel kell z\u00e1rk\u00f3znia\" az aut\u00f3hoz. \u00dagy \u00e9rzi, hogy a b\u00e1zis k\u00f6veti a mozg\u00e1st, nem pedig f\u00e9kezi azt.<\/p>\n<p>Az elm\u00e9ly\u00fcl\u00e9s szempontj\u00e1b\u00f3l az alap + korm\u00e1nyker\u00e9k komb\u00f3 j\u00f3l m\u0171k\u00f6dik. Az FSR k\u00e9perny\u0151 egy igazi b\u00f3nusz, amely \u00e9l\u0151 inform\u00e1ci\u00f3kat ny\u00fajt a k\u00f6rr\u0151l, a delta, a bekapcsolt sebess\u00e9gfokozat \u00e9s \u00edgy tov\u00e1bb. Kevesebbet n\u00e9zed a k\u00e9perny\u0151n megjelen\u0151 \u00e1tfed\u00e9seket, \u00e9s t\u00f6bbet a korm\u00e1nykereket, ami er\u0151s\u00edti azt az ill\u00fazi\u00f3t, hogy egy modern egy\u00fcl\u00e9ses vagy GT aut\u00f3t vezetsz. Az eg\u00e9sz rendszer m\u0171k\u00f6d\u00e9s k\u00f6zben csendben marad, ami j\u00f3, ha k\u00f6z\u00f6s szob\u00e1ban j\u00e1tszol.<\/p>\n<p>Egy sokkal er\u0151sebb alaphoz k\u00e9pest az R9 nyilv\u00e1nval\u00f3an kev\u00e9sb\u00e9 fizikai \u00e9s kev\u00e9sb\u00e9 l\u00e1tv\u00e1nyos \u00e9rz\u00e9s a maxim\u00e1lis er\u0151kifejt\u00e9s tekintet\u00e9ben, de a vezet\u00e9s szempontj\u00e1b\u00f3l hasznos alapvet\u0151 \u00e9rz\u00e9sek tov\u00e1bbra is megvannak. Az el\u0151ny egy sz\u00edjhajt\u00e1s\u00fa rendszerrel vagy egy nagyon egyszer\u0171 Direct Drive-mal szemben h\u00e1rom ponton alapul: a tapad\u00e1s \u00e9less\u00e9ge, a korrekci\u00f3k \u00e9rz\u00e9kenys\u00e9ge \u00e9s a gumiabroncsokkal val\u00f3 k\u00f6zvetlen mechanikus kapcsolat \u00e9rz\u00e9se. Ez az a pont, ahol az alap igaz\u00e1n megv\u00e1ltoztatja az \u00e9lm\u00e9nyt.<\/p>\n<h2>Kinek + Mit szeret\u00fcnk \/ Mit nem szeret\u00fcnk<\/h2>\n<p>Ez a csomag egy\u00e9rtelm\u0171en azokat a szimul\u00e1toros versenyz\u0151ket c\u00e9lozza meg, akik m\u00e1r valamennyire benne vannak a hobbiban: PC-felhaszn\u00e1l\u00f3kat, akik k\u00e9szen \u00e1llnak arra, hogy beruh\u00e1zzanak egy Direct Drive-ba, \u00e9s szeretn\u00e9nek ig\u00e9nyes c\u00edmeken haladni. A rendk\u00edv\u00fcl motiv\u00e1lt kezd\u0151k is besz\u00e1llhatnak a j\u00e1t\u00e9kba, amennyiben elfogadj\u00e1k a r\u00f6vid tanul\u00e1si folyamatot, mind a be\u00e1ll\u00edt\u00e1sok, mind a vezet\u00e9s tekintet\u00e9ben. Az alkalmi vagy konzolk\u00f6zpont\u00fa j\u00e1t\u00e9kosok sz\u00e1m\u00e1ra azonban a vonzer\u0151 n\u00e9mileg cs\u00f6kken, k\u00fcl\u00f6n\u00f6sen, ha a kompatibilit\u00e1s nem garant\u00e1lt.<\/p>\n<p>Az er\u0151ss\u00e9gek gyorsan kirajzol\u00f3dnak. Az els\u0151 az \u00e9rz\u00e9s \u00e9s a t\u00f6m\u00f6rs\u00e9g ar\u00e1nya: az R9 tiszta, \u00e1rnyalt FFB-t k\u00edn\u00e1l, elegend\u0151 er\u0151vel ahhoz, hogy mag\u00e1val ragad\u00f3 legyen, an\u00e9lk\u00fcl, hogy monstrumszer\u0171en merev pil\u00f3taf\u00fclk\u00e9t ig\u00e9nyelne. A m\u00e1sodik az FSR korm\u00e1nyker\u00e9k \u00e1ltal\u00e1nos min\u0151s\u00e9ge: markolatok, gombok, lap\u00e1tok, k\u00e9perny\u0151 - mindent hat\u00e9konyan terveztek a modern formula\/GT vezet\u00e9shez. \u00dagy \u00e9rzed, mintha egy komoly eszk\u00f6z lenne a kezedben. A harmadik a MOZA \u00f6kosziszt\u00e9ma, amely lehet\u0151v\u00e9 teszi, hogy a be\u00e1ll\u00edt\u00e1saidat an\u00e9lk\u00fcl fejleszd, hogy mindent megv\u00e1ltoztatn\u00e1l, m\u00e1s korm\u00e1nyker\u00e9k, fejlettebb ped\u00e1lk\u00e9szlet, v\u00e1lt\u00f3 stb. hozz\u00e1ad\u00e1s\u00e1val.<\/p>\n<p>De vannak hat\u00e1rok. El\u0151sz\u00f6r is, b\u00e1r az R9 teljes\u00edtm\u00e9nye t\u00f6bb mint el\u00e9g a legt\u00f6bb felhaszn\u00e1l\u00e1sra, nem fog tetszeni azoknak, akik egy ultra-er\u0151szakos FFB-t keresnek a \"fizikai edz\u00e9s\" st\u00edlus\u00e1ban. N\u00e9h\u00e1ny nagyon tapasztalt versenyz\u0151 nagyobb nyomat\u00e9kot fog el\u0151nyben r\u00e9szes\u00edteni a neh\u00e9z protot\u00edpusokhoz vagy a nagyon kem\u00e9ny GT-khez. M\u00e1sodszor, az FSR korm\u00e1nyker\u00e9k, amely nagyon formulaszer\u0171, nem ide\u00e1lis azok sz\u00e1m\u00e1ra, akik f\u0151k\u00e9nt rally vagy drift aut\u00f3kat vezetnek, ahol egy kerek korm\u00e1nyker\u00e9k megfelel\u0151bb lehet. V\u00e9g\u00fcl, az \u00f6kosziszt\u00e9ma tov\u00e1bbra is PC-k\u00f6zpont\u00fa, a konzolkompatibilit\u00e1s pedig a kombin\u00e1ci\u00f3t\u00f3l f\u00fcgg\u0151en v\u00e1ltozik, ami n\u00e9mileg cs\u00f6kkenti a multiplatformos j\u00e1t\u00e9kosok vonzerej\u00e9t.<\/p>\n<p>A beruh\u00e1z\u00e1s szempontj\u00e1b\u00f3l ez egy olyan csomag, amely val\u00f3di k\u00f6lts\u00e9gvet\u00e9st ig\u00e9nyel, de az \u00e9rz\u00e9kelt \u00e9rt\u00e9k szil\u00e1rd: \u00e9rz\u00e9s, kivitelez\u00e9s, fejleszthet\u0151s\u00e9g. Nem egy impulzusv\u00e1s\u00e1rl\u00e1s, hanem ink\u00e1bb egy jelent\u0151s l\u00e9p\u00e9s a megl\u00e9v\u0151 szimul\u00e1toros versenyfelszerel\u00e9s \u00e1talak\u00edt\u00e1sa fel\u00e9.<\/p>\n<h2>\u00cdt\u00e9let<\/h2>\n<p>A MOZA R9 + FSR Formula Ker\u00e9k + Hub Kit csomag hat\u00e1rozott v\u00e1ltoz\u00e1st hoz egy olyan be\u00e1ll\u00edt\u00e1shoz, amely egy sz\u00edjhajt\u00e1s\u00fa korm\u00e1nyker\u00e9kt\u0151l vagy egy nagyon bel\u00e9p\u0151 szint\u0171 Direct Drive-t\u00f3l sz\u00e1rmazik. K\u00f6nnyebben leolvashat\u00f3, r\u00e9szletesebb inform\u00e1ci\u00f3kat ny\u00fajt, \u00e9s jobban \u00f6sszekapcsol\u00f3dik az aut\u00f3val. A b\u00e1zis egyszer\u0171 vez\u00e9rl\u0151 helyett korm\u00e1nyz\u00e1si eszk\u00f6zz\u00e9 v\u00e1lik.<\/p>\n<p>A piacon ez a csomag az el\u00e9rhet\u0151 k\u00f6z\u00e9ps\u0151\/fels\u0151 kateg\u00f3ri\u00e1ban helyezkedik el: komolyabb, mint egy bel\u00e9p\u0151szint\u0171 megold\u00e1s, kev\u00e9sb\u00e9 extr\u00e9m, mint egy nagyon er\u0151s, fels\u0151 kateg\u00f3ri\u00e1s alap. Ide\u00e1lis azoknak a szimul\u00e1torversenyz\u0151knek, akik val\u00f3di el\u0151rel\u00e9p\u00e9st szeretn\u00e9nek tenni an\u00e9lk\u00fcl, hogy t\u00falz\u00e1sba esn\u00e9nek.<\/p>\n<p>K\u00fcl\u00f6n\u00f6sen aj\u00e1nlom a p\u00e1lyaorient\u00e1lt PC-felhaszn\u00e1l\u00f3knak (F1, GT, LMP, egy\u00fcl\u00e9ses versenyek), akik egy koherens, tiszta, fejleszthet\u0151 be\u00e1ll\u00edt\u00e1sra v\u00e1gynak, \u00e9s akiknek fontosabb a precizit\u00e1s, mint a nyers l\u00e1tv\u00e1ny. Aki ink\u00e1bb arcade versenyz\u0151, sz\u00f3rakoztat\u00f3 rallyj\u00e1t\u00e9kos, vagy csak konzolos \u00e9lm\u00e9nyre v\u00e1gyik, annak vannak egyszer\u0171bb vagy megfelel\u0151bb lehet\u0151s\u00e9gek.<\/p>\n<p>Ha egy kompakt, komoly, egy\u00fcl\u00e9ses\/GT-orient\u00e1lt Direct Drive-ot keresel, amely v\u00e9gre megadja azt az \u00e9rz\u00e9st, hogy \"besz\u00e9lgethetsz\" az aut\u00f3val an\u00e9lk\u00fcl, hogy elsz\u00e1llna a k\u00f6lts\u00e9gvet\u00e9sed, akkor ez a term\u00e9k egy\u00e9rtelm\u0171en megv\u00e1ltoztathatja a be\u00e1ll\u00edt\u00e1saidat.<\/p>","protected":false},"excerpt":{"rendered":"<p>Ez a csomag olyan \u00e9rz\u00e9st keltett bennem, mintha egy egyszer\u0171 korm\u00e1nyker\u00e9kb\u0151l egy val\u00f3di vezet\u00e9si eszk\u00f6zz\u00e9 v\u00e1ln\u00e9k, amely vil\u00e1gos inform\u00e1ci\u00f3kat ad arr\u00f3l, hogy mit csin\u00e1l az aut\u00f3, an\u00e9lk\u00fcl, hogy f\u00e1raszt\u00f3v\u00e1 vagy t\u00falz\u00f3v\u00e1 v\u00e1lna. Mindenekel\u0151tt a p\u00e1lyaorient\u00e1lt PC-s szimul\u00e1toros versenyz\u0151knek van \u00e9rtelme, akik az elm\u00e9ly\u00fcl\u00e9st \u00e9s a precizit\u00e1st egy teljesen \u00faj szintre szeretn\u00e9k emelni. Az \u00e1r-\u00e9rt\u00e9k ar\u00e1ny tov\u00e1bbra is koherens az \"ambici\u00f3zus k\u00f6z\u00e9pkateg\u00f3ri\u00e1s\" szinthez k\u00e9pest.<\/p>","protected":false},"featured_media":101497,"comment_status":"open","ping_status":"closed","template":"","meta":{"_acf_changed":false,"_et_pb_use_builder":"","_et_pb_old_content":"","_et_gb_content_width":""},"product_brand":[165],"product_cat":[161],"product_tag":[149],"class_list":{"0":"post-101496","1":"product","2":"type-product","3":"status-publish","4":"has-post-thumbnail","6":"product_brand-moza-racing","7":"product_cat-volant","8":"product_tag-pc","10":"first","11":"instock","12":"shipping-taxable","13":"product-type-external"},"acf":[],"_links":{"self":[{"href":"https:\/\/simracergear.com\/hu\/wp-json\/wp\/v2\/product\/101496","targetHints":{"allow":["GET"]}}],"collection":[{"href":"https:\/\/simracergear.com\/hu\/wp-json\/wp\/v2\/product"}],"about":[{"href":"https:\/\/simracergear.com\/hu\/wp-json\/wp\/v2\/types\/product"}],"replies":[{"embeddable":true,"href":"https:\/\/simracergear.com\/hu\/wp-json\/wp\/v2\/comments?post=101496"}],"wp:featuredmedia":[{"embeddable":true,"href":"https:\/\/simracergear.com\/hu\/wp-json\/wp\/v2\/media\/101497"}],"wp:attachment":[{"href":"https:\/\/simracergear.com\/hu\/wp-json\/wp\/v2\/media?parent=101496"}],"wp:term":[{"taxonomy":"product_brand","embeddable":true,"href":"https:\/\/simracergear.com\/hu\/wp-json\/wp\/v2\/product_brand?post=101496"},{"taxonomy":"product_cat","embeddable":true,"href":"https:\/\/simracergear.com\/hu\/wp-json\/wp\/v2\/product_cat?post=101496"},{"taxonomy":"product_tag","embeddable":true,"href":"https:\/\/simracergear.com\/hu\/wp-json\/wp\/v2\/product_tag?post=101496"}],"curies":[{"name":"wp","href":"https:\/\/api.w.org\/{rel}","templated":true}]}}